 {"id":1794,"date":"2025-11-03T14:02:47","date_gmt":"2025-11-03T06:02:47","guid":{"rendered":"https:\/\/nrcmachine.com\/?post_type=product&#038;p=1794"},"modified":"2026-01-03T14:24:04","modified_gmt":"2026-01-03T06:24:04","slug":"adhesive-tape-making-machine","status":"publish","type":"product","link":"https:\/\/nrcmachine.com\/de\/product\/adhesive-tape-making-machine\/","title":{"rendered":"NRC1300 Maschine zur Herstellung von Klebeb\u00e4ndern"},"content":{"rendered":"<h3 style=\"text-align: center;\"><strong>NRC1300 Modell Klebeband-Maschine: Komplette Produktionsl\u00f6sung<\/strong><\/h3>\n<div class=\"ast-oembed-container\" style=\"height: 100%;\"><iframe title=\"Gesch\u00e4ftsideen hei\u00df verkauft f\u00fcr Klebeband Maschine mit dem besten Preis\" width=\"500\" height=\"281\" src=\"https:\/\/www.youtube.com\/embed\/lkoOTUXVQuk?feature=oembed\" frameborder=\"0\" allow=\"accelerometer; autoplay; clipboard-write; encrypted-media; gyroscope; picture-in-picture; web-share\" referrerpolicy=\"strict-origin-when-cross-origin\" allowfullscreen><\/iframe><\/div>\n<ol>\n<li>\n<h4><strong> \u00dcberblick \u00fcber das NRC1300-System<\/strong><\/h4>\n<p>Das Modell NRC1300 <a href=\"https:\/\/youtu.be\/lkoOTUXVQuk?si=R9OZSgkQNlUNUu_E\">Maschine zur Herstellung von Klebeband<\/a> ist ein hocheffizientes, vollst\u00e4ndig integriertes System, das f\u00fcr die Verarbeitung von Jumbo-Klebebandrollen zu kleineren, marktf\u00e4higen Rollen konzipiert wurde. Dieses fortschrittliche Maschinenpaket umfasst eine Schneide- und Aufwickelvorrichtung, einen Papierkernschneider und Pr\u00e4zisionssteuerungssysteme und ist damit ideal f\u00fcr mittlere bis gro\u00dfe Klebebandproduktionsbetriebe. Die NRC1300 ist auf Zuverl\u00e4ssigkeit und Konsistenz ausgelegt und gew\u00e4hrleistet Hochgeschwindigkeitsleistung bei hervorragender Schnittqualit\u00e4t und Rollengleichm\u00e4\u00dfigkeit.<\/li>\n<li>\n<h4><strong> Hauptkomponenten und Funktionen<\/strong><\/h4>\n<\/li>\n<\/ol>\n<ul>\n<li><strong>Rollenschneider und Aufwickler<\/strong>: Diese Kernkomponente schneidet breite Jumbo-Rollen pr\u00e4zise in schmalere Breiten gem\u00e4\u00df den Kundenanforderungen. Ausgestattet mit rasiermesserscharfen Rotationsklingen und spannungsgesteuertem Aufwickeln sorgt sie f\u00fcr saubere, gratfreie Kanten und gleichbleibende Rollendichtheit. Die Maschine unterst\u00fctzt eine variable Geschwindigkeitssteuerung, die es dem Bediener erm\u00f6glicht, die Produktionsrate je nach Materialart und -st\u00e4rke zu optimieren.<\/li>\n<li><strong>Papierkernschneider<\/strong>: Der in das System integrierte Papierkernschneider stellt automatisch Papierh\u00fclsen in Sonderl\u00e4nge aus Standardmaterial her. Dies gew\u00e4hrleistet eine perfekte Ausrichtung auf die Rollenabmessungen und steigert die Produktionseffizienz, da die manuelle Kernvorbereitung entf\u00e4llt.<\/li>\n<li><strong>Abwickel- und Aufwickelstationen<\/strong>: Das System verf\u00fcgt \u00fcber pneumatische Wellen f\u00fcr einen schnellen Rollenwechsel, was die Stillstandszeiten reduziert. Die automatische Spannungsregelung sorgt f\u00fcr Materialstabilit\u00e4t w\u00e4hrend des gesamten Schneide- und Aufwickelprozesses.<\/li>\n<\/ul>\n<ol start=\"3\">\n<li>\n<h4><strong> Technische Vorteile<\/strong><\/h4>\n<p>Der NRC1300 bietet digitale L\u00e4ngenz\u00e4hler, Touchscreen-Steuerung und Fehlererkennungssysteme f\u00fcr die Echtzeit\u00fcberwachung. Er eignet sich f\u00fcr verschiedene Klebematerialien, darunter BOPP, PVC und doppelseitige Klebeb\u00e4nder, mit einstellbaren Schnittbreiten von 5 mm bis 1.300 mm.<\/li>\n<li>\n<h4><strong> Anwendungen und Vorteile<\/strong><\/h4>\n<p>Der NRC1300 wird in den Bereichen Verpackung, Schreibwaren und Industrie weit verbreitet eingesetzt. <a href=\"https:\/\/nrcmachine.com\/product\/automatic-adhesive-tape-film-slitting-machine\/\">Maschine zur Herstellung von Klebeband<\/a> verbessert die Produktivit\u00e4t, reduziert den Materialabfall und gew\u00e4hrleistet eine einheitliche Produktqualit\u00e4t. Sein kompaktes Design und seine benutzerfreundliche Oberfl\u00e4che machen ihn zu einer klugen Investition f\u00fcr Bandhersteller, die ihre Produktion effizient skalieren wollen.<\/li>\n<\/ol>","protected":false},"featured_media":1788,"template":"","meta":{"_acf_changed":false,"_monsterinsights_skip_tracking":false,"_monsterinsights_sitenote_active":false,"_monsterinsights_sitenote_note":"","_monsterinsights_sitenote_category":0,"site-sidebar-layout":"default","site-content-layout":"","ast-site-content-layout":"default","site-content-style":"default","site-sidebar-style":"default","ast-global-header-display":"","ast-banner-title-visibility":"","ast-main-header-display":"","ast-hfb-above-header-display":"","ast-hfb-below-header-display":"","ast-hfb-mobile-header-display":"","site-post-title":"","ast-breadcrumbs-content":"","ast-featured-img":"","footer-sml-layout":"","theme-transparent-header-meta":"default","adv-header-id-meta":"","stick-header-meta":"default","header-above-stick-meta":"","header-main-stick-meta":"","header-below-stick-meta":"","astra-migrate-meta-layouts":"set","ast-page-background-enabled":"default","ast-page-background-meta":{"desktop":{"background-color":"var(--ast-global-color-4)","background-image":"","background-repeat":"repeat","background-position":"center center","background-size":"auto","background-attachment":"scroll","background-type":"","background-media":"","overlay-type":"","overlay-color":"","overlay-opacity":"","overlay-gradient":""},"tablet":{"background-color":"","background-image":"","background-repeat":"repeat","background-position":"center center","background-size":"auto","background-attachment":"scroll","background-type":"","background-media":"","overlay-type":"","overlay-color":"","overlay-opacity":"","overlay-gradient":""},"mobile":{"background-color":"","background-image":"","background-repeat":"repeat","background-position":"center center","background-size":"auto","background-attachment":"scroll","background-type":"","background-media":"","overlay-type":"","overlay-color":"","overlay-opacity":"","overlay-gradient":""}},"ast-content-background-meta":{"desktop":{"background-color":"var(--ast-global-color-5)","background-image":"","background-repeat":"repeat","background-position":"center center","background-size":"auto","background-attachment":"scroll","background-type":"","background-media":"","overlay-type":"","overlay-color":"","overlay-opacity":"","overlay-gradient":""},"tablet":{"background-color":"var(--ast-global-color-5)","background-image":"","background-repeat":"repeat","background-position":"center center","background-size":"auto","background-attachment":"scroll","background-type":"","background-media":"","overlay-type":"","overlay-color":"","overlay-opacity":"","overlay-gradient":""},"mobile":{"background-color":"var(--ast-global-color-5)","background-image":"","background-repeat":"repeat","background-position":"center center","background-size":"auto","background-attachment":"scroll","background-type":"","background-media":"","overlay-type":"","overlay-color":"","overlay-opacity":"","overlay-gradient":""}}},"tags":[65],"products":[63],"class_list":["post-1794","product","type-product","status-publish","has-post-thumbnail","hentry","tag-adhesive-tape-making-machine","products-adhesive-tape-making-machine"],"acf":[],"aioseo_notices":[],"aioseo_head":"\n\t\t<!-- All in One SEO Pro 4.9.2 - aioseo.com -->\n\t<meta name=\"description\" content=\"NRC1300 model adhesive tape making machine is a high-efficiency, fully system designed for converting jumbo tape rolls into smaller, market-ready rolls.\" \/>\n\t<meta name=\"robots\" content=\"noodp, max-snippet:-1, max-image-preview:large, max-video-preview:-1\" \/>\n\t<link rel=\"canonical\" href=\"https:\/\/nrcmachine.com\/de\/product\/adhesive-tape-making-machine\/\" \/>\n\t<meta name=\"generator\" content=\"All in One SEO Pro (AIOSEO) 4.9.2\" \/>\n\t\t<meta property=\"og:locale\" content=\"de_DE\" \/>\n\t\t<meta property=\"og:site_name\" content=\"Toilet Paper Machine, Paper Tube Machine | NRC Machine - Reliable Paper Machinery Solutions\" \/>\n\t\t<meta property=\"og:type\" content=\"article\" \/>\n\t\t<meta property=\"og:title\" content=\"NRC1300 Adhesive Tape Making Machine - QINGDAO NEW RICHUAN\" \/>\n\t\t<meta property=\"og:description\" content=\"NRC1300 model adhesive tape making machine is a high-efficiency, fully system designed for converting jumbo tape rolls into smaller, market-ready rolls.\" \/>\n\t\t<meta property=\"og:url\" content=\"https:\/\/nrcmachine.com\/de\/product\/adhesive-tape-making-machine\/\" \/>\n\t\t<meta property=\"og:image\" content=\"https:\/\/nrcmachine.com\/wp-content\/uploads\/2025\/11\/Tape-making-machine.webp\" \/>\n\t\t<meta property=\"og:image:secure_url\" content=\"https:\/\/nrcmachine.com\/wp-content\/uploads\/2025\/11\/Tape-making-machine.webp\" \/>\n\t\t<meta property=\"og:image:width\" content=\"500\" \/>\n\t\t<meta property=\"og:image:height\" content=\"500\" \/>\n\t\t<meta property=\"article:published_time\" content=\"2025-11-03T06:02:47+00:00\" \/>\n\t\t<meta property=\"article:modified_time\" content=\"2026-01-03T06:24:04+00:00\" \/>\n\t\t<meta property=\"article:publisher\" content=\"https:\/\/www.facebook.com\/james.gao.349938\" \/>\n\t\t<meta name=\"twitter:card\" content=\"summary\" \/>\n\t\t<meta name=\"twitter:site\" content=\"@JamesGao65335\" \/>\n\t\t<meta name=\"twitter:title\" content=\"NRC1300 Adhesive Tape Making Machine - QINGDAO NEW RICHUAN\" \/>\n\t\t<meta name=\"twitter:description\" content=\"NRC1300 model adhesive tape making machine is a high-efficiency, fully system designed for converting jumbo tape rolls into smaller, market-ready rolls.\" \/>\n\t\t<meta name=\"twitter:image\" content=\"https:\/\/nrcmachine.com\/wp-content\/uploads\/2025\/11\/Tape-making-machine.webp\" \/>\n\t\t<script type=\"application\/ld+json\" class=\"aioseo-schema\">\n\t\t\t{\"@context\":\"https:\\\/\\\/schema.org\",\"@graph\":[{\"@type\":\"BreadcrumbList\",\"@id\":\"https:\\\/\\\/nrcmachine.com\\\/de\\\/product\\\/adhesive-tape-making-machine\\\/#breadcrumblist\",\"itemListElement\":[{\"@type\":\"ListItem\",\"@id\":\"https:\\\/\\\/nrcmachine.com\\\/de#listItem\",\"position\":1,\"name\":\"Home\",\"item\":\"https:\\\/\\\/nrcmachine.com\\\/de\",\"nextItem\":{\"@type\":\"ListItem\",\"@id\":\"https:\\\/\\\/nrcmachine.com\\\/de\\\/product\\\/#listItem\",\"name\":\"Products\"}},{\"@type\":\"ListItem\",\"@id\":\"https:\\\/\\\/nrcmachine.com\\\/de\\\/product\\\/#listItem\",\"position\":2,\"name\":\"Products\",\"item\":\"https:\\\/\\\/nrcmachine.com\\\/de\\\/product\\\/\",\"nextItem\":{\"@type\":\"ListItem\",\"@id\":\"https:\\\/\\\/nrcmachine.com\\\/de\\\/tag\\\/adhesive-tape-making-machine\\\/#listItem\",\"name\":\"Adhesive tape making machine\"},\"previousItem\":{\"@type\":\"ListItem\",\"@id\":\"https:\\\/\\\/nrcmachine.com\\\/de#listItem\",\"name\":\"Home\"}},{\"@type\":\"ListItem\",\"@id\":\"https:\\\/\\\/nrcmachine.com\\\/de\\\/tag\\\/adhesive-tape-making-machine\\\/#listItem\",\"position\":3,\"name\":\"Adhesive tape making machine\",\"item\":\"https:\\\/\\\/nrcmachine.com\\\/de\\\/tag\\\/adhesive-tape-making-machine\\\/\",\"nextItem\":{\"@type\":\"ListItem\",\"@id\":\"https:\\\/\\\/nrcmachine.com\\\/de\\\/product\\\/adhesive-tape-making-machine\\\/#listItem\",\"name\":\"NRC1300 Adhesive Tape Making Machine\"},\"previousItem\":{\"@type\":\"ListItem\",\"@id\":\"https:\\\/\\\/nrcmachine.com\\\/de\\\/product\\\/#listItem\",\"name\":\"Products\"}},{\"@type\":\"ListItem\",\"@id\":\"https:\\\/\\\/nrcmachine.com\\\/de\\\/product\\\/adhesive-tape-making-machine\\\/#listItem\",\"position\":4,\"name\":\"NRC1300 Adhesive Tape Making Machine\",\"previousItem\":{\"@type\":\"ListItem\",\"@id\":\"https:\\\/\\\/nrcmachine.com\\\/de\\\/tag\\\/adhesive-tape-making-machine\\\/#listItem\",\"name\":\"Adhesive tape making machine\"}}]},{\"@type\":\"Organization\",\"@id\":\"https:\\\/\\\/nrcmachine.com\\\/de\\\/#organization\",\"name\":\"Toilet Paper Machine, Paper Tube Machine | NRC Machine wordpress\",\"description\":\"Reliable Paper Machinery Solutions\",\"url\":\"https:\\\/\\\/nrcmachine.com\\\/de\\\/\",\"email\":\"james@nrcmachine.com\",\"telephone\":\"+8615254213289\",\"foundingDate\":\"2023-11-01\",\"numberOfEmployees\":{\"@type\":\"QuantitativeValue\",\"minValue\":1,\"maxValue\":50},\"logo\":{\"@type\":\"ImageObject\",\"url\":\"https:\\\/\\\/nrcmachine.com\\\/wp-content\\\/uploads\\\/2026\\\/01\\\/logo23.png\",\"@id\":\"https:\\\/\\\/nrcmachine.com\\\/de\\\/product\\\/adhesive-tape-making-machine\\\/#organizationLogo\",\"width\":800,\"height\":800,\"caption\":\"logo for NRC MACHINE\"},\"image\":{\"@id\":\"https:\\\/\\\/nrcmachine.com\\\/de\\\/product\\\/adhesive-tape-making-machine\\\/#organizationLogo\"},\"sameAs\":[\"https:\\\/\\\/www.facebook.com\\\/james.gao.349938\",\"https:\\\/\\\/x.com\\\/JamesGao65335\",\"https:\\\/\\\/www.instagram.com\\\/jamesgao407?igsh=d2YybzFhMjY0YTl3\",\"https:\\\/\\\/www.tiktok.com\\\/@gyl20210118\",\"https:\\\/\\\/www.linkedin.com\\\/in\\\/--9a63583a9\\\/\"],\"address\":{\"@id\":\"https:\\\/\\\/nrcmachine.com\\\/de\\\/#postaladdress\",\"@type\":\"PostalAddress\",\"streetAddress\":\"No..519,Jiangshan South Road,Huangdao,\",\"postalCode\":\"266500\",\"addressLocality\":\"Qingdao\",\"addressRegion\":\"Shandong Province\",\"addressCountry\":\"CN\"},\"taxID\":\"91370211MAD54P6P85\",\"vatID\":\"91370211MAD54P6P85\"},{\"@type\":\"WebPage\",\"@id\":\"https:\\\/\\\/nrcmachine.com\\\/de\\\/product\\\/adhesive-tape-making-machine\\\/#webpage\",\"url\":\"https:\\\/\\\/nrcmachine.com\\\/de\\\/product\\\/adhesive-tape-making-machine\\\/\",\"name\":\"NRC1300 Adhesive Tape Making Machine - QINGDAO NEW RICHUAN\",\"description\":\"NRC1300 model adhesive tape making machine is a high-efficiency, fully system designed for converting jumbo tape rolls into smaller, market-ready rolls.\",\"inLanguage\":\"de-DE\",\"isPartOf\":{\"@id\":\"https:\\\/\\\/nrcmachine.com\\\/de\\\/#website\"},\"breadcrumb\":{\"@id\":\"https:\\\/\\\/nrcmachine.com\\\/de\\\/product\\\/adhesive-tape-making-machine\\\/#breadcrumblist\"},\"image\":{\"@type\":\"ImageObject\",\"url\":\"https:\\\/\\\/nrcmachine.com\\\/wp-content\\\/uploads\\\/2025\\\/11\\\/Tape-making-machine.webp\",\"@id\":\"https:\\\/\\\/nrcmachine.com\\\/de\\\/product\\\/adhesive-tape-making-machine\\\/#mainImage\",\"width\":500,\"height\":500,\"caption\":\"adhesive tape making machine\"},\"primaryImageOfPage\":{\"@id\":\"https:\\\/\\\/nrcmachine.com\\\/de\\\/product\\\/adhesive-tape-making-machine\\\/#mainImage\"},\"datePublished\":\"2025-11-03T14:02:47+08:00\",\"dateModified\":\"2026-01-03T14:24:04+08:00\"},{\"@type\":\"WebSite\",\"@id\":\"https:\\\/\\\/nrcmachine.com\\\/de\\\/#website\",\"url\":\"https:\\\/\\\/nrcmachine.com\\\/de\\\/\",\"name\":\"Toilet Paper Machine, Paper Tube Machine | NRC Machine\",\"alternateName\":\"Qingdao New Richuan Precision Machine Co.,Ltd\",\"description\":\"Reliable Paper Machinery Solutions\",\"inLanguage\":\"de-DE\",\"publisher\":{\"@id\":\"https:\\\/\\\/nrcmachine.com\\\/de\\\/#organization\"}}]}\n\t\t<\/script>\n\t\t<!-- All in One SEO Pro -->\r\n\t\t<title>NRC1300 Adhesive Tape Making Machine - QINGDAO NEW RICHUAN<\/title>\n\n","aioseo_head_json":{"title":"NRC1300 Klebebandherstellungsmaschine - QINGDAO NEW RICHUAN","description":"Die Klebebandmaschine des Modells NRC1300 ist ein hocheffizientes Komplettsystem, das f\u00fcr die Umwandlung von Jumbo-Klebebandrollen in kleinere, marktreife Rollen konzipiert wurde.","canonical_url":"https:\/\/nrcmachine.com\/de\/product\/adhesive-tape-making-machine\/","robots":"noodp, max-snippet:-1, max-image-preview:large, max-video-preview:-1","keywords":"","webmasterTools":{"miscellaneous":""},"schema":{"@context":"https:\/\/schema.org","@graph":[{"@type":"BreadcrumbList","@id":"https:\/\/nrcmachine.com\/de\/product\/adhesive-tape-making-machine\/#breadcrumblist","itemListElement":[{"@type":"ListItem","@id":"https:\/\/nrcmachine.com\/de#listItem","position":1,"name":"Home","item":"https:\/\/nrcmachine.com\/de","nextItem":{"@type":"ListItem","@id":"https:\/\/nrcmachine.com\/de\/product\/#listItem","name":"Products"}},{"@type":"ListItem","@id":"https:\/\/nrcmachine.com\/de\/product\/#listItem","position":2,"name":"Products","item":"https:\/\/nrcmachine.com\/de\/product\/","nextItem":{"@type":"ListItem","@id":"https:\/\/nrcmachine.com\/de\/tag\/adhesive-tape-making-machine\/#listItem","name":"Adhesive tape making machine"},"previousItem":{"@type":"ListItem","@id":"https:\/\/nrcmachine.com\/de#listItem","name":"Home"}},{"@type":"ListItem","@id":"https:\/\/nrcmachine.com\/de\/tag\/adhesive-tape-making-machine\/#listItem","position":3,"name":"Adhesive tape making machine","item":"https:\/\/nrcmachine.com\/de\/tag\/adhesive-tape-making-machine\/","nextItem":{"@type":"ListItem","@id":"https:\/\/nrcmachine.com\/de\/product\/adhesive-tape-making-machine\/#listItem","name":"NRC1300 Adhesive Tape Making Machine"},"previousItem":{"@type":"ListItem","@id":"https:\/\/nrcmachine.com\/de\/product\/#listItem","name":"Products"}},{"@type":"ListItem","@id":"https:\/\/nrcmachine.com\/de\/product\/adhesive-tape-making-machine\/#listItem","position":4,"name":"NRC1300 Adhesive Tape Making Machine","previousItem":{"@type":"ListItem","@id":"https:\/\/nrcmachine.com\/de\/tag\/adhesive-tape-making-machine\/#listItem","name":"Adhesive tape making machine"}}]},{"@type":"Organization","@id":"https:\/\/nrcmachine.com\/de\/#organization","name":"Toilet Paper Machine, Paper Tube Machine | NRC Machine wordpress","description":"Reliable Paper Machinery Solutions","url":"https:\/\/nrcmachine.com\/de\/","email":"james@nrcmachine.com","telephone":"+8615254213289","foundingDate":"2023-11-01","numberOfEmployees":{"@type":"QuantitativeValue","minValue":1,"maxValue":50},"logo":{"@type":"ImageObject","url":"https:\/\/nrcmachine.com\/wp-content\/uploads\/2026\/01\/logo23.png","@id":"https:\/\/nrcmachine.com\/de\/product\/adhesive-tape-making-machine\/#organizationLogo","width":800,"height":800,"caption":"logo for NRC MACHINE"},"image":{"@id":"https:\/\/nrcmachine.com\/de\/product\/adhesive-tape-making-machine\/#organizationLogo"},"sameAs":["https:\/\/www.facebook.com\/james.gao.349938","https:\/\/x.com\/JamesGao65335","https:\/\/www.instagram.com\/jamesgao407?igsh=d2YybzFhMjY0YTl3","https:\/\/www.tiktok.com\/@gyl20210118","https:\/\/www.linkedin.com\/in\/--9a63583a9\/"],"address":{"@id":"https:\/\/nrcmachine.com\/de\/#postaladdress","@type":"PostalAddress","streetAddress":"No..519,Jiangshan South Road,Huangdao,","postalCode":"266500","addressLocality":"Qingdao","addressRegion":"Shandong Province","addressCountry":"CN"},"taxID":"91370211MAD54P6P85","vatID":"91370211MAD54P6P85"},{"@type":"WebPage","@id":"https:\/\/nrcmachine.com\/de\/product\/adhesive-tape-making-machine\/#webpage","url":"https:\/\/nrcmachine.com\/de\/product\/adhesive-tape-making-machine\/","name":"NRC1300 Adhesive Tape Making Machine - QINGDAO NEW RICHUAN","description":"NRC1300 model adhesive tape making machine is a high-efficiency, fully system designed for converting jumbo tape rolls into smaller, market-ready rolls.","inLanguage":"de-DE","isPartOf":{"@id":"https:\/\/nrcmachine.com\/de\/#website"},"breadcrumb":{"@id":"https:\/\/nrcmachine.com\/de\/product\/adhesive-tape-making-machine\/#breadcrumblist"},"image":{"@type":"ImageObject","url":"https:\/\/nrcmachine.com\/wp-content\/uploads\/2025\/11\/Tape-making-machine.webp","@id":"https:\/\/nrcmachine.com\/de\/product\/adhesive-tape-making-machine\/#mainImage","width":500,"height":500,"caption":"adhesive tape making machine"},"primaryImageOfPage":{"@id":"https:\/\/nrcmachine.com\/de\/product\/adhesive-tape-making-machine\/#mainImage"},"datePublished":"2025-11-03T14:02:47+08:00","dateModified":"2026-01-03T14:24:04+08:00"},{"@type":"WebSite","@id":"https:\/\/nrcmachine.com\/de\/#website","url":"https:\/\/nrcmachine.com\/de\/","name":"Toilet Paper Machine, Paper Tube Machine | NRC Machine","alternateName":"Qingdao New Richuan Precision Machine Co.,Ltd","description":"Reliable Paper Machinery Solutions","inLanguage":"de-DE","publisher":{"@id":"https:\/\/nrcmachine.com\/de\/#organization"}}]},"og:locale":"de_DE","og:site_name":"Toilet Paper Machine, Paper Tube Machine | NRC Machine - Reliable Paper Machinery Solutions","og:type":"article","og:title":"NRC1300 Adhesive Tape Making Machine - QINGDAO NEW RICHUAN","og:description":"NRC1300 model adhesive tape making machine is a high-efficiency, fully system designed for converting jumbo tape rolls into smaller, market-ready rolls.","og:url":"https:\/\/nrcmachine.com\/de\/product\/adhesive-tape-making-machine\/","og:image":"https:\/\/nrcmachine.com\/wp-content\/uploads\/2025\/11\/Tape-making-machine.webp","og:image:secure_url":"https:\/\/nrcmachine.com\/wp-content\/uploads\/2025\/11\/Tape-making-machine.webp","og:image:width":500,"og:image:height":500,"article:published_time":"2025-11-03T06:02:47+00:00","article:modified_time":"2026-01-03T06:24:04+00:00","article:publisher":"https:\/\/www.facebook.com\/james.gao.349938","twitter:card":"summary","twitter:site":"@JamesGao65335","twitter:title":"NRC1300 Adhesive Tape Making Machine - QINGDAO NEW RICHUAN","twitter:description":"NRC1300 model adhesive tape making machine is a high-efficiency, fully system designed for converting jumbo tape rolls into smaller, market-ready rolls.","twitter:image":"https:\/\/nrcmachine.com\/wp-content\/uploads\/2025\/11\/Tape-making-machine.webp"},"aioseo_meta_data":{"post_id":"1794","title":"#post_title #separator_sa QINGDAO NEW RICHUAN","description":"Die Klebebandmaschine des Modells NRC1300 ist ein hocheffizientes Komplettsystem, das f\u00fcr die Umwandlung von Jumbo-Klebebandrollen in kleinere, marktreife Rollen konzipiert wurde.","keywords":null,"keyphrases":{"focus":{"keyphrase":"adhesive tape making machine","score":100,"analysis":{"keyphraseInTitle":{"score":9,"maxScore":9,"error":0},"keyphraseInDescription":{"score":9,"maxScore":9,"error":0},"keyphraseLength":{"score":9,"maxScore":9,"error":0,"length":4},"keyphraseInURL":{"score":5,"maxScore":5,"error":0},"keyphraseInIntroduction":{"score":9,"maxScore":9,"error":0},"keyphraseInSubHeadings":{"score":9,"maxScore":9,"error":0},"keyphraseInImageAlt":[],"keywordDensity":{"type":"best","score":9,"maxScore":9,"error":0}}},"additional":[]},"primary_term":null,"canonical_url":null,"og_title":null,"og_description":null,"og_object_type":"default","og_image_type":"default","og_image_url":null,"og_image_width":null,"og_image_height":null,"og_image_custom_url":null,"og_image_custom_fields":null,"og_video":"","og_custom_url":null,"og_article_section":null,"og_article_tags":null,"twitter_use_og":false,"twitter_card":"default","twitter_image_type":"default","twitter_image_url":null,"twitter_image_custom_url":null,"twitter_image_custom_fields":null,"twitter_title":null,"twitter_description":null,"schema":{"blockGraphs":[],"customGraphs":[],"default":{"data":{"Article":[],"Course":[],"Dataset":[],"FAQPage":[],"Movie":[],"Person":[],"Product":[],"ProductReview":[],"Car":[],"Recipe":[],"Service":[],"SoftwareApplication":[],"WebPage":[]},"graphName":"ItemPage","isEnabled":true},"graphs":[]},"schema_type":"default","schema_type_options":null,"pillar_content":false,"robots_default":true,"robots_noindex":false,"robots_noarchive":false,"robots_nosnippet":false,"robots_nofollow":false,"robots_noimageindex":false,"robots_noodp":false,"robots_notranslate":false,"robots_max_snippet":"-1","robots_max_videopreview":"-1","robots_max_imagepreview":"large","priority":null,"frequency":"default","local_seo":null,"seo_analyzer_scan_date":"2026-02-13 03:35:55","breadcrumb_settings":null,"limit_modified_date":false,"reviewed_by":null,"open_ai":null,"ai":{"faqs":[],"keyPoints":[],"titles":[],"descriptions":[],"socialPosts":{"email":[],"linkedin":[],"twitter":[],"facebook":[],"instagram":[]}},"created":"2025-12-11 08:37:20","updated":"2026-02-13 06:50:01"},"aioseo_breadcrumb":"<div class=\"aioseo-breadcrumbs\"><span class=\"aioseo-breadcrumb\">\n\t<a href=\"https:\/\/nrcmachine.com\/de\" title=\"Home\">Home<\/a>\n<\/span><span class=\"aioseo-breadcrumb-separator\">\u00bb<\/span><span class=\"aioseo-breadcrumb\">\n\t<a href=\"https:\/\/nrcmachine.com\/de\/product\/\" title=\"Products\">Products<\/a>\n<\/span><span class=\"aioseo-breadcrumb-separator\">\u00bb<\/span><span class=\"aioseo-breadcrumb\">\n\t<a href=\"https:\/\/nrcmachine.com\/de\/tag\/adhesive-tape-making-machine\/\" title=\"Adhesive tape making machine\">Adhesive tape making machine<\/a>\n<\/span><span class=\"aioseo-breadcrumb-separator\">\u00bb<\/span><span class=\"aioseo-breadcrumb\">\n\tNRC1300 Adhesive Tape Making Machine\n<\/span><\/div>","aioseo_breadcrumb_json":[{"label":"Home","link":"https:\/\/nrcmachine.com\/de"},{"label":"Products","link":"https:\/\/nrcmachine.com\/de\/product\/"},{"label":"Adhesive tape making machine","link":"https:\/\/nrcmachine.com\/de\/tag\/adhesive-tape-making-machine\/"},{"label":"NRC1300 Adhesive Tape Making Machine","link":"https:\/\/nrcmachine.com\/de\/product\/adhesive-tape-making-machine\/"}],"_links":{"self":[{"href":"https:\/\/nrcmachine.com\/de\/wp-json\/wp\/v2\/product\/1794","targetHints":{"allow":["GET"]}}],"collection":[{"href":"https:\/\/nrcmachine.com\/de\/wp-json\/wp\/v2\/product"}],"about":[{"href":"https:\/\/nrcmachine.com\/de\/wp-json\/wp\/v2\/types\/product"}],"version-history":[{"count":0,"href":"https:\/\/nrcmachine.com\/de\/wp-json\/wp\/v2\/product\/1794\/revisions"}],"wp:featuredmedia":[{"embeddable":true,"href":"https:\/\/nrcmachine.com\/de\/wp-json\/wp\/v2\/media\/1788"}],"wp:attachment":[{"href":"https:\/\/nrcmachine.com\/de\/wp-json\/wp\/v2\/media?parent=1794"}],"wp:term":[{"taxonomy":"post_tag","embeddable":true,"href":"https:\/\/nrcmachine.com\/de\/wp-json\/wp\/v2\/tags?post=1794"},{"taxonomy":"products","embeddable":true,"href":"https:\/\/nrcmachine.com\/de\/wp-json\/wp\/v2\/products?post=1794"}],"curies":[{"name":"wp","href":"https:\/\/api.w.org\/{rel}","templated":true}]}}