 {"id":1911,"date":"2025-11-07T13:29:35","date_gmt":"2025-11-07T05:29:35","guid":{"rendered":"https:\/\/nrcmachine.com\/?post_type=product&#038;p=1911"},"modified":"2026-01-02T12:29:09","modified_gmt":"2026-01-02T04:29:09","slug":"paper-tube-cutting-machine","status":"publish","type":"product","link":"https:\/\/nrcmachine.com\/de\/product\/paper-tube-cutting-machine\/","title":{"rendered":"Automatische CNC-Papierrohrschneidemaschine"},"content":{"rendered":"<h4><strong>\ud83c\udf1fAutomatische CNC <a href=\"https:\/\/nrcmachine.com\/products\/paper-tube-cutting-machine\/\">Papierr\u00f6hren-Schneidemaschine<\/a>: Pr\u00e4zision und Effizienz neu definiert!\ud83c\udf1f<\/strong><\/h4>\n<p>Heute freue ich mich sehr, Ihnen die <a href=\"https:\/\/nrcmachine.com\/products\/paper-tube-cutting-machine\/\"><strong>Automatische CNC-Papierrohrschneidemaschine<\/strong><\/a>,ein entscheidender Fortschritt f\u00fcr die Verarbeitung von Papierh\u00fclsen. Egal, ob Sie in der Verpackungs-, Kunst- oder Produktionsbranche t\u00e4tig sind, diese Maschine bietet un\u00fcbertroffene Pr\u00e4zision. Lassen Sie uns in die detaillierten technischen Merkmale eintauchen! \u2702\ufe0f<\/p>\n<div class=\"ast-oembed-container\" style=\"height: 100%;\"><iframe title=\"CNC-Papierkernschneidemaschine\/Papierrohrschneidemaschine\" width=\"500\" height=\"281\" src=\"https:\/\/www.youtube.com\/embed\/aJUwvimj9wg?feature=oembed\" frameborder=\"0\" allow=\"accelerometer; autoplay; clipboard-write; encrypted-media; gyroscope; picture-in-picture; web-share\" referrerpolicy=\"strict-origin-when-cross-origin\" allowfullscreen><\/iframe><\/div>\n<h6><strong>\ud83d\udd39 Kernsteuerungssystem: Intelligent und zuverl\u00e4ssig<\/strong><\/h6>\n<p>Das Herzst\u00fcck dieser Maschine ist ein Hochleistungs <strong>CNC-System (Computer Numerische Steuerung)<\/strong>. Sie gew\u00e4hrleistet pr\u00e4zise Schneidpfade mit minimalen Fehlern (\u00b10,1 mm). Die benutzerfreundliche Touchscreen-Oberfl\u00e4che erm\u00f6glicht eine einfache Programmeingabe, was Zeit spart und die Erm\u00fcdung des Bedieners verringert. Voreingestellte Muster? Kein Problem! Laden Sie einfach Ihren Entwurf hoch und \u00fcberlassen Sie die Arbeit der Automatisierung.<\/p>\n<h6><strong>\ud83d\udd39 Schneidemechanismus: Hochgeschwindigkeits- und saubere Schnitte<\/strong><\/h6>\n<p>Ausgestattet mit einem <strong>Servo-angetriebenes Drehfl\u00fcgelsystem<\/strong>, Die Klinge verarbeitet verschiedene Papierrohrst\u00e4rken (1-10 mm). Die Klinge passt sich automatisch an die Materialdichte an und verhindert ein Ausfransen oder Quetschen. Die Schnittgeschwindigkeit erreicht bis zu <strong>120 R\u00f6hrchen pro Minute<\/strong>, und steigert die Produktivit\u00e4t ohne Qualit\u00e4tseinbu\u00dfen.<\/p>\n<h6><strong>\ud83d\udd39 Materialzufuhrsystem: Sanft und gleichm\u00e4\u00dfig<\/strong><\/h6>\n<p>Verabschieden Sie sich vom Stau! Die <strong>automatisches Vakuumbeschickungssystem<\/strong>\u00a0stellt sicher, dass die Rohre vor dem Schneiden perfekt ausgerichtet sind. Es unterst\u00fctzt Rohrdurchmesser von <strong>20mm bis 150mm<\/strong>, Dadurch ist es vielseitig einsetzbar - von Geschenkverpackungen bis hin zu Industriekernen.<\/p>\n<h6><strong>\ud83d\udd39 Sicherheit und Stabilit\u00e4t: Entwickelt f\u00fcr den Seelenfrieden<\/strong><\/h6>\n<p>Gebaut mit <strong>hochbelastbare Stahlrahmenkonstruktion<\/strong>, die <a href=\"https:\/\/youtu.be\/aJUwvimj9wg\">Maschine<\/a> arbeitet mit minimalen Vibrationen. Die Sicherheitsmerkmale umfassen <strong>Infrarotsensoren<\/strong>\u00a0und Not-Aus-Tasten. Der geschlossene Schneidbereich sch\u00fctzt die Bediener und entspricht den internationalen Sicherheitsstandards (CE-zertifiziert).<\/p>\n<h6><strong>\ud83d\udd39 Zus\u00e4tzliche intelligente Funktionen<\/strong><\/h6>\n<ul>\n<li><strong>\u00dcberwachung in Echtzeit<\/strong>: Verfolgen Sie den Produktionsstand und den Maschinenstatus.<\/li>\n<li><strong>Energieeffizient<\/strong>: Geringer Stromverbrauch mit automatischem Schlafmodus.<\/li>\n<li><strong>Einfache Wartung<\/strong>: Das modulare Design erm\u00f6glicht einen schnellen Klingenwechsel und eine schnelle Reinigung.<\/li>\n<\/ul>\n<h6><strong>\u2728 Warum diese Maschine w\u00e4hlen?<\/strong><\/h6>\n<p>Es ist nicht nur ein Schneideger\u00e4t - es ist eine Komplettl\u00f6sung f\u00fcr die hochvolumige, hochpr\u00e4zise Verarbeitung von Papierh\u00fclsen. Verringern Sie den Abfall, erh\u00f6hen Sie den Aussto\u00df und steigern Sie die Qualit\u00e4t Ihrer Produkte!<\/p>\n<p>\ud83d\udcac DM mich f\u00fcr Specs oder Demos!<br \/>\n#<a href=\"https:\/\/nrcmachine.com\/product\/spiral-wound-paper-tube-machine\/\">PaperTubeMachine<\/a> #CNCTechnologie #MFertigungsinnovation #SmartFactory #CHandwerkIndustrie #Automatisierung<\/p>\n<p>Lassen Sie uns gemeinsam die Papierverarbeitung revolutionieren! \ud83d\ude80<\/p>","protected":false},"featured_media":1913,"template":"","meta":{"_acf_changed":false,"_monsterinsights_skip_tracking":false,"_monsterinsights_sitenote_active":false,"_monsterinsights_sitenote_note":"","_monsterinsights_sitenote_category":0,"site-sidebar-layout":"default","site-content-layout":"","ast-site-content-layout":"default","site-content-style":"default","site-sidebar-style":"default","ast-global-header-display":"","ast-banner-title-visibility":"","ast-main-header-display":"","ast-hfb-above-header-display":"","ast-hfb-below-header-display":"","ast-hfb-mobile-header-display":"","site-post-title":"","ast-breadcrumbs-content":"","ast-featured-img":"","footer-sml-layout":"","theme-transparent-header-meta":"default","adv-header-id-meta":"","stick-header-meta":"default","header-above-stick-meta":"","header-main-stick-meta":"","header-below-stick-meta":"","astra-migrate-meta-layouts":"set","ast-page-background-enabled":"default","ast-page-background-meta":{"desktop":{"background-color":"var(--ast-global-color-4)","background-image":"","background-repeat":"repeat","background-position":"center center","background-size":"auto","background-attachment":"scroll","background-type":"","background-media":"","overlay-type":"","overlay-color":"","overlay-opacity":"","overlay-gradient":""},"tablet":{"background-color":"","background-image":"","background-repeat":"repeat","background-position":"center center","background-size":"auto","background-attachment":"scroll","background-type":"","background-media":"","overlay-type":"","overlay-color":"","overlay-opacity":"","overlay-gradient":""},"mobile":{"background-color":"","background-image":"","background-repeat":"repeat","background-position":"center center","background-size":"auto","background-attachment":"scroll","background-type":"","background-media":"","overlay-type":"","overlay-color":"","overlay-opacity":"","overlay-gradient":""}},"ast-content-background-meta":{"desktop":{"background-color":"var(--ast-global-color-5)","background-image":"","background-repeat":"repeat","background-position":"center center","background-size":"auto","background-attachment":"scroll","background-type":"","background-media":"","overlay-type":"","overlay-color":"","overlay-opacity":"","overlay-gradient":""},"tablet":{"background-color":"var(--ast-global-color-5)","background-image":"","background-repeat":"repeat","background-position":"center center","background-size":"auto","background-attachment":"scroll","background-type":"","background-media":"","overlay-type":"","overlay-color":"","overlay-opacity":"","overlay-gradient":""},"mobile":{"background-color":"var(--ast-global-color-5)","background-image":"","background-repeat":"repeat","background-position":"center center","background-size":"auto","background-attachment":"scroll","background-type":"","background-media":"","overlay-type":"","overlay-color":"","overlay-opacity":"","overlay-gradient":""}}},"tags":[49],"products":[70],"class_list":["post-1911","product","type-product","status-publish","has-post-thumbnail","hentry","tag-paper-tube-machine","products-paper-tube-cutting-machine"],"acf":[],"aioseo_notices":[],"aioseo_head":"\n\t\t<!-- All in One SEO Pro 4.9.2 - aioseo.com -->\n\t<meta name=\"description\" content=\"Today, I\u2019m thrilled to introduce the Automatic CNC Paper Tube Cutting Machine,a game-changer for paper tube processing. Whether you\u2019re in packaging.\" \/>\n\t<meta name=\"robots\" content=\"noodp, max-snippet:-1, max-image-preview:large, max-video-preview:-1\" \/>\n\t<link rel=\"canonical\" href=\"https:\/\/nrcmachine.com\/de\/product\/paper-tube-cutting-machine\/\" \/>\n\t<meta name=\"generator\" content=\"All in One SEO Pro (AIOSEO) 4.9.2\" \/>\n\t\t<meta property=\"og:locale\" content=\"de_DE\" \/>\n\t\t<meta property=\"og:site_name\" content=\"Toilet Paper Machine, Paper Tube Machine | NRC Machine - Reliable Paper Machinery Solutions\" \/>\n\t\t<meta property=\"og:type\" content=\"article\" \/>\n\t\t<meta property=\"og:title\" content=\"Automatic CNC Paper Tube Cutting Machine - NRC MACHINE\" \/>\n\t\t<meta property=\"og:description\" content=\"Today, I\u2019m thrilled to introduce the Automatic CNC Paper Tube Cutting Machine,a game-changer for paper tube processing. Whether you\u2019re in packaging.\" \/>\n\t\t<meta property=\"og:url\" content=\"https:\/\/nrcmachine.com\/de\/product\/paper-tube-cutting-machine\/\" \/>\n\t\t<meta property=\"og:image\" content=\"https:\/\/nrcmachine.com\/wp-content\/uploads\/2025\/11\/paper-tube-cutting-machine-3_\u526f\u672c.webp\" \/>\n\t\t<meta property=\"og:image:secure_url\" content=\"https:\/\/nrcmachine.com\/wp-content\/uploads\/2025\/11\/paper-tube-cutting-machine-3_\u526f\u672c.webp\" \/>\n\t\t<meta property=\"og:image:width\" content=\"800\" \/>\n\t\t<meta property=\"og:image:height\" content=\"800\" \/>\n\t\t<meta property=\"article:published_time\" content=\"2025-11-07T05:29:35+00:00\" \/>\n\t\t<meta property=\"article:modified_time\" content=\"2026-01-02T04:29:09+00:00\" \/>\n\t\t<meta property=\"article:publisher\" content=\"https:\/\/www.facebook.com\/james.gao.349938\" \/>\n\t\t<meta name=\"twitter:card\" content=\"summary\" \/>\n\t\t<meta name=\"twitter:site\" content=\"@JamesGao65335\" \/>\n\t\t<meta name=\"twitter:title\" content=\"Automatic CNC Paper Tube Cutting Machine - NRC MACHINE\" \/>\n\t\t<meta name=\"twitter:description\" content=\"Today, I\u2019m thrilled to introduce the Automatic CNC Paper Tube Cutting Machine,a game-changer for paper tube processing. Whether you\u2019re in packaging.\" \/>\n\t\t<meta name=\"twitter:image\" content=\"https:\/\/nrcmachine.com\/wp-content\/uploads\/2025\/11\/paper-tube-cutting-machine-3_\u526f\u672c.webp\" \/>\n\t\t<script type=\"application\/ld+json\" class=\"aioseo-schema\">\n\t\t\t{\"@context\":\"https:\\\/\\\/schema.org\",\"@graph\":[{\"@type\":\"BreadcrumbList\",\"@id\":\"https:\\\/\\\/nrcmachine.com\\\/de\\\/product\\\/paper-tube-cutting-machine\\\/#breadcrumblist\",\"itemListElement\":[{\"@type\":\"ListItem\",\"@id\":\"https:\\\/\\\/nrcmachine.com\\\/de#listItem\",\"position\":1,\"name\":\"Home\",\"item\":\"https:\\\/\\\/nrcmachine.com\\\/de\",\"nextItem\":{\"@type\":\"ListItem\",\"@id\":\"https:\\\/\\\/nrcmachine.com\\\/de\\\/product\\\/#listItem\",\"name\":\"Products\"}},{\"@type\":\"ListItem\",\"@id\":\"https:\\\/\\\/nrcmachine.com\\\/de\\\/product\\\/#listItem\",\"position\":2,\"name\":\"Products\",\"item\":\"https:\\\/\\\/nrcmachine.com\\\/de\\\/product\\\/\",\"nextItem\":{\"@type\":\"ListItem\",\"@id\":\"https:\\\/\\\/nrcmachine.com\\\/de\\\/tag\\\/paper-tube-machine\\\/#listItem\",\"name\":\"paper tube machine\"},\"previousItem\":{\"@type\":\"ListItem\",\"@id\":\"https:\\\/\\\/nrcmachine.com\\\/de#listItem\",\"name\":\"Home\"}},{\"@type\":\"ListItem\",\"@id\":\"https:\\\/\\\/nrcmachine.com\\\/de\\\/tag\\\/paper-tube-machine\\\/#listItem\",\"position\":3,\"name\":\"paper tube machine\",\"item\":\"https:\\\/\\\/nrcmachine.com\\\/de\\\/tag\\\/paper-tube-machine\\\/\",\"nextItem\":{\"@type\":\"ListItem\",\"@id\":\"https:\\\/\\\/nrcmachine.com\\\/de\\\/product\\\/paper-tube-cutting-machine\\\/#listItem\",\"name\":\"Automatic CNC Paper Tube Cutting Machine\"},\"previousItem\":{\"@type\":\"ListItem\",\"@id\":\"https:\\\/\\\/nrcmachine.com\\\/de\\\/product\\\/#listItem\",\"name\":\"Products\"}},{\"@type\":\"ListItem\",\"@id\":\"https:\\\/\\\/nrcmachine.com\\\/de\\\/product\\\/paper-tube-cutting-machine\\\/#listItem\",\"position\":4,\"name\":\"Automatic CNC Paper Tube Cutting Machine\",\"previousItem\":{\"@type\":\"ListItem\",\"@id\":\"https:\\\/\\\/nrcmachine.com\\\/de\\\/tag\\\/paper-tube-machine\\\/#listItem\",\"name\":\"paper tube machine\"}}]},{\"@type\":\"Organization\",\"@id\":\"https:\\\/\\\/nrcmachine.com\\\/de\\\/#organization\",\"name\":\"Toilet Paper Machine, Paper Tube Machine | NRC Machine wordpress\",\"description\":\"Reliable Paper Machinery Solutions\",\"url\":\"https:\\\/\\\/nrcmachine.com\\\/de\\\/\",\"email\":\"james@nrcmachine.com\",\"telephone\":\"+8615254213289\",\"foundingDate\":\"2023-11-01\",\"numberOfEmployees\":{\"@type\":\"QuantitativeValue\",\"minValue\":1,\"maxValue\":50},\"logo\":{\"@type\":\"ImageObject\",\"url\":\"https:\\\/\\\/nrcmachine.com\\\/wp-content\\\/uploads\\\/2026\\\/01\\\/logo23.png\",\"@id\":\"https:\\\/\\\/nrcmachine.com\\\/de\\\/product\\\/paper-tube-cutting-machine\\\/#organizationLogo\",\"width\":800,\"height\":800,\"caption\":\"logo for NRC MACHINE\"},\"image\":{\"@id\":\"https:\\\/\\\/nrcmachine.com\\\/de\\\/product\\\/paper-tube-cutting-machine\\\/#organizationLogo\"},\"sameAs\":[\"https:\\\/\\\/www.facebook.com\\\/james.gao.349938\",\"https:\\\/\\\/x.com\\\/JamesGao65335\",\"https:\\\/\\\/www.instagram.com\\\/jamesgao407?igsh=d2YybzFhMjY0YTl3\",\"https:\\\/\\\/www.tiktok.com\\\/@gyl20210118\",\"https:\\\/\\\/www.linkedin.com\\\/in\\\/--9a63583a9\\\/\"],\"address\":{\"@id\":\"https:\\\/\\\/nrcmachine.com\\\/de\\\/#postaladdress\",\"@type\":\"PostalAddress\",\"streetAddress\":\"No..519,Jiangshan South Road,Huangdao,\",\"postalCode\":\"266500\",\"addressLocality\":\"Qingdao\",\"addressRegion\":\"Shandong Province\",\"addressCountry\":\"CN\"},\"taxID\":\"91370211MAD54P6P85\",\"vatID\":\"91370211MAD54P6P85\"},{\"@type\":\"WebPage\",\"@id\":\"https:\\\/\\\/nrcmachine.com\\\/de\\\/product\\\/paper-tube-cutting-machine\\\/#webpage\",\"url\":\"https:\\\/\\\/nrcmachine.com\\\/de\\\/product\\\/paper-tube-cutting-machine\\\/\",\"name\":\"Automatic CNC Paper Tube Cutting Machine - NRC MACHINE\",\"description\":\"Today, I\\u2019m thrilled to introduce the Automatic CNC Paper Tube Cutting Machine,a game-changer for paper tube processing. Whether you\\u2019re in packaging.\",\"inLanguage\":\"de-DE\",\"isPartOf\":{\"@id\":\"https:\\\/\\\/nrcmachine.com\\\/de\\\/#website\"},\"breadcrumb\":{\"@id\":\"https:\\\/\\\/nrcmachine.com\\\/de\\\/product\\\/paper-tube-cutting-machine\\\/#breadcrumblist\"},\"image\":{\"@type\":\"ImageObject\",\"url\":\"https:\\\/\\\/nrcmachine.com\\\/wp-content\\\/uploads\\\/2025\\\/11\\\/paper-tube-cutting-machine-3_\\u526f\\u672c.webp\",\"@id\":\"https:\\\/\\\/nrcmachine.com\\\/de\\\/product\\\/paper-tube-cutting-machine\\\/#mainImage\",\"width\":800,\"height\":800,\"caption\":\"paper tube cutting machine\"},\"primaryImageOfPage\":{\"@id\":\"https:\\\/\\\/nrcmachine.com\\\/de\\\/product\\\/paper-tube-cutting-machine\\\/#mainImage\"},\"datePublished\":\"2025-11-07T13:29:35+08:00\",\"dateModified\":\"2026-01-02T12:29:09+08:00\"},{\"@type\":\"WebSite\",\"@id\":\"https:\\\/\\\/nrcmachine.com\\\/de\\\/#website\",\"url\":\"https:\\\/\\\/nrcmachine.com\\\/de\\\/\",\"name\":\"Toilet Paper Machine, Paper Tube Machine | NRC Machine\",\"alternateName\":\"Qingdao New Richuan Precision Machine Co.,Ltd\",\"description\":\"Reliable Paper Machinery Solutions\",\"inLanguage\":\"de-DE\",\"publisher\":{\"@id\":\"https:\\\/\\\/nrcmachine.com\\\/de\\\/#organization\"}}]}\n\t\t<\/script>\n\t\t<!-- All in One SEO Pro -->\r\n\t\t<title>Automatic CNC Paper Tube Cutting Machine - NRC MACHINE<\/title>\n\n","aioseo_head_json":{"title":"Automatische CNC-Papierrohrschneidemaschine - NRC MACHINE","description":"Heute freue ich mich, Ihnen die automatische CNC-Papierrohrschneidemaschine vorstellen zu k\u00f6nnen, die die Verarbeitung von Papierrohren grundlegend ver\u00e4ndern wird. Ob Sie in der Verpackungsbranche t\u00e4tig sind.","canonical_url":"https:\/\/nrcmachine.com\/de\/product\/paper-tube-cutting-machine\/","robots":"noodp, max-snippet:-1, max-image-preview:large, max-video-preview:-1","keywords":"","webmasterTools":{"miscellaneous":""},"schema":{"@context":"https:\/\/schema.org","@graph":[{"@type":"BreadcrumbList","@id":"https:\/\/nrcmachine.com\/de\/product\/paper-tube-cutting-machine\/#breadcrumblist","itemListElement":[{"@type":"ListItem","@id":"https:\/\/nrcmachine.com\/de#listItem","position":1,"name":"Home","item":"https:\/\/nrcmachine.com\/de","nextItem":{"@type":"ListItem","@id":"https:\/\/nrcmachine.com\/de\/product\/#listItem","name":"Products"}},{"@type":"ListItem","@id":"https:\/\/nrcmachine.com\/de\/product\/#listItem","position":2,"name":"Products","item":"https:\/\/nrcmachine.com\/de\/product\/","nextItem":{"@type":"ListItem","@id":"https:\/\/nrcmachine.com\/de\/tag\/paper-tube-machine\/#listItem","name":"paper tube machine"},"previousItem":{"@type":"ListItem","@id":"https:\/\/nrcmachine.com\/de#listItem","name":"Home"}},{"@type":"ListItem","@id":"https:\/\/nrcmachine.com\/de\/tag\/paper-tube-machine\/#listItem","position":3,"name":"paper tube machine","item":"https:\/\/nrcmachine.com\/de\/tag\/paper-tube-machine\/","nextItem":{"@type":"ListItem","@id":"https:\/\/nrcmachine.com\/de\/product\/paper-tube-cutting-machine\/#listItem","name":"Automatic CNC Paper Tube Cutting Machine"},"previousItem":{"@type":"ListItem","@id":"https:\/\/nrcmachine.com\/de\/product\/#listItem","name":"Products"}},{"@type":"ListItem","@id":"https:\/\/nrcmachine.com\/de\/product\/paper-tube-cutting-machine\/#listItem","position":4,"name":"Automatic CNC Paper Tube Cutting Machine","previousItem":{"@type":"ListItem","@id":"https:\/\/nrcmachine.com\/de\/tag\/paper-tube-machine\/#listItem","name":"paper tube machine"}}]},{"@type":"Organization","@id":"https:\/\/nrcmachine.com\/de\/#organization","name":"Toilet Paper Machine, Paper Tube Machine | NRC Machine wordpress","description":"Reliable Paper Machinery Solutions","url":"https:\/\/nrcmachine.com\/de\/","email":"james@nrcmachine.com","telephone":"+8615254213289","foundingDate":"2023-11-01","numberOfEmployees":{"@type":"QuantitativeValue","minValue":1,"maxValue":50},"logo":{"@type":"ImageObject","url":"https:\/\/nrcmachine.com\/wp-content\/uploads\/2026\/01\/logo23.png","@id":"https:\/\/nrcmachine.com\/de\/product\/paper-tube-cutting-machine\/#organizationLogo","width":800,"height":800,"caption":"logo for NRC MACHINE"},"image":{"@id":"https:\/\/nrcmachine.com\/de\/product\/paper-tube-cutting-machine\/#organizationLogo"},"sameAs":["https:\/\/www.facebook.com\/james.gao.349938","https:\/\/x.com\/JamesGao65335","https:\/\/www.instagram.com\/jamesgao407?igsh=d2YybzFhMjY0YTl3","https:\/\/www.tiktok.com\/@gyl20210118","https:\/\/www.linkedin.com\/in\/--9a63583a9\/"],"address":{"@id":"https:\/\/nrcmachine.com\/de\/#postaladdress","@type":"PostalAddress","streetAddress":"No..519,Jiangshan South Road,Huangdao,","postalCode":"266500","addressLocality":"Qingdao","addressRegion":"Shandong Province","addressCountry":"CN"},"taxID":"91370211MAD54P6P85","vatID":"91370211MAD54P6P85"},{"@type":"WebPage","@id":"https:\/\/nrcmachine.com\/de\/product\/paper-tube-cutting-machine\/#webpage","url":"https:\/\/nrcmachine.com\/de\/product\/paper-tube-cutting-machine\/","name":"Automatic CNC Paper Tube Cutting Machine - NRC MACHINE","description":"Today, I\u2019m thrilled to introduce the Automatic CNC Paper Tube Cutting Machine,a game-changer for paper tube processing. Whether you\u2019re in packaging.","inLanguage":"de-DE","isPartOf":{"@id":"https:\/\/nrcmachine.com\/de\/#website"},"breadcrumb":{"@id":"https:\/\/nrcmachine.com\/de\/product\/paper-tube-cutting-machine\/#breadcrumblist"},"image":{"@type":"ImageObject","url":"https:\/\/nrcmachine.com\/wp-content\/uploads\/2025\/11\/paper-tube-cutting-machine-3_\u526f\u672c.webp","@id":"https:\/\/nrcmachine.com\/de\/product\/paper-tube-cutting-machine\/#mainImage","width":800,"height":800,"caption":"paper tube cutting machine"},"primaryImageOfPage":{"@id":"https:\/\/nrcmachine.com\/de\/product\/paper-tube-cutting-machine\/#mainImage"},"datePublished":"2025-11-07T13:29:35+08:00","dateModified":"2026-01-02T12:29:09+08:00"},{"@type":"WebSite","@id":"https:\/\/nrcmachine.com\/de\/#website","url":"https:\/\/nrcmachine.com\/de\/","name":"Toilet Paper Machine, Paper Tube Machine | NRC Machine","alternateName":"Qingdao New Richuan Precision Machine Co.,Ltd","description":"Reliable Paper Machinery Solutions","inLanguage":"de-DE","publisher":{"@id":"https:\/\/nrcmachine.com\/de\/#organization"}}]},"og:locale":"de_DE","og:site_name":"Toilet Paper Machine, Paper Tube Machine | NRC Machine - Reliable Paper Machinery Solutions","og:type":"article","og:title":"Automatic CNC Paper Tube Cutting Machine - NRC MACHINE","og:description":"Today, I\u2019m thrilled to introduce the Automatic CNC Paper Tube Cutting Machine,a game-changer for paper tube processing. Whether you\u2019re in packaging.","og:url":"https:\/\/nrcmachine.com\/de\/product\/paper-tube-cutting-machine\/","og:image":"https:\/\/nrcmachine.com\/wp-content\/uploads\/2025\/11\/paper-tube-cutting-machine-3_\u526f\u672c.webp","og:image:secure_url":"https:\/\/nrcmachine.com\/wp-content\/uploads\/2025\/11\/paper-tube-cutting-machine-3_\u526f\u672c.webp","og:image:width":800,"og:image:height":800,"article:published_time":"2025-11-07T05:29:35+00:00","article:modified_time":"2026-01-02T04:29:09+00:00","article:publisher":"https:\/\/www.facebook.com\/james.gao.349938","twitter:card":"summary","twitter:site":"@JamesGao65335","twitter:title":"Automatic CNC Paper Tube Cutting Machine - NRC MACHINE","twitter:description":"Today, I\u2019m thrilled to introduce the Automatic CNC Paper Tube Cutting Machine,a game-changer for paper tube processing. Whether you\u2019re in packaging.","twitter:image":"https:\/\/nrcmachine.com\/wp-content\/uploads\/2025\/11\/paper-tube-cutting-machine-3_\u526f\u672c.webp"},"aioseo_meta_data":{"post_id":"1911","title":"#post_title #separator_sa NRC MACHINE","description":"Heute freue ich mich, Ihnen die automatische CNC-Papierrohrschneidemaschine vorstellen zu k\u00f6nnen, die die Verarbeitung von Papierrohren grundlegend ver\u00e4ndern wird. Ob Sie in der Verpackungsbranche t\u00e4tig sind.","keywords":null,"keyphrases":{"focus":{"keyphrase":"paper tube cutting machine","score":100,"analysis":{"keyphraseInTitle":{"score":9,"maxScore":9,"error":0},"keyphraseInDescription":{"score":9,"maxScore":9,"error":0},"keyphraseLength":{"score":9,"maxScore":9,"error":0,"length":4},"keyphraseInURL":{"score":5,"maxScore":5,"error":0},"keyphraseInIntroduction":{"score":9,"maxScore":9,"error":0},"keyphraseInSubHeadings":[],"keyphraseInImageAlt":[],"keywordDensity":{"type":"best","score":9,"maxScore":9,"error":0}}},"additional":[]},"primary_term":null,"canonical_url":null,"og_title":null,"og_description":null,"og_object_type":"default","og_image_type":"default","og_image_url":null,"og_image_width":null,"og_image_height":null,"og_image_custom_url":null,"og_image_custom_fields":null,"og_video":"","og_custom_url":null,"og_article_section":null,"og_article_tags":null,"twitter_use_og":false,"twitter_card":"default","twitter_image_type":"default","twitter_image_url":null,"twitter_image_custom_url":null,"twitter_image_custom_fields":null,"twitter_title":null,"twitter_description":null,"schema":{"blockGraphs":[],"customGraphs":[],"default":{"data":{"Article":[],"Course":[],"Dataset":[],"FAQPage":[],"Movie":[],"Person":[],"Product":[],"ProductReview":[],"Car":[],"Recipe":[],"Service":[],"SoftwareApplication":[],"WebPage":[]},"graphName":"ItemPage","isEnabled":true},"graphs":[]},"schema_type":"default","schema_type_options":null,"pillar_content":false,"robots_default":true,"robots_noindex":false,"robots_noarchive":false,"robots_nosnippet":false,"robots_nofollow":false,"robots_noimageindex":false,"robots_noodp":false,"robots_notranslate":false,"robots_max_snippet":"-1","robots_max_videopreview":"-1","robots_max_imagepreview":"large","priority":null,"frequency":"default","local_seo":null,"seo_analyzer_scan_date":"2026-02-13 03:48:54","breadcrumb_settings":null,"limit_modified_date":false,"reviewed_by":null,"open_ai":null,"ai":{"faqs":[],"keyPoints":[],"titles":[],"descriptions":[],"socialPosts":{"email":[],"linkedin":[],"twitter":[],"facebook":[],"instagram":[]}},"created":"2025-12-11 08:38:39","updated":"2026-02-13 06:50:27"},"aioseo_breadcrumb":"<div class=\"aioseo-breadcrumbs\"><span class=\"aioseo-breadcrumb\">\n\t<a href=\"https:\/\/nrcmachine.com\/de\" title=\"Home\">Home<\/a>\n<\/span><span class=\"aioseo-breadcrumb-separator\">\u00bb<\/span><span class=\"aioseo-breadcrumb\">\n\t<a href=\"https:\/\/nrcmachine.com\/de\/product\/\" title=\"Products\">Products<\/a>\n<\/span><span class=\"aioseo-breadcrumb-separator\">\u00bb<\/span><span class=\"aioseo-breadcrumb\">\n\t<a href=\"https:\/\/nrcmachine.com\/de\/tag\/paper-tube-machine\/\" title=\"paper tube machine\">paper tube machine<\/a>\n<\/span><span class=\"aioseo-breadcrumb-separator\">\u00bb<\/span><span class=\"aioseo-breadcrumb\">\n\tAutomatic CNC Paper Tube Cutting Machine\n<\/span><\/div>","aioseo_breadcrumb_json":[{"label":"Home","link":"https:\/\/nrcmachine.com\/de"},{"label":"Products","link":"https:\/\/nrcmachine.com\/de\/product\/"},{"label":"paper tube machine","link":"https:\/\/nrcmachine.com\/de\/tag\/paper-tube-machine\/"},{"label":"Automatic CNC Paper Tube Cutting Machine","link":"https:\/\/nrcmachine.com\/de\/product\/paper-tube-cutting-machine\/"}],"_links":{"self":[{"href":"https:\/\/nrcmachine.com\/de\/wp-json\/wp\/v2\/product\/1911","targetHints":{"allow":["GET"]}}],"collection":[{"href":"https:\/\/nrcmachine.com\/de\/wp-json\/wp\/v2\/product"}],"about":[{"href":"https:\/\/nrcmachine.com\/de\/wp-json\/wp\/v2\/types\/product"}],"version-history":[{"count":0,"href":"https:\/\/nrcmachine.com\/de\/wp-json\/wp\/v2\/product\/1911\/revisions"}],"wp:featuredmedia":[{"embeddable":true,"href":"https:\/\/nrcmachine.com\/de\/wp-json\/wp\/v2\/media\/1913"}],"wp:attachment":[{"href":"https:\/\/nrcmachine.com\/de\/wp-json\/wp\/v2\/media?parent=1911"}],"wp:term":[{"taxonomy":"post_tag","embeddable":true,"href":"https:\/\/nrcmachine.com\/de\/wp-json\/wp\/v2\/tags?post=1911"},{"taxonomy":"products","embeddable":true,"href":"https:\/\/nrcmachine.com\/de\/wp-json\/wp\/v2\/products?post=1911"}],"curies":[{"name":"wp","href":"https:\/\/api.w.org\/{rel}","templated":true}]}}