 {"id":2000,"date":"2025-11-09T16:46:12","date_gmt":"2025-11-09T08:46:12","guid":{"rendered":"https:\/\/nrcmachine.com\/?post_type=product&#038;p=2000"},"modified":"2026-01-02T10:10:02","modified_gmt":"2026-01-02T02:10:02","slug":"automatic-toilet-paper-roll-making-machine","status":"publish","type":"product","link":"https:\/\/nrcmachine.com\/de\/product\/automatic-toilet-paper-roll-making-machine\/","title":{"rendered":"Automatische Maschine zur Herstellung von Toilettenpapierrollen"},"content":{"rendered":"<h5 style=\"text-align: center;\"><strong>\u2728Entdecke die Magie der <a href=\"https:\/\/nrcmachinery.com\/products\/toilet-paper-machine.html\">Automatische Maschine zur Herstellung von Toilettenpapierrollen<\/a> - Vom Rohstoff zum gebrauchsfertigen Produkt!\u2728<\/strong><\/h5>\n<p>Wenn Sie sich jemals gefragt haben, wie diese perfekt gerollten Toilettenpapiere in Ihrem Badezimmer landen, liegt die Antwort in der unglaublichen <a href=\"https:\/\/nrcmachinery.com\/products\/toilet-paper-machine.html\"><strong>automatische Toilettenpapierrollenmaschine<\/strong><\/a>! Diese fortschrittlichen Maschinen verwandeln gro\u00dfe Jumbo-Rollen in verbraucherfreundliche Toilettenpapierrollen mit Pr\u00e4zision, Geschwindigkeit und Konsistenz. Heute wollen wir einen Blick hinter die Kulissen werfen, um zu sehen, wie diese Magie geschieht - mit besonderem Augenmerk auf drei Schl\u00fcsselphasen: <strong>Schneiden<\/strong>, <strong>Aufwickler<\/strong>, und <strong>Verpackungsmaschine<\/strong>.<\/p>\n<div class=\"ast-oembed-container\" style=\"height: 100%;\"><iframe title=\"Kleine Toilettenpapierherstellungsmaschine Preis\" width=\"500\" height=\"281\" src=\"https:\/\/www.youtube.com\/embed\/P8v7D48-87c?feature=oembed\" frameborder=\"0\" allow=\"accelerometer; autoplay; clipboard-write; encrypted-media; gyroscope; picture-in-picture; web-share\" referrerpolicy=\"strict-origin-when-cross-origin\" allowfullscreen><\/iframe><\/div>\n<h6>\ud83d\udd2a <strong>Schneiden: Pr\u00e4zision in Perfektion<\/strong><\/h6>\n<p>Der Prozess beginnt mit der <strong>Schneiden<\/strong>\u00a0Einheit der Toilettenpapierrollenmaschine. Riesige Mutterrollen werden der Maschine zugef\u00fchrt und pr\u00e4zise in kleinere Rollen mit Standardbreite geschnitten. Rotierende Hochgeschwindigkeitsschneider sorgen f\u00fcr saubere, gleichm\u00e4\u00dfige R\u00e4nder ohne Ausfransen oder Abfall. Dieser Schritt ist entscheidend f\u00fcr eine gleichbleibende Rollengr\u00f6\u00dfe und -qualit\u00e4t - niemand will ein schiefes Toilettenpapier!<\/p>\n<h6>\ud83d\udd04 <strong>Aufwickler: Die perfekte Rolle erstellen<\/strong><\/h6>\n<p>Als n\u00e4chstes kommt die <strong>Aufwickler<\/strong>. Hier werden die geschnittenen Bl\u00e4tter mit hoher Geschwindigkeit auf Papph\u00fclsen aufgewickelt. Der Aufwickler steuert Spannung, Rollendichte und Durchmesser mit intelligenten Sensoren und sorgt daf\u00fcr, dass sich jede Rolle fest und dennoch weich anf\u00fchlt. Es ist erstaunlich, wie dieser Teil der <a href=\"https:\/\/nrcmachine.com\/product\/mini-toilet-paper-making-machine\/\"><strong>Maschine zur Herstellung von Toilettenpapierrollen<\/strong><\/a>\u00a0h\u00e4lt die Balance zwischen Effizienz und Sanftheit - schlie\u00dflich mag niemand eine lockere oder zu harte Rolle!<\/p>\n<h6>\ud83d\udce6 <strong>Verpackungsmaschine: Bereit f\u00fcr den Markt<\/strong><\/h6>\n<p>Schlie\u00dflich gelangen die fertigen Rollen in die <strong>Verpackungsmaschine<\/strong>. Sie werden gez\u00e4hlt, in Kunststoff (oder umweltfreundliche Folie) eingewickelt und zu Paketen verschlossen - 4-Rollen, 6-Rollen oder was immer der Markt verlangt. Moderne Verpackungsmaschinen sind vollautomatisch, was die Produktivit\u00e4t steigert und die Arbeitskosten senkt. Einige verf\u00fcgen sogar \u00fcber Datumsstempel und Barcode-Etiketten zur R\u00fcckverfolgbarkeit.<\/p>\n<p>Von rohen Jumbo-Br\u00f6tchen bis hin zu ordentlich verpackten Haushaltsartikeln - die <a href=\"https:\/\/nrcmachine.com\/product\/mini-toilet-paper-making-machine\/\"><strong>Maschine zur Herstellung von Toilettenpapierrollen<\/strong><\/a>\u00a0ist der unbesungene Held des t\u00e4glichen Komforts. Ob Sie nun ein Hersteller sind oder einfach nur neugierig, wenn Sie die Funktionen von Schneide-, Aufwickel- und Verpackungsmaschinen verstehen, werden Sie die bescheidene Rolle ganz neu sch\u00e4tzen lernen.<\/p>\n<p>\ud83d\udca1 Profi-Tipp: Achten Sie bei der Auswahl einer Maschine zur Herstellung von Toilettenpapierrollen auf eine Maschine mit integrierten Schneide-, Aufwickel- und Verpackungsmodulen - dies gew\u00e4hrleistet einen nahtlosen Arbeitsablauf und eine qualitativ hochwertige Produktion!<\/p>\n<p>#<a href=\"https:\/\/nrcmachine.com\/product\/mini-toilet-paper-making-machine\/\">ToilettenPapierMaschine<\/a> #MFertigungstechnik #Fabrikautomatisierung #PPapierherstellung #SmartMachines<\/p>\n<p>&nbsp;<\/p>","protected":false},"featured_media":2001,"template":"","meta":{"_acf_changed":false,"_monsterinsights_skip_tracking":false,"_monsterinsights_sitenote_active":false,"_monsterinsights_sitenote_note":"","_monsterinsights_sitenote_category":0,"site-sidebar-layout":"default","site-content-layout":"","ast-site-content-layout":"default","site-content-style":"default","site-sidebar-style":"default","ast-global-header-display":"","ast-banner-title-visibility":"","ast-main-header-display":"","ast-hfb-above-header-display":"","ast-hfb-below-header-display":"","ast-hfb-mobile-header-display":"","site-post-title":"","ast-breadcrumbs-content":"","ast-featured-img":"","footer-sml-layout":"","theme-transparent-header-meta":"default","adv-header-id-meta":"","stick-header-meta":"default","header-above-stick-meta":"","header-main-stick-meta":"","header-below-stick-meta":"","astra-migrate-meta-layouts":"set","ast-page-background-enabled":"default","ast-page-background-meta":{"desktop":{"background-color":"var(--ast-global-color-4)","background-image":"","background-repeat":"repeat","background-position":"center center","background-size":"auto","background-attachment":"scroll","background-type":"","background-media":"","overlay-type":"","overlay-color":"","overlay-opacity":"","overlay-gradient":""},"tablet":{"background-color":"","background-image":"","background-repeat":"repeat","background-position":"center center","background-size":"auto","background-attachment":"scroll","background-type":"","background-media":"","overlay-type":"","overlay-color":"","overlay-opacity":"","overlay-gradient":""},"mobile":{"background-color":"","background-image":"","background-repeat":"repeat","background-position":"center center","background-size":"auto","background-attachment":"scroll","background-type":"","background-media":"","overlay-type":"","overlay-color":"","overlay-opacity":"","overlay-gradient":""}},"ast-content-background-meta":{"desktop":{"background-color":"var(--ast-global-color-5)","background-image":"","background-repeat":"repeat","background-position":"center center","background-size":"auto","background-attachment":"scroll","background-type":"","background-media":"","overlay-type":"","overlay-color":"","overlay-opacity":"","overlay-gradient":""},"tablet":{"background-color":"var(--ast-global-color-5)","background-image":"","background-repeat":"repeat","background-position":"center center","background-size":"auto","background-attachment":"scroll","background-type":"","background-media":"","overlay-type":"","overlay-color":"","overlay-opacity":"","overlay-gradient":""},"mobile":{"background-color":"var(--ast-global-color-5)","background-image":"","background-repeat":"repeat","background-position":"center center","background-size":"auto","background-attachment":"scroll","background-type":"","background-media":"","overlay-type":"","overlay-color":"","overlay-opacity":"","overlay-gradient":""}}},"tags":[56],"products":[47],"class_list":["post-2000","product","type-product","status-publish","has-post-thumbnail","hentry","tag-toilet-paper-making-machine","products-toilet-paper-making-machine"],"acf":[],"aioseo_notices":[],"aioseo_head":"\n\t\t<!-- All in One SEO Pro 4.9.2 - aioseo.com -->\n\t<meta name=\"description\" content=\"If you\u2019ve ever wondered how those perfectly rolled toilet papers end up in your bathroom, the answer lies in the automatic toilet paper roll making machine!\" \/>\n\t<meta name=\"robots\" content=\"noodp, max-snippet:-1, max-image-preview:large, max-video-preview:-1\" \/>\n\t<link rel=\"canonical\" href=\"https:\/\/nrcmachine.com\/de\/product\/automatic-toilet-paper-roll-making-machine\/\" \/>\n\t<meta name=\"generator\" content=\"All in One SEO Pro (AIOSEO) 4.9.2\" \/>\n\t\t<meta property=\"og:locale\" content=\"de_DE\" \/>\n\t\t<meta property=\"og:site_name\" content=\"Toilet Paper Machine, Paper Tube Machine | NRC Machine - Reliable Paper Machinery Solutions\" \/>\n\t\t<meta property=\"og:type\" content=\"article\" \/>\n\t\t<meta property=\"og:title\" content=\"Automatic Toilet Paper Roll Making Machine - NRC MACHINE\" \/>\n\t\t<meta property=\"og:description\" content=\"If you\u2019ve ever wondered how those perfectly rolled toilet papers end up in your bathroom, the answer lies in the automatic toilet paper roll making machine!\" \/>\n\t\t<meta property=\"og:url\" content=\"https:\/\/nrcmachine.com\/de\/product\/automatic-toilet-paper-roll-making-machine\/\" \/>\n\t\t<meta property=\"og:image\" content=\"https:\/\/nrcmachine.com\/wp-content\/uploads\/2025\/11\/toilet-paper-making-machine-6.webp\" \/>\n\t\t<meta property=\"og:image:secure_url\" content=\"https:\/\/nrcmachine.com\/wp-content\/uploads\/2025\/11\/toilet-paper-making-machine-6.webp\" \/>\n\t\t<meta property=\"og:image:width\" content=\"800\" \/>\n\t\t<meta property=\"og:image:height\" content=\"800\" \/>\n\t\t<meta property=\"article:published_time\" content=\"2025-11-09T08:46:12+00:00\" \/>\n\t\t<meta property=\"article:modified_time\" content=\"2026-01-02T02:10:02+00:00\" \/>\n\t\t<meta property=\"article:publisher\" content=\"https:\/\/www.facebook.com\/james.gao.349938\" \/>\n\t\t<meta name=\"twitter:card\" content=\"summary\" \/>\n\t\t<meta name=\"twitter:site\" content=\"@JamesGao65335\" \/>\n\t\t<meta name=\"twitter:title\" content=\"Automatic Toilet Paper Roll Making Machine - NRC MACHINE\" \/>\n\t\t<meta name=\"twitter:description\" content=\"If you\u2019ve ever wondered how those perfectly rolled toilet papers end up in your bathroom, the answer lies in the automatic toilet paper roll making machine!\" \/>\n\t\t<meta name=\"twitter:image\" content=\"https:\/\/nrcmachine.com\/wp-content\/uploads\/2025\/11\/toilet-paper-making-machine-6.webp\" \/>\n\t\t<script type=\"application\/ld+json\" class=\"aioseo-schema\">\n\t\t\t{\"@context\":\"https:\\\/\\\/schema.org\",\"@graph\":[{\"@type\":\"BreadcrumbList\",\"@id\":\"https:\\\/\\\/nrcmachine.com\\\/de\\\/product\\\/automatic-toilet-paper-roll-making-machine\\\/#breadcrumblist\",\"itemListElement\":[{\"@type\":\"ListItem\",\"@id\":\"https:\\\/\\\/nrcmachine.com\\\/de#listItem\",\"position\":1,\"name\":\"Home\",\"item\":\"https:\\\/\\\/nrcmachine.com\\\/de\",\"nextItem\":{\"@type\":\"ListItem\",\"@id\":\"https:\\\/\\\/nrcmachine.com\\\/de\\\/product\\\/#listItem\",\"name\":\"Products\"}},{\"@type\":\"ListItem\",\"@id\":\"https:\\\/\\\/nrcmachine.com\\\/de\\\/product\\\/#listItem\",\"position\":2,\"name\":\"Products\",\"item\":\"https:\\\/\\\/nrcmachine.com\\\/de\\\/product\\\/\",\"nextItem\":{\"@type\":\"ListItem\",\"@id\":\"https:\\\/\\\/nrcmachine.com\\\/de\\\/tag\\\/toilet-paper-making-machine\\\/#listItem\",\"name\":\"toilet paper making machine\"},\"previousItem\":{\"@type\":\"ListItem\",\"@id\":\"https:\\\/\\\/nrcmachine.com\\\/de#listItem\",\"name\":\"Home\"}},{\"@type\":\"ListItem\",\"@id\":\"https:\\\/\\\/nrcmachine.com\\\/de\\\/tag\\\/toilet-paper-making-machine\\\/#listItem\",\"position\":3,\"name\":\"toilet paper making machine\",\"item\":\"https:\\\/\\\/nrcmachine.com\\\/de\\\/tag\\\/toilet-paper-making-machine\\\/\",\"nextItem\":{\"@type\":\"ListItem\",\"@id\":\"https:\\\/\\\/nrcmachine.com\\\/de\\\/product\\\/automatic-toilet-paper-roll-making-machine\\\/#listItem\",\"name\":\"Automatic Toilet Paper Roll Making Machine\"},\"previousItem\":{\"@type\":\"ListItem\",\"@id\":\"https:\\\/\\\/nrcmachine.com\\\/de\\\/product\\\/#listItem\",\"name\":\"Products\"}},{\"@type\":\"ListItem\",\"@id\":\"https:\\\/\\\/nrcmachine.com\\\/de\\\/product\\\/automatic-toilet-paper-roll-making-machine\\\/#listItem\",\"position\":4,\"name\":\"Automatic Toilet Paper Roll Making Machine\",\"previousItem\":{\"@type\":\"ListItem\",\"@id\":\"https:\\\/\\\/nrcmachine.com\\\/de\\\/tag\\\/toilet-paper-making-machine\\\/#listItem\",\"name\":\"toilet paper making machine\"}}]},{\"@type\":\"Organization\",\"@id\":\"https:\\\/\\\/nrcmachine.com\\\/de\\\/#organization\",\"name\":\"Toilet Paper Machine, Paper Tube Machine | NRC Machine wordpress\",\"description\":\"Reliable Paper Machinery Solutions\",\"url\":\"https:\\\/\\\/nrcmachine.com\\\/de\\\/\",\"email\":\"james@nrcmachine.com\",\"telephone\":\"+8615254213289\",\"foundingDate\":\"2023-11-01\",\"numberOfEmployees\":{\"@type\":\"QuantitativeValue\",\"minValue\":1,\"maxValue\":50},\"logo\":{\"@type\":\"ImageObject\",\"url\":\"https:\\\/\\\/nrcmachine.com\\\/wp-content\\\/uploads\\\/2026\\\/01\\\/logo23.png\",\"@id\":\"https:\\\/\\\/nrcmachine.com\\\/de\\\/product\\\/automatic-toilet-paper-roll-making-machine\\\/#organizationLogo\",\"width\":800,\"height\":800,\"caption\":\"logo for NRC MACHINE\"},\"image\":{\"@id\":\"https:\\\/\\\/nrcmachine.com\\\/de\\\/product\\\/automatic-toilet-paper-roll-making-machine\\\/#organizationLogo\"},\"sameAs\":[\"https:\\\/\\\/www.facebook.com\\\/james.gao.349938\",\"https:\\\/\\\/x.com\\\/JamesGao65335\",\"https:\\\/\\\/www.instagram.com\\\/jamesgao407?igsh=d2YybzFhMjY0YTl3\",\"https:\\\/\\\/www.tiktok.com\\\/@gyl20210118\",\"https:\\\/\\\/www.linkedin.com\\\/in\\\/--9a63583a9\\\/\"],\"address\":{\"@id\":\"https:\\\/\\\/nrcmachine.com\\\/de\\\/#postaladdress\",\"@type\":\"PostalAddress\",\"streetAddress\":\"No..519,Jiangshan South Road,Huangdao,\",\"postalCode\":\"266500\",\"addressLocality\":\"Qingdao\",\"addressRegion\":\"Shandong Province\",\"addressCountry\":\"CN\"},\"taxID\":\"91370211MAD54P6P85\",\"vatID\":\"91370211MAD54P6P85\"},{\"@type\":\"WebPage\",\"@id\":\"https:\\\/\\\/nrcmachine.com\\\/de\\\/product\\\/automatic-toilet-paper-roll-making-machine\\\/#webpage\",\"url\":\"https:\\\/\\\/nrcmachine.com\\\/de\\\/product\\\/automatic-toilet-paper-roll-making-machine\\\/\",\"name\":\"Automatic Toilet Paper Roll Making Machine - NRC MACHINE\",\"description\":\"If you\\u2019ve ever wondered how those perfectly rolled toilet papers end up in your bathroom, the answer lies in the automatic toilet paper roll making machine!\",\"inLanguage\":\"de-DE\",\"isPartOf\":{\"@id\":\"https:\\\/\\\/nrcmachine.com\\\/de\\\/#website\"},\"breadcrumb\":{\"@id\":\"https:\\\/\\\/nrcmachine.com\\\/de\\\/product\\\/automatic-toilet-paper-roll-making-machine\\\/#breadcrumblist\"},\"image\":{\"@type\":\"ImageObject\",\"url\":\"https:\\\/\\\/nrcmachine.com\\\/wp-content\\\/uploads\\\/2025\\\/11\\\/toilet-paper-making-machine-6.webp\",\"@id\":\"https:\\\/\\\/nrcmachine.com\\\/de\\\/product\\\/automatic-toilet-paper-roll-making-machine\\\/#mainImage\",\"width\":800,\"height\":800,\"caption\":\"automatic toilet paper roll making machine\"},\"primaryImageOfPage\":{\"@id\":\"https:\\\/\\\/nrcmachine.com\\\/de\\\/product\\\/automatic-toilet-paper-roll-making-machine\\\/#mainImage\"},\"datePublished\":\"2025-11-09T16:46:12+08:00\",\"dateModified\":\"2026-01-02T10:10:02+08:00\"},{\"@type\":\"WebSite\",\"@id\":\"https:\\\/\\\/nrcmachine.com\\\/de\\\/#website\",\"url\":\"https:\\\/\\\/nrcmachine.com\\\/de\\\/\",\"name\":\"Toilet Paper Machine, Paper Tube Machine | NRC Machine\",\"alternateName\":\"Qingdao New Richuan Precision Machine Co.,Ltd\",\"description\":\"Reliable Paper Machinery Solutions\",\"inLanguage\":\"de-DE\",\"publisher\":{\"@id\":\"https:\\\/\\\/nrcmachine.com\\\/de\\\/#organization\"}}]}\n\t\t<\/script>\n\t\t<!-- All in One SEO Pro -->\r\n\t\t<title>Automatic Toilet Paper Roll Making Machine - NRC MACHINE<\/title>\n\n","aioseo_head_json":{"title":"Automatische Maschine zur Herstellung von Toilettenpapierrollen - NRC MACHINE","description":"Wenn Sie sich jemals gefragt haben, wie das perfekt gerollte Toilettenpapier in Ihrem Badezimmer landet, liegt die Antwort in der automatischen Toilettenpapierrollenmaschine!","canonical_url":"https:\/\/nrcmachine.com\/de\/product\/automatic-toilet-paper-roll-making-machine\/","robots":"noodp, max-snippet:-1, max-image-preview:large, max-video-preview:-1","keywords":"","webmasterTools":{"miscellaneous":""},"schema":{"@context":"https:\/\/schema.org","@graph":[{"@type":"BreadcrumbList","@id":"https:\/\/nrcmachine.com\/de\/product\/automatic-toilet-paper-roll-making-machine\/#breadcrumblist","itemListElement":[{"@type":"ListItem","@id":"https:\/\/nrcmachine.com\/de#listItem","position":1,"name":"Home","item":"https:\/\/nrcmachine.com\/de","nextItem":{"@type":"ListItem","@id":"https:\/\/nrcmachine.com\/de\/product\/#listItem","name":"Products"}},{"@type":"ListItem","@id":"https:\/\/nrcmachine.com\/de\/product\/#listItem","position":2,"name":"Products","item":"https:\/\/nrcmachine.com\/de\/product\/","nextItem":{"@type":"ListItem","@id":"https:\/\/nrcmachine.com\/de\/tag\/toilet-paper-making-machine\/#listItem","name":"toilet paper making machine"},"previousItem":{"@type":"ListItem","@id":"https:\/\/nrcmachine.com\/de#listItem","name":"Home"}},{"@type":"ListItem","@id":"https:\/\/nrcmachine.com\/de\/tag\/toilet-paper-making-machine\/#listItem","position":3,"name":"toilet paper making machine","item":"https:\/\/nrcmachine.com\/de\/tag\/toilet-paper-making-machine\/","nextItem":{"@type":"ListItem","@id":"https:\/\/nrcmachine.com\/de\/product\/automatic-toilet-paper-roll-making-machine\/#listItem","name":"Automatic Toilet Paper Roll Making Machine"},"previousItem":{"@type":"ListItem","@id":"https:\/\/nrcmachine.com\/de\/product\/#listItem","name":"Products"}},{"@type":"ListItem","@id":"https:\/\/nrcmachine.com\/de\/product\/automatic-toilet-paper-roll-making-machine\/#listItem","position":4,"name":"Automatic Toilet Paper Roll Making Machine","previousItem":{"@type":"ListItem","@id":"https:\/\/nrcmachine.com\/de\/tag\/toilet-paper-making-machine\/#listItem","name":"toilet paper making machine"}}]},{"@type":"Organization","@id":"https:\/\/nrcmachine.com\/de\/#organization","name":"Toilet Paper Machine, Paper Tube Machine | NRC Machine wordpress","description":"Reliable Paper Machinery Solutions","url":"https:\/\/nrcmachine.com\/de\/","email":"james@nrcmachine.com","telephone":"+8615254213289","foundingDate":"2023-11-01","numberOfEmployees":{"@type":"QuantitativeValue","minValue":1,"maxValue":50},"logo":{"@type":"ImageObject","url":"https:\/\/nrcmachine.com\/wp-content\/uploads\/2026\/01\/logo23.png","@id":"https:\/\/nrcmachine.com\/de\/product\/automatic-toilet-paper-roll-making-machine\/#organizationLogo","width":800,"height":800,"caption":"logo for NRC MACHINE"},"image":{"@id":"https:\/\/nrcmachine.com\/de\/product\/automatic-toilet-paper-roll-making-machine\/#organizationLogo"},"sameAs":["https:\/\/www.facebook.com\/james.gao.349938","https:\/\/x.com\/JamesGao65335","https:\/\/www.instagram.com\/jamesgao407?igsh=d2YybzFhMjY0YTl3","https:\/\/www.tiktok.com\/@gyl20210118","https:\/\/www.linkedin.com\/in\/--9a63583a9\/"],"address":{"@id":"https:\/\/nrcmachine.com\/de\/#postaladdress","@type":"PostalAddress","streetAddress":"No..519,Jiangshan South Road,Huangdao,","postalCode":"266500","addressLocality":"Qingdao","addressRegion":"Shandong Province","addressCountry":"CN"},"taxID":"91370211MAD54P6P85","vatID":"91370211MAD54P6P85"},{"@type":"WebPage","@id":"https:\/\/nrcmachine.com\/de\/product\/automatic-toilet-paper-roll-making-machine\/#webpage","url":"https:\/\/nrcmachine.com\/de\/product\/automatic-toilet-paper-roll-making-machine\/","name":"Automatic Toilet Paper Roll Making Machine - NRC MACHINE","description":"If you\u2019ve ever wondered how those perfectly rolled toilet papers end up in your bathroom, the answer lies in the automatic toilet paper roll making machine!","inLanguage":"de-DE","isPartOf":{"@id":"https:\/\/nrcmachine.com\/de\/#website"},"breadcrumb":{"@id":"https:\/\/nrcmachine.com\/de\/product\/automatic-toilet-paper-roll-making-machine\/#breadcrumblist"},"image":{"@type":"ImageObject","url":"https:\/\/nrcmachine.com\/wp-content\/uploads\/2025\/11\/toilet-paper-making-machine-6.webp","@id":"https:\/\/nrcmachine.com\/de\/product\/automatic-toilet-paper-roll-making-machine\/#mainImage","width":800,"height":800,"caption":"automatic toilet paper roll making machine"},"primaryImageOfPage":{"@id":"https:\/\/nrcmachine.com\/de\/product\/automatic-toilet-paper-roll-making-machine\/#mainImage"},"datePublished":"2025-11-09T16:46:12+08:00","dateModified":"2026-01-02T10:10:02+08:00"},{"@type":"WebSite","@id":"https:\/\/nrcmachine.com\/de\/#website","url":"https:\/\/nrcmachine.com\/de\/","name":"Toilet Paper Machine, Paper Tube Machine | NRC Machine","alternateName":"Qingdao New Richuan Precision Machine Co.,Ltd","description":"Reliable Paper Machinery Solutions","inLanguage":"de-DE","publisher":{"@id":"https:\/\/nrcmachine.com\/de\/#organization"}}]},"og:locale":"de_DE","og:site_name":"Toilet Paper Machine, Paper Tube Machine | NRC Machine - Reliable Paper Machinery Solutions","og:type":"article","og:title":"Automatic Toilet Paper Roll Making Machine - NRC MACHINE","og:description":"If you\u2019ve ever wondered how those perfectly rolled toilet papers end up in your bathroom, the answer lies in the automatic toilet paper roll making machine!","og:url":"https:\/\/nrcmachine.com\/de\/product\/automatic-toilet-paper-roll-making-machine\/","og:image":"https:\/\/nrcmachine.com\/wp-content\/uploads\/2025\/11\/toilet-paper-making-machine-6.webp","og:image:secure_url":"https:\/\/nrcmachine.com\/wp-content\/uploads\/2025\/11\/toilet-paper-making-machine-6.webp","og:image:width":800,"og:image:height":800,"article:published_time":"2025-11-09T08:46:12+00:00","article:modified_time":"2026-01-02T02:10:02+00:00","article:publisher":"https:\/\/www.facebook.com\/james.gao.349938","twitter:card":"summary","twitter:site":"@JamesGao65335","twitter:title":"Automatic Toilet Paper Roll Making Machine - NRC MACHINE","twitter:description":"If you\u2019ve ever wondered how those perfectly rolled toilet papers end up in your bathroom, the answer lies in the automatic toilet paper roll making machine!","twitter:image":"https:\/\/nrcmachine.com\/wp-content\/uploads\/2025\/11\/toilet-paper-making-machine-6.webp"},"aioseo_meta_data":{"post_id":"2000","title":"#post_title #separator_sa NRC MACHINE","description":"Wenn Sie sich jemals gefragt haben, wie das perfekt gerollte Toilettenpapier in Ihrem Badezimmer landet, liegt die Antwort in der automatischen Toilettenpapierrollenmaschine!","keywords":null,"keyphrases":{"focus":{"keyphrase":"paper roll making machine","score":100,"analysis":{"keyphraseInTitle":{"score":9,"maxScore":9,"error":0},"keyphraseInDescription":{"score":9,"maxScore":9,"error":0},"keyphraseLength":{"score":9,"maxScore":9,"error":0,"length":4},"keyphraseInURL":{"score":5,"maxScore":5,"error":0},"keyphraseInIntroduction":{"score":9,"maxScore":9,"error":0},"keyphraseInSubHeadings":[],"keyphraseInImageAlt":[],"keywordDensity":{"type":"best","score":9,"maxScore":9,"error":0}}},"additional":[]},"primary_term":null,"canonical_url":null,"og_title":null,"og_description":null,"og_object_type":"default","og_image_type":"default","og_image_url":null,"og_image_width":null,"og_image_height":null,"og_image_custom_url":null,"og_image_custom_fields":null,"og_video":"","og_custom_url":null,"og_article_section":null,"og_article_tags":null,"twitter_use_og":false,"twitter_card":"default","twitter_image_type":"default","twitter_image_url":null,"twitter_image_custom_url":null,"twitter_image_custom_fields":null,"twitter_title":null,"twitter_description":null,"schema":{"blockGraphs":[],"customGraphs":[],"default":{"data":{"Article":[],"Course":[],"Dataset":[],"FAQPage":[],"Movie":[],"Person":[],"Product":[],"ProductReview":[],"Car":[],"Recipe":[],"Service":[],"SoftwareApplication":[],"WebPage":[]},"graphName":"ItemPage","isEnabled":true},"graphs":[]},"schema_type":"default","schema_type_options":null,"pillar_content":false,"robots_default":true,"robots_noindex":false,"robots_noarchive":false,"robots_nosnippet":false,"robots_nofollow":false,"robots_noimageindex":false,"robots_noodp":false,"robots_notranslate":false,"robots_max_snippet":"-1","robots_max_videopreview":"-1","robots_max_imagepreview":"large","priority":null,"frequency":"default","local_seo":null,"seo_analyzer_scan_date":"2026-02-13 03:42:13","breadcrumb_settings":null,"limit_modified_date":false,"reviewed_by":null,"open_ai":null,"ai":{"faqs":[],"keyPoints":[],"titles":[],"descriptions":[],"socialPosts":{"email":[],"linkedin":[],"twitter":[],"facebook":[],"instagram":[]}},"created":"2025-12-11 08:39:32","updated":"2026-02-13 06:51:59"},"aioseo_breadcrumb":"<div class=\"aioseo-breadcrumbs\"><span class=\"aioseo-breadcrumb\">\n\t<a href=\"https:\/\/nrcmachine.com\/de\" title=\"Home\">Home<\/a>\n<\/span><span class=\"aioseo-breadcrumb-separator\">\u00bb<\/span><span class=\"aioseo-breadcrumb\">\n\t<a href=\"https:\/\/nrcmachine.com\/de\/product\/\" title=\"Products\">Products<\/a>\n<\/span><span class=\"aioseo-breadcrumb-separator\">\u00bb<\/span><span class=\"aioseo-breadcrumb\">\n\t<a href=\"https:\/\/nrcmachine.com\/de\/tag\/toilet-paper-making-machine\/\" title=\"toilet paper making machine\">toilet paper making machine<\/a>\n<\/span><span class=\"aioseo-breadcrumb-separator\">\u00bb<\/span><span class=\"aioseo-breadcrumb\">\n\tAutomatic Toilet Paper Roll Making Machine\n<\/span><\/div>","aioseo_breadcrumb_json":[{"label":"Home","link":"https:\/\/nrcmachine.com\/de"},{"label":"Products","link":"https:\/\/nrcmachine.com\/de\/product\/"},{"label":"toilet paper making machine","link":"https:\/\/nrcmachine.com\/de\/tag\/toilet-paper-making-machine\/"},{"label":"Automatic Toilet Paper Roll Making Machine","link":"https:\/\/nrcmachine.com\/de\/product\/automatic-toilet-paper-roll-making-machine\/"}],"_links":{"self":[{"href":"https:\/\/nrcmachine.com\/de\/wp-json\/wp\/v2\/product\/2000","targetHints":{"allow":["GET"]}}],"collection":[{"href":"https:\/\/nrcmachine.com\/de\/wp-json\/wp\/v2\/product"}],"about":[{"href":"https:\/\/nrcmachine.com\/de\/wp-json\/wp\/v2\/types\/product"}],"version-history":[{"count":0,"href":"https:\/\/nrcmachine.com\/de\/wp-json\/wp\/v2\/product\/2000\/revisions"}],"wp:featuredmedia":[{"embeddable":true,"href":"https:\/\/nrcmachine.com\/de\/wp-json\/wp\/v2\/media\/2001"}],"wp:attachment":[{"href":"https:\/\/nrcmachine.com\/de\/wp-json\/wp\/v2\/media?parent=2000"}],"wp:term":[{"taxonomy":"post_tag","embeddable":true,"href":"https:\/\/nrcmachine.com\/de\/wp-json\/wp\/v2\/tags?post=2000"},{"taxonomy":"products","embeddable":true,"href":"https:\/\/nrcmachine.com\/de\/wp-json\/wp\/v2\/products?post=2000"}],"curies":[{"name":"wp","href":"https:\/\/api.w.org\/{rel}","templated":true}]}}