 {"id":2316,"date":"2025-11-27T14:02:27","date_gmt":"2025-11-27T06:02:27","guid":{"rendered":"https:\/\/nrcmachine.com\/?post_type=product&#038;p=2316"},"modified":"2025-12-31T04:51:18","modified_gmt":"2025-12-30T20:51:18","slug":"paper-production-machinery","status":"publish","type":"product","link":"https:\/\/nrcmachine.com\/de\/product\/paper-production-machinery\/","title":{"rendered":"Papierherstellungsmaschinen f\u00fcr Toilettenpapier"},"content":{"rendered":"<h5 style=\"text-align: center;\"><strong>Automatisch <a href=\"https:\/\/nrcmachine.com\">Maschinen f\u00fcr die Papierherstellung<\/a> f\u00fcr die Herstellung von Toilettenpapierrollen<\/strong><\/h5>\n<h6><strong>Einf\u00fchrung<\/strong><\/h6>\n<p>Die automatische <a href=\"https:\/\/nrcmachine.com\">Maschinen zur Papierherstellung<\/a> f\u00fcr Toilettenpapierrollen integriert die Prozesse Aufrollen, Schneiden und Verpacken, um eine effiziente, gleichm\u00e4\u00dfige Produktion zu erreichen. Sie ersetzt manuelle Arbeitsg\u00e4nge und gew\u00e4hrleistet Hygiene und hohe Produktionsmengen.<\/p>\n<div class=\"ast-oembed-container\" style=\"height: 100%;\"><iframe title=\"K\u00fcchenhandtuch-Aufwickelmaschine\" width=\"500\" height=\"281\" src=\"https:\/\/www.youtube.com\/embed\/8d-cUwVZQRs?feature=oembed\" frameborder=\"0\" allow=\"accelerometer; autoplay; clipboard-write; encrypted-media; gyroscope; picture-in-picture; web-share\" referrerpolicy=\"strict-origin-when-cross-origin\" allowfullscreen><\/iframe><\/div>\n<h6><strong>Abschnitt Aufwickler<\/strong><\/h6>\n<p>Der Aufwickler nimmt Jumbo-Toilettenpapierrollen aus vorgelagerten Prozessen auf. Gef\u00fchrt von Sensoren wickelt er das Papier gleichm\u00e4\u00dfig ab und passt die Spannung automatisch an, um ein Rei\u00dfen oder Falten zu verhindern. Nach dem Aufwickeln wird das Papier auf Papph\u00fclsen gewickelt, wodurch Zwischenrollen mit pr\u00e4ziser Durchmessersteuerung entstehen.<\/p>\n<h6><strong>Abschnitt Cutter<\/strong><\/h6>\n<p>In diesem Bereich werden die aufgewickelten Rollen in einzelne Toilettenpapiereinheiten geschnitten. Ein Hochgeschwindigkeits-Rotationsschneider schneidet die Rollen anhand der voreingestellten L\u00e4ngen. Pr\u00e4zise Ausrichtmechanismen sorgen f\u00fcr einen gleichm\u00e4\u00dfigen Schnitt, w\u00e4hrend ein F\u00f6rdersystem die geschnittenen Rollen ohne Verformung zur n\u00e4chsten Stufe bef\u00f6rdert.<\/p>\n<h6><strong>Abschnitt Verpackung<\/strong><\/h6>\n<p>Verpackungsmaschinen umh\u00fcllen jede Rolle mit bedruckter Folie oder Papier. Sie verf\u00fcgen \u00fcber eine automatische Zuf\u00fchrung des Verpackungsmaterials, Hei\u00dfsiegelung f\u00fcr einen sicheren Verschluss und Chargenz\u00e4hlung. Einige Modelle sind mit Etikettiermaschinen ausgestattet, die Chargennummern und Verfallsdaten aufdrucken.<\/p>\n<h6><strong>Abschluss<\/strong><\/h6>\n<p>Diese automatisierte <a href=\"https:\/\/nrcmachinery.com\">Maschinen zur Papierherstellung<\/a> Linie steigert die Produktionseffizienz, senkt die Arbeitskosten und erh\u00e4lt die Produktkonsistenz. Fortschrittliche Steuerungssysteme erm\u00f6glichen eine einfache Anpassung der Parameter und erf\u00fcllen die unterschiedlichen Marktanforderungen an Toilettenpapier.<\/p>\n<h6><strong>Technischer Parameter<\/strong><\/h6>\n<table>\n<tbody>\n<tr>\n<td width=\"223\">Modell<\/td>\n<td width=\"417\">1880mm ~2100mm<\/td>\n<\/tr>\n<tr>\n<td width=\"223\">Anwendbares Rohpapier<\/td>\n<td width=\"417\">2-3 Lagen 14~23g\/\u33a1Holzschliffpapier<\/td>\n<\/tr>\n<tr>\n<td width=\"223\">Fertigprodukt<\/td>\n<td width=\"417\">Toilettenpapier mit Kern \/ ohne Kern<\/td>\n<\/tr>\n<tr>\n<td width=\"223\">Rohpapierbreite<\/td>\n<td width=\"417\">Maximal 2100mm<\/td>\n<\/tr>\n<tr>\n<td width=\"223\">Rohpapierdurchmesser<\/td>\n<td width=\"417\">Maximal 2100mm<\/td>\n<\/tr>\n<tr>\n<td width=\"223\">Fertige Gr\u00f6\u00dfe<\/td>\n<td width=\"417\">\u03a660~130 mm<\/td>\n<\/tr>\n<tr>\n<td width=\"223\">Fertiger Kerndurchmesser<\/td>\n<td width=\"417\">\u03a635mm-\u03a650mm<\/td>\n<\/tr>\n<tr>\n<td width=\"223\">Rohpapierkern-Durchmesser<\/td>\n<td width=\"417\">3\u201d(76,2 mm)<\/td>\n<\/tr>\n<tr>\n<td width=\"223\">Z\u00e4hnung<\/td>\n<td width=\"417\">Spiralperforationsmesser, Kettenradpositionierung<\/p>\n<p>&nbsp;<\/td>\n<\/tr>\n<tr>\n<td width=\"223\">Produktionsgeschwindigkeit<\/td>\n<td width=\"417\">200 m\/min<\/td>\n<\/tr>\n<tr>\n<td width=\"223\">Leistung<\/td>\n<td width=\"417\">12kw<\/td>\n<\/tr>\n<tr>\n<td width=\"223\">\u00a0Parameterdesign<\/td>\n<td width=\"417\">LCD-Touchscreen<\/td>\n<\/tr>\n<tr>\n<td width=\"223\">Kontrolle<\/td>\n<td width=\"417\">PLC<\/td>\n<\/tr>\n<tr>\n<td width=\"223\">\u00a0Papierzufuhr<\/td>\n<td width=\"417\">\u00a03 Abwickelst\u00e4nder, pneumatisch gesteuert<\/td>\n<\/tr>\n<tr>\n<td width=\"223\">\u00a0Luftdruck<\/td>\n<td width=\"417\">0,5 Mps<\/td>\n<\/tr>\n<tr>\n<td width=\"223\">Leistung<\/td>\n<td width=\"417\">380V,50hz<\/td>\n<\/tr>\n<\/tbody>\n<\/table>","protected":false},"featured_media":3427,"template":"","meta":{"_acf_changed":false,"_monsterinsights_skip_tracking":false,"_monsterinsights_sitenote_active":false,"_monsterinsights_sitenote_note":"","_monsterinsights_sitenote_category":0,"site-sidebar-layout":"default","site-content-layout":"","ast-site-content-layout":"default","site-content-style":"default","site-sidebar-style":"default","ast-global-header-display":"","ast-banner-title-visibility":"","ast-main-header-display":"","ast-hfb-above-header-display":"","ast-hfb-below-header-display":"","ast-hfb-mobile-header-display":"","site-post-title":"","ast-breadcrumbs-content":"","ast-featured-img":"","footer-sml-layout":"","theme-transparent-header-meta":"default","adv-header-id-meta":"","stick-header-meta":"default","header-above-stick-meta":"","header-main-stick-meta":"","header-below-stick-meta":"","astra-migrate-meta-layouts":"set","ast-page-background-enabled":"default","ast-page-background-meta":{"desktop":{"background-color":"var(--ast-global-color-4)","background-image":"","background-repeat":"repeat","background-position":"center center","background-size":"auto","background-attachment":"scroll","background-type":"","background-media":"","overlay-type":"","overlay-color":"","overlay-opacity":"","overlay-gradient":""},"tablet":{"background-color":"","background-image":"","background-repeat":"repeat","background-position":"center center","background-size":"auto","background-attachment":"scroll","background-type":"","background-media":"","overlay-type":"","overlay-color":"","overlay-opacity":"","overlay-gradient":""},"mobile":{"background-color":"","background-image":"","background-repeat":"repeat","background-position":"center center","background-size":"auto","background-attachment":"scroll","background-type":"","background-media":"","overlay-type":"","overlay-color":"","overlay-opacity":"","overlay-gradient":""}},"ast-content-background-meta":{"desktop":{"background-color":"var(--ast-global-color-5)","background-image":"","background-repeat":"repeat","background-position":"center center","background-size":"auto","background-attachment":"scroll","background-type":"","background-media":"","overlay-type":"","overlay-color":"","overlay-opacity":"","overlay-gradient":""},"tablet":{"background-color":"var(--ast-global-color-5)","background-image":"","background-repeat":"repeat","background-position":"center center","background-size":"auto","background-attachment":"scroll","background-type":"","background-media":"","overlay-type":"","overlay-color":"","overlay-opacity":"","overlay-gradient":""},"mobile":{"background-color":"var(--ast-global-color-5)","background-image":"","background-repeat":"repeat","background-position":"center center","background-size":"auto","background-attachment":"scroll","background-type":"","background-media":"","overlay-type":"","overlay-color":"","overlay-opacity":"","overlay-gradient":""}}},"tags":[56],"products":[47],"class_list":["post-2316","product","type-product","status-publish","has-post-thumbnail","hentry","tag-toilet-paper-making-machine","products-toilet-paper-making-machine"],"acf":[],"aioseo_notices":[],"aioseo_head":"\n\t\t<!-- All in One SEO Pro 4.9.2 - aioseo.com -->\n\t<meta name=\"description\" content=\"The automatic paper production machinery for toilet paper rolls integrates rewinding, cutting, and packaging processes to achieve efficient, consistent output.\" \/>\n\t<meta name=\"robots\" content=\"noodp, max-snippet:-1, max-image-preview:large, max-video-preview:-1\" \/>\n\t<link rel=\"canonical\" href=\"https:\/\/nrcmachine.com\/de\/product\/paper-production-machinery\/\" \/>\n\t<meta name=\"generator\" content=\"All in One SEO Pro (AIOSEO) 4.9.2\" \/>\n\t\t<meta property=\"og:locale\" content=\"de_DE\" \/>\n\t\t<meta property=\"og:site_name\" content=\"Toilet Paper Machine, Paper Tube Machine | NRC Machine - Reliable Paper Machinery Solutions\" \/>\n\t\t<meta property=\"og:type\" content=\"article\" \/>\n\t\t<meta property=\"og:title\" content=\"Paper Production Machinery For Toilet Paper - NRC MACHINE\" \/>\n\t\t<meta property=\"og:description\" content=\"The automatic paper production machinery for toilet paper rolls integrates rewinding, cutting, and packaging processes to achieve efficient, consistent output.\" \/>\n\t\t<meta property=\"og:url\" content=\"https:\/\/nrcmachine.com\/de\/product\/paper-production-machinery\/\" \/>\n\t\t<meta property=\"og:image\" content=\"https:\/\/nrcmachine.com\/wp-content\/uploads\/2025\/11\/paper-production-machinery.webp\" \/>\n\t\t<meta property=\"og:image:secure_url\" content=\"https:\/\/nrcmachine.com\/wp-content\/uploads\/2025\/11\/paper-production-machinery.webp\" \/>\n\t\t<meta property=\"og:image:width\" content=\"800\" \/>\n\t\t<meta property=\"og:image:height\" content=\"800\" \/>\n\t\t<meta property=\"article:published_time\" content=\"2025-11-27T06:02:27+00:00\" \/>\n\t\t<meta property=\"article:modified_time\" content=\"2025-12-30T20:51:18+00:00\" \/>\n\t\t<meta property=\"article:publisher\" content=\"https:\/\/www.facebook.com\/james.gao.349938\" \/>\n\t\t<meta name=\"twitter:card\" content=\"summary\" \/>\n\t\t<meta name=\"twitter:site\" content=\"@JamesGao65335\" \/>\n\t\t<meta name=\"twitter:title\" content=\"Paper Production Machinery For Toilet Paper - NRC MACHINE\" \/>\n\t\t<meta name=\"twitter:description\" content=\"The automatic paper production machinery for toilet paper rolls integrates rewinding, cutting, and packaging processes to achieve efficient, consistent output.\" \/>\n\t\t<meta name=\"twitter:image\" content=\"https:\/\/nrcmachine.com\/wp-content\/uploads\/2025\/11\/paper-production-machinery.webp\" \/>\n\t\t<script type=\"application\/ld+json\" class=\"aioseo-schema\">\n\t\t\t{\"@context\":\"https:\\\/\\\/schema.org\",\"@graph\":[{\"@type\":\"BreadcrumbList\",\"@id\":\"https:\\\/\\\/nrcmachine.com\\\/de\\\/product\\\/paper-production-machinery\\\/#breadcrumblist\",\"itemListElement\":[{\"@type\":\"ListItem\",\"@id\":\"https:\\\/\\\/nrcmachine.com\\\/de#listItem\",\"position\":1,\"name\":\"Home\",\"item\":\"https:\\\/\\\/nrcmachine.com\\\/de\",\"nextItem\":{\"@type\":\"ListItem\",\"@id\":\"https:\\\/\\\/nrcmachine.com\\\/de\\\/product\\\/#listItem\",\"name\":\"Products\"}},{\"@type\":\"ListItem\",\"@id\":\"https:\\\/\\\/nrcmachine.com\\\/de\\\/product\\\/#listItem\",\"position\":2,\"name\":\"Products\",\"item\":\"https:\\\/\\\/nrcmachine.com\\\/de\\\/product\\\/\",\"nextItem\":{\"@type\":\"ListItem\",\"@id\":\"https:\\\/\\\/nrcmachine.com\\\/de\\\/tag\\\/toilet-paper-making-machine\\\/#listItem\",\"name\":\"toilet paper making machine\"},\"previousItem\":{\"@type\":\"ListItem\",\"@id\":\"https:\\\/\\\/nrcmachine.com\\\/de#listItem\",\"name\":\"Home\"}},{\"@type\":\"ListItem\",\"@id\":\"https:\\\/\\\/nrcmachine.com\\\/de\\\/tag\\\/toilet-paper-making-machine\\\/#listItem\",\"position\":3,\"name\":\"toilet paper making machine\",\"item\":\"https:\\\/\\\/nrcmachine.com\\\/de\\\/tag\\\/toilet-paper-making-machine\\\/\",\"nextItem\":{\"@type\":\"ListItem\",\"@id\":\"https:\\\/\\\/nrcmachine.com\\\/de\\\/product\\\/paper-production-machinery\\\/#listItem\",\"name\":\"Paper Production Machinery For Toilet Paper\"},\"previousItem\":{\"@type\":\"ListItem\",\"@id\":\"https:\\\/\\\/nrcmachine.com\\\/de\\\/product\\\/#listItem\",\"name\":\"Products\"}},{\"@type\":\"ListItem\",\"@id\":\"https:\\\/\\\/nrcmachine.com\\\/de\\\/product\\\/paper-production-machinery\\\/#listItem\",\"position\":4,\"name\":\"Paper Production Machinery For Toilet Paper\",\"previousItem\":{\"@type\":\"ListItem\",\"@id\":\"https:\\\/\\\/nrcmachine.com\\\/de\\\/tag\\\/toilet-paper-making-machine\\\/#listItem\",\"name\":\"toilet paper making machine\"}}]},{\"@type\":\"Organization\",\"@id\":\"https:\\\/\\\/nrcmachine.com\\\/de\\\/#organization\",\"name\":\"Toilet Paper Machine, Paper Tube Machine | NRC Machine wordpress\",\"description\":\"Reliable Paper Machinery Solutions\",\"url\":\"https:\\\/\\\/nrcmachine.com\\\/de\\\/\",\"email\":\"james@nrcmachine.com\",\"telephone\":\"+8615254213289\",\"foundingDate\":\"2023-11-01\",\"numberOfEmployees\":{\"@type\":\"QuantitativeValue\",\"minValue\":1,\"maxValue\":50},\"logo\":{\"@type\":\"ImageObject\",\"url\":\"https:\\\/\\\/nrcmachine.com\\\/wp-content\\\/uploads\\\/2026\\\/01\\\/logo23.png\",\"@id\":\"https:\\\/\\\/nrcmachine.com\\\/de\\\/product\\\/paper-production-machinery\\\/#organizationLogo\",\"width\":800,\"height\":800,\"caption\":\"logo for NRC MACHINE\"},\"image\":{\"@id\":\"https:\\\/\\\/nrcmachine.com\\\/de\\\/product\\\/paper-production-machinery\\\/#organizationLogo\"},\"sameAs\":[\"https:\\\/\\\/www.facebook.com\\\/james.gao.349938\",\"https:\\\/\\\/x.com\\\/JamesGao65335\",\"https:\\\/\\\/www.instagram.com\\\/jamesgao407?igsh=d2YybzFhMjY0YTl3\",\"https:\\\/\\\/www.tiktok.com\\\/@gyl20210118\",\"https:\\\/\\\/www.linkedin.com\\\/in\\\/--9a63583a9\\\/\"],\"address\":{\"@id\":\"https:\\\/\\\/nrcmachine.com\\\/de\\\/#postaladdress\",\"@type\":\"PostalAddress\",\"streetAddress\":\"No..519,Jiangshan South Road,Huangdao,\",\"postalCode\":\"266500\",\"addressLocality\":\"Qingdao\",\"addressRegion\":\"Shandong Province\",\"addressCountry\":\"CN\"},\"taxID\":\"91370211MAD54P6P85\",\"vatID\":\"91370211MAD54P6P85\"},{\"@type\":\"WebPage\",\"@id\":\"https:\\\/\\\/nrcmachine.com\\\/de\\\/product\\\/paper-production-machinery\\\/#webpage\",\"url\":\"https:\\\/\\\/nrcmachine.com\\\/de\\\/product\\\/paper-production-machinery\\\/\",\"name\":\"Paper Production Machinery For Toilet Paper - NRC MACHINE\",\"description\":\"The automatic paper production machinery for toilet paper rolls integrates rewinding, cutting, and packaging processes to achieve efficient, consistent output.\",\"inLanguage\":\"de-DE\",\"isPartOf\":{\"@id\":\"https:\\\/\\\/nrcmachine.com\\\/de\\\/#website\"},\"breadcrumb\":{\"@id\":\"https:\\\/\\\/nrcmachine.com\\\/de\\\/product\\\/paper-production-machinery\\\/#breadcrumblist\"},\"image\":{\"@type\":\"ImageObject\",\"url\":\"https:\\\/\\\/nrcmachine.com\\\/wp-content\\\/uploads\\\/2025\\\/11\\\/paper-production-machinery.webp\",\"@id\":\"https:\\\/\\\/nrcmachine.com\\\/de\\\/product\\\/paper-production-machinery\\\/#mainImage\",\"width\":800,\"height\":800,\"caption\":\"paper production machinery for toilet paper\"},\"primaryImageOfPage\":{\"@id\":\"https:\\\/\\\/nrcmachine.com\\\/de\\\/product\\\/paper-production-machinery\\\/#mainImage\"},\"datePublished\":\"2025-11-27T14:02:27+08:00\",\"dateModified\":\"2025-12-31T04:51:18+08:00\"},{\"@type\":\"WebSite\",\"@id\":\"https:\\\/\\\/nrcmachine.com\\\/de\\\/#website\",\"url\":\"https:\\\/\\\/nrcmachine.com\\\/de\\\/\",\"name\":\"Toilet Paper Machine, Paper Tube Machine | NRC Machine\",\"alternateName\":\"Qingdao New Richuan Precision Machine Co.,Ltd\",\"description\":\"Reliable Paper Machinery Solutions\",\"inLanguage\":\"de-DE\",\"publisher\":{\"@id\":\"https:\\\/\\\/nrcmachine.com\\\/de\\\/#organization\"}}]}\n\t\t<\/script>\n\t\t<!-- All in One SEO Pro -->\r\n\t\t<title>Paper Production Machinery For Toilet Paper - NRC MACHINE<\/title>\n\n","aioseo_head_json":{"title":"Papierherstellungsmaschinen f\u00fcr Toilettenpapier - NRC MACHINE","description":"Die automatische Papierproduktionsanlage f\u00fcr Toilettenpapierrollen integriert die Prozesse Aufwickeln, Schneiden und Verpacken, um eine effiziente und gleichm\u00e4\u00dfige Produktion zu erreichen.","canonical_url":"https:\/\/nrcmachine.com\/de\/product\/paper-production-machinery\/","robots":"noodp, max-snippet:-1, max-image-preview:large, max-video-preview:-1","keywords":"","webmasterTools":{"miscellaneous":""},"schema":{"@context":"https:\/\/schema.org","@graph":[{"@type":"BreadcrumbList","@id":"https:\/\/nrcmachine.com\/de\/product\/paper-production-machinery\/#breadcrumblist","itemListElement":[{"@type":"ListItem","@id":"https:\/\/nrcmachine.com\/de#listItem","position":1,"name":"Home","item":"https:\/\/nrcmachine.com\/de","nextItem":{"@type":"ListItem","@id":"https:\/\/nrcmachine.com\/de\/product\/#listItem","name":"Products"}},{"@type":"ListItem","@id":"https:\/\/nrcmachine.com\/de\/product\/#listItem","position":2,"name":"Products","item":"https:\/\/nrcmachine.com\/de\/product\/","nextItem":{"@type":"ListItem","@id":"https:\/\/nrcmachine.com\/de\/tag\/toilet-paper-making-machine\/#listItem","name":"toilet paper making machine"},"previousItem":{"@type":"ListItem","@id":"https:\/\/nrcmachine.com\/de#listItem","name":"Home"}},{"@type":"ListItem","@id":"https:\/\/nrcmachine.com\/de\/tag\/toilet-paper-making-machine\/#listItem","position":3,"name":"toilet paper making machine","item":"https:\/\/nrcmachine.com\/de\/tag\/toilet-paper-making-machine\/","nextItem":{"@type":"ListItem","@id":"https:\/\/nrcmachine.com\/de\/product\/paper-production-machinery\/#listItem","name":"Paper Production Machinery For Toilet Paper"},"previousItem":{"@type":"ListItem","@id":"https:\/\/nrcmachine.com\/de\/product\/#listItem","name":"Products"}},{"@type":"ListItem","@id":"https:\/\/nrcmachine.com\/de\/product\/paper-production-machinery\/#listItem","position":4,"name":"Paper Production Machinery For Toilet Paper","previousItem":{"@type":"ListItem","@id":"https:\/\/nrcmachine.com\/de\/tag\/toilet-paper-making-machine\/#listItem","name":"toilet paper making machine"}}]},{"@type":"Organization","@id":"https:\/\/nrcmachine.com\/de\/#organization","name":"Toilet Paper Machine, Paper Tube Machine | NRC Machine wordpress","description":"Reliable Paper Machinery Solutions","url":"https:\/\/nrcmachine.com\/de\/","email":"james@nrcmachine.com","telephone":"+8615254213289","foundingDate":"2023-11-01","numberOfEmployees":{"@type":"QuantitativeValue","minValue":1,"maxValue":50},"logo":{"@type":"ImageObject","url":"https:\/\/nrcmachine.com\/wp-content\/uploads\/2026\/01\/logo23.png","@id":"https:\/\/nrcmachine.com\/de\/product\/paper-production-machinery\/#organizationLogo","width":800,"height":800,"caption":"logo for NRC MACHINE"},"image":{"@id":"https:\/\/nrcmachine.com\/de\/product\/paper-production-machinery\/#organizationLogo"},"sameAs":["https:\/\/www.facebook.com\/james.gao.349938","https:\/\/x.com\/JamesGao65335","https:\/\/www.instagram.com\/jamesgao407?igsh=d2YybzFhMjY0YTl3","https:\/\/www.tiktok.com\/@gyl20210118","https:\/\/www.linkedin.com\/in\/--9a63583a9\/"],"address":{"@id":"https:\/\/nrcmachine.com\/de\/#postaladdress","@type":"PostalAddress","streetAddress":"No..519,Jiangshan South Road,Huangdao,","postalCode":"266500","addressLocality":"Qingdao","addressRegion":"Shandong Province","addressCountry":"CN"},"taxID":"91370211MAD54P6P85","vatID":"91370211MAD54P6P85"},{"@type":"WebPage","@id":"https:\/\/nrcmachine.com\/de\/product\/paper-production-machinery\/#webpage","url":"https:\/\/nrcmachine.com\/de\/product\/paper-production-machinery\/","name":"Paper Production Machinery For Toilet Paper - NRC MACHINE","description":"The automatic paper production machinery for toilet paper rolls integrates rewinding, cutting, and packaging processes to achieve efficient, consistent output.","inLanguage":"de-DE","isPartOf":{"@id":"https:\/\/nrcmachine.com\/de\/#website"},"breadcrumb":{"@id":"https:\/\/nrcmachine.com\/de\/product\/paper-production-machinery\/#breadcrumblist"},"image":{"@type":"ImageObject","url":"https:\/\/nrcmachine.com\/wp-content\/uploads\/2025\/11\/paper-production-machinery.webp","@id":"https:\/\/nrcmachine.com\/de\/product\/paper-production-machinery\/#mainImage","width":800,"height":800,"caption":"paper production machinery for toilet paper"},"primaryImageOfPage":{"@id":"https:\/\/nrcmachine.com\/de\/product\/paper-production-machinery\/#mainImage"},"datePublished":"2025-11-27T14:02:27+08:00","dateModified":"2025-12-31T04:51:18+08:00"},{"@type":"WebSite","@id":"https:\/\/nrcmachine.com\/de\/#website","url":"https:\/\/nrcmachine.com\/de\/","name":"Toilet Paper Machine, Paper Tube Machine | NRC Machine","alternateName":"Qingdao New Richuan Precision Machine Co.,Ltd","description":"Reliable Paper Machinery Solutions","inLanguage":"de-DE","publisher":{"@id":"https:\/\/nrcmachine.com\/de\/#organization"}}]},"og:locale":"de_DE","og:site_name":"Toilet Paper Machine, Paper Tube Machine | NRC Machine - Reliable Paper Machinery Solutions","og:type":"article","og:title":"Paper Production Machinery For Toilet Paper - NRC MACHINE","og:description":"The automatic paper production machinery for toilet paper rolls integrates rewinding, cutting, and packaging processes to achieve efficient, consistent output.","og:url":"https:\/\/nrcmachine.com\/de\/product\/paper-production-machinery\/","og:image":"https:\/\/nrcmachine.com\/wp-content\/uploads\/2025\/11\/paper-production-machinery.webp","og:image:secure_url":"https:\/\/nrcmachine.com\/wp-content\/uploads\/2025\/11\/paper-production-machinery.webp","og:image:width":800,"og:image:height":800,"article:published_time":"2025-11-27T06:02:27+00:00","article:modified_time":"2025-12-30T20:51:18+00:00","article:publisher":"https:\/\/www.facebook.com\/james.gao.349938","twitter:card":"summary","twitter:site":"@JamesGao65335","twitter:title":"Paper Production Machinery For Toilet Paper - NRC MACHINE","twitter:description":"The automatic paper production machinery for toilet paper rolls integrates rewinding, cutting, and packaging processes to achieve efficient, consistent output.","twitter:image":"https:\/\/nrcmachine.com\/wp-content\/uploads\/2025\/11\/paper-production-machinery.webp"},"aioseo_meta_data":{"post_id":"2316","title":"#post_title #separator_sa NRC MACHINE","description":"Die automatische Papierproduktionsanlage f\u00fcr Toilettenpapierrollen integriert die Prozesse Aufwickeln, Schneiden und Verpacken, um eine effiziente und gleichm\u00e4\u00dfige Produktion zu erreichen.","keywords":null,"keyphrases":{"focus":{"keyphrase":"paper production machinery","score":100,"analysis":{"keyphraseInTitle":{"score":9,"maxScore":9,"error":0},"keyphraseInDescription":{"score":9,"maxScore":9,"error":0},"keyphraseLength":{"score":9,"maxScore":9,"error":0,"length":3},"keyphraseInURL":{"score":5,"maxScore":5,"error":0},"keyphraseInIntroduction":{"score":9,"maxScore":9,"error":0},"keyphraseInSubHeadings":[],"keyphraseInImageAlt":[],"keywordDensity":{"type":"best","score":9,"maxScore":9,"error":0}}},"additional":[]},"primary_term":null,"canonical_url":null,"og_title":null,"og_description":null,"og_object_type":"default","og_image_type":"default","og_image_url":null,"og_image_width":null,"og_image_height":null,"og_image_custom_url":null,"og_image_custom_fields":null,"og_video":"","og_custom_url":null,"og_article_section":null,"og_article_tags":null,"twitter_use_og":false,"twitter_card":"default","twitter_image_type":"default","twitter_image_url":null,"twitter_image_custom_url":null,"twitter_image_custom_fields":null,"twitter_title":null,"twitter_description":null,"schema":{"blockGraphs":[],"customGraphs":[],"default":{"data":{"Article":[],"Course":[],"Dataset":[],"FAQPage":[],"Movie":[],"Person":[],"Product":[],"ProductReview":[],"Car":[],"Recipe":[],"Service":[],"SoftwareApplication":[],"WebPage":[]},"graphName":"ItemPage","isEnabled":true},"graphs":[]},"schema_type":"default","schema_type_options":null,"pillar_content":false,"robots_default":true,"robots_noindex":false,"robots_noarchive":false,"robots_nosnippet":false,"robots_nofollow":false,"robots_noimageindex":false,"robots_noodp":false,"robots_notranslate":false,"robots_max_snippet":"-1","robots_max_videopreview":"-1","robots_max_imagepreview":"large","priority":null,"frequency":"default","local_seo":null,"seo_analyzer_scan_date":"2026-02-13 03:16:22","breadcrumb_settings":null,"limit_modified_date":false,"reviewed_by":null,"open_ai":null,"ai":{"faqs":[],"keyPoints":[],"titles":[],"descriptions":[],"socialPosts":{"email":[],"linkedin":[],"twitter":[],"facebook":[],"instagram":[]}},"created":"2025-12-11 08:41:59","updated":"2026-02-13 06:54:11"},"aioseo_breadcrumb":"<div class=\"aioseo-breadcrumbs\"><span class=\"aioseo-breadcrumb\">\n\t<a href=\"https:\/\/nrcmachine.com\/de\" title=\"Home\">Home<\/a>\n<\/span><span class=\"aioseo-breadcrumb-separator\">\u00bb<\/span><span class=\"aioseo-breadcrumb\">\n\t<a href=\"https:\/\/nrcmachine.com\/de\/product\/\" title=\"Products\">Products<\/a>\n<\/span><span class=\"aioseo-breadcrumb-separator\">\u00bb<\/span><span class=\"aioseo-breadcrumb\">\n\t<a href=\"https:\/\/nrcmachine.com\/de\/tag\/toilet-paper-making-machine\/\" title=\"toilet paper making machine\">toilet paper making machine<\/a>\n<\/span><span class=\"aioseo-breadcrumb-separator\">\u00bb<\/span><span class=\"aioseo-breadcrumb\">\n\tPaper Production Machinery For Toilet Paper\n<\/span><\/div>","aioseo_breadcrumb_json":[{"label":"Home","link":"https:\/\/nrcmachine.com\/de"},{"label":"Products","link":"https:\/\/nrcmachine.com\/de\/product\/"},{"label":"toilet paper making machine","link":"https:\/\/nrcmachine.com\/de\/tag\/toilet-paper-making-machine\/"},{"label":"Paper Production Machinery For Toilet Paper","link":"https:\/\/nrcmachine.com\/de\/product\/paper-production-machinery\/"}],"_links":{"self":[{"href":"https:\/\/nrcmachine.com\/de\/wp-json\/wp\/v2\/product\/2316","targetHints":{"allow":["GET"]}}],"collection":[{"href":"https:\/\/nrcmachine.com\/de\/wp-json\/wp\/v2\/product"}],"about":[{"href":"https:\/\/nrcmachine.com\/de\/wp-json\/wp\/v2\/types\/product"}],"version-history":[{"count":0,"href":"https:\/\/nrcmachine.com\/de\/wp-json\/wp\/v2\/product\/2316\/revisions"}],"wp:featuredmedia":[{"embeddable":true,"href":"https:\/\/nrcmachine.com\/de\/wp-json\/wp\/v2\/media\/3427"}],"wp:attachment":[{"href":"https:\/\/nrcmachine.com\/de\/wp-json\/wp\/v2\/media?parent=2316"}],"wp:term":[{"taxonomy":"post_tag","embeddable":true,"href":"https:\/\/nrcmachine.com\/de\/wp-json\/wp\/v2\/tags?post=2316"},{"taxonomy":"products","embeddable":true,"href":"https:\/\/nrcmachine.com\/de\/wp-json\/wp\/v2\/products?post=2316"}],"curies":[{"name":"wp","href":"https:\/\/api.w.org\/{rel}","templated":true}]}}