 {"id":1958,"date":"2025-11-09T08:39:17","date_gmt":"2025-11-09T00:39:17","guid":{"rendered":"https:\/\/nrcmachine.com\/?page_id=1958"},"modified":"2026-04-11T15:14:54","modified_gmt":"2026-04-11T07:14:54","slug":"video","status":"publish","type":"page","link":"https:\/\/nrcmachine.com\/es\/video\/","title":{"rendered":"Video"},"content":{"rendered":"<div style=\"max-width: 1100px; margin: 40px auto; padding: 0 20px;\">\n<h1 style=\"font-size: 28px; margin-bottom: 20px;\">Introduct About NRC MACHINE | Video<\/h1>\n<div style=\"position: relative; padding-bottom: 56.25%; height: 0; overflow: hidden;\"><iframe style=\"position: absolute; top: 0; left: 0; width: 100%; height: 100%;\" src=\"https:\/\/www.youtube.com\/embed\/t2kARWp8mGE?si=MURmTOqKFtU3LVQI\" frameborder=\"0\" allowfullscreen=\"allowfullscreen\"><\/iframe><\/div>\n<div style=\"margin-top: 30px; font-size: 16px; line-height: 1.7;\">\n<p>This video shows the machine structure, working test and details from <a href=\"https:\/\/nrcmachine.com\">NRC MACHINE<\/a>.<\/p>\n<p>Contact us for more models and best price.<\/p>\n<\/div>\n<\/div>","protected":false},"excerpt":{"rendered":"<p>Introduct About NRC MACHINE | Video This video shows the machine structure, working test and details from NRC MACHINE. Contact us for more models and best price.<\/p>","protected":false},"author":1,"featured_media":0,"parent":0,"menu_order":0,"comment_status":"closed","ping_status":"closed","template":"","meta":{"_acf_changed":false,"_monsterinsights_skip_tracking":false,"_monsterinsights_sitenote_active":false,"_monsterinsights_sitenote_note":"","_monsterinsights_sitenote_category":0,"site-sidebar-layout":"no-sidebar","site-content-layout":"page-builder","ast-site-content-layout":"full-width-container","site-content-style":"default","site-sidebar-style":"default","ast-global-header-display":"","ast-banner-title-visibility":"","ast-main-header-display":"","ast-hfb-above-header-display":"","ast-hfb-below-header-display":"","ast-hfb-mobile-header-display":"","site-post-title":"disabled","ast-breadcrumbs-content":"","ast-featured-img":"disabled","footer-sml-layout":"","theme-transparent-header-meta":"default","adv-header-id-meta":"","stick-header-meta":"default","header-above-stick-meta":"","header-main-stick-meta":"","header-below-stick-meta":"","astra-migrate-meta-layouts":"set","ast-page-background-enabled":"default","ast-page-background-meta":{"desktop":{"background-color":"var(--ast-global-color-4)","background-image":"","background-repeat":"repeat","background-position":"center center","background-size":"auto","background-attachment":"scroll","background-type":"","background-media":"","overlay-type":"","overlay-color":"","overlay-opacity":"","overlay-gradient":""},"tablet":{"background-color":"","background-image":"","background-repeat":"repeat","background-position":"center center","background-size":"auto","background-attachment":"scroll","background-type":"","background-media":"","overlay-type":"","overlay-color":"","overlay-opacity":"","overlay-gradient":""},"mobile":{"background-color":"","background-image":"","background-repeat":"repeat","background-position":"center center","background-size":"auto","background-attachment":"scroll","background-type":"","background-media":"","overlay-type":"","overlay-color":"","overlay-opacity":"","overlay-gradient":""}},"ast-content-background-meta":{"desktop":{"background-color":"var(--ast-global-color-5)","background-image":"","background-repeat":"repeat","background-position":"center center","background-size":"auto","background-attachment":"scroll","background-type":"","background-media":"","overlay-type":"","overlay-color":"","overlay-opacity":"","overlay-gradient":""},"tablet":{"background-color":"var(--ast-global-color-5)","background-image":"","background-repeat":"repeat","background-position":"center center","background-size":"auto","background-attachment":"scroll","background-type":"","background-media":"","overlay-type":"","overlay-color":"","overlay-opacity":"","overlay-gradient":""},"mobile":{"background-color":"var(--ast-global-color-5)","background-image":"","background-repeat":"repeat","background-position":"center center","background-size":"auto","background-attachment":"scroll","background-type":"","background-media":"","overlay-type":"","overlay-color":"","overlay-opacity":"","overlay-gradient":""}},"footnotes":""},"class_list":["post-1958","page","type-page","status-publish","hentry"],"acf":[],"aioseo_notices":[],"aioseo_head":"\n\t\t<!-- All in One SEO Pro 4.9.2 - aioseo.com -->\n\t<meta name=\"description\" content=\"Paper Tube Making Machine,Toilet Paper Making Machine,Paper Tube Cutting Machine,A4 Paper Ream Making Machine,Paper Slitting Rewinding Machine\" \/>\n\t<meta name=\"robots\" content=\"noodp, max-snippet:-1, max-image-preview:large, max-video-preview:-1\" \/>\n\t<link rel=\"canonical\" href=\"https:\/\/nrcmachine.com\/es\/video\/\" \/>\n\t<meta name=\"generator\" content=\"All in One SEO Pro (AIOSEO) 4.9.2\" \/>\n\t\t<meta property=\"og:locale\" content=\"es_ES\" \/>\n\t\t<meta property=\"og:site_name\" content=\"Toilet Paper Machine, Paper Tube Machine | NRC Machine - Reliable Paper Machinery Solutions\" \/>\n\t\t<meta property=\"og:type\" content=\"article\" \/>\n\t\t<meta property=\"og:title\" content=\"Video - Qingdao New Richuan Precision Machine Co.,Ltd\" \/>\n\t\t<meta property=\"og:description\" content=\"Paper Tube Making Machine,Toilet Paper Making Machine,Paper Tube Cutting Machine,A4 Paper Ream Making Machine,Paper Slitting Rewinding Machine\" \/>\n\t\t<meta property=\"og:url\" content=\"https:\/\/nrcmachine.com\/es\/video\/\" \/>\n\t\t<meta property=\"og:image\" content=\"https:\/\/nrcmachine.com\/wp-content\/uploads\/2025\/10\/logo.webp\" \/>\n\t\t<meta property=\"og:image:secure_url\" content=\"https:\/\/nrcmachine.com\/wp-content\/uploads\/2025\/10\/logo.webp\" \/>\n\t\t<meta property=\"article:published_time\" content=\"2025-11-09T00:39:17+00:00\" \/>\n\t\t<meta property=\"article:modified_time\" content=\"2026-04-11T07:14:54+00:00\" \/>\n\t\t<meta property=\"article:publisher\" content=\"https:\/\/www.facebook.com\/james.gao.349938\" \/>\n\t\t<meta name=\"twitter:card\" content=\"summary\" \/>\n\t\t<meta name=\"twitter:site\" content=\"@JamesGao65335\" \/>\n\t\t<meta name=\"twitter:title\" content=\"Video - Qingdao New Richuan Precision Machine Co.,Ltd\" \/>\n\t\t<meta name=\"twitter:description\" content=\"Paper Tube Making Machine,Toilet Paper Making Machine,Paper Tube Cutting Machine,A4 Paper Ream Making Machine,Paper Slitting Rewinding Machine\" \/>\n\t\t<meta name=\"twitter:creator\" content=\"@JamesGao65335\" \/>\n\t\t<meta name=\"twitter:image\" content=\"https:\/\/nrcmachine.com\/wp-content\/uploads\/2025\/10\/logo.webp\" \/>\n\t\t<script type=\"application\/ld+json\" class=\"aioseo-schema\">\n\t\t\t{\"@context\":\"https:\\\/\\\/schema.org\",\"@graph\":[{\"@type\":\"BreadcrumbList\",\"@id\":\"https:\\\/\\\/nrcmachine.com\\\/es\\\/video\\\/#breadcrumblist\",\"itemListElement\":[{\"@type\":\"ListItem\",\"@id\":\"https:\\\/\\\/nrcmachine.com\\\/es#listItem\",\"position\":1,\"name\":\"Home\",\"item\":\"https:\\\/\\\/nrcmachine.com\\\/es\",\"nextItem\":{\"@type\":\"ListItem\",\"@id\":\"https:\\\/\\\/nrcmachine.com\\\/es\\\/video\\\/#listItem\",\"name\":\"Video\"}},{\"@type\":\"ListItem\",\"@id\":\"https:\\\/\\\/nrcmachine.com\\\/es\\\/video\\\/#listItem\",\"position\":2,\"name\":\"Video\",\"previousItem\":{\"@type\":\"ListItem\",\"@id\":\"https:\\\/\\\/nrcmachine.com\\\/es#listItem\",\"name\":\"Home\"}}]},{\"@type\":\"Organization\",\"@id\":\"https:\\\/\\\/nrcmachine.com\\\/es\\\/#organization\",\"name\":\"Toilet Paper Machine, Paper Tube Machine | NRC Machine wordpress\",\"description\":\"Reliable Paper Machinery Solutions\",\"url\":\"https:\\\/\\\/nrcmachine.com\\\/es\\\/\",\"email\":\"james@nrcmachine.com\",\"telephone\":\"+8615254213289\",\"foundingDate\":\"2023-11-01\",\"numberOfEmployees\":{\"@type\":\"QuantitativeValue\",\"minValue\":1,\"maxValue\":50},\"logo\":{\"@type\":\"ImageObject\",\"url\":\"https:\\\/\\\/nrcmachine.com\\\/wp-content\\\/uploads\\\/2026\\\/01\\\/logo23.png\",\"@id\":\"https:\\\/\\\/nrcmachine.com\\\/es\\\/video\\\/#organizationLogo\",\"width\":800,\"height\":800,\"caption\":\"logo for NRC MACHINE\"},\"image\":{\"@id\":\"https:\\\/\\\/nrcmachine.com\\\/es\\\/video\\\/#organizationLogo\"},\"sameAs\":[\"https:\\\/\\\/www.facebook.com\\\/james.gao.349938\",\"https:\\\/\\\/x.com\\\/JamesGao65335\",\"https:\\\/\\\/www.instagram.com\\\/jamesgao407?igsh=d2YybzFhMjY0YTl3\",\"https:\\\/\\\/www.tiktok.com\\\/@gyl20210118\",\"https:\\\/\\\/www.linkedin.com\\\/in\\\/--9a63583a9\\\/\"],\"address\":{\"@id\":\"https:\\\/\\\/nrcmachine.com\\\/es\\\/#postaladdress\",\"@type\":\"PostalAddress\",\"streetAddress\":\"No..519,Jiangshan South Road,Huangdao,\",\"postalCode\":\"266500\",\"addressLocality\":\"Qingdao\",\"addressRegion\":\"Shandong Province\",\"addressCountry\":\"CN\"},\"taxID\":\"91370211MAD54P6P85\",\"vatID\":\"91370211MAD54P6P85\"},{\"@type\":\"VideoObject\",\"@id\":\"https:\\\/\\\/nrcmachine.com\\\/es\\\/video\\\/#aioseo-video-mntr5srn\",\"name\":\"Video - Introduction the factory of NRC MACHINE\",\"description\":\"Introduction the factory of NRC MACHINE\",\"contentUrl\":\"https:\\\/\\\/youtu.be\\\/t2kARWp8mGE\",\"embedUrl\":\"https:\\\/\\\/www.youtube.com\\\/embed\\\/t2kARWp8mGE?si=HZEyXVlqQE1dWXpb\",\"thumbnailUrl\":\"https:\\\/\\\/nrcmachine.com\\\/wp-content\\\/uploads\\\/2026\\\/04\\\/slitting-rewinding-for-automatic-roll-converting-machine.webp\",\"uploadDate\":\"2026-04-11T00:00:00+08:00\",\"isFamilyFriendly\":\"https:\\\/\\\/schema.org\\\/True\"},{\"@type\":\"WebPage\",\"@id\":\"https:\\\/\\\/nrcmachine.com\\\/es\\\/video\\\/#webpage\",\"url\":\"https:\\\/\\\/nrcmachine.com\\\/es\\\/video\\\/\",\"name\":\"Video - Qingdao New Richuan Precision Machine Co.,Ltd\",\"description\":\"Paper Tube Making Machine,Toilet Paper Making Machine,Paper Tube Cutting Machine,A4 Paper Ream Making Machine,Paper Slitting Rewinding Machine\",\"inLanguage\":\"es-ES\",\"isPartOf\":{\"@id\":\"https:\\\/\\\/nrcmachine.com\\\/es\\\/#website\"},\"breadcrumb\":{\"@id\":\"https:\\\/\\\/nrcmachine.com\\\/es\\\/video\\\/#breadcrumblist\"},\"datePublished\":\"2025-11-09T08:39:17+08:00\",\"dateModified\":\"2026-04-11T15:14:54+08:00\"},{\"@type\":\"WebSite\",\"@id\":\"https:\\\/\\\/nrcmachine.com\\\/es\\\/#website\",\"url\":\"https:\\\/\\\/nrcmachine.com\\\/es\\\/\",\"name\":\"Toilet Paper Machine, Paper Tube Machine | NRC Machine\",\"alternateName\":\"Qingdao New Richuan Precision Machine Co.,Ltd\",\"description\":\"Reliable Paper Machinery Solutions\",\"inLanguage\":\"es-ES\",\"publisher\":{\"@id\":\"https:\\\/\\\/nrcmachine.com\\\/es\\\/#organization\"}}]}\n\t\t<\/script>\n\t\t<!-- All in One SEO Pro -->\r\n\t\t<title>Video - Qingdao New Richuan Precision Machine Co.,Ltd<\/title>\n\n","aioseo_head_json":{"title":"V\u00eddeo - Qingdao New Richuan Precision Machine Co.,Ltd","description":"M\u00e1quina de fabricaci\u00f3n de tubos de papel,M\u00e1quina de fabricaci\u00f3n de papel higi\u00e9nico,M\u00e1quina cortadora de tubos de papel,M\u00e1quina de fabricaci\u00f3n de resmas de papel A4,M\u00e1quina cortadora rebobinadora de papel","canonical_url":"https:\/\/nrcmachine.com\/es\/video\/","robots":"noodp, max-snippet:-1, max-image-preview:large, max-video-preview:-1","keywords":"","webmasterTools":{"miscellaneous":""},"schema":{"@context":"https:\/\/schema.org","@graph":[{"@type":"BreadcrumbList","@id":"https:\/\/nrcmachine.com\/es\/video\/#breadcrumblist","itemListElement":[{"@type":"ListItem","@id":"https:\/\/nrcmachine.com\/es#listItem","position":1,"name":"Home","item":"https:\/\/nrcmachine.com\/es","nextItem":{"@type":"ListItem","@id":"https:\/\/nrcmachine.com\/es\/video\/#listItem","name":"Video"}},{"@type":"ListItem","@id":"https:\/\/nrcmachine.com\/es\/video\/#listItem","position":2,"name":"Video","previousItem":{"@type":"ListItem","@id":"https:\/\/nrcmachine.com\/es#listItem","name":"Home"}}]},{"@type":"Organization","@id":"https:\/\/nrcmachine.com\/es\/#organization","name":"Toilet Paper Machine, Paper Tube Machine | NRC Machine wordpress","description":"Reliable Paper Machinery Solutions","url":"https:\/\/nrcmachine.com\/es\/","email":"james@nrcmachine.com","telephone":"+8615254213289","foundingDate":"2023-11-01","numberOfEmployees":{"@type":"QuantitativeValue","minValue":1,"maxValue":50},"logo":{"@type":"ImageObject","url":"https:\/\/nrcmachine.com\/wp-content\/uploads\/2026\/01\/logo23.png","@id":"https:\/\/nrcmachine.com\/es\/video\/#organizationLogo","width":800,"height":800,"caption":"logo for NRC MACHINE"},"image":{"@id":"https:\/\/nrcmachine.com\/es\/video\/#organizationLogo"},"sameAs":["https:\/\/www.facebook.com\/james.gao.349938","https:\/\/x.com\/JamesGao65335","https:\/\/www.instagram.com\/jamesgao407?igsh=d2YybzFhMjY0YTl3","https:\/\/www.tiktok.com\/@gyl20210118","https:\/\/www.linkedin.com\/in\/--9a63583a9\/"],"address":{"@id":"https:\/\/nrcmachine.com\/es\/#postaladdress","@type":"PostalAddress","streetAddress":"No..519,Jiangshan South Road,Huangdao,","postalCode":"266500","addressLocality":"Qingdao","addressRegion":"Shandong Province","addressCountry":"CN"},"taxID":"91370211MAD54P6P85","vatID":"91370211MAD54P6P85"},{"@type":"VideoObject","@id":"https:\/\/nrcmachine.com\/es\/video\/#aioseo-video-mntr5srn","name":"Video - Introduction the factory of NRC MACHINE","description":"Introduction the factory of NRC MACHINE","contentUrl":"https:\/\/youtu.be\/t2kARWp8mGE","embedUrl":"https:\/\/www.youtube.com\/embed\/t2kARWp8mGE?si=HZEyXVlqQE1dWXpb","thumbnailUrl":"https:\/\/nrcmachine.com\/wp-content\/uploads\/2026\/04\/slitting-rewinding-for-automatic-roll-converting-machine.webp","uploadDate":"2026-04-11T00:00:00+08:00","isFamilyFriendly":"https:\/\/schema.org\/True"},{"@type":"WebPage","@id":"https:\/\/nrcmachine.com\/es\/video\/#webpage","url":"https:\/\/nrcmachine.com\/es\/video\/","name":"Video - Qingdao New Richuan Precision Machine Co.,Ltd","description":"Paper Tube Making Machine,Toilet Paper Making Machine,Paper Tube Cutting Machine,A4 Paper Ream Making Machine,Paper Slitting Rewinding Machine","inLanguage":"es-ES","isPartOf":{"@id":"https:\/\/nrcmachine.com\/es\/#website"},"breadcrumb":{"@id":"https:\/\/nrcmachine.com\/es\/video\/#breadcrumblist"},"datePublished":"2025-11-09T08:39:17+08:00","dateModified":"2026-04-11T15:14:54+08:00"},{"@type":"WebSite","@id":"https:\/\/nrcmachine.com\/es\/#website","url":"https:\/\/nrcmachine.com\/es\/","name":"Toilet Paper Machine, Paper Tube Machine | NRC Machine","alternateName":"Qingdao New Richuan Precision Machine Co.,Ltd","description":"Reliable Paper Machinery Solutions","inLanguage":"es-ES","publisher":{"@id":"https:\/\/nrcmachine.com\/es\/#organization"}}]},"og:locale":"es_ES","og:site_name":"Toilet Paper Machine, Paper Tube Machine | NRC Machine - Reliable Paper Machinery Solutions","og:type":"article","og:title":"Video - Qingdao New Richuan Precision Machine Co.,Ltd","og:description":"Paper Tube Making Machine,Toilet Paper Making Machine,Paper Tube Cutting Machine,A4 Paper Ream Making Machine,Paper Slitting Rewinding Machine","og:url":"https:\/\/nrcmachine.com\/es\/video\/","og:image":"https:\/\/nrcmachine.com\/wp-content\/uploads\/2025\/10\/logo.webp","og:image:secure_url":"https:\/\/nrcmachine.com\/wp-content\/uploads\/2025\/10\/logo.webp","article:published_time":"2025-11-09T00:39:17+00:00","article:modified_time":"2026-04-11T07:14:54+00:00","article:publisher":"https:\/\/www.facebook.com\/james.gao.349938","twitter:card":"summary","twitter:site":"@JamesGao65335","twitter:title":"Video - Qingdao New Richuan Precision Machine Co.,Ltd","twitter:description":"Paper Tube Making Machine,Toilet Paper Making Machine,Paper Tube Cutting Machine,A4 Paper Ream Making Machine,Paper Slitting Rewinding Machine","twitter:creator":"@JamesGao65335","twitter:image":"https:\/\/nrcmachine.com\/wp-content\/uploads\/2025\/10\/logo.webp"},"aioseo_meta_data":{"post_id":"1958","title":"#post_title #separator_sa Qingdao New Richuan Precision Machine Co.,Ltd","description":"M\u00e1quina de fabricaci\u00f3n de tubos de papel,M\u00e1quina de fabricaci\u00f3n de papel higi\u00e9nico,M\u00e1quina cortadora de tubos de papel,M\u00e1quina de fabricaci\u00f3n de resmas de papel A4,M\u00e1quina cortadora rebobinadora de papel","keywords":null,"keyphrases":{"focus":{"keyphrase":"Machine","score":82,"analysis":{"keyphraseInTitle":{"score":9,"maxScore":9,"error":0},"keyphraseInDescription":{"score":9,"maxScore":9,"error":0},"keyphraseLength":{"score":9,"maxScore":9,"error":0,"length":1},"keyphraseInURL":{"score":5,"maxScore":5,"error":0},"keyphraseInIntroduction":{"score":9,"maxScore":9,"error":0},"keyphraseInSubHeadings":[],"keyphraseInImageAlt":[],"keywordDensity":{"type":"high","score":0,"maxScore":9,"error":1}}},"additional":[]},"primary_term":null,"canonical_url":null,"og_title":null,"og_description":null,"og_object_type":"default","og_image_type":"default","og_image_url":null,"og_image_width":null,"og_image_height":null,"og_image_custom_url":null,"og_image_custom_fields":null,"og_video":"","og_custom_url":null,"og_article_section":null,"og_article_tags":null,"twitter_use_og":false,"twitter_card":"default","twitter_image_type":"default","twitter_image_url":null,"twitter_image_custom_url":null,"twitter_image_custom_fields":null,"twitter_title":null,"twitter_description":null,"schema":{"blockGraphs":[],"customGraphs":[],"default":{"data":{"Article":[],"Course":[],"Dataset":[],"FAQPage":[],"Movie":[],"Person":[],"Product":[],"ProductReview":[],"Car":[],"Recipe":[],"Service":[],"SoftwareApplication":[],"WebPage":[]},"graphName":"WebPage","isEnabled":false},"graphs":[{"id":"#aioseo-video-mntr5srn","slug":"video","graphName":"Video","label":"Video","properties":{"name":"Video #separator_sa Introduction the factory of NRC MACHINE","description":"Introduction the factory of NRC MACHINE","uploadDate":"04\/11\/2026","contentUrl":"https:\/\/youtu.be\/t2kARWp8mGE","embedUrl":"https:\/\/www.youtube.com\/embed\/t2kARWp8mGE?si=HZEyXVlqQE1dWXpb","thumbnailUrl":"https:\/\/nrcmachine.com\/wp-content\/uploads\/2026\/04\/slitting-rewinding-for-automatic-roll-converting-machine.webp","duration":"","familyFriendly":true},"value":"video"}]},"schema_type":"default","schema_type_options":null,"pillar_content":false,"robots_default":true,"robots_noindex":false,"robots_noarchive":false,"robots_nosnippet":false,"robots_nofollow":false,"robots_noimageindex":false,"robots_noodp":false,"robots_notranslate":false,"robots_max_snippet":"-1","robots_max_videopreview":"-1","robots_max_imagepreview":"large","priority":null,"frequency":"default","local_seo":null,"seo_analyzer_scan_date":"2026-04-11 07:26:25","breadcrumb_settings":null,"limit_modified_date":false,"reviewed_by":"0","open_ai":null,"ai":{"faqs":[],"keyPoints":[],"titles":[],"descriptions":[],"socialPosts":{"email":[],"linkedin":[],"twitter":[],"facebook":[],"instagram":[]}},"created":"2025-12-11 08:32:58","updated":"2026-04-12 02:36:22"},"aioseo_breadcrumb":"<div class=\"aioseo-breadcrumbs\"><span class=\"aioseo-breadcrumb\">\n\t<a href=\"https:\/\/nrcmachine.com\/es\" title=\"Home\">Home<\/a>\n<\/span><span class=\"aioseo-breadcrumb-separator\">\u00bb<\/span><span class=\"aioseo-breadcrumb\">\n\tVideo\n<\/span><\/div>","aioseo_breadcrumb_json":[{"label":"Home","link":"https:\/\/nrcmachine.com\/es"},{"label":"Video","link":"https:\/\/nrcmachine.com\/es\/video\/"}],"_links":{"self":[{"href":"https:\/\/nrcmachine.com\/es\/wp-json\/wp\/v2\/pages\/1958","targetHints":{"allow":["GET"]}}],"collection":[{"href":"https:\/\/nrcmachine.com\/es\/wp-json\/wp\/v2\/pages"}],"about":[{"href":"https:\/\/nrcmachine.com\/es\/wp-json\/wp\/v2\/types\/page"}],"author":[{"embeddable":true,"href":"https:\/\/nrcmachine.com\/es\/wp-json\/wp\/v2\/users\/1"}],"replies":[{"embeddable":true,"href":"https:\/\/nrcmachine.com\/es\/wp-json\/wp\/v2\/comments?post=1958"}],"version-history":[{"count":14,"href":"https:\/\/nrcmachine.com\/es\/wp-json\/wp\/v2\/pages\/1958\/revisions"}],"predecessor-version":[{"id":7159,"href":"https:\/\/nrcmachine.com\/es\/wp-json\/wp\/v2\/pages\/1958\/revisions\/7159"}],"wp:attachment":[{"href":"https:\/\/nrcmachine.com\/es\/wp-json\/wp\/v2\/media?parent=1958"}],"curies":[{"name":"wp","href":"https:\/\/api.w.org\/{rel}","templated":true}]}}