 {"id":1911,"date":"2025-11-07T13:29:35","date_gmt":"2025-11-07T05:29:35","guid":{"rendered":"https:\/\/nrcmachine.com\/?post_type=product&#038;p=1911"},"modified":"2026-01-02T12:29:09","modified_gmt":"2026-01-02T04:29:09","slug":"paper-tube-cutting-machine","status":"publish","type":"product","link":"https:\/\/nrcmachine.com\/es\/product\/paper-tube-cutting-machine\/","title":{"rendered":"M\u00e1quina cortadora de tubos de papel CNC autom\u00e1tica"},"content":{"rendered":"<h4><strong>CNC autom\u00e1tico <a href=\"https:\/\/nrcmachine.com\/es\/products\/paper-tube-cutting-machine\/\">M\u00e1quina cortadora de tubos de papel<\/a>: Precisi\u00f3n y eficacia redefinidas \ud83c\udf1f<\/strong><\/h4>\n<p>Hoy estoy encantada de presentarles el <a href=\"https:\/\/nrcmachine.com\/es\/products\/paper-tube-cutting-machine\/\"><strong>M\u00e1quina cortadora de tubos de papel CNC autom\u00e1tica<\/strong><\/a>,una m\u00e1quina revolucionaria para el procesado de tubos de papel. Tanto si se dedica al envasado como a las artes o la fabricaci\u00f3n, esta m\u00e1quina ofrece una precisi\u00f3n inigualable. Conozcamos en detalle sus caracter\u00edsticas t\u00e9cnicas. \u2702\ufe0f<\/p>\n<div class=\"ast-oembed-container\" style=\"height: 100%;\"><iframe title=\"M\u00e1quina cortadora de n\u00facleo de papel CNC\/M\u00e1quina cortadora de tubos de papel\" width=\"500\" height=\"281\" src=\"https:\/\/www.youtube.com\/embed\/aJUwvimj9wg?feature=oembed\" frameborder=\"0\" allow=\"accelerometer; autoplay; clipboard-write; encrypted-media; gyroscope; picture-in-picture; web-share\" referrerpolicy=\"strict-origin-when-cross-origin\" allowfullscreen><\/iframe><\/div>\n<h6><strong>\ud83d\udd39 Sistema de control central: Inteligente y fiable<\/strong><\/h6>\n<p>En el coraz\u00f3n de esta m\u00e1quina se encuentra una <strong>Sistema CNC (control num\u00e9rico por ordenador)<\/strong>. Garantiza trayectorias de corte precisas con un error m\u00ednimo (\u00b10,1 mm). La interfaz de pantalla t\u00e1ctil de f\u00e1cil uso permite introducir f\u00e1cilmente los programas, ahorrando tiempo y reduciendo la fatiga del operario. \u00bfPatrones preestablecidos? No hay problema. S\u00f3lo tiene que cargar su dise\u00f1o y dejar que la automatizaci\u00f3n se haga cargo.<\/p>\n<h6><strong>\ud83d\udd39 Mecanismo de corte: alta velocidad y cortes limpios.<\/strong><\/h6>\n<p>Equipado con un <strong>sistema de cuchillas rotativas servoaccionadas<\/strong>, La cuchilla se ajusta autom\u00e1ticamente en funci\u00f3n de la densidad del material. La cuchilla se ajusta autom\u00e1ticamente en funci\u00f3n de la densidad del material, evitando que se deshilache o aplaste. La velocidad de corte alcanza <strong>120 tubos por minuto<\/strong>, aumentando la productividad sin sacrificar la calidad.<\/p>\n<h6><strong>Sistema de alimentaci\u00f3n de material: Suave y consistente<\/strong><\/h6>\n<p>Diga adi\u00f3s a los atascos En <strong>sistema autom\u00e1tico de alimentaci\u00f3n por vac\u00edo<\/strong>\u00a0garantiza que los tubos queden perfectamente alineados antes del corte. Admite di\u00e1metros de tubo de <strong>De 20 mm a 150 mm<\/strong>, lo que la hace vers\u00e1til para diferentes aplicaciones, desde cajas de regalo hasta n\u00facleos industriales.<\/p>\n<h6><strong>\ud83d\udd39 Seguridad y estabilidad: Dise\u00f1ado para la tranquilidad<\/strong><\/h6>\n<p>Construido con <strong>armaz\u00f3n de acero resistente<\/strong>, El <a href=\"https:\/\/youtu.be\/aJUwvimj9wg\">m\u00e1quina<\/a> funciona con vibraciones m\u00ednimas. Las caracter\u00edsticas de seguridad incluyen <strong>sensores infrarrojos<\/strong>\u00a0y botones de parada de emergencia. La zona de corte cerrada protege a los operarios, cumpliendo las normas internacionales de seguridad (certificado CE).<\/p>\n<h6><strong>Funciones inteligentes adicionales<\/strong><\/h6>\n<ul>\n<li><strong>Control en tiempo real<\/strong>: Seguimiento del recuento de la producci\u00f3n y del estado de las m\u00e1quinas.<\/li>\n<li><strong>Eficiencia energ\u00e9tica<\/strong>: Bajo consumo de energ\u00eda con modo de reposo autom\u00e1tico.<\/li>\n<li><strong>F\u00e1cil mantenimiento<\/strong>: El dise\u00f1o modular permite cambiar y limpiar las cuchillas r\u00e1pidamente.<\/li>\n<\/ul>\n<h6><strong>\u2728 \u00bfPor qu\u00e9 elegir esta m\u00e1quina?<\/strong><\/h6>\n<p>No es s\u00f3lo una cortadora, es una soluci\u00f3n completa para el procesamiento de tubos de papel de gran volumen y alta precisi\u00f3n. Reduzca los residuos, aumente la producci\u00f3n y mejore la calidad de sus productos.<\/p>\n<p>\u00a1\ud83d\udcac DM me para especificaciones o demos!<br \/>\n#<a href=\"https:\/\/nrcmachine.com\/es\/product\/spiral-wound-paper-tube-machine\/\">PaperTubeMachine<\/a> #CNCTecnolog\u00eda #Mfabricaci\u00f3nInnovaci\u00f3n #SmartFactory #Cartesan\u00edaIndustria #Automatizaci\u00f3n<\/p>\n<p>\u00a1Revolucionemos juntos el procesamiento del papel! \ud83d\ude80<\/p>","protected":false},"featured_media":1913,"template":"","meta":{"_acf_changed":false,"_monsterinsights_skip_tracking":false,"_monsterinsights_sitenote_active":false,"_monsterinsights_sitenote_note":"","_monsterinsights_sitenote_category":0,"site-sidebar-layout":"default","site-content-layout":"","ast-site-content-layout":"default","site-content-style":"default","site-sidebar-style":"default","ast-global-header-display":"","ast-banner-title-visibility":"","ast-main-header-display":"","ast-hfb-above-header-display":"","ast-hfb-below-header-display":"","ast-hfb-mobile-header-display":"","site-post-title":"","ast-breadcrumbs-content":"","ast-featured-img":"","footer-sml-layout":"","theme-transparent-header-meta":"default","adv-header-id-meta":"","stick-header-meta":"default","header-above-stick-meta":"","header-main-stick-meta":"","header-below-stick-meta":"","astra-migrate-meta-layouts":"set","ast-page-background-enabled":"default","ast-page-background-meta":{"desktop":{"background-color":"var(--ast-global-color-4)","background-image":"","background-repeat":"repeat","background-position":"center center","background-size":"auto","background-attachment":"scroll","background-type":"","background-media":"","overlay-type":"","overlay-color":"","overlay-opacity":"","overlay-gradient":""},"tablet":{"background-color":"","background-image":"","background-repeat":"repeat","background-position":"center center","background-size":"auto","background-attachment":"scroll","background-type":"","background-media":"","overlay-type":"","overlay-color":"","overlay-opacity":"","overlay-gradient":""},"mobile":{"background-color":"","background-image":"","background-repeat":"repeat","background-position":"center center","background-size":"auto","background-attachment":"scroll","background-type":"","background-media":"","overlay-type":"","overlay-color":"","overlay-opacity":"","overlay-gradient":""}},"ast-content-background-meta":{"desktop":{"background-color":"var(--ast-global-color-5)","background-image":"","background-repeat":"repeat","background-position":"center center","background-size":"auto","background-attachment":"scroll","background-type":"","background-media":"","overlay-type":"","overlay-color":"","overlay-opacity":"","overlay-gradient":""},"tablet":{"background-color":"var(--ast-global-color-5)","background-image":"","background-repeat":"repeat","background-position":"center center","background-size":"auto","background-attachment":"scroll","background-type":"","background-media":"","overlay-type":"","overlay-color":"","overlay-opacity":"","overlay-gradient":""},"mobile":{"background-color":"var(--ast-global-color-5)","background-image":"","background-repeat":"repeat","background-position":"center center","background-size":"auto","background-attachment":"scroll","background-type":"","background-media":"","overlay-type":"","overlay-color":"","overlay-opacity":"","overlay-gradient":""}}},"tags":[49],"products":[70],"class_list":["post-1911","product","type-product","status-publish","has-post-thumbnail","hentry","tag-paper-tube-machine","products-paper-tube-cutting-machine"],"acf":[],"aioseo_notices":[],"aioseo_head":"\n\t\t<!-- All in One SEO Pro 4.9.2 - aioseo.com -->\n\t<meta name=\"description\" content=\"Today, I\u2019m thrilled to introduce the Automatic CNC Paper Tube Cutting Machine,a game-changer for paper tube processing. Whether you\u2019re in packaging.\" \/>\n\t<meta name=\"robots\" content=\"max-snippet:-1, max-image-preview:large, max-video-preview:-1\" \/>\n\t<link rel=\"canonical\" href=\"https:\/\/nrcmachine.com\/es\/product\/paper-tube-cutting-machine\/\" \/>\n\t<meta name=\"generator\" content=\"All in One SEO Pro (AIOSEO) 4.9.2\" \/>\n\t\t<meta property=\"og:locale\" content=\"es_ES\" \/>\n\t\t<meta property=\"og:site_name\" content=\"Toilet Paper Machine, Paper Tube Machine | NRC Machine - Reliable Paper Machinery Solutions\" \/>\n\t\t<meta property=\"og:type\" content=\"article\" \/>\n\t\t<meta property=\"og:title\" content=\"Automatic CNC Paper Tube Cutting Machine - NRC MACHINE\" \/>\n\t\t<meta property=\"og:description\" content=\"Today, I\u2019m thrilled to introduce the Automatic CNC Paper Tube Cutting Machine,a game-changer for paper tube processing. Whether you\u2019re in packaging.\" \/>\n\t\t<meta property=\"og:url\" content=\"https:\/\/nrcmachine.com\/es\/product\/paper-tube-cutting-machine\/\" \/>\n\t\t<meta property=\"og:image\" content=\"https:\/\/nrcmachine.com\/wp-content\/uploads\/2025\/11\/paper-tube-cutting-machine-3_\u526f\u672c.webp\" \/>\n\t\t<meta property=\"og:image:secure_url\" content=\"https:\/\/nrcmachine.com\/wp-content\/uploads\/2025\/11\/paper-tube-cutting-machine-3_\u526f\u672c.webp\" \/>\n\t\t<meta property=\"og:image:width\" content=\"800\" \/>\n\t\t<meta property=\"og:image:height\" content=\"800\" \/>\n\t\t<meta property=\"article:published_time\" content=\"2025-11-07T05:29:35+00:00\" \/>\n\t\t<meta property=\"article:modified_time\" content=\"2026-01-02T04:29:09+00:00\" \/>\n\t\t<meta property=\"article:publisher\" content=\"https:\/\/www.facebook.com\/james.gao.349938\" \/>\n\t\t<meta name=\"twitter:card\" content=\"summary\" \/>\n\t\t<meta name=\"twitter:site\" content=\"@JamesGao65335\" \/>\n\t\t<meta name=\"twitter:title\" content=\"Automatic CNC Paper Tube Cutting Machine - NRC MACHINE\" \/>\n\t\t<meta name=\"twitter:description\" content=\"Today, I\u2019m thrilled to introduce the Automatic CNC Paper Tube Cutting Machine,a game-changer for paper tube processing. Whether you\u2019re in packaging.\" \/>\n\t\t<meta name=\"twitter:image\" content=\"https:\/\/nrcmachine.com\/wp-content\/uploads\/2025\/11\/paper-tube-cutting-machine-3_\u526f\u672c.webp\" \/>\n\t\t<script type=\"application\/ld+json\" class=\"aioseo-schema\">\n\t\t\t{\"@context\":\"https:\\\/\\\/schema.org\",\"@graph\":[{\"@type\":\"BreadcrumbList\",\"@id\":\"https:\\\/\\\/nrcmachine.com\\\/es\\\/product\\\/paper-tube-cutting-machine\\\/#breadcrumblist\",\"itemListElement\":[{\"@type\":\"ListItem\",\"@id\":\"https:\\\/\\\/nrcmachine.com\\\/es#listItem\",\"position\":1,\"name\":\"Home\",\"item\":\"https:\\\/\\\/nrcmachine.com\\\/es\",\"nextItem\":{\"@type\":\"ListItem\",\"@id\":\"https:\\\/\\\/nrcmachine.com\\\/es\\\/product\\\/#listItem\",\"name\":\"Products\"}},{\"@type\":\"ListItem\",\"@id\":\"https:\\\/\\\/nrcmachine.com\\\/es\\\/product\\\/#listItem\",\"position\":2,\"name\":\"Products\",\"item\":\"https:\\\/\\\/nrcmachine.com\\\/es\\\/product\\\/\",\"nextItem\":{\"@type\":\"ListItem\",\"@id\":\"https:\\\/\\\/nrcmachine.com\\\/es\\\/tag\\\/maquina-de-tubos-de-papel\\\/#listItem\",\"name\":\"paper tube machine\"},\"previousItem\":{\"@type\":\"ListItem\",\"@id\":\"https:\\\/\\\/nrcmachine.com\\\/es#listItem\",\"name\":\"Home\"}},{\"@type\":\"ListItem\",\"@id\":\"https:\\\/\\\/nrcmachine.com\\\/es\\\/tag\\\/maquina-de-tubos-de-papel\\\/#listItem\",\"position\":3,\"name\":\"paper tube machine\",\"item\":\"https:\\\/\\\/nrcmachine.com\\\/es\\\/tag\\\/maquina-de-tubos-de-papel\\\/\",\"nextItem\":{\"@type\":\"ListItem\",\"@id\":\"https:\\\/\\\/nrcmachine.com\\\/es\\\/product\\\/paper-tube-cutting-machine\\\/#listItem\",\"name\":\"Automatic CNC Paper Tube Cutting Machine\"},\"previousItem\":{\"@type\":\"ListItem\",\"@id\":\"https:\\\/\\\/nrcmachine.com\\\/es\\\/product\\\/#listItem\",\"name\":\"Products\"}},{\"@type\":\"ListItem\",\"@id\":\"https:\\\/\\\/nrcmachine.com\\\/es\\\/product\\\/paper-tube-cutting-machine\\\/#listItem\",\"position\":4,\"name\":\"Automatic CNC Paper Tube Cutting Machine\",\"previousItem\":{\"@type\":\"ListItem\",\"@id\":\"https:\\\/\\\/nrcmachine.com\\\/es\\\/tag\\\/maquina-de-tubos-de-papel\\\/#listItem\",\"name\":\"paper tube machine\"}}]},{\"@type\":\"Organization\",\"@id\":\"https:\\\/\\\/nrcmachine.com\\\/es\\\/#organization\",\"name\":\"Toilet Paper Machine, Paper Tube Machine | NRC Machine wordpress\",\"description\":\"Reliable Paper Machinery Solutions\",\"url\":\"https:\\\/\\\/nrcmachine.com\\\/es\\\/\",\"email\":\"james@nrcmachine.com\",\"telephone\":\"+8615254213289\",\"foundingDate\":\"2023-11-01\",\"numberOfEmployees\":{\"@type\":\"QuantitativeValue\",\"minValue\":1,\"maxValue\":50},\"logo\":{\"@type\":\"ImageObject\",\"url\":\"https:\\\/\\\/nrcmachine.com\\\/wp-content\\\/uploads\\\/2026\\\/01\\\/logo23.png\",\"@id\":\"https:\\\/\\\/nrcmachine.com\\\/es\\\/product\\\/paper-tube-cutting-machine\\\/#organizationLogo\",\"width\":800,\"height\":800,\"caption\":\"logo for NRC MACHINE\"},\"image\":{\"@id\":\"https:\\\/\\\/nrcmachine.com\\\/es\\\/product\\\/paper-tube-cutting-machine\\\/#organizationLogo\"},\"sameAs\":[\"https:\\\/\\\/www.facebook.com\\\/james.gao.349938\",\"https:\\\/\\\/x.com\\\/JamesGao65335\",\"https:\\\/\\\/www.instagram.com\\\/jamesgao407?igsh=d2YybzFhMjY0YTl3\",\"https:\\\/\\\/www.tiktok.com\\\/@gyl20210118\",\"https:\\\/\\\/www.linkedin.com\\\/in\\\/--9a63583a9\\\/\"]},{\"@type\":\"WebPage\",\"@id\":\"https:\\\/\\\/nrcmachine.com\\\/es\\\/product\\\/paper-tube-cutting-machine\\\/#webpage\",\"url\":\"https:\\\/\\\/nrcmachine.com\\\/es\\\/product\\\/paper-tube-cutting-machine\\\/\",\"name\":\"Automatic CNC Paper Tube Cutting Machine - NRC MACHINE\",\"description\":\"Today, I\\u2019m thrilled to introduce the Automatic CNC Paper Tube Cutting Machine,a game-changer for paper tube processing. Whether you\\u2019re in packaging.\",\"inLanguage\":\"es-ES\",\"isPartOf\":{\"@id\":\"https:\\\/\\\/nrcmachine.com\\\/es\\\/#website\"},\"breadcrumb\":{\"@id\":\"https:\\\/\\\/nrcmachine.com\\\/es\\\/product\\\/paper-tube-cutting-machine\\\/#breadcrumblist\"},\"image\":{\"@type\":\"ImageObject\",\"url\":\"https:\\\/\\\/nrcmachine.com\\\/wp-content\\\/uploads\\\/2025\\\/11\\\/paper-tube-cutting-machine-3_\\u526f\\u672c.webp\",\"@id\":\"https:\\\/\\\/nrcmachine.com\\\/es\\\/product\\\/paper-tube-cutting-machine\\\/#mainImage\",\"width\":800,\"height\":800,\"caption\":\"paper tube cutting machine\"},\"primaryImageOfPage\":{\"@id\":\"https:\\\/\\\/nrcmachine.com\\\/es\\\/product\\\/paper-tube-cutting-machine\\\/#mainImage\"},\"datePublished\":\"2025-11-07T13:29:35+08:00\",\"dateModified\":\"2026-01-02T12:29:09+08:00\"},{\"@type\":\"WebSite\",\"@id\":\"https:\\\/\\\/nrcmachine.com\\\/es\\\/#website\",\"url\":\"https:\\\/\\\/nrcmachine.com\\\/es\\\/\",\"name\":\"Toilet Paper Machine, Paper Tube Machine | NRC Machine\",\"alternateName\":\"Qingdao New Richuan Precision Machine Co.,Ltd\",\"description\":\"Reliable Paper Machinery Solutions\",\"inLanguage\":\"es-ES\",\"publisher\":{\"@id\":\"https:\\\/\\\/nrcmachine.com\\\/es\\\/#organization\"}}]}\n\t\t<\/script>\n\t\t<!-- All in One SEO Pro -->\r\n\t\t<title>Automatic CNC Paper Tube Cutting Machine - NRC MACHINE<\/title>\n\n","aioseo_head_json":{"title":"M\u00e1quina cortadora autom\u00e1tica CNC de tubos de papel - NRC MACHINE","description":"Hoy me complace presentarle la m\u00e1quina cortadora de tubos de papel CNC autom\u00e1tica, un cambio radical en el procesamiento de tubos de papel. Si usted est\u00e1 en el embalaje.","canonical_url":"https:\/\/nrcmachine.com\/es\/product\/paper-tube-cutting-machine\/","robots":"max-snippet:-1, max-image-preview:large, max-video-preview:-1","keywords":"","webmasterTools":{"miscellaneous":""},"schema":{"@context":"https:\/\/schema.org","@graph":[{"@type":"BreadcrumbList","@id":"https:\/\/nrcmachine.com\/es\/product\/paper-tube-cutting-machine\/#breadcrumblist","itemListElement":[{"@type":"ListItem","@id":"https:\/\/nrcmachine.com\/es#listItem","position":1,"name":"Home","item":"https:\/\/nrcmachine.com\/es","nextItem":{"@type":"ListItem","@id":"https:\/\/nrcmachine.com\/es\/product\/#listItem","name":"Products"}},{"@type":"ListItem","@id":"https:\/\/nrcmachine.com\/es\/product\/#listItem","position":2,"name":"Products","item":"https:\/\/nrcmachine.com\/es\/product\/","nextItem":{"@type":"ListItem","@id":"https:\/\/nrcmachine.com\/es\/tag\/maquina-de-tubos-de-papel\/#listItem","name":"paper tube machine"},"previousItem":{"@type":"ListItem","@id":"https:\/\/nrcmachine.com\/es#listItem","name":"Home"}},{"@type":"ListItem","@id":"https:\/\/nrcmachine.com\/es\/tag\/maquina-de-tubos-de-papel\/#listItem","position":3,"name":"paper tube machine","item":"https:\/\/nrcmachine.com\/es\/tag\/maquina-de-tubos-de-papel\/","nextItem":{"@type":"ListItem","@id":"https:\/\/nrcmachine.com\/es\/product\/paper-tube-cutting-machine\/#listItem","name":"Automatic CNC Paper Tube Cutting Machine"},"previousItem":{"@type":"ListItem","@id":"https:\/\/nrcmachine.com\/es\/product\/#listItem","name":"Products"}},{"@type":"ListItem","@id":"https:\/\/nrcmachine.com\/es\/product\/paper-tube-cutting-machine\/#listItem","position":4,"name":"Automatic CNC Paper Tube Cutting Machine","previousItem":{"@type":"ListItem","@id":"https:\/\/nrcmachine.com\/es\/tag\/maquina-de-tubos-de-papel\/#listItem","name":"paper tube machine"}}]},{"@type":"Organization","@id":"https:\/\/nrcmachine.com\/es\/#organization","name":"Toilet Paper Machine, Paper Tube Machine | NRC Machine wordpress","description":"Reliable Paper Machinery Solutions","url":"https:\/\/nrcmachine.com\/es\/","email":"james@nrcmachine.com","telephone":"+8615254213289","foundingDate":"2023-11-01","numberOfEmployees":{"@type":"QuantitativeValue","minValue":1,"maxValue":50},"logo":{"@type":"ImageObject","url":"https:\/\/nrcmachine.com\/wp-content\/uploads\/2026\/01\/logo23.png","@id":"https:\/\/nrcmachine.com\/es\/product\/paper-tube-cutting-machine\/#organizationLogo","width":800,"height":800,"caption":"logo for NRC MACHINE"},"image":{"@id":"https:\/\/nrcmachine.com\/es\/product\/paper-tube-cutting-machine\/#organizationLogo"},"sameAs":["https:\/\/www.facebook.com\/james.gao.349938","https:\/\/x.com\/JamesGao65335","https:\/\/www.instagram.com\/jamesgao407?igsh=d2YybzFhMjY0YTl3","https:\/\/www.tiktok.com\/@gyl20210118","https:\/\/www.linkedin.com\/in\/--9a63583a9\/"]},{"@type":"WebPage","@id":"https:\/\/nrcmachine.com\/es\/product\/paper-tube-cutting-machine\/#webpage","url":"https:\/\/nrcmachine.com\/es\/product\/paper-tube-cutting-machine\/","name":"Automatic CNC Paper Tube Cutting Machine - NRC MACHINE","description":"Today, I\u2019m thrilled to introduce the Automatic CNC Paper Tube Cutting Machine,a game-changer for paper tube processing. Whether you\u2019re in packaging.","inLanguage":"es-ES","isPartOf":{"@id":"https:\/\/nrcmachine.com\/es\/#website"},"breadcrumb":{"@id":"https:\/\/nrcmachine.com\/es\/product\/paper-tube-cutting-machine\/#breadcrumblist"},"image":{"@type":"ImageObject","url":"https:\/\/nrcmachine.com\/wp-content\/uploads\/2025\/11\/paper-tube-cutting-machine-3_\u526f\u672c.webp","@id":"https:\/\/nrcmachine.com\/es\/product\/paper-tube-cutting-machine\/#mainImage","width":800,"height":800,"caption":"paper tube cutting machine"},"primaryImageOfPage":{"@id":"https:\/\/nrcmachine.com\/es\/product\/paper-tube-cutting-machine\/#mainImage"},"datePublished":"2025-11-07T13:29:35+08:00","dateModified":"2026-01-02T12:29:09+08:00"},{"@type":"WebSite","@id":"https:\/\/nrcmachine.com\/es\/#website","url":"https:\/\/nrcmachine.com\/es\/","name":"Toilet Paper Machine, Paper Tube Machine | NRC Machine","alternateName":"Qingdao New Richuan Precision Machine Co.,Ltd","description":"Reliable Paper Machinery Solutions","inLanguage":"es-ES","publisher":{"@id":"https:\/\/nrcmachine.com\/es\/#organization"}}]},"og:locale":"es_ES","og:site_name":"Toilet Paper Machine, Paper Tube Machine | NRC Machine - Reliable Paper Machinery Solutions","og:type":"article","og:title":"Automatic CNC Paper Tube Cutting Machine - NRC MACHINE","og:description":"Today, I\u2019m thrilled to introduce the Automatic CNC Paper Tube Cutting Machine,a game-changer for paper tube processing. Whether you\u2019re in packaging.","og:url":"https:\/\/nrcmachine.com\/es\/product\/paper-tube-cutting-machine\/","og:image":"https:\/\/nrcmachine.com\/wp-content\/uploads\/2025\/11\/paper-tube-cutting-machine-3_\u526f\u672c.webp","og:image:secure_url":"https:\/\/nrcmachine.com\/wp-content\/uploads\/2025\/11\/paper-tube-cutting-machine-3_\u526f\u672c.webp","og:image:width":800,"og:image:height":800,"article:published_time":"2025-11-07T05:29:35+00:00","article:modified_time":"2026-01-02T04:29:09+00:00","article:publisher":"https:\/\/www.facebook.com\/james.gao.349938","twitter:card":"summary","twitter:site":"@JamesGao65335","twitter:title":"Automatic CNC Paper Tube Cutting Machine - NRC MACHINE","twitter:description":"Today, I\u2019m thrilled to introduce the Automatic CNC Paper Tube Cutting Machine,a game-changer for paper tube processing. Whether you\u2019re in packaging.","twitter:image":"https:\/\/nrcmachine.com\/wp-content\/uploads\/2025\/11\/paper-tube-cutting-machine-3_\u526f\u672c.webp"},"aioseo_meta_data":{"post_id":"1911","title":"#post_title #separator_sa M\u00c1QUINA NRC","description":"Hoy me complace presentarle la m\u00e1quina cortadora de tubos de papel CNC autom\u00e1tica, un cambio radical en el procesamiento de tubos de papel. Si usted est\u00e1 en el embalaje.","keywords":null,"keyphrases":{"focus":{"keyphrase":"paper tube cutting machine","score":100,"analysis":{"keyphraseInTitle":{"score":9,"maxScore":9,"error":0},"keyphraseInDescription":{"score":9,"maxScore":9,"error":0},"keyphraseLength":{"score":9,"maxScore":9,"error":0,"length":4},"keyphraseInURL":{"score":5,"maxScore":5,"error":0},"keyphraseInIntroduction":{"score":9,"maxScore":9,"error":0},"keyphraseInSubHeadings":[],"keyphraseInImageAlt":[],"keywordDensity":{"type":"best","score":9,"maxScore":9,"error":0}}},"additional":[]},"primary_term":null,"canonical_url":null,"og_title":null,"og_description":null,"og_object_type":"default","og_image_type":"default","og_image_url":null,"og_image_width":null,"og_image_height":null,"og_image_custom_url":null,"og_image_custom_fields":null,"og_video":"","og_custom_url":null,"og_article_section":null,"og_article_tags":null,"twitter_use_og":false,"twitter_card":"default","twitter_image_type":"default","twitter_image_url":null,"twitter_image_custom_url":null,"twitter_image_custom_fields":null,"twitter_title":null,"twitter_description":null,"schema":{"blockGraphs":[],"customGraphs":[],"default":{"data":{"Article":[],"Course":[],"Dataset":[],"FAQPage":[],"Movie":[],"Person":[],"Product":[],"ProductReview":[],"Car":[],"Recipe":[],"Service":[],"SoftwareApplication":[],"WebPage":[]},"graphName":"ItemPage","isEnabled":true},"graphs":[]},"schema_type":"default","schema_type_options":null,"pillar_content":false,"robots_default":true,"robots_noindex":false,"robots_noarchive":false,"robots_nosnippet":false,"robots_nofollow":false,"robots_noimageindex":false,"robots_noodp":false,"robots_notranslate":false,"robots_max_snippet":"-1","robots_max_videopreview":"-1","robots_max_imagepreview":"large","priority":null,"frequency":"default","local_seo":null,"seo_analyzer_scan_date":"2026-02-13 03:48:54","breadcrumb_settings":null,"limit_modified_date":false,"reviewed_by":null,"open_ai":null,"ai":{"faqs":[],"keyPoints":[],"titles":[],"descriptions":[],"socialPosts":{"email":[],"linkedin":[],"twitter":[],"facebook":[],"instagram":[]}},"created":"2025-12-11 08:38:39","updated":"2026-02-13 06:50:27"},"aioseo_breadcrumb":"<div class=\"aioseo-breadcrumbs\"><span class=\"aioseo-breadcrumb\">\n\t<a href=\"https:\/\/nrcmachine.com\/es\" title=\"Home\">Home<\/a>\n<\/span><span class=\"aioseo-breadcrumb-separator\">\u00bb<\/span><span class=\"aioseo-breadcrumb\">\n\t<a href=\"https:\/\/nrcmachine.com\/es\/product\/\" title=\"Products\">Products<\/a>\n<\/span><span class=\"aioseo-breadcrumb-separator\">\u00bb<\/span><span class=\"aioseo-breadcrumb\">\n\t<a href=\"https:\/\/nrcmachine.com\/es\/tag\/maquina-de-tubos-de-papel\/\" title=\"paper tube machine\">paper tube machine<\/a>\n<\/span><span class=\"aioseo-breadcrumb-separator\">\u00bb<\/span><span class=\"aioseo-breadcrumb\">\n\tAutomatic CNC Paper Tube Cutting Machine\n<\/span><\/div>","aioseo_breadcrumb_json":[{"label":"Home","link":"https:\/\/nrcmachine.com\/es"},{"label":"Products","link":"https:\/\/nrcmachine.com\/es\/product\/"},{"label":"paper tube machine","link":"https:\/\/nrcmachine.com\/es\/tag\/maquina-de-tubos-de-papel\/"},{"label":"Automatic CNC Paper Tube Cutting Machine","link":"https:\/\/nrcmachine.com\/es\/product\/paper-tube-cutting-machine\/"}],"_links":{"self":[{"href":"https:\/\/nrcmachine.com\/es\/wp-json\/wp\/v2\/product\/1911","targetHints":{"allow":["GET"]}}],"collection":[{"href":"https:\/\/nrcmachine.com\/es\/wp-json\/wp\/v2\/product"}],"about":[{"href":"https:\/\/nrcmachine.com\/es\/wp-json\/wp\/v2\/types\/product"}],"version-history":[{"count":0,"href":"https:\/\/nrcmachine.com\/es\/wp-json\/wp\/v2\/product\/1911\/revisions"}],"wp:featuredmedia":[{"embeddable":true,"href":"https:\/\/nrcmachine.com\/es\/wp-json\/wp\/v2\/media\/1913"}],"wp:attachment":[{"href":"https:\/\/nrcmachine.com\/es\/wp-json\/wp\/v2\/media?parent=1911"}],"wp:term":[{"taxonomy":"post_tag","embeddable":true,"href":"https:\/\/nrcmachine.com\/es\/wp-json\/wp\/v2\/tags?post=1911"},{"taxonomy":"products","embeddable":true,"href":"https:\/\/nrcmachine.com\/es\/wp-json\/wp\/v2\/products?post=1911"}],"curies":[{"name":"wp","href":"https:\/\/api.w.org\/{rel}","templated":true}]}}