 {"id":1927,"date":"2025-11-07T15:46:11","date_gmt":"2025-11-07T07:46:11","guid":{"rendered":"https:\/\/nrcmachine.com\/?post_type=product&#038;p=1927"},"modified":"2026-01-02T12:17:44","modified_gmt":"2026-01-02T04:17:44","slug":"150mm-inner-diameter-spiral-paper-tube-making-machine","status":"publish","type":"product","link":"https:\/\/nrcmachine.com\/es\/product\/150mm-inner-diameter-spiral-paper-tube-making-machine\/","title":{"rendered":"M\u00e1quina para fabricar tubos de papel en espiral de 150 mm de di\u00e1metro interior"},"content":{"rendered":"<h3><strong>150 mm de di\u00e1metro interior <a href=\"https:\/\/nrcmachine.com\/es\/product\/automatic-paper-core-making-machinery-price\/\">M\u00e1quina para fabricar tubos de papel en espiral<\/a> con doble cabezal y servomotor<\/strong><\/h3>\n<h4><strong>Visi\u00f3n general<\/strong><\/h4>\n<div class=\"ast-oembed-container\" style=\"height: 100%;\"><iframe title=\"M\u00e1quina fabricadora de tubos de cart\u00f3n en espiral CNC de dos cabezales\" width=\"500\" height=\"281\" src=\"https:\/\/www.youtube.com\/embed\/G4_H7S417b4?feature=oembed\" frameborder=\"0\" allow=\"accelerometer; autoplay; clipboard-write; encrypted-media; gyroscope; picture-in-picture; web-share\" referrerpolicy=\"strict-origin-when-cross-origin\" allowfullscreen><\/iframe><\/div>\n<p>Di\u00e1metro interior de 150 mm <a href=\"https:\/\/nrcmachine.com\/es\/product\/automatic-paper-core-making-machinery-price\/\">M\u00e1quina para fabricar tubos de papel en espiral<\/a> es una soluci\u00f3n avanzada de alta eficiencia dise\u00f1ada para producir tubos de papel en espiral de calidad industrial. Dise\u00f1ada con dos cabezales independientes y servomotores de precisi\u00f3n, esta m\u00e1quina de fabricaci\u00f3n de tubos de papel en espiral garantiza un rendimiento superior, una calidad constante y una mayor flexibilidad de producci\u00f3n. Ideal para la fabricaci\u00f3n de n\u00facleos utilizados en textiles, cintas adhesivas, pel\u00edculas estirables y otras aplicaciones industriales.<\/p>\n<h4><strong>Caracter\u00edsticas principales<\/strong><\/h4>\n<ul>\n<li><strong>Doble cabezal<\/strong>: Permite la producci\u00f3n simult\u00e1nea de dos tubos de papel, duplicando la eficacia de la producci\u00f3n y optimizando la capacidad de producci\u00f3n.<\/li>\n<li><strong>Sistema de accionamiento de servomotor<\/strong>: Garantiza un control preciso de la velocidad de bobinado, la tensi\u00f3n y la alimentaci\u00f3n de papel, lo que se traduce en una densidad uniforme del tubo y una precisi\u00f3n dimensional.<\/li>\n<li><strong>Control PLC e interfaz de pantalla t\u00e1ctil<\/strong>: Equipada con un controlador l\u00f3gico programable (PLC) y una pantalla t\u00e1ctil de f\u00e1cil manejo que facilita el ajuste de par\u00e1metros, la supervisi\u00f3n en tiempo real y el diagn\u00f3stico de fallos.<\/li>\n<li><strong>Cuchilla de corte de acero r\u00e1pido<\/strong>: El sistema de corte integrado permite un control preciso de la longitud con un rango de corte de 1.000-5.000 mm.<\/li>\n<li><strong>Componentes personalizables<\/strong>: Los motores, PLC y pantallas t\u00e1ctiles pueden obtenerse de marcas reconocidas en todo el mundo en funci\u00f3n de los requisitos del cliente.<\/li>\n<\/ul>\n<h4><strong>Especificaciones t\u00e9cnicas<\/strong><\/h4>\n<table style=\"height: 299px;\" width=\"883\">\n<tbody>\n<tr>\n<td width=\"590\">\n<ul>\n<li><strong>Di\u00e1metro interior<\/strong>: 30~150 mm (personalizable dentro del rango)<\/li>\n<li><strong>Di\u00e1metro exterior<\/strong>: 1~10mm(Ajustable en funci\u00f3n de las capas de material y las necesidades de la aplicaci\u00f3n)<\/li>\n<li><strong>Maxi Capas<\/strong>:16.<\/li>\n<li><strong>Longitud del tubo<\/strong>: 1.000 - 5.000 mm<\/li>\n<li><strong>Velocidad de producci\u00f3n<\/strong>: Hasta 3.500 mm\/min (var\u00eda seg\u00fan el material y los ajustes)<\/li>\n<li><strong>Sistema de control<\/strong>: PLC con controlador de servomotor y HMI con pantalla t\u00e1ctil de 7 pulgadas<\/li>\n<li><strong>Fuente de alimentaci\u00f3n<\/strong>: Trif\u00e1sico, 380 V, 50\/60 Hz (adaptable a las normas regionales)<\/li>\n<li><strong>Consumo total de energ\u00eda<\/strong>: Aprox. 7,5 kW<\/li>\n<li><strong>Dimensiones de la m\u00e1quina<\/strong>: Aprox. 6.000 \u00d7 2.000 \u00d7 1.800 mm (L\u00d7A\u00d7H)<\/li>\n<li><strong>Peso<\/strong>: Aprox. 3.000 kg<\/li>\n<\/ul>\n<\/td>\n<\/tr>\n<\/tbody>\n<\/table>\n<p><strong>\u00a0<\/strong><\/p>\n<h4><strong>Aplicaciones y ventajas<\/strong><\/h4>\n<p>Esta m\u00e1quina de fabricaci\u00f3n de tubos de papel en espiral es ideal para entornos de producci\u00f3n de gran volumen que requieren n\u00facleos de papel duraderos y dise\u00f1ados con precisi\u00f3n. El dise\u00f1o de doble cabezal aumenta significativamente el rendimiento, mientras que el sistema servoaccionado mejora la eficiencia energ\u00e9tica y reduce el desperdicio de material. Su robusta construcci\u00f3n permite un funcionamiento continuo en entornos industriales exigentes.<\/p>\n<h4><strong>Asistencia y servicios<\/strong><\/h4>\n<p>El fabricante ofrece asistencia t\u00e9cnica en el extranjero, orientaci\u00f3n para la instalaci\u00f3n, formaci\u00f3n de operadores y completos tutoriales en v\u00eddeo. La resoluci\u00f3n de problemas en l\u00ednea y la asistencia por videollamada garantizan un r\u00e1pido servicio posventa.<\/p>\n<p>Este <a href=\"https:\/\/youtu.be\/G4_H7S417b4\">m\u00e1quina para fabricar tubos de papel en espiral<\/a> representa una soluci\u00f3n fiable y escalable para la fabricaci\u00f3n moderna de tubos de papel.<\/p>\n<p>&nbsp;<\/p>","protected":false},"featured_media":3551,"template":"","meta":{"_acf_changed":false,"_monsterinsights_skip_tracking":false,"_monsterinsights_sitenote_active":false,"_monsterinsights_sitenote_note":"","_monsterinsights_sitenote_category":0,"site-sidebar-layout":"default","site-content-layout":"","ast-site-content-layout":"default","site-content-style":"default","site-sidebar-style":"default","ast-global-header-display":"","ast-banner-title-visibility":"","ast-main-header-display":"","ast-hfb-above-header-display":"","ast-hfb-below-header-display":"","ast-hfb-mobile-header-display":"","site-post-title":"","ast-breadcrumbs-content":"","ast-featured-img":"","footer-sml-layout":"","theme-transparent-header-meta":"default","adv-header-id-meta":"","stick-header-meta":"default","header-above-stick-meta":"","header-main-stick-meta":"","header-below-stick-meta":"","astra-migrate-meta-layouts":"set","ast-page-background-enabled":"default","ast-page-background-meta":{"desktop":{"background-color":"var(--ast-global-color-4)","background-image":"","background-repeat":"repeat","background-position":"center center","background-size":"auto","background-attachment":"scroll","background-type":"","background-media":"","overlay-type":"","overlay-color":"","overlay-opacity":"","overlay-gradient":""},"tablet":{"background-color":"","background-image":"","background-repeat":"repeat","background-position":"center center","background-size":"auto","background-attachment":"scroll","background-type":"","background-media":"","overlay-type":"","overlay-color":"","overlay-opacity":"","overlay-gradient":""},"mobile":{"background-color":"","background-image":"","background-repeat":"repeat","background-position":"center center","background-size":"auto","background-attachment":"scroll","background-type":"","background-media":"","overlay-type":"","overlay-color":"","overlay-opacity":"","overlay-gradient":""}},"ast-content-background-meta":{"desktop":{"background-color":"var(--ast-global-color-5)","background-image":"","background-repeat":"repeat","background-position":"center center","background-size":"auto","background-attachment":"scroll","background-type":"","background-media":"","overlay-type":"","overlay-color":"","overlay-opacity":"","overlay-gradient":""},"tablet":{"background-color":"var(--ast-global-color-5)","background-image":"","background-repeat":"repeat","background-position":"center center","background-size":"auto","background-attachment":"scroll","background-type":"","background-media":"","overlay-type":"","overlay-color":"","overlay-opacity":"","overlay-gradient":""},"mobile":{"background-color":"var(--ast-global-color-5)","background-image":"","background-repeat":"repeat","background-position":"center center","background-size":"auto","background-attachment":"scroll","background-type":"","background-media":"","overlay-type":"","overlay-color":"","overlay-opacity":"","overlay-gradient":""}}},"tags":[49,48],"products":[43],"class_list":["post-1927","product","type-product","status-publish","has-post-thumbnail","hentry","tag-paper-tube-machine","tag-paper-tube-making-machine","products-spiral-paper-tube-making-machine"],"acf":[],"aioseo_notices":[],"aioseo_head":"\n\t\t<!-- All in One SEO Pro 4.9.2 - aioseo.com -->\n\t<meta name=\"description\" content=\"The 150mm Inner Diameter Spiral Paper Tube Making Machine is a high-efficiency solution designed for producing industrial-grade spiral-wound paper tubes.\" \/>\n\t<meta name=\"robots\" content=\"max-snippet:-1, max-image-preview:large, max-video-preview:-1\" \/>\n\t<link rel=\"canonical\" href=\"https:\/\/nrcmachine.com\/es\/product\/150mm-inner-diameter-spiral-paper-tube-making-machine\/\" \/>\n\t<meta name=\"generator\" content=\"All in One SEO Pro (AIOSEO) 4.9.2\" \/>\n\t\t<meta property=\"og:locale\" content=\"es_ES\" \/>\n\t\t<meta property=\"og:site_name\" content=\"Toilet Paper Machine, Paper Tube Machine | NRC Machine - Reliable Paper Machinery Solutions\" \/>\n\t\t<meta property=\"og:type\" content=\"article\" \/>\n\t\t<meta property=\"og:title\" content=\"150mm Inner Diameter Spiral Paper Tube Making Machine - NRC\" \/>\n\t\t<meta property=\"og:description\" content=\"The 150mm Inner Diameter Spiral Paper Tube Making Machine is a high-efficiency solution designed for producing industrial-grade spiral-wound paper tubes.\" \/>\n\t\t<meta property=\"og:url\" content=\"https:\/\/nrcmachine.com\/es\/product\/150mm-inner-diameter-spiral-paper-tube-making-machine\/\" \/>\n\t\t<meta property=\"og:image\" content=\"https:\/\/nrcmachine.com\/wp-content\/uploads\/2025\/11\/spiral-paper-tube-making-4.webp\" \/>\n\t\t<meta property=\"og:image:secure_url\" content=\"https:\/\/nrcmachine.com\/wp-content\/uploads\/2025\/11\/spiral-paper-tube-making-4.webp\" \/>\n\t\t<meta property=\"og:image:width\" content=\"800\" \/>\n\t\t<meta property=\"og:image:height\" content=\"800\" \/>\n\t\t<meta property=\"article:published_time\" content=\"2025-11-07T07:46:11+00:00\" \/>\n\t\t<meta property=\"article:modified_time\" content=\"2026-01-02T04:17:44+00:00\" \/>\n\t\t<meta property=\"article:publisher\" content=\"https:\/\/www.facebook.com\/james.gao.349938\" \/>\n\t\t<meta name=\"twitter:card\" content=\"summary\" \/>\n\t\t<meta name=\"twitter:site\" content=\"@JamesGao65335\" \/>\n\t\t<meta name=\"twitter:title\" content=\"150mm Inner Diameter Spiral Paper Tube Making Machine - NRC\" \/>\n\t\t<meta name=\"twitter:description\" content=\"The 150mm Inner Diameter Spiral Paper Tube Making Machine is a high-efficiency solution designed for producing industrial-grade spiral-wound paper tubes.\" \/>\n\t\t<meta name=\"twitter:image\" content=\"https:\/\/nrcmachine.com\/wp-content\/uploads\/2025\/11\/spiral-paper-tube-making-4.webp\" \/>\n\t\t<script type=\"application\/ld+json\" class=\"aioseo-schema\">\n\t\t\t{\"@context\":\"https:\\\/\\\/schema.org\",\"@graph\":[{\"@type\":\"BreadcrumbList\",\"@id\":\"https:\\\/\\\/nrcmachine.com\\\/es\\\/product\\\/150mm-inner-diameter-spiral-paper-tube-making-machine\\\/#breadcrumblist\",\"itemListElement\":[{\"@type\":\"ListItem\",\"@id\":\"https:\\\/\\\/nrcmachine.com\\\/es#listItem\",\"position\":1,\"name\":\"Home\",\"item\":\"https:\\\/\\\/nrcmachine.com\\\/es\",\"nextItem\":{\"@type\":\"ListItem\",\"@id\":\"https:\\\/\\\/nrcmachine.com\\\/es\\\/product\\\/#listItem\",\"name\":\"Products\"}},{\"@type\":\"ListItem\",\"@id\":\"https:\\\/\\\/nrcmachine.com\\\/es\\\/product\\\/#listItem\",\"position\":2,\"name\":\"Products\",\"item\":\"https:\\\/\\\/nrcmachine.com\\\/es\\\/product\\\/\",\"nextItem\":{\"@type\":\"ListItem\",\"@id\":\"https:\\\/\\\/nrcmachine.com\\\/es\\\/tag\\\/paper-tube-making-machine\\\/#listItem\",\"name\":\"paper tube making machine\"},\"previousItem\":{\"@type\":\"ListItem\",\"@id\":\"https:\\\/\\\/nrcmachine.com\\\/es#listItem\",\"name\":\"Home\"}},{\"@type\":\"ListItem\",\"@id\":\"https:\\\/\\\/nrcmachine.com\\\/es\\\/tag\\\/paper-tube-making-machine\\\/#listItem\",\"position\":3,\"name\":\"paper tube making machine\",\"item\":\"https:\\\/\\\/nrcmachine.com\\\/es\\\/tag\\\/paper-tube-making-machine\\\/\",\"nextItem\":{\"@type\":\"ListItem\",\"@id\":\"https:\\\/\\\/nrcmachine.com\\\/es\\\/product\\\/150mm-inner-diameter-spiral-paper-tube-making-machine\\\/#listItem\",\"name\":\"150mm Inner Diameter Spiral Paper Tube Making Machine\"},\"previousItem\":{\"@type\":\"ListItem\",\"@id\":\"https:\\\/\\\/nrcmachine.com\\\/es\\\/product\\\/#listItem\",\"name\":\"Products\"}},{\"@type\":\"ListItem\",\"@id\":\"https:\\\/\\\/nrcmachine.com\\\/es\\\/product\\\/150mm-inner-diameter-spiral-paper-tube-making-machine\\\/#listItem\",\"position\":4,\"name\":\"150mm Inner Diameter Spiral Paper Tube Making Machine\",\"previousItem\":{\"@type\":\"ListItem\",\"@id\":\"https:\\\/\\\/nrcmachine.com\\\/es\\\/tag\\\/paper-tube-making-machine\\\/#listItem\",\"name\":\"paper tube making machine\"}}]},{\"@type\":\"Organization\",\"@id\":\"https:\\\/\\\/nrcmachine.com\\\/es\\\/#organization\",\"name\":\"Toilet Paper Machine, Paper Tube Machine | NRC Machine wordpress\",\"description\":\"Reliable Paper Machinery Solutions\",\"url\":\"https:\\\/\\\/nrcmachine.com\\\/es\\\/\",\"email\":\"james@nrcmachine.com\",\"telephone\":\"+8615254213289\",\"foundingDate\":\"2023-11-01\",\"numberOfEmployees\":{\"@type\":\"QuantitativeValue\",\"minValue\":1,\"maxValue\":50},\"logo\":{\"@type\":\"ImageObject\",\"url\":\"https:\\\/\\\/nrcmachine.com\\\/wp-content\\\/uploads\\\/2026\\\/01\\\/logo23.png\",\"@id\":\"https:\\\/\\\/nrcmachine.com\\\/es\\\/product\\\/150mm-inner-diameter-spiral-paper-tube-making-machine\\\/#organizationLogo\",\"width\":800,\"height\":800,\"caption\":\"logo for NRC MACHINE\"},\"image\":{\"@id\":\"https:\\\/\\\/nrcmachine.com\\\/es\\\/product\\\/150mm-inner-diameter-spiral-paper-tube-making-machine\\\/#organizationLogo\"},\"sameAs\":[\"https:\\\/\\\/www.facebook.com\\\/james.gao.349938\",\"https:\\\/\\\/x.com\\\/JamesGao65335\",\"https:\\\/\\\/www.instagram.com\\\/jamesgao407?igsh=d2YybzFhMjY0YTl3\",\"https:\\\/\\\/www.tiktok.com\\\/@gyl20210118\",\"https:\\\/\\\/www.linkedin.com\\\/in\\\/--9a63583a9\\\/\"]},{\"@type\":\"WebPage\",\"@id\":\"https:\\\/\\\/nrcmachine.com\\\/es\\\/product\\\/150mm-inner-diameter-spiral-paper-tube-making-machine\\\/#webpage\",\"url\":\"https:\\\/\\\/nrcmachine.com\\\/es\\\/product\\\/150mm-inner-diameter-spiral-paper-tube-making-machine\\\/\",\"name\":\"150mm Inner Diameter Spiral Paper Tube Making Machine - NRC\",\"description\":\"The 150mm Inner Diameter Spiral Paper Tube Making Machine is a high-efficiency solution designed for producing industrial-grade spiral-wound paper tubes.\",\"inLanguage\":\"es-ES\",\"isPartOf\":{\"@id\":\"https:\\\/\\\/nrcmachine.com\\\/es\\\/#website\"},\"breadcrumb\":{\"@id\":\"https:\\\/\\\/nrcmachine.com\\\/es\\\/product\\\/150mm-inner-diameter-spiral-paper-tube-making-machine\\\/#breadcrumblist\"},\"image\":{\"@type\":\"ImageObject\",\"url\":\"https:\\\/\\\/nrcmachine.com\\\/wp-content\\\/uploads\\\/2025\\\/11\\\/spiral-paper-tube-making-4.webp\",\"@id\":\"https:\\\/\\\/nrcmachine.com\\\/es\\\/product\\\/150mm-inner-diameter-spiral-paper-tube-making-machine\\\/#mainImage\",\"width\":800,\"height\":800,\"caption\":\"spiral paper tube making machine\"},\"primaryImageOfPage\":{\"@id\":\"https:\\\/\\\/nrcmachine.com\\\/es\\\/product\\\/150mm-inner-diameter-spiral-paper-tube-making-machine\\\/#mainImage\"},\"datePublished\":\"2025-11-07T15:46:11+08:00\",\"dateModified\":\"2026-01-02T12:17:44+08:00\"},{\"@type\":\"WebSite\",\"@id\":\"https:\\\/\\\/nrcmachine.com\\\/es\\\/#website\",\"url\":\"https:\\\/\\\/nrcmachine.com\\\/es\\\/\",\"name\":\"Toilet Paper Machine, Paper Tube Machine | NRC Machine\",\"alternateName\":\"Qingdao New Richuan Precision Machine Co.,Ltd\",\"description\":\"Reliable Paper Machinery Solutions\",\"inLanguage\":\"es-ES\",\"publisher\":{\"@id\":\"https:\\\/\\\/nrcmachine.com\\\/es\\\/#organization\"}}]}\n\t\t<\/script>\n\t\t<!-- All in One SEO Pro -->\r\n\t\t<title>150mm Inner Diameter Spiral Paper Tube Making Machine - NRC<\/title>\n\n","aioseo_head_json":{"title":"M\u00e1quina para fabricar tubos de papel en espiral de 150 mm de di\u00e1metro interior - NRC","description":"La m\u00e1quina de fabricaci\u00f3n de tubos de papel en espiral de 150 mm de di\u00e1metro interior es una soluci\u00f3n de alta eficiencia dise\u00f1ada para producir tubos de papel en espiral de calidad industrial.","canonical_url":"https:\/\/nrcmachine.com\/es\/product\/150mm-inner-diameter-spiral-paper-tube-making-machine\/","robots":"max-snippet:-1, max-image-preview:large, max-video-preview:-1","keywords":"","webmasterTools":{"miscellaneous":""},"schema":{"@context":"https:\/\/schema.org","@graph":[{"@type":"BreadcrumbList","@id":"https:\/\/nrcmachine.com\/es\/product\/150mm-inner-diameter-spiral-paper-tube-making-machine\/#breadcrumblist","itemListElement":[{"@type":"ListItem","@id":"https:\/\/nrcmachine.com\/es#listItem","position":1,"name":"Home","item":"https:\/\/nrcmachine.com\/es","nextItem":{"@type":"ListItem","@id":"https:\/\/nrcmachine.com\/es\/product\/#listItem","name":"Products"}},{"@type":"ListItem","@id":"https:\/\/nrcmachine.com\/es\/product\/#listItem","position":2,"name":"Products","item":"https:\/\/nrcmachine.com\/es\/product\/","nextItem":{"@type":"ListItem","@id":"https:\/\/nrcmachine.com\/es\/tag\/paper-tube-making-machine\/#listItem","name":"paper tube making machine"},"previousItem":{"@type":"ListItem","@id":"https:\/\/nrcmachine.com\/es#listItem","name":"Home"}},{"@type":"ListItem","@id":"https:\/\/nrcmachine.com\/es\/tag\/paper-tube-making-machine\/#listItem","position":3,"name":"paper tube making machine","item":"https:\/\/nrcmachine.com\/es\/tag\/paper-tube-making-machine\/","nextItem":{"@type":"ListItem","@id":"https:\/\/nrcmachine.com\/es\/product\/150mm-inner-diameter-spiral-paper-tube-making-machine\/#listItem","name":"150mm Inner Diameter Spiral Paper Tube Making Machine"},"previousItem":{"@type":"ListItem","@id":"https:\/\/nrcmachine.com\/es\/product\/#listItem","name":"Products"}},{"@type":"ListItem","@id":"https:\/\/nrcmachine.com\/es\/product\/150mm-inner-diameter-spiral-paper-tube-making-machine\/#listItem","position":4,"name":"150mm Inner Diameter Spiral Paper Tube Making Machine","previousItem":{"@type":"ListItem","@id":"https:\/\/nrcmachine.com\/es\/tag\/paper-tube-making-machine\/#listItem","name":"paper tube making machine"}}]},{"@type":"Organization","@id":"https:\/\/nrcmachine.com\/es\/#organization","name":"Toilet Paper Machine, Paper Tube Machine | NRC Machine wordpress","description":"Reliable Paper Machinery Solutions","url":"https:\/\/nrcmachine.com\/es\/","email":"james@nrcmachine.com","telephone":"+8615254213289","foundingDate":"2023-11-01","numberOfEmployees":{"@type":"QuantitativeValue","minValue":1,"maxValue":50},"logo":{"@type":"ImageObject","url":"https:\/\/nrcmachine.com\/wp-content\/uploads\/2026\/01\/logo23.png","@id":"https:\/\/nrcmachine.com\/es\/product\/150mm-inner-diameter-spiral-paper-tube-making-machine\/#organizationLogo","width":800,"height":800,"caption":"logo for NRC MACHINE"},"image":{"@id":"https:\/\/nrcmachine.com\/es\/product\/150mm-inner-diameter-spiral-paper-tube-making-machine\/#organizationLogo"},"sameAs":["https:\/\/www.facebook.com\/james.gao.349938","https:\/\/x.com\/JamesGao65335","https:\/\/www.instagram.com\/jamesgao407?igsh=d2YybzFhMjY0YTl3","https:\/\/www.tiktok.com\/@gyl20210118","https:\/\/www.linkedin.com\/in\/--9a63583a9\/"]},{"@type":"WebPage","@id":"https:\/\/nrcmachine.com\/es\/product\/150mm-inner-diameter-spiral-paper-tube-making-machine\/#webpage","url":"https:\/\/nrcmachine.com\/es\/product\/150mm-inner-diameter-spiral-paper-tube-making-machine\/","name":"150mm Inner Diameter Spiral Paper Tube Making Machine - NRC","description":"The 150mm Inner Diameter Spiral Paper Tube Making Machine is a high-efficiency solution designed for producing industrial-grade spiral-wound paper tubes.","inLanguage":"es-ES","isPartOf":{"@id":"https:\/\/nrcmachine.com\/es\/#website"},"breadcrumb":{"@id":"https:\/\/nrcmachine.com\/es\/product\/150mm-inner-diameter-spiral-paper-tube-making-machine\/#breadcrumblist"},"image":{"@type":"ImageObject","url":"https:\/\/nrcmachine.com\/wp-content\/uploads\/2025\/11\/spiral-paper-tube-making-4.webp","@id":"https:\/\/nrcmachine.com\/es\/product\/150mm-inner-diameter-spiral-paper-tube-making-machine\/#mainImage","width":800,"height":800,"caption":"spiral paper tube making machine"},"primaryImageOfPage":{"@id":"https:\/\/nrcmachine.com\/es\/product\/150mm-inner-diameter-spiral-paper-tube-making-machine\/#mainImage"},"datePublished":"2025-11-07T15:46:11+08:00","dateModified":"2026-01-02T12:17:44+08:00"},{"@type":"WebSite","@id":"https:\/\/nrcmachine.com\/es\/#website","url":"https:\/\/nrcmachine.com\/es\/","name":"Toilet Paper Machine, Paper Tube Machine | NRC Machine","alternateName":"Qingdao New Richuan Precision Machine Co.,Ltd","description":"Reliable Paper Machinery Solutions","inLanguage":"es-ES","publisher":{"@id":"https:\/\/nrcmachine.com\/es\/#organization"}}]},"og:locale":"es_ES","og:site_name":"Toilet Paper Machine, Paper Tube Machine | NRC Machine - Reliable Paper Machinery Solutions","og:type":"article","og:title":"150mm Inner Diameter Spiral Paper Tube Making Machine - NRC","og:description":"The 150mm Inner Diameter Spiral Paper Tube Making Machine is a high-efficiency solution designed for producing industrial-grade spiral-wound paper tubes.","og:url":"https:\/\/nrcmachine.com\/es\/product\/150mm-inner-diameter-spiral-paper-tube-making-machine\/","og:image":"https:\/\/nrcmachine.com\/wp-content\/uploads\/2025\/11\/spiral-paper-tube-making-4.webp","og:image:secure_url":"https:\/\/nrcmachine.com\/wp-content\/uploads\/2025\/11\/spiral-paper-tube-making-4.webp","og:image:width":800,"og:image:height":800,"article:published_time":"2025-11-07T07:46:11+00:00","article:modified_time":"2026-01-02T04:17:44+00:00","article:publisher":"https:\/\/www.facebook.com\/james.gao.349938","twitter:card":"summary","twitter:site":"@JamesGao65335","twitter:title":"150mm Inner Diameter Spiral Paper Tube Making Machine - NRC","twitter:description":"The 150mm Inner Diameter Spiral Paper Tube Making Machine is a high-efficiency solution designed for producing industrial-grade spiral-wound paper tubes.","twitter:image":"https:\/\/nrcmachine.com\/wp-content\/uploads\/2025\/11\/spiral-paper-tube-making-4.webp"},"aioseo_meta_data":{"post_id":"1927","title":"#post_title #separator_sa NRC","description":"La m\u00e1quina de fabricaci\u00f3n de tubos de papel en espiral de 150 mm de di\u00e1metro interior es una soluci\u00f3n de alta eficiencia dise\u00f1ada para producir tubos de papel en espiral de calidad industrial.","keywords":null,"keyphrases":{"focus":{"keyphrase":"paper tube making machine","score":100,"analysis":{"keyphraseInTitle":{"score":9,"maxScore":9,"error":0},"keyphraseInDescription":{"score":9,"maxScore":9,"error":0},"keyphraseLength":{"score":9,"maxScore":9,"error":0,"length":4},"keyphraseInURL":{"score":5,"maxScore":5,"error":0},"keyphraseInIntroduction":{"score":9,"maxScore":9,"error":0},"keyphraseInSubHeadings":{"score":9,"maxScore":9,"error":0},"keyphraseInImageAlt":[],"keywordDensity":{"type":"best","score":9,"maxScore":9,"error":0}}},"additional":[]},"primary_term":null,"canonical_url":null,"og_title":null,"og_description":null,"og_object_type":"default","og_image_type":"default","og_image_url":null,"og_image_width":null,"og_image_height":null,"og_image_custom_url":null,"og_image_custom_fields":null,"og_video":"","og_custom_url":null,"og_article_section":null,"og_article_tags":null,"twitter_use_og":false,"twitter_card":"default","twitter_image_type":"default","twitter_image_url":null,"twitter_image_custom_url":null,"twitter_image_custom_fields":null,"twitter_title":null,"twitter_description":null,"schema":{"blockGraphs":[],"customGraphs":[],"default":{"data":{"Article":[],"Course":[],"Dataset":[],"FAQPage":[],"Movie":[],"Person":[],"Product":[],"ProductReview":[],"Car":[],"Recipe":[],"Service":[],"SoftwareApplication":[],"WebPage":[]},"graphName":"ItemPage","isEnabled":true},"graphs":[]},"schema_type":"default","schema_type_options":null,"pillar_content":false,"robots_default":true,"robots_noindex":false,"robots_noarchive":false,"robots_nosnippet":false,"robots_nofollow":false,"robots_noimageindex":false,"robots_noodp":false,"robots_notranslate":false,"robots_max_snippet":"-1","robots_max_videopreview":"-1","robots_max_imagepreview":"large","priority":null,"frequency":"default","local_seo":null,"seo_analyzer_scan_date":"2026-02-13 03:48:56","breadcrumb_settings":null,"limit_modified_date":false,"reviewed_by":null,"open_ai":null,"ai":{"faqs":[],"keyPoints":[],"titles":[],"descriptions":[],"socialPosts":{"email":[],"linkedin":[],"twitter":[],"facebook":[],"instagram":[]}},"created":"2025-12-11 08:38:39","updated":"2026-02-13 06:50:29"},"aioseo_breadcrumb":"<div class=\"aioseo-breadcrumbs\"><span class=\"aioseo-breadcrumb\">\n\t<a href=\"https:\/\/nrcmachine.com\/es\" title=\"Home\">Home<\/a>\n<\/span><span class=\"aioseo-breadcrumb-separator\">\u00bb<\/span><span class=\"aioseo-breadcrumb\">\n\t<a href=\"https:\/\/nrcmachine.com\/es\/product\/\" title=\"Products\">Products<\/a>\n<\/span><span class=\"aioseo-breadcrumb-separator\">\u00bb<\/span><span class=\"aioseo-breadcrumb\">\n\t<a href=\"https:\/\/nrcmachine.com\/es\/tag\/paper-tube-making-machine\/\" title=\"paper tube making machine\">paper tube making machine<\/a>\n<\/span><span class=\"aioseo-breadcrumb-separator\">\u00bb<\/span><span class=\"aioseo-breadcrumb\">\n\t150mm Inner Diameter Spiral Paper Tube Making Machine\n<\/span><\/div>","aioseo_breadcrumb_json":[{"label":"Home","link":"https:\/\/nrcmachine.com\/es"},{"label":"Products","link":"https:\/\/nrcmachine.com\/es\/product\/"},{"label":"paper tube making machine","link":"https:\/\/nrcmachine.com\/es\/tag\/paper-tube-making-machine\/"},{"label":"150mm Inner Diameter Spiral Paper Tube Making Machine","link":"https:\/\/nrcmachine.com\/es\/product\/150mm-inner-diameter-spiral-paper-tube-making-machine\/"}],"_links":{"self":[{"href":"https:\/\/nrcmachine.com\/es\/wp-json\/wp\/v2\/product\/1927","targetHints":{"allow":["GET"]}}],"collection":[{"href":"https:\/\/nrcmachine.com\/es\/wp-json\/wp\/v2\/product"}],"about":[{"href":"https:\/\/nrcmachine.com\/es\/wp-json\/wp\/v2\/types\/product"}],"version-history":[{"count":0,"href":"https:\/\/nrcmachine.com\/es\/wp-json\/wp\/v2\/product\/1927\/revisions"}],"wp:featuredmedia":[{"embeddable":true,"href":"https:\/\/nrcmachine.com\/es\/wp-json\/wp\/v2\/media\/3551"}],"wp:attachment":[{"href":"https:\/\/nrcmachine.com\/es\/wp-json\/wp\/v2\/media?parent=1927"}],"wp:term":[{"taxonomy":"post_tag","embeddable":true,"href":"https:\/\/nrcmachine.com\/es\/wp-json\/wp\/v2\/tags?post=1927"},{"taxonomy":"products","embeddable":true,"href":"https:\/\/nrcmachine.com\/es\/wp-json\/wp\/v2\/products?post=1927"}],"curies":[{"name":"wp","href":"https:\/\/api.w.org\/{rel}","templated":true}]}}