 {"id":2199,"date":"2025-11-14T22:46:24","date_gmt":"2025-11-14T14:46:24","guid":{"rendered":"https:\/\/nrcmachine.com\/?post_type=product&#038;p=2199"},"modified":"2025-12-31T09:17:20","modified_gmt":"2025-12-31T01:17:20","slug":"paper-tube-winding-machine","status":"publish","type":"product","link":"https:\/\/nrcmachine.com\/es\/product\/paper-tube-winding-machine\/","title":{"rendered":"Bobinadora de tubos de papel"},"content":{"rendered":"<h3 style=\"text-align: center;\"><strong>\ud83c\udf1f Alto rendimiento <a href=\"https:\/\/nrcmachine.com\/es\/products\/spiral-paper-tube-making-machine\/\">Bobinadora de tubos de papel<\/a> por <a href=\"https:\/\/nrcmachine.com\/es\/\">NRC M\u00c1QUINA<\/a> - \u00a1Precisi\u00f3n y fiabilidad redefinidas! \ud83c\udf1f<\/strong><\/h3>\n<p>El <strong><a href=\"https:\/\/nrcmachine.com\/es\/products\/spiral-paper-tube-making-machine\/\">Bobinadora de tubos de papel<\/a> por <a href=\"https:\/\/nrcmachine.com\/es\/\">NRC M\u00c1QUINA<\/a><\/strong> est\u00e1 dise\u00f1ada para ofrecer un rendimiento, una precisi\u00f3n y una versatilidad excepcionales para las necesidades de la producci\u00f3n moderna. \u00bfBusca una soluci\u00f3n fiable y eficaz para fabricar tubos de papel? \u00a1No busque m\u00e1s! \ud83d\udcbc\ud83d\udda8\ufe0f<\/p>\n<div class=\"ast-oembed-container\" style=\"height: 100%;\"><iframe title=\"M\u00e1quina para fabricar tubos de cart\u00f3n en espiral M\u00e1quina bobinadora\" width=\"500\" height=\"281\" src=\"https:\/\/www.youtube.com\/embed\/wO6jHHtrKk8?feature=oembed\" frameborder=\"0\" allow=\"accelerometer; autoplay; clipboard-write; encrypted-media; gyroscope; picture-in-picture; web-share\" referrerpolicy=\"strict-origin-when-cross-origin\" allowfullscreen><\/iframe><\/div>\n<h4><strong>\ud83d\udd27 Especificaciones clave que destacan:<\/strong><\/h4>\n<ul>\n<li><strong>Gama de di\u00e1metros interiores:<\/strong>30-200 mm - Ideal para una amplia variedad de tama\u00f1os de tubo, desde peque\u00f1os n\u00facleos hasta grandes rollos industriales.<\/li>\n<li><strong>Espesor de pared Capacidad:<\/strong>1-15 mm - Admite todo tipo de producci\u00f3n, desde tubos de papel ligeros hasta tubos de papel resistentes.<\/li>\n<li><strong>Sistema de propulsi\u00f3n:<\/strong>Equipado con un <strong>controlador de servomotor<\/strong>\u00a0para un control suave, preciso y sensible durante las operaciones de bobinado.<\/li>\n<li><strong>Sistema de control:<\/strong>Avanzado <strong>Controlador CNC<\/strong>\u00a0garantiza un funcionamiento totalmente automatizado y programable con una producci\u00f3n de calidad constante.<\/li>\n<li><strong>Componentes el\u00e9ctricos:<\/strong>Utiliza <strong>Marca Delta<\/strong>\u00a0conocidos por su durabilidad, estabilidad y fiabilidad global.<\/li>\n<\/ul>\n<h4><strong>\ud83d\ude80 Por qu\u00e9 brilla esta m\u00e1quina:<\/strong><\/h4>\n<p>\u2705 <strong>Ingenier\u00eda de precisi\u00f3n:<\/strong>\u00a0La combinaci\u00f3n de la tecnolog\u00eda de servomotores y el control CNC permite obtener una precisi\u00f3n microm\u00e9trica, minimizando los residuos y maximizando la uniformidad del producto.<br \/>\n\u2705 <strong>Interfaz f\u00e1cil de usar:<\/strong>\u00a0El sistema CNC es intuitivo y permite a los operarios ajustar par\u00e1metros, guardar recetas y supervisar la producci\u00f3n en tiempo real.<br \/>\n\u2705 <strong>Construcci\u00f3n robusta y duradera:<\/strong>\u00a0Dise\u00f1ada para un funcionamiento continuo en entornos exigentes, esta m\u00e1quina garantiza una productividad a largo plazo con un tiempo de inactividad m\u00ednimo.<br \/>\n\u2705 <strong>Amplio campo de aplicaci\u00f3n:<\/strong>\u00a0Perfecta para producir n\u00facleos de papel utilizados en textiles, impresi\u00f3n, embalaje, cintas adhesivas, etc.<\/p>\n<h4><strong>\ud83d\udca1 Ideal para fabricantes que buscan:<\/strong><\/h4>\n<ul>\n<li>Mayor eficacia de la producci\u00f3n<\/li>\n<li>Calidad constante del producto<\/li>\n<li>Bajos costes de mantenimiento<\/li>\n<li>F\u00e1cil integraci\u00f3n en las l\u00edneas de producci\u00f3n existentes<\/li>\n<\/ul>\n<h4><strong>\ud83c\udf08 Reflexiones finales:<\/strong><\/h4>\n<p>Si est\u00e1 actualizando su l\u00ednea de producci\u00f3n de tubos de papel o creando una nueva instalaci\u00f3n, el <a href=\"https:\/\/nrcmachine.com\/es\/\">NRC M\u00c1QUINA<\/a> <a href=\"https:\/\/nrcmachinery.com\/products\/spiral-paper-tube-machine.html\">bobinadora de tubos de papel<\/a> es una inversi\u00f3n inteligente y preparada para el futuro. Con sus potentes componentes Delta, su servocontrol preciso y sus especificaciones flexibles, est\u00e1 construida para satisfacer las demandas cambiantes de la industria. \ud83c\udfed\u2728<\/p>\n<p>\ud83d\udc49 <strong>Consejo profesional:<\/strong>\u00a0Adapte siempre las especificaciones de la materia prima (tipo de papel, cola, tensi\u00f3n) a los ajustes de la m\u00e1quina para obtener resultados \u00f3ptimos.<\/p>\n<p>\ud83d\udccc <em>S\u00edganos para obtener m\u00e1s informaci\u00f3n sobre maquinaria industrial y consejos de fabricaci\u00f3n.<\/em><br \/>\n#<a href=\"https:\/\/nrcmachinery.com\/products\/spiral-paper-tube-machine.html\">PaperTubeMachine<\/a> #<a href=\"https:\/\/nrcmachine.com\/es\/\">M\u00e1quina NRC<\/a> #CNC Machinery #PackagingSolutions #ManufacturingTech #DeltaAutomation #ServoMotor #IndustrialInnovation<\/p>\n<p>&nbsp;<\/p>","protected":false},"featured_media":3468,"template":"","meta":{"_acf_changed":false,"_monsterinsights_skip_tracking":false,"_monsterinsights_sitenote_active":false,"_monsterinsights_sitenote_note":"","_monsterinsights_sitenote_category":0,"site-sidebar-layout":"default","site-content-layout":"","ast-site-content-layout":"default","site-content-style":"default","site-sidebar-style":"default","ast-global-header-display":"","ast-banner-title-visibility":"","ast-main-header-display":"","ast-hfb-above-header-display":"","ast-hfb-below-header-display":"","ast-hfb-mobile-header-display":"","site-post-title":"","ast-breadcrumbs-content":"","ast-featured-img":"","footer-sml-layout":"","theme-transparent-header-meta":"default","adv-header-id-meta":"","stick-header-meta":"default","header-above-stick-meta":"","header-main-stick-meta":"","header-below-stick-meta":"","astra-migrate-meta-layouts":"set","ast-page-background-enabled":"default","ast-page-background-meta":{"desktop":{"background-color":"var(--ast-global-color-4)","background-image":"","background-repeat":"repeat","background-position":"center center","background-size":"auto","background-attachment":"scroll","background-type":"","background-media":"","overlay-type":"","overlay-color":"","overlay-opacity":"","overlay-gradient":""},"tablet":{"background-color":"","background-image":"","background-repeat":"repeat","background-position":"center center","background-size":"auto","background-attachment":"scroll","background-type":"","background-media":"","overlay-type":"","overlay-color":"","overlay-opacity":"","overlay-gradient":""},"mobile":{"background-color":"","background-image":"","background-repeat":"repeat","background-position":"center center","background-size":"auto","background-attachment":"scroll","background-type":"","background-media":"","overlay-type":"","overlay-color":"","overlay-opacity":"","overlay-gradient":""}},"ast-content-background-meta":{"desktop":{"background-color":"var(--ast-global-color-5)","background-image":"","background-repeat":"repeat","background-position":"center center","background-size":"auto","background-attachment":"scroll","background-type":"","background-media":"","overlay-type":"","overlay-color":"","overlay-opacity":"","overlay-gradient":""},"tablet":{"background-color":"var(--ast-global-color-5)","background-image":"","background-repeat":"repeat","background-position":"center center","background-size":"auto","background-attachment":"scroll","background-type":"","background-media":"","overlay-type":"","overlay-color":"","overlay-opacity":"","overlay-gradient":""},"mobile":{"background-color":"var(--ast-global-color-5)","background-image":"","background-repeat":"repeat","background-position":"center center","background-size":"auto","background-attachment":"scroll","background-type":"","background-media":"","overlay-type":"","overlay-color":"","overlay-opacity":"","overlay-gradient":""}}},"tags":[49,48],"products":[43],"class_list":["post-2199","product","type-product","status-publish","has-post-thumbnail","hentry","tag-paper-tube-machine","tag-paper-tube-making-machine","products-spiral-paper-tube-making-machine"],"acf":[],"aioseo_notices":[],"aioseo_head":"\n\t\t<!-- All in One SEO Pro 4.9.2 - aioseo.com -->\n\t<meta name=\"description\" content=\"The Paper Tube Winding Machine by NRC MACHINE is engineered to deliver exceptional performance, precision, and versatility for modern production needs.\" \/>\n\t<meta name=\"robots\" content=\"max-snippet:-1, max-image-preview:large, max-video-preview:-1\" \/>\n\t<link rel=\"canonical\" href=\"https:\/\/nrcmachine.com\/es\/product\/paper-tube-winding-machine\/\" \/>\n\t<meta name=\"generator\" content=\"All in One SEO Pro (AIOSEO) 4.9.2\" \/>\n\t\t<meta property=\"og:locale\" content=\"es_ES\" \/>\n\t\t<meta property=\"og:site_name\" content=\"Toilet Paper Machine, Paper Tube Machine | NRC Machine - Reliable Paper Machinery Solutions\" \/>\n\t\t<meta property=\"og:type\" content=\"article\" \/>\n\t\t<meta property=\"og:title\" content=\"Paper Tube Winding Machine - QINGDAO NEW RICHUAN PRECISION\" \/>\n\t\t<meta property=\"og:description\" content=\"The Paper Tube Winding Machine by NRC MACHINE is engineered to deliver exceptional performance, precision, and versatility for modern production needs.\" \/>\n\t\t<meta property=\"og:url\" content=\"https:\/\/nrcmachine.com\/es\/product\/paper-tube-winding-machine\/\" \/>\n\t\t<meta property=\"og:image\" content=\"https:\/\/nrcmachine.com\/wp-content\/uploads\/2025\/11\/paper-tube-winding-machine.webp\" \/>\n\t\t<meta property=\"og:image:secure_url\" content=\"https:\/\/nrcmachine.com\/wp-content\/uploads\/2025\/11\/paper-tube-winding-machine.webp\" \/>\n\t\t<meta property=\"og:image:width\" content=\"960\" \/>\n\t\t<meta property=\"og:image:height\" content=\"960\" \/>\n\t\t<meta property=\"article:published_time\" content=\"2025-11-14T14:46:24+00:00\" \/>\n\t\t<meta property=\"article:modified_time\" content=\"2025-12-31T01:17:20+00:00\" \/>\n\t\t<meta property=\"article:publisher\" content=\"https:\/\/www.facebook.com\/james.gao.349938\" \/>\n\t\t<meta name=\"twitter:card\" content=\"summary\" \/>\n\t\t<meta name=\"twitter:site\" content=\"@JamesGao65335\" \/>\n\t\t<meta name=\"twitter:title\" content=\"Paper Tube Winding Machine - QINGDAO NEW RICHUAN PRECISION\" \/>\n\t\t<meta name=\"twitter:description\" content=\"The Paper Tube Winding Machine by NRC MACHINE is engineered to deliver exceptional performance, precision, and versatility for modern production needs.\" \/>\n\t\t<meta name=\"twitter:image\" content=\"https:\/\/nrcmachine.com\/wp-content\/uploads\/2025\/11\/paper-tube-winding-machine.webp\" \/>\n\t\t<script type=\"application\/ld+json\" class=\"aioseo-schema\">\n\t\t\t{\"@context\":\"https:\\\/\\\/schema.org\",\"@graph\":[{\"@type\":\"BreadcrumbList\",\"@id\":\"https:\\\/\\\/nrcmachine.com\\\/es\\\/product\\\/paper-tube-winding-machine\\\/#breadcrumblist\",\"itemListElement\":[{\"@type\":\"ListItem\",\"@id\":\"https:\\\/\\\/nrcmachine.com\\\/es#listItem\",\"position\":1,\"name\":\"Home\",\"item\":\"https:\\\/\\\/nrcmachine.com\\\/es\",\"nextItem\":{\"@type\":\"ListItem\",\"@id\":\"https:\\\/\\\/nrcmachine.com\\\/es\\\/product\\\/#listItem\",\"name\":\"Products\"}},{\"@type\":\"ListItem\",\"@id\":\"https:\\\/\\\/nrcmachine.com\\\/es\\\/product\\\/#listItem\",\"position\":2,\"name\":\"Products\",\"item\":\"https:\\\/\\\/nrcmachine.com\\\/es\\\/product\\\/\",\"nextItem\":{\"@type\":\"ListItem\",\"@id\":\"https:\\\/\\\/nrcmachine.com\\\/es\\\/tag\\\/paper-tube-making-machine\\\/#listItem\",\"name\":\"paper tube making machine\"},\"previousItem\":{\"@type\":\"ListItem\",\"@id\":\"https:\\\/\\\/nrcmachine.com\\\/es#listItem\",\"name\":\"Home\"}},{\"@type\":\"ListItem\",\"@id\":\"https:\\\/\\\/nrcmachine.com\\\/es\\\/tag\\\/paper-tube-making-machine\\\/#listItem\",\"position\":3,\"name\":\"paper tube making machine\",\"item\":\"https:\\\/\\\/nrcmachine.com\\\/es\\\/tag\\\/paper-tube-making-machine\\\/\",\"nextItem\":{\"@type\":\"ListItem\",\"@id\":\"https:\\\/\\\/nrcmachine.com\\\/es\\\/product\\\/paper-tube-winding-machine\\\/#listItem\",\"name\":\"Paper Tube Winding Machine\"},\"previousItem\":{\"@type\":\"ListItem\",\"@id\":\"https:\\\/\\\/nrcmachine.com\\\/es\\\/product\\\/#listItem\",\"name\":\"Products\"}},{\"@type\":\"ListItem\",\"@id\":\"https:\\\/\\\/nrcmachine.com\\\/es\\\/product\\\/paper-tube-winding-machine\\\/#listItem\",\"position\":4,\"name\":\"Paper Tube Winding Machine\",\"previousItem\":{\"@type\":\"ListItem\",\"@id\":\"https:\\\/\\\/nrcmachine.com\\\/es\\\/tag\\\/paper-tube-making-machine\\\/#listItem\",\"name\":\"paper tube making machine\"}}]},{\"@type\":\"Organization\",\"@id\":\"https:\\\/\\\/nrcmachine.com\\\/es\\\/#organization\",\"name\":\"Toilet Paper Machine, Paper Tube Machine | NRC Machine wordpress\",\"description\":\"Reliable Paper Machinery Solutions\",\"url\":\"https:\\\/\\\/nrcmachine.com\\\/es\\\/\",\"email\":\"james@nrcmachine.com\",\"telephone\":\"+8615254213289\",\"foundingDate\":\"2023-11-01\",\"numberOfEmployees\":{\"@type\":\"QuantitativeValue\",\"minValue\":1,\"maxValue\":50},\"logo\":{\"@type\":\"ImageObject\",\"url\":\"https:\\\/\\\/nrcmachine.com\\\/wp-content\\\/uploads\\\/2026\\\/01\\\/logo23.png\",\"@id\":\"https:\\\/\\\/nrcmachine.com\\\/es\\\/product\\\/paper-tube-winding-machine\\\/#organizationLogo\",\"width\":800,\"height\":800,\"caption\":\"logo for NRC MACHINE\"},\"image\":{\"@id\":\"https:\\\/\\\/nrcmachine.com\\\/es\\\/product\\\/paper-tube-winding-machine\\\/#organizationLogo\"},\"sameAs\":[\"https:\\\/\\\/www.facebook.com\\\/james.gao.349938\",\"https:\\\/\\\/x.com\\\/JamesGao65335\",\"https:\\\/\\\/www.instagram.com\\\/jamesgao407?igsh=d2YybzFhMjY0YTl3\",\"https:\\\/\\\/www.tiktok.com\\\/@gyl20210118\",\"https:\\\/\\\/www.linkedin.com\\\/in\\\/--9a63583a9\\\/\"]},{\"@type\":\"WebPage\",\"@id\":\"https:\\\/\\\/nrcmachine.com\\\/es\\\/product\\\/paper-tube-winding-machine\\\/#webpage\",\"url\":\"https:\\\/\\\/nrcmachine.com\\\/es\\\/product\\\/paper-tube-winding-machine\\\/\",\"name\":\"Paper Tube Winding Machine - QINGDAO NEW RICHUAN PRECISION\",\"description\":\"The Paper Tube Winding Machine by NRC MACHINE is engineered to deliver exceptional performance, precision, and versatility for modern production needs.\",\"inLanguage\":\"es-ES\",\"isPartOf\":{\"@id\":\"https:\\\/\\\/nrcmachine.com\\\/es\\\/#website\"},\"breadcrumb\":{\"@id\":\"https:\\\/\\\/nrcmachine.com\\\/es\\\/product\\\/paper-tube-winding-machine\\\/#breadcrumblist\"},\"image\":{\"@type\":\"ImageObject\",\"url\":\"https:\\\/\\\/nrcmachine.com\\\/wp-content\\\/uploads\\\/2025\\\/11\\\/paper-tube-winding-machine.webp\",\"@id\":\"https:\\\/\\\/nrcmachine.com\\\/es\\\/product\\\/paper-tube-winding-machine\\\/#mainImage\",\"width\":960,\"height\":960,\"caption\":\"paper tube winding machine\"},\"primaryImageOfPage\":{\"@id\":\"https:\\\/\\\/nrcmachine.com\\\/es\\\/product\\\/paper-tube-winding-machine\\\/#mainImage\"},\"datePublished\":\"2025-11-14T22:46:24+08:00\",\"dateModified\":\"2025-12-31T09:17:20+08:00\"},{\"@type\":\"WebSite\",\"@id\":\"https:\\\/\\\/nrcmachine.com\\\/es\\\/#website\",\"url\":\"https:\\\/\\\/nrcmachine.com\\\/es\\\/\",\"name\":\"Toilet Paper Machine, Paper Tube Machine | NRC Machine\",\"alternateName\":\"Qingdao New Richuan Precision Machine Co.,Ltd\",\"description\":\"Reliable Paper Machinery Solutions\",\"inLanguage\":\"es-ES\",\"publisher\":{\"@id\":\"https:\\\/\\\/nrcmachine.com\\\/es\\\/#organization\"}}]}\n\t\t<\/script>\n\t\t<!-- All in One SEO Pro -->\r\n\t\t<title>Paper Tube Winding Machine - QINGDAO NEW RICHUAN PRECISION<\/title>\n\n","aioseo_head_json":{"title":"M\u00e1quina bobinadora de tubos de papel - QINGDAO NEW RICHUAN PRECISION","description":"La bobinadora de tubos de papel de NRC MACHINE est\u00e1 dise\u00f1ada para ofrecer un rendimiento, una precisi\u00f3n y una versatilidad excepcionales para las necesidades de producci\u00f3n modernas.","canonical_url":"https:\/\/nrcmachine.com\/es\/product\/paper-tube-winding-machine\/","robots":"max-snippet:-1, max-image-preview:large, max-video-preview:-1","keywords":"","webmasterTools":{"miscellaneous":""},"schema":{"@context":"https:\/\/schema.org","@graph":[{"@type":"BreadcrumbList","@id":"https:\/\/nrcmachine.com\/es\/product\/paper-tube-winding-machine\/#breadcrumblist","itemListElement":[{"@type":"ListItem","@id":"https:\/\/nrcmachine.com\/es#listItem","position":1,"name":"Home","item":"https:\/\/nrcmachine.com\/es","nextItem":{"@type":"ListItem","@id":"https:\/\/nrcmachine.com\/es\/product\/#listItem","name":"Products"}},{"@type":"ListItem","@id":"https:\/\/nrcmachine.com\/es\/product\/#listItem","position":2,"name":"Products","item":"https:\/\/nrcmachine.com\/es\/product\/","nextItem":{"@type":"ListItem","@id":"https:\/\/nrcmachine.com\/es\/tag\/paper-tube-making-machine\/#listItem","name":"paper tube making machine"},"previousItem":{"@type":"ListItem","@id":"https:\/\/nrcmachine.com\/es#listItem","name":"Home"}},{"@type":"ListItem","@id":"https:\/\/nrcmachine.com\/es\/tag\/paper-tube-making-machine\/#listItem","position":3,"name":"paper tube making machine","item":"https:\/\/nrcmachine.com\/es\/tag\/paper-tube-making-machine\/","nextItem":{"@type":"ListItem","@id":"https:\/\/nrcmachine.com\/es\/product\/paper-tube-winding-machine\/#listItem","name":"Paper Tube Winding Machine"},"previousItem":{"@type":"ListItem","@id":"https:\/\/nrcmachine.com\/es\/product\/#listItem","name":"Products"}},{"@type":"ListItem","@id":"https:\/\/nrcmachine.com\/es\/product\/paper-tube-winding-machine\/#listItem","position":4,"name":"Paper Tube Winding Machine","previousItem":{"@type":"ListItem","@id":"https:\/\/nrcmachine.com\/es\/tag\/paper-tube-making-machine\/#listItem","name":"paper tube making machine"}}]},{"@type":"Organization","@id":"https:\/\/nrcmachine.com\/es\/#organization","name":"Toilet Paper Machine, Paper Tube Machine | NRC Machine wordpress","description":"Reliable Paper Machinery Solutions","url":"https:\/\/nrcmachine.com\/es\/","email":"james@nrcmachine.com","telephone":"+8615254213289","foundingDate":"2023-11-01","numberOfEmployees":{"@type":"QuantitativeValue","minValue":1,"maxValue":50},"logo":{"@type":"ImageObject","url":"https:\/\/nrcmachine.com\/wp-content\/uploads\/2026\/01\/logo23.png","@id":"https:\/\/nrcmachine.com\/es\/product\/paper-tube-winding-machine\/#organizationLogo","width":800,"height":800,"caption":"logo for NRC MACHINE"},"image":{"@id":"https:\/\/nrcmachine.com\/es\/product\/paper-tube-winding-machine\/#organizationLogo"},"sameAs":["https:\/\/www.facebook.com\/james.gao.349938","https:\/\/x.com\/JamesGao65335","https:\/\/www.instagram.com\/jamesgao407?igsh=d2YybzFhMjY0YTl3","https:\/\/www.tiktok.com\/@gyl20210118","https:\/\/www.linkedin.com\/in\/--9a63583a9\/"]},{"@type":"WebPage","@id":"https:\/\/nrcmachine.com\/es\/product\/paper-tube-winding-machine\/#webpage","url":"https:\/\/nrcmachine.com\/es\/product\/paper-tube-winding-machine\/","name":"Paper Tube Winding Machine - QINGDAO NEW RICHUAN PRECISION","description":"The Paper Tube Winding Machine by NRC MACHINE is engineered to deliver exceptional performance, precision, and versatility for modern production needs.","inLanguage":"es-ES","isPartOf":{"@id":"https:\/\/nrcmachine.com\/es\/#website"},"breadcrumb":{"@id":"https:\/\/nrcmachine.com\/es\/product\/paper-tube-winding-machine\/#breadcrumblist"},"image":{"@type":"ImageObject","url":"https:\/\/nrcmachine.com\/wp-content\/uploads\/2025\/11\/paper-tube-winding-machine.webp","@id":"https:\/\/nrcmachine.com\/es\/product\/paper-tube-winding-machine\/#mainImage","width":960,"height":960,"caption":"paper tube winding machine"},"primaryImageOfPage":{"@id":"https:\/\/nrcmachine.com\/es\/product\/paper-tube-winding-machine\/#mainImage"},"datePublished":"2025-11-14T22:46:24+08:00","dateModified":"2025-12-31T09:17:20+08:00"},{"@type":"WebSite","@id":"https:\/\/nrcmachine.com\/es\/#website","url":"https:\/\/nrcmachine.com\/es\/","name":"Toilet Paper Machine, Paper Tube Machine | NRC Machine","alternateName":"Qingdao New Richuan Precision Machine Co.,Ltd","description":"Reliable Paper Machinery Solutions","inLanguage":"es-ES","publisher":{"@id":"https:\/\/nrcmachine.com\/es\/#organization"}}]},"og:locale":"es_ES","og:site_name":"Toilet Paper Machine, Paper Tube Machine | NRC Machine - Reliable Paper Machinery Solutions","og:type":"article","og:title":"Paper Tube Winding Machine - QINGDAO NEW RICHUAN PRECISION","og:description":"The Paper Tube Winding Machine by NRC MACHINE is engineered to deliver exceptional performance, precision, and versatility for modern production needs.","og:url":"https:\/\/nrcmachine.com\/es\/product\/paper-tube-winding-machine\/","og:image":"https:\/\/nrcmachine.com\/wp-content\/uploads\/2025\/11\/paper-tube-winding-machine.webp","og:image:secure_url":"https:\/\/nrcmachine.com\/wp-content\/uploads\/2025\/11\/paper-tube-winding-machine.webp","og:image:width":960,"og:image:height":960,"article:published_time":"2025-11-14T14:46:24+00:00","article:modified_time":"2025-12-31T01:17:20+00:00","article:publisher":"https:\/\/www.facebook.com\/james.gao.349938","twitter:card":"summary","twitter:site":"@JamesGao65335","twitter:title":"Paper Tube Winding Machine - QINGDAO NEW RICHUAN PRECISION","twitter:description":"The Paper Tube Winding Machine by NRC MACHINE is engineered to deliver exceptional performance, precision, and versatility for modern production needs.","twitter:image":"https:\/\/nrcmachine.com\/wp-content\/uploads\/2025\/11\/paper-tube-winding-machine.webp"},"aioseo_meta_data":{"post_id":"2199","title":"#post_title #separator_sa QINGDAO NEW RICHUAN PRECISION","description":"La bobinadora de tubos de papel de NRC MACHINE est\u00e1 dise\u00f1ada para ofrecer un rendimiento, una precisi\u00f3n y una versatilidad excepcionales para las necesidades de producci\u00f3n modernas.","keywords":null,"keyphrases":{"focus":{"keyphrase":"paper tube winding machine","score":100,"analysis":{"keyphraseInTitle":{"score":9,"maxScore":9,"error":0},"keyphraseInDescription":{"score":9,"maxScore":9,"error":0},"keyphraseLength":{"score":9,"maxScore":9,"error":0,"length":4},"keyphraseInURL":{"score":5,"maxScore":5,"error":0},"keyphraseInIntroduction":{"score":9,"maxScore":9,"error":0},"keyphraseInSubHeadings":{"score":9,"maxScore":9,"error":0},"keyphraseInImageAlt":[],"keywordDensity":{"type":"best","score":9,"maxScore":9,"error":0}}},"additional":[]},"primary_term":null,"canonical_url":null,"og_title":null,"og_description":null,"og_object_type":"default","og_image_type":"default","og_image_url":null,"og_image_width":null,"og_image_height":null,"og_image_custom_url":null,"og_image_custom_fields":null,"og_video":"","og_custom_url":null,"og_article_section":null,"og_article_tags":null,"twitter_use_og":false,"twitter_card":"default","twitter_image_type":"default","twitter_image_url":null,"twitter_image_custom_url":null,"twitter_image_custom_fields":null,"twitter_title":null,"twitter_description":null,"schema":{"blockGraphs":[],"customGraphs":[],"default":{"data":{"Article":[],"Course":[],"Dataset":[],"FAQPage":[],"Movie":[],"Person":[],"Product":[],"ProductReview":[],"Car":[],"Recipe":[],"Service":[],"SoftwareApplication":[],"WebPage":[]},"graphName":"ItemPage","isEnabled":true},"graphs":[]},"schema_type":"default","schema_type_options":null,"pillar_content":false,"robots_default":true,"robots_noindex":false,"robots_noarchive":false,"robots_nosnippet":false,"robots_nofollow":false,"robots_noimageindex":false,"robots_noodp":false,"robots_notranslate":false,"robots_max_snippet":"-1","robots_max_videopreview":"-1","robots_max_imagepreview":"large","priority":null,"frequency":"default","local_seo":null,"seo_analyzer_scan_date":"2026-02-13 03:22:23","breadcrumb_settings":null,"limit_modified_date":false,"reviewed_by":null,"open_ai":null,"ai":{"faqs":[],"keyPoints":[],"titles":[],"descriptions":[],"socialPosts":{"email":[],"linkedin":[],"twitter":[],"facebook":[],"instagram":[]}},"created":"2025-12-11 08:40:25","updated":"2026-02-13 06:53:48"},"aioseo_breadcrumb":"<div class=\"aioseo-breadcrumbs\"><span class=\"aioseo-breadcrumb\">\n\t<a href=\"https:\/\/nrcmachine.com\/es\" title=\"Home\">Home<\/a>\n<\/span><span class=\"aioseo-breadcrumb-separator\">\u00bb<\/span><span class=\"aioseo-breadcrumb\">\n\t<a href=\"https:\/\/nrcmachine.com\/es\/product\/\" title=\"Products\">Products<\/a>\n<\/span><span class=\"aioseo-breadcrumb-separator\">\u00bb<\/span><span class=\"aioseo-breadcrumb\">\n\t<a href=\"https:\/\/nrcmachine.com\/es\/tag\/paper-tube-making-machine\/\" title=\"paper tube making machine\">paper tube making machine<\/a>\n<\/span><span class=\"aioseo-breadcrumb-separator\">\u00bb<\/span><span class=\"aioseo-breadcrumb\">\n\tPaper Tube Winding Machine\n<\/span><\/div>","aioseo_breadcrumb_json":[{"label":"Home","link":"https:\/\/nrcmachine.com\/es"},{"label":"Products","link":"https:\/\/nrcmachine.com\/es\/product\/"},{"label":"paper tube making machine","link":"https:\/\/nrcmachine.com\/es\/tag\/paper-tube-making-machine\/"},{"label":"Paper Tube Winding Machine","link":"https:\/\/nrcmachine.com\/es\/product\/paper-tube-winding-machine\/"}],"_links":{"self":[{"href":"https:\/\/nrcmachine.com\/es\/wp-json\/wp\/v2\/product\/2199","targetHints":{"allow":["GET"]}}],"collection":[{"href":"https:\/\/nrcmachine.com\/es\/wp-json\/wp\/v2\/product"}],"about":[{"href":"https:\/\/nrcmachine.com\/es\/wp-json\/wp\/v2\/types\/product"}],"version-history":[{"count":0,"href":"https:\/\/nrcmachine.com\/es\/wp-json\/wp\/v2\/product\/2199\/revisions"}],"wp:featuredmedia":[{"embeddable":true,"href":"https:\/\/nrcmachine.com\/es\/wp-json\/wp\/v2\/media\/3468"}],"wp:attachment":[{"href":"https:\/\/nrcmachine.com\/es\/wp-json\/wp\/v2\/media?parent=2199"}],"wp:term":[{"taxonomy":"post_tag","embeddable":true,"href":"https:\/\/nrcmachine.com\/es\/wp-json\/wp\/v2\/tags?post=2199"},{"taxonomy":"products","embeddable":true,"href":"https:\/\/nrcmachine.com\/es\/wp-json\/wp\/v2\/products?post=2199"}],"curies":[{"name":"wp","href":"https:\/\/api.w.org\/{rel}","templated":true}]}}