 {"id":2235,"date":"2025-11-26T09:16:13","date_gmt":"2025-11-26T01:16:13","guid":{"rendered":"https:\/\/nrcmachine.com\/?post_type=product&#038;p=2235"},"modified":"2025-12-31T05:27:40","modified_gmt":"2025-12-30T21:27:40","slug":"high-speed-toilet-paper-roll-converting-machine","status":"publish","type":"product","link":"https:\/\/nrcmachine.com\/es\/product\/high-speed-toilet-paper-roll-converting-machine\/","title":{"rendered":"M\u00e1quina convertidora de rollos de papel higi\u00e9nico de alta velocidad"},"content":{"rendered":"<h5 style=\"text-align: center;\"><strong><a href=\"https:\/\/nrcmachinery.com\">M\u00e1quina convertidora de rollos de papel higi\u00e9nico de alta velocidad<\/a>: L\u00ednea de producci\u00f3n completa<\/strong><\/h5>\n<p>\u00bfCansado de la producci\u00f3n manual e ineficiente de papel higi\u00e9nico? Hablemos de <a href=\"https:\/\/nrcmachine.com\/es\/products\/toilet-paper-making-machine\/\"><strong>M\u00e1quina convertidora de rollos de papel higi\u00e9nico de alta velocidad<\/strong><\/a>-Una l\u00ednea automatizada que convierte los rollos gigantes en bruto en productos acabados perfectamente envasados en un flujo continuo.<\/p>\n<div class=\"ast-oembed-container\" style=\"height: 100%;\"><iframe title=\"m\u00e1quina rebobinadora de pa\u00f1os de cocina\" width=\"500\" height=\"281\" src=\"https:\/\/www.youtube.com\/embed\/8d-cUwVZQRs?feature=oembed\" frameborder=\"0\" allow=\"accelerometer; autoplay; clipboard-write; encrypted-media; gyroscope; picture-in-picture; web-share\" referrerpolicy=\"strict-origin-when-cross-origin\" allowfullscreen><\/iframe><\/div>\n<h6>1.el <strong><a href=\"https:\/\/nrcmachine.com\/es\/product\/full-automatic-kitchen-towel-paper-production-making-machine\/\">M\u00e1quina rebobinadora de papel higi\u00e9nico<\/a> con gofrado y laminaci\u00f3n encolada<\/strong>.<\/h6>\n<p>Esta unidad de n\u00facleo desenrolla grandes rollos jumbo y, a continuaci\u00f3n, aplica un delicado relieve (piense en suaves motivos florales o rombos) para mejorar la textura y la resistencia. Al mismo tiempo, utiliza cola de calidad alimentaria para el laminado, perfecto si est\u00e1 haciendo rollos de 2 \u00f3 3 capas. \u00bfLa velocidad de rebobinado? Hasta 300 metros por minuto, con un control preciso de la tensi\u00f3n para evitar arrugas o roturas.<\/p>\n<h6>2.la <strong>Autom\u00e1tico De La Sierra De Banda, M\u00e1quina Cortadora<\/strong>\u00a0se hace cargo.<\/h6>\n<p>A diferencia de las cortadoras tradicionales, \u00e9sta utiliza una sierra de cinta de alta velocidad para cortar los troncos rebobinados en rollos individuales. \u00bfSu secreto? Un sistema guiado por l\u00e1ser que garantiza que cada corte sea exacto, tanto si necesita rollos est\u00e1ndar de 10 cm como de tama\u00f1os personalizados. Adem\u00e1s, no genera polvo ni ruido, por lo que es ideal para entornos de producci\u00f3n limpios.<\/p>\n<h6>3.el <strong>Autom\u00e1tica De M\u00faltiples Rollos De M\u00e1quina De Embalaje<\/strong>\u00a0concluye el proceso.<\/h6>\n<p>Agrupa los rollos (2, 4, 6 \u00f3 12 por paquete), los envuelve en film retr\u00e1ctil o papel y sella el paquete, todo ello sin necesidad de intervenci\u00f3n humana. Algunos modelos incluso a\u00f1aden etiquetas o c\u00f3digos de barras autom\u00e1ticamente. Con velocidades de hasta 60 paquetes por minuto, supone un enorme ahorro de tiempo.<\/p>\n<h6>4.Par\u00e1metros t\u00e9cnicos<\/h6>\n<table>\n<tbody>\n<tr>\n<td width=\"712\">Materia prima Ancho del rollo de papel:\u22642050mm.<\/p>\n<p>Di\u00e1metro del rollo de papel en bruto:\u22642200mm.<\/p>\n<p>Di\u00e1metro del rollo acabado:40~130mm.<\/p>\n<p>Capa:1~3 capas.<\/p>\n<p>Gama de productos: con y sin n\u00facleo.<\/p>\n<p>Ca\u00edda autom\u00e1tica del n\u00facleo de papel.<\/p>\n<p>Potencia:380V.50HZ.<\/p>\n<p>Salida autom\u00e1tica del producto acabado.<\/p>\n<p>Recorte y sellado autom\u00e1ticos de la cola.<\/td>\n<\/tr>\n<\/tbody>\n<\/table>\n<p>Juntas, estas m\u00e1quinas forman un <strong>L\u00ednea de producci\u00f3n autom\u00e1tica de rollos de papel higi\u00e9nico de alta velocidad<\/strong>. Desde la materia prima hasta el producto envasado, reduce los costes de mano de obra en 70% y aumenta la producci\u00f3n en 300%. Es perfecta para fabricantes de mediana y gran escala que buscan una calidad constante y una producci\u00f3n de gran volumen.<\/p>\n<p>Tanto si est\u00e1 actualizando una l\u00ednea antigua como si est\u00e1 empezando una nueva, esta configuraci\u00f3n es una inversi\u00f3n inteligente. \u00bfQuieres verlo en acci\u00f3n? Vea nuestro \u00faltimo v\u00eddeo de demostraci\u00f3n en los comentarios.<\/p>\n<p>#ToiletPaperProduction #PackagingMachinery #AutomationTech #ManufacturingInnovation<\/p>\n<p>&nbsp;<\/p>","protected":false},"featured_media":3440,"template":"","meta":{"_acf_changed":false,"_monsterinsights_skip_tracking":false,"_monsterinsights_sitenote_active":false,"_monsterinsights_sitenote_note":"","_monsterinsights_sitenote_category":0,"site-sidebar-layout":"default","site-content-layout":"","ast-site-content-layout":"default","site-content-style":"default","site-sidebar-style":"default","ast-global-header-display":"","ast-banner-title-visibility":"","ast-main-header-display":"","ast-hfb-above-header-display":"","ast-hfb-below-header-display":"","ast-hfb-mobile-header-display":"","site-post-title":"","ast-breadcrumbs-content":"","ast-featured-img":"","footer-sml-layout":"","theme-transparent-header-meta":"default","adv-header-id-meta":"","stick-header-meta":"default","header-above-stick-meta":"","header-main-stick-meta":"","header-below-stick-meta":"","astra-migrate-meta-layouts":"set","ast-page-background-enabled":"default","ast-page-background-meta":{"desktop":{"background-color":"var(--ast-global-color-4)","background-image":"","background-repeat":"repeat","background-position":"center center","background-size":"auto","background-attachment":"scroll","background-type":"","background-media":"","overlay-type":"","overlay-color":"","overlay-opacity":"","overlay-gradient":""},"tablet":{"background-color":"","background-image":"","background-repeat":"repeat","background-position":"center center","background-size":"auto","background-attachment":"scroll","background-type":"","background-media":"","overlay-type":"","overlay-color":"","overlay-opacity":"","overlay-gradient":""},"mobile":{"background-color":"","background-image":"","background-repeat":"repeat","background-position":"center center","background-size":"auto","background-attachment":"scroll","background-type":"","background-media":"","overlay-type":"","overlay-color":"","overlay-opacity":"","overlay-gradient":""}},"ast-content-background-meta":{"desktop":{"background-color":"var(--ast-global-color-5)","background-image":"","background-repeat":"repeat","background-position":"center center","background-size":"auto","background-attachment":"scroll","background-type":"","background-media":"","overlay-type":"","overlay-color":"","overlay-opacity":"","overlay-gradient":""},"tablet":{"background-color":"var(--ast-global-color-5)","background-image":"","background-repeat":"repeat","background-position":"center center","background-size":"auto","background-attachment":"scroll","background-type":"","background-media":"","overlay-type":"","overlay-color":"","overlay-opacity":"","overlay-gradient":""},"mobile":{"background-color":"var(--ast-global-color-5)","background-image":"","background-repeat":"repeat","background-position":"center center","background-size":"auto","background-attachment":"scroll","background-type":"","background-media":"","overlay-type":"","overlay-color":"","overlay-opacity":"","overlay-gradient":""}}},"tags":[53,56],"products":[47],"class_list":["post-2235","product","type-product","status-publish","has-post-thumbnail","hentry","tag-toilet-paper-machine","tag-toilet-paper-making-machine","products-toilet-paper-making-machine"],"acf":[],"aioseo_notices":[],"aioseo_head":"\n\t\t<!-- All in One SEO Pro 4.9.2 - aioseo.com -->\n\t<meta name=\"description\" content=\"These machines form a Fully Automatic High Speed Toilet Paper Roll Converting Machine Production Line. From raw material to packaged product.\" \/>\n\t<meta name=\"robots\" content=\"max-snippet:-1, max-image-preview:large, max-video-preview:-1\" \/>\n\t<link rel=\"canonical\" href=\"https:\/\/nrcmachine.com\/es\/product\/high-speed-toilet-paper-roll-converting-machine\/\" \/>\n\t<meta name=\"generator\" content=\"All in One SEO Pro (AIOSEO) 4.9.2\" \/>\n\t\t<meta property=\"og:locale\" content=\"es_ES\" \/>\n\t\t<meta property=\"og:site_name\" content=\"Toilet Paper Machine, Paper Tube Machine | NRC Machine - Reliable Paper Machinery Solutions\" \/>\n\t\t<meta property=\"og:type\" content=\"article\" \/>\n\t\t<meta property=\"og:title\" content=\"High Speed Toilet Paper Roll Converting Machine - NRC\" \/>\n\t\t<meta property=\"og:description\" content=\"These machines form a Fully Automatic High Speed Toilet Paper Roll Converting Machine Production Line. From raw material to packaged product.\" \/>\n\t\t<meta property=\"og:url\" content=\"https:\/\/nrcmachine.com\/es\/product\/high-speed-toilet-paper-roll-converting-machine\/\" \/>\n\t\t<meta property=\"og:image\" content=\"https:\/\/nrcmachine.com\/wp-content\/uploads\/2025\/11\/high-speed-toilet-paper-roll-converting-machine-1.webp\" \/>\n\t\t<meta property=\"og:image:secure_url\" content=\"https:\/\/nrcmachine.com\/wp-content\/uploads\/2025\/11\/high-speed-toilet-paper-roll-converting-machine-1.webp\" \/>\n\t\t<meta property=\"og:image:width\" content=\"800\" \/>\n\t\t<meta property=\"og:image:height\" content=\"800\" \/>\n\t\t<meta property=\"article:published_time\" content=\"2025-11-26T01:16:13+00:00\" \/>\n\t\t<meta property=\"article:modified_time\" content=\"2025-12-30T21:27:40+00:00\" \/>\n\t\t<meta property=\"article:publisher\" content=\"https:\/\/www.facebook.com\/james.gao.349938\" \/>\n\t\t<meta name=\"twitter:card\" content=\"summary\" \/>\n\t\t<meta name=\"twitter:site\" content=\"@JamesGao65335\" \/>\n\t\t<meta name=\"twitter:title\" content=\"High Speed Toilet Paper Roll Converting Machine - NRC\" \/>\n\t\t<meta name=\"twitter:description\" content=\"These machines form a Fully Automatic High Speed Toilet Paper Roll Converting Machine Production Line. From raw material to packaged product.\" \/>\n\t\t<meta name=\"twitter:image\" content=\"https:\/\/nrcmachine.com\/wp-content\/uploads\/2025\/11\/high-speed-toilet-paper-roll-converting-machine-1.webp\" \/>\n\t\t<script type=\"application\/ld+json\" class=\"aioseo-schema\">\n\t\t\t{\"@context\":\"https:\\\/\\\/schema.org\",\"@graph\":[{\"@type\":\"BreadcrumbList\",\"@id\":\"https:\\\/\\\/nrcmachine.com\\\/es\\\/product\\\/high-speed-toilet-paper-roll-converting-machine\\\/#breadcrumblist\",\"itemListElement\":[{\"@type\":\"ListItem\",\"@id\":\"https:\\\/\\\/nrcmachine.com\\\/es#listItem\",\"position\":1,\"name\":\"Home\",\"item\":\"https:\\\/\\\/nrcmachine.com\\\/es\",\"nextItem\":{\"@type\":\"ListItem\",\"@id\":\"https:\\\/\\\/nrcmachine.com\\\/es\\\/product\\\/#listItem\",\"name\":\"Products\"}},{\"@type\":\"ListItem\",\"@id\":\"https:\\\/\\\/nrcmachine.com\\\/es\\\/product\\\/#listItem\",\"position\":2,\"name\":\"Products\",\"item\":\"https:\\\/\\\/nrcmachine.com\\\/es\\\/product\\\/\",\"nextItem\":{\"@type\":\"ListItem\",\"@id\":\"https:\\\/\\\/nrcmachine.com\\\/es\\\/tag\\\/maquina-de-papel-higienico\\\/#listItem\",\"name\":\"toilet paper machine\"},\"previousItem\":{\"@type\":\"ListItem\",\"@id\":\"https:\\\/\\\/nrcmachine.com\\\/es#listItem\",\"name\":\"Home\"}},{\"@type\":\"ListItem\",\"@id\":\"https:\\\/\\\/nrcmachine.com\\\/es\\\/tag\\\/maquina-de-papel-higienico\\\/#listItem\",\"position\":3,\"name\":\"toilet paper machine\",\"item\":\"https:\\\/\\\/nrcmachine.com\\\/es\\\/tag\\\/maquina-de-papel-higienico\\\/\",\"nextItem\":{\"@type\":\"ListItem\",\"@id\":\"https:\\\/\\\/nrcmachine.com\\\/es\\\/product\\\/high-speed-toilet-paper-roll-converting-machine\\\/#listItem\",\"name\":\"High Speed Toilet Paper Roll Converting Machine\"},\"previousItem\":{\"@type\":\"ListItem\",\"@id\":\"https:\\\/\\\/nrcmachine.com\\\/es\\\/product\\\/#listItem\",\"name\":\"Products\"}},{\"@type\":\"ListItem\",\"@id\":\"https:\\\/\\\/nrcmachine.com\\\/es\\\/product\\\/high-speed-toilet-paper-roll-converting-machine\\\/#listItem\",\"position\":4,\"name\":\"High Speed Toilet Paper Roll Converting Machine\",\"previousItem\":{\"@type\":\"ListItem\",\"@id\":\"https:\\\/\\\/nrcmachine.com\\\/es\\\/tag\\\/maquina-de-papel-higienico\\\/#listItem\",\"name\":\"toilet paper machine\"}}]},{\"@type\":\"Organization\",\"@id\":\"https:\\\/\\\/nrcmachine.com\\\/es\\\/#organization\",\"name\":\"Toilet Paper Machine, Paper Tube Machine | NRC Machine wordpress\",\"description\":\"Reliable Paper Machinery Solutions\",\"url\":\"https:\\\/\\\/nrcmachine.com\\\/es\\\/\",\"email\":\"james@nrcmachine.com\",\"telephone\":\"+8615254213289\",\"foundingDate\":\"2023-11-01\",\"numberOfEmployees\":{\"@type\":\"QuantitativeValue\",\"minValue\":1,\"maxValue\":50},\"logo\":{\"@type\":\"ImageObject\",\"url\":\"https:\\\/\\\/nrcmachine.com\\\/wp-content\\\/uploads\\\/2026\\\/01\\\/logo23.png\",\"@id\":\"https:\\\/\\\/nrcmachine.com\\\/es\\\/product\\\/high-speed-toilet-paper-roll-converting-machine\\\/#organizationLogo\",\"width\":800,\"height\":800,\"caption\":\"logo for NRC MACHINE\"},\"image\":{\"@id\":\"https:\\\/\\\/nrcmachine.com\\\/es\\\/product\\\/high-speed-toilet-paper-roll-converting-machine\\\/#organizationLogo\"},\"sameAs\":[\"https:\\\/\\\/www.facebook.com\\\/james.gao.349938\",\"https:\\\/\\\/x.com\\\/JamesGao65335\",\"https:\\\/\\\/www.instagram.com\\\/jamesgao407?igsh=d2YybzFhMjY0YTl3\",\"https:\\\/\\\/www.tiktok.com\\\/@gyl20210118\",\"https:\\\/\\\/www.linkedin.com\\\/in\\\/--9a63583a9\\\/\"]},{\"@type\":\"WebPage\",\"@id\":\"https:\\\/\\\/nrcmachine.com\\\/es\\\/product\\\/high-speed-toilet-paper-roll-converting-machine\\\/#webpage\",\"url\":\"https:\\\/\\\/nrcmachine.com\\\/es\\\/product\\\/high-speed-toilet-paper-roll-converting-machine\\\/\",\"name\":\"High Speed Toilet Paper Roll Converting Machine - NRC\",\"description\":\"These machines form a Fully Automatic High Speed Toilet Paper Roll Converting Machine Production Line. From raw material to packaged product.\",\"inLanguage\":\"es-ES\",\"isPartOf\":{\"@id\":\"https:\\\/\\\/nrcmachine.com\\\/es\\\/#website\"},\"breadcrumb\":{\"@id\":\"https:\\\/\\\/nrcmachine.com\\\/es\\\/product\\\/high-speed-toilet-paper-roll-converting-machine\\\/#breadcrumblist\"},\"image\":{\"@type\":\"ImageObject\",\"url\":\"https:\\\/\\\/nrcmachine.com\\\/wp-content\\\/uploads\\\/2025\\\/11\\\/high-speed-toilet-paper-roll-converting-machine-1.webp\",\"@id\":\"https:\\\/\\\/nrcmachine.com\\\/es\\\/product\\\/high-speed-toilet-paper-roll-converting-machine\\\/#mainImage\",\"width\":800,\"height\":800,\"caption\":\"high speed toilet paper roll converting machine\"},\"primaryImageOfPage\":{\"@id\":\"https:\\\/\\\/nrcmachine.com\\\/es\\\/product\\\/high-speed-toilet-paper-roll-converting-machine\\\/#mainImage\"},\"datePublished\":\"2025-11-26T09:16:13+08:00\",\"dateModified\":\"2025-12-31T05:27:40+08:00\"},{\"@type\":\"WebSite\",\"@id\":\"https:\\\/\\\/nrcmachine.com\\\/es\\\/#website\",\"url\":\"https:\\\/\\\/nrcmachine.com\\\/es\\\/\",\"name\":\"Toilet Paper Machine, Paper Tube Machine | NRC Machine\",\"alternateName\":\"Qingdao New Richuan Precision Machine Co.,Ltd\",\"description\":\"Reliable Paper Machinery Solutions\",\"inLanguage\":\"es-ES\",\"publisher\":{\"@id\":\"https:\\\/\\\/nrcmachine.com\\\/es\\\/#organization\"}}]}\n\t\t<\/script>\n\t\t<!-- All in One SEO Pro -->\r\n\t\t<title>High Speed Toilet Paper Roll Converting Machine - NRC<\/title>\n\n","aioseo_head_json":{"title":"M\u00e1quina convertidora de rollos de papel higi\u00e9nico de alta velocidad - NRC","description":"Estas m\u00e1quinas forman una l\u00ednea de producci\u00f3n totalmente autom\u00e1tica de alta velocidad para la conversi\u00f3n de rollos de papel higi\u00e9nico. Desde la materia prima hasta el producto envasado.","canonical_url":"https:\/\/nrcmachine.com\/es\/product\/high-speed-toilet-paper-roll-converting-machine\/","robots":"max-snippet:-1, max-image-preview:large, max-video-preview:-1","keywords":"","webmasterTools":{"miscellaneous":""},"schema":{"@context":"https:\/\/schema.org","@graph":[{"@type":"BreadcrumbList","@id":"https:\/\/nrcmachine.com\/es\/product\/high-speed-toilet-paper-roll-converting-machine\/#breadcrumblist","itemListElement":[{"@type":"ListItem","@id":"https:\/\/nrcmachine.com\/es#listItem","position":1,"name":"Home","item":"https:\/\/nrcmachine.com\/es","nextItem":{"@type":"ListItem","@id":"https:\/\/nrcmachine.com\/es\/product\/#listItem","name":"Products"}},{"@type":"ListItem","@id":"https:\/\/nrcmachine.com\/es\/product\/#listItem","position":2,"name":"Products","item":"https:\/\/nrcmachine.com\/es\/product\/","nextItem":{"@type":"ListItem","@id":"https:\/\/nrcmachine.com\/es\/tag\/maquina-de-papel-higienico\/#listItem","name":"toilet paper machine"},"previousItem":{"@type":"ListItem","@id":"https:\/\/nrcmachine.com\/es#listItem","name":"Home"}},{"@type":"ListItem","@id":"https:\/\/nrcmachine.com\/es\/tag\/maquina-de-papel-higienico\/#listItem","position":3,"name":"toilet paper machine","item":"https:\/\/nrcmachine.com\/es\/tag\/maquina-de-papel-higienico\/","nextItem":{"@type":"ListItem","@id":"https:\/\/nrcmachine.com\/es\/product\/high-speed-toilet-paper-roll-converting-machine\/#listItem","name":"High Speed Toilet Paper Roll Converting Machine"},"previousItem":{"@type":"ListItem","@id":"https:\/\/nrcmachine.com\/es\/product\/#listItem","name":"Products"}},{"@type":"ListItem","@id":"https:\/\/nrcmachine.com\/es\/product\/high-speed-toilet-paper-roll-converting-machine\/#listItem","position":4,"name":"High Speed Toilet Paper Roll Converting Machine","previousItem":{"@type":"ListItem","@id":"https:\/\/nrcmachine.com\/es\/tag\/maquina-de-papel-higienico\/#listItem","name":"toilet paper machine"}}]},{"@type":"Organization","@id":"https:\/\/nrcmachine.com\/es\/#organization","name":"Toilet Paper Machine, Paper Tube Machine | NRC Machine wordpress","description":"Reliable Paper Machinery Solutions","url":"https:\/\/nrcmachine.com\/es\/","email":"james@nrcmachine.com","telephone":"+8615254213289","foundingDate":"2023-11-01","numberOfEmployees":{"@type":"QuantitativeValue","minValue":1,"maxValue":50},"logo":{"@type":"ImageObject","url":"https:\/\/nrcmachine.com\/wp-content\/uploads\/2026\/01\/logo23.png","@id":"https:\/\/nrcmachine.com\/es\/product\/high-speed-toilet-paper-roll-converting-machine\/#organizationLogo","width":800,"height":800,"caption":"logo for NRC MACHINE"},"image":{"@id":"https:\/\/nrcmachine.com\/es\/product\/high-speed-toilet-paper-roll-converting-machine\/#organizationLogo"},"sameAs":["https:\/\/www.facebook.com\/james.gao.349938","https:\/\/x.com\/JamesGao65335","https:\/\/www.instagram.com\/jamesgao407?igsh=d2YybzFhMjY0YTl3","https:\/\/www.tiktok.com\/@gyl20210118","https:\/\/www.linkedin.com\/in\/--9a63583a9\/"]},{"@type":"WebPage","@id":"https:\/\/nrcmachine.com\/es\/product\/high-speed-toilet-paper-roll-converting-machine\/#webpage","url":"https:\/\/nrcmachine.com\/es\/product\/high-speed-toilet-paper-roll-converting-machine\/","name":"High Speed Toilet Paper Roll Converting Machine - NRC","description":"These machines form a Fully Automatic High Speed Toilet Paper Roll Converting Machine Production Line. From raw material to packaged product.","inLanguage":"es-ES","isPartOf":{"@id":"https:\/\/nrcmachine.com\/es\/#website"},"breadcrumb":{"@id":"https:\/\/nrcmachine.com\/es\/product\/high-speed-toilet-paper-roll-converting-machine\/#breadcrumblist"},"image":{"@type":"ImageObject","url":"https:\/\/nrcmachine.com\/wp-content\/uploads\/2025\/11\/high-speed-toilet-paper-roll-converting-machine-1.webp","@id":"https:\/\/nrcmachine.com\/es\/product\/high-speed-toilet-paper-roll-converting-machine\/#mainImage","width":800,"height":800,"caption":"high speed toilet paper roll converting machine"},"primaryImageOfPage":{"@id":"https:\/\/nrcmachine.com\/es\/product\/high-speed-toilet-paper-roll-converting-machine\/#mainImage"},"datePublished":"2025-11-26T09:16:13+08:00","dateModified":"2025-12-31T05:27:40+08:00"},{"@type":"WebSite","@id":"https:\/\/nrcmachine.com\/es\/#website","url":"https:\/\/nrcmachine.com\/es\/","name":"Toilet Paper Machine, Paper Tube Machine | NRC Machine","alternateName":"Qingdao New Richuan Precision Machine Co.,Ltd","description":"Reliable Paper Machinery Solutions","inLanguage":"es-ES","publisher":{"@id":"https:\/\/nrcmachine.com\/es\/#organization"}}]},"og:locale":"es_ES","og:site_name":"Toilet Paper Machine, Paper Tube Machine | NRC Machine - Reliable Paper Machinery Solutions","og:type":"article","og:title":"High Speed Toilet Paper Roll Converting Machine - NRC","og:description":"These machines form a Fully Automatic High Speed Toilet Paper Roll Converting Machine Production Line. From raw material to packaged product.","og:url":"https:\/\/nrcmachine.com\/es\/product\/high-speed-toilet-paper-roll-converting-machine\/","og:image":"https:\/\/nrcmachine.com\/wp-content\/uploads\/2025\/11\/high-speed-toilet-paper-roll-converting-machine-1.webp","og:image:secure_url":"https:\/\/nrcmachine.com\/wp-content\/uploads\/2025\/11\/high-speed-toilet-paper-roll-converting-machine-1.webp","og:image:width":800,"og:image:height":800,"article:published_time":"2025-11-26T01:16:13+00:00","article:modified_time":"2025-12-30T21:27:40+00:00","article:publisher":"https:\/\/www.facebook.com\/james.gao.349938","twitter:card":"summary","twitter:site":"@JamesGao65335","twitter:title":"High Speed Toilet Paper Roll Converting Machine - NRC","twitter:description":"These machines form a Fully Automatic High Speed Toilet Paper Roll Converting Machine Production Line. From raw material to packaged product.","twitter:image":"https:\/\/nrcmachine.com\/wp-content\/uploads\/2025\/11\/high-speed-toilet-paper-roll-converting-machine-1.webp"},"aioseo_meta_data":{"post_id":"2235","title":"#post_title #separator_sa NRC","description":"Estas m\u00e1quinas forman una l\u00ednea de producci\u00f3n totalmente autom\u00e1tica de alta velocidad para la conversi\u00f3n de rollos de papel higi\u00e9nico. Desde la materia prima hasta el producto envasado.","keywords":null,"keyphrases":{"focus":{"keyphrase":"paper roll converting machine","score":88,"analysis":{"keyphraseInTitle":{"score":9,"maxScore":9,"error":0},"keyphraseInDescription":{"score":9,"maxScore":9,"error":0},"keyphraseLength":{"score":9,"maxScore":9,"error":0,"length":4},"keyphraseInURL":{"score":5,"maxScore":5,"error":0},"keyphraseInIntroduction":{"score":3,"maxScore":9,"error":1},"keyphraseInSubHeadings":[],"keyphraseInImageAlt":[],"keywordDensity":{"type":"best","score":9,"maxScore":9,"error":0}}},"additional":[]},"primary_term":null,"canonical_url":null,"og_title":null,"og_description":null,"og_object_type":"default","og_image_type":"default","og_image_url":null,"og_image_width":null,"og_image_height":null,"og_image_custom_url":null,"og_image_custom_fields":null,"og_video":"","og_custom_url":null,"og_article_section":null,"og_article_tags":null,"twitter_use_og":false,"twitter_card":"default","twitter_image_type":"default","twitter_image_url":null,"twitter_image_custom_url":null,"twitter_image_custom_fields":null,"twitter_title":null,"twitter_description":null,"schema":{"blockGraphs":[],"customGraphs":[],"default":{"data":{"Article":[],"Course":[],"Dataset":[],"FAQPage":[],"Movie":[],"Person":[],"Product":[],"ProductReview":[],"Car":[],"Recipe":[],"Service":[],"SoftwareApplication":[],"WebPage":[]},"graphName":"ItemPage","isEnabled":true},"graphs":[]},"schema_type":"default","schema_type_options":null,"pillar_content":false,"robots_default":true,"robots_noindex":false,"robots_noarchive":false,"robots_nosnippet":false,"robots_nofollow":false,"robots_noimageindex":false,"robots_noodp":false,"robots_notranslate":false,"robots_max_snippet":"-1","robots_max_videopreview":"-1","robots_max_imagepreview":"large","priority":null,"frequency":"default","local_seo":null,"seo_analyzer_scan_date":"2026-02-13 03:13:29","breadcrumb_settings":null,"limit_modified_date":false,"reviewed_by":null,"open_ai":null,"ai":{"faqs":[],"keyPoints":[],"titles":[],"descriptions":[],"socialPosts":{"email":[],"linkedin":[],"twitter":[],"facebook":[],"instagram":[]}},"created":"2025-12-11 08:40:55","updated":"2026-02-13 06:53:56"},"aioseo_breadcrumb":"<div class=\"aioseo-breadcrumbs\"><span class=\"aioseo-breadcrumb\">\n\t<a href=\"https:\/\/nrcmachine.com\/es\" title=\"Home\">Home<\/a>\n<\/span><span class=\"aioseo-breadcrumb-separator\">\u00bb<\/span><span class=\"aioseo-breadcrumb\">\n\t<a href=\"https:\/\/nrcmachine.com\/es\/product\/\" title=\"Products\">Products<\/a>\n<\/span><span class=\"aioseo-breadcrumb-separator\">\u00bb<\/span><span class=\"aioseo-breadcrumb\">\n\t<a href=\"https:\/\/nrcmachine.com\/es\/tag\/maquina-de-papel-higienico\/\" title=\"toilet paper machine\">toilet paper machine<\/a>\n<\/span><span class=\"aioseo-breadcrumb-separator\">\u00bb<\/span><span class=\"aioseo-breadcrumb\">\n\tHigh Speed Toilet Paper Roll Converting Machine\n<\/span><\/div>","aioseo_breadcrumb_json":[{"label":"Home","link":"https:\/\/nrcmachine.com\/es"},{"label":"Products","link":"https:\/\/nrcmachine.com\/es\/product\/"},{"label":"toilet paper machine","link":"https:\/\/nrcmachine.com\/es\/tag\/maquina-de-papel-higienico\/"},{"label":"High Speed Toilet Paper Roll Converting Machine","link":"https:\/\/nrcmachine.com\/es\/product\/high-speed-toilet-paper-roll-converting-machine\/"}],"_links":{"self":[{"href":"https:\/\/nrcmachine.com\/es\/wp-json\/wp\/v2\/product\/2235","targetHints":{"allow":["GET"]}}],"collection":[{"href":"https:\/\/nrcmachine.com\/es\/wp-json\/wp\/v2\/product"}],"about":[{"href":"https:\/\/nrcmachine.com\/es\/wp-json\/wp\/v2\/types\/product"}],"version-history":[{"count":0,"href":"https:\/\/nrcmachine.com\/es\/wp-json\/wp\/v2\/product\/2235\/revisions"}],"wp:featuredmedia":[{"embeddable":true,"href":"https:\/\/nrcmachine.com\/es\/wp-json\/wp\/v2\/media\/3440"}],"wp:attachment":[{"href":"https:\/\/nrcmachine.com\/es\/wp-json\/wp\/v2\/media?parent=2235"}],"wp:term":[{"taxonomy":"post_tag","embeddable":true,"href":"https:\/\/nrcmachine.com\/es\/wp-json\/wp\/v2\/tags?post=2235"},{"taxonomy":"products","embeddable":true,"href":"https:\/\/nrcmachine.com\/es\/wp-json\/wp\/v2\/products?post=2235"}],"curies":[{"name":"wp","href":"https:\/\/api.w.org\/{rel}","templated":true}]}}