 {"id":2242,"date":"2025-11-26T09:53:33","date_gmt":"2025-11-26T01:53:33","guid":{"rendered":"https:\/\/nrcmachine.com\/?post_type=product&#038;p=2242"},"modified":"2025-12-31T05:23:19","modified_gmt":"2025-12-30T21:23:19","slug":"jumbo-roll-slitter-rewinder","status":"publish","type":"product","link":"https:\/\/nrcmachine.com\/es\/product\/jumbo-roll-slitter-rewinder\/","title":{"rendered":"Cortadora rebobinadora de rollos Jumbo"},"content":{"rendered":"<h5 style=\"text-align: center;\"><strong><a href=\"https:\/\/nrcmachine.com\">Cortadora rebobinadora de rollos Jumbo<\/a> Especificaciones t\u00e9cnicas de la m\u00e1quina<\/strong><\/h5>\n<p><strong>Modelo<\/strong>: <a href=\"https:\/\/nrcmachinery.com\/products\/paper-slitting-rewinding-machine.html\">Cortadora rebobinadora de rollos Jumbo<\/a> (Hidr\u00e1ulica y controlada por CNC)<br \/>\n<strong>Velocidad de funcionamiento<\/strong>: 0-300 m\/min (Regulaci\u00f3n continua de la velocidad, que garantiza un funcionamiento suave a bajas velocidades y un alto rendimiento a velocidades m\u00e1ximas)<br \/>\n<strong>Anchura m\u00e1xima de rebobinado<\/strong>: 1600 mm (admite una amplia gama de materiales en rollo jumbo, desde l\u00e1minas finas hasta hojas de grosor medio)<br \/>\n<strong>M\u00e9todo de corte<\/strong>: Cuchilla de afeitar o cizalla giratoria (la elecci\u00f3n de la herramienta depende del tipo de material, lo que permite realizar cortes limpios y sin rebabas).<\/p>\n<div class=\"ast-oembed-container\" style=\"height: 100%;\"><iframe title=\"NRC M\u00c1QUINA-1600mm de alta velocidad de cart\u00f3n de papel kraft de bobina a bobina cortadora rebobinadora de la m\u00e1quina para la venta\" width=\"500\" height=\"281\" src=\"https:\/\/www.youtube.com\/embed\/6utFPUotz8c?feature=oembed\" frameborder=\"0\" allow=\"accelerometer; autoplay; clipboard-write; encrypted-media; gyroscope; picture-in-picture; web-share\" referrerpolicy=\"strict-origin-when-cross-origin\" allowfullscreen><\/iframe><\/div>\n<h6><strong>Especificaciones b\u00e1sicas<\/strong>:<\/h6>\n<ul>\n<li><strong>Sistema hidr\u00e1ulico<\/strong>: El control hidr\u00e1ulico de tensi\u00f3n de alta precisi\u00f3n (\u00b11% de precisi\u00f3n de tensi\u00f3n) mantiene una tensi\u00f3n constante del material durante el corte y rebobinado, minimizando el estiramiento o las arrugas. Dispone de un sistema de refrigeraci\u00f3n por aceite para evitar el sobrecalentamiento durante un funcionamiento prolongado.<\/li>\n<li><strong>Controlador CNC<\/strong>: Sistema de control CNC avanzado con una HMI t\u00e1ctil de 10,1 pulgadas. Los operarios pueden preajustar par\u00e1metros (velocidad, tensi\u00f3n, longitud, etc.) para hasta 99 recetas de programas, lo que permite cambiar r\u00e1pidamente entre lotes de producci\u00f3n. La supervisi\u00f3n en tiempo real de la velocidad, la tensi\u00f3n y el diagn\u00f3stico de fallos simplifican el mantenimiento.<\/li>\n<li><strong>Unidad de desbobinado<\/strong>: El desbobinador de eje hidr\u00e1ulico de doble estaci\u00f3n (ejes de 3 \u00f3 6 pulgadas disponibles) permite una producci\u00f3n continua: mientras se procesa una bobina, se puede cargar la siguiente. El guiado autom\u00e1tico de la banda (rango de correcci\u00f3n de \u00b15 mm) garantiza una alineaci\u00f3n precisa del material.<\/li>\n<li><strong>Unidad de rebobinado<\/strong>: Rebobinador hidr\u00e1ulico de eje de doble estaci\u00f3n (compatible con n\u00facleos de 3 \u00f3 6 pulgadas). Cada estaci\u00f3n admite el ajuste independiente de la tensi\u00f3n y el recuento de longitudes (resoluci\u00f3n de 0,01 m). La expulsi\u00f3n autom\u00e1tica del rollo tras alcanzar la longitud preestablecida mejora la eficiencia.<\/li>\n<li><strong>Secci\u00f3n de corte longitudinal<\/strong>: Estaci\u00f3n de corte modular con separaci\u00f3n de cuchillas ajustable (m\u00ednimo 5 mm), que admite disposiciones paralelas o escalonadas. El cambio de herramientas se realiza sin herramientas, lo que reduce el tiempo de inactividad.<\/li>\n<\/ul>\n<h6><strong>Caracter\u00edsticas principales<\/strong>:<\/h6>\n<ul>\n<li><strong>Precisi\u00f3n<\/strong>: El posicionamiento mediante CNC y el control hidr\u00e1ulico de la tensi\u00f3n proporcionan una precisi\u00f3n de corte de \u00b10,1 mm, garantizando un ancho de banda uniforme.<\/li>\n<li><strong>Seguridad<\/strong>: Equipado con cortinas de luz de seguridad, botones de parada de emergencia y protecciones para cumplir las normas de seguridad internacionales (CE\/ISO).<\/li>\n<li><strong>Compatibilidad<\/strong>: Manipula materiales como pel\u00edculas de BOPP, PE, PET, papel y telas no tejidas (rango de grosor: 10-200 \u03bcm).<\/li>\n<li><strong>Eficacia<\/strong>: El rango de velocidad de 0-300 m\/min equilibra la producci\u00f3n de alto rendimiento con la precisi\u00f3n de baja velocidad, adecuada tanto para la producci\u00f3n en masa como para la personalizaci\u00f3n de lotes peque\u00f1os.<\/li>\n<\/ul>\n<p><strong>Requisitos de potencia<\/strong>: Trif\u00e1sico 380V\/50Hz (voltaje personalizado disponible bajo pedido).<br \/>\n<strong>Dimensiones generales<\/strong>: Aprox. 4500 mm (L) \u00d7 2200 mm (A) \u00d7 1800 mm (H) (Dise\u00f1o que ahorra espacio para una integraci\u00f3n flexible en el taller).<\/p>\n<p>Este <a href=\"https:\/\/nrcmachinery.com\/products\/paper-slitting-rewinding-machine.html\">Cortadora rebobinadora de rollos Jumbo<\/a> combina la estabilidad hidr\u00e1ulica con la inteligencia CNC, lo que la hace ideal para convertir rollos anchos jumbo en rollos estrechos con gran precisi\u00f3n y eficacia, perfecta para las industrias de envasado, impresi\u00f3n y procesamiento de materiales.<\/p>","protected":false},"featured_media":2243,"template":"","meta":{"_acf_changed":false,"_monsterinsights_skip_tracking":false,"_monsterinsights_sitenote_active":false,"_monsterinsights_sitenote_note":"","_monsterinsights_sitenote_category":0,"site-sidebar-layout":"default","site-content-layout":"","ast-site-content-layout":"default","site-content-style":"default","site-sidebar-style":"default","ast-global-header-display":"","ast-banner-title-visibility":"","ast-main-header-display":"","ast-hfb-above-header-display":"","ast-hfb-below-header-display":"","ast-hfb-mobile-header-display":"","site-post-title":"","ast-breadcrumbs-content":"","ast-featured-img":"","footer-sml-layout":"","theme-transparent-header-meta":"default","adv-header-id-meta":"","stick-header-meta":"default","header-above-stick-meta":"","header-main-stick-meta":"","header-below-stick-meta":"","astra-migrate-meta-layouts":"set","ast-page-background-enabled":"default","ast-page-background-meta":{"desktop":{"background-color":"var(--ast-global-color-4)","background-image":"","background-repeat":"repeat","background-position":"center center","background-size":"auto","background-attachment":"scroll","background-type":"","background-media":"","overlay-type":"","overlay-color":"","overlay-opacity":"","overlay-gradient":""},"tablet":{"background-color":"","background-image":"","background-repeat":"repeat","background-position":"center center","background-size":"auto","background-attachment":"scroll","background-type":"","background-media":"","overlay-type":"","overlay-color":"","overlay-opacity":"","overlay-gradient":""},"mobile":{"background-color":"","background-image":"","background-repeat":"repeat","background-position":"center center","background-size":"auto","background-attachment":"scroll","background-type":"","background-media":"","overlay-type":"","overlay-color":"","overlay-opacity":"","overlay-gradient":""}},"ast-content-background-meta":{"desktop":{"background-color":"var(--ast-global-color-5)","background-image":"","background-repeat":"repeat","background-position":"center center","background-size":"auto","background-attachment":"scroll","background-type":"","background-media":"","overlay-type":"","overlay-color":"","overlay-opacity":"","overlay-gradient":""},"tablet":{"background-color":"var(--ast-global-color-5)","background-image":"","background-repeat":"repeat","background-position":"center center","background-size":"auto","background-attachment":"scroll","background-type":"","background-media":"","overlay-type":"","overlay-color":"","overlay-opacity":"","overlay-gradient":""},"mobile":{"background-color":"var(--ast-global-color-5)","background-image":"","background-repeat":"repeat","background-position":"center center","background-size":"auto","background-attachment":"scroll","background-type":"","background-media":"","overlay-type":"","overlay-color":"","overlay-opacity":"","overlay-gradient":""}}},"tags":[59],"products":[45],"class_list":["post-2242","product","type-product","status-publish","has-post-thumbnail","hentry","tag-paper-slitting-rewinder-machine","products-paper-slitting-rewinding-machine"],"acf":[],"aioseo_notices":[],"aioseo_head":"\n\t\t<!-- All in One SEO Pro 4.9.2 - aioseo.com -->\n\t<meta name=\"description\" content=\"This Jumbo Roll Slitter Rewinder combines hydraulic stability with CNC intelligence, making it ideal for converting wide jumbo rolls into narrow rolls.\" \/>\n\t<meta name=\"robots\" content=\"noodp, max-snippet:-1, max-image-preview:large, max-video-preview:-1\" \/>\n\t<link rel=\"canonical\" href=\"https:\/\/nrcmachine.com\/es\/product\/jumbo-roll-slitter-rewinder\/\" \/>\n\t<meta name=\"generator\" content=\"All in One SEO Pro (AIOSEO) 4.9.2\" \/>\n\t\t<meta property=\"og:locale\" content=\"es_ES\" \/>\n\t\t<meta property=\"og:site_name\" content=\"Toilet Paper Machine, Paper Tube Machine | NRC Machine - Reliable Paper Machinery Solutions\" \/>\n\t\t<meta property=\"og:type\" content=\"article\" \/>\n\t\t<meta property=\"og:title\" content=\"Jumbo Roll Slitter Rewinder - QINGDAO NEW RICHUAN PRECISION\" \/>\n\t\t<meta property=\"og:description\" content=\"This Jumbo Roll Slitter Rewinder combines hydraulic stability with CNC intelligence, making it ideal for converting wide jumbo rolls into narrow rolls.\" \/>\n\t\t<meta property=\"og:url\" content=\"https:\/\/nrcmachine.com\/es\/product\/jumbo-roll-slitter-rewinder\/\" \/>\n\t\t<meta property=\"og:image\" content=\"https:\/\/nrcmachine.com\/wp-content\/uploads\/2025\/11\/jumbo-roll-slitter-rewinder.webp\" \/>\n\t\t<meta property=\"og:image:secure_url\" content=\"https:\/\/nrcmachine.com\/wp-content\/uploads\/2025\/11\/jumbo-roll-slitter-rewinder.webp\" \/>\n\t\t<meta property=\"og:image:width\" content=\"800\" \/>\n\t\t<meta property=\"og:image:height\" content=\"800\" \/>\n\t\t<meta property=\"article:published_time\" content=\"2025-11-26T01:53:33+00:00\" \/>\n\t\t<meta property=\"article:modified_time\" content=\"2025-12-30T21:23:19+00:00\" \/>\n\t\t<meta property=\"article:publisher\" content=\"https:\/\/www.facebook.com\/james.gao.349938\" \/>\n\t\t<meta name=\"twitter:card\" content=\"summary\" \/>\n\t\t<meta name=\"twitter:site\" content=\"@JamesGao65335\" \/>\n\t\t<meta name=\"twitter:title\" content=\"Jumbo Roll Slitter Rewinder - QINGDAO NEW RICHUAN PRECISION\" \/>\n\t\t<meta name=\"twitter:description\" content=\"This Jumbo Roll Slitter Rewinder combines hydraulic stability with CNC intelligence, making it ideal for converting wide jumbo rolls into narrow rolls.\" \/>\n\t\t<meta name=\"twitter:image\" content=\"https:\/\/nrcmachine.com\/wp-content\/uploads\/2025\/11\/jumbo-roll-slitter-rewinder.webp\" \/>\n\t\t<script type=\"application\/ld+json\" class=\"aioseo-schema\">\n\t\t\t{\"@context\":\"https:\\\/\\\/schema.org\",\"@graph\":[{\"@type\":\"BreadcrumbList\",\"@id\":\"https:\\\/\\\/nrcmachine.com\\\/es\\\/product\\\/jumbo-roll-slitter-rewinder\\\/#breadcrumblist\",\"itemListElement\":[{\"@type\":\"ListItem\",\"@id\":\"https:\\\/\\\/nrcmachine.com\\\/es#listItem\",\"position\":1,\"name\":\"Home\",\"item\":\"https:\\\/\\\/nrcmachine.com\\\/es\",\"nextItem\":{\"@type\":\"ListItem\",\"@id\":\"https:\\\/\\\/nrcmachine.com\\\/es\\\/product\\\/#listItem\",\"name\":\"Products\"}},{\"@type\":\"ListItem\",\"@id\":\"https:\\\/\\\/nrcmachine.com\\\/es\\\/product\\\/#listItem\",\"position\":2,\"name\":\"Products\",\"item\":\"https:\\\/\\\/nrcmachine.com\\\/es\\\/product\\\/\",\"nextItem\":{\"@type\":\"ListItem\",\"@id\":\"https:\\\/\\\/nrcmachine.com\\\/es\\\/tag\\\/paper-slitting-rewinder-machine\\\/#listItem\",\"name\":\"paper slitting rewinder machine\"},\"previousItem\":{\"@type\":\"ListItem\",\"@id\":\"https:\\\/\\\/nrcmachine.com\\\/es#listItem\",\"name\":\"Home\"}},{\"@type\":\"ListItem\",\"@id\":\"https:\\\/\\\/nrcmachine.com\\\/es\\\/tag\\\/paper-slitting-rewinder-machine\\\/#listItem\",\"position\":3,\"name\":\"paper slitting rewinder machine\",\"item\":\"https:\\\/\\\/nrcmachine.com\\\/es\\\/tag\\\/paper-slitting-rewinder-machine\\\/\",\"nextItem\":{\"@type\":\"ListItem\",\"@id\":\"https:\\\/\\\/nrcmachine.com\\\/es\\\/product\\\/jumbo-roll-slitter-rewinder\\\/#listItem\",\"name\":\"Jumbo Roll Slitter Rewinder\"},\"previousItem\":{\"@type\":\"ListItem\",\"@id\":\"https:\\\/\\\/nrcmachine.com\\\/es\\\/product\\\/#listItem\",\"name\":\"Products\"}},{\"@type\":\"ListItem\",\"@id\":\"https:\\\/\\\/nrcmachine.com\\\/es\\\/product\\\/jumbo-roll-slitter-rewinder\\\/#listItem\",\"position\":4,\"name\":\"Jumbo Roll Slitter Rewinder\",\"previousItem\":{\"@type\":\"ListItem\",\"@id\":\"https:\\\/\\\/nrcmachine.com\\\/es\\\/tag\\\/paper-slitting-rewinder-machine\\\/#listItem\",\"name\":\"paper slitting rewinder machine\"}}]},{\"@type\":\"Organization\",\"@id\":\"https:\\\/\\\/nrcmachine.com\\\/es\\\/#organization\",\"name\":\"Toilet Paper Machine, Paper Tube Machine | NRC Machine wordpress\",\"description\":\"Reliable Paper Machinery Solutions\",\"url\":\"https:\\\/\\\/nrcmachine.com\\\/es\\\/\",\"email\":\"james@nrcmachine.com\",\"telephone\":\"+8615254213289\",\"foundingDate\":\"2023-11-01\",\"numberOfEmployees\":{\"@type\":\"QuantitativeValue\",\"minValue\":1,\"maxValue\":50},\"logo\":{\"@type\":\"ImageObject\",\"url\":\"https:\\\/\\\/nrcmachine.com\\\/wp-content\\\/uploads\\\/2026\\\/01\\\/logo23.png\",\"@id\":\"https:\\\/\\\/nrcmachine.com\\\/es\\\/product\\\/jumbo-roll-slitter-rewinder\\\/#organizationLogo\",\"width\":800,\"height\":800,\"caption\":\"logo for NRC MACHINE\"},\"image\":{\"@id\":\"https:\\\/\\\/nrcmachine.com\\\/es\\\/product\\\/jumbo-roll-slitter-rewinder\\\/#organizationLogo\"},\"sameAs\":[\"https:\\\/\\\/www.facebook.com\\\/james.gao.349938\",\"https:\\\/\\\/x.com\\\/JamesGao65335\",\"https:\\\/\\\/www.instagram.com\\\/jamesgao407?igsh=d2YybzFhMjY0YTl3\",\"https:\\\/\\\/www.tiktok.com\\\/@gyl20210118\",\"https:\\\/\\\/www.linkedin.com\\\/in\\\/--9a63583a9\\\/\"],\"address\":{\"@id\":\"https:\\\/\\\/nrcmachine.com\\\/es\\\/#postaladdress\",\"@type\":\"PostalAddress\",\"streetAddress\":\"No..519,Jiangshan South Road,Huangdao,\",\"postalCode\":\"266500\",\"addressLocality\":\"Qingdao\",\"addressRegion\":\"Shandong Province\",\"addressCountry\":\"CN\"},\"taxID\":\"91370211MAD54P6P85\",\"vatID\":\"91370211MAD54P6P85\"},{\"@type\":\"WebPage\",\"@id\":\"https:\\\/\\\/nrcmachine.com\\\/es\\\/product\\\/jumbo-roll-slitter-rewinder\\\/#webpage\",\"url\":\"https:\\\/\\\/nrcmachine.com\\\/es\\\/product\\\/jumbo-roll-slitter-rewinder\\\/\",\"name\":\"Jumbo Roll Slitter Rewinder - QINGDAO NEW RICHUAN PRECISION\",\"description\":\"This Jumbo Roll Slitter Rewinder combines hydraulic stability with CNC intelligence, making it ideal for converting wide jumbo rolls into narrow rolls.\",\"inLanguage\":\"es-ES\",\"isPartOf\":{\"@id\":\"https:\\\/\\\/nrcmachine.com\\\/es\\\/#website\"},\"breadcrumb\":{\"@id\":\"https:\\\/\\\/nrcmachine.com\\\/es\\\/product\\\/jumbo-roll-slitter-rewinder\\\/#breadcrumblist\"},\"image\":{\"@type\":\"ImageObject\",\"url\":\"https:\\\/\\\/nrcmachine.com\\\/wp-content\\\/uploads\\\/2025\\\/11\\\/jumbo-roll-slitter-rewinder.webp\",\"@id\":\"https:\\\/\\\/nrcmachine.com\\\/es\\\/product\\\/jumbo-roll-slitter-rewinder\\\/#mainImage\",\"width\":800,\"height\":800,\"caption\":\"jumbo roll slitter rewinder\"},\"primaryImageOfPage\":{\"@id\":\"https:\\\/\\\/nrcmachine.com\\\/es\\\/product\\\/jumbo-roll-slitter-rewinder\\\/#mainImage\"},\"datePublished\":\"2025-11-26T09:53:33+08:00\",\"dateModified\":\"2025-12-31T05:23:19+08:00\"},{\"@type\":\"WebSite\",\"@id\":\"https:\\\/\\\/nrcmachine.com\\\/es\\\/#website\",\"url\":\"https:\\\/\\\/nrcmachine.com\\\/es\\\/\",\"name\":\"Toilet Paper Machine, Paper Tube Machine | NRC Machine\",\"alternateName\":\"Qingdao New Richuan Precision Machine Co.,Ltd\",\"description\":\"Reliable Paper Machinery Solutions\",\"inLanguage\":\"es-ES\",\"publisher\":{\"@id\":\"https:\\\/\\\/nrcmachine.com\\\/es\\\/#organization\"}}]}\n\t\t<\/script>\n\t\t<!-- All in One SEO Pro -->\r\n\t\t<title>Jumbo Roll Slitter Rewinder - QINGDAO NEW RICHUAN PRECISION<\/title>\n\n","aioseo_head_json":{"title":"Jumbo cortadora rebobinadora - QINGDAO NEW RICHUAN PRECISION","description":"Esta rebobinadora cortadora de rollos Jumbo combina estabilidad hidr\u00e1ulica con inteligencia CNC, lo que la hace ideal para convertir rollos Jumbo anchos en rollos estrechos.","canonical_url":"https:\/\/nrcmachine.com\/es\/product\/jumbo-roll-slitter-rewinder\/","robots":"noodp, max-snippet:-1, max-image-preview:large, max-video-preview:-1","keywords":"","webmasterTools":{"miscellaneous":""},"schema":{"@context":"https:\/\/schema.org","@graph":[{"@type":"BreadcrumbList","@id":"https:\/\/nrcmachine.com\/es\/product\/jumbo-roll-slitter-rewinder\/#breadcrumblist","itemListElement":[{"@type":"ListItem","@id":"https:\/\/nrcmachine.com\/es#listItem","position":1,"name":"Home","item":"https:\/\/nrcmachine.com\/es","nextItem":{"@type":"ListItem","@id":"https:\/\/nrcmachine.com\/es\/product\/#listItem","name":"Products"}},{"@type":"ListItem","@id":"https:\/\/nrcmachine.com\/es\/product\/#listItem","position":2,"name":"Products","item":"https:\/\/nrcmachine.com\/es\/product\/","nextItem":{"@type":"ListItem","@id":"https:\/\/nrcmachine.com\/es\/tag\/paper-slitting-rewinder-machine\/#listItem","name":"paper slitting rewinder machine"},"previousItem":{"@type":"ListItem","@id":"https:\/\/nrcmachine.com\/es#listItem","name":"Home"}},{"@type":"ListItem","@id":"https:\/\/nrcmachine.com\/es\/tag\/paper-slitting-rewinder-machine\/#listItem","position":3,"name":"paper slitting rewinder machine","item":"https:\/\/nrcmachine.com\/es\/tag\/paper-slitting-rewinder-machine\/","nextItem":{"@type":"ListItem","@id":"https:\/\/nrcmachine.com\/es\/product\/jumbo-roll-slitter-rewinder\/#listItem","name":"Jumbo Roll Slitter Rewinder"},"previousItem":{"@type":"ListItem","@id":"https:\/\/nrcmachine.com\/es\/product\/#listItem","name":"Products"}},{"@type":"ListItem","@id":"https:\/\/nrcmachine.com\/es\/product\/jumbo-roll-slitter-rewinder\/#listItem","position":4,"name":"Jumbo Roll Slitter Rewinder","previousItem":{"@type":"ListItem","@id":"https:\/\/nrcmachine.com\/es\/tag\/paper-slitting-rewinder-machine\/#listItem","name":"paper slitting rewinder machine"}}]},{"@type":"Organization","@id":"https:\/\/nrcmachine.com\/es\/#organization","name":"Toilet Paper Machine, Paper Tube Machine | NRC Machine wordpress","description":"Reliable Paper Machinery Solutions","url":"https:\/\/nrcmachine.com\/es\/","email":"james@nrcmachine.com","telephone":"+8615254213289","foundingDate":"2023-11-01","numberOfEmployees":{"@type":"QuantitativeValue","minValue":1,"maxValue":50},"logo":{"@type":"ImageObject","url":"https:\/\/nrcmachine.com\/wp-content\/uploads\/2026\/01\/logo23.png","@id":"https:\/\/nrcmachine.com\/es\/product\/jumbo-roll-slitter-rewinder\/#organizationLogo","width":800,"height":800,"caption":"logo for NRC MACHINE"},"image":{"@id":"https:\/\/nrcmachine.com\/es\/product\/jumbo-roll-slitter-rewinder\/#organizationLogo"},"sameAs":["https:\/\/www.facebook.com\/james.gao.349938","https:\/\/x.com\/JamesGao65335","https:\/\/www.instagram.com\/jamesgao407?igsh=d2YybzFhMjY0YTl3","https:\/\/www.tiktok.com\/@gyl20210118","https:\/\/www.linkedin.com\/in\/--9a63583a9\/"],"address":{"@id":"https:\/\/nrcmachine.com\/es\/#postaladdress","@type":"PostalAddress","streetAddress":"No..519,Jiangshan South Road,Huangdao,","postalCode":"266500","addressLocality":"Qingdao","addressRegion":"Shandong Province","addressCountry":"CN"},"taxID":"91370211MAD54P6P85","vatID":"91370211MAD54P6P85"},{"@type":"WebPage","@id":"https:\/\/nrcmachine.com\/es\/product\/jumbo-roll-slitter-rewinder\/#webpage","url":"https:\/\/nrcmachine.com\/es\/product\/jumbo-roll-slitter-rewinder\/","name":"Jumbo Roll Slitter Rewinder - QINGDAO NEW RICHUAN PRECISION","description":"This Jumbo Roll Slitter Rewinder combines hydraulic stability with CNC intelligence, making it ideal for converting wide jumbo rolls into narrow rolls.","inLanguage":"es-ES","isPartOf":{"@id":"https:\/\/nrcmachine.com\/es\/#website"},"breadcrumb":{"@id":"https:\/\/nrcmachine.com\/es\/product\/jumbo-roll-slitter-rewinder\/#breadcrumblist"},"image":{"@type":"ImageObject","url":"https:\/\/nrcmachine.com\/wp-content\/uploads\/2025\/11\/jumbo-roll-slitter-rewinder.webp","@id":"https:\/\/nrcmachine.com\/es\/product\/jumbo-roll-slitter-rewinder\/#mainImage","width":800,"height":800,"caption":"jumbo roll slitter rewinder"},"primaryImageOfPage":{"@id":"https:\/\/nrcmachine.com\/es\/product\/jumbo-roll-slitter-rewinder\/#mainImage"},"datePublished":"2025-11-26T09:53:33+08:00","dateModified":"2025-12-31T05:23:19+08:00"},{"@type":"WebSite","@id":"https:\/\/nrcmachine.com\/es\/#website","url":"https:\/\/nrcmachine.com\/es\/","name":"Toilet Paper Machine, Paper Tube Machine | NRC Machine","alternateName":"Qingdao New Richuan Precision Machine Co.,Ltd","description":"Reliable Paper Machinery Solutions","inLanguage":"es-ES","publisher":{"@id":"https:\/\/nrcmachine.com\/es\/#organization"}}]},"og:locale":"es_ES","og:site_name":"Toilet Paper Machine, Paper Tube Machine | NRC Machine - Reliable Paper Machinery Solutions","og:type":"article","og:title":"Jumbo Roll Slitter Rewinder - QINGDAO NEW RICHUAN PRECISION","og:description":"This Jumbo Roll Slitter Rewinder combines hydraulic stability with CNC intelligence, making it ideal for converting wide jumbo rolls into narrow rolls.","og:url":"https:\/\/nrcmachine.com\/es\/product\/jumbo-roll-slitter-rewinder\/","og:image":"https:\/\/nrcmachine.com\/wp-content\/uploads\/2025\/11\/jumbo-roll-slitter-rewinder.webp","og:image:secure_url":"https:\/\/nrcmachine.com\/wp-content\/uploads\/2025\/11\/jumbo-roll-slitter-rewinder.webp","og:image:width":800,"og:image:height":800,"article:published_time":"2025-11-26T01:53:33+00:00","article:modified_time":"2025-12-30T21:23:19+00:00","article:publisher":"https:\/\/www.facebook.com\/james.gao.349938","twitter:card":"summary","twitter:site":"@JamesGao65335","twitter:title":"Jumbo Roll Slitter Rewinder - QINGDAO NEW RICHUAN PRECISION","twitter:description":"This Jumbo Roll Slitter Rewinder combines hydraulic stability with CNC intelligence, making it ideal for converting wide jumbo rolls into narrow rolls.","twitter:image":"https:\/\/nrcmachine.com\/wp-content\/uploads\/2025\/11\/jumbo-roll-slitter-rewinder.webp"},"aioseo_meta_data":{"post_id":"2242","title":"#post_title #separator_sa QINGDAO NEW RICHUAN PRECISION","description":"Esta rebobinadora cortadora de rollos Jumbo combina estabilidad hidr\u00e1ulica con inteligencia CNC, lo que la hace ideal para convertir rollos Jumbo anchos en rollos estrechos.","keywords":null,"keyphrases":{"focus":{"keyphrase":"jumbo roll slitter rewinder","score":100,"analysis":{"keyphraseInTitle":{"score":9,"maxScore":9,"error":0},"keyphraseInDescription":{"score":9,"maxScore":9,"error":0},"keyphraseLength":{"score":9,"maxScore":9,"error":0,"length":4},"keyphraseInURL":{"score":5,"maxScore":5,"error":0},"keyphraseInIntroduction":{"score":9,"maxScore":9,"error":0},"keyphraseInSubHeadings":[],"keyphraseInImageAlt":[],"keywordDensity":{"type":"best","score":9,"maxScore":9,"error":0}}},"additional":[]},"primary_term":null,"canonical_url":null,"og_title":null,"og_description":null,"og_object_type":"default","og_image_type":"default","og_image_url":null,"og_image_width":null,"og_image_height":null,"og_image_custom_url":null,"og_image_custom_fields":null,"og_video":"","og_custom_url":null,"og_article_section":null,"og_article_tags":null,"twitter_use_og":false,"twitter_card":"default","twitter_image_type":"default","twitter_image_url":null,"twitter_image_custom_url":null,"twitter_image_custom_fields":null,"twitter_title":null,"twitter_description":null,"schema":{"blockGraphs":[],"customGraphs":[],"default":{"data":{"Article":[],"Course":[],"Dataset":[],"FAQPage":[],"Movie":[],"Person":[],"Product":[],"ProductReview":[],"Car":[],"Recipe":[],"Service":[],"SoftwareApplication":[],"WebPage":[]},"graphName":"ItemPage","isEnabled":true},"graphs":[]},"schema_type":"default","schema_type_options":null,"pillar_content":false,"robots_default":true,"robots_noindex":false,"robots_noarchive":false,"robots_nosnippet":false,"robots_nofollow":false,"robots_noimageindex":false,"robots_noodp":false,"robots_notranslate":false,"robots_max_snippet":"-1","robots_max_videopreview":"-1","robots_max_imagepreview":"large","priority":null,"frequency":"default","local_seo":null,"seo_analyzer_scan_date":"2026-02-13 03:13:30","breadcrumb_settings":null,"limit_modified_date":false,"reviewed_by":null,"open_ai":null,"ai":{"faqs":[],"keyPoints":[],"titles":[],"descriptions":[],"socialPosts":{"email":[],"linkedin":[],"twitter":[],"facebook":[],"instagram":[]}},"created":"2025-12-11 08:40:55","updated":"2026-02-13 06:53:58"},"aioseo_breadcrumb":"<div class=\"aioseo-breadcrumbs\"><span class=\"aioseo-breadcrumb\">\n\t<a href=\"https:\/\/nrcmachine.com\/es\" title=\"Home\">Home<\/a>\n<\/span><span class=\"aioseo-breadcrumb-separator\">\u00bb<\/span><span class=\"aioseo-breadcrumb\">\n\t<a href=\"https:\/\/nrcmachine.com\/es\/product\/\" title=\"Products\">Products<\/a>\n<\/span><span class=\"aioseo-breadcrumb-separator\">\u00bb<\/span><span class=\"aioseo-breadcrumb\">\n\t<a href=\"https:\/\/nrcmachine.com\/es\/tag\/paper-slitting-rewinder-machine\/\" title=\"paper slitting rewinder machine\">paper slitting rewinder machine<\/a>\n<\/span><span class=\"aioseo-breadcrumb-separator\">\u00bb<\/span><span class=\"aioseo-breadcrumb\">\n\tJumbo Roll Slitter Rewinder\n<\/span><\/div>","aioseo_breadcrumb_json":[{"label":"Home","link":"https:\/\/nrcmachine.com\/es"},{"label":"Products","link":"https:\/\/nrcmachine.com\/es\/product\/"},{"label":"paper slitting rewinder machine","link":"https:\/\/nrcmachine.com\/es\/tag\/paper-slitting-rewinder-machine\/"},{"label":"Jumbo Roll Slitter Rewinder","link":"https:\/\/nrcmachine.com\/es\/product\/jumbo-roll-slitter-rewinder\/"}],"_links":{"self":[{"href":"https:\/\/nrcmachine.com\/es\/wp-json\/wp\/v2\/product\/2242","targetHints":{"allow":["GET"]}}],"collection":[{"href":"https:\/\/nrcmachine.com\/es\/wp-json\/wp\/v2\/product"}],"about":[{"href":"https:\/\/nrcmachine.com\/es\/wp-json\/wp\/v2\/types\/product"}],"version-history":[{"count":0,"href":"https:\/\/nrcmachine.com\/es\/wp-json\/wp\/v2\/product\/2242\/revisions"}],"wp:featuredmedia":[{"embeddable":true,"href":"https:\/\/nrcmachine.com\/es\/wp-json\/wp\/v2\/media\/2243"}],"wp:attachment":[{"href":"https:\/\/nrcmachine.com\/es\/wp-json\/wp\/v2\/media?parent=2242"}],"wp:term":[{"taxonomy":"post_tag","embeddable":true,"href":"https:\/\/nrcmachine.com\/es\/wp-json\/wp\/v2\/tags?post=2242"},{"taxonomy":"products","embeddable":true,"href":"https:\/\/nrcmachine.com\/es\/wp-json\/wp\/v2\/products?post=2242"}],"curies":[{"name":"wp","href":"https:\/\/api.w.org\/{rel}","templated":true}]}}