 {"id":3184,"date":"2025-12-25T15:26:47","date_gmt":"2025-12-25T07:26:47","guid":{"rendered":"https:\/\/nrcmachine.com\/?post_type=product&#038;p=3184"},"modified":"2025-12-25T15:41:57","modified_gmt":"2025-12-25T07:41:57","slug":"paper-tube-production-equipment","status":"publish","type":"product","link":"https:\/\/nrcmachine.com\/es\/product\/paper-tube-production-equipment\/","title":{"rendered":"Equipos de producci\u00f3n de tubos de papel"},"content":{"rendered":"<h4 style=\"text-align: center;\"><strong>Equipos de producci\u00f3n de tubos de papel: Soluciones avanzadas de NRC MACHINE<\/strong><\/h4>\n<ol>\n<li>\n<h5><strong> Introducci\u00f3n a los equipos de producci\u00f3n de tubos de papel<\/strong><\/h5>\n<\/li>\n<\/ol>\n<p>En los modernos sectores del envasado y la fabricaci\u00f3n industrial, <strong>equipos de producci\u00f3n de tubos de papel<\/strong>\u00a0desempe\u00f1a un papel fundamental en el suministro de tubos y mandriles de papel de alta calidad, ecol\u00f3gicos y rentables. Estos tubos se utilizan ampliamente en sectores como el textil, el procesado de papel, la impresi\u00f3n y las cintas adhesivas. A medida que crece la demanda mundial de envases sostenibles, tambi\u00e9n lo hace la necesidad de contar con sistemas avanzados, eficientes y precisos. <strong>equipos de producci\u00f3n de tubos de papel<\/strong>.<\/p>\n<p>NRC MACHINE (Qingdao New Richuan Precision Machine Co., Ltd) est\u00e1 a la vanguardia de esta evoluci\u00f3n tecnol\u00f3gica, ofreciendo maquinaria de \u00faltima generaci\u00f3n dise\u00f1ada para ofrecer durabilidad, precisi\u00f3n y alto rendimiento. Con un enfoque en la innovaci\u00f3n y soluciones centradas en el cliente, NRC MACHINE se ha convertido en un nombre de confianza en la industria de fabricaci\u00f3n de tubos de papel.<\/p>\n<div class=\"ast-oembed-container\" style=\"height: 100%;\"><iframe title=\"M\u00e1quina para fabricar tubos espirales de cart\u00f3n de 70\uff5e420mm de di\u00e1metro interior\" width=\"500\" height=\"281\" src=\"https:\/\/www.youtube.com\/embed\/vZj2x2BTUT0?feature=oembed\" frameborder=\"0\" allow=\"accelerometer; autoplay; clipboard-write; encrypted-media; gyroscope; picture-in-picture; web-share\" referrerpolicy=\"strict-origin-when-cross-origin\" allowfullscreen><\/iframe><\/div>\n<ol start=\"2\">\n<li>\n<h5><strong> Especificaciones clave del equipo de producci\u00f3n de tubos de papel de NRC<\/strong><\/h5>\n<\/li>\n<\/ol>\n<p>M\u00c1QUINAS NRC <strong>equipos de producci\u00f3n de tubos de papel<\/strong>\u00a0est\u00e1 dise\u00f1ada para satisfacer diversos requisitos industriales. La m\u00e1quina admite una gama de di\u00e1metros interiores de <strong>70-420 mm<\/strong>, lo que la hace adecuada para aplicaciones de peque\u00f1a a gran escala. El grosor de la pared puede controlarse con precisi\u00f3n entre <strong>5-20 mm<\/strong>, garantizando la integridad estructural y la personalizaci\u00f3n en funci\u00f3n de las necesidades del usuario final.<\/p>\n<p>Una de sus caracter\u00edsticas m\u00e1s destacadas es su capacidad para manejar hasta <strong>30 capas de rollos de papel<\/strong>\u00a0en un solo ciclo de producci\u00f3n. Esta tecnolog\u00eda de bobinado multicapa mejora la resistencia y durabilidad del producto final, por lo que resulta ideal para aplicaciones de gran resistencia. El equipo integra un avanzado control de la tensi\u00f3n, sistemas de encolado autom\u00e1tico y mecanismos de bobinado de precisi\u00f3n para garantizar una calidad constante y un desperdicio m\u00ednimo de material.<\/p>\n<ol start=\"3\">\n<li>\n<h5><strong> \u00bfPor qu\u00e9 elegir NRC MACHINE para la producci\u00f3n de tubos de papel?<\/strong><\/h5>\n<\/li>\n<\/ol>\n<p>Al seleccionar <strong>equipos de producci\u00f3n de tubos de papel<\/strong>, La fiabilidad, la eficacia y el servicio posventa son fundamentales. NRC MACHINE destaca en todas estas \u00e1reas. Con sede en Qingdao (China), la empresa combina ingenier\u00eda de inspiraci\u00f3n alemana con experiencia en fabricaci\u00f3n local para ofrecer m\u00e1quinas de alto rendimiento y rentables.<\/p>\n<ul>\n<li><strong>Alto nivel de automatizaci\u00f3n<\/strong>: Reduce los costes de mano de obra y los errores humanos.<\/li>\n<li><strong>Configuraciones personalizables<\/strong>: Adaptable a diversas materias primas y especificaciones de tubos.<\/li>\n<li><strong>Rendimiento estable<\/strong>: Construido con componentes de primera calidad para un funcionamiento a largo plazo.<\/li>\n<li><strong>Red mundial de apoyo<\/strong>: Orientaci\u00f3n para la instalaci\u00f3n, formaci\u00f3n t\u00e9cnica y suministro de piezas de repuesto.<\/li>\n<\/ul>\n<p>Tanto si produce n\u00facleos para bobinas de papel jumbo como tubos de bobinado industrial, NRC MACHINE garantiza que su l\u00ednea de producci\u00f3n funcione sin problemas y con eficacia.<\/p>\n<ol start=\"4\">\n<li>\n<h5><strong> Aplicaciones e impacto en el mercado<\/strong><\/h5>\n<\/li>\n<\/ol>\n<p>La versatilidad de la <strong>equipos de producci\u00f3n de tubos de papel<\/strong>\u00a0lo hace adecuado para una amplia gama de aplicaciones:<\/p>\n<ul>\n<li>N\u00facleos de bobinado de papel y pel\u00edcula<\/li>\n<li>Tubos de hilo textil<\/li>\n<li>Impresi\u00f3n de n\u00facleos de sustrato<\/li>\n<li>Cinta adhesiva y tubos de etiquetas<\/li>\n<\/ul>\n<p>Con el aumento de la normativa medioambiental, los tubos de papel est\u00e1n sustituyendo a las alternativas de pl\u00e1stico, lo que impulsa el crecimiento del mercado. <a href=\"https:\/\/nrcmachinery.com\">NRC M\u00c1QUINA<\/a> permite a las empresas aprovechar esta oportunidad con equipos preparados para el futuro que apoyan la fabricaci\u00f3n sostenible sin comprometer el rendimiento.<\/p>\n<ol start=\"5\">\n<li>\n<h5><strong> Conclusi\u00f3n: As\u00f3ciese con NRC MACHINE para obtener soluciones superiores para tubos de papel<\/strong><\/h5>\n<\/li>\n<\/ol>\n<p>Invertir en alta calidad <strong>equipos de producci\u00f3n de tubos de papel<\/strong>\u00a0es esencial para seguir siendo competitivo en el panorama actual de la fabricaci\u00f3n ecol\u00f3gica. <a href=\"https:\/\/nrcmachine.com\/es\">NRC M\u00c1QUINA<\/a> (Qingdao New Richuan Precision Machine Co., Ltd) ofrece una potente combinaci\u00f3n de ingenier\u00eda de precisi\u00f3n, construcci\u00f3n robusta y asistencia integral, lo que garantiza que sus objetivos de producci\u00f3n no s\u00f3lo se cumplan, sino que se superen.<\/p>\n<p>Desde di\u00e1metros interiores personalizables y control de espesores hasta capacidad de bobinado de 30 capas, las m\u00e1quinas de NRC est\u00e1n dise\u00f1adas para la excelencia. Elija <a href=\"https:\/\/nrcmachine.com\/es\">NRC M\u00c1QUINA<\/a> como su socio en innovaci\u00f3n y sostenibilidad.<\/p>\n<p><strong>Descubra el futuro de la fabricaci\u00f3n de tubos de papel: explore hoy mismo la gama completa de equipos de producci\u00f3n de tubos de papel de NRC MACHINE.<\/strong><\/p>","protected":false},"featured_media":3185,"template":"","meta":{"_acf_changed":false,"_monsterinsights_skip_tracking":false,"_monsterinsights_sitenote_active":false,"_monsterinsights_sitenote_note":"","_monsterinsights_sitenote_category":0,"site-sidebar-layout":"default","site-content-layout":"","ast-site-content-layout":"default","site-content-style":"default","site-sidebar-style":"default","ast-global-header-display":"","ast-banner-title-visibility":"","ast-main-header-display":"","ast-hfb-above-header-display":"","ast-hfb-below-header-display":"","ast-hfb-mobile-header-display":"","site-post-title":"","ast-breadcrumbs-content":"","ast-featured-img":"","footer-sml-layout":"","theme-transparent-header-meta":"default","adv-header-id-meta":"","stick-header-meta":"default","header-above-stick-meta":"","header-main-stick-meta":"","header-below-stick-meta":"","astra-migrate-meta-layouts":"set","ast-page-background-enabled":"default","ast-page-background-meta":{"desktop":{"background-color":"var(--ast-global-color-4)","background-image":"","background-repeat":"repeat","background-position":"center center","background-size":"auto","background-attachment":"scroll","background-type":"","background-media":"","overlay-type":"","overlay-color":"","overlay-opacity":"","overlay-gradient":""},"tablet":{"background-color":"","background-image":"","background-repeat":"repeat","background-position":"center center","background-size":"auto","background-attachment":"scroll","background-type":"","background-media":"","overlay-type":"","overlay-color":"","overlay-opacity":"","overlay-gradient":""},"mobile":{"background-color":"","background-image":"","background-repeat":"repeat","background-position":"center center","background-size":"auto","background-attachment":"scroll","background-type":"","background-media":"","overlay-type":"","overlay-color":"","overlay-opacity":"","overlay-gradient":""}},"ast-content-background-meta":{"desktop":{"background-color":"var(--ast-global-color-5)","background-image":"","background-repeat":"repeat","background-position":"center center","background-size":"auto","background-attachment":"scroll","background-type":"","background-media":"","overlay-type":"","overlay-color":"","overlay-opacity":"","overlay-gradient":""},"tablet":{"background-color":"var(--ast-global-color-5)","background-image":"","background-repeat":"repeat","background-position":"center center","background-size":"auto","background-attachment":"scroll","background-type":"","background-media":"","overlay-type":"","overlay-color":"","overlay-opacity":"","overlay-gradient":""},"mobile":{"background-color":"var(--ast-global-color-5)","background-image":"","background-repeat":"repeat","background-position":"center center","background-size":"auto","background-attachment":"scroll","background-type":"","background-media":"","overlay-type":"","overlay-color":"","overlay-opacity":"","overlay-gradient":""}}},"tags":[48],"products":[43],"class_list":["post-3184","product","type-product","status-publish","has-post-thumbnail","hentry","tag-paper-tube-making-machine","products-spiral-paper-tube-making-machine"],"acf":[],"aioseo_notices":[],"aioseo_head":"\n\t\t<!-- All in One SEO Pro 4.9.2 - aioseo.com -->\n\t<meta name=\"description\" content=\"Discover the future of paper tube manufacturing\u2014explore NRC MACHINE\u2019s full range of paper tube production equipment today.\" \/>\n\t<meta name=\"robots\" content=\"max-snippet:-1, max-image-preview:large, max-video-preview:-1\" \/>\n\t<link rel=\"canonical\" href=\"https:\/\/nrcmachine.com\/es\/product\/paper-tube-production-equipment\/\" \/>\n\t<meta name=\"generator\" content=\"All in One SEO Pro (AIOSEO) 4.9.2\" \/>\n\t\t<meta property=\"og:locale\" content=\"es_ES\" \/>\n\t\t<meta property=\"og:site_name\" content=\"Toilet Paper Machine, Paper Tube Machine | NRC Machine - Reliable Paper Machinery Solutions\" \/>\n\t\t<meta property=\"og:type\" content=\"article\" \/>\n\t\t<meta property=\"og:title\" content=\"Paper Tube Production Equipment._NRC MACHINE\" \/>\n\t\t<meta property=\"og:description\" content=\"Discover the future of paper tube manufacturing\u2014explore NRC MACHINE\u2019s full range of paper tube production equipment today.\" \/>\n\t\t<meta property=\"og:url\" content=\"https:\/\/nrcmachine.com\/es\/product\/paper-tube-production-equipment\/\" \/>\n\t\t<meta property=\"og:image\" content=\"https:\/\/nrcmachine.com\/wp-content\/uploads\/2025\/12\/Paper-tube-production-equipment-3.webp\" \/>\n\t\t<meta property=\"og:image:secure_url\" content=\"https:\/\/nrcmachine.com\/wp-content\/uploads\/2025\/12\/Paper-tube-production-equipment-3.webp\" \/>\n\t\t<meta property=\"og:image:width\" content=\"800\" \/>\n\t\t<meta property=\"og:image:height\" content=\"800\" \/>\n\t\t<meta property=\"article:published_time\" content=\"2025-12-25T07:26:47+00:00\" \/>\n\t\t<meta property=\"article:modified_time\" content=\"2025-12-25T07:41:57+00:00\" \/>\n\t\t<meta property=\"article:publisher\" content=\"https:\/\/www.facebook.com\/james.gao.349938\" \/>\n\t\t<meta name=\"twitter:card\" content=\"summary\" \/>\n\t\t<meta name=\"twitter:site\" content=\"@JamesGao65335\" \/>\n\t\t<meta name=\"twitter:title\" content=\"Paper Tube Production Equipment._NRC MACHINE\" \/>\n\t\t<meta name=\"twitter:description\" content=\"Discover the future of paper tube manufacturing\u2014explore NRC MACHINE\u2019s full range of paper tube production equipment today.\" \/>\n\t\t<meta name=\"twitter:image\" content=\"https:\/\/nrcmachine.com\/wp-content\/uploads\/2025\/12\/Paper-tube-production-equipment-3.webp\" \/>\n\t\t<script type=\"application\/ld+json\" class=\"aioseo-schema\">\n\t\t\t{\"@context\":\"https:\\\/\\\/schema.org\",\"@graph\":[{\"@type\":\"BreadcrumbList\",\"@id\":\"https:\\\/\\\/nrcmachine.com\\\/es\\\/product\\\/paper-tube-production-equipment\\\/#breadcrumblist\",\"itemListElement\":[{\"@type\":\"ListItem\",\"@id\":\"https:\\\/\\\/nrcmachine.com\\\/es#listItem\",\"position\":1,\"name\":\"Home\",\"item\":\"https:\\\/\\\/nrcmachine.com\\\/es\",\"nextItem\":{\"@type\":\"ListItem\",\"@id\":\"https:\\\/\\\/nrcmachine.com\\\/es\\\/product\\\/#listItem\",\"name\":\"Products\"}},{\"@type\":\"ListItem\",\"@id\":\"https:\\\/\\\/nrcmachine.com\\\/es\\\/product\\\/#listItem\",\"position\":2,\"name\":\"Products\",\"item\":\"https:\\\/\\\/nrcmachine.com\\\/es\\\/product\\\/\",\"nextItem\":{\"@type\":\"ListItem\",\"@id\":\"https:\\\/\\\/nrcmachine.com\\\/es\\\/tag\\\/paper-tube-making-machine\\\/#listItem\",\"name\":\"paper tube making machine\"},\"previousItem\":{\"@type\":\"ListItem\",\"@id\":\"https:\\\/\\\/nrcmachine.com\\\/es#listItem\",\"name\":\"Home\"}},{\"@type\":\"ListItem\",\"@id\":\"https:\\\/\\\/nrcmachine.com\\\/es\\\/tag\\\/paper-tube-making-machine\\\/#listItem\",\"position\":3,\"name\":\"paper tube making machine\",\"item\":\"https:\\\/\\\/nrcmachine.com\\\/es\\\/tag\\\/paper-tube-making-machine\\\/\",\"nextItem\":{\"@type\":\"ListItem\",\"@id\":\"https:\\\/\\\/nrcmachine.com\\\/es\\\/product\\\/paper-tube-production-equipment\\\/#listItem\",\"name\":\"Paper Tube Production Equipment\"},\"previousItem\":{\"@type\":\"ListItem\",\"@id\":\"https:\\\/\\\/nrcmachine.com\\\/es\\\/product\\\/#listItem\",\"name\":\"Products\"}},{\"@type\":\"ListItem\",\"@id\":\"https:\\\/\\\/nrcmachine.com\\\/es\\\/product\\\/paper-tube-production-equipment\\\/#listItem\",\"position\":4,\"name\":\"Paper Tube Production Equipment\",\"previousItem\":{\"@type\":\"ListItem\",\"@id\":\"https:\\\/\\\/nrcmachine.com\\\/es\\\/tag\\\/paper-tube-making-machine\\\/#listItem\",\"name\":\"paper tube making machine\"}}]},{\"@type\":\"Organization\",\"@id\":\"https:\\\/\\\/nrcmachine.com\\\/es\\\/#organization\",\"name\":\"Toilet Paper Machine, Paper Tube Machine | NRC Machine wordpress\",\"description\":\"Reliable Paper Machinery Solutions\",\"url\":\"https:\\\/\\\/nrcmachine.com\\\/es\\\/\",\"email\":\"james@nrcmachine.com\",\"telephone\":\"+8615254213289\",\"foundingDate\":\"2023-11-01\",\"numberOfEmployees\":{\"@type\":\"QuantitativeValue\",\"minValue\":1,\"maxValue\":50},\"logo\":{\"@type\":\"ImageObject\",\"url\":\"https:\\\/\\\/nrcmachine.com\\\/wp-content\\\/uploads\\\/2026\\\/01\\\/logo23.png\",\"@id\":\"https:\\\/\\\/nrcmachine.com\\\/es\\\/product\\\/paper-tube-production-equipment\\\/#organizationLogo\",\"width\":800,\"height\":800,\"caption\":\"logo for NRC MACHINE\"},\"image\":{\"@id\":\"https:\\\/\\\/nrcmachine.com\\\/es\\\/product\\\/paper-tube-production-equipment\\\/#organizationLogo\"},\"sameAs\":[\"https:\\\/\\\/www.facebook.com\\\/james.gao.349938\",\"https:\\\/\\\/x.com\\\/JamesGao65335\",\"https:\\\/\\\/www.instagram.com\\\/jamesgao407?igsh=d2YybzFhMjY0YTl3\",\"https:\\\/\\\/www.tiktok.com\\\/@gyl20210118\",\"https:\\\/\\\/www.linkedin.com\\\/in\\\/--9a63583a9\\\/\"]},{\"@type\":\"WebPage\",\"@id\":\"https:\\\/\\\/nrcmachine.com\\\/es\\\/product\\\/paper-tube-production-equipment\\\/#webpage\",\"url\":\"https:\\\/\\\/nrcmachine.com\\\/es\\\/product\\\/paper-tube-production-equipment\\\/\",\"name\":\"Paper Tube Production Equipment._NRC MACHINE\",\"description\":\"Discover the future of paper tube manufacturing\\u2014explore NRC MACHINE\\u2019s full range of paper tube production equipment today.\",\"inLanguage\":\"es-ES\",\"isPartOf\":{\"@id\":\"https:\\\/\\\/nrcmachine.com\\\/es\\\/#website\"},\"breadcrumb\":{\"@id\":\"https:\\\/\\\/nrcmachine.com\\\/es\\\/product\\\/paper-tube-production-equipment\\\/#breadcrumblist\"},\"image\":{\"@type\":\"ImageObject\",\"url\":\"https:\\\/\\\/nrcmachine.com\\\/wp-content\\\/uploads\\\/2025\\\/12\\\/Paper-tube-production-equipment-3.webp\",\"@id\":\"https:\\\/\\\/nrcmachine.com\\\/es\\\/product\\\/paper-tube-production-equipment\\\/#mainImage\",\"width\":800,\"height\":800,\"caption\":\"Paper tube production equipment (3)\"},\"primaryImageOfPage\":{\"@id\":\"https:\\\/\\\/nrcmachine.com\\\/es\\\/product\\\/paper-tube-production-equipment\\\/#mainImage\"},\"datePublished\":\"2025-12-25T15:26:47+08:00\",\"dateModified\":\"2025-12-25T15:41:57+08:00\"},{\"@type\":\"WebSite\",\"@id\":\"https:\\\/\\\/nrcmachine.com\\\/es\\\/#website\",\"url\":\"https:\\\/\\\/nrcmachine.com\\\/es\\\/\",\"name\":\"Toilet Paper Machine, Paper Tube Machine | NRC Machine\",\"alternateName\":\"Qingdao New Richuan Precision Machine Co.,Ltd\",\"description\":\"Reliable Paper Machinery Solutions\",\"inLanguage\":\"es-ES\",\"publisher\":{\"@id\":\"https:\\\/\\\/nrcmachine.com\\\/es\\\/#organization\"}}]}\n\t\t<\/script>\n\t\t<!-- All in One SEO Pro -->\r\n\t\t<title>Paper Tube Production Equipment._NRC MACHINE<\/title>\n\n","aioseo_head_json":{"title":"Equipos de producci\u00f3n de tubos de papel _NRC MACHINE","description":"Descubra el futuro de la fabricaci\u00f3n de tubos de papel: explore hoy mismo la gama completa de equipos de producci\u00f3n de tubos de papel de NRC MACHINE.","canonical_url":"https:\/\/nrcmachine.com\/es\/product\/paper-tube-production-equipment\/","robots":"max-snippet:-1, max-image-preview:large, max-video-preview:-1","keywords":"","webmasterTools":{"miscellaneous":""},"schema":{"@context":"https:\/\/schema.org","@graph":[{"@type":"BreadcrumbList","@id":"https:\/\/nrcmachine.com\/es\/product\/paper-tube-production-equipment\/#breadcrumblist","itemListElement":[{"@type":"ListItem","@id":"https:\/\/nrcmachine.com\/es#listItem","position":1,"name":"Home","item":"https:\/\/nrcmachine.com\/es","nextItem":{"@type":"ListItem","@id":"https:\/\/nrcmachine.com\/es\/product\/#listItem","name":"Products"}},{"@type":"ListItem","@id":"https:\/\/nrcmachine.com\/es\/product\/#listItem","position":2,"name":"Products","item":"https:\/\/nrcmachine.com\/es\/product\/","nextItem":{"@type":"ListItem","@id":"https:\/\/nrcmachine.com\/es\/tag\/paper-tube-making-machine\/#listItem","name":"paper tube making machine"},"previousItem":{"@type":"ListItem","@id":"https:\/\/nrcmachine.com\/es#listItem","name":"Home"}},{"@type":"ListItem","@id":"https:\/\/nrcmachine.com\/es\/tag\/paper-tube-making-machine\/#listItem","position":3,"name":"paper tube making machine","item":"https:\/\/nrcmachine.com\/es\/tag\/paper-tube-making-machine\/","nextItem":{"@type":"ListItem","@id":"https:\/\/nrcmachine.com\/es\/product\/paper-tube-production-equipment\/#listItem","name":"Paper Tube Production Equipment"},"previousItem":{"@type":"ListItem","@id":"https:\/\/nrcmachine.com\/es\/product\/#listItem","name":"Products"}},{"@type":"ListItem","@id":"https:\/\/nrcmachine.com\/es\/product\/paper-tube-production-equipment\/#listItem","position":4,"name":"Paper Tube Production Equipment","previousItem":{"@type":"ListItem","@id":"https:\/\/nrcmachine.com\/es\/tag\/paper-tube-making-machine\/#listItem","name":"paper tube making machine"}}]},{"@type":"Organization","@id":"https:\/\/nrcmachine.com\/es\/#organization","name":"Toilet Paper Machine, Paper Tube Machine | NRC Machine wordpress","description":"Reliable Paper Machinery Solutions","url":"https:\/\/nrcmachine.com\/es\/","email":"james@nrcmachine.com","telephone":"+8615254213289","foundingDate":"2023-11-01","numberOfEmployees":{"@type":"QuantitativeValue","minValue":1,"maxValue":50},"logo":{"@type":"ImageObject","url":"https:\/\/nrcmachine.com\/wp-content\/uploads\/2026\/01\/logo23.png","@id":"https:\/\/nrcmachine.com\/es\/product\/paper-tube-production-equipment\/#organizationLogo","width":800,"height":800,"caption":"logo for NRC MACHINE"},"image":{"@id":"https:\/\/nrcmachine.com\/es\/product\/paper-tube-production-equipment\/#organizationLogo"},"sameAs":["https:\/\/www.facebook.com\/james.gao.349938","https:\/\/x.com\/JamesGao65335","https:\/\/www.instagram.com\/jamesgao407?igsh=d2YybzFhMjY0YTl3","https:\/\/www.tiktok.com\/@gyl20210118","https:\/\/www.linkedin.com\/in\/--9a63583a9\/"]},{"@type":"WebPage","@id":"https:\/\/nrcmachine.com\/es\/product\/paper-tube-production-equipment\/#webpage","url":"https:\/\/nrcmachine.com\/es\/product\/paper-tube-production-equipment\/","name":"Paper Tube Production Equipment._NRC MACHINE","description":"Discover the future of paper tube manufacturing\u2014explore NRC MACHINE\u2019s full range of paper tube production equipment today.","inLanguage":"es-ES","isPartOf":{"@id":"https:\/\/nrcmachine.com\/es\/#website"},"breadcrumb":{"@id":"https:\/\/nrcmachine.com\/es\/product\/paper-tube-production-equipment\/#breadcrumblist"},"image":{"@type":"ImageObject","url":"https:\/\/nrcmachine.com\/wp-content\/uploads\/2025\/12\/Paper-tube-production-equipment-3.webp","@id":"https:\/\/nrcmachine.com\/es\/product\/paper-tube-production-equipment\/#mainImage","width":800,"height":800,"caption":"Paper tube production equipment (3)"},"primaryImageOfPage":{"@id":"https:\/\/nrcmachine.com\/es\/product\/paper-tube-production-equipment\/#mainImage"},"datePublished":"2025-12-25T15:26:47+08:00","dateModified":"2025-12-25T15:41:57+08:00"},{"@type":"WebSite","@id":"https:\/\/nrcmachine.com\/es\/#website","url":"https:\/\/nrcmachine.com\/es\/","name":"Toilet Paper Machine, Paper Tube Machine | NRC Machine","alternateName":"Qingdao New Richuan Precision Machine Co.,Ltd","description":"Reliable Paper Machinery Solutions","inLanguage":"es-ES","publisher":{"@id":"https:\/\/nrcmachine.com\/es\/#organization"}}]},"og:locale":"es_ES","og:site_name":"Toilet Paper Machine, Paper Tube Machine | NRC Machine - Reliable Paper Machinery Solutions","og:type":"article","og:title":"Paper Tube Production Equipment._NRC MACHINE","og:description":"Discover the future of paper tube manufacturing\u2014explore NRC MACHINE\u2019s full range of paper tube production equipment today.","og:url":"https:\/\/nrcmachine.com\/es\/product\/paper-tube-production-equipment\/","og:image":"https:\/\/nrcmachine.com\/wp-content\/uploads\/2025\/12\/Paper-tube-production-equipment-3.webp","og:image:secure_url":"https:\/\/nrcmachine.com\/wp-content\/uploads\/2025\/12\/Paper-tube-production-equipment-3.webp","og:image:width":800,"og:image:height":800,"article:published_time":"2025-12-25T07:26:47+00:00","article:modified_time":"2025-12-25T07:41:57+00:00","article:publisher":"https:\/\/www.facebook.com\/james.gao.349938","twitter:card":"summary","twitter:site":"@JamesGao65335","twitter:title":"Paper Tube Production Equipment._NRC MACHINE","twitter:description":"Discover the future of paper tube manufacturing\u2014explore NRC MACHINE\u2019s full range of paper tube production equipment today.","twitter:image":"https:\/\/nrcmachine.com\/wp-content\/uploads\/2025\/12\/Paper-tube-production-equipment-3.webp"},"aioseo_meta_data":{"post_id":"3184","title":"Equipos de producci\u00f3n de tubos de papel _NRC MACHINE","description":"Descubra el futuro de la fabricaci\u00f3n de tubos de papel: explore hoy mismo la gama completa de equipos de producci\u00f3n de tubos de papel de NRC MACHINE.","keywords":null,"keyphrases":{"focus":{"keyphrase":"paper tube production equipment","score":100,"analysis":{"keyphraseInTitle":{"score":9,"maxScore":9,"error":0},"keyphraseInDescription":{"score":9,"maxScore":9,"error":0},"keyphraseLength":{"score":9,"maxScore":9,"error":0,"length":4},"keyphraseInURL":{"score":5,"maxScore":5,"error":0},"keyphraseInIntroduction":{"score":9,"maxScore":9,"error":0},"keyphraseInSubHeadings":[],"keyphraseInImageAlt":[],"keywordDensity":{"type":"best","score":9,"maxScore":9,"error":0}}},"additional":[]},"primary_term":null,"canonical_url":null,"og_title":null,"og_description":null,"og_object_type":"default","og_image_type":"default","og_image_url":null,"og_image_width":null,"og_image_height":null,"og_image_custom_url":null,"og_image_custom_fields":null,"og_video":"","og_custom_url":null,"og_article_section":null,"og_article_tags":null,"twitter_use_og":false,"twitter_card":"default","twitter_image_type":"default","twitter_image_url":null,"twitter_image_custom_url":null,"twitter_image_custom_fields":null,"twitter_title":null,"twitter_description":null,"schema":{"blockGraphs":[],"customGraphs":[],"default":{"data":{"Article":[],"Course":[],"Dataset":[],"FAQPage":[],"Movie":[],"Person":[],"Product":[],"ProductReview":[],"Car":[],"Recipe":[],"Service":[],"SoftwareApplication":[],"WebPage":[]},"graphName":"ItemPage","isEnabled":true},"graphs":[]},"schema_type":"default","schema_type_options":null,"pillar_content":false,"robots_default":true,"robots_noindex":false,"robots_noarchive":false,"robots_nosnippet":false,"robots_nofollow":false,"robots_noimageindex":false,"robots_noodp":false,"robots_notranslate":false,"robots_max_snippet":"-1","robots_max_videopreview":"-1","robots_max_imagepreview":"large","priority":null,"frequency":"default","local_seo":null,"seo_analyzer_scan_date":"2026-02-13 03:51:50","breadcrumb_settings":null,"limit_modified_date":false,"reviewed_by":null,"open_ai":null,"ai":{"faqs":[],"keyPoints":[],"titles":[],"descriptions":[],"socialPosts":{"email":[],"linkedin":[],"twitter":[],"facebook":[],"instagram":[]}},"created":"2025-12-25 07:26:47","updated":"2026-02-13 07:02:17"},"aioseo_breadcrumb":"<div class=\"aioseo-breadcrumbs\"><span class=\"aioseo-breadcrumb\">\n\t<a href=\"https:\/\/nrcmachine.com\/es\" title=\"Home\">Home<\/a>\n<\/span><span class=\"aioseo-breadcrumb-separator\">\u00bb<\/span><span class=\"aioseo-breadcrumb\">\n\t<a href=\"https:\/\/nrcmachine.com\/es\/product\/\" title=\"Products\">Products<\/a>\n<\/span><span class=\"aioseo-breadcrumb-separator\">\u00bb<\/span><span class=\"aioseo-breadcrumb\">\n\t<a href=\"https:\/\/nrcmachine.com\/es\/tag\/paper-tube-making-machine\/\" title=\"paper tube making machine\">paper tube making machine<\/a>\n<\/span><span class=\"aioseo-breadcrumb-separator\">\u00bb<\/span><span class=\"aioseo-breadcrumb\">\n\tPaper Tube Production Equipment\n<\/span><\/div>","aioseo_breadcrumb_json":[{"label":"Home","link":"https:\/\/nrcmachine.com\/es"},{"label":"Products","link":"https:\/\/nrcmachine.com\/es\/product\/"},{"label":"paper tube making machine","link":"https:\/\/nrcmachine.com\/es\/tag\/paper-tube-making-machine\/"},{"label":"Paper Tube Production Equipment","link":"https:\/\/nrcmachine.com\/es\/product\/paper-tube-production-equipment\/"}],"_links":{"self":[{"href":"https:\/\/nrcmachine.com\/es\/wp-json\/wp\/v2\/product\/3184","targetHints":{"allow":["GET"]}}],"collection":[{"href":"https:\/\/nrcmachine.com\/es\/wp-json\/wp\/v2\/product"}],"about":[{"href":"https:\/\/nrcmachine.com\/es\/wp-json\/wp\/v2\/types\/product"}],"version-history":[{"count":0,"href":"https:\/\/nrcmachine.com\/es\/wp-json\/wp\/v2\/product\/3184\/revisions"}],"wp:featuredmedia":[{"embeddable":true,"href":"https:\/\/nrcmachine.com\/es\/wp-json\/wp\/v2\/media\/3185"}],"wp:attachment":[{"href":"https:\/\/nrcmachine.com\/es\/wp-json\/wp\/v2\/media?parent=3184"}],"wp:term":[{"taxonomy":"post_tag","embeddable":true,"href":"https:\/\/nrcmachine.com\/es\/wp-json\/wp\/v2\/tags?post=3184"},{"taxonomy":"products","embeddable":true,"href":"https:\/\/nrcmachine.com\/es\/wp-json\/wp\/v2\/products?post=3184"}],"curies":[{"name":"wp","href":"https:\/\/api.w.org\/{rel}","templated":true}]}}