 {"id":3794,"date":"2026-01-07T16:32:33","date_gmt":"2026-01-07T08:32:33","guid":{"rendered":"https:\/\/nrcmachine.com\/?post_type=product&#038;p=3794"},"modified":"2026-01-07T18:57:59","modified_gmt":"2026-01-07T10:57:59","slug":"carton-paper-core-making-machine","status":"publish","type":"product","link":"https:\/\/nrcmachine.com\/es\/product\/carton-paper-core-making-machine\/","title":{"rendered":"M\u00e1quina de fabricaci\u00f3n de n\u00facleos de papel cart\u00f3n"},"content":{"rendered":"<h3 style=\"text-align: center;\"><strong>Presentaci\u00f3n de la m\u00e1quina de fabricaci\u00f3n de n\u00facleos de papel cart\u00f3n de alto rendimiento de NRC MACHINE<\/strong><\/h3>\n<h4><strong>\u00bfQu\u00e9 es una m\u00e1quina de fabricaci\u00f3n de n\u00facleos de papel cart\u00f3n?<\/strong><\/h4>\n<p>Se trata de una m\u00e1quina de fabricaci\u00f3n de n\u00facleos de papel cart\u00f3n, tambi\u00e9n llamada m\u00e1quina de tubos de papel en espiral. Enrolla el papel en n\u00facleos firmes y redondos. Estos n\u00facleos se utilizan en embalaje, impresi\u00f3n y etiquetado. Puede encontrarlos en rollos de cinta, pel\u00edculas adhesivas y hojas laminadas.NRC MACHINE, tambi\u00e9n conocida como Qingdao New Richuan Precision Machine Co., Ltd., se enorgullece de presentar su <strong>m\u00e1quina de fabricaci\u00f3n de n\u00facleos de papel cart\u00f3n<\/strong>. Esta m\u00e1quina cambia la forma de fabricar tubos de papel. Aporta velocidad, precisi\u00f3n y facilidad a su l\u00ednea de producci\u00f3n.<\/p>\n<div class=\"ast-oembed-container\" style=\"height: 100%;\"><iframe title=\"M\u00e1quina fabricadora de tubos de cart\u00f3n en espiral CNC de dos cabezales\" width=\"500\" height=\"281\" src=\"https:\/\/www.youtube.com\/embed\/G4_H7S417b4?feature=oembed\" frameborder=\"0\" allow=\"accelerometer; autoplay; clipboard-write; encrypted-media; gyroscope; picture-in-picture; web-share\" referrerpolicy=\"strict-origin-when-cross-origin\" allowfullscreen><\/iframe><\/div>\n<p>La m\u00e1quina utiliza varias capas de papel. Las pega y las enrolla firmemente. \u00bfEl resultado? Un n\u00facleo duradero y muy resistente. Y lo mejor de todo es que el proceso es totalmente autom\u00e1tico.<\/p>\n<h4><strong>Controlador CNC, con tecnolog\u00eda moderna<\/strong><\/h4>\n<p>Esta m\u00e1quina de fabricaci\u00f3n de n\u00facleos de papel cart\u00f3n funciona con un servomotor. Eso significa que se mueve con precisi\u00f3n. Arranca r\u00e1pido. Se detiene suavemente. Se ajusta r\u00e1pidamente. Obtendr\u00e1 una calidad constante en todo momento.<\/p>\n<p>Tambi\u00e9n dispone de un controlador PLC. Este cerebro de la m\u00e1quina gestiona todas las operaciones. Usted ajusta el tama\u00f1o, la velocidad y el recuento en la pantalla t\u00e1ctil. Luego, la m\u00e1quina hace el resto. As\u00ed que incluso los nuevos trabajadores pueden utilizarla con facilidad.<\/p>\n<p>Adem\u00e1s, el sistema te avisa si algo va mal. Por ejemplo, si se acaba el papel o baja la tensi\u00f3n. De este modo, el tiempo de inactividad se mantiene bajo. Y el rendimiento se mantiene alto.<\/p>\n<h4><strong>\u00bfPor qu\u00e9 elegir la versi\u00f3n de NRC MACHINE?<\/strong><\/h4>\n<p>En primer lugar, est\u00e1 construida para durar. NRC MACHINE utiliza acero de alta resistencia y piezas de calidad. As\u00ed, la m\u00e1quina soporta turnos largos sin problemas. Funciona en f\u00e1bricas calientes, fr\u00edas o h\u00famedas.<\/p>\n<p>En segundo lugar, ahorra tiempo. La configuraci\u00f3n s\u00f3lo lleva unos minutos. Los cambios entre tama\u00f1os son r\u00e1pidos. No es necesario detener la producci\u00f3n durante mucho tiempo.<\/p>\n<p>En tercer lugar, reduce los residuos. El sistema de encolado es uniforme. El avance del papel es estable. As\u00ed se obtienen menos defectos. Esto significa m\u00e1s beneficios a largo plazo.<\/p>\n<p>Y de nuevo, este <strong>m\u00e1quina de fabricaci\u00f3n de n\u00facleos de papel cart\u00f3n<\/strong>\u00a0est\u00e1 hecho para el mundo real. No s\u00f3lo para el espect\u00e1culo. Funciona silenciosamente. Se limpia f\u00e1cilmente. Se adapta a la mayor\u00eda de los dise\u00f1os de f\u00e1brica.<\/p>\n<h4><strong>F\u00e1cil de usar, m\u00e1s f\u00e1cil de amar<\/strong><\/h4>\n<p>No necesitas un t\u00edtulo para manejar esta m\u00e1quina. La pantalla muestra iconos claros. Los men\u00fas est\u00e1n en un ingl\u00e9s sencillo. S\u00f3lo tienes que seguir los pasos. A continuaci\u00f3n, pulse \u201cStart\u201d.<\/p>\n<p>Adem\u00e1s, nuestro equipo ofrece formaci\u00f3n completa. Te ayudamos con la configuraci\u00f3n. Le mostramos consejos. Incluso le ayudamos despu\u00e9s de la venta. Para que nunca se sienta solo.<\/p>\n<p>Adem\u00e1s, el mantenimiento es sencillo. Basta con limpiar los rodillos. Compruebe el motor una vez a la semana. Eso es todo. La mayor\u00eda de las piezas son de f\u00e1cil acceso. No hay tornillos ocultos. No hay cables confusos.<\/p>\n<h4><strong>Construido para el futuro, listo hoy<\/strong><\/h4>\n<p>El mercado quiere m\u00e1s velocidad. Quiere menos costes. Quiere menos residuos. Esta <strong>m\u00e1quina de fabricaci\u00f3n de n\u00facleos de papel cart\u00f3n<\/strong>\u00a0cumple los tres requisitos.<\/p>\n<p>Sirve para peque\u00f1os comercios. Tambi\u00e9n sirve para grandes f\u00e1bricas. Tanto si fabrica 100 n\u00facleos al d\u00eda como 10.000, esta m\u00e1quina crece con usted.<\/p>\n<p>Adem\u00e1s, NRC MACHINE sigue mejorando. Escuchamos a los clientes. A\u00f1adimos nuevas funciones. Probamos a fondo. Para que siempre tenga lo \u00faltimo.<\/p>\n<h4><strong>Reflexiones finales<\/strong><\/h4>\n<p>En resumen, el <a href=\"https:\/\/youtu.be\/G4_H7S417b4\"><strong>m\u00e1quina de fabricaci\u00f3n de n\u00facleos de papel cart\u00f3n<\/strong><\/a>\u00a0de NRC MACHINE es inteligente, resistente y sencilla. Utiliza un servomotor y control PLC. Produce r\u00e1pidamente n\u00facleos de alta calidad. Reduce la mano de obra y los residuos.<\/p>\n<p>Si desea actualizar su l\u00ednea, esta es la m\u00e1quina que debe elegir. No espere m\u00e1s. Empiece hoy mismo a fabricar mejores n\u00facleos.<\/p>\n<p>Contacto <a href=\"https:\/\/nrcmachine.com\/es\">NRC M\u00c1QUINA<\/a> ahora. Crezcamos juntos.<\/p>\n<p>&nbsp;<\/p>","protected":false},"featured_media":3797,"template":"","meta":{"_acf_changed":false,"_monsterinsights_skip_tracking":false,"_monsterinsights_sitenote_active":false,"_monsterinsights_sitenote_note":"","_monsterinsights_sitenote_category":0,"site-sidebar-layout":"default","site-content-layout":"","ast-site-content-layout":"default","site-content-style":"default","site-sidebar-style":"default","ast-global-header-display":"","ast-banner-title-visibility":"","ast-main-header-display":"","ast-hfb-above-header-display":"","ast-hfb-below-header-display":"","ast-hfb-mobile-header-display":"","site-post-title":"","ast-breadcrumbs-content":"","ast-featured-img":"","footer-sml-layout":"","theme-transparent-header-meta":"default","adv-header-id-meta":"","stick-header-meta":"default","header-above-stick-meta":"","header-main-stick-meta":"","header-below-stick-meta":"","astra-migrate-meta-layouts":"set","ast-page-background-enabled":"default","ast-page-background-meta":{"desktop":{"background-color":"var(--ast-global-color-4)","background-image":"","background-repeat":"repeat","background-position":"center center","background-size":"auto","background-attachment":"scroll","background-type":"","background-media":"","overlay-type":"","overlay-color":"","overlay-opacity":"","overlay-gradient":""},"tablet":{"background-color":"","background-image":"","background-repeat":"repeat","background-position":"center center","background-size":"auto","background-attachment":"scroll","background-type":"","background-media":"","overlay-type":"","overlay-color":"","overlay-opacity":"","overlay-gradient":""},"mobile":{"background-color":"","background-image":"","background-repeat":"repeat","background-position":"center center","background-size":"auto","background-attachment":"scroll","background-type":"","background-media":"","overlay-type":"","overlay-color":"","overlay-opacity":"","overlay-gradient":""}},"ast-content-background-meta":{"desktop":{"background-color":"var(--ast-global-color-5)","background-image":"","background-repeat":"repeat","background-position":"center center","background-size":"auto","background-attachment":"scroll","background-type":"","background-media":"","overlay-type":"","overlay-color":"","overlay-opacity":"","overlay-gradient":""},"tablet":{"background-color":"var(--ast-global-color-5)","background-image":"","background-repeat":"repeat","background-position":"center center","background-size":"auto","background-attachment":"scroll","background-type":"","background-media":"","overlay-type":"","overlay-color":"","overlay-opacity":"","overlay-gradient":""},"mobile":{"background-color":"var(--ast-global-color-5)","background-image":"","background-repeat":"repeat","background-position":"center center","background-size":"auto","background-attachment":"scroll","background-type":"","background-media":"","overlay-type":"","overlay-color":"","overlay-opacity":"","overlay-gradient":""}}},"tags":[55],"products":[43],"class_list":["post-3794","product","type-product","status-publish","has-post-thumbnail","hentry","tag-paper-core-making-machine","products-spiral-paper-tube-making-machine"],"acf":[],"aioseo_notices":[],"aioseo_head":"\n\t\t<!-- All in One SEO Pro 4.9.2 - aioseo.com -->\n\t<meta name=\"description\" content=\"This is carton paper core making machine, also named spiral paper tube machine. It rolls paper into firm, round cores. These cores are used in packaging.\" \/>\n\t<meta name=\"robots\" content=\"max-snippet:-1, max-image-preview:large, max-video-preview:-1\" \/>\n\t<link rel=\"canonical\" href=\"https:\/\/nrcmachine.com\/es\/product\/carton-paper-core-making-machine\/\" \/>\n\t<meta name=\"generator\" content=\"All in One SEO Pro (AIOSEO) 4.9.2\" \/>\n\t\t<meta property=\"og:locale\" content=\"es_ES\" \/>\n\t\t<meta property=\"og:site_name\" content=\"Toilet Paper Machine, Paper Tube Machine | NRC Machine - Reliable Paper Machinery Solutions\" \/>\n\t\t<meta property=\"og:type\" content=\"article\" \/>\n\t\t<meta property=\"og:title\" content=\"Carton Paper Core Making Machine - QINGDAO NEW RICHUAN\" \/>\n\t\t<meta property=\"og:description\" content=\"This is carton paper core making machine, also named spiral paper tube machine. It rolls paper into firm, round cores. These cores are used in packaging.\" \/>\n\t\t<meta property=\"og:url\" content=\"https:\/\/nrcmachine.com\/es\/product\/carton-paper-core-making-machine\/\" \/>\n\t\t<meta property=\"og:image\" content=\"https:\/\/nrcmachine.com\/wp-content\/uploads\/2026\/01\/carton-paper-core-making-machine-3.webp\" \/>\n\t\t<meta property=\"og:image:secure_url\" content=\"https:\/\/nrcmachine.com\/wp-content\/uploads\/2026\/01\/carton-paper-core-making-machine-3.webp\" \/>\n\t\t<meta property=\"og:image:width\" content=\"1000\" \/>\n\t\t<meta property=\"og:image:height\" content=\"562\" \/>\n\t\t<meta property=\"article:published_time\" content=\"2026-01-07T08:32:33+00:00\" \/>\n\t\t<meta property=\"article:modified_time\" content=\"2026-01-07T10:57:59+00:00\" \/>\n\t\t<meta property=\"article:publisher\" content=\"https:\/\/www.facebook.com\/james.gao.349938\" \/>\n\t\t<meta name=\"twitter:card\" content=\"summary\" \/>\n\t\t<meta name=\"twitter:site\" content=\"@JamesGao65335\" \/>\n\t\t<meta name=\"twitter:title\" content=\"Carton Paper Core Making Machine - QINGDAO NEW RICHUAN\" \/>\n\t\t<meta name=\"twitter:description\" content=\"This is carton paper core making machine, also named spiral paper tube machine. It rolls paper into firm, round cores. These cores are used in packaging.\" \/>\n\t\t<meta name=\"twitter:image\" content=\"https:\/\/nrcmachine.com\/wp-content\/uploads\/2026\/01\/carton-paper-core-making-machine-1.webp\" \/>\n\t\t<script type=\"application\/ld+json\" class=\"aioseo-schema\">\n\t\t\t{\"@context\":\"https:\\\/\\\/schema.org\",\"@graph\":[{\"@type\":\"BreadcrumbList\",\"@id\":\"https:\\\/\\\/nrcmachine.com\\\/es\\\/product\\\/carton-paper-core-making-machine\\\/#breadcrumblist\",\"itemListElement\":[{\"@type\":\"ListItem\",\"@id\":\"https:\\\/\\\/nrcmachine.com\\\/es#listItem\",\"position\":1,\"name\":\"Home\",\"item\":\"https:\\\/\\\/nrcmachine.com\\\/es\",\"nextItem\":{\"@type\":\"ListItem\",\"@id\":\"https:\\\/\\\/nrcmachine.com\\\/es\\\/product\\\/#listItem\",\"name\":\"Products\"}},{\"@type\":\"ListItem\",\"@id\":\"https:\\\/\\\/nrcmachine.com\\\/es\\\/product\\\/#listItem\",\"position\":2,\"name\":\"Products\",\"item\":\"https:\\\/\\\/nrcmachine.com\\\/es\\\/product\\\/\",\"nextItem\":{\"@type\":\"ListItem\",\"@id\":\"https:\\\/\\\/nrcmachine.com\\\/es\\\/tag\\\/paper-core-making-machine\\\/#listItem\",\"name\":\"paper core making machine\"},\"previousItem\":{\"@type\":\"ListItem\",\"@id\":\"https:\\\/\\\/nrcmachine.com\\\/es#listItem\",\"name\":\"Home\"}},{\"@type\":\"ListItem\",\"@id\":\"https:\\\/\\\/nrcmachine.com\\\/es\\\/tag\\\/paper-core-making-machine\\\/#listItem\",\"position\":3,\"name\":\"paper core making machine\",\"item\":\"https:\\\/\\\/nrcmachine.com\\\/es\\\/tag\\\/paper-core-making-machine\\\/\",\"nextItem\":{\"@type\":\"ListItem\",\"@id\":\"https:\\\/\\\/nrcmachine.com\\\/es\\\/product\\\/carton-paper-core-making-machine\\\/#listItem\",\"name\":\"Carton Paper Core Making Machine\"},\"previousItem\":{\"@type\":\"ListItem\",\"@id\":\"https:\\\/\\\/nrcmachine.com\\\/es\\\/product\\\/#listItem\",\"name\":\"Products\"}},{\"@type\":\"ListItem\",\"@id\":\"https:\\\/\\\/nrcmachine.com\\\/es\\\/product\\\/carton-paper-core-making-machine\\\/#listItem\",\"position\":4,\"name\":\"Carton Paper Core Making Machine\",\"previousItem\":{\"@type\":\"ListItem\",\"@id\":\"https:\\\/\\\/nrcmachine.com\\\/es\\\/tag\\\/paper-core-making-machine\\\/#listItem\",\"name\":\"paper core making machine\"}}]},{\"@type\":\"Organization\",\"@id\":\"https:\\\/\\\/nrcmachine.com\\\/es\\\/#organization\",\"name\":\"Toilet Paper Machine, Paper Tube Machine | NRC Machine wordpress\",\"description\":\"Reliable Paper Machinery Solutions\",\"url\":\"https:\\\/\\\/nrcmachine.com\\\/es\\\/\",\"email\":\"james@nrcmachine.com\",\"telephone\":\"+8615254213289\",\"foundingDate\":\"2023-11-01\",\"numberOfEmployees\":{\"@type\":\"QuantitativeValue\",\"minValue\":1,\"maxValue\":50},\"logo\":{\"@type\":\"ImageObject\",\"url\":\"https:\\\/\\\/nrcmachine.com\\\/wp-content\\\/uploads\\\/2026\\\/01\\\/logo23.png\",\"@id\":\"https:\\\/\\\/nrcmachine.com\\\/es\\\/product\\\/carton-paper-core-making-machine\\\/#organizationLogo\",\"width\":800,\"height\":800,\"caption\":\"logo for NRC MACHINE\"},\"image\":{\"@id\":\"https:\\\/\\\/nrcmachine.com\\\/es\\\/product\\\/carton-paper-core-making-machine\\\/#organizationLogo\"},\"sameAs\":[\"https:\\\/\\\/www.facebook.com\\\/james.gao.349938\",\"https:\\\/\\\/x.com\\\/JamesGao65335\",\"https:\\\/\\\/www.instagram.com\\\/jamesgao407?igsh=d2YybzFhMjY0YTl3\",\"https:\\\/\\\/www.tiktok.com\\\/@gyl20210118\",\"https:\\\/\\\/www.linkedin.com\\\/in\\\/--9a63583a9\\\/\"]},{\"@type\":\"WebPage\",\"@id\":\"https:\\\/\\\/nrcmachine.com\\\/es\\\/product\\\/carton-paper-core-making-machine\\\/#webpage\",\"url\":\"https:\\\/\\\/nrcmachine.com\\\/es\\\/product\\\/carton-paper-core-making-machine\\\/\",\"name\":\"Carton Paper Core Making Machine - QINGDAO NEW RICHUAN\",\"description\":\"This is carton paper core making machine, also named spiral paper tube machine. It rolls paper into firm, round cores. These cores are used in packaging.\",\"inLanguage\":\"es-ES\",\"isPartOf\":{\"@id\":\"https:\\\/\\\/nrcmachine.com\\\/es\\\/#website\"},\"breadcrumb\":{\"@id\":\"https:\\\/\\\/nrcmachine.com\\\/es\\\/product\\\/carton-paper-core-making-machine\\\/#breadcrumblist\"},\"image\":{\"@type\":\"ImageObject\",\"url\":\"https:\\\/\\\/nrcmachine.com\\\/wp-content\\\/uploads\\\/2026\\\/01\\\/carton-paper-core-making-machine-1.webp\",\"@id\":\"https:\\\/\\\/nrcmachine.com\\\/es\\\/product\\\/carton-paper-core-making-machine\\\/#mainImage\",\"width\":720,\"height\":720,\"caption\":\"carton paper core making machine\"},\"primaryImageOfPage\":{\"@id\":\"https:\\\/\\\/nrcmachine.com\\\/es\\\/product\\\/carton-paper-core-making-machine\\\/#mainImage\"},\"datePublished\":\"2026-01-07T16:32:33+08:00\",\"dateModified\":\"2026-01-07T18:57:59+08:00\"},{\"@type\":\"WebSite\",\"@id\":\"https:\\\/\\\/nrcmachine.com\\\/es\\\/#website\",\"url\":\"https:\\\/\\\/nrcmachine.com\\\/es\\\/\",\"name\":\"Toilet Paper Machine, Paper Tube Machine | NRC Machine\",\"alternateName\":\"Qingdao New Richuan Precision Machine Co.,Ltd\",\"description\":\"Reliable Paper Machinery Solutions\",\"inLanguage\":\"es-ES\",\"publisher\":{\"@id\":\"https:\\\/\\\/nrcmachine.com\\\/es\\\/#organization\"}}]}\n\t\t<\/script>\n\t\t<!-- All in One SEO Pro -->\r\n\t\t<title>Carton Paper Core Making Machine - QINGDAO NEW RICHUAN<\/title>\n\n","aioseo_head_json":{"title":"M\u00e1quina de fabricaci\u00f3n de n\u00facleos de papel cart\u00f3n - QINGDAO NEW RICHUAN","description":"Se trata de una m\u00e1quina de fabricaci\u00f3n de n\u00facleos de papel cart\u00f3n, tambi\u00e9n llamada m\u00e1quina de tubos de papel en espiral. Enrolla el papel en n\u00facleos firmes y redondos. Estos n\u00facleos se utilizan en el embalaje.","canonical_url":"https:\/\/nrcmachine.com\/es\/product\/carton-paper-core-making-machine\/","robots":"max-snippet:-1, max-image-preview:large, max-video-preview:-1","keywords":"","webmasterTools":{"miscellaneous":""},"schema":{"@context":"https:\/\/schema.org","@graph":[{"@type":"BreadcrumbList","@id":"https:\/\/nrcmachine.com\/es\/product\/carton-paper-core-making-machine\/#breadcrumblist","itemListElement":[{"@type":"ListItem","@id":"https:\/\/nrcmachine.com\/es#listItem","position":1,"name":"Home","item":"https:\/\/nrcmachine.com\/es","nextItem":{"@type":"ListItem","@id":"https:\/\/nrcmachine.com\/es\/product\/#listItem","name":"Products"}},{"@type":"ListItem","@id":"https:\/\/nrcmachine.com\/es\/product\/#listItem","position":2,"name":"Products","item":"https:\/\/nrcmachine.com\/es\/product\/","nextItem":{"@type":"ListItem","@id":"https:\/\/nrcmachine.com\/es\/tag\/paper-core-making-machine\/#listItem","name":"paper core making machine"},"previousItem":{"@type":"ListItem","@id":"https:\/\/nrcmachine.com\/es#listItem","name":"Home"}},{"@type":"ListItem","@id":"https:\/\/nrcmachine.com\/es\/tag\/paper-core-making-machine\/#listItem","position":3,"name":"paper core making machine","item":"https:\/\/nrcmachine.com\/es\/tag\/paper-core-making-machine\/","nextItem":{"@type":"ListItem","@id":"https:\/\/nrcmachine.com\/es\/product\/carton-paper-core-making-machine\/#listItem","name":"Carton Paper Core Making Machine"},"previousItem":{"@type":"ListItem","@id":"https:\/\/nrcmachine.com\/es\/product\/#listItem","name":"Products"}},{"@type":"ListItem","@id":"https:\/\/nrcmachine.com\/es\/product\/carton-paper-core-making-machine\/#listItem","position":4,"name":"Carton Paper Core Making Machine","previousItem":{"@type":"ListItem","@id":"https:\/\/nrcmachine.com\/es\/tag\/paper-core-making-machine\/#listItem","name":"paper core making machine"}}]},{"@type":"Organization","@id":"https:\/\/nrcmachine.com\/es\/#organization","name":"Toilet Paper Machine, Paper Tube Machine | NRC Machine wordpress","description":"Reliable Paper Machinery Solutions","url":"https:\/\/nrcmachine.com\/es\/","email":"james@nrcmachine.com","telephone":"+8615254213289","foundingDate":"2023-11-01","numberOfEmployees":{"@type":"QuantitativeValue","minValue":1,"maxValue":50},"logo":{"@type":"ImageObject","url":"https:\/\/nrcmachine.com\/wp-content\/uploads\/2026\/01\/logo23.png","@id":"https:\/\/nrcmachine.com\/es\/product\/carton-paper-core-making-machine\/#organizationLogo","width":800,"height":800,"caption":"logo for NRC MACHINE"},"image":{"@id":"https:\/\/nrcmachine.com\/es\/product\/carton-paper-core-making-machine\/#organizationLogo"},"sameAs":["https:\/\/www.facebook.com\/james.gao.349938","https:\/\/x.com\/JamesGao65335","https:\/\/www.instagram.com\/jamesgao407?igsh=d2YybzFhMjY0YTl3","https:\/\/www.tiktok.com\/@gyl20210118","https:\/\/www.linkedin.com\/in\/--9a63583a9\/"]},{"@type":"WebPage","@id":"https:\/\/nrcmachine.com\/es\/product\/carton-paper-core-making-machine\/#webpage","url":"https:\/\/nrcmachine.com\/es\/product\/carton-paper-core-making-machine\/","name":"Carton Paper Core Making Machine - QINGDAO NEW RICHUAN","description":"This is carton paper core making machine, also named spiral paper tube machine. It rolls paper into firm, round cores. These cores are used in packaging.","inLanguage":"es-ES","isPartOf":{"@id":"https:\/\/nrcmachine.com\/es\/#website"},"breadcrumb":{"@id":"https:\/\/nrcmachine.com\/es\/product\/carton-paper-core-making-machine\/#breadcrumblist"},"image":{"@type":"ImageObject","url":"https:\/\/nrcmachine.com\/wp-content\/uploads\/2026\/01\/carton-paper-core-making-machine-1.webp","@id":"https:\/\/nrcmachine.com\/es\/product\/carton-paper-core-making-machine\/#mainImage","width":720,"height":720,"caption":"carton paper core making machine"},"primaryImageOfPage":{"@id":"https:\/\/nrcmachine.com\/es\/product\/carton-paper-core-making-machine\/#mainImage"},"datePublished":"2026-01-07T16:32:33+08:00","dateModified":"2026-01-07T18:57:59+08:00"},{"@type":"WebSite","@id":"https:\/\/nrcmachine.com\/es\/#website","url":"https:\/\/nrcmachine.com\/es\/","name":"Toilet Paper Machine, Paper Tube Machine | NRC Machine","alternateName":"Qingdao New Richuan Precision Machine Co.,Ltd","description":"Reliable Paper Machinery Solutions","inLanguage":"es-ES","publisher":{"@id":"https:\/\/nrcmachine.com\/es\/#organization"}}]},"og:locale":"es_ES","og:site_name":"Toilet Paper Machine, Paper Tube Machine | NRC Machine - Reliable Paper Machinery Solutions","og:type":"article","og:title":"Carton Paper Core Making Machine - QINGDAO NEW RICHUAN","og:description":"This is carton paper core making machine, also named spiral paper tube machine. It rolls paper into firm, round cores. These cores are used in packaging.","og:url":"https:\/\/nrcmachine.com\/es\/product\/carton-paper-core-making-machine\/","og:image":"https:\/\/nrcmachine.com\/wp-content\/uploads\/2026\/01\/carton-paper-core-making-machine-3.webp","og:image:secure_url":"https:\/\/nrcmachine.com\/wp-content\/uploads\/2026\/01\/carton-paper-core-making-machine-3.webp","og:image:width":1000,"og:image:height":562,"article:published_time":"2026-01-07T08:32:33+00:00","article:modified_time":"2026-01-07T10:57:59+00:00","article:publisher":"https:\/\/www.facebook.com\/james.gao.349938","twitter:card":"summary","twitter:site":"@JamesGao65335","twitter:title":"Carton Paper Core Making Machine - QINGDAO NEW RICHUAN","twitter:description":"This is carton paper core making machine, also named spiral paper tube machine. It rolls paper into firm, round cores. These cores are used in packaging.","twitter:image":"https:\/\/nrcmachine.com\/wp-content\/uploads\/2026\/01\/carton-paper-core-making-machine-1.webp"},"aioseo_meta_data":{"post_id":"3794","title":"#post_title #separator_sa QINGDAO NEW RICHUAN","description":"Se trata de una m\u00e1quina de fabricaci\u00f3n de n\u00facleos de papel cart\u00f3n, tambi\u00e9n llamada m\u00e1quina de tubos de papel en espiral. Enrolla el papel en n\u00facleos firmes y redondos. Estos n\u00facleos se utilizan en el embalaje.","keywords":null,"keyphrases":{"focus":{"keyphrase":"paper core making machine","score":100,"analysis":{"keyphraseInTitle":{"score":9,"maxScore":9,"error":0},"keyphraseInDescription":{"score":9,"maxScore":9,"error":0},"keyphraseLength":{"score":9,"maxScore":9,"error":0,"length":4},"keyphraseInURL":{"score":5,"maxScore":5,"error":0},"keyphraseInIntroduction":{"score":9,"maxScore":9,"error":0},"keyphraseInSubHeadings":{"score":9,"maxScore":9,"error":0},"keyphraseInImageAlt":[],"keywordDensity":{"type":"best","score":9,"maxScore":9,"error":0}}},"additional":[]},"primary_term":null,"canonical_url":null,"og_title":null,"og_description":null,"og_object_type":"default","og_image_type":"custom_image","og_image_url":"https:\/\/nrcmachine.com\/wp-content\/uploads\/2026\/01\/carton-paper-core-making-machine-3.webp","og_image_width":"1000","og_image_height":"562","og_image_custom_url":"https:\/\/nrcmachine.com\/wp-content\/uploads\/2026\/01\/carton-paper-core-making-machine-3.webp","og_image_custom_fields":null,"og_video":"","og_custom_url":null,"og_article_section":null,"og_article_tags":null,"twitter_use_og":false,"twitter_card":"default","twitter_image_type":"default","twitter_image_url":null,"twitter_image_custom_url":null,"twitter_image_custom_fields":null,"twitter_title":null,"twitter_description":null,"schema":{"blockGraphs":[],"customGraphs":[],"default":{"data":{"Article":[],"Course":[],"Dataset":[],"FAQPage":[],"Movie":[],"Person":[],"Product":[],"ProductReview":[],"Car":[],"Recipe":[],"Service":[],"SoftwareApplication":[],"WebPage":[]},"graphName":"ItemPage","isEnabled":true},"graphs":[]},"schema_type":"default","schema_type_options":null,"pillar_content":false,"robots_default":true,"robots_noindex":false,"robots_noarchive":false,"robots_nosnippet":false,"robots_nofollow":false,"robots_noimageindex":false,"robots_noodp":false,"robots_notranslate":false,"robots_max_snippet":"-1","robots_max_videopreview":"-1","robots_max_imagepreview":"large","priority":null,"frequency":"default","local_seo":null,"seo_analyzer_scan_date":"2026-02-13 02:04:12","breadcrumb_settings":null,"limit_modified_date":false,"reviewed_by":null,"open_ai":null,"ai":{"faqs":[],"keyPoints":[],"titles":[],"descriptions":[],"socialPosts":{"email":[],"linkedin":[],"twitter":[],"facebook":[],"instagram":[]}},"created":"2026-01-07 08:32:34","updated":"2026-02-13 07:06:56"},"aioseo_breadcrumb":"<div class=\"aioseo-breadcrumbs\"><span class=\"aioseo-breadcrumb\">\n\t<a href=\"https:\/\/nrcmachine.com\/es\" title=\"Home\">Home<\/a>\n<\/span><span class=\"aioseo-breadcrumb-separator\">\u00bb<\/span><span class=\"aioseo-breadcrumb\">\n\t<a href=\"https:\/\/nrcmachine.com\/es\/product\/\" title=\"Products\">Products<\/a>\n<\/span><span class=\"aioseo-breadcrumb-separator\">\u00bb<\/span><span class=\"aioseo-breadcrumb\">\n\t<a href=\"https:\/\/nrcmachine.com\/es\/tag\/paper-core-making-machine\/\" title=\"paper core making machine\">paper core making machine<\/a>\n<\/span><span class=\"aioseo-breadcrumb-separator\">\u00bb<\/span><span class=\"aioseo-breadcrumb\">\n\tCarton Paper Core Making Machine\n<\/span><\/div>","aioseo_breadcrumb_json":[{"label":"Home","link":"https:\/\/nrcmachine.com\/es"},{"label":"Products","link":"https:\/\/nrcmachine.com\/es\/product\/"},{"label":"paper core making machine","link":"https:\/\/nrcmachine.com\/es\/tag\/paper-core-making-machine\/"},{"label":"Carton Paper Core Making Machine","link":"https:\/\/nrcmachine.com\/es\/product\/carton-paper-core-making-machine\/"}],"_links":{"self":[{"href":"https:\/\/nrcmachine.com\/es\/wp-json\/wp\/v2\/product\/3794","targetHints":{"allow":["GET"]}}],"collection":[{"href":"https:\/\/nrcmachine.com\/es\/wp-json\/wp\/v2\/product"}],"about":[{"href":"https:\/\/nrcmachine.com\/es\/wp-json\/wp\/v2\/types\/product"}],"version-history":[{"count":0,"href":"https:\/\/nrcmachine.com\/es\/wp-json\/wp\/v2\/product\/3794\/revisions"}],"wp:featuredmedia":[{"embeddable":true,"href":"https:\/\/nrcmachine.com\/es\/wp-json\/wp\/v2\/media\/3797"}],"wp:attachment":[{"href":"https:\/\/nrcmachine.com\/es\/wp-json\/wp\/v2\/media?parent=3794"}],"wp:term":[{"taxonomy":"post_tag","embeddable":true,"href":"https:\/\/nrcmachine.com\/es\/wp-json\/wp\/v2\/tags?post=3794"},{"taxonomy":"products","embeddable":true,"href":"https:\/\/nrcmachine.com\/es\/wp-json\/wp\/v2\/products?post=3794"}],"curies":[{"name":"wp","href":"https:\/\/api.w.org\/{rel}","templated":true}]}}