 {"id":3829,"date":"2026-01-08T11:24:18","date_gmt":"2026-01-08T03:24:18","guid":{"rendered":"https:\/\/nrcmachine.com\/?post_type=product&#038;p=3829"},"modified":"2026-01-08T12:25:17","modified_gmt":"2026-01-08T04:25:17","slug":"multi-blades-paper-core-cutting-machine","status":"publish","type":"product","link":"https:\/\/nrcmachine.com\/es\/product\/multi-blades-paper-core-cutting-machine\/","title":{"rendered":"M\u00e1quina cortadora de papel con cuchillas m\u00faltiples"},"content":{"rendered":"<h3 style=\"text-align: center;\"><strong>Presentaci\u00f3n de la cortadora de n\u00facleos de papel con cuchillas m\u00faltiples de NRC MACHINE<\/strong><\/h3>\n<h4><strong>Rendimiento de alta velocidad con control CNC y PLC<\/strong><\/h4>\n<p>Se trata de un <a href=\"https:\/\/youtube.com\/shorts\/hY6IIXJtECc?feature=share\">m\u00e1quina cortadora de n\u00facleo de papel con cuchillas m\u00faltiples.<\/a><\/p>\n<p>Funciona con sistemas de control CNC y PLC.<\/p>\n<p>Por lo tanto, funciona r\u00e1pido y es preciso.<\/p>\n<p>Adem\u00e1s, se ajusta f\u00e1cilmente a diferentes tama\u00f1os de n\u00facleo.<\/p>\n<p>Gracias a ello, los operarios ahorran tiempo y reducen los residuos.<\/p>\n<p>La m\u00e1quina corta n\u00facleos con di\u00e1metros interiores de 30 a 200 mm.<\/p>\n<p>El grosor del n\u00facleo puede oscilar entre 1 y 10 mm.<\/p>\n<p>La longitud m\u00e1xima de corte alcanza los 1500 mm.<\/p>\n<p>O puede personalizarse en funci\u00f3n de sus necesidades.<\/p>\n<p>Por lo tanto, se adapta a muchas l\u00edneas de producci\u00f3n.<\/p>\n<div class=\"ast-oembed-container\" style=\"height: 100%;\"><iframe title=\"M\u00e1quina cortadora de tubos de papel de cuchillas m\u00faltiples #m\u00e1quina #tubecuttingequipment #factory\" width=\"422\" height=\"750\" src=\"https:\/\/www.youtube.com\/embed\/hY6IIXJtECc?feature=oembed\" frameborder=\"0\" allow=\"accelerometer; autoplay; clipboard-write; encrypted-media; gyroscope; picture-in-picture; web-share\" referrerpolicy=\"strict-origin-when-cross-origin\" allowfullscreen><\/iframe><\/div>\n<p>\u00bfBusca una forma r\u00e1pida, precisa y fiable de cortar n\u00facleos de papel?<\/p>\n<p>NRC MACHINE tiene la respuesta.<\/p>\n<p>Esta es la <a href=\"https:\/\/youtube.com\/shorts\/hY6IIXJtECc?feature=share\"><strong>cortadora de papel multihojas<\/strong><\/a>, Construido para un alto rendimiento.<\/p>\n<p>Fabricado por Qingdao New Richuan Precision Machine Co., Ltd., destaca en el sector.<\/p>\n<p>Y lo mejor de todo es que corta r\u00e1pidamente sin perder precisi\u00f3n.<\/p>\n<h4><strong>Dise\u00f1o inteligente para un funcionamiento fluido<\/strong><\/h4>\n<p>La cortadora de n\u00facleos de papel de cuchillas m\u00faltiples utiliza un sistema de cuchillas afiladas y duraderas.<\/p>\n<p>Las cuchillas permanecen alineadas y necesitan poco mantenimiento.<\/p>\n<p>Adem\u00e1s, la m\u00e1quina corta siempre con bordes limpios.<\/p>\n<p>As\u00ed, los operarios pueden pasar r\u00e1pidamente a la siguiente tarea.<\/p>\n<p>Por tanto, se reduce el tiempo de inactividad.<\/p>\n<p>El panel de control es f\u00e1cil de usar.<\/p>\n<p>Los trabajadores lo aprenden r\u00e1pidamente.<\/p>\n<p>Aun as\u00ed, NRC MACHINE ofrece apoyo a la formaci\u00f3n.<\/p>\n<p>Adem\u00e1s, incorpora elementos de seguridad.<\/p>\n<p>Por ejemplo, las paradas de emergencia y las cubiertas protectoras vienen de serie.<\/p>\n<h4><strong>Construido para f\u00e1bricas, hecho para durar<\/strong><\/h4>\n<p>Esta m\u00e1quina es fuerte.<\/p>\n<p>Soporta largas horas de trabajo diario.<\/p>\n<p>Aun as\u00ed, sigue cortando a toda velocidad.<\/p>\n<p>Adem\u00e1s, funciona bien en las ajetreadas f\u00e1bricas de productos de papel.<\/p>\n<p>Por ello, muchas empresas optan por la <a href=\"https:\/\/nrcmachine.com\/product\/high-speed-paper-core-cutting-machine\/\"><strong>cortadora de papel multihojas<\/strong><\/a>.<\/p>\n<p>Corta tubos, n\u00facleos y rollos de papel con facilidad.<\/p>\n<p>Ya sea para envasado o impresi\u00f3n, cumple.<\/p>\n<p>Adem\u00e1s, admite pedidos personalizados.<\/p>\n<p>As\u00ed, obtendr\u00e1 siempre la talla correcta.<\/p>\n<h4><strong>\u00bfPor qu\u00e9 elegir NRC MACHINE?<\/strong><\/h4>\n<p>NRC MACHINE es sin\u00f3nimo de calidad e innovaci\u00f3n.<\/p>\n<p>Cada <a href=\"https:\/\/nrcmachine.com\/product\/high-speed-paper-core-cutting-machine\/\"><strong>cortadora de papel multihojas<\/strong><\/a>\u00a0se comprueba antes del env\u00edo.<\/p>\n<p>El servicio de atenci\u00f3n al cliente es r\u00e1pido y servicial.<\/p>\n<p>Adem\u00e1s, ofrecemos ayuda para la instalaci\u00f3n y asistencia t\u00e9cnica.<\/p>\n<p>Por lo tanto, nunca estar\u00e1 solo despu\u00e9s de comprar.<\/p>\n<p>En resumen, esta m\u00e1quina ahorra tiempo, corta limpiamente y dura mucho.<\/p>\n<p>Es inteligente, resistente y f\u00e1cil de usar.<\/p>\n<p>Por lo tanto, si necesita un corte de alta velocidad, elija NRC MACHINE.<\/p>\n<p>El <a href=\"https:\/\/nrcmachine.com\/product\/high-speed-paper-core-cutting-machine\/\"><strong>cortadora de papel multihojas<\/strong><\/a>\u00a0est\u00e1 dispuesta a trabajar para usted.<\/p>\n<p>&nbsp;<\/p>","protected":false},"featured_media":3830,"template":"","meta":{"_acf_changed":false,"_monsterinsights_skip_tracking":false,"_monsterinsights_sitenote_active":false,"_monsterinsights_sitenote_note":"","_monsterinsights_sitenote_category":0,"site-sidebar-layout":"default","site-content-layout":"","ast-site-content-layout":"default","site-content-style":"default","site-sidebar-style":"default","ast-global-header-display":"","ast-banner-title-visibility":"","ast-main-header-display":"","ast-hfb-above-header-display":"","ast-hfb-below-header-display":"","ast-hfb-mobile-header-display":"","site-post-title":"","ast-breadcrumbs-content":"","ast-featured-img":"","footer-sml-layout":"","theme-transparent-header-meta":"default","adv-header-id-meta":"","stick-header-meta":"default","header-above-stick-meta":"","header-main-stick-meta":"","header-below-stick-meta":"","astra-migrate-meta-layouts":"set","ast-page-background-enabled":"default","ast-page-background-meta":{"desktop":{"background-color":"var(--ast-global-color-4)","background-image":"","background-repeat":"repeat","background-position":"center center","background-size":"auto","background-attachment":"scroll","background-type":"","background-media":"","overlay-type":"","overlay-color":"","overlay-opacity":"","overlay-gradient":""},"tablet":{"background-color":"","background-image":"","background-repeat":"repeat","background-position":"center center","background-size":"auto","background-attachment":"scroll","background-type":"","background-media":"","overlay-type":"","overlay-color":"","overlay-opacity":"","overlay-gradient":""},"mobile":{"background-color":"","background-image":"","background-repeat":"repeat","background-position":"center center","background-size":"auto","background-attachment":"scroll","background-type":"","background-media":"","overlay-type":"","overlay-color":"","overlay-opacity":"","overlay-gradient":""}},"ast-content-background-meta":{"desktop":{"background-color":"var(--ast-global-color-5)","background-image":"","background-repeat":"repeat","background-position":"center center","background-size":"auto","background-attachment":"scroll","background-type":"","background-media":"","overlay-type":"","overlay-color":"","overlay-opacity":"","overlay-gradient":""},"tablet":{"background-color":"var(--ast-global-color-5)","background-image":"","background-repeat":"repeat","background-position":"center center","background-size":"auto","background-attachment":"scroll","background-type":"","background-media":"","overlay-type":"","overlay-color":"","overlay-opacity":"","overlay-gradient":""},"mobile":{"background-color":"var(--ast-global-color-5)","background-image":"","background-repeat":"repeat","background-position":"center center","background-size":"auto","background-attachment":"scroll","background-type":"","background-media":"","overlay-type":"","overlay-color":"","overlay-opacity":"","overlay-gradient":""}}},"tags":[96,72],"products":[70],"class_list":["post-3829","product","type-product","status-publish","has-post-thumbnail","hentry","tag-paper-core-cutting-machine","tag-paper-tube-cutting-machine","products-paper-tube-cutting-machine"],"acf":[],"aioseo_notices":[],"aioseo_head":"\n\t\t<!-- All in One SEO Pro 4.9.2 - aioseo.com -->\n\t<meta name=\"description\" content=\"NRC MACHINE stands for quality and innovation. Each multi blades paper core cutting machine is tested before shipping. Customer service is fast and helpful.\" \/>\n\t<meta name=\"robots\" content=\"noodp, max-snippet:-1, max-image-preview:large, max-video-preview:-1\" \/>\n\t<link rel=\"canonical\" href=\"https:\/\/nrcmachine.com\/es\/product\/multi-blades-paper-core-cutting-machine\/\" \/>\n\t<meta name=\"generator\" content=\"All in One SEO Pro (AIOSEO) 4.9.2\" \/>\n\t\t<meta property=\"og:locale\" content=\"es_ES\" \/>\n\t\t<meta property=\"og:site_name\" content=\"Toilet Paper Machine, Paper Tube Machine | NRC Machine - Reliable Paper Machinery Solutions\" \/>\n\t\t<meta property=\"og:type\" content=\"article\" \/>\n\t\t<meta property=\"og:title\" content=\"Multi Blades Paper Core Cutting Machine - NRC MACHINE\" \/>\n\t\t<meta property=\"og:description\" content=\"NRC MACHINE stands for quality and innovation. Each multi blades paper core cutting machine is tested before shipping. Customer service is fast and helpful.\" \/>\n\t\t<meta property=\"og:url\" content=\"https:\/\/nrcmachine.com\/es\/product\/multi-blades-paper-core-cutting-machine\/\" \/>\n\t\t<meta property=\"og:image\" content=\"https:\/\/nrcmachine.com\/wp-content\/uploads\/2026\/01\/Multi-Blades-Paper-Core-Cutting-Machine-3.webp\" \/>\n\t\t<meta property=\"og:image:secure_url\" content=\"https:\/\/nrcmachine.com\/wp-content\/uploads\/2026\/01\/Multi-Blades-Paper-Core-Cutting-Machine-3.webp\" \/>\n\t\t<meta property=\"og:image:width\" content=\"1000\" \/>\n\t\t<meta property=\"og:image:height\" content=\"563\" \/>\n\t\t<meta property=\"article:published_time\" content=\"2026-01-08T03:24:18+00:00\" \/>\n\t\t<meta property=\"article:modified_time\" content=\"2026-01-08T04:25:17+00:00\" \/>\n\t\t<meta property=\"article:publisher\" content=\"https:\/\/www.facebook.com\/james.gao.349938\" \/>\n\t\t<meta name=\"twitter:card\" content=\"summary\" \/>\n\t\t<meta name=\"twitter:site\" content=\"@JamesGao65335\" \/>\n\t\t<meta name=\"twitter:title\" content=\"Multi Blades Paper Core Cutting Machine - NRC MACHINE\" \/>\n\t\t<meta name=\"twitter:description\" content=\"NRC MACHINE stands for quality and innovation. Each multi blades paper core cutting machine is tested before shipping. Customer service is fast and helpful.\" \/>\n\t\t<meta name=\"twitter:image\" content=\"https:\/\/nrcmachine.com\/wp-content\/uploads\/2026\/01\/Multi-Blades-Paper-Core-Cutting-Machine-2.webp\" \/>\n\t\t<script type=\"application\/ld+json\" class=\"aioseo-schema\">\n\t\t\t{\"@context\":\"https:\\\/\\\/schema.org\",\"@graph\":[{\"@type\":\"BreadcrumbList\",\"@id\":\"https:\\\/\\\/nrcmachine.com\\\/es\\\/product\\\/multi-blades-paper-core-cutting-machine\\\/#breadcrumblist\",\"itemListElement\":[{\"@type\":\"ListItem\",\"@id\":\"https:\\\/\\\/nrcmachine.com\\\/es#listItem\",\"position\":1,\"name\":\"Home\",\"item\":\"https:\\\/\\\/nrcmachine.com\\\/es\",\"nextItem\":{\"@type\":\"ListItem\",\"@id\":\"https:\\\/\\\/nrcmachine.com\\\/es\\\/product\\\/#listItem\",\"name\":\"Products\"}},{\"@type\":\"ListItem\",\"@id\":\"https:\\\/\\\/nrcmachine.com\\\/es\\\/product\\\/#listItem\",\"position\":2,\"name\":\"Products\",\"item\":\"https:\\\/\\\/nrcmachine.com\\\/es\\\/product\\\/\",\"nextItem\":{\"@type\":\"ListItem\",\"@id\":\"https:\\\/\\\/nrcmachine.com\\\/es\\\/tag\\\/paper-tube-cutting-machine\\\/#listItem\",\"name\":\"paper tube cutting machine\"},\"previousItem\":{\"@type\":\"ListItem\",\"@id\":\"https:\\\/\\\/nrcmachine.com\\\/es#listItem\",\"name\":\"Home\"}},{\"@type\":\"ListItem\",\"@id\":\"https:\\\/\\\/nrcmachine.com\\\/es\\\/tag\\\/paper-tube-cutting-machine\\\/#listItem\",\"position\":3,\"name\":\"paper tube cutting machine\",\"item\":\"https:\\\/\\\/nrcmachine.com\\\/es\\\/tag\\\/paper-tube-cutting-machine\\\/\",\"nextItem\":{\"@type\":\"ListItem\",\"@id\":\"https:\\\/\\\/nrcmachine.com\\\/es\\\/product\\\/multi-blades-paper-core-cutting-machine\\\/#listItem\",\"name\":\"Multi Blades Paper Core Cutting Machine\"},\"previousItem\":{\"@type\":\"ListItem\",\"@id\":\"https:\\\/\\\/nrcmachine.com\\\/es\\\/product\\\/#listItem\",\"name\":\"Products\"}},{\"@type\":\"ListItem\",\"@id\":\"https:\\\/\\\/nrcmachine.com\\\/es\\\/product\\\/multi-blades-paper-core-cutting-machine\\\/#listItem\",\"position\":4,\"name\":\"Multi Blades Paper Core Cutting Machine\",\"previousItem\":{\"@type\":\"ListItem\",\"@id\":\"https:\\\/\\\/nrcmachine.com\\\/es\\\/tag\\\/paper-tube-cutting-machine\\\/#listItem\",\"name\":\"paper tube cutting machine\"}}]},{\"@type\":\"Organization\",\"@id\":\"https:\\\/\\\/nrcmachine.com\\\/es\\\/#organization\",\"name\":\"Toilet Paper Machine, Paper Tube Machine | NRC Machine wordpress\",\"description\":\"Reliable Paper Machinery Solutions\",\"url\":\"https:\\\/\\\/nrcmachine.com\\\/es\\\/\",\"email\":\"james@nrcmachine.com\",\"telephone\":\"+8615254213289\",\"foundingDate\":\"2023-11-01\",\"numberOfEmployees\":{\"@type\":\"QuantitativeValue\",\"minValue\":1,\"maxValue\":50},\"logo\":{\"@type\":\"ImageObject\",\"url\":\"https:\\\/\\\/nrcmachine.com\\\/wp-content\\\/uploads\\\/2026\\\/01\\\/logo23.png\",\"@id\":\"https:\\\/\\\/nrcmachine.com\\\/es\\\/product\\\/multi-blades-paper-core-cutting-machine\\\/#organizationLogo\",\"width\":800,\"height\":800,\"caption\":\"logo for NRC MACHINE\"},\"image\":{\"@id\":\"https:\\\/\\\/nrcmachine.com\\\/es\\\/product\\\/multi-blades-paper-core-cutting-machine\\\/#organizationLogo\"},\"sameAs\":[\"https:\\\/\\\/www.facebook.com\\\/james.gao.349938\",\"https:\\\/\\\/x.com\\\/JamesGao65335\",\"https:\\\/\\\/www.instagram.com\\\/jamesgao407?igsh=d2YybzFhMjY0YTl3\",\"https:\\\/\\\/www.tiktok.com\\\/@gyl20210118\",\"https:\\\/\\\/www.linkedin.com\\\/in\\\/--9a63583a9\\\/\"],\"address\":{\"@id\":\"https:\\\/\\\/nrcmachine.com\\\/es\\\/#postaladdress\",\"@type\":\"PostalAddress\",\"streetAddress\":\"No..519,Jiangshan South Road,Huangdao,\",\"postalCode\":\"266500\",\"addressLocality\":\"Qingdao\",\"addressRegion\":\"Shandong Province\",\"addressCountry\":\"CN\"},\"taxID\":\"91370211MAD54P6P85\",\"vatID\":\"91370211MAD54P6P85\"},{\"@type\":\"WebPage\",\"@id\":\"https:\\\/\\\/nrcmachine.com\\\/es\\\/product\\\/multi-blades-paper-core-cutting-machine\\\/#webpage\",\"url\":\"https:\\\/\\\/nrcmachine.com\\\/es\\\/product\\\/multi-blades-paper-core-cutting-machine\\\/\",\"name\":\"Multi Blades Paper Core Cutting Machine - NRC MACHINE\",\"description\":\"NRC MACHINE stands for quality and innovation. Each multi blades paper core cutting machine is tested before shipping. Customer service is fast and helpful.\",\"inLanguage\":\"es-ES\",\"isPartOf\":{\"@id\":\"https:\\\/\\\/nrcmachine.com\\\/es\\\/#website\"},\"breadcrumb\":{\"@id\":\"https:\\\/\\\/nrcmachine.com\\\/es\\\/product\\\/multi-blades-paper-core-cutting-machine\\\/#breadcrumblist\"},\"image\":{\"@type\":\"ImageObject\",\"url\":\"https:\\\/\\\/nrcmachine.com\\\/wp-content\\\/uploads\\\/2026\\\/01\\\/Multi-Blades-Paper-Core-Cutting-Machine-2.webp\",\"@id\":\"https:\\\/\\\/nrcmachine.com\\\/es\\\/product\\\/multi-blades-paper-core-cutting-machine\\\/#mainImage\",\"width\":800,\"height\":800,\"caption\":\"Multi Blades Paper Core Cutting Machine\"},\"primaryImageOfPage\":{\"@id\":\"https:\\\/\\\/nrcmachine.com\\\/es\\\/product\\\/multi-blades-paper-core-cutting-machine\\\/#mainImage\"},\"datePublished\":\"2026-01-08T11:24:18+08:00\",\"dateModified\":\"2026-01-08T12:25:17+08:00\"},{\"@type\":\"WebSite\",\"@id\":\"https:\\\/\\\/nrcmachine.com\\\/es\\\/#website\",\"url\":\"https:\\\/\\\/nrcmachine.com\\\/es\\\/\",\"name\":\"Toilet Paper Machine, Paper Tube Machine | NRC Machine\",\"alternateName\":\"Qingdao New Richuan Precision Machine Co.,Ltd\",\"description\":\"Reliable Paper Machinery Solutions\",\"inLanguage\":\"es-ES\",\"publisher\":{\"@id\":\"https:\\\/\\\/nrcmachine.com\\\/es\\\/#organization\"}}]}\n\t\t<\/script>\n\t\t<!-- All in One SEO Pro -->\r\n\t\t<title>Multi Blades Paper Core Cutting Machine - NRC MACHINE<\/title>\n\n","aioseo_head_json":{"title":"M\u00e1quina cortadora de n\u00facleos de papel con m\u00faltiples cuchillas - NRC MACHINE","description":"NRC MACHINE es sin\u00f3nimo de calidad e innovaci\u00f3n. Cada m\u00e1quina cortadora de n\u00facleo de papel de cuchillas m\u00faltiples se prueba antes del env\u00edo. El servicio de atenci\u00f3n al cliente es r\u00e1pido y servicial.","canonical_url":"https:\/\/nrcmachine.com\/es\/product\/multi-blades-paper-core-cutting-machine\/","robots":"noodp, max-snippet:-1, max-image-preview:large, max-video-preview:-1","keywords":"","webmasterTools":{"miscellaneous":""},"schema":{"@context":"https:\/\/schema.org","@graph":[{"@type":"BreadcrumbList","@id":"https:\/\/nrcmachine.com\/es\/product\/multi-blades-paper-core-cutting-machine\/#breadcrumblist","itemListElement":[{"@type":"ListItem","@id":"https:\/\/nrcmachine.com\/es#listItem","position":1,"name":"Home","item":"https:\/\/nrcmachine.com\/es","nextItem":{"@type":"ListItem","@id":"https:\/\/nrcmachine.com\/es\/product\/#listItem","name":"Products"}},{"@type":"ListItem","@id":"https:\/\/nrcmachine.com\/es\/product\/#listItem","position":2,"name":"Products","item":"https:\/\/nrcmachine.com\/es\/product\/","nextItem":{"@type":"ListItem","@id":"https:\/\/nrcmachine.com\/es\/tag\/paper-tube-cutting-machine\/#listItem","name":"paper tube cutting machine"},"previousItem":{"@type":"ListItem","@id":"https:\/\/nrcmachine.com\/es#listItem","name":"Home"}},{"@type":"ListItem","@id":"https:\/\/nrcmachine.com\/es\/tag\/paper-tube-cutting-machine\/#listItem","position":3,"name":"paper tube cutting machine","item":"https:\/\/nrcmachine.com\/es\/tag\/paper-tube-cutting-machine\/","nextItem":{"@type":"ListItem","@id":"https:\/\/nrcmachine.com\/es\/product\/multi-blades-paper-core-cutting-machine\/#listItem","name":"Multi Blades Paper Core Cutting Machine"},"previousItem":{"@type":"ListItem","@id":"https:\/\/nrcmachine.com\/es\/product\/#listItem","name":"Products"}},{"@type":"ListItem","@id":"https:\/\/nrcmachine.com\/es\/product\/multi-blades-paper-core-cutting-machine\/#listItem","position":4,"name":"Multi Blades Paper Core Cutting Machine","previousItem":{"@type":"ListItem","@id":"https:\/\/nrcmachine.com\/es\/tag\/paper-tube-cutting-machine\/#listItem","name":"paper tube cutting machine"}}]},{"@type":"Organization","@id":"https:\/\/nrcmachine.com\/es\/#organization","name":"Toilet Paper Machine, Paper Tube Machine | NRC Machine wordpress","description":"Reliable Paper Machinery Solutions","url":"https:\/\/nrcmachine.com\/es\/","email":"james@nrcmachine.com","telephone":"+8615254213289","foundingDate":"2023-11-01","numberOfEmployees":{"@type":"QuantitativeValue","minValue":1,"maxValue":50},"logo":{"@type":"ImageObject","url":"https:\/\/nrcmachine.com\/wp-content\/uploads\/2026\/01\/logo23.png","@id":"https:\/\/nrcmachine.com\/es\/product\/multi-blades-paper-core-cutting-machine\/#organizationLogo","width":800,"height":800,"caption":"logo for NRC MACHINE"},"image":{"@id":"https:\/\/nrcmachine.com\/es\/product\/multi-blades-paper-core-cutting-machine\/#organizationLogo"},"sameAs":["https:\/\/www.facebook.com\/james.gao.349938","https:\/\/x.com\/JamesGao65335","https:\/\/www.instagram.com\/jamesgao407?igsh=d2YybzFhMjY0YTl3","https:\/\/www.tiktok.com\/@gyl20210118","https:\/\/www.linkedin.com\/in\/--9a63583a9\/"],"address":{"@id":"https:\/\/nrcmachine.com\/es\/#postaladdress","@type":"PostalAddress","streetAddress":"No..519,Jiangshan South Road,Huangdao,","postalCode":"266500","addressLocality":"Qingdao","addressRegion":"Shandong Province","addressCountry":"CN"},"taxID":"91370211MAD54P6P85","vatID":"91370211MAD54P6P85"},{"@type":"WebPage","@id":"https:\/\/nrcmachine.com\/es\/product\/multi-blades-paper-core-cutting-machine\/#webpage","url":"https:\/\/nrcmachine.com\/es\/product\/multi-blades-paper-core-cutting-machine\/","name":"Multi Blades Paper Core Cutting Machine - NRC MACHINE","description":"NRC MACHINE stands for quality and innovation. Each multi blades paper core cutting machine is tested before shipping. Customer service is fast and helpful.","inLanguage":"es-ES","isPartOf":{"@id":"https:\/\/nrcmachine.com\/es\/#website"},"breadcrumb":{"@id":"https:\/\/nrcmachine.com\/es\/product\/multi-blades-paper-core-cutting-machine\/#breadcrumblist"},"image":{"@type":"ImageObject","url":"https:\/\/nrcmachine.com\/wp-content\/uploads\/2026\/01\/Multi-Blades-Paper-Core-Cutting-Machine-2.webp","@id":"https:\/\/nrcmachine.com\/es\/product\/multi-blades-paper-core-cutting-machine\/#mainImage","width":800,"height":800,"caption":"Multi Blades Paper Core Cutting Machine"},"primaryImageOfPage":{"@id":"https:\/\/nrcmachine.com\/es\/product\/multi-blades-paper-core-cutting-machine\/#mainImage"},"datePublished":"2026-01-08T11:24:18+08:00","dateModified":"2026-01-08T12:25:17+08:00"},{"@type":"WebSite","@id":"https:\/\/nrcmachine.com\/es\/#website","url":"https:\/\/nrcmachine.com\/es\/","name":"Toilet Paper Machine, Paper Tube Machine | NRC Machine","alternateName":"Qingdao New Richuan Precision Machine Co.,Ltd","description":"Reliable Paper Machinery Solutions","inLanguage":"es-ES","publisher":{"@id":"https:\/\/nrcmachine.com\/es\/#organization"}}]},"og:locale":"es_ES","og:site_name":"Toilet Paper Machine, Paper Tube Machine | NRC Machine - Reliable Paper Machinery Solutions","og:type":"article","og:title":"Multi Blades Paper Core Cutting Machine - NRC MACHINE","og:description":"NRC MACHINE stands for quality and innovation. Each multi blades paper core cutting machine is tested before shipping. Customer service is fast and helpful.","og:url":"https:\/\/nrcmachine.com\/es\/product\/multi-blades-paper-core-cutting-machine\/","og:image":"https:\/\/nrcmachine.com\/wp-content\/uploads\/2026\/01\/Multi-Blades-Paper-Core-Cutting-Machine-3.webp","og:image:secure_url":"https:\/\/nrcmachine.com\/wp-content\/uploads\/2026\/01\/Multi-Blades-Paper-Core-Cutting-Machine-3.webp","og:image:width":1000,"og:image:height":563,"article:published_time":"2026-01-08T03:24:18+00:00","article:modified_time":"2026-01-08T04:25:17+00:00","article:publisher":"https:\/\/www.facebook.com\/james.gao.349938","twitter:card":"summary","twitter:site":"@JamesGao65335","twitter:title":"Multi Blades Paper Core Cutting Machine - NRC MACHINE","twitter:description":"NRC MACHINE stands for quality and innovation. Each multi blades paper core cutting machine is tested before shipping. Customer service is fast and helpful.","twitter:image":"https:\/\/nrcmachine.com\/wp-content\/uploads\/2026\/01\/Multi-Blades-Paper-Core-Cutting-Machine-2.webp"},"aioseo_meta_data":{"post_id":"3829","title":"#post_title #separator_sa M\u00c1QUINA NRC","description":"NRC MACHINE es sin\u00f3nimo de calidad e innovaci\u00f3n. Cada m\u00e1quina cortadora de n\u00facleo de papel de cuchillas m\u00faltiples se prueba antes del env\u00edo. El servicio de atenci\u00f3n al cliente es r\u00e1pido y servicial.","keywords":null,"keyphrases":{"focus":{"keyphrase":"paper core cutting machine","score":100,"analysis":{"keyphraseInTitle":{"score":9,"maxScore":9,"error":0},"keyphraseInDescription":{"score":9,"maxScore":9,"error":0},"keyphraseLength":{"score":9,"maxScore":9,"error":0,"length":4},"keyphraseInURL":{"score":5,"maxScore":5,"error":0},"keyphraseInIntroduction":{"score":9,"maxScore":9,"error":0},"keyphraseInSubHeadings":{"score":9,"maxScore":9,"error":0},"keyphraseInImageAlt":[],"keywordDensity":{"type":"best","score":9,"maxScore":9,"error":0}}},"additional":[]},"primary_term":null,"canonical_url":null,"og_title":null,"og_description":null,"og_object_type":"default","og_image_type":"custom_image","og_image_url":"https:\/\/nrcmachine.com\/wp-content\/uploads\/2026\/01\/Multi-Blades-Paper-Core-Cutting-Machine-3.webp","og_image_width":"1000","og_image_height":"563","og_image_custom_url":"https:\/\/nrcmachine.com\/wp-content\/uploads\/2026\/01\/Multi-Blades-Paper-Core-Cutting-Machine-3.webp","og_image_custom_fields":null,"og_video":"","og_custom_url":null,"og_article_section":null,"og_article_tags":null,"twitter_use_og":false,"twitter_card":"default","twitter_image_type":"default","twitter_image_url":null,"twitter_image_custom_url":null,"twitter_image_custom_fields":null,"twitter_title":null,"twitter_description":null,"schema":{"blockGraphs":[],"customGraphs":[],"default":{"data":{"Article":[],"Course":[],"Dataset":[],"FAQPage":[],"Movie":[],"Person":[],"Product":[],"ProductReview":[],"Car":[],"Recipe":[],"Service":[],"SoftwareApplication":[],"WebPage":[]},"graphName":"ItemPage","isEnabled":true},"graphs":[]},"schema_type":"default","schema_type_options":null,"pillar_content":false,"robots_default":true,"robots_noindex":false,"robots_noarchive":false,"robots_nosnippet":false,"robots_nofollow":false,"robots_noimageindex":false,"robots_noodp":false,"robots_notranslate":false,"robots_max_snippet":"-1","robots_max_videopreview":"-1","robots_max_imagepreview":"large","priority":null,"frequency":"default","local_seo":null,"seo_analyzer_scan_date":"2026-02-13 02:04:08","breadcrumb_settings":null,"limit_modified_date":false,"reviewed_by":null,"open_ai":null,"ai":{"faqs":[],"keyPoints":[],"titles":[],"descriptions":[],"socialPosts":{"email":[],"linkedin":[],"twitter":[],"facebook":[],"instagram":[]}},"created":"2026-01-08 03:24:19","updated":"2026-02-13 07:06:58"},"aioseo_breadcrumb":"<div class=\"aioseo-breadcrumbs\"><span class=\"aioseo-breadcrumb\">\n\t<a href=\"https:\/\/nrcmachine.com\/es\" title=\"Home\">Home<\/a>\n<\/span><span class=\"aioseo-breadcrumb-separator\">\u00bb<\/span><span class=\"aioseo-breadcrumb\">\n\t<a href=\"https:\/\/nrcmachine.com\/es\/product\/\" title=\"Products\">Products<\/a>\n<\/span><span class=\"aioseo-breadcrumb-separator\">\u00bb<\/span><span class=\"aioseo-breadcrumb\">\n\t<a href=\"https:\/\/nrcmachine.com\/es\/tag\/paper-tube-cutting-machine\/\" title=\"paper tube cutting machine\">paper tube cutting machine<\/a>\n<\/span><span class=\"aioseo-breadcrumb-separator\">\u00bb<\/span><span class=\"aioseo-breadcrumb\">\n\tMulti Blades Paper Core Cutting Machine\n<\/span><\/div>","aioseo_breadcrumb_json":[{"label":"Home","link":"https:\/\/nrcmachine.com\/es"},{"label":"Products","link":"https:\/\/nrcmachine.com\/es\/product\/"},{"label":"paper tube cutting machine","link":"https:\/\/nrcmachine.com\/es\/tag\/paper-tube-cutting-machine\/"},{"label":"Multi Blades Paper Core Cutting Machine","link":"https:\/\/nrcmachine.com\/es\/product\/multi-blades-paper-core-cutting-machine\/"}],"_links":{"self":[{"href":"https:\/\/nrcmachine.com\/es\/wp-json\/wp\/v2\/product\/3829","targetHints":{"allow":["GET"]}}],"collection":[{"href":"https:\/\/nrcmachine.com\/es\/wp-json\/wp\/v2\/product"}],"about":[{"href":"https:\/\/nrcmachine.com\/es\/wp-json\/wp\/v2\/types\/product"}],"version-history":[{"count":0,"href":"https:\/\/nrcmachine.com\/es\/wp-json\/wp\/v2\/product\/3829\/revisions"}],"wp:featuredmedia":[{"embeddable":true,"href":"https:\/\/nrcmachine.com\/es\/wp-json\/wp\/v2\/media\/3830"}],"wp:attachment":[{"href":"https:\/\/nrcmachine.com\/es\/wp-json\/wp\/v2\/media?parent=3829"}],"wp:term":[{"taxonomy":"post_tag","embeddable":true,"href":"https:\/\/nrcmachine.com\/es\/wp-json\/wp\/v2\/tags?post=3829"},{"taxonomy":"products","embeddable":true,"href":"https:\/\/nrcmachine.com\/es\/wp-json\/wp\/v2\/products?post=3829"}],"curies":[{"name":"wp","href":"https:\/\/api.w.org\/{rel}","templated":true}]}}