 {"id":4093,"date":"2026-01-17T17:04:16","date_gmt":"2026-01-17T09:04:16","guid":{"rendered":"https:\/\/nrcmachine.com\/?post_type=product&#038;p=4093"},"modified":"2026-01-17T17:16:06","modified_gmt":"2026-01-17T09:16:06","slug":"cardboard-tube-making-machines","status":"publish","type":"product","link":"https:\/\/nrcmachine.com\/es\/product\/cardboard-tube-making-machines\/","title":{"rendered":"M\u00e1quinas para fabricar tubos de cart\u00f3n"},"content":{"rendered":"<h3 style=\"text-align: center;\"><strong>M\u00e1quinas para fabricar tubos de cart\u00f3n: Precisi\u00f3n y eficacia de NRC MACHINE<\/strong><\/h3>\n<h4><strong>Introducci\u00f3n<\/strong><\/h4>\n<p><a href=\"https:\/\/youtu.be\/vZj2x2BTUT0\">M\u00e1quinas para fabricar tubos de cart\u00f3n<\/a> son esenciales en muchas industrias. Entre ellas se incluyen las de envasado, textil y procesado de papel. NRC MACHINE (Qingdao New Richuan Precision Machine Co., Ltd) es l\u00edder en este campo. La compa\u00f1\u00eda construye m\u00e1quinas de fabricaci\u00f3n de tubos de papel en espiral de alta calidad. Estas m\u00e1quinas son fiables, r\u00e1pidas y f\u00e1ciles de usar. Adem\u00e1s, satisfacen diversas necesidades de producci\u00f3n.<\/p>\n<div class=\"ast-oembed-container\" style=\"height: 100%;\"><iframe title=\"M\u00e1quina para fabricar tubos espirales de cart\u00f3n de 70\uff5e420mm de di\u00e1metro interior|M\u00e1quinas para fabricar tubos de cart\u00f3n\" width=\"500\" height=\"281\" src=\"https:\/\/www.youtube.com\/embed\/vZj2x2BTUT0?feature=oembed\" frameborder=\"0\" allow=\"accelerometer; autoplay; clipboard-write; encrypted-media; gyroscope; picture-in-picture; web-share\" referrerpolicy=\"strict-origin-when-cross-origin\" allowfullscreen><\/iframe><\/div>\n<h4><strong>\u00bfPor qu\u00e9 elegir NRC MACHINE?<\/strong><\/h4>\n<p>NRC MACHINE se centra en la innovaci\u00f3n y la calidad. Su <a href=\"https:\/\/nrcmachine.com\/es\/product\/paper-tube-machine-exporter\/\">m\u00e1quinas para fabricar tubos de papel en espiral<\/a> destacan. En primer lugar, ofrecen una amplia gama de tama\u00f1os de tubo. El di\u00e1metro interior oscila entre 20 mm y 150 mm. El grosor de la pared puede ajustarse entre 1 mm y 10 mm. Adem\u00e1s, la m\u00e1quina produce tubos de 500 mm a 5.000 mm de longitud. Esta flexibilidad ayuda a muchas empresas.<\/p>\n<p>Adem\u00e1s, las m\u00e1quinas utilizan un controlador CNC. Esto garantiza una alta precisi\u00f3n y una calidad constante. El servomotor ofrece un funcionamiento suave y r\u00e1pido. Como resultado, el tiempo de inactividad es bajo y el rendimiento es alto. Adem\u00e1s, el sistema es f\u00e1cil de usar. Los operarios pueden aprender a utilizarlo r\u00e1pidamente.<\/p>\n<h4><strong>C\u00f3mo funciona la m\u00e1quina<\/strong><\/h4>\n<p>El proceso comienza con la alimentaci\u00f3n del papel. A continuaci\u00f3n, la m\u00e1quina enrolla el papel en espiral. Esto se denomina enrollado en espiral. A continuaci\u00f3n, se aplica cola de manera uniforme. Despu\u00e9s, el tubo toma forma alrededor de un mandril. Mientras tanto, la presi\u00f3n y el calor ayudan a endurecer el tubo. Por \u00faltimo, la m\u00e1quina corta el tubo a la longitud establecida.<\/p>\n<p>Gracias al control CNC, cada paso es preciso. Adem\u00e1s, el servomotor ajusta la velocidad autom\u00e1ticamente. Por lo tanto, los tubos salen uniformes cada vez. De hecho, todo el proceso es r\u00e1pido y sin residuos.<\/p>\n<h4><strong>Principales caracter\u00edsticas y ventajas<\/strong><\/h4>\n<ul>\n<li><strong>Alta precisi\u00f3n<\/strong>: El controlador CNC garantiza la precisi\u00f3n.<\/li>\n<li><strong>Dimensionamiento flexible<\/strong>: Hace tubos con un di\u00e1metro interior de 20-150 mm.<\/li>\n<li><strong>Espesor de pared ajustable<\/strong>: De 1 mm a 10 mm.<\/li>\n<li><strong>Salida de tubo largo<\/strong>: Hasta 5000 mm por pieza.<\/li>\n<li><strong>Funcionamiento sin problemas<\/strong>: El servomotor reduce el ruido y el desgaste.<\/li>\n<\/ul>\n<p>Adem\u00e1s, la m\u00e1quina est\u00e1 hecha para durar. Utiliza materiales resistentes y un dise\u00f1o inteligente. Como resultado, el mantenimiento es bajo. Adem\u00e1s, ahorra energ\u00eda. Por tanto, es rentable con el tiempo.<\/p>\n<h4><strong>Industrias beneficiadas<\/strong><\/h4>\n<p>Muchas industrias utilizan m\u00e1quinas para fabricar tubos de cart\u00f3n. Por ejemplo, las papeleras necesitan tubos para enrollar papel. Las f\u00e1bricas textiles los utilizan para almacenar hilo. Las empresas de embalaje utilizan tubos para envolver film. Incluso las empresas de construcci\u00f3n utilizan tubos de papel resistentes.<\/p>\n<p>Las m\u00e1quinas de fabricaci\u00f3n de tubos de papel en espiral de NRC MACHINE satisfacen todas estas necesidades. Son vers\u00e1tiles y resistentes. Adem\u00e1s, pueden funcionar durante largas horas sin problemas.<\/p>\n<h4><strong>Conclusi\u00f3n<\/strong><\/h4>\n<p><a href=\"https:\/\/nrcmachine.com\/es\/product\/paper-tube-machine-exporter\/\">M\u00e1quinas para fabricar tubos de cart\u00f3n<\/a> de NRC MACHINE son las mejores opciones. Combinan tecnolog\u00eda inteligente con un dise\u00f1o duradero. El dise\u00f1o en espiral ofrece resistencia y consistencia. Adem\u00e1s, los sistemas CNC y servo facilitan el funcionamiento. Tanto si necesita tubos peque\u00f1os como grandes, esta m\u00e1quina cumple.<\/p>\n<p>En resumen, NRC MACHINE establece un alto est\u00e1ndar. Sus m\u00e1quinas para fabricar tubos de cart\u00f3n son eficientes, precisas y duraderas. Por lo tanto, si desea calidad y valor, elija NRC. Despu\u00e9s de todo, su producci\u00f3n se merece lo mejor.<\/p>","protected":false},"featured_media":4094,"template":"","meta":{"_acf_changed":false,"_monsterinsights_skip_tracking":false,"_monsterinsights_sitenote_active":false,"_monsterinsights_sitenote_note":"","_monsterinsights_sitenote_category":0,"site-sidebar-layout":"default","site-content-layout":"","ast-site-content-layout":"default","site-content-style":"default","site-sidebar-style":"default","ast-global-header-display":"","ast-banner-title-visibility":"","ast-main-header-display":"","ast-hfb-above-header-display":"","ast-hfb-below-header-display":"","ast-hfb-mobile-header-display":"","site-post-title":"","ast-breadcrumbs-content":"","ast-featured-img":"","footer-sml-layout":"","theme-transparent-header-meta":"default","adv-header-id-meta":"","stick-header-meta":"default","header-above-stick-meta":"","header-main-stick-meta":"","header-below-stick-meta":"","astra-migrate-meta-layouts":"set","ast-page-background-enabled":"default","ast-page-background-meta":{"desktop":{"background-color":"var(--ast-global-color-4)","background-image":"","background-repeat":"repeat","background-position":"center center","background-size":"auto","background-attachment":"scroll","background-type":"","background-media":"","overlay-type":"","overlay-color":"","overlay-opacity":"","overlay-gradient":""},"tablet":{"background-color":"","background-image":"","background-repeat":"repeat","background-position":"center center","background-size":"auto","background-attachment":"scroll","background-type":"","background-media":"","overlay-type":"","overlay-color":"","overlay-opacity":"","overlay-gradient":""},"mobile":{"background-color":"","background-image":"","background-repeat":"repeat","background-position":"center center","background-size":"auto","background-attachment":"scroll","background-type":"","background-media":"","overlay-type":"","overlay-color":"","overlay-opacity":"","overlay-gradient":""}},"ast-content-background-meta":{"desktop":{"background-color":"var(--ast-global-color-5)","background-image":"","background-repeat":"repeat","background-position":"center center","background-size":"auto","background-attachment":"scroll","background-type":"","background-media":"","overlay-type":"","overlay-color":"","overlay-opacity":"","overlay-gradient":""},"tablet":{"background-color":"var(--ast-global-color-5)","background-image":"","background-repeat":"repeat","background-position":"center center","background-size":"auto","background-attachment":"scroll","background-type":"","background-media":"","overlay-type":"","overlay-color":"","overlay-opacity":"","overlay-gradient":""},"mobile":{"background-color":"var(--ast-global-color-5)","background-image":"","background-repeat":"repeat","background-position":"center center","background-size":"auto","background-attachment":"scroll","background-type":"","background-media":"","overlay-type":"","overlay-color":"","overlay-opacity":"","overlay-gradient":""}}},"tags":[49,48],"products":[43],"class_list":["post-4093","product","type-product","status-publish","has-post-thumbnail","hentry","tag-paper-tube-machine","tag-paper-tube-making-machine","products-spiral-paper-tube-making-machine"],"acf":[],"aioseo_notices":[],"aioseo_head":"\n\t\t<!-- All in One SEO Pro 4.9.2 - aioseo.com -->\n\t<meta name=\"description\" content=\"Cardboard tube making machines from NRC MACHINE are top choices. They combine smart tech with durable build. The spiral wound design offers strength\" \/>\n\t<meta name=\"robots\" content=\"max-snippet:-1, max-image-preview:large, max-video-preview:-1\" \/>\n\t<link rel=\"canonical\" href=\"https:\/\/nrcmachine.com\/es\/product\/cardboard-tube-making-machines\/\" \/>\n\t<meta name=\"generator\" content=\"All in One SEO Pro (AIOSEO) 4.9.2\" \/>\n\t\t<meta property=\"og:locale\" content=\"es_ES\" \/>\n\t\t<meta property=\"og:site_name\" content=\"Toilet Paper Machine, Paper Tube Machine | NRC Machine - Reliable Paper Machinery Solutions\" \/>\n\t\t<meta property=\"og:type\" content=\"article\" \/>\n\t\t<meta property=\"og:title\" content=\"Cardboard Tube Making Machines - NRC MACHINE\" \/>\n\t\t<meta property=\"og:description\" content=\"Cardboard tube making machines from NRC MACHINE are top choices. They combine smart tech with durable build. The spiral wound design offers strength\" \/>\n\t\t<meta property=\"og:url\" content=\"https:\/\/nrcmachine.com\/es\/product\/cardboard-tube-making-machines\/\" \/>\n\t\t<meta property=\"og:image\" content=\"https:\/\/nrcmachine.com\/wp-content\/uploads\/2026\/01\/cardboard-tube-making-machines-3.webp\" \/>\n\t\t<meta property=\"og:image:secure_url\" content=\"https:\/\/nrcmachine.com\/wp-content\/uploads\/2026\/01\/cardboard-tube-making-machines-3.webp\" \/>\n\t\t<meta property=\"og:image:width\" content=\"1000\" \/>\n\t\t<meta property=\"og:image:height\" content=\"562\" \/>\n\t\t<meta property=\"article:published_time\" content=\"2026-01-17T09:04:16+00:00\" \/>\n\t\t<meta property=\"article:modified_time\" content=\"2026-01-17T09:16:06+00:00\" \/>\n\t\t<meta property=\"article:publisher\" content=\"https:\/\/www.facebook.com\/james.gao.349938\" \/>\n\t\t<meta name=\"twitter:card\" content=\"summary\" \/>\n\t\t<meta name=\"twitter:site\" content=\"@JamesGao65335\" \/>\n\t\t<meta name=\"twitter:title\" content=\"Cardboard Tube Making Machines - NRC MACHINE\" \/>\n\t\t<meta name=\"twitter:description\" content=\"Cardboard tube making machines from NRC MACHINE are top choices. They combine smart tech with durable build. The spiral wound design offers strength\" \/>\n\t\t<meta name=\"twitter:image\" content=\"https:\/\/nrcmachine.com\/wp-content\/uploads\/2026\/01\/cardboard-tube-making-machines-2.webp\" \/>\n\t\t<script type=\"application\/ld+json\" class=\"aioseo-schema\">\n\t\t\t{\"@context\":\"https:\\\/\\\/schema.org\",\"@graph\":[{\"@type\":\"BreadcrumbList\",\"@id\":\"https:\\\/\\\/nrcmachine.com\\\/es\\\/product\\\/cardboard-tube-making-machines\\\/#breadcrumblist\",\"itemListElement\":[{\"@type\":\"ListItem\",\"@id\":\"https:\\\/\\\/nrcmachine.com\\\/es#listItem\",\"position\":1,\"name\":\"Home\",\"item\":\"https:\\\/\\\/nrcmachine.com\\\/es\",\"nextItem\":{\"@type\":\"ListItem\",\"@id\":\"https:\\\/\\\/nrcmachine.com\\\/es\\\/product\\\/#listItem\",\"name\":\"Products\"}},{\"@type\":\"ListItem\",\"@id\":\"https:\\\/\\\/nrcmachine.com\\\/es\\\/product\\\/#listItem\",\"position\":2,\"name\":\"Products\",\"item\":\"https:\\\/\\\/nrcmachine.com\\\/es\\\/product\\\/\",\"nextItem\":{\"@type\":\"ListItem\",\"@id\":\"https:\\\/\\\/nrcmachine.com\\\/es\\\/tag\\\/paper-tube-making-machine\\\/#listItem\",\"name\":\"paper tube making machine\"},\"previousItem\":{\"@type\":\"ListItem\",\"@id\":\"https:\\\/\\\/nrcmachine.com\\\/es#listItem\",\"name\":\"Home\"}},{\"@type\":\"ListItem\",\"@id\":\"https:\\\/\\\/nrcmachine.com\\\/es\\\/tag\\\/paper-tube-making-machine\\\/#listItem\",\"position\":3,\"name\":\"paper tube making machine\",\"item\":\"https:\\\/\\\/nrcmachine.com\\\/es\\\/tag\\\/paper-tube-making-machine\\\/\",\"nextItem\":{\"@type\":\"ListItem\",\"@id\":\"https:\\\/\\\/nrcmachine.com\\\/es\\\/product\\\/cardboard-tube-making-machines\\\/#listItem\",\"name\":\"Cardboard Tube Making Machines\"},\"previousItem\":{\"@type\":\"ListItem\",\"@id\":\"https:\\\/\\\/nrcmachine.com\\\/es\\\/product\\\/#listItem\",\"name\":\"Products\"}},{\"@type\":\"ListItem\",\"@id\":\"https:\\\/\\\/nrcmachine.com\\\/es\\\/product\\\/cardboard-tube-making-machines\\\/#listItem\",\"position\":4,\"name\":\"Cardboard Tube Making Machines\",\"previousItem\":{\"@type\":\"ListItem\",\"@id\":\"https:\\\/\\\/nrcmachine.com\\\/es\\\/tag\\\/paper-tube-making-machine\\\/#listItem\",\"name\":\"paper tube making machine\"}}]},{\"@type\":\"Organization\",\"@id\":\"https:\\\/\\\/nrcmachine.com\\\/es\\\/#organization\",\"name\":\"Toilet Paper Machine, Paper Tube Machine | NRC Machine wordpress\",\"description\":\"Reliable Paper Machinery Solutions\",\"url\":\"https:\\\/\\\/nrcmachine.com\\\/es\\\/\",\"email\":\"james@nrcmachine.com\",\"telephone\":\"+8615254213289\",\"foundingDate\":\"2023-11-01\",\"numberOfEmployees\":{\"@type\":\"QuantitativeValue\",\"minValue\":1,\"maxValue\":50},\"logo\":{\"@type\":\"ImageObject\",\"url\":\"https:\\\/\\\/nrcmachine.com\\\/wp-content\\\/uploads\\\/2026\\\/01\\\/logo23.png\",\"@id\":\"https:\\\/\\\/nrcmachine.com\\\/es\\\/product\\\/cardboard-tube-making-machines\\\/#organizationLogo\",\"width\":800,\"height\":800,\"caption\":\"logo for NRC MACHINE\"},\"image\":{\"@id\":\"https:\\\/\\\/nrcmachine.com\\\/es\\\/product\\\/cardboard-tube-making-machines\\\/#organizationLogo\"},\"sameAs\":[\"https:\\\/\\\/www.facebook.com\\\/james.gao.349938\",\"https:\\\/\\\/x.com\\\/JamesGao65335\",\"https:\\\/\\\/www.instagram.com\\\/jamesgao407?igsh=d2YybzFhMjY0YTl3\",\"https:\\\/\\\/www.tiktok.com\\\/@gyl20210118\",\"https:\\\/\\\/www.linkedin.com\\\/in\\\/--9a63583a9\\\/\"],\"address\":{\"@id\":\"https:\\\/\\\/nrcmachine.com\\\/es\\\/#postaladdress\",\"@type\":\"PostalAddress\",\"streetAddress\":\"No..519,Jiangshan South Road,Huangdao,\",\"postalCode\":\"266500\",\"addressLocality\":\"Qingdao\",\"addressRegion\":\"Shandong Province\",\"addressCountry\":\"CN\"},\"taxID\":\"91370211MAD54P6P85\",\"vatID\":\"91370211MAD54P6P85\"},{\"@type\":\"WebPage\",\"@id\":\"https:\\\/\\\/nrcmachine.com\\\/es\\\/product\\\/cardboard-tube-making-machines\\\/#webpage\",\"url\":\"https:\\\/\\\/nrcmachine.com\\\/es\\\/product\\\/cardboard-tube-making-machines\\\/\",\"name\":\"Cardboard Tube Making Machines - NRC MACHINE\",\"description\":\"Cardboard tube making machines from NRC MACHINE are top choices. They combine smart tech with durable build. The spiral wound design offers strength\",\"inLanguage\":\"es-ES\",\"isPartOf\":{\"@id\":\"https:\\\/\\\/nrcmachine.com\\\/es\\\/#website\"},\"breadcrumb\":{\"@id\":\"https:\\\/\\\/nrcmachine.com\\\/es\\\/product\\\/cardboard-tube-making-machines\\\/#breadcrumblist\"},\"image\":{\"@type\":\"ImageObject\",\"url\":\"https:\\\/\\\/nrcmachine.com\\\/wp-content\\\/uploads\\\/2026\\\/01\\\/cardboard-tube-making-machines-2.webp\",\"@id\":\"https:\\\/\\\/nrcmachine.com\\\/es\\\/product\\\/cardboard-tube-making-machines\\\/#mainImage\",\"width\":1000,\"height\":999,\"caption\":\"cardboard tube making machines made by NRC MACHINE\"},\"primaryImageOfPage\":{\"@id\":\"https:\\\/\\\/nrcmachine.com\\\/es\\\/product\\\/cardboard-tube-making-machines\\\/#mainImage\"},\"datePublished\":\"2026-01-17T17:04:16+08:00\",\"dateModified\":\"2026-01-17T17:16:06+08:00\"},{\"@type\":\"WebSite\",\"@id\":\"https:\\\/\\\/nrcmachine.com\\\/es\\\/#website\",\"url\":\"https:\\\/\\\/nrcmachine.com\\\/es\\\/\",\"name\":\"Toilet Paper Machine, Paper Tube Machine | NRC Machine\",\"alternateName\":\"Qingdao New Richuan Precision Machine Co.,Ltd\",\"description\":\"Reliable Paper Machinery Solutions\",\"inLanguage\":\"es-ES\",\"publisher\":{\"@id\":\"https:\\\/\\\/nrcmachine.com\\\/es\\\/#organization\"}}]}\n\t\t<\/script>\n\t\t<!-- All in One SEO Pro -->\r\n\t\t<title>Cardboard Tube Making Machines - NRC MACHINE<\/title>\n\n","aioseo_head_json":{"title":"M\u00e1quinas para fabricar tubos de cart\u00f3n - NRC MACHINE","description":"Las m\u00e1quinas de fabricaci\u00f3n de tubos de cart\u00f3n de NRC MACHINE son las mejores opciones. Combinan tecnolog\u00eda inteligente con una construcci\u00f3n duradera. El dise\u00f1o en espiral ofrece resistencia","canonical_url":"https:\/\/nrcmachine.com\/es\/product\/cardboard-tube-making-machines\/","robots":"max-snippet:-1, max-image-preview:large, max-video-preview:-1","keywords":"","webmasterTools":{"miscellaneous":""},"schema":{"@context":"https:\/\/schema.org","@graph":[{"@type":"BreadcrumbList","@id":"https:\/\/nrcmachine.com\/es\/product\/cardboard-tube-making-machines\/#breadcrumblist","itemListElement":[{"@type":"ListItem","@id":"https:\/\/nrcmachine.com\/es#listItem","position":1,"name":"Home","item":"https:\/\/nrcmachine.com\/es","nextItem":{"@type":"ListItem","@id":"https:\/\/nrcmachine.com\/es\/product\/#listItem","name":"Products"}},{"@type":"ListItem","@id":"https:\/\/nrcmachine.com\/es\/product\/#listItem","position":2,"name":"Products","item":"https:\/\/nrcmachine.com\/es\/product\/","nextItem":{"@type":"ListItem","@id":"https:\/\/nrcmachine.com\/es\/tag\/paper-tube-making-machine\/#listItem","name":"paper tube making machine"},"previousItem":{"@type":"ListItem","@id":"https:\/\/nrcmachine.com\/es#listItem","name":"Home"}},{"@type":"ListItem","@id":"https:\/\/nrcmachine.com\/es\/tag\/paper-tube-making-machine\/#listItem","position":3,"name":"paper tube making machine","item":"https:\/\/nrcmachine.com\/es\/tag\/paper-tube-making-machine\/","nextItem":{"@type":"ListItem","@id":"https:\/\/nrcmachine.com\/es\/product\/cardboard-tube-making-machines\/#listItem","name":"Cardboard Tube Making Machines"},"previousItem":{"@type":"ListItem","@id":"https:\/\/nrcmachine.com\/es\/product\/#listItem","name":"Products"}},{"@type":"ListItem","@id":"https:\/\/nrcmachine.com\/es\/product\/cardboard-tube-making-machines\/#listItem","position":4,"name":"Cardboard Tube Making Machines","previousItem":{"@type":"ListItem","@id":"https:\/\/nrcmachine.com\/es\/tag\/paper-tube-making-machine\/#listItem","name":"paper tube making machine"}}]},{"@type":"Organization","@id":"https:\/\/nrcmachine.com\/es\/#organization","name":"Toilet Paper Machine, Paper Tube Machine | NRC Machine wordpress","description":"Reliable Paper Machinery Solutions","url":"https:\/\/nrcmachine.com\/es\/","email":"james@nrcmachine.com","telephone":"+8615254213289","foundingDate":"2023-11-01","numberOfEmployees":{"@type":"QuantitativeValue","minValue":1,"maxValue":50},"logo":{"@type":"ImageObject","url":"https:\/\/nrcmachine.com\/wp-content\/uploads\/2026\/01\/logo23.png","@id":"https:\/\/nrcmachine.com\/es\/product\/cardboard-tube-making-machines\/#organizationLogo","width":800,"height":800,"caption":"logo for NRC MACHINE"},"image":{"@id":"https:\/\/nrcmachine.com\/es\/product\/cardboard-tube-making-machines\/#organizationLogo"},"sameAs":["https:\/\/www.facebook.com\/james.gao.349938","https:\/\/x.com\/JamesGao65335","https:\/\/www.instagram.com\/jamesgao407?igsh=d2YybzFhMjY0YTl3","https:\/\/www.tiktok.com\/@gyl20210118","https:\/\/www.linkedin.com\/in\/--9a63583a9\/"],"address":{"@id":"https:\/\/nrcmachine.com\/es\/#postaladdress","@type":"PostalAddress","streetAddress":"No..519,Jiangshan South Road,Huangdao,","postalCode":"266500","addressLocality":"Qingdao","addressRegion":"Shandong Province","addressCountry":"CN"},"taxID":"91370211MAD54P6P85","vatID":"91370211MAD54P6P85"},{"@type":"WebPage","@id":"https:\/\/nrcmachine.com\/es\/product\/cardboard-tube-making-machines\/#webpage","url":"https:\/\/nrcmachine.com\/es\/product\/cardboard-tube-making-machines\/","name":"Cardboard Tube Making Machines - NRC MACHINE","description":"Cardboard tube making machines from NRC MACHINE are top choices. They combine smart tech with durable build. The spiral wound design offers strength","inLanguage":"es-ES","isPartOf":{"@id":"https:\/\/nrcmachine.com\/es\/#website"},"breadcrumb":{"@id":"https:\/\/nrcmachine.com\/es\/product\/cardboard-tube-making-machines\/#breadcrumblist"},"image":{"@type":"ImageObject","url":"https:\/\/nrcmachine.com\/wp-content\/uploads\/2026\/01\/cardboard-tube-making-machines-2.webp","@id":"https:\/\/nrcmachine.com\/es\/product\/cardboard-tube-making-machines\/#mainImage","width":1000,"height":999,"caption":"cardboard tube making machines made by NRC MACHINE"},"primaryImageOfPage":{"@id":"https:\/\/nrcmachine.com\/es\/product\/cardboard-tube-making-machines\/#mainImage"},"datePublished":"2026-01-17T17:04:16+08:00","dateModified":"2026-01-17T17:16:06+08:00"},{"@type":"WebSite","@id":"https:\/\/nrcmachine.com\/es\/#website","url":"https:\/\/nrcmachine.com\/es\/","name":"Toilet Paper Machine, Paper Tube Machine | NRC Machine","alternateName":"Qingdao New Richuan Precision Machine Co.,Ltd","description":"Reliable Paper Machinery Solutions","inLanguage":"es-ES","publisher":{"@id":"https:\/\/nrcmachine.com\/es\/#organization"}}]},"og:locale":"es_ES","og:site_name":"Toilet Paper Machine, Paper Tube Machine | NRC Machine - Reliable Paper Machinery Solutions","og:type":"article","og:title":"Cardboard Tube Making Machines - NRC MACHINE","og:description":"Cardboard tube making machines from NRC MACHINE are top choices. They combine smart tech with durable build. The spiral wound design offers strength","og:url":"https:\/\/nrcmachine.com\/es\/product\/cardboard-tube-making-machines\/","og:image":"https:\/\/nrcmachine.com\/wp-content\/uploads\/2026\/01\/cardboard-tube-making-machines-3.webp","og:image:secure_url":"https:\/\/nrcmachine.com\/wp-content\/uploads\/2026\/01\/cardboard-tube-making-machines-3.webp","og:image:width":1000,"og:image:height":562,"article:published_time":"2026-01-17T09:04:16+00:00","article:modified_time":"2026-01-17T09:16:06+00:00","article:publisher":"https:\/\/www.facebook.com\/james.gao.349938","twitter:card":"summary","twitter:site":"@JamesGao65335","twitter:title":"Cardboard Tube Making Machines - NRC MACHINE","twitter:description":"Cardboard tube making machines from NRC MACHINE are top choices. They combine smart tech with durable build. The spiral wound design offers strength","twitter:image":"https:\/\/nrcmachine.com\/wp-content\/uploads\/2026\/01\/cardboard-tube-making-machines-2.webp"},"aioseo_meta_data":{"post_id":"4093","title":"#post_title #separator_sa M\u00c1QUINA NRC","description":"Las m\u00e1quinas de fabricaci\u00f3n de tubos de cart\u00f3n de NRC MACHINE son las mejores opciones. Combinan tecnolog\u00eda inteligente con una construcci\u00f3n duradera. El dise\u00f1o en espiral ofrece resistencia","keywords":null,"keyphrases":{"focus":{"keyphrase":"cardboard tube making machines","score":100,"analysis":{"keyphraseInTitle":{"score":9,"maxScore":9,"error":0},"keyphraseInDescription":{"score":9,"maxScore":9,"error":0},"keyphraseLength":{"score":9,"maxScore":9,"error":0,"length":4},"keyphraseInURL":{"score":5,"maxScore":5,"error":0},"keyphraseInIntroduction":{"score":9,"maxScore":9,"error":0},"keyphraseInSubHeadings":{"score":9,"maxScore":9,"error":0},"keyphraseInImageAlt":[],"keywordDensity":{"type":"best","score":9,"maxScore":9,"error":0}}},"additional":[]},"primary_term":null,"canonical_url":null,"og_title":null,"og_description":null,"og_object_type":"default","og_image_type":"custom_image","og_image_url":"https:\/\/nrcmachine.com\/wp-content\/uploads\/2026\/01\/cardboard-tube-making-machines-3.webp","og_image_width":"1000","og_image_height":"562","og_image_custom_url":"https:\/\/nrcmachine.com\/wp-content\/uploads\/2026\/01\/cardboard-tube-making-machines-3.webp","og_image_custom_fields":null,"og_video":"","og_custom_url":null,"og_article_section":null,"og_article_tags":null,"twitter_use_og":false,"twitter_card":"default","twitter_image_type":"default","twitter_image_url":null,"twitter_image_custom_url":null,"twitter_image_custom_fields":null,"twitter_title":null,"twitter_description":null,"schema":{"blockGraphs":[],"customGraphs":[],"default":{"data":{"Article":[],"Course":[],"Dataset":[],"FAQPage":[],"Movie":[],"Person":[],"Product":[],"ProductReview":[],"Car":[],"Recipe":[],"Service":[],"SoftwareApplication":[],"WebPage":[]},"graphName":"ItemPage","isEnabled":true},"graphs":[]},"schema_type":"default","schema_type_options":null,"pillar_content":false,"robots_default":true,"robots_noindex":false,"robots_noarchive":false,"robots_nosnippet":false,"robots_nofollow":false,"robots_noimageindex":false,"robots_noodp":false,"robots_notranslate":false,"robots_max_snippet":"-1","robots_max_videopreview":"-1","robots_max_imagepreview":"large","priority":null,"frequency":"default","local_seo":null,"seo_analyzer_scan_date":"2026-02-13 03:01:11","breadcrumb_settings":null,"limit_modified_date":false,"reviewed_by":null,"open_ai":null,"ai":{"faqs":[],"keyPoints":[],"titles":[],"descriptions":[],"socialPosts":{"email":[],"linkedin":[],"twitter":[],"facebook":[],"instagram":[]}},"created":"2026-01-17 09:04:17","updated":"2026-02-13 07:09:44"},"aioseo_breadcrumb":"<div class=\"aioseo-breadcrumbs\"><span class=\"aioseo-breadcrumb\">\n\t<a href=\"https:\/\/nrcmachine.com\/es\" title=\"Home\">Home<\/a>\n<\/span><span class=\"aioseo-breadcrumb-separator\">\u00bb<\/span><span class=\"aioseo-breadcrumb\">\n\t<a href=\"https:\/\/nrcmachine.com\/es\/product\/\" title=\"Products\">Products<\/a>\n<\/span><span class=\"aioseo-breadcrumb-separator\">\u00bb<\/span><span class=\"aioseo-breadcrumb\">\n\t<a href=\"https:\/\/nrcmachine.com\/es\/tag\/paper-tube-making-machine\/\" title=\"paper tube making machine\">paper tube making machine<\/a>\n<\/span><span class=\"aioseo-breadcrumb-separator\">\u00bb<\/span><span class=\"aioseo-breadcrumb\">\n\tCardboard Tube Making Machines\n<\/span><\/div>","aioseo_breadcrumb_json":[{"label":"Home","link":"https:\/\/nrcmachine.com\/es"},{"label":"Products","link":"https:\/\/nrcmachine.com\/es\/product\/"},{"label":"paper tube making machine","link":"https:\/\/nrcmachine.com\/es\/tag\/paper-tube-making-machine\/"},{"label":"Cardboard Tube Making Machines","link":"https:\/\/nrcmachine.com\/es\/product\/cardboard-tube-making-machines\/"}],"_links":{"self":[{"href":"https:\/\/nrcmachine.com\/es\/wp-json\/wp\/v2\/product\/4093","targetHints":{"allow":["GET"]}}],"collection":[{"href":"https:\/\/nrcmachine.com\/es\/wp-json\/wp\/v2\/product"}],"about":[{"href":"https:\/\/nrcmachine.com\/es\/wp-json\/wp\/v2\/types\/product"}],"version-history":[{"count":0,"href":"https:\/\/nrcmachine.com\/es\/wp-json\/wp\/v2\/product\/4093\/revisions"}],"wp:featuredmedia":[{"embeddable":true,"href":"https:\/\/nrcmachine.com\/es\/wp-json\/wp\/v2\/media\/4094"}],"wp:attachment":[{"href":"https:\/\/nrcmachine.com\/es\/wp-json\/wp\/v2\/media?parent=4093"}],"wp:term":[{"taxonomy":"post_tag","embeddable":true,"href":"https:\/\/nrcmachine.com\/es\/wp-json\/wp\/v2\/tags?post=4093"},{"taxonomy":"products","embeddable":true,"href":"https:\/\/nrcmachine.com\/es\/wp-json\/wp\/v2\/products?post=4093"}],"curies":[{"name":"wp","href":"https:\/\/api.w.org\/{rel}","templated":true}]}}