 {"id":4101,"date":"2026-01-17T20:15:15","date_gmt":"2026-01-17T12:15:15","guid":{"rendered":"https:\/\/nrcmachine.com\/?post_type=product&#038;p=4101"},"modified":"2026-01-17T21:11:31","modified_gmt":"2026-01-17T13:11:31","slug":"paper-core-machine-manufacturer","status":"publish","type":"product","link":"https:\/\/nrcmachine.com\/es\/product\/paper-core-machine-manufacturer\/","title":{"rendered":"NRC MACHINE: Fabricante l\u00edder de m\u00e1quinas para fabricar n\u00facleos de papel"},"content":{"rendered":"<h3 style=\"text-align: center;\"><strong>NRC MACHINE: Un l\u00edder<\/strong><strong>\u00a0Fabricante de m\u00e1quinas para fabricar bobinas de papel<\/strong><\/h3>\n<h4><strong>Introducci\u00f3n<\/strong><\/h4>\n<p>Como fabricante l\u00edder de m\u00e1quinas para fabricar n\u00facleos de papel, NRC MACHINE, tambi\u00e9n conocida como Qingdao New Richuan Precision Machine Co., Ltd., lidera la industria de procesamiento de n\u00facleos de papel. La fabricaci\u00f3n de n\u00facleos de papel es r\u00e1pida y sencilla con la m\u00e1quina adecuada. La empresa fabrica <a href=\"https:\/\/nrcmachine.com\/es\/product\/cardboard-tube-making-machines\/\"><strong>fabricante de m\u00e1quinas para fabricar n\u00facleos de papel<\/strong><\/a>\u00a0soluciones. Sus m\u00e1quinas dan servicio a clientes de todo el mundo en los sectores del envasado, la impresi\u00f3n y el papel. Este art\u00edculo explora lo que hace que NRC MACHINE destaque. Conocer\u00e1 su tecnolog\u00eda de bobinado en espiral, sus especificaciones y sus controles inteligentes.<\/p>\n<div class=\"ast-oembed-container\" style=\"height: 100%;\"><iframe title=\"M\u00e1quina para fabricar n\u00facleos de papel 60A|NRC MACHINE:Fabricante l\u00edder de m\u00e1quinas para fabricar n\u00facleos de papel\" width=\"500\" height=\"281\" src=\"https:\/\/www.youtube.com\/embed\/3ZefvQcqIVI?feature=oembed\" frameborder=\"0\" allow=\"accelerometer; autoplay; clipboard-write; encrypted-media; gyroscope; picture-in-picture; web-share\" referrerpolicy=\"strict-origin-when-cross-origin\" allowfullscreen><\/iframe><\/div>\n<h4><strong>Innovadora tecnolog\u00eda de enrollado en espiral<\/strong><\/h4>\n<p>El bobinado en espiral es el coraz\u00f3n de la <a href=\"https:\/\/youtu.be\/3ZefvQcqIVI\">m\u00e1quinas de n\u00facleo de papel<\/a>. Este m\u00e9todo envuelve tiras de papel en \u00e1ngulo. Forma tubos resistentes y sin costuras. El proceso es continuo. Aumenta la producci\u00f3n y reduce los residuos. La m\u00e1quina se ajusta r\u00e1pidamente a diferentes tama\u00f1os. Esto ahorra tiempo y mano de obra. Como resultado, las f\u00e1bricas funcionan mejor. Adem\u00e1s, el dise\u00f1o reduce el tiempo de inactividad. Y garantiza un grosor de pared uniforme. As\u00ed, todos los tubos cumplen normas de alta calidad.<\/p>\n<h4><strong>Caracter\u00edsticas principales de la m\u00e1quina de fabricaci\u00f3n de tubos de papel de NRC<\/strong><\/h4>\n<p>El <a href=\"https:\/\/nrcmachine.com\/es\/product\/cardboard-tube-making-machines\/\"><strong>fabricante de m\u00e1quinas para fabricar n\u00facleos de papel<\/strong><\/a> NRC Machine se centra en las necesidades clave de los usuarios. Tomemos como ejemplo la m\u00e1quina de bobinado de papel en espiral CNC de cuatro cabezales NRC200. En primer lugar, el di\u00e1metro interior oscila entre 30 mm y 200 mm. Esto se ajusta tanto a los rollos peque\u00f1os como a los grandes rollos industriales. En segundo lugar, el grosor de la pared puede ser de 1 mm a 15 mm. Los usuarios eligen en funci\u00f3n de las necesidades de resistencia. En tercer lugar, la longitud del tubo acabado va de 500 mm a 5000 mm. Esto cubre la mayor\u00eda de usos industriales.<\/p>\n<p>Adem\u00e1s, la m\u00e1quina utiliza un controlador CNC. Proporciona un control total sobre la velocidad, el tama\u00f1o y los puntos de parada. La pantalla es clara y sencilla. Incluso los nuevos operarios aprenden r\u00e1pido. Adem\u00e1s, el sistema guarda las configuraciones. As\u00ed, se puede cambiar de trabajo en cuesti\u00f3n de segundos. Adem\u00e1s, el servomotor a\u00f1ade potencia. Funciona con suavidad y consume menos energ\u00eda. Por este motivo, reduce los costes con el tiempo.<\/p>\n<h4><strong>Control inteligente y alta eficiencia<\/strong><\/h4>\n<p>El sistema CNC es inteligente y fiable. Comprueba cada paso en tiempo real. Si algo va mal, avisa al usuario. Entonces, hace una pausa segura. As\u00ed se evitan los residuos. Adem\u00e1s, el servomotor proporciona la potencia exacta. Arranca r\u00e1pido y se detiene en el momento justo. Gracias a ello, los extremos de los tubos quedan limpios. No hay cortes bruscos.<\/p>\n<p>Adem\u00e1s, la m\u00e1quina funciona sin parar. Realiza trabajos largos sin pausa. Como resultado, la producci\u00f3n aumenta. Por ejemplo, una m\u00e1quina puede fabricar m\u00e1s de 2.000 tubos por hora. Por tanto, los pedidos grandes se terminan a tiempo. Adem\u00e1s, el sistema necesita pocos cuidados. Funciona bien durante a\u00f1os con revisiones b\u00e1sicas. As\u00ed, se ahorra dinero y estr\u00e9s.<\/p>\n<h4><strong>Dise\u00f1ado para f\u00e1bricas del mundo real<\/strong><\/h4>\n<p>Las m\u00e1quinas NRC son resistentes. Trabajan en plantas calientes, fr\u00edas o polvorientas. El bastidor es de acero pesado. No tiembla a alta velocidad. Las piezas son de f\u00e1cil acceso. As\u00ed, la limpieza y las reparaciones llevan menos tiempo. Adem\u00e1s, la disposici\u00f3n es abierta. Los trabajadores pueden ver<\/p>","protected":false},"featured_media":4102,"template":"","meta":{"_acf_changed":false,"_monsterinsights_skip_tracking":false,"_monsterinsights_sitenote_active":false,"_monsterinsights_sitenote_note":"","_monsterinsights_sitenote_category":0,"site-sidebar-layout":"default","site-content-layout":"","ast-site-content-layout":"default","site-content-style":"default","site-sidebar-style":"default","ast-global-header-display":"","ast-banner-title-visibility":"","ast-main-header-display":"","ast-hfb-above-header-display":"","ast-hfb-below-header-display":"","ast-hfb-mobile-header-display":"","site-post-title":"","ast-breadcrumbs-content":"","ast-featured-img":"","footer-sml-layout":"","theme-transparent-header-meta":"default","adv-header-id-meta":"","stick-header-meta":"default","header-above-stick-meta":"","header-main-stick-meta":"","header-below-stick-meta":"","astra-migrate-meta-layouts":"set","ast-page-background-enabled":"default","ast-page-background-meta":{"desktop":{"background-color":"var(--ast-global-color-4)","background-image":"","background-repeat":"repeat","background-position":"center center","background-size":"auto","background-attachment":"scroll","background-type":"","background-media":"","overlay-type":"","overlay-color":"","overlay-opacity":"","overlay-gradient":""},"tablet":{"background-color":"","background-image":"","background-repeat":"repeat","background-position":"center center","background-size":"auto","background-attachment":"scroll","background-type":"","background-media":"","overlay-type":"","overlay-color":"","overlay-opacity":"","overlay-gradient":""},"mobile":{"background-color":"","background-image":"","background-repeat":"repeat","background-position":"center center","background-size":"auto","background-attachment":"scroll","background-type":"","background-media":"","overlay-type":"","overlay-color":"","overlay-opacity":"","overlay-gradient":""}},"ast-content-background-meta":{"desktop":{"background-color":"var(--ast-global-color-5)","background-image":"","background-repeat":"repeat","background-position":"center center","background-size":"auto","background-attachment":"scroll","background-type":"","background-media":"","overlay-type":"","overlay-color":"","overlay-opacity":"","overlay-gradient":""},"tablet":{"background-color":"var(--ast-global-color-5)","background-image":"","background-repeat":"repeat","background-position":"center center","background-size":"auto","background-attachment":"scroll","background-type":"","background-media":"","overlay-type":"","overlay-color":"","overlay-opacity":"","overlay-gradient":""},"mobile":{"background-color":"var(--ast-global-color-5)","background-image":"","background-repeat":"repeat","background-position":"center center","background-size":"auto","background-attachment":"scroll","background-type":"","background-media":"","overlay-type":"","overlay-color":"","overlay-opacity":"","overlay-gradient":""}}},"tags":[51,49],"products":[43],"class_list":["post-4101","product","type-product","status-publish","has-post-thumbnail","hentry","tag-paper-core-machine","tag-paper-tube-machine","products-spiral-paper-tube-making-machine"],"acf":[],"aioseo_notices":[],"aioseo_head":"\n\t\t<!-- All in One SEO Pro 4.9.2 - aioseo.com -->\n\t<meta name=\"description\" content=\"As a leading Paper Core Machine Manufacturer,NRC MACHINE, also known as Qingdao New Richuan Precision Machine Co., Ltd., leads the paper core industry.\" \/>\n\t<meta name=\"robots\" content=\"max-snippet:-1, max-image-preview:large, max-video-preview:-1\" \/>\n\t<link rel=\"canonical\" href=\"https:\/\/nrcmachine.com\/es\/product\/paper-core-machine-manufacturer\/\" \/>\n\t<meta name=\"generator\" content=\"All in One SEO Pro (AIOSEO) 4.9.2\" \/>\n\t\t<meta property=\"og:locale\" content=\"es_ES\" \/>\n\t\t<meta property=\"og:site_name\" content=\"Toilet Paper Machine, Paper Tube Machine | NRC Machine - Reliable Paper Machinery Solutions\" \/>\n\t\t<meta property=\"og:type\" content=\"article\" \/>\n\t\t<meta property=\"og:title\" content=\"NRC MACHINE: A Leading Paper Core Machine Manufacturer\" \/>\n\t\t<meta property=\"og:description\" content=\"As a leading Paper Core Machine Manufacturer,NRC MACHINE, also known as Qingdao New Richuan Precision Machine Co., Ltd., leads the paper core industry.\" \/>\n\t\t<meta property=\"og:url\" content=\"https:\/\/nrcmachine.com\/es\/product\/paper-core-machine-manufacturer\/\" \/>\n\t\t<meta property=\"og:image\" content=\"https:\/\/nrcmachine.com\/wp-content\/uploads\/2026\/01\/paper-core-machine-manufacturer-1.webp\" \/>\n\t\t<meta property=\"og:image:secure_url\" content=\"https:\/\/nrcmachine.com\/wp-content\/uploads\/2026\/01\/paper-core-machine-manufacturer-1.webp\" \/>\n\t\t<meta property=\"og:image:width\" content=\"800\" \/>\n\t\t<meta property=\"og:image:height\" content=\"800\" \/>\n\t\t<meta property=\"article:published_time\" content=\"2026-01-17T12:15:15+00:00\" \/>\n\t\t<meta property=\"article:modified_time\" content=\"2026-01-17T13:11:31+00:00\" \/>\n\t\t<meta property=\"article:publisher\" content=\"https:\/\/www.facebook.com\/james.gao.349938\" \/>\n\t\t<meta name=\"twitter:card\" content=\"summary\" \/>\n\t\t<meta name=\"twitter:site\" content=\"@JamesGao65335\" \/>\n\t\t<meta name=\"twitter:title\" content=\"NRC MACHINE: A Leading Paper Core Machine Manufacturer\" \/>\n\t\t<meta name=\"twitter:description\" content=\"As a leading Paper Core Machine Manufacturer,NRC MACHINE, also known as Qingdao New Richuan Precision Machine Co., Ltd., leads the paper core industry.\" \/>\n\t\t<meta name=\"twitter:image\" content=\"https:\/\/nrcmachine.com\/wp-content\/uploads\/2026\/01\/paper-core-machine-manufacturer-1.webp\" \/>\n\t\t<script type=\"application\/ld+json\" class=\"aioseo-schema\">\n\t\t\t{\"@context\":\"https:\\\/\\\/schema.org\",\"@graph\":[{\"@type\":\"BreadcrumbList\",\"@id\":\"https:\\\/\\\/nrcmachine.com\\\/es\\\/product\\\/paper-core-machine-manufacturer\\\/#breadcrumblist\",\"itemListElement\":[{\"@type\":\"ListItem\",\"@id\":\"https:\\\/\\\/nrcmachine.com\\\/es#listItem\",\"position\":1,\"name\":\"Home\",\"item\":\"https:\\\/\\\/nrcmachine.com\\\/es\",\"nextItem\":{\"@type\":\"ListItem\",\"@id\":\"https:\\\/\\\/nrcmachine.com\\\/es\\\/product\\\/#listItem\",\"name\":\"Products\"}},{\"@type\":\"ListItem\",\"@id\":\"https:\\\/\\\/nrcmachine.com\\\/es\\\/product\\\/#listItem\",\"position\":2,\"name\":\"Products\",\"item\":\"https:\\\/\\\/nrcmachine.com\\\/es\\\/product\\\/\",\"nextItem\":{\"@type\":\"ListItem\",\"@id\":\"https:\\\/\\\/nrcmachine.com\\\/es\\\/tag\\\/maquina-de-tubos-de-papel\\\/#listItem\",\"name\":\"paper tube machine\"},\"previousItem\":{\"@type\":\"ListItem\",\"@id\":\"https:\\\/\\\/nrcmachine.com\\\/es#listItem\",\"name\":\"Home\"}},{\"@type\":\"ListItem\",\"@id\":\"https:\\\/\\\/nrcmachine.com\\\/es\\\/tag\\\/maquina-de-tubos-de-papel\\\/#listItem\",\"position\":3,\"name\":\"paper tube machine\",\"item\":\"https:\\\/\\\/nrcmachine.com\\\/es\\\/tag\\\/maquina-de-tubos-de-papel\\\/\",\"nextItem\":{\"@type\":\"ListItem\",\"@id\":\"https:\\\/\\\/nrcmachine.com\\\/es\\\/product\\\/paper-core-machine-manufacturer\\\/#listItem\",\"name\":\"NRC MACHINE: A Leading\\u00a0Paper Core Machine Manufacturer\"},\"previousItem\":{\"@type\":\"ListItem\",\"@id\":\"https:\\\/\\\/nrcmachine.com\\\/es\\\/product\\\/#listItem\",\"name\":\"Products\"}},{\"@type\":\"ListItem\",\"@id\":\"https:\\\/\\\/nrcmachine.com\\\/es\\\/product\\\/paper-core-machine-manufacturer\\\/#listItem\",\"position\":4,\"name\":\"NRC MACHINE: A Leading\\u00a0Paper Core Machine Manufacturer\",\"previousItem\":{\"@type\":\"ListItem\",\"@id\":\"https:\\\/\\\/nrcmachine.com\\\/es\\\/tag\\\/maquina-de-tubos-de-papel\\\/#listItem\",\"name\":\"paper tube machine\"}}]},{\"@type\":\"Organization\",\"@id\":\"https:\\\/\\\/nrcmachine.com\\\/es\\\/#organization\",\"name\":\"Toilet Paper Machine, Paper Tube Machine | NRC Machine wordpress\",\"description\":\"Reliable Paper Machinery Solutions\",\"url\":\"https:\\\/\\\/nrcmachine.com\\\/es\\\/\",\"email\":\"james@nrcmachine.com\",\"telephone\":\"+8615254213289\",\"foundingDate\":\"2023-11-01\",\"numberOfEmployees\":{\"@type\":\"QuantitativeValue\",\"minValue\":1,\"maxValue\":50},\"logo\":{\"@type\":\"ImageObject\",\"url\":\"https:\\\/\\\/nrcmachine.com\\\/wp-content\\\/uploads\\\/2026\\\/01\\\/logo23.png\",\"@id\":\"https:\\\/\\\/nrcmachine.com\\\/es\\\/product\\\/paper-core-machine-manufacturer\\\/#organizationLogo\",\"width\":800,\"height\":800,\"caption\":\"logo for NRC MACHINE\"},\"image\":{\"@id\":\"https:\\\/\\\/nrcmachine.com\\\/es\\\/product\\\/paper-core-machine-manufacturer\\\/#organizationLogo\"},\"sameAs\":[\"https:\\\/\\\/www.facebook.com\\\/james.gao.349938\",\"https:\\\/\\\/x.com\\\/JamesGao65335\",\"https:\\\/\\\/www.instagram.com\\\/jamesgao407?igsh=d2YybzFhMjY0YTl3\",\"https:\\\/\\\/www.tiktok.com\\\/@gyl20210118\",\"https:\\\/\\\/www.linkedin.com\\\/in\\\/--9a63583a9\\\/\"]},{\"@type\":\"WebPage\",\"@id\":\"https:\\\/\\\/nrcmachine.com\\\/es\\\/product\\\/paper-core-machine-manufacturer\\\/#webpage\",\"url\":\"https:\\\/\\\/nrcmachine.com\\\/es\\\/product\\\/paper-core-machine-manufacturer\\\/\",\"name\":\"NRC MACHINE: A Leading Paper Core Machine Manufacturer\",\"description\":\"As a leading Paper Core Machine Manufacturer,NRC MACHINE, also known as Qingdao New Richuan Precision Machine Co., Ltd., leads the paper core industry.\",\"inLanguage\":\"es-ES\",\"isPartOf\":{\"@id\":\"https:\\\/\\\/nrcmachine.com\\\/es\\\/#website\"},\"breadcrumb\":{\"@id\":\"https:\\\/\\\/nrcmachine.com\\\/es\\\/product\\\/paper-core-machine-manufacturer\\\/#breadcrumblist\"},\"image\":{\"@type\":\"ImageObject\",\"url\":\"https:\\\/\\\/nrcmachine.com\\\/wp-content\\\/uploads\\\/2026\\\/01\\\/paper-core-machine-manufacturer-1.webp\",\"@id\":\"https:\\\/\\\/nrcmachine.com\\\/es\\\/product\\\/paper-core-machine-manufacturer\\\/#mainImage\",\"width\":800,\"height\":800,\"caption\":\"paper core machine manufacturer\"},\"primaryImageOfPage\":{\"@id\":\"https:\\\/\\\/nrcmachine.com\\\/es\\\/product\\\/paper-core-machine-manufacturer\\\/#mainImage\"},\"datePublished\":\"2026-01-17T20:15:15+08:00\",\"dateModified\":\"2026-01-17T21:11:31+08:00\"},{\"@type\":\"WebSite\",\"@id\":\"https:\\\/\\\/nrcmachine.com\\\/es\\\/#website\",\"url\":\"https:\\\/\\\/nrcmachine.com\\\/es\\\/\",\"name\":\"Toilet Paper Machine, Paper Tube Machine | NRC Machine\",\"alternateName\":\"Qingdao New Richuan Precision Machine Co.,Ltd\",\"description\":\"Reliable Paper Machinery Solutions\",\"inLanguage\":\"es-ES\",\"publisher\":{\"@id\":\"https:\\\/\\\/nrcmachine.com\\\/es\\\/#organization\"}}]}\n\t\t<\/script>\n\t\t<!-- All in One SEO Pro -->\r\n\t\t<title>NRC MACHINE: A Leading Paper Core Machine Manufacturer<\/title>\n\n","aioseo_head_json":{"title":"NRC de la M\u00c1QUINA: UNA de las Principales N\u00facleo del rollo de Papel, Fabricante de la M\u00e1quina","description":"Como fabricante l\u00edder de M\u00e1quinas para fabricar n\u00facleos de papel,NRC MACHINE, tambi\u00e9n conocida como Qingdao New Richuan Precision Machine Co., Ltd., lidera la industria de las m\u00e1quinas para fabricar n\u00facleos de papel.","canonical_url":"https:\/\/nrcmachine.com\/es\/product\/paper-core-machine-manufacturer\/","robots":"max-snippet:-1, max-image-preview:large, max-video-preview:-1","keywords":"","webmasterTools":{"miscellaneous":""},"schema":{"@context":"https:\/\/schema.org","@graph":[{"@type":"BreadcrumbList","@id":"https:\/\/nrcmachine.com\/es\/product\/paper-core-machine-manufacturer\/#breadcrumblist","itemListElement":[{"@type":"ListItem","@id":"https:\/\/nrcmachine.com\/es#listItem","position":1,"name":"Home","item":"https:\/\/nrcmachine.com\/es","nextItem":{"@type":"ListItem","@id":"https:\/\/nrcmachine.com\/es\/product\/#listItem","name":"Products"}},{"@type":"ListItem","@id":"https:\/\/nrcmachine.com\/es\/product\/#listItem","position":2,"name":"Products","item":"https:\/\/nrcmachine.com\/es\/product\/","nextItem":{"@type":"ListItem","@id":"https:\/\/nrcmachine.com\/es\/tag\/maquina-de-tubos-de-papel\/#listItem","name":"paper tube machine"},"previousItem":{"@type":"ListItem","@id":"https:\/\/nrcmachine.com\/es#listItem","name":"Home"}},{"@type":"ListItem","@id":"https:\/\/nrcmachine.com\/es\/tag\/maquina-de-tubos-de-papel\/#listItem","position":3,"name":"paper tube machine","item":"https:\/\/nrcmachine.com\/es\/tag\/maquina-de-tubos-de-papel\/","nextItem":{"@type":"ListItem","@id":"https:\/\/nrcmachine.com\/es\/product\/paper-core-machine-manufacturer\/#listItem","name":"NRC MACHINE: A Leading\u00a0Paper Core Machine Manufacturer"},"previousItem":{"@type":"ListItem","@id":"https:\/\/nrcmachine.com\/es\/product\/#listItem","name":"Products"}},{"@type":"ListItem","@id":"https:\/\/nrcmachine.com\/es\/product\/paper-core-machine-manufacturer\/#listItem","position":4,"name":"NRC MACHINE: A Leading\u00a0Paper Core Machine Manufacturer","previousItem":{"@type":"ListItem","@id":"https:\/\/nrcmachine.com\/es\/tag\/maquina-de-tubos-de-papel\/#listItem","name":"paper tube machine"}}]},{"@type":"Organization","@id":"https:\/\/nrcmachine.com\/es\/#organization","name":"Toilet Paper Machine, Paper Tube Machine | NRC Machine wordpress","description":"Reliable Paper Machinery Solutions","url":"https:\/\/nrcmachine.com\/es\/","email":"james@nrcmachine.com","telephone":"+8615254213289","foundingDate":"2023-11-01","numberOfEmployees":{"@type":"QuantitativeValue","minValue":1,"maxValue":50},"logo":{"@type":"ImageObject","url":"https:\/\/nrcmachine.com\/wp-content\/uploads\/2026\/01\/logo23.png","@id":"https:\/\/nrcmachine.com\/es\/product\/paper-core-machine-manufacturer\/#organizationLogo","width":800,"height":800,"caption":"logo for NRC MACHINE"},"image":{"@id":"https:\/\/nrcmachine.com\/es\/product\/paper-core-machine-manufacturer\/#organizationLogo"},"sameAs":["https:\/\/www.facebook.com\/james.gao.349938","https:\/\/x.com\/JamesGao65335","https:\/\/www.instagram.com\/jamesgao407?igsh=d2YybzFhMjY0YTl3","https:\/\/www.tiktok.com\/@gyl20210118","https:\/\/www.linkedin.com\/in\/--9a63583a9\/"]},{"@type":"WebPage","@id":"https:\/\/nrcmachine.com\/es\/product\/paper-core-machine-manufacturer\/#webpage","url":"https:\/\/nrcmachine.com\/es\/product\/paper-core-machine-manufacturer\/","name":"NRC MACHINE: A Leading Paper Core Machine Manufacturer","description":"As a leading Paper Core Machine Manufacturer,NRC MACHINE, also known as Qingdao New Richuan Precision Machine Co., Ltd., leads the paper core industry.","inLanguage":"es-ES","isPartOf":{"@id":"https:\/\/nrcmachine.com\/es\/#website"},"breadcrumb":{"@id":"https:\/\/nrcmachine.com\/es\/product\/paper-core-machine-manufacturer\/#breadcrumblist"},"image":{"@type":"ImageObject","url":"https:\/\/nrcmachine.com\/wp-content\/uploads\/2026\/01\/paper-core-machine-manufacturer-1.webp","@id":"https:\/\/nrcmachine.com\/es\/product\/paper-core-machine-manufacturer\/#mainImage","width":800,"height":800,"caption":"paper core machine manufacturer"},"primaryImageOfPage":{"@id":"https:\/\/nrcmachine.com\/es\/product\/paper-core-machine-manufacturer\/#mainImage"},"datePublished":"2026-01-17T20:15:15+08:00","dateModified":"2026-01-17T21:11:31+08:00"},{"@type":"WebSite","@id":"https:\/\/nrcmachine.com\/es\/#website","url":"https:\/\/nrcmachine.com\/es\/","name":"Toilet Paper Machine, Paper Tube Machine | NRC Machine","alternateName":"Qingdao New Richuan Precision Machine Co.,Ltd","description":"Reliable Paper Machinery Solutions","inLanguage":"es-ES","publisher":{"@id":"https:\/\/nrcmachine.com\/es\/#organization"}}]},"og:locale":"es_ES","og:site_name":"Toilet Paper Machine, Paper Tube Machine | NRC Machine - Reliable Paper Machinery Solutions","og:type":"article","og:title":"NRC MACHINE: A Leading Paper Core Machine Manufacturer","og:description":"As a leading Paper Core Machine Manufacturer,NRC MACHINE, also known as Qingdao New Richuan Precision Machine Co., Ltd., leads the paper core industry.","og:url":"https:\/\/nrcmachine.com\/es\/product\/paper-core-machine-manufacturer\/","og:image":"https:\/\/nrcmachine.com\/wp-content\/uploads\/2026\/01\/paper-core-machine-manufacturer-1.webp","og:image:secure_url":"https:\/\/nrcmachine.com\/wp-content\/uploads\/2026\/01\/paper-core-machine-manufacturer-1.webp","og:image:width":800,"og:image:height":800,"article:published_time":"2026-01-17T12:15:15+00:00","article:modified_time":"2026-01-17T13:11:31+00:00","article:publisher":"https:\/\/www.facebook.com\/james.gao.349938","twitter:card":"summary","twitter:site":"@JamesGao65335","twitter:title":"NRC MACHINE: A Leading Paper Core Machine Manufacturer","twitter:description":"As a leading Paper Core Machine Manufacturer,NRC MACHINE, also known as Qingdao New Richuan Precision Machine Co., Ltd., leads the paper core industry.","twitter:image":"https:\/\/nrcmachine.com\/wp-content\/uploads\/2026\/01\/paper-core-machine-manufacturer-1.webp"},"aioseo_meta_data":{"post_id":"4101","title":"#post_title","description":"Como fabricante l\u00edder de M\u00e1quinas para fabricar n\u00facleos de papel,NRC MACHINE, tambi\u00e9n conocida como Qingdao New Richuan Precision Machine Co., Ltd., lidera la industria de las m\u00e1quinas para fabricar n\u00facleos de papel.","keywords":null,"keyphrases":{"focus":{"keyphrase":"paper core machine manufacturer","score":100,"analysis":{"keyphraseInTitle":{"score":9,"maxScore":9,"error":0},"keyphraseInDescription":{"score":9,"maxScore":9,"error":0},"keyphraseLength":{"score":9,"maxScore":9,"error":0,"length":4},"keyphraseInURL":{"score":5,"maxScore":5,"error":0},"keyphraseInIntroduction":{"score":9,"maxScore":9,"error":0},"keyphraseInSubHeadings":{"score":9,"maxScore":9,"error":0},"keyphraseInImageAlt":[],"keywordDensity":{"type":"best","score":9,"maxScore":9,"error":0}}},"additional":[]},"primary_term":null,"canonical_url":null,"og_title":null,"og_description":null,"og_object_type":"default","og_image_type":"default","og_image_url":null,"og_image_width":null,"og_image_height":null,"og_image_custom_url":null,"og_image_custom_fields":null,"og_video":"","og_custom_url":null,"og_article_section":null,"og_article_tags":null,"twitter_use_og":false,"twitter_card":"default","twitter_image_type":"default","twitter_image_url":null,"twitter_image_custom_url":null,"twitter_image_custom_fields":null,"twitter_title":null,"twitter_description":null,"schema":{"blockGraphs":[],"customGraphs":[],"default":{"data":{"Article":[],"Course":[],"Dataset":[],"FAQPage":[],"Movie":[],"Person":[],"Product":[],"ProductReview":[],"Car":[],"Recipe":[],"Service":[],"SoftwareApplication":[],"WebPage":[]},"graphName":"ItemPage","isEnabled":true},"graphs":[]},"schema_type":"default","schema_type_options":null,"pillar_content":false,"robots_default":true,"robots_noindex":false,"robots_noarchive":false,"robots_nosnippet":false,"robots_nofollow":false,"robots_noimageindex":false,"robots_noodp":false,"robots_notranslate":false,"robots_max_snippet":"-1","robots_max_videopreview":"-1","robots_max_imagepreview":"large","priority":null,"frequency":"default","local_seo":null,"seo_analyzer_scan_date":"2026-02-13 03:01:13","breadcrumb_settings":null,"limit_modified_date":false,"reviewed_by":null,"open_ai":null,"ai":{"faqs":[],"keyPoints":[],"titles":[],"descriptions":[],"socialPosts":{"email":[],"linkedin":[],"twitter":[],"facebook":[],"instagram":[]}},"created":"2026-01-17 12:15:16","updated":"2026-02-13 07:09:44"},"aioseo_breadcrumb":"<div class=\"aioseo-breadcrumbs\"><span class=\"aioseo-breadcrumb\">\n\t<a href=\"https:\/\/nrcmachine.com\/es\" title=\"Home\">Home<\/a>\n<\/span><span class=\"aioseo-breadcrumb-separator\">\u00bb<\/span><span class=\"aioseo-breadcrumb\">\n\t<a href=\"https:\/\/nrcmachine.com\/es\/product\/\" title=\"Products\">Products<\/a>\n<\/span><span class=\"aioseo-breadcrumb-separator\">\u00bb<\/span><span class=\"aioseo-breadcrumb\">\n\t<a href=\"https:\/\/nrcmachine.com\/es\/tag\/maquina-de-tubos-de-papel\/\" title=\"paper tube machine\">paper tube machine<\/a>\n<\/span><span class=\"aioseo-breadcrumb-separator\">\u00bb<\/span><span class=\"aioseo-breadcrumb\">\n\tNRC MACHINE: A Leading Paper Core Machine Manufacturer\n<\/span><\/div>","aioseo_breadcrumb_json":[{"label":"Home","link":"https:\/\/nrcmachine.com\/es"},{"label":"Products","link":"https:\/\/nrcmachine.com\/es\/product\/"},{"label":"paper tube machine","link":"https:\/\/nrcmachine.com\/es\/tag\/maquina-de-tubos-de-papel\/"},{"label":"NRC MACHINE: A Leading\u00a0Paper Core Machine Manufacturer","link":"https:\/\/nrcmachine.com\/es\/product\/paper-core-machine-manufacturer\/"}],"_links":{"self":[{"href":"https:\/\/nrcmachine.com\/es\/wp-json\/wp\/v2\/product\/4101","targetHints":{"allow":["GET"]}}],"collection":[{"href":"https:\/\/nrcmachine.com\/es\/wp-json\/wp\/v2\/product"}],"about":[{"href":"https:\/\/nrcmachine.com\/es\/wp-json\/wp\/v2\/types\/product"}],"version-history":[{"count":0,"href":"https:\/\/nrcmachine.com\/es\/wp-json\/wp\/v2\/product\/4101\/revisions"}],"wp:featuredmedia":[{"embeddable":true,"href":"https:\/\/nrcmachine.com\/es\/wp-json\/wp\/v2\/media\/4102"}],"wp:attachment":[{"href":"https:\/\/nrcmachine.com\/es\/wp-json\/wp\/v2\/media?parent=4101"}],"wp:term":[{"taxonomy":"post_tag","embeddable":true,"href":"https:\/\/nrcmachine.com\/es\/wp-json\/wp\/v2\/tags?post=4101"},{"taxonomy":"products","embeddable":true,"href":"https:\/\/nrcmachine.com\/es\/wp-json\/wp\/v2\/products?post=4101"}],"curies":[{"name":"wp","href":"https:\/\/api.w.org\/{rel}","templated":true}]}}