 {"id":1794,"date":"2025-11-03T14:02:47","date_gmt":"2025-11-03T06:02:47","guid":{"rendered":"https:\/\/nrcmachine.com\/?post_type=product&#038;p=1794"},"modified":"2026-01-03T14:24:04","modified_gmt":"2026-01-03T06:24:04","slug":"adhesive-tape-making-machine","status":"publish","type":"product","link":"https:\/\/nrcmachine.com\/fr\/product\/adhesive-tape-making-machine\/","title":{"rendered":"Machine de fabrication de bandes adh\u00e9sives NRC1300"},"content":{"rendered":"<h3 style=\"text-align: center;\"><strong>Machine de fabrication de rubans adh\u00e9sifs mod\u00e8le NRC1300 : Solution de production compl\u00e8te<\/strong><\/h3>\n<div class=\"ast-oembed-container\" style=\"height: 100%;\"><iframe title=\"Id\u00e9es d&#039;affaires vente \u00e0 chaud de machine \u00e0 fabriquer des rubans adh\u00e9sifs au meilleur prix\" width=\"500\" height=\"281\" src=\"https:\/\/www.youtube.com\/embed\/lkoOTUXVQuk?feature=oembed\" frameborder=\"0\" allow=\"accelerometer; autoplay; clipboard-write; encrypted-media; gyroscope; picture-in-picture; web-share\" referrerpolicy=\"strict-origin-when-cross-origin\" allowfullscreen><\/iframe><\/div>\n<ol>\n<li>\n<h4><strong> Vue d'ensemble du syst\u00e8me CNR1300<\/strong><\/h4>\n<p>Le mod\u00e8le CNR1300 <a href=\"https:\/\/youtu.be\/lkoOTUXVQuk?si=R9OZSgkQNlUNUu_E\">machine \u00e0 fabriquer des rubans adh\u00e9sifs<\/a> est un syst\u00e8me enti\u00e8rement int\u00e9gr\u00e9 \u00e0 haut rendement, con\u00e7u pour convertir des rouleaux de ruban adh\u00e9sif g\u00e9ants en rouleaux plus petits, pr\u00eats \u00e0 \u00eatre commercialis\u00e9s. Cet ensemble de machines de pointe comprend une refendeuse et une enrouleuse, un coupeur de papier et des syst\u00e8mes de contr\u00f4le de pr\u00e9cision, ce qui le rend id\u00e9al pour les op\u00e9rations de fabrication de rubans adh\u00e9sifs \u00e0 moyenne et grande \u00e9chelle. Con\u00e7ue pour \u00eatre fiable et coh\u00e9rente, la NRC1300 assure des performances \u00e0 grande vitesse tout en maintenant une excellente qualit\u00e9 de coupe et d'uniformit\u00e9 des rouleaux.<\/li>\n<li>\n<h4><strong> Composants et fonctions cl\u00e9s<\/strong><\/h4>\n<\/li>\n<\/ol>\n<ul>\n<li><strong>Unit\u00e9 de d\u00e9coupe et d'enroulement<\/strong>: Cette pi\u00e8ce ma\u00eetresse coupe avec pr\u00e9cision les rouleaux g\u00e9ants en largeurs plus \u00e9troites, conform\u00e9ment aux sp\u00e9cifications du client. \u00c9quip\u00e9 de lames rotatives aff\u00fbt\u00e9es comme des rasoirs et d'un rembobinage \u00e0 tension contr\u00f4l\u00e9e, il garantit des bords nets et sans bavures ainsi qu'une \u00e9tanch\u00e9it\u00e9 constante de la bobine. La machine est dot\u00e9e d'une commande de vitesse variable, ce qui permet aux op\u00e9rateurs d'optimiser les taux de production en fonction du type et de l'\u00e9paisseur du mat\u00e9riau.<\/li>\n<li><strong>Coupeur de papier<\/strong>: Int\u00e9gr\u00e9 au syst\u00e8me, le coupeur de mandrins de papier produit automatiquement des mandrins de papier de longueur personnalis\u00e9e \u00e0 partir d'un stock standard. Cela garantit un alignement parfait avec les dimensions du rouleau et am\u00e9liore l'efficacit\u00e9 de la production en \u00e9liminant la pr\u00e9paration manuelle des mandrins.<\/li>\n<li><strong>Stations de d\u00e9roulement et d'enroulement<\/strong>: Le syst\u00e8me est \u00e9quip\u00e9 d'arbres pneumatiques pour un changement rapide des rouleaux, ce qui r\u00e9duit les temps d'arr\u00eat. Le contr\u00f4le automatique de la tension maintient la stabilit\u00e9 du mat\u00e9riau tout au long du processus de refente et d'enroulement.<\/li>\n<\/ul>\n<ol start=\"3\">\n<li>\n<h4><strong> Avantages techniques<\/strong><\/h4>\n<p>Le NRC1300 offre des compteurs de longueur num\u00e9riques, des commandes \u00e0 \u00e9cran tactile et des syst\u00e8mes de d\u00e9tection des d\u00e9fauts pour une surveillance en temps r\u00e9el. Il accepte divers mat\u00e9riaux adh\u00e9sifs, y compris le BOPP, le PVC et les rubans double face, avec des largeurs de coupe r\u00e9glables de 5 mm \u00e0 1 300 mm.<\/li>\n<li>\n<h4><strong> Applications et avantages<\/strong><\/h4>\n<p>Largement utilis\u00e9 dans les secteurs de l'emballage, de la papeterie et de l'industrie, le NRC1300 <a href=\"https:\/\/nrcmachine.com\/product\/automatic-adhesive-tape-film-slitting-machine\/\">machine \u00e0 fabriquer des rubans adh\u00e9sifs<\/a> am\u00e9liore la productivit\u00e9, r\u00e9duit le gaspillage de mat\u00e9riaux et garantit une qualit\u00e9 de produit uniforme. Sa conception compacte et son interface conviviale en font un investissement judicieux pour les fabricants de rubans qui souhaitent \u00e9tendre leurs activit\u00e9s de mani\u00e8re efficace.<\/li>\n<\/ol>","protected":false},"featured_media":1788,"template":"","meta":{"_acf_changed":false,"_monsterinsights_skip_tracking":false,"_monsterinsights_sitenote_active":false,"_monsterinsights_sitenote_note":"","_monsterinsights_sitenote_category":0,"site-sidebar-layout":"default","site-content-layout":"","ast-site-content-layout":"default","site-content-style":"default","site-sidebar-style":"default","ast-global-header-display":"","ast-banner-title-visibility":"","ast-main-header-display":"","ast-hfb-above-header-display":"","ast-hfb-below-header-display":"","ast-hfb-mobile-header-display":"","site-post-title":"","ast-breadcrumbs-content":"","ast-featured-img":"","footer-sml-layout":"","theme-transparent-header-meta":"default","adv-header-id-meta":"","stick-header-meta":"default","header-above-stick-meta":"","header-main-stick-meta":"","header-below-stick-meta":"","astra-migrate-meta-layouts":"set","ast-page-background-enabled":"default","ast-page-background-meta":{"desktop":{"background-color":"var(--ast-global-color-4)","background-image":"","background-repeat":"repeat","background-position":"center center","background-size":"auto","background-attachment":"scroll","background-type":"","background-media":"","overlay-type":"","overlay-color":"","overlay-opacity":"","overlay-gradient":""},"tablet":{"background-color":"","background-image":"","background-repeat":"repeat","background-position":"center center","background-size":"auto","background-attachment":"scroll","background-type":"","background-media":"","overlay-type":"","overlay-color":"","overlay-opacity":"","overlay-gradient":""},"mobile":{"background-color":"","background-image":"","background-repeat":"repeat","background-position":"center center","background-size":"auto","background-attachment":"scroll","background-type":"","background-media":"","overlay-type":"","overlay-color":"","overlay-opacity":"","overlay-gradient":""}},"ast-content-background-meta":{"desktop":{"background-color":"var(--ast-global-color-5)","background-image":"","background-repeat":"repeat","background-position":"center center","background-size":"auto","background-attachment":"scroll","background-type":"","background-media":"","overlay-type":"","overlay-color":"","overlay-opacity":"","overlay-gradient":""},"tablet":{"background-color":"var(--ast-global-color-5)","background-image":"","background-repeat":"repeat","background-position":"center center","background-size":"auto","background-attachment":"scroll","background-type":"","background-media":"","overlay-type":"","overlay-color":"","overlay-opacity":"","overlay-gradient":""},"mobile":{"background-color":"var(--ast-global-color-5)","background-image":"","background-repeat":"repeat","background-position":"center center","background-size":"auto","background-attachment":"scroll","background-type":"","background-media":"","overlay-type":"","overlay-color":"","overlay-opacity":"","overlay-gradient":""}}},"tags":[65],"products":[63],"class_list":["post-1794","product","type-product","status-publish","has-post-thumbnail","hentry","tag-adhesive-tape-making-machine","products-adhesive-tape-making-machine"],"acf":[],"aioseo_notices":[],"aioseo_head":"\n\t\t<!-- All in One SEO Pro 4.9.2 - aioseo.com -->\n\t<meta name=\"description\" content=\"NRC1300 model adhesive tape making machine is a high-efficiency, fully system designed for converting jumbo tape rolls into smaller, market-ready rolls.\" \/>\n\t<meta name=\"robots\" content=\"noodp, max-snippet:-1, max-image-preview:large, max-video-preview:-1\" \/>\n\t<link rel=\"canonical\" href=\"https:\/\/nrcmachine.com\/fr\/product\/adhesive-tape-making-machine\/\" \/>\n\t<meta name=\"generator\" content=\"All in One SEO Pro (AIOSEO) 4.9.2\" \/>\n\t\t<meta property=\"og:locale\" content=\"fr_FR\" \/>\n\t\t<meta property=\"og:site_name\" content=\"Toilet Paper Machine, Paper Tube Machine | NRC Machine - Reliable Paper Machinery Solutions\" \/>\n\t\t<meta property=\"og:type\" content=\"article\" \/>\n\t\t<meta property=\"og:title\" content=\"NRC1300 Adhesive Tape Making Machine - QINGDAO NEW RICHUAN\" \/>\n\t\t<meta property=\"og:description\" content=\"NRC1300 model adhesive tape making machine is a high-efficiency, fully system designed for converting jumbo tape rolls into smaller, market-ready rolls.\" \/>\n\t\t<meta property=\"og:url\" content=\"https:\/\/nrcmachine.com\/fr\/product\/adhesive-tape-making-machine\/\" \/>\n\t\t<meta property=\"og:image\" content=\"https:\/\/nrcmachine.com\/wp-content\/uploads\/2025\/11\/Tape-making-machine.webp\" \/>\n\t\t<meta property=\"og:image:secure_url\" content=\"https:\/\/nrcmachine.com\/wp-content\/uploads\/2025\/11\/Tape-making-machine.webp\" \/>\n\t\t<meta property=\"og:image:width\" content=\"500\" \/>\n\t\t<meta property=\"og:image:height\" content=\"500\" \/>\n\t\t<meta property=\"article:published_time\" content=\"2025-11-03T06:02:47+00:00\" \/>\n\t\t<meta property=\"article:modified_time\" content=\"2026-01-03T06:24:04+00:00\" \/>\n\t\t<meta property=\"article:publisher\" content=\"https:\/\/www.facebook.com\/james.gao.349938\" \/>\n\t\t<meta name=\"twitter:card\" content=\"summary\" \/>\n\t\t<meta name=\"twitter:site\" content=\"@JamesGao65335\" \/>\n\t\t<meta name=\"twitter:title\" content=\"NRC1300 Adhesive Tape Making Machine - QINGDAO NEW RICHUAN\" \/>\n\t\t<meta name=\"twitter:description\" content=\"NRC1300 model adhesive tape making machine is a high-efficiency, fully system designed for converting jumbo tape rolls into smaller, market-ready rolls.\" \/>\n\t\t<meta name=\"twitter:image\" content=\"https:\/\/nrcmachine.com\/wp-content\/uploads\/2025\/11\/Tape-making-machine.webp\" \/>\n\t\t<script type=\"application\/ld+json\" class=\"aioseo-schema\">\n\t\t\t{\"@context\":\"https:\\\/\\\/schema.org\",\"@graph\":[{\"@type\":\"BreadcrumbList\",\"@id\":\"https:\\\/\\\/nrcmachine.com\\\/fr\\\/product\\\/adhesive-tape-making-machine\\\/#breadcrumblist\",\"itemListElement\":[{\"@type\":\"ListItem\",\"@id\":\"https:\\\/\\\/nrcmachine.com\\\/fr#listItem\",\"position\":1,\"name\":\"Home\",\"item\":\"https:\\\/\\\/nrcmachine.com\\\/fr\",\"nextItem\":{\"@type\":\"ListItem\",\"@id\":\"https:\\\/\\\/nrcmachine.com\\\/fr\\\/product\\\/#listItem\",\"name\":\"Products\"}},{\"@type\":\"ListItem\",\"@id\":\"https:\\\/\\\/nrcmachine.com\\\/fr\\\/product\\\/#listItem\",\"position\":2,\"name\":\"Products\",\"item\":\"https:\\\/\\\/nrcmachine.com\\\/fr\\\/product\\\/\",\"nextItem\":{\"@type\":\"ListItem\",\"@id\":\"https:\\\/\\\/nrcmachine.com\\\/fr\\\/tag\\\/adhesive-tape-making-machine\\\/#listItem\",\"name\":\"Adhesive tape making machine\"},\"previousItem\":{\"@type\":\"ListItem\",\"@id\":\"https:\\\/\\\/nrcmachine.com\\\/fr#listItem\",\"name\":\"Home\"}},{\"@type\":\"ListItem\",\"@id\":\"https:\\\/\\\/nrcmachine.com\\\/fr\\\/tag\\\/adhesive-tape-making-machine\\\/#listItem\",\"position\":3,\"name\":\"Adhesive tape making machine\",\"item\":\"https:\\\/\\\/nrcmachine.com\\\/fr\\\/tag\\\/adhesive-tape-making-machine\\\/\",\"nextItem\":{\"@type\":\"ListItem\",\"@id\":\"https:\\\/\\\/nrcmachine.com\\\/fr\\\/product\\\/adhesive-tape-making-machine\\\/#listItem\",\"name\":\"NRC1300 Adhesive Tape Making Machine\"},\"previousItem\":{\"@type\":\"ListItem\",\"@id\":\"https:\\\/\\\/nrcmachine.com\\\/fr\\\/product\\\/#listItem\",\"name\":\"Products\"}},{\"@type\":\"ListItem\",\"@id\":\"https:\\\/\\\/nrcmachine.com\\\/fr\\\/product\\\/adhesive-tape-making-machine\\\/#listItem\",\"position\":4,\"name\":\"NRC1300 Adhesive Tape Making Machine\",\"previousItem\":{\"@type\":\"ListItem\",\"@id\":\"https:\\\/\\\/nrcmachine.com\\\/fr\\\/tag\\\/adhesive-tape-making-machine\\\/#listItem\",\"name\":\"Adhesive tape making machine\"}}]},{\"@type\":\"Organization\",\"@id\":\"https:\\\/\\\/nrcmachine.com\\\/fr\\\/#organization\",\"name\":\"Toilet Paper Machine, Paper Tube Machine | NRC Machine wordpress\",\"description\":\"Reliable Paper Machinery Solutions\",\"url\":\"https:\\\/\\\/nrcmachine.com\\\/fr\\\/\",\"email\":\"james@nrcmachine.com\",\"telephone\":\"+8615254213289\",\"foundingDate\":\"2023-11-01\",\"numberOfEmployees\":{\"@type\":\"QuantitativeValue\",\"minValue\":1,\"maxValue\":50},\"logo\":{\"@type\":\"ImageObject\",\"url\":\"https:\\\/\\\/nrcmachine.com\\\/wp-content\\\/uploads\\\/2026\\\/01\\\/logo23.png\",\"@id\":\"https:\\\/\\\/nrcmachine.com\\\/fr\\\/product\\\/adhesive-tape-making-machine\\\/#organizationLogo\",\"width\":800,\"height\":800,\"caption\":\"logo for NRC MACHINE\"},\"image\":{\"@id\":\"https:\\\/\\\/nrcmachine.com\\\/fr\\\/product\\\/adhesive-tape-making-machine\\\/#organizationLogo\"},\"sameAs\":[\"https:\\\/\\\/www.facebook.com\\\/james.gao.349938\",\"https:\\\/\\\/x.com\\\/JamesGao65335\",\"https:\\\/\\\/www.instagram.com\\\/jamesgao407?igsh=d2YybzFhMjY0YTl3\",\"https:\\\/\\\/www.tiktok.com\\\/@gyl20210118\",\"https:\\\/\\\/www.linkedin.com\\\/in\\\/--9a63583a9\\\/\"],\"address\":{\"@id\":\"https:\\\/\\\/nrcmachine.com\\\/fr\\\/#postaladdress\",\"@type\":\"PostalAddress\",\"streetAddress\":\"No..519,Jiangshan South Road,Huangdao,\",\"postalCode\":\"266500\",\"addressLocality\":\"Qingdao\",\"addressRegion\":\"Shandong Province\",\"addressCountry\":\"CN\"},\"taxID\":\"91370211MAD54P6P85\",\"vatID\":\"91370211MAD54P6P85\"},{\"@type\":\"WebPage\",\"@id\":\"https:\\\/\\\/nrcmachine.com\\\/fr\\\/product\\\/adhesive-tape-making-machine\\\/#webpage\",\"url\":\"https:\\\/\\\/nrcmachine.com\\\/fr\\\/product\\\/adhesive-tape-making-machine\\\/\",\"name\":\"NRC1300 Adhesive Tape Making Machine - QINGDAO NEW RICHUAN\",\"description\":\"NRC1300 model adhesive tape making machine is a high-efficiency, fully system designed for converting jumbo tape rolls into smaller, market-ready rolls.\",\"inLanguage\":\"fr-FR\",\"isPartOf\":{\"@id\":\"https:\\\/\\\/nrcmachine.com\\\/fr\\\/#website\"},\"breadcrumb\":{\"@id\":\"https:\\\/\\\/nrcmachine.com\\\/fr\\\/product\\\/adhesive-tape-making-machine\\\/#breadcrumblist\"},\"image\":{\"@type\":\"ImageObject\",\"url\":\"https:\\\/\\\/nrcmachine.com\\\/wp-content\\\/uploads\\\/2025\\\/11\\\/Tape-making-machine.webp\",\"@id\":\"https:\\\/\\\/nrcmachine.com\\\/fr\\\/product\\\/adhesive-tape-making-machine\\\/#mainImage\",\"width\":500,\"height\":500,\"caption\":\"adhesive tape making machine\"},\"primaryImageOfPage\":{\"@id\":\"https:\\\/\\\/nrcmachine.com\\\/fr\\\/product\\\/adhesive-tape-making-machine\\\/#mainImage\"},\"datePublished\":\"2025-11-03T14:02:47+08:00\",\"dateModified\":\"2026-01-03T14:24:04+08:00\"},{\"@type\":\"WebSite\",\"@id\":\"https:\\\/\\\/nrcmachine.com\\\/fr\\\/#website\",\"url\":\"https:\\\/\\\/nrcmachine.com\\\/fr\\\/\",\"name\":\"Toilet Paper Machine, Paper Tube Machine | NRC Machine\",\"alternateName\":\"Qingdao New Richuan Precision Machine Co.,Ltd\",\"description\":\"Reliable Paper Machinery Solutions\",\"inLanguage\":\"fr-FR\",\"publisher\":{\"@id\":\"https:\\\/\\\/nrcmachine.com\\\/fr\\\/#organization\"}}]}\n\t\t<\/script>\n\t\t<!-- All in One SEO Pro -->\r\n\t\t<title>NRC1300 Adhesive Tape Making Machine - QINGDAO NEW RICHUAN<\/title>\n\n","aioseo_head_json":{"title":"Machine de fabrication de bandes adh\u00e9sives NRC1300 - QINGDAO NEW RICHUAN","description":"La machine de fabrication de ruban adh\u00e9sif mod\u00e8le NRC1300 est un syst\u00e8me complet \u00e0 haut rendement con\u00e7u pour convertir des rouleaux de ruban adh\u00e9sif g\u00e9ants en rouleaux plus petits, pr\u00eats \u00e0 \u00eatre commercialis\u00e9s.","canonical_url":"https:\/\/nrcmachine.com\/fr\/product\/adhesive-tape-making-machine\/","robots":"noodp, max-snippet:-1, max-image-preview:large, max-video-preview:-1","keywords":"","webmasterTools":{"miscellaneous":""},"schema":{"@context":"https:\/\/schema.org","@graph":[{"@type":"BreadcrumbList","@id":"https:\/\/nrcmachine.com\/fr\/product\/adhesive-tape-making-machine\/#breadcrumblist","itemListElement":[{"@type":"ListItem","@id":"https:\/\/nrcmachine.com\/fr#listItem","position":1,"name":"Home","item":"https:\/\/nrcmachine.com\/fr","nextItem":{"@type":"ListItem","@id":"https:\/\/nrcmachine.com\/fr\/product\/#listItem","name":"Products"}},{"@type":"ListItem","@id":"https:\/\/nrcmachine.com\/fr\/product\/#listItem","position":2,"name":"Products","item":"https:\/\/nrcmachine.com\/fr\/product\/","nextItem":{"@type":"ListItem","@id":"https:\/\/nrcmachine.com\/fr\/tag\/adhesive-tape-making-machine\/#listItem","name":"Adhesive tape making machine"},"previousItem":{"@type":"ListItem","@id":"https:\/\/nrcmachine.com\/fr#listItem","name":"Home"}},{"@type":"ListItem","@id":"https:\/\/nrcmachine.com\/fr\/tag\/adhesive-tape-making-machine\/#listItem","position":3,"name":"Adhesive tape making machine","item":"https:\/\/nrcmachine.com\/fr\/tag\/adhesive-tape-making-machine\/","nextItem":{"@type":"ListItem","@id":"https:\/\/nrcmachine.com\/fr\/product\/adhesive-tape-making-machine\/#listItem","name":"NRC1300 Adhesive Tape Making Machine"},"previousItem":{"@type":"ListItem","@id":"https:\/\/nrcmachine.com\/fr\/product\/#listItem","name":"Products"}},{"@type":"ListItem","@id":"https:\/\/nrcmachine.com\/fr\/product\/adhesive-tape-making-machine\/#listItem","position":4,"name":"NRC1300 Adhesive Tape Making Machine","previousItem":{"@type":"ListItem","@id":"https:\/\/nrcmachine.com\/fr\/tag\/adhesive-tape-making-machine\/#listItem","name":"Adhesive tape making machine"}}]},{"@type":"Organization","@id":"https:\/\/nrcmachine.com\/fr\/#organization","name":"Toilet Paper Machine, Paper Tube Machine | NRC Machine wordpress","description":"Reliable Paper Machinery Solutions","url":"https:\/\/nrcmachine.com\/fr\/","email":"james@nrcmachine.com","telephone":"+8615254213289","foundingDate":"2023-11-01","numberOfEmployees":{"@type":"QuantitativeValue","minValue":1,"maxValue":50},"logo":{"@type":"ImageObject","url":"https:\/\/nrcmachine.com\/wp-content\/uploads\/2026\/01\/logo23.png","@id":"https:\/\/nrcmachine.com\/fr\/product\/adhesive-tape-making-machine\/#organizationLogo","width":800,"height":800,"caption":"logo for NRC MACHINE"},"image":{"@id":"https:\/\/nrcmachine.com\/fr\/product\/adhesive-tape-making-machine\/#organizationLogo"},"sameAs":["https:\/\/www.facebook.com\/james.gao.349938","https:\/\/x.com\/JamesGao65335","https:\/\/www.instagram.com\/jamesgao407?igsh=d2YybzFhMjY0YTl3","https:\/\/www.tiktok.com\/@gyl20210118","https:\/\/www.linkedin.com\/in\/--9a63583a9\/"],"address":{"@id":"https:\/\/nrcmachine.com\/fr\/#postaladdress","@type":"PostalAddress","streetAddress":"No..519,Jiangshan South Road,Huangdao,","postalCode":"266500","addressLocality":"Qingdao","addressRegion":"Shandong Province","addressCountry":"CN"},"taxID":"91370211MAD54P6P85","vatID":"91370211MAD54P6P85"},{"@type":"WebPage","@id":"https:\/\/nrcmachine.com\/fr\/product\/adhesive-tape-making-machine\/#webpage","url":"https:\/\/nrcmachine.com\/fr\/product\/adhesive-tape-making-machine\/","name":"NRC1300 Adhesive Tape Making Machine - QINGDAO NEW RICHUAN","description":"NRC1300 model adhesive tape making machine is a high-efficiency, fully system designed for converting jumbo tape rolls into smaller, market-ready rolls.","inLanguage":"fr-FR","isPartOf":{"@id":"https:\/\/nrcmachine.com\/fr\/#website"},"breadcrumb":{"@id":"https:\/\/nrcmachine.com\/fr\/product\/adhesive-tape-making-machine\/#breadcrumblist"},"image":{"@type":"ImageObject","url":"https:\/\/nrcmachine.com\/wp-content\/uploads\/2025\/11\/Tape-making-machine.webp","@id":"https:\/\/nrcmachine.com\/fr\/product\/adhesive-tape-making-machine\/#mainImage","width":500,"height":500,"caption":"adhesive tape making machine"},"primaryImageOfPage":{"@id":"https:\/\/nrcmachine.com\/fr\/product\/adhesive-tape-making-machine\/#mainImage"},"datePublished":"2025-11-03T14:02:47+08:00","dateModified":"2026-01-03T14:24:04+08:00"},{"@type":"WebSite","@id":"https:\/\/nrcmachine.com\/fr\/#website","url":"https:\/\/nrcmachine.com\/fr\/","name":"Toilet Paper Machine, Paper Tube Machine | NRC Machine","alternateName":"Qingdao New Richuan Precision Machine Co.,Ltd","description":"Reliable Paper Machinery Solutions","inLanguage":"fr-FR","publisher":{"@id":"https:\/\/nrcmachine.com\/fr\/#organization"}}]},"og:locale":"fr_FR","og:site_name":"Toilet Paper Machine, Paper Tube Machine | NRC Machine - Reliable Paper Machinery Solutions","og:type":"article","og:title":"NRC1300 Adhesive Tape Making Machine - QINGDAO NEW RICHUAN","og:description":"NRC1300 model adhesive tape making machine is a high-efficiency, fully system designed for converting jumbo tape rolls into smaller, market-ready rolls.","og:url":"https:\/\/nrcmachine.com\/fr\/product\/adhesive-tape-making-machine\/","og:image":"https:\/\/nrcmachine.com\/wp-content\/uploads\/2025\/11\/Tape-making-machine.webp","og:image:secure_url":"https:\/\/nrcmachine.com\/wp-content\/uploads\/2025\/11\/Tape-making-machine.webp","og:image:width":500,"og:image:height":500,"article:published_time":"2025-11-03T06:02:47+00:00","article:modified_time":"2026-01-03T06:24:04+00:00","article:publisher":"https:\/\/www.facebook.com\/james.gao.349938","twitter:card":"summary","twitter:site":"@JamesGao65335","twitter:title":"NRC1300 Adhesive Tape Making Machine - QINGDAO NEW RICHUAN","twitter:description":"NRC1300 model adhesive tape making machine is a high-efficiency, fully system designed for converting jumbo tape rolls into smaller, market-ready rolls.","twitter:image":"https:\/\/nrcmachine.com\/wp-content\/uploads\/2025\/11\/Tape-making-machine.webp"},"aioseo_meta_data":{"post_id":"1794","title":"#post_title #separator_sa QINGDAO NEW RICHUAN","description":"La machine de fabrication de ruban adh\u00e9sif mod\u00e8le NRC1300 est un syst\u00e8me complet \u00e0 haut rendement con\u00e7u pour convertir des rouleaux de ruban adh\u00e9sif g\u00e9ants en rouleaux plus petits, pr\u00eats \u00e0 \u00eatre commercialis\u00e9s.","keywords":null,"keyphrases":{"focus":{"keyphrase":"adhesive tape making machine","score":100,"analysis":{"keyphraseInTitle":{"score":9,"maxScore":9,"error":0},"keyphraseInDescription":{"score":9,"maxScore":9,"error":0},"keyphraseLength":{"score":9,"maxScore":9,"error":0,"length":4},"keyphraseInURL":{"score":5,"maxScore":5,"error":0},"keyphraseInIntroduction":{"score":9,"maxScore":9,"error":0},"keyphraseInSubHeadings":{"score":9,"maxScore":9,"error":0},"keyphraseInImageAlt":[],"keywordDensity":{"type":"best","score":9,"maxScore":9,"error":0}}},"additional":[]},"primary_term":null,"canonical_url":null,"og_title":null,"og_description":null,"og_object_type":"default","og_image_type":"default","og_image_url":null,"og_image_width":null,"og_image_height":null,"og_image_custom_url":null,"og_image_custom_fields":null,"og_video":"","og_custom_url":null,"og_article_section":null,"og_article_tags":null,"twitter_use_og":false,"twitter_card":"default","twitter_image_type":"default","twitter_image_url":null,"twitter_image_custom_url":null,"twitter_image_custom_fields":null,"twitter_title":null,"twitter_description":null,"schema":{"blockGraphs":[],"customGraphs":[],"default":{"data":{"Article":[],"Course":[],"Dataset":[],"FAQPage":[],"Movie":[],"Person":[],"Product":[],"ProductReview":[],"Car":[],"Recipe":[],"Service":[],"SoftwareApplication":[],"WebPage":[]},"graphName":"ItemPage","isEnabled":true},"graphs":[]},"schema_type":"default","schema_type_options":null,"pillar_content":false,"robots_default":true,"robots_noindex":false,"robots_noarchive":false,"robots_nosnippet":false,"robots_nofollow":false,"robots_noimageindex":false,"robots_noodp":false,"robots_notranslate":false,"robots_max_snippet":"-1","robots_max_videopreview":"-1","robots_max_imagepreview":"large","priority":null,"frequency":"default","local_seo":null,"seo_analyzer_scan_date":"2026-02-13 03:35:55","breadcrumb_settings":null,"limit_modified_date":false,"reviewed_by":null,"open_ai":null,"ai":{"faqs":[],"keyPoints":[],"titles":[],"descriptions":[],"socialPosts":{"email":[],"linkedin":[],"twitter":[],"facebook":[],"instagram":[]}},"created":"2025-12-11 08:37:20","updated":"2026-02-13 06:50:01"},"aioseo_breadcrumb":"<div class=\"aioseo-breadcrumbs\"><span class=\"aioseo-breadcrumb\">\n\t<a href=\"https:\/\/nrcmachine.com\/fr\" title=\"Home\">Home<\/a>\n<\/span><span class=\"aioseo-breadcrumb-separator\">\u00bb<\/span><span class=\"aioseo-breadcrumb\">\n\t<a href=\"https:\/\/nrcmachine.com\/fr\/product\/\" title=\"Products\">Products<\/a>\n<\/span><span class=\"aioseo-breadcrumb-separator\">\u00bb<\/span><span class=\"aioseo-breadcrumb\">\n\t<a href=\"https:\/\/nrcmachine.com\/fr\/tag\/adhesive-tape-making-machine\/\" title=\"Adhesive tape making machine\">Adhesive tape making machine<\/a>\n<\/span><span class=\"aioseo-breadcrumb-separator\">\u00bb<\/span><span class=\"aioseo-breadcrumb\">\n\tNRC1300 Adhesive Tape Making Machine\n<\/span><\/div>","aioseo_breadcrumb_json":[{"label":"Home","link":"https:\/\/nrcmachine.com\/fr"},{"label":"Products","link":"https:\/\/nrcmachine.com\/fr\/product\/"},{"label":"Adhesive tape making machine","link":"https:\/\/nrcmachine.com\/fr\/tag\/adhesive-tape-making-machine\/"},{"label":"NRC1300 Adhesive Tape Making Machine","link":"https:\/\/nrcmachine.com\/fr\/product\/adhesive-tape-making-machine\/"}],"_links":{"self":[{"href":"https:\/\/nrcmachine.com\/fr\/wp-json\/wp\/v2\/product\/1794","targetHints":{"allow":["GET"]}}],"collection":[{"href":"https:\/\/nrcmachine.com\/fr\/wp-json\/wp\/v2\/product"}],"about":[{"href":"https:\/\/nrcmachine.com\/fr\/wp-json\/wp\/v2\/types\/product"}],"version-history":[{"count":0,"href":"https:\/\/nrcmachine.com\/fr\/wp-json\/wp\/v2\/product\/1794\/revisions"}],"wp:featuredmedia":[{"embeddable":true,"href":"https:\/\/nrcmachine.com\/fr\/wp-json\/wp\/v2\/media\/1788"}],"wp:attachment":[{"href":"https:\/\/nrcmachine.com\/fr\/wp-json\/wp\/v2\/media?parent=1794"}],"wp:term":[{"taxonomy":"post_tag","embeddable":true,"href":"https:\/\/nrcmachine.com\/fr\/wp-json\/wp\/v2\/tags?post=1794"},{"taxonomy":"products","embeddable":true,"href":"https:\/\/nrcmachine.com\/fr\/wp-json\/wp\/v2\/products?post=1794"}],"curies":[{"name":"wp","href":"https:\/\/api.w.org\/{rel}","templated":true}]}}