 {"id":2132,"date":"2025-11-13T15:48:23","date_gmt":"2025-11-13T07:48:23","guid":{"rendered":"https:\/\/nrcmachine.com\/?post_type=product&#038;p=2132"},"modified":"2026-02-13T09:56:12","modified_gmt":"2026-02-13T01:56:12","slug":"fully-automatic-toilet-paper-making-machine","status":"publish","type":"product","link":"https:\/\/nrcmachine.com\/fr\/product\/fully-automatic-toilet-paper-making-machine\/","title":{"rendered":"Machine de fabrication de papier hygi\u00e9nique enti\u00e8rement automatique"},"content":{"rendered":"<h3 style=\"text-align: center;\"><strong>\ud83c\udf1f <a href=\"https:\/\/nrcmachine.com\/fr\/products\/toilet-paper-making-machine\/\">Machine de fabrication de papier hygi\u00e9nique enti\u00e8rement automatique<\/a> par <a href=\"https:\/\/nrcmachine.com\/fr\/\">LE CNRC MACHINE<\/a> - L'avenir de la production d'hygi\u00e8ne ! \ud83c\udf1f<\/strong><\/h3>\n<h5><strong>\ud83d\udd27 Ligne de production compl\u00e8te : Enrouleur + Coupeur + Machine d'emballage<\/strong><\/h5>\n<p>Dites bonjour \u00e0 la solution ultime pour la fabrication moderne de tissus - le <strong><a href=\"https:\/\/nrcmachine.com\/fr\/products\/toilet-paper-making-machine\/\">Machine de fabrication de papier hygi\u00e9nique enti\u00e8rement automatique<\/a> par <a href=\"https:\/\/nrcmachine.com\/fr\/\">LE CNRC MACHINE<\/a><\/strong>! Con\u00e7ue pour l'efficacit\u00e9, la pr\u00e9cision et un rendement \u00e9lev\u00e9, cette ligne de production compl\u00e8te comprend trois \u00e9l\u00e9ments principaux : <strong>enrouleur, coupeur et machine d'emballage automatiques<\/strong>\u00a0- le tout int\u00e9gr\u00e9 de mani\u00e8re transparente pour un processus fluide et \u00e9conome en main-d'\u0153uvre.<\/p>\n<div class=\"ast-oembed-container\" style=\"height: 100%;\"><iframe title=\"Petite machine \u00e0 fabriquer du papier hygi\u00e9nique\" width=\"500\" height=\"281\" src=\"https:\/\/www.youtube.com\/embed\/P8v7D48-87c?feature=oembed\" frameborder=\"0\" allow=\"accelerometer; autoplay; clipboard-write; encrypted-media; gyroscope; picture-in-picture; web-share\" referrerpolicy=\"strict-origin-when-cross-origin\" allowfullscreen><\/iframe><\/div>\n<h4><strong>Enrouleur automatique \u00e0 grande vitesse<\/strong><\/h4>\n<p>Le c\u0153ur du syst\u00e8me ! Notre enrouleuse transforme les grands rouleaux g\u00e9ants en petits rouleaux de papier toilette pr\u00eats \u00e0 l'emploi avec une pr\u00e9cision incroyable. Gr\u00e2ce au contr\u00f4le de la tension, \u00e0 la jonction automatique et aux r\u00e9glages de vitesse variables, elle garantit une qualit\u00e9 constante et un minimum de d\u00e9chets. <a href='https:\/\/nrcmachine.com\/fr\/facial-tissue-paper-machine\/'>- parfait pour les tissus standard et de qualit\u00e9 sup\u00e9rieure<\/a>.<\/p>\n<h4><strong>\u2702\ufe0f Coupeur automatique de pr\u00e9cision<\/strong><\/h4>\n<p>Ensuite, le <strong>coupeur \u00e0 grande vitesse<\/strong>\u00a0coupe les rouleaux r\u00e9enroul\u00e9s \u00e0 la longueur souhait\u00e9e avec une pr\u00e9cision guid\u00e9e par laser. Qu'il s'agisse de rouleaux standard de 10 cm ou de tailles personnalis\u00e9es, ce module permet d'obtenir des coupes nettes et r\u00e9guli\u00e8res \u00e0 chaque fois - pas d'effilochage, pas d'imperfections.<\/p>\n<h4><strong>\ud83d\udce6 Machine d'emballage automatique intelligente<\/strong><\/h4>\n<p>Enfin, le <strong>unit\u00e9 d'emballage intelligente<\/strong>\u00a0prend le relais. Il emballe chaque rouleau dans un film ou du papier, le scelle proprement et le pr\u00e9pare pour la mise en bo\u00eete, le tout sans intervention humaine. Avec ses multiples options d'emballage (simple, double ou multiple), il est id\u00e9al pour la promotion de la marque et la pr\u00e9paration \u00e0 la vente au d\u00e9tail.<\/p>\n<h4><strong>\u2728 Pourquoi choisir <a href=\"https:\/\/nrcmachine.com\/fr\/\">LE CNRC MACHINE<\/a>?<\/strong><\/h4>\n<p>\u2705 Enti\u00e8rement automatis\u00e9 - r\u00e9duit les co\u00fbts de main-d'\u0153uvre jusqu'\u00e0 70%<br \/>\n\u2705 Rendement \u00e9lev\u00e9 : jusqu'\u00e0 120 rouleaux par minute<br \/>\n\u2705 Facile \u00e0 utiliser gr\u00e2ce au panneau de commande \u00e0 \u00e9cran tactile<br \/>\n\u2705 Fabriqu\u00e9 avec des mat\u00e9riaux durables de qualit\u00e9 alimentaire<br \/>\n\u2705 Id\u00e9al pour les startups comme pour les grandes usines<\/p>\n<h4><strong>\ud83c\udf0d Respectueux de l'environnement et pr\u00eat pour les affaires<\/strong><\/h4>\n<p>L'avis du CNR <strong>Machine de fabrication de papier hygi\u00e9nique enti\u00e8rement automatique<\/strong> favorise une production durable avec une faible consommation d'\u00e9nergie et un minimum de d\u00e9chets mat\u00e9riels. Il s'agit d'un investissement intelligent pour les entrepreneurs qui se lancent sur le march\u00e9 de l'hygi\u00e8ne ou qui d\u00e9veloppent leurs activit\u00e9s actuelles.<\/p>\n<p>\ud83d\udccc <strong>Parfait pour :<\/strong>\u00a0Fabricants de tissus, propri\u00e9taires d'usines en d\u00e9marrage, marques de produits d'hygi\u00e8ne et entreprises d'emballage.<\/p>\n<p>\ud83d\ude80 <strong>Am\u00e9liorez votre production d\u00e8s aujourd'hui avec <a href=\"https:\/\/nrcmachine.com\/fr\/\">LE CNRC MACHINE<\/a> - L'innovation au service de l'efficacit\u00e9 !<\/strong><br \/>\nDM pour une consultation gratuite et une d\u00e9monstration en usine !<\/p>\n<p>#<a href=\"https:\/\/nrcmachinery.com\/products\/toilet-paper-machine.html\">Machine \u00e0 papier<\/a> #<a href=\"https:\/\/nrcmachine.com\/fr\/\">NRCMACHINE<\/a> #TissueProduction #AutomaticPackaging #FactoryInnovation #SmartManufacturing #HygieneProducts #MadeInChina<\/p>","protected":false},"featured_media":2133,"template":"","meta":{"_acf_changed":false,"_monsterinsights_skip_tracking":false,"_monsterinsights_sitenote_active":false,"_monsterinsights_sitenote_note":"","_monsterinsights_sitenote_category":0,"site-sidebar-layout":"default","site-content-layout":"","ast-site-content-layout":"default","site-content-style":"default","site-sidebar-style":"default","ast-global-header-display":"","ast-banner-title-visibility":"","ast-main-header-display":"","ast-hfb-above-header-display":"","ast-hfb-below-header-display":"","ast-hfb-mobile-header-display":"","site-post-title":"","ast-breadcrumbs-content":"","ast-featured-img":"","footer-sml-layout":"","theme-transparent-header-meta":"default","adv-header-id-meta":"","stick-header-meta":"default","header-above-stick-meta":"","header-main-stick-meta":"","header-below-stick-meta":"","astra-migrate-meta-layouts":"set","ast-page-background-enabled":"default","ast-page-background-meta":{"desktop":{"background-color":"var(--ast-global-color-4)","background-image":"","background-repeat":"repeat","background-position":"center center","background-size":"auto","background-attachment":"scroll","background-type":"","background-media":"","overlay-type":"","overlay-color":"","overlay-opacity":"","overlay-gradient":""},"tablet":{"background-color":"","background-image":"","background-repeat":"repeat","background-position":"center center","background-size":"auto","background-attachment":"scroll","background-type":"","background-media":"","overlay-type":"","overlay-color":"","overlay-opacity":"","overlay-gradient":""},"mobile":{"background-color":"","background-image":"","background-repeat":"repeat","background-position":"center center","background-size":"auto","background-attachment":"scroll","background-type":"","background-media":"","overlay-type":"","overlay-color":"","overlay-opacity":"","overlay-gradient":""}},"ast-content-background-meta":{"desktop":{"background-color":"var(--ast-global-color-5)","background-image":"","background-repeat":"repeat","background-position":"center center","background-size":"auto","background-attachment":"scroll","background-type":"","background-media":"","overlay-type":"","overlay-color":"","overlay-opacity":"","overlay-gradient":""},"tablet":{"background-color":"var(--ast-global-color-5)","background-image":"","background-repeat":"repeat","background-position":"center center","background-size":"auto","background-attachment":"scroll","background-type":"","background-media":"","overlay-type":"","overlay-color":"","overlay-opacity":"","overlay-gradient":""},"mobile":{"background-color":"var(--ast-global-color-5)","background-image":"","background-repeat":"repeat","background-position":"center center","background-size":"auto","background-attachment":"scroll","background-type":"","background-media":"","overlay-type":"","overlay-color":"","overlay-opacity":"","overlay-gradient":""}}},"tags":[56],"products":[47],"class_list":["post-2132","product","type-product","status-publish","has-post-thumbnail","hentry","tag-toilet-paper-making-machine","products-toilet-paper-making-machine"],"acf":[],"aioseo_notices":[],"aioseo_head":"\n\t\t<!-- All in One SEO Pro 4.9.2 - aioseo.com -->\n\t<meta name=\"description\" content=\"Say hello to the ultimate solution for modern tissue manufacturing \u2013 the Fully Automatic Toilet Paper Making Machine by NRC MACHINE! Designed for efficiency.\" \/>\n\t<meta name=\"robots\" content=\"max-snippet:-1, max-image-preview:large, max-video-preview:-1\" \/>\n\t<link rel=\"canonical\" href=\"https:\/\/nrcmachine.com\/fr\/product\/fully-automatic-toilet-paper-making-machine\/\" \/>\n\t<meta name=\"generator\" content=\"All in One SEO Pro (AIOSEO) 4.9.2\" \/>\n\t\t<meta property=\"og:locale\" content=\"fr_FR\" \/>\n\t\t<meta property=\"og:site_name\" content=\"Toilet Paper Machine, Paper Tube Machine | NRC Machine - Reliable Paper Machinery Solutions\" \/>\n\t\t<meta property=\"og:type\" content=\"article\" \/>\n\t\t<meta property=\"og:title\" content=\"Fully Automatic Toilet Paper Making Machine - NRC MACHINE\" \/>\n\t\t<meta property=\"og:description\" content=\"Say hello to the ultimate solution for modern tissue manufacturing \u2013 the Fully Automatic Toilet Paper Making Machine by NRC MACHINE! Designed for efficiency.\" \/>\n\t\t<meta property=\"og:url\" content=\"https:\/\/nrcmachine.com\/fr\/product\/fully-automatic-toilet-paper-making-machine\/\" \/>\n\t\t<meta property=\"og:image\" content=\"https:\/\/nrcmachine.com\/wp-content\/uploads\/2025\/11\/fully-automatic-toilet-paper-making-machine-5.webp\" \/>\n\t\t<meta property=\"og:image:secure_url\" content=\"https:\/\/nrcmachine.com\/wp-content\/uploads\/2025\/11\/fully-automatic-toilet-paper-making-machine-5.webp\" \/>\n\t\t<meta property=\"og:image:width\" content=\"800\" \/>\n\t\t<meta property=\"og:image:height\" content=\"800\" \/>\n\t\t<meta property=\"article:published_time\" content=\"2025-11-13T07:48:23+00:00\" \/>\n\t\t<meta property=\"article:modified_time\" content=\"2026-02-13T01:56:12+00:00\" \/>\n\t\t<meta property=\"article:publisher\" content=\"https:\/\/www.facebook.com\/james.gao.349938\" \/>\n\t\t<meta name=\"twitter:card\" content=\"summary\" \/>\n\t\t<meta name=\"twitter:site\" content=\"@JamesGao65335\" \/>\n\t\t<meta name=\"twitter:title\" content=\"Fully Automatic Toilet Paper Making Machine - NRC MACHINE\" \/>\n\t\t<meta name=\"twitter:description\" content=\"Say hello to the ultimate solution for modern tissue manufacturing \u2013 the Fully Automatic Toilet Paper Making Machine by NRC MACHINE! Designed for efficiency.\" \/>\n\t\t<meta name=\"twitter:image\" content=\"https:\/\/nrcmachine.com\/wp-content\/uploads\/2025\/11\/fully-automatic-toilet-paper-making-machine-5.webp\" \/>\n\t\t<script type=\"application\/ld+json\" class=\"aioseo-schema\">\n\t\t\t{\"@context\":\"https:\\\/\\\/schema.org\",\"@graph\":[{\"@type\":\"BreadcrumbList\",\"@id\":\"https:\\\/\\\/nrcmachine.com\\\/fr\\\/product\\\/fully-automatic-toilet-paper-making-machine\\\/#breadcrumblist\",\"itemListElement\":[{\"@type\":\"ListItem\",\"@id\":\"https:\\\/\\\/nrcmachine.com\\\/fr#listItem\",\"position\":1,\"name\":\"Home\",\"item\":\"https:\\\/\\\/nrcmachine.com\\\/fr\",\"nextItem\":{\"@type\":\"ListItem\",\"@id\":\"https:\\\/\\\/nrcmachine.com\\\/fr\\\/product\\\/#listItem\",\"name\":\"Products\"}},{\"@type\":\"ListItem\",\"@id\":\"https:\\\/\\\/nrcmachine.com\\\/fr\\\/product\\\/#listItem\",\"position\":2,\"name\":\"Products\",\"item\":\"https:\\\/\\\/nrcmachine.com\\\/fr\\\/product\\\/\",\"nextItem\":{\"@type\":\"ListItem\",\"@id\":\"https:\\\/\\\/nrcmachine.com\\\/fr\\\/tag\\\/toilet-paper-making-machine\\\/#listItem\",\"name\":\"toilet paper making machine\"},\"previousItem\":{\"@type\":\"ListItem\",\"@id\":\"https:\\\/\\\/nrcmachine.com\\\/fr#listItem\",\"name\":\"Home\"}},{\"@type\":\"ListItem\",\"@id\":\"https:\\\/\\\/nrcmachine.com\\\/fr\\\/tag\\\/toilet-paper-making-machine\\\/#listItem\",\"position\":3,\"name\":\"toilet paper making machine\",\"item\":\"https:\\\/\\\/nrcmachine.com\\\/fr\\\/tag\\\/toilet-paper-making-machine\\\/\",\"nextItem\":{\"@type\":\"ListItem\",\"@id\":\"https:\\\/\\\/nrcmachine.com\\\/fr\\\/product\\\/fully-automatic-toilet-paper-making-machine\\\/#listItem\",\"name\":\"Fully Automatic Toilet Paper Making Machine\"},\"previousItem\":{\"@type\":\"ListItem\",\"@id\":\"https:\\\/\\\/nrcmachine.com\\\/fr\\\/product\\\/#listItem\",\"name\":\"Products\"}},{\"@type\":\"ListItem\",\"@id\":\"https:\\\/\\\/nrcmachine.com\\\/fr\\\/product\\\/fully-automatic-toilet-paper-making-machine\\\/#listItem\",\"position\":4,\"name\":\"Fully Automatic Toilet Paper Making Machine\",\"previousItem\":{\"@type\":\"ListItem\",\"@id\":\"https:\\\/\\\/nrcmachine.com\\\/fr\\\/tag\\\/toilet-paper-making-machine\\\/#listItem\",\"name\":\"toilet paper making machine\"}}]},{\"@type\":\"Organization\",\"@id\":\"https:\\\/\\\/nrcmachine.com\\\/fr\\\/#organization\",\"name\":\"Toilet Paper Machine, Paper Tube Machine | NRC Machine wordpress\",\"description\":\"Reliable Paper Machinery Solutions\",\"url\":\"https:\\\/\\\/nrcmachine.com\\\/fr\\\/\",\"email\":\"james@nrcmachine.com\",\"telephone\":\"+8615254213289\",\"foundingDate\":\"2023-11-01\",\"numberOfEmployees\":{\"@type\":\"QuantitativeValue\",\"minValue\":1,\"maxValue\":50},\"logo\":{\"@type\":\"ImageObject\",\"url\":\"https:\\\/\\\/nrcmachine.com\\\/wp-content\\\/uploads\\\/2026\\\/01\\\/logo23.png\",\"@id\":\"https:\\\/\\\/nrcmachine.com\\\/fr\\\/product\\\/fully-automatic-toilet-paper-making-machine\\\/#organizationLogo\",\"width\":800,\"height\":800,\"caption\":\"logo for NRC MACHINE\"},\"image\":{\"@id\":\"https:\\\/\\\/nrcmachine.com\\\/fr\\\/product\\\/fully-automatic-toilet-paper-making-machine\\\/#organizationLogo\"},\"sameAs\":[\"https:\\\/\\\/www.facebook.com\\\/james.gao.349938\",\"https:\\\/\\\/x.com\\\/JamesGao65335\",\"https:\\\/\\\/www.instagram.com\\\/jamesgao407?igsh=d2YybzFhMjY0YTl3\",\"https:\\\/\\\/www.tiktok.com\\\/@gyl20210118\",\"https:\\\/\\\/www.linkedin.com\\\/in\\\/--9a63583a9\\\/\"]},{\"@type\":\"WebPage\",\"@id\":\"https:\\\/\\\/nrcmachine.com\\\/fr\\\/product\\\/fully-automatic-toilet-paper-making-machine\\\/#webpage\",\"url\":\"https:\\\/\\\/nrcmachine.com\\\/fr\\\/product\\\/fully-automatic-toilet-paper-making-machine\\\/\",\"name\":\"Fully Automatic Toilet Paper Making Machine - NRC MACHINE\",\"description\":\"Say hello to the ultimate solution for modern tissue manufacturing \\u2013 the Fully Automatic Toilet Paper Making Machine by NRC MACHINE! Designed for efficiency.\",\"inLanguage\":\"fr-FR\",\"isPartOf\":{\"@id\":\"https:\\\/\\\/nrcmachine.com\\\/fr\\\/#website\"},\"breadcrumb\":{\"@id\":\"https:\\\/\\\/nrcmachine.com\\\/fr\\\/product\\\/fully-automatic-toilet-paper-making-machine\\\/#breadcrumblist\"},\"image\":{\"@type\":\"ImageObject\",\"url\":\"https:\\\/\\\/nrcmachine.com\\\/wp-content\\\/uploads\\\/2025\\\/11\\\/fully-automatic-toilet-paper-making-machine-5.webp\",\"@id\":\"https:\\\/\\\/nrcmachine.com\\\/fr\\\/product\\\/fully-automatic-toilet-paper-making-machine\\\/#mainImage\",\"width\":800,\"height\":800,\"caption\":\"fully automatic toilet paper making machine\"},\"primaryImageOfPage\":{\"@id\":\"https:\\\/\\\/nrcmachine.com\\\/fr\\\/product\\\/fully-automatic-toilet-paper-making-machine\\\/#mainImage\"},\"datePublished\":\"2025-11-13T15:48:23+08:00\",\"dateModified\":\"2026-02-13T09:56:12+08:00\"},{\"@type\":\"WebSite\",\"@id\":\"https:\\\/\\\/nrcmachine.com\\\/fr\\\/#website\",\"url\":\"https:\\\/\\\/nrcmachine.com\\\/fr\\\/\",\"name\":\"Toilet Paper Machine, Paper Tube Machine | NRC Machine\",\"alternateName\":\"Qingdao New Richuan Precision Machine Co.,Ltd\",\"description\":\"Reliable Paper Machinery Solutions\",\"inLanguage\":\"fr-FR\",\"publisher\":{\"@id\":\"https:\\\/\\\/nrcmachine.com\\\/fr\\\/#organization\"}}]}\n\t\t<\/script>\n\t\t<!-- All in One SEO Pro -->\r\n\t\t<title>Fully Automatic Toilet Paper Making Machine - NRC MACHINE<\/title>\n\n","aioseo_head_json":{"title":"Machine de fabrication de papier hygi\u00e9nique enti\u00e8rement automatique - NRC MACHINE","description":"Dites bonjour \u00e0 la solution ultime pour la fabrication moderne de tissus - la machine de fabrication de papier hygi\u00e9nique enti\u00e8rement automatique de NRC MACHINE ! Con\u00e7ue pour l'efficacit\u00e9.","canonical_url":"https:\/\/nrcmachine.com\/fr\/product\/fully-automatic-toilet-paper-making-machine\/","robots":"max-snippet:-1, max-image-preview:large, max-video-preview:-1","keywords":"","webmasterTools":{"miscellaneous":""},"schema":{"@context":"https:\/\/schema.org","@graph":[{"@type":"BreadcrumbList","@id":"https:\/\/nrcmachine.com\/fr\/product\/fully-automatic-toilet-paper-making-machine\/#breadcrumblist","itemListElement":[{"@type":"ListItem","@id":"https:\/\/nrcmachine.com\/fr#listItem","position":1,"name":"Home","item":"https:\/\/nrcmachine.com\/fr","nextItem":{"@type":"ListItem","@id":"https:\/\/nrcmachine.com\/fr\/product\/#listItem","name":"Products"}},{"@type":"ListItem","@id":"https:\/\/nrcmachine.com\/fr\/product\/#listItem","position":2,"name":"Products","item":"https:\/\/nrcmachine.com\/fr\/product\/","nextItem":{"@type":"ListItem","@id":"https:\/\/nrcmachine.com\/fr\/tag\/toilet-paper-making-machine\/#listItem","name":"toilet paper making machine"},"previousItem":{"@type":"ListItem","@id":"https:\/\/nrcmachine.com\/fr#listItem","name":"Home"}},{"@type":"ListItem","@id":"https:\/\/nrcmachine.com\/fr\/tag\/toilet-paper-making-machine\/#listItem","position":3,"name":"toilet paper making machine","item":"https:\/\/nrcmachine.com\/fr\/tag\/toilet-paper-making-machine\/","nextItem":{"@type":"ListItem","@id":"https:\/\/nrcmachine.com\/fr\/product\/fully-automatic-toilet-paper-making-machine\/#listItem","name":"Fully Automatic Toilet Paper Making Machine"},"previousItem":{"@type":"ListItem","@id":"https:\/\/nrcmachine.com\/fr\/product\/#listItem","name":"Products"}},{"@type":"ListItem","@id":"https:\/\/nrcmachine.com\/fr\/product\/fully-automatic-toilet-paper-making-machine\/#listItem","position":4,"name":"Fully Automatic Toilet Paper Making Machine","previousItem":{"@type":"ListItem","@id":"https:\/\/nrcmachine.com\/fr\/tag\/toilet-paper-making-machine\/#listItem","name":"toilet paper making machine"}}]},{"@type":"Organization","@id":"https:\/\/nrcmachine.com\/fr\/#organization","name":"Toilet Paper Machine, Paper Tube Machine | NRC Machine wordpress","description":"Reliable Paper Machinery Solutions","url":"https:\/\/nrcmachine.com\/fr\/","email":"james@nrcmachine.com","telephone":"+8615254213289","foundingDate":"2023-11-01","numberOfEmployees":{"@type":"QuantitativeValue","minValue":1,"maxValue":50},"logo":{"@type":"ImageObject","url":"https:\/\/nrcmachine.com\/wp-content\/uploads\/2026\/01\/logo23.png","@id":"https:\/\/nrcmachine.com\/fr\/product\/fully-automatic-toilet-paper-making-machine\/#organizationLogo","width":800,"height":800,"caption":"logo for NRC MACHINE"},"image":{"@id":"https:\/\/nrcmachine.com\/fr\/product\/fully-automatic-toilet-paper-making-machine\/#organizationLogo"},"sameAs":["https:\/\/www.facebook.com\/james.gao.349938","https:\/\/x.com\/JamesGao65335","https:\/\/www.instagram.com\/jamesgao407?igsh=d2YybzFhMjY0YTl3","https:\/\/www.tiktok.com\/@gyl20210118","https:\/\/www.linkedin.com\/in\/--9a63583a9\/"]},{"@type":"WebPage","@id":"https:\/\/nrcmachine.com\/fr\/product\/fully-automatic-toilet-paper-making-machine\/#webpage","url":"https:\/\/nrcmachine.com\/fr\/product\/fully-automatic-toilet-paper-making-machine\/","name":"Fully Automatic Toilet Paper Making Machine - NRC MACHINE","description":"Say hello to the ultimate solution for modern tissue manufacturing \u2013 the Fully Automatic Toilet Paper Making Machine by NRC MACHINE! Designed for efficiency.","inLanguage":"fr-FR","isPartOf":{"@id":"https:\/\/nrcmachine.com\/fr\/#website"},"breadcrumb":{"@id":"https:\/\/nrcmachine.com\/fr\/product\/fully-automatic-toilet-paper-making-machine\/#breadcrumblist"},"image":{"@type":"ImageObject","url":"https:\/\/nrcmachine.com\/wp-content\/uploads\/2025\/11\/fully-automatic-toilet-paper-making-machine-5.webp","@id":"https:\/\/nrcmachine.com\/fr\/product\/fully-automatic-toilet-paper-making-machine\/#mainImage","width":800,"height":800,"caption":"fully automatic toilet paper making machine"},"primaryImageOfPage":{"@id":"https:\/\/nrcmachine.com\/fr\/product\/fully-automatic-toilet-paper-making-machine\/#mainImage"},"datePublished":"2025-11-13T15:48:23+08:00","dateModified":"2026-02-13T09:56:12+08:00"},{"@type":"WebSite","@id":"https:\/\/nrcmachine.com\/fr\/#website","url":"https:\/\/nrcmachine.com\/fr\/","name":"Toilet Paper Machine, Paper Tube Machine | NRC Machine","alternateName":"Qingdao New Richuan Precision Machine Co.,Ltd","description":"Reliable Paper Machinery Solutions","inLanguage":"fr-FR","publisher":{"@id":"https:\/\/nrcmachine.com\/fr\/#organization"}}]},"og:locale":"fr_FR","og:site_name":"Toilet Paper Machine, Paper Tube Machine | NRC Machine - Reliable Paper Machinery Solutions","og:type":"article","og:title":"Fully Automatic Toilet Paper Making Machine - NRC MACHINE","og:description":"Say hello to the ultimate solution for modern tissue manufacturing \u2013 the Fully Automatic Toilet Paper Making Machine by NRC MACHINE! Designed for efficiency.","og:url":"https:\/\/nrcmachine.com\/fr\/product\/fully-automatic-toilet-paper-making-machine\/","og:image":"https:\/\/nrcmachine.com\/wp-content\/uploads\/2025\/11\/fully-automatic-toilet-paper-making-machine-5.webp","og:image:secure_url":"https:\/\/nrcmachine.com\/wp-content\/uploads\/2025\/11\/fully-automatic-toilet-paper-making-machine-5.webp","og:image:width":800,"og:image:height":800,"article:published_time":"2025-11-13T07:48:23+00:00","article:modified_time":"2026-02-13T01:56:12+00:00","article:publisher":"https:\/\/www.facebook.com\/james.gao.349938","twitter:card":"summary","twitter:site":"@JamesGao65335","twitter:title":"Fully Automatic Toilet Paper Making Machine - NRC MACHINE","twitter:description":"Say hello to the ultimate solution for modern tissue manufacturing \u2013 the Fully Automatic Toilet Paper Making Machine by NRC MACHINE! Designed for efficiency.","twitter:image":"https:\/\/nrcmachine.com\/wp-content\/uploads\/2025\/11\/fully-automatic-toilet-paper-making-machine-5.webp"},"aioseo_meta_data":{"post_id":"2132","title":"#post_title #separator_sa NRC MACHINE","description":"Dites bonjour \u00e0 la solution ultime pour la fabrication moderne de tissus - la machine de fabrication de papier hygi\u00e9nique enti\u00e8rement automatique de NRC MACHINE ! Con\u00e7ue pour l'efficacit\u00e9.","keywords":null,"keyphrases":{"focus":{"keyphrase":"toilet paper making machine","score":100,"analysis":{"keyphraseInTitle":{"score":9,"maxScore":9,"error":0},"keyphraseInDescription":{"score":9,"maxScore":9,"error":0},"keyphraseLength":{"score":9,"maxScore":9,"error":0,"length":4},"keyphraseInURL":{"score":5,"maxScore":5,"error":0},"keyphraseInIntroduction":{"score":9,"maxScore":9,"error":0},"keyphraseInSubHeadings":{"score":9,"maxScore":9,"error":0},"keyphraseInImageAlt":[],"keywordDensity":{"type":"best","score":9,"maxScore":9,"error":0}}},"additional":[]},"primary_term":null,"canonical_url":null,"og_title":null,"og_description":null,"og_object_type":"default","og_image_type":"default","og_image_url":null,"og_image_width":null,"og_image_height":null,"og_image_custom_url":null,"og_image_custom_fields":null,"og_video":"","og_custom_url":null,"og_article_section":null,"og_article_tags":null,"twitter_use_og":false,"twitter_card":"default","twitter_image_type":"default","twitter_image_url":null,"twitter_image_custom_url":null,"twitter_image_custom_fields":null,"twitter_title":null,"twitter_description":null,"schema":{"blockGraphs":[],"customGraphs":[],"default":{"data":{"Article":[],"Course":[],"Dataset":[],"FAQPage":[],"Movie":[],"Person":[],"Product":[],"ProductReview":[],"Car":[],"Recipe":[],"Service":[],"SoftwareApplication":[],"WebPage":[]},"graphName":"ItemPage","isEnabled":true},"graphs":[]},"schema_type":"default","schema_type_options":null,"pillar_content":false,"robots_default":true,"robots_noindex":false,"robots_noarchive":false,"robots_nosnippet":false,"robots_nofollow":false,"robots_noimageindex":false,"robots_noodp":false,"robots_notranslate":false,"robots_max_snippet":"-1","robots_max_videopreview":"-1","robots_max_imagepreview":"large","priority":null,"frequency":"default","local_seo":null,"seo_analyzer_scan_date":"2026-02-13 03:22:21","breadcrumb_settings":null,"limit_modified_date":false,"reviewed_by":null,"open_ai":null,"ai":{"faqs":[],"keyPoints":[],"titles":[],"descriptions":[],"socialPosts":{"email":[],"linkedin":[],"twitter":[],"facebook":[],"instagram":[]}},"created":"2025-12-11 08:40:25","updated":"2026-02-13 06:53:44"},"aioseo_breadcrumb":"<div class=\"aioseo-breadcrumbs\"><span class=\"aioseo-breadcrumb\">\n\t<a href=\"https:\/\/nrcmachine.com\/fr\" title=\"Home\">Home<\/a>\n<\/span><span class=\"aioseo-breadcrumb-separator\">\u00bb<\/span><span class=\"aioseo-breadcrumb\">\n\t<a href=\"https:\/\/nrcmachine.com\/fr\/product\/\" title=\"Products\">Products<\/a>\n<\/span><span class=\"aioseo-breadcrumb-separator\">\u00bb<\/span><span class=\"aioseo-breadcrumb\">\n\t<a href=\"https:\/\/nrcmachine.com\/fr\/tag\/toilet-paper-making-machine\/\" title=\"toilet paper making machine\">toilet paper making machine<\/a>\n<\/span><span class=\"aioseo-breadcrumb-separator\">\u00bb<\/span><span class=\"aioseo-breadcrumb\">\n\tFully Automatic Toilet Paper Making Machine\n<\/span><\/div>","aioseo_breadcrumb_json":[{"label":"Home","link":"https:\/\/nrcmachine.com\/fr"},{"label":"Products","link":"https:\/\/nrcmachine.com\/fr\/product\/"},{"label":"toilet paper making machine","link":"https:\/\/nrcmachine.com\/fr\/tag\/toilet-paper-making-machine\/"},{"label":"Fully Automatic Toilet Paper Making Machine","link":"https:\/\/nrcmachine.com\/fr\/product\/fully-automatic-toilet-paper-making-machine\/"}],"_links":{"self":[{"href":"https:\/\/nrcmachine.com\/fr\/wp-json\/wp\/v2\/product\/2132","targetHints":{"allow":["GET"]}}],"collection":[{"href":"https:\/\/nrcmachine.com\/fr\/wp-json\/wp\/v2\/product"}],"about":[{"href":"https:\/\/nrcmachine.com\/fr\/wp-json\/wp\/v2\/types\/product"}],"version-history":[{"count":0,"href":"https:\/\/nrcmachine.com\/fr\/wp-json\/wp\/v2\/product\/2132\/revisions"}],"wp:featuredmedia":[{"embeddable":true,"href":"https:\/\/nrcmachine.com\/fr\/wp-json\/wp\/v2\/media\/2133"}],"wp:attachment":[{"href":"https:\/\/nrcmachine.com\/fr\/wp-json\/wp\/v2\/media?parent=2132"}],"wp:term":[{"taxonomy":"post_tag","embeddable":true,"href":"https:\/\/nrcmachine.com\/fr\/wp-json\/wp\/v2\/tags?post=2132"},{"taxonomy":"products","embeddable":true,"href":"https:\/\/nrcmachine.com\/fr\/wp-json\/wp\/v2\/products?post=2132"}],"curies":[{"name":"wp","href":"https:\/\/api.w.org\/{rel}","templated":true}]}}