 {"id":2242,"date":"2025-11-26T09:53:33","date_gmt":"2025-11-26T01:53:33","guid":{"rendered":"https:\/\/nrcmachine.com\/?post_type=product&#038;p=2242"},"modified":"2025-12-31T05:23:19","modified_gmt":"2025-12-30T21:23:19","slug":"jumbo-roll-slitter-rewinder","status":"publish","type":"product","link":"https:\/\/nrcmachine.com\/fr\/product\/jumbo-roll-slitter-rewinder\/","title":{"rendered":"Enrouleur de bobines Jumbo"},"content":{"rendered":"<h5 style=\"text-align: center;\"><strong><a href=\"https:\/\/nrcmachine.com\">Enrouleur de bobines Jumbo<\/a> Caract\u00e9ristiques techniques de la machine<\/strong><\/h5>\n<p><strong>Mod\u00e8le<\/strong>: <a href=\"https:\/\/nrcmachinery.com\/products\/paper-slitting-rewinding-machine.html\">Enrouleur de bobines Jumbo<\/a> (hydrauliques et \u00e0 commande num\u00e9rique)<br \/>\n<strong>Plage de vitesse de fonctionnement<\/strong>: 0-300 m\/min (r\u00e9gulation progressive de la vitesse, garantissant un fonctionnement en douceur \u00e0 faible vitesse et une efficacit\u00e9 \u00e9lev\u00e9e aux vitesses maximales)<br \/>\n<strong>Largeur maximale d'enroulement<\/strong>: 1600 mm (convient \u00e0 une large gamme de mat\u00e9riaux en rouleaux g\u00e9ants, des films fins aux feuilles d'\u00e9paisseur moyenne)<br \/>\n<strong>M\u00e9thode de refendage<\/strong>: Lame de rasoir ou cisaille rotative (le choix de l'outil d\u00e9pend du type de mat\u00e9riau, ce qui permet des coupes nettes et sans bavures).<\/p>\n<div class=\"ast-oembed-container\" style=\"height: 100%;\"><iframe title=\"NRC MACHINE-1600mm High Speed Carton Kraft Paper Coil To Coil Slitter Rewinder Machine For Sale\" width=\"500\" height=\"281\" src=\"https:\/\/www.youtube.com\/embed\/6utFPUotz8c?feature=oembed\" frameborder=\"0\" allow=\"accelerometer; autoplay; clipboard-write; encrypted-media; gyroscope; picture-in-picture; web-share\" referrerpolicy=\"strict-origin-when-cross-origin\" allowfullscreen><\/iframe><\/div>\n<h6><strong>Sp\u00e9cifications de base<\/strong>:<\/h6>\n<ul>\n<li><strong>Syst\u00e8me hydraulique<\/strong>: Le contr\u00f4le de tension hydraulique de haute pr\u00e9cision (\u00b11% de pr\u00e9cision de tension) maintient une tension constante du mat\u00e9riau tout au long de la refente et de l'enroulement, minimisant ainsi l'\u00e9tirement ou le froissement. Le syst\u00e8me de refroidissement de l'huile \u00e9vite la surchauffe en cas de fonctionnement prolong\u00e9.<\/li>\n<li><strong>Contr\u00f4leur CNC<\/strong>: Syst\u00e8me de commande CNC avanc\u00e9 avec IHM tactile de 10,1 pouces. Les op\u00e9rateurs peuvent pr\u00e9d\u00e9finir les param\u00e8tres (vitesse, tension, longueur, etc.) pour un maximum de 99 recettes de programmes, ce qui permet de passer rapidement d'un lot de production \u00e0 l'autre. La surveillance en temps r\u00e9el de la vitesse et de la tension, ainsi que le diagnostic des d\u00e9fauts, simplifient la maintenance.<\/li>\n<li><strong>Unit\u00e9 de d\u00e9roulement<\/strong>: Le d\u00e9rouleur d'arbre hydraulique \u00e0 deux stations (arbres de 3 ou 6 pouces disponibles) permet une production continue - pendant qu'un rouleau est trait\u00e9, le suivant peut \u00eatre charg\u00e9. Le guidage automatique de la bande (plage de correction de \u00b15 mm) assure un alignement pr\u00e9cis du mat\u00e9riau.<\/li>\n<li><strong>Unit\u00e9 de rembobinage<\/strong>: Enrouleur d'arbre hydraulique \u00e0 deux stations (compatible avec les noyaux de 3 ou 6 pouces). Chaque station permet un r\u00e9glage ind\u00e9pendant de la tension et un comptage de la longueur (r\u00e9solution de 0,01 m). L'\u00e9jection automatique du rouleau apr\u00e8s avoir atteint la longueur pr\u00e9d\u00e9finie am\u00e9liore l'efficacit\u00e9.<\/li>\n<li><strong>Section de refendage<\/strong>: Station de refendage modulaire avec espacement r\u00e9glable des couteaux (minimum 5 mm), permettant des dispositions parall\u00e8les ou d\u00e9cal\u00e9es. Le remplacement de l'outillage se fait sans outil, ce qui r\u00e9duit les temps d'arr\u00eat.<\/li>\n<\/ul>\n<h6><strong>Caract\u00e9ristiques principales<\/strong>:<\/h6>\n<ul>\n<li><strong>Pr\u00e9cision<\/strong>: Le positionnement pilot\u00e9 par CNC et le contr\u00f4le hydraulique de la tension assurent une pr\u00e9cision de refente de \u00b10,1 mm, garantissant une largeur de bande uniforme.<\/li>\n<li><strong>S\u00e9curit\u00e9<\/strong>: \u00c9quip\u00e9 de rideaux lumineux de s\u00e9curit\u00e9, de boutons d'arr\u00eat d'urgence et de protections conformes aux normes de s\u00e9curit\u00e9 internationales (CE\/ISO).<\/li>\n<li><strong>Compatibilit\u00e9<\/strong>: Manipule des mat\u00e9riaux tels que les films BOPP, PE, PET, le papier et les non-tiss\u00e9s (plage d'\u00e9paisseur : 10-200 \u03bcm).<\/li>\n<li><strong>Efficacit\u00e9<\/strong>: La plage de vitesse de 0 \u00e0 300 m\/min permet d'\u00e9quilibrer la production \u00e0 haut rendement et la pr\u00e9cision \u00e0 faible vitesse, ce qui convient \u00e0 la fois \u00e0 la production de masse et \u00e0 la personnalisation de petites s\u00e9ries.<\/li>\n<\/ul>\n<p><strong>Exigences en mati\u00e8re d'alimentation<\/strong>: Triphas\u00e9 380V\/50Hz (tension personnalis\u00e9e disponible sur demande).<br \/>\n<strong>Dimensions globales<\/strong>: Environ 4500 mm (L) \u00d7 2200 mm (l) \u00d7 1800 mm (H) (conception peu encombrante pour une int\u00e9gration flexible dans l'atelier).<\/p>\n<p>Le pr\u00e9sent <a href=\"https:\/\/nrcmachinery.com\/products\/paper-slitting-rewinding-machine.html\">Enrouleur de bobines Jumbo<\/a> associe la stabilit\u00e9 hydraulique \u00e0 l'intelligence de la commande num\u00e9rique, ce qui la rend id\u00e9ale pour convertir des rouleaux larges en rouleaux \u00e9troits avec une grande pr\u00e9cision et une grande efficacit\u00e9, ce qui est parfait pour les industries de l'emballage, de l'impression et du traitement des mat\u00e9riaux.<\/p>","protected":false},"featured_media":2243,"template":"","meta":{"_acf_changed":false,"_monsterinsights_skip_tracking":false,"_monsterinsights_sitenote_active":false,"_monsterinsights_sitenote_note":"","_monsterinsights_sitenote_category":0,"site-sidebar-layout":"default","site-content-layout":"","ast-site-content-layout":"default","site-content-style":"default","site-sidebar-style":"default","ast-global-header-display":"","ast-banner-title-visibility":"","ast-main-header-display":"","ast-hfb-above-header-display":"","ast-hfb-below-header-display":"","ast-hfb-mobile-header-display":"","site-post-title":"","ast-breadcrumbs-content":"","ast-featured-img":"","footer-sml-layout":"","theme-transparent-header-meta":"default","adv-header-id-meta":"","stick-header-meta":"default","header-above-stick-meta":"","header-main-stick-meta":"","header-below-stick-meta":"","astra-migrate-meta-layouts":"set","ast-page-background-enabled":"default","ast-page-background-meta":{"desktop":{"background-color":"var(--ast-global-color-4)","background-image":"","background-repeat":"repeat","background-position":"center center","background-size":"auto","background-attachment":"scroll","background-type":"","background-media":"","overlay-type":"","overlay-color":"","overlay-opacity":"","overlay-gradient":""},"tablet":{"background-color":"","background-image":"","background-repeat":"repeat","background-position":"center center","background-size":"auto","background-attachment":"scroll","background-type":"","background-media":"","overlay-type":"","overlay-color":"","overlay-opacity":"","overlay-gradient":""},"mobile":{"background-color":"","background-image":"","background-repeat":"repeat","background-position":"center center","background-size":"auto","background-attachment":"scroll","background-type":"","background-media":"","overlay-type":"","overlay-color":"","overlay-opacity":"","overlay-gradient":""}},"ast-content-background-meta":{"desktop":{"background-color":"var(--ast-global-color-5)","background-image":"","background-repeat":"repeat","background-position":"center center","background-size":"auto","background-attachment":"scroll","background-type":"","background-media":"","overlay-type":"","overlay-color":"","overlay-opacity":"","overlay-gradient":""},"tablet":{"background-color":"var(--ast-global-color-5)","background-image":"","background-repeat":"repeat","background-position":"center center","background-size":"auto","background-attachment":"scroll","background-type":"","background-media":"","overlay-type":"","overlay-color":"","overlay-opacity":"","overlay-gradient":""},"mobile":{"background-color":"var(--ast-global-color-5)","background-image":"","background-repeat":"repeat","background-position":"center center","background-size":"auto","background-attachment":"scroll","background-type":"","background-media":"","overlay-type":"","overlay-color":"","overlay-opacity":"","overlay-gradient":""}}},"tags":[59],"products":[45],"class_list":["post-2242","product","type-product","status-publish","has-post-thumbnail","hentry","tag-paper-slitting-rewinder-machine","products-paper-slitting-rewinding-machine"],"acf":[],"aioseo_notices":[],"aioseo_head":"\n\t\t<!-- All in One SEO Pro 4.9.2 - aioseo.com -->\n\t<meta name=\"description\" content=\"This Jumbo Roll Slitter Rewinder combines hydraulic stability with CNC intelligence, making it ideal for converting wide jumbo rolls into narrow rolls.\" \/>\n\t<meta name=\"robots\" content=\"noodp, max-snippet:-1, max-image-preview:large, max-video-preview:-1\" \/>\n\t<link rel=\"canonical\" href=\"https:\/\/nrcmachine.com\/fr\/product\/jumbo-roll-slitter-rewinder\/\" \/>\n\t<meta name=\"generator\" content=\"All in One SEO Pro (AIOSEO) 4.9.2\" \/>\n\t\t<meta property=\"og:locale\" content=\"fr_FR\" \/>\n\t\t<meta property=\"og:site_name\" content=\"Toilet Paper Machine, Paper Tube Machine | NRC Machine - Reliable Paper Machinery Solutions\" \/>\n\t\t<meta property=\"og:type\" content=\"article\" \/>\n\t\t<meta property=\"og:title\" content=\"Jumbo Roll Slitter Rewinder - QINGDAO NEW RICHUAN PRECISION\" \/>\n\t\t<meta property=\"og:description\" content=\"This Jumbo Roll Slitter Rewinder combines hydraulic stability with CNC intelligence, making it ideal for converting wide jumbo rolls into narrow rolls.\" \/>\n\t\t<meta property=\"og:url\" content=\"https:\/\/nrcmachine.com\/fr\/product\/jumbo-roll-slitter-rewinder\/\" \/>\n\t\t<meta property=\"og:image\" content=\"https:\/\/nrcmachine.com\/wp-content\/uploads\/2025\/11\/jumbo-roll-slitter-rewinder.webp\" \/>\n\t\t<meta property=\"og:image:secure_url\" content=\"https:\/\/nrcmachine.com\/wp-content\/uploads\/2025\/11\/jumbo-roll-slitter-rewinder.webp\" \/>\n\t\t<meta property=\"og:image:width\" content=\"800\" \/>\n\t\t<meta property=\"og:image:height\" content=\"800\" \/>\n\t\t<meta property=\"article:published_time\" content=\"2025-11-26T01:53:33+00:00\" \/>\n\t\t<meta property=\"article:modified_time\" content=\"2025-12-30T21:23:19+00:00\" \/>\n\t\t<meta property=\"article:publisher\" content=\"https:\/\/www.facebook.com\/james.gao.349938\" \/>\n\t\t<meta name=\"twitter:card\" content=\"summary\" \/>\n\t\t<meta name=\"twitter:site\" content=\"@JamesGao65335\" \/>\n\t\t<meta name=\"twitter:title\" content=\"Jumbo Roll Slitter Rewinder - QINGDAO NEW RICHUAN PRECISION\" \/>\n\t\t<meta name=\"twitter:description\" content=\"This Jumbo Roll Slitter Rewinder combines hydraulic stability with CNC intelligence, making it ideal for converting wide jumbo rolls into narrow rolls.\" \/>\n\t\t<meta name=\"twitter:image\" content=\"https:\/\/nrcmachine.com\/wp-content\/uploads\/2025\/11\/jumbo-roll-slitter-rewinder.webp\" \/>\n\t\t<script type=\"application\/ld+json\" class=\"aioseo-schema\">\n\t\t\t{\"@context\":\"https:\\\/\\\/schema.org\",\"@graph\":[{\"@type\":\"BreadcrumbList\",\"@id\":\"https:\\\/\\\/nrcmachine.com\\\/fr\\\/product\\\/jumbo-roll-slitter-rewinder\\\/#breadcrumblist\",\"itemListElement\":[{\"@type\":\"ListItem\",\"@id\":\"https:\\\/\\\/nrcmachine.com\\\/fr#listItem\",\"position\":1,\"name\":\"Home\",\"item\":\"https:\\\/\\\/nrcmachine.com\\\/fr\",\"nextItem\":{\"@type\":\"ListItem\",\"@id\":\"https:\\\/\\\/nrcmachine.com\\\/fr\\\/product\\\/#listItem\",\"name\":\"Products\"}},{\"@type\":\"ListItem\",\"@id\":\"https:\\\/\\\/nrcmachine.com\\\/fr\\\/product\\\/#listItem\",\"position\":2,\"name\":\"Products\",\"item\":\"https:\\\/\\\/nrcmachine.com\\\/fr\\\/product\\\/\",\"nextItem\":{\"@type\":\"ListItem\",\"@id\":\"https:\\\/\\\/nrcmachine.com\\\/fr\\\/tag\\\/paper-slitting-rewinder-machine\\\/#listItem\",\"name\":\"paper slitting rewinder machine\"},\"previousItem\":{\"@type\":\"ListItem\",\"@id\":\"https:\\\/\\\/nrcmachine.com\\\/fr#listItem\",\"name\":\"Home\"}},{\"@type\":\"ListItem\",\"@id\":\"https:\\\/\\\/nrcmachine.com\\\/fr\\\/tag\\\/paper-slitting-rewinder-machine\\\/#listItem\",\"position\":3,\"name\":\"paper slitting rewinder machine\",\"item\":\"https:\\\/\\\/nrcmachine.com\\\/fr\\\/tag\\\/paper-slitting-rewinder-machine\\\/\",\"nextItem\":{\"@type\":\"ListItem\",\"@id\":\"https:\\\/\\\/nrcmachine.com\\\/fr\\\/product\\\/jumbo-roll-slitter-rewinder\\\/#listItem\",\"name\":\"Jumbo Roll Slitter Rewinder\"},\"previousItem\":{\"@type\":\"ListItem\",\"@id\":\"https:\\\/\\\/nrcmachine.com\\\/fr\\\/product\\\/#listItem\",\"name\":\"Products\"}},{\"@type\":\"ListItem\",\"@id\":\"https:\\\/\\\/nrcmachine.com\\\/fr\\\/product\\\/jumbo-roll-slitter-rewinder\\\/#listItem\",\"position\":4,\"name\":\"Jumbo Roll Slitter Rewinder\",\"previousItem\":{\"@type\":\"ListItem\",\"@id\":\"https:\\\/\\\/nrcmachine.com\\\/fr\\\/tag\\\/paper-slitting-rewinder-machine\\\/#listItem\",\"name\":\"paper slitting rewinder machine\"}}]},{\"@type\":\"Organization\",\"@id\":\"https:\\\/\\\/nrcmachine.com\\\/fr\\\/#organization\",\"name\":\"Toilet Paper Machine, Paper Tube Machine | NRC Machine wordpress\",\"description\":\"Reliable Paper Machinery Solutions\",\"url\":\"https:\\\/\\\/nrcmachine.com\\\/fr\\\/\",\"email\":\"james@nrcmachine.com\",\"telephone\":\"+8615254213289\",\"foundingDate\":\"2023-11-01\",\"numberOfEmployees\":{\"@type\":\"QuantitativeValue\",\"minValue\":1,\"maxValue\":50},\"logo\":{\"@type\":\"ImageObject\",\"url\":\"https:\\\/\\\/nrcmachine.com\\\/wp-content\\\/uploads\\\/2026\\\/01\\\/logo23.png\",\"@id\":\"https:\\\/\\\/nrcmachine.com\\\/fr\\\/product\\\/jumbo-roll-slitter-rewinder\\\/#organizationLogo\",\"width\":800,\"height\":800,\"caption\":\"logo for NRC MACHINE\"},\"image\":{\"@id\":\"https:\\\/\\\/nrcmachine.com\\\/fr\\\/product\\\/jumbo-roll-slitter-rewinder\\\/#organizationLogo\"},\"sameAs\":[\"https:\\\/\\\/www.facebook.com\\\/james.gao.349938\",\"https:\\\/\\\/x.com\\\/JamesGao65335\",\"https:\\\/\\\/www.instagram.com\\\/jamesgao407?igsh=d2YybzFhMjY0YTl3\",\"https:\\\/\\\/www.tiktok.com\\\/@gyl20210118\",\"https:\\\/\\\/www.linkedin.com\\\/in\\\/--9a63583a9\\\/\"],\"address\":{\"@id\":\"https:\\\/\\\/nrcmachine.com\\\/fr\\\/#postaladdress\",\"@type\":\"PostalAddress\",\"streetAddress\":\"No..519,Jiangshan South Road,Huangdao,\",\"postalCode\":\"266500\",\"addressLocality\":\"Qingdao\",\"addressRegion\":\"Shandong Province\",\"addressCountry\":\"CN\"},\"taxID\":\"91370211MAD54P6P85\",\"vatID\":\"91370211MAD54P6P85\"},{\"@type\":\"WebPage\",\"@id\":\"https:\\\/\\\/nrcmachine.com\\\/fr\\\/product\\\/jumbo-roll-slitter-rewinder\\\/#webpage\",\"url\":\"https:\\\/\\\/nrcmachine.com\\\/fr\\\/product\\\/jumbo-roll-slitter-rewinder\\\/\",\"name\":\"Jumbo Roll Slitter Rewinder - QINGDAO NEW RICHUAN PRECISION\",\"description\":\"This Jumbo Roll Slitter Rewinder combines hydraulic stability with CNC intelligence, making it ideal for converting wide jumbo rolls into narrow rolls.\",\"inLanguage\":\"fr-FR\",\"isPartOf\":{\"@id\":\"https:\\\/\\\/nrcmachine.com\\\/fr\\\/#website\"},\"breadcrumb\":{\"@id\":\"https:\\\/\\\/nrcmachine.com\\\/fr\\\/product\\\/jumbo-roll-slitter-rewinder\\\/#breadcrumblist\"},\"image\":{\"@type\":\"ImageObject\",\"url\":\"https:\\\/\\\/nrcmachine.com\\\/wp-content\\\/uploads\\\/2025\\\/11\\\/jumbo-roll-slitter-rewinder.webp\",\"@id\":\"https:\\\/\\\/nrcmachine.com\\\/fr\\\/product\\\/jumbo-roll-slitter-rewinder\\\/#mainImage\",\"width\":800,\"height\":800,\"caption\":\"jumbo roll slitter rewinder\"},\"primaryImageOfPage\":{\"@id\":\"https:\\\/\\\/nrcmachine.com\\\/fr\\\/product\\\/jumbo-roll-slitter-rewinder\\\/#mainImage\"},\"datePublished\":\"2025-11-26T09:53:33+08:00\",\"dateModified\":\"2025-12-31T05:23:19+08:00\"},{\"@type\":\"WebSite\",\"@id\":\"https:\\\/\\\/nrcmachine.com\\\/fr\\\/#website\",\"url\":\"https:\\\/\\\/nrcmachine.com\\\/fr\\\/\",\"name\":\"Toilet Paper Machine, Paper Tube Machine | NRC Machine\",\"alternateName\":\"Qingdao New Richuan Precision Machine Co.,Ltd\",\"description\":\"Reliable Paper Machinery Solutions\",\"inLanguage\":\"fr-FR\",\"publisher\":{\"@id\":\"https:\\\/\\\/nrcmachine.com\\\/fr\\\/#organization\"}}]}\n\t\t<\/script>\n\t\t<!-- All in One SEO Pro -->\r\n\t\t<title>Jumbo Roll Slitter Rewinder - QINGDAO NEW RICHUAN PRECISION<\/title>\n\n","aioseo_head_json":{"title":"Enrouleur de bobines jumbo - QINGDAO NEW RICHUAN PRECISION","description":"Cet enrouleur-d\u00e9coupeur de rouleaux jumbo allie la stabilit\u00e9 hydraulique \u00e0 l'intelligence de la commande num\u00e9rique, ce qui le rend id\u00e9al pour convertir des rouleaux jumbo larges en rouleaux \u00e9troits.","canonical_url":"https:\/\/nrcmachine.com\/fr\/product\/jumbo-roll-slitter-rewinder\/","robots":"noodp, max-snippet:-1, max-image-preview:large, max-video-preview:-1","keywords":"","webmasterTools":{"miscellaneous":""},"schema":{"@context":"https:\/\/schema.org","@graph":[{"@type":"BreadcrumbList","@id":"https:\/\/nrcmachine.com\/fr\/product\/jumbo-roll-slitter-rewinder\/#breadcrumblist","itemListElement":[{"@type":"ListItem","@id":"https:\/\/nrcmachine.com\/fr#listItem","position":1,"name":"Home","item":"https:\/\/nrcmachine.com\/fr","nextItem":{"@type":"ListItem","@id":"https:\/\/nrcmachine.com\/fr\/product\/#listItem","name":"Products"}},{"@type":"ListItem","@id":"https:\/\/nrcmachine.com\/fr\/product\/#listItem","position":2,"name":"Products","item":"https:\/\/nrcmachine.com\/fr\/product\/","nextItem":{"@type":"ListItem","@id":"https:\/\/nrcmachine.com\/fr\/tag\/paper-slitting-rewinder-machine\/#listItem","name":"paper slitting rewinder machine"},"previousItem":{"@type":"ListItem","@id":"https:\/\/nrcmachine.com\/fr#listItem","name":"Home"}},{"@type":"ListItem","@id":"https:\/\/nrcmachine.com\/fr\/tag\/paper-slitting-rewinder-machine\/#listItem","position":3,"name":"paper slitting rewinder machine","item":"https:\/\/nrcmachine.com\/fr\/tag\/paper-slitting-rewinder-machine\/","nextItem":{"@type":"ListItem","@id":"https:\/\/nrcmachine.com\/fr\/product\/jumbo-roll-slitter-rewinder\/#listItem","name":"Jumbo Roll Slitter Rewinder"},"previousItem":{"@type":"ListItem","@id":"https:\/\/nrcmachine.com\/fr\/product\/#listItem","name":"Products"}},{"@type":"ListItem","@id":"https:\/\/nrcmachine.com\/fr\/product\/jumbo-roll-slitter-rewinder\/#listItem","position":4,"name":"Jumbo Roll Slitter Rewinder","previousItem":{"@type":"ListItem","@id":"https:\/\/nrcmachine.com\/fr\/tag\/paper-slitting-rewinder-machine\/#listItem","name":"paper slitting rewinder machine"}}]},{"@type":"Organization","@id":"https:\/\/nrcmachine.com\/fr\/#organization","name":"Toilet Paper Machine, Paper Tube Machine | NRC Machine wordpress","description":"Reliable Paper Machinery Solutions","url":"https:\/\/nrcmachine.com\/fr\/","email":"james@nrcmachine.com","telephone":"+8615254213289","foundingDate":"2023-11-01","numberOfEmployees":{"@type":"QuantitativeValue","minValue":1,"maxValue":50},"logo":{"@type":"ImageObject","url":"https:\/\/nrcmachine.com\/wp-content\/uploads\/2026\/01\/logo23.png","@id":"https:\/\/nrcmachine.com\/fr\/product\/jumbo-roll-slitter-rewinder\/#organizationLogo","width":800,"height":800,"caption":"logo for NRC MACHINE"},"image":{"@id":"https:\/\/nrcmachine.com\/fr\/product\/jumbo-roll-slitter-rewinder\/#organizationLogo"},"sameAs":["https:\/\/www.facebook.com\/james.gao.349938","https:\/\/x.com\/JamesGao65335","https:\/\/www.instagram.com\/jamesgao407?igsh=d2YybzFhMjY0YTl3","https:\/\/www.tiktok.com\/@gyl20210118","https:\/\/www.linkedin.com\/in\/--9a63583a9\/"],"address":{"@id":"https:\/\/nrcmachine.com\/fr\/#postaladdress","@type":"PostalAddress","streetAddress":"No..519,Jiangshan South Road,Huangdao,","postalCode":"266500","addressLocality":"Qingdao","addressRegion":"Shandong Province","addressCountry":"CN"},"taxID":"91370211MAD54P6P85","vatID":"91370211MAD54P6P85"},{"@type":"WebPage","@id":"https:\/\/nrcmachine.com\/fr\/product\/jumbo-roll-slitter-rewinder\/#webpage","url":"https:\/\/nrcmachine.com\/fr\/product\/jumbo-roll-slitter-rewinder\/","name":"Jumbo Roll Slitter Rewinder - QINGDAO NEW RICHUAN PRECISION","description":"This Jumbo Roll Slitter Rewinder combines hydraulic stability with CNC intelligence, making it ideal for converting wide jumbo rolls into narrow rolls.","inLanguage":"fr-FR","isPartOf":{"@id":"https:\/\/nrcmachine.com\/fr\/#website"},"breadcrumb":{"@id":"https:\/\/nrcmachine.com\/fr\/product\/jumbo-roll-slitter-rewinder\/#breadcrumblist"},"image":{"@type":"ImageObject","url":"https:\/\/nrcmachine.com\/wp-content\/uploads\/2025\/11\/jumbo-roll-slitter-rewinder.webp","@id":"https:\/\/nrcmachine.com\/fr\/product\/jumbo-roll-slitter-rewinder\/#mainImage","width":800,"height":800,"caption":"jumbo roll slitter rewinder"},"primaryImageOfPage":{"@id":"https:\/\/nrcmachine.com\/fr\/product\/jumbo-roll-slitter-rewinder\/#mainImage"},"datePublished":"2025-11-26T09:53:33+08:00","dateModified":"2025-12-31T05:23:19+08:00"},{"@type":"WebSite","@id":"https:\/\/nrcmachine.com\/fr\/#website","url":"https:\/\/nrcmachine.com\/fr\/","name":"Toilet Paper Machine, Paper Tube Machine | NRC Machine","alternateName":"Qingdao New Richuan Precision Machine Co.,Ltd","description":"Reliable Paper Machinery Solutions","inLanguage":"fr-FR","publisher":{"@id":"https:\/\/nrcmachine.com\/fr\/#organization"}}]},"og:locale":"fr_FR","og:site_name":"Toilet Paper Machine, Paper Tube Machine | NRC Machine - Reliable Paper Machinery Solutions","og:type":"article","og:title":"Jumbo Roll Slitter Rewinder - QINGDAO NEW RICHUAN PRECISION","og:description":"This Jumbo Roll Slitter Rewinder combines hydraulic stability with CNC intelligence, making it ideal for converting wide jumbo rolls into narrow rolls.","og:url":"https:\/\/nrcmachine.com\/fr\/product\/jumbo-roll-slitter-rewinder\/","og:image":"https:\/\/nrcmachine.com\/wp-content\/uploads\/2025\/11\/jumbo-roll-slitter-rewinder.webp","og:image:secure_url":"https:\/\/nrcmachine.com\/wp-content\/uploads\/2025\/11\/jumbo-roll-slitter-rewinder.webp","og:image:width":800,"og:image:height":800,"article:published_time":"2025-11-26T01:53:33+00:00","article:modified_time":"2025-12-30T21:23:19+00:00","article:publisher":"https:\/\/www.facebook.com\/james.gao.349938","twitter:card":"summary","twitter:site":"@JamesGao65335","twitter:title":"Jumbo Roll Slitter Rewinder - QINGDAO NEW RICHUAN PRECISION","twitter:description":"This Jumbo Roll Slitter Rewinder combines hydraulic stability with CNC intelligence, making it ideal for converting wide jumbo rolls into narrow rolls.","twitter:image":"https:\/\/nrcmachine.com\/wp-content\/uploads\/2025\/11\/jumbo-roll-slitter-rewinder.webp"},"aioseo_meta_data":{"post_id":"2242","title":"#post_title #separator_sa QINGDAO NEW RICHUAN PRECISION","description":"Cet enrouleur-d\u00e9coupeur de rouleaux jumbo allie la stabilit\u00e9 hydraulique \u00e0 l'intelligence de la commande num\u00e9rique, ce qui le rend id\u00e9al pour convertir des rouleaux jumbo larges en rouleaux \u00e9troits.","keywords":null,"keyphrases":{"focus":{"keyphrase":"jumbo roll slitter rewinder","score":100,"analysis":{"keyphraseInTitle":{"score":9,"maxScore":9,"error":0},"keyphraseInDescription":{"score":9,"maxScore":9,"error":0},"keyphraseLength":{"score":9,"maxScore":9,"error":0,"length":4},"keyphraseInURL":{"score":5,"maxScore":5,"error":0},"keyphraseInIntroduction":{"score":9,"maxScore":9,"error":0},"keyphraseInSubHeadings":[],"keyphraseInImageAlt":[],"keywordDensity":{"type":"best","score":9,"maxScore":9,"error":0}}},"additional":[]},"primary_term":null,"canonical_url":null,"og_title":null,"og_description":null,"og_object_type":"default","og_image_type":"default","og_image_url":null,"og_image_width":null,"og_image_height":null,"og_image_custom_url":null,"og_image_custom_fields":null,"og_video":"","og_custom_url":null,"og_article_section":null,"og_article_tags":null,"twitter_use_og":false,"twitter_card":"default","twitter_image_type":"default","twitter_image_url":null,"twitter_image_custom_url":null,"twitter_image_custom_fields":null,"twitter_title":null,"twitter_description":null,"schema":{"blockGraphs":[],"customGraphs":[],"default":{"data":{"Article":[],"Course":[],"Dataset":[],"FAQPage":[],"Movie":[],"Person":[],"Product":[],"ProductReview":[],"Car":[],"Recipe":[],"Service":[],"SoftwareApplication":[],"WebPage":[]},"graphName":"ItemPage","isEnabled":true},"graphs":[]},"schema_type":"default","schema_type_options":null,"pillar_content":false,"robots_default":true,"robots_noindex":false,"robots_noarchive":false,"robots_nosnippet":false,"robots_nofollow":false,"robots_noimageindex":false,"robots_noodp":false,"robots_notranslate":false,"robots_max_snippet":"-1","robots_max_videopreview":"-1","robots_max_imagepreview":"large","priority":null,"frequency":"default","local_seo":null,"seo_analyzer_scan_date":"2026-02-13 03:13:30","breadcrumb_settings":null,"limit_modified_date":false,"reviewed_by":null,"open_ai":null,"ai":{"faqs":[],"keyPoints":[],"titles":[],"descriptions":[],"socialPosts":{"email":[],"linkedin":[],"twitter":[],"facebook":[],"instagram":[]}},"created":"2025-12-11 08:40:55","updated":"2026-02-13 06:53:58"},"aioseo_breadcrumb":"<div class=\"aioseo-breadcrumbs\"><span class=\"aioseo-breadcrumb\">\n\t<a href=\"https:\/\/nrcmachine.com\/fr\" title=\"Home\">Home<\/a>\n<\/span><span class=\"aioseo-breadcrumb-separator\">\u00bb<\/span><span class=\"aioseo-breadcrumb\">\n\t<a href=\"https:\/\/nrcmachine.com\/fr\/product\/\" title=\"Products\">Products<\/a>\n<\/span><span class=\"aioseo-breadcrumb-separator\">\u00bb<\/span><span class=\"aioseo-breadcrumb\">\n\t<a href=\"https:\/\/nrcmachine.com\/fr\/tag\/paper-slitting-rewinder-machine\/\" title=\"paper slitting rewinder machine\">paper slitting rewinder machine<\/a>\n<\/span><span class=\"aioseo-breadcrumb-separator\">\u00bb<\/span><span class=\"aioseo-breadcrumb\">\n\tJumbo Roll Slitter Rewinder\n<\/span><\/div>","aioseo_breadcrumb_json":[{"label":"Home","link":"https:\/\/nrcmachine.com\/fr"},{"label":"Products","link":"https:\/\/nrcmachine.com\/fr\/product\/"},{"label":"paper slitting rewinder machine","link":"https:\/\/nrcmachine.com\/fr\/tag\/paper-slitting-rewinder-machine\/"},{"label":"Jumbo Roll Slitter Rewinder","link":"https:\/\/nrcmachine.com\/fr\/product\/jumbo-roll-slitter-rewinder\/"}],"_links":{"self":[{"href":"https:\/\/nrcmachine.com\/fr\/wp-json\/wp\/v2\/product\/2242","targetHints":{"allow":["GET"]}}],"collection":[{"href":"https:\/\/nrcmachine.com\/fr\/wp-json\/wp\/v2\/product"}],"about":[{"href":"https:\/\/nrcmachine.com\/fr\/wp-json\/wp\/v2\/types\/product"}],"version-history":[{"count":0,"href":"https:\/\/nrcmachine.com\/fr\/wp-json\/wp\/v2\/product\/2242\/revisions"}],"wp:featuredmedia":[{"embeddable":true,"href":"https:\/\/nrcmachine.com\/fr\/wp-json\/wp\/v2\/media\/2243"}],"wp:attachment":[{"href":"https:\/\/nrcmachine.com\/fr\/wp-json\/wp\/v2\/media?parent=2242"}],"wp:term":[{"taxonomy":"post_tag","embeddable":true,"href":"https:\/\/nrcmachine.com\/fr\/wp-json\/wp\/v2\/tags?post=2242"},{"taxonomy":"products","embeddable":true,"href":"https:\/\/nrcmachine.com\/fr\/wp-json\/wp\/v2\/products?post=2242"}],"curies":[{"name":"wp","href":"https:\/\/api.w.org\/{rel}","templated":true}]}}