 {"id":3682,"date":"2026-01-05T09:46:49","date_gmt":"2026-01-05T01:46:49","guid":{"rendered":"https:\/\/nrcmachine.com\/?post_type=product&#038;p=3682"},"modified":"2026-01-05T09:59:46","modified_gmt":"2026-01-05T01:59:46","slug":"parallel-paper-tube-forming-machine","status":"publish","type":"product","link":"https:\/\/nrcmachine.com\/fr\/product\/parallel-paper-tube-forming-machine\/","title":{"rendered":"Machine \u00e0 former des tubes en papier parall\u00e8les"},"content":{"rendered":"<h3><strong>Pr\u00e9sentation de la machine de formage de tubes en papier parall\u00e8les par NRC MACHINE<\/strong><\/h3>\n<p>NRC MACHINE est fier de pr\u00e9senter le <strong>machine de formation de tubes de papier parall\u00e8les<\/strong>. Cette machine de pointe est fabriqu\u00e9e par Qingdao New Richuan Precision Machine Co, Ltd. Elle r\u00e9pond \u00e0 des normes industrielles \u00e9lev\u00e9es. Cette machine est utilis\u00e9e dans les lignes de production de tubes en papier du monde entier.<\/p>\n<h4><strong>Principales caract\u00e9ristiques de la machine de formation de tubes en papier parall\u00e8les<\/strong><\/h4>\n<p>Le <strong>machine de formation de tubes de papier parall\u00e8les<\/strong>\u00a0offre de bonnes performances. Il prend en charge un diam\u00e8tre int\u00e9rieur de 16 mm \u00e0 50 mm. L'\u00e9paisseur de la paroi du tube de papier varie de 1 \u00e0 5 mm. La longueur maximale peut atteindre 650 mm. Ces caract\u00e9ristiques r\u00e9pondent \u00e0 la plupart des besoins en mati\u00e8re d'emballage.<\/p>\n<div class=\"ast-oembed-container\" style=\"height: 100%;\"><iframe title=\"Machine \u00e0 fabriquer des tubes de papier parall\u00e8les \u00e0 grande vitesse pour la vente Prix d&#039;usine #machine #factory\" width=\"422\" height=\"750\" src=\"https:\/\/www.youtube.com\/embed\/7ezUriCaVjQ?feature=oembed\" frameborder=\"0\" allow=\"accelerometer; autoplay; clipboard-write; encrypted-media; gyroscope; picture-in-picture; web-share\" referrerpolicy=\"strict-origin-when-cross-origin\" allowfullscreen><\/iframe><\/div>\n<p>La machine utilise un servomoteur. Ce moteur assure un contr\u00f4le pr\u00e9cis. Il permet \u00e9galement d'\u00e9conomiser de l'\u00e9nergie. Un contr\u00f4leur PLC g\u00e8re l'ensemble du processus. Les op\u00e9rateurs peuvent facilement r\u00e9gler les param\u00e8tres. Le syst\u00e8me fonctionne de mani\u00e8re stable et s\u00fbre.<\/p>\n<h4><strong>Pourquoi choisir la machine de formage de tubes de papier parall\u00e8les de NRC MACHINE ?<\/strong><\/h4>\n<p>De nombreuses usines choisissent le <strong>machine de formation de tubes de papier parall\u00e8les<\/strong>\u00a0de NRC MACHINE. Il augmente la productivit\u00e9. Les temps d'arr\u00eat sont r\u00e9duits. La maintenance est simple. La conception est intelligente et conviviale.<\/p>\n<p>Cette machine remplace les anciens mod\u00e8les. Elle r\u00e9duit le gaspillage de mat\u00e9riaux. La qualit\u00e9 de la production reste constante. Les tubes sont ronds et lisses. Les bords sont propres. Les clients sont satisfaits.<\/p>\n<h4><strong>Construit pour durer, con\u00e7u pour \u00eatre performant<\/strong><\/h4>\n<p>Le cadre est en acier robuste. Les pi\u00e8ces sont r\u00e9sistantes \u00e0 la rouille. Les pi\u00e8ces d'usure durent plus longtemps. Les pi\u00e8ces d'usure durent plus longtemps. <a href=\"https:\/\/youtube.com\/shorts\/7ezUriCaVjQ?feature=share\">machine<\/a> fonctionne dans des environnements difficiles. La poussi\u00e8re et l'humidit\u00e9 ne l'affectent gu\u00e8re.<\/p>\n<p>Tous les appareils sont soumis \u00e0 des tests stricts. Seules les machines qualifi\u00e9es quittent l'usine. Chaque <strong>machine de formation de tubes de papier parall\u00e8les<\/strong>\u00a0r\u00e9pond aux r\u00e8gles de s\u00e9curit\u00e9 globales.<\/p>\n<h4><strong>Contr\u00f4le intelligent, fonctionnement simple<\/strong><\/h4>\n<p>Le contr\u00f4leur PLC est dot\u00e9 d'un \u00e9cran tactile. Les menus sont r\u00e9dig\u00e9s dans un anglais clair. Les nouveaux employ\u00e9s apprennent rapidement. Aucune formation sp\u00e9cialis\u00e9e n'est n\u00e9cessaire. Des alertes apparaissent en cas de probl\u00e8me.<\/p>\n<p>Le servomoteur ajuste automatiquement la vitesse. Il s'adapte \u00e0 la demande de production. La consommation d'\u00e9nergie reste faible. Cela permet de r\u00e9duire les co\u00fbts.<\/p>\n<h4><strong>Une confiance mondiale, un soutien local<\/strong><\/h4>\n<p><a href=\"https:\/\/nrcmachine.com\/fr\">LE CNRC MACHINE<\/a> vend des machines dans plus de 30 pays. Les utilisateurs appr\u00e9cient les <a href=\"https:\/\/nrcmachine.com\/fr\/product\/paper-tube-machine-for-fireworks\/\"><strong>machine de formation de tubes de papier parall\u00e8les<\/strong><\/a>. Les \u00e9quipes de service r\u00e9agissent rapidement. L'aide en ligne est disponible 24 heures sur 24, 7 jours sur 7. Les pi\u00e8ces de rechange sont exp\u00e9di\u00e9es en quelques jours.<\/p>\n<h4><strong>R\u00e9flexions finales<\/strong><\/h4>\n<p>Pour la production moderne de tubes en papier, choisissez le <a href=\"https:\/\/nrcmachine.com\/fr\/product\/parallel-paper-tube-machine\/\"><strong>machine de formation de tubes de papier parall\u00e8les<\/strong><\/a>. Il est fabriqu\u00e9 par Qingdao New Richuan Precision Machine Co, Ltd. Sa haute qualit\u00e9, sa conception intelligente et son soutien solide en font un choix de premier ordre. Commencez votre mise \u00e0 niveau d\u00e8s aujourd'hui.<\/p>","protected":false},"featured_media":3683,"template":"","meta":{"_acf_changed":false,"_monsterinsights_skip_tracking":false,"_monsterinsights_sitenote_active":false,"_monsterinsights_sitenote_note":"","_monsterinsights_sitenote_category":0,"site-sidebar-layout":"default","site-content-layout":"","ast-site-content-layout":"default","site-content-style":"default","site-sidebar-style":"default","ast-global-header-display":"","ast-banner-title-visibility":"","ast-main-header-display":"","ast-hfb-above-header-display":"","ast-hfb-below-header-display":"","ast-hfb-mobile-header-display":"","site-post-title":"","ast-breadcrumbs-content":"","ast-featured-img":"","footer-sml-layout":"","theme-transparent-header-meta":"default","adv-header-id-meta":"","stick-header-meta":"default","header-above-stick-meta":"","header-main-stick-meta":"","header-below-stick-meta":"","astra-migrate-meta-layouts":"set","ast-page-background-enabled":"default","ast-page-background-meta":{"desktop":{"background-color":"var(--ast-global-color-4)","background-image":"","background-repeat":"repeat","background-position":"center center","background-size":"auto","background-attachment":"scroll","background-type":"","background-media":"","overlay-type":"","overlay-color":"","overlay-opacity":"","overlay-gradient":""},"tablet":{"background-color":"","background-image":"","background-repeat":"repeat","background-position":"center center","background-size":"auto","background-attachment":"scroll","background-type":"","background-media":"","overlay-type":"","overlay-color":"","overlay-opacity":"","overlay-gradient":""},"mobile":{"background-color":"","background-image":"","background-repeat":"repeat","background-position":"center center","background-size":"auto","background-attachment":"scroll","background-type":"","background-media":"","overlay-type":"","overlay-color":"","overlay-opacity":"","overlay-gradient":""}},"ast-content-background-meta":{"desktop":{"background-color":"var(--ast-global-color-5)","background-image":"","background-repeat":"repeat","background-position":"center center","background-size":"auto","background-attachment":"scroll","background-type":"","background-media":"","overlay-type":"","overlay-color":"","overlay-opacity":"","overlay-gradient":""},"tablet":{"background-color":"var(--ast-global-color-5)","background-image":"","background-repeat":"repeat","background-position":"center center","background-size":"auto","background-attachment":"scroll","background-type":"","background-media":"","overlay-type":"","overlay-color":"","overlay-opacity":"","overlay-gradient":""},"mobile":{"background-color":"var(--ast-global-color-5)","background-image":"","background-repeat":"repeat","background-position":"center center","background-size":"auto","background-attachment":"scroll","background-type":"","background-media":"","overlay-type":"","overlay-color":"","overlay-opacity":"","overlay-gradient":""}}},"tags":[49],"products":[73],"class_list":["post-3682","product","type-product","status-publish","has-post-thumbnail","hentry","tag-paper-tube-machine","products-parallel-paper-tube-machine"],"acf":[],"aioseo_notices":[],"aioseo_head":"\n\t\t<!-- All in One SEO Pro 4.9.2 - aioseo.com -->\n\t<meta name=\"description\" content=\"For modern paper tube production, choose the parallel paper tube forming machine. It is made by Qingdao New Richuan Precision Machine Co., Ltd.\" \/>\n\t<meta name=\"robots\" content=\"noodp, max-snippet:-1, max-image-preview:large, max-video-preview:-1\" \/>\n\t<link rel=\"canonical\" href=\"https:\/\/nrcmachine.com\/fr\/product\/parallel-paper-tube-forming-machine\/\" \/>\n\t<meta name=\"generator\" content=\"All in One SEO Pro (AIOSEO) 4.9.2\" \/>\n\t\t<meta property=\"og:locale\" content=\"fr_FR\" \/>\n\t\t<meta property=\"og:site_name\" content=\"Toilet Paper Machine, Paper Tube Machine | NRC Machine - Reliable Paper Machinery Solutions\" \/>\n\t\t<meta property=\"og:type\" content=\"article\" \/>\n\t\t<meta property=\"og:title\" content=\"Parallel Paper Tube Forming Machine - QINGDAO NEW RICHUAN\" \/>\n\t\t<meta property=\"og:description\" content=\"For modern paper tube production, choose the parallel paper tube forming machine. It is made by Qingdao New Richuan Precision Machine Co., Ltd.\" \/>\n\t\t<meta property=\"og:url\" content=\"https:\/\/nrcmachine.com\/fr\/product\/parallel-paper-tube-forming-machine\/\" \/>\n\t\t<meta property=\"og:image\" content=\"https:\/\/nrcmachine.com\/wp-content\/uploads\/2026\/01\/parallel-paper-tube-forming-machine3.webp\" \/>\n\t\t<meta property=\"og:image:secure_url\" content=\"https:\/\/nrcmachine.com\/wp-content\/uploads\/2026\/01\/parallel-paper-tube-forming-machine3.webp\" \/>\n\t\t<meta property=\"og:image:width\" content=\"1000\" \/>\n\t\t<meta property=\"og:image:height\" content=\"563\" \/>\n\t\t<meta property=\"article:published_time\" content=\"2026-01-05T01:46:49+00:00\" \/>\n\t\t<meta property=\"article:modified_time\" content=\"2026-01-05T01:59:46+00:00\" \/>\n\t\t<meta property=\"article:publisher\" content=\"https:\/\/www.facebook.com\/james.gao.349938\" \/>\n\t\t<meta name=\"twitter:card\" content=\"summary\" \/>\n\t\t<meta name=\"twitter:site\" content=\"@JamesGao65335\" \/>\n\t\t<meta name=\"twitter:title\" content=\"Parallel Paper Tube Forming Machine - QINGDAO NEW RICHUAN\" \/>\n\t\t<meta name=\"twitter:description\" content=\"For modern paper tube production, choose the parallel paper tube forming machine. It is made by Qingdao New Richuan Precision Machine Co., Ltd.\" \/>\n\t\t<meta name=\"twitter:image\" content=\"https:\/\/nrcmachine.com\/wp-content\/uploads\/2026\/01\/parallel-paper-tube-forming-machine-2.webp\" \/>\n\t\t<script type=\"application\/ld+json\" class=\"aioseo-schema\">\n\t\t\t{\"@context\":\"https:\\\/\\\/schema.org\",\"@graph\":[{\"@type\":\"BreadcrumbList\",\"@id\":\"https:\\\/\\\/nrcmachine.com\\\/fr\\\/product\\\/parallel-paper-tube-forming-machine\\\/#breadcrumblist\",\"itemListElement\":[{\"@type\":\"ListItem\",\"@id\":\"https:\\\/\\\/nrcmachine.com\\\/fr#listItem\",\"position\":1,\"name\":\"Home\",\"item\":\"https:\\\/\\\/nrcmachine.com\\\/fr\",\"nextItem\":{\"@type\":\"ListItem\",\"@id\":\"https:\\\/\\\/nrcmachine.com\\\/fr\\\/product\\\/#listItem\",\"name\":\"Products\"}},{\"@type\":\"ListItem\",\"@id\":\"https:\\\/\\\/nrcmachine.com\\\/fr\\\/product\\\/#listItem\",\"position\":2,\"name\":\"Products\",\"item\":\"https:\\\/\\\/nrcmachine.com\\\/fr\\\/product\\\/\",\"nextItem\":{\"@type\":\"ListItem\",\"@id\":\"https:\\\/\\\/nrcmachine.com\\\/fr\\\/tag\\\/machine-a-tubes-en-papier\\\/#listItem\",\"name\":\"paper tube machine\"},\"previousItem\":{\"@type\":\"ListItem\",\"@id\":\"https:\\\/\\\/nrcmachine.com\\\/fr#listItem\",\"name\":\"Home\"}},{\"@type\":\"ListItem\",\"@id\":\"https:\\\/\\\/nrcmachine.com\\\/fr\\\/tag\\\/machine-a-tubes-en-papier\\\/#listItem\",\"position\":3,\"name\":\"paper tube machine\",\"item\":\"https:\\\/\\\/nrcmachine.com\\\/fr\\\/tag\\\/machine-a-tubes-en-papier\\\/\",\"nextItem\":{\"@type\":\"ListItem\",\"@id\":\"https:\\\/\\\/nrcmachine.com\\\/fr\\\/product\\\/parallel-paper-tube-forming-machine\\\/#listItem\",\"name\":\"Parallel Paper Tube Forming Machine\"},\"previousItem\":{\"@type\":\"ListItem\",\"@id\":\"https:\\\/\\\/nrcmachine.com\\\/fr\\\/product\\\/#listItem\",\"name\":\"Products\"}},{\"@type\":\"ListItem\",\"@id\":\"https:\\\/\\\/nrcmachine.com\\\/fr\\\/product\\\/parallel-paper-tube-forming-machine\\\/#listItem\",\"position\":4,\"name\":\"Parallel Paper Tube Forming Machine\",\"previousItem\":{\"@type\":\"ListItem\",\"@id\":\"https:\\\/\\\/nrcmachine.com\\\/fr\\\/tag\\\/machine-a-tubes-en-papier\\\/#listItem\",\"name\":\"paper tube machine\"}}]},{\"@type\":\"Organization\",\"@id\":\"https:\\\/\\\/nrcmachine.com\\\/fr\\\/#organization\",\"name\":\"Toilet Paper Machine, Paper Tube Machine | NRC Machine wordpress\",\"description\":\"Reliable Paper Machinery Solutions\",\"url\":\"https:\\\/\\\/nrcmachine.com\\\/fr\\\/\",\"email\":\"james@nrcmachine.com\",\"telephone\":\"+8615254213289\",\"foundingDate\":\"2023-11-01\",\"numberOfEmployees\":{\"@type\":\"QuantitativeValue\",\"minValue\":1,\"maxValue\":50},\"logo\":{\"@type\":\"ImageObject\",\"url\":\"https:\\\/\\\/nrcmachine.com\\\/wp-content\\\/uploads\\\/2026\\\/01\\\/logo23.png\",\"@id\":\"https:\\\/\\\/nrcmachine.com\\\/fr\\\/product\\\/parallel-paper-tube-forming-machine\\\/#organizationLogo\",\"width\":800,\"height\":800,\"caption\":\"logo for NRC MACHINE\"},\"image\":{\"@id\":\"https:\\\/\\\/nrcmachine.com\\\/fr\\\/product\\\/parallel-paper-tube-forming-machine\\\/#organizationLogo\"},\"sameAs\":[\"https:\\\/\\\/www.facebook.com\\\/james.gao.349938\",\"https:\\\/\\\/x.com\\\/JamesGao65335\",\"https:\\\/\\\/www.instagram.com\\\/jamesgao407?igsh=d2YybzFhMjY0YTl3\",\"https:\\\/\\\/www.tiktok.com\\\/@gyl20210118\",\"https:\\\/\\\/www.linkedin.com\\\/in\\\/--9a63583a9\\\/\"],\"address\":{\"@id\":\"https:\\\/\\\/nrcmachine.com\\\/fr\\\/#postaladdress\",\"@type\":\"PostalAddress\",\"streetAddress\":\"No..519,Jiangshan South Road,Huangdao,\",\"postalCode\":\"266500\",\"addressLocality\":\"Qingdao\",\"addressRegion\":\"Shandong Province\",\"addressCountry\":\"CN\"},\"taxID\":\"91370211MAD54P6P85\",\"vatID\":\"91370211MAD54P6P85\"},{\"@type\":\"WebPage\",\"@id\":\"https:\\\/\\\/nrcmachine.com\\\/fr\\\/product\\\/parallel-paper-tube-forming-machine\\\/#webpage\",\"url\":\"https:\\\/\\\/nrcmachine.com\\\/fr\\\/product\\\/parallel-paper-tube-forming-machine\\\/\",\"name\":\"Parallel Paper Tube Forming Machine - QINGDAO NEW RICHUAN\",\"description\":\"For modern paper tube production, choose the parallel paper tube forming machine. It is made by Qingdao New Richuan Precision Machine Co., Ltd.\",\"inLanguage\":\"fr-FR\",\"isPartOf\":{\"@id\":\"https:\\\/\\\/nrcmachine.com\\\/fr\\\/#website\"},\"breadcrumb\":{\"@id\":\"https:\\\/\\\/nrcmachine.com\\\/fr\\\/product\\\/parallel-paper-tube-forming-machine\\\/#breadcrumblist\"},\"image\":{\"@type\":\"ImageObject\",\"url\":\"https:\\\/\\\/nrcmachine.com\\\/wp-content\\\/uploads\\\/2026\\\/01\\\/parallel-paper-tube-forming-machine-2.webp\",\"@id\":\"https:\\\/\\\/nrcmachine.com\\\/fr\\\/product\\\/parallel-paper-tube-forming-machine\\\/#mainImage\",\"width\":800,\"height\":800,\"caption\":\"parallel paper tube forming machine\"},\"primaryImageOfPage\":{\"@id\":\"https:\\\/\\\/nrcmachine.com\\\/fr\\\/product\\\/parallel-paper-tube-forming-machine\\\/#mainImage\"},\"datePublished\":\"2026-01-05T09:46:49+08:00\",\"dateModified\":\"2026-01-05T09:59:46+08:00\"},{\"@type\":\"WebSite\",\"@id\":\"https:\\\/\\\/nrcmachine.com\\\/fr\\\/#website\",\"url\":\"https:\\\/\\\/nrcmachine.com\\\/fr\\\/\",\"name\":\"Toilet Paper Machine, Paper Tube Machine | NRC Machine\",\"alternateName\":\"Qingdao New Richuan Precision Machine Co.,Ltd\",\"description\":\"Reliable Paper Machinery Solutions\",\"inLanguage\":\"fr-FR\",\"publisher\":{\"@id\":\"https:\\\/\\\/nrcmachine.com\\\/fr\\\/#organization\"}}]}\n\t\t<\/script>\n\t\t<!-- All in One SEO Pro -->\r\n\t\t<title>Parallel Paper Tube Forming Machine - QINGDAO NEW RICHUAN<\/title>\n\n","aioseo_head_json":{"title":"Machine \u00e0 former des tubes en papier parall\u00e8les - QINGDAO NEW RICHUAN","description":"Pour une production moderne de tubes en papier, choisissez la machine de formage de tubes en papier parall\u00e8le. Elle est fabriqu\u00e9e par Qingdao New Richuan Precision Machine Co, Ltd.","canonical_url":"https:\/\/nrcmachine.com\/fr\/product\/parallel-paper-tube-forming-machine\/","robots":"noodp, max-snippet:-1, max-image-preview:large, max-video-preview:-1","keywords":"","webmasterTools":{"miscellaneous":""},"schema":{"@context":"https:\/\/schema.org","@graph":[{"@type":"BreadcrumbList","@id":"https:\/\/nrcmachine.com\/fr\/product\/parallel-paper-tube-forming-machine\/#breadcrumblist","itemListElement":[{"@type":"ListItem","@id":"https:\/\/nrcmachine.com\/fr#listItem","position":1,"name":"Home","item":"https:\/\/nrcmachine.com\/fr","nextItem":{"@type":"ListItem","@id":"https:\/\/nrcmachine.com\/fr\/product\/#listItem","name":"Products"}},{"@type":"ListItem","@id":"https:\/\/nrcmachine.com\/fr\/product\/#listItem","position":2,"name":"Products","item":"https:\/\/nrcmachine.com\/fr\/product\/","nextItem":{"@type":"ListItem","@id":"https:\/\/nrcmachine.com\/fr\/tag\/machine-a-tubes-en-papier\/#listItem","name":"paper tube machine"},"previousItem":{"@type":"ListItem","@id":"https:\/\/nrcmachine.com\/fr#listItem","name":"Home"}},{"@type":"ListItem","@id":"https:\/\/nrcmachine.com\/fr\/tag\/machine-a-tubes-en-papier\/#listItem","position":3,"name":"paper tube machine","item":"https:\/\/nrcmachine.com\/fr\/tag\/machine-a-tubes-en-papier\/","nextItem":{"@type":"ListItem","@id":"https:\/\/nrcmachine.com\/fr\/product\/parallel-paper-tube-forming-machine\/#listItem","name":"Parallel Paper Tube Forming Machine"},"previousItem":{"@type":"ListItem","@id":"https:\/\/nrcmachine.com\/fr\/product\/#listItem","name":"Products"}},{"@type":"ListItem","@id":"https:\/\/nrcmachine.com\/fr\/product\/parallel-paper-tube-forming-machine\/#listItem","position":4,"name":"Parallel Paper Tube Forming Machine","previousItem":{"@type":"ListItem","@id":"https:\/\/nrcmachine.com\/fr\/tag\/machine-a-tubes-en-papier\/#listItem","name":"paper tube machine"}}]},{"@type":"Organization","@id":"https:\/\/nrcmachine.com\/fr\/#organization","name":"Toilet Paper Machine, Paper Tube Machine | NRC Machine wordpress","description":"Reliable Paper Machinery Solutions","url":"https:\/\/nrcmachine.com\/fr\/","email":"james@nrcmachine.com","telephone":"+8615254213289","foundingDate":"2023-11-01","numberOfEmployees":{"@type":"QuantitativeValue","minValue":1,"maxValue":50},"logo":{"@type":"ImageObject","url":"https:\/\/nrcmachine.com\/wp-content\/uploads\/2026\/01\/logo23.png","@id":"https:\/\/nrcmachine.com\/fr\/product\/parallel-paper-tube-forming-machine\/#organizationLogo","width":800,"height":800,"caption":"logo for NRC MACHINE"},"image":{"@id":"https:\/\/nrcmachine.com\/fr\/product\/parallel-paper-tube-forming-machine\/#organizationLogo"},"sameAs":["https:\/\/www.facebook.com\/james.gao.349938","https:\/\/x.com\/JamesGao65335","https:\/\/www.instagram.com\/jamesgao407?igsh=d2YybzFhMjY0YTl3","https:\/\/www.tiktok.com\/@gyl20210118","https:\/\/www.linkedin.com\/in\/--9a63583a9\/"],"address":{"@id":"https:\/\/nrcmachine.com\/fr\/#postaladdress","@type":"PostalAddress","streetAddress":"No..519,Jiangshan South Road,Huangdao,","postalCode":"266500","addressLocality":"Qingdao","addressRegion":"Shandong Province","addressCountry":"CN"},"taxID":"91370211MAD54P6P85","vatID":"91370211MAD54P6P85"},{"@type":"WebPage","@id":"https:\/\/nrcmachine.com\/fr\/product\/parallel-paper-tube-forming-machine\/#webpage","url":"https:\/\/nrcmachine.com\/fr\/product\/parallel-paper-tube-forming-machine\/","name":"Parallel Paper Tube Forming Machine - QINGDAO NEW RICHUAN","description":"For modern paper tube production, choose the parallel paper tube forming machine. It is made by Qingdao New Richuan Precision Machine Co., Ltd.","inLanguage":"fr-FR","isPartOf":{"@id":"https:\/\/nrcmachine.com\/fr\/#website"},"breadcrumb":{"@id":"https:\/\/nrcmachine.com\/fr\/product\/parallel-paper-tube-forming-machine\/#breadcrumblist"},"image":{"@type":"ImageObject","url":"https:\/\/nrcmachine.com\/wp-content\/uploads\/2026\/01\/parallel-paper-tube-forming-machine-2.webp","@id":"https:\/\/nrcmachine.com\/fr\/product\/parallel-paper-tube-forming-machine\/#mainImage","width":800,"height":800,"caption":"parallel paper tube forming machine"},"primaryImageOfPage":{"@id":"https:\/\/nrcmachine.com\/fr\/product\/parallel-paper-tube-forming-machine\/#mainImage"},"datePublished":"2026-01-05T09:46:49+08:00","dateModified":"2026-01-05T09:59:46+08:00"},{"@type":"WebSite","@id":"https:\/\/nrcmachine.com\/fr\/#website","url":"https:\/\/nrcmachine.com\/fr\/","name":"Toilet Paper Machine, Paper Tube Machine | NRC Machine","alternateName":"Qingdao New Richuan Precision Machine Co.,Ltd","description":"Reliable Paper Machinery Solutions","inLanguage":"fr-FR","publisher":{"@id":"https:\/\/nrcmachine.com\/fr\/#organization"}}]},"og:locale":"fr_FR","og:site_name":"Toilet Paper Machine, Paper Tube Machine | NRC Machine - Reliable Paper Machinery Solutions","og:type":"article","og:title":"Parallel Paper Tube Forming Machine - QINGDAO NEW RICHUAN","og:description":"For modern paper tube production, choose the parallel paper tube forming machine. It is made by Qingdao New Richuan Precision Machine Co., Ltd.","og:url":"https:\/\/nrcmachine.com\/fr\/product\/parallel-paper-tube-forming-machine\/","og:image":"https:\/\/nrcmachine.com\/wp-content\/uploads\/2026\/01\/parallel-paper-tube-forming-machine3.webp","og:image:secure_url":"https:\/\/nrcmachine.com\/wp-content\/uploads\/2026\/01\/parallel-paper-tube-forming-machine3.webp","og:image:width":1000,"og:image:height":563,"article:published_time":"2026-01-05T01:46:49+00:00","article:modified_time":"2026-01-05T01:59:46+00:00","article:publisher":"https:\/\/www.facebook.com\/james.gao.349938","twitter:card":"summary","twitter:site":"@JamesGao65335","twitter:title":"Parallel Paper Tube Forming Machine - QINGDAO NEW RICHUAN","twitter:description":"For modern paper tube production, choose the parallel paper tube forming machine. It is made by Qingdao New Richuan Precision Machine Co., Ltd.","twitter:image":"https:\/\/nrcmachine.com\/wp-content\/uploads\/2026\/01\/parallel-paper-tube-forming-machine-2.webp"},"aioseo_meta_data":{"post_id":"3682","title":"#post_title #separator_sa QINGDAO NEW RICHUAN","description":"Pour une production moderne de tubes en papier, choisissez la machine de formage de tubes en papier parall\u00e8le. Elle est fabriqu\u00e9e par Qingdao New Richuan Precision Machine Co, Ltd.","keywords":null,"keyphrases":{"focus":{"keyphrase":"paper tube forming machine","score":100,"analysis":{"keyphraseInTitle":{"score":9,"maxScore":9,"error":0},"keyphraseInDescription":{"score":9,"maxScore":9,"error":0},"keyphraseLength":{"score":9,"maxScore":9,"error":0,"length":4},"keyphraseInURL":{"score":5,"maxScore":5,"error":0},"keyphraseInIntroduction":{"score":9,"maxScore":9,"error":0},"keyphraseInSubHeadings":{"score":9,"maxScore":9,"error":0},"keyphraseInImageAlt":[],"keywordDensity":{"type":"best","score":9,"maxScore":9,"error":0}}},"additional":[]},"primary_term":null,"canonical_url":null,"og_title":null,"og_description":null,"og_object_type":"default","og_image_type":"custom_image","og_image_url":"https:\/\/nrcmachine.com\/wp-content\/uploads\/2026\/01\/parallel-paper-tube-forming-machine3.webp","og_image_width":"1000","og_image_height":"563","og_image_custom_url":"https:\/\/nrcmachine.com\/wp-content\/uploads\/2026\/01\/parallel-paper-tube-forming-machine3.webp","og_image_custom_fields":null,"og_video":"","og_custom_url":null,"og_article_section":null,"og_article_tags":null,"twitter_use_og":false,"twitter_card":"default","twitter_image_type":"default","twitter_image_url":null,"twitter_image_custom_url":null,"twitter_image_custom_fields":null,"twitter_title":null,"twitter_description":null,"schema":{"blockGraphs":[],"customGraphs":[],"default":{"data":{"Article":[],"Course":[],"Dataset":[],"FAQPage":[],"Movie":[],"Person":[],"Product":[],"ProductReview":[],"Car":[],"Recipe":[],"Service":[],"SoftwareApplication":[],"WebPage":[]},"graphName":"ItemPage","isEnabled":true},"graphs":[]},"schema_type":"default","schema_type_options":null,"pillar_content":false,"robots_default":true,"robots_noindex":false,"robots_noarchive":false,"robots_nosnippet":false,"robots_nofollow":false,"robots_noimageindex":false,"robots_noodp":false,"robots_notranslate":false,"robots_max_snippet":"-1","robots_max_videopreview":"-1","robots_max_imagepreview":"large","priority":null,"frequency":"default","local_seo":null,"seo_analyzer_scan_date":"2026-02-13 02:28:55","breadcrumb_settings":null,"limit_modified_date":false,"reviewed_by":null,"open_ai":null,"ai":{"faqs":[],"keyPoints":[],"titles":[],"descriptions":[],"socialPosts":{"email":[],"linkedin":[],"twitter":[],"facebook":[],"instagram":[]}},"created":"2026-01-05 01:46:49","updated":"2026-02-13 07:05:46"},"aioseo_breadcrumb":"<div class=\"aioseo-breadcrumbs\"><span class=\"aioseo-breadcrumb\">\n\t<a href=\"https:\/\/nrcmachine.com\/fr\" title=\"Home\">Home<\/a>\n<\/span><span class=\"aioseo-breadcrumb-separator\">\u00bb<\/span><span class=\"aioseo-breadcrumb\">\n\t<a href=\"https:\/\/nrcmachine.com\/fr\/product\/\" title=\"Products\">Products<\/a>\n<\/span><span class=\"aioseo-breadcrumb-separator\">\u00bb<\/span><span class=\"aioseo-breadcrumb\">\n\t<a href=\"https:\/\/nrcmachine.com\/fr\/tag\/machine-a-tubes-en-papier\/\" title=\"paper tube machine\">paper tube machine<\/a>\n<\/span><span class=\"aioseo-breadcrumb-separator\">\u00bb<\/span><span class=\"aioseo-breadcrumb\">\n\tParallel Paper Tube Forming Machine\n<\/span><\/div>","aioseo_breadcrumb_json":[{"label":"Home","link":"https:\/\/nrcmachine.com\/fr"},{"label":"Products","link":"https:\/\/nrcmachine.com\/fr\/product\/"},{"label":"paper tube machine","link":"https:\/\/nrcmachine.com\/fr\/tag\/machine-a-tubes-en-papier\/"},{"label":"Parallel Paper Tube Forming Machine","link":"https:\/\/nrcmachine.com\/fr\/product\/parallel-paper-tube-forming-machine\/"}],"_links":{"self":[{"href":"https:\/\/nrcmachine.com\/fr\/wp-json\/wp\/v2\/product\/3682","targetHints":{"allow":["GET"]}}],"collection":[{"href":"https:\/\/nrcmachine.com\/fr\/wp-json\/wp\/v2\/product"}],"about":[{"href":"https:\/\/nrcmachine.com\/fr\/wp-json\/wp\/v2\/types\/product"}],"version-history":[{"count":0,"href":"https:\/\/nrcmachine.com\/fr\/wp-json\/wp\/v2\/product\/3682\/revisions"}],"wp:featuredmedia":[{"embeddable":true,"href":"https:\/\/nrcmachine.com\/fr\/wp-json\/wp\/v2\/media\/3683"}],"wp:attachment":[{"href":"https:\/\/nrcmachine.com\/fr\/wp-json\/wp\/v2\/media?parent=3682"}],"wp:term":[{"taxonomy":"post_tag","embeddable":true,"href":"https:\/\/nrcmachine.com\/fr\/wp-json\/wp\/v2\/tags?post=3682"},{"taxonomy":"products","embeddable":true,"href":"https:\/\/nrcmachine.com\/fr\/wp-json\/wp\/v2\/products?post=3682"}],"curies":[{"name":"wp","href":"https:\/\/api.w.org\/{rel}","templated":true}]}}