 {"id":3782,"date":"2026-01-07T11:18:20","date_gmt":"2026-01-07T03:18:20","guid":{"rendered":"https:\/\/nrcmachine.com\/?post_type=product&#038;p=3782"},"modified":"2026-01-07T11:38:25","modified_gmt":"2026-01-07T03:38:25","slug":"carton-paper-core-machine","status":"publish","type":"product","link":"https:\/\/nrcmachine.com\/fr\/product\/carton-paper-core-machine\/","title":{"rendered":"Machine \u00e0 mandriner le papier carton"},"content":{"rendered":"<h3 style=\"text-align: center;\"><strong>Pr\u00e9sentation de la machine \u00e0 mandriner le papier carton par NRC MACHINE<\/strong><\/h3>\n<p>Il s'agit d'une machine \u00e0 mandriner le papier carton. Elle provient de Qingdao New Richuan Precision Machine Co, Ltd. On l'appelle aussi machine \u00e0 mandriner le papier en spirale. Elle fabrique des mandrins en papier solides pour les cartons, les tubes et les rouleaux industriels. NRC MACHINE la fabrique avec soin et haute technologie.<\/p>\n<p>La machine est rapide et intelligente. Elle utilise un servomoteur et un contr\u00f4leur PLC. Ces \u00e9l\u00e9ments l'aident \u00e0 fonctionner en douceur. Elle d\u00e9marre rapidement. Elle s'arr\u00eate lorsque c'est n\u00e9cessaire. Elle fonctionne avec peu de d\u00e9chets.<\/p>\n<h4><strong>Fonctionnement de la machine \u00e0 mandriner le papier carton<\/strong><\/h4>\n<p>Tout d'abord, des rouleaux de papier sont introduits dans la machine. On y ajoute ensuite de la colle. Ensuite, le papier s'enroule autour d'une lame d'acier. La lame fa\u00e7onne le noyau. Ensuite, le papier envelopp\u00e9 passe dans la zone de s\u00e9chage. La chaleur renforce la colle. Le noyau devient ferme.<\/p>\n<div class=\"ast-oembed-container\" style=\"height: 100%;\"><iframe title=\"Machine \u00e0 fabriquer des tubes en carton en spirale \u00e0 deux t\u00eates \u00e0 commande num\u00e9rique par ordinateur\" width=\"500\" height=\"281\" src=\"https:\/\/www.youtube.com\/embed\/G4_H7S417b4?feature=oembed\" frameborder=\"0\" allow=\"accelerometer; autoplay; clipboard-write; encrypted-media; gyroscope; picture-in-picture; web-share\" referrerpolicy=\"strict-origin-when-cross-origin\" allowfullscreen><\/iframe><\/div>\n<p>Ensuite, la machine coupe le long tube en morceaux. Chaque morceau est un mandrin de papier. Enfin, les mandrins sont pr\u00eats \u00e0 \u00eatre utilis\u00e9s. L'ensemble du processus est automatique. Les travailleurs n'ont qu'\u00e0 regarder l'\u00e9cran. Ils v\u00e9rifient les r\u00e9glages.<\/p>\n<p>Le pr\u00e9sent <a href=\"https:\/\/youtu.be\/G4_H7S417b4\">machine \u00e0 noyauter le papier carton<\/a> permet de gagner du temps. Il produit des centaines de noyaux par heure. Il fonctionne jour et nuit. Et il reste pr\u00e9cis.<\/p>\n<h4><strong>Caract\u00e9ristiques principales de la machine<\/strong><\/h4>\n<p>La machine \u00e0 mandriner le papier carton pr\u00e9sente de nombreux avantages. Par exemple, elle utilise un servomoteur. Ce moteur permet d'\u00e9conomiser de l'\u00e9nergie. Il permet un contr\u00f4le pr\u00e9cis. De plus, le contr\u00f4leur PLC g\u00e8re toutes les \u00e9tapes. Il d\u00e9tecte rapidement les erreurs. Il arr\u00eate la machine en cas de probl\u00e8me.<\/p>\n<p>De plus, la conception est solide. Elle utilise de l'acier solide. Il dure des ann\u00e9es. Les pi\u00e8ces sont faciles \u00e0 atteindre. Les r\u00e9parations sont donc rapides. L'interface utilisateur est simple. M\u00eame les nouveaux employ\u00e9s peuvent apprendre rapidement.<\/p>\n<p>De plus, la machine permet de fabriquer des produits de diff\u00e9rentes tailles. Vous pouvez modifier les r\u00e9glages en quelques minutes. Vous n'avez pas besoin d'outils. Il suffit d'appuyer sur un bouton. Cela permet aux usines de changer rapidement de travail.<\/p>\n<h4><strong>Pourquoi choisir NRC MACHINE ?<\/strong><\/h4>\n<p>NRC MACHINE conna\u00eet les machines \u00e0 papier. Ils en construisent depuis plus de 15 ans. Son \u00e9quipe teste chaque machine. Elle v\u00e9rifie chaque pi\u00e8ce. Elle s'assure qu'elle fonctionne bien.<\/p>\n<p>Ils proposent \u00e9galement des formations. Ils enseignent aux travailleurs comment utiliser la machine. Ils aident \u00e0 l'installation. Ils offrent une assistance apr\u00e8s la vente. En cas de probl\u00e8me, ils r\u00e9pondent rapidement.<\/p>\n<p>En outre, leur prix est \u00e9quitable. Vous obtenez une qualit\u00e9 \u00e9lev\u00e9e sans co\u00fbt \u00e9lev\u00e9. De nombreuses usines en Asie et en Europe utilisent leurs machines. Elles font confiance \u00e0 NRC MACHINE.<\/p>\n<h4><strong>De vrais r\u00e9sultats dans de vraies usines<\/strong><\/h4>\n<p>Une usine de Jiangsu a achet\u00e9 deux <a href=\"https:\/\/nrcmachine.com\/product\/carton-spiral-paper-tube-machine\/\">machines \u00e0 noyauter le papier carton<\/a>. Auparavant, ils utilisaient de vieilles machines. Ils fabriquaient 800 c\u0153urs par jour. Aujourd'hui, ils en fabriquent plus de 3 000. Leurs d\u00e9chets ont diminu\u00e9 de 40%. Les travailleurs sont heureux. Le travail est plus facile.<\/p>\n<p>Un autre cas est celui de la Turquie. Ce pays avait besoin de mandrins solides pour des cartons lourds. La machine \u00e0 mandrins en papier spiral\u00e9 a produit des mandrins parfaits. Les mandrins contenaient 50 kg chacun. L'usine a re\u00e7u davantage de commandes. Elle a remerci\u00e9 NRC MACHINE.<\/p>\n<h4><strong>R\u00e9flexions finales<\/strong><\/h4>\n<p>Le <a href=\"https:\/\/nrcmachine.com\/product\/carton-spiral-paper-tube-machine\/\">machine \u00e0 noyauter le papier carton<\/a> est un choix judicieux. Il est rapide, solide et intelligent. Il utilise un servomoteur et un automate programmable. Il produit des noyaux de qualit\u00e9 sup\u00e9rieure. <a href=\"https:\/\/nrcmachine.com\">LE CNRC MACHINE<\/a> l'a bien construit.<\/p>\n<p>Donc, si vous avez besoin de plus de rendement, de moins de d\u00e9chets et de moins de travail, essayez cette machine. Elle peut changer votre usine. Elle peut faire cro\u00eetre votre entreprise. Il ne s'agit pas d'une simple machine. C'est un progr\u00e8s.<\/p>","protected":false},"featured_media":3783,"template":"","meta":{"_acf_changed":false,"_monsterinsights_skip_tracking":false,"_monsterinsights_sitenote_active":false,"_monsterinsights_sitenote_note":"","_monsterinsights_sitenote_category":0,"site-sidebar-layout":"default","site-content-layout":"","ast-site-content-layout":"default","site-content-style":"default","site-sidebar-style":"default","ast-global-header-display":"","ast-banner-title-visibility":"","ast-main-header-display":"","ast-hfb-above-header-display":"","ast-hfb-below-header-display":"","ast-hfb-mobile-header-display":"","site-post-title":"","ast-breadcrumbs-content":"","ast-featured-img":"","footer-sml-layout":"","theme-transparent-header-meta":"default","adv-header-id-meta":"","stick-header-meta":"default","header-above-stick-meta":"","header-main-stick-meta":"","header-below-stick-meta":"","astra-migrate-meta-layouts":"set","ast-page-background-enabled":"default","ast-page-background-meta":{"desktop":{"background-color":"var(--ast-global-color-4)","background-image":"","background-repeat":"repeat","background-position":"center center","background-size":"auto","background-attachment":"scroll","background-type":"","background-media":"","overlay-type":"","overlay-color":"","overlay-opacity":"","overlay-gradient":""},"tablet":{"background-color":"","background-image":"","background-repeat":"repeat","background-position":"center center","background-size":"auto","background-attachment":"scroll","background-type":"","background-media":"","overlay-type":"","overlay-color":"","overlay-opacity":"","overlay-gradient":""},"mobile":{"background-color":"","background-image":"","background-repeat":"repeat","background-position":"center center","background-size":"auto","background-attachment":"scroll","background-type":"","background-media":"","overlay-type":"","overlay-color":"","overlay-opacity":"","overlay-gradient":""}},"ast-content-background-meta":{"desktop":{"background-color":"var(--ast-global-color-5)","background-image":"","background-repeat":"repeat","background-position":"center center","background-size":"auto","background-attachment":"scroll","background-type":"","background-media":"","overlay-type":"","overlay-color":"","overlay-opacity":"","overlay-gradient":""},"tablet":{"background-color":"var(--ast-global-color-5)","background-image":"","background-repeat":"repeat","background-position":"center center","background-size":"auto","background-attachment":"scroll","background-type":"","background-media":"","overlay-type":"","overlay-color":"","overlay-opacity":"","overlay-gradient":""},"mobile":{"background-color":"var(--ast-global-color-5)","background-image":"","background-repeat":"repeat","background-position":"center center","background-size":"auto","background-attachment":"scroll","background-type":"","background-media":"","overlay-type":"","overlay-color":"","overlay-opacity":"","overlay-gradient":""}}},"tags":[51],"products":[43],"class_list":["post-3782","product","type-product","status-publish","has-post-thumbnail","hentry","tag-paper-core-machine","products-spiral-paper-tube-making-machine"],"acf":[],"aioseo_notices":[],"aioseo_head":"\n\t\t<!-- All in One SEO Pro 4.9.2 - aioseo.com -->\n\t<meta name=\"description\" content=\"This is carton paper core machine. It comes from Qingdao New Richuan Precision Machine Co., Ltd. People also call it spiral paper core machine.\" \/>\n\t<meta name=\"robots\" content=\"noodp, max-snippet:-1, max-image-preview:large, max-video-preview:-1\" \/>\n\t<link rel=\"canonical\" href=\"https:\/\/nrcmachine.com\/fr\/product\/carton-paper-core-machine\/\" \/>\n\t<meta name=\"generator\" content=\"All in One SEO Pro (AIOSEO) 4.9.2\" \/>\n\t\t<meta property=\"og:locale\" content=\"fr_FR\" \/>\n\t\t<meta property=\"og:site_name\" content=\"Toilet Paper Machine, Paper Tube Machine | NRC Machine - Reliable Paper Machinery Solutions\" \/>\n\t\t<meta property=\"og:type\" content=\"article\" \/>\n\t\t<meta property=\"og:title\" content=\"Carton Paper Core Machine - QINGDAO NEW RICHUAN PRECISION\" \/>\n\t\t<meta property=\"og:description\" content=\"This is carton paper core machine. It comes from Qingdao New Richuan Precision Machine Co., Ltd. People also call it spiral paper core machine.\" \/>\n\t\t<meta property=\"og:url\" content=\"https:\/\/nrcmachine.com\/fr\/product\/carton-paper-core-machine\/\" \/>\n\t\t<meta property=\"og:image\" content=\"https:\/\/nrcmachine.com\/wp-content\/uploads\/2026\/01\/Carton-Paper-Core-Machine-2.webp\" \/>\n\t\t<meta property=\"og:image:secure_url\" content=\"https:\/\/nrcmachine.com\/wp-content\/uploads\/2026\/01\/Carton-Paper-Core-Machine-2.webp\" \/>\n\t\t<meta property=\"og:image:width\" content=\"1000\" \/>\n\t\t<meta property=\"og:image:height\" content=\"562\" \/>\n\t\t<meta property=\"article:published_time\" content=\"2026-01-07T03:18:20+00:00\" \/>\n\t\t<meta property=\"article:modified_time\" content=\"2026-01-07T03:38:25+00:00\" \/>\n\t\t<meta property=\"article:publisher\" content=\"https:\/\/www.facebook.com\/james.gao.349938\" \/>\n\t\t<meta name=\"twitter:card\" content=\"summary\" \/>\n\t\t<meta name=\"twitter:site\" content=\"@JamesGao65335\" \/>\n\t\t<meta name=\"twitter:title\" content=\"Carton Paper Core Machine - QINGDAO NEW RICHUAN PRECISION\" \/>\n\t\t<meta name=\"twitter:description\" content=\"This is carton paper core machine. It comes from Qingdao New Richuan Precision Machine Co., Ltd. People also call it spiral paper core machine.\" \/>\n\t\t<meta name=\"twitter:image\" content=\"https:\/\/nrcmachine.com\/wp-content\/uploads\/2026\/01\/Carton-Paper-Core-Machine-3.webp\" \/>\n\t\t<script type=\"application\/ld+json\" class=\"aioseo-schema\">\n\t\t\t{\"@context\":\"https:\\\/\\\/schema.org\",\"@graph\":[{\"@type\":\"BreadcrumbList\",\"@id\":\"https:\\\/\\\/nrcmachine.com\\\/fr\\\/product\\\/carton-paper-core-machine\\\/#breadcrumblist\",\"itemListElement\":[{\"@type\":\"ListItem\",\"@id\":\"https:\\\/\\\/nrcmachine.com\\\/fr#listItem\",\"position\":1,\"name\":\"Home\",\"item\":\"https:\\\/\\\/nrcmachine.com\\\/fr\",\"nextItem\":{\"@type\":\"ListItem\",\"@id\":\"https:\\\/\\\/nrcmachine.com\\\/fr\\\/product\\\/#listItem\",\"name\":\"Products\"}},{\"@type\":\"ListItem\",\"@id\":\"https:\\\/\\\/nrcmachine.com\\\/fr\\\/product\\\/#listItem\",\"position\":2,\"name\":\"Products\",\"item\":\"https:\\\/\\\/nrcmachine.com\\\/fr\\\/product\\\/\",\"nextItem\":{\"@type\":\"ListItem\",\"@id\":\"https:\\\/\\\/nrcmachine.com\\\/fr\\\/tag\\\/paper-core-machine\\\/#listItem\",\"name\":\"paper core machine\"},\"previousItem\":{\"@type\":\"ListItem\",\"@id\":\"https:\\\/\\\/nrcmachine.com\\\/fr#listItem\",\"name\":\"Home\"}},{\"@type\":\"ListItem\",\"@id\":\"https:\\\/\\\/nrcmachine.com\\\/fr\\\/tag\\\/paper-core-machine\\\/#listItem\",\"position\":3,\"name\":\"paper core machine\",\"item\":\"https:\\\/\\\/nrcmachine.com\\\/fr\\\/tag\\\/paper-core-machine\\\/\",\"nextItem\":{\"@type\":\"ListItem\",\"@id\":\"https:\\\/\\\/nrcmachine.com\\\/fr\\\/product\\\/carton-paper-core-machine\\\/#listItem\",\"name\":\"Carton Paper Core Machine\"},\"previousItem\":{\"@type\":\"ListItem\",\"@id\":\"https:\\\/\\\/nrcmachine.com\\\/fr\\\/product\\\/#listItem\",\"name\":\"Products\"}},{\"@type\":\"ListItem\",\"@id\":\"https:\\\/\\\/nrcmachine.com\\\/fr\\\/product\\\/carton-paper-core-machine\\\/#listItem\",\"position\":4,\"name\":\"Carton Paper Core Machine\",\"previousItem\":{\"@type\":\"ListItem\",\"@id\":\"https:\\\/\\\/nrcmachine.com\\\/fr\\\/tag\\\/paper-core-machine\\\/#listItem\",\"name\":\"paper core machine\"}}]},{\"@type\":\"Organization\",\"@id\":\"https:\\\/\\\/nrcmachine.com\\\/fr\\\/#organization\",\"name\":\"Toilet Paper Machine, Paper Tube Machine | NRC Machine wordpress\",\"description\":\"Reliable Paper Machinery Solutions\",\"url\":\"https:\\\/\\\/nrcmachine.com\\\/fr\\\/\",\"email\":\"james@nrcmachine.com\",\"telephone\":\"+8615254213289\",\"foundingDate\":\"2023-11-01\",\"numberOfEmployees\":{\"@type\":\"QuantitativeValue\",\"minValue\":1,\"maxValue\":50},\"logo\":{\"@type\":\"ImageObject\",\"url\":\"https:\\\/\\\/nrcmachine.com\\\/wp-content\\\/uploads\\\/2026\\\/01\\\/logo23.png\",\"@id\":\"https:\\\/\\\/nrcmachine.com\\\/fr\\\/product\\\/carton-paper-core-machine\\\/#organizationLogo\",\"width\":800,\"height\":800,\"caption\":\"logo for NRC MACHINE\"},\"image\":{\"@id\":\"https:\\\/\\\/nrcmachine.com\\\/fr\\\/product\\\/carton-paper-core-machine\\\/#organizationLogo\"},\"sameAs\":[\"https:\\\/\\\/www.facebook.com\\\/james.gao.349938\",\"https:\\\/\\\/x.com\\\/JamesGao65335\",\"https:\\\/\\\/www.instagram.com\\\/jamesgao407?igsh=d2YybzFhMjY0YTl3\",\"https:\\\/\\\/www.tiktok.com\\\/@gyl20210118\",\"https:\\\/\\\/www.linkedin.com\\\/in\\\/--9a63583a9\\\/\"],\"address\":{\"@id\":\"https:\\\/\\\/nrcmachine.com\\\/fr\\\/#postaladdress\",\"@type\":\"PostalAddress\",\"streetAddress\":\"No..519,Jiangshan South Road,Huangdao,\",\"postalCode\":\"266500\",\"addressLocality\":\"Qingdao\",\"addressRegion\":\"Shandong Province\",\"addressCountry\":\"CN\"},\"taxID\":\"91370211MAD54P6P85\",\"vatID\":\"91370211MAD54P6P85\"},{\"@type\":\"WebPage\",\"@id\":\"https:\\\/\\\/nrcmachine.com\\\/fr\\\/product\\\/carton-paper-core-machine\\\/#webpage\",\"url\":\"https:\\\/\\\/nrcmachine.com\\\/fr\\\/product\\\/carton-paper-core-machine\\\/\",\"name\":\"Carton Paper Core Machine - QINGDAO NEW RICHUAN PRECISION\",\"description\":\"This is carton paper core machine. It comes from Qingdao New Richuan Precision Machine Co., Ltd. People also call it spiral paper core machine.\",\"inLanguage\":\"fr-FR\",\"isPartOf\":{\"@id\":\"https:\\\/\\\/nrcmachine.com\\\/fr\\\/#website\"},\"breadcrumb\":{\"@id\":\"https:\\\/\\\/nrcmachine.com\\\/fr\\\/product\\\/carton-paper-core-machine\\\/#breadcrumblist\"},\"image\":{\"@type\":\"ImageObject\",\"url\":\"https:\\\/\\\/nrcmachine.com\\\/wp-content\\\/uploads\\\/2026\\\/01\\\/Carton-Paper-Core-Machine-3.webp\",\"@id\":\"https:\\\/\\\/nrcmachine.com\\\/fr\\\/product\\\/carton-paper-core-machine\\\/#mainImage\",\"width\":800,\"height\":800,\"caption\":\"Carton Paper Core Machine\"},\"primaryImageOfPage\":{\"@id\":\"https:\\\/\\\/nrcmachine.com\\\/fr\\\/product\\\/carton-paper-core-machine\\\/#mainImage\"},\"datePublished\":\"2026-01-07T11:18:20+08:00\",\"dateModified\":\"2026-01-07T11:38:25+08:00\"},{\"@type\":\"WebSite\",\"@id\":\"https:\\\/\\\/nrcmachine.com\\\/fr\\\/#website\",\"url\":\"https:\\\/\\\/nrcmachine.com\\\/fr\\\/\",\"name\":\"Toilet Paper Machine, Paper Tube Machine | NRC Machine\",\"alternateName\":\"Qingdao New Richuan Precision Machine Co.,Ltd\",\"description\":\"Reliable Paper Machinery Solutions\",\"inLanguage\":\"fr-FR\",\"publisher\":{\"@id\":\"https:\\\/\\\/nrcmachine.com\\\/fr\\\/#organization\"}}]}\n\t\t<\/script>\n\t\t<!-- All in One SEO Pro -->\r\n\t\t<title>Carton Paper Core Machine - QINGDAO NEW RICHUAN PRECISION<\/title>\n\n","aioseo_head_json":{"title":"Machine \u00e0 mandriner le papier carton - QINGDAO NEW RICHUAN PRECISION","description":"Il s'agit d'une machine \u00e0 mandriner le papier carton. Elle provient de Qingdao New Richuan Precision Machine Co, Ltd. On l'appelle aussi machine \u00e0 mandriner le papier en spirale.","canonical_url":"https:\/\/nrcmachine.com\/fr\/product\/carton-paper-core-machine\/","robots":"noodp, max-snippet:-1, max-image-preview:large, max-video-preview:-1","keywords":"","webmasterTools":{"miscellaneous":""},"schema":{"@context":"https:\/\/schema.org","@graph":[{"@type":"BreadcrumbList","@id":"https:\/\/nrcmachine.com\/fr\/product\/carton-paper-core-machine\/#breadcrumblist","itemListElement":[{"@type":"ListItem","@id":"https:\/\/nrcmachine.com\/fr#listItem","position":1,"name":"Home","item":"https:\/\/nrcmachine.com\/fr","nextItem":{"@type":"ListItem","@id":"https:\/\/nrcmachine.com\/fr\/product\/#listItem","name":"Products"}},{"@type":"ListItem","@id":"https:\/\/nrcmachine.com\/fr\/product\/#listItem","position":2,"name":"Products","item":"https:\/\/nrcmachine.com\/fr\/product\/","nextItem":{"@type":"ListItem","@id":"https:\/\/nrcmachine.com\/fr\/tag\/paper-core-machine\/#listItem","name":"paper core machine"},"previousItem":{"@type":"ListItem","@id":"https:\/\/nrcmachine.com\/fr#listItem","name":"Home"}},{"@type":"ListItem","@id":"https:\/\/nrcmachine.com\/fr\/tag\/paper-core-machine\/#listItem","position":3,"name":"paper core machine","item":"https:\/\/nrcmachine.com\/fr\/tag\/paper-core-machine\/","nextItem":{"@type":"ListItem","@id":"https:\/\/nrcmachine.com\/fr\/product\/carton-paper-core-machine\/#listItem","name":"Carton Paper Core Machine"},"previousItem":{"@type":"ListItem","@id":"https:\/\/nrcmachine.com\/fr\/product\/#listItem","name":"Products"}},{"@type":"ListItem","@id":"https:\/\/nrcmachine.com\/fr\/product\/carton-paper-core-machine\/#listItem","position":4,"name":"Carton Paper Core Machine","previousItem":{"@type":"ListItem","@id":"https:\/\/nrcmachine.com\/fr\/tag\/paper-core-machine\/#listItem","name":"paper core machine"}}]},{"@type":"Organization","@id":"https:\/\/nrcmachine.com\/fr\/#organization","name":"Toilet Paper Machine, Paper Tube Machine | NRC Machine wordpress","description":"Reliable Paper Machinery Solutions","url":"https:\/\/nrcmachine.com\/fr\/","email":"james@nrcmachine.com","telephone":"+8615254213289","foundingDate":"2023-11-01","numberOfEmployees":{"@type":"QuantitativeValue","minValue":1,"maxValue":50},"logo":{"@type":"ImageObject","url":"https:\/\/nrcmachine.com\/wp-content\/uploads\/2026\/01\/logo23.png","@id":"https:\/\/nrcmachine.com\/fr\/product\/carton-paper-core-machine\/#organizationLogo","width":800,"height":800,"caption":"logo for NRC MACHINE"},"image":{"@id":"https:\/\/nrcmachine.com\/fr\/product\/carton-paper-core-machine\/#organizationLogo"},"sameAs":["https:\/\/www.facebook.com\/james.gao.349938","https:\/\/x.com\/JamesGao65335","https:\/\/www.instagram.com\/jamesgao407?igsh=d2YybzFhMjY0YTl3","https:\/\/www.tiktok.com\/@gyl20210118","https:\/\/www.linkedin.com\/in\/--9a63583a9\/"],"address":{"@id":"https:\/\/nrcmachine.com\/fr\/#postaladdress","@type":"PostalAddress","streetAddress":"No..519,Jiangshan South Road,Huangdao,","postalCode":"266500","addressLocality":"Qingdao","addressRegion":"Shandong Province","addressCountry":"CN"},"taxID":"91370211MAD54P6P85","vatID":"91370211MAD54P6P85"},{"@type":"WebPage","@id":"https:\/\/nrcmachine.com\/fr\/product\/carton-paper-core-machine\/#webpage","url":"https:\/\/nrcmachine.com\/fr\/product\/carton-paper-core-machine\/","name":"Carton Paper Core Machine - QINGDAO NEW RICHUAN PRECISION","description":"This is carton paper core machine. It comes from Qingdao New Richuan Precision Machine Co., Ltd. People also call it spiral paper core machine.","inLanguage":"fr-FR","isPartOf":{"@id":"https:\/\/nrcmachine.com\/fr\/#website"},"breadcrumb":{"@id":"https:\/\/nrcmachine.com\/fr\/product\/carton-paper-core-machine\/#breadcrumblist"},"image":{"@type":"ImageObject","url":"https:\/\/nrcmachine.com\/wp-content\/uploads\/2026\/01\/Carton-Paper-Core-Machine-3.webp","@id":"https:\/\/nrcmachine.com\/fr\/product\/carton-paper-core-machine\/#mainImage","width":800,"height":800,"caption":"Carton Paper Core Machine"},"primaryImageOfPage":{"@id":"https:\/\/nrcmachine.com\/fr\/product\/carton-paper-core-machine\/#mainImage"},"datePublished":"2026-01-07T11:18:20+08:00","dateModified":"2026-01-07T11:38:25+08:00"},{"@type":"WebSite","@id":"https:\/\/nrcmachine.com\/fr\/#website","url":"https:\/\/nrcmachine.com\/fr\/","name":"Toilet Paper Machine, Paper Tube Machine | NRC Machine","alternateName":"Qingdao New Richuan Precision Machine Co.,Ltd","description":"Reliable Paper Machinery Solutions","inLanguage":"fr-FR","publisher":{"@id":"https:\/\/nrcmachine.com\/fr\/#organization"}}]},"og:locale":"fr_FR","og:site_name":"Toilet Paper Machine, Paper Tube Machine | NRC Machine - Reliable Paper Machinery Solutions","og:type":"article","og:title":"Carton Paper Core Machine - QINGDAO NEW RICHUAN PRECISION","og:description":"This is carton paper core machine. It comes from Qingdao New Richuan Precision Machine Co., Ltd. People also call it spiral paper core machine.","og:url":"https:\/\/nrcmachine.com\/fr\/product\/carton-paper-core-machine\/","og:image":"https:\/\/nrcmachine.com\/wp-content\/uploads\/2026\/01\/Carton-Paper-Core-Machine-2.webp","og:image:secure_url":"https:\/\/nrcmachine.com\/wp-content\/uploads\/2026\/01\/Carton-Paper-Core-Machine-2.webp","og:image:width":1000,"og:image:height":562,"article:published_time":"2026-01-07T03:18:20+00:00","article:modified_time":"2026-01-07T03:38:25+00:00","article:publisher":"https:\/\/www.facebook.com\/james.gao.349938","twitter:card":"summary","twitter:site":"@JamesGao65335","twitter:title":"Carton Paper Core Machine - QINGDAO NEW RICHUAN PRECISION","twitter:description":"This is carton paper core machine. It comes from Qingdao New Richuan Precision Machine Co., Ltd. People also call it spiral paper core machine.","twitter:image":"https:\/\/nrcmachine.com\/wp-content\/uploads\/2026\/01\/Carton-Paper-Core-Machine-3.webp"},"aioseo_meta_data":{"post_id":"3782","title":"#post_title #separator_sa QINGDAO NEW RICHUAN PRECISION","description":"Il s'agit d'une machine \u00e0 mandriner le papier carton. Elle provient de Qingdao New Richuan Precision Machine Co, Ltd. On l'appelle aussi machine \u00e0 mandriner le papier en spirale.","keywords":null,"keyphrases":{"focus":{"keyphrase":"paper core machine","score":100,"analysis":{"keyphraseInTitle":{"score":9,"maxScore":9,"error":0},"keyphraseInDescription":{"score":9,"maxScore":9,"error":0},"keyphraseLength":{"score":9,"maxScore":9,"error":0,"length":3},"keyphraseInURL":{"score":5,"maxScore":5,"error":0},"keyphraseInIntroduction":{"score":9,"maxScore":9,"error":0},"keyphraseInSubHeadings":{"score":9,"maxScore":9,"error":0},"keyphraseInImageAlt":[],"keywordDensity":{"type":"best","score":9,"maxScore":9,"error":0}}},"additional":[]},"primary_term":null,"canonical_url":null,"og_title":null,"og_description":null,"og_object_type":"default","og_image_type":"custom_image","og_image_url":"https:\/\/nrcmachine.com\/wp-content\/uploads\/2026\/01\/Carton-Paper-Core-Machine-2.webp","og_image_width":"1000","og_image_height":"562","og_image_custom_url":"https:\/\/nrcmachine.com\/wp-content\/uploads\/2026\/01\/Carton-Paper-Core-Machine-2.webp","og_image_custom_fields":null,"og_video":"","og_custom_url":null,"og_article_section":null,"og_article_tags":null,"twitter_use_og":false,"twitter_card":"default","twitter_image_type":"default","twitter_image_url":null,"twitter_image_custom_url":null,"twitter_image_custom_fields":null,"twitter_title":null,"twitter_description":null,"schema":{"blockGraphs":[],"customGraphs":[],"default":{"data":{"Article":[],"Course":[],"Dataset":[],"FAQPage":[],"Movie":[],"Person":[],"Product":[],"ProductReview":[],"Car":[],"Recipe":[],"Service":[],"SoftwareApplication":[],"WebPage":[]},"graphName":"ItemPage","isEnabled":true},"graphs":[]},"schema_type":"default","schema_type_options":null,"pillar_content":false,"robots_default":true,"robots_noindex":false,"robots_noarchive":false,"robots_nosnippet":false,"robots_nofollow":false,"robots_noimageindex":false,"robots_noodp":false,"robots_notranslate":false,"robots_max_snippet":"-1","robots_max_videopreview":"-1","robots_max_imagepreview":"large","priority":null,"frequency":"default","local_seo":null,"seo_analyzer_scan_date":"2026-02-13 02:04:09","breadcrumb_settings":null,"limit_modified_date":false,"reviewed_by":null,"open_ai":null,"ai":{"faqs":[],"keyPoints":[],"titles":[],"descriptions":[],"socialPosts":{"email":[],"linkedin":[],"twitter":[],"facebook":[],"instagram":[]}},"created":"2026-01-07 03:18:20","updated":"2026-02-13 07:06:54"},"aioseo_breadcrumb":"<div class=\"aioseo-breadcrumbs\"><span class=\"aioseo-breadcrumb\">\n\t<a href=\"https:\/\/nrcmachine.com\/fr\" title=\"Home\">Home<\/a>\n<\/span><span class=\"aioseo-breadcrumb-separator\">\u00bb<\/span><span class=\"aioseo-breadcrumb\">\n\t<a href=\"https:\/\/nrcmachine.com\/fr\/product\/\" title=\"Products\">Products<\/a>\n<\/span><span class=\"aioseo-breadcrumb-separator\">\u00bb<\/span><span class=\"aioseo-breadcrumb\">\n\t<a href=\"https:\/\/nrcmachine.com\/fr\/tag\/paper-core-machine\/\" title=\"paper core machine\">paper core machine<\/a>\n<\/span><span class=\"aioseo-breadcrumb-separator\">\u00bb<\/span><span class=\"aioseo-breadcrumb\">\n\tCarton Paper Core Machine\n<\/span><\/div>","aioseo_breadcrumb_json":[{"label":"Home","link":"https:\/\/nrcmachine.com\/fr"},{"label":"Products","link":"https:\/\/nrcmachine.com\/fr\/product\/"},{"label":"paper core machine","link":"https:\/\/nrcmachine.com\/fr\/tag\/paper-core-machine\/"},{"label":"Carton Paper Core Machine","link":"https:\/\/nrcmachine.com\/fr\/product\/carton-paper-core-machine\/"}],"_links":{"self":[{"href":"https:\/\/nrcmachine.com\/fr\/wp-json\/wp\/v2\/product\/3782","targetHints":{"allow":["GET"]}}],"collection":[{"href":"https:\/\/nrcmachine.com\/fr\/wp-json\/wp\/v2\/product"}],"about":[{"href":"https:\/\/nrcmachine.com\/fr\/wp-json\/wp\/v2\/types\/product"}],"version-history":[{"count":0,"href":"https:\/\/nrcmachine.com\/fr\/wp-json\/wp\/v2\/product\/3782\/revisions"}],"wp:featuredmedia":[{"embeddable":true,"href":"https:\/\/nrcmachine.com\/fr\/wp-json\/wp\/v2\/media\/3783"}],"wp:attachment":[{"href":"https:\/\/nrcmachine.com\/fr\/wp-json\/wp\/v2\/media?parent=3782"}],"wp:term":[{"taxonomy":"post_tag","embeddable":true,"href":"https:\/\/nrcmachine.com\/fr\/wp-json\/wp\/v2\/tags?post=3782"},{"taxonomy":"products","embeddable":true,"href":"https:\/\/nrcmachine.com\/fr\/wp-json\/wp\/v2\/products?post=3782"}],"curies":[{"name":"wp","href":"https:\/\/api.w.org\/{rel}","templated":true}]}}