 {"id":1880,"date":"2025-11-05T22:58:17","date_gmt":"2025-11-05T14:58:17","guid":{"rendered":"https:\/\/nrcmachine.com\/?post_type=product&#038;p=1880"},"modified":"2026-01-03T06:01:57","modified_gmt":"2026-01-02T22:01:57","slug":"paper-pipe-making-machine","status":"publish","type":"product","link":"https:\/\/nrcmachine.com\/it\/product\/paper-pipe-making-machine\/","title":{"rendered":"Macchina per la produzione di tubi di carta"},"content":{"rendered":"<h1><strong><b>Introduzione alla macchina per anime di carta a spirale con taglierine multiple<\/b><\/strong><\/h1>\n<div class=\"ast-oembed-container\" style=\"height: 100%;\"><iframe title=\"Tubo di carta Kraft che fa la macchina Fornitore|Qingdao New Ri Chuan Precision Machine Co.,Ltd\" width=\"500\" height=\"281\" src=\"https:\/\/www.youtube.com\/embed\/6YAdBKpe3dM?feature=oembed\" frameborder=\"0\" allow=\"accelerometer; autoplay; clipboard-write; encrypted-media; gyroscope; picture-in-picture; web-share\" referrerpolicy=\"strict-origin-when-cross-origin\" allowfullscreen><\/iframe><\/div>\n<h2><strong><b>1. Panoramica della macchina Sulla macchina per la produzione di tubi di carta<\/b><\/strong><\/h2>\n<p>Il <a href=\"https:\/\/nrcmachinery.com\/products\/spiral-paper-tube-machine.html\"><strong><b>macchina per anime di carta a spirale<\/b><\/strong><\/a>\u00a0(noto anche come <a href=\"https:\/\/nrcmachinery.com\/Big-Diameter-Paper-Core-Manufacturing-Plant-Cost.html\">macchina per la produzione di tubi di carta<\/a>) \u00e8 un'apparecchiatura specializzata progettata per la produzione di anime o tubi di carta cilindrici attraverso un processo di avvolgimento a spirale. Integra funzioni automatiche di alimentazione, incollaggio, avvolgimento, sagomatura e taglio, consentendo una produzione efficiente di anime di carta di alta qualit\u00e0 per varie applicazioni industriali. A differenza dei tradizionali dispositivi manuali o semiautomatici, questa macchina garantisce una precisione costante del prodotto e riduce i costi di manodopera, rendendola una risorsa fondamentale per le industrie dell'imballaggio, del tessile e della stampa.<\/p>\n<h2><strong><b>2. Parametri tecnici fondamentali per questa macchina per la produzione di tubi di carta<\/b><\/strong><\/h2>\n<p>Due parametri critici definiscono le capacit\u00e0 produttive della macchina, influenzando direttamente la sua compatibilit\u00e0 con diversi scenari di utilizzo:<\/p>\n<ul>\n<li><b><\/b><strong><b>Gamma del diametro interno<\/b><\/strong>: 30 mm ~ 150 mm. Questa flessibilit\u00e0 consente alla macchina di produrre anime di carta per usi su piccola scala (ad esempio, rotoli di nastro adesivo, piccoli tubi da imballaggio) e per applicazioni su larga scala (ad esempio, bobine di filato tessile, anime di film industriali).<\/li>\n<li><b><\/b><strong><b>Gamma di spessore<\/b><\/strong>: 1 mm ~ 5 mm. Lo spessore regolabile risponde a diverse esigenze di resistenza: le anime pi\u00f9 sottili (1~2 mm) sono adatte a prodotti leggeri, mentre quelle pi\u00f9 spesse (3~5 mm) offrono una maggiore durata per usi industriali pesanti.<\/li>\n<\/ul>\n<h2><strong><b>3. Sistema Multi-Cutter: Vantaggio chiave di questa macchina per la produzione di tubi di carta<\/b><\/strong><\/h2>\n<p>Il sistema integrato <strong><b>sistema di taglio multiplo<\/b><\/strong>\u00a0\u00e8 una caratteristica distintiva di questa macchina, che risolve l'inefficienza dei progetti a taglio singolo:<\/p>\n<ul>\n<li><b><\/b><strong><b>Taglio simultaneo di pi\u00f9 pezzi<\/b><\/strong>: Dotato di 2~4 taglierine in acciaio ad alta durezza (configurabili in base alle esigenze), il sistema pu\u00f2 tagliare pi\u00f9 anime di carta contemporaneamente dopo l'avvolgimento. Ci\u00f2 aumenta l'efficienza produttiva di 200%~300% rispetto ai modelli a taglierina singola.<\/li>\n<li><b><\/b><strong><b>Controllo di precisione<\/b><\/strong>: Le taglierine sono collegate a un sistema di controllo digitale della lunghezza, che garantisce che le anime di carta tagliate abbiano un errore di lunghezza inferiore a \u00b10,5 mm. Questa precisione soddisfa i severi standard industriali per l'uniformit\u00e0 del prodotto.<\/li>\n<li><b><\/b><strong><b>Manutenzione semplice<\/b><\/strong>: Le teste di taglio staccabili consentono una rapida sostituzione o affilatura, riducendo al minimo i tempi di inattivit\u00e0 e mantenendo la stabilit\u00e0 della produzione a lungo termine.<\/li>\n<\/ul>\n<h2><strong><b>4. Scenari di applicazione e vantaggi<\/b><\/strong><\/h2>\n<h3><strong><b>4.1 Applicazioni tipiche<\/b><\/strong><\/h3>\n<ul>\n<li>Industria dell'imballaggio: Anime di carta per nastri adesivi, film in PVC e pellicole da imballaggio.<\/li>\n<li>Industria tessile: Bobine per filati, fili e rotoli di tessuto.<\/li>\n<li>Industria della stampa: Cilindri per etichette e materiali di imballaggio flessibili.<\/li>\n<\/ul>\n<h3><strong><b>4.2 Benefici principali<\/b><\/strong><\/h3>\n<ul>\n<li><b><\/b><strong><b>Alta efficienza<\/b><\/strong>: Il design multitaglio consente la produzione in lotti, con una produzione giornaliera fino a 5.000 anime di carta (a seconda del formato).<\/li>\n<li><b><\/b><strong><b>Economicamente vantaggioso<\/b><\/strong>: Utilizza materiali cartacei riciclabili, riducendo i costi delle materie prime; il funzionamento automatico riduce le spese di manodopera.<\/li>\n<li><b><\/b><strong><b>Personalizzabile<\/b><\/strong>: Il diametro interno e lo spessore regolabili supportano ordini personalizzati, adattandosi alle diverse richieste del mercato.<\/li>\n<\/ul>\n<p>In sintesi, questo <a href=\"https:\/\/nrcmachine.com\/product\/spiral-paper-tube-making-machine-2\/\">macchina per anime di carta a spirale<\/a> combina precisione, efficienza e flessibilit\u00e0, diventando la soluzione ideale per la moderna produzione industriale di anime di carta.<\/p>","protected":false},"featured_media":1881,"template":"","meta":{"_acf_changed":false,"_monsterinsights_skip_tracking":false,"_monsterinsights_sitenote_active":false,"_monsterinsights_sitenote_note":"","_monsterinsights_sitenote_category":0,"site-sidebar-layout":"default","site-content-layout":"","ast-site-content-layout":"default","site-content-style":"default","site-sidebar-style":"default","ast-global-header-display":"","ast-banner-title-visibility":"","ast-main-header-display":"","ast-hfb-above-header-display":"","ast-hfb-below-header-display":"","ast-hfb-mobile-header-display":"","site-post-title":"","ast-breadcrumbs-content":"","ast-featured-img":"","footer-sml-layout":"","theme-transparent-header-meta":"default","adv-header-id-meta":"","stick-header-meta":"default","header-above-stick-meta":"","header-main-stick-meta":"","header-below-stick-meta":"","astra-migrate-meta-layouts":"set","ast-page-background-enabled":"default","ast-page-background-meta":{"desktop":{"background-color":"var(--ast-global-color-4)","background-image":"","background-repeat":"repeat","background-position":"center center","background-size":"auto","background-attachment":"scroll","background-type":"","background-media":"","overlay-type":"","overlay-color":"","overlay-opacity":"","overlay-gradient":""},"tablet":{"background-color":"","background-image":"","background-repeat":"repeat","background-position":"center center","background-size":"auto","background-attachment":"scroll","background-type":"","background-media":"","overlay-type":"","overlay-color":"","overlay-opacity":"","overlay-gradient":""},"mobile":{"background-color":"","background-image":"","background-repeat":"repeat","background-position":"center center","background-size":"auto","background-attachment":"scroll","background-type":"","background-media":"","overlay-type":"","overlay-color":"","overlay-opacity":"","overlay-gradient":""}},"ast-content-background-meta":{"desktop":{"background-color":"var(--ast-global-color-5)","background-image":"","background-repeat":"repeat","background-position":"center center","background-size":"auto","background-attachment":"scroll","background-type":"","background-media":"","overlay-type":"","overlay-color":"","overlay-opacity":"","overlay-gradient":""},"tablet":{"background-color":"var(--ast-global-color-5)","background-image":"","background-repeat":"repeat","background-position":"center center","background-size":"auto","background-attachment":"scroll","background-type":"","background-media":"","overlay-type":"","overlay-color":"","overlay-opacity":"","overlay-gradient":""},"mobile":{"background-color":"var(--ast-global-color-5)","background-image":"","background-repeat":"repeat","background-position":"center center","background-size":"auto","background-attachment":"scroll","background-type":"","background-media":"","overlay-type":"","overlay-color":"","overlay-opacity":"","overlay-gradient":""}}},"tags":[49,48],"products":[43],"class_list":["post-1880","product","type-product","status-publish","has-post-thumbnail","hentry","tag-paper-tube-machine","tag-paper-tube-making-machine","products-spiral-paper-tube-making-machine"],"acf":[],"aioseo_notices":[],"aioseo_head":"\n\t\t<!-- All in One SEO Pro 4.9.2 - aioseo.com -->\n\t<meta name=\"description\" content=\"Spiral paper core machine (also known as a paper pipe making machine) is an equipment designed for manufacturing paper pipes through a spiral winding process.\" \/>\n\t<meta name=\"robots\" content=\"noodp, max-snippet:-1, max-image-preview:large, max-video-preview:-1\" \/>\n\t<link rel=\"canonical\" href=\"https:\/\/nrcmachine.com\/it\/product\/paper-pipe-making-machine\/\" \/>\n\t<meta name=\"generator\" content=\"All in One SEO Pro (AIOSEO) 4.9.2\" \/>\n\t\t<meta property=\"og:locale\" content=\"it_IT\" \/>\n\t\t<meta property=\"og:site_name\" content=\"Toilet Paper Machine, Paper Tube Machine | NRC Machine - Reliable Paper Machinery Solutions\" \/>\n\t\t<meta property=\"og:type\" content=\"article\" \/>\n\t\t<meta property=\"og:title\" content=\"Paper Pipe Making Machine - QINGDAO NEW RICHUAN PRECISION\" \/>\n\t\t<meta property=\"og:description\" content=\"Spiral paper core machine (also known as a paper pipe making machine) is an equipment designed for manufacturing paper pipes through a spiral winding process.\" \/>\n\t\t<meta property=\"og:url\" content=\"https:\/\/nrcmachine.com\/it\/product\/paper-pipe-making-machine\/\" \/>\n\t\t<meta property=\"og:image\" content=\"https:\/\/nrcmachine.com\/wp-content\/uploads\/2025\/11\/Paper-tube-machine-3.webp\" \/>\n\t\t<meta property=\"og:image:secure_url\" content=\"https:\/\/nrcmachine.com\/wp-content\/uploads\/2025\/11\/Paper-tube-machine-3.webp\" \/>\n\t\t<meta property=\"og:image:width\" content=\"800\" \/>\n\t\t<meta property=\"og:image:height\" content=\"800\" \/>\n\t\t<meta property=\"article:published_time\" content=\"2025-11-05T14:58:17+00:00\" \/>\n\t\t<meta property=\"article:modified_time\" content=\"2026-01-02T22:01:57+00:00\" \/>\n\t\t<meta property=\"article:publisher\" content=\"https:\/\/www.facebook.com\/james.gao.349938\" \/>\n\t\t<meta name=\"twitter:card\" content=\"summary\" \/>\n\t\t<meta name=\"twitter:site\" content=\"@JamesGao65335\" \/>\n\t\t<meta name=\"twitter:title\" content=\"Paper Pipe Making Machine - QINGDAO NEW RICHUAN PRECISION\" \/>\n\t\t<meta name=\"twitter:description\" content=\"Spiral paper core machine (also known as a paper pipe making machine) is an equipment designed for manufacturing paper pipes through a spiral winding process.\" \/>\n\t\t<meta name=\"twitter:image\" content=\"https:\/\/nrcmachine.com\/wp-content\/uploads\/2025\/11\/Paper-tube-machine-3.webp\" \/>\n\t\t<script type=\"application\/ld+json\" class=\"aioseo-schema\">\n\t\t\t{\"@context\":\"https:\\\/\\\/schema.org\",\"@graph\":[{\"@type\":\"BreadcrumbList\",\"@id\":\"https:\\\/\\\/nrcmachine.com\\\/it\\\/product\\\/paper-pipe-making-machine\\\/#breadcrumblist\",\"itemListElement\":[{\"@type\":\"ListItem\",\"@id\":\"https:\\\/\\\/nrcmachine.com\\\/it#listItem\",\"position\":1,\"name\":\"Home\",\"item\":\"https:\\\/\\\/nrcmachine.com\\\/it\",\"nextItem\":{\"@type\":\"ListItem\",\"@id\":\"https:\\\/\\\/nrcmachine.com\\\/it\\\/product\\\/#listItem\",\"name\":\"Products\"}},{\"@type\":\"ListItem\",\"@id\":\"https:\\\/\\\/nrcmachine.com\\\/it\\\/product\\\/#listItem\",\"position\":2,\"name\":\"Products\",\"item\":\"https:\\\/\\\/nrcmachine.com\\\/it\\\/product\\\/\",\"nextItem\":{\"@type\":\"ListItem\",\"@id\":\"https:\\\/\\\/nrcmachine.com\\\/it\\\/tag\\\/paper-tube-making-machine\\\/#listItem\",\"name\":\"paper tube making machine\"},\"previousItem\":{\"@type\":\"ListItem\",\"@id\":\"https:\\\/\\\/nrcmachine.com\\\/it#listItem\",\"name\":\"Home\"}},{\"@type\":\"ListItem\",\"@id\":\"https:\\\/\\\/nrcmachine.com\\\/it\\\/tag\\\/paper-tube-making-machine\\\/#listItem\",\"position\":3,\"name\":\"paper tube making machine\",\"item\":\"https:\\\/\\\/nrcmachine.com\\\/it\\\/tag\\\/paper-tube-making-machine\\\/\",\"nextItem\":{\"@type\":\"ListItem\",\"@id\":\"https:\\\/\\\/nrcmachine.com\\\/it\\\/product\\\/paper-pipe-making-machine\\\/#listItem\",\"name\":\"Paper Pipe Making Machine\"},\"previousItem\":{\"@type\":\"ListItem\",\"@id\":\"https:\\\/\\\/nrcmachine.com\\\/it\\\/product\\\/#listItem\",\"name\":\"Products\"}},{\"@type\":\"ListItem\",\"@id\":\"https:\\\/\\\/nrcmachine.com\\\/it\\\/product\\\/paper-pipe-making-machine\\\/#listItem\",\"position\":4,\"name\":\"Paper Pipe Making Machine\",\"previousItem\":{\"@type\":\"ListItem\",\"@id\":\"https:\\\/\\\/nrcmachine.com\\\/it\\\/tag\\\/paper-tube-making-machine\\\/#listItem\",\"name\":\"paper tube making machine\"}}]},{\"@type\":\"Organization\",\"@id\":\"https:\\\/\\\/nrcmachine.com\\\/it\\\/#organization\",\"name\":\"Toilet Paper Machine, Paper Tube Machine | NRC Machine wordpress\",\"description\":\"Reliable Paper Machinery Solutions\",\"url\":\"https:\\\/\\\/nrcmachine.com\\\/it\\\/\",\"email\":\"james@nrcmachine.com\",\"telephone\":\"+8615254213289\",\"foundingDate\":\"2023-11-01\",\"numberOfEmployees\":{\"@type\":\"QuantitativeValue\",\"minValue\":1,\"maxValue\":50},\"logo\":{\"@type\":\"ImageObject\",\"url\":\"https:\\\/\\\/nrcmachine.com\\\/wp-content\\\/uploads\\\/2026\\\/01\\\/logo23.png\",\"@id\":\"https:\\\/\\\/nrcmachine.com\\\/it\\\/product\\\/paper-pipe-making-machine\\\/#organizationLogo\",\"width\":800,\"height\":800,\"caption\":\"logo for NRC MACHINE\"},\"image\":{\"@id\":\"https:\\\/\\\/nrcmachine.com\\\/it\\\/product\\\/paper-pipe-making-machine\\\/#organizationLogo\"},\"sameAs\":[\"https:\\\/\\\/www.facebook.com\\\/james.gao.349938\",\"https:\\\/\\\/x.com\\\/JamesGao65335\",\"https:\\\/\\\/www.instagram.com\\\/jamesgao407?igsh=d2YybzFhMjY0YTl3\",\"https:\\\/\\\/www.tiktok.com\\\/@gyl20210118\",\"https:\\\/\\\/www.linkedin.com\\\/in\\\/--9a63583a9\\\/\"],\"address\":{\"@id\":\"https:\\\/\\\/nrcmachine.com\\\/it\\\/#postaladdress\",\"@type\":\"PostalAddress\",\"streetAddress\":\"No..519,Jiangshan South Road,Huangdao,\",\"postalCode\":\"266500\",\"addressLocality\":\"Qingdao\",\"addressRegion\":\"Shandong Province\",\"addressCountry\":\"CN\"},\"taxID\":\"91370211MAD54P6P85\",\"vatID\":\"91370211MAD54P6P85\"},{\"@type\":\"WebPage\",\"@id\":\"https:\\\/\\\/nrcmachine.com\\\/it\\\/product\\\/paper-pipe-making-machine\\\/#webpage\",\"url\":\"https:\\\/\\\/nrcmachine.com\\\/it\\\/product\\\/paper-pipe-making-machine\\\/\",\"name\":\"Paper Pipe Making Machine - QINGDAO NEW RICHUAN PRECISION\",\"description\":\"Spiral paper core machine (also known as a paper pipe making machine) is an equipment designed for manufacturing paper pipes through a spiral winding process.\",\"inLanguage\":\"it-IT\",\"isPartOf\":{\"@id\":\"https:\\\/\\\/nrcmachine.com\\\/it\\\/#website\"},\"breadcrumb\":{\"@id\":\"https:\\\/\\\/nrcmachine.com\\\/it\\\/product\\\/paper-pipe-making-machine\\\/#breadcrumblist\"},\"image\":{\"@type\":\"ImageObject\",\"url\":\"https:\\\/\\\/nrcmachine.com\\\/wp-content\\\/uploads\\\/2025\\\/11\\\/Paper-tube-machine-3.webp\",\"@id\":\"https:\\\/\\\/nrcmachine.com\\\/it\\\/product\\\/paper-pipe-making-machine\\\/#mainImage\",\"width\":800,\"height\":800,\"caption\":\"Paper pipe making machine\"},\"primaryImageOfPage\":{\"@id\":\"https:\\\/\\\/nrcmachine.com\\\/it\\\/product\\\/paper-pipe-making-machine\\\/#mainImage\"},\"datePublished\":\"2025-11-05T22:58:17+08:00\",\"dateModified\":\"2026-01-03T06:01:57+08:00\"},{\"@type\":\"WebSite\",\"@id\":\"https:\\\/\\\/nrcmachine.com\\\/it\\\/#website\",\"url\":\"https:\\\/\\\/nrcmachine.com\\\/it\\\/\",\"name\":\"Toilet Paper Machine, Paper Tube Machine | NRC Machine\",\"alternateName\":\"Qingdao New Richuan Precision Machine Co.,Ltd\",\"description\":\"Reliable Paper Machinery Solutions\",\"inLanguage\":\"it-IT\",\"publisher\":{\"@id\":\"https:\\\/\\\/nrcmachine.com\\\/it\\\/#organization\"}}]}\n\t\t<\/script>\n\t\t<!-- All in One SEO Pro -->\r\n\t\t<title>Paper Pipe Making Machine - QINGDAO NEW RICHUAN PRECISION<\/title>\n\n","aioseo_head_json":{"title":"Macchina per la produzione di tubi di carta - QINGDAO NEW RICHUAN PRECISION","description":"La macchina per anime di carta a spirale (nota anche come macchina per la produzione di tubi di carta) \u00e8 un'apparecchiatura progettata per la produzione di tubi di carta attraverso un processo di avvolgimento a spirale.","canonical_url":"https:\/\/nrcmachine.com\/it\/product\/paper-pipe-making-machine\/","robots":"noodp, max-snippet:-1, max-image-preview:large, max-video-preview:-1","keywords":"","webmasterTools":{"miscellaneous":""},"schema":{"@context":"https:\/\/schema.org","@graph":[{"@type":"BreadcrumbList","@id":"https:\/\/nrcmachine.com\/it\/product\/paper-pipe-making-machine\/#breadcrumblist","itemListElement":[{"@type":"ListItem","@id":"https:\/\/nrcmachine.com\/it#listItem","position":1,"name":"Home","item":"https:\/\/nrcmachine.com\/it","nextItem":{"@type":"ListItem","@id":"https:\/\/nrcmachine.com\/it\/product\/#listItem","name":"Products"}},{"@type":"ListItem","@id":"https:\/\/nrcmachine.com\/it\/product\/#listItem","position":2,"name":"Products","item":"https:\/\/nrcmachine.com\/it\/product\/","nextItem":{"@type":"ListItem","@id":"https:\/\/nrcmachine.com\/it\/tag\/paper-tube-making-machine\/#listItem","name":"paper tube making machine"},"previousItem":{"@type":"ListItem","@id":"https:\/\/nrcmachine.com\/it#listItem","name":"Home"}},{"@type":"ListItem","@id":"https:\/\/nrcmachine.com\/it\/tag\/paper-tube-making-machine\/#listItem","position":3,"name":"paper tube making machine","item":"https:\/\/nrcmachine.com\/it\/tag\/paper-tube-making-machine\/","nextItem":{"@type":"ListItem","@id":"https:\/\/nrcmachine.com\/it\/product\/paper-pipe-making-machine\/#listItem","name":"Paper Pipe Making Machine"},"previousItem":{"@type":"ListItem","@id":"https:\/\/nrcmachine.com\/it\/product\/#listItem","name":"Products"}},{"@type":"ListItem","@id":"https:\/\/nrcmachine.com\/it\/product\/paper-pipe-making-machine\/#listItem","position":4,"name":"Paper Pipe Making Machine","previousItem":{"@type":"ListItem","@id":"https:\/\/nrcmachine.com\/it\/tag\/paper-tube-making-machine\/#listItem","name":"paper tube making machine"}}]},{"@type":"Organization","@id":"https:\/\/nrcmachine.com\/it\/#organization","name":"Toilet Paper Machine, Paper Tube Machine | NRC Machine wordpress","description":"Reliable Paper Machinery Solutions","url":"https:\/\/nrcmachine.com\/it\/","email":"james@nrcmachine.com","telephone":"+8615254213289","foundingDate":"2023-11-01","numberOfEmployees":{"@type":"QuantitativeValue","minValue":1,"maxValue":50},"logo":{"@type":"ImageObject","url":"https:\/\/nrcmachine.com\/wp-content\/uploads\/2026\/01\/logo23.png","@id":"https:\/\/nrcmachine.com\/it\/product\/paper-pipe-making-machine\/#organizationLogo","width":800,"height":800,"caption":"logo for NRC MACHINE"},"image":{"@id":"https:\/\/nrcmachine.com\/it\/product\/paper-pipe-making-machine\/#organizationLogo"},"sameAs":["https:\/\/www.facebook.com\/james.gao.349938","https:\/\/x.com\/JamesGao65335","https:\/\/www.instagram.com\/jamesgao407?igsh=d2YybzFhMjY0YTl3","https:\/\/www.tiktok.com\/@gyl20210118","https:\/\/www.linkedin.com\/in\/--9a63583a9\/"],"address":{"@id":"https:\/\/nrcmachine.com\/it\/#postaladdress","@type":"PostalAddress","streetAddress":"No..519,Jiangshan South Road,Huangdao,","postalCode":"266500","addressLocality":"Qingdao","addressRegion":"Shandong Province","addressCountry":"CN"},"taxID":"91370211MAD54P6P85","vatID":"91370211MAD54P6P85"},{"@type":"WebPage","@id":"https:\/\/nrcmachine.com\/it\/product\/paper-pipe-making-machine\/#webpage","url":"https:\/\/nrcmachine.com\/it\/product\/paper-pipe-making-machine\/","name":"Paper Pipe Making Machine - QINGDAO NEW RICHUAN PRECISION","description":"Spiral paper core machine (also known as a paper pipe making machine) is an equipment designed for manufacturing paper pipes through a spiral winding process.","inLanguage":"it-IT","isPartOf":{"@id":"https:\/\/nrcmachine.com\/it\/#website"},"breadcrumb":{"@id":"https:\/\/nrcmachine.com\/it\/product\/paper-pipe-making-machine\/#breadcrumblist"},"image":{"@type":"ImageObject","url":"https:\/\/nrcmachine.com\/wp-content\/uploads\/2025\/11\/Paper-tube-machine-3.webp","@id":"https:\/\/nrcmachine.com\/it\/product\/paper-pipe-making-machine\/#mainImage","width":800,"height":800,"caption":"Paper pipe making machine"},"primaryImageOfPage":{"@id":"https:\/\/nrcmachine.com\/it\/product\/paper-pipe-making-machine\/#mainImage"},"datePublished":"2025-11-05T22:58:17+08:00","dateModified":"2026-01-03T06:01:57+08:00"},{"@type":"WebSite","@id":"https:\/\/nrcmachine.com\/it\/#website","url":"https:\/\/nrcmachine.com\/it\/","name":"Toilet Paper Machine, Paper Tube Machine | NRC Machine","alternateName":"Qingdao New Richuan Precision Machine Co.,Ltd","description":"Reliable Paper Machinery Solutions","inLanguage":"it-IT","publisher":{"@id":"https:\/\/nrcmachine.com\/it\/#organization"}}]},"og:locale":"it_IT","og:site_name":"Toilet Paper Machine, Paper Tube Machine | NRC Machine - Reliable Paper Machinery Solutions","og:type":"article","og:title":"Paper Pipe Making Machine - QINGDAO NEW RICHUAN PRECISION","og:description":"Spiral paper core machine (also known as a paper pipe making machine) is an equipment designed for manufacturing paper pipes through a spiral winding process.","og:url":"https:\/\/nrcmachine.com\/it\/product\/paper-pipe-making-machine\/","og:image":"https:\/\/nrcmachine.com\/wp-content\/uploads\/2025\/11\/Paper-tube-machine-3.webp","og:image:secure_url":"https:\/\/nrcmachine.com\/wp-content\/uploads\/2025\/11\/Paper-tube-machine-3.webp","og:image:width":800,"og:image:height":800,"article:published_time":"2025-11-05T14:58:17+00:00","article:modified_time":"2026-01-02T22:01:57+00:00","article:publisher":"https:\/\/www.facebook.com\/james.gao.349938","twitter:card":"summary","twitter:site":"@JamesGao65335","twitter:title":"Paper Pipe Making Machine - QINGDAO NEW RICHUAN PRECISION","twitter:description":"Spiral paper core machine (also known as a paper pipe making machine) is an equipment designed for manufacturing paper pipes through a spiral winding process.","twitter:image":"https:\/\/nrcmachine.com\/wp-content\/uploads\/2025\/11\/Paper-tube-machine-3.webp"},"aioseo_meta_data":{"post_id":"1880","title":"#post_title #separator_sa QINGDAO NEW RICHUAN PRECISION","description":"La macchina per anime di carta a spirale (nota anche come macchina per la produzione di tubi di carta) \u00e8 un'apparecchiatura progettata per la produzione di tubi di carta attraverso un processo di avvolgimento a spirale.","keywords":null,"keyphrases":{"focus":{"keyphrase":"paper pipe making machine","score":100,"analysis":{"keyphraseInTitle":{"score":9,"maxScore":9,"error":0},"keyphraseInDescription":{"score":9,"maxScore":9,"error":0},"keyphraseLength":{"score":9,"maxScore":9,"error":0,"length":4},"keyphraseInURL":{"score":5,"maxScore":5,"error":0},"keyphraseInIntroduction":{"score":9,"maxScore":9,"error":0},"keyphraseInSubHeadings":{"score":9,"maxScore":9,"error":0},"keyphraseInImageAlt":[],"keywordDensity":{"type":"best","score":9,"maxScore":9,"error":0}}},"additional":[]},"primary_term":null,"canonical_url":null,"og_title":null,"og_description":null,"og_object_type":"default","og_image_type":"default","og_image_url":null,"og_image_width":null,"og_image_height":null,"og_image_custom_url":null,"og_image_custom_fields":null,"og_video":"","og_custom_url":null,"og_article_section":null,"og_article_tags":null,"twitter_use_og":false,"twitter_card":"default","twitter_image_type":"default","twitter_image_url":null,"twitter_image_custom_url":null,"twitter_image_custom_fields":null,"twitter_title":null,"twitter_description":null,"schema":{"blockGraphs":[],"customGraphs":[],"default":{"data":{"Article":[],"Course":[],"Dataset":[],"FAQPage":[],"Movie":[],"Person":[],"Product":[],"ProductReview":[],"Car":[],"Recipe":[],"Service":[],"SoftwareApplication":[],"WebPage":[]},"graphName":"ItemPage","isEnabled":true},"graphs":[]},"schema_type":"default","schema_type_options":null,"pillar_content":false,"robots_default":true,"robots_noindex":false,"robots_noarchive":false,"robots_nosnippet":false,"robots_nofollow":false,"robots_noimageindex":false,"robots_noodp":false,"robots_notranslate":false,"robots_max_snippet":"-1","robots_max_videopreview":"-1","robots_max_imagepreview":"large","priority":null,"frequency":"default","local_seo":null,"seo_analyzer_scan_date":"2026-02-13 03:47:23","breadcrumb_settings":null,"limit_modified_date":false,"reviewed_by":null,"open_ai":null,"ai":{"faqs":[],"keyPoints":[],"titles":[],"descriptions":[],"socialPosts":{"email":[],"linkedin":[],"twitter":[],"facebook":[],"instagram":[]}},"created":"2025-12-11 08:37:57","updated":"2026-02-13 06:50:20"},"aioseo_breadcrumb":"<div class=\"aioseo-breadcrumbs\"><span class=\"aioseo-breadcrumb\">\n\t<a href=\"https:\/\/nrcmachine.com\/it\" title=\"Home\">Home<\/a>\n<\/span><span class=\"aioseo-breadcrumb-separator\">\u00bb<\/span><span class=\"aioseo-breadcrumb\">\n\t<a href=\"https:\/\/nrcmachine.com\/it\/product\/\" title=\"Products\">Products<\/a>\n<\/span><span class=\"aioseo-breadcrumb-separator\">\u00bb<\/span><span class=\"aioseo-breadcrumb\">\n\t<a href=\"https:\/\/nrcmachine.com\/it\/tag\/paper-tube-making-machine\/\" title=\"paper tube making machine\">paper tube making machine<\/a>\n<\/span><span class=\"aioseo-breadcrumb-separator\">\u00bb<\/span><span class=\"aioseo-breadcrumb\">\n\tPaper Pipe Making Machine\n<\/span><\/div>","aioseo_breadcrumb_json":[{"label":"Home","link":"https:\/\/nrcmachine.com\/it"},{"label":"Products","link":"https:\/\/nrcmachine.com\/it\/product\/"},{"label":"paper tube making machine","link":"https:\/\/nrcmachine.com\/it\/tag\/paper-tube-making-machine\/"},{"label":"Paper Pipe Making Machine","link":"https:\/\/nrcmachine.com\/it\/product\/paper-pipe-making-machine\/"}],"_links":{"self":[{"href":"https:\/\/nrcmachine.com\/it\/wp-json\/wp\/v2\/product\/1880","targetHints":{"allow":["GET"]}}],"collection":[{"href":"https:\/\/nrcmachine.com\/it\/wp-json\/wp\/v2\/product"}],"about":[{"href":"https:\/\/nrcmachine.com\/it\/wp-json\/wp\/v2\/types\/product"}],"version-history":[{"count":0,"href":"https:\/\/nrcmachine.com\/it\/wp-json\/wp\/v2\/product\/1880\/revisions"}],"wp:featuredmedia":[{"embeddable":true,"href":"https:\/\/nrcmachine.com\/it\/wp-json\/wp\/v2\/media\/1881"}],"wp:attachment":[{"href":"https:\/\/nrcmachine.com\/it\/wp-json\/wp\/v2\/media?parent=1880"}],"wp:term":[{"taxonomy":"post_tag","embeddable":true,"href":"https:\/\/nrcmachine.com\/it\/wp-json\/wp\/v2\/tags?post=1880"},{"taxonomy":"products","embeddable":true,"href":"https:\/\/nrcmachine.com\/it\/wp-json\/wp\/v2\/products?post=1880"}],"curies":[{"name":"wp","href":"https:\/\/api.w.org\/{rel}","templated":true}]}}