 {"id":2042,"date":"2025-11-10T12:18:40","date_gmt":"2025-11-10T04:18:40","guid":{"rendered":"https:\/\/nrcmachine.com\/?post_type=product&#038;p=2042"},"modified":"2025-12-31T19:05:59","modified_gmt":"2025-12-31T11:05:59","slug":"toilet-paper-rewinding-machine-2","status":"publish","type":"product","link":"https:\/\/nrcmachine.com\/it\/product\/toilet-paper-rewinding-machine-2\/","title":{"rendered":"Macchina per il riavvolgimento della carta igienica"},"content":{"rendered":"<h3 style=\"text-align: center;\"><strong><a href=\"https:\/\/nrcmachine.com\/products\/toilet-paper-making-machine\/\">Macchina per il riavvolgimento della carta igienica<\/a> da <a href=\"https:\/\/nrcmachine.com\">MACCHINA NRC<\/a><\/strong><\/h3>\n<h4><strong>Introduzione alla macchina<\/strong><\/h4>\n<p>Il <a href=\"https:\/\/nrcmachine.com\/products\/toilet-paper-making-machine\/\">Macchina per il riavvolgimento della carta igienica<\/a> da <a href=\"https:\/\/nrcmachine.com\">MACCHINA NRC<\/a> \u00e8 una soluzione ad alta efficienza progettata per la moderna industria del tissue. Progettata per garantire precisione e affidabilit\u00e0, trasforma rotoli jumbo di grandi dimensioni in rotoli pi\u00f9 piccoli e pronti per il consumo, con una qualit\u00e0 costante.<\/p>\n<div class=\"ast-oembed-container\" style=\"height: 100%;\"><iframe title=\"Rotolo di carta igienica che fa macchina per Sale#High Speed#Full Automatic#China\" width=\"500\" height=\"281\" src=\"https:\/\/www.youtube.com\/embed\/VsvIKijhGfo?feature=oembed\" frameborder=\"0\" allow=\"accelerometer; autoplay; clipboard-write; encrypted-media; gyroscope; picture-in-picture; web-share\" referrerpolicy=\"strict-origin-when-cross-origin\" allowfullscreen><\/iframe><\/div>\n<h4><strong>Caratteristiche principali e tecnologia<\/strong><\/h4>\n<p>Questa macchina integra sistemi avanzati di automazione e controllo intelligente. \u00c8 dotata di un pannello di controllo PLC, di un'interfaccia touch-screen e di un sistema di tracciamento fotoelettrico per un taglio accurato dei rotoli. Il processo di riavvolgimento assicura un controllo uniforme della tensione, riducendo al minimo le rotture e gli sprechi di carta. Supporta diversi tipi di carta, compresi i tessuti a 2 e 3 veli, e si adatta rapidamente a diversi diametri e larghezze dei rotoli.<\/p>\n<h4><strong>Prestazioni ed efficienza<\/strong><\/h4>\n<p>Operando a velocit\u00e0 elevate, fino a 1.800 metri al minuto, la macchina massimizza la produzione. Offre un controllo preciso della lunghezza dei rotoli e un riavvolgimento preciso, assicurando prodotti finali uniformi. La costruzione robusta, che utilizza acciaio inossidabile di alta qualit\u00e0 e componenti resistenti all'usura, garantisce una lunga durata e una manutenzione ridotta.<\/p>\n<h4><strong>Design facile da usare<\/strong><\/h4>\n<p><a href=\"https:\/\/nrcmachine.com\">MACCHINA NRC<\/a> privilegia la facilit\u00e0 d'uso. La macchina include sistemi di cambio rapido dei rulli, rilevamento automatico dei guasti e interblocchi di sicurezza. Gli operatori possono impostare facilmente i parametri e il sistema memorizza pi\u00f9 ricette di produzione per cambiare rapidamente lavoro.<\/p>\n<h4><strong>Applicazioni e mercato<\/strong><\/h4>\n<p>Ideale per i produttori di tissue e gli impianti di confezionamento, questa ribobinatrice serve sia il mercato domestico che quello commerciale. Produce rotoli di carta igienica per abitazioni, hotel e bagni pubblici, rispettando i pi\u00f9 severi standard igienici e qualitativi.<\/p>\n<h4><strong>Conclusione<\/strong><\/h4>\n<p>Il <a href=\"https:\/\/nrcmachinery.com\/products\/toilet-paper-machine.html\">Macchina per il riavvolgimento della carta igienica<\/a> da <a href=\"https:\/\/nrcmachine.com\">MACCHINA NRC<\/a> combina innovazione, velocit\u00e0 e affidabilit\u00e0. Grazie ai suoi controlli intelligenti, alla struttura resistente e all'elevata produzione, rappresenta una scelta competitiva per i produttori di tissue che puntano all'efficienza e all'uniformit\u00e0 del prodotto nel 2025.<\/p>\n<p>&nbsp;<\/p>","protected":false},"featured_media":3524,"template":"","meta":{"_acf_changed":false,"_monsterinsights_skip_tracking":false,"_monsterinsights_sitenote_active":false,"_monsterinsights_sitenote_note":"","_monsterinsights_sitenote_category":0,"site-sidebar-layout":"default","site-content-layout":"","ast-site-content-layout":"default","site-content-style":"default","site-sidebar-style":"default","ast-global-header-display":"","ast-banner-title-visibility":"","ast-main-header-display":"","ast-hfb-above-header-display":"","ast-hfb-below-header-display":"","ast-hfb-mobile-header-display":"","site-post-title":"","ast-breadcrumbs-content":"","ast-featured-img":"","footer-sml-layout":"","theme-transparent-header-meta":"default","adv-header-id-meta":"","stick-header-meta":"default","header-above-stick-meta":"","header-main-stick-meta":"","header-below-stick-meta":"","astra-migrate-meta-layouts":"set","ast-page-background-enabled":"default","ast-page-background-meta":{"desktop":{"background-color":"var(--ast-global-color-4)","background-image":"","background-repeat":"repeat","background-position":"center center","background-size":"auto","background-attachment":"scroll","background-type":"","background-media":"","overlay-type":"","overlay-color":"","overlay-opacity":"","overlay-gradient":""},"tablet":{"background-color":"","background-image":"","background-repeat":"repeat","background-position":"center center","background-size":"auto","background-attachment":"scroll","background-type":"","background-media":"","overlay-type":"","overlay-color":"","overlay-opacity":"","overlay-gradient":""},"mobile":{"background-color":"","background-image":"","background-repeat":"repeat","background-position":"center center","background-size":"auto","background-attachment":"scroll","background-type":"","background-media":"","overlay-type":"","overlay-color":"","overlay-opacity":"","overlay-gradient":""}},"ast-content-background-meta":{"desktop":{"background-color":"var(--ast-global-color-5)","background-image":"","background-repeat":"repeat","background-position":"center center","background-size":"auto","background-attachment":"scroll","background-type":"","background-media":"","overlay-type":"","overlay-color":"","overlay-opacity":"","overlay-gradient":""},"tablet":{"background-color":"var(--ast-global-color-5)","background-image":"","background-repeat":"repeat","background-position":"center center","background-size":"auto","background-attachment":"scroll","background-type":"","background-media":"","overlay-type":"","overlay-color":"","overlay-opacity":"","overlay-gradient":""},"mobile":{"background-color":"var(--ast-global-color-5)","background-image":"","background-repeat":"repeat","background-position":"center center","background-size":"auto","background-attachment":"scroll","background-type":"","background-media":"","overlay-type":"","overlay-color":"","overlay-opacity":"","overlay-gradient":""}}},"tags":[56],"products":[47],"class_list":["post-2042","product","type-product","status-publish","has-post-thumbnail","hentry","tag-toilet-paper-making-machine","products-toilet-paper-making-machine"],"acf":[],"aioseo_notices":[],"aioseo_head":"\n\t\t<!-- All in One SEO Pro 4.9.2 - aioseo.com -->\n\t<meta name=\"description\" content=\"The Toilet Paper Rewinding Machine from NRC MACHINE is designed for the modern tissue processing industry. It transforms large jumbo rolls into smaller rolls.\" \/>\n\t<meta name=\"robots\" content=\"noodp, max-snippet:-1, max-image-preview:large, max-video-preview:-1\" \/>\n\t<link rel=\"canonical\" href=\"https:\/\/nrcmachine.com\/it\/product\/toilet-paper-rewinding-machine-2\/\" \/>\n\t<meta name=\"generator\" content=\"All in One SEO Pro (AIOSEO) 4.9.2\" \/>\n\t\t<meta property=\"og:locale\" content=\"it_IT\" \/>\n\t\t<meta property=\"og:site_name\" content=\"Toilet Paper Machine, Paper Tube Machine | NRC Machine - Reliable Paper Machinery Solutions\" \/>\n\t\t<meta property=\"og:type\" content=\"article\" \/>\n\t\t<meta property=\"og:title\" content=\"Toilet Paper Rewinding Machine - QINGDAO NEW RICHUAN\" \/>\n\t\t<meta property=\"og:description\" content=\"The Toilet Paper Rewinding Machine from NRC MACHINE is designed for the modern tissue processing industry. It transforms large jumbo rolls into smaller rolls.\" \/>\n\t\t<meta property=\"og:url\" content=\"https:\/\/nrcmachine.com\/it\/product\/toilet-paper-rewinding-machine-2\/\" \/>\n\t\t<meta property=\"og:image\" content=\"https:\/\/nrcmachine.com\/wp-content\/uploads\/2025\/11\/toilet-paper-rewinding-machine-2.webp\" \/>\n\t\t<meta property=\"og:image:secure_url\" content=\"https:\/\/nrcmachine.com\/wp-content\/uploads\/2025\/11\/toilet-paper-rewinding-machine-2.webp\" \/>\n\t\t<meta property=\"og:image:width\" content=\"680\" \/>\n\t\t<meta property=\"og:image:height\" content=\"680\" \/>\n\t\t<meta property=\"article:published_time\" content=\"2025-11-10T04:18:40+00:00\" \/>\n\t\t<meta property=\"article:modified_time\" content=\"2025-12-31T11:05:59+00:00\" \/>\n\t\t<meta property=\"article:publisher\" content=\"https:\/\/www.facebook.com\/james.gao.349938\" \/>\n\t\t<meta name=\"twitter:card\" content=\"summary\" \/>\n\t\t<meta name=\"twitter:site\" content=\"@JamesGao65335\" \/>\n\t\t<meta name=\"twitter:title\" content=\"Toilet Paper Rewinding Machine - QINGDAO NEW RICHUAN\" \/>\n\t\t<meta name=\"twitter:description\" content=\"The Toilet Paper Rewinding Machine from NRC MACHINE is designed for the modern tissue processing industry. It transforms large jumbo rolls into smaller rolls.\" \/>\n\t\t<meta name=\"twitter:image\" content=\"https:\/\/nrcmachine.com\/wp-content\/uploads\/2025\/11\/toilet-paper-rewinding-machine-2.webp\" \/>\n\t\t<script type=\"application\/ld+json\" class=\"aioseo-schema\">\n\t\t\t{\"@context\":\"https:\\\/\\\/schema.org\",\"@graph\":[{\"@type\":\"BreadcrumbList\",\"@id\":\"https:\\\/\\\/nrcmachine.com\\\/it\\\/product\\\/toilet-paper-rewinding-machine-2\\\/#breadcrumblist\",\"itemListElement\":[{\"@type\":\"ListItem\",\"@id\":\"https:\\\/\\\/nrcmachine.com\\\/it#listItem\",\"position\":1,\"name\":\"Home\",\"item\":\"https:\\\/\\\/nrcmachine.com\\\/it\",\"nextItem\":{\"@type\":\"ListItem\",\"@id\":\"https:\\\/\\\/nrcmachine.com\\\/it\\\/product\\\/#listItem\",\"name\":\"Products\"}},{\"@type\":\"ListItem\",\"@id\":\"https:\\\/\\\/nrcmachine.com\\\/it\\\/product\\\/#listItem\",\"position\":2,\"name\":\"Products\",\"item\":\"https:\\\/\\\/nrcmachine.com\\\/it\\\/product\\\/\",\"nextItem\":{\"@type\":\"ListItem\",\"@id\":\"https:\\\/\\\/nrcmachine.com\\\/it\\\/tag\\\/toilet-paper-making-machine\\\/#listItem\",\"name\":\"toilet paper making machine\"},\"previousItem\":{\"@type\":\"ListItem\",\"@id\":\"https:\\\/\\\/nrcmachine.com\\\/it#listItem\",\"name\":\"Home\"}},{\"@type\":\"ListItem\",\"@id\":\"https:\\\/\\\/nrcmachine.com\\\/it\\\/tag\\\/toilet-paper-making-machine\\\/#listItem\",\"position\":3,\"name\":\"toilet paper making machine\",\"item\":\"https:\\\/\\\/nrcmachine.com\\\/it\\\/tag\\\/toilet-paper-making-machine\\\/\",\"nextItem\":{\"@type\":\"ListItem\",\"@id\":\"https:\\\/\\\/nrcmachine.com\\\/it\\\/product\\\/toilet-paper-rewinding-machine-2\\\/#listItem\",\"name\":\"Toilet Paper Rewinding Machine\"},\"previousItem\":{\"@type\":\"ListItem\",\"@id\":\"https:\\\/\\\/nrcmachine.com\\\/it\\\/product\\\/#listItem\",\"name\":\"Products\"}},{\"@type\":\"ListItem\",\"@id\":\"https:\\\/\\\/nrcmachine.com\\\/it\\\/product\\\/toilet-paper-rewinding-machine-2\\\/#listItem\",\"position\":4,\"name\":\"Toilet Paper Rewinding Machine\",\"previousItem\":{\"@type\":\"ListItem\",\"@id\":\"https:\\\/\\\/nrcmachine.com\\\/it\\\/tag\\\/toilet-paper-making-machine\\\/#listItem\",\"name\":\"toilet paper making machine\"}}]},{\"@type\":\"Organization\",\"@id\":\"https:\\\/\\\/nrcmachine.com\\\/it\\\/#organization\",\"name\":\"Toilet Paper Machine, Paper Tube Machine | NRC Machine wordpress\",\"description\":\"Reliable Paper Machinery Solutions\",\"url\":\"https:\\\/\\\/nrcmachine.com\\\/it\\\/\",\"email\":\"james@nrcmachine.com\",\"telephone\":\"+8615254213289\",\"foundingDate\":\"2023-11-01\",\"numberOfEmployees\":{\"@type\":\"QuantitativeValue\",\"minValue\":1,\"maxValue\":50},\"logo\":{\"@type\":\"ImageObject\",\"url\":\"https:\\\/\\\/nrcmachine.com\\\/wp-content\\\/uploads\\\/2026\\\/01\\\/logo23.png\",\"@id\":\"https:\\\/\\\/nrcmachine.com\\\/it\\\/product\\\/toilet-paper-rewinding-machine-2\\\/#organizationLogo\",\"width\":800,\"height\":800,\"caption\":\"logo for NRC MACHINE\"},\"image\":{\"@id\":\"https:\\\/\\\/nrcmachine.com\\\/it\\\/product\\\/toilet-paper-rewinding-machine-2\\\/#organizationLogo\"},\"sameAs\":[\"https:\\\/\\\/www.facebook.com\\\/james.gao.349938\",\"https:\\\/\\\/x.com\\\/JamesGao65335\",\"https:\\\/\\\/www.instagram.com\\\/jamesgao407?igsh=d2YybzFhMjY0YTl3\",\"https:\\\/\\\/www.tiktok.com\\\/@gyl20210118\",\"https:\\\/\\\/www.linkedin.com\\\/in\\\/--9a63583a9\\\/\"],\"address\":{\"@id\":\"https:\\\/\\\/nrcmachine.com\\\/it\\\/#postaladdress\",\"@type\":\"PostalAddress\",\"streetAddress\":\"No..519,Jiangshan South Road,Huangdao,\",\"postalCode\":\"266500\",\"addressLocality\":\"Qingdao\",\"addressRegion\":\"Shandong Province\",\"addressCountry\":\"CN\"},\"taxID\":\"91370211MAD54P6P85\",\"vatID\":\"91370211MAD54P6P85\"},{\"@type\":\"WebPage\",\"@id\":\"https:\\\/\\\/nrcmachine.com\\\/it\\\/product\\\/toilet-paper-rewinding-machine-2\\\/#webpage\",\"url\":\"https:\\\/\\\/nrcmachine.com\\\/it\\\/product\\\/toilet-paper-rewinding-machine-2\\\/\",\"name\":\"Toilet Paper Rewinding Machine - QINGDAO NEW RICHUAN\",\"description\":\"The Toilet Paper Rewinding Machine from NRC MACHINE is designed for the modern tissue processing industry. It transforms large jumbo rolls into smaller rolls.\",\"inLanguage\":\"it-IT\",\"isPartOf\":{\"@id\":\"https:\\\/\\\/nrcmachine.com\\\/it\\\/#website\"},\"breadcrumb\":{\"@id\":\"https:\\\/\\\/nrcmachine.com\\\/it\\\/product\\\/toilet-paper-rewinding-machine-2\\\/#breadcrumblist\"},\"image\":{\"@type\":\"ImageObject\",\"url\":\"https:\\\/\\\/nrcmachine.com\\\/wp-content\\\/uploads\\\/2025\\\/11\\\/toilet-paper-rewinding-machine-2.webp\",\"@id\":\"https:\\\/\\\/nrcmachine.com\\\/it\\\/product\\\/toilet-paper-rewinding-machine-2\\\/#mainImage\",\"width\":680,\"height\":680,\"caption\":\"toilet paper rewinding machine\"},\"primaryImageOfPage\":{\"@id\":\"https:\\\/\\\/nrcmachine.com\\\/it\\\/product\\\/toilet-paper-rewinding-machine-2\\\/#mainImage\"},\"datePublished\":\"2025-11-10T12:18:40+08:00\",\"dateModified\":\"2025-12-31T19:05:59+08:00\"},{\"@type\":\"WebSite\",\"@id\":\"https:\\\/\\\/nrcmachine.com\\\/it\\\/#website\",\"url\":\"https:\\\/\\\/nrcmachine.com\\\/it\\\/\",\"name\":\"Toilet Paper Machine, Paper Tube Machine | NRC Machine\",\"alternateName\":\"Qingdao New Richuan Precision Machine Co.,Ltd\",\"description\":\"Reliable Paper Machinery Solutions\",\"inLanguage\":\"it-IT\",\"publisher\":{\"@id\":\"https:\\\/\\\/nrcmachine.com\\\/it\\\/#organization\"}}]}\n\t\t<\/script>\n\t\t<!-- All in One SEO Pro -->\r\n\t\t<title>Toilet Paper Rewinding Machine - QINGDAO NEW RICHUAN<\/title>\n\n","aioseo_head_json":{"title":"Macchina per riavvolgere la carta igienica - QINGDAO NEW RICHUAN","description":"La macchina per il riavvolgimento della carta igienica di NRC MACHINE \u00e8 stata progettata per la moderna industria del tissue. Trasforma grandi rotoli jumbo in rotoli pi\u00f9 piccoli.","canonical_url":"https:\/\/nrcmachine.com\/it\/product\/toilet-paper-rewinding-machine-2\/","robots":"noodp, max-snippet:-1, max-image-preview:large, max-video-preview:-1","keywords":"","webmasterTools":{"miscellaneous":""},"schema":{"@context":"https:\/\/schema.org","@graph":[{"@type":"BreadcrumbList","@id":"https:\/\/nrcmachine.com\/it\/product\/toilet-paper-rewinding-machine-2\/#breadcrumblist","itemListElement":[{"@type":"ListItem","@id":"https:\/\/nrcmachine.com\/it#listItem","position":1,"name":"Home","item":"https:\/\/nrcmachine.com\/it","nextItem":{"@type":"ListItem","@id":"https:\/\/nrcmachine.com\/it\/product\/#listItem","name":"Products"}},{"@type":"ListItem","@id":"https:\/\/nrcmachine.com\/it\/product\/#listItem","position":2,"name":"Products","item":"https:\/\/nrcmachine.com\/it\/product\/","nextItem":{"@type":"ListItem","@id":"https:\/\/nrcmachine.com\/it\/tag\/toilet-paper-making-machine\/#listItem","name":"toilet paper making machine"},"previousItem":{"@type":"ListItem","@id":"https:\/\/nrcmachine.com\/it#listItem","name":"Home"}},{"@type":"ListItem","@id":"https:\/\/nrcmachine.com\/it\/tag\/toilet-paper-making-machine\/#listItem","position":3,"name":"toilet paper making machine","item":"https:\/\/nrcmachine.com\/it\/tag\/toilet-paper-making-machine\/","nextItem":{"@type":"ListItem","@id":"https:\/\/nrcmachine.com\/it\/product\/toilet-paper-rewinding-machine-2\/#listItem","name":"Toilet Paper Rewinding Machine"},"previousItem":{"@type":"ListItem","@id":"https:\/\/nrcmachine.com\/it\/product\/#listItem","name":"Products"}},{"@type":"ListItem","@id":"https:\/\/nrcmachine.com\/it\/product\/toilet-paper-rewinding-machine-2\/#listItem","position":4,"name":"Toilet Paper Rewinding Machine","previousItem":{"@type":"ListItem","@id":"https:\/\/nrcmachine.com\/it\/tag\/toilet-paper-making-machine\/#listItem","name":"toilet paper making machine"}}]},{"@type":"Organization","@id":"https:\/\/nrcmachine.com\/it\/#organization","name":"Toilet Paper Machine, Paper Tube Machine | NRC Machine wordpress","description":"Reliable Paper Machinery Solutions","url":"https:\/\/nrcmachine.com\/it\/","email":"james@nrcmachine.com","telephone":"+8615254213289","foundingDate":"2023-11-01","numberOfEmployees":{"@type":"QuantitativeValue","minValue":1,"maxValue":50},"logo":{"@type":"ImageObject","url":"https:\/\/nrcmachine.com\/wp-content\/uploads\/2026\/01\/logo23.png","@id":"https:\/\/nrcmachine.com\/it\/product\/toilet-paper-rewinding-machine-2\/#organizationLogo","width":800,"height":800,"caption":"logo for NRC MACHINE"},"image":{"@id":"https:\/\/nrcmachine.com\/it\/product\/toilet-paper-rewinding-machine-2\/#organizationLogo"},"sameAs":["https:\/\/www.facebook.com\/james.gao.349938","https:\/\/x.com\/JamesGao65335","https:\/\/www.instagram.com\/jamesgao407?igsh=d2YybzFhMjY0YTl3","https:\/\/www.tiktok.com\/@gyl20210118","https:\/\/www.linkedin.com\/in\/--9a63583a9\/"],"address":{"@id":"https:\/\/nrcmachine.com\/it\/#postaladdress","@type":"PostalAddress","streetAddress":"No..519,Jiangshan South Road,Huangdao,","postalCode":"266500","addressLocality":"Qingdao","addressRegion":"Shandong Province","addressCountry":"CN"},"taxID":"91370211MAD54P6P85","vatID":"91370211MAD54P6P85"},{"@type":"WebPage","@id":"https:\/\/nrcmachine.com\/it\/product\/toilet-paper-rewinding-machine-2\/#webpage","url":"https:\/\/nrcmachine.com\/it\/product\/toilet-paper-rewinding-machine-2\/","name":"Toilet Paper Rewinding Machine - QINGDAO NEW RICHUAN","description":"The Toilet Paper Rewinding Machine from NRC MACHINE is designed for the modern tissue processing industry. It transforms large jumbo rolls into smaller rolls.","inLanguage":"it-IT","isPartOf":{"@id":"https:\/\/nrcmachine.com\/it\/#website"},"breadcrumb":{"@id":"https:\/\/nrcmachine.com\/it\/product\/toilet-paper-rewinding-machine-2\/#breadcrumblist"},"image":{"@type":"ImageObject","url":"https:\/\/nrcmachine.com\/wp-content\/uploads\/2025\/11\/toilet-paper-rewinding-machine-2.webp","@id":"https:\/\/nrcmachine.com\/it\/product\/toilet-paper-rewinding-machine-2\/#mainImage","width":680,"height":680,"caption":"toilet paper rewinding machine"},"primaryImageOfPage":{"@id":"https:\/\/nrcmachine.com\/it\/product\/toilet-paper-rewinding-machine-2\/#mainImage"},"datePublished":"2025-11-10T12:18:40+08:00","dateModified":"2025-12-31T19:05:59+08:00"},{"@type":"WebSite","@id":"https:\/\/nrcmachine.com\/it\/#website","url":"https:\/\/nrcmachine.com\/it\/","name":"Toilet Paper Machine, Paper Tube Machine | NRC Machine","alternateName":"Qingdao New Richuan Precision Machine Co.,Ltd","description":"Reliable Paper Machinery Solutions","inLanguage":"it-IT","publisher":{"@id":"https:\/\/nrcmachine.com\/it\/#organization"}}]},"og:locale":"it_IT","og:site_name":"Toilet Paper Machine, Paper Tube Machine | NRC Machine - Reliable Paper Machinery Solutions","og:type":"article","og:title":"Toilet Paper Rewinding Machine - QINGDAO NEW RICHUAN","og:description":"The Toilet Paper Rewinding Machine from NRC MACHINE is designed for the modern tissue processing industry. It transforms large jumbo rolls into smaller rolls.","og:url":"https:\/\/nrcmachine.com\/it\/product\/toilet-paper-rewinding-machine-2\/","og:image":"https:\/\/nrcmachine.com\/wp-content\/uploads\/2025\/11\/toilet-paper-rewinding-machine-2.webp","og:image:secure_url":"https:\/\/nrcmachine.com\/wp-content\/uploads\/2025\/11\/toilet-paper-rewinding-machine-2.webp","og:image:width":680,"og:image:height":680,"article:published_time":"2025-11-10T04:18:40+00:00","article:modified_time":"2025-12-31T11:05:59+00:00","article:publisher":"https:\/\/www.facebook.com\/james.gao.349938","twitter:card":"summary","twitter:site":"@JamesGao65335","twitter:title":"Toilet Paper Rewinding Machine - QINGDAO NEW RICHUAN","twitter:description":"The Toilet Paper Rewinding Machine from NRC MACHINE is designed for the modern tissue processing industry. It transforms large jumbo rolls into smaller rolls.","twitter:image":"https:\/\/nrcmachine.com\/wp-content\/uploads\/2025\/11\/toilet-paper-rewinding-machine-2.webp"},"aioseo_meta_data":{"post_id":"2042","title":"#post_title #separator_sa QINGDAO NEW RICHUAN","description":"La macchina per il riavvolgimento della carta igienica di NRC MACHINE \u00e8 stata progettata per la moderna industria del tissue. Trasforma grandi rotoli jumbo in rotoli pi\u00f9 piccoli.","keywords":null,"keyphrases":{"focus":{"keyphrase":"toilet paper rewinding machine","score":100,"analysis":{"keyphraseInTitle":{"score":9,"maxScore":9,"error":0},"keyphraseInDescription":{"score":9,"maxScore":9,"error":0},"keyphraseLength":{"score":9,"maxScore":9,"error":0,"length":4},"keyphraseInURL":{"score":5,"maxScore":5,"error":0},"keyphraseInIntroduction":{"score":9,"maxScore":9,"error":0},"keyphraseInSubHeadings":{"score":9,"maxScore":9,"error":0},"keyphraseInImageAlt":[],"keywordDensity":{"type":"best","score":9,"maxScore":9,"error":0}}},"additional":[]},"primary_term":null,"canonical_url":null,"og_title":null,"og_description":null,"og_object_type":"default","og_image_type":"default","og_image_url":null,"og_image_width":null,"og_image_height":null,"og_image_custom_url":null,"og_image_custom_fields":null,"og_video":"","og_custom_url":null,"og_article_section":null,"og_article_tags":null,"twitter_use_og":false,"twitter_card":"default","twitter_image_type":"default","twitter_image_url":null,"twitter_image_custom_url":null,"twitter_image_custom_fields":null,"twitter_title":null,"twitter_description":null,"schema":{"blockGraphs":[],"customGraphs":[],"default":{"data":{"Article":[],"Course":[],"Dataset":[],"FAQPage":[],"Movie":[],"Person":[],"Product":[],"ProductReview":[],"Car":[],"Recipe":[],"Service":[],"SoftwareApplication":[],"WebPage":[]},"graphName":"ItemPage","isEnabled":true},"graphs":[]},"schema_type":"default","schema_type_options":null,"pillar_content":false,"robots_default":true,"robots_noindex":false,"robots_noarchive":false,"robots_nosnippet":false,"robots_nofollow":false,"robots_noimageindex":false,"robots_noodp":false,"robots_notranslate":false,"robots_max_snippet":"-1","robots_max_videopreview":"-1","robots_max_imagepreview":"large","priority":null,"frequency":"default","local_seo":null,"seo_analyzer_scan_date":"2026-02-13 03:48:57","breadcrumb_settings":null,"limit_modified_date":false,"reviewed_by":null,"open_ai":null,"ai":{"faqs":[],"keyPoints":[],"titles":[],"descriptions":[],"socialPosts":{"email":[],"linkedin":[],"twitter":[],"facebook":[],"instagram":[]}},"created":"2025-12-11 08:39:32","updated":"2026-02-13 06:52:13"},"aioseo_breadcrumb":"<div class=\"aioseo-breadcrumbs\"><span class=\"aioseo-breadcrumb\">\n\t<a href=\"https:\/\/nrcmachine.com\/it\" title=\"Home\">Home<\/a>\n<\/span><span class=\"aioseo-breadcrumb-separator\">\u00bb<\/span><span class=\"aioseo-breadcrumb\">\n\t<a href=\"https:\/\/nrcmachine.com\/it\/product\/\" title=\"Products\">Products<\/a>\n<\/span><span class=\"aioseo-breadcrumb-separator\">\u00bb<\/span><span class=\"aioseo-breadcrumb\">\n\t<a href=\"https:\/\/nrcmachine.com\/it\/tag\/toilet-paper-making-machine\/\" title=\"toilet paper making machine\">toilet paper making machine<\/a>\n<\/span><span class=\"aioseo-breadcrumb-separator\">\u00bb<\/span><span class=\"aioseo-breadcrumb\">\n\tToilet Paper Rewinding Machine\n<\/span><\/div>","aioseo_breadcrumb_json":[{"label":"Home","link":"https:\/\/nrcmachine.com\/it"},{"label":"Products","link":"https:\/\/nrcmachine.com\/it\/product\/"},{"label":"toilet paper making machine","link":"https:\/\/nrcmachine.com\/it\/tag\/toilet-paper-making-machine\/"},{"label":"Toilet Paper Rewinding Machine","link":"https:\/\/nrcmachine.com\/it\/product\/toilet-paper-rewinding-machine-2\/"}],"_links":{"self":[{"href":"https:\/\/nrcmachine.com\/it\/wp-json\/wp\/v2\/product\/2042","targetHints":{"allow":["GET"]}}],"collection":[{"href":"https:\/\/nrcmachine.com\/it\/wp-json\/wp\/v2\/product"}],"about":[{"href":"https:\/\/nrcmachine.com\/it\/wp-json\/wp\/v2\/types\/product"}],"version-history":[{"count":0,"href":"https:\/\/nrcmachine.com\/it\/wp-json\/wp\/v2\/product\/2042\/revisions"}],"wp:featuredmedia":[{"embeddable":true,"href":"https:\/\/nrcmachine.com\/it\/wp-json\/wp\/v2\/media\/3524"}],"wp:attachment":[{"href":"https:\/\/nrcmachine.com\/it\/wp-json\/wp\/v2\/media?parent=2042"}],"wp:term":[{"taxonomy":"post_tag","embeddable":true,"href":"https:\/\/nrcmachine.com\/it\/wp-json\/wp\/v2\/tags?post=2042"},{"taxonomy":"products","embeddable":true,"href":"https:\/\/nrcmachine.com\/it\/wp-json\/wp\/v2\/products?post=2042"}],"curies":[{"name":"wp","href":"https:\/\/api.w.org\/{rel}","templated":true}]}}