 {"id":2068,"date":"2025-11-11T19:59:57","date_gmt":"2025-11-11T11:59:57","guid":{"rendered":"https:\/\/nrcmachine.com\/?post_type=product&#038;p=2068"},"modified":"2026-03-08T17:55:53","modified_gmt":"2026-03-08T09:55:53","slug":"toilet-paper-production-machine","status":"publish","type":"product","link":"https:\/\/nrcmachine.com\/it\/product\/toilet-paper-production-machine\/","title":{"rendered":"Macchina per la produzione di carta igienica"},"content":{"rendered":"<h3 style=\"text-align: center;\"><strong><a href=\"https:\/\/nrcmachinery.com\/Best-Price-Industrial-Toilet-Paper-Making-Machine.html\">Macchina per la produzione di carta igienica<\/a>: Efficienza ridefinita da <a href=\"https:\/\/nrcmachine.com\">MACCHINA NRC<\/a><\/strong><\/h3>\n<div class=\"ast-oembed-container\" style=\"height: 100%;\"><iframe title=\"Piccola carta igienica che fa il prezzo della macchina\" width=\"500\" height=\"281\" src=\"https:\/\/www.youtube.com\/embed\/P8v7D48-87c?feature=oembed\" frameborder=\"0\" allow=\"accelerometer; autoplay; clipboard-write; encrypted-media; gyroscope; picture-in-picture; web-share\" referrerpolicy=\"strict-origin-when-cross-origin\" allowfullscreen><\/iframe><\/div>\n<h4><strong>Avanzato <a href=\"https:\/\/nrcmachinery.com\/Best-Price-Industrial-Toilet-Paper-Making-Machine.html\">Macchina per la produzione di carta igienica<\/a> per la produzione moderna<\/strong><\/h4>\n<p><a href=\"https:\/\/nrcmachine.com\/\">MACCHINA NRC<\/a> offre prestazioni elevate <a href=\"https:\/\/nrcmachinery.com\/Best-Price-Industrial-Toilet-Paper-Making-Machine.html\"><strong>linea di produzione di carta igienica<\/strong><\/a>\u00a0progettato per una perfetta integrazione nelle moderne linee di produzione del tissue. Progettato per garantire precisione e velocit\u00e0, questo sistema assicura una qualit\u00e0 costante dalla materia prima al prodotto finito. La macchina supporta vari tipi di carta e spessori, soddisfacendo le diverse richieste del mercato con tempi di inattivit\u00e0 minimi.<\/p>\n<h4><strong>Taglio di precisione per una produzione costante<\/strong><\/h4>\n<p>L'unit\u00e0 di taglio \u00e8 un componente critico del <a href=\"https:\/\/nrcmachine.com\/\"><strong>macchina per la produzione di carta igienica<\/strong><\/a>. Utilizzando lame affilate e resistenti e impostazioni controllate dal computer, garantisce tagli puliti e precisi a ogni ciclo. Sia che si producano rotoli di dimensioni standard o personalizzate, il modulo di taglio mantiene l'uniformit\u00e0, riducendo gli scarti e migliorando l'efficienza complessiva. Il suo design modulare consente cambi rapidi, supportando programmi di produzione flessibili.<\/p>\n<h4><strong>Integrazione di ribobinatrice e confezionamento ad alta velocit\u00e0<\/strong><\/h4>\n<p>Dopo il taglio, la ribobinatrice \u00e8 al centro della scena. Questa ribobinatrice \u00e8 costruita per il funzionamento continuo e produce rotoli stretti e uniformi, senza grinze o disallineamenti. Dotata di controllo automatico della tensione, si adatta a diversi tipi di carta mantenendo l'integrit\u00e0 della bobina. Integrato con la confezionatrice, il sistema assicura una transizione fluida dalla riavvolgitura all'imballaggio finale.<\/p>\n<p>L'imballaggio <a href='https:\/\/nrcmachine.com\/product\/paper-core-machine-for-packing-tape\/'>La macchina offre molteplici configurazioni - pacchetto di flusso<\/a>, termoretraibile o a sacchetto, a seconda delle esigenze del cliente. Grazie alle funzioni di etichettatura e conteggio automatico, riduce il lavoro manuale e migliora la tracciabilit\u00e0. Insieme, la taglierina, la ribobinatrice e la confezionatrice formano un'unit\u00e0 coesa all'interno dell'impianto. <a href=\"https:\/\/nrcmachine.com\/\"><strong>linea di produzione di carta igienica <\/strong><\/a>ecosistema.<\/p>\n<h4><strong>Affidabilit\u00e0, automazione e assistenza<\/strong><\/h4>\n<p><a href=\"https:\/\/nrcmachine.com\/\">MACCHINA NRC<\/a> \u00e8 incentrata sull'automazione, la sicurezza e la facilit\u00e0 di manutenzione. L'intera linea \u00e8 controllata da un pannello HMI intuitivo, che consente agli operatori di monitorare le prestazioni e regolare le impostazioni in tempo reale. La diagnostica e l'assistenza tecnica a distanza assicurano interruzioni minime.<\/p>\n<p>Scegliere <a href=\"https:\/\/nrcmachine.com\/\">MACCHINA NRC<\/a> per una soluzione completa in cui l'innovazione incontra l'affidabilit\u00e0. Dal taglio alla riavvolgitura fino all'imballaggio, i nostri <a href=\"https:\/\/nrcmachine.com\/products\/toilet-paper-making-machine\/\"><strong>macchina per la produzione di carta igienica<\/strong><\/a>\u00a0stabilisce lo standard di eccellenza.<\/p>","protected":false},"featured_media":2069,"template":"","meta":{"_acf_changed":false,"_monsterinsights_skip_tracking":false,"_monsterinsights_sitenote_active":false,"_monsterinsights_sitenote_note":"","_monsterinsights_sitenote_category":0,"site-sidebar-layout":"default","site-content-layout":"","ast-site-content-layout":"default","site-content-style":"default","site-sidebar-style":"default","ast-global-header-display":"","ast-banner-title-visibility":"","ast-main-header-display":"","ast-hfb-above-header-display":"","ast-hfb-below-header-display":"","ast-hfb-mobile-header-display":"","site-post-title":"","ast-breadcrumbs-content":"","ast-featured-img":"","footer-sml-layout":"","theme-transparent-header-meta":"default","adv-header-id-meta":"","stick-header-meta":"default","header-above-stick-meta":"","header-main-stick-meta":"","header-below-stick-meta":"","astra-migrate-meta-layouts":"set","ast-page-background-enabled":"default","ast-page-background-meta":{"desktop":{"background-color":"var(--ast-global-color-4)","background-image":"","background-repeat":"repeat","background-position":"center center","background-size":"auto","background-attachment":"scroll","background-type":"","background-media":"","overlay-type":"","overlay-color":"","overlay-opacity":"","overlay-gradient":""},"tablet":{"background-color":"","background-image":"","background-repeat":"repeat","background-position":"center center","background-size":"auto","background-attachment":"scroll","background-type":"","background-media":"","overlay-type":"","overlay-color":"","overlay-opacity":"","overlay-gradient":""},"mobile":{"background-color":"","background-image":"","background-repeat":"repeat","background-position":"center center","background-size":"auto","background-attachment":"scroll","background-type":"","background-media":"","overlay-type":"","overlay-color":"","overlay-opacity":"","overlay-gradient":""}},"ast-content-background-meta":{"desktop":{"background-color":"var(--ast-global-color-5)","background-image":"","background-repeat":"repeat","background-position":"center center","background-size":"auto","background-attachment":"scroll","background-type":"","background-media":"","overlay-type":"","overlay-color":"","overlay-opacity":"","overlay-gradient":""},"tablet":{"background-color":"var(--ast-global-color-5)","background-image":"","background-repeat":"repeat","background-position":"center center","background-size":"auto","background-attachment":"scroll","background-type":"","background-media":"","overlay-type":"","overlay-color":"","overlay-opacity":"","overlay-gradient":""},"mobile":{"background-color":"var(--ast-global-color-5)","background-image":"","background-repeat":"repeat","background-position":"center center","background-size":"auto","background-attachment":"scroll","background-type":"","background-media":"","overlay-type":"","overlay-color":"","overlay-opacity":"","overlay-gradient":""}}},"tags":[56],"products":[47],"class_list":["post-2068","product","type-product","status-publish","has-post-thumbnail","hentry","tag-toilet-paper-making-machine","products-toilet-paper-making-machine"],"acf":[],"aioseo_notices":[],"aioseo_head":"\n\t\t<!-- All in One SEO Pro 4.9.2 - aioseo.com -->\n\t<meta name=\"description\" content=\"NRC MACHINE delivers a high-performance toilet paper production machine line designed for seamless integration into modern tissue production lines.\" \/>\n\t<meta name=\"robots\" content=\"noodp, max-snippet:-1, max-image-preview:large, max-video-preview:-1\" \/>\n\t<link rel=\"canonical\" href=\"https:\/\/nrcmachine.com\/it\/product\/toilet-paper-production-machine\/\" \/>\n\t<meta name=\"generator\" content=\"All in One SEO Pro (AIOSEO) 4.9.2\" \/>\n\t\t<meta property=\"og:locale\" content=\"it_IT\" \/>\n\t\t<meta property=\"og:site_name\" content=\"Toilet Paper Machine, Paper Tube Machine | NRC Machine - Reliable Paper Machinery Solutions\" \/>\n\t\t<meta property=\"og:type\" content=\"article\" \/>\n\t\t<meta property=\"og:title\" content=\"Toilet Paper Production Machine - QINGDAO NEW RICHUAN\" \/>\n\t\t<meta property=\"og:description\" content=\"NRC MACHINE delivers a high-performance toilet paper production machine line designed for seamless integration into modern tissue production lines.\" \/>\n\t\t<meta property=\"og:url\" content=\"https:\/\/nrcmachine.com\/it\/product\/toilet-paper-production-machine\/\" \/>\n\t\t<meta property=\"og:image\" content=\"https:\/\/nrcmachine.com\/wp-content\/uploads\/2025\/11\/toilet-paper-making-machine-7.webp\" \/>\n\t\t<meta property=\"og:image:secure_url\" content=\"https:\/\/nrcmachine.com\/wp-content\/uploads\/2025\/11\/toilet-paper-making-machine-7.webp\" \/>\n\t\t<meta property=\"og:image:width\" content=\"800\" \/>\n\t\t<meta property=\"og:image:height\" content=\"800\" \/>\n\t\t<meta property=\"article:published_time\" content=\"2025-11-11T11:59:57+00:00\" \/>\n\t\t<meta property=\"article:modified_time\" content=\"2026-03-08T09:55:53+00:00\" \/>\n\t\t<meta property=\"article:publisher\" content=\"https:\/\/www.facebook.com\/james.gao.349938\" \/>\n\t\t<meta name=\"twitter:card\" content=\"summary\" \/>\n\t\t<meta name=\"twitter:site\" content=\"@JamesGao65335\" \/>\n\t\t<meta name=\"twitter:title\" content=\"Toilet Paper Production Machine - QINGDAO NEW RICHUAN\" \/>\n\t\t<meta name=\"twitter:description\" content=\"NRC MACHINE delivers a high-performance toilet paper production machine line designed for seamless integration into modern tissue production lines.\" \/>\n\t\t<meta name=\"twitter:image\" content=\"https:\/\/nrcmachine.com\/wp-content\/uploads\/2025\/11\/toilet-paper-making-machine-7.webp\" \/>\n\t\t<script type=\"application\/ld+json\" class=\"aioseo-schema\">\n\t\t\t{\"@context\":\"https:\\\/\\\/schema.org\",\"@graph\":[{\"@type\":\"BreadcrumbList\",\"@id\":\"https:\\\/\\\/nrcmachine.com\\\/it\\\/product\\\/toilet-paper-production-machine\\\/#breadcrumblist\",\"itemListElement\":[{\"@type\":\"ListItem\",\"@id\":\"https:\\\/\\\/nrcmachine.com\\\/it#listItem\",\"position\":1,\"name\":\"Home\",\"item\":\"https:\\\/\\\/nrcmachine.com\\\/it\",\"nextItem\":{\"@type\":\"ListItem\",\"@id\":\"https:\\\/\\\/nrcmachine.com\\\/it\\\/product\\\/#listItem\",\"name\":\"Products\"}},{\"@type\":\"ListItem\",\"@id\":\"https:\\\/\\\/nrcmachine.com\\\/it\\\/product\\\/#listItem\",\"position\":2,\"name\":\"Products\",\"item\":\"https:\\\/\\\/nrcmachine.com\\\/it\\\/product\\\/\",\"nextItem\":{\"@type\":\"ListItem\",\"@id\":\"https:\\\/\\\/nrcmachine.com\\\/it\\\/tag\\\/toilet-paper-making-machine\\\/#listItem\",\"name\":\"toilet paper making machine\"},\"previousItem\":{\"@type\":\"ListItem\",\"@id\":\"https:\\\/\\\/nrcmachine.com\\\/it#listItem\",\"name\":\"Home\"}},{\"@type\":\"ListItem\",\"@id\":\"https:\\\/\\\/nrcmachine.com\\\/it\\\/tag\\\/toilet-paper-making-machine\\\/#listItem\",\"position\":3,\"name\":\"toilet paper making machine\",\"item\":\"https:\\\/\\\/nrcmachine.com\\\/it\\\/tag\\\/toilet-paper-making-machine\\\/\",\"nextItem\":{\"@type\":\"ListItem\",\"@id\":\"https:\\\/\\\/nrcmachine.com\\\/it\\\/product\\\/toilet-paper-production-machine\\\/#listItem\",\"name\":\"Toilet Paper Production Machine\"},\"previousItem\":{\"@type\":\"ListItem\",\"@id\":\"https:\\\/\\\/nrcmachine.com\\\/it\\\/product\\\/#listItem\",\"name\":\"Products\"}},{\"@type\":\"ListItem\",\"@id\":\"https:\\\/\\\/nrcmachine.com\\\/it\\\/product\\\/toilet-paper-production-machine\\\/#listItem\",\"position\":4,\"name\":\"Toilet Paper Production Machine\",\"previousItem\":{\"@type\":\"ListItem\",\"@id\":\"https:\\\/\\\/nrcmachine.com\\\/it\\\/tag\\\/toilet-paper-making-machine\\\/#listItem\",\"name\":\"toilet paper making machine\"}}]},{\"@type\":\"Organization\",\"@id\":\"https:\\\/\\\/nrcmachine.com\\\/it\\\/#organization\",\"name\":\"Toilet Paper Machine, Paper Tube Machine | NRC Machine wordpress\",\"description\":\"Reliable Paper Machinery Solutions\",\"url\":\"https:\\\/\\\/nrcmachine.com\\\/it\\\/\",\"email\":\"james@nrcmachine.com\",\"telephone\":\"+8615254213289\",\"foundingDate\":\"2023-11-01\",\"numberOfEmployees\":{\"@type\":\"QuantitativeValue\",\"minValue\":1,\"maxValue\":50},\"logo\":{\"@type\":\"ImageObject\",\"url\":\"https:\\\/\\\/nrcmachine.com\\\/wp-content\\\/uploads\\\/2026\\\/01\\\/logo23.png\",\"@id\":\"https:\\\/\\\/nrcmachine.com\\\/it\\\/product\\\/toilet-paper-production-machine\\\/#organizationLogo\",\"width\":800,\"height\":800,\"caption\":\"logo for NRC MACHINE\"},\"image\":{\"@id\":\"https:\\\/\\\/nrcmachine.com\\\/it\\\/product\\\/toilet-paper-production-machine\\\/#organizationLogo\"},\"sameAs\":[\"https:\\\/\\\/www.facebook.com\\\/james.gao.349938\",\"https:\\\/\\\/x.com\\\/JamesGao65335\",\"https:\\\/\\\/www.instagram.com\\\/jamesgao407?igsh=d2YybzFhMjY0YTl3\",\"https:\\\/\\\/www.tiktok.com\\\/@gyl20210118\",\"https:\\\/\\\/www.linkedin.com\\\/in\\\/--9a63583a9\\\/\"],\"address\":{\"@id\":\"https:\\\/\\\/nrcmachine.com\\\/it\\\/#postaladdress\",\"@type\":\"PostalAddress\",\"streetAddress\":\"No..519,Jiangshan South Road,Huangdao,\",\"postalCode\":\"266500\",\"addressLocality\":\"Qingdao\",\"addressRegion\":\"Shandong Province\",\"addressCountry\":\"CN\"},\"taxID\":\"91370211MAD54P6P85\",\"vatID\":\"91370211MAD54P6P85\"},{\"@type\":\"WebPage\",\"@id\":\"https:\\\/\\\/nrcmachine.com\\\/it\\\/product\\\/toilet-paper-production-machine\\\/#webpage\",\"url\":\"https:\\\/\\\/nrcmachine.com\\\/it\\\/product\\\/toilet-paper-production-machine\\\/\",\"name\":\"Toilet Paper Production Machine - QINGDAO NEW RICHUAN\",\"description\":\"NRC MACHINE delivers a high-performance toilet paper production machine line designed for seamless integration into modern tissue production lines.\",\"inLanguage\":\"it-IT\",\"isPartOf\":{\"@id\":\"https:\\\/\\\/nrcmachine.com\\\/it\\\/#website\"},\"breadcrumb\":{\"@id\":\"https:\\\/\\\/nrcmachine.com\\\/it\\\/product\\\/toilet-paper-production-machine\\\/#breadcrumblist\"},\"image\":{\"@type\":\"ImageObject\",\"url\":\"https:\\\/\\\/nrcmachine.com\\\/wp-content\\\/uploads\\\/2025\\\/11\\\/toilet-paper-making-machine-7.webp\",\"@id\":\"https:\\\/\\\/nrcmachine.com\\\/it\\\/product\\\/toilet-paper-production-machine\\\/#mainImage\",\"width\":800,\"height\":800,\"caption\":\"toilet paper production machine\"},\"primaryImageOfPage\":{\"@id\":\"https:\\\/\\\/nrcmachine.com\\\/it\\\/product\\\/toilet-paper-production-machine\\\/#mainImage\"},\"datePublished\":\"2025-11-11T19:59:57+08:00\",\"dateModified\":\"2026-03-08T17:55:53+08:00\"},{\"@type\":\"WebSite\",\"@id\":\"https:\\\/\\\/nrcmachine.com\\\/it\\\/#website\",\"url\":\"https:\\\/\\\/nrcmachine.com\\\/it\\\/\",\"name\":\"Toilet Paper Machine, Paper Tube Machine | NRC Machine\",\"alternateName\":\"Qingdao New Richuan Precision Machine Co.,Ltd\",\"description\":\"Reliable Paper Machinery Solutions\",\"inLanguage\":\"it-IT\",\"publisher\":{\"@id\":\"https:\\\/\\\/nrcmachine.com\\\/it\\\/#organization\"}}]}\n\t\t<\/script>\n\t\t<!-- All in One SEO Pro -->\r\n\t\t<title>Toilet Paper Production Machine - QINGDAO NEW RICHUAN<\/title>\n\n","aioseo_head_json":{"title":"Macchina per la produzione di carta igienica - QINGDAO NEW RICHUAN","description":"NRC MACHINE offre una linea di macchine per la produzione di carta igienica ad alte prestazioni, progettata per integrarsi perfettamente nelle moderne linee di produzione di tissue.","canonical_url":"https:\/\/nrcmachine.com\/it\/product\/toilet-paper-production-machine\/","robots":"noodp, max-snippet:-1, max-image-preview:large, max-video-preview:-1","keywords":"","webmasterTools":{"miscellaneous":""},"schema":{"@context":"https:\/\/schema.org","@graph":[{"@type":"BreadcrumbList","@id":"https:\/\/nrcmachine.com\/it\/product\/toilet-paper-production-machine\/#breadcrumblist","itemListElement":[{"@type":"ListItem","@id":"https:\/\/nrcmachine.com\/it#listItem","position":1,"name":"Home","item":"https:\/\/nrcmachine.com\/it","nextItem":{"@type":"ListItem","@id":"https:\/\/nrcmachine.com\/it\/product\/#listItem","name":"Products"}},{"@type":"ListItem","@id":"https:\/\/nrcmachine.com\/it\/product\/#listItem","position":2,"name":"Products","item":"https:\/\/nrcmachine.com\/it\/product\/","nextItem":{"@type":"ListItem","@id":"https:\/\/nrcmachine.com\/it\/tag\/toilet-paper-making-machine\/#listItem","name":"toilet paper making machine"},"previousItem":{"@type":"ListItem","@id":"https:\/\/nrcmachine.com\/it#listItem","name":"Home"}},{"@type":"ListItem","@id":"https:\/\/nrcmachine.com\/it\/tag\/toilet-paper-making-machine\/#listItem","position":3,"name":"toilet paper making machine","item":"https:\/\/nrcmachine.com\/it\/tag\/toilet-paper-making-machine\/","nextItem":{"@type":"ListItem","@id":"https:\/\/nrcmachine.com\/it\/product\/toilet-paper-production-machine\/#listItem","name":"Toilet Paper Production Machine"},"previousItem":{"@type":"ListItem","@id":"https:\/\/nrcmachine.com\/it\/product\/#listItem","name":"Products"}},{"@type":"ListItem","@id":"https:\/\/nrcmachine.com\/it\/product\/toilet-paper-production-machine\/#listItem","position":4,"name":"Toilet Paper Production Machine","previousItem":{"@type":"ListItem","@id":"https:\/\/nrcmachine.com\/it\/tag\/toilet-paper-making-machine\/#listItem","name":"toilet paper making machine"}}]},{"@type":"Organization","@id":"https:\/\/nrcmachine.com\/it\/#organization","name":"Toilet Paper Machine, Paper Tube Machine | NRC Machine wordpress","description":"Reliable Paper Machinery Solutions","url":"https:\/\/nrcmachine.com\/it\/","email":"james@nrcmachine.com","telephone":"+8615254213289","foundingDate":"2023-11-01","numberOfEmployees":{"@type":"QuantitativeValue","minValue":1,"maxValue":50},"logo":{"@type":"ImageObject","url":"https:\/\/nrcmachine.com\/wp-content\/uploads\/2026\/01\/logo23.png","@id":"https:\/\/nrcmachine.com\/it\/product\/toilet-paper-production-machine\/#organizationLogo","width":800,"height":800,"caption":"logo for NRC MACHINE"},"image":{"@id":"https:\/\/nrcmachine.com\/it\/product\/toilet-paper-production-machine\/#organizationLogo"},"sameAs":["https:\/\/www.facebook.com\/james.gao.349938","https:\/\/x.com\/JamesGao65335","https:\/\/www.instagram.com\/jamesgao407?igsh=d2YybzFhMjY0YTl3","https:\/\/www.tiktok.com\/@gyl20210118","https:\/\/www.linkedin.com\/in\/--9a63583a9\/"],"address":{"@id":"https:\/\/nrcmachine.com\/it\/#postaladdress","@type":"PostalAddress","streetAddress":"No..519,Jiangshan South Road,Huangdao,","postalCode":"266500","addressLocality":"Qingdao","addressRegion":"Shandong Province","addressCountry":"CN"},"taxID":"91370211MAD54P6P85","vatID":"91370211MAD54P6P85"},{"@type":"WebPage","@id":"https:\/\/nrcmachine.com\/it\/product\/toilet-paper-production-machine\/#webpage","url":"https:\/\/nrcmachine.com\/it\/product\/toilet-paper-production-machine\/","name":"Toilet Paper Production Machine - QINGDAO NEW RICHUAN","description":"NRC MACHINE delivers a high-performance toilet paper production machine line designed for seamless integration into modern tissue production lines.","inLanguage":"it-IT","isPartOf":{"@id":"https:\/\/nrcmachine.com\/it\/#website"},"breadcrumb":{"@id":"https:\/\/nrcmachine.com\/it\/product\/toilet-paper-production-machine\/#breadcrumblist"},"image":{"@type":"ImageObject","url":"https:\/\/nrcmachine.com\/wp-content\/uploads\/2025\/11\/toilet-paper-making-machine-7.webp","@id":"https:\/\/nrcmachine.com\/it\/product\/toilet-paper-production-machine\/#mainImage","width":800,"height":800,"caption":"toilet paper production machine"},"primaryImageOfPage":{"@id":"https:\/\/nrcmachine.com\/it\/product\/toilet-paper-production-machine\/#mainImage"},"datePublished":"2025-11-11T19:59:57+08:00","dateModified":"2026-03-08T17:55:53+08:00"},{"@type":"WebSite","@id":"https:\/\/nrcmachine.com\/it\/#website","url":"https:\/\/nrcmachine.com\/it\/","name":"Toilet Paper Machine, Paper Tube Machine | NRC Machine","alternateName":"Qingdao New Richuan Precision Machine Co.,Ltd","description":"Reliable Paper Machinery Solutions","inLanguage":"it-IT","publisher":{"@id":"https:\/\/nrcmachine.com\/it\/#organization"}}]},"og:locale":"it_IT","og:site_name":"Toilet Paper Machine, Paper Tube Machine | NRC Machine - Reliable Paper Machinery Solutions","og:type":"article","og:title":"Toilet Paper Production Machine - QINGDAO NEW RICHUAN","og:description":"NRC MACHINE delivers a high-performance toilet paper production machine line designed for seamless integration into modern tissue production lines.","og:url":"https:\/\/nrcmachine.com\/it\/product\/toilet-paper-production-machine\/","og:image":"https:\/\/nrcmachine.com\/wp-content\/uploads\/2025\/11\/toilet-paper-making-machine-7.webp","og:image:secure_url":"https:\/\/nrcmachine.com\/wp-content\/uploads\/2025\/11\/toilet-paper-making-machine-7.webp","og:image:width":800,"og:image:height":800,"article:published_time":"2025-11-11T11:59:57+00:00","article:modified_time":"2026-03-08T09:55:53+00:00","article:publisher":"https:\/\/www.facebook.com\/james.gao.349938","twitter:card":"summary","twitter:site":"@JamesGao65335","twitter:title":"Toilet Paper Production Machine - QINGDAO NEW RICHUAN","twitter:description":"NRC MACHINE delivers a high-performance toilet paper production machine line designed for seamless integration into modern tissue production lines.","twitter:image":"https:\/\/nrcmachine.com\/wp-content\/uploads\/2025\/11\/toilet-paper-making-machine-7.webp"},"aioseo_meta_data":{"post_id":"2068","title":"#post_title #separator_sa QINGDAO NEW RICHUAN","description":"NRC MACHINE offre una linea di macchine per la produzione di carta igienica ad alte prestazioni, progettata per integrarsi perfettamente nelle moderne linee di produzione di tissue.","keywords":null,"keyphrases":{"focus":{"keyphrase":"toilet paper production machine","score":100,"analysis":{"keyphraseInTitle":{"score":9,"maxScore":9,"error":0},"keyphraseInDescription":{"score":9,"maxScore":9,"error":0},"keyphraseLength":{"score":9,"maxScore":9,"error":0,"length":4},"keyphraseInURL":{"score":5,"maxScore":5,"error":0},"keyphraseInIntroduction":{"score":9,"maxScore":9,"error":0},"keyphraseInSubHeadings":{"score":9,"maxScore":9,"error":0},"keyphraseInImageAlt":[],"keywordDensity":{"type":"best","score":9,"maxScore":9,"error":0}}},"additional":[]},"primary_term":null,"canonical_url":null,"og_title":null,"og_description":null,"og_object_type":"default","og_image_type":"default","og_image_url":null,"og_image_width":null,"og_image_height":null,"og_image_custom_url":null,"og_image_custom_fields":null,"og_video":"","og_custom_url":null,"og_article_section":null,"og_article_tags":null,"twitter_use_og":false,"twitter_card":"default","twitter_image_type":"default","twitter_image_url":null,"twitter_image_custom_url":null,"twitter_image_custom_fields":null,"twitter_title":null,"twitter_description":null,"schema":{"blockGraphs":[],"customGraphs":[],"default":{"data":{"Article":[],"Course":[],"Dataset":[],"FAQPage":[],"Movie":[],"Person":[],"Product":[],"ProductReview":[],"Car":[],"Recipe":[],"Service":[],"SoftwareApplication":[],"WebPage":[]},"graphName":"ItemPage","isEnabled":true},"graphs":[]},"schema_type":"default","schema_type_options":null,"pillar_content":false,"robots_default":true,"robots_noindex":false,"robots_noarchive":false,"robots_nosnippet":false,"robots_nofollow":false,"robots_noimageindex":false,"robots_noodp":false,"robots_notranslate":false,"robots_max_snippet":"-1","robots_max_videopreview":"-1","robots_max_imagepreview":"large","priority":null,"frequency":"default","local_seo":null,"seo_analyzer_scan_date":"2026-03-08 10:01:28","breadcrumb_settings":null,"limit_modified_date":false,"reviewed_by":null,"open_ai":null,"ai":{"faqs":[],"keyPoints":[],"titles":[],"descriptions":[],"socialPosts":{"email":[],"linkedin":[],"twitter":[],"facebook":[],"instagram":[]}},"created":"2025-12-11 08:40:25","updated":"2026-04-04 04:18:19"},"aioseo_breadcrumb":"<div class=\"aioseo-breadcrumbs\"><span class=\"aioseo-breadcrumb\">\n\t<a href=\"https:\/\/nrcmachine.com\/it\" title=\"Home\">Home<\/a>\n<\/span><span class=\"aioseo-breadcrumb-separator\">\u00bb<\/span><span class=\"aioseo-breadcrumb\">\n\t<a href=\"https:\/\/nrcmachine.com\/it\/product\/\" title=\"Products\">Products<\/a>\n<\/span><span class=\"aioseo-breadcrumb-separator\">\u00bb<\/span><span class=\"aioseo-breadcrumb\">\n\t<a href=\"https:\/\/nrcmachine.com\/it\/tag\/toilet-paper-making-machine\/\" title=\"toilet paper making machine\">toilet paper making machine<\/a>\n<\/span><span class=\"aioseo-breadcrumb-separator\">\u00bb<\/span><span class=\"aioseo-breadcrumb\">\n\tToilet Paper Production Machine\n<\/span><\/div>","aioseo_breadcrumb_json":[{"label":"Home","link":"https:\/\/nrcmachine.com\/it"},{"label":"Products","link":"https:\/\/nrcmachine.com\/it\/product\/"},{"label":"toilet paper making machine","link":"https:\/\/nrcmachine.com\/it\/tag\/toilet-paper-making-machine\/"},{"label":"Toilet Paper Production Machine","link":"https:\/\/nrcmachine.com\/it\/product\/toilet-paper-production-machine\/"}],"_links":{"self":[{"href":"https:\/\/nrcmachine.com\/it\/wp-json\/wp\/v2\/product\/2068","targetHints":{"allow":["GET"]}}],"collection":[{"href":"https:\/\/nrcmachine.com\/it\/wp-json\/wp\/v2\/product"}],"about":[{"href":"https:\/\/nrcmachine.com\/it\/wp-json\/wp\/v2\/types\/product"}],"version-history":[{"count":1,"href":"https:\/\/nrcmachine.com\/it\/wp-json\/wp\/v2\/product\/2068\/revisions"}],"predecessor-version":[{"id":5942,"href":"https:\/\/nrcmachine.com\/it\/wp-json\/wp\/v2\/product\/2068\/revisions\/5942"}],"wp:featuredmedia":[{"embeddable":true,"href":"https:\/\/nrcmachine.com\/it\/wp-json\/wp\/v2\/media\/2069"}],"wp:attachment":[{"href":"https:\/\/nrcmachine.com\/it\/wp-json\/wp\/v2\/media?parent=2068"}],"wp:term":[{"taxonomy":"post_tag","embeddable":true,"href":"https:\/\/nrcmachine.com\/it\/wp-json\/wp\/v2\/tags?post=2068"},{"taxonomy":"products","embeddable":true,"href":"https:\/\/nrcmachine.com\/it\/wp-json\/wp\/v2\/products?post=2068"}],"curies":[{"name":"wp","href":"https:\/\/api.w.org\/{rel}","templated":true}]}}