 {"id":3757,"date":"2026-01-06T17:48:04","date_gmt":"2026-01-06T09:48:04","guid":{"rendered":"https:\/\/nrcmachine.com\/?post_type=product&#038;p=3757"},"modified":"2026-01-06T18:05:15","modified_gmt":"2026-01-06T10:05:15","slug":"spiral-paper-tube-forming-equipment","status":"publish","type":"product","link":"https:\/\/nrcmachine.com\/it\/product\/spiral-paper-tube-forming-equipment\/","title":{"rendered":"Attrezzatura di formatura del tubo di carta a spirale di CNC"},"content":{"rendered":"<h3 style=\"text-align: center;\"><strong>Attrezzatura di formatura del tubo di carta a spirale di CNC<\/strong><\/h3>\n<p>NRC MACHINE \u00e8 orgogliosa di presentare il suo avanzato <a href=\"https:\/\/youtu.be\/KhOXFxEuSKc\">Attrezzatura per la formazione di tubi di carta a spirale CNC<\/a>. Questa macchina \u00e8 prodotta da Qingdao New Richuan Precision Machine Co. Stabilisce un nuovo standard nella produzione di tubi di carta. Grazie all'elevata precisione e alle prestazioni stabili, soddisfa le esigenze di diversi settori industriali.<\/p>\n<h4><strong>Design intelligente per un'elevata efficienza<\/strong><\/h4>\n<p>L'apparecchiatura CNC per la formazione di tubi di carta a spirale utilizza un servomotore per un controllo preciso. Questo motore garantisce un funzionamento fluido e veloce. Inoltre, riduce il consumo di energia. La macchina si avvia rapidamente e si ferma con precisione. Di conseguenza, i tempi di fermo macchina sono molto ridotti.<\/p>\n<div class=\"ast-oembed-container\" style=\"height: 100%;\"><iframe title=\"Pi\u00f9 recente quattro-testa CNC tubo di cartone #Machine For Sale\" width=\"500\" height=\"281\" src=\"https:\/\/www.youtube.com\/embed\/KhOXFxEuSKc?feature=oembed\" frameborder=\"0\" allow=\"accelerometer; autoplay; clipboard-write; encrypted-media; gyroscope; picture-in-picture; web-share\" referrerpolicy=\"strict-origin-when-cross-origin\" allowfullscreen><\/iframe><\/div>\n<p>Inoltre, il sistema comprende un controllore PLC. Questo controllore gestisce tutte le funzioni chiave. Fa s\u00ec che la macchina pensi e reagisca come un dispositivo intelligente. Pertanto, gli errori sono rari. Inoltre, gli operatori possono impostare facilmente le modalit\u00e0. Di conseguenza, il tempo di formazione \u00e8 breve.<\/p>\n<h4><strong>Prestazioni affidabili di cui ci si pu\u00f2 fidare<\/strong><\/h4>\n<p>Ogni parte dell'apparecchiatura CNC per la formazione di tubi di carta a spirale \u00e8 costruita per durare nel tempo. Il telaio \u00e8 realizzato in acciaio resistente. Resiste alle scosse durante le lunghe tirature. I cuscinetti sono sigillati e necessitano di poco olio. La manutenzione \u00e8 quindi semplice.<\/p>\n<p>Il sistema di incollaggio funziona sempre bene. Distribuisce la giusta quantit\u00e0 di colla. Troppa o troppo poca colla non \u00e8 pi\u00f9 un problema. Di conseguenza, i tubetti escono sodi e uniformi. Inoltre, l'alimentazione della carta \u00e8 sempre stabile. In questo modo si evitano inceppamenti e sprechi.<\/p>\n<h4><strong>Facile da usare e da controllare<\/strong><\/h4>\n<p>La macchina \u00e8 dotata di un chiaro touch screen. Tutte le impostazioni sono visualizzate su una sola pagina. Per prima cosa, l'utente sceglie le dimensioni del tubo. Poi la macchina si regola da sola. Poi inizia ad arrotolare la carta. Poi taglia il tubo a misura. Infine, il tubo finito cade nel cestino.<\/p>\n<p>Grazie al controller PLC, il processo \u00e8 automatico. \u00c8 sufficiente una sola persona per sorvegliare la macchina. Inoltre, gli allarmi indicano se qualcosa va storto. Ad esempio, carta bassa o calore elevato. In questo caso, la macchina si ferma in modo sicuro.<\/p>\n<h4><strong>Perch\u00e9 scegliere NRC MACHINE?<\/strong><\/h4>\n<p>NRC MACHINE punta sulla qualit\u00e0 e sul servizio. Le nostre attrezzature per la formazione di tubi di carta a spirale CNC sono vendute in oltre 30 paesi. I clienti ne apprezzano il basso tasso di guasti. Inoltre, apprezzano il supporto rapido del nostro team.<\/p>\n<p>Offriamo formazione completa e assistenza per l'installazione. Inoltre, i pezzi di ricambio sono sempre disponibili a magazzino. Pertanto, non dovrete aspettare a lungo se un pezzo si guasta. Inoltre, aggiorniamo il software gratuitamente.<\/p>\n<h4><strong>Costruito per il futuro<\/strong><\/h4>\n<p>L'apparecchiatura CNC per la formatura di tubi di carta a spirale cresce con la vostra azienda. Pu\u00f2 produrre tubi di diametro compreso tra 20 e 300 mm. Lo spessore varia da 1 mm a 5 mm. Si adatta quindi a molti usi, dalle anime tessili ai rotoli industriali.<\/p>\n<p>I nuovi modelli arriveranno presto. Saranno ancora pi\u00f9 veloci. Risparmieranno pi\u00f9 energia. Tuttavia, l'idea di base rimane la stessa: semplice, forte e intelligente.<\/p>\n<h4><strong>Pensieri finali<\/strong><\/h4>\n<p>In breve, l'apparecchiatura CNC per la formazione di tubi di carta a spirale di NRC MACHINE \u00e8 una scelta intelligente. Funziona con un servomotore. Funziona con un controllore PLC. Lavora a lungo e con poca cura.<\/p>\n<p>Quindi, se volete aumentare la produzione e ridurre i costi, scegliete NRC. Dopo tutto, costruiamo macchine che creano successo.<\/p>\n<p>Scegliere l'apparecchiatura di formatura del tubo di carta a spirale CNC. Lasciate che <a href=\"https:\/\/nrcmachine.com\/it\">MACCHINA NRC<\/a> aiutarvi ad andare avanti.<\/p>","protected":false},"featured_media":3758,"template":"","meta":{"_acf_changed":false,"_monsterinsights_skip_tracking":false,"_monsterinsights_sitenote_active":false,"_monsterinsights_sitenote_note":"","_monsterinsights_sitenote_category":0,"site-sidebar-layout":"default","site-content-layout":"","ast-site-content-layout":"default","site-content-style":"default","site-sidebar-style":"default","ast-global-header-display":"","ast-banner-title-visibility":"","ast-main-header-display":"","ast-hfb-above-header-display":"","ast-hfb-below-header-display":"","ast-hfb-mobile-header-display":"","site-post-title":"","ast-breadcrumbs-content":"","ast-featured-img":"","footer-sml-layout":"","theme-transparent-header-meta":"default","adv-header-id-meta":"","stick-header-meta":"default","header-above-stick-meta":"","header-main-stick-meta":"","header-below-stick-meta":"","astra-migrate-meta-layouts":"set","ast-page-background-enabled":"default","ast-page-background-meta":{"desktop":{"background-color":"var(--ast-global-color-4)","background-image":"","background-repeat":"repeat","background-position":"center center","background-size":"auto","background-attachment":"scroll","background-type":"","background-media":"","overlay-type":"","overlay-color":"","overlay-opacity":"","overlay-gradient":""},"tablet":{"background-color":"","background-image":"","background-repeat":"repeat","background-position":"center center","background-size":"auto","background-attachment":"scroll","background-type":"","background-media":"","overlay-type":"","overlay-color":"","overlay-opacity":"","overlay-gradient":""},"mobile":{"background-color":"","background-image":"","background-repeat":"repeat","background-position":"center center","background-size":"auto","background-attachment":"scroll","background-type":"","background-media":"","overlay-type":"","overlay-color":"","overlay-opacity":"","overlay-gradient":""}},"ast-content-background-meta":{"desktop":{"background-color":"var(--ast-global-color-5)","background-image":"","background-repeat":"repeat","background-position":"center center","background-size":"auto","background-attachment":"scroll","background-type":"","background-media":"","overlay-type":"","overlay-color":"","overlay-opacity":"","overlay-gradient":""},"tablet":{"background-color":"var(--ast-global-color-5)","background-image":"","background-repeat":"repeat","background-position":"center center","background-size":"auto","background-attachment":"scroll","background-type":"","background-media":"","overlay-type":"","overlay-color":"","overlay-opacity":"","overlay-gradient":""},"mobile":{"background-color":"var(--ast-global-color-5)","background-image":"","background-repeat":"repeat","background-position":"center center","background-size":"auto","background-attachment":"scroll","background-type":"","background-media":"","overlay-type":"","overlay-color":"","overlay-opacity":"","overlay-gradient":""}}},"tags":[49],"products":[43],"class_list":["post-3757","product","type-product","status-publish","has-post-thumbnail","hentry","tag-paper-tube-machine","products-spiral-paper-tube-making-machine"],"acf":[],"aioseo_notices":[],"aioseo_head":"\n\t\t<!-- All in One SEO Pro 4.9.2 - aioseo.com -->\n\t<meta name=\"description\" content=\"NRC MACHINE proudly presents its advanced CNC spiral paper tube forming equipment. This machine is made by Qingdao New Richuan Precision Machine Co., Ltd.\" \/>\n\t<meta name=\"robots\" content=\"max-snippet:-1, max-image-preview:large, max-video-preview:-1\" \/>\n\t<link rel=\"canonical\" href=\"https:\/\/nrcmachine.com\/it\/product\/spiral-paper-tube-forming-equipment\/\" \/>\n\t<meta name=\"generator\" content=\"All in One SEO Pro (AIOSEO) 4.9.2\" \/>\n\t\t<meta property=\"og:locale\" content=\"it_IT\" \/>\n\t\t<meta property=\"og:site_name\" content=\"Toilet Paper Machine, Paper Tube Machine | NRC Machine - Reliable Paper Machinery Solutions\" \/>\n\t\t<meta property=\"og:type\" content=\"article\" \/>\n\t\t<meta property=\"og:title\" content=\"CNC Spiral Paper Tube Forming Equipment - NRC MACHINE\" \/>\n\t\t<meta property=\"og:description\" content=\"NRC MACHINE proudly presents its advanced CNC spiral paper tube forming equipment. This machine is made by Qingdao New Richuan Precision Machine Co., Ltd.\" \/>\n\t\t<meta property=\"og:url\" content=\"https:\/\/nrcmachine.com\/it\/product\/spiral-paper-tube-forming-equipment\/\" \/>\n\t\t<meta property=\"og:image\" content=\"https:\/\/nrcmachine.com\/wp-content\/uploads\/2026\/01\/CNC-Spiral-Paper-Tube-Forming-Equipment-4.webp\" \/>\n\t\t<meta property=\"og:image:secure_url\" content=\"https:\/\/nrcmachine.com\/wp-content\/uploads\/2026\/01\/CNC-Spiral-Paper-Tube-Forming-Equipment-4.webp\" \/>\n\t\t<meta property=\"og:image:width\" content=\"1280\" \/>\n\t\t<meta property=\"og:image:height\" content=\"720\" \/>\n\t\t<meta property=\"article:published_time\" content=\"2026-01-06T09:48:04+00:00\" \/>\n\t\t<meta property=\"article:modified_time\" content=\"2026-01-06T10:05:15+00:00\" \/>\n\t\t<meta property=\"article:publisher\" content=\"https:\/\/www.facebook.com\/james.gao.349938\" \/>\n\t\t<meta name=\"twitter:card\" content=\"summary\" \/>\n\t\t<meta name=\"twitter:site\" content=\"@JamesGao65335\" \/>\n\t\t<meta name=\"twitter:title\" content=\"CNC Spiral Paper Tube Forming Equipment - NRC MACHINE\" \/>\n\t\t<meta name=\"twitter:description\" content=\"NRC MACHINE proudly presents its advanced CNC spiral paper tube forming equipment. This machine is made by Qingdao New Richuan Precision Machine Co., Ltd.\" \/>\n\t\t<meta name=\"twitter:image\" content=\"https:\/\/nrcmachine.com\/wp-content\/uploads\/2026\/01\/CNC-Spiral-Paper-Tube-Forming-Equipment-3.webp\" \/>\n\t\t<script type=\"application\/ld+json\" class=\"aioseo-schema\">\n\t\t\t{\"@context\":\"https:\\\/\\\/schema.org\",\"@graph\":[{\"@type\":\"BreadcrumbList\",\"@id\":\"https:\\\/\\\/nrcmachine.com\\\/it\\\/product\\\/spiral-paper-tube-forming-equipment\\\/#breadcrumblist\",\"itemListElement\":[{\"@type\":\"ListItem\",\"@id\":\"https:\\\/\\\/nrcmachine.com\\\/it#listItem\",\"position\":1,\"name\":\"Home\",\"item\":\"https:\\\/\\\/nrcmachine.com\\\/it\",\"nextItem\":{\"@type\":\"ListItem\",\"@id\":\"https:\\\/\\\/nrcmachine.com\\\/it\\\/product\\\/#listItem\",\"name\":\"Products\"}},{\"@type\":\"ListItem\",\"@id\":\"https:\\\/\\\/nrcmachine.com\\\/it\\\/product\\\/#listItem\",\"position\":2,\"name\":\"Products\",\"item\":\"https:\\\/\\\/nrcmachine.com\\\/it\\\/product\\\/\",\"nextItem\":{\"@type\":\"ListItem\",\"@id\":\"https:\\\/\\\/nrcmachine.com\\\/it\\\/tag\\\/paper-tube-machine\\\/#listItem\",\"name\":\"paper tube machine\"},\"previousItem\":{\"@type\":\"ListItem\",\"@id\":\"https:\\\/\\\/nrcmachine.com\\\/it#listItem\",\"name\":\"Home\"}},{\"@type\":\"ListItem\",\"@id\":\"https:\\\/\\\/nrcmachine.com\\\/it\\\/tag\\\/paper-tube-machine\\\/#listItem\",\"position\":3,\"name\":\"paper tube machine\",\"item\":\"https:\\\/\\\/nrcmachine.com\\\/it\\\/tag\\\/paper-tube-machine\\\/\",\"nextItem\":{\"@type\":\"ListItem\",\"@id\":\"https:\\\/\\\/nrcmachine.com\\\/it\\\/product\\\/spiral-paper-tube-forming-equipment\\\/#listItem\",\"name\":\"CNC Spiral Paper Tube Forming Equipment\"},\"previousItem\":{\"@type\":\"ListItem\",\"@id\":\"https:\\\/\\\/nrcmachine.com\\\/it\\\/product\\\/#listItem\",\"name\":\"Products\"}},{\"@type\":\"ListItem\",\"@id\":\"https:\\\/\\\/nrcmachine.com\\\/it\\\/product\\\/spiral-paper-tube-forming-equipment\\\/#listItem\",\"position\":4,\"name\":\"CNC Spiral Paper Tube Forming Equipment\",\"previousItem\":{\"@type\":\"ListItem\",\"@id\":\"https:\\\/\\\/nrcmachine.com\\\/it\\\/tag\\\/paper-tube-machine\\\/#listItem\",\"name\":\"paper tube machine\"}}]},{\"@type\":\"Organization\",\"@id\":\"https:\\\/\\\/nrcmachine.com\\\/it\\\/#organization\",\"name\":\"Toilet Paper Machine, Paper Tube Machine | NRC Machine wordpress\",\"description\":\"Reliable Paper Machinery Solutions\",\"url\":\"https:\\\/\\\/nrcmachine.com\\\/it\\\/\",\"email\":\"james@nrcmachine.com\",\"telephone\":\"+8615254213289\",\"foundingDate\":\"2023-11-01\",\"numberOfEmployees\":{\"@type\":\"QuantitativeValue\",\"minValue\":1,\"maxValue\":50},\"logo\":{\"@type\":\"ImageObject\",\"url\":\"https:\\\/\\\/nrcmachine.com\\\/wp-content\\\/uploads\\\/2026\\\/01\\\/logo23.png\",\"@id\":\"https:\\\/\\\/nrcmachine.com\\\/it\\\/product\\\/spiral-paper-tube-forming-equipment\\\/#organizationLogo\",\"width\":800,\"height\":800,\"caption\":\"logo for NRC MACHINE\"},\"image\":{\"@id\":\"https:\\\/\\\/nrcmachine.com\\\/it\\\/product\\\/spiral-paper-tube-forming-equipment\\\/#organizationLogo\"},\"sameAs\":[\"https:\\\/\\\/www.facebook.com\\\/james.gao.349938\",\"https:\\\/\\\/x.com\\\/JamesGao65335\",\"https:\\\/\\\/www.instagram.com\\\/jamesgao407?igsh=d2YybzFhMjY0YTl3\",\"https:\\\/\\\/www.tiktok.com\\\/@gyl20210118\",\"https:\\\/\\\/www.linkedin.com\\\/in\\\/--9a63583a9\\\/\"]},{\"@type\":\"WebPage\",\"@id\":\"https:\\\/\\\/nrcmachine.com\\\/it\\\/product\\\/spiral-paper-tube-forming-equipment\\\/#webpage\",\"url\":\"https:\\\/\\\/nrcmachine.com\\\/it\\\/product\\\/spiral-paper-tube-forming-equipment\\\/\",\"name\":\"CNC Spiral Paper Tube Forming Equipment - NRC MACHINE\",\"description\":\"NRC MACHINE proudly presents its advanced CNC spiral paper tube forming equipment. This machine is made by Qingdao New Richuan Precision Machine Co., Ltd.\",\"inLanguage\":\"it-IT\",\"isPartOf\":{\"@id\":\"https:\\\/\\\/nrcmachine.com\\\/it\\\/#website\"},\"breadcrumb\":{\"@id\":\"https:\\\/\\\/nrcmachine.com\\\/it\\\/product\\\/spiral-paper-tube-forming-equipment\\\/#breadcrumblist\"},\"image\":{\"@type\":\"ImageObject\",\"url\":\"https:\\\/\\\/nrcmachine.com\\\/wp-content\\\/uploads\\\/2026\\\/01\\\/CNC-Spiral-Paper-Tube-Forming-Equipment-3.webp\",\"@id\":\"https:\\\/\\\/nrcmachine.com\\\/it\\\/product\\\/spiral-paper-tube-forming-equipment\\\/#mainImage\",\"width\":800,\"height\":800,\"caption\":\"CNC Spiral Paper Tube Forming Equipment\"},\"primaryImageOfPage\":{\"@id\":\"https:\\\/\\\/nrcmachine.com\\\/it\\\/product\\\/spiral-paper-tube-forming-equipment\\\/#mainImage\"},\"datePublished\":\"2026-01-06T17:48:04+08:00\",\"dateModified\":\"2026-01-06T18:05:15+08:00\"},{\"@type\":\"WebSite\",\"@id\":\"https:\\\/\\\/nrcmachine.com\\\/it\\\/#website\",\"url\":\"https:\\\/\\\/nrcmachine.com\\\/it\\\/\",\"name\":\"Toilet Paper Machine, Paper Tube Machine | NRC Machine\",\"alternateName\":\"Qingdao New Richuan Precision Machine Co.,Ltd\",\"description\":\"Reliable Paper Machinery Solutions\",\"inLanguage\":\"it-IT\",\"publisher\":{\"@id\":\"https:\\\/\\\/nrcmachine.com\\\/it\\\/#organization\"}}]}\n\t\t<\/script>\n\t\t<!-- All in One SEO Pro -->\r\n\t\t<title>CNC Spiral Paper Tube Forming Equipment - NRC MACHINE<\/title>\n\n","aioseo_head_json":{"title":"Attrezzatura per la formazione di tubi di carta a spirale CNC - NRC MACHINE","description":"NRC MACHINE \u00e8 orgogliosa di presentare la sua avanzata apparecchiatura per la formatura di tubi di carta a spirale CNC. Questa macchina \u00e8 prodotta da Qingdao New Richuan Precision Machine Co.","canonical_url":"https:\/\/nrcmachine.com\/it\/product\/spiral-paper-tube-forming-equipment\/","robots":"max-snippet:-1, max-image-preview:large, max-video-preview:-1","keywords":"","webmasterTools":{"miscellaneous":""},"schema":{"@context":"https:\/\/schema.org","@graph":[{"@type":"BreadcrumbList","@id":"https:\/\/nrcmachine.com\/it\/product\/spiral-paper-tube-forming-equipment\/#breadcrumblist","itemListElement":[{"@type":"ListItem","@id":"https:\/\/nrcmachine.com\/it#listItem","position":1,"name":"Home","item":"https:\/\/nrcmachine.com\/it","nextItem":{"@type":"ListItem","@id":"https:\/\/nrcmachine.com\/it\/product\/#listItem","name":"Products"}},{"@type":"ListItem","@id":"https:\/\/nrcmachine.com\/it\/product\/#listItem","position":2,"name":"Products","item":"https:\/\/nrcmachine.com\/it\/product\/","nextItem":{"@type":"ListItem","@id":"https:\/\/nrcmachine.com\/it\/tag\/paper-tube-machine\/#listItem","name":"paper tube machine"},"previousItem":{"@type":"ListItem","@id":"https:\/\/nrcmachine.com\/it#listItem","name":"Home"}},{"@type":"ListItem","@id":"https:\/\/nrcmachine.com\/it\/tag\/paper-tube-machine\/#listItem","position":3,"name":"paper tube machine","item":"https:\/\/nrcmachine.com\/it\/tag\/paper-tube-machine\/","nextItem":{"@type":"ListItem","@id":"https:\/\/nrcmachine.com\/it\/product\/spiral-paper-tube-forming-equipment\/#listItem","name":"CNC Spiral Paper Tube Forming Equipment"},"previousItem":{"@type":"ListItem","@id":"https:\/\/nrcmachine.com\/it\/product\/#listItem","name":"Products"}},{"@type":"ListItem","@id":"https:\/\/nrcmachine.com\/it\/product\/spiral-paper-tube-forming-equipment\/#listItem","position":4,"name":"CNC Spiral Paper Tube Forming Equipment","previousItem":{"@type":"ListItem","@id":"https:\/\/nrcmachine.com\/it\/tag\/paper-tube-machine\/#listItem","name":"paper tube machine"}}]},{"@type":"Organization","@id":"https:\/\/nrcmachine.com\/it\/#organization","name":"Toilet Paper Machine, Paper Tube Machine | NRC Machine wordpress","description":"Reliable Paper Machinery Solutions","url":"https:\/\/nrcmachine.com\/it\/","email":"james@nrcmachine.com","telephone":"+8615254213289","foundingDate":"2023-11-01","numberOfEmployees":{"@type":"QuantitativeValue","minValue":1,"maxValue":50},"logo":{"@type":"ImageObject","url":"https:\/\/nrcmachine.com\/wp-content\/uploads\/2026\/01\/logo23.png","@id":"https:\/\/nrcmachine.com\/it\/product\/spiral-paper-tube-forming-equipment\/#organizationLogo","width":800,"height":800,"caption":"logo for NRC MACHINE"},"image":{"@id":"https:\/\/nrcmachine.com\/it\/product\/spiral-paper-tube-forming-equipment\/#organizationLogo"},"sameAs":["https:\/\/www.facebook.com\/james.gao.349938","https:\/\/x.com\/JamesGao65335","https:\/\/www.instagram.com\/jamesgao407?igsh=d2YybzFhMjY0YTl3","https:\/\/www.tiktok.com\/@gyl20210118","https:\/\/www.linkedin.com\/in\/--9a63583a9\/"]},{"@type":"WebPage","@id":"https:\/\/nrcmachine.com\/it\/product\/spiral-paper-tube-forming-equipment\/#webpage","url":"https:\/\/nrcmachine.com\/it\/product\/spiral-paper-tube-forming-equipment\/","name":"CNC Spiral Paper Tube Forming Equipment - NRC MACHINE","description":"NRC MACHINE proudly presents its advanced CNC spiral paper tube forming equipment. This machine is made by Qingdao New Richuan Precision Machine Co., Ltd.","inLanguage":"it-IT","isPartOf":{"@id":"https:\/\/nrcmachine.com\/it\/#website"},"breadcrumb":{"@id":"https:\/\/nrcmachine.com\/it\/product\/spiral-paper-tube-forming-equipment\/#breadcrumblist"},"image":{"@type":"ImageObject","url":"https:\/\/nrcmachine.com\/wp-content\/uploads\/2026\/01\/CNC-Spiral-Paper-Tube-Forming-Equipment-3.webp","@id":"https:\/\/nrcmachine.com\/it\/product\/spiral-paper-tube-forming-equipment\/#mainImage","width":800,"height":800,"caption":"CNC Spiral Paper Tube Forming Equipment"},"primaryImageOfPage":{"@id":"https:\/\/nrcmachine.com\/it\/product\/spiral-paper-tube-forming-equipment\/#mainImage"},"datePublished":"2026-01-06T17:48:04+08:00","dateModified":"2026-01-06T18:05:15+08:00"},{"@type":"WebSite","@id":"https:\/\/nrcmachine.com\/it\/#website","url":"https:\/\/nrcmachine.com\/it\/","name":"Toilet Paper Machine, Paper Tube Machine | NRC Machine","alternateName":"Qingdao New Richuan Precision Machine Co.,Ltd","description":"Reliable Paper Machinery Solutions","inLanguage":"it-IT","publisher":{"@id":"https:\/\/nrcmachine.com\/it\/#organization"}}]},"og:locale":"it_IT","og:site_name":"Toilet Paper Machine, Paper Tube Machine | NRC Machine - Reliable Paper Machinery Solutions","og:type":"article","og:title":"CNC Spiral Paper Tube Forming Equipment - NRC MACHINE","og:description":"NRC MACHINE proudly presents its advanced CNC spiral paper tube forming equipment. This machine is made by Qingdao New Richuan Precision Machine Co., Ltd.","og:url":"https:\/\/nrcmachine.com\/it\/product\/spiral-paper-tube-forming-equipment\/","og:image":"https:\/\/nrcmachine.com\/wp-content\/uploads\/2026\/01\/CNC-Spiral-Paper-Tube-Forming-Equipment-4.webp","og:image:secure_url":"https:\/\/nrcmachine.com\/wp-content\/uploads\/2026\/01\/CNC-Spiral-Paper-Tube-Forming-Equipment-4.webp","og:image:width":1280,"og:image:height":720,"article:published_time":"2026-01-06T09:48:04+00:00","article:modified_time":"2026-01-06T10:05:15+00:00","article:publisher":"https:\/\/www.facebook.com\/james.gao.349938","twitter:card":"summary","twitter:site":"@JamesGao65335","twitter:title":"CNC Spiral Paper Tube Forming Equipment - NRC MACHINE","twitter:description":"NRC MACHINE proudly presents its advanced CNC spiral paper tube forming equipment. This machine is made by Qingdao New Richuan Precision Machine Co., Ltd.","twitter:image":"https:\/\/nrcmachine.com\/wp-content\/uploads\/2026\/01\/CNC-Spiral-Paper-Tube-Forming-Equipment-3.webp"},"aioseo_meta_data":{"post_id":"3757","title":"#post_title #separator_sa NRC MACHINE","description":"NRC MACHINE \u00e8 orgogliosa di presentare la sua avanzata apparecchiatura per la formatura di tubi di carta a spirale CNC. Questa macchina \u00e8 prodotta da Qingdao New Richuan Precision Machine Co.","keywords":null,"keyphrases":{"focus":{"keyphrase":"paper tube forming equipment","score":100,"analysis":{"keyphraseInTitle":{"score":9,"maxScore":9,"error":0},"keyphraseInDescription":{"score":9,"maxScore":9,"error":0},"keyphraseLength":{"score":9,"maxScore":9,"error":0,"length":4},"keyphraseInURL":{"score":5,"maxScore":5,"error":0},"keyphraseInIntroduction":{"score":9,"maxScore":9,"error":0},"keyphraseInSubHeadings":{"score":9,"maxScore":9,"error":0},"keyphraseInImageAlt":[],"keywordDensity":{"type":"best","score":9,"maxScore":9,"error":0}}},"additional":[]},"primary_term":null,"canonical_url":null,"og_title":null,"og_description":null,"og_object_type":"default","og_image_type":"custom_image","og_image_url":"https:\/\/nrcmachine.com\/wp-content\/uploads\/2026\/01\/CNC-Spiral-Paper-Tube-Forming-Equipment-4.webp","og_image_width":"1280","og_image_height":"720","og_image_custom_url":"https:\/\/nrcmachine.com\/wp-content\/uploads\/2026\/01\/CNC-Spiral-Paper-Tube-Forming-Equipment-4.webp","og_image_custom_fields":null,"og_video":"","og_custom_url":null,"og_article_section":null,"og_article_tags":null,"twitter_use_og":false,"twitter_card":"default","twitter_image_type":"default","twitter_image_url":null,"twitter_image_custom_url":null,"twitter_image_custom_fields":null,"twitter_title":null,"twitter_description":null,"schema":{"blockGraphs":[],"customGraphs":[],"default":{"data":{"Article":[],"Course":[],"Dataset":[],"FAQPage":[],"Movie":[],"Person":[],"Product":[],"ProductReview":[],"Car":[],"Recipe":[],"Service":[],"SoftwareApplication":[],"WebPage":[]},"graphName":"ItemPage","isEnabled":true},"graphs":[]},"schema_type":"default","schema_type_options":null,"pillar_content":false,"robots_default":true,"robots_noindex":false,"robots_noarchive":false,"robots_nosnippet":false,"robots_nofollow":false,"robots_noimageindex":false,"robots_noodp":false,"robots_notranslate":false,"robots_max_snippet":"-1","robots_max_videopreview":"-1","robots_max_imagepreview":"large","priority":null,"frequency":"default","local_seo":null,"seo_analyzer_scan_date":"2026-02-13 02:26:28","breadcrumb_settings":null,"limit_modified_date":false,"reviewed_by":null,"open_ai":null,"ai":{"faqs":[],"keyPoints":[],"titles":[],"descriptions":[],"socialPosts":{"email":[],"linkedin":[],"twitter":[],"facebook":[],"instagram":[]}},"created":"2026-01-06 09:48:05","updated":"2026-02-13 07:06:51"},"aioseo_breadcrumb":"<div class=\"aioseo-breadcrumbs\"><span class=\"aioseo-breadcrumb\">\n\t<a href=\"https:\/\/nrcmachine.com\/it\" title=\"Home\">Home<\/a>\n<\/span><span class=\"aioseo-breadcrumb-separator\">\u00bb<\/span><span class=\"aioseo-breadcrumb\">\n\t<a href=\"https:\/\/nrcmachine.com\/it\/product\/\" title=\"Products\">Products<\/a>\n<\/span><span class=\"aioseo-breadcrumb-separator\">\u00bb<\/span><span class=\"aioseo-breadcrumb\">\n\t<a href=\"https:\/\/nrcmachine.com\/it\/tag\/paper-tube-machine\/\" title=\"paper tube machine\">paper tube machine<\/a>\n<\/span><span class=\"aioseo-breadcrumb-separator\">\u00bb<\/span><span class=\"aioseo-breadcrumb\">\n\tCNC Spiral Paper Tube Forming Equipment\n<\/span><\/div>","aioseo_breadcrumb_json":[{"label":"Home","link":"https:\/\/nrcmachine.com\/it"},{"label":"Products","link":"https:\/\/nrcmachine.com\/it\/product\/"},{"label":"paper tube machine","link":"https:\/\/nrcmachine.com\/it\/tag\/paper-tube-machine\/"},{"label":"CNC Spiral Paper Tube Forming Equipment","link":"https:\/\/nrcmachine.com\/it\/product\/spiral-paper-tube-forming-equipment\/"}],"_links":{"self":[{"href":"https:\/\/nrcmachine.com\/it\/wp-json\/wp\/v2\/product\/3757","targetHints":{"allow":["GET"]}}],"collection":[{"href":"https:\/\/nrcmachine.com\/it\/wp-json\/wp\/v2\/product"}],"about":[{"href":"https:\/\/nrcmachine.com\/it\/wp-json\/wp\/v2\/types\/product"}],"version-history":[{"count":0,"href":"https:\/\/nrcmachine.com\/it\/wp-json\/wp\/v2\/product\/3757\/revisions"}],"wp:featuredmedia":[{"embeddable":true,"href":"https:\/\/nrcmachine.com\/it\/wp-json\/wp\/v2\/media\/3758"}],"wp:attachment":[{"href":"https:\/\/nrcmachine.com\/it\/wp-json\/wp\/v2\/media?parent=3757"}],"wp:term":[{"taxonomy":"post_tag","embeddable":true,"href":"https:\/\/nrcmachine.com\/it\/wp-json\/wp\/v2\/tags?post=3757"},{"taxonomy":"products","embeddable":true,"href":"https:\/\/nrcmachine.com\/it\/wp-json\/wp\/v2\/products?post=3757"}],"curies":[{"name":"wp","href":"https:\/\/api.w.org\/{rel}","templated":true}]}}