 {"id":1880,"date":"2025-11-05T22:58:17","date_gmt":"2025-11-05T14:58:17","guid":{"rendered":"https:\/\/nrcmachine.com\/?post_type=product&#038;p=1880"},"modified":"2026-01-03T06:01:57","modified_gmt":"2026-01-02T22:01:57","slug":"paper-pipe-making-machine","status":"publish","type":"product","link":"https:\/\/nrcmachine.com\/nl\/product\/paper-pipe-making-machine\/","title":{"rendered":"Document Pijp die Machine maken"},"content":{"rendered":"<h1><strong><b>Inleiding tot kernspiraalmachine met Multi-Cutters<\/b><\/strong><\/h1>\n<div class=\"ast-oembed-container\" style=\"height: 100%;\"><iframe title=\"Fabrikant van de kraftpapierbuis die Machine maakt|Qingdao New Ri Chuan Precision Machine Co, Ltd\" width=\"500\" height=\"281\" src=\"https:\/\/www.youtube.com\/embed\/6YAdBKpe3dM?feature=oembed\" frameborder=\"0\" allow=\"accelerometer; autoplay; clipboard-write; encrypted-media; gyroscope; picture-in-picture; web-share\" referrerpolicy=\"strict-origin-when-cross-origin\" allowfullscreen><\/iframe><\/div>\n<h2><strong><b>1. Machineoverzicht over papierpijpmachine<\/b><\/strong><\/h2>\n<p>De <a href=\"https:\/\/nrcmachinery.com\/products\/spiral-paper-tube-machine.html\"><strong><b>spiraal papier kern machine<\/b><\/strong><\/a>\u00a0(ook bekend als een <a href=\"https:\/\/nrcmachinery.com\/Big-Diameter-Paper-Core-Manufacturing-Plant-Cost.html\">machine voor het maken van papieren pijpen<\/a>) is een gespecialiseerd apparaat dat ontworpen is voor de productie van cilindrische papierkernen of -buizen via een spiraalvormig wikkelproces. De machine integreert automatische toevoer-, lijm-, wikkel-, vorm- en snijfuncties, waardoor een effici\u00ebnte productie van hoogwaardige papieren kernen voor verschillende industri\u00eble toepassingen mogelijk wordt. In tegenstelling tot traditionele handmatige of halfautomatische apparaten garandeert deze machine een consistente productprecisie en vermindert ze de arbeidskosten, waardoor ze een belangrijke aanwinst is voor de verpakkings-, textiel- en drukindustrie.<\/p>\n<h2><strong><b>2. Kern Technische Parameters voor deze Document Pijp die Machine maken<\/b><\/strong><\/h2>\n<p>Twee kritieke parameters bepalen de productiemogelijkheden van de machine en hebben een directe invloed op de compatibiliteit met verschillende gebruiksscenario's:<\/p>\n<ul>\n<li><b><\/b><strong><b>Bereik binnendiameter<\/b><\/strong>: 30mm ~ 150mm. Dankzij deze flexibiliteit kan de machine papierkernen produceren voor kleinschalig gebruik (bv. plakbandrollen, kleine verpakkingstubes) en grootschalige toepassingen (bv. textielgarenklossen, industri\u00eble foliekernen).<\/li>\n<li><b><\/b><strong><b>Diktebereik<\/b><\/strong>: 1 mm ~ 5 mm. De instelbare dikte is geschikt voor verschillende sterktevereisten - dunnere kernen (1 ~ 2 mm) zijn geschikt voor lichtgewicht producten, terwijl dikkere kernen (3 ~ 5 mm) een grotere duurzaamheid bieden voor zwaar industrieel gebruik.<\/li>\n<\/ul>\n<h2><strong><b>3. Multi-Snijdersysteem: Belangrijkste voordeel van deze papierpijp Making Machine<\/b><\/strong><\/h2>\n<p>De ge\u00efntegreerde <strong><b>Multi-snijsysteem<\/b><\/strong>\u00a0is een opvallend kenmerk van deze machine, waarmee de ineffici\u00ebntie van ontwerpen met \u00e9\u00e9n snijder wordt aangepakt:<\/p>\n<ul>\n<li><b><\/b><strong><b>Gelijktijdig uit meerdere delen snijden<\/b><\/strong>: Uitgerust met 2~4 snijmessen van staal met een hoge hardheid (configureerbaar op basis van de behoeften), kan het systeem meerdere papierkernen tegelijk snijden na het wikkelen. Dit verhoogt de productie-effici\u00ebntie met 200%~300% in vergelijking met modellen met \u00e9\u00e9n snijder.<\/li>\n<li><b><\/b><strong><b>Precisieregeling<\/b><\/strong>: De snijmachines zijn gekoppeld aan een digitaal lengtecontrolesysteem, zodat de gesneden papierkernen een lengteafwijking van minder dan \u00b10,5 mm hebben. Deze precisie voldoet aan strenge industri\u00eble normen voor productuniformiteit.<\/li>\n<li><b><\/b><strong><b>Eenvoudig onderhoud<\/b><\/strong>: De afneembare snijkoppen kunnen snel worden vervangen of geslepen, waardoor stilstand tot een minimum wordt beperkt en de productiestabiliteit op lange termijn behouden blijft.<\/li>\n<\/ul>\n<h2><strong><b>4. Toepassingsscenario's en voordelen<\/b><\/strong><\/h2>\n<h3><strong><b>4.1 Typische toepassingen<\/b><\/strong><\/h3>\n<ul>\n<li>Verpakkingsindustrie: Papieren kernen voor kleefbanden, PVC-folie en wikkelfolie.<\/li>\n<li>Textielindustrie: Klossen voor garen, draad en stofrollen.<\/li>\n<li>Drukkerijen: Cilinders voor etiketten en flexibele verpakkingsmaterialen.<\/li>\n<\/ul>\n<h3><strong><b>4.2 Belangrijkste voordelen<\/b><\/strong><\/h3>\n<ul>\n<li><b><\/b><strong><b>Hoog rendement<\/b><\/strong>: Multi-snijontwerp maakt serieproductie mogelijk, met een dagelijkse uitvoer tot 5.000 papierkernen (afhankelijk van formaat).<\/li>\n<li><b><\/b><strong><b>Kosteneffectief<\/b><\/strong>: Maakt gebruik van recyclebare papiermaterialen, waardoor de grondstofkosten dalen; automatische bediening verlaagt de arbeidskosten.<\/li>\n<li><b><\/b><strong><b>Aanpasbare<\/b><\/strong>: Aanpasbare binnendiameter en dikte ondersteunen gepersonaliseerde bestellingen, zodat ze kunnen worden aangepast aan diverse marktbehoeften.<\/li>\n<\/ul>\n<p>Samengevat <a href=\"https:\/\/nrcmachine.com\/product\/spiral-paper-tube-making-machine-2\/\">spiraal papier kern machine<\/a> combineert precisie, effici\u00ebntie en flexibiliteit, waardoor het een ideale oplossing is voor de moderne industri\u00eble productie van papierkernen.<\/p>","protected":false},"featured_media":1881,"template":"","meta":{"_acf_changed":false,"_monsterinsights_skip_tracking":false,"_monsterinsights_sitenote_active":false,"_monsterinsights_sitenote_note":"","_monsterinsights_sitenote_category":0,"site-sidebar-layout":"default","site-content-layout":"","ast-site-content-layout":"default","site-content-style":"default","site-sidebar-style":"default","ast-global-header-display":"","ast-banner-title-visibility":"","ast-main-header-display":"","ast-hfb-above-header-display":"","ast-hfb-below-header-display":"","ast-hfb-mobile-header-display":"","site-post-title":"","ast-breadcrumbs-content":"","ast-featured-img":"","footer-sml-layout":"","theme-transparent-header-meta":"default","adv-header-id-meta":"","stick-header-meta":"default","header-above-stick-meta":"","header-main-stick-meta":"","header-below-stick-meta":"","astra-migrate-meta-layouts":"set","ast-page-background-enabled":"default","ast-page-background-meta":{"desktop":{"background-color":"var(--ast-global-color-4)","background-image":"","background-repeat":"repeat","background-position":"center center","background-size":"auto","background-attachment":"scroll","background-type":"","background-media":"","overlay-type":"","overlay-color":"","overlay-opacity":"","overlay-gradient":""},"tablet":{"background-color":"","background-image":"","background-repeat":"repeat","background-position":"center center","background-size":"auto","background-attachment":"scroll","background-type":"","background-media":"","overlay-type":"","overlay-color":"","overlay-opacity":"","overlay-gradient":""},"mobile":{"background-color":"","background-image":"","background-repeat":"repeat","background-position":"center center","background-size":"auto","background-attachment":"scroll","background-type":"","background-media":"","overlay-type":"","overlay-color":"","overlay-opacity":"","overlay-gradient":""}},"ast-content-background-meta":{"desktop":{"background-color":"var(--ast-global-color-5)","background-image":"","background-repeat":"repeat","background-position":"center center","background-size":"auto","background-attachment":"scroll","background-type":"","background-media":"","overlay-type":"","overlay-color":"","overlay-opacity":"","overlay-gradient":""},"tablet":{"background-color":"var(--ast-global-color-5)","background-image":"","background-repeat":"repeat","background-position":"center center","background-size":"auto","background-attachment":"scroll","background-type":"","background-media":"","overlay-type":"","overlay-color":"","overlay-opacity":"","overlay-gradient":""},"mobile":{"background-color":"var(--ast-global-color-5)","background-image":"","background-repeat":"repeat","background-position":"center center","background-size":"auto","background-attachment":"scroll","background-type":"","background-media":"","overlay-type":"","overlay-color":"","overlay-opacity":"","overlay-gradient":""}}},"tags":[49,48],"products":[43],"class_list":["post-1880","product","type-product","status-publish","has-post-thumbnail","hentry","tag-paper-tube-machine","tag-paper-tube-making-machine","products-spiral-paper-tube-making-machine"],"acf":[],"aioseo_notices":[],"aioseo_head":"\n\t\t<!-- All in One SEO Pro 4.9.2 - aioseo.com -->\n\t<meta name=\"description\" content=\"Spiral paper core machine (also known as a paper pipe making machine) is an equipment designed for manufacturing paper pipes through a spiral winding process.\" \/>\n\t<meta name=\"robots\" content=\"noodp, max-snippet:-1, max-image-preview:large, max-video-preview:-1\" \/>\n\t<link rel=\"canonical\" href=\"https:\/\/nrcmachine.com\/nl\/product\/paper-pipe-making-machine\/\" \/>\n\t<meta name=\"generator\" content=\"All in One SEO Pro (AIOSEO) 4.9.2\" \/>\n\t\t<meta property=\"og:locale\" content=\"nl_NL\" \/>\n\t\t<meta property=\"og:site_name\" content=\"Toilet Paper Machine, Paper Tube Machine | NRC Machine - Reliable Paper Machinery Solutions\" \/>\n\t\t<meta property=\"og:type\" content=\"article\" \/>\n\t\t<meta property=\"og:title\" content=\"Paper Pipe Making Machine - QINGDAO NEW RICHUAN PRECISION\" \/>\n\t\t<meta property=\"og:description\" content=\"Spiral paper core machine (also known as a paper pipe making machine) is an equipment designed for manufacturing paper pipes through a spiral winding process.\" \/>\n\t\t<meta property=\"og:url\" content=\"https:\/\/nrcmachine.com\/nl\/product\/paper-pipe-making-machine\/\" \/>\n\t\t<meta property=\"og:image\" content=\"https:\/\/nrcmachine.com\/wp-content\/uploads\/2025\/11\/Paper-tube-machine-3.webp\" \/>\n\t\t<meta property=\"og:image:secure_url\" content=\"https:\/\/nrcmachine.com\/wp-content\/uploads\/2025\/11\/Paper-tube-machine-3.webp\" \/>\n\t\t<meta property=\"og:image:width\" content=\"800\" \/>\n\t\t<meta property=\"og:image:height\" content=\"800\" \/>\n\t\t<meta property=\"article:published_time\" content=\"2025-11-05T14:58:17+00:00\" \/>\n\t\t<meta property=\"article:modified_time\" content=\"2026-01-02T22:01:57+00:00\" \/>\n\t\t<meta property=\"article:publisher\" content=\"https:\/\/www.facebook.com\/james.gao.349938\" \/>\n\t\t<meta name=\"twitter:card\" content=\"summary\" \/>\n\t\t<meta name=\"twitter:site\" content=\"@JamesGao65335\" \/>\n\t\t<meta name=\"twitter:title\" content=\"Paper Pipe Making Machine - QINGDAO NEW RICHUAN PRECISION\" \/>\n\t\t<meta name=\"twitter:description\" content=\"Spiral paper core machine (also known as a paper pipe making machine) is an equipment designed for manufacturing paper pipes through a spiral winding process.\" \/>\n\t\t<meta name=\"twitter:image\" content=\"https:\/\/nrcmachine.com\/wp-content\/uploads\/2025\/11\/Paper-tube-machine-3.webp\" \/>\n\t\t<script type=\"application\/ld+json\" class=\"aioseo-schema\">\n\t\t\t{\"@context\":\"https:\\\/\\\/schema.org\",\"@graph\":[{\"@type\":\"BreadcrumbList\",\"@id\":\"https:\\\/\\\/nrcmachine.com\\\/nl\\\/product\\\/paper-pipe-making-machine\\\/#breadcrumblist\",\"itemListElement\":[{\"@type\":\"ListItem\",\"@id\":\"https:\\\/\\\/nrcmachine.com\\\/nl#listItem\",\"position\":1,\"name\":\"Home\",\"item\":\"https:\\\/\\\/nrcmachine.com\\\/nl\",\"nextItem\":{\"@type\":\"ListItem\",\"@id\":\"https:\\\/\\\/nrcmachine.com\\\/nl\\\/product\\\/#listItem\",\"name\":\"Products\"}},{\"@type\":\"ListItem\",\"@id\":\"https:\\\/\\\/nrcmachine.com\\\/nl\\\/product\\\/#listItem\",\"position\":2,\"name\":\"Products\",\"item\":\"https:\\\/\\\/nrcmachine.com\\\/nl\\\/product\\\/\",\"nextItem\":{\"@type\":\"ListItem\",\"@id\":\"https:\\\/\\\/nrcmachine.com\\\/nl\\\/tag\\\/paper-tube-making-machine\\\/#listItem\",\"name\":\"paper tube making machine\"},\"previousItem\":{\"@type\":\"ListItem\",\"@id\":\"https:\\\/\\\/nrcmachine.com\\\/nl#listItem\",\"name\":\"Home\"}},{\"@type\":\"ListItem\",\"@id\":\"https:\\\/\\\/nrcmachine.com\\\/nl\\\/tag\\\/paper-tube-making-machine\\\/#listItem\",\"position\":3,\"name\":\"paper tube making machine\",\"item\":\"https:\\\/\\\/nrcmachine.com\\\/nl\\\/tag\\\/paper-tube-making-machine\\\/\",\"nextItem\":{\"@type\":\"ListItem\",\"@id\":\"https:\\\/\\\/nrcmachine.com\\\/nl\\\/product\\\/paper-pipe-making-machine\\\/#listItem\",\"name\":\"Paper Pipe Making Machine\"},\"previousItem\":{\"@type\":\"ListItem\",\"@id\":\"https:\\\/\\\/nrcmachine.com\\\/nl\\\/product\\\/#listItem\",\"name\":\"Products\"}},{\"@type\":\"ListItem\",\"@id\":\"https:\\\/\\\/nrcmachine.com\\\/nl\\\/product\\\/paper-pipe-making-machine\\\/#listItem\",\"position\":4,\"name\":\"Paper Pipe Making Machine\",\"previousItem\":{\"@type\":\"ListItem\",\"@id\":\"https:\\\/\\\/nrcmachine.com\\\/nl\\\/tag\\\/paper-tube-making-machine\\\/#listItem\",\"name\":\"paper tube making machine\"}}]},{\"@type\":\"Organization\",\"@id\":\"https:\\\/\\\/nrcmachine.com\\\/nl\\\/#organization\",\"name\":\"Toilet Paper Machine, Paper Tube Machine | NRC Machine wordpress\",\"description\":\"Reliable Paper Machinery Solutions\",\"url\":\"https:\\\/\\\/nrcmachine.com\\\/nl\\\/\",\"email\":\"james@nrcmachine.com\",\"telephone\":\"+8615254213289\",\"foundingDate\":\"2023-11-01\",\"numberOfEmployees\":{\"@type\":\"QuantitativeValue\",\"minValue\":1,\"maxValue\":50},\"logo\":{\"@type\":\"ImageObject\",\"url\":\"https:\\\/\\\/nrcmachine.com\\\/wp-content\\\/uploads\\\/2026\\\/01\\\/logo23.png\",\"@id\":\"https:\\\/\\\/nrcmachine.com\\\/nl\\\/product\\\/paper-pipe-making-machine\\\/#organizationLogo\",\"width\":800,\"height\":800,\"caption\":\"logo for NRC MACHINE\"},\"image\":{\"@id\":\"https:\\\/\\\/nrcmachine.com\\\/nl\\\/product\\\/paper-pipe-making-machine\\\/#organizationLogo\"},\"sameAs\":[\"https:\\\/\\\/www.facebook.com\\\/james.gao.349938\",\"https:\\\/\\\/x.com\\\/JamesGao65335\",\"https:\\\/\\\/www.instagram.com\\\/jamesgao407?igsh=d2YybzFhMjY0YTl3\",\"https:\\\/\\\/www.tiktok.com\\\/@gyl20210118\",\"https:\\\/\\\/www.linkedin.com\\\/in\\\/--9a63583a9\\\/\"],\"address\":{\"@id\":\"https:\\\/\\\/nrcmachine.com\\\/nl\\\/#postaladdress\",\"@type\":\"PostalAddress\",\"streetAddress\":\"No..519,Jiangshan South Road,Huangdao,\",\"postalCode\":\"266500\",\"addressLocality\":\"Qingdao\",\"addressRegion\":\"Shandong Province\",\"addressCountry\":\"CN\"},\"taxID\":\"91370211MAD54P6P85\",\"vatID\":\"91370211MAD54P6P85\"},{\"@type\":\"WebPage\",\"@id\":\"https:\\\/\\\/nrcmachine.com\\\/nl\\\/product\\\/paper-pipe-making-machine\\\/#webpage\",\"url\":\"https:\\\/\\\/nrcmachine.com\\\/nl\\\/product\\\/paper-pipe-making-machine\\\/\",\"name\":\"Paper Pipe Making Machine - QINGDAO NEW RICHUAN PRECISION\",\"description\":\"Spiral paper core machine (also known as a paper pipe making machine) is an equipment designed for manufacturing paper pipes through a spiral winding process.\",\"inLanguage\":\"nl-NL\",\"isPartOf\":{\"@id\":\"https:\\\/\\\/nrcmachine.com\\\/nl\\\/#website\"},\"breadcrumb\":{\"@id\":\"https:\\\/\\\/nrcmachine.com\\\/nl\\\/product\\\/paper-pipe-making-machine\\\/#breadcrumblist\"},\"image\":{\"@type\":\"ImageObject\",\"url\":\"https:\\\/\\\/nrcmachine.com\\\/wp-content\\\/uploads\\\/2025\\\/11\\\/Paper-tube-machine-3.webp\",\"@id\":\"https:\\\/\\\/nrcmachine.com\\\/nl\\\/product\\\/paper-pipe-making-machine\\\/#mainImage\",\"width\":800,\"height\":800,\"caption\":\"Paper pipe making machine\"},\"primaryImageOfPage\":{\"@id\":\"https:\\\/\\\/nrcmachine.com\\\/nl\\\/product\\\/paper-pipe-making-machine\\\/#mainImage\"},\"datePublished\":\"2025-11-05T22:58:17+08:00\",\"dateModified\":\"2026-01-03T06:01:57+08:00\"},{\"@type\":\"WebSite\",\"@id\":\"https:\\\/\\\/nrcmachine.com\\\/nl\\\/#website\",\"url\":\"https:\\\/\\\/nrcmachine.com\\\/nl\\\/\",\"name\":\"Toilet Paper Machine, Paper Tube Machine | NRC Machine\",\"alternateName\":\"Qingdao New Richuan Precision Machine Co.,Ltd\",\"description\":\"Reliable Paper Machinery Solutions\",\"inLanguage\":\"nl-NL\",\"publisher\":{\"@id\":\"https:\\\/\\\/nrcmachine.com\\\/nl\\\/#organization\"}}]}\n\t\t<\/script>\n\t\t<!-- All in One SEO Pro -->\r\n\t\t<title>Paper Pipe Making Machine - QINGDAO NEW RICHUAN PRECISION<\/title>\n\n","aioseo_head_json":{"title":"Document Pijp die Machine maken - QINGDAO NIEUWE RICHUAN PRECISION","description":"Spiraalmachine voor papierkernen (ook bekend als machine voor het maken van papieren pijpen) is een apparaat dat is ontworpen voor het maken van papieren pijpen door middel van een spiraalvormig wikkelproces.","canonical_url":"https:\/\/nrcmachine.com\/nl\/product\/paper-pipe-making-machine\/","robots":"noodp, max-snippet:-1, max-image-preview:large, max-video-preview:-1","keywords":"","webmasterTools":{"miscellaneous":""},"schema":{"@context":"https:\/\/schema.org","@graph":[{"@type":"BreadcrumbList","@id":"https:\/\/nrcmachine.com\/nl\/product\/paper-pipe-making-machine\/#breadcrumblist","itemListElement":[{"@type":"ListItem","@id":"https:\/\/nrcmachine.com\/nl#listItem","position":1,"name":"Home","item":"https:\/\/nrcmachine.com\/nl","nextItem":{"@type":"ListItem","@id":"https:\/\/nrcmachine.com\/nl\/product\/#listItem","name":"Products"}},{"@type":"ListItem","@id":"https:\/\/nrcmachine.com\/nl\/product\/#listItem","position":2,"name":"Products","item":"https:\/\/nrcmachine.com\/nl\/product\/","nextItem":{"@type":"ListItem","@id":"https:\/\/nrcmachine.com\/nl\/tag\/paper-tube-making-machine\/#listItem","name":"paper tube making machine"},"previousItem":{"@type":"ListItem","@id":"https:\/\/nrcmachine.com\/nl#listItem","name":"Home"}},{"@type":"ListItem","@id":"https:\/\/nrcmachine.com\/nl\/tag\/paper-tube-making-machine\/#listItem","position":3,"name":"paper tube making machine","item":"https:\/\/nrcmachine.com\/nl\/tag\/paper-tube-making-machine\/","nextItem":{"@type":"ListItem","@id":"https:\/\/nrcmachine.com\/nl\/product\/paper-pipe-making-machine\/#listItem","name":"Paper Pipe Making Machine"},"previousItem":{"@type":"ListItem","@id":"https:\/\/nrcmachine.com\/nl\/product\/#listItem","name":"Products"}},{"@type":"ListItem","@id":"https:\/\/nrcmachine.com\/nl\/product\/paper-pipe-making-machine\/#listItem","position":4,"name":"Paper Pipe Making Machine","previousItem":{"@type":"ListItem","@id":"https:\/\/nrcmachine.com\/nl\/tag\/paper-tube-making-machine\/#listItem","name":"paper tube making machine"}}]},{"@type":"Organization","@id":"https:\/\/nrcmachine.com\/nl\/#organization","name":"Toilet Paper Machine, Paper Tube Machine | NRC Machine wordpress","description":"Reliable Paper Machinery Solutions","url":"https:\/\/nrcmachine.com\/nl\/","email":"james@nrcmachine.com","telephone":"+8615254213289","foundingDate":"2023-11-01","numberOfEmployees":{"@type":"QuantitativeValue","minValue":1,"maxValue":50},"logo":{"@type":"ImageObject","url":"https:\/\/nrcmachine.com\/wp-content\/uploads\/2026\/01\/logo23.png","@id":"https:\/\/nrcmachine.com\/nl\/product\/paper-pipe-making-machine\/#organizationLogo","width":800,"height":800,"caption":"logo for NRC MACHINE"},"image":{"@id":"https:\/\/nrcmachine.com\/nl\/product\/paper-pipe-making-machine\/#organizationLogo"},"sameAs":["https:\/\/www.facebook.com\/james.gao.349938","https:\/\/x.com\/JamesGao65335","https:\/\/www.instagram.com\/jamesgao407?igsh=d2YybzFhMjY0YTl3","https:\/\/www.tiktok.com\/@gyl20210118","https:\/\/www.linkedin.com\/in\/--9a63583a9\/"],"address":{"@id":"https:\/\/nrcmachine.com\/nl\/#postaladdress","@type":"PostalAddress","streetAddress":"No..519,Jiangshan South Road,Huangdao,","postalCode":"266500","addressLocality":"Qingdao","addressRegion":"Shandong Province","addressCountry":"CN"},"taxID":"91370211MAD54P6P85","vatID":"91370211MAD54P6P85"},{"@type":"WebPage","@id":"https:\/\/nrcmachine.com\/nl\/product\/paper-pipe-making-machine\/#webpage","url":"https:\/\/nrcmachine.com\/nl\/product\/paper-pipe-making-machine\/","name":"Paper Pipe Making Machine - QINGDAO NEW RICHUAN PRECISION","description":"Spiral paper core machine (also known as a paper pipe making machine) is an equipment designed for manufacturing paper pipes through a spiral winding process.","inLanguage":"nl-NL","isPartOf":{"@id":"https:\/\/nrcmachine.com\/nl\/#website"},"breadcrumb":{"@id":"https:\/\/nrcmachine.com\/nl\/product\/paper-pipe-making-machine\/#breadcrumblist"},"image":{"@type":"ImageObject","url":"https:\/\/nrcmachine.com\/wp-content\/uploads\/2025\/11\/Paper-tube-machine-3.webp","@id":"https:\/\/nrcmachine.com\/nl\/product\/paper-pipe-making-machine\/#mainImage","width":800,"height":800,"caption":"Paper pipe making machine"},"primaryImageOfPage":{"@id":"https:\/\/nrcmachine.com\/nl\/product\/paper-pipe-making-machine\/#mainImage"},"datePublished":"2025-11-05T22:58:17+08:00","dateModified":"2026-01-03T06:01:57+08:00"},{"@type":"WebSite","@id":"https:\/\/nrcmachine.com\/nl\/#website","url":"https:\/\/nrcmachine.com\/nl\/","name":"Toilet Paper Machine, Paper Tube Machine | NRC Machine","alternateName":"Qingdao New Richuan Precision Machine Co.,Ltd","description":"Reliable Paper Machinery Solutions","inLanguage":"nl-NL","publisher":{"@id":"https:\/\/nrcmachine.com\/nl\/#organization"}}]},"og:locale":"nl_NL","og:site_name":"Toilet Paper Machine, Paper Tube Machine | NRC Machine - Reliable Paper Machinery Solutions","og:type":"article","og:title":"Paper Pipe Making Machine - QINGDAO NEW RICHUAN PRECISION","og:description":"Spiral paper core machine (also known as a paper pipe making machine) is an equipment designed for manufacturing paper pipes through a spiral winding process.","og:url":"https:\/\/nrcmachine.com\/nl\/product\/paper-pipe-making-machine\/","og:image":"https:\/\/nrcmachine.com\/wp-content\/uploads\/2025\/11\/Paper-tube-machine-3.webp","og:image:secure_url":"https:\/\/nrcmachine.com\/wp-content\/uploads\/2025\/11\/Paper-tube-machine-3.webp","og:image:width":800,"og:image:height":800,"article:published_time":"2025-11-05T14:58:17+00:00","article:modified_time":"2026-01-02T22:01:57+00:00","article:publisher":"https:\/\/www.facebook.com\/james.gao.349938","twitter:card":"summary","twitter:site":"@JamesGao65335","twitter:title":"Paper Pipe Making Machine - QINGDAO NEW RICHUAN PRECISION","twitter:description":"Spiral paper core machine (also known as a paper pipe making machine) is an equipment designed for manufacturing paper pipes through a spiral winding process.","twitter:image":"https:\/\/nrcmachine.com\/wp-content\/uploads\/2025\/11\/Paper-tube-machine-3.webp"},"aioseo_meta_data":{"post_id":"1880","title":"#post_title #separator_sa QINGDAO NEW RICHUAN PRECISION","description":"Spiraalmachine voor papierkernen (ook bekend als machine voor het maken van papieren pijpen) is een apparaat dat is ontworpen voor het maken van papieren pijpen door middel van een spiraalvormig wikkelproces.","keywords":null,"keyphrases":{"focus":{"keyphrase":"paper pipe making machine","score":100,"analysis":{"keyphraseInTitle":{"score":9,"maxScore":9,"error":0},"keyphraseInDescription":{"score":9,"maxScore":9,"error":0},"keyphraseLength":{"score":9,"maxScore":9,"error":0,"length":4},"keyphraseInURL":{"score":5,"maxScore":5,"error":0},"keyphraseInIntroduction":{"score":9,"maxScore":9,"error":0},"keyphraseInSubHeadings":{"score":9,"maxScore":9,"error":0},"keyphraseInImageAlt":[],"keywordDensity":{"type":"best","score":9,"maxScore":9,"error":0}}},"additional":[]},"primary_term":null,"canonical_url":null,"og_title":null,"og_description":null,"og_object_type":"default","og_image_type":"default","og_image_url":null,"og_image_width":null,"og_image_height":null,"og_image_custom_url":null,"og_image_custom_fields":null,"og_video":"","og_custom_url":null,"og_article_section":null,"og_article_tags":null,"twitter_use_og":false,"twitter_card":"default","twitter_image_type":"default","twitter_image_url":null,"twitter_image_custom_url":null,"twitter_image_custom_fields":null,"twitter_title":null,"twitter_description":null,"schema":{"blockGraphs":[],"customGraphs":[],"default":{"data":{"Article":[],"Course":[],"Dataset":[],"FAQPage":[],"Movie":[],"Person":[],"Product":[],"ProductReview":[],"Car":[],"Recipe":[],"Service":[],"SoftwareApplication":[],"WebPage":[]},"graphName":"ItemPage","isEnabled":true},"graphs":[]},"schema_type":"default","schema_type_options":null,"pillar_content":false,"robots_default":true,"robots_noindex":false,"robots_noarchive":false,"robots_nosnippet":false,"robots_nofollow":false,"robots_noimageindex":false,"robots_noodp":false,"robots_notranslate":false,"robots_max_snippet":"-1","robots_max_videopreview":"-1","robots_max_imagepreview":"large","priority":null,"frequency":"default","local_seo":null,"seo_analyzer_scan_date":"2026-02-13 03:47:23","breadcrumb_settings":null,"limit_modified_date":false,"reviewed_by":null,"open_ai":null,"ai":{"faqs":[],"keyPoints":[],"titles":[],"descriptions":[],"socialPosts":{"email":[],"linkedin":[],"twitter":[],"facebook":[],"instagram":[]}},"created":"2025-12-11 08:37:57","updated":"2026-02-13 06:50:20"},"aioseo_breadcrumb":"<div class=\"aioseo-breadcrumbs\"><span class=\"aioseo-breadcrumb\">\n\t<a href=\"https:\/\/nrcmachine.com\/nl\" title=\"Home\">Home<\/a>\n<\/span><span class=\"aioseo-breadcrumb-separator\">\u00bb<\/span><span class=\"aioseo-breadcrumb\">\n\t<a href=\"https:\/\/nrcmachine.com\/nl\/product\/\" title=\"Products\">Products<\/a>\n<\/span><span class=\"aioseo-breadcrumb-separator\">\u00bb<\/span><span class=\"aioseo-breadcrumb\">\n\t<a href=\"https:\/\/nrcmachine.com\/nl\/tag\/paper-tube-making-machine\/\" title=\"paper tube making machine\">paper tube making machine<\/a>\n<\/span><span class=\"aioseo-breadcrumb-separator\">\u00bb<\/span><span class=\"aioseo-breadcrumb\">\n\tPaper Pipe Making Machine\n<\/span><\/div>","aioseo_breadcrumb_json":[{"label":"Home","link":"https:\/\/nrcmachine.com\/nl"},{"label":"Products","link":"https:\/\/nrcmachine.com\/nl\/product\/"},{"label":"paper tube making machine","link":"https:\/\/nrcmachine.com\/nl\/tag\/paper-tube-making-machine\/"},{"label":"Paper Pipe Making Machine","link":"https:\/\/nrcmachine.com\/nl\/product\/paper-pipe-making-machine\/"}],"_links":{"self":[{"href":"https:\/\/nrcmachine.com\/nl\/wp-json\/wp\/v2\/product\/1880","targetHints":{"allow":["GET"]}}],"collection":[{"href":"https:\/\/nrcmachine.com\/nl\/wp-json\/wp\/v2\/product"}],"about":[{"href":"https:\/\/nrcmachine.com\/nl\/wp-json\/wp\/v2\/types\/product"}],"version-history":[{"count":0,"href":"https:\/\/nrcmachine.com\/nl\/wp-json\/wp\/v2\/product\/1880\/revisions"}],"wp:featuredmedia":[{"embeddable":true,"href":"https:\/\/nrcmachine.com\/nl\/wp-json\/wp\/v2\/media\/1881"}],"wp:attachment":[{"href":"https:\/\/nrcmachine.com\/nl\/wp-json\/wp\/v2\/media?parent=1880"}],"wp:term":[{"taxonomy":"post_tag","embeddable":true,"href":"https:\/\/nrcmachine.com\/nl\/wp-json\/wp\/v2\/tags?post=1880"},{"taxonomy":"products","embeddable":true,"href":"https:\/\/nrcmachine.com\/nl\/wp-json\/wp\/v2\/products?post=1880"}],"curies":[{"name":"wp","href":"https:\/\/api.w.org\/{rel}","templated":true}]}}