 {"id":2210,"date":"2025-11-19T09:56:49","date_gmt":"2025-11-19T01:56:49","guid":{"rendered":"https:\/\/nrcmachine.com\/?post_type=product&#038;p=2210"},"modified":"2025-12-31T09:10:11","modified_gmt":"2025-12-31T01:10:11","slug":"spiral-tube-machine-customize-china","status":"publish","type":"product","link":"https:\/\/nrcmachine.com\/nl\/product\/spiral-tube-machine-customize-china\/","title":{"rendered":"Spiraal buis Machine aanpassen China"},"content":{"rendered":"<h5 style=\"text-align: center;\"><strong><a href=\"https:\/\/nrcmachine.com\/product\/spiral-paper-tube-making-machine-2\/\">Spiraalbuismachine<\/a> - Aangepast in China<\/strong><\/h5>\n<p>Onze in China geproduceerde <a href=\"https:\/\/nrcmachine.com\/product\/spiral-paper-core-machine\/\">machine met spiraalvormige buis<\/a> is een zeer nauwkeurige oplossing op maat voor diverse industri\u00eble behoeften, met aanpasbare specificaties om aan uw productie-eisen te voldoen. Dit is ook wel genoemd spiraal papier buis machine.With een aanpasbare <strong>binnendiameter van 30-200 mm<\/strong>\u00a0en <strong>dikte van papieren buiswand 1-15mm<\/strong>, Het verwerkt effici\u00ebnt materialen van papierrollen tot robuuste papieren spiraalbuizen, ideaal voor industrie\u00ebn zoals HVAC, uitlaatgassen voor auto's en industri\u00eble leidingen.<\/p>\n<div class=\"ast-oembed-container\" style=\"height: 100%;\"><iframe title=\"Spiraal kartonnen buis kern Making Machine wikkelen Machine\" width=\"500\" height=\"281\" src=\"https:\/\/www.youtube.com\/embed\/wO6jHHtrKk8?feature=oembed\" frameborder=\"0\" allow=\"accelerometer; autoplay; clipboard-write; encrypted-media; gyroscope; picture-in-picture; web-share\" referrerpolicy=\"strict-origin-when-cross-origin\" allowfullscreen><\/iframe><\/div>\n<h6>Consistente prestaties<\/h6>\n<p>De machine is ontworpen voor consistente prestaties en bereikt een <strong>snelheidsbereik van 0-40m\/min<\/strong>, waardoor nauwkeurige controle over de productiesnelheden mogelijk is. Deze flexibiliteit zorgt voor een optimale output, of je nu delicate, dunwandige buizen verwerkt of dikkere, zware varianten, zodat er minder materiaal wordt verspild en de effici\u00ebntie wordt gemaximaliseerd.<\/p>\n<h6>Nauwkeurigheid en stabiliteit<\/h6>\n<p>Om nauwkeurigheid en stabiliteit te garanderen, integreert de machine een <strong>servomotor driver<\/strong>\u00a0die een soepele, responsieve bewegingsbesturing levert. In combinatie met de geavanceerde <strong>Delta CNC besturing<\/strong>, Het maakt naadloze programmering van buisafmetingen, buighoeken en productievolgorden mogelijk. De intu\u00eftieve interface vereenvoudigt de bediening en vermindert de insteltijd en operatorfouten, terwijl de herhaalbaarheid voor batchconsistentie gewaarborgd blijft.<\/p>\n<h6>Duurzaamheid<\/h6>\n<p>Duurzaamheid is een kernpunt van het ontwerp: de <strong>het hoofdmachineframe heeft een roestvrijstalen oppervlak<\/strong>, en biedt uitzonderlijke weerstand tegen corrosie, slijtage en omgevingsfactoren. Dit verlengt niet alleen de levensduur van de machine in veeleisende werkplaatsomstandigheden, maar voldoet ook aan de strenge hygi\u00ebnenormen voor toepassingen in de voedingsmiddelenindustrie, de farmaceutische industrie of cleanrooms. De roestvrijstalen constructie vereenvoudigt ook het onderhoud, omdat het eenvoudig schoon te maken is en bestand is tegen vlekken of chemische schade.<\/p>\n<h6>Aanpassingsopties<\/h6>\n<p>Naast deze hoofdkenmerken bieden we volledige aanpassingsmogelijkheden, waaronder aanpassingen aan de productiecapaciteit, automatiseringsintegratie (zoals toevoer- of stapelsystemen) en compatibiliteit met verschillende grondstoffen (bijv. koolstofstaal, aluminium of speciale legeringen). Ons engineeringteam werkt nauw samen met klanten om een machine te ontwerpen die past bij uw workflow, ruimtebeperkingen en kwaliteitsstandaards.<\/p>\n<h6>Technische Parameter<\/h6>\n<table>\n<tbody>\n<tr>\n<td colspan=\"2\" width=\"574\"><strong><b>1.Technische parameter<\/b><\/strong><\/td>\n<\/tr>\n<tr>\n<td width=\"280\">Rol tube papier laag<\/td>\n<td width=\"293\">3-24 (lagen)<\/td>\n<\/tr>\n<tr>\n<td width=\"280\">Opspangereedschap<\/td>\n<td width=\"293\"><strong><b>E\u00e9n set (de maat wordt door de klant bepaald)<\/b><\/strong><\/td>\n<\/tr>\n<tr>\n<td width=\"280\">Diameter papierbuis<\/td>\n<td width=\"293\">30-200 (mm)<\/td>\n<\/tr>\n<tr>\n<td width=\"280\">Papieren buisdikte<\/td>\n<td width=\"293\">1-15 (mm)<\/td>\n<\/tr>\n<tr>\n<td width=\"280\">Snijder<\/td>\n<td width=\"293\">Servomotorsnijder.<\/td>\n<\/tr>\n<tr>\n<td width=\"280\">De uiteindelijke papierbuislengte<\/td>\n<td width=\"293\">500~5000mm<\/td>\n<\/tr>\n<tr>\n<td width=\"280\">Productiesnelheid<\/td>\n<td width=\"293\">0-40 (m\/min)<\/td>\n<\/tr>\n<tr>\n<td width=\"280\">Modus met vaste lengte<\/td>\n<td width=\"293\">CNC-besturing.<\/td>\n<\/tr>\n<tr>\n<td width=\"280\">Kop van wikkelmachine<\/td>\n<td width=\"293\">Vier machinekoppen<\/td>\n<\/tr>\n<tr>\n<td width=\"280\">Lijm manier<\/td>\n<td width=\"293\">Dubbelzijdige lijm<\/td>\n<\/tr>\n<tr>\n<td width=\"280\">controlemethode<\/td>\n<td width=\"293\">Frequentie<\/td>\n<\/tr>\n<tr>\n<td width=\"280\">Ingangsspanning<\/td>\n<td width=\"293\">380V, 50HZ<\/td>\n<\/tr>\n<tr>\n<td width=\"280\">Aantal operators<\/td>\n<td width=\"293\">1~2 personen<\/td>\n<\/tr>\n<\/tbody>\n<\/table>\n<p>Gesteund door strenge kwaliteitstesten en after-sales ondersteuning, is dit<a href=\"https:\/\/nrcmachinery.com\"> machine met spiraalvormige buis<\/a> combineert precisie, duurzaamheid en aanpasbaarheid, waardoor het een betrouwbare investering is voor uw productieactiviteiten. Neem contact met ons op om uw specifieke vereisten te bespreken en de effici\u00ebntie van uw buisproductie te verhogen.<\/p>\n<p>&nbsp;<\/p>","protected":false},"featured_media":3466,"template":"","meta":{"_acf_changed":false,"_monsterinsights_skip_tracking":false,"_monsterinsights_sitenote_active":false,"_monsterinsights_sitenote_note":"","_monsterinsights_sitenote_category":0,"site-sidebar-layout":"default","site-content-layout":"","ast-site-content-layout":"default","site-content-style":"default","site-sidebar-style":"default","ast-global-header-display":"","ast-banner-title-visibility":"","ast-main-header-display":"","ast-hfb-above-header-display":"","ast-hfb-below-header-display":"","ast-hfb-mobile-header-display":"","site-post-title":"","ast-breadcrumbs-content":"","ast-featured-img":"","footer-sml-layout":"","theme-transparent-header-meta":"default","adv-header-id-meta":"","stick-header-meta":"default","header-above-stick-meta":"","header-main-stick-meta":"","header-below-stick-meta":"","astra-migrate-meta-layouts":"set","ast-page-background-enabled":"default","ast-page-background-meta":{"desktop":{"background-color":"var(--ast-global-color-4)","background-image":"","background-repeat":"repeat","background-position":"center center","background-size":"auto","background-attachment":"scroll","background-type":"","background-media":"","overlay-type":"","overlay-color":"","overlay-opacity":"","overlay-gradient":""},"tablet":{"background-color":"","background-image":"","background-repeat":"repeat","background-position":"center center","background-size":"auto","background-attachment":"scroll","background-type":"","background-media":"","overlay-type":"","overlay-color":"","overlay-opacity":"","overlay-gradient":""},"mobile":{"background-color":"","background-image":"","background-repeat":"repeat","background-position":"center center","background-size":"auto","background-attachment":"scroll","background-type":"","background-media":"","overlay-type":"","overlay-color":"","overlay-opacity":"","overlay-gradient":""}},"ast-content-background-meta":{"desktop":{"background-color":"var(--ast-global-color-5)","background-image":"","background-repeat":"repeat","background-position":"center center","background-size":"auto","background-attachment":"scroll","background-type":"","background-media":"","overlay-type":"","overlay-color":"","overlay-opacity":"","overlay-gradient":""},"tablet":{"background-color":"var(--ast-global-color-5)","background-image":"","background-repeat":"repeat","background-position":"center center","background-size":"auto","background-attachment":"scroll","background-type":"","background-media":"","overlay-type":"","overlay-color":"","overlay-opacity":"","overlay-gradient":""},"mobile":{"background-color":"var(--ast-global-color-5)","background-image":"","background-repeat":"repeat","background-position":"center center","background-size":"auto","background-attachment":"scroll","background-type":"","background-media":"","overlay-type":"","overlay-color":"","overlay-opacity":"","overlay-gradient":""}}},"tags":[48],"products":[43],"class_list":["post-2210","product","type-product","status-publish","has-post-thumbnail","hentry","tag-paper-tube-making-machine","products-spiral-paper-tube-making-machine"],"acf":[],"aioseo_notices":[],"aioseo_head":"\n\t\t<!-- All in One SEO Pro 4.9.2 - aioseo.com -->\n\t<meta name=\"description\" content=\"Our China-manufactured spiral tube machine is a high-precision solution tailored for diverse industrial needs, featuring customizable specifications.\" \/>\n\t<meta name=\"robots\" content=\"noodp, max-snippet:-1, max-image-preview:large, max-video-preview:-1\" \/>\n\t<link rel=\"canonical\" href=\"https:\/\/nrcmachine.com\/nl\/product\/spiral-tube-machine-customize-china\/\" \/>\n\t<meta name=\"generator\" content=\"All in One SEO Pro (AIOSEO) 4.9.2\" \/>\n\t\t<meta property=\"og:locale\" content=\"nl_NL\" \/>\n\t\t<meta property=\"og:site_name\" content=\"Toilet Paper Machine, Paper Tube Machine | NRC Machine - Reliable Paper Machinery Solutions\" \/>\n\t\t<meta property=\"og:type\" content=\"article\" \/>\n\t\t<meta property=\"og:title\" content=\"Spiral Tube Machine Customize China - QINGDAO NEW RICHUAN\" \/>\n\t\t<meta property=\"og:description\" content=\"Our China-manufactured spiral tube machine is a high-precision solution tailored for diverse industrial needs, featuring customizable specifications.\" \/>\n\t\t<meta property=\"og:url\" content=\"https:\/\/nrcmachine.com\/nl\/product\/spiral-tube-machine-customize-china\/\" \/>\n\t\t<meta property=\"og:image\" content=\"https:\/\/nrcmachine.com\/wp-content\/uploads\/2025\/11\/spiral-tube-machine.webp\" \/>\n\t\t<meta property=\"og:image:secure_url\" content=\"https:\/\/nrcmachine.com\/wp-content\/uploads\/2025\/11\/spiral-tube-machine.webp\" \/>\n\t\t<meta property=\"og:image:width\" content=\"500\" \/>\n\t\t<meta property=\"og:image:height\" content=\"500\" \/>\n\t\t<meta property=\"article:published_time\" content=\"2025-11-19T01:56:49+00:00\" \/>\n\t\t<meta property=\"article:modified_time\" content=\"2025-12-31T01:10:11+00:00\" \/>\n\t\t<meta property=\"article:publisher\" content=\"https:\/\/www.facebook.com\/james.gao.349938\" \/>\n\t\t<meta name=\"twitter:card\" content=\"summary\" \/>\n\t\t<meta name=\"twitter:site\" content=\"@JamesGao65335\" \/>\n\t\t<meta name=\"twitter:title\" content=\"Spiral Tube Machine Customize China - QINGDAO NEW RICHUAN\" \/>\n\t\t<meta name=\"twitter:description\" content=\"Our China-manufactured spiral tube machine is a high-precision solution tailored for diverse industrial needs, featuring customizable specifications.\" \/>\n\t\t<meta name=\"twitter:image\" content=\"https:\/\/nrcmachine.com\/wp-content\/uploads\/2025\/11\/spiral-tube-machine.webp\" \/>\n\t\t<script type=\"application\/ld+json\" class=\"aioseo-schema\">\n\t\t\t{\"@context\":\"https:\\\/\\\/schema.org\",\"@graph\":[{\"@type\":\"BreadcrumbList\",\"@id\":\"https:\\\/\\\/nrcmachine.com\\\/nl\\\/product\\\/spiral-tube-machine-customize-china\\\/#breadcrumblist\",\"itemListElement\":[{\"@type\":\"ListItem\",\"@id\":\"https:\\\/\\\/nrcmachine.com\\\/nl#listItem\",\"position\":1,\"name\":\"Home\",\"item\":\"https:\\\/\\\/nrcmachine.com\\\/nl\",\"nextItem\":{\"@type\":\"ListItem\",\"@id\":\"https:\\\/\\\/nrcmachine.com\\\/nl\\\/product\\\/#listItem\",\"name\":\"Products\"}},{\"@type\":\"ListItem\",\"@id\":\"https:\\\/\\\/nrcmachine.com\\\/nl\\\/product\\\/#listItem\",\"position\":2,\"name\":\"Products\",\"item\":\"https:\\\/\\\/nrcmachine.com\\\/nl\\\/product\\\/\",\"nextItem\":{\"@type\":\"ListItem\",\"@id\":\"https:\\\/\\\/nrcmachine.com\\\/nl\\\/tag\\\/paper-tube-making-machine\\\/#listItem\",\"name\":\"paper tube making machine\"},\"previousItem\":{\"@type\":\"ListItem\",\"@id\":\"https:\\\/\\\/nrcmachine.com\\\/nl#listItem\",\"name\":\"Home\"}},{\"@type\":\"ListItem\",\"@id\":\"https:\\\/\\\/nrcmachine.com\\\/nl\\\/tag\\\/paper-tube-making-machine\\\/#listItem\",\"position\":3,\"name\":\"paper tube making machine\",\"item\":\"https:\\\/\\\/nrcmachine.com\\\/nl\\\/tag\\\/paper-tube-making-machine\\\/\",\"nextItem\":{\"@type\":\"ListItem\",\"@id\":\"https:\\\/\\\/nrcmachine.com\\\/nl\\\/product\\\/spiral-tube-machine-customize-china\\\/#listItem\",\"name\":\"Spiral Tube Machine Customize China\"},\"previousItem\":{\"@type\":\"ListItem\",\"@id\":\"https:\\\/\\\/nrcmachine.com\\\/nl\\\/product\\\/#listItem\",\"name\":\"Products\"}},{\"@type\":\"ListItem\",\"@id\":\"https:\\\/\\\/nrcmachine.com\\\/nl\\\/product\\\/spiral-tube-machine-customize-china\\\/#listItem\",\"position\":4,\"name\":\"Spiral Tube Machine Customize China\",\"previousItem\":{\"@type\":\"ListItem\",\"@id\":\"https:\\\/\\\/nrcmachine.com\\\/nl\\\/tag\\\/paper-tube-making-machine\\\/#listItem\",\"name\":\"paper tube making machine\"}}]},{\"@type\":\"Organization\",\"@id\":\"https:\\\/\\\/nrcmachine.com\\\/nl\\\/#organization\",\"name\":\"Toilet Paper Machine, Paper Tube Machine | NRC Machine wordpress\",\"description\":\"Reliable Paper Machinery Solutions\",\"url\":\"https:\\\/\\\/nrcmachine.com\\\/nl\\\/\",\"email\":\"james@nrcmachine.com\",\"telephone\":\"+8615254213289\",\"foundingDate\":\"2023-11-01\",\"numberOfEmployees\":{\"@type\":\"QuantitativeValue\",\"minValue\":1,\"maxValue\":50},\"logo\":{\"@type\":\"ImageObject\",\"url\":\"https:\\\/\\\/nrcmachine.com\\\/wp-content\\\/uploads\\\/2026\\\/01\\\/logo23.png\",\"@id\":\"https:\\\/\\\/nrcmachine.com\\\/nl\\\/product\\\/spiral-tube-machine-customize-china\\\/#organizationLogo\",\"width\":800,\"height\":800,\"caption\":\"logo for NRC MACHINE\"},\"image\":{\"@id\":\"https:\\\/\\\/nrcmachine.com\\\/nl\\\/product\\\/spiral-tube-machine-customize-china\\\/#organizationLogo\"},\"sameAs\":[\"https:\\\/\\\/www.facebook.com\\\/james.gao.349938\",\"https:\\\/\\\/x.com\\\/JamesGao65335\",\"https:\\\/\\\/www.instagram.com\\\/jamesgao407?igsh=d2YybzFhMjY0YTl3\",\"https:\\\/\\\/www.tiktok.com\\\/@gyl20210118\",\"https:\\\/\\\/www.linkedin.com\\\/in\\\/--9a63583a9\\\/\"],\"address\":{\"@id\":\"https:\\\/\\\/nrcmachine.com\\\/nl\\\/#postaladdress\",\"@type\":\"PostalAddress\",\"streetAddress\":\"No..519,Jiangshan South Road,Huangdao,\",\"postalCode\":\"266500\",\"addressLocality\":\"Qingdao\",\"addressRegion\":\"Shandong Province\",\"addressCountry\":\"CN\"},\"taxID\":\"91370211MAD54P6P85\",\"vatID\":\"91370211MAD54P6P85\"},{\"@type\":\"WebPage\",\"@id\":\"https:\\\/\\\/nrcmachine.com\\\/nl\\\/product\\\/spiral-tube-machine-customize-china\\\/#webpage\",\"url\":\"https:\\\/\\\/nrcmachine.com\\\/nl\\\/product\\\/spiral-tube-machine-customize-china\\\/\",\"name\":\"Spiral Tube Machine Customize China - QINGDAO NEW RICHUAN\",\"description\":\"Our China-manufactured spiral tube machine is a high-precision solution tailored for diverse industrial needs, featuring customizable specifications.\",\"inLanguage\":\"nl-NL\",\"isPartOf\":{\"@id\":\"https:\\\/\\\/nrcmachine.com\\\/nl\\\/#website\"},\"breadcrumb\":{\"@id\":\"https:\\\/\\\/nrcmachine.com\\\/nl\\\/product\\\/spiral-tube-machine-customize-china\\\/#breadcrumblist\"},\"image\":{\"@type\":\"ImageObject\",\"url\":\"https:\\\/\\\/nrcmachine.com\\\/wp-content\\\/uploads\\\/2025\\\/11\\\/spiral-tube-machine.webp\",\"@id\":\"https:\\\/\\\/nrcmachine.com\\\/nl\\\/product\\\/spiral-tube-machine-customize-china\\\/#mainImage\",\"width\":500,\"height\":500,\"caption\":\"spiral tube machine\"},\"primaryImageOfPage\":{\"@id\":\"https:\\\/\\\/nrcmachine.com\\\/nl\\\/product\\\/spiral-tube-machine-customize-china\\\/#mainImage\"},\"datePublished\":\"2025-11-19T09:56:49+08:00\",\"dateModified\":\"2025-12-31T09:10:11+08:00\"},{\"@type\":\"WebSite\",\"@id\":\"https:\\\/\\\/nrcmachine.com\\\/nl\\\/#website\",\"url\":\"https:\\\/\\\/nrcmachine.com\\\/nl\\\/\",\"name\":\"Toilet Paper Machine, Paper Tube Machine | NRC Machine\",\"alternateName\":\"Qingdao New Richuan Precision Machine Co.,Ltd\",\"description\":\"Reliable Paper Machinery Solutions\",\"inLanguage\":\"nl-NL\",\"publisher\":{\"@id\":\"https:\\\/\\\/nrcmachine.com\\\/nl\\\/#organization\"}}]}\n\t\t<\/script>\n\t\t<!-- All in One SEO Pro -->\r\n\t\t<title>Spiral Tube Machine Customize China - QINGDAO NEW RICHUAN<\/title>\n\n","aioseo_head_json":{"title":"Spiraal buis Machine aanpassen China - QINGDAO NEW RICHUAN","description":"Onze in China geproduceerde spiraalbuismachine is een zeer nauwkeurige oplossing op maat voor diverse industri\u00eble behoeften, met aanpasbare specificaties.","canonical_url":"https:\/\/nrcmachine.com\/nl\/product\/spiral-tube-machine-customize-china\/","robots":"noodp, max-snippet:-1, max-image-preview:large, max-video-preview:-1","keywords":"","webmasterTools":{"miscellaneous":""},"schema":{"@context":"https:\/\/schema.org","@graph":[{"@type":"BreadcrumbList","@id":"https:\/\/nrcmachine.com\/nl\/product\/spiral-tube-machine-customize-china\/#breadcrumblist","itemListElement":[{"@type":"ListItem","@id":"https:\/\/nrcmachine.com\/nl#listItem","position":1,"name":"Home","item":"https:\/\/nrcmachine.com\/nl","nextItem":{"@type":"ListItem","@id":"https:\/\/nrcmachine.com\/nl\/product\/#listItem","name":"Products"}},{"@type":"ListItem","@id":"https:\/\/nrcmachine.com\/nl\/product\/#listItem","position":2,"name":"Products","item":"https:\/\/nrcmachine.com\/nl\/product\/","nextItem":{"@type":"ListItem","@id":"https:\/\/nrcmachine.com\/nl\/tag\/paper-tube-making-machine\/#listItem","name":"paper tube making machine"},"previousItem":{"@type":"ListItem","@id":"https:\/\/nrcmachine.com\/nl#listItem","name":"Home"}},{"@type":"ListItem","@id":"https:\/\/nrcmachine.com\/nl\/tag\/paper-tube-making-machine\/#listItem","position":3,"name":"paper tube making machine","item":"https:\/\/nrcmachine.com\/nl\/tag\/paper-tube-making-machine\/","nextItem":{"@type":"ListItem","@id":"https:\/\/nrcmachine.com\/nl\/product\/spiral-tube-machine-customize-china\/#listItem","name":"Spiral Tube Machine Customize China"},"previousItem":{"@type":"ListItem","@id":"https:\/\/nrcmachine.com\/nl\/product\/#listItem","name":"Products"}},{"@type":"ListItem","@id":"https:\/\/nrcmachine.com\/nl\/product\/spiral-tube-machine-customize-china\/#listItem","position":4,"name":"Spiral Tube Machine Customize China","previousItem":{"@type":"ListItem","@id":"https:\/\/nrcmachine.com\/nl\/tag\/paper-tube-making-machine\/#listItem","name":"paper tube making machine"}}]},{"@type":"Organization","@id":"https:\/\/nrcmachine.com\/nl\/#organization","name":"Toilet Paper Machine, Paper Tube Machine | NRC Machine wordpress","description":"Reliable Paper Machinery Solutions","url":"https:\/\/nrcmachine.com\/nl\/","email":"james@nrcmachine.com","telephone":"+8615254213289","foundingDate":"2023-11-01","numberOfEmployees":{"@type":"QuantitativeValue","minValue":1,"maxValue":50},"logo":{"@type":"ImageObject","url":"https:\/\/nrcmachine.com\/wp-content\/uploads\/2026\/01\/logo23.png","@id":"https:\/\/nrcmachine.com\/nl\/product\/spiral-tube-machine-customize-china\/#organizationLogo","width":800,"height":800,"caption":"logo for NRC MACHINE"},"image":{"@id":"https:\/\/nrcmachine.com\/nl\/product\/spiral-tube-machine-customize-china\/#organizationLogo"},"sameAs":["https:\/\/www.facebook.com\/james.gao.349938","https:\/\/x.com\/JamesGao65335","https:\/\/www.instagram.com\/jamesgao407?igsh=d2YybzFhMjY0YTl3","https:\/\/www.tiktok.com\/@gyl20210118","https:\/\/www.linkedin.com\/in\/--9a63583a9\/"],"address":{"@id":"https:\/\/nrcmachine.com\/nl\/#postaladdress","@type":"PostalAddress","streetAddress":"No..519,Jiangshan South Road,Huangdao,","postalCode":"266500","addressLocality":"Qingdao","addressRegion":"Shandong Province","addressCountry":"CN"},"taxID":"91370211MAD54P6P85","vatID":"91370211MAD54P6P85"},{"@type":"WebPage","@id":"https:\/\/nrcmachine.com\/nl\/product\/spiral-tube-machine-customize-china\/#webpage","url":"https:\/\/nrcmachine.com\/nl\/product\/spiral-tube-machine-customize-china\/","name":"Spiral Tube Machine Customize China - QINGDAO NEW RICHUAN","description":"Our China-manufactured spiral tube machine is a high-precision solution tailored for diverse industrial needs, featuring customizable specifications.","inLanguage":"nl-NL","isPartOf":{"@id":"https:\/\/nrcmachine.com\/nl\/#website"},"breadcrumb":{"@id":"https:\/\/nrcmachine.com\/nl\/product\/spiral-tube-machine-customize-china\/#breadcrumblist"},"image":{"@type":"ImageObject","url":"https:\/\/nrcmachine.com\/wp-content\/uploads\/2025\/11\/spiral-tube-machine.webp","@id":"https:\/\/nrcmachine.com\/nl\/product\/spiral-tube-machine-customize-china\/#mainImage","width":500,"height":500,"caption":"spiral tube machine"},"primaryImageOfPage":{"@id":"https:\/\/nrcmachine.com\/nl\/product\/spiral-tube-machine-customize-china\/#mainImage"},"datePublished":"2025-11-19T09:56:49+08:00","dateModified":"2025-12-31T09:10:11+08:00"},{"@type":"WebSite","@id":"https:\/\/nrcmachine.com\/nl\/#website","url":"https:\/\/nrcmachine.com\/nl\/","name":"Toilet Paper Machine, Paper Tube Machine | NRC Machine","alternateName":"Qingdao New Richuan Precision Machine Co.,Ltd","description":"Reliable Paper Machinery Solutions","inLanguage":"nl-NL","publisher":{"@id":"https:\/\/nrcmachine.com\/nl\/#organization"}}]},"og:locale":"nl_NL","og:site_name":"Toilet Paper Machine, Paper Tube Machine | NRC Machine - Reliable Paper Machinery Solutions","og:type":"article","og:title":"Spiral Tube Machine Customize China - QINGDAO NEW RICHUAN","og:description":"Our China-manufactured spiral tube machine is a high-precision solution tailored for diverse industrial needs, featuring customizable specifications.","og:url":"https:\/\/nrcmachine.com\/nl\/product\/spiral-tube-machine-customize-china\/","og:image":"https:\/\/nrcmachine.com\/wp-content\/uploads\/2025\/11\/spiral-tube-machine.webp","og:image:secure_url":"https:\/\/nrcmachine.com\/wp-content\/uploads\/2025\/11\/spiral-tube-machine.webp","og:image:width":500,"og:image:height":500,"article:published_time":"2025-11-19T01:56:49+00:00","article:modified_time":"2025-12-31T01:10:11+00:00","article:publisher":"https:\/\/www.facebook.com\/james.gao.349938","twitter:card":"summary","twitter:site":"@JamesGao65335","twitter:title":"Spiral Tube Machine Customize China - QINGDAO NEW RICHUAN","twitter:description":"Our China-manufactured spiral tube machine is a high-precision solution tailored for diverse industrial needs, featuring customizable specifications.","twitter:image":"https:\/\/nrcmachine.com\/wp-content\/uploads\/2025\/11\/spiral-tube-machine.webp"},"aioseo_meta_data":{"post_id":"2210","title":"#post_title #separator_sa QINGDAO NEW RICHUAN","description":"Onze in China geproduceerde spiraalbuismachine is een zeer nauwkeurige oplossing op maat voor diverse industri\u00eble behoeften, met aanpasbare specificaties.","keywords":null,"keyphrases":{"focus":{"keyphrase":"spiral tube machine","score":100,"analysis":{"keyphraseInTitle":{"score":9,"maxScore":9,"error":0},"keyphraseInDescription":{"score":9,"maxScore":9,"error":0},"keyphraseLength":{"score":9,"maxScore":9,"error":0,"length":3},"keyphraseInURL":{"score":5,"maxScore":5,"error":0},"keyphraseInIntroduction":{"score":9,"maxScore":9,"error":0},"keyphraseInSubHeadings":[],"keyphraseInImageAlt":[],"keywordDensity":{"type":"best","score":9,"maxScore":9,"error":0}}},"additional":[]},"primary_term":null,"canonical_url":null,"og_title":null,"og_description":null,"og_object_type":"default","og_image_type":"default","og_image_url":null,"og_image_width":null,"og_image_height":null,"og_image_custom_url":null,"og_image_custom_fields":null,"og_video":"","og_custom_url":null,"og_article_section":null,"og_article_tags":null,"twitter_use_og":false,"twitter_card":"default","twitter_image_type":"default","twitter_image_url":null,"twitter_image_custom_url":null,"twitter_image_custom_fields":null,"twitter_title":null,"twitter_description":null,"schema":{"blockGraphs":[],"customGraphs":[],"default":{"data":{"Article":[],"Course":[],"Dataset":[],"FAQPage":[],"Movie":[],"Person":[],"Product":[],"ProductReview":[],"Car":[],"Recipe":[],"Service":[],"SoftwareApplication":[],"WebPage":[]},"graphName":"ItemPage","isEnabled":true},"graphs":[]},"schema_type":"default","schema_type_options":null,"pillar_content":false,"robots_default":true,"robots_noindex":false,"robots_noarchive":false,"robots_nosnippet":false,"robots_nofollow":false,"robots_noimageindex":false,"robots_noodp":false,"robots_notranslate":false,"robots_max_snippet":"-1","robots_max_videopreview":"-1","robots_max_imagepreview":"large","priority":null,"frequency":"default","local_seo":null,"seo_analyzer_scan_date":"2026-02-13 03:22:24","breadcrumb_settings":null,"limit_modified_date":false,"reviewed_by":null,"open_ai":null,"ai":{"faqs":[],"keyPoints":[],"titles":[],"descriptions":[],"socialPosts":{"email":[],"linkedin":[],"twitter":[],"facebook":[],"instagram":[]}},"created":"2025-12-11 08:40:55","updated":"2026-02-13 06:53:50"},"aioseo_breadcrumb":"<div class=\"aioseo-breadcrumbs\"><span class=\"aioseo-breadcrumb\">\n\t<a href=\"https:\/\/nrcmachine.com\/nl\" title=\"Home\">Home<\/a>\n<\/span><span class=\"aioseo-breadcrumb-separator\">\u00bb<\/span><span class=\"aioseo-breadcrumb\">\n\t<a href=\"https:\/\/nrcmachine.com\/nl\/product\/\" title=\"Products\">Products<\/a>\n<\/span><span class=\"aioseo-breadcrumb-separator\">\u00bb<\/span><span class=\"aioseo-breadcrumb\">\n\t<a href=\"https:\/\/nrcmachine.com\/nl\/tag\/paper-tube-making-machine\/\" title=\"paper tube making machine\">paper tube making machine<\/a>\n<\/span><span class=\"aioseo-breadcrumb-separator\">\u00bb<\/span><span class=\"aioseo-breadcrumb\">\n\tSpiral Tube Machine Customize China\n<\/span><\/div>","aioseo_breadcrumb_json":[{"label":"Home","link":"https:\/\/nrcmachine.com\/nl"},{"label":"Products","link":"https:\/\/nrcmachine.com\/nl\/product\/"},{"label":"paper tube making machine","link":"https:\/\/nrcmachine.com\/nl\/tag\/paper-tube-making-machine\/"},{"label":"Spiral Tube Machine Customize China","link":"https:\/\/nrcmachine.com\/nl\/product\/spiral-tube-machine-customize-china\/"}],"_links":{"self":[{"href":"https:\/\/nrcmachine.com\/nl\/wp-json\/wp\/v2\/product\/2210","targetHints":{"allow":["GET"]}}],"collection":[{"href":"https:\/\/nrcmachine.com\/nl\/wp-json\/wp\/v2\/product"}],"about":[{"href":"https:\/\/nrcmachine.com\/nl\/wp-json\/wp\/v2\/types\/product"}],"version-history":[{"count":0,"href":"https:\/\/nrcmachine.com\/nl\/wp-json\/wp\/v2\/product\/2210\/revisions"}],"wp:featuredmedia":[{"embeddable":true,"href":"https:\/\/nrcmachine.com\/nl\/wp-json\/wp\/v2\/media\/3466"}],"wp:attachment":[{"href":"https:\/\/nrcmachine.com\/nl\/wp-json\/wp\/v2\/media?parent=2210"}],"wp:term":[{"taxonomy":"post_tag","embeddable":true,"href":"https:\/\/nrcmachine.com\/nl\/wp-json\/wp\/v2\/tags?post=2210"},{"taxonomy":"products","embeddable":true,"href":"https:\/\/nrcmachine.com\/nl\/wp-json\/wp\/v2\/products?post=2210"}],"curies":[{"name":"wp","href":"https:\/\/api.w.org\/{rel}","templated":true}]}}