 {"id":7152,"date":"2026-04-11T11:13:50","date_gmt":"2026-04-11T03:13:50","guid":{"rendered":"https:\/\/nrcmachine.com\/?page_id=7152"},"modified":"2026-04-11T11:21:15","modified_gmt":"2026-04-11T03:21:15","slug":"nrc150d-multi-blades-high-speed-paper-tube-making-machine","status":"publish","type":"page","link":"https:\/\/nrcmachine.com\/pl\/video\/nrc150d-multi-blades-high-speed-paper-tube-making-machine\/","title":{"rendered":"NRC150D Wieloostrzowa maszyna do produkcji szybkich rurek papierowych"},"content":{"rendered":"<div style=\"max-width: 1100px; margin: 40px auto; padding: 0 20px;\">\n<h1 style=\"font-size: 28px; margin-bottom: 20px;\">NRC MACHINE | Wideo<\/h1>\n<p><!-- \u89c6\u9891\u5bb9\u5668 --><\/p>\n<div style=\"position: relative; padding-bottom: 56.25%; height: 0; overflow: hidden;\"><iframe style=\"position: absolute; top: 0; left: 0; width: 100%; height: 100%;\" src=\"https:\/\/www.youtube.com\/embed\/JD7A1vJY4oM?si=E9pyNIhrN6KXtmTo\" frameborder=\"0\" allowfullscreen=\"allowfullscreen\"><br \/>\n<\/iframe><\/div>\n<div style=\"margin-top: 30px; font-size: 16px; line-height: 1.7;\">\n<p>Ten film wideo przedstawia test roboczy NRC150D, szybkobie\u017cnej maszyny do produkcji rur papierowych z wieloma ostrzami. <a href=\"https:\/\/nrcmachine.com\">NRC MACHINE<\/a>.<\/p>\n<p>Aby uzyska\u0107 wi\u0119cej modeli i parametr\u00f3w, prosimy o kontakt WhatsApp: +86 15254213289 w celu wyceny.<\/p>\n<\/div>\n<\/div>","protected":false},"excerpt":{"rendered":"<p>NRC MACHINE | Video Ten film pokazuje test roboczy NRC150D Multi Blades High Speed Paper Tube Making Machine od NRC MACHINE. Aby uzyska\u0107 wi\u0119cej modeli i parametr\u00f3w, prosimy o kontakt WhatsApp: +86 15254213289 w celu wyceny.<\/p>","protected":false},"author":1,"featured_media":0,"parent":1958,"menu_order":0,"comment_status":"closed","ping_status":"closed","template":"","meta":{"_acf_changed":false,"_monsterinsights_skip_tracking":false,"_monsterinsights_sitenote_active":false,"_monsterinsights_sitenote_note":"","_monsterinsights_sitenote_category":0,"site-sidebar-layout":"default","site-content-layout":"","ast-site-content-layout":"default","site-content-style":"default","site-sidebar-style":"default","ast-global-header-display":"","ast-banner-title-visibility":"","ast-main-header-display":"","ast-hfb-above-header-display":"","ast-hfb-below-header-display":"","ast-hfb-mobile-header-display":"","site-post-title":"","ast-breadcrumbs-content":"","ast-featured-img":"","footer-sml-layout":"","theme-transparent-header-meta":"default","adv-header-id-meta":"","stick-header-meta":"default","header-above-stick-meta":"","header-main-stick-meta":"","header-below-stick-meta":"","astra-migrate-meta-layouts":"set","ast-page-background-enabled":"default","ast-page-background-meta":{"desktop":{"background-color":"var(--ast-global-color-4)","background-image":"","background-repeat":"repeat","background-position":"center center","background-size":"auto","background-attachment":"scroll","background-type":"","background-media":"","overlay-type":"","overlay-color":"","overlay-opacity":"","overlay-gradient":""},"tablet":{"background-color":"","background-image":"","background-repeat":"repeat","background-position":"center center","background-size":"auto","background-attachment":"scroll","background-type":"","background-media":"","overlay-type":"","overlay-color":"","overlay-opacity":"","overlay-gradient":""},"mobile":{"background-color":"","background-image":"","background-repeat":"repeat","background-position":"center center","background-size":"auto","background-attachment":"scroll","background-type":"","background-media":"","overlay-type":"","overlay-color":"","overlay-opacity":"","overlay-gradient":""}},"ast-content-background-meta":{"desktop":{"background-color":"var(--ast-global-color-5)","background-image":"","background-repeat":"repeat","background-position":"center center","background-size":"auto","background-attachment":"scroll","background-type":"","background-media":"","overlay-type":"","overlay-color":"","overlay-opacity":"","overlay-gradient":""},"tablet":{"background-color":"var(--ast-global-color-5)","background-image":"","background-repeat":"repeat","background-position":"center center","background-size":"auto","background-attachment":"scroll","background-type":"","background-media":"","overlay-type":"","overlay-color":"","overlay-opacity":"","overlay-gradient":""},"mobile":{"background-color":"var(--ast-global-color-5)","background-image":"","background-repeat":"repeat","background-position":"center center","background-size":"auto","background-attachment":"scroll","background-type":"","background-media":"","overlay-type":"","overlay-color":"","overlay-opacity":"","overlay-gradient":""}},"footnotes":""},"class_list":["post-7152","page","type-page","status-publish","hentry"],"acf":[],"aioseo_notices":[],"aioseo_head":"\n\t\t<!-- All in One SEO Pro 4.9.2 - aioseo.com -->\n\t<meta name=\"description\" content=\"This video shows the working test of NRC150D Multi Blades High Speed Paper Tube Making Machine.Please feel free to contact WhatsApp:+86 15254213289 for a quote.\" \/>\n\t<meta name=\"robots\" content=\"noodp, max-snippet:-1, max-image-preview:large, max-video-preview:-1\" \/>\n\t<link rel=\"canonical\" href=\"https:\/\/nrcmachine.com\/pl\/video\/nrc150d-multi-blades-high-speed-paper-tube-making-machine\/\" \/>\n\t<meta name=\"generator\" content=\"All in One SEO Pro (AIOSEO) 4.9.2\" \/>\n\t\t<meta property=\"og:locale\" content=\"pl_PL\" \/>\n\t\t<meta property=\"og:site_name\" content=\"Toilet Paper Machine, Paper Tube Machine | NRC Machine - Reliable Paper Machinery Solutions\" \/>\n\t\t<meta property=\"og:type\" content=\"article\" \/>\n\t\t<meta property=\"og:title\" content=\"NRC150D Multi Blades High Speed Paper Tube Making Machine\" \/>\n\t\t<meta property=\"og:description\" content=\"This video shows the working test of NRC150D Multi Blades High Speed Paper Tube Making Machine.Please feel free to contact WhatsApp:+86 15254213289 for a quote.\" \/>\n\t\t<meta property=\"og:url\" content=\"https:\/\/nrcmachine.com\/pl\/video\/nrc150d-multi-blades-high-speed-paper-tube-making-machine\/\" \/>\n\t\t<meta property=\"og:image\" content=\"https:\/\/nrcmachine.com\/wp-content\/uploads\/2025\/10\/logo.webp\" \/>\n\t\t<meta property=\"og:image:secure_url\" content=\"https:\/\/nrcmachine.com\/wp-content\/uploads\/2025\/10\/logo.webp\" \/>\n\t\t<meta property=\"article:published_time\" content=\"2026-04-11T03:13:50+00:00\" \/>\n\t\t<meta property=\"article:modified_time\" content=\"2026-04-11T03:21:15+00:00\" \/>\n\t\t<meta property=\"article:publisher\" content=\"https:\/\/www.facebook.com\/james.gao.349938\" \/>\n\t\t<meta name=\"twitter:card\" content=\"summary\" \/>\n\t\t<meta name=\"twitter:site\" content=\"@JamesGao65335\" \/>\n\t\t<meta name=\"twitter:title\" content=\"NRC150D Multi Blades High Speed Paper Tube Making Machine\" \/>\n\t\t<meta name=\"twitter:description\" content=\"This video shows the working test of NRC150D Multi Blades High Speed Paper Tube Making Machine.Please feel free to contact WhatsApp:+86 15254213289 for a quote.\" \/>\n\t\t<meta name=\"twitter:creator\" content=\"@JamesGao65335\" \/>\n\t\t<meta name=\"twitter:image\" content=\"https:\/\/nrcmachine.com\/wp-content\/uploads\/2025\/10\/logo.webp\" \/>\n\t\t<script type=\"application\/ld+json\" class=\"aioseo-schema\">\n\t\t\t{\"@context\":\"https:\\\/\\\/schema.org\",\"@graph\":[{\"@type\":\"BreadcrumbList\",\"@id\":\"https:\\\/\\\/nrcmachine.com\\\/pl\\\/video\\\/nrc150d-multi-blades-high-speed-paper-tube-making-machine\\\/#breadcrumblist\",\"itemListElement\":[{\"@type\":\"ListItem\",\"@id\":\"https:\\\/\\\/nrcmachine.com\\\/pl#listItem\",\"position\":1,\"name\":\"Home\",\"item\":\"https:\\\/\\\/nrcmachine.com\\\/pl\",\"nextItem\":{\"@type\":\"ListItem\",\"@id\":\"https:\\\/\\\/nrcmachine.com\\\/pl\\\/video\\\/#listItem\",\"name\":\"Video\"}},{\"@type\":\"ListItem\",\"@id\":\"https:\\\/\\\/nrcmachine.com\\\/pl\\\/video\\\/#listItem\",\"position\":2,\"name\":\"Video\",\"item\":\"https:\\\/\\\/nrcmachine.com\\\/pl\\\/video\\\/\",\"nextItem\":{\"@type\":\"ListItem\",\"@id\":\"https:\\\/\\\/nrcmachine.com\\\/pl\\\/video\\\/nrc150d-multi-blades-high-speed-paper-tube-making-machine\\\/#listItem\",\"name\":\"NRC150D Multi Blades High Speed Paper Tube Making Machine\"},\"previousItem\":{\"@type\":\"ListItem\",\"@id\":\"https:\\\/\\\/nrcmachine.com\\\/pl#listItem\",\"name\":\"Home\"}},{\"@type\":\"ListItem\",\"@id\":\"https:\\\/\\\/nrcmachine.com\\\/pl\\\/video\\\/nrc150d-multi-blades-high-speed-paper-tube-making-machine\\\/#listItem\",\"position\":3,\"name\":\"NRC150D Multi Blades High Speed Paper Tube Making Machine\",\"previousItem\":{\"@type\":\"ListItem\",\"@id\":\"https:\\\/\\\/nrcmachine.com\\\/pl\\\/video\\\/#listItem\",\"name\":\"Video\"}}]},{\"@type\":\"Organization\",\"@id\":\"https:\\\/\\\/nrcmachine.com\\\/pl\\\/#organization\",\"name\":\"Toilet Paper Machine, Paper Tube Machine | NRC Machine wordpress\",\"description\":\"Reliable Paper Machinery Solutions\",\"url\":\"https:\\\/\\\/nrcmachine.com\\\/pl\\\/\",\"email\":\"james@nrcmachine.com\",\"telephone\":\"+8615254213289\",\"foundingDate\":\"2023-11-01\",\"numberOfEmployees\":{\"@type\":\"QuantitativeValue\",\"minValue\":1,\"maxValue\":50},\"logo\":{\"@type\":\"ImageObject\",\"url\":\"https:\\\/\\\/nrcmachine.com\\\/wp-content\\\/uploads\\\/2026\\\/01\\\/logo23.png\",\"@id\":\"https:\\\/\\\/nrcmachine.com\\\/pl\\\/video\\\/nrc150d-multi-blades-high-speed-paper-tube-making-machine\\\/#organizationLogo\",\"width\":800,\"height\":800,\"caption\":\"logo for NRC MACHINE\"},\"image\":{\"@id\":\"https:\\\/\\\/nrcmachine.com\\\/pl\\\/video\\\/nrc150d-multi-blades-high-speed-paper-tube-making-machine\\\/#organizationLogo\"},\"sameAs\":[\"https:\\\/\\\/www.facebook.com\\\/james.gao.349938\",\"https:\\\/\\\/x.com\\\/JamesGao65335\",\"https:\\\/\\\/www.instagram.com\\\/jamesgao407?igsh=d2YybzFhMjY0YTl3\",\"https:\\\/\\\/www.tiktok.com\\\/@gyl20210118\",\"https:\\\/\\\/www.linkedin.com\\\/in\\\/--9a63583a9\\\/\"],\"address\":{\"@id\":\"https:\\\/\\\/nrcmachine.com\\\/pl\\\/#postaladdress\",\"@type\":\"PostalAddress\",\"streetAddress\":\"No..519,Jiangshan South Road,Huangdao,\",\"postalCode\":\"266500\",\"addressLocality\":\"Qingdao\",\"addressRegion\":\"Shandong Province\",\"addressCountry\":\"CN\"},\"taxID\":\"91370211MAD54P6P85\",\"vatID\":\"91370211MAD54P6P85\"},{\"@type\":\"VideoObject\",\"@id\":\"https:\\\/\\\/nrcmachine.com\\\/pl\\\/video\\\/nrc150d-multi-blades-high-speed-paper-tube-making-machine\\\/#aioseo-video-mntrogzo\",\"name\":\"NRC150D Multi Blades High Speed Paper Tube Making Machine\",\"description\":\"NRC MACHINE | Video This video shows the working test of NRC150D Multi Blades High Speed Paper Tube Making Machine from NRC MACHINE. For more models and parameters, please feel free to contact WhatsApp:+86 15254213289 for a quote.\",\"contentUrl\":\"https:\\\/\\\/youtu.be\\\/JD7A1vJY4oM\",\"embedUrl\":\"https:\\\/\\\/www.youtube.com\\\/embed\\\/JD7A1vJY4oM?si=E9pyNIhrN6KXtmTo\",\"thumbnailUrl\":\"https:\\\/\\\/nrcmachine.com\\\/wp-content\\\/uploads\\\/2026\\\/04\\\/multi-blades-high-speed-paper-tube-making-machine.webp\",\"uploadDate\":\"2026-04-11T00:00:00+08:00\",\"isFamilyFriendly\":\"https:\\\/\\\/schema.org\\\/True\"},{\"@type\":\"WebPage\",\"@id\":\"https:\\\/\\\/nrcmachine.com\\\/pl\\\/video\\\/nrc150d-multi-blades-high-speed-paper-tube-making-machine\\\/#webpage\",\"url\":\"https:\\\/\\\/nrcmachine.com\\\/pl\\\/video\\\/nrc150d-multi-blades-high-speed-paper-tube-making-machine\\\/\",\"name\":\"NRC150D Multi Blades High Speed Paper Tube Making Machine\",\"description\":\"This video shows the working test of NRC150D Multi Blades High Speed Paper Tube Making Machine.Please feel free to contact WhatsApp:+86 15254213289 for a quote.\",\"inLanguage\":\"pl-PL\",\"isPartOf\":{\"@id\":\"https:\\\/\\\/nrcmachine.com\\\/pl\\\/#website\"},\"breadcrumb\":{\"@id\":\"https:\\\/\\\/nrcmachine.com\\\/pl\\\/video\\\/nrc150d-multi-blades-high-speed-paper-tube-making-machine\\\/#breadcrumblist\"},\"datePublished\":\"2026-04-11T11:13:50+08:00\",\"dateModified\":\"2026-04-11T11:21:15+08:00\"},{\"@type\":\"WebSite\",\"@id\":\"https:\\\/\\\/nrcmachine.com\\\/pl\\\/#website\",\"url\":\"https:\\\/\\\/nrcmachine.com\\\/pl\\\/\",\"name\":\"Toilet Paper Machine, Paper Tube Machine | NRC Machine\",\"alternateName\":\"Qingdao New Richuan Precision Machine Co.,Ltd\",\"description\":\"Reliable Paper Machinery Solutions\",\"inLanguage\":\"pl-PL\",\"publisher\":{\"@id\":\"https:\\\/\\\/nrcmachine.com\\\/pl\\\/#organization\"}}]}\n\t\t<\/script>\n\t\t<!-- All in One SEO Pro -->\r\n\t\t<title>NRC150D Multi Blades High Speed Paper Tube Making Machine<\/title>\n\n","aioseo_head_json":{"title":"NRC150D Wieloostrzowa maszyna do produkcji szybkich rurek papierowych","description":"Ten film pokazuje test roboczy NRC150D Multi Blades High Speed Paper Tube Making Machine, prosimy o kontakt WhatsApp: +86 15254213289 w celu uzyskania wyceny.","canonical_url":"https:\/\/nrcmachine.com\/pl\/video\/nrc150d-multi-blades-high-speed-paper-tube-making-machine\/","robots":"noodp, max-snippet:-1, max-image-preview:large, max-video-preview:-1","keywords":"","webmasterTools":{"miscellaneous":""},"schema":{"@context":"https:\/\/schema.org","@graph":[{"@type":"BreadcrumbList","@id":"https:\/\/nrcmachine.com\/pl\/video\/nrc150d-multi-blades-high-speed-paper-tube-making-machine\/#breadcrumblist","itemListElement":[{"@type":"ListItem","@id":"https:\/\/nrcmachine.com\/pl#listItem","position":1,"name":"Home","item":"https:\/\/nrcmachine.com\/pl","nextItem":{"@type":"ListItem","@id":"https:\/\/nrcmachine.com\/pl\/video\/#listItem","name":"Video"}},{"@type":"ListItem","@id":"https:\/\/nrcmachine.com\/pl\/video\/#listItem","position":2,"name":"Video","item":"https:\/\/nrcmachine.com\/pl\/video\/","nextItem":{"@type":"ListItem","@id":"https:\/\/nrcmachine.com\/pl\/video\/nrc150d-multi-blades-high-speed-paper-tube-making-machine\/#listItem","name":"NRC150D Multi Blades High Speed Paper Tube Making Machine"},"previousItem":{"@type":"ListItem","@id":"https:\/\/nrcmachine.com\/pl#listItem","name":"Home"}},{"@type":"ListItem","@id":"https:\/\/nrcmachine.com\/pl\/video\/nrc150d-multi-blades-high-speed-paper-tube-making-machine\/#listItem","position":3,"name":"NRC150D Multi Blades High Speed Paper Tube Making Machine","previousItem":{"@type":"ListItem","@id":"https:\/\/nrcmachine.com\/pl\/video\/#listItem","name":"Video"}}]},{"@type":"Organization","@id":"https:\/\/nrcmachine.com\/pl\/#organization","name":"Toilet Paper Machine, Paper Tube Machine | NRC Machine wordpress","description":"Reliable Paper Machinery Solutions","url":"https:\/\/nrcmachine.com\/pl\/","email":"james@nrcmachine.com","telephone":"+8615254213289","foundingDate":"2023-11-01","numberOfEmployees":{"@type":"QuantitativeValue","minValue":1,"maxValue":50},"logo":{"@type":"ImageObject","url":"https:\/\/nrcmachine.com\/wp-content\/uploads\/2026\/01\/logo23.png","@id":"https:\/\/nrcmachine.com\/pl\/video\/nrc150d-multi-blades-high-speed-paper-tube-making-machine\/#organizationLogo","width":800,"height":800,"caption":"logo for NRC MACHINE"},"image":{"@id":"https:\/\/nrcmachine.com\/pl\/video\/nrc150d-multi-blades-high-speed-paper-tube-making-machine\/#organizationLogo"},"sameAs":["https:\/\/www.facebook.com\/james.gao.349938","https:\/\/x.com\/JamesGao65335","https:\/\/www.instagram.com\/jamesgao407?igsh=d2YybzFhMjY0YTl3","https:\/\/www.tiktok.com\/@gyl20210118","https:\/\/www.linkedin.com\/in\/--9a63583a9\/"],"address":{"@id":"https:\/\/nrcmachine.com\/pl\/#postaladdress","@type":"PostalAddress","streetAddress":"No..519,Jiangshan South Road,Huangdao,","postalCode":"266500","addressLocality":"Qingdao","addressRegion":"Shandong Province","addressCountry":"CN"},"taxID":"91370211MAD54P6P85","vatID":"91370211MAD54P6P85"},{"@type":"VideoObject","@id":"https:\/\/nrcmachine.com\/pl\/video\/nrc150d-multi-blades-high-speed-paper-tube-making-machine\/#aioseo-video-mntrogzo","name":"NRC150D Multi Blades High Speed Paper Tube Making Machine","description":"NRC MACHINE | Video This video shows the working test of NRC150D Multi Blades High Speed Paper Tube Making Machine from NRC MACHINE. For more models and parameters, please feel free to contact WhatsApp:+86 15254213289 for a quote.","contentUrl":"https:\/\/youtu.be\/JD7A1vJY4oM","embedUrl":"https:\/\/www.youtube.com\/embed\/JD7A1vJY4oM?si=E9pyNIhrN6KXtmTo","thumbnailUrl":"https:\/\/nrcmachine.com\/wp-content\/uploads\/2026\/04\/multi-blades-high-speed-paper-tube-making-machine.webp","uploadDate":"2026-04-11T00:00:00+08:00","isFamilyFriendly":"https:\/\/schema.org\/True"},{"@type":"WebPage","@id":"https:\/\/nrcmachine.com\/pl\/video\/nrc150d-multi-blades-high-speed-paper-tube-making-machine\/#webpage","url":"https:\/\/nrcmachine.com\/pl\/video\/nrc150d-multi-blades-high-speed-paper-tube-making-machine\/","name":"NRC150D Multi Blades High Speed Paper Tube Making Machine","description":"This video shows the working test of NRC150D Multi Blades High Speed Paper Tube Making Machine.Please feel free to contact WhatsApp:+86 15254213289 for a quote.","inLanguage":"pl-PL","isPartOf":{"@id":"https:\/\/nrcmachine.com\/pl\/#website"},"breadcrumb":{"@id":"https:\/\/nrcmachine.com\/pl\/video\/nrc150d-multi-blades-high-speed-paper-tube-making-machine\/#breadcrumblist"},"datePublished":"2026-04-11T11:13:50+08:00","dateModified":"2026-04-11T11:21:15+08:00"},{"@type":"WebSite","@id":"https:\/\/nrcmachine.com\/pl\/#website","url":"https:\/\/nrcmachine.com\/pl\/","name":"Toilet Paper Machine, Paper Tube Machine | NRC Machine","alternateName":"Qingdao New Richuan Precision Machine Co.,Ltd","description":"Reliable Paper Machinery Solutions","inLanguage":"pl-PL","publisher":{"@id":"https:\/\/nrcmachine.com\/pl\/#organization"}}]},"og:locale":"pl_PL","og:site_name":"Toilet Paper Machine, Paper Tube Machine | NRC Machine - Reliable Paper Machinery Solutions","og:type":"article","og:title":"NRC150D Multi Blades High Speed Paper Tube Making Machine","og:description":"This video shows the working test of NRC150D Multi Blades High Speed Paper Tube Making Machine.Please feel free to contact WhatsApp:+86 15254213289 for a quote.","og:url":"https:\/\/nrcmachine.com\/pl\/video\/nrc150d-multi-blades-high-speed-paper-tube-making-machine\/","og:image":"https:\/\/nrcmachine.com\/wp-content\/uploads\/2025\/10\/logo.webp","og:image:secure_url":"https:\/\/nrcmachine.com\/wp-content\/uploads\/2025\/10\/logo.webp","article:published_time":"2026-04-11T03:13:50+00:00","article:modified_time":"2026-04-11T03:21:15+00:00","article:publisher":"https:\/\/www.facebook.com\/james.gao.349938","twitter:card":"summary","twitter:site":"@JamesGao65335","twitter:title":"NRC150D Multi Blades High Speed Paper Tube Making Machine","twitter:description":"This video shows the working test of NRC150D Multi Blades High Speed Paper Tube Making Machine.Please feel free to contact WhatsApp:+86 15254213289 for a quote.","twitter:creator":"@JamesGao65335","twitter:image":"https:\/\/nrcmachine.com\/wp-content\/uploads\/2025\/10\/logo.webp"},"aioseo_meta_data":{"post_id":"7152","title":null,"description":"Ten film pokazuje test roboczy NRC150D Multi Blades High Speed Paper Tube Making Machine, prosimy o kontakt WhatsApp: +86 15254213289 w celu uzyskania wyceny.","keywords":null,"keyphrases":{"focus":{"keyphrase":"","score":0,"analysis":{"keyphraseInTitle":{"score":0,"maxScore":9,"error":1}}},"additional":[]},"primary_term":null,"canonical_url":null,"og_title":null,"og_description":null,"og_object_type":"default","og_image_type":"default","og_image_url":null,"og_image_width":null,"og_image_height":null,"og_image_custom_url":null,"og_image_custom_fields":null,"og_video":"","og_custom_url":null,"og_article_section":null,"og_article_tags":null,"twitter_use_og":false,"twitter_card":"default","twitter_image_type":"default","twitter_image_url":null,"twitter_image_custom_url":null,"twitter_image_custom_fields":null,"twitter_title":null,"twitter_description":null,"schema":{"blockGraphs":[],"customGraphs":[],"default":{"data":{"Article":[],"Course":[],"Dataset":[],"FAQPage":[],"Movie":[],"Person":[],"Product":[],"ProductReview":[],"Car":[],"Recipe":[],"Service":[],"SoftwareApplication":[],"WebPage":[]},"graphName":"WebPage","isEnabled":false},"graphs":[{"id":"#aioseo-video-mntrogzo","slug":"video","graphName":"Video","label":"Video","properties":{"name":"#post_title","description":"#post_excerpt","uploadDate":"04\/11\/2026","contentUrl":"https:\/\/youtu.be\/JD7A1vJY4oM","embedUrl":"https:\/\/www.youtube.com\/embed\/JD7A1vJY4oM?si=E9pyNIhrN6KXtmTo","thumbnailUrl":"https:\/\/nrcmachine.com\/wp-content\/uploads\/2026\/04\/multi-blades-high-speed-paper-tube-making-machine.webp","duration":"","familyFriendly":true},"value":"video"}]},"schema_type":"default","schema_type_options":null,"pillar_content":false,"robots_default":true,"robots_noindex":false,"robots_noarchive":false,"robots_nosnippet":false,"robots_nofollow":false,"robots_noimageindex":false,"robots_noodp":false,"robots_notranslate":false,"robots_max_snippet":"-1","robots_max_videopreview":"-1","robots_max_imagepreview":"large","priority":null,"frequency":"default","local_seo":null,"seo_analyzer_scan_date":"2026-04-11 03:22:31","breadcrumb_settings":null,"limit_modified_date":false,"reviewed_by":"0","open_ai":null,"ai":{"faqs":[],"keyPoints":[],"titles":[],"descriptions":[],"socialPosts":{"email":[],"linkedin":[],"twitter":[],"facebook":[],"instagram":[]}},"created":"2026-04-11 03:12:08","updated":"2026-04-17 03:25:54"},"aioseo_breadcrumb":"<div class=\"aioseo-breadcrumbs\"><span class=\"aioseo-breadcrumb\">\n\t<a href=\"https:\/\/nrcmachine.com\/pl\" title=\"Home\">Home<\/a>\n<\/span><span class=\"aioseo-breadcrumb-separator\">\u00bb<\/span><span class=\"aioseo-breadcrumb\">\n\t<a href=\"https:\/\/nrcmachine.com\/pl\/video\/\" title=\"Video\">Video<\/a>\n<\/span><span class=\"aioseo-breadcrumb-separator\">\u00bb<\/span><span class=\"aioseo-breadcrumb\">\n\tNRC150D Multi Blades High Speed Paper Tube Making Machine\n<\/span><\/div>","aioseo_breadcrumb_json":[{"label":"Home","link":"https:\/\/nrcmachine.com\/pl"},{"label":"Video","link":"https:\/\/nrcmachine.com\/pl\/video\/"},{"label":"NRC150D Multi Blades High Speed Paper Tube Making Machine","link":"https:\/\/nrcmachine.com\/pl\/video\/nrc150d-multi-blades-high-speed-paper-tube-making-machine\/"}],"_links":{"self":[{"href":"https:\/\/nrcmachine.com\/pl\/wp-json\/wp\/v2\/pages\/7152","targetHints":{"allow":["GET"]}}],"collection":[{"href":"https:\/\/nrcmachine.com\/pl\/wp-json\/wp\/v2\/pages"}],"about":[{"href":"https:\/\/nrcmachine.com\/pl\/wp-json\/wp\/v2\/types\/page"}],"author":[{"embeddable":true,"href":"https:\/\/nrcmachine.com\/pl\/wp-json\/wp\/v2\/users\/1"}],"replies":[{"embeddable":true,"href":"https:\/\/nrcmachine.com\/pl\/wp-json\/wp\/v2\/comments?post=7152"}],"version-history":[{"count":3,"href":"https:\/\/nrcmachine.com\/pl\/wp-json\/wp\/v2\/pages\/7152\/revisions"}],"predecessor-version":[{"id":7155,"href":"https:\/\/nrcmachine.com\/pl\/wp-json\/wp\/v2\/pages\/7152\/revisions\/7155"}],"up":[{"embeddable":true,"href":"https:\/\/nrcmachine.com\/pl\/wp-json\/wp\/v2\/pages\/1958"}],"wp:attachment":[{"href":"https:\/\/nrcmachine.com\/pl\/wp-json\/wp\/v2\/media?parent=7152"}],"curies":[{"name":"wp","href":"https:\/\/api.w.org\/{rel}","templated":true}]}}