 {"id":1794,"date":"2025-11-03T14:02:47","date_gmt":"2025-11-03T06:02:47","guid":{"rendered":"https:\/\/nrcmachine.com\/?post_type=product&#038;p=1794"},"modified":"2026-01-03T14:24:04","modified_gmt":"2026-01-03T06:24:04","slug":"adhesive-tape-making-machine","status":"publish","type":"product","link":"https:\/\/nrcmachine.com\/pl\/product\/adhesive-tape-making-machine\/","title":{"rendered":"Maszyna do produkcji ta\u015bm samoprzylepnych NRC1300"},"content":{"rendered":"<h3 style=\"text-align: center;\"><strong>Maszyna do produkcji ta\u015bm samoprzylepnych model NRC1300: Kompletne rozwi\u0105zanie produkcyjne<\/strong><\/h3>\n<div class=\"ast-oembed-container\" style=\"height: 100%;\"><iframe title=\"Pomys\u0142y biznesowe na gor\u0105c\u0105 sprzeda\u017c maszyny do produkcji ta\u015bm klej\u0105cych w najlepszej cenie\" width=\"500\" height=\"281\" src=\"https:\/\/www.youtube.com\/embed\/lkoOTUXVQuk?feature=oembed\" frameborder=\"0\" allow=\"accelerometer; autoplay; clipboard-write; encrypted-media; gyroscope; picture-in-picture; web-share\" referrerpolicy=\"strict-origin-when-cross-origin\" allowfullscreen><\/iframe><\/div>\n<ol>\n<li>\n<h4><strong> Przegl\u0105d systemu NRC1300<\/strong><\/h4>\n<p>Model NRC1300 <a href=\"https:\/\/youtu.be\/lkoOTUXVQuk?si=R9OZSgkQNlUNUu_E\">maszyna do produkcji ta\u015bm samoprzylepnych<\/a> to wysokowydajny, w pe\u0142ni zintegrowany system przeznaczony do przekszta\u0142cania du\u017cych rolek ta\u015bmy w mniejsze, gotowe do sprzeda\u017cy rolki. Ten zaawansowany zestaw maszyn obejmuje bobiniark\u0119 i przewijark\u0119, krajark\u0119 do gilz papierowych oraz precyzyjne systemy sterowania, dzi\u0119ki czemu idealnie nadaje si\u0119 do produkcji ta\u015bm samoprzylepnych na \u015bredni\u0105 i du\u017c\u0105 skal\u0119. Zaprojektowany z my\u015bl\u0105 o niezawodno\u015bci i sp\u00f3jno\u015bci, NRC1300 zapewnia wysok\u0105 wydajno\u015b\u0107 przy zachowaniu doskona\u0142ej jako\u015bci ci\u0119cia i jednorodno\u015bci rolki.<\/li>\n<li>\n<h4><strong> Kluczowe komponenty i funkcje<\/strong><\/h4>\n<\/li>\n<\/ol>\n<ul>\n<li><strong>Zesp\u00f3\u0142 bobiniarki i przewijarki<\/strong>: Ten podstawowy element precyzyjnie tnie szerokie rolki jumbo na w\u0119\u017csze szeroko\u015bci zgodnie ze specyfikacjami klienta. Wyposa\u017cony w ostre jak brzytwa ostrza obrotowe i sterowane napi\u0119ciem przewijanie, zapewnia czyste, pozbawione zadzior\u00f3w kraw\u0119dzie i sta\u0142\u0105 szczelno\u015b\u0107 rolki. Maszyna obs\u0142uguje zmienn\u0105 kontrol\u0119 pr\u0119dko\u015bci, umo\u017cliwiaj\u0105c operatorom optymalizacj\u0119 szybko\u015bci produkcji w oparciu o rodzaj i grubo\u015b\u0107 materia\u0142u.<\/li>\n<li><strong>Przecinak do papieru<\/strong>: Zintegrowana z systemem obcinarka tulei automatycznie produkuje tuleje o niestandardowej d\u0142ugo\u015bci ze standardowego papieru. Zapewnia to idealne dopasowanie do wymiar\u00f3w rolki i zwi\u0119ksza wydajno\u015b\u0107 produkcji poprzez wyeliminowanie r\u0119cznego przygotowywania tulei.<\/li>\n<li><strong>Stacje odwijania i przewijania<\/strong>: System jest wyposa\u017cony w pneumatyczne wa\u0142ki do szybkiej wymiany rolek, co skraca czas przestoj\u00f3w. Automatyczna kontrola napr\u0119\u017cenia utrzymuje stabilno\u015b\u0107 materia\u0142u podczas procesu ci\u0119cia wzd\u0142u\u017cnego i przewijania.<\/li>\n<\/ul>\n<ol start=\"3\">\n<li>\n<h4><strong> Zalety techniczne<\/strong><\/h4>\n<p>NRC1300 oferuje cyfrowe liczniki d\u0142ugo\u015bci, sterowanie za pomoc\u0105 ekranu dotykowego i systemy wykrywania b\u0142\u0119d\u00f3w do monitorowania w czasie rzeczywistym. Obs\u0142uguje r\u00f3\u017cne materia\u0142y samoprzylepne, w tym BOPP, PVC i ta\u015bmy dwustronne, z regulowan\u0105 szeroko\u015bci\u0105 ci\u0119cia od 5 mm do 1300 mm.<\/li>\n<li>\n<h4><strong> Zastosowania i korzy\u015bci<\/strong><\/h4>\n<p>NRC1300 jest szeroko stosowany w bran\u017cy opakowaniowej, papierniczej i przemys\u0142owej. <a href=\"https:\/\/nrcmachine.com\/product\/automatic-adhesive-tape-film-slitting-machine\/\">maszyna do produkcji ta\u015bm samoprzylepnych<\/a> poprawia produktywno\u015b\u0107, zmniejsza ilo\u015b\u0107 odpad\u00f3w materia\u0142owych i zapewnia jednolit\u0105 jako\u015b\u0107 produktu. Kompaktowa konstrukcja i przyjazny dla u\u017cytkownika interfejs sprawiaj\u0105, \u017ce jest to inteligentna inwestycja dla producent\u00f3w ta\u015bm, kt\u00f3rzy chc\u0105 efektywnie skalowa\u0107 operacje.<\/li>\n<\/ol>","protected":false},"featured_media":1788,"template":"","meta":{"_acf_changed":false,"_monsterinsights_skip_tracking":false,"_monsterinsights_sitenote_active":false,"_monsterinsights_sitenote_note":"","_monsterinsights_sitenote_category":0,"site-sidebar-layout":"default","site-content-layout":"","ast-site-content-layout":"default","site-content-style":"default","site-sidebar-style":"default","ast-global-header-display":"","ast-banner-title-visibility":"","ast-main-header-display":"","ast-hfb-above-header-display":"","ast-hfb-below-header-display":"","ast-hfb-mobile-header-display":"","site-post-title":"","ast-breadcrumbs-content":"","ast-featured-img":"","footer-sml-layout":"","theme-transparent-header-meta":"default","adv-header-id-meta":"","stick-header-meta":"default","header-above-stick-meta":"","header-main-stick-meta":"","header-below-stick-meta":"","astra-migrate-meta-layouts":"set","ast-page-background-enabled":"default","ast-page-background-meta":{"desktop":{"background-color":"var(--ast-global-color-4)","background-image":"","background-repeat":"repeat","background-position":"center center","background-size":"auto","background-attachment":"scroll","background-type":"","background-media":"","overlay-type":"","overlay-color":"","overlay-opacity":"","overlay-gradient":""},"tablet":{"background-color":"","background-image":"","background-repeat":"repeat","background-position":"center center","background-size":"auto","background-attachment":"scroll","background-type":"","background-media":"","overlay-type":"","overlay-color":"","overlay-opacity":"","overlay-gradient":""},"mobile":{"background-color":"","background-image":"","background-repeat":"repeat","background-position":"center center","background-size":"auto","background-attachment":"scroll","background-type":"","background-media":"","overlay-type":"","overlay-color":"","overlay-opacity":"","overlay-gradient":""}},"ast-content-background-meta":{"desktop":{"background-color":"var(--ast-global-color-5)","background-image":"","background-repeat":"repeat","background-position":"center center","background-size":"auto","background-attachment":"scroll","background-type":"","background-media":"","overlay-type":"","overlay-color":"","overlay-opacity":"","overlay-gradient":""},"tablet":{"background-color":"var(--ast-global-color-5)","background-image":"","background-repeat":"repeat","background-position":"center center","background-size":"auto","background-attachment":"scroll","background-type":"","background-media":"","overlay-type":"","overlay-color":"","overlay-opacity":"","overlay-gradient":""},"mobile":{"background-color":"var(--ast-global-color-5)","background-image":"","background-repeat":"repeat","background-position":"center center","background-size":"auto","background-attachment":"scroll","background-type":"","background-media":"","overlay-type":"","overlay-color":"","overlay-opacity":"","overlay-gradient":""}}},"tags":[65],"products":[63],"class_list":["post-1794","product","type-product","status-publish","has-post-thumbnail","hentry","tag-adhesive-tape-making-machine","products-adhesive-tape-making-machine"],"acf":[],"aioseo_notices":[],"aioseo_head":"\n\t\t<!-- All in One SEO Pro 4.9.2 - aioseo.com -->\n\t<meta name=\"description\" content=\"NRC1300 model adhesive tape making machine is a high-efficiency, fully system designed for converting jumbo tape rolls into smaller, market-ready rolls.\" \/>\n\t<meta name=\"robots\" content=\"noodp, max-snippet:-1, max-image-preview:large, max-video-preview:-1\" \/>\n\t<link rel=\"canonical\" href=\"https:\/\/nrcmachine.com\/pl\/product\/adhesive-tape-making-machine\/\" \/>\n\t<meta name=\"generator\" content=\"All in One SEO Pro (AIOSEO) 4.9.2\" \/>\n\t\t<meta property=\"og:locale\" content=\"pl_PL\" \/>\n\t\t<meta property=\"og:site_name\" content=\"Toilet Paper Machine, Paper Tube Machine | NRC Machine - Reliable Paper Machinery Solutions\" \/>\n\t\t<meta property=\"og:type\" content=\"article\" \/>\n\t\t<meta property=\"og:title\" content=\"NRC1300 Adhesive Tape Making Machine - QINGDAO NEW RICHUAN\" \/>\n\t\t<meta property=\"og:description\" content=\"NRC1300 model adhesive tape making machine is a high-efficiency, fully system designed for converting jumbo tape rolls into smaller, market-ready rolls.\" \/>\n\t\t<meta property=\"og:url\" content=\"https:\/\/nrcmachine.com\/pl\/product\/adhesive-tape-making-machine\/\" \/>\n\t\t<meta property=\"og:image\" content=\"https:\/\/nrcmachine.com\/wp-content\/uploads\/2025\/11\/Tape-making-machine.webp\" \/>\n\t\t<meta property=\"og:image:secure_url\" content=\"https:\/\/nrcmachine.com\/wp-content\/uploads\/2025\/11\/Tape-making-machine.webp\" \/>\n\t\t<meta property=\"og:image:width\" content=\"500\" \/>\n\t\t<meta property=\"og:image:height\" content=\"500\" \/>\n\t\t<meta property=\"article:published_time\" content=\"2025-11-03T06:02:47+00:00\" \/>\n\t\t<meta property=\"article:modified_time\" content=\"2026-01-03T06:24:04+00:00\" \/>\n\t\t<meta property=\"article:publisher\" content=\"https:\/\/www.facebook.com\/james.gao.349938\" \/>\n\t\t<meta name=\"twitter:card\" content=\"summary\" \/>\n\t\t<meta name=\"twitter:site\" content=\"@JamesGao65335\" \/>\n\t\t<meta name=\"twitter:title\" content=\"NRC1300 Adhesive Tape Making Machine - QINGDAO NEW RICHUAN\" \/>\n\t\t<meta name=\"twitter:description\" content=\"NRC1300 model adhesive tape making machine is a high-efficiency, fully system designed for converting jumbo tape rolls into smaller, market-ready rolls.\" \/>\n\t\t<meta name=\"twitter:image\" content=\"https:\/\/nrcmachine.com\/wp-content\/uploads\/2025\/11\/Tape-making-machine.webp\" \/>\n\t\t<script type=\"application\/ld+json\" class=\"aioseo-schema\">\n\t\t\t{\"@context\":\"https:\\\/\\\/schema.org\",\"@graph\":[{\"@type\":\"BreadcrumbList\",\"@id\":\"https:\\\/\\\/nrcmachine.com\\\/pl\\\/product\\\/adhesive-tape-making-machine\\\/#breadcrumblist\",\"itemListElement\":[{\"@type\":\"ListItem\",\"@id\":\"https:\\\/\\\/nrcmachine.com\\\/pl#listItem\",\"position\":1,\"name\":\"Home\",\"item\":\"https:\\\/\\\/nrcmachine.com\\\/pl\",\"nextItem\":{\"@type\":\"ListItem\",\"@id\":\"https:\\\/\\\/nrcmachine.com\\\/pl\\\/product\\\/#listItem\",\"name\":\"Products\"}},{\"@type\":\"ListItem\",\"@id\":\"https:\\\/\\\/nrcmachine.com\\\/pl\\\/product\\\/#listItem\",\"position\":2,\"name\":\"Products\",\"item\":\"https:\\\/\\\/nrcmachine.com\\\/pl\\\/product\\\/\",\"nextItem\":{\"@type\":\"ListItem\",\"@id\":\"https:\\\/\\\/nrcmachine.com\\\/pl\\\/tag\\\/adhesive-tape-making-machine\\\/#listItem\",\"name\":\"Adhesive tape making machine\"},\"previousItem\":{\"@type\":\"ListItem\",\"@id\":\"https:\\\/\\\/nrcmachine.com\\\/pl#listItem\",\"name\":\"Home\"}},{\"@type\":\"ListItem\",\"@id\":\"https:\\\/\\\/nrcmachine.com\\\/pl\\\/tag\\\/adhesive-tape-making-machine\\\/#listItem\",\"position\":3,\"name\":\"Adhesive tape making machine\",\"item\":\"https:\\\/\\\/nrcmachine.com\\\/pl\\\/tag\\\/adhesive-tape-making-machine\\\/\",\"nextItem\":{\"@type\":\"ListItem\",\"@id\":\"https:\\\/\\\/nrcmachine.com\\\/pl\\\/product\\\/adhesive-tape-making-machine\\\/#listItem\",\"name\":\"NRC1300 Adhesive Tape Making Machine\"},\"previousItem\":{\"@type\":\"ListItem\",\"@id\":\"https:\\\/\\\/nrcmachine.com\\\/pl\\\/product\\\/#listItem\",\"name\":\"Products\"}},{\"@type\":\"ListItem\",\"@id\":\"https:\\\/\\\/nrcmachine.com\\\/pl\\\/product\\\/adhesive-tape-making-machine\\\/#listItem\",\"position\":4,\"name\":\"NRC1300 Adhesive Tape Making Machine\",\"previousItem\":{\"@type\":\"ListItem\",\"@id\":\"https:\\\/\\\/nrcmachine.com\\\/pl\\\/tag\\\/adhesive-tape-making-machine\\\/#listItem\",\"name\":\"Adhesive tape making machine\"}}]},{\"@type\":\"Organization\",\"@id\":\"https:\\\/\\\/nrcmachine.com\\\/pl\\\/#organization\",\"name\":\"Toilet Paper Machine, Paper Tube Machine | NRC Machine wordpress\",\"description\":\"Reliable Paper Machinery Solutions\",\"url\":\"https:\\\/\\\/nrcmachine.com\\\/pl\\\/\",\"email\":\"james@nrcmachine.com\",\"telephone\":\"+8615254213289\",\"foundingDate\":\"2023-11-01\",\"numberOfEmployees\":{\"@type\":\"QuantitativeValue\",\"minValue\":1,\"maxValue\":50},\"logo\":{\"@type\":\"ImageObject\",\"url\":\"https:\\\/\\\/nrcmachine.com\\\/wp-content\\\/uploads\\\/2026\\\/01\\\/logo23.png\",\"@id\":\"https:\\\/\\\/nrcmachine.com\\\/pl\\\/product\\\/adhesive-tape-making-machine\\\/#organizationLogo\",\"width\":800,\"height\":800,\"caption\":\"logo for NRC MACHINE\"},\"image\":{\"@id\":\"https:\\\/\\\/nrcmachine.com\\\/pl\\\/product\\\/adhesive-tape-making-machine\\\/#organizationLogo\"},\"sameAs\":[\"https:\\\/\\\/www.facebook.com\\\/james.gao.349938\",\"https:\\\/\\\/x.com\\\/JamesGao65335\",\"https:\\\/\\\/www.instagram.com\\\/jamesgao407?igsh=d2YybzFhMjY0YTl3\",\"https:\\\/\\\/www.tiktok.com\\\/@gyl20210118\",\"https:\\\/\\\/www.linkedin.com\\\/in\\\/--9a63583a9\\\/\"],\"address\":{\"@id\":\"https:\\\/\\\/nrcmachine.com\\\/pl\\\/#postaladdress\",\"@type\":\"PostalAddress\",\"streetAddress\":\"No..519,Jiangshan South Road,Huangdao,\",\"postalCode\":\"266500\",\"addressLocality\":\"Qingdao\",\"addressRegion\":\"Shandong Province\",\"addressCountry\":\"CN\"},\"taxID\":\"91370211MAD54P6P85\",\"vatID\":\"91370211MAD54P6P85\"},{\"@type\":\"WebPage\",\"@id\":\"https:\\\/\\\/nrcmachine.com\\\/pl\\\/product\\\/adhesive-tape-making-machine\\\/#webpage\",\"url\":\"https:\\\/\\\/nrcmachine.com\\\/pl\\\/product\\\/adhesive-tape-making-machine\\\/\",\"name\":\"NRC1300 Adhesive Tape Making Machine - QINGDAO NEW RICHUAN\",\"description\":\"NRC1300 model adhesive tape making machine is a high-efficiency, fully system designed for converting jumbo tape rolls into smaller, market-ready rolls.\",\"inLanguage\":\"pl-PL\",\"isPartOf\":{\"@id\":\"https:\\\/\\\/nrcmachine.com\\\/pl\\\/#website\"},\"breadcrumb\":{\"@id\":\"https:\\\/\\\/nrcmachine.com\\\/pl\\\/product\\\/adhesive-tape-making-machine\\\/#breadcrumblist\"},\"image\":{\"@type\":\"ImageObject\",\"url\":\"https:\\\/\\\/nrcmachine.com\\\/wp-content\\\/uploads\\\/2025\\\/11\\\/Tape-making-machine.webp\",\"@id\":\"https:\\\/\\\/nrcmachine.com\\\/pl\\\/product\\\/adhesive-tape-making-machine\\\/#mainImage\",\"width\":500,\"height\":500,\"caption\":\"adhesive tape making machine\"},\"primaryImageOfPage\":{\"@id\":\"https:\\\/\\\/nrcmachine.com\\\/pl\\\/product\\\/adhesive-tape-making-machine\\\/#mainImage\"},\"datePublished\":\"2025-11-03T14:02:47+08:00\",\"dateModified\":\"2026-01-03T14:24:04+08:00\"},{\"@type\":\"WebSite\",\"@id\":\"https:\\\/\\\/nrcmachine.com\\\/pl\\\/#website\",\"url\":\"https:\\\/\\\/nrcmachine.com\\\/pl\\\/\",\"name\":\"Toilet Paper Machine, Paper Tube Machine | NRC Machine\",\"alternateName\":\"Qingdao New Richuan Precision Machine Co.,Ltd\",\"description\":\"Reliable Paper Machinery Solutions\",\"inLanguage\":\"pl-PL\",\"publisher\":{\"@id\":\"https:\\\/\\\/nrcmachine.com\\\/pl\\\/#organization\"}}]}\n\t\t<\/script>\n\t\t<!-- All in One SEO Pro -->\r\n\t\t<title>NRC1300 Adhesive Tape Making Machine - QINGDAO NEW RICHUAN<\/title>\n\n","aioseo_head_json":{"title":"Maszyna do produkcji ta\u015bm samoprzylepnych NRC1300 - QINGDAO NEW RICHUAN","description":"Maszyna do produkcji ta\u015bm samoprzylepnych model NRC1300 to wysokowydajny, w pe\u0142ni funkcjonalny system przeznaczony do przekszta\u0142cania du\u017cych rolek ta\u015bmy w mniejsze, gotowe do sprzeda\u017cy rolki.","canonical_url":"https:\/\/nrcmachine.com\/pl\/product\/adhesive-tape-making-machine\/","robots":"noodp, max-snippet:-1, max-image-preview:large, max-video-preview:-1","keywords":"","webmasterTools":{"miscellaneous":""},"schema":{"@context":"https:\/\/schema.org","@graph":[{"@type":"BreadcrumbList","@id":"https:\/\/nrcmachine.com\/pl\/product\/adhesive-tape-making-machine\/#breadcrumblist","itemListElement":[{"@type":"ListItem","@id":"https:\/\/nrcmachine.com\/pl#listItem","position":1,"name":"Home","item":"https:\/\/nrcmachine.com\/pl","nextItem":{"@type":"ListItem","@id":"https:\/\/nrcmachine.com\/pl\/product\/#listItem","name":"Products"}},{"@type":"ListItem","@id":"https:\/\/nrcmachine.com\/pl\/product\/#listItem","position":2,"name":"Products","item":"https:\/\/nrcmachine.com\/pl\/product\/","nextItem":{"@type":"ListItem","@id":"https:\/\/nrcmachine.com\/pl\/tag\/adhesive-tape-making-machine\/#listItem","name":"Adhesive tape making machine"},"previousItem":{"@type":"ListItem","@id":"https:\/\/nrcmachine.com\/pl#listItem","name":"Home"}},{"@type":"ListItem","@id":"https:\/\/nrcmachine.com\/pl\/tag\/adhesive-tape-making-machine\/#listItem","position":3,"name":"Adhesive tape making machine","item":"https:\/\/nrcmachine.com\/pl\/tag\/adhesive-tape-making-machine\/","nextItem":{"@type":"ListItem","@id":"https:\/\/nrcmachine.com\/pl\/product\/adhesive-tape-making-machine\/#listItem","name":"NRC1300 Adhesive Tape Making Machine"},"previousItem":{"@type":"ListItem","@id":"https:\/\/nrcmachine.com\/pl\/product\/#listItem","name":"Products"}},{"@type":"ListItem","@id":"https:\/\/nrcmachine.com\/pl\/product\/adhesive-tape-making-machine\/#listItem","position":4,"name":"NRC1300 Adhesive Tape Making Machine","previousItem":{"@type":"ListItem","@id":"https:\/\/nrcmachine.com\/pl\/tag\/adhesive-tape-making-machine\/#listItem","name":"Adhesive tape making machine"}}]},{"@type":"Organization","@id":"https:\/\/nrcmachine.com\/pl\/#organization","name":"Toilet Paper Machine, Paper Tube Machine | NRC Machine wordpress","description":"Reliable Paper Machinery Solutions","url":"https:\/\/nrcmachine.com\/pl\/","email":"james@nrcmachine.com","telephone":"+8615254213289","foundingDate":"2023-11-01","numberOfEmployees":{"@type":"QuantitativeValue","minValue":1,"maxValue":50},"logo":{"@type":"ImageObject","url":"https:\/\/nrcmachine.com\/wp-content\/uploads\/2026\/01\/logo23.png","@id":"https:\/\/nrcmachine.com\/pl\/product\/adhesive-tape-making-machine\/#organizationLogo","width":800,"height":800,"caption":"logo for NRC MACHINE"},"image":{"@id":"https:\/\/nrcmachine.com\/pl\/product\/adhesive-tape-making-machine\/#organizationLogo"},"sameAs":["https:\/\/www.facebook.com\/james.gao.349938","https:\/\/x.com\/JamesGao65335","https:\/\/www.instagram.com\/jamesgao407?igsh=d2YybzFhMjY0YTl3","https:\/\/www.tiktok.com\/@gyl20210118","https:\/\/www.linkedin.com\/in\/--9a63583a9\/"],"address":{"@id":"https:\/\/nrcmachine.com\/pl\/#postaladdress","@type":"PostalAddress","streetAddress":"No..519,Jiangshan South Road,Huangdao,","postalCode":"266500","addressLocality":"Qingdao","addressRegion":"Shandong Province","addressCountry":"CN"},"taxID":"91370211MAD54P6P85","vatID":"91370211MAD54P6P85"},{"@type":"WebPage","@id":"https:\/\/nrcmachine.com\/pl\/product\/adhesive-tape-making-machine\/#webpage","url":"https:\/\/nrcmachine.com\/pl\/product\/adhesive-tape-making-machine\/","name":"NRC1300 Adhesive Tape Making Machine - QINGDAO NEW RICHUAN","description":"NRC1300 model adhesive tape making machine is a high-efficiency, fully system designed for converting jumbo tape rolls into smaller, market-ready rolls.","inLanguage":"pl-PL","isPartOf":{"@id":"https:\/\/nrcmachine.com\/pl\/#website"},"breadcrumb":{"@id":"https:\/\/nrcmachine.com\/pl\/product\/adhesive-tape-making-machine\/#breadcrumblist"},"image":{"@type":"ImageObject","url":"https:\/\/nrcmachine.com\/wp-content\/uploads\/2025\/11\/Tape-making-machine.webp","@id":"https:\/\/nrcmachine.com\/pl\/product\/adhesive-tape-making-machine\/#mainImage","width":500,"height":500,"caption":"adhesive tape making machine"},"primaryImageOfPage":{"@id":"https:\/\/nrcmachine.com\/pl\/product\/adhesive-tape-making-machine\/#mainImage"},"datePublished":"2025-11-03T14:02:47+08:00","dateModified":"2026-01-03T14:24:04+08:00"},{"@type":"WebSite","@id":"https:\/\/nrcmachine.com\/pl\/#website","url":"https:\/\/nrcmachine.com\/pl\/","name":"Toilet Paper Machine, Paper Tube Machine | NRC Machine","alternateName":"Qingdao New Richuan Precision Machine Co.,Ltd","description":"Reliable Paper Machinery Solutions","inLanguage":"pl-PL","publisher":{"@id":"https:\/\/nrcmachine.com\/pl\/#organization"}}]},"og:locale":"pl_PL","og:site_name":"Toilet Paper Machine, Paper Tube Machine | NRC Machine - Reliable Paper Machinery Solutions","og:type":"article","og:title":"NRC1300 Adhesive Tape Making Machine - QINGDAO NEW RICHUAN","og:description":"NRC1300 model adhesive tape making machine is a high-efficiency, fully system designed for converting jumbo tape rolls into smaller, market-ready rolls.","og:url":"https:\/\/nrcmachine.com\/pl\/product\/adhesive-tape-making-machine\/","og:image":"https:\/\/nrcmachine.com\/wp-content\/uploads\/2025\/11\/Tape-making-machine.webp","og:image:secure_url":"https:\/\/nrcmachine.com\/wp-content\/uploads\/2025\/11\/Tape-making-machine.webp","og:image:width":500,"og:image:height":500,"article:published_time":"2025-11-03T06:02:47+00:00","article:modified_time":"2026-01-03T06:24:04+00:00","article:publisher":"https:\/\/www.facebook.com\/james.gao.349938","twitter:card":"summary","twitter:site":"@JamesGao65335","twitter:title":"NRC1300 Adhesive Tape Making Machine - QINGDAO NEW RICHUAN","twitter:description":"NRC1300 model adhesive tape making machine is a high-efficiency, fully system designed for converting jumbo tape rolls into smaller, market-ready rolls.","twitter:image":"https:\/\/nrcmachine.com\/wp-content\/uploads\/2025\/11\/Tape-making-machine.webp"},"aioseo_meta_data":{"post_id":"1794","title":"#post_title #separator_sa QINGDAO NEW RICHUAN","description":"Maszyna do produkcji ta\u015bm samoprzylepnych model NRC1300 to wysokowydajny, w pe\u0142ni funkcjonalny system przeznaczony do przekszta\u0142cania du\u017cych rolek ta\u015bmy w mniejsze, gotowe do sprzeda\u017cy rolki.","keywords":null,"keyphrases":{"focus":{"keyphrase":"adhesive tape making machine","score":100,"analysis":{"keyphraseInTitle":{"score":9,"maxScore":9,"error":0},"keyphraseInDescription":{"score":9,"maxScore":9,"error":0},"keyphraseLength":{"score":9,"maxScore":9,"error":0,"length":4},"keyphraseInURL":{"score":5,"maxScore":5,"error":0},"keyphraseInIntroduction":{"score":9,"maxScore":9,"error":0},"keyphraseInSubHeadings":{"score":9,"maxScore":9,"error":0},"keyphraseInImageAlt":[],"keywordDensity":{"type":"best","score":9,"maxScore":9,"error":0}}},"additional":[]},"primary_term":null,"canonical_url":null,"og_title":null,"og_description":null,"og_object_type":"default","og_image_type":"default","og_image_url":null,"og_image_width":null,"og_image_height":null,"og_image_custom_url":null,"og_image_custom_fields":null,"og_video":"","og_custom_url":null,"og_article_section":null,"og_article_tags":null,"twitter_use_og":false,"twitter_card":"default","twitter_image_type":"default","twitter_image_url":null,"twitter_image_custom_url":null,"twitter_image_custom_fields":null,"twitter_title":null,"twitter_description":null,"schema":{"blockGraphs":[],"customGraphs":[],"default":{"data":{"Article":[],"Course":[],"Dataset":[],"FAQPage":[],"Movie":[],"Person":[],"Product":[],"ProductReview":[],"Car":[],"Recipe":[],"Service":[],"SoftwareApplication":[],"WebPage":[]},"graphName":"ItemPage","isEnabled":true},"graphs":[]},"schema_type":"default","schema_type_options":null,"pillar_content":false,"robots_default":true,"robots_noindex":false,"robots_noarchive":false,"robots_nosnippet":false,"robots_nofollow":false,"robots_noimageindex":false,"robots_noodp":false,"robots_notranslate":false,"robots_max_snippet":"-1","robots_max_videopreview":"-1","robots_max_imagepreview":"large","priority":null,"frequency":"default","local_seo":null,"seo_analyzer_scan_date":"2026-02-13 03:35:55","breadcrumb_settings":null,"limit_modified_date":false,"reviewed_by":null,"open_ai":null,"ai":{"faqs":[],"keyPoints":[],"titles":[],"descriptions":[],"socialPosts":{"email":[],"linkedin":[],"twitter":[],"facebook":[],"instagram":[]}},"created":"2025-12-11 08:37:20","updated":"2026-02-13 06:50:01"},"aioseo_breadcrumb":"<div class=\"aioseo-breadcrumbs\"><span class=\"aioseo-breadcrumb\">\n\t<a href=\"https:\/\/nrcmachine.com\/pl\" title=\"Home\">Home<\/a>\n<\/span><span class=\"aioseo-breadcrumb-separator\">\u00bb<\/span><span class=\"aioseo-breadcrumb\">\n\t<a href=\"https:\/\/nrcmachine.com\/pl\/product\/\" title=\"Products\">Products<\/a>\n<\/span><span class=\"aioseo-breadcrumb-separator\">\u00bb<\/span><span class=\"aioseo-breadcrumb\">\n\t<a href=\"https:\/\/nrcmachine.com\/pl\/tag\/adhesive-tape-making-machine\/\" title=\"Adhesive tape making machine\">Adhesive tape making machine<\/a>\n<\/span><span class=\"aioseo-breadcrumb-separator\">\u00bb<\/span><span class=\"aioseo-breadcrumb\">\n\tNRC1300 Adhesive Tape Making Machine\n<\/span><\/div>","aioseo_breadcrumb_json":[{"label":"Home","link":"https:\/\/nrcmachine.com\/pl"},{"label":"Products","link":"https:\/\/nrcmachine.com\/pl\/product\/"},{"label":"Adhesive tape making machine","link":"https:\/\/nrcmachine.com\/pl\/tag\/adhesive-tape-making-machine\/"},{"label":"NRC1300 Adhesive Tape Making Machine","link":"https:\/\/nrcmachine.com\/pl\/product\/adhesive-tape-making-machine\/"}],"_links":{"self":[{"href":"https:\/\/nrcmachine.com\/pl\/wp-json\/wp\/v2\/product\/1794","targetHints":{"allow":["GET"]}}],"collection":[{"href":"https:\/\/nrcmachine.com\/pl\/wp-json\/wp\/v2\/product"}],"about":[{"href":"https:\/\/nrcmachine.com\/pl\/wp-json\/wp\/v2\/types\/product"}],"version-history":[{"count":0,"href":"https:\/\/nrcmachine.com\/pl\/wp-json\/wp\/v2\/product\/1794\/revisions"}],"wp:featuredmedia":[{"embeddable":true,"href":"https:\/\/nrcmachine.com\/pl\/wp-json\/wp\/v2\/media\/1788"}],"wp:attachment":[{"href":"https:\/\/nrcmachine.com\/pl\/wp-json\/wp\/v2\/media?parent=1794"}],"wp:term":[{"taxonomy":"post_tag","embeddable":true,"href":"https:\/\/nrcmachine.com\/pl\/wp-json\/wp\/v2\/tags?post=1794"},{"taxonomy":"products","embeddable":true,"href":"https:\/\/nrcmachine.com\/pl\/wp-json\/wp\/v2\/products?post=1794"}],"curies":[{"name":"wp","href":"https:\/\/api.w.org\/{rel}","templated":true}]}}