 {"id":1804,"date":"2025-11-03T16:40:14","date_gmt":"2025-11-03T08:40:14","guid":{"rendered":"https:\/\/nrcmachine.com\/?post_type=product&#038;p=1804"},"modified":"2026-03-11T18:21:02","modified_gmt":"2026-03-11T10:21:02","slug":"a4-paper-reams-making-machine","status":"publish","type":"product","link":"https:\/\/nrcmachine.com\/pl\/product\/a4-paper-reams-making-machine\/","title":{"rendered":"Maszyna do produkcji ryz papieru A4"},"content":{"rendered":"<h4 style=\"text-align: center;\"><strong>Maszyna do produkcji ryz papieru A4: Od du\u017cych rolek do gotowych ryz<\/strong><\/h4>\n<div class=\"ast-oembed-container\" style=\"height: 100%;\"><iframe title=\"Maszyna do ci\u0119cia papieru A4 na dwie rolki\" width=\"500\" height=\"281\" src=\"https:\/\/www.youtube.com\/embed\/pDZkQF6S0oM?feature=oembed\" frameborder=\"0\" allow=\"accelerometer; autoplay; clipboard-write; encrypted-media; gyroscope; picture-in-picture; web-share\" referrerpolicy=\"strict-origin-when-cross-origin\" allowfullscreen><\/iframe><\/div>\n<ol>\n<li>\n<h4><strong> Wprowadzenie maszyny do produkcji ryz papieru a4<\/strong><\/h4>\n<p>The <a href=\"https:\/\/nrcmachine.com\/products\/a4-paper-reams-making-machine\/\">Maszyna do produkcji ryz papieru A4<\/a> to wyspecjalizowana linia produkcyjna zaprojektowana do przetwarzania du\u017cych rolek jumbo na standardowe ryz papieru formatu A4. Dzi\u0119ki szeroko\u015bci rolki jumbo wynosz\u0105cej 1100 mm, system ten wydajnie przetwarza papier do zastosowa\u0144 biurowych, drukarskich i komercyjnych, zapewniaj\u0105c wysok\u0105 precyzj\u0119 i sp\u00f3jno\u015b\u0107.<\/li>\n<li>\n<h4><strong> Etap odwijania<\/strong><\/h4>\n<p>Proces rozpoczyna si\u0119 od rozwijania du\u017cej rolki o szeroko\u015bci 1100 mm. Jednostka odwijaj\u0105ca bezpiecznie przytrzymuje du\u017c\u0105 rolk\u0119 i nieprzerwanie podaje papier do nast\u0119pnego etapu. Automatyczna kontrola napr\u0119\u017cenia zapewnia p\u0142ynne i wolne od rozdar\u0107 podawanie, utrzymuj\u0105c sta\u0142\u0105 jako\u015b\u0107 papieru.<\/li>\n<li>\n<h4><strong> Proces ci\u0119cia wzd\u0142u\u017cnego<\/strong><\/h4>\n<p>Wst\u0119ga o d\u0142ugo\u015bci 1100 mm jest nast\u0119pnie <a href='https:\/\/nrcmachine.com\/product\/roll-rewinder-paper-slitting-machine\/'>rozci\u0119cie na w\u0119\u017csze paski o szeroko\u015bci odpowiadaj\u0105cej papierowi A4<\/a> (210 mm). Precyzyjne obrotowe bobiniarki tn\u0105 papier na wiele r\u00f3wnoleg\u0142ych pask\u00f3w. W przypadku papieru o szeroko\u015bci 1100 mm mo\u017cna wyprodukowa\u0107 do pi\u0119ciu pask\u00f3w o szeroko\u015bci A4 w jednym przej\u015bciu, maksymalizuj\u0105c wykorzystanie materia\u0142u.<\/li>\n<li>\n<h4><strong> Ci\u0119cie na d\u0142ugo\u015b\u0107<\/strong><\/h4>\n<p>Po rozci\u0119ciu ci\u0105g\u0142e paski trafiaj\u0105 do maszyny tn\u0105cej A4. Tutaj gilotyna lub n\u00f3\u017c obrotowy przycina papier do standardowej d\u0142ugo\u015bci A4 (297 mm). Szybkie czujniki i enkodery zapewniaj\u0105 dok\u0142adne wymiary i prostopad\u0142e kraw\u0119dzie, spe\u0142niaj\u0105ce mi\u0119dzynarodowe standardy.<\/li>\n<li>\n<h4><strong> Uk\u0142adanie i liczenie<\/strong><\/h4>\n<p>Poci\u0119te arkusze A4 s\u0105 przenoszone do jednostki uk\u0142adaj\u0105cej, gdzie s\u0105 starannie wyr\u00f3wnywane i uk\u0142adane w stosy. Elektroniczny licznik zapewnia, \u017ce ka\u017cdy stos zawiera dok\u0142adnie 500 arkuszy, tworz\u0105c jedn\u0105 ryz\u0119. Precyzja uk\u0142adania zapobiega niewsp\u00f3\u0142osiowo\u015bci i zwijaniu.<\/li>\n<li>\n<h4><strong> Opakowanie i wyj\u015bcie<\/strong><\/h4>\n<p>Wreszcie <a href='https:\/\/nrcmachine.com\/how-to-start-a4-paper-business\/'>Gotowe ryz s\u0105 owini\u0119te papierem ochronnym<\/a> lub folii, cz\u0119sto przy u\u017cyciu automatycznych maszyn pakuj\u0105cych. Etykiety s\u0105 umieszczane w celu oznakowania marki i specyfikacji. Gotowe ryz A4 s\u0105 nast\u0119pnie paletyzowane w celu przechowywania lub wysy\u0142ki.<\/li>\n<li>\n<h4><strong> Wnioski<\/strong><\/h4>\n<p>Od du\u017cych rolek 1100 mm po nieskazitelnie czyste ryz A4, ten zautomatyzowany <a href=\"https:\/\/youtu.be\/pDZkQF6S0oM\">linia do produkcji ryz papieru a4<\/a> zapewnia wydajno\u015b\u0107, dok\u0142adno\u015b\u0107 i wysok\u0105 wydajno\u015b\u0107. Jest to idealne rozwi\u0105zanie dla papierni i przetw\u00f3rc\u00f3w, kt\u00f3rzy chc\u0105 zaspokoi\u0107 globalny popyt na standardowy papier biurowy.<\/li>\n<\/ol>","protected":false},"featured_media":1787,"template":"","meta":{"_acf_changed":false,"_monsterinsights_skip_tracking":false,"_monsterinsights_sitenote_active":false,"_monsterinsights_sitenote_note":"","_monsterinsights_sitenote_category":0,"site-sidebar-layout":"default","site-content-layout":"","ast-site-content-layout":"default","site-content-style":"default","site-sidebar-style":"default","ast-global-header-display":"","ast-banner-title-visibility":"","ast-main-header-display":"","ast-hfb-above-header-display":"","ast-hfb-below-header-display":"","ast-hfb-mobile-header-display":"","site-post-title":"","ast-breadcrumbs-content":"","ast-featured-img":"","footer-sml-layout":"","theme-transparent-header-meta":"default","adv-header-id-meta":"","stick-header-meta":"default","header-above-stick-meta":"","header-main-stick-meta":"","header-below-stick-meta":"","astra-migrate-meta-layouts":"set","ast-page-background-enabled":"default","ast-page-background-meta":{"desktop":{"background-color":"var(--ast-global-color-4)","background-image":"","background-repeat":"repeat","background-position":"center center","background-size":"auto","background-attachment":"scroll","background-type":"","background-media":"","overlay-type":"","overlay-color":"","overlay-opacity":"","overlay-gradient":""},"tablet":{"background-color":"","background-image":"","background-repeat":"repeat","background-position":"center center","background-size":"auto","background-attachment":"scroll","background-type":"","background-media":"","overlay-type":"","overlay-color":"","overlay-opacity":"","overlay-gradient":""},"mobile":{"background-color":"","background-image":"","background-repeat":"repeat","background-position":"center center","background-size":"auto","background-attachment":"scroll","background-type":"","background-media":"","overlay-type":"","overlay-color":"","overlay-opacity":"","overlay-gradient":""}},"ast-content-background-meta":{"desktop":{"background-color":"var(--ast-global-color-5)","background-image":"","background-repeat":"repeat","background-position":"center center","background-size":"auto","background-attachment":"scroll","background-type":"","background-media":"","overlay-type":"","overlay-color":"","overlay-opacity":"","overlay-gradient":""},"tablet":{"background-color":"var(--ast-global-color-5)","background-image":"","background-repeat":"repeat","background-position":"center center","background-size":"auto","background-attachment":"scroll","background-type":"","background-media":"","overlay-type":"","overlay-color":"","overlay-opacity":"","overlay-gradient":""},"mobile":{"background-color":"var(--ast-global-color-5)","background-image":"","background-repeat":"repeat","background-position":"center center","background-size":"auto","background-attachment":"scroll","background-type":"","background-media":"","overlay-type":"","overlay-color":"","overlay-opacity":"","overlay-gradient":""}}},"tags":[66],"products":[64],"class_list":["post-1804","product","type-product","status-publish","has-post-thumbnail","hentry","tag-a4-paper-making-machine","products-a4-paper-reams-making-machine"],"acf":[],"aioseo_notices":[],"aioseo_head":"\n\t\t<!-- All in One SEO Pro 4.9.2 - aioseo.com -->\n\t<meta name=\"description\" content=\"The A4 paper reams making machine is a specialized production line designed to convert large jumbo rolls into standard A4-sized paper reams.\" \/>\n\t<meta name=\"robots\" content=\"noodp, max-snippet:-1, max-image-preview:large, max-video-preview:-1\" \/>\n\t<link rel=\"canonical\" href=\"https:\/\/nrcmachine.com\/pl\/product\/a4-paper-reams-making-machine\/\" \/>\n\t<meta name=\"generator\" content=\"All in One SEO Pro (AIOSEO) 4.9.2\" \/>\n\t\t<meta property=\"og:locale\" content=\"pl_PL\" \/>\n\t\t<meta property=\"og:site_name\" content=\"Toilet Paper Machine, Paper Tube Machine | NRC Machine - Reliable Paper Machinery Solutions\" \/>\n\t\t<meta property=\"og:type\" content=\"article\" \/>\n\t\t<meta property=\"og:title\" content=\"A4 Paper Reams Making Machine - QINGDAO NEW RICHUAN\" \/>\n\t\t<meta property=\"og:description\" content=\"The A4 paper reams making machine is a specialized production line designed to convert large jumbo rolls into standard A4-sized paper reams.\" \/>\n\t\t<meta property=\"og:url\" content=\"https:\/\/nrcmachine.com\/pl\/product\/a4-paper-reams-making-machine\/\" \/>\n\t\t<meta property=\"og:image\" content=\"https:\/\/nrcmachine.com\/wp-content\/uploads\/2025\/11\/a4-paper-machine.webp\" \/>\n\t\t<meta property=\"og:image:secure_url\" content=\"https:\/\/nrcmachine.com\/wp-content\/uploads\/2025\/11\/a4-paper-machine.webp\" \/>\n\t\t<meta property=\"og:image:width\" content=\"500\" \/>\n\t\t<meta property=\"og:image:height\" content=\"500\" \/>\n\t\t<meta property=\"article:published_time\" content=\"2025-11-03T08:40:14+00:00\" \/>\n\t\t<meta property=\"article:modified_time\" content=\"2026-03-11T10:21:02+00:00\" \/>\n\t\t<meta property=\"article:publisher\" content=\"https:\/\/www.facebook.com\/james.gao.349938\" \/>\n\t\t<meta name=\"twitter:card\" content=\"summary\" \/>\n\t\t<meta name=\"twitter:site\" content=\"@JamesGao65335\" \/>\n\t\t<meta name=\"twitter:title\" content=\"A4 Paper Reams Making Machine - QINGDAO NEW RICHUAN\" \/>\n\t\t<meta name=\"twitter:description\" content=\"The A4 paper reams making machine is a specialized production line designed to convert large jumbo rolls into standard A4-sized paper reams.\" \/>\n\t\t<meta name=\"twitter:image\" content=\"https:\/\/nrcmachine.com\/wp-content\/uploads\/2025\/11\/a4-paper-machine.webp\" \/>\n\t\t<script type=\"application\/ld+json\" class=\"aioseo-schema\">\n\t\t\t{\"@context\":\"https:\\\/\\\/schema.org\",\"@graph\":[{\"@type\":\"BreadcrumbList\",\"@id\":\"https:\\\/\\\/nrcmachine.com\\\/pl\\\/product\\\/a4-paper-reams-making-machine\\\/#breadcrumblist\",\"itemListElement\":[{\"@type\":\"ListItem\",\"@id\":\"https:\\\/\\\/nrcmachine.com\\\/pl#listItem\",\"position\":1,\"name\":\"Home\",\"item\":\"https:\\\/\\\/nrcmachine.com\\\/pl\",\"nextItem\":{\"@type\":\"ListItem\",\"@id\":\"https:\\\/\\\/nrcmachine.com\\\/pl\\\/product\\\/#listItem\",\"name\":\"Products\"}},{\"@type\":\"ListItem\",\"@id\":\"https:\\\/\\\/nrcmachine.com\\\/pl\\\/product\\\/#listItem\",\"position\":2,\"name\":\"Products\",\"item\":\"https:\\\/\\\/nrcmachine.com\\\/pl\\\/product\\\/\",\"nextItem\":{\"@type\":\"ListItem\",\"@id\":\"https:\\\/\\\/nrcmachine.com\\\/pl\\\/tag\\\/a4-paper-making-machine\\\/#listItem\",\"name\":\"A4 Paper Making Machine\"},\"previousItem\":{\"@type\":\"ListItem\",\"@id\":\"https:\\\/\\\/nrcmachine.com\\\/pl#listItem\",\"name\":\"Home\"}},{\"@type\":\"ListItem\",\"@id\":\"https:\\\/\\\/nrcmachine.com\\\/pl\\\/tag\\\/a4-paper-making-machine\\\/#listItem\",\"position\":3,\"name\":\"A4 Paper Making Machine\",\"item\":\"https:\\\/\\\/nrcmachine.com\\\/pl\\\/tag\\\/a4-paper-making-machine\\\/\",\"nextItem\":{\"@type\":\"ListItem\",\"@id\":\"https:\\\/\\\/nrcmachine.com\\\/pl\\\/product\\\/a4-paper-reams-making-machine\\\/#listItem\",\"name\":\"A4 Paper Reams Making Machine\"},\"previousItem\":{\"@type\":\"ListItem\",\"@id\":\"https:\\\/\\\/nrcmachine.com\\\/pl\\\/product\\\/#listItem\",\"name\":\"Products\"}},{\"@type\":\"ListItem\",\"@id\":\"https:\\\/\\\/nrcmachine.com\\\/pl\\\/product\\\/a4-paper-reams-making-machine\\\/#listItem\",\"position\":4,\"name\":\"A4 Paper Reams Making Machine\",\"previousItem\":{\"@type\":\"ListItem\",\"@id\":\"https:\\\/\\\/nrcmachine.com\\\/pl\\\/tag\\\/a4-paper-making-machine\\\/#listItem\",\"name\":\"A4 Paper Making Machine\"}}]},{\"@type\":\"Organization\",\"@id\":\"https:\\\/\\\/nrcmachine.com\\\/pl\\\/#organization\",\"name\":\"Toilet Paper Machine, Paper Tube Machine | NRC Machine wordpress\",\"description\":\"Reliable Paper Machinery Solutions\",\"url\":\"https:\\\/\\\/nrcmachine.com\\\/pl\\\/\",\"email\":\"james@nrcmachine.com\",\"telephone\":\"+8615254213289\",\"foundingDate\":\"2023-11-01\",\"numberOfEmployees\":{\"@type\":\"QuantitativeValue\",\"minValue\":1,\"maxValue\":50},\"logo\":{\"@type\":\"ImageObject\",\"url\":\"https:\\\/\\\/nrcmachine.com\\\/wp-content\\\/uploads\\\/2026\\\/01\\\/logo23.png\",\"@id\":\"https:\\\/\\\/nrcmachine.com\\\/pl\\\/product\\\/a4-paper-reams-making-machine\\\/#organizationLogo\",\"width\":800,\"height\":800,\"caption\":\"logo for NRC MACHINE\"},\"image\":{\"@id\":\"https:\\\/\\\/nrcmachine.com\\\/pl\\\/product\\\/a4-paper-reams-making-machine\\\/#organizationLogo\"},\"sameAs\":[\"https:\\\/\\\/www.facebook.com\\\/james.gao.349938\",\"https:\\\/\\\/x.com\\\/JamesGao65335\",\"https:\\\/\\\/www.instagram.com\\\/jamesgao407?igsh=d2YybzFhMjY0YTl3\",\"https:\\\/\\\/www.tiktok.com\\\/@gyl20210118\",\"https:\\\/\\\/www.linkedin.com\\\/in\\\/--9a63583a9\\\/\"],\"address\":{\"@id\":\"https:\\\/\\\/nrcmachine.com\\\/pl\\\/#postaladdress\",\"@type\":\"PostalAddress\",\"streetAddress\":\"No..519,Jiangshan South Road,Huangdao,\",\"postalCode\":\"266500\",\"addressLocality\":\"Qingdao\",\"addressRegion\":\"Shandong Province\",\"addressCountry\":\"CN\"},\"taxID\":\"91370211MAD54P6P85\",\"vatID\":\"91370211MAD54P6P85\"},{\"@type\":\"WebPage\",\"@id\":\"https:\\\/\\\/nrcmachine.com\\\/pl\\\/product\\\/a4-paper-reams-making-machine\\\/#webpage\",\"url\":\"https:\\\/\\\/nrcmachine.com\\\/pl\\\/product\\\/a4-paper-reams-making-machine\\\/\",\"name\":\"A4 Paper Reams Making Machine - QINGDAO NEW RICHUAN\",\"description\":\"The A4 paper reams making machine is a specialized production line designed to convert large jumbo rolls into standard A4-sized paper reams.\",\"inLanguage\":\"pl-PL\",\"isPartOf\":{\"@id\":\"https:\\\/\\\/nrcmachine.com\\\/pl\\\/#website\"},\"breadcrumb\":{\"@id\":\"https:\\\/\\\/nrcmachine.com\\\/pl\\\/product\\\/a4-paper-reams-making-machine\\\/#breadcrumblist\"},\"image\":{\"@type\":\"ImageObject\",\"url\":\"https:\\\/\\\/nrcmachine.com\\\/wp-content\\\/uploads\\\/2025\\\/11\\\/a4-paper-machine.webp\",\"@id\":\"https:\\\/\\\/nrcmachine.com\\\/pl\\\/product\\\/a4-paper-reams-making-machine\\\/#mainImage\",\"width\":500,\"height\":500,\"caption\":\"a4 paper reams making machine\"},\"primaryImageOfPage\":{\"@id\":\"https:\\\/\\\/nrcmachine.com\\\/pl\\\/product\\\/a4-paper-reams-making-machine\\\/#mainImage\"},\"datePublished\":\"2025-11-03T16:40:14+08:00\",\"dateModified\":\"2026-03-11T18:21:02+08:00\"},{\"@type\":\"WebSite\",\"@id\":\"https:\\\/\\\/nrcmachine.com\\\/pl\\\/#website\",\"url\":\"https:\\\/\\\/nrcmachine.com\\\/pl\\\/\",\"name\":\"Toilet Paper Machine, Paper Tube Machine | NRC Machine\",\"alternateName\":\"Qingdao New Richuan Precision Machine Co.,Ltd\",\"description\":\"Reliable Paper Machinery Solutions\",\"inLanguage\":\"pl-PL\",\"publisher\":{\"@id\":\"https:\\\/\\\/nrcmachine.com\\\/pl\\\/#organization\"}}]}\n\t\t<\/script>\n\t\t<!-- All in One SEO Pro -->\r\n\t\t<title>A4 Paper Reams Making Machine - QINGDAO NEW RICHUAN<\/title>\n\n","aioseo_head_json":{"title":"Maszyna do produkcji ryz papieru A4 - QINGDAO NEW RICHUAN","description":"Maszyna do produkcji ryz papieru A4 jest wyspecjalizowan\u0105 lini\u0105 produkcyjn\u0105 przeznaczon\u0105 do przetwarzania du\u017cych rolek jumbo na standardowe ryz papieru w formacie A4.","canonical_url":"https:\/\/nrcmachine.com\/pl\/product\/a4-paper-reams-making-machine\/","robots":"noodp, max-snippet:-1, max-image-preview:large, max-video-preview:-1","keywords":"","webmasterTools":{"miscellaneous":""},"schema":{"@context":"https:\/\/schema.org","@graph":[{"@type":"BreadcrumbList","@id":"https:\/\/nrcmachine.com\/pl\/product\/a4-paper-reams-making-machine\/#breadcrumblist","itemListElement":[{"@type":"ListItem","@id":"https:\/\/nrcmachine.com\/pl#listItem","position":1,"name":"Home","item":"https:\/\/nrcmachine.com\/pl","nextItem":{"@type":"ListItem","@id":"https:\/\/nrcmachine.com\/pl\/product\/#listItem","name":"Products"}},{"@type":"ListItem","@id":"https:\/\/nrcmachine.com\/pl\/product\/#listItem","position":2,"name":"Products","item":"https:\/\/nrcmachine.com\/pl\/product\/","nextItem":{"@type":"ListItem","@id":"https:\/\/nrcmachine.com\/pl\/tag\/a4-paper-making-machine\/#listItem","name":"A4 Paper Making Machine"},"previousItem":{"@type":"ListItem","@id":"https:\/\/nrcmachine.com\/pl#listItem","name":"Home"}},{"@type":"ListItem","@id":"https:\/\/nrcmachine.com\/pl\/tag\/a4-paper-making-machine\/#listItem","position":3,"name":"A4 Paper Making Machine","item":"https:\/\/nrcmachine.com\/pl\/tag\/a4-paper-making-machine\/","nextItem":{"@type":"ListItem","@id":"https:\/\/nrcmachine.com\/pl\/product\/a4-paper-reams-making-machine\/#listItem","name":"A4 Paper Reams Making Machine"},"previousItem":{"@type":"ListItem","@id":"https:\/\/nrcmachine.com\/pl\/product\/#listItem","name":"Products"}},{"@type":"ListItem","@id":"https:\/\/nrcmachine.com\/pl\/product\/a4-paper-reams-making-machine\/#listItem","position":4,"name":"A4 Paper Reams Making Machine","previousItem":{"@type":"ListItem","@id":"https:\/\/nrcmachine.com\/pl\/tag\/a4-paper-making-machine\/#listItem","name":"A4 Paper Making Machine"}}]},{"@type":"Organization","@id":"https:\/\/nrcmachine.com\/pl\/#organization","name":"Toilet Paper Machine, Paper Tube Machine | NRC Machine wordpress","description":"Reliable Paper Machinery Solutions","url":"https:\/\/nrcmachine.com\/pl\/","email":"james@nrcmachine.com","telephone":"+8615254213289","foundingDate":"2023-11-01","numberOfEmployees":{"@type":"QuantitativeValue","minValue":1,"maxValue":50},"logo":{"@type":"ImageObject","url":"https:\/\/nrcmachine.com\/wp-content\/uploads\/2026\/01\/logo23.png","@id":"https:\/\/nrcmachine.com\/pl\/product\/a4-paper-reams-making-machine\/#organizationLogo","width":800,"height":800,"caption":"logo for NRC MACHINE"},"image":{"@id":"https:\/\/nrcmachine.com\/pl\/product\/a4-paper-reams-making-machine\/#organizationLogo"},"sameAs":["https:\/\/www.facebook.com\/james.gao.349938","https:\/\/x.com\/JamesGao65335","https:\/\/www.instagram.com\/jamesgao407?igsh=d2YybzFhMjY0YTl3","https:\/\/www.tiktok.com\/@gyl20210118","https:\/\/www.linkedin.com\/in\/--9a63583a9\/"],"address":{"@id":"https:\/\/nrcmachine.com\/pl\/#postaladdress","@type":"PostalAddress","streetAddress":"No..519,Jiangshan South Road,Huangdao,","postalCode":"266500","addressLocality":"Qingdao","addressRegion":"Shandong Province","addressCountry":"CN"},"taxID":"91370211MAD54P6P85","vatID":"91370211MAD54P6P85"},{"@type":"WebPage","@id":"https:\/\/nrcmachine.com\/pl\/product\/a4-paper-reams-making-machine\/#webpage","url":"https:\/\/nrcmachine.com\/pl\/product\/a4-paper-reams-making-machine\/","name":"A4 Paper Reams Making Machine - QINGDAO NEW RICHUAN","description":"The A4 paper reams making machine is a specialized production line designed to convert large jumbo rolls into standard A4-sized paper reams.","inLanguage":"pl-PL","isPartOf":{"@id":"https:\/\/nrcmachine.com\/pl\/#website"},"breadcrumb":{"@id":"https:\/\/nrcmachine.com\/pl\/product\/a4-paper-reams-making-machine\/#breadcrumblist"},"image":{"@type":"ImageObject","url":"https:\/\/nrcmachine.com\/wp-content\/uploads\/2025\/11\/a4-paper-machine.webp","@id":"https:\/\/nrcmachine.com\/pl\/product\/a4-paper-reams-making-machine\/#mainImage","width":500,"height":500,"caption":"a4 paper reams making machine"},"primaryImageOfPage":{"@id":"https:\/\/nrcmachine.com\/pl\/product\/a4-paper-reams-making-machine\/#mainImage"},"datePublished":"2025-11-03T16:40:14+08:00","dateModified":"2026-03-11T18:21:02+08:00"},{"@type":"WebSite","@id":"https:\/\/nrcmachine.com\/pl\/#website","url":"https:\/\/nrcmachine.com\/pl\/","name":"Toilet Paper Machine, Paper Tube Machine | NRC Machine","alternateName":"Qingdao New Richuan Precision Machine Co.,Ltd","description":"Reliable Paper Machinery Solutions","inLanguage":"pl-PL","publisher":{"@id":"https:\/\/nrcmachine.com\/pl\/#organization"}}]},"og:locale":"pl_PL","og:site_name":"Toilet Paper Machine, Paper Tube Machine | NRC Machine - Reliable Paper Machinery Solutions","og:type":"article","og:title":"A4 Paper Reams Making Machine - QINGDAO NEW RICHUAN","og:description":"The A4 paper reams making machine is a specialized production line designed to convert large jumbo rolls into standard A4-sized paper reams.","og:url":"https:\/\/nrcmachine.com\/pl\/product\/a4-paper-reams-making-machine\/","og:image":"https:\/\/nrcmachine.com\/wp-content\/uploads\/2025\/11\/a4-paper-machine.webp","og:image:secure_url":"https:\/\/nrcmachine.com\/wp-content\/uploads\/2025\/11\/a4-paper-machine.webp","og:image:width":500,"og:image:height":500,"article:published_time":"2025-11-03T08:40:14+00:00","article:modified_time":"2026-03-11T10:21:02+00:00","article:publisher":"https:\/\/www.facebook.com\/james.gao.349938","twitter:card":"summary","twitter:site":"@JamesGao65335","twitter:title":"A4 Paper Reams Making Machine - QINGDAO NEW RICHUAN","twitter:description":"The A4 paper reams making machine is a specialized production line designed to convert large jumbo rolls into standard A4-sized paper reams.","twitter:image":"https:\/\/nrcmachine.com\/wp-content\/uploads\/2025\/11\/a4-paper-machine.webp"},"aioseo_meta_data":{"post_id":"1804","title":"#post_title #separator_sa QINGDAO NEW RICHUAN","description":"Maszyna do produkcji ryz papieru A4 jest wyspecjalizowan\u0105 lini\u0105 produkcyjn\u0105 przeznaczon\u0105 do przetwarzania du\u017cych rolek jumbo na standardowe ryz papieru w formacie A4.","keywords":null,"keyphrases":{"focus":{"keyphrase":"paper reams making machine","score":100,"analysis":{"keyphraseInTitle":{"score":9,"maxScore":9,"error":0},"keyphraseInDescription":{"score":9,"maxScore":9,"error":0},"keyphraseLength":{"score":9,"maxScore":9,"error":0,"length":4},"keyphraseInURL":{"score":5,"maxScore":5,"error":0},"keyphraseInIntroduction":{"score":9,"maxScore":9,"error":0},"keyphraseInSubHeadings":[],"keyphraseInImageAlt":[],"keywordDensity":{"type":"best","score":9,"maxScore":9,"error":0}}},"additional":[]},"primary_term":null,"canonical_url":null,"og_title":null,"og_description":null,"og_object_type":"default","og_image_type":"default","og_image_url":null,"og_image_width":null,"og_image_height":null,"og_image_custom_url":null,"og_image_custom_fields":null,"og_video":"","og_custom_url":null,"og_article_section":null,"og_article_tags":null,"twitter_use_og":false,"twitter_card":"default","twitter_image_type":"default","twitter_image_url":null,"twitter_image_custom_url":null,"twitter_image_custom_fields":null,"twitter_title":null,"twitter_description":null,"schema":{"blockGraphs":[],"customGraphs":[],"default":{"data":{"Article":[],"Course":[],"Dataset":[],"FAQPage":[],"Movie":[],"Person":[],"Product":[],"ProductReview":[],"Car":[],"Recipe":[],"Service":[],"SoftwareApplication":[],"WebPage":[]},"graphName":"ItemPage","isEnabled":true},"graphs":[]},"schema_type":"default","schema_type_options":null,"pillar_content":false,"robots_default":true,"robots_noindex":false,"robots_noarchive":false,"robots_nosnippet":false,"robots_nofollow":false,"robots_noimageindex":false,"robots_noodp":false,"robots_notranslate":false,"robots_max_snippet":"-1","robots_max_videopreview":"-1","robots_max_imagepreview":"large","priority":null,"frequency":"default","local_seo":null,"seo_analyzer_scan_date":"2026-03-11 10:35:23","breadcrumb_settings":null,"limit_modified_date":false,"reviewed_by":null,"open_ai":null,"ai":{"faqs":[],"keyPoints":[],"titles":[],"descriptions":[],"socialPosts":{"email":[],"linkedin":[],"twitter":[],"facebook":[],"instagram":[]}},"created":"2025-12-11 08:37:20","updated":"2026-04-04 04:08:48"},"aioseo_breadcrumb":"<div class=\"aioseo-breadcrumbs\"><span class=\"aioseo-breadcrumb\">\n\t<a href=\"https:\/\/nrcmachine.com\/pl\" title=\"Home\">Home<\/a>\n<\/span><span class=\"aioseo-breadcrumb-separator\">\u00bb<\/span><span class=\"aioseo-breadcrumb\">\n\t<a href=\"https:\/\/nrcmachine.com\/pl\/product\/\" title=\"Products\">Products<\/a>\n<\/span><span class=\"aioseo-breadcrumb-separator\">\u00bb<\/span><span class=\"aioseo-breadcrumb\">\n\t<a href=\"https:\/\/nrcmachine.com\/pl\/tag\/a4-paper-making-machine\/\" title=\"A4 Paper Making Machine\">A4 Paper Making Machine<\/a>\n<\/span><span class=\"aioseo-breadcrumb-separator\">\u00bb<\/span><span class=\"aioseo-breadcrumb\">\n\tA4 Paper Reams Making Machine\n<\/span><\/div>","aioseo_breadcrumb_json":[{"label":"Home","link":"https:\/\/nrcmachine.com\/pl"},{"label":"Products","link":"https:\/\/nrcmachine.com\/pl\/product\/"},{"label":"A4 Paper Making Machine","link":"https:\/\/nrcmachine.com\/pl\/tag\/a4-paper-making-machine\/"},{"label":"A4 Paper Reams Making Machine","link":"https:\/\/nrcmachine.com\/pl\/product\/a4-paper-reams-making-machine\/"}],"_links":{"self":[{"href":"https:\/\/nrcmachine.com\/pl\/wp-json\/wp\/v2\/product\/1804","targetHints":{"allow":["GET"]}}],"collection":[{"href":"https:\/\/nrcmachine.com\/pl\/wp-json\/wp\/v2\/product"}],"about":[{"href":"https:\/\/nrcmachine.com\/pl\/wp-json\/wp\/v2\/types\/product"}],"version-history":[{"count":2,"href":"https:\/\/nrcmachine.com\/pl\/wp-json\/wp\/v2\/product\/1804\/revisions"}],"predecessor-version":[{"id":6095,"href":"https:\/\/nrcmachine.com\/pl\/wp-json\/wp\/v2\/product\/1804\/revisions\/6095"}],"wp:featuredmedia":[{"embeddable":true,"href":"https:\/\/nrcmachine.com\/pl\/wp-json\/wp\/v2\/media\/1787"}],"wp:attachment":[{"href":"https:\/\/nrcmachine.com\/pl\/wp-json\/wp\/v2\/media?parent=1804"}],"wp:term":[{"taxonomy":"post_tag","embeddable":true,"href":"https:\/\/nrcmachine.com\/pl\/wp-json\/wp\/v2\/tags?post=1804"},{"taxonomy":"products","embeddable":true,"href":"https:\/\/nrcmachine.com\/pl\/wp-json\/wp\/v2\/products?post=1804"}],"curies":[{"name":"wp","href":"https:\/\/api.w.org\/{rel}","templated":true}]}}