 {"id":1911,"date":"2025-11-07T13:29:35","date_gmt":"2025-11-07T05:29:35","guid":{"rendered":"https:\/\/nrcmachine.com\/?post_type=product&#038;p=1911"},"modified":"2026-01-02T12:29:09","modified_gmt":"2026-01-02T04:29:09","slug":"paper-tube-cutting-machine","status":"publish","type":"product","link":"https:\/\/nrcmachine.com\/pl\/product\/paper-tube-cutting-machine\/","title":{"rendered":"Automatyczna maszyna CNC do ci\u0119cia rur papierowych"},"content":{"rendered":"<h4><strong>Automatyczne CNC <a href=\"https:\/\/nrcmachine.com\/products\/paper-tube-cutting-machine\/\">Maszyna do ci\u0119cia rur papierowych<\/a>: Precyzja i wydajno\u015b\u0107 na nowo zdefiniowane!<\/strong><\/h4>\n<p>Dzi\u015b mam przyjemno\u015b\u0107 przedstawi\u0107 <a href=\"https:\/\/nrcmachine.com\/products\/paper-tube-cutting-machine\/\"><strong>Automatyczna maszyna CNC do ci\u0119cia rur papierowych<\/strong><\/a>,to prze\u0142om w przetwarzaniu tub papierowych. Niezale\u017cnie od tego, czy zajmujesz si\u0119 pakowaniem, sztuk\u0105 czy produkcj\u0105, ta maszyna zapewnia niezr\u00f3wnan\u0105 precyzj\u0119. Zapoznajmy si\u0119 z jej szczeg\u00f3\u0142owymi parametrami technicznymi! \u2702\ufe0f<\/p>\n<div class=\"ast-oembed-container\" style=\"height: 100%;\"><iframe title=\"Maszyna do ci\u0119cia rdzenia papieru CNC\/Maszyna do ci\u0119cia rur papierowych\" width=\"500\" height=\"281\" src=\"https:\/\/www.youtube.com\/embed\/aJUwvimj9wg?feature=oembed\" frameborder=\"0\" allow=\"accelerometer; autoplay; clipboard-write; encrypted-media; gyroscope; picture-in-picture; web-share\" referrerpolicy=\"strict-origin-when-cross-origin\" allowfullscreen><\/iframe><\/div>\n<h6><strong>G\u0142\u00f3wny system sterowania: Inteligentny i niezawodny<\/strong><\/h6>\n<p>Sercem tego urz\u0105dzenia jest wysokowydajny <strong>System CNC (komputerowe sterowanie numeryczne)<\/strong>. Zapewnia dok\u0142adne \u015bcie\u017cki ci\u0119cia z minimalnym b\u0142\u0119dem (\u00b10,1 mm). Przyjazny dla u\u017cytkownika interfejs z ekranem dotykowym umo\u017cliwia \u0142atwe wprowadzanie program\u00f3w, oszcz\u0119dzaj\u0105c czas i zmniejszaj\u0105c zm\u0119czenie operatora. Wst\u0119pnie ustawione wzory? Nie ma problemu! Wystarczy wgra\u0107 sw\u00f3j projekt i pozwoli\u0107 automatyzacji przej\u0105\u0107 kontrol\u0119.<\/p>\n<h6><strong>Mechanizm tn\u0105cy: wysoka pr\u0119dko\u015b\u0107 i czyste ci\u0119cie<\/strong><\/h6>\n<p>Wyposa\u017cony w <strong>system ostrzy obrotowych z serwonap\u0119dem<\/strong>, radzi sobie z r\u00f3\u017cnymi grubo\u015bciami rurek papierowych (1-10 mm). Ostrze automatycznie dostosowuje si\u0119 do g\u0119sto\u015bci materia\u0142u, zapobiegaj\u0105c strz\u0119pieniu lub zgniataniu. Pr\u0119dko\u015b\u0107 ci\u0119cia dochodzi do <strong>120 rurek na minut\u0119<\/strong>, zwi\u0119kszaj\u0105c produktywno\u015b\u0107 bez po\u015bwi\u0119cania jako\u015bci.<\/p>\n<h6><strong>System podawania materia\u0142u: P\u0142ynny i sp\u00f3jny<\/strong><\/h6>\n<p>Po\u017cegnaj si\u0119 z korkami! The <strong>automatyczny system podawania pr\u00f3\u017cniowego<\/strong>\u00a0Zapewnia idealne wyr\u00f3wnanie rur przed ci\u0119ciem. Obs\u0142uguje rury o \u015brednicach od <strong>20 mm do 150 mm<\/strong>, dzi\u0119ki czemu jest wszechstronny w r\u00f3\u017cnych zastosowaniach - od pude\u0142ek na prezenty po tuleje przemys\u0142owe.<\/p>\n<h6><strong>Bezpiecze\u0144stwo i stabilno\u015b\u0107: Zaprojektowany dla spokoju ducha<\/strong><\/h6>\n<p>Zbudowany z <strong>Wytrzyma\u0142a stalowa rama<\/strong>, w <a href=\"https:\/\/youtu.be\/aJUwvimj9wg\">maszyna<\/a> dzia\u0142a przy minimalnych wibracjach. Funkcje bezpiecze\u0144stwa obejmuj\u0105 <strong>czujniki podczerwieni<\/strong>\u00a0i przyciski zatrzymania awaryjnego. Zamkni\u0119ta strefa ci\u0119cia chroni operator\u00f3w, spe\u0142niaj\u0105c mi\u0119dzynarodowe standardy bezpiecze\u0144stwa (certyfikat CE).<\/p>\n<h6><strong>Dodatkowe inteligentne funkcje<\/strong><\/h6>\n<ul>\n<li><strong>Monitorowanie w czasie rzeczywistym<\/strong>: \u015aledzenie liczby produkcji i statusu maszyny.<\/li>\n<li><strong>Efektywno\u015b\u0107 energetyczna<\/strong>: Niskie zu\u017cycie energii dzi\u0119ki automatycznemu trybowi u\u015bpienia.<\/li>\n<li><strong>\u0141atwa konserwacja<\/strong>: Modu\u0142owa konstrukcja umo\u017cliwia szybk\u0105 wymian\u0119 i czyszczenie ostrza.<\/li>\n<\/ul>\n<h6><strong>Dlaczego warto wybra\u0107 t\u0119 maszyn\u0119?<\/strong><\/h6>\n<p>To nie tylko obcinarka - to kompletne rozwi\u0105zanie do wysokonak\u0142adowego i precyzyjnego przetwarzania tub papierowych. Zmniejsz ilo\u015b\u0107 odpad\u00f3w, zwi\u0119ksz wydajno\u015b\u0107 i podnie\u015b jako\u015b\u0107 produktu!<\/p>\n<p>DM do mnie po specyfikacje lub wersje demonstracyjne!<br \/>\n#<a href=\"https:\/\/nrcmachine.com\/product\/spiral-wound-paper-tube-machine\/\">PaperTubeMachine<\/a> #CNCTechnology #ManufacturingInnovation #SmartFactory #CraftIndustry #Automation<\/p>\n<p>Razem zrewolucjonizujmy przetwarzanie papieru! \ud83d\ude80<\/p>","protected":false},"featured_media":1913,"template":"","meta":{"_acf_changed":false,"_monsterinsights_skip_tracking":false,"_monsterinsights_sitenote_active":false,"_monsterinsights_sitenote_note":"","_monsterinsights_sitenote_category":0,"site-sidebar-layout":"default","site-content-layout":"","ast-site-content-layout":"default","site-content-style":"default","site-sidebar-style":"default","ast-global-header-display":"","ast-banner-title-visibility":"","ast-main-header-display":"","ast-hfb-above-header-display":"","ast-hfb-below-header-display":"","ast-hfb-mobile-header-display":"","site-post-title":"","ast-breadcrumbs-content":"","ast-featured-img":"","footer-sml-layout":"","theme-transparent-header-meta":"default","adv-header-id-meta":"","stick-header-meta":"default","header-above-stick-meta":"","header-main-stick-meta":"","header-below-stick-meta":"","astra-migrate-meta-layouts":"set","ast-page-background-enabled":"default","ast-page-background-meta":{"desktop":{"background-color":"var(--ast-global-color-4)","background-image":"","background-repeat":"repeat","background-position":"center center","background-size":"auto","background-attachment":"scroll","background-type":"","background-media":"","overlay-type":"","overlay-color":"","overlay-opacity":"","overlay-gradient":""},"tablet":{"background-color":"","background-image":"","background-repeat":"repeat","background-position":"center center","background-size":"auto","background-attachment":"scroll","background-type":"","background-media":"","overlay-type":"","overlay-color":"","overlay-opacity":"","overlay-gradient":""},"mobile":{"background-color":"","background-image":"","background-repeat":"repeat","background-position":"center center","background-size":"auto","background-attachment":"scroll","background-type":"","background-media":"","overlay-type":"","overlay-color":"","overlay-opacity":"","overlay-gradient":""}},"ast-content-background-meta":{"desktop":{"background-color":"var(--ast-global-color-5)","background-image":"","background-repeat":"repeat","background-position":"center center","background-size":"auto","background-attachment":"scroll","background-type":"","background-media":"","overlay-type":"","overlay-color":"","overlay-opacity":"","overlay-gradient":""},"tablet":{"background-color":"var(--ast-global-color-5)","background-image":"","background-repeat":"repeat","background-position":"center center","background-size":"auto","background-attachment":"scroll","background-type":"","background-media":"","overlay-type":"","overlay-color":"","overlay-opacity":"","overlay-gradient":""},"mobile":{"background-color":"var(--ast-global-color-5)","background-image":"","background-repeat":"repeat","background-position":"center center","background-size":"auto","background-attachment":"scroll","background-type":"","background-media":"","overlay-type":"","overlay-color":"","overlay-opacity":"","overlay-gradient":""}}},"tags":[49],"products":[70],"class_list":["post-1911","product","type-product","status-publish","has-post-thumbnail","hentry","tag-paper-tube-machine","products-paper-tube-cutting-machine"],"acf":[],"aioseo_notices":[],"aioseo_head":"\n\t\t<!-- All in One SEO Pro 4.9.2 - aioseo.com -->\n\t<meta name=\"description\" content=\"Today, I\u2019m thrilled to introduce the Automatic CNC Paper Tube Cutting Machine,a game-changer for paper tube processing. Whether you\u2019re in packaging.\" \/>\n\t<meta name=\"robots\" content=\"noodp, max-snippet:-1, max-image-preview:large, max-video-preview:-1\" \/>\n\t<link rel=\"canonical\" href=\"https:\/\/nrcmachine.com\/pl\/product\/paper-tube-cutting-machine\/\" \/>\n\t<meta name=\"generator\" content=\"All in One SEO Pro (AIOSEO) 4.9.2\" \/>\n\t\t<meta property=\"og:locale\" content=\"pl_PL\" \/>\n\t\t<meta property=\"og:site_name\" content=\"Toilet Paper Machine, Paper Tube Machine | NRC Machine - Reliable Paper Machinery Solutions\" \/>\n\t\t<meta property=\"og:type\" content=\"article\" \/>\n\t\t<meta property=\"og:title\" content=\"Automatic CNC Paper Tube Cutting Machine - NRC MACHINE\" \/>\n\t\t<meta property=\"og:description\" content=\"Today, I\u2019m thrilled to introduce the Automatic CNC Paper Tube Cutting Machine,a game-changer for paper tube processing. Whether you\u2019re in packaging.\" \/>\n\t\t<meta property=\"og:url\" content=\"https:\/\/nrcmachine.com\/pl\/product\/paper-tube-cutting-machine\/\" \/>\n\t\t<meta property=\"og:image\" content=\"https:\/\/nrcmachine.com\/wp-content\/uploads\/2025\/11\/paper-tube-cutting-machine-3_\u526f\u672c.webp\" \/>\n\t\t<meta property=\"og:image:secure_url\" content=\"https:\/\/nrcmachine.com\/wp-content\/uploads\/2025\/11\/paper-tube-cutting-machine-3_\u526f\u672c.webp\" \/>\n\t\t<meta property=\"og:image:width\" content=\"800\" \/>\n\t\t<meta property=\"og:image:height\" content=\"800\" \/>\n\t\t<meta property=\"article:published_time\" content=\"2025-11-07T05:29:35+00:00\" \/>\n\t\t<meta property=\"article:modified_time\" content=\"2026-01-02T04:29:09+00:00\" \/>\n\t\t<meta property=\"article:publisher\" content=\"https:\/\/www.facebook.com\/james.gao.349938\" \/>\n\t\t<meta name=\"twitter:card\" content=\"summary\" \/>\n\t\t<meta name=\"twitter:site\" content=\"@JamesGao65335\" \/>\n\t\t<meta name=\"twitter:title\" content=\"Automatic CNC Paper Tube Cutting Machine - NRC MACHINE\" \/>\n\t\t<meta name=\"twitter:description\" content=\"Today, I\u2019m thrilled to introduce the Automatic CNC Paper Tube Cutting Machine,a game-changer for paper tube processing. Whether you\u2019re in packaging.\" \/>\n\t\t<meta name=\"twitter:image\" content=\"https:\/\/nrcmachine.com\/wp-content\/uploads\/2025\/11\/paper-tube-cutting-machine-3_\u526f\u672c.webp\" \/>\n\t\t<script type=\"application\/ld+json\" class=\"aioseo-schema\">\n\t\t\t{\"@context\":\"https:\\\/\\\/schema.org\",\"@graph\":[{\"@type\":\"BreadcrumbList\",\"@id\":\"https:\\\/\\\/nrcmachine.com\\\/pl\\\/product\\\/paper-tube-cutting-machine\\\/#breadcrumblist\",\"itemListElement\":[{\"@type\":\"ListItem\",\"@id\":\"https:\\\/\\\/nrcmachine.com\\\/pl#listItem\",\"position\":1,\"name\":\"Home\",\"item\":\"https:\\\/\\\/nrcmachine.com\\\/pl\",\"nextItem\":{\"@type\":\"ListItem\",\"@id\":\"https:\\\/\\\/nrcmachine.com\\\/pl\\\/product\\\/#listItem\",\"name\":\"Products\"}},{\"@type\":\"ListItem\",\"@id\":\"https:\\\/\\\/nrcmachine.com\\\/pl\\\/product\\\/#listItem\",\"position\":2,\"name\":\"Products\",\"item\":\"https:\\\/\\\/nrcmachine.com\\\/pl\\\/product\\\/\",\"nextItem\":{\"@type\":\"ListItem\",\"@id\":\"https:\\\/\\\/nrcmachine.com\\\/pl\\\/tag\\\/paper-tube-machine\\\/#listItem\",\"name\":\"paper tube machine\"},\"previousItem\":{\"@type\":\"ListItem\",\"@id\":\"https:\\\/\\\/nrcmachine.com\\\/pl#listItem\",\"name\":\"Home\"}},{\"@type\":\"ListItem\",\"@id\":\"https:\\\/\\\/nrcmachine.com\\\/pl\\\/tag\\\/paper-tube-machine\\\/#listItem\",\"position\":3,\"name\":\"paper tube machine\",\"item\":\"https:\\\/\\\/nrcmachine.com\\\/pl\\\/tag\\\/paper-tube-machine\\\/\",\"nextItem\":{\"@type\":\"ListItem\",\"@id\":\"https:\\\/\\\/nrcmachine.com\\\/pl\\\/product\\\/paper-tube-cutting-machine\\\/#listItem\",\"name\":\"Automatic CNC Paper Tube Cutting Machine\"},\"previousItem\":{\"@type\":\"ListItem\",\"@id\":\"https:\\\/\\\/nrcmachine.com\\\/pl\\\/product\\\/#listItem\",\"name\":\"Products\"}},{\"@type\":\"ListItem\",\"@id\":\"https:\\\/\\\/nrcmachine.com\\\/pl\\\/product\\\/paper-tube-cutting-machine\\\/#listItem\",\"position\":4,\"name\":\"Automatic CNC Paper Tube Cutting Machine\",\"previousItem\":{\"@type\":\"ListItem\",\"@id\":\"https:\\\/\\\/nrcmachine.com\\\/pl\\\/tag\\\/paper-tube-machine\\\/#listItem\",\"name\":\"paper tube machine\"}}]},{\"@type\":\"Organization\",\"@id\":\"https:\\\/\\\/nrcmachine.com\\\/pl\\\/#organization\",\"name\":\"Toilet Paper Machine, Paper Tube Machine | NRC Machine wordpress\",\"description\":\"Reliable Paper Machinery Solutions\",\"url\":\"https:\\\/\\\/nrcmachine.com\\\/pl\\\/\",\"email\":\"james@nrcmachine.com\",\"telephone\":\"+8615254213289\",\"foundingDate\":\"2023-11-01\",\"numberOfEmployees\":{\"@type\":\"QuantitativeValue\",\"minValue\":1,\"maxValue\":50},\"logo\":{\"@type\":\"ImageObject\",\"url\":\"https:\\\/\\\/nrcmachine.com\\\/wp-content\\\/uploads\\\/2026\\\/01\\\/logo23.png\",\"@id\":\"https:\\\/\\\/nrcmachine.com\\\/pl\\\/product\\\/paper-tube-cutting-machine\\\/#organizationLogo\",\"width\":800,\"height\":800,\"caption\":\"logo for NRC MACHINE\"},\"image\":{\"@id\":\"https:\\\/\\\/nrcmachine.com\\\/pl\\\/product\\\/paper-tube-cutting-machine\\\/#organizationLogo\"},\"sameAs\":[\"https:\\\/\\\/www.facebook.com\\\/james.gao.349938\",\"https:\\\/\\\/x.com\\\/JamesGao65335\",\"https:\\\/\\\/www.instagram.com\\\/jamesgao407?igsh=d2YybzFhMjY0YTl3\",\"https:\\\/\\\/www.tiktok.com\\\/@gyl20210118\",\"https:\\\/\\\/www.linkedin.com\\\/in\\\/--9a63583a9\\\/\"],\"address\":{\"@id\":\"https:\\\/\\\/nrcmachine.com\\\/pl\\\/#postaladdress\",\"@type\":\"PostalAddress\",\"streetAddress\":\"No..519,Jiangshan South Road,Huangdao,\",\"postalCode\":\"266500\",\"addressLocality\":\"Qingdao\",\"addressRegion\":\"Shandong Province\",\"addressCountry\":\"CN\"},\"taxID\":\"91370211MAD54P6P85\",\"vatID\":\"91370211MAD54P6P85\"},{\"@type\":\"WebPage\",\"@id\":\"https:\\\/\\\/nrcmachine.com\\\/pl\\\/product\\\/paper-tube-cutting-machine\\\/#webpage\",\"url\":\"https:\\\/\\\/nrcmachine.com\\\/pl\\\/product\\\/paper-tube-cutting-machine\\\/\",\"name\":\"Automatic CNC Paper Tube Cutting Machine - NRC MACHINE\",\"description\":\"Today, I\\u2019m thrilled to introduce the Automatic CNC Paper Tube Cutting Machine,a game-changer for paper tube processing. Whether you\\u2019re in packaging.\",\"inLanguage\":\"pl-PL\",\"isPartOf\":{\"@id\":\"https:\\\/\\\/nrcmachine.com\\\/pl\\\/#website\"},\"breadcrumb\":{\"@id\":\"https:\\\/\\\/nrcmachine.com\\\/pl\\\/product\\\/paper-tube-cutting-machine\\\/#breadcrumblist\"},\"image\":{\"@type\":\"ImageObject\",\"url\":\"https:\\\/\\\/nrcmachine.com\\\/wp-content\\\/uploads\\\/2025\\\/11\\\/paper-tube-cutting-machine-3_\\u526f\\u672c.webp\",\"@id\":\"https:\\\/\\\/nrcmachine.com\\\/pl\\\/product\\\/paper-tube-cutting-machine\\\/#mainImage\",\"width\":800,\"height\":800,\"caption\":\"paper tube cutting machine\"},\"primaryImageOfPage\":{\"@id\":\"https:\\\/\\\/nrcmachine.com\\\/pl\\\/product\\\/paper-tube-cutting-machine\\\/#mainImage\"},\"datePublished\":\"2025-11-07T13:29:35+08:00\",\"dateModified\":\"2026-01-02T12:29:09+08:00\"},{\"@type\":\"WebSite\",\"@id\":\"https:\\\/\\\/nrcmachine.com\\\/pl\\\/#website\",\"url\":\"https:\\\/\\\/nrcmachine.com\\\/pl\\\/\",\"name\":\"Toilet Paper Machine, Paper Tube Machine | NRC Machine\",\"alternateName\":\"Qingdao New Richuan Precision Machine Co.,Ltd\",\"description\":\"Reliable Paper Machinery Solutions\",\"inLanguage\":\"pl-PL\",\"publisher\":{\"@id\":\"https:\\\/\\\/nrcmachine.com\\\/pl\\\/#organization\"}}]}\n\t\t<\/script>\n\t\t<!-- All in One SEO Pro -->\r\n\t\t<title>Automatic CNC Paper Tube Cutting Machine - NRC MACHINE<\/title>\n\n","aioseo_head_json":{"title":"Automatyczna maszyna CNC do ci\u0119cia rur papierowych - NRC MACHINE","description":"Dzi\u015b mam przyjemno\u015b\u0107 przedstawi\u0107 automatyczn\u0105 maszyn\u0119 CNC do ci\u0119cia rur papierowych, kt\u00f3ra zmienia zasady gry w zakresie przetwarzania rur papierowych. Niezale\u017cnie od tego, czy jeste\u015b w opakowaniu.","canonical_url":"https:\/\/nrcmachine.com\/pl\/product\/paper-tube-cutting-machine\/","robots":"noodp, max-snippet:-1, max-image-preview:large, max-video-preview:-1","keywords":"","webmasterTools":{"miscellaneous":""},"schema":{"@context":"https:\/\/schema.org","@graph":[{"@type":"BreadcrumbList","@id":"https:\/\/nrcmachine.com\/pl\/product\/paper-tube-cutting-machine\/#breadcrumblist","itemListElement":[{"@type":"ListItem","@id":"https:\/\/nrcmachine.com\/pl#listItem","position":1,"name":"Home","item":"https:\/\/nrcmachine.com\/pl","nextItem":{"@type":"ListItem","@id":"https:\/\/nrcmachine.com\/pl\/product\/#listItem","name":"Products"}},{"@type":"ListItem","@id":"https:\/\/nrcmachine.com\/pl\/product\/#listItem","position":2,"name":"Products","item":"https:\/\/nrcmachine.com\/pl\/product\/","nextItem":{"@type":"ListItem","@id":"https:\/\/nrcmachine.com\/pl\/tag\/paper-tube-machine\/#listItem","name":"paper tube machine"},"previousItem":{"@type":"ListItem","@id":"https:\/\/nrcmachine.com\/pl#listItem","name":"Home"}},{"@type":"ListItem","@id":"https:\/\/nrcmachine.com\/pl\/tag\/paper-tube-machine\/#listItem","position":3,"name":"paper tube machine","item":"https:\/\/nrcmachine.com\/pl\/tag\/paper-tube-machine\/","nextItem":{"@type":"ListItem","@id":"https:\/\/nrcmachine.com\/pl\/product\/paper-tube-cutting-machine\/#listItem","name":"Automatic CNC Paper Tube Cutting Machine"},"previousItem":{"@type":"ListItem","@id":"https:\/\/nrcmachine.com\/pl\/product\/#listItem","name":"Products"}},{"@type":"ListItem","@id":"https:\/\/nrcmachine.com\/pl\/product\/paper-tube-cutting-machine\/#listItem","position":4,"name":"Automatic CNC Paper Tube Cutting Machine","previousItem":{"@type":"ListItem","@id":"https:\/\/nrcmachine.com\/pl\/tag\/paper-tube-machine\/#listItem","name":"paper tube machine"}}]},{"@type":"Organization","@id":"https:\/\/nrcmachine.com\/pl\/#organization","name":"Toilet Paper Machine, Paper Tube Machine | NRC Machine wordpress","description":"Reliable Paper Machinery Solutions","url":"https:\/\/nrcmachine.com\/pl\/","email":"james@nrcmachine.com","telephone":"+8615254213289","foundingDate":"2023-11-01","numberOfEmployees":{"@type":"QuantitativeValue","minValue":1,"maxValue":50},"logo":{"@type":"ImageObject","url":"https:\/\/nrcmachine.com\/wp-content\/uploads\/2026\/01\/logo23.png","@id":"https:\/\/nrcmachine.com\/pl\/product\/paper-tube-cutting-machine\/#organizationLogo","width":800,"height":800,"caption":"logo for NRC MACHINE"},"image":{"@id":"https:\/\/nrcmachine.com\/pl\/product\/paper-tube-cutting-machine\/#organizationLogo"},"sameAs":["https:\/\/www.facebook.com\/james.gao.349938","https:\/\/x.com\/JamesGao65335","https:\/\/www.instagram.com\/jamesgao407?igsh=d2YybzFhMjY0YTl3","https:\/\/www.tiktok.com\/@gyl20210118","https:\/\/www.linkedin.com\/in\/--9a63583a9\/"],"address":{"@id":"https:\/\/nrcmachine.com\/pl\/#postaladdress","@type":"PostalAddress","streetAddress":"No..519,Jiangshan South Road,Huangdao,","postalCode":"266500","addressLocality":"Qingdao","addressRegion":"Shandong Province","addressCountry":"CN"},"taxID":"91370211MAD54P6P85","vatID":"91370211MAD54P6P85"},{"@type":"WebPage","@id":"https:\/\/nrcmachine.com\/pl\/product\/paper-tube-cutting-machine\/#webpage","url":"https:\/\/nrcmachine.com\/pl\/product\/paper-tube-cutting-machine\/","name":"Automatic CNC Paper Tube Cutting Machine - NRC MACHINE","description":"Today, I\u2019m thrilled to introduce the Automatic CNC Paper Tube Cutting Machine,a game-changer for paper tube processing. Whether you\u2019re in packaging.","inLanguage":"pl-PL","isPartOf":{"@id":"https:\/\/nrcmachine.com\/pl\/#website"},"breadcrumb":{"@id":"https:\/\/nrcmachine.com\/pl\/product\/paper-tube-cutting-machine\/#breadcrumblist"},"image":{"@type":"ImageObject","url":"https:\/\/nrcmachine.com\/wp-content\/uploads\/2025\/11\/paper-tube-cutting-machine-3_\u526f\u672c.webp","@id":"https:\/\/nrcmachine.com\/pl\/product\/paper-tube-cutting-machine\/#mainImage","width":800,"height":800,"caption":"paper tube cutting machine"},"primaryImageOfPage":{"@id":"https:\/\/nrcmachine.com\/pl\/product\/paper-tube-cutting-machine\/#mainImage"},"datePublished":"2025-11-07T13:29:35+08:00","dateModified":"2026-01-02T12:29:09+08:00"},{"@type":"WebSite","@id":"https:\/\/nrcmachine.com\/pl\/#website","url":"https:\/\/nrcmachine.com\/pl\/","name":"Toilet Paper Machine, Paper Tube Machine | NRC Machine","alternateName":"Qingdao New Richuan Precision Machine Co.,Ltd","description":"Reliable Paper Machinery Solutions","inLanguage":"pl-PL","publisher":{"@id":"https:\/\/nrcmachine.com\/pl\/#organization"}}]},"og:locale":"pl_PL","og:site_name":"Toilet Paper Machine, Paper Tube Machine | NRC Machine - Reliable Paper Machinery Solutions","og:type":"article","og:title":"Automatic CNC Paper Tube Cutting Machine - NRC MACHINE","og:description":"Today, I\u2019m thrilled to introduce the Automatic CNC Paper Tube Cutting Machine,a game-changer for paper tube processing. Whether you\u2019re in packaging.","og:url":"https:\/\/nrcmachine.com\/pl\/product\/paper-tube-cutting-machine\/","og:image":"https:\/\/nrcmachine.com\/wp-content\/uploads\/2025\/11\/paper-tube-cutting-machine-3_\u526f\u672c.webp","og:image:secure_url":"https:\/\/nrcmachine.com\/wp-content\/uploads\/2025\/11\/paper-tube-cutting-machine-3_\u526f\u672c.webp","og:image:width":800,"og:image:height":800,"article:published_time":"2025-11-07T05:29:35+00:00","article:modified_time":"2026-01-02T04:29:09+00:00","article:publisher":"https:\/\/www.facebook.com\/james.gao.349938","twitter:card":"summary","twitter:site":"@JamesGao65335","twitter:title":"Automatic CNC Paper Tube Cutting Machine - NRC MACHINE","twitter:description":"Today, I\u2019m thrilled to introduce the Automatic CNC Paper Tube Cutting Machine,a game-changer for paper tube processing. Whether you\u2019re in packaging.","twitter:image":"https:\/\/nrcmachine.com\/wp-content\/uploads\/2025\/11\/paper-tube-cutting-machine-3_\u526f\u672c.webp"},"aioseo_meta_data":{"post_id":"1911","title":"#post_title #separator_sa NRC MACHINE","description":"Dzi\u015b mam przyjemno\u015b\u0107 przedstawi\u0107 automatyczn\u0105 maszyn\u0119 CNC do ci\u0119cia rur papierowych, kt\u00f3ra zmienia zasady gry w zakresie przetwarzania rur papierowych. Niezale\u017cnie od tego, czy jeste\u015b w opakowaniu.","keywords":null,"keyphrases":{"focus":{"keyphrase":"paper tube cutting machine","score":100,"analysis":{"keyphraseInTitle":{"score":9,"maxScore":9,"error":0},"keyphraseInDescription":{"score":9,"maxScore":9,"error":0},"keyphraseLength":{"score":9,"maxScore":9,"error":0,"length":4},"keyphraseInURL":{"score":5,"maxScore":5,"error":0},"keyphraseInIntroduction":{"score":9,"maxScore":9,"error":0},"keyphraseInSubHeadings":[],"keyphraseInImageAlt":[],"keywordDensity":{"type":"best","score":9,"maxScore":9,"error":0}}},"additional":[]},"primary_term":null,"canonical_url":null,"og_title":null,"og_description":null,"og_object_type":"default","og_image_type":"default","og_image_url":null,"og_image_width":null,"og_image_height":null,"og_image_custom_url":null,"og_image_custom_fields":null,"og_video":"","og_custom_url":null,"og_article_section":null,"og_article_tags":null,"twitter_use_og":false,"twitter_card":"default","twitter_image_type":"default","twitter_image_url":null,"twitter_image_custom_url":null,"twitter_image_custom_fields":null,"twitter_title":null,"twitter_description":null,"schema":{"blockGraphs":[],"customGraphs":[],"default":{"data":{"Article":[],"Course":[],"Dataset":[],"FAQPage":[],"Movie":[],"Person":[],"Product":[],"ProductReview":[],"Car":[],"Recipe":[],"Service":[],"SoftwareApplication":[],"WebPage":[]},"graphName":"ItemPage","isEnabled":true},"graphs":[]},"schema_type":"default","schema_type_options":null,"pillar_content":false,"robots_default":true,"robots_noindex":false,"robots_noarchive":false,"robots_nosnippet":false,"robots_nofollow":false,"robots_noimageindex":false,"robots_noodp":false,"robots_notranslate":false,"robots_max_snippet":"-1","robots_max_videopreview":"-1","robots_max_imagepreview":"large","priority":null,"frequency":"default","local_seo":null,"seo_analyzer_scan_date":"2026-02-13 03:48:54","breadcrumb_settings":null,"limit_modified_date":false,"reviewed_by":null,"open_ai":null,"ai":{"faqs":[],"keyPoints":[],"titles":[],"descriptions":[],"socialPosts":{"email":[],"linkedin":[],"twitter":[],"facebook":[],"instagram":[]}},"created":"2025-12-11 08:38:39","updated":"2026-02-13 06:50:27"},"aioseo_breadcrumb":"<div class=\"aioseo-breadcrumbs\"><span class=\"aioseo-breadcrumb\">\n\t<a href=\"https:\/\/nrcmachine.com\/pl\" title=\"Home\">Home<\/a>\n<\/span><span class=\"aioseo-breadcrumb-separator\">\u00bb<\/span><span class=\"aioseo-breadcrumb\">\n\t<a href=\"https:\/\/nrcmachine.com\/pl\/product\/\" title=\"Products\">Products<\/a>\n<\/span><span class=\"aioseo-breadcrumb-separator\">\u00bb<\/span><span class=\"aioseo-breadcrumb\">\n\t<a href=\"https:\/\/nrcmachine.com\/pl\/tag\/paper-tube-machine\/\" title=\"paper tube machine\">paper tube machine<\/a>\n<\/span><span class=\"aioseo-breadcrumb-separator\">\u00bb<\/span><span class=\"aioseo-breadcrumb\">\n\tAutomatic CNC Paper Tube Cutting Machine\n<\/span><\/div>","aioseo_breadcrumb_json":[{"label":"Home","link":"https:\/\/nrcmachine.com\/pl"},{"label":"Products","link":"https:\/\/nrcmachine.com\/pl\/product\/"},{"label":"paper tube machine","link":"https:\/\/nrcmachine.com\/pl\/tag\/paper-tube-machine\/"},{"label":"Automatic CNC Paper Tube Cutting Machine","link":"https:\/\/nrcmachine.com\/pl\/product\/paper-tube-cutting-machine\/"}],"_links":{"self":[{"href":"https:\/\/nrcmachine.com\/pl\/wp-json\/wp\/v2\/product\/1911","targetHints":{"allow":["GET"]}}],"collection":[{"href":"https:\/\/nrcmachine.com\/pl\/wp-json\/wp\/v2\/product"}],"about":[{"href":"https:\/\/nrcmachine.com\/pl\/wp-json\/wp\/v2\/types\/product"}],"version-history":[{"count":0,"href":"https:\/\/nrcmachine.com\/pl\/wp-json\/wp\/v2\/product\/1911\/revisions"}],"wp:featuredmedia":[{"embeddable":true,"href":"https:\/\/nrcmachine.com\/pl\/wp-json\/wp\/v2\/media\/1913"}],"wp:attachment":[{"href":"https:\/\/nrcmachine.com\/pl\/wp-json\/wp\/v2\/media?parent=1911"}],"wp:term":[{"taxonomy":"post_tag","embeddable":true,"href":"https:\/\/nrcmachine.com\/pl\/wp-json\/wp\/v2\/tags?post=1911"},{"taxonomy":"products","embeddable":true,"href":"https:\/\/nrcmachine.com\/pl\/wp-json\/wp\/v2\/products?post=1911"}],"curies":[{"name":"wp","href":"https:\/\/api.w.org\/{rel}","templated":true}]}}