 {"id":1990,"date":"2025-11-09T14:45:23","date_gmt":"2025-11-09T06:45:23","guid":{"rendered":"https:\/\/nrcmachine.com\/?post_type=product&#038;p=1990"},"modified":"2026-01-02T10:12:21","modified_gmt":"2026-01-02T02:12:21","slug":"toilet-paper-machine-full-automatic","status":"publish","type":"product","link":"https:\/\/nrcmachine.com\/pl\/product\/toilet-paper-machine-full-automatic\/","title":{"rendered":"Automatyczna maszyna do produkcji papieru toaletowego"},"content":{"rendered":"<h5 style=\"text-align: center;\"><strong>Zrewolucjonizuj swoj\u0105 \u0142azienk\u0119 za pomoc\u0105 <a href=\"https:\/\/nrcmachine.com\/product\/mini-toilet-paper-making-machine\/\">Automatyczna maszyna do produkcji papieru toaletowego<\/a>\u2728<\/strong><\/h5>\n<p><a href=\"https:\/\/nrcmachine.com\/product\/mini-toilet-paper-making-machine\/\"><strong>Automatyczna maszyna do produkcji papieru toaletowego<\/strong><\/a>\u00a0to najlepsze rozwi\u0105zanie dla nowoczesnych firm z bran\u017cy higienicznej, kt\u00f3re d\u0105\u017c\u0105 do wydajno\u015bci, precyzji i produkcji na du\u017c\u0105 skal\u0119. Ten inteligentny, w pe\u0142ni zautomatyzowany system przekszta\u0142ca surow\u0105 pulp\u0119 w najwy\u017cszej jako\u015bci rolki toaletowe przy minimalnej interwencji cz\u0142owieka - oszcz\u0119dzaj\u0105c czas, prac\u0119 i koszty operacyjne.<\/p>\n<div class=\"ast-oembed-container\" style=\"height: 100%;\"><iframe title=\"Cena ma\u0142ej maszyny do produkcji papieru toaletowego\" width=\"500\" height=\"281\" src=\"https:\/\/www.youtube.com\/embed\/P8v7D48-87c?feature=oembed\" frameborder=\"0\" allow=\"accelerometer; autoplay; clipboard-write; encrypted-media; gyroscope; picture-in-picture; web-share\" referrerpolicy=\"strict-origin-when-cross-origin\" allowfullscreen><\/iframe><\/div>\n<h6><strong>Co sprawia, \u017ce jest tak wyj\u0105tkowy?<\/strong><\/h6>\n<p>Wyposa\u017cony w zaawansowany sterownik PLC, interfejs ekranu dotykowego i inteligentne wykrywanie usterek. <a href=\"https:\/\/nrcmachine.com\/product\/toilet-paper-making-machine-price\/\"><strong>w pe\u0142ni automatyczna maszyna do papieru toaletowego<\/strong><\/a>\u00a0zapewnia p\u0142ynn\u0105 prac\u0119 od pocz\u0105tku do ko\u0144ca. Obs\u0142uguje ka\u017cdy etap: podawanie papieru, wyt\u0142aczanie, laminowanie, przewijanie, ci\u0119cie, a nawet automatyczne etykietowanie. Niezale\u017cnie od tego, czy prowadzisz ma\u0142\u0105 fabryk\u0119, czy zwi\u0119kszasz produkcj\u0119, ta maszyna bez trudu dostosowuje si\u0119 do Twoich potrzeb.<\/p>\n<h6><strong>Zwi\u0119kszenie produktywno\u015bci i utrzymanie jako\u015bci<\/strong><\/h6>\n<p>Dzi\u0119ki w pe\u0142ni automatycznej konfiguracji mo\u017cna osi\u0105gn\u0105\u0107 pr\u0119dko\u015b\u0107 produkcji do 600 metr\u00f3w na minut\u0119 - bez uszczerbku dla mi\u0119kko\u015bci, wytrzyma\u0142o\u015bci lub ch\u0142onno\u015bci. Maszyna utrzymuje sta\u0142e napr\u0119\u017cenie i precyzyjne ci\u0119cie, co skutkuje nieskazitelnymi rolkami za ka\u017cdym razem. Po\u017cegnaj si\u0119 z odpadami i przywitaj maksymaln\u0105 wydajno\u015b\u0107!<\/p>\n<p>Ponadto <a href=\"https:\/\/nrcmachine.com\/products\/toilet-paper-making-machine\/\"><strong>w pe\u0142ni automatyczna maszyna do produkcji papieru toaletowego<\/strong><\/a>\u00a0zosta\u0142 zaprojektowany z my\u015bl\u0105 o efektywno\u015bci energetycznej i niskich kosztach utrzymania. Wytrzyma\u0142a konstrukcja ze stali nierdzewnej i inteligentne czujniki skracaj\u0105 czas przestoj\u00f3w i wyd\u0142u\u017caj\u0105 \u017cywotno\u015b\u0107, dzi\u0119ki czemu jest to inteligentna inwestycja d\u0142ugoterminowa.<\/p>\n<h6><strong>Przyjazny dla \u015brodowiska i gotowy na przysz\u0142o\u015b\u0107<\/strong><\/h6>\n<p>Zr\u00f3wnowa\u017cony rozw\u00f3j ma znaczenie. Ta maszyna obs\u0142uguje materia\u0142y przyjazne dla \u015brodowiska i zmniejsza ilo\u015b\u0107 odpad\u00f3w surowcowych dzi\u0119ki precyzyjnej in\u017cynierii. Wybieraj\u0105c <a href=\"https:\/\/nrcmachine.com\/products\/toilet-paper-making-machine\/\"><strong>w pe\u0142ni automatyczna maszyna do produkcji rolek papieru toaletowego<\/strong><\/a>, W ten spos\u00f3b nie tylko zwi\u0119kszasz zyski, ale tak\u017ce przyczyniasz si\u0119 do bardziej ekologicznej planety.<\/p>\n<h6><strong>Gotowy na transformacj\u0119 swojej firmy?<\/strong><\/h6>\n<p>Je\u015bli powa\u017cnie my\u015blisz o jako\u015bci, szybko\u015bci i innowacyjno\u015bci, nie przegap szansy na zintegrowanie tego najnowocze\u015bniejszego sprz\u0119tu z lini\u0105 produkcyjn\u0105. Niezale\u017cnie od tego, czy jeste\u015b startupem, czy uznan\u0105 mark\u0105 <a href=\"https:\/\/nrcmachine.com\/products\/toilet-paper-making-machine\/\"><strong>w pe\u0142ni automatyczna maszyna do produkcji papieru toaletowego<\/strong><\/a>\u00a0jest przepustk\u0105 do utrzymania przewagi na konkurencyjnym rynku higieny.<\/p>\n<p>DM nas na bezp\u0142atne konsultacje i szczeg\u00f3\u0142y cenowe! Razem wkroczmy w przysz\u0142o\u015b\u0107! \ud83d\ude80\ud83e\uddfb<\/p>\n<p>#<a href=\"https:\/\/nrcmachinery.com\/toilet-paper-machine-for-sale.html\">Automatyczna maszyna do produkcji papieru toaletowego<\/a> #Smart Manufacturing #Hygiene Innovation #Eco Friendly Production<\/p>\n<p>&nbsp;<\/p>","protected":false},"featured_media":1991,"template":"","meta":{"_acf_changed":false,"_monsterinsights_skip_tracking":false,"_monsterinsights_sitenote_active":false,"_monsterinsights_sitenote_note":"","_monsterinsights_sitenote_category":0,"site-sidebar-layout":"default","site-content-layout":"","ast-site-content-layout":"default","site-content-style":"default","site-sidebar-style":"default","ast-global-header-display":"","ast-banner-title-visibility":"","ast-main-header-display":"","ast-hfb-above-header-display":"","ast-hfb-below-header-display":"","ast-hfb-mobile-header-display":"","site-post-title":"","ast-breadcrumbs-content":"","ast-featured-img":"","footer-sml-layout":"","theme-transparent-header-meta":"default","adv-header-id-meta":"","stick-header-meta":"default","header-above-stick-meta":"","header-main-stick-meta":"","header-below-stick-meta":"","astra-migrate-meta-layouts":"set","ast-page-background-enabled":"default","ast-page-background-meta":{"desktop":{"background-color":"var(--ast-global-color-4)","background-image":"","background-repeat":"repeat","background-position":"center center","background-size":"auto","background-attachment":"scroll","background-type":"","background-media":"","overlay-type":"","overlay-color":"","overlay-opacity":"","overlay-gradient":""},"tablet":{"background-color":"","background-image":"","background-repeat":"repeat","background-position":"center center","background-size":"auto","background-attachment":"scroll","background-type":"","background-media":"","overlay-type":"","overlay-color":"","overlay-opacity":"","overlay-gradient":""},"mobile":{"background-color":"","background-image":"","background-repeat":"repeat","background-position":"center center","background-size":"auto","background-attachment":"scroll","background-type":"","background-media":"","overlay-type":"","overlay-color":"","overlay-opacity":"","overlay-gradient":""}},"ast-content-background-meta":{"desktop":{"background-color":"var(--ast-global-color-5)","background-image":"","background-repeat":"repeat","background-position":"center center","background-size":"auto","background-attachment":"scroll","background-type":"","background-media":"","overlay-type":"","overlay-color":"","overlay-opacity":"","overlay-gradient":""},"tablet":{"background-color":"var(--ast-global-color-5)","background-image":"","background-repeat":"repeat","background-position":"center center","background-size":"auto","background-attachment":"scroll","background-type":"","background-media":"","overlay-type":"","overlay-color":"","overlay-opacity":"","overlay-gradient":""},"mobile":{"background-color":"var(--ast-global-color-5)","background-image":"","background-repeat":"repeat","background-position":"center center","background-size":"auto","background-attachment":"scroll","background-type":"","background-media":"","overlay-type":"","overlay-color":"","overlay-opacity":"","overlay-gradient":""}}},"tags":[56],"products":[47],"class_list":["post-1990","product","type-product","status-publish","has-post-thumbnail","hentry","tag-toilet-paper-making-machine","products-toilet-paper-making-machine"],"acf":[],"aioseo_notices":[],"aioseo_head":"\n\t\t<!-- All in One SEO Pro 4.9.2 - aioseo.com -->\n\t<meta name=\"description\" content=\"Toilet paper machine full automatic is the ultimate solution for modern hygiene businesses aiming for efficiency, precision, and high-volume output.\" \/>\n\t<meta name=\"robots\" content=\"noodp, max-snippet:-1, max-image-preview:large, max-video-preview:-1\" \/>\n\t<link rel=\"canonical\" href=\"https:\/\/nrcmachine.com\/pl\/product\/toilet-paper-machine-full-automatic\/\" \/>\n\t<meta name=\"generator\" content=\"All in One SEO Pro (AIOSEO) 4.9.2\" \/>\n\t\t<meta property=\"og:locale\" content=\"pl_PL\" \/>\n\t\t<meta property=\"og:site_name\" content=\"Toilet Paper Machine, Paper Tube Machine | NRC Machine - Reliable Paper Machinery Solutions\" \/>\n\t\t<meta property=\"og:type\" content=\"article\" \/>\n\t\t<meta property=\"og:title\" content=\"Toilet Paper Machine Full Automatic - QINGDAO NEW RICHUAN\" \/>\n\t\t<meta property=\"og:description\" content=\"Toilet paper machine full automatic is the ultimate solution for modern hygiene businesses aiming for efficiency, precision, and high-volume output.\" \/>\n\t\t<meta property=\"og:url\" content=\"https:\/\/nrcmachine.com\/pl\/product\/toilet-paper-machine-full-automatic\/\" \/>\n\t\t<meta property=\"og:image\" content=\"https:\/\/nrcmachine.com\/wp-content\/uploads\/2025\/11\/toilet-paper-making-machine-2.webp\" \/>\n\t\t<meta property=\"og:image:secure_url\" content=\"https:\/\/nrcmachine.com\/wp-content\/uploads\/2025\/11\/toilet-paper-making-machine-2.webp\" \/>\n\t\t<meta property=\"og:image:width\" content=\"640\" \/>\n\t\t<meta property=\"og:image:height\" content=\"640\" \/>\n\t\t<meta property=\"article:published_time\" content=\"2025-11-09T06:45:23+00:00\" \/>\n\t\t<meta property=\"article:modified_time\" content=\"2026-01-02T02:12:21+00:00\" \/>\n\t\t<meta property=\"article:publisher\" content=\"https:\/\/www.facebook.com\/james.gao.349938\" \/>\n\t\t<meta name=\"twitter:card\" content=\"summary\" \/>\n\t\t<meta name=\"twitter:site\" content=\"@JamesGao65335\" \/>\n\t\t<meta name=\"twitter:title\" content=\"Toilet Paper Machine Full Automatic - QINGDAO NEW RICHUAN\" \/>\n\t\t<meta name=\"twitter:description\" content=\"Toilet paper machine full automatic is the ultimate solution for modern hygiene businesses aiming for efficiency, precision, and high-volume output.\" \/>\n\t\t<meta name=\"twitter:image\" content=\"https:\/\/nrcmachine.com\/wp-content\/uploads\/2025\/11\/toilet-paper-making-machine-2.webp\" \/>\n\t\t<script type=\"application\/ld+json\" class=\"aioseo-schema\">\n\t\t\t{\"@context\":\"https:\\\/\\\/schema.org\",\"@graph\":[{\"@type\":\"BreadcrumbList\",\"@id\":\"https:\\\/\\\/nrcmachine.com\\\/pl\\\/product\\\/toilet-paper-machine-full-automatic\\\/#breadcrumblist\",\"itemListElement\":[{\"@type\":\"ListItem\",\"@id\":\"https:\\\/\\\/nrcmachine.com\\\/pl#listItem\",\"position\":1,\"name\":\"Home\",\"item\":\"https:\\\/\\\/nrcmachine.com\\\/pl\",\"nextItem\":{\"@type\":\"ListItem\",\"@id\":\"https:\\\/\\\/nrcmachine.com\\\/pl\\\/product\\\/#listItem\",\"name\":\"Products\"}},{\"@type\":\"ListItem\",\"@id\":\"https:\\\/\\\/nrcmachine.com\\\/pl\\\/product\\\/#listItem\",\"position\":2,\"name\":\"Products\",\"item\":\"https:\\\/\\\/nrcmachine.com\\\/pl\\\/product\\\/\",\"nextItem\":{\"@type\":\"ListItem\",\"@id\":\"https:\\\/\\\/nrcmachine.com\\\/pl\\\/tag\\\/toilet-paper-making-machine\\\/#listItem\",\"name\":\"toilet paper making machine\"},\"previousItem\":{\"@type\":\"ListItem\",\"@id\":\"https:\\\/\\\/nrcmachine.com\\\/pl#listItem\",\"name\":\"Home\"}},{\"@type\":\"ListItem\",\"@id\":\"https:\\\/\\\/nrcmachine.com\\\/pl\\\/tag\\\/toilet-paper-making-machine\\\/#listItem\",\"position\":3,\"name\":\"toilet paper making machine\",\"item\":\"https:\\\/\\\/nrcmachine.com\\\/pl\\\/tag\\\/toilet-paper-making-machine\\\/\",\"nextItem\":{\"@type\":\"ListItem\",\"@id\":\"https:\\\/\\\/nrcmachine.com\\\/pl\\\/product\\\/toilet-paper-machine-full-automatic\\\/#listItem\",\"name\":\"Toilet Paper Machine Full Automatic\"},\"previousItem\":{\"@type\":\"ListItem\",\"@id\":\"https:\\\/\\\/nrcmachine.com\\\/pl\\\/product\\\/#listItem\",\"name\":\"Products\"}},{\"@type\":\"ListItem\",\"@id\":\"https:\\\/\\\/nrcmachine.com\\\/pl\\\/product\\\/toilet-paper-machine-full-automatic\\\/#listItem\",\"position\":4,\"name\":\"Toilet Paper Machine Full Automatic\",\"previousItem\":{\"@type\":\"ListItem\",\"@id\":\"https:\\\/\\\/nrcmachine.com\\\/pl\\\/tag\\\/toilet-paper-making-machine\\\/#listItem\",\"name\":\"toilet paper making machine\"}}]},{\"@type\":\"Organization\",\"@id\":\"https:\\\/\\\/nrcmachine.com\\\/pl\\\/#organization\",\"name\":\"Toilet Paper Machine, Paper Tube Machine | NRC Machine wordpress\",\"description\":\"Reliable Paper Machinery Solutions\",\"url\":\"https:\\\/\\\/nrcmachine.com\\\/pl\\\/\",\"email\":\"james@nrcmachine.com\",\"telephone\":\"+8615254213289\",\"foundingDate\":\"2023-11-01\",\"numberOfEmployees\":{\"@type\":\"QuantitativeValue\",\"minValue\":1,\"maxValue\":50},\"logo\":{\"@type\":\"ImageObject\",\"url\":\"https:\\\/\\\/nrcmachine.com\\\/wp-content\\\/uploads\\\/2026\\\/01\\\/logo23.png\",\"@id\":\"https:\\\/\\\/nrcmachine.com\\\/pl\\\/product\\\/toilet-paper-machine-full-automatic\\\/#organizationLogo\",\"width\":800,\"height\":800,\"caption\":\"logo for NRC MACHINE\"},\"image\":{\"@id\":\"https:\\\/\\\/nrcmachine.com\\\/pl\\\/product\\\/toilet-paper-machine-full-automatic\\\/#organizationLogo\"},\"sameAs\":[\"https:\\\/\\\/www.facebook.com\\\/james.gao.349938\",\"https:\\\/\\\/x.com\\\/JamesGao65335\",\"https:\\\/\\\/www.instagram.com\\\/jamesgao407?igsh=d2YybzFhMjY0YTl3\",\"https:\\\/\\\/www.tiktok.com\\\/@gyl20210118\",\"https:\\\/\\\/www.linkedin.com\\\/in\\\/--9a63583a9\\\/\"],\"address\":{\"@id\":\"https:\\\/\\\/nrcmachine.com\\\/pl\\\/#postaladdress\",\"@type\":\"PostalAddress\",\"streetAddress\":\"No..519,Jiangshan South Road,Huangdao,\",\"postalCode\":\"266500\",\"addressLocality\":\"Qingdao\",\"addressRegion\":\"Shandong Province\",\"addressCountry\":\"CN\"},\"taxID\":\"91370211MAD54P6P85\",\"vatID\":\"91370211MAD54P6P85\"},{\"@type\":\"WebPage\",\"@id\":\"https:\\\/\\\/nrcmachine.com\\\/pl\\\/product\\\/toilet-paper-machine-full-automatic\\\/#webpage\",\"url\":\"https:\\\/\\\/nrcmachine.com\\\/pl\\\/product\\\/toilet-paper-machine-full-automatic\\\/\",\"name\":\"Toilet Paper Machine Full Automatic - QINGDAO NEW RICHUAN\",\"description\":\"Toilet paper machine full automatic is the ultimate solution for modern hygiene businesses aiming for efficiency, precision, and high-volume output.\",\"inLanguage\":\"pl-PL\",\"isPartOf\":{\"@id\":\"https:\\\/\\\/nrcmachine.com\\\/pl\\\/#website\"},\"breadcrumb\":{\"@id\":\"https:\\\/\\\/nrcmachine.com\\\/pl\\\/product\\\/toilet-paper-machine-full-automatic\\\/#breadcrumblist\"},\"image\":{\"@type\":\"ImageObject\",\"url\":\"https:\\\/\\\/nrcmachine.com\\\/wp-content\\\/uploads\\\/2025\\\/11\\\/toilet-paper-making-machine-2.webp\",\"@id\":\"https:\\\/\\\/nrcmachine.com\\\/pl\\\/product\\\/toilet-paper-machine-full-automatic\\\/#mainImage\",\"width\":640,\"height\":640,\"caption\":\"toilet paper machine full automatic\"},\"primaryImageOfPage\":{\"@id\":\"https:\\\/\\\/nrcmachine.com\\\/pl\\\/product\\\/toilet-paper-machine-full-automatic\\\/#mainImage\"},\"datePublished\":\"2025-11-09T14:45:23+08:00\",\"dateModified\":\"2026-01-02T10:12:21+08:00\"},{\"@type\":\"WebSite\",\"@id\":\"https:\\\/\\\/nrcmachine.com\\\/pl\\\/#website\",\"url\":\"https:\\\/\\\/nrcmachine.com\\\/pl\\\/\",\"name\":\"Toilet Paper Machine, Paper Tube Machine | NRC Machine\",\"alternateName\":\"Qingdao New Richuan Precision Machine Co.,Ltd\",\"description\":\"Reliable Paper Machinery Solutions\",\"inLanguage\":\"pl-PL\",\"publisher\":{\"@id\":\"https:\\\/\\\/nrcmachine.com\\\/pl\\\/#organization\"}}]}\n\t\t<\/script>\n\t\t<!-- All in One SEO Pro -->\r\n\t\t<title>Toilet Paper Machine Full Automatic - QINGDAO NEW RICHUAN<\/title>\n\n","aioseo_head_json":{"title":"Automatyczna maszyna do produkcji papieru toaletowego - QINGDAO NEW RICHUAN","description":"W pe\u0142ni automatyczna maszyna do produkcji papieru toaletowego to najlepsze rozwi\u0105zanie dla nowoczesnych firm z bran\u017cy higienicznej, kt\u00f3rym zale\u017cy na wydajno\u015bci, precyzji i du\u017cej wydajno\u015bci.","canonical_url":"https:\/\/nrcmachine.com\/pl\/product\/toilet-paper-machine-full-automatic\/","robots":"noodp, max-snippet:-1, max-image-preview:large, max-video-preview:-1","keywords":"","webmasterTools":{"miscellaneous":""},"schema":{"@context":"https:\/\/schema.org","@graph":[{"@type":"BreadcrumbList","@id":"https:\/\/nrcmachine.com\/pl\/product\/toilet-paper-machine-full-automatic\/#breadcrumblist","itemListElement":[{"@type":"ListItem","@id":"https:\/\/nrcmachine.com\/pl#listItem","position":1,"name":"Home","item":"https:\/\/nrcmachine.com\/pl","nextItem":{"@type":"ListItem","@id":"https:\/\/nrcmachine.com\/pl\/product\/#listItem","name":"Products"}},{"@type":"ListItem","@id":"https:\/\/nrcmachine.com\/pl\/product\/#listItem","position":2,"name":"Products","item":"https:\/\/nrcmachine.com\/pl\/product\/","nextItem":{"@type":"ListItem","@id":"https:\/\/nrcmachine.com\/pl\/tag\/toilet-paper-making-machine\/#listItem","name":"toilet paper making machine"},"previousItem":{"@type":"ListItem","@id":"https:\/\/nrcmachine.com\/pl#listItem","name":"Home"}},{"@type":"ListItem","@id":"https:\/\/nrcmachine.com\/pl\/tag\/toilet-paper-making-machine\/#listItem","position":3,"name":"toilet paper making machine","item":"https:\/\/nrcmachine.com\/pl\/tag\/toilet-paper-making-machine\/","nextItem":{"@type":"ListItem","@id":"https:\/\/nrcmachine.com\/pl\/product\/toilet-paper-machine-full-automatic\/#listItem","name":"Toilet Paper Machine Full Automatic"},"previousItem":{"@type":"ListItem","@id":"https:\/\/nrcmachine.com\/pl\/product\/#listItem","name":"Products"}},{"@type":"ListItem","@id":"https:\/\/nrcmachine.com\/pl\/product\/toilet-paper-machine-full-automatic\/#listItem","position":4,"name":"Toilet Paper Machine Full Automatic","previousItem":{"@type":"ListItem","@id":"https:\/\/nrcmachine.com\/pl\/tag\/toilet-paper-making-machine\/#listItem","name":"toilet paper making machine"}}]},{"@type":"Organization","@id":"https:\/\/nrcmachine.com\/pl\/#organization","name":"Toilet Paper Machine, Paper Tube Machine | NRC Machine wordpress","description":"Reliable Paper Machinery Solutions","url":"https:\/\/nrcmachine.com\/pl\/","email":"james@nrcmachine.com","telephone":"+8615254213289","foundingDate":"2023-11-01","numberOfEmployees":{"@type":"QuantitativeValue","minValue":1,"maxValue":50},"logo":{"@type":"ImageObject","url":"https:\/\/nrcmachine.com\/wp-content\/uploads\/2026\/01\/logo23.png","@id":"https:\/\/nrcmachine.com\/pl\/product\/toilet-paper-machine-full-automatic\/#organizationLogo","width":800,"height":800,"caption":"logo for NRC MACHINE"},"image":{"@id":"https:\/\/nrcmachine.com\/pl\/product\/toilet-paper-machine-full-automatic\/#organizationLogo"},"sameAs":["https:\/\/www.facebook.com\/james.gao.349938","https:\/\/x.com\/JamesGao65335","https:\/\/www.instagram.com\/jamesgao407?igsh=d2YybzFhMjY0YTl3","https:\/\/www.tiktok.com\/@gyl20210118","https:\/\/www.linkedin.com\/in\/--9a63583a9\/"],"address":{"@id":"https:\/\/nrcmachine.com\/pl\/#postaladdress","@type":"PostalAddress","streetAddress":"No..519,Jiangshan South Road,Huangdao,","postalCode":"266500","addressLocality":"Qingdao","addressRegion":"Shandong Province","addressCountry":"CN"},"taxID":"91370211MAD54P6P85","vatID":"91370211MAD54P6P85"},{"@type":"WebPage","@id":"https:\/\/nrcmachine.com\/pl\/product\/toilet-paper-machine-full-automatic\/#webpage","url":"https:\/\/nrcmachine.com\/pl\/product\/toilet-paper-machine-full-automatic\/","name":"Toilet Paper Machine Full Automatic - QINGDAO NEW RICHUAN","description":"Toilet paper machine full automatic is the ultimate solution for modern hygiene businesses aiming for efficiency, precision, and high-volume output.","inLanguage":"pl-PL","isPartOf":{"@id":"https:\/\/nrcmachine.com\/pl\/#website"},"breadcrumb":{"@id":"https:\/\/nrcmachine.com\/pl\/product\/toilet-paper-machine-full-automatic\/#breadcrumblist"},"image":{"@type":"ImageObject","url":"https:\/\/nrcmachine.com\/wp-content\/uploads\/2025\/11\/toilet-paper-making-machine-2.webp","@id":"https:\/\/nrcmachine.com\/pl\/product\/toilet-paper-machine-full-automatic\/#mainImage","width":640,"height":640,"caption":"toilet paper machine full automatic"},"primaryImageOfPage":{"@id":"https:\/\/nrcmachine.com\/pl\/product\/toilet-paper-machine-full-automatic\/#mainImage"},"datePublished":"2025-11-09T14:45:23+08:00","dateModified":"2026-01-02T10:12:21+08:00"},{"@type":"WebSite","@id":"https:\/\/nrcmachine.com\/pl\/#website","url":"https:\/\/nrcmachine.com\/pl\/","name":"Toilet Paper Machine, Paper Tube Machine | NRC Machine","alternateName":"Qingdao New Richuan Precision Machine Co.,Ltd","description":"Reliable Paper Machinery Solutions","inLanguage":"pl-PL","publisher":{"@id":"https:\/\/nrcmachine.com\/pl\/#organization"}}]},"og:locale":"pl_PL","og:site_name":"Toilet Paper Machine, Paper Tube Machine | NRC Machine - Reliable Paper Machinery Solutions","og:type":"article","og:title":"Toilet Paper Machine Full Automatic - QINGDAO NEW RICHUAN","og:description":"Toilet paper machine full automatic is the ultimate solution for modern hygiene businesses aiming for efficiency, precision, and high-volume output.","og:url":"https:\/\/nrcmachine.com\/pl\/product\/toilet-paper-machine-full-automatic\/","og:image":"https:\/\/nrcmachine.com\/wp-content\/uploads\/2025\/11\/toilet-paper-making-machine-2.webp","og:image:secure_url":"https:\/\/nrcmachine.com\/wp-content\/uploads\/2025\/11\/toilet-paper-making-machine-2.webp","og:image:width":640,"og:image:height":640,"article:published_time":"2025-11-09T06:45:23+00:00","article:modified_time":"2026-01-02T02:12:21+00:00","article:publisher":"https:\/\/www.facebook.com\/james.gao.349938","twitter:card":"summary","twitter:site":"@JamesGao65335","twitter:title":"Toilet Paper Machine Full Automatic - QINGDAO NEW RICHUAN","twitter:description":"Toilet paper machine full automatic is the ultimate solution for modern hygiene businesses aiming for efficiency, precision, and high-volume output.","twitter:image":"https:\/\/nrcmachine.com\/wp-content\/uploads\/2025\/11\/toilet-paper-making-machine-2.webp"},"aioseo_meta_data":{"post_id":"1990","title":"#post_title #separator_sa QINGDAO NEW RICHUAN","description":"W pe\u0142ni automatyczna maszyna do produkcji papieru toaletowego to najlepsze rozwi\u0105zanie dla nowoczesnych firm z bran\u017cy higienicznej, kt\u00f3rym zale\u017cy na wydajno\u015bci, precyzji i du\u017cej wydajno\u015bci.","keywords":null,"keyphrases":{"focus":{"keyphrase":"toilet paper machine","score":100,"analysis":{"keyphraseInTitle":{"score":9,"maxScore":9,"error":0},"keyphraseInDescription":{"score":9,"maxScore":9,"error":0},"keyphraseLength":{"score":9,"maxScore":9,"error":0,"length":3},"keyphraseInURL":{"score":5,"maxScore":5,"error":0},"keyphraseInIntroduction":{"score":9,"maxScore":9,"error":0},"keyphraseInSubHeadings":[],"keyphraseInImageAlt":[],"keywordDensity":{"type":"best","score":9,"maxScore":9,"error":0}}},"additional":[]},"primary_term":null,"canonical_url":null,"og_title":null,"og_description":null,"og_object_type":"default","og_image_type":"default","og_image_url":null,"og_image_width":null,"og_image_height":null,"og_image_custom_url":null,"og_image_custom_fields":null,"og_video":"","og_custom_url":null,"og_article_section":null,"og_article_tags":null,"twitter_use_og":false,"twitter_card":"default","twitter_image_type":"default","twitter_image_url":null,"twitter_image_custom_url":null,"twitter_image_custom_fields":null,"twitter_title":null,"twitter_description":null,"schema":{"blockGraphs":[],"customGraphs":[],"default":{"data":{"Article":[],"Course":[],"Dataset":[],"FAQPage":[],"Movie":[],"Person":[],"Product":[],"ProductReview":[],"Car":[],"Recipe":[],"Service":[],"SoftwareApplication":[],"WebPage":[]},"graphName":"ItemPage","isEnabled":true},"graphs":[]},"schema_type":"default","schema_type_options":null,"pillar_content":false,"robots_default":true,"robots_noindex":false,"robots_noarchive":false,"robots_nosnippet":false,"robots_nofollow":false,"robots_noimageindex":false,"robots_noodp":false,"robots_notranslate":false,"robots_max_snippet":"-1","robots_max_videopreview":"-1","robots_max_imagepreview":"large","priority":null,"frequency":"default","local_seo":null,"seo_analyzer_scan_date":"2026-02-13 03:42:11","breadcrumb_settings":null,"limit_modified_date":false,"reviewed_by":null,"open_ai":null,"ai":{"faqs":[],"keyPoints":[],"titles":[],"descriptions":[],"socialPosts":{"email":[],"linkedin":[],"twitter":[],"facebook":[],"instagram":[]}},"created":"2025-12-11 08:38:39","updated":"2026-02-13 06:51:55"},"aioseo_breadcrumb":"<div class=\"aioseo-breadcrumbs\"><span class=\"aioseo-breadcrumb\">\n\t<a href=\"https:\/\/nrcmachine.com\/pl\" title=\"Home\">Home<\/a>\n<\/span><span class=\"aioseo-breadcrumb-separator\">\u00bb<\/span><span class=\"aioseo-breadcrumb\">\n\t<a href=\"https:\/\/nrcmachine.com\/pl\/product\/\" title=\"Products\">Products<\/a>\n<\/span><span class=\"aioseo-breadcrumb-separator\">\u00bb<\/span><span class=\"aioseo-breadcrumb\">\n\t<a href=\"https:\/\/nrcmachine.com\/pl\/tag\/toilet-paper-making-machine\/\" title=\"toilet paper making machine\">toilet paper making machine<\/a>\n<\/span><span class=\"aioseo-breadcrumb-separator\">\u00bb<\/span><span class=\"aioseo-breadcrumb\">\n\tToilet Paper Machine Full Automatic\n<\/span><\/div>","aioseo_breadcrumb_json":[{"label":"Home","link":"https:\/\/nrcmachine.com\/pl"},{"label":"Products","link":"https:\/\/nrcmachine.com\/pl\/product\/"},{"label":"toilet paper making machine","link":"https:\/\/nrcmachine.com\/pl\/tag\/toilet-paper-making-machine\/"},{"label":"Toilet Paper Machine Full Automatic","link":"https:\/\/nrcmachine.com\/pl\/product\/toilet-paper-machine-full-automatic\/"}],"_links":{"self":[{"href":"https:\/\/nrcmachine.com\/pl\/wp-json\/wp\/v2\/product\/1990","targetHints":{"allow":["GET"]}}],"collection":[{"href":"https:\/\/nrcmachine.com\/pl\/wp-json\/wp\/v2\/product"}],"about":[{"href":"https:\/\/nrcmachine.com\/pl\/wp-json\/wp\/v2\/types\/product"}],"version-history":[{"count":0,"href":"https:\/\/nrcmachine.com\/pl\/wp-json\/wp\/v2\/product\/1990\/revisions"}],"wp:featuredmedia":[{"embeddable":true,"href":"https:\/\/nrcmachine.com\/pl\/wp-json\/wp\/v2\/media\/1991"}],"wp:attachment":[{"href":"https:\/\/nrcmachine.com\/pl\/wp-json\/wp\/v2\/media?parent=1990"}],"wp:term":[{"taxonomy":"post_tag","embeddable":true,"href":"https:\/\/nrcmachine.com\/pl\/wp-json\/wp\/v2\/tags?post=1990"},{"taxonomy":"products","embeddable":true,"href":"https:\/\/nrcmachine.com\/pl\/wp-json\/wp\/v2\/products?post=1990"}],"curies":[{"name":"wp","href":"https:\/\/api.w.org\/{rel}","templated":true}]}}