 {"id":2042,"date":"2025-11-10T12:18:40","date_gmt":"2025-11-10T04:18:40","guid":{"rendered":"https:\/\/nrcmachine.com\/?post_type=product&#038;p=2042"},"modified":"2025-12-31T19:05:59","modified_gmt":"2025-12-31T11:05:59","slug":"toilet-paper-rewinding-machine-2","status":"publish","type":"product","link":"https:\/\/nrcmachine.com\/pl\/product\/toilet-paper-rewinding-machine-2\/","title":{"rendered":"Maszyna do przewijania papieru toaletowego"},"content":{"rendered":"<h3 style=\"text-align: center;\"><strong><a href=\"https:\/\/nrcmachine.com\/products\/toilet-paper-making-machine\/\">Maszyna do przewijania papieru toaletowego<\/a> przez <a href=\"https:\/\/nrcmachine.com\">NRC MACHINE<\/a><\/strong><\/h3>\n<h4><strong>Wprowadzenie do maszyny<\/strong><\/h4>\n<p>The <a href=\"https:\/\/nrcmachine.com\/products\/toilet-paper-making-machine\/\">Maszyna do przewijania papieru toaletowego<\/a> z <a href=\"https:\/\/nrcmachine.com\">NRC MACHINE<\/a> to wysokowydajne rozwi\u0105zanie zaprojektowane z my\u015bl\u0105 o nowoczesnym przemy\u015ble przetw\u00f3rstwa chusteczek higienicznych. Zaprojektowany z my\u015bl\u0105 o precyzji i niezawodno\u015bci, przekszta\u0142ca du\u017ce rolki jumbo w mniejsze, gotowe do spo\u017cycia rolki o sta\u0142ej jako\u015bci.<\/p>\n<div class=\"ast-oembed-container\" style=\"height: 100%;\"><iframe title=\"Maszyna do produkcji rolek papieru toaletowego na sprzeda\u017c1TP5Wysoka pr\u0119dko\u015b\u01071TP5W pe\u0142ni automatyczna#Chiny\" width=\"500\" height=\"281\" src=\"https:\/\/www.youtube.com\/embed\/VsvIKijhGfo?feature=oembed\" frameborder=\"0\" allow=\"accelerometer; autoplay; clipboard-write; encrypted-media; gyroscope; picture-in-picture; web-share\" referrerpolicy=\"strict-origin-when-cross-origin\" allowfullscreen><\/iframe><\/div>\n<h4><strong>Kluczowe funkcje i technologia<\/strong><\/h4>\n<p>Maszyna ta integruje zaawansowan\u0105 automatyzacj\u0119 i inteligentne systemy sterowania. Wyposa\u017cona jest w panel sterowania PLC, interfejs dotykowy i \u015bledzenie fotoelektryczne zapewniaj\u0105ce dok\u0142adne ci\u0119cie rolki. Proces przewijania zapewnia r\u00f3wnomiern\u0105 kontrol\u0119 napi\u0119cia, minimalizuj\u0105c p\u0119kanie papieru i ilo\u015b\u0107 odpad\u00f3w. Obs\u0142uguje r\u00f3\u017cne rodzaje papieru, w tym 2-warstwowe i 3-warstwowe bibu\u0142ki, i szybko dostosowuje si\u0119 do r\u00f3\u017cnych \u015brednic i szeroko\u015bci rolek.<\/p>\n<h4><strong>Wydajno\u015b\u0107 i efektywno\u015b\u0107<\/strong><\/h4>\n<p>Pracuj\u0105c z du\u017c\u0105 pr\u0119dko\u015bci\u0105 do 1800 metr\u00f3w na minut\u0119, maszyna maksymalizuje wydajno\u015b\u0107 produkcji. Zapewnia precyzyjn\u0105 kontrol\u0119 d\u0142ugo\u015bci rolki i ciasne przewijanie, zapewniaj\u0105c jednolite produkty ko\u0144cowe. Solidna konstrukcja wykorzystuj\u0105ca wysokiej jako\u015bci stal nierdzewn\u0105 i odporne na zu\u017cycie komponenty gwarantuje d\u0142ugoterminow\u0105 trwa\u0142o\u015b\u0107 i niskie koszty utrzymania.<\/p>\n<h4><strong>Konstrukcja przyjazna dla u\u017cytkownika<\/strong><\/h4>\n<p><a href=\"https:\/\/nrcmachine.com\">NRC MACHINE<\/a> priorytetem jest \u0142atwo\u015b\u0107 obs\u0142ugi. Maszyna wyposa\u017cona jest w systemy szybkiej wymiany rolek, automatyczne wykrywanie usterek i blokady bezpiecze\u0144stwa. Operatorzy mog\u0105 \u0142atwo ustawia\u0107 parametry, a system przechowuje wiele receptur produkcyjnych w celu szybkiej zmiany zada\u0144.<\/p>\n<h4><strong>Zastosowania i dopasowanie do rynku<\/strong><\/h4>\n<p>Idealna dla producent\u00f3w papieru toaletowego i zak\u0142ad\u00f3w pakuj\u0105cych, ta przewijarka obs\u0142uguje zar\u00f3wno rynki krajowe, jak i komercyjne. Produkuje rolki papieru toaletowego dla gospodarstw domowych, hoteli i toalet publicznych, spe\u0142niaj\u0105c surowe normy higieny i jako\u015bci.<\/p>\n<h4><strong>Wnioski<\/strong><\/h4>\n<p>The <a href=\"https:\/\/nrcmachinery.com\/products\/toilet-paper-machine.html\">Maszyna do przewijania papieru toaletowego<\/a> z <a href=\"https:\/\/nrcmachine.com\">NRC MACHINE<\/a> \u0142\u0105czy w sobie innowacyjno\u015b\u0107, szybko\u015b\u0107 i niezawodno\u015b\u0107. Dzi\u0119ki inteligentnemu sterowaniu, trwa\u0142ej konstrukcji i wysokiej wydajno\u015bci jest to konkurencyjny wyb\u00f3r dla producent\u00f3w bibu\u0142ki, kt\u00f3rzy d\u0105\u017c\u0105 do wydajno\u015bci i sp\u00f3jno\u015bci produktu w 2025 roku.<\/p>\n<p>&nbsp;<\/p>","protected":false},"featured_media":3524,"template":"","meta":{"_acf_changed":false,"_monsterinsights_skip_tracking":false,"_monsterinsights_sitenote_active":false,"_monsterinsights_sitenote_note":"","_monsterinsights_sitenote_category":0,"site-sidebar-layout":"default","site-content-layout":"","ast-site-content-layout":"default","site-content-style":"default","site-sidebar-style":"default","ast-global-header-display":"","ast-banner-title-visibility":"","ast-main-header-display":"","ast-hfb-above-header-display":"","ast-hfb-below-header-display":"","ast-hfb-mobile-header-display":"","site-post-title":"","ast-breadcrumbs-content":"","ast-featured-img":"","footer-sml-layout":"","theme-transparent-header-meta":"default","adv-header-id-meta":"","stick-header-meta":"default","header-above-stick-meta":"","header-main-stick-meta":"","header-below-stick-meta":"","astra-migrate-meta-layouts":"set","ast-page-background-enabled":"default","ast-page-background-meta":{"desktop":{"background-color":"var(--ast-global-color-4)","background-image":"","background-repeat":"repeat","background-position":"center center","background-size":"auto","background-attachment":"scroll","background-type":"","background-media":"","overlay-type":"","overlay-color":"","overlay-opacity":"","overlay-gradient":""},"tablet":{"background-color":"","background-image":"","background-repeat":"repeat","background-position":"center center","background-size":"auto","background-attachment":"scroll","background-type":"","background-media":"","overlay-type":"","overlay-color":"","overlay-opacity":"","overlay-gradient":""},"mobile":{"background-color":"","background-image":"","background-repeat":"repeat","background-position":"center center","background-size":"auto","background-attachment":"scroll","background-type":"","background-media":"","overlay-type":"","overlay-color":"","overlay-opacity":"","overlay-gradient":""}},"ast-content-background-meta":{"desktop":{"background-color":"var(--ast-global-color-5)","background-image":"","background-repeat":"repeat","background-position":"center center","background-size":"auto","background-attachment":"scroll","background-type":"","background-media":"","overlay-type":"","overlay-color":"","overlay-opacity":"","overlay-gradient":""},"tablet":{"background-color":"var(--ast-global-color-5)","background-image":"","background-repeat":"repeat","background-position":"center center","background-size":"auto","background-attachment":"scroll","background-type":"","background-media":"","overlay-type":"","overlay-color":"","overlay-opacity":"","overlay-gradient":""},"mobile":{"background-color":"var(--ast-global-color-5)","background-image":"","background-repeat":"repeat","background-position":"center center","background-size":"auto","background-attachment":"scroll","background-type":"","background-media":"","overlay-type":"","overlay-color":"","overlay-opacity":"","overlay-gradient":""}}},"tags":[56],"products":[47],"class_list":["post-2042","product","type-product","status-publish","has-post-thumbnail","hentry","tag-toilet-paper-making-machine","products-toilet-paper-making-machine"],"acf":[],"aioseo_notices":[],"aioseo_head":"\n\t\t<!-- All in One SEO Pro 4.9.2 - aioseo.com -->\n\t<meta name=\"description\" content=\"The Toilet Paper Rewinding Machine from NRC MACHINE is designed for the modern tissue processing industry. It transforms large jumbo rolls into smaller rolls.\" \/>\n\t<meta name=\"robots\" content=\"noodp, max-snippet:-1, max-image-preview:large, max-video-preview:-1\" \/>\n\t<link rel=\"canonical\" href=\"https:\/\/nrcmachine.com\/pl\/product\/toilet-paper-rewinding-machine-2\/\" \/>\n\t<meta name=\"generator\" content=\"All in One SEO Pro (AIOSEO) 4.9.2\" \/>\n\t\t<meta property=\"og:locale\" content=\"pl_PL\" \/>\n\t\t<meta property=\"og:site_name\" content=\"Toilet Paper Machine, Paper Tube Machine | NRC Machine - Reliable Paper Machinery Solutions\" \/>\n\t\t<meta property=\"og:type\" content=\"article\" \/>\n\t\t<meta property=\"og:title\" content=\"Toilet Paper Rewinding Machine - QINGDAO NEW RICHUAN\" \/>\n\t\t<meta property=\"og:description\" content=\"The Toilet Paper Rewinding Machine from NRC MACHINE is designed for the modern tissue processing industry. It transforms large jumbo rolls into smaller rolls.\" \/>\n\t\t<meta property=\"og:url\" content=\"https:\/\/nrcmachine.com\/pl\/product\/toilet-paper-rewinding-machine-2\/\" \/>\n\t\t<meta property=\"og:image\" content=\"https:\/\/nrcmachine.com\/wp-content\/uploads\/2025\/11\/toilet-paper-rewinding-machine-2.webp\" \/>\n\t\t<meta property=\"og:image:secure_url\" content=\"https:\/\/nrcmachine.com\/wp-content\/uploads\/2025\/11\/toilet-paper-rewinding-machine-2.webp\" \/>\n\t\t<meta property=\"og:image:width\" content=\"680\" \/>\n\t\t<meta property=\"og:image:height\" content=\"680\" \/>\n\t\t<meta property=\"article:published_time\" content=\"2025-11-10T04:18:40+00:00\" \/>\n\t\t<meta property=\"article:modified_time\" content=\"2025-12-31T11:05:59+00:00\" \/>\n\t\t<meta property=\"article:publisher\" content=\"https:\/\/www.facebook.com\/james.gao.349938\" \/>\n\t\t<meta name=\"twitter:card\" content=\"summary\" \/>\n\t\t<meta name=\"twitter:site\" content=\"@JamesGao65335\" \/>\n\t\t<meta name=\"twitter:title\" content=\"Toilet Paper Rewinding Machine - QINGDAO NEW RICHUAN\" \/>\n\t\t<meta name=\"twitter:description\" content=\"The Toilet Paper Rewinding Machine from NRC MACHINE is designed for the modern tissue processing industry. It transforms large jumbo rolls into smaller rolls.\" \/>\n\t\t<meta name=\"twitter:image\" content=\"https:\/\/nrcmachine.com\/wp-content\/uploads\/2025\/11\/toilet-paper-rewinding-machine-2.webp\" \/>\n\t\t<script type=\"application\/ld+json\" class=\"aioseo-schema\">\n\t\t\t{\"@context\":\"https:\\\/\\\/schema.org\",\"@graph\":[{\"@type\":\"BreadcrumbList\",\"@id\":\"https:\\\/\\\/nrcmachine.com\\\/pl\\\/product\\\/toilet-paper-rewinding-machine-2\\\/#breadcrumblist\",\"itemListElement\":[{\"@type\":\"ListItem\",\"@id\":\"https:\\\/\\\/nrcmachine.com\\\/pl#listItem\",\"position\":1,\"name\":\"Home\",\"item\":\"https:\\\/\\\/nrcmachine.com\\\/pl\",\"nextItem\":{\"@type\":\"ListItem\",\"@id\":\"https:\\\/\\\/nrcmachine.com\\\/pl\\\/product\\\/#listItem\",\"name\":\"Products\"}},{\"@type\":\"ListItem\",\"@id\":\"https:\\\/\\\/nrcmachine.com\\\/pl\\\/product\\\/#listItem\",\"position\":2,\"name\":\"Products\",\"item\":\"https:\\\/\\\/nrcmachine.com\\\/pl\\\/product\\\/\",\"nextItem\":{\"@type\":\"ListItem\",\"@id\":\"https:\\\/\\\/nrcmachine.com\\\/pl\\\/tag\\\/toilet-paper-making-machine\\\/#listItem\",\"name\":\"toilet paper making machine\"},\"previousItem\":{\"@type\":\"ListItem\",\"@id\":\"https:\\\/\\\/nrcmachine.com\\\/pl#listItem\",\"name\":\"Home\"}},{\"@type\":\"ListItem\",\"@id\":\"https:\\\/\\\/nrcmachine.com\\\/pl\\\/tag\\\/toilet-paper-making-machine\\\/#listItem\",\"position\":3,\"name\":\"toilet paper making machine\",\"item\":\"https:\\\/\\\/nrcmachine.com\\\/pl\\\/tag\\\/toilet-paper-making-machine\\\/\",\"nextItem\":{\"@type\":\"ListItem\",\"@id\":\"https:\\\/\\\/nrcmachine.com\\\/pl\\\/product\\\/toilet-paper-rewinding-machine-2\\\/#listItem\",\"name\":\"Toilet Paper Rewinding Machine\"},\"previousItem\":{\"@type\":\"ListItem\",\"@id\":\"https:\\\/\\\/nrcmachine.com\\\/pl\\\/product\\\/#listItem\",\"name\":\"Products\"}},{\"@type\":\"ListItem\",\"@id\":\"https:\\\/\\\/nrcmachine.com\\\/pl\\\/product\\\/toilet-paper-rewinding-machine-2\\\/#listItem\",\"position\":4,\"name\":\"Toilet Paper Rewinding Machine\",\"previousItem\":{\"@type\":\"ListItem\",\"@id\":\"https:\\\/\\\/nrcmachine.com\\\/pl\\\/tag\\\/toilet-paper-making-machine\\\/#listItem\",\"name\":\"toilet paper making machine\"}}]},{\"@type\":\"Organization\",\"@id\":\"https:\\\/\\\/nrcmachine.com\\\/pl\\\/#organization\",\"name\":\"Toilet Paper Machine, Paper Tube Machine | NRC Machine wordpress\",\"description\":\"Reliable Paper Machinery Solutions\",\"url\":\"https:\\\/\\\/nrcmachine.com\\\/pl\\\/\",\"email\":\"james@nrcmachine.com\",\"telephone\":\"+8615254213289\",\"foundingDate\":\"2023-11-01\",\"numberOfEmployees\":{\"@type\":\"QuantitativeValue\",\"minValue\":1,\"maxValue\":50},\"logo\":{\"@type\":\"ImageObject\",\"url\":\"https:\\\/\\\/nrcmachine.com\\\/wp-content\\\/uploads\\\/2026\\\/01\\\/logo23.png\",\"@id\":\"https:\\\/\\\/nrcmachine.com\\\/pl\\\/product\\\/toilet-paper-rewinding-machine-2\\\/#organizationLogo\",\"width\":800,\"height\":800,\"caption\":\"logo for NRC MACHINE\"},\"image\":{\"@id\":\"https:\\\/\\\/nrcmachine.com\\\/pl\\\/product\\\/toilet-paper-rewinding-machine-2\\\/#organizationLogo\"},\"sameAs\":[\"https:\\\/\\\/www.facebook.com\\\/james.gao.349938\",\"https:\\\/\\\/x.com\\\/JamesGao65335\",\"https:\\\/\\\/www.instagram.com\\\/jamesgao407?igsh=d2YybzFhMjY0YTl3\",\"https:\\\/\\\/www.tiktok.com\\\/@gyl20210118\",\"https:\\\/\\\/www.linkedin.com\\\/in\\\/--9a63583a9\\\/\"],\"address\":{\"@id\":\"https:\\\/\\\/nrcmachine.com\\\/pl\\\/#postaladdress\",\"@type\":\"PostalAddress\",\"streetAddress\":\"No..519,Jiangshan South Road,Huangdao,\",\"postalCode\":\"266500\",\"addressLocality\":\"Qingdao\",\"addressRegion\":\"Shandong Province\",\"addressCountry\":\"CN\"},\"taxID\":\"91370211MAD54P6P85\",\"vatID\":\"91370211MAD54P6P85\"},{\"@type\":\"WebPage\",\"@id\":\"https:\\\/\\\/nrcmachine.com\\\/pl\\\/product\\\/toilet-paper-rewinding-machine-2\\\/#webpage\",\"url\":\"https:\\\/\\\/nrcmachine.com\\\/pl\\\/product\\\/toilet-paper-rewinding-machine-2\\\/\",\"name\":\"Toilet Paper Rewinding Machine - QINGDAO NEW RICHUAN\",\"description\":\"The Toilet Paper Rewinding Machine from NRC MACHINE is designed for the modern tissue processing industry. It transforms large jumbo rolls into smaller rolls.\",\"inLanguage\":\"pl-PL\",\"isPartOf\":{\"@id\":\"https:\\\/\\\/nrcmachine.com\\\/pl\\\/#website\"},\"breadcrumb\":{\"@id\":\"https:\\\/\\\/nrcmachine.com\\\/pl\\\/product\\\/toilet-paper-rewinding-machine-2\\\/#breadcrumblist\"},\"image\":{\"@type\":\"ImageObject\",\"url\":\"https:\\\/\\\/nrcmachine.com\\\/wp-content\\\/uploads\\\/2025\\\/11\\\/toilet-paper-rewinding-machine-2.webp\",\"@id\":\"https:\\\/\\\/nrcmachine.com\\\/pl\\\/product\\\/toilet-paper-rewinding-machine-2\\\/#mainImage\",\"width\":680,\"height\":680,\"caption\":\"toilet paper rewinding machine\"},\"primaryImageOfPage\":{\"@id\":\"https:\\\/\\\/nrcmachine.com\\\/pl\\\/product\\\/toilet-paper-rewinding-machine-2\\\/#mainImage\"},\"datePublished\":\"2025-11-10T12:18:40+08:00\",\"dateModified\":\"2025-12-31T19:05:59+08:00\"},{\"@type\":\"WebSite\",\"@id\":\"https:\\\/\\\/nrcmachine.com\\\/pl\\\/#website\",\"url\":\"https:\\\/\\\/nrcmachine.com\\\/pl\\\/\",\"name\":\"Toilet Paper Machine, Paper Tube Machine | NRC Machine\",\"alternateName\":\"Qingdao New Richuan Precision Machine Co.,Ltd\",\"description\":\"Reliable Paper Machinery Solutions\",\"inLanguage\":\"pl-PL\",\"publisher\":{\"@id\":\"https:\\\/\\\/nrcmachine.com\\\/pl\\\/#organization\"}}]}\n\t\t<\/script>\n\t\t<!-- All in One SEO Pro -->\r\n\t\t<title>Toilet Paper Rewinding Machine - QINGDAO NEW RICHUAN<\/title>\n\n","aioseo_head_json":{"title":"Maszyna do przewijania papieru toaletowego - QINGDAO NEW RICHUAN","description":"Maszyna do przewijania papieru toaletowego firmy NRC MACHINE zosta\u0142a zaprojektowana z my\u015bl\u0105 o nowoczesnym przemy\u015ble przetw\u00f3rstwa chusteczek higienicznych. Przekszta\u0142ca du\u017ce rolki jumbo w mniejsze rolki.","canonical_url":"https:\/\/nrcmachine.com\/pl\/product\/toilet-paper-rewinding-machine-2\/","robots":"noodp, max-snippet:-1, max-image-preview:large, max-video-preview:-1","keywords":"","webmasterTools":{"miscellaneous":""},"schema":{"@context":"https:\/\/schema.org","@graph":[{"@type":"BreadcrumbList","@id":"https:\/\/nrcmachine.com\/pl\/product\/toilet-paper-rewinding-machine-2\/#breadcrumblist","itemListElement":[{"@type":"ListItem","@id":"https:\/\/nrcmachine.com\/pl#listItem","position":1,"name":"Home","item":"https:\/\/nrcmachine.com\/pl","nextItem":{"@type":"ListItem","@id":"https:\/\/nrcmachine.com\/pl\/product\/#listItem","name":"Products"}},{"@type":"ListItem","@id":"https:\/\/nrcmachine.com\/pl\/product\/#listItem","position":2,"name":"Products","item":"https:\/\/nrcmachine.com\/pl\/product\/","nextItem":{"@type":"ListItem","@id":"https:\/\/nrcmachine.com\/pl\/tag\/toilet-paper-making-machine\/#listItem","name":"toilet paper making machine"},"previousItem":{"@type":"ListItem","@id":"https:\/\/nrcmachine.com\/pl#listItem","name":"Home"}},{"@type":"ListItem","@id":"https:\/\/nrcmachine.com\/pl\/tag\/toilet-paper-making-machine\/#listItem","position":3,"name":"toilet paper making machine","item":"https:\/\/nrcmachine.com\/pl\/tag\/toilet-paper-making-machine\/","nextItem":{"@type":"ListItem","@id":"https:\/\/nrcmachine.com\/pl\/product\/toilet-paper-rewinding-machine-2\/#listItem","name":"Toilet Paper Rewinding Machine"},"previousItem":{"@type":"ListItem","@id":"https:\/\/nrcmachine.com\/pl\/product\/#listItem","name":"Products"}},{"@type":"ListItem","@id":"https:\/\/nrcmachine.com\/pl\/product\/toilet-paper-rewinding-machine-2\/#listItem","position":4,"name":"Toilet Paper Rewinding Machine","previousItem":{"@type":"ListItem","@id":"https:\/\/nrcmachine.com\/pl\/tag\/toilet-paper-making-machine\/#listItem","name":"toilet paper making machine"}}]},{"@type":"Organization","@id":"https:\/\/nrcmachine.com\/pl\/#organization","name":"Toilet Paper Machine, Paper Tube Machine | NRC Machine wordpress","description":"Reliable Paper Machinery Solutions","url":"https:\/\/nrcmachine.com\/pl\/","email":"james@nrcmachine.com","telephone":"+8615254213289","foundingDate":"2023-11-01","numberOfEmployees":{"@type":"QuantitativeValue","minValue":1,"maxValue":50},"logo":{"@type":"ImageObject","url":"https:\/\/nrcmachine.com\/wp-content\/uploads\/2026\/01\/logo23.png","@id":"https:\/\/nrcmachine.com\/pl\/product\/toilet-paper-rewinding-machine-2\/#organizationLogo","width":800,"height":800,"caption":"logo for NRC MACHINE"},"image":{"@id":"https:\/\/nrcmachine.com\/pl\/product\/toilet-paper-rewinding-machine-2\/#organizationLogo"},"sameAs":["https:\/\/www.facebook.com\/james.gao.349938","https:\/\/x.com\/JamesGao65335","https:\/\/www.instagram.com\/jamesgao407?igsh=d2YybzFhMjY0YTl3","https:\/\/www.tiktok.com\/@gyl20210118","https:\/\/www.linkedin.com\/in\/--9a63583a9\/"],"address":{"@id":"https:\/\/nrcmachine.com\/pl\/#postaladdress","@type":"PostalAddress","streetAddress":"No..519,Jiangshan South Road,Huangdao,","postalCode":"266500","addressLocality":"Qingdao","addressRegion":"Shandong Province","addressCountry":"CN"},"taxID":"91370211MAD54P6P85","vatID":"91370211MAD54P6P85"},{"@type":"WebPage","@id":"https:\/\/nrcmachine.com\/pl\/product\/toilet-paper-rewinding-machine-2\/#webpage","url":"https:\/\/nrcmachine.com\/pl\/product\/toilet-paper-rewinding-machine-2\/","name":"Toilet Paper Rewinding Machine - QINGDAO NEW RICHUAN","description":"The Toilet Paper Rewinding Machine from NRC MACHINE is designed for the modern tissue processing industry. It transforms large jumbo rolls into smaller rolls.","inLanguage":"pl-PL","isPartOf":{"@id":"https:\/\/nrcmachine.com\/pl\/#website"},"breadcrumb":{"@id":"https:\/\/nrcmachine.com\/pl\/product\/toilet-paper-rewinding-machine-2\/#breadcrumblist"},"image":{"@type":"ImageObject","url":"https:\/\/nrcmachine.com\/wp-content\/uploads\/2025\/11\/toilet-paper-rewinding-machine-2.webp","@id":"https:\/\/nrcmachine.com\/pl\/product\/toilet-paper-rewinding-machine-2\/#mainImage","width":680,"height":680,"caption":"toilet paper rewinding machine"},"primaryImageOfPage":{"@id":"https:\/\/nrcmachine.com\/pl\/product\/toilet-paper-rewinding-machine-2\/#mainImage"},"datePublished":"2025-11-10T12:18:40+08:00","dateModified":"2025-12-31T19:05:59+08:00"},{"@type":"WebSite","@id":"https:\/\/nrcmachine.com\/pl\/#website","url":"https:\/\/nrcmachine.com\/pl\/","name":"Toilet Paper Machine, Paper Tube Machine | NRC Machine","alternateName":"Qingdao New Richuan Precision Machine Co.,Ltd","description":"Reliable Paper Machinery Solutions","inLanguage":"pl-PL","publisher":{"@id":"https:\/\/nrcmachine.com\/pl\/#organization"}}]},"og:locale":"pl_PL","og:site_name":"Toilet Paper Machine, Paper Tube Machine | NRC Machine - Reliable Paper Machinery Solutions","og:type":"article","og:title":"Toilet Paper Rewinding Machine - QINGDAO NEW RICHUAN","og:description":"The Toilet Paper Rewinding Machine from NRC MACHINE is designed for the modern tissue processing industry. It transforms large jumbo rolls into smaller rolls.","og:url":"https:\/\/nrcmachine.com\/pl\/product\/toilet-paper-rewinding-machine-2\/","og:image":"https:\/\/nrcmachine.com\/wp-content\/uploads\/2025\/11\/toilet-paper-rewinding-machine-2.webp","og:image:secure_url":"https:\/\/nrcmachine.com\/wp-content\/uploads\/2025\/11\/toilet-paper-rewinding-machine-2.webp","og:image:width":680,"og:image:height":680,"article:published_time":"2025-11-10T04:18:40+00:00","article:modified_time":"2025-12-31T11:05:59+00:00","article:publisher":"https:\/\/www.facebook.com\/james.gao.349938","twitter:card":"summary","twitter:site":"@JamesGao65335","twitter:title":"Toilet Paper Rewinding Machine - QINGDAO NEW RICHUAN","twitter:description":"The Toilet Paper Rewinding Machine from NRC MACHINE is designed for the modern tissue processing industry. It transforms large jumbo rolls into smaller rolls.","twitter:image":"https:\/\/nrcmachine.com\/wp-content\/uploads\/2025\/11\/toilet-paper-rewinding-machine-2.webp"},"aioseo_meta_data":{"post_id":"2042","title":"#post_title #separator_sa QINGDAO NEW RICHUAN","description":"Maszyna do przewijania papieru toaletowego firmy NRC MACHINE zosta\u0142a zaprojektowana z my\u015bl\u0105 o nowoczesnym przemy\u015ble przetw\u00f3rstwa chusteczek higienicznych. Przekszta\u0142ca du\u017ce rolki jumbo w mniejsze rolki.","keywords":null,"keyphrases":{"focus":{"keyphrase":"toilet paper rewinding machine","score":100,"analysis":{"keyphraseInTitle":{"score":9,"maxScore":9,"error":0},"keyphraseInDescription":{"score":9,"maxScore":9,"error":0},"keyphraseLength":{"score":9,"maxScore":9,"error":0,"length":4},"keyphraseInURL":{"score":5,"maxScore":5,"error":0},"keyphraseInIntroduction":{"score":9,"maxScore":9,"error":0},"keyphraseInSubHeadings":{"score":9,"maxScore":9,"error":0},"keyphraseInImageAlt":[],"keywordDensity":{"type":"best","score":9,"maxScore":9,"error":0}}},"additional":[]},"primary_term":null,"canonical_url":null,"og_title":null,"og_description":null,"og_object_type":"default","og_image_type":"default","og_image_url":null,"og_image_width":null,"og_image_height":null,"og_image_custom_url":null,"og_image_custom_fields":null,"og_video":"","og_custom_url":null,"og_article_section":null,"og_article_tags":null,"twitter_use_og":false,"twitter_card":"default","twitter_image_type":"default","twitter_image_url":null,"twitter_image_custom_url":null,"twitter_image_custom_fields":null,"twitter_title":null,"twitter_description":null,"schema":{"blockGraphs":[],"customGraphs":[],"default":{"data":{"Article":[],"Course":[],"Dataset":[],"FAQPage":[],"Movie":[],"Person":[],"Product":[],"ProductReview":[],"Car":[],"Recipe":[],"Service":[],"SoftwareApplication":[],"WebPage":[]},"graphName":"ItemPage","isEnabled":true},"graphs":[]},"schema_type":"default","schema_type_options":null,"pillar_content":false,"robots_default":true,"robots_noindex":false,"robots_noarchive":false,"robots_nosnippet":false,"robots_nofollow":false,"robots_noimageindex":false,"robots_noodp":false,"robots_notranslate":false,"robots_max_snippet":"-1","robots_max_videopreview":"-1","robots_max_imagepreview":"large","priority":null,"frequency":"default","local_seo":null,"seo_analyzer_scan_date":"2026-02-13 03:48:57","breadcrumb_settings":null,"limit_modified_date":false,"reviewed_by":null,"open_ai":null,"ai":{"faqs":[],"keyPoints":[],"titles":[],"descriptions":[],"socialPosts":{"email":[],"linkedin":[],"twitter":[],"facebook":[],"instagram":[]}},"created":"2025-12-11 08:39:32","updated":"2026-02-13 06:52:13"},"aioseo_breadcrumb":"<div class=\"aioseo-breadcrumbs\"><span class=\"aioseo-breadcrumb\">\n\t<a href=\"https:\/\/nrcmachine.com\/pl\" title=\"Home\">Home<\/a>\n<\/span><span class=\"aioseo-breadcrumb-separator\">\u00bb<\/span><span class=\"aioseo-breadcrumb\">\n\t<a href=\"https:\/\/nrcmachine.com\/pl\/product\/\" title=\"Products\">Products<\/a>\n<\/span><span class=\"aioseo-breadcrumb-separator\">\u00bb<\/span><span class=\"aioseo-breadcrumb\">\n\t<a href=\"https:\/\/nrcmachine.com\/pl\/tag\/toilet-paper-making-machine\/\" title=\"toilet paper making machine\">toilet paper making machine<\/a>\n<\/span><span class=\"aioseo-breadcrumb-separator\">\u00bb<\/span><span class=\"aioseo-breadcrumb\">\n\tToilet Paper Rewinding Machine\n<\/span><\/div>","aioseo_breadcrumb_json":[{"label":"Home","link":"https:\/\/nrcmachine.com\/pl"},{"label":"Products","link":"https:\/\/nrcmachine.com\/pl\/product\/"},{"label":"toilet paper making machine","link":"https:\/\/nrcmachine.com\/pl\/tag\/toilet-paper-making-machine\/"},{"label":"Toilet Paper Rewinding Machine","link":"https:\/\/nrcmachine.com\/pl\/product\/toilet-paper-rewinding-machine-2\/"}],"_links":{"self":[{"href":"https:\/\/nrcmachine.com\/pl\/wp-json\/wp\/v2\/product\/2042","targetHints":{"allow":["GET"]}}],"collection":[{"href":"https:\/\/nrcmachine.com\/pl\/wp-json\/wp\/v2\/product"}],"about":[{"href":"https:\/\/nrcmachine.com\/pl\/wp-json\/wp\/v2\/types\/product"}],"version-history":[{"count":0,"href":"https:\/\/nrcmachine.com\/pl\/wp-json\/wp\/v2\/product\/2042\/revisions"}],"wp:featuredmedia":[{"embeddable":true,"href":"https:\/\/nrcmachine.com\/pl\/wp-json\/wp\/v2\/media\/3524"}],"wp:attachment":[{"href":"https:\/\/nrcmachine.com\/pl\/wp-json\/wp\/v2\/media?parent=2042"}],"wp:term":[{"taxonomy":"post_tag","embeddable":true,"href":"https:\/\/nrcmachine.com\/pl\/wp-json\/wp\/v2\/tags?post=2042"},{"taxonomy":"products","embeddable":true,"href":"https:\/\/nrcmachine.com\/pl\/wp-json\/wp\/v2\/products?post=2042"}],"curies":[{"name":"wp","href":"https:\/\/api.w.org\/{rel}","templated":true}]}}