 {"id":2056,"date":"2025-11-10T15:11:43","date_gmt":"2025-11-10T07:11:43","guid":{"rendered":"https:\/\/nrcmachine.com\/?post_type=product&#038;p=2056"},"modified":"2025-12-31T12:39:31","modified_gmt":"2025-12-31T04:39:31","slug":"toilet-tissue-paper-making-machine","status":"publish","type":"product","link":"https:\/\/nrcmachine.com\/pl\/product\/toilet-tissue-paper-making-machine\/","title":{"rendered":"Maszyna do produkcji papieru toaletowego"},"content":{"rendered":"<h3 style=\"text-align: center;\"><strong><a href=\"https:\/\/nrcmachinery.com\/products\/toilet-paper-machine.html\">MASZYNA DO PRODUKCJI PAPIERU TOALETOWEGO<\/a>: OD DU\u017bYCH DO MA\u0141YCH ROLEK<\/strong><\/h3>\n<h4><strong>Wprowadzenie do linii produkcyjnej<\/strong><\/h4>\n<p>The <a href=\"https:\/\/nrcmachinery.com\/products\/toilet-paper-machine.html\"><strong>maszyna do produkcji papieru toaletowego<\/strong><\/a>\u00a0oferowany przez <a href=\"https:\/\/nrcmachine.com\">NRC MACHINE<\/a> to w pe\u0142ni zintegrowane rozwi\u0105zanie do przekszta\u0142cania du\u017cych rolek jumbo w gotowe do spo\u017cycia ma\u0142e rolki. Zaprojektowana z my\u015bl\u0105 o wysokiej wydajno\u015bci i precyzji, ta linia produkcyjna zapewnia p\u0142ynn\u0105 transformacj\u0119 poprzez zaawansowane etapy ci\u0119cia, przewijania i pakowania.<\/p>\n<div class=\"ast-oembed-container\" style=\"height: 100%;\"><iframe title=\"Maszyna do produkcji rolek papieru toaletowego na sprzeda\u017c1TP5Wysoka pr\u0119dko\u015b\u01071TP5W pe\u0142ni automatyczna#Chiny\" width=\"500\" height=\"281\" src=\"https:\/\/www.youtube.com\/embed\/VsvIKijhGfo?feature=oembed\" frameborder=\"0\" allow=\"accelerometer; autoplay; clipboard-write; encrypted-media; gyroscope; picture-in-picture; web-share\" referrerpolicy=\"strict-origin-when-cross-origin\" allowfullscreen><\/iframe><\/div>\n<h4><strong>Proces ci\u0119cia: Precyzja u podstaw<\/strong><\/h4>\n<p>Pocz\u0105tkowa faza obejmuje maszyn\u0119 tn\u0105c\u0105, kt\u00f3ra tnie du\u017ce rolki - zazwyczaj szerokie rolki macierzyste - na w\u0119\u017csze rolki o po\u017c\u0105danej szeroko\u015bci. Wykorzystuj\u0105c ostre, trwa\u0142e ostrza i sterowane komputerowo systemy, jednostka tn\u0105ca zapewnia czyste, jednolite kraw\u0119dzie bez uszkodze\u0144 papieru. Ten etap ma kluczowe znaczenie dla utrzymania jako\u015bci produktu i minimalizacji odpad\u00f3w, stanowi\u0105c podstaw\u0119 dla sp\u00f3jnego przetwarzania na dalszych etapach.<\/p>\n<h4><strong>Przewijarka: Przekszta\u0142canie szpul w rolki<\/strong><\/h4>\n<p>Nast\u0119pnie ci\u0119te b\u0119bny wchodz\u0105 do <a href=\"https:\/\/nrcmachinery.com\/products\/toilet-paper-machine.html\"><strong>maszyna do produkcji papieru toaletowego<\/strong><\/a>\u2019sekcja przewijarki. Tutaj papier jest z du\u017c\u0105 pr\u0119dko\u015bci\u0105 nawijany na tekturowe tuleje, tworz\u0105c pojedyncze ma\u0142e rolki. Przewijarka automatycznie dostosowuje napi\u0119cie, aby zapobiec marszczeniu lub rozci\u0105ganiu, zapewniaj\u0105c, \u017ce ka\u017cda rolka jest ciasno i r\u00f3wnomiernie nawini\u0119ta. Funkcje takie jak zmienna kontrola pr\u0119dko\u015bci i automatyczne wykrywanie splot\u00f3w zwi\u0119kszaj\u0105 niezawodno\u015b\u0107 dzia\u0142ania i jednorodno\u015b\u0107 produktu.<\/p>\n<h4><strong>Maszyna pakuj\u0105ca: Gotowa na rynek<\/strong><\/h4>\n<p>Po przewini\u0119ciu gotowe rolki trafiaj\u0105 do maszyny pakuj\u0105cej. Urz\u0105dzenie to zlicza, uk\u0142ada i pakuje rolki w wi\u0105zki przy u\u017cyciu folii z tworzywa sztucznego lub papierowych r\u0119kaw\u00f3w. Wyposa\u017cony w czujniki i programowalne sterowniki logiczne system dostosowuje si\u0119 do r\u00f3\u017cnych format\u00f3w opakowa\u0144 - pojedynczych, podw\u00f3jnych lub wielowarstwowych - zapewniaj\u0105c elastyczno\u015b\u0107 marki. Uszczelnienie jest hermetyczne, zachowuj\u0105c higien\u0119 i wyd\u0142u\u017caj\u0105c okres przydatno\u015bci do spo\u017cycia.<\/p>\n<h4><strong>Podsumowanie: Pe\u0142na automatyzacja i wydajno\u015b\u0107<\/strong><\/h4>\n<p>Od du\u017cych rolek do pakowanych ma\u0142ych rolek, NRC MACHINE <a href=\"https:\/\/nrcmachinery.com\/products\/toilet-paper-machine.html\"><strong>maszyna do produkcji papieru toaletowego<\/strong><\/a>\u00a0integruje ci\u0119cie, przewijanie i pakowanie w sp\u00f3jny, zautomatyzowany przep\u0142yw pracy. Przy minimalnej interwencji r\u0119cznej zwi\u0119ksza produktywno\u015b\u0107, zmniejsza koszty pracy i zapewnia sta\u0142\u0105 jako\u015b\u0107 - idealn\u0105 dla nowoczesnych zak\u0142ad\u00f3w produkcji tkanek, kt\u00f3re d\u0105\u017c\u0105 do skalowalno\u015bci i doskona\u0142o\u015bci.<\/p>","protected":false},"featured_media":3496,"template":"","meta":{"_acf_changed":false,"_monsterinsights_skip_tracking":false,"_monsterinsights_sitenote_active":false,"_monsterinsights_sitenote_note":"","_monsterinsights_sitenote_category":0,"site-sidebar-layout":"default","site-content-layout":"","ast-site-content-layout":"default","site-content-style":"default","site-sidebar-style":"default","ast-global-header-display":"","ast-banner-title-visibility":"","ast-main-header-display":"","ast-hfb-above-header-display":"","ast-hfb-below-header-display":"","ast-hfb-mobile-header-display":"","site-post-title":"","ast-breadcrumbs-content":"","ast-featured-img":"","footer-sml-layout":"","theme-transparent-header-meta":"default","adv-header-id-meta":"","stick-header-meta":"default","header-above-stick-meta":"","header-main-stick-meta":"","header-below-stick-meta":"","astra-migrate-meta-layouts":"set","ast-page-background-enabled":"default","ast-page-background-meta":{"desktop":{"background-color":"var(--ast-global-color-4)","background-image":"","background-repeat":"repeat","background-position":"center center","background-size":"auto","background-attachment":"scroll","background-type":"","background-media":"","overlay-type":"","overlay-color":"","overlay-opacity":"","overlay-gradient":""},"tablet":{"background-color":"","background-image":"","background-repeat":"repeat","background-position":"center center","background-size":"auto","background-attachment":"scroll","background-type":"","background-media":"","overlay-type":"","overlay-color":"","overlay-opacity":"","overlay-gradient":""},"mobile":{"background-color":"","background-image":"","background-repeat":"repeat","background-position":"center center","background-size":"auto","background-attachment":"scroll","background-type":"","background-media":"","overlay-type":"","overlay-color":"","overlay-opacity":"","overlay-gradient":""}},"ast-content-background-meta":{"desktop":{"background-color":"var(--ast-global-color-5)","background-image":"","background-repeat":"repeat","background-position":"center center","background-size":"auto","background-attachment":"scroll","background-type":"","background-media":"","overlay-type":"","overlay-color":"","overlay-opacity":"","overlay-gradient":""},"tablet":{"background-color":"var(--ast-global-color-5)","background-image":"","background-repeat":"repeat","background-position":"center center","background-size":"auto","background-attachment":"scroll","background-type":"","background-media":"","overlay-type":"","overlay-color":"","overlay-opacity":"","overlay-gradient":""},"mobile":{"background-color":"var(--ast-global-color-5)","background-image":"","background-repeat":"repeat","background-position":"center center","background-size":"auto","background-attachment":"scroll","background-type":"","background-media":"","overlay-type":"","overlay-color":"","overlay-opacity":"","overlay-gradient":""}}},"tags":[56],"products":[47],"class_list":["post-2056","product","type-product","status-publish","has-post-thumbnail","hentry","tag-toilet-paper-making-machine","products-toilet-paper-making-machine"],"acf":[],"aioseo_notices":[],"aioseo_head":"\n\t\t<!-- All in One SEO Pro 4.9.2 - aioseo.com -->\n\t<meta name=\"description\" content=\"From jumbo rolls to small rolls, NRC MACHINE\u2019s toilet tissue paper making machine integrates cutting, rewinding, and packaging into a cohesive workflow.\" \/>\n\t<meta name=\"robots\" content=\"noodp, max-snippet:-1, max-image-preview:large, max-video-preview:-1\" \/>\n\t<link rel=\"canonical\" href=\"https:\/\/nrcmachine.com\/pl\/product\/toilet-tissue-paper-making-machine\/\" \/>\n\t<meta name=\"generator\" content=\"All in One SEO Pro (AIOSEO) 4.9.2\" \/>\n\t\t<meta property=\"og:locale\" content=\"pl_PL\" \/>\n\t\t<meta property=\"og:site_name\" content=\"Toilet Paper Machine, Paper Tube Machine | NRC Machine - Reliable Paper Machinery Solutions\" \/>\n\t\t<meta property=\"og:type\" content=\"article\" \/>\n\t\t<meta property=\"og:title\" content=\"Toilet Tissue Paper Making Machine - Qingdao New Richuan\" \/>\n\t\t<meta property=\"og:description\" content=\"From jumbo rolls to small rolls, NRC MACHINE\u2019s toilet tissue paper making machine integrates cutting, rewinding, and packaging into a cohesive workflow.\" \/>\n\t\t<meta property=\"og:url\" content=\"https:\/\/nrcmachine.com\/pl\/product\/toilet-tissue-paper-making-machine\/\" \/>\n\t\t<meta property=\"og:image\" content=\"https:\/\/nrcmachine.com\/wp-content\/uploads\/2025\/11\/toilet-tissue-paper-making-machine.webp\" \/>\n\t\t<meta property=\"og:image:secure_url\" content=\"https:\/\/nrcmachine.com\/wp-content\/uploads\/2025\/11\/toilet-tissue-paper-making-machine.webp\" \/>\n\t\t<meta property=\"og:image:width\" content=\"680\" \/>\n\t\t<meta property=\"og:image:height\" content=\"680\" \/>\n\t\t<meta property=\"article:published_time\" content=\"2025-11-10T07:11:43+00:00\" \/>\n\t\t<meta property=\"article:modified_time\" content=\"2025-12-31T04:39:31+00:00\" \/>\n\t\t<meta property=\"article:publisher\" content=\"https:\/\/www.facebook.com\/james.gao.349938\" \/>\n\t\t<meta name=\"twitter:card\" content=\"summary\" \/>\n\t\t<meta name=\"twitter:site\" content=\"@JamesGao65335\" \/>\n\t\t<meta name=\"twitter:title\" content=\"Toilet Tissue Paper Making Machine - Qingdao New Richuan\" \/>\n\t\t<meta name=\"twitter:description\" content=\"From jumbo rolls to small rolls, NRC MACHINE\u2019s toilet tissue paper making machine integrates cutting, rewinding, and packaging into a cohesive workflow.\" \/>\n\t\t<meta name=\"twitter:image\" content=\"https:\/\/nrcmachine.com\/wp-content\/uploads\/2025\/11\/toilet-tissue-paper-making-machine.webp\" \/>\n\t\t<script type=\"application\/ld+json\" class=\"aioseo-schema\">\n\t\t\t{\"@context\":\"https:\\\/\\\/schema.org\",\"@graph\":[{\"@type\":\"BreadcrumbList\",\"@id\":\"https:\\\/\\\/nrcmachine.com\\\/pl\\\/product\\\/toilet-tissue-paper-making-machine\\\/#breadcrumblist\",\"itemListElement\":[{\"@type\":\"ListItem\",\"@id\":\"https:\\\/\\\/nrcmachine.com\\\/pl#listItem\",\"position\":1,\"name\":\"Home\",\"item\":\"https:\\\/\\\/nrcmachine.com\\\/pl\",\"nextItem\":{\"@type\":\"ListItem\",\"@id\":\"https:\\\/\\\/nrcmachine.com\\\/pl\\\/product\\\/#listItem\",\"name\":\"Products\"}},{\"@type\":\"ListItem\",\"@id\":\"https:\\\/\\\/nrcmachine.com\\\/pl\\\/product\\\/#listItem\",\"position\":2,\"name\":\"Products\",\"item\":\"https:\\\/\\\/nrcmachine.com\\\/pl\\\/product\\\/\",\"nextItem\":{\"@type\":\"ListItem\",\"@id\":\"https:\\\/\\\/nrcmachine.com\\\/pl\\\/tag\\\/toilet-paper-making-machine\\\/#listItem\",\"name\":\"toilet paper making machine\"},\"previousItem\":{\"@type\":\"ListItem\",\"@id\":\"https:\\\/\\\/nrcmachine.com\\\/pl#listItem\",\"name\":\"Home\"}},{\"@type\":\"ListItem\",\"@id\":\"https:\\\/\\\/nrcmachine.com\\\/pl\\\/tag\\\/toilet-paper-making-machine\\\/#listItem\",\"position\":3,\"name\":\"toilet paper making machine\",\"item\":\"https:\\\/\\\/nrcmachine.com\\\/pl\\\/tag\\\/toilet-paper-making-machine\\\/\",\"nextItem\":{\"@type\":\"ListItem\",\"@id\":\"https:\\\/\\\/nrcmachine.com\\\/pl\\\/product\\\/toilet-tissue-paper-making-machine\\\/#listItem\",\"name\":\"Toilet Tissue Paper Making Machine\"},\"previousItem\":{\"@type\":\"ListItem\",\"@id\":\"https:\\\/\\\/nrcmachine.com\\\/pl\\\/product\\\/#listItem\",\"name\":\"Products\"}},{\"@type\":\"ListItem\",\"@id\":\"https:\\\/\\\/nrcmachine.com\\\/pl\\\/product\\\/toilet-tissue-paper-making-machine\\\/#listItem\",\"position\":4,\"name\":\"Toilet Tissue Paper Making Machine\",\"previousItem\":{\"@type\":\"ListItem\",\"@id\":\"https:\\\/\\\/nrcmachine.com\\\/pl\\\/tag\\\/toilet-paper-making-machine\\\/#listItem\",\"name\":\"toilet paper making machine\"}}]},{\"@type\":\"Organization\",\"@id\":\"https:\\\/\\\/nrcmachine.com\\\/pl\\\/#organization\",\"name\":\"Toilet Paper Machine, Paper Tube Machine | NRC Machine wordpress\",\"description\":\"Reliable Paper Machinery Solutions\",\"url\":\"https:\\\/\\\/nrcmachine.com\\\/pl\\\/\",\"email\":\"james@nrcmachine.com\",\"telephone\":\"+8615254213289\",\"foundingDate\":\"2023-11-01\",\"numberOfEmployees\":{\"@type\":\"QuantitativeValue\",\"minValue\":1,\"maxValue\":50},\"logo\":{\"@type\":\"ImageObject\",\"url\":\"https:\\\/\\\/nrcmachine.com\\\/wp-content\\\/uploads\\\/2026\\\/01\\\/logo23.png\",\"@id\":\"https:\\\/\\\/nrcmachine.com\\\/pl\\\/product\\\/toilet-tissue-paper-making-machine\\\/#organizationLogo\",\"width\":800,\"height\":800,\"caption\":\"logo for NRC MACHINE\"},\"image\":{\"@id\":\"https:\\\/\\\/nrcmachine.com\\\/pl\\\/product\\\/toilet-tissue-paper-making-machine\\\/#organizationLogo\"},\"sameAs\":[\"https:\\\/\\\/www.facebook.com\\\/james.gao.349938\",\"https:\\\/\\\/x.com\\\/JamesGao65335\",\"https:\\\/\\\/www.instagram.com\\\/jamesgao407?igsh=d2YybzFhMjY0YTl3\",\"https:\\\/\\\/www.tiktok.com\\\/@gyl20210118\",\"https:\\\/\\\/www.linkedin.com\\\/in\\\/--9a63583a9\\\/\"],\"address\":{\"@id\":\"https:\\\/\\\/nrcmachine.com\\\/pl\\\/#postaladdress\",\"@type\":\"PostalAddress\",\"streetAddress\":\"No..519,Jiangshan South Road,Huangdao,\",\"postalCode\":\"266500\",\"addressLocality\":\"Qingdao\",\"addressRegion\":\"Shandong Province\",\"addressCountry\":\"CN\"},\"taxID\":\"91370211MAD54P6P85\",\"vatID\":\"91370211MAD54P6P85\"},{\"@type\":\"WebPage\",\"@id\":\"https:\\\/\\\/nrcmachine.com\\\/pl\\\/product\\\/toilet-tissue-paper-making-machine\\\/#webpage\",\"url\":\"https:\\\/\\\/nrcmachine.com\\\/pl\\\/product\\\/toilet-tissue-paper-making-machine\\\/\",\"name\":\"Toilet Tissue Paper Making Machine - Qingdao New Richuan\",\"description\":\"From jumbo rolls to small rolls, NRC MACHINE\\u2019s toilet tissue paper making machine integrates cutting, rewinding, and packaging into a cohesive workflow.\",\"inLanguage\":\"pl-PL\",\"isPartOf\":{\"@id\":\"https:\\\/\\\/nrcmachine.com\\\/pl\\\/#website\"},\"breadcrumb\":{\"@id\":\"https:\\\/\\\/nrcmachine.com\\\/pl\\\/product\\\/toilet-tissue-paper-making-machine\\\/#breadcrumblist\"},\"image\":{\"@type\":\"ImageObject\",\"url\":\"https:\\\/\\\/nrcmachine.com\\\/wp-content\\\/uploads\\\/2025\\\/11\\\/toilet-tissue-paper-making-machine.webp\",\"@id\":\"https:\\\/\\\/nrcmachine.com\\\/pl\\\/product\\\/toilet-tissue-paper-making-machine\\\/#mainImage\",\"width\":680,\"height\":680,\"caption\":\"toilet tissue paper making machine\"},\"primaryImageOfPage\":{\"@id\":\"https:\\\/\\\/nrcmachine.com\\\/pl\\\/product\\\/toilet-tissue-paper-making-machine\\\/#mainImage\"},\"datePublished\":\"2025-11-10T15:11:43+08:00\",\"dateModified\":\"2025-12-31T12:39:31+08:00\"},{\"@type\":\"WebSite\",\"@id\":\"https:\\\/\\\/nrcmachine.com\\\/pl\\\/#website\",\"url\":\"https:\\\/\\\/nrcmachine.com\\\/pl\\\/\",\"name\":\"Toilet Paper Machine, Paper Tube Machine | NRC Machine\",\"alternateName\":\"Qingdao New Richuan Precision Machine Co.,Ltd\",\"description\":\"Reliable Paper Machinery Solutions\",\"inLanguage\":\"pl-PL\",\"publisher\":{\"@id\":\"https:\\\/\\\/nrcmachine.com\\\/pl\\\/#organization\"}}]}\n\t\t<\/script>\n\t\t<!-- All in One SEO Pro -->\r\n\t\t<title>Toilet Tissue Paper Making Machine - Qingdao New Richuan<\/title>\n\n","aioseo_head_json":{"title":"Maszyna do produkcji papieru toaletowego - Qingdao New Richuan","description":"Od du\u017cych rolek do ma\u0142ych rolek, maszyna do produkcji papieru toaletowego NRC MACHINE integruje ci\u0119cie, przewijanie i pakowanie w sp\u00f3jny przep\u0142yw pracy.","canonical_url":"https:\/\/nrcmachine.com\/pl\/product\/toilet-tissue-paper-making-machine\/","robots":"noodp, max-snippet:-1, max-image-preview:large, max-video-preview:-1","keywords":"","webmasterTools":{"miscellaneous":""},"schema":{"@context":"https:\/\/schema.org","@graph":[{"@type":"BreadcrumbList","@id":"https:\/\/nrcmachine.com\/pl\/product\/toilet-tissue-paper-making-machine\/#breadcrumblist","itemListElement":[{"@type":"ListItem","@id":"https:\/\/nrcmachine.com\/pl#listItem","position":1,"name":"Home","item":"https:\/\/nrcmachine.com\/pl","nextItem":{"@type":"ListItem","@id":"https:\/\/nrcmachine.com\/pl\/product\/#listItem","name":"Products"}},{"@type":"ListItem","@id":"https:\/\/nrcmachine.com\/pl\/product\/#listItem","position":2,"name":"Products","item":"https:\/\/nrcmachine.com\/pl\/product\/","nextItem":{"@type":"ListItem","@id":"https:\/\/nrcmachine.com\/pl\/tag\/toilet-paper-making-machine\/#listItem","name":"toilet paper making machine"},"previousItem":{"@type":"ListItem","@id":"https:\/\/nrcmachine.com\/pl#listItem","name":"Home"}},{"@type":"ListItem","@id":"https:\/\/nrcmachine.com\/pl\/tag\/toilet-paper-making-machine\/#listItem","position":3,"name":"toilet paper making machine","item":"https:\/\/nrcmachine.com\/pl\/tag\/toilet-paper-making-machine\/","nextItem":{"@type":"ListItem","@id":"https:\/\/nrcmachine.com\/pl\/product\/toilet-tissue-paper-making-machine\/#listItem","name":"Toilet Tissue Paper Making Machine"},"previousItem":{"@type":"ListItem","@id":"https:\/\/nrcmachine.com\/pl\/product\/#listItem","name":"Products"}},{"@type":"ListItem","@id":"https:\/\/nrcmachine.com\/pl\/product\/toilet-tissue-paper-making-machine\/#listItem","position":4,"name":"Toilet Tissue Paper Making Machine","previousItem":{"@type":"ListItem","@id":"https:\/\/nrcmachine.com\/pl\/tag\/toilet-paper-making-machine\/#listItem","name":"toilet paper making machine"}}]},{"@type":"Organization","@id":"https:\/\/nrcmachine.com\/pl\/#organization","name":"Toilet Paper Machine, Paper Tube Machine | NRC Machine wordpress","description":"Reliable Paper Machinery Solutions","url":"https:\/\/nrcmachine.com\/pl\/","email":"james@nrcmachine.com","telephone":"+8615254213289","foundingDate":"2023-11-01","numberOfEmployees":{"@type":"QuantitativeValue","minValue":1,"maxValue":50},"logo":{"@type":"ImageObject","url":"https:\/\/nrcmachine.com\/wp-content\/uploads\/2026\/01\/logo23.png","@id":"https:\/\/nrcmachine.com\/pl\/product\/toilet-tissue-paper-making-machine\/#organizationLogo","width":800,"height":800,"caption":"logo for NRC MACHINE"},"image":{"@id":"https:\/\/nrcmachine.com\/pl\/product\/toilet-tissue-paper-making-machine\/#organizationLogo"},"sameAs":["https:\/\/www.facebook.com\/james.gao.349938","https:\/\/x.com\/JamesGao65335","https:\/\/www.instagram.com\/jamesgao407?igsh=d2YybzFhMjY0YTl3","https:\/\/www.tiktok.com\/@gyl20210118","https:\/\/www.linkedin.com\/in\/--9a63583a9\/"],"address":{"@id":"https:\/\/nrcmachine.com\/pl\/#postaladdress","@type":"PostalAddress","streetAddress":"No..519,Jiangshan South Road,Huangdao,","postalCode":"266500","addressLocality":"Qingdao","addressRegion":"Shandong Province","addressCountry":"CN"},"taxID":"91370211MAD54P6P85","vatID":"91370211MAD54P6P85"},{"@type":"WebPage","@id":"https:\/\/nrcmachine.com\/pl\/product\/toilet-tissue-paper-making-machine\/#webpage","url":"https:\/\/nrcmachine.com\/pl\/product\/toilet-tissue-paper-making-machine\/","name":"Toilet Tissue Paper Making Machine - Qingdao New Richuan","description":"From jumbo rolls to small rolls, NRC MACHINE\u2019s toilet tissue paper making machine integrates cutting, rewinding, and packaging into a cohesive workflow.","inLanguage":"pl-PL","isPartOf":{"@id":"https:\/\/nrcmachine.com\/pl\/#website"},"breadcrumb":{"@id":"https:\/\/nrcmachine.com\/pl\/product\/toilet-tissue-paper-making-machine\/#breadcrumblist"},"image":{"@type":"ImageObject","url":"https:\/\/nrcmachine.com\/wp-content\/uploads\/2025\/11\/toilet-tissue-paper-making-machine.webp","@id":"https:\/\/nrcmachine.com\/pl\/product\/toilet-tissue-paper-making-machine\/#mainImage","width":680,"height":680,"caption":"toilet tissue paper making machine"},"primaryImageOfPage":{"@id":"https:\/\/nrcmachine.com\/pl\/product\/toilet-tissue-paper-making-machine\/#mainImage"},"datePublished":"2025-11-10T15:11:43+08:00","dateModified":"2025-12-31T12:39:31+08:00"},{"@type":"WebSite","@id":"https:\/\/nrcmachine.com\/pl\/#website","url":"https:\/\/nrcmachine.com\/pl\/","name":"Toilet Paper Machine, Paper Tube Machine | NRC Machine","alternateName":"Qingdao New Richuan Precision Machine Co.,Ltd","description":"Reliable Paper Machinery Solutions","inLanguage":"pl-PL","publisher":{"@id":"https:\/\/nrcmachine.com\/pl\/#organization"}}]},"og:locale":"pl_PL","og:site_name":"Toilet Paper Machine, Paper Tube Machine | NRC Machine - Reliable Paper Machinery Solutions","og:type":"article","og:title":"Toilet Tissue Paper Making Machine - Qingdao New Richuan","og:description":"From jumbo rolls to small rolls, NRC MACHINE\u2019s toilet tissue paper making machine integrates cutting, rewinding, and packaging into a cohesive workflow.","og:url":"https:\/\/nrcmachine.com\/pl\/product\/toilet-tissue-paper-making-machine\/","og:image":"https:\/\/nrcmachine.com\/wp-content\/uploads\/2025\/11\/toilet-tissue-paper-making-machine.webp","og:image:secure_url":"https:\/\/nrcmachine.com\/wp-content\/uploads\/2025\/11\/toilet-tissue-paper-making-machine.webp","og:image:width":680,"og:image:height":680,"article:published_time":"2025-11-10T07:11:43+00:00","article:modified_time":"2025-12-31T04:39:31+00:00","article:publisher":"https:\/\/www.facebook.com\/james.gao.349938","twitter:card":"summary","twitter:site":"@JamesGao65335","twitter:title":"Toilet Tissue Paper Making Machine - Qingdao New Richuan","twitter:description":"From jumbo rolls to small rolls, NRC MACHINE\u2019s toilet tissue paper making machine integrates cutting, rewinding, and packaging into a cohesive workflow.","twitter:image":"https:\/\/nrcmachine.com\/wp-content\/uploads\/2025\/11\/toilet-tissue-paper-making-machine.webp"},"aioseo_meta_data":{"post_id":"2056","title":"#post_title #separator_sa Qingdao New Richuan","description":"Od du\u017cych rolek do ma\u0142ych rolek, maszyna do produkcji papieru toaletowego NRC MACHINE integruje ci\u0119cie, przewijanie i pakowanie w sp\u00f3jny przep\u0142yw pracy.","keywords":null,"keyphrases":{"focus":{"keyphrase":"tissue paper making machine","score":100,"analysis":{"keyphraseInTitle":{"score":9,"maxScore":9,"error":0},"keyphraseInDescription":{"score":9,"maxScore":9,"error":0},"keyphraseLength":{"score":9,"maxScore":9,"error":0,"length":4},"keyphraseInURL":{"score":5,"maxScore":5,"error":0},"keyphraseInIntroduction":{"score":9,"maxScore":9,"error":0},"keyphraseInSubHeadings":{"score":9,"maxScore":9,"error":0},"keyphraseInImageAlt":[],"keywordDensity":{"type":"best","score":9,"maxScore":9,"error":0}}},"additional":[]},"primary_term":null,"canonical_url":null,"og_title":null,"og_description":null,"og_object_type":"default","og_image_type":"default","og_image_url":null,"og_image_width":null,"og_image_height":null,"og_image_custom_url":null,"og_image_custom_fields":null,"og_video":"","og_custom_url":null,"og_article_section":null,"og_article_tags":null,"twitter_use_og":false,"twitter_card":"default","twitter_image_type":"default","twitter_image_url":null,"twitter_image_custom_url":null,"twitter_image_custom_fields":null,"twitter_title":null,"twitter_description":null,"schema":{"blockGraphs":[],"customGraphs":[],"default":{"data":{"Article":[],"Course":[],"Dataset":[],"FAQPage":[],"Movie":[],"Person":[],"Product":[],"ProductReview":[],"Car":[],"Recipe":[],"Service":[],"SoftwareApplication":[],"WebPage":[]},"graphName":"ItemPage","isEnabled":true},"graphs":[]},"schema_type":"default","schema_type_options":null,"pillar_content":false,"robots_default":true,"robots_noindex":false,"robots_noarchive":false,"robots_nosnippet":false,"robots_nofollow":false,"robots_noimageindex":false,"robots_noodp":false,"robots_notranslate":false,"robots_max_snippet":"-1","robots_max_videopreview":"-1","robots_max_imagepreview":"large","priority":null,"frequency":"default","local_seo":null,"seo_analyzer_scan_date":"2026-02-13 03:12:05","breadcrumb_settings":null,"limit_modified_date":false,"reviewed_by":null,"open_ai":null,"ai":{"faqs":[],"keyPoints":[],"titles":[],"descriptions":[],"socialPosts":{"email":[],"linkedin":[],"twitter":[],"facebook":[],"instagram":[]}},"created":"2025-12-11 08:39:32","updated":"2026-02-13 06:52:16"},"aioseo_breadcrumb":"<div class=\"aioseo-breadcrumbs\"><span class=\"aioseo-breadcrumb\">\n\t<a href=\"https:\/\/nrcmachine.com\/pl\" title=\"Home\">Home<\/a>\n<\/span><span class=\"aioseo-breadcrumb-separator\">\u00bb<\/span><span class=\"aioseo-breadcrumb\">\n\t<a href=\"https:\/\/nrcmachine.com\/pl\/product\/\" title=\"Products\">Products<\/a>\n<\/span><span class=\"aioseo-breadcrumb-separator\">\u00bb<\/span><span class=\"aioseo-breadcrumb\">\n\t<a href=\"https:\/\/nrcmachine.com\/pl\/tag\/toilet-paper-making-machine\/\" title=\"toilet paper making machine\">toilet paper making machine<\/a>\n<\/span><span class=\"aioseo-breadcrumb-separator\">\u00bb<\/span><span class=\"aioseo-breadcrumb\">\n\tToilet Tissue Paper Making Machine\n<\/span><\/div>","aioseo_breadcrumb_json":[{"label":"Home","link":"https:\/\/nrcmachine.com\/pl"},{"label":"Products","link":"https:\/\/nrcmachine.com\/pl\/product\/"},{"label":"toilet paper making machine","link":"https:\/\/nrcmachine.com\/pl\/tag\/toilet-paper-making-machine\/"},{"label":"Toilet Tissue Paper Making Machine","link":"https:\/\/nrcmachine.com\/pl\/product\/toilet-tissue-paper-making-machine\/"}],"_links":{"self":[{"href":"https:\/\/nrcmachine.com\/pl\/wp-json\/wp\/v2\/product\/2056","targetHints":{"allow":["GET"]}}],"collection":[{"href":"https:\/\/nrcmachine.com\/pl\/wp-json\/wp\/v2\/product"}],"about":[{"href":"https:\/\/nrcmachine.com\/pl\/wp-json\/wp\/v2\/types\/product"}],"version-history":[{"count":0,"href":"https:\/\/nrcmachine.com\/pl\/wp-json\/wp\/v2\/product\/2056\/revisions"}],"wp:featuredmedia":[{"embeddable":true,"href":"https:\/\/nrcmachine.com\/pl\/wp-json\/wp\/v2\/media\/3496"}],"wp:attachment":[{"href":"https:\/\/nrcmachine.com\/pl\/wp-json\/wp\/v2\/media?parent=2056"}],"wp:term":[{"taxonomy":"post_tag","embeddable":true,"href":"https:\/\/nrcmachine.com\/pl\/wp-json\/wp\/v2\/tags?post=2056"},{"taxonomy":"products","embeddable":true,"href":"https:\/\/nrcmachine.com\/pl\/wp-json\/wp\/v2\/products?post=2056"}],"curies":[{"name":"wp","href":"https:\/\/api.w.org\/{rel}","templated":true}]}}