 {"id":2068,"date":"2025-11-11T19:59:57","date_gmt":"2025-11-11T11:59:57","guid":{"rendered":"https:\/\/nrcmachine.com\/?post_type=product&#038;p=2068"},"modified":"2026-03-08T17:55:53","modified_gmt":"2026-03-08T09:55:53","slug":"toilet-paper-production-machine","status":"publish","type":"product","link":"https:\/\/nrcmachine.com\/pl\/product\/toilet-paper-production-machine\/","title":{"rendered":"Maszyna do produkcji papieru toaletowego"},"content":{"rendered":"<h3 style=\"text-align: center;\"><strong><a href=\"https:\/\/nrcmachinery.com\/Best-Price-Industrial-Toilet-Paper-Making-Machine.html\">Maszyna do produkcji papieru toaletowego<\/a>: Wydajno\u015b\u0107 na nowo zdefiniowana przez <a href=\"https:\/\/nrcmachine.com\">NRC MACHINE<\/a><\/strong><\/h3>\n<div class=\"ast-oembed-container\" style=\"height: 100%;\"><iframe title=\"Cena ma\u0142ej maszyny do produkcji papieru toaletowego\" width=\"500\" height=\"281\" src=\"https:\/\/www.youtube.com\/embed\/P8v7D48-87c?feature=oembed\" frameborder=\"0\" allow=\"accelerometer; autoplay; clipboard-write; encrypted-media; gyroscope; picture-in-picture; web-share\" referrerpolicy=\"strict-origin-when-cross-origin\" allowfullscreen><\/iframe><\/div>\n<h4><strong>Zaawansowany <a href=\"https:\/\/nrcmachinery.com\/Best-Price-Industrial-Toilet-Paper-Making-Machine.html\">Maszyna do produkcji papieru toaletowego<\/a> dla nowoczesnej produkcji<\/strong><\/h4>\n<p><a href=\"https:\/\/nrcmachine.com\/\">NRC MACHINE<\/a> zapewnia wysok\u0105 wydajno\u015b\u0107 <a href=\"https:\/\/nrcmachinery.com\/Best-Price-Industrial-Toilet-Paper-Making-Machine.html\"><strong>linia do produkcji papieru toaletowego<\/strong><\/a>\u00a0zaprojektowany z my\u015bl\u0105 o bezproblemowej integracji z nowoczesnymi liniami produkcyjnymi tkanek. Zaprojektowany z my\u015bl\u0105 o precyzji i szybko\u015bci, system ten zapewnia sta\u0142\u0105 jako\u015b\u0107 od surowca do gotowego produktu. Maszyna obs\u0142uguje r\u00f3\u017cne gatunki i grubo\u015bci papieru, spe\u0142niaj\u0105c r\u00f3\u017cnorodne wymagania rynku przy minimalnym czasie przestoju.<\/p>\n<h4><strong>Precyzyjne ci\u0119cie zapewniaj\u0105ce sta\u0142\u0105 wydajno\u015b\u0107<\/strong><\/h4>\n<p>Jednostka tn\u0105ca jest kluczowym elementem <a href=\"https:\/\/nrcmachine.com\/\"><strong>maszyna do produkcji papieru toaletowego<\/strong><\/a>. Wykorzystuj\u0105c ostre, trwa\u0142e ostrza i sterowane komputerowo ustawienia, zapewnia czyste, dok\u0142adne ci\u0119cie w ka\u017cdym cyklu. Niezale\u017cnie od tego, czy produkowane s\u0105 standardowe, czy niestandardowe rozmiary rolek, modu\u0142 tn\u0105cy zachowuje jednolito\u015b\u0107, zmniejszaj\u0105c ilo\u015b\u0107 odpad\u00f3w i poprawiaj\u0105c og\u00f3ln\u0105 wydajno\u015b\u0107. Jego modu\u0142owa konstrukcja pozwala na szybk\u0105 wymian\u0119, wspieraj\u0105c elastyczne harmonogramy produkcji.<\/p>\n<h4><strong>Szybka integracja przewijarki i pakowania<\/strong><\/h4>\n<p>Po ci\u0119ciu centralne miejsce zajmuje przewijarka. Przewijarka ta zosta\u0142a skonstruowana do pracy ci\u0105g\u0142ej, zapewniaj\u0105c ciasne, r\u00f3wne rolki bez zmarszczek i niewsp\u00f3\u0142osiowo\u015bci. Wyposa\u017cony w automatyczn\u0105 kontrol\u0119 napr\u0119\u017cenia, dostosowuje si\u0119 do r\u00f3\u017cnych rodzaj\u00f3w papieru, zachowuj\u0105c integralno\u015b\u0107 rolki. Zintegrowany z maszyn\u0105 pakuj\u0105c\u0105 system zapewnia p\u0142ynne przej\u015bcie od przewijania do ko\u0144cowego pakowania.<\/p>\n<p>Opakowanie <a href='https:\/\/nrcmachine.com\/product\/paper-core-machine-for-packing-tape\/'>Maszyna oferuje wiele konfiguracji - flow pack<\/a>, pakowanie w foli\u0119 termokurczliw\u0105 lub w worki - w zale\u017cno\u015bci od potrzeb klienta. Dzi\u0119ki automatycznym funkcjom etykietowania i liczenia zmniejsza nak\u0142ad pracy r\u0119cznej i poprawia identyfikowalno\u015b\u0107. Razem, maszyna do ci\u0119cia, przewijania i pakowania tworz\u0105 sp\u00f3jn\u0105 jednostk\u0119 w ramach urz\u0105dzenia. <a href=\"https:\/\/nrcmachine.com\/\"><strong>linia do produkcji papieru toaletowego <\/strong><\/a>ekosystem.<\/p>\n<h4><strong>Niezawodno\u015b\u0107, automatyzacja i wsparcie<\/strong><\/h4>\n<p><a href=\"https:\/\/nrcmachine.com\/\">NRC MACHINE<\/a> k\u0142adzie nacisk na automatyzacj\u0119, bezpiecze\u0144stwo i \u0142atwo\u015b\u0107 konserwacji. Ca\u0142a linia jest sterowana za pomoc\u0105 intuicyjnego panelu HMI, umo\u017cliwiaj\u0105cego operatorom monitorowanie wydajno\u015bci i dostosowywanie ustawie\u0144 w czasie rzeczywistym. Zdalna diagnostyka i wsparcie techniczne zapewniaj\u0105 minimalne zak\u0142\u00f3cenia.<\/p>\n<p>Wybierz <a href=\"https:\/\/nrcmachine.com\/\">NRC MACHINE<\/a> dla kompletnego rozwi\u0105zania, w kt\u00f3rym innowacja \u0142\u0105czy si\u0119 z niezawodno\u015bci\u0105. Od ci\u0119cia przez przewijanie po pakowanie, nasze <a href=\"https:\/\/nrcmachine.com\/products\/toilet-paper-making-machine\/\"><strong>maszyna do produkcji papieru toaletowego<\/strong><\/a>\u00a0wyznacza standardy doskona\u0142o\u015bci.<\/p>","protected":false},"featured_media":2069,"template":"","meta":{"_acf_changed":false,"_monsterinsights_skip_tracking":false,"_monsterinsights_sitenote_active":false,"_monsterinsights_sitenote_note":"","_monsterinsights_sitenote_category":0,"site-sidebar-layout":"default","site-content-layout":"","ast-site-content-layout":"default","site-content-style":"default","site-sidebar-style":"default","ast-global-header-display":"","ast-banner-title-visibility":"","ast-main-header-display":"","ast-hfb-above-header-display":"","ast-hfb-below-header-display":"","ast-hfb-mobile-header-display":"","site-post-title":"","ast-breadcrumbs-content":"","ast-featured-img":"","footer-sml-layout":"","theme-transparent-header-meta":"default","adv-header-id-meta":"","stick-header-meta":"default","header-above-stick-meta":"","header-main-stick-meta":"","header-below-stick-meta":"","astra-migrate-meta-layouts":"set","ast-page-background-enabled":"default","ast-page-background-meta":{"desktop":{"background-color":"var(--ast-global-color-4)","background-image":"","background-repeat":"repeat","background-position":"center center","background-size":"auto","background-attachment":"scroll","background-type":"","background-media":"","overlay-type":"","overlay-color":"","overlay-opacity":"","overlay-gradient":""},"tablet":{"background-color":"","background-image":"","background-repeat":"repeat","background-position":"center center","background-size":"auto","background-attachment":"scroll","background-type":"","background-media":"","overlay-type":"","overlay-color":"","overlay-opacity":"","overlay-gradient":""},"mobile":{"background-color":"","background-image":"","background-repeat":"repeat","background-position":"center center","background-size":"auto","background-attachment":"scroll","background-type":"","background-media":"","overlay-type":"","overlay-color":"","overlay-opacity":"","overlay-gradient":""}},"ast-content-background-meta":{"desktop":{"background-color":"var(--ast-global-color-5)","background-image":"","background-repeat":"repeat","background-position":"center center","background-size":"auto","background-attachment":"scroll","background-type":"","background-media":"","overlay-type":"","overlay-color":"","overlay-opacity":"","overlay-gradient":""},"tablet":{"background-color":"var(--ast-global-color-5)","background-image":"","background-repeat":"repeat","background-position":"center center","background-size":"auto","background-attachment":"scroll","background-type":"","background-media":"","overlay-type":"","overlay-color":"","overlay-opacity":"","overlay-gradient":""},"mobile":{"background-color":"var(--ast-global-color-5)","background-image":"","background-repeat":"repeat","background-position":"center center","background-size":"auto","background-attachment":"scroll","background-type":"","background-media":"","overlay-type":"","overlay-color":"","overlay-opacity":"","overlay-gradient":""}}},"tags":[56],"products":[47],"class_list":["post-2068","product","type-product","status-publish","has-post-thumbnail","hentry","tag-toilet-paper-making-machine","products-toilet-paper-making-machine"],"acf":[],"aioseo_notices":[],"aioseo_head":"\n\t\t<!-- All in One SEO Pro 4.9.2 - aioseo.com -->\n\t<meta name=\"description\" content=\"NRC MACHINE delivers a high-performance toilet paper production machine line designed for seamless integration into modern tissue production lines.\" \/>\n\t<meta name=\"robots\" content=\"noodp, max-snippet:-1, max-image-preview:large, max-video-preview:-1\" \/>\n\t<link rel=\"canonical\" href=\"https:\/\/nrcmachine.com\/pl\/product\/toilet-paper-production-machine\/\" \/>\n\t<meta name=\"generator\" content=\"All in One SEO Pro (AIOSEO) 4.9.2\" \/>\n\t\t<meta property=\"og:locale\" content=\"pl_PL\" \/>\n\t\t<meta property=\"og:site_name\" content=\"Toilet Paper Machine, Paper Tube Machine | NRC Machine - Reliable Paper Machinery Solutions\" \/>\n\t\t<meta property=\"og:type\" content=\"article\" \/>\n\t\t<meta property=\"og:title\" content=\"Toilet Paper Production Machine - QINGDAO NEW RICHUAN\" \/>\n\t\t<meta property=\"og:description\" content=\"NRC MACHINE delivers a high-performance toilet paper production machine line designed for seamless integration into modern tissue production lines.\" \/>\n\t\t<meta property=\"og:url\" content=\"https:\/\/nrcmachine.com\/pl\/product\/toilet-paper-production-machine\/\" \/>\n\t\t<meta property=\"og:image\" content=\"https:\/\/nrcmachine.com\/wp-content\/uploads\/2025\/11\/toilet-paper-making-machine-7.webp\" \/>\n\t\t<meta property=\"og:image:secure_url\" content=\"https:\/\/nrcmachine.com\/wp-content\/uploads\/2025\/11\/toilet-paper-making-machine-7.webp\" \/>\n\t\t<meta property=\"og:image:width\" content=\"800\" \/>\n\t\t<meta property=\"og:image:height\" content=\"800\" \/>\n\t\t<meta property=\"article:published_time\" content=\"2025-11-11T11:59:57+00:00\" \/>\n\t\t<meta property=\"article:modified_time\" content=\"2026-03-08T09:55:53+00:00\" \/>\n\t\t<meta property=\"article:publisher\" content=\"https:\/\/www.facebook.com\/james.gao.349938\" \/>\n\t\t<meta name=\"twitter:card\" content=\"summary\" \/>\n\t\t<meta name=\"twitter:site\" content=\"@JamesGao65335\" \/>\n\t\t<meta name=\"twitter:title\" content=\"Toilet Paper Production Machine - QINGDAO NEW RICHUAN\" \/>\n\t\t<meta name=\"twitter:description\" content=\"NRC MACHINE delivers a high-performance toilet paper production machine line designed for seamless integration into modern tissue production lines.\" \/>\n\t\t<meta name=\"twitter:image\" content=\"https:\/\/nrcmachine.com\/wp-content\/uploads\/2025\/11\/toilet-paper-making-machine-7.webp\" \/>\n\t\t<script type=\"application\/ld+json\" class=\"aioseo-schema\">\n\t\t\t{\"@context\":\"https:\\\/\\\/schema.org\",\"@graph\":[{\"@type\":\"BreadcrumbList\",\"@id\":\"https:\\\/\\\/nrcmachine.com\\\/pl\\\/product\\\/toilet-paper-production-machine\\\/#breadcrumblist\",\"itemListElement\":[{\"@type\":\"ListItem\",\"@id\":\"https:\\\/\\\/nrcmachine.com\\\/pl#listItem\",\"position\":1,\"name\":\"Home\",\"item\":\"https:\\\/\\\/nrcmachine.com\\\/pl\",\"nextItem\":{\"@type\":\"ListItem\",\"@id\":\"https:\\\/\\\/nrcmachine.com\\\/pl\\\/product\\\/#listItem\",\"name\":\"Products\"}},{\"@type\":\"ListItem\",\"@id\":\"https:\\\/\\\/nrcmachine.com\\\/pl\\\/product\\\/#listItem\",\"position\":2,\"name\":\"Products\",\"item\":\"https:\\\/\\\/nrcmachine.com\\\/pl\\\/product\\\/\",\"nextItem\":{\"@type\":\"ListItem\",\"@id\":\"https:\\\/\\\/nrcmachine.com\\\/pl\\\/tag\\\/toilet-paper-making-machine\\\/#listItem\",\"name\":\"toilet paper making machine\"},\"previousItem\":{\"@type\":\"ListItem\",\"@id\":\"https:\\\/\\\/nrcmachine.com\\\/pl#listItem\",\"name\":\"Home\"}},{\"@type\":\"ListItem\",\"@id\":\"https:\\\/\\\/nrcmachine.com\\\/pl\\\/tag\\\/toilet-paper-making-machine\\\/#listItem\",\"position\":3,\"name\":\"toilet paper making machine\",\"item\":\"https:\\\/\\\/nrcmachine.com\\\/pl\\\/tag\\\/toilet-paper-making-machine\\\/\",\"nextItem\":{\"@type\":\"ListItem\",\"@id\":\"https:\\\/\\\/nrcmachine.com\\\/pl\\\/product\\\/toilet-paper-production-machine\\\/#listItem\",\"name\":\"Toilet Paper Production Machine\"},\"previousItem\":{\"@type\":\"ListItem\",\"@id\":\"https:\\\/\\\/nrcmachine.com\\\/pl\\\/product\\\/#listItem\",\"name\":\"Products\"}},{\"@type\":\"ListItem\",\"@id\":\"https:\\\/\\\/nrcmachine.com\\\/pl\\\/product\\\/toilet-paper-production-machine\\\/#listItem\",\"position\":4,\"name\":\"Toilet Paper Production Machine\",\"previousItem\":{\"@type\":\"ListItem\",\"@id\":\"https:\\\/\\\/nrcmachine.com\\\/pl\\\/tag\\\/toilet-paper-making-machine\\\/#listItem\",\"name\":\"toilet paper making machine\"}}]},{\"@type\":\"Organization\",\"@id\":\"https:\\\/\\\/nrcmachine.com\\\/pl\\\/#organization\",\"name\":\"Toilet Paper Machine, Paper Tube Machine | NRC Machine wordpress\",\"description\":\"Reliable Paper Machinery Solutions\",\"url\":\"https:\\\/\\\/nrcmachine.com\\\/pl\\\/\",\"email\":\"james@nrcmachine.com\",\"telephone\":\"+8615254213289\",\"foundingDate\":\"2023-11-01\",\"numberOfEmployees\":{\"@type\":\"QuantitativeValue\",\"minValue\":1,\"maxValue\":50},\"logo\":{\"@type\":\"ImageObject\",\"url\":\"https:\\\/\\\/nrcmachine.com\\\/wp-content\\\/uploads\\\/2026\\\/01\\\/logo23.png\",\"@id\":\"https:\\\/\\\/nrcmachine.com\\\/pl\\\/product\\\/toilet-paper-production-machine\\\/#organizationLogo\",\"width\":800,\"height\":800,\"caption\":\"logo for NRC MACHINE\"},\"image\":{\"@id\":\"https:\\\/\\\/nrcmachine.com\\\/pl\\\/product\\\/toilet-paper-production-machine\\\/#organizationLogo\"},\"sameAs\":[\"https:\\\/\\\/www.facebook.com\\\/james.gao.349938\",\"https:\\\/\\\/x.com\\\/JamesGao65335\",\"https:\\\/\\\/www.instagram.com\\\/jamesgao407?igsh=d2YybzFhMjY0YTl3\",\"https:\\\/\\\/www.tiktok.com\\\/@gyl20210118\",\"https:\\\/\\\/www.linkedin.com\\\/in\\\/--9a63583a9\\\/\"],\"address\":{\"@id\":\"https:\\\/\\\/nrcmachine.com\\\/pl\\\/#postaladdress\",\"@type\":\"PostalAddress\",\"streetAddress\":\"No..519,Jiangshan South Road,Huangdao,\",\"postalCode\":\"266500\",\"addressLocality\":\"Qingdao\",\"addressRegion\":\"Shandong Province\",\"addressCountry\":\"CN\"},\"taxID\":\"91370211MAD54P6P85\",\"vatID\":\"91370211MAD54P6P85\"},{\"@type\":\"WebPage\",\"@id\":\"https:\\\/\\\/nrcmachine.com\\\/pl\\\/product\\\/toilet-paper-production-machine\\\/#webpage\",\"url\":\"https:\\\/\\\/nrcmachine.com\\\/pl\\\/product\\\/toilet-paper-production-machine\\\/\",\"name\":\"Toilet Paper Production Machine - QINGDAO NEW RICHUAN\",\"description\":\"NRC MACHINE delivers a high-performance toilet paper production machine line designed for seamless integration into modern tissue production lines.\",\"inLanguage\":\"pl-PL\",\"isPartOf\":{\"@id\":\"https:\\\/\\\/nrcmachine.com\\\/pl\\\/#website\"},\"breadcrumb\":{\"@id\":\"https:\\\/\\\/nrcmachine.com\\\/pl\\\/product\\\/toilet-paper-production-machine\\\/#breadcrumblist\"},\"image\":{\"@type\":\"ImageObject\",\"url\":\"https:\\\/\\\/nrcmachine.com\\\/wp-content\\\/uploads\\\/2025\\\/11\\\/toilet-paper-making-machine-7.webp\",\"@id\":\"https:\\\/\\\/nrcmachine.com\\\/pl\\\/product\\\/toilet-paper-production-machine\\\/#mainImage\",\"width\":800,\"height\":800,\"caption\":\"toilet paper production machine\"},\"primaryImageOfPage\":{\"@id\":\"https:\\\/\\\/nrcmachine.com\\\/pl\\\/product\\\/toilet-paper-production-machine\\\/#mainImage\"},\"datePublished\":\"2025-11-11T19:59:57+08:00\",\"dateModified\":\"2026-03-08T17:55:53+08:00\"},{\"@type\":\"WebSite\",\"@id\":\"https:\\\/\\\/nrcmachine.com\\\/pl\\\/#website\",\"url\":\"https:\\\/\\\/nrcmachine.com\\\/pl\\\/\",\"name\":\"Toilet Paper Machine, Paper Tube Machine | NRC Machine\",\"alternateName\":\"Qingdao New Richuan Precision Machine Co.,Ltd\",\"description\":\"Reliable Paper Machinery Solutions\",\"inLanguage\":\"pl-PL\",\"publisher\":{\"@id\":\"https:\\\/\\\/nrcmachine.com\\\/pl\\\/#organization\"}}]}\n\t\t<\/script>\n\t\t<!-- All in One SEO Pro -->\r\n\t\t<title>Toilet Paper Production Machine - QINGDAO NEW RICHUAN<\/title>\n\n","aioseo_head_json":{"title":"Maszyna do produkcji papieru toaletowego - QINGDAO NEW RICHUAN","description":"NRC MACHINE dostarcza wysokowydajn\u0105 lini\u0119 maszyn do produkcji papieru toaletowego zaprojektowan\u0105 z my\u015bl\u0105 o bezproblemowej integracji z nowoczesnymi liniami do produkcji chusteczek higienicznych.","canonical_url":"https:\/\/nrcmachine.com\/pl\/product\/toilet-paper-production-machine\/","robots":"noodp, max-snippet:-1, max-image-preview:large, max-video-preview:-1","keywords":"","webmasterTools":{"miscellaneous":""},"schema":{"@context":"https:\/\/schema.org","@graph":[{"@type":"BreadcrumbList","@id":"https:\/\/nrcmachine.com\/pl\/product\/toilet-paper-production-machine\/#breadcrumblist","itemListElement":[{"@type":"ListItem","@id":"https:\/\/nrcmachine.com\/pl#listItem","position":1,"name":"Home","item":"https:\/\/nrcmachine.com\/pl","nextItem":{"@type":"ListItem","@id":"https:\/\/nrcmachine.com\/pl\/product\/#listItem","name":"Products"}},{"@type":"ListItem","@id":"https:\/\/nrcmachine.com\/pl\/product\/#listItem","position":2,"name":"Products","item":"https:\/\/nrcmachine.com\/pl\/product\/","nextItem":{"@type":"ListItem","@id":"https:\/\/nrcmachine.com\/pl\/tag\/toilet-paper-making-machine\/#listItem","name":"toilet paper making machine"},"previousItem":{"@type":"ListItem","@id":"https:\/\/nrcmachine.com\/pl#listItem","name":"Home"}},{"@type":"ListItem","@id":"https:\/\/nrcmachine.com\/pl\/tag\/toilet-paper-making-machine\/#listItem","position":3,"name":"toilet paper making machine","item":"https:\/\/nrcmachine.com\/pl\/tag\/toilet-paper-making-machine\/","nextItem":{"@type":"ListItem","@id":"https:\/\/nrcmachine.com\/pl\/product\/toilet-paper-production-machine\/#listItem","name":"Toilet Paper Production Machine"},"previousItem":{"@type":"ListItem","@id":"https:\/\/nrcmachine.com\/pl\/product\/#listItem","name":"Products"}},{"@type":"ListItem","@id":"https:\/\/nrcmachine.com\/pl\/product\/toilet-paper-production-machine\/#listItem","position":4,"name":"Toilet Paper Production Machine","previousItem":{"@type":"ListItem","@id":"https:\/\/nrcmachine.com\/pl\/tag\/toilet-paper-making-machine\/#listItem","name":"toilet paper making machine"}}]},{"@type":"Organization","@id":"https:\/\/nrcmachine.com\/pl\/#organization","name":"Toilet Paper Machine, Paper Tube Machine | NRC Machine wordpress","description":"Reliable Paper Machinery Solutions","url":"https:\/\/nrcmachine.com\/pl\/","email":"james@nrcmachine.com","telephone":"+8615254213289","foundingDate":"2023-11-01","numberOfEmployees":{"@type":"QuantitativeValue","minValue":1,"maxValue":50},"logo":{"@type":"ImageObject","url":"https:\/\/nrcmachine.com\/wp-content\/uploads\/2026\/01\/logo23.png","@id":"https:\/\/nrcmachine.com\/pl\/product\/toilet-paper-production-machine\/#organizationLogo","width":800,"height":800,"caption":"logo for NRC MACHINE"},"image":{"@id":"https:\/\/nrcmachine.com\/pl\/product\/toilet-paper-production-machine\/#organizationLogo"},"sameAs":["https:\/\/www.facebook.com\/james.gao.349938","https:\/\/x.com\/JamesGao65335","https:\/\/www.instagram.com\/jamesgao407?igsh=d2YybzFhMjY0YTl3","https:\/\/www.tiktok.com\/@gyl20210118","https:\/\/www.linkedin.com\/in\/--9a63583a9\/"],"address":{"@id":"https:\/\/nrcmachine.com\/pl\/#postaladdress","@type":"PostalAddress","streetAddress":"No..519,Jiangshan South Road,Huangdao,","postalCode":"266500","addressLocality":"Qingdao","addressRegion":"Shandong Province","addressCountry":"CN"},"taxID":"91370211MAD54P6P85","vatID":"91370211MAD54P6P85"},{"@type":"WebPage","@id":"https:\/\/nrcmachine.com\/pl\/product\/toilet-paper-production-machine\/#webpage","url":"https:\/\/nrcmachine.com\/pl\/product\/toilet-paper-production-machine\/","name":"Toilet Paper Production Machine - QINGDAO NEW RICHUAN","description":"NRC MACHINE delivers a high-performance toilet paper production machine line designed for seamless integration into modern tissue production lines.","inLanguage":"pl-PL","isPartOf":{"@id":"https:\/\/nrcmachine.com\/pl\/#website"},"breadcrumb":{"@id":"https:\/\/nrcmachine.com\/pl\/product\/toilet-paper-production-machine\/#breadcrumblist"},"image":{"@type":"ImageObject","url":"https:\/\/nrcmachine.com\/wp-content\/uploads\/2025\/11\/toilet-paper-making-machine-7.webp","@id":"https:\/\/nrcmachine.com\/pl\/product\/toilet-paper-production-machine\/#mainImage","width":800,"height":800,"caption":"toilet paper production machine"},"primaryImageOfPage":{"@id":"https:\/\/nrcmachine.com\/pl\/product\/toilet-paper-production-machine\/#mainImage"},"datePublished":"2025-11-11T19:59:57+08:00","dateModified":"2026-03-08T17:55:53+08:00"},{"@type":"WebSite","@id":"https:\/\/nrcmachine.com\/pl\/#website","url":"https:\/\/nrcmachine.com\/pl\/","name":"Toilet Paper Machine, Paper Tube Machine | NRC Machine","alternateName":"Qingdao New Richuan Precision Machine Co.,Ltd","description":"Reliable Paper Machinery Solutions","inLanguage":"pl-PL","publisher":{"@id":"https:\/\/nrcmachine.com\/pl\/#organization"}}]},"og:locale":"pl_PL","og:site_name":"Toilet Paper Machine, Paper Tube Machine | NRC Machine - Reliable Paper Machinery Solutions","og:type":"article","og:title":"Toilet Paper Production Machine - QINGDAO NEW RICHUAN","og:description":"NRC MACHINE delivers a high-performance toilet paper production machine line designed for seamless integration into modern tissue production lines.","og:url":"https:\/\/nrcmachine.com\/pl\/product\/toilet-paper-production-machine\/","og:image":"https:\/\/nrcmachine.com\/wp-content\/uploads\/2025\/11\/toilet-paper-making-machine-7.webp","og:image:secure_url":"https:\/\/nrcmachine.com\/wp-content\/uploads\/2025\/11\/toilet-paper-making-machine-7.webp","og:image:width":800,"og:image:height":800,"article:published_time":"2025-11-11T11:59:57+00:00","article:modified_time":"2026-03-08T09:55:53+00:00","article:publisher":"https:\/\/www.facebook.com\/james.gao.349938","twitter:card":"summary","twitter:site":"@JamesGao65335","twitter:title":"Toilet Paper Production Machine - QINGDAO NEW RICHUAN","twitter:description":"NRC MACHINE delivers a high-performance toilet paper production machine line designed for seamless integration into modern tissue production lines.","twitter:image":"https:\/\/nrcmachine.com\/wp-content\/uploads\/2025\/11\/toilet-paper-making-machine-7.webp"},"aioseo_meta_data":{"post_id":"2068","title":"#post_title #separator_sa QINGDAO NEW RICHUAN","description":"NRC MACHINE dostarcza wysokowydajn\u0105 lini\u0119 maszyn do produkcji papieru toaletowego zaprojektowan\u0105 z my\u015bl\u0105 o bezproblemowej integracji z nowoczesnymi liniami do produkcji chusteczek higienicznych.","keywords":null,"keyphrases":{"focus":{"keyphrase":"toilet paper production machine","score":100,"analysis":{"keyphraseInTitle":{"score":9,"maxScore":9,"error":0},"keyphraseInDescription":{"score":9,"maxScore":9,"error":0},"keyphraseLength":{"score":9,"maxScore":9,"error":0,"length":4},"keyphraseInURL":{"score":5,"maxScore":5,"error":0},"keyphraseInIntroduction":{"score":9,"maxScore":9,"error":0},"keyphraseInSubHeadings":{"score":9,"maxScore":9,"error":0},"keyphraseInImageAlt":[],"keywordDensity":{"type":"best","score":9,"maxScore":9,"error":0}}},"additional":[]},"primary_term":null,"canonical_url":null,"og_title":null,"og_description":null,"og_object_type":"default","og_image_type":"default","og_image_url":null,"og_image_width":null,"og_image_height":null,"og_image_custom_url":null,"og_image_custom_fields":null,"og_video":"","og_custom_url":null,"og_article_section":null,"og_article_tags":null,"twitter_use_og":false,"twitter_card":"default","twitter_image_type":"default","twitter_image_url":null,"twitter_image_custom_url":null,"twitter_image_custom_fields":null,"twitter_title":null,"twitter_description":null,"schema":{"blockGraphs":[],"customGraphs":[],"default":{"data":{"Article":[],"Course":[],"Dataset":[],"FAQPage":[],"Movie":[],"Person":[],"Product":[],"ProductReview":[],"Car":[],"Recipe":[],"Service":[],"SoftwareApplication":[],"WebPage":[]},"graphName":"ItemPage","isEnabled":true},"graphs":[]},"schema_type":"default","schema_type_options":null,"pillar_content":false,"robots_default":true,"robots_noindex":false,"robots_noarchive":false,"robots_nosnippet":false,"robots_nofollow":false,"robots_noimageindex":false,"robots_noodp":false,"robots_notranslate":false,"robots_max_snippet":"-1","robots_max_videopreview":"-1","robots_max_imagepreview":"large","priority":null,"frequency":"default","local_seo":null,"seo_analyzer_scan_date":"2026-03-08 10:01:28","breadcrumb_settings":null,"limit_modified_date":false,"reviewed_by":null,"open_ai":null,"ai":{"faqs":[],"keyPoints":[],"titles":[],"descriptions":[],"socialPosts":{"email":[],"linkedin":[],"twitter":[],"facebook":[],"instagram":[]}},"created":"2025-12-11 08:40:25","updated":"2026-04-04 04:18:19"},"aioseo_breadcrumb":"<div class=\"aioseo-breadcrumbs\"><span class=\"aioseo-breadcrumb\">\n\t<a href=\"https:\/\/nrcmachine.com\/pl\" title=\"Home\">Home<\/a>\n<\/span><span class=\"aioseo-breadcrumb-separator\">\u00bb<\/span><span class=\"aioseo-breadcrumb\">\n\t<a href=\"https:\/\/nrcmachine.com\/pl\/product\/\" title=\"Products\">Products<\/a>\n<\/span><span class=\"aioseo-breadcrumb-separator\">\u00bb<\/span><span class=\"aioseo-breadcrumb\">\n\t<a href=\"https:\/\/nrcmachine.com\/pl\/tag\/toilet-paper-making-machine\/\" title=\"toilet paper making machine\">toilet paper making machine<\/a>\n<\/span><span class=\"aioseo-breadcrumb-separator\">\u00bb<\/span><span class=\"aioseo-breadcrumb\">\n\tToilet Paper Production Machine\n<\/span><\/div>","aioseo_breadcrumb_json":[{"label":"Home","link":"https:\/\/nrcmachine.com\/pl"},{"label":"Products","link":"https:\/\/nrcmachine.com\/pl\/product\/"},{"label":"toilet paper making machine","link":"https:\/\/nrcmachine.com\/pl\/tag\/toilet-paper-making-machine\/"},{"label":"Toilet Paper Production Machine","link":"https:\/\/nrcmachine.com\/pl\/product\/toilet-paper-production-machine\/"}],"_links":{"self":[{"href":"https:\/\/nrcmachine.com\/pl\/wp-json\/wp\/v2\/product\/2068","targetHints":{"allow":["GET"]}}],"collection":[{"href":"https:\/\/nrcmachine.com\/pl\/wp-json\/wp\/v2\/product"}],"about":[{"href":"https:\/\/nrcmachine.com\/pl\/wp-json\/wp\/v2\/types\/product"}],"version-history":[{"count":1,"href":"https:\/\/nrcmachine.com\/pl\/wp-json\/wp\/v2\/product\/2068\/revisions"}],"predecessor-version":[{"id":5942,"href":"https:\/\/nrcmachine.com\/pl\/wp-json\/wp\/v2\/product\/2068\/revisions\/5942"}],"wp:featuredmedia":[{"embeddable":true,"href":"https:\/\/nrcmachine.com\/pl\/wp-json\/wp\/v2\/media\/2069"}],"wp:attachment":[{"href":"https:\/\/nrcmachine.com\/pl\/wp-json\/wp\/v2\/media?parent=2068"}],"wp:term":[{"taxonomy":"post_tag","embeddable":true,"href":"https:\/\/nrcmachine.com\/pl\/wp-json\/wp\/v2\/tags?post=2068"},{"taxonomy":"products","embeddable":true,"href":"https:\/\/nrcmachine.com\/pl\/wp-json\/wp\/v2\/products?post=2068"}],"curies":[{"name":"wp","href":"https:\/\/api.w.org\/{rel}","templated":true}]}}