 {"id":2199,"date":"2025-11-14T22:46:24","date_gmt":"2025-11-14T14:46:24","guid":{"rendered":"https:\/\/nrcmachine.com\/?post_type=product&#038;p=2199"},"modified":"2025-12-31T09:17:20","modified_gmt":"2025-12-31T01:17:20","slug":"paper-tube-winding-machine","status":"publish","type":"product","link":"https:\/\/nrcmachine.com\/pl\/product\/paper-tube-winding-machine\/","title":{"rendered":"Maszyna do nawijania rur papierowych"},"content":{"rendered":"<h3 style=\"text-align: center;\"><strong>Wysoka wydajno\u015b\u0107 <a href=\"https:\/\/nrcmachine.com\/products\/spiral-paper-tube-making-machine\/\">Maszyna do nawijania rur papierowych<\/a> przez <a href=\"https:\/\/nrcmachine.com\/\">NRC MACHINE<\/a> - Precyzja i niezawodno\u015b\u0107 na nowo zdefiniowane! \ud83c\udf1f<\/strong><\/h3>\n<p>The <strong><a href=\"https:\/\/nrcmachine.com\/products\/spiral-paper-tube-making-machine\/\">Maszyna do nawijania rur papierowych<\/a> przez <a href=\"https:\/\/nrcmachine.com\/\">NRC MACHINE<\/a><\/strong> zosta\u0142a zaprojektowana z my\u015bl\u0105 o zapewnieniu wyj\u0105tkowej wydajno\u015bci, precyzji i wszechstronno\u015bci na potrzeby nowoczesnej produkcji. Szukasz niezawodnego, wysokowydajnego rozwi\u0105zania do produkcji tub papierowych? Nie szukaj dalej! \ud83d\udcbc\ud83d\udda8\ufe0f<\/p>\n<div class=\"ast-oembed-container\" style=\"height: 100%;\"><iframe title=\"Spiralna tekturowa rura papierowa Maszyna do produkcji rdzenia Nawijarka\" width=\"500\" height=\"281\" src=\"https:\/\/www.youtube.com\/embed\/wO6jHHtrKk8?feature=oembed\" frameborder=\"0\" allow=\"accelerometer; autoplay; clipboard-write; encrypted-media; gyroscope; picture-in-picture; web-share\" referrerpolicy=\"strict-origin-when-cross-origin\" allowfullscreen><\/iframe><\/div>\n<h4><strong>Kluczowe specyfikacje, kt\u00f3re si\u0119 wyr\u00f3\u017cniaj\u0105:<\/strong><\/h4>\n<ul>\n<li><strong>Zakres \u015brednicy wewn\u0119trznej:<\/strong>30-200 mm - Idealny do szerokiej gamy rozmiar\u00f3w rur, od ma\u0142ych rdzeni po du\u017ce rolki przemys\u0142owe.<\/li>\n<li><strong>Grubo\u015b\u0107 \u015bcianki Pojemno\u015b\u0107:<\/strong>1-15 mm - Obs\u0142uguje wszystko, od produkcji lekkich do ci\u0119\u017ckich tub papierowych.<\/li>\n<li><strong>Uk\u0142ad nap\u0119dowy:<\/strong>Wyposa\u017cony w <strong>sterownik serwomotoru<\/strong>\u00a0zapewnia p\u0142ynn\u0105, dok\u0142adn\u0105 i czu\u0142\u0105 kontrol\u0119 podczas operacji nawijania.<\/li>\n<li><strong>System sterowania:<\/strong>Zaawansowany <strong>Sterownik CNC<\/strong>\u00a0zapewnia w pe\u0142ni zautomatyzowan\u0105, programowaln\u0105 prac\u0119 ze sta\u0142\u0105 jako\u015bci\u0105 wydruku.<\/li>\n<li><strong>Podzespo\u0142y elektryczne:<\/strong>Wykorzystuje najwy\u017cszej klasy <strong>Marka Delta<\/strong>\u00a0komponenty, znane z trwa\u0142o\u015bci, stabilno\u015bci i globalnej niezawodno\u015bci.<\/li>\n<\/ul>\n<h4><strong>Dlaczego ta maszyna b\u0142yszczy?<\/strong><\/h4>\n<p>\u2705 <strong>In\u017cynieria precyzyjna:<\/strong>\u00a0Po\u0142\u0105czenie technologii serwomotor\u00f3w i sterowania CNC pozwala uzyska\u0107 dok\u0142adno\u015b\u0107 na poziomie mikron\u00f3w, minimalizuj\u0105c ilo\u015b\u0107 odpad\u00f3w i maksymalizuj\u0105c jednorodno\u015b\u0107 produktu.<br \/>\n\u2705 <strong>Przyjazny dla u\u017cytkownika interfejs:<\/strong>\u00a0System CNC jest intuicyjny, umo\u017cliwiaj\u0105c operatorom ustawianie parametr\u00f3w, zapisywanie receptur i monitorowanie produkcji w czasie rzeczywistym.<br \/>\n\u2705 <strong>Solidna i trwa\u0142a konstrukcja:<\/strong>\u00a0Zaprojektowana do ci\u0105g\u0142ej pracy w wymagaj\u0105cych \u015brodowiskach, maszyna ta zapewnia d\u0142ugoterminow\u0105 produktywno\u015b\u0107 przy minimalnym czasie przestoju.<br \/>\n\u2705 <strong>Szeroki zakres zastosowa\u0144:<\/strong>\u00a0Idealny do produkcji tulei papierowych stosowanych w tekstyliach, druku, opakowaniach, ta\u015bmach samoprzylepnych i innych.<\/p>\n<h4><strong>Idealny dla producent\u00f3w poszukuj\u0105cych:<\/strong><\/h4>\n<ul>\n<li>Wy\u017csza wydajno\u015b\u0107 produkcji<\/li>\n<li>Sta\u0142a jako\u015b\u0107 produktu<\/li>\n<li>Niskie koszty utrzymania<\/li>\n<li>\u0141atwa integracja z istniej\u0105cymi liniami produkcyjnymi<\/li>\n<\/ul>\n<h4><strong>Ko\u0144cowe przemy\u015blenia:<\/strong><\/h4>\n<p>Je\u015bli modernizujesz lini\u0119 produkcyjn\u0105 tub papierowych lub tworzysz nowy zak\u0142ad, to <a href=\"https:\/\/nrcmachine.com\/\">NRC MACHINE<\/a> <a href=\"https:\/\/nrcmachinery.com\/products\/spiral-paper-tube-machine.html\">maszyna do nawijania rur papierowych<\/a> to inteligentna, gotowa na przysz\u0142o\u015b\u0107 inwestycja. Dzi\u0119ki wydajnym komponentom Delta, precyzyjnemu sterowaniu serwomechanizmem i elastycznym specyfikacjom, jest on zbudowany, aby sprosta\u0107 zmieniaj\u0105cym si\u0119 wymaganiom bran\u017cy. \ud83c\udfed\u2728<\/p>\n<p>\ud83d\udc49 <strong>Pro Tip:<\/strong>\u00a0Aby uzyska\u0107 optymalne wyniki, nale\u017cy zawsze dopasowa\u0107 specyfikacj\u0119 surowca (rodzaj papieru, klej, napr\u0119\u017cenie) do ustawie\u0144 maszyny!<\/p>\n<p>\ud83d\udccc <em>\u015aled\u017a, aby uzyska\u0107 wi\u0119cej informacji na temat maszyn przemys\u0142owych i wskaz\u00f3wek dotycz\u0105cych produkcji!<\/em><br \/>\n#<a href=\"https:\/\/nrcmachinery.com\/products\/spiral-paper-tube-machine.html\">PaperTubeMachine<\/a> #<a href=\"https:\/\/nrcmachine.com\/\">Maszyna NRC<\/a> #CNC Machinery #PackagingSolutions #ManufacturingTech #DeltaAutomation #ServoMotor #InnovationIndustrialInnovation<\/p>\n<p>&nbsp;<\/p>","protected":false},"featured_media":3468,"template":"","meta":{"_acf_changed":false,"_monsterinsights_skip_tracking":false,"_monsterinsights_sitenote_active":false,"_monsterinsights_sitenote_note":"","_monsterinsights_sitenote_category":0,"site-sidebar-layout":"default","site-content-layout":"","ast-site-content-layout":"default","site-content-style":"default","site-sidebar-style":"default","ast-global-header-display":"","ast-banner-title-visibility":"","ast-main-header-display":"","ast-hfb-above-header-display":"","ast-hfb-below-header-display":"","ast-hfb-mobile-header-display":"","site-post-title":"","ast-breadcrumbs-content":"","ast-featured-img":"","footer-sml-layout":"","theme-transparent-header-meta":"default","adv-header-id-meta":"","stick-header-meta":"default","header-above-stick-meta":"","header-main-stick-meta":"","header-below-stick-meta":"","astra-migrate-meta-layouts":"set","ast-page-background-enabled":"default","ast-page-background-meta":{"desktop":{"background-color":"var(--ast-global-color-4)","background-image":"","background-repeat":"repeat","background-position":"center center","background-size":"auto","background-attachment":"scroll","background-type":"","background-media":"","overlay-type":"","overlay-color":"","overlay-opacity":"","overlay-gradient":""},"tablet":{"background-color":"","background-image":"","background-repeat":"repeat","background-position":"center center","background-size":"auto","background-attachment":"scroll","background-type":"","background-media":"","overlay-type":"","overlay-color":"","overlay-opacity":"","overlay-gradient":""},"mobile":{"background-color":"","background-image":"","background-repeat":"repeat","background-position":"center center","background-size":"auto","background-attachment":"scroll","background-type":"","background-media":"","overlay-type":"","overlay-color":"","overlay-opacity":"","overlay-gradient":""}},"ast-content-background-meta":{"desktop":{"background-color":"var(--ast-global-color-5)","background-image":"","background-repeat":"repeat","background-position":"center center","background-size":"auto","background-attachment":"scroll","background-type":"","background-media":"","overlay-type":"","overlay-color":"","overlay-opacity":"","overlay-gradient":""},"tablet":{"background-color":"var(--ast-global-color-5)","background-image":"","background-repeat":"repeat","background-position":"center center","background-size":"auto","background-attachment":"scroll","background-type":"","background-media":"","overlay-type":"","overlay-color":"","overlay-opacity":"","overlay-gradient":""},"mobile":{"background-color":"var(--ast-global-color-5)","background-image":"","background-repeat":"repeat","background-position":"center center","background-size":"auto","background-attachment":"scroll","background-type":"","background-media":"","overlay-type":"","overlay-color":"","overlay-opacity":"","overlay-gradient":""}}},"tags":[49,48],"products":[43],"class_list":["post-2199","product","type-product","status-publish","has-post-thumbnail","hentry","tag-paper-tube-machine","tag-paper-tube-making-machine","products-spiral-paper-tube-making-machine"],"acf":[],"aioseo_notices":[],"aioseo_head":"\n\t\t<!-- All in One SEO Pro 4.9.2 - aioseo.com -->\n\t<meta name=\"description\" content=\"The Paper Tube Winding Machine by NRC MACHINE is engineered to deliver exceptional performance, precision, and versatility for modern production needs.\" \/>\n\t<meta name=\"robots\" content=\"noodp, max-snippet:-1, max-image-preview:large, max-video-preview:-1\" \/>\n\t<link rel=\"canonical\" href=\"https:\/\/nrcmachine.com\/pl\/product\/paper-tube-winding-machine\/\" \/>\n\t<meta name=\"generator\" content=\"All in One SEO Pro (AIOSEO) 4.9.2\" \/>\n\t\t<meta property=\"og:locale\" content=\"pl_PL\" \/>\n\t\t<meta property=\"og:site_name\" content=\"Toilet Paper Machine, Paper Tube Machine | NRC Machine - Reliable Paper Machinery Solutions\" \/>\n\t\t<meta property=\"og:type\" content=\"article\" \/>\n\t\t<meta property=\"og:title\" content=\"Paper Tube Winding Machine - QINGDAO NEW RICHUAN PRECISION\" \/>\n\t\t<meta property=\"og:description\" content=\"The Paper Tube Winding Machine by NRC MACHINE is engineered to deliver exceptional performance, precision, and versatility for modern production needs.\" \/>\n\t\t<meta property=\"og:url\" content=\"https:\/\/nrcmachine.com\/pl\/product\/paper-tube-winding-machine\/\" \/>\n\t\t<meta property=\"og:image\" content=\"https:\/\/nrcmachine.com\/wp-content\/uploads\/2025\/11\/paper-tube-winding-machine.webp\" \/>\n\t\t<meta property=\"og:image:secure_url\" content=\"https:\/\/nrcmachine.com\/wp-content\/uploads\/2025\/11\/paper-tube-winding-machine.webp\" \/>\n\t\t<meta property=\"og:image:width\" content=\"960\" \/>\n\t\t<meta property=\"og:image:height\" content=\"960\" \/>\n\t\t<meta property=\"article:published_time\" content=\"2025-11-14T14:46:24+00:00\" \/>\n\t\t<meta property=\"article:modified_time\" content=\"2025-12-31T01:17:20+00:00\" \/>\n\t\t<meta property=\"article:publisher\" content=\"https:\/\/www.facebook.com\/james.gao.349938\" \/>\n\t\t<meta name=\"twitter:card\" content=\"summary\" \/>\n\t\t<meta name=\"twitter:site\" content=\"@JamesGao65335\" \/>\n\t\t<meta name=\"twitter:title\" content=\"Paper Tube Winding Machine - QINGDAO NEW RICHUAN PRECISION\" \/>\n\t\t<meta name=\"twitter:description\" content=\"The Paper Tube Winding Machine by NRC MACHINE is engineered to deliver exceptional performance, precision, and versatility for modern production needs.\" \/>\n\t\t<meta name=\"twitter:image\" content=\"https:\/\/nrcmachine.com\/wp-content\/uploads\/2025\/11\/paper-tube-winding-machine.webp\" \/>\n\t\t<script type=\"application\/ld+json\" class=\"aioseo-schema\">\n\t\t\t{\"@context\":\"https:\\\/\\\/schema.org\",\"@graph\":[{\"@type\":\"BreadcrumbList\",\"@id\":\"https:\\\/\\\/nrcmachine.com\\\/pl\\\/product\\\/paper-tube-winding-machine\\\/#breadcrumblist\",\"itemListElement\":[{\"@type\":\"ListItem\",\"@id\":\"https:\\\/\\\/nrcmachine.com\\\/pl#listItem\",\"position\":1,\"name\":\"Home\",\"item\":\"https:\\\/\\\/nrcmachine.com\\\/pl\",\"nextItem\":{\"@type\":\"ListItem\",\"@id\":\"https:\\\/\\\/nrcmachine.com\\\/pl\\\/product\\\/#listItem\",\"name\":\"Products\"}},{\"@type\":\"ListItem\",\"@id\":\"https:\\\/\\\/nrcmachine.com\\\/pl\\\/product\\\/#listItem\",\"position\":2,\"name\":\"Products\",\"item\":\"https:\\\/\\\/nrcmachine.com\\\/pl\\\/product\\\/\",\"nextItem\":{\"@type\":\"ListItem\",\"@id\":\"https:\\\/\\\/nrcmachine.com\\\/pl\\\/tag\\\/paper-tube-making-machine\\\/#listItem\",\"name\":\"paper tube making machine\"},\"previousItem\":{\"@type\":\"ListItem\",\"@id\":\"https:\\\/\\\/nrcmachine.com\\\/pl#listItem\",\"name\":\"Home\"}},{\"@type\":\"ListItem\",\"@id\":\"https:\\\/\\\/nrcmachine.com\\\/pl\\\/tag\\\/paper-tube-making-machine\\\/#listItem\",\"position\":3,\"name\":\"paper tube making machine\",\"item\":\"https:\\\/\\\/nrcmachine.com\\\/pl\\\/tag\\\/paper-tube-making-machine\\\/\",\"nextItem\":{\"@type\":\"ListItem\",\"@id\":\"https:\\\/\\\/nrcmachine.com\\\/pl\\\/product\\\/paper-tube-winding-machine\\\/#listItem\",\"name\":\"Paper Tube Winding Machine\"},\"previousItem\":{\"@type\":\"ListItem\",\"@id\":\"https:\\\/\\\/nrcmachine.com\\\/pl\\\/product\\\/#listItem\",\"name\":\"Products\"}},{\"@type\":\"ListItem\",\"@id\":\"https:\\\/\\\/nrcmachine.com\\\/pl\\\/product\\\/paper-tube-winding-machine\\\/#listItem\",\"position\":4,\"name\":\"Paper Tube Winding Machine\",\"previousItem\":{\"@type\":\"ListItem\",\"@id\":\"https:\\\/\\\/nrcmachine.com\\\/pl\\\/tag\\\/paper-tube-making-machine\\\/#listItem\",\"name\":\"paper tube making machine\"}}]},{\"@type\":\"Organization\",\"@id\":\"https:\\\/\\\/nrcmachine.com\\\/pl\\\/#organization\",\"name\":\"Toilet Paper Machine, Paper Tube Machine | NRC Machine wordpress\",\"description\":\"Reliable Paper Machinery Solutions\",\"url\":\"https:\\\/\\\/nrcmachine.com\\\/pl\\\/\",\"email\":\"james@nrcmachine.com\",\"telephone\":\"+8615254213289\",\"foundingDate\":\"2023-11-01\",\"numberOfEmployees\":{\"@type\":\"QuantitativeValue\",\"minValue\":1,\"maxValue\":50},\"logo\":{\"@type\":\"ImageObject\",\"url\":\"https:\\\/\\\/nrcmachine.com\\\/wp-content\\\/uploads\\\/2026\\\/01\\\/logo23.png\",\"@id\":\"https:\\\/\\\/nrcmachine.com\\\/pl\\\/product\\\/paper-tube-winding-machine\\\/#organizationLogo\",\"width\":800,\"height\":800,\"caption\":\"logo for NRC MACHINE\"},\"image\":{\"@id\":\"https:\\\/\\\/nrcmachine.com\\\/pl\\\/product\\\/paper-tube-winding-machine\\\/#organizationLogo\"},\"sameAs\":[\"https:\\\/\\\/www.facebook.com\\\/james.gao.349938\",\"https:\\\/\\\/x.com\\\/JamesGao65335\",\"https:\\\/\\\/www.instagram.com\\\/jamesgao407?igsh=d2YybzFhMjY0YTl3\",\"https:\\\/\\\/www.tiktok.com\\\/@gyl20210118\",\"https:\\\/\\\/www.linkedin.com\\\/in\\\/--9a63583a9\\\/\"],\"address\":{\"@id\":\"https:\\\/\\\/nrcmachine.com\\\/pl\\\/#postaladdress\",\"@type\":\"PostalAddress\",\"streetAddress\":\"No..519,Jiangshan South Road,Huangdao,\",\"postalCode\":\"266500\",\"addressLocality\":\"Qingdao\",\"addressRegion\":\"Shandong Province\",\"addressCountry\":\"CN\"},\"taxID\":\"91370211MAD54P6P85\",\"vatID\":\"91370211MAD54P6P85\"},{\"@type\":\"WebPage\",\"@id\":\"https:\\\/\\\/nrcmachine.com\\\/pl\\\/product\\\/paper-tube-winding-machine\\\/#webpage\",\"url\":\"https:\\\/\\\/nrcmachine.com\\\/pl\\\/product\\\/paper-tube-winding-machine\\\/\",\"name\":\"Paper Tube Winding Machine - QINGDAO NEW RICHUAN PRECISION\",\"description\":\"The Paper Tube Winding Machine by NRC MACHINE is engineered to deliver exceptional performance, precision, and versatility for modern production needs.\",\"inLanguage\":\"pl-PL\",\"isPartOf\":{\"@id\":\"https:\\\/\\\/nrcmachine.com\\\/pl\\\/#website\"},\"breadcrumb\":{\"@id\":\"https:\\\/\\\/nrcmachine.com\\\/pl\\\/product\\\/paper-tube-winding-machine\\\/#breadcrumblist\"},\"image\":{\"@type\":\"ImageObject\",\"url\":\"https:\\\/\\\/nrcmachine.com\\\/wp-content\\\/uploads\\\/2025\\\/11\\\/paper-tube-winding-machine.webp\",\"@id\":\"https:\\\/\\\/nrcmachine.com\\\/pl\\\/product\\\/paper-tube-winding-machine\\\/#mainImage\",\"width\":960,\"height\":960,\"caption\":\"paper tube winding machine\"},\"primaryImageOfPage\":{\"@id\":\"https:\\\/\\\/nrcmachine.com\\\/pl\\\/product\\\/paper-tube-winding-machine\\\/#mainImage\"},\"datePublished\":\"2025-11-14T22:46:24+08:00\",\"dateModified\":\"2025-12-31T09:17:20+08:00\"},{\"@type\":\"WebSite\",\"@id\":\"https:\\\/\\\/nrcmachine.com\\\/pl\\\/#website\",\"url\":\"https:\\\/\\\/nrcmachine.com\\\/pl\\\/\",\"name\":\"Toilet Paper Machine, Paper Tube Machine | NRC Machine\",\"alternateName\":\"Qingdao New Richuan Precision Machine Co.,Ltd\",\"description\":\"Reliable Paper Machinery Solutions\",\"inLanguage\":\"pl-PL\",\"publisher\":{\"@id\":\"https:\\\/\\\/nrcmachine.com\\\/pl\\\/#organization\"}}]}\n\t\t<\/script>\n\t\t<!-- All in One SEO Pro -->\r\n\t\t<title>Paper Tube Winding Machine - QINGDAO NEW RICHUAN PRECISION<\/title>\n\n","aioseo_head_json":{"title":"Maszyna do nawijania rur papierowych - QINGDAO NEW RICHUAN PRECISION","description":"Maszyna do nawijania rurek papierowych firmy NRC MACHINE zosta\u0142a zaprojektowana z my\u015bl\u0105 o zapewnieniu wyj\u0105tkowej wydajno\u015bci, precyzji i wszechstronno\u015bci na potrzeby nowoczesnej produkcji.","canonical_url":"https:\/\/nrcmachine.com\/pl\/product\/paper-tube-winding-machine\/","robots":"noodp, max-snippet:-1, max-image-preview:large, max-video-preview:-1","keywords":"","webmasterTools":{"miscellaneous":""},"schema":{"@context":"https:\/\/schema.org","@graph":[{"@type":"BreadcrumbList","@id":"https:\/\/nrcmachine.com\/pl\/product\/paper-tube-winding-machine\/#breadcrumblist","itemListElement":[{"@type":"ListItem","@id":"https:\/\/nrcmachine.com\/pl#listItem","position":1,"name":"Home","item":"https:\/\/nrcmachine.com\/pl","nextItem":{"@type":"ListItem","@id":"https:\/\/nrcmachine.com\/pl\/product\/#listItem","name":"Products"}},{"@type":"ListItem","@id":"https:\/\/nrcmachine.com\/pl\/product\/#listItem","position":2,"name":"Products","item":"https:\/\/nrcmachine.com\/pl\/product\/","nextItem":{"@type":"ListItem","@id":"https:\/\/nrcmachine.com\/pl\/tag\/paper-tube-making-machine\/#listItem","name":"paper tube making machine"},"previousItem":{"@type":"ListItem","@id":"https:\/\/nrcmachine.com\/pl#listItem","name":"Home"}},{"@type":"ListItem","@id":"https:\/\/nrcmachine.com\/pl\/tag\/paper-tube-making-machine\/#listItem","position":3,"name":"paper tube making machine","item":"https:\/\/nrcmachine.com\/pl\/tag\/paper-tube-making-machine\/","nextItem":{"@type":"ListItem","@id":"https:\/\/nrcmachine.com\/pl\/product\/paper-tube-winding-machine\/#listItem","name":"Paper Tube Winding Machine"},"previousItem":{"@type":"ListItem","@id":"https:\/\/nrcmachine.com\/pl\/product\/#listItem","name":"Products"}},{"@type":"ListItem","@id":"https:\/\/nrcmachine.com\/pl\/product\/paper-tube-winding-machine\/#listItem","position":4,"name":"Paper Tube Winding Machine","previousItem":{"@type":"ListItem","@id":"https:\/\/nrcmachine.com\/pl\/tag\/paper-tube-making-machine\/#listItem","name":"paper tube making machine"}}]},{"@type":"Organization","@id":"https:\/\/nrcmachine.com\/pl\/#organization","name":"Toilet Paper Machine, Paper Tube Machine | NRC Machine wordpress","description":"Reliable Paper Machinery Solutions","url":"https:\/\/nrcmachine.com\/pl\/","email":"james@nrcmachine.com","telephone":"+8615254213289","foundingDate":"2023-11-01","numberOfEmployees":{"@type":"QuantitativeValue","minValue":1,"maxValue":50},"logo":{"@type":"ImageObject","url":"https:\/\/nrcmachine.com\/wp-content\/uploads\/2026\/01\/logo23.png","@id":"https:\/\/nrcmachine.com\/pl\/product\/paper-tube-winding-machine\/#organizationLogo","width":800,"height":800,"caption":"logo for NRC MACHINE"},"image":{"@id":"https:\/\/nrcmachine.com\/pl\/product\/paper-tube-winding-machine\/#organizationLogo"},"sameAs":["https:\/\/www.facebook.com\/james.gao.349938","https:\/\/x.com\/JamesGao65335","https:\/\/www.instagram.com\/jamesgao407?igsh=d2YybzFhMjY0YTl3","https:\/\/www.tiktok.com\/@gyl20210118","https:\/\/www.linkedin.com\/in\/--9a63583a9\/"],"address":{"@id":"https:\/\/nrcmachine.com\/pl\/#postaladdress","@type":"PostalAddress","streetAddress":"No..519,Jiangshan South Road,Huangdao,","postalCode":"266500","addressLocality":"Qingdao","addressRegion":"Shandong Province","addressCountry":"CN"},"taxID":"91370211MAD54P6P85","vatID":"91370211MAD54P6P85"},{"@type":"WebPage","@id":"https:\/\/nrcmachine.com\/pl\/product\/paper-tube-winding-machine\/#webpage","url":"https:\/\/nrcmachine.com\/pl\/product\/paper-tube-winding-machine\/","name":"Paper Tube Winding Machine - QINGDAO NEW RICHUAN PRECISION","description":"The Paper Tube Winding Machine by NRC MACHINE is engineered to deliver exceptional performance, precision, and versatility for modern production needs.","inLanguage":"pl-PL","isPartOf":{"@id":"https:\/\/nrcmachine.com\/pl\/#website"},"breadcrumb":{"@id":"https:\/\/nrcmachine.com\/pl\/product\/paper-tube-winding-machine\/#breadcrumblist"},"image":{"@type":"ImageObject","url":"https:\/\/nrcmachine.com\/wp-content\/uploads\/2025\/11\/paper-tube-winding-machine.webp","@id":"https:\/\/nrcmachine.com\/pl\/product\/paper-tube-winding-machine\/#mainImage","width":960,"height":960,"caption":"paper tube winding machine"},"primaryImageOfPage":{"@id":"https:\/\/nrcmachine.com\/pl\/product\/paper-tube-winding-machine\/#mainImage"},"datePublished":"2025-11-14T22:46:24+08:00","dateModified":"2025-12-31T09:17:20+08:00"},{"@type":"WebSite","@id":"https:\/\/nrcmachine.com\/pl\/#website","url":"https:\/\/nrcmachine.com\/pl\/","name":"Toilet Paper Machine, Paper Tube Machine | NRC Machine","alternateName":"Qingdao New Richuan Precision Machine Co.,Ltd","description":"Reliable Paper Machinery Solutions","inLanguage":"pl-PL","publisher":{"@id":"https:\/\/nrcmachine.com\/pl\/#organization"}}]},"og:locale":"pl_PL","og:site_name":"Toilet Paper Machine, Paper Tube Machine | NRC Machine - Reliable Paper Machinery Solutions","og:type":"article","og:title":"Paper Tube Winding Machine - QINGDAO NEW RICHUAN PRECISION","og:description":"The Paper Tube Winding Machine by NRC MACHINE is engineered to deliver exceptional performance, precision, and versatility for modern production needs.","og:url":"https:\/\/nrcmachine.com\/pl\/product\/paper-tube-winding-machine\/","og:image":"https:\/\/nrcmachine.com\/wp-content\/uploads\/2025\/11\/paper-tube-winding-machine.webp","og:image:secure_url":"https:\/\/nrcmachine.com\/wp-content\/uploads\/2025\/11\/paper-tube-winding-machine.webp","og:image:width":960,"og:image:height":960,"article:published_time":"2025-11-14T14:46:24+00:00","article:modified_time":"2025-12-31T01:17:20+00:00","article:publisher":"https:\/\/www.facebook.com\/james.gao.349938","twitter:card":"summary","twitter:site":"@JamesGao65335","twitter:title":"Paper Tube Winding Machine - QINGDAO NEW RICHUAN PRECISION","twitter:description":"The Paper Tube Winding Machine by NRC MACHINE is engineered to deliver exceptional performance, precision, and versatility for modern production needs.","twitter:image":"https:\/\/nrcmachine.com\/wp-content\/uploads\/2025\/11\/paper-tube-winding-machine.webp"},"aioseo_meta_data":{"post_id":"2199","title":"#post_title #separator_sa QINGDAO NEW RICHUAN PRECISION","description":"Maszyna do nawijania rurek papierowych firmy NRC MACHINE zosta\u0142a zaprojektowana z my\u015bl\u0105 o zapewnieniu wyj\u0105tkowej wydajno\u015bci, precyzji i wszechstronno\u015bci na potrzeby nowoczesnej produkcji.","keywords":null,"keyphrases":{"focus":{"keyphrase":"paper tube winding machine","score":100,"analysis":{"keyphraseInTitle":{"score":9,"maxScore":9,"error":0},"keyphraseInDescription":{"score":9,"maxScore":9,"error":0},"keyphraseLength":{"score":9,"maxScore":9,"error":0,"length":4},"keyphraseInURL":{"score":5,"maxScore":5,"error":0},"keyphraseInIntroduction":{"score":9,"maxScore":9,"error":0},"keyphraseInSubHeadings":{"score":9,"maxScore":9,"error":0},"keyphraseInImageAlt":[],"keywordDensity":{"type":"best","score":9,"maxScore":9,"error":0}}},"additional":[]},"primary_term":null,"canonical_url":null,"og_title":null,"og_description":null,"og_object_type":"default","og_image_type":"default","og_image_url":null,"og_image_width":null,"og_image_height":null,"og_image_custom_url":null,"og_image_custom_fields":null,"og_video":"","og_custom_url":null,"og_article_section":null,"og_article_tags":null,"twitter_use_og":false,"twitter_card":"default","twitter_image_type":"default","twitter_image_url":null,"twitter_image_custom_url":null,"twitter_image_custom_fields":null,"twitter_title":null,"twitter_description":null,"schema":{"blockGraphs":[],"customGraphs":[],"default":{"data":{"Article":[],"Course":[],"Dataset":[],"FAQPage":[],"Movie":[],"Person":[],"Product":[],"ProductReview":[],"Car":[],"Recipe":[],"Service":[],"SoftwareApplication":[],"WebPage":[]},"graphName":"ItemPage","isEnabled":true},"graphs":[]},"schema_type":"default","schema_type_options":null,"pillar_content":false,"robots_default":true,"robots_noindex":false,"robots_noarchive":false,"robots_nosnippet":false,"robots_nofollow":false,"robots_noimageindex":false,"robots_noodp":false,"robots_notranslate":false,"robots_max_snippet":"-1","robots_max_videopreview":"-1","robots_max_imagepreview":"large","priority":null,"frequency":"default","local_seo":null,"seo_analyzer_scan_date":"2026-02-13 03:22:23","breadcrumb_settings":null,"limit_modified_date":false,"reviewed_by":null,"open_ai":null,"ai":{"faqs":[],"keyPoints":[],"titles":[],"descriptions":[],"socialPosts":{"email":[],"linkedin":[],"twitter":[],"facebook":[],"instagram":[]}},"created":"2025-12-11 08:40:25","updated":"2026-02-13 06:53:48"},"aioseo_breadcrumb":"<div class=\"aioseo-breadcrumbs\"><span class=\"aioseo-breadcrumb\">\n\t<a href=\"https:\/\/nrcmachine.com\/pl\" title=\"Home\">Home<\/a>\n<\/span><span class=\"aioseo-breadcrumb-separator\">\u00bb<\/span><span class=\"aioseo-breadcrumb\">\n\t<a href=\"https:\/\/nrcmachine.com\/pl\/product\/\" title=\"Products\">Products<\/a>\n<\/span><span class=\"aioseo-breadcrumb-separator\">\u00bb<\/span><span class=\"aioseo-breadcrumb\">\n\t<a href=\"https:\/\/nrcmachine.com\/pl\/tag\/paper-tube-making-machine\/\" title=\"paper tube making machine\">paper tube making machine<\/a>\n<\/span><span class=\"aioseo-breadcrumb-separator\">\u00bb<\/span><span class=\"aioseo-breadcrumb\">\n\tPaper Tube Winding Machine\n<\/span><\/div>","aioseo_breadcrumb_json":[{"label":"Home","link":"https:\/\/nrcmachine.com\/pl"},{"label":"Products","link":"https:\/\/nrcmachine.com\/pl\/product\/"},{"label":"paper tube making machine","link":"https:\/\/nrcmachine.com\/pl\/tag\/paper-tube-making-machine\/"},{"label":"Paper Tube Winding Machine","link":"https:\/\/nrcmachine.com\/pl\/product\/paper-tube-winding-machine\/"}],"_links":{"self":[{"href":"https:\/\/nrcmachine.com\/pl\/wp-json\/wp\/v2\/product\/2199","targetHints":{"allow":["GET"]}}],"collection":[{"href":"https:\/\/nrcmachine.com\/pl\/wp-json\/wp\/v2\/product"}],"about":[{"href":"https:\/\/nrcmachine.com\/pl\/wp-json\/wp\/v2\/types\/product"}],"version-history":[{"count":0,"href":"https:\/\/nrcmachine.com\/pl\/wp-json\/wp\/v2\/product\/2199\/revisions"}],"wp:featuredmedia":[{"embeddable":true,"href":"https:\/\/nrcmachine.com\/pl\/wp-json\/wp\/v2\/media\/3468"}],"wp:attachment":[{"href":"https:\/\/nrcmachine.com\/pl\/wp-json\/wp\/v2\/media?parent=2199"}],"wp:term":[{"taxonomy":"post_tag","embeddable":true,"href":"https:\/\/nrcmachine.com\/pl\/wp-json\/wp\/v2\/tags?post=2199"},{"taxonomy":"products","embeddable":true,"href":"https:\/\/nrcmachine.com\/pl\/wp-json\/wp\/v2\/products?post=2199"}],"curies":[{"name":"wp","href":"https:\/\/api.w.org\/{rel}","templated":true}]}}