 {"id":2235,"date":"2025-11-26T09:16:13","date_gmt":"2025-11-26T01:16:13","guid":{"rendered":"https:\/\/nrcmachine.com\/?post_type=product&#038;p=2235"},"modified":"2025-12-31T05:27:40","modified_gmt":"2025-12-30T21:27:40","slug":"high-speed-toilet-paper-roll-converting-machine","status":"publish","type":"product","link":"https:\/\/nrcmachine.com\/pl\/product\/high-speed-toilet-paper-roll-converting-machine\/","title":{"rendered":"Szybka maszyna do przetwarzania rolek papieru toaletowego"},"content":{"rendered":"<h5 style=\"text-align: center;\"><strong><a href=\"https:\/\/nrcmachinery.com\">Szybka maszyna do przetwarzania rolek papieru toaletowego<\/a>: Kompletna linia produkcyjna<\/strong><\/h5>\n<p>Masz do\u015b\u0107 r\u0119cznej, nieefektywnej produkcji papieru toaletowego? Porozmawiajmy o prze\u0142omowym <a href=\"https:\/\/nrcmachine.com\/products\/toilet-paper-making-machine\/\"><strong>Szybka maszyna do przetwarzania rolek papieru toaletowego<\/strong><\/a>-Zautomatyzowana linia, kt\u00f3ra zamienia surowe rolki jumbo w doskonale zapakowane gotowe produkty w jednym p\u0142ynnym przep\u0142ywie!<\/p>\n<div class=\"ast-oembed-container\" style=\"height: 100%;\"><iframe title=\"maszyna do przewijania r\u0119cznik\u00f3w kuchennych\" width=\"500\" height=\"281\" src=\"https:\/\/www.youtube.com\/embed\/8d-cUwVZQRs?feature=oembed\" frameborder=\"0\" allow=\"accelerometer; autoplay; clipboard-write; encrypted-media; gyroscope; picture-in-picture; web-share\" referrerpolicy=\"strict-origin-when-cross-origin\" allowfullscreen><\/iframe><\/div>\n<h6>1. <strong><a href=\"https:\/\/nrcmachine.com\/product\/full-automatic-kitchen-towel-paper-production-making-machine\/\">Maszyna do przewijania papieru toaletowego<\/a> z wyt\u0142aczaniem i laminowaniem klejem<\/strong>.<\/h6>\n<p>Ta jednostka rdzeniowa odwija du\u017ce rolki jumbo, a nast\u0119pnie nak\u0142ada delikatne wyt\u0142oczenia (np. delikatne wzory kwiatowe lub diamentowe) w celu zwi\u0119kszenia tekstury i wytrzyma\u0142o\u015bci. Jednocze\u015bnie wykorzystuje klej spo\u017cywczy do laminowania - idealny do produkcji 2- lub 3-warstwowych rolek. Pr\u0119dko\u015b\u0107 przewijania? Do 300 metr\u00f3w na minut\u0119, z precyzyjn\u0105 kontrol\u0105 napr\u0119\u017cenia, aby unikn\u0105\u0107 zmarszczek lub rozdar\u0107.<\/p>\n<h6>2.the <strong>Automatyczna przecinarka ta\u015bmowa<\/strong>\u00a0przejmuje kontrol\u0119.<\/h6>\n<p>W przeciwie\u0144stwie do tradycyjnych przecinarek ostrzowych, ta wykorzystuje szybk\u0105 pi\u0142\u0119 ta\u015bmow\u0105 do ci\u0119cia przewijanych k\u0142\u00f3d na pojedyncze rolki. Jej sekret? Laserowo sterowany system zapewnia dok\u0142adno\u015b\u0107 ka\u017cdego ci\u0119cia, niezale\u017cnie od tego, czy potrzebne s\u0105 standardowe 10-centymetrowe rolki, czy niestandardowe rozmiary. Ponadto jest bezpy\u0142owa i cicha - idealna do czystych \u015brodowisk produkcyjnych.<\/p>\n<h6>3.the <strong>Automatyczna maszyna pakuj\u0105ca z wieloma rolkami<\/strong>\u00a0ko\u0144czy proces.<\/h6>\n<p>Grupuje rolki (2, 4, 6 lub 12 w opakowaniu), owija je foli\u0105 termokurczliw\u0105 lub papierem i zamyka opakowanie - wszystko bez udzia\u0142u cz\u0142owieka. Niekt\u00f3re modele automatycznie dodaj\u0105 nawet etykiety lub kody kreskowe. Dzi\u0119ki pr\u0119dko\u015bci do 60 opakowa\u0144 na minut\u0119 jest to ogromna oszcz\u0119dno\u015b\u0107 czasu.<\/p>\n<h6>4. parametr techniczny<\/h6>\n<table>\n<tbody>\n<tr>\n<td width=\"712\">Surowiec Szeroko\u015b\u0107 rolki papieru: \u22642050 mm.<\/p>\n<p>\u015arednica rolki surowego papieru: \u22642200 mm.<\/p>\n<p>\u015arednica gotowej rolki: 40~130 mm.<\/p>\n<p>Warstwa: 1~3 warstwy.<\/p>\n<p>Zakres produkt\u00f3w: rdzeniowe i bezrdzeniowe.<\/p>\n<p>Automatyczne upuszczanie rdzenia papieru.<\/p>\n<p>Zasilanie: 380V.50HZ.<\/p>\n<p>Automatyczne wyj\u015bcie gotowego produktu.<\/p>\n<p>Automatyczne przycinanie i uszczelnianie ogona.<\/td>\n<\/tr>\n<\/tbody>\n<\/table>\n<p>Razem te urz\u0105dzenia tworz\u0105 <strong>W pe\u0142ni automatyczna linia produkcyjna szybkich maszyn do przetwarzania rolek papieru toaletowego<\/strong>. Od surowca do zapakowanego produktu, zmniejsza koszty pracy o 70% i zwi\u0119ksza wydajno\u015b\u0107 o 300%. Jest to idealne rozwi\u0105zanie dla \u015brednich i du\u017cych producent\u00f3w, kt\u00f3rzy d\u0105\u017c\u0105 do sta\u0142ej jako\u015bci i produkcji na du\u017c\u0105 skal\u0119.<\/p>\n<p>Niezale\u017cnie od tego, czy modernizujesz star\u0105 lini\u0119, czy zaczynasz now\u0105, ta konfiguracja to m\u0105dra inwestycja. Chcesz zobaczy\u0107 j\u0105 w akcji? Sprawd\u017a nasz najnowszy film demonstracyjny w komentarzach!<\/p>\n<p>#ToiletPaperProduction #PackagingMachinery #AutomationTech #ManufacturingInnovation<\/p>\n<p>&nbsp;<\/p>","protected":false},"featured_media":3440,"template":"","meta":{"_acf_changed":false,"_monsterinsights_skip_tracking":false,"_monsterinsights_sitenote_active":false,"_monsterinsights_sitenote_note":"","_monsterinsights_sitenote_category":0,"site-sidebar-layout":"default","site-content-layout":"","ast-site-content-layout":"default","site-content-style":"default","site-sidebar-style":"default","ast-global-header-display":"","ast-banner-title-visibility":"","ast-main-header-display":"","ast-hfb-above-header-display":"","ast-hfb-below-header-display":"","ast-hfb-mobile-header-display":"","site-post-title":"","ast-breadcrumbs-content":"","ast-featured-img":"","footer-sml-layout":"","theme-transparent-header-meta":"default","adv-header-id-meta":"","stick-header-meta":"default","header-above-stick-meta":"","header-main-stick-meta":"","header-below-stick-meta":"","astra-migrate-meta-layouts":"set","ast-page-background-enabled":"default","ast-page-background-meta":{"desktop":{"background-color":"var(--ast-global-color-4)","background-image":"","background-repeat":"repeat","background-position":"center center","background-size":"auto","background-attachment":"scroll","background-type":"","background-media":"","overlay-type":"","overlay-color":"","overlay-opacity":"","overlay-gradient":""},"tablet":{"background-color":"","background-image":"","background-repeat":"repeat","background-position":"center center","background-size":"auto","background-attachment":"scroll","background-type":"","background-media":"","overlay-type":"","overlay-color":"","overlay-opacity":"","overlay-gradient":""},"mobile":{"background-color":"","background-image":"","background-repeat":"repeat","background-position":"center center","background-size":"auto","background-attachment":"scroll","background-type":"","background-media":"","overlay-type":"","overlay-color":"","overlay-opacity":"","overlay-gradient":""}},"ast-content-background-meta":{"desktop":{"background-color":"var(--ast-global-color-5)","background-image":"","background-repeat":"repeat","background-position":"center center","background-size":"auto","background-attachment":"scroll","background-type":"","background-media":"","overlay-type":"","overlay-color":"","overlay-opacity":"","overlay-gradient":""},"tablet":{"background-color":"var(--ast-global-color-5)","background-image":"","background-repeat":"repeat","background-position":"center center","background-size":"auto","background-attachment":"scroll","background-type":"","background-media":"","overlay-type":"","overlay-color":"","overlay-opacity":"","overlay-gradient":""},"mobile":{"background-color":"var(--ast-global-color-5)","background-image":"","background-repeat":"repeat","background-position":"center center","background-size":"auto","background-attachment":"scroll","background-type":"","background-media":"","overlay-type":"","overlay-color":"","overlay-opacity":"","overlay-gradient":""}}},"tags":[53,56],"products":[47],"class_list":["post-2235","product","type-product","status-publish","has-post-thumbnail","hentry","tag-toilet-paper-machine","tag-toilet-paper-making-machine","products-toilet-paper-making-machine"],"acf":[],"aioseo_notices":[],"aioseo_head":"\n\t\t<!-- All in One SEO Pro 4.9.2 - aioseo.com -->\n\t<meta name=\"description\" content=\"These machines form a Fully Automatic High Speed Toilet Paper Roll Converting Machine Production Line. From raw material to packaged product.\" \/>\n\t<meta name=\"robots\" content=\"noodp, max-snippet:-1, max-image-preview:large, max-video-preview:-1\" \/>\n\t<link rel=\"canonical\" href=\"https:\/\/nrcmachine.com\/pl\/product\/high-speed-toilet-paper-roll-converting-machine\/\" \/>\n\t<meta name=\"generator\" content=\"All in One SEO Pro (AIOSEO) 4.9.2\" \/>\n\t\t<meta property=\"og:locale\" content=\"pl_PL\" \/>\n\t\t<meta property=\"og:site_name\" content=\"Toilet Paper Machine, Paper Tube Machine | NRC Machine - Reliable Paper Machinery Solutions\" \/>\n\t\t<meta property=\"og:type\" content=\"article\" \/>\n\t\t<meta property=\"og:title\" content=\"High Speed Toilet Paper Roll Converting Machine - NRC\" \/>\n\t\t<meta property=\"og:description\" content=\"These machines form a Fully Automatic High Speed Toilet Paper Roll Converting Machine Production Line. From raw material to packaged product.\" \/>\n\t\t<meta property=\"og:url\" content=\"https:\/\/nrcmachine.com\/pl\/product\/high-speed-toilet-paper-roll-converting-machine\/\" \/>\n\t\t<meta property=\"og:image\" content=\"https:\/\/nrcmachine.com\/wp-content\/uploads\/2025\/11\/high-speed-toilet-paper-roll-converting-machine-1.webp\" \/>\n\t\t<meta property=\"og:image:secure_url\" content=\"https:\/\/nrcmachine.com\/wp-content\/uploads\/2025\/11\/high-speed-toilet-paper-roll-converting-machine-1.webp\" \/>\n\t\t<meta property=\"og:image:width\" content=\"800\" \/>\n\t\t<meta property=\"og:image:height\" content=\"800\" \/>\n\t\t<meta property=\"article:published_time\" content=\"2025-11-26T01:16:13+00:00\" \/>\n\t\t<meta property=\"article:modified_time\" content=\"2025-12-30T21:27:40+00:00\" \/>\n\t\t<meta property=\"article:publisher\" content=\"https:\/\/www.facebook.com\/james.gao.349938\" \/>\n\t\t<meta name=\"twitter:card\" content=\"summary\" \/>\n\t\t<meta name=\"twitter:site\" content=\"@JamesGao65335\" \/>\n\t\t<meta name=\"twitter:title\" content=\"High Speed Toilet Paper Roll Converting Machine - NRC\" \/>\n\t\t<meta name=\"twitter:description\" content=\"These machines form a Fully Automatic High Speed Toilet Paper Roll Converting Machine Production Line. From raw material to packaged product.\" \/>\n\t\t<meta name=\"twitter:image\" content=\"https:\/\/nrcmachine.com\/wp-content\/uploads\/2025\/11\/high-speed-toilet-paper-roll-converting-machine-1.webp\" \/>\n\t\t<script type=\"application\/ld+json\" class=\"aioseo-schema\">\n\t\t\t{\"@context\":\"https:\\\/\\\/schema.org\",\"@graph\":[{\"@type\":\"BreadcrumbList\",\"@id\":\"https:\\\/\\\/nrcmachine.com\\\/pl\\\/product\\\/high-speed-toilet-paper-roll-converting-machine\\\/#breadcrumblist\",\"itemListElement\":[{\"@type\":\"ListItem\",\"@id\":\"https:\\\/\\\/nrcmachine.com\\\/pl#listItem\",\"position\":1,\"name\":\"Home\",\"item\":\"https:\\\/\\\/nrcmachine.com\\\/pl\",\"nextItem\":{\"@type\":\"ListItem\",\"@id\":\"https:\\\/\\\/nrcmachine.com\\\/pl\\\/product\\\/#listItem\",\"name\":\"Products\"}},{\"@type\":\"ListItem\",\"@id\":\"https:\\\/\\\/nrcmachine.com\\\/pl\\\/product\\\/#listItem\",\"position\":2,\"name\":\"Products\",\"item\":\"https:\\\/\\\/nrcmachine.com\\\/pl\\\/product\\\/\",\"nextItem\":{\"@type\":\"ListItem\",\"@id\":\"https:\\\/\\\/nrcmachine.com\\\/pl\\\/tag\\\/toilet-paper-machine\\\/#listItem\",\"name\":\"toilet paper machine\"},\"previousItem\":{\"@type\":\"ListItem\",\"@id\":\"https:\\\/\\\/nrcmachine.com\\\/pl#listItem\",\"name\":\"Home\"}},{\"@type\":\"ListItem\",\"@id\":\"https:\\\/\\\/nrcmachine.com\\\/pl\\\/tag\\\/toilet-paper-machine\\\/#listItem\",\"position\":3,\"name\":\"toilet paper machine\",\"item\":\"https:\\\/\\\/nrcmachine.com\\\/pl\\\/tag\\\/toilet-paper-machine\\\/\",\"nextItem\":{\"@type\":\"ListItem\",\"@id\":\"https:\\\/\\\/nrcmachine.com\\\/pl\\\/product\\\/high-speed-toilet-paper-roll-converting-machine\\\/#listItem\",\"name\":\"High Speed Toilet Paper Roll Converting Machine\"},\"previousItem\":{\"@type\":\"ListItem\",\"@id\":\"https:\\\/\\\/nrcmachine.com\\\/pl\\\/product\\\/#listItem\",\"name\":\"Products\"}},{\"@type\":\"ListItem\",\"@id\":\"https:\\\/\\\/nrcmachine.com\\\/pl\\\/product\\\/high-speed-toilet-paper-roll-converting-machine\\\/#listItem\",\"position\":4,\"name\":\"High Speed Toilet Paper Roll Converting Machine\",\"previousItem\":{\"@type\":\"ListItem\",\"@id\":\"https:\\\/\\\/nrcmachine.com\\\/pl\\\/tag\\\/toilet-paper-machine\\\/#listItem\",\"name\":\"toilet paper machine\"}}]},{\"@type\":\"Organization\",\"@id\":\"https:\\\/\\\/nrcmachine.com\\\/pl\\\/#organization\",\"name\":\"Toilet Paper Machine, Paper Tube Machine | NRC Machine wordpress\",\"description\":\"Reliable Paper Machinery Solutions\",\"url\":\"https:\\\/\\\/nrcmachine.com\\\/pl\\\/\",\"email\":\"james@nrcmachine.com\",\"telephone\":\"+8615254213289\",\"foundingDate\":\"2023-11-01\",\"numberOfEmployees\":{\"@type\":\"QuantitativeValue\",\"minValue\":1,\"maxValue\":50},\"logo\":{\"@type\":\"ImageObject\",\"url\":\"https:\\\/\\\/nrcmachine.com\\\/wp-content\\\/uploads\\\/2026\\\/01\\\/logo23.png\",\"@id\":\"https:\\\/\\\/nrcmachine.com\\\/pl\\\/product\\\/high-speed-toilet-paper-roll-converting-machine\\\/#organizationLogo\",\"width\":800,\"height\":800,\"caption\":\"logo for NRC MACHINE\"},\"image\":{\"@id\":\"https:\\\/\\\/nrcmachine.com\\\/pl\\\/product\\\/high-speed-toilet-paper-roll-converting-machine\\\/#organizationLogo\"},\"sameAs\":[\"https:\\\/\\\/www.facebook.com\\\/james.gao.349938\",\"https:\\\/\\\/x.com\\\/JamesGao65335\",\"https:\\\/\\\/www.instagram.com\\\/jamesgao407?igsh=d2YybzFhMjY0YTl3\",\"https:\\\/\\\/www.tiktok.com\\\/@gyl20210118\",\"https:\\\/\\\/www.linkedin.com\\\/in\\\/--9a63583a9\\\/\"],\"address\":{\"@id\":\"https:\\\/\\\/nrcmachine.com\\\/pl\\\/#postaladdress\",\"@type\":\"PostalAddress\",\"streetAddress\":\"No..519,Jiangshan South Road,Huangdao,\",\"postalCode\":\"266500\",\"addressLocality\":\"Qingdao\",\"addressRegion\":\"Shandong Province\",\"addressCountry\":\"CN\"},\"taxID\":\"91370211MAD54P6P85\",\"vatID\":\"91370211MAD54P6P85\"},{\"@type\":\"WebPage\",\"@id\":\"https:\\\/\\\/nrcmachine.com\\\/pl\\\/product\\\/high-speed-toilet-paper-roll-converting-machine\\\/#webpage\",\"url\":\"https:\\\/\\\/nrcmachine.com\\\/pl\\\/product\\\/high-speed-toilet-paper-roll-converting-machine\\\/\",\"name\":\"High Speed Toilet Paper Roll Converting Machine - NRC\",\"description\":\"These machines form a Fully Automatic High Speed Toilet Paper Roll Converting Machine Production Line. From raw material to packaged product.\",\"inLanguage\":\"pl-PL\",\"isPartOf\":{\"@id\":\"https:\\\/\\\/nrcmachine.com\\\/pl\\\/#website\"},\"breadcrumb\":{\"@id\":\"https:\\\/\\\/nrcmachine.com\\\/pl\\\/product\\\/high-speed-toilet-paper-roll-converting-machine\\\/#breadcrumblist\"},\"image\":{\"@type\":\"ImageObject\",\"url\":\"https:\\\/\\\/nrcmachine.com\\\/wp-content\\\/uploads\\\/2025\\\/11\\\/high-speed-toilet-paper-roll-converting-machine-1.webp\",\"@id\":\"https:\\\/\\\/nrcmachine.com\\\/pl\\\/product\\\/high-speed-toilet-paper-roll-converting-machine\\\/#mainImage\",\"width\":800,\"height\":800,\"caption\":\"high speed toilet paper roll converting machine\"},\"primaryImageOfPage\":{\"@id\":\"https:\\\/\\\/nrcmachine.com\\\/pl\\\/product\\\/high-speed-toilet-paper-roll-converting-machine\\\/#mainImage\"},\"datePublished\":\"2025-11-26T09:16:13+08:00\",\"dateModified\":\"2025-12-31T05:27:40+08:00\"},{\"@type\":\"WebSite\",\"@id\":\"https:\\\/\\\/nrcmachine.com\\\/pl\\\/#website\",\"url\":\"https:\\\/\\\/nrcmachine.com\\\/pl\\\/\",\"name\":\"Toilet Paper Machine, Paper Tube Machine | NRC Machine\",\"alternateName\":\"Qingdao New Richuan Precision Machine Co.,Ltd\",\"description\":\"Reliable Paper Machinery Solutions\",\"inLanguage\":\"pl-PL\",\"publisher\":{\"@id\":\"https:\\\/\\\/nrcmachine.com\\\/pl\\\/#organization\"}}]}\n\t\t<\/script>\n\t\t<!-- All in One SEO Pro -->\r\n\t\t<title>High Speed Toilet Paper Roll Converting Machine - NRC<\/title>\n\n","aioseo_head_json":{"title":"Szybka maszyna do przetwarzania rolek papieru toaletowego - NRC","description":"Maszyny te tworz\u0105 w pe\u0142ni automatyczn\u0105 lini\u0119 produkcyjn\u0105 szybkich maszyn do przetwarzania rolek papieru toaletowego. Od surowca do zapakowanego produktu.","canonical_url":"https:\/\/nrcmachine.com\/pl\/product\/high-speed-toilet-paper-roll-converting-machine\/","robots":"noodp, max-snippet:-1, max-image-preview:large, max-video-preview:-1","keywords":"","webmasterTools":{"miscellaneous":""},"schema":{"@context":"https:\/\/schema.org","@graph":[{"@type":"BreadcrumbList","@id":"https:\/\/nrcmachine.com\/pl\/product\/high-speed-toilet-paper-roll-converting-machine\/#breadcrumblist","itemListElement":[{"@type":"ListItem","@id":"https:\/\/nrcmachine.com\/pl#listItem","position":1,"name":"Home","item":"https:\/\/nrcmachine.com\/pl","nextItem":{"@type":"ListItem","@id":"https:\/\/nrcmachine.com\/pl\/product\/#listItem","name":"Products"}},{"@type":"ListItem","@id":"https:\/\/nrcmachine.com\/pl\/product\/#listItem","position":2,"name":"Products","item":"https:\/\/nrcmachine.com\/pl\/product\/","nextItem":{"@type":"ListItem","@id":"https:\/\/nrcmachine.com\/pl\/tag\/toilet-paper-machine\/#listItem","name":"toilet paper machine"},"previousItem":{"@type":"ListItem","@id":"https:\/\/nrcmachine.com\/pl#listItem","name":"Home"}},{"@type":"ListItem","@id":"https:\/\/nrcmachine.com\/pl\/tag\/toilet-paper-machine\/#listItem","position":3,"name":"toilet paper machine","item":"https:\/\/nrcmachine.com\/pl\/tag\/toilet-paper-machine\/","nextItem":{"@type":"ListItem","@id":"https:\/\/nrcmachine.com\/pl\/product\/high-speed-toilet-paper-roll-converting-machine\/#listItem","name":"High Speed Toilet Paper Roll Converting Machine"},"previousItem":{"@type":"ListItem","@id":"https:\/\/nrcmachine.com\/pl\/product\/#listItem","name":"Products"}},{"@type":"ListItem","@id":"https:\/\/nrcmachine.com\/pl\/product\/high-speed-toilet-paper-roll-converting-machine\/#listItem","position":4,"name":"High Speed Toilet Paper Roll Converting Machine","previousItem":{"@type":"ListItem","@id":"https:\/\/nrcmachine.com\/pl\/tag\/toilet-paper-machine\/#listItem","name":"toilet paper machine"}}]},{"@type":"Organization","@id":"https:\/\/nrcmachine.com\/pl\/#organization","name":"Toilet Paper Machine, Paper Tube Machine | NRC Machine wordpress","description":"Reliable Paper Machinery Solutions","url":"https:\/\/nrcmachine.com\/pl\/","email":"james@nrcmachine.com","telephone":"+8615254213289","foundingDate":"2023-11-01","numberOfEmployees":{"@type":"QuantitativeValue","minValue":1,"maxValue":50},"logo":{"@type":"ImageObject","url":"https:\/\/nrcmachine.com\/wp-content\/uploads\/2026\/01\/logo23.png","@id":"https:\/\/nrcmachine.com\/pl\/product\/high-speed-toilet-paper-roll-converting-machine\/#organizationLogo","width":800,"height":800,"caption":"logo for NRC MACHINE"},"image":{"@id":"https:\/\/nrcmachine.com\/pl\/product\/high-speed-toilet-paper-roll-converting-machine\/#organizationLogo"},"sameAs":["https:\/\/www.facebook.com\/james.gao.349938","https:\/\/x.com\/JamesGao65335","https:\/\/www.instagram.com\/jamesgao407?igsh=d2YybzFhMjY0YTl3","https:\/\/www.tiktok.com\/@gyl20210118","https:\/\/www.linkedin.com\/in\/--9a63583a9\/"],"address":{"@id":"https:\/\/nrcmachine.com\/pl\/#postaladdress","@type":"PostalAddress","streetAddress":"No..519,Jiangshan South Road,Huangdao,","postalCode":"266500","addressLocality":"Qingdao","addressRegion":"Shandong Province","addressCountry":"CN"},"taxID":"91370211MAD54P6P85","vatID":"91370211MAD54P6P85"},{"@type":"WebPage","@id":"https:\/\/nrcmachine.com\/pl\/product\/high-speed-toilet-paper-roll-converting-machine\/#webpage","url":"https:\/\/nrcmachine.com\/pl\/product\/high-speed-toilet-paper-roll-converting-machine\/","name":"High Speed Toilet Paper Roll Converting Machine - NRC","description":"These machines form a Fully Automatic High Speed Toilet Paper Roll Converting Machine Production Line. From raw material to packaged product.","inLanguage":"pl-PL","isPartOf":{"@id":"https:\/\/nrcmachine.com\/pl\/#website"},"breadcrumb":{"@id":"https:\/\/nrcmachine.com\/pl\/product\/high-speed-toilet-paper-roll-converting-machine\/#breadcrumblist"},"image":{"@type":"ImageObject","url":"https:\/\/nrcmachine.com\/wp-content\/uploads\/2025\/11\/high-speed-toilet-paper-roll-converting-machine-1.webp","@id":"https:\/\/nrcmachine.com\/pl\/product\/high-speed-toilet-paper-roll-converting-machine\/#mainImage","width":800,"height":800,"caption":"high speed toilet paper roll converting machine"},"primaryImageOfPage":{"@id":"https:\/\/nrcmachine.com\/pl\/product\/high-speed-toilet-paper-roll-converting-machine\/#mainImage"},"datePublished":"2025-11-26T09:16:13+08:00","dateModified":"2025-12-31T05:27:40+08:00"},{"@type":"WebSite","@id":"https:\/\/nrcmachine.com\/pl\/#website","url":"https:\/\/nrcmachine.com\/pl\/","name":"Toilet Paper Machine, Paper Tube Machine | NRC Machine","alternateName":"Qingdao New Richuan Precision Machine Co.,Ltd","description":"Reliable Paper Machinery Solutions","inLanguage":"pl-PL","publisher":{"@id":"https:\/\/nrcmachine.com\/pl\/#organization"}}]},"og:locale":"pl_PL","og:site_name":"Toilet Paper Machine, Paper Tube Machine | NRC Machine - Reliable Paper Machinery Solutions","og:type":"article","og:title":"High Speed Toilet Paper Roll Converting Machine - NRC","og:description":"These machines form a Fully Automatic High Speed Toilet Paper Roll Converting Machine Production Line. From raw material to packaged product.","og:url":"https:\/\/nrcmachine.com\/pl\/product\/high-speed-toilet-paper-roll-converting-machine\/","og:image":"https:\/\/nrcmachine.com\/wp-content\/uploads\/2025\/11\/high-speed-toilet-paper-roll-converting-machine-1.webp","og:image:secure_url":"https:\/\/nrcmachine.com\/wp-content\/uploads\/2025\/11\/high-speed-toilet-paper-roll-converting-machine-1.webp","og:image:width":800,"og:image:height":800,"article:published_time":"2025-11-26T01:16:13+00:00","article:modified_time":"2025-12-30T21:27:40+00:00","article:publisher":"https:\/\/www.facebook.com\/james.gao.349938","twitter:card":"summary","twitter:site":"@JamesGao65335","twitter:title":"High Speed Toilet Paper Roll Converting Machine - NRC","twitter:description":"These machines form a Fully Automatic High Speed Toilet Paper Roll Converting Machine Production Line. From raw material to packaged product.","twitter:image":"https:\/\/nrcmachine.com\/wp-content\/uploads\/2025\/11\/high-speed-toilet-paper-roll-converting-machine-1.webp"},"aioseo_meta_data":{"post_id":"2235","title":"#post_title #separator_sa NRC","description":"Maszyny te tworz\u0105 w pe\u0142ni automatyczn\u0105 lini\u0119 produkcyjn\u0105 szybkich maszyn do przetwarzania rolek papieru toaletowego. Od surowca do zapakowanego produktu.","keywords":null,"keyphrases":{"focus":{"keyphrase":"paper roll converting machine","score":88,"analysis":{"keyphraseInTitle":{"score":9,"maxScore":9,"error":0},"keyphraseInDescription":{"score":9,"maxScore":9,"error":0},"keyphraseLength":{"score":9,"maxScore":9,"error":0,"length":4},"keyphraseInURL":{"score":5,"maxScore":5,"error":0},"keyphraseInIntroduction":{"score":3,"maxScore":9,"error":1},"keyphraseInSubHeadings":[],"keyphraseInImageAlt":[],"keywordDensity":{"type":"best","score":9,"maxScore":9,"error":0}}},"additional":[]},"primary_term":null,"canonical_url":null,"og_title":null,"og_description":null,"og_object_type":"default","og_image_type":"default","og_image_url":null,"og_image_width":null,"og_image_height":null,"og_image_custom_url":null,"og_image_custom_fields":null,"og_video":"","og_custom_url":null,"og_article_section":null,"og_article_tags":null,"twitter_use_og":false,"twitter_card":"default","twitter_image_type":"default","twitter_image_url":null,"twitter_image_custom_url":null,"twitter_image_custom_fields":null,"twitter_title":null,"twitter_description":null,"schema":{"blockGraphs":[],"customGraphs":[],"default":{"data":{"Article":[],"Course":[],"Dataset":[],"FAQPage":[],"Movie":[],"Person":[],"Product":[],"ProductReview":[],"Car":[],"Recipe":[],"Service":[],"SoftwareApplication":[],"WebPage":[]},"graphName":"ItemPage","isEnabled":true},"graphs":[]},"schema_type":"default","schema_type_options":null,"pillar_content":false,"robots_default":true,"robots_noindex":false,"robots_noarchive":false,"robots_nosnippet":false,"robots_nofollow":false,"robots_noimageindex":false,"robots_noodp":false,"robots_notranslate":false,"robots_max_snippet":"-1","robots_max_videopreview":"-1","robots_max_imagepreview":"large","priority":null,"frequency":"default","local_seo":null,"seo_analyzer_scan_date":"2026-02-13 03:13:29","breadcrumb_settings":null,"limit_modified_date":false,"reviewed_by":null,"open_ai":null,"ai":{"faqs":[],"keyPoints":[],"titles":[],"descriptions":[],"socialPosts":{"email":[],"linkedin":[],"twitter":[],"facebook":[],"instagram":[]}},"created":"2025-12-11 08:40:55","updated":"2026-02-13 06:53:56"},"aioseo_breadcrumb":"<div class=\"aioseo-breadcrumbs\"><span class=\"aioseo-breadcrumb\">\n\t<a href=\"https:\/\/nrcmachine.com\/pl\" title=\"Home\">Home<\/a>\n<\/span><span class=\"aioseo-breadcrumb-separator\">\u00bb<\/span><span class=\"aioseo-breadcrumb\">\n\t<a href=\"https:\/\/nrcmachine.com\/pl\/product\/\" title=\"Products\">Products<\/a>\n<\/span><span class=\"aioseo-breadcrumb-separator\">\u00bb<\/span><span class=\"aioseo-breadcrumb\">\n\t<a href=\"https:\/\/nrcmachine.com\/pl\/tag\/toilet-paper-machine\/\" title=\"toilet paper machine\">toilet paper machine<\/a>\n<\/span><span class=\"aioseo-breadcrumb-separator\">\u00bb<\/span><span class=\"aioseo-breadcrumb\">\n\tHigh Speed Toilet Paper Roll Converting Machine\n<\/span><\/div>","aioseo_breadcrumb_json":[{"label":"Home","link":"https:\/\/nrcmachine.com\/pl"},{"label":"Products","link":"https:\/\/nrcmachine.com\/pl\/product\/"},{"label":"toilet paper machine","link":"https:\/\/nrcmachine.com\/pl\/tag\/toilet-paper-machine\/"},{"label":"High Speed Toilet Paper Roll Converting Machine","link":"https:\/\/nrcmachine.com\/pl\/product\/high-speed-toilet-paper-roll-converting-machine\/"}],"_links":{"self":[{"href":"https:\/\/nrcmachine.com\/pl\/wp-json\/wp\/v2\/product\/2235","targetHints":{"allow":["GET"]}}],"collection":[{"href":"https:\/\/nrcmachine.com\/pl\/wp-json\/wp\/v2\/product"}],"about":[{"href":"https:\/\/nrcmachine.com\/pl\/wp-json\/wp\/v2\/types\/product"}],"version-history":[{"count":0,"href":"https:\/\/nrcmachine.com\/pl\/wp-json\/wp\/v2\/product\/2235\/revisions"}],"wp:featuredmedia":[{"embeddable":true,"href":"https:\/\/nrcmachine.com\/pl\/wp-json\/wp\/v2\/media\/3440"}],"wp:attachment":[{"href":"https:\/\/nrcmachine.com\/pl\/wp-json\/wp\/v2\/media?parent=2235"}],"wp:term":[{"taxonomy":"post_tag","embeddable":true,"href":"https:\/\/nrcmachine.com\/pl\/wp-json\/wp\/v2\/tags?post=2235"},{"taxonomy":"products","embeddable":true,"href":"https:\/\/nrcmachine.com\/pl\/wp-json\/wp\/v2\/products?post=2235"}],"curies":[{"name":"wp","href":"https:\/\/api.w.org\/{rel}","templated":true}]}}