 {"id":2403,"date":"2025-12-02T11:07:32","date_gmt":"2025-12-02T03:07:32","guid":{"rendered":"https:\/\/nrcmachine.com\/?post_type=product&#038;p=2403"},"modified":"2025-12-29T14:25:47","modified_gmt":"2025-12-29T06:25:47","slug":"paper-roll-slitting-machine","status":"publish","type":"product","link":"https:\/\/nrcmachine.com\/pl\/product\/paper-roll-slitting-machine\/","title":{"rendered":"Maszyna do ci\u0119cia wzd\u0142u\u017cnego rolek papieru"},"content":{"rendered":"<h4 style=\"text-align: center;\"><strong><a href=\"https:\/\/nrcmachinery.com\/Kraft-paper-slitting-rewinding-machine.html\">Maszyna do ci\u0119cia wzd\u0142u\u017cnego rolek papieru<\/a> - Precyzja. Wydajno\u015b\u0107. Kontrola.<\/strong><\/h4>\n<ol>\n<li>\n<h6><strong> Wprowadzenie: Zaprojektowany dla doskona\u0142o\u015bci<\/strong><\/h6>\n<p>The <a href=\"https:\/\/nrcmachine.com\/product\/kraft-paper-slitting-rewinder-machine\/\">Maszyna do ci\u0119cia wzd\u0142u\u017cnego rolek papieru<\/a> reprezentuje szczyt nowoczesnej technologii przetwarzania. Zaprojektowana dla wysokowydajnych \u015brodowisk przemys\u0142owych, zapewnia niezr\u00f3wnan\u0105 precyzj\u0119 ci\u0119cia rolek papieru o szeroko\u015bci do 1600 mm. Niezale\u017cnie od tego, czy chodzi o pakowanie, drukowanie czy specjalne zastosowania papierowe, maszyna ta zapewnia czyste, sp\u00f3jne ci\u0119cia przy minimalnej ilo\u015bci odpad\u00f3w.<\/p>\n<div class=\"ast-oembed-container\" style=\"height: 100%;\"><iframe title=\"Chi\u0144ski producent maszyn do produkcji rur papierowych i powi\u0105zanych urz\u0105dze\u0144 do przetwarzania papieru\" width=\"500\" height=\"281\" src=\"https:\/\/www.youtube.com\/embed\/Lt7WhNOZQpQ?feature=oembed\" frameborder=\"0\" allow=\"accelerometer; autoplay; clipboard-write; encrypted-media; gyroscope; picture-in-picture; web-share\" referrerpolicy=\"strict-origin-when-cross-origin\" allowfullscreen><\/iframe><\/div>\n<\/li>\n<li>\n<h6><strong> Kluczowe specyfikacje: Moc i precyzja<\/strong><\/h6>\n<p>Dzi\u0119ki maksymalnej szeroko\u015bci rolki wynosz\u0105cej 1600 mm, maszyna mo\u017ce obs\u0142ugiwa\u0107 szeroki zakres rozmiar\u00f3w pod\u0142o\u017ca. Sterownik CNC umo\u017cliwia precyzyjn\u0105 regulacj\u0119 szeroko\u015bci szczeliny, napr\u0119\u017cenia i pozycjonowania, zapewniaj\u0105c optymalne wyniki w przypadku r\u00f3\u017cnych materia\u0142\u00f3w. Pracuj\u0105c z pr\u0119dko\u015bci\u0105 od 0 do 300 metr\u00f3w na minut\u0119, maszyna r\u00f3wnowa\u017cy wysok\u0105 przepustowo\u015b\u0107 z wyj\u0105tkow\u0105 kontrol\u0105, p\u0142ynnie dostosowuj\u0105c si\u0119 do wymaga\u0144 produkcyjnych.<\/li>\n<li>\n<h6><strong> Zaawansowany system sterowania CNC<\/strong><\/h6>\n<p>Sercem maszyny jest inteligentny sterownik CNC. Ten przyjazny dla u\u017cytkownika interfejs umo\u017cliwia operatorom \u0142atwe przechowywanie, przywo\u0142ywanie i dostosowywanie parametr\u00f3w pracy. Monitorowanie w czasie rzeczywistym zapewnia sta\u0142e napr\u0119\u017cenie i wyr\u00f3wnanie, minimalizuj\u0105c przestoje i straty materia\u0142u. System obs\u0142uguje zautomatyzowan\u0105 diagnostyk\u0119, zwi\u0119kszaj\u0105c niezawodno\u015b\u0107 i zmniejszaj\u0105c potrzeby w zakresie konserwacji.<\/li>\n<li>\n<h6><strong> Wysoka pr\u0119dko\u015b\u0107 i stabilno\u015b\u0107<\/strong><\/h6>\n<p>Zaprojektowana z my\u015bl\u0105 o pr\u0119dko\u015bci bez po\u015bwi\u0119cania dok\u0142adno\u015bci, bobiniarka dzia\u0142a p\u0142ynnie w pe\u0142nym zakresie 0 ~ 300 m \/ min. Solidna konstrukcja i precyzyjne \u0142o\u017cyska minimalizuj\u0105 wibracje, nawet przy maksymalnej pr\u0119dko\u015bci. Ta stabilno\u015b\u0107 zapewnia czyste, pozbawione zadzior\u00f3w kraw\u0119dzie i jednolit\u0105 jako\u015b\u0107 rolki, spe\u0142niaj\u0105c najsurowsze standardy bran\u017cowe.<\/li>\n<li>\n<h6><strong> Wszechstronno\u015b\u0107 i zakres zastosowa\u0144<\/strong><\/h6>\n<p>Idealna do papieru siarczanowego, powlekanego, bibu\u0142y i kartonu, maszyna dostosowuje si\u0119 do r\u00f3\u017cnych grubo\u015bci i gatunk\u00f3w. Jej modu\u0142owa konstrukcja umo\u017cliwia szybk\u0105 zmian\u0119 zada\u0144, zwi\u0119kszaj\u0105c wydajno\u015b\u0107 w dynamicznych \u015brodowiskach produkcyjnych. Od w\u0105skich etykiet po szerokie rolki opakowaniowe, zapewnia sta\u0142\u0105 wydajno\u015b\u0107.<\/li>\n<li>\n<h6><strong> Wbudowane bezpiecze\u0144stwo i trwa\u0142o\u015b\u0107<\/strong><\/h6>\n<p>Funkcje bezpiecze\u0144stwa obejmuj\u0105 wy\u0142\u0105czniki awaryjne, os\u0142ony ochronne i zabezpieczenie przed przeci\u0105\u017ceniem oparte na czujnikach. Maszyna zosta\u0142a wykonana z wytrzyma\u0142ej stali i odpornych na korozj\u0119 komponent\u00f3w, dzi\u0119ki czemu jest w stanie wytrzyma\u0107 ci\u0105g\u0142\u0105 prac\u0119 w wymagaj\u0105cych warunkach.<\/li>\n<li>\n<h6><strong> Wnioski: Przysz\u0142o\u015b\u0107 technologii ci\u0119cia wzd\u0142u\u017cnego<\/strong><\/h6>\n<p>\u0141\u0105cz\u0105c w sobie mo\u017cliwo\u015bci szerokoformatowe, inteligencj\u0119 CNC i wysok\u0105 wydajno\u015b\u0107, ten <a href=\"https:\/\/nrcmachine.com\/product\/kraft-paper-slitting-rewinder-machine\/\">maszyna do ci\u0119cia wzd\u0142u\u017cnego rolek papieru<\/a> wyznacza nowy punkt odniesienia w zakresie konwersji. To nie tylko maszyna - to transformacja produktywno\u015bci.<\/li>\n<\/ol>\n<p>&nbsp;<\/p>","protected":false},"featured_media":2404,"template":"","meta":{"_acf_changed":false,"_monsterinsights_skip_tracking":false,"_monsterinsights_sitenote_active":false,"_monsterinsights_sitenote_note":"","_monsterinsights_sitenote_category":0,"site-sidebar-layout":"default","site-content-layout":"","ast-site-content-layout":"default","site-content-style":"default","site-sidebar-style":"default","ast-global-header-display":"","ast-banner-title-visibility":"","ast-main-header-display":"","ast-hfb-above-header-display":"","ast-hfb-below-header-display":"","ast-hfb-mobile-header-display":"","site-post-title":"","ast-breadcrumbs-content":"","ast-featured-img":"","footer-sml-layout":"","theme-transparent-header-meta":"default","adv-header-id-meta":"","stick-header-meta":"default","header-above-stick-meta":"","header-main-stick-meta":"","header-below-stick-meta":"","astra-migrate-meta-layouts":"set","ast-page-background-enabled":"default","ast-page-background-meta":{"desktop":{"background-color":"var(--ast-global-color-4)","background-image":"","background-repeat":"repeat","background-position":"center center","background-size":"auto","background-attachment":"scroll","background-type":"","background-media":"","overlay-type":"","overlay-color":"","overlay-opacity":"","overlay-gradient":""},"tablet":{"background-color":"","background-image":"","background-repeat":"repeat","background-position":"center center","background-size":"auto","background-attachment":"scroll","background-type":"","background-media":"","overlay-type":"","overlay-color":"","overlay-opacity":"","overlay-gradient":""},"mobile":{"background-color":"","background-image":"","background-repeat":"repeat","background-position":"center center","background-size":"auto","background-attachment":"scroll","background-type":"","background-media":"","overlay-type":"","overlay-color":"","overlay-opacity":"","overlay-gradient":""}},"ast-content-background-meta":{"desktop":{"background-color":"var(--ast-global-color-5)","background-image":"","background-repeat":"repeat","background-position":"center center","background-size":"auto","background-attachment":"scroll","background-type":"","background-media":"","overlay-type":"","overlay-color":"","overlay-opacity":"","overlay-gradient":""},"tablet":{"background-color":"var(--ast-global-color-5)","background-image":"","background-repeat":"repeat","background-position":"center center","background-size":"auto","background-attachment":"scroll","background-type":"","background-media":"","overlay-type":"","overlay-color":"","overlay-opacity":"","overlay-gradient":""},"mobile":{"background-color":"var(--ast-global-color-5)","background-image":"","background-repeat":"repeat","background-position":"center center","background-size":"auto","background-attachment":"scroll","background-type":"","background-media":"","overlay-type":"","overlay-color":"","overlay-opacity":"","overlay-gradient":""}}},"tags":[58],"products":[45],"class_list":["post-2403","product","type-product","status-publish","has-post-thumbnail","hentry","tag-paper-slitting-machine","products-paper-slitting-rewinding-machine"],"acf":[],"aioseo_notices":[],"aioseo_head":"\n\t\t<!-- All in One SEO Pro 4.9.2 - aioseo.com -->\n\t<meta name=\"description\" content=\"Combining wide-format capability, CNC intelligence, and high-speed efficiency, this paper roll slitting machine sets a new benchmark in converting.\" \/>\n\t<meta name=\"robots\" content=\"noodp, max-snippet:-1, max-image-preview:large, max-video-preview:-1\" \/>\n\t<link rel=\"canonical\" href=\"https:\/\/nrcmachine.com\/pl\/product\/paper-roll-slitting-machine\/\" \/>\n\t<meta name=\"generator\" content=\"All in One SEO Pro (AIOSEO) 4.9.2\" \/>\n\t\t<meta property=\"og:locale\" content=\"pl_PL\" \/>\n\t\t<meta property=\"og:site_name\" content=\"Toilet Paper Machine, Paper Tube Machine | NRC Machine - Reliable Paper Machinery Solutions\" \/>\n\t\t<meta property=\"og:type\" content=\"article\" \/>\n\t\t<meta property=\"og:title\" content=\"Paper Roll Slitting Machine - QINGDAO NEW RICHUAN\" \/>\n\t\t<meta property=\"og:description\" content=\"Combining wide-format capability, CNC intelligence, and high-speed efficiency, this paper roll slitting machine sets a new benchmark in converting.\" \/>\n\t\t<meta property=\"og:url\" content=\"https:\/\/nrcmachine.com\/pl\/product\/paper-roll-slitting-machine\/\" \/>\n\t\t<meta property=\"og:image\" content=\"https:\/\/nrcmachine.com\/wp-content\/uploads\/2025\/12\/\u5fae\u4fe1\u56fe\u7247_20251202105908_182_5_\u526f\u672c.webp\" \/>\n\t\t<meta property=\"og:image:secure_url\" content=\"https:\/\/nrcmachine.com\/wp-content\/uploads\/2025\/12\/\u5fae\u4fe1\u56fe\u7247_20251202105908_182_5_\u526f\u672c.webp\" \/>\n\t\t<meta property=\"og:image:width\" content=\"800\" \/>\n\t\t<meta property=\"og:image:height\" content=\"800\" \/>\n\t\t<meta property=\"article:published_time\" content=\"2025-12-02T03:07:32+00:00\" \/>\n\t\t<meta property=\"article:modified_time\" content=\"2025-12-29T06:25:47+00:00\" \/>\n\t\t<meta property=\"article:publisher\" content=\"https:\/\/www.facebook.com\/james.gao.349938\" \/>\n\t\t<meta name=\"twitter:card\" content=\"summary\" \/>\n\t\t<meta name=\"twitter:site\" content=\"@JamesGao65335\" \/>\n\t\t<meta name=\"twitter:title\" content=\"Paper Roll Slitting Machine - QINGDAO NEW RICHUAN\" \/>\n\t\t<meta name=\"twitter:description\" content=\"Combining wide-format capability, CNC intelligence, and high-speed efficiency, this paper roll slitting machine sets a new benchmark in converting.\" \/>\n\t\t<meta name=\"twitter:image\" content=\"https:\/\/nrcmachine.com\/wp-content\/uploads\/2025\/12\/\u5fae\u4fe1\u56fe\u7247_20251202105908_182_5_\u526f\u672c.webp\" \/>\n\t\t<script type=\"application\/ld+json\" class=\"aioseo-schema\">\n\t\t\t{\"@context\":\"https:\\\/\\\/schema.org\",\"@graph\":[{\"@type\":\"BreadcrumbList\",\"@id\":\"https:\\\/\\\/nrcmachine.com\\\/pl\\\/product\\\/paper-roll-slitting-machine\\\/#breadcrumblist\",\"itemListElement\":[{\"@type\":\"ListItem\",\"@id\":\"https:\\\/\\\/nrcmachine.com\\\/pl#listItem\",\"position\":1,\"name\":\"Home\",\"item\":\"https:\\\/\\\/nrcmachine.com\\\/pl\",\"nextItem\":{\"@type\":\"ListItem\",\"@id\":\"https:\\\/\\\/nrcmachine.com\\\/pl\\\/product\\\/#listItem\",\"name\":\"Products\"}},{\"@type\":\"ListItem\",\"@id\":\"https:\\\/\\\/nrcmachine.com\\\/pl\\\/product\\\/#listItem\",\"position\":2,\"name\":\"Products\",\"item\":\"https:\\\/\\\/nrcmachine.com\\\/pl\\\/product\\\/\",\"nextItem\":{\"@type\":\"ListItem\",\"@id\":\"https:\\\/\\\/nrcmachine.com\\\/pl\\\/tag\\\/paper-slitting-machine\\\/#listItem\",\"name\":\"paper slitting machine\"},\"previousItem\":{\"@type\":\"ListItem\",\"@id\":\"https:\\\/\\\/nrcmachine.com\\\/pl#listItem\",\"name\":\"Home\"}},{\"@type\":\"ListItem\",\"@id\":\"https:\\\/\\\/nrcmachine.com\\\/pl\\\/tag\\\/paper-slitting-machine\\\/#listItem\",\"position\":3,\"name\":\"paper slitting machine\",\"item\":\"https:\\\/\\\/nrcmachine.com\\\/pl\\\/tag\\\/paper-slitting-machine\\\/\",\"nextItem\":{\"@type\":\"ListItem\",\"@id\":\"https:\\\/\\\/nrcmachine.com\\\/pl\\\/product\\\/paper-roll-slitting-machine\\\/#listItem\",\"name\":\"Paper Roll Slitting Machine\"},\"previousItem\":{\"@type\":\"ListItem\",\"@id\":\"https:\\\/\\\/nrcmachine.com\\\/pl\\\/product\\\/#listItem\",\"name\":\"Products\"}},{\"@type\":\"ListItem\",\"@id\":\"https:\\\/\\\/nrcmachine.com\\\/pl\\\/product\\\/paper-roll-slitting-machine\\\/#listItem\",\"position\":4,\"name\":\"Paper Roll Slitting Machine\",\"previousItem\":{\"@type\":\"ListItem\",\"@id\":\"https:\\\/\\\/nrcmachine.com\\\/pl\\\/tag\\\/paper-slitting-machine\\\/#listItem\",\"name\":\"paper slitting machine\"}}]},{\"@type\":\"Organization\",\"@id\":\"https:\\\/\\\/nrcmachine.com\\\/pl\\\/#organization\",\"name\":\"Toilet Paper Machine, Paper Tube Machine | NRC Machine wordpress\",\"description\":\"Reliable Paper Machinery Solutions\",\"url\":\"https:\\\/\\\/nrcmachine.com\\\/pl\\\/\",\"email\":\"james@nrcmachine.com\",\"telephone\":\"+8615254213289\",\"foundingDate\":\"2023-11-01\",\"numberOfEmployees\":{\"@type\":\"QuantitativeValue\",\"minValue\":1,\"maxValue\":50},\"logo\":{\"@type\":\"ImageObject\",\"url\":\"https:\\\/\\\/nrcmachine.com\\\/wp-content\\\/uploads\\\/2026\\\/01\\\/logo23.png\",\"@id\":\"https:\\\/\\\/nrcmachine.com\\\/pl\\\/product\\\/paper-roll-slitting-machine\\\/#organizationLogo\",\"width\":800,\"height\":800,\"caption\":\"logo for NRC MACHINE\"},\"image\":{\"@id\":\"https:\\\/\\\/nrcmachine.com\\\/pl\\\/product\\\/paper-roll-slitting-machine\\\/#organizationLogo\"},\"sameAs\":[\"https:\\\/\\\/www.facebook.com\\\/james.gao.349938\",\"https:\\\/\\\/x.com\\\/JamesGao65335\",\"https:\\\/\\\/www.instagram.com\\\/jamesgao407?igsh=d2YybzFhMjY0YTl3\",\"https:\\\/\\\/www.tiktok.com\\\/@gyl20210118\",\"https:\\\/\\\/www.linkedin.com\\\/in\\\/--9a63583a9\\\/\"],\"address\":{\"@id\":\"https:\\\/\\\/nrcmachine.com\\\/pl\\\/#postaladdress\",\"@type\":\"PostalAddress\",\"streetAddress\":\"No..519,Jiangshan South Road,Huangdao,\",\"postalCode\":\"266500\",\"addressLocality\":\"Qingdao\",\"addressRegion\":\"Shandong Province\",\"addressCountry\":\"CN\"},\"taxID\":\"91370211MAD54P6P85\",\"vatID\":\"91370211MAD54P6P85\"},{\"@type\":\"WebPage\",\"@id\":\"https:\\\/\\\/nrcmachine.com\\\/pl\\\/product\\\/paper-roll-slitting-machine\\\/#webpage\",\"url\":\"https:\\\/\\\/nrcmachine.com\\\/pl\\\/product\\\/paper-roll-slitting-machine\\\/\",\"name\":\"Paper Roll Slitting Machine - QINGDAO NEW RICHUAN\",\"description\":\"Combining wide-format capability, CNC intelligence, and high-speed efficiency, this paper roll slitting machine sets a new benchmark in converting.\",\"inLanguage\":\"pl-PL\",\"isPartOf\":{\"@id\":\"https:\\\/\\\/nrcmachine.com\\\/pl\\\/#website\"},\"breadcrumb\":{\"@id\":\"https:\\\/\\\/nrcmachine.com\\\/pl\\\/product\\\/paper-roll-slitting-machine\\\/#breadcrumblist\"},\"image\":{\"@type\":\"ImageObject\",\"url\":\"https:\\\/\\\/nrcmachine.com\\\/wp-content\\\/uploads\\\/2025\\\/12\\\/\\u5fae\\u4fe1\\u56fe\\u7247_20251202105908_182_5_\\u526f\\u672c.webp\",\"@id\":\"https:\\\/\\\/nrcmachine.com\\\/pl\\\/product\\\/paper-roll-slitting-machine\\\/#mainImage\",\"width\":800,\"height\":800,\"caption\":\"paper roll slitting machine\"},\"primaryImageOfPage\":{\"@id\":\"https:\\\/\\\/nrcmachine.com\\\/pl\\\/product\\\/paper-roll-slitting-machine\\\/#mainImage\"},\"datePublished\":\"2025-12-02T11:07:32+08:00\",\"dateModified\":\"2025-12-29T14:25:47+08:00\"},{\"@type\":\"WebSite\",\"@id\":\"https:\\\/\\\/nrcmachine.com\\\/pl\\\/#website\",\"url\":\"https:\\\/\\\/nrcmachine.com\\\/pl\\\/\",\"name\":\"Toilet Paper Machine, Paper Tube Machine | NRC Machine\",\"alternateName\":\"Qingdao New Richuan Precision Machine Co.,Ltd\",\"description\":\"Reliable Paper Machinery Solutions\",\"inLanguage\":\"pl-PL\",\"publisher\":{\"@id\":\"https:\\\/\\\/nrcmachine.com\\\/pl\\\/#organization\"}}]}\n\t\t<\/script>\n\t\t<!-- All in One SEO Pro -->\r\n\t\t<title>Paper Roll Slitting Machine - QINGDAO NEW RICHUAN<\/title>\n\n","aioseo_head_json":{"title":"Maszyna do ci\u0119cia wzd\u0142u\u017cnego rolek papieru - QINGDAO NEW RICHUAN","description":"\u0141\u0105cz\u0105c w sobie mo\u017cliwo\u015bci szerokoformatowe, inteligencj\u0119 CNC i wysok\u0105 wydajno\u015b\u0107, ta maszyna do ci\u0119cia wzd\u0142u\u017cnego rolek papieru wyznacza nowy punkt odniesienia w zakresie przetwarzania.","canonical_url":"https:\/\/nrcmachine.com\/pl\/product\/paper-roll-slitting-machine\/","robots":"noodp, max-snippet:-1, max-image-preview:large, max-video-preview:-1","keywords":"","webmasterTools":{"miscellaneous":""},"schema":{"@context":"https:\/\/schema.org","@graph":[{"@type":"BreadcrumbList","@id":"https:\/\/nrcmachine.com\/pl\/product\/paper-roll-slitting-machine\/#breadcrumblist","itemListElement":[{"@type":"ListItem","@id":"https:\/\/nrcmachine.com\/pl#listItem","position":1,"name":"Home","item":"https:\/\/nrcmachine.com\/pl","nextItem":{"@type":"ListItem","@id":"https:\/\/nrcmachine.com\/pl\/product\/#listItem","name":"Products"}},{"@type":"ListItem","@id":"https:\/\/nrcmachine.com\/pl\/product\/#listItem","position":2,"name":"Products","item":"https:\/\/nrcmachine.com\/pl\/product\/","nextItem":{"@type":"ListItem","@id":"https:\/\/nrcmachine.com\/pl\/tag\/paper-slitting-machine\/#listItem","name":"paper slitting machine"},"previousItem":{"@type":"ListItem","@id":"https:\/\/nrcmachine.com\/pl#listItem","name":"Home"}},{"@type":"ListItem","@id":"https:\/\/nrcmachine.com\/pl\/tag\/paper-slitting-machine\/#listItem","position":3,"name":"paper slitting machine","item":"https:\/\/nrcmachine.com\/pl\/tag\/paper-slitting-machine\/","nextItem":{"@type":"ListItem","@id":"https:\/\/nrcmachine.com\/pl\/product\/paper-roll-slitting-machine\/#listItem","name":"Paper Roll Slitting Machine"},"previousItem":{"@type":"ListItem","@id":"https:\/\/nrcmachine.com\/pl\/product\/#listItem","name":"Products"}},{"@type":"ListItem","@id":"https:\/\/nrcmachine.com\/pl\/product\/paper-roll-slitting-machine\/#listItem","position":4,"name":"Paper Roll Slitting Machine","previousItem":{"@type":"ListItem","@id":"https:\/\/nrcmachine.com\/pl\/tag\/paper-slitting-machine\/#listItem","name":"paper slitting machine"}}]},{"@type":"Organization","@id":"https:\/\/nrcmachine.com\/pl\/#organization","name":"Toilet Paper Machine, Paper Tube Machine | NRC Machine wordpress","description":"Reliable Paper Machinery Solutions","url":"https:\/\/nrcmachine.com\/pl\/","email":"james@nrcmachine.com","telephone":"+8615254213289","foundingDate":"2023-11-01","numberOfEmployees":{"@type":"QuantitativeValue","minValue":1,"maxValue":50},"logo":{"@type":"ImageObject","url":"https:\/\/nrcmachine.com\/wp-content\/uploads\/2026\/01\/logo23.png","@id":"https:\/\/nrcmachine.com\/pl\/product\/paper-roll-slitting-machine\/#organizationLogo","width":800,"height":800,"caption":"logo for NRC MACHINE"},"image":{"@id":"https:\/\/nrcmachine.com\/pl\/product\/paper-roll-slitting-machine\/#organizationLogo"},"sameAs":["https:\/\/www.facebook.com\/james.gao.349938","https:\/\/x.com\/JamesGao65335","https:\/\/www.instagram.com\/jamesgao407?igsh=d2YybzFhMjY0YTl3","https:\/\/www.tiktok.com\/@gyl20210118","https:\/\/www.linkedin.com\/in\/--9a63583a9\/"],"address":{"@id":"https:\/\/nrcmachine.com\/pl\/#postaladdress","@type":"PostalAddress","streetAddress":"No..519,Jiangshan South Road,Huangdao,","postalCode":"266500","addressLocality":"Qingdao","addressRegion":"Shandong Province","addressCountry":"CN"},"taxID":"91370211MAD54P6P85","vatID":"91370211MAD54P6P85"},{"@type":"WebPage","@id":"https:\/\/nrcmachine.com\/pl\/product\/paper-roll-slitting-machine\/#webpage","url":"https:\/\/nrcmachine.com\/pl\/product\/paper-roll-slitting-machine\/","name":"Paper Roll Slitting Machine - QINGDAO NEW RICHUAN","description":"Combining wide-format capability, CNC intelligence, and high-speed efficiency, this paper roll slitting machine sets a new benchmark in converting.","inLanguage":"pl-PL","isPartOf":{"@id":"https:\/\/nrcmachine.com\/pl\/#website"},"breadcrumb":{"@id":"https:\/\/nrcmachine.com\/pl\/product\/paper-roll-slitting-machine\/#breadcrumblist"},"image":{"@type":"ImageObject","url":"https:\/\/nrcmachine.com\/wp-content\/uploads\/2025\/12\/\u5fae\u4fe1\u56fe\u7247_20251202105908_182_5_\u526f\u672c.webp","@id":"https:\/\/nrcmachine.com\/pl\/product\/paper-roll-slitting-machine\/#mainImage","width":800,"height":800,"caption":"paper roll slitting machine"},"primaryImageOfPage":{"@id":"https:\/\/nrcmachine.com\/pl\/product\/paper-roll-slitting-machine\/#mainImage"},"datePublished":"2025-12-02T11:07:32+08:00","dateModified":"2025-12-29T14:25:47+08:00"},{"@type":"WebSite","@id":"https:\/\/nrcmachine.com\/pl\/#website","url":"https:\/\/nrcmachine.com\/pl\/","name":"Toilet Paper Machine, Paper Tube Machine | NRC Machine","alternateName":"Qingdao New Richuan Precision Machine Co.,Ltd","description":"Reliable Paper Machinery Solutions","inLanguage":"pl-PL","publisher":{"@id":"https:\/\/nrcmachine.com\/pl\/#organization"}}]},"og:locale":"pl_PL","og:site_name":"Toilet Paper Machine, Paper Tube Machine | NRC Machine - Reliable Paper Machinery Solutions","og:type":"article","og:title":"Paper Roll Slitting Machine - QINGDAO NEW RICHUAN","og:description":"Combining wide-format capability, CNC intelligence, and high-speed efficiency, this paper roll slitting machine sets a new benchmark in converting.","og:url":"https:\/\/nrcmachine.com\/pl\/product\/paper-roll-slitting-machine\/","og:image":"https:\/\/nrcmachine.com\/wp-content\/uploads\/2025\/12\/\u5fae\u4fe1\u56fe\u7247_20251202105908_182_5_\u526f\u672c.webp","og:image:secure_url":"https:\/\/nrcmachine.com\/wp-content\/uploads\/2025\/12\/\u5fae\u4fe1\u56fe\u7247_20251202105908_182_5_\u526f\u672c.webp","og:image:width":800,"og:image:height":800,"article:published_time":"2025-12-02T03:07:32+00:00","article:modified_time":"2025-12-29T06:25:47+00:00","article:publisher":"https:\/\/www.facebook.com\/james.gao.349938","twitter:card":"summary","twitter:site":"@JamesGao65335","twitter:title":"Paper Roll Slitting Machine - QINGDAO NEW RICHUAN","twitter:description":"Combining wide-format capability, CNC intelligence, and high-speed efficiency, this paper roll slitting machine sets a new benchmark in converting.","twitter:image":"https:\/\/nrcmachine.com\/wp-content\/uploads\/2025\/12\/\u5fae\u4fe1\u56fe\u7247_20251202105908_182_5_\u526f\u672c.webp"},"aioseo_meta_data":{"post_id":"2403","title":"#post_title #separator_sa QINGDAO NEW RICHUAN","description":"\u0141\u0105cz\u0105c w sobie mo\u017cliwo\u015bci szerokoformatowe, inteligencj\u0119 CNC i wysok\u0105 wydajno\u015b\u0107, ta maszyna do ci\u0119cia wzd\u0142u\u017cnego rolek papieru wyznacza nowy punkt odniesienia w zakresie przetwarzania.","keywords":null,"keyphrases":{"focus":{"keyphrase":"paper roll slitting machine","score":100,"analysis":{"keyphraseInTitle":{"score":9,"maxScore":9,"error":0},"keyphraseInDescription":{"score":9,"maxScore":9,"error":0},"keyphraseLength":{"score":9,"maxScore":9,"error":0,"length":4},"keyphraseInURL":{"score":5,"maxScore":5,"error":0},"keyphraseInIntroduction":{"score":9,"maxScore":9,"error":0},"keyphraseInSubHeadings":[],"keyphraseInImageAlt":[],"keywordDensity":{"type":"best","score":9,"maxScore":9,"error":0}}},"additional":[]},"primary_term":null,"canonical_url":null,"og_title":null,"og_description":null,"og_object_type":"default","og_image_type":"default","og_image_url":null,"og_image_width":null,"og_image_height":null,"og_image_custom_url":null,"og_image_custom_fields":null,"og_video":"","og_custom_url":null,"og_article_section":null,"og_article_tags":null,"twitter_use_og":false,"twitter_card":"default","twitter_image_type":"default","twitter_image_url":null,"twitter_image_custom_url":null,"twitter_image_custom_fields":null,"twitter_title":null,"twitter_description":null,"schema":{"blockGraphs":[],"customGraphs":[],"default":{"data":{"Article":[],"Course":[],"Dataset":[],"FAQPage":[],"Movie":[],"Person":[],"Product":[],"ProductReview":[],"Car":[],"Recipe":[],"Service":[],"SoftwareApplication":[],"WebPage":[]},"graphName":"ItemPage","isEnabled":true},"graphs":[]},"schema_type":"default","schema_type_options":null,"pillar_content":false,"robots_default":true,"robots_noindex":false,"robots_noarchive":false,"robots_nosnippet":false,"robots_nofollow":false,"robots_noimageindex":false,"robots_noodp":false,"robots_notranslate":false,"robots_max_snippet":"-1","robots_max_videopreview":"-1","robots_max_imagepreview":"large","priority":null,"frequency":"default","local_seo":null,"seo_analyzer_scan_date":"2026-02-13 03:28:56","breadcrumb_settings":null,"limit_modified_date":false,"reviewed_by":null,"open_ai":null,"ai":{"faqs":[],"keyPoints":[],"titles":[],"descriptions":[],"socialPosts":{"email":[],"linkedin":[],"twitter":[],"facebook":[],"instagram":[]}},"created":"2025-12-11 08:52:38","updated":"2026-02-13 06:55:10"},"aioseo_breadcrumb":"<div class=\"aioseo-breadcrumbs\"><span class=\"aioseo-breadcrumb\">\n\t<a href=\"https:\/\/nrcmachine.com\/pl\" title=\"Home\">Home<\/a>\n<\/span><span class=\"aioseo-breadcrumb-separator\">\u00bb<\/span><span class=\"aioseo-breadcrumb\">\n\t<a href=\"https:\/\/nrcmachine.com\/pl\/product\/\" title=\"Products\">Products<\/a>\n<\/span><span class=\"aioseo-breadcrumb-separator\">\u00bb<\/span><span class=\"aioseo-breadcrumb\">\n\t<a href=\"https:\/\/nrcmachine.com\/pl\/tag\/paper-slitting-machine\/\" title=\"paper slitting machine\">paper slitting machine<\/a>\n<\/span><span class=\"aioseo-breadcrumb-separator\">\u00bb<\/span><span class=\"aioseo-breadcrumb\">\n\tPaper Roll Slitting Machine\n<\/span><\/div>","aioseo_breadcrumb_json":[{"label":"Home","link":"https:\/\/nrcmachine.com\/pl"},{"label":"Products","link":"https:\/\/nrcmachine.com\/pl\/product\/"},{"label":"paper slitting machine","link":"https:\/\/nrcmachine.com\/pl\/tag\/paper-slitting-machine\/"},{"label":"Paper Roll Slitting Machine","link":"https:\/\/nrcmachine.com\/pl\/product\/paper-roll-slitting-machine\/"}],"_links":{"self":[{"href":"https:\/\/nrcmachine.com\/pl\/wp-json\/wp\/v2\/product\/2403","targetHints":{"allow":["GET"]}}],"collection":[{"href":"https:\/\/nrcmachine.com\/pl\/wp-json\/wp\/v2\/product"}],"about":[{"href":"https:\/\/nrcmachine.com\/pl\/wp-json\/wp\/v2\/types\/product"}],"version-history":[{"count":0,"href":"https:\/\/nrcmachine.com\/pl\/wp-json\/wp\/v2\/product\/2403\/revisions"}],"wp:featuredmedia":[{"embeddable":true,"href":"https:\/\/nrcmachine.com\/pl\/wp-json\/wp\/v2\/media\/2404"}],"wp:attachment":[{"href":"https:\/\/nrcmachine.com\/pl\/wp-json\/wp\/v2\/media?parent=2403"}],"wp:term":[{"taxonomy":"post_tag","embeddable":true,"href":"https:\/\/nrcmachine.com\/pl\/wp-json\/wp\/v2\/tags?post=2403"},{"taxonomy":"products","embeddable":true,"href":"https:\/\/nrcmachine.com\/pl\/wp-json\/wp\/v2\/products?post=2403"}],"curies":[{"name":"wp","href":"https:\/\/api.w.org\/{rel}","templated":true}]}}