 {"id":3682,"date":"2026-01-05T09:46:49","date_gmt":"2026-01-05T01:46:49","guid":{"rendered":"https:\/\/nrcmachine.com\/?post_type=product&#038;p=3682"},"modified":"2026-01-05T09:59:46","modified_gmt":"2026-01-05T01:59:46","slug":"parallel-paper-tube-forming-machine","status":"publish","type":"product","link":"https:\/\/nrcmachine.com\/pl\/product\/parallel-paper-tube-forming-machine\/","title":{"rendered":"R\u00f3wnoleg\u0142a maszyna do formowania rur papierowych"},"content":{"rendered":"<h3><strong>Przedstawiamy maszyn\u0119 do formowania r\u00f3wnoleg\u0142ych rurek papierowych firmy NRC MACHINE<\/strong><\/h3>\n<p>NRC MACHINE z dum\u0105 prezentuje <strong>r\u00f3wnoleg\u0142a maszyna do formowania rur papierowych<\/strong>. Ta zaawansowana maszyna jest produkowana przez Qingdao New Richuan Precision Machine Co, Ltd.. Ltd. Spe\u0142nia wysokie standardy przemys\u0142owe. Maszyna obs\u0142uguje linie produkcyjne rur papierowych na ca\u0142ym \u015bwiecie.<\/p>\n<h4><strong>Kluczowe cechy r\u00f3wnoleg\u0142ej maszyny do formowania rurek papierowych<\/strong><\/h4>\n<p>The <strong>r\u00f3wnoleg\u0142a maszyna do formowania rur papierowych<\/strong>\u00a0oferuje wysok\u0105 wydajno\u015b\u0107. Obs\u0142uguje \u015brednic\u0119 wewn\u0119trzn\u0105 od 16 mm do 50 mm. Grubo\u015b\u0107 \u015bcianki rury papierowej wynosi od 1 mm do 5 mm. Maksymalna d\u0142ugo\u015b\u0107 mo\u017ce wynosi\u0107 do 650 mm. Specyfikacje te odpowiadaj\u0105 wi\u0119kszo\u015bci potrzeb w zakresie pakowania.<\/p>\n<div class=\"ast-oembed-container\" style=\"height: 100%;\"><iframe title=\"Szybkobie\u017cna r\u00f3wnoleg\u0142a maszyna do produkcji rur papierowych na sprzeda\u017c Cena fabryczna #machine #factory\" width=\"422\" height=\"750\" src=\"https:\/\/www.youtube.com\/embed\/7ezUriCaVjQ?feature=oembed\" frameborder=\"0\" allow=\"accelerometer; autoplay; clipboard-write; encrypted-media; gyroscope; picture-in-picture; web-share\" referrerpolicy=\"strict-origin-when-cross-origin\" allowfullscreen><\/iframe><\/div>\n<p>Maszyna wykorzystuje silnik serwo. Silnik ten zapewnia precyzyjn\u0105 kontrol\u0119. Oszcz\u0119dza r\u00f3wnie\u017c energi\u0119. Kontroler PLC zarz\u0105dza ca\u0142ym procesem. Operatorzy mog\u0105 \u0142atwo ustawia\u0107 parametry. System dzia\u0142a stabilnie i bezpiecznie.<\/p>\n<h4><strong>Dlaczego warto wybra\u0107 r\u00f3wnoleg\u0142\u0105 maszyn\u0119 do formowania rurek papierowych firmy NRC MACHINE?<\/strong><\/h4>\n<p>Wiele fabryk wybiera <strong>r\u00f3wnoleg\u0142a maszyna do formowania rur papierowych<\/strong>\u00a0od NRC MACHINE. Zwi\u0119ksza produktywno\u015b\u0107. Przestoje s\u0105 kr\u00f3tkie. Konserwacja jest prosta. Konstrukcja jest inteligentna i przyjazna dla u\u017cytkownika.<\/p>\n<p>Ta maszyna zast\u0119puje modele starego typu. Zmniejsza straty materia\u0142u. Jako\u015b\u0107 wydruku pozostaje sta\u0142a. Rury s\u0105 okr\u0105g\u0142e i g\u0142adkie. Kraw\u0119dzie s\u0105 czyste. Klienci s\u0105 zadowoleni.<\/p>\n<h4><strong>Zbudowany, by trwa\u0107, zaprojektowany, by dzia\u0142a\u0107<\/strong><\/h4>\n<p>Rama wykonana jest z wytrzyma\u0142ej stali. Cz\u0119\u015bci s\u0105 odporne na rdz\u0119. Zu\u017cywaj\u0105ce si\u0119 cz\u0119\u015bci dzia\u0142aj\u0105 d\u0142u\u017cej. Rama <a href=\"https:\/\/youtube.com\/shorts\/7ezUriCaVjQ?feature=share\">maszyna<\/a> dzia\u0142a w trudnych warunkach. Kurz i wilgo\u0107 nie maj\u0105 na ni\u0105 wi\u0119kszego wp\u0142ywu.<\/p>\n<p>Wszystkie urz\u0105dzenia przechodz\u0105 rygorystyczne testy. Tylko wykwalifikowane maszyny opuszczaj\u0105 fabryk\u0119. Ka\u017cdy <strong>r\u00f3wnoleg\u0142a maszyna do formowania rur papierowych<\/strong>\u00a0spe\u0142nia globalne zasady bezpiecze\u0144stwa.<\/p>\n<h4><strong>Inteligentne sterowanie, prosta obs\u0142uga<\/strong><\/h4>\n<p>Sterownik PLC jest wyposa\u017cony w ekran dotykowy. Menu s\u0105 w j\u0119zyku angielskim. Nowi pracownicy szybko si\u0119 ucz\u0105. Nie jest potrzebne szkolenie ekspert\u00f3w. Alerty pojawiaj\u0105 si\u0119, gdy wyst\u0105pi\u0105 problemy.<\/p>\n<p>Serwomotor automatycznie dostosowuje pr\u0119dko\u015b\u0107. Dopasowuje si\u0119 do zapotrzebowania produkcyjnego. Zu\u017cycie energii pozostaje niskie. Pomaga to obni\u017cy\u0107 koszty.<\/p>\n<h4><strong>Globalne zaufanie, lokalne wsparcie<\/strong><\/h4>\n<p><a href=\"https:\/\/nrcmachine.com\">NRC MACHINE<\/a> sprzedaje urz\u0105dzenia do ponad 30 kraj\u00f3w. U\u017cytkownicy uwielbiaj\u0105 <a href=\"https:\/\/nrcmachine.com\/product\/paper-tube-machine-for-fireworks\/\"><strong>r\u00f3wnoleg\u0142a maszyna do formowania rur papierowych<\/strong><\/a>. Zespo\u0142y serwisowe reaguj\u0105 szybko. Pomoc online 24\/7. Cz\u0119\u015bci zamienne s\u0105 wysy\u0142ane w ci\u0105gu kilku dni.<\/p>\n<h4><strong>Przemy\u015blenia ko\u0144cowe<\/strong><\/h4>\n<p>Do nowoczesnej produkcji tub papierowych nale\u017cy wybra\u0107 <a href=\"https:\/\/nrcmachine.com\/product\/parallel-paper-tube-machine\/\"><strong>r\u00f3wnoleg\u0142a maszyna do formowania rur papierowych<\/strong><\/a>. Jest produkowany przez Qingdao New Richuan Precision Machine Co, Ltd.. Wysoka jako\u015b\u0107, inteligentna konstrukcja i silne wsparcie sprawiaj\u0105, \u017ce jest to najlepszy wyb\u00f3r. Rozpocznij aktualizacj\u0119 ju\u017c dzi\u015b.<\/p>","protected":false},"featured_media":3683,"template":"","meta":{"_acf_changed":false,"_monsterinsights_skip_tracking":false,"_monsterinsights_sitenote_active":false,"_monsterinsights_sitenote_note":"","_monsterinsights_sitenote_category":0,"site-sidebar-layout":"default","site-content-layout":"","ast-site-content-layout":"default","site-content-style":"default","site-sidebar-style":"default","ast-global-header-display":"","ast-banner-title-visibility":"","ast-main-header-display":"","ast-hfb-above-header-display":"","ast-hfb-below-header-display":"","ast-hfb-mobile-header-display":"","site-post-title":"","ast-breadcrumbs-content":"","ast-featured-img":"","footer-sml-layout":"","theme-transparent-header-meta":"default","adv-header-id-meta":"","stick-header-meta":"default","header-above-stick-meta":"","header-main-stick-meta":"","header-below-stick-meta":"","astra-migrate-meta-layouts":"set","ast-page-background-enabled":"default","ast-page-background-meta":{"desktop":{"background-color":"var(--ast-global-color-4)","background-image":"","background-repeat":"repeat","background-position":"center center","background-size":"auto","background-attachment":"scroll","background-type":"","background-media":"","overlay-type":"","overlay-color":"","overlay-opacity":"","overlay-gradient":""},"tablet":{"background-color":"","background-image":"","background-repeat":"repeat","background-position":"center center","background-size":"auto","background-attachment":"scroll","background-type":"","background-media":"","overlay-type":"","overlay-color":"","overlay-opacity":"","overlay-gradient":""},"mobile":{"background-color":"","background-image":"","background-repeat":"repeat","background-position":"center center","background-size":"auto","background-attachment":"scroll","background-type":"","background-media":"","overlay-type":"","overlay-color":"","overlay-opacity":"","overlay-gradient":""}},"ast-content-background-meta":{"desktop":{"background-color":"var(--ast-global-color-5)","background-image":"","background-repeat":"repeat","background-position":"center center","background-size":"auto","background-attachment":"scroll","background-type":"","background-media":"","overlay-type":"","overlay-color":"","overlay-opacity":"","overlay-gradient":""},"tablet":{"background-color":"var(--ast-global-color-5)","background-image":"","background-repeat":"repeat","background-position":"center center","background-size":"auto","background-attachment":"scroll","background-type":"","background-media":"","overlay-type":"","overlay-color":"","overlay-opacity":"","overlay-gradient":""},"mobile":{"background-color":"var(--ast-global-color-5)","background-image":"","background-repeat":"repeat","background-position":"center center","background-size":"auto","background-attachment":"scroll","background-type":"","background-media":"","overlay-type":"","overlay-color":"","overlay-opacity":"","overlay-gradient":""}}},"tags":[49],"products":[73],"class_list":["post-3682","product","type-product","status-publish","has-post-thumbnail","hentry","tag-paper-tube-machine","products-parallel-paper-tube-machine"],"acf":[],"aioseo_notices":[],"aioseo_head":"\n\t\t<!-- All in One SEO Pro 4.9.2 - aioseo.com -->\n\t<meta name=\"description\" content=\"For modern paper tube production, choose the parallel paper tube forming machine. It is made by Qingdao New Richuan Precision Machine Co., Ltd.\" \/>\n\t<meta name=\"robots\" content=\"noodp, max-snippet:-1, max-image-preview:large, max-video-preview:-1\" \/>\n\t<link rel=\"canonical\" href=\"https:\/\/nrcmachine.com\/pl\/product\/parallel-paper-tube-forming-machine\/\" \/>\n\t<meta name=\"generator\" content=\"All in One SEO Pro (AIOSEO) 4.9.2\" \/>\n\t\t<meta property=\"og:locale\" content=\"pl_PL\" \/>\n\t\t<meta property=\"og:site_name\" content=\"Toilet Paper Machine, Paper Tube Machine | NRC Machine - Reliable Paper Machinery Solutions\" \/>\n\t\t<meta property=\"og:type\" content=\"article\" \/>\n\t\t<meta property=\"og:title\" content=\"Parallel Paper Tube Forming Machine - QINGDAO NEW RICHUAN\" \/>\n\t\t<meta property=\"og:description\" content=\"For modern paper tube production, choose the parallel paper tube forming machine. It is made by Qingdao New Richuan Precision Machine Co., Ltd.\" \/>\n\t\t<meta property=\"og:url\" content=\"https:\/\/nrcmachine.com\/pl\/product\/parallel-paper-tube-forming-machine\/\" \/>\n\t\t<meta property=\"og:image\" content=\"https:\/\/nrcmachine.com\/wp-content\/uploads\/2026\/01\/parallel-paper-tube-forming-machine3.webp\" \/>\n\t\t<meta property=\"og:image:secure_url\" content=\"https:\/\/nrcmachine.com\/wp-content\/uploads\/2026\/01\/parallel-paper-tube-forming-machine3.webp\" \/>\n\t\t<meta property=\"og:image:width\" content=\"1000\" \/>\n\t\t<meta property=\"og:image:height\" content=\"563\" \/>\n\t\t<meta property=\"article:published_time\" content=\"2026-01-05T01:46:49+00:00\" \/>\n\t\t<meta property=\"article:modified_time\" content=\"2026-01-05T01:59:46+00:00\" \/>\n\t\t<meta property=\"article:publisher\" content=\"https:\/\/www.facebook.com\/james.gao.349938\" \/>\n\t\t<meta name=\"twitter:card\" content=\"summary\" \/>\n\t\t<meta name=\"twitter:site\" content=\"@JamesGao65335\" \/>\n\t\t<meta name=\"twitter:title\" content=\"Parallel Paper Tube Forming Machine - QINGDAO NEW RICHUAN\" \/>\n\t\t<meta name=\"twitter:description\" content=\"For modern paper tube production, choose the parallel paper tube forming machine. It is made by Qingdao New Richuan Precision Machine Co., Ltd.\" \/>\n\t\t<meta name=\"twitter:image\" content=\"https:\/\/nrcmachine.com\/wp-content\/uploads\/2026\/01\/parallel-paper-tube-forming-machine-2.webp\" \/>\n\t\t<script type=\"application\/ld+json\" class=\"aioseo-schema\">\n\t\t\t{\"@context\":\"https:\\\/\\\/schema.org\",\"@graph\":[{\"@type\":\"BreadcrumbList\",\"@id\":\"https:\\\/\\\/nrcmachine.com\\\/pl\\\/product\\\/parallel-paper-tube-forming-machine\\\/#breadcrumblist\",\"itemListElement\":[{\"@type\":\"ListItem\",\"@id\":\"https:\\\/\\\/nrcmachine.com\\\/pl#listItem\",\"position\":1,\"name\":\"Home\",\"item\":\"https:\\\/\\\/nrcmachine.com\\\/pl\",\"nextItem\":{\"@type\":\"ListItem\",\"@id\":\"https:\\\/\\\/nrcmachine.com\\\/pl\\\/product\\\/#listItem\",\"name\":\"Products\"}},{\"@type\":\"ListItem\",\"@id\":\"https:\\\/\\\/nrcmachine.com\\\/pl\\\/product\\\/#listItem\",\"position\":2,\"name\":\"Products\",\"item\":\"https:\\\/\\\/nrcmachine.com\\\/pl\\\/product\\\/\",\"nextItem\":{\"@type\":\"ListItem\",\"@id\":\"https:\\\/\\\/nrcmachine.com\\\/pl\\\/tag\\\/paper-tube-machine\\\/#listItem\",\"name\":\"paper tube machine\"},\"previousItem\":{\"@type\":\"ListItem\",\"@id\":\"https:\\\/\\\/nrcmachine.com\\\/pl#listItem\",\"name\":\"Home\"}},{\"@type\":\"ListItem\",\"@id\":\"https:\\\/\\\/nrcmachine.com\\\/pl\\\/tag\\\/paper-tube-machine\\\/#listItem\",\"position\":3,\"name\":\"paper tube machine\",\"item\":\"https:\\\/\\\/nrcmachine.com\\\/pl\\\/tag\\\/paper-tube-machine\\\/\",\"nextItem\":{\"@type\":\"ListItem\",\"@id\":\"https:\\\/\\\/nrcmachine.com\\\/pl\\\/product\\\/parallel-paper-tube-forming-machine\\\/#listItem\",\"name\":\"Parallel Paper Tube Forming Machine\"},\"previousItem\":{\"@type\":\"ListItem\",\"@id\":\"https:\\\/\\\/nrcmachine.com\\\/pl\\\/product\\\/#listItem\",\"name\":\"Products\"}},{\"@type\":\"ListItem\",\"@id\":\"https:\\\/\\\/nrcmachine.com\\\/pl\\\/product\\\/parallel-paper-tube-forming-machine\\\/#listItem\",\"position\":4,\"name\":\"Parallel Paper Tube Forming Machine\",\"previousItem\":{\"@type\":\"ListItem\",\"@id\":\"https:\\\/\\\/nrcmachine.com\\\/pl\\\/tag\\\/paper-tube-machine\\\/#listItem\",\"name\":\"paper tube machine\"}}]},{\"@type\":\"Organization\",\"@id\":\"https:\\\/\\\/nrcmachine.com\\\/pl\\\/#organization\",\"name\":\"Toilet Paper Machine, Paper Tube Machine | NRC Machine wordpress\",\"description\":\"Reliable Paper Machinery Solutions\",\"url\":\"https:\\\/\\\/nrcmachine.com\\\/pl\\\/\",\"email\":\"james@nrcmachine.com\",\"telephone\":\"+8615254213289\",\"foundingDate\":\"2023-11-01\",\"numberOfEmployees\":{\"@type\":\"QuantitativeValue\",\"minValue\":1,\"maxValue\":50},\"logo\":{\"@type\":\"ImageObject\",\"url\":\"https:\\\/\\\/nrcmachine.com\\\/wp-content\\\/uploads\\\/2026\\\/01\\\/logo23.png\",\"@id\":\"https:\\\/\\\/nrcmachine.com\\\/pl\\\/product\\\/parallel-paper-tube-forming-machine\\\/#organizationLogo\",\"width\":800,\"height\":800,\"caption\":\"logo for NRC MACHINE\"},\"image\":{\"@id\":\"https:\\\/\\\/nrcmachine.com\\\/pl\\\/product\\\/parallel-paper-tube-forming-machine\\\/#organizationLogo\"},\"sameAs\":[\"https:\\\/\\\/www.facebook.com\\\/james.gao.349938\",\"https:\\\/\\\/x.com\\\/JamesGao65335\",\"https:\\\/\\\/www.instagram.com\\\/jamesgao407?igsh=d2YybzFhMjY0YTl3\",\"https:\\\/\\\/www.tiktok.com\\\/@gyl20210118\",\"https:\\\/\\\/www.linkedin.com\\\/in\\\/--9a63583a9\\\/\"],\"address\":{\"@id\":\"https:\\\/\\\/nrcmachine.com\\\/pl\\\/#postaladdress\",\"@type\":\"PostalAddress\",\"streetAddress\":\"No..519,Jiangshan South Road,Huangdao,\",\"postalCode\":\"266500\",\"addressLocality\":\"Qingdao\",\"addressRegion\":\"Shandong Province\",\"addressCountry\":\"CN\"},\"taxID\":\"91370211MAD54P6P85\",\"vatID\":\"91370211MAD54P6P85\"},{\"@type\":\"WebPage\",\"@id\":\"https:\\\/\\\/nrcmachine.com\\\/pl\\\/product\\\/parallel-paper-tube-forming-machine\\\/#webpage\",\"url\":\"https:\\\/\\\/nrcmachine.com\\\/pl\\\/product\\\/parallel-paper-tube-forming-machine\\\/\",\"name\":\"Parallel Paper Tube Forming Machine - QINGDAO NEW RICHUAN\",\"description\":\"For modern paper tube production, choose the parallel paper tube forming machine. It is made by Qingdao New Richuan Precision Machine Co., Ltd.\",\"inLanguage\":\"pl-PL\",\"isPartOf\":{\"@id\":\"https:\\\/\\\/nrcmachine.com\\\/pl\\\/#website\"},\"breadcrumb\":{\"@id\":\"https:\\\/\\\/nrcmachine.com\\\/pl\\\/product\\\/parallel-paper-tube-forming-machine\\\/#breadcrumblist\"},\"image\":{\"@type\":\"ImageObject\",\"url\":\"https:\\\/\\\/nrcmachine.com\\\/wp-content\\\/uploads\\\/2026\\\/01\\\/parallel-paper-tube-forming-machine-2.webp\",\"@id\":\"https:\\\/\\\/nrcmachine.com\\\/pl\\\/product\\\/parallel-paper-tube-forming-machine\\\/#mainImage\",\"width\":800,\"height\":800,\"caption\":\"parallel paper tube forming machine\"},\"primaryImageOfPage\":{\"@id\":\"https:\\\/\\\/nrcmachine.com\\\/pl\\\/product\\\/parallel-paper-tube-forming-machine\\\/#mainImage\"},\"datePublished\":\"2026-01-05T09:46:49+08:00\",\"dateModified\":\"2026-01-05T09:59:46+08:00\"},{\"@type\":\"WebSite\",\"@id\":\"https:\\\/\\\/nrcmachine.com\\\/pl\\\/#website\",\"url\":\"https:\\\/\\\/nrcmachine.com\\\/pl\\\/\",\"name\":\"Toilet Paper Machine, Paper Tube Machine | NRC Machine\",\"alternateName\":\"Qingdao New Richuan Precision Machine Co.,Ltd\",\"description\":\"Reliable Paper Machinery Solutions\",\"inLanguage\":\"pl-PL\",\"publisher\":{\"@id\":\"https:\\\/\\\/nrcmachine.com\\\/pl\\\/#organization\"}}]}\n\t\t<\/script>\n\t\t<!-- All in One SEO Pro -->\r\n\t\t<title>Parallel Paper Tube Forming Machine - QINGDAO NEW RICHUAN<\/title>\n\n","aioseo_head_json":{"title":"R\u00f3wnoleg\u0142a maszyna do formowania rur papierowych - QINGDAO NEW RICHUAN","description":"W przypadku nowoczesnej produkcji rur papierowych nale\u017cy wybra\u0107 r\u00f3wnoleg\u0142\u0105 maszyn\u0119 do formowania rur papierowych. Jest ona produkowana przez Qingdao New Richuan Precision Machine Co, Ltd..","canonical_url":"https:\/\/nrcmachine.com\/pl\/product\/parallel-paper-tube-forming-machine\/","robots":"noodp, max-snippet:-1, max-image-preview:large, max-video-preview:-1","keywords":"","webmasterTools":{"miscellaneous":""},"schema":{"@context":"https:\/\/schema.org","@graph":[{"@type":"BreadcrumbList","@id":"https:\/\/nrcmachine.com\/pl\/product\/parallel-paper-tube-forming-machine\/#breadcrumblist","itemListElement":[{"@type":"ListItem","@id":"https:\/\/nrcmachine.com\/pl#listItem","position":1,"name":"Home","item":"https:\/\/nrcmachine.com\/pl","nextItem":{"@type":"ListItem","@id":"https:\/\/nrcmachine.com\/pl\/product\/#listItem","name":"Products"}},{"@type":"ListItem","@id":"https:\/\/nrcmachine.com\/pl\/product\/#listItem","position":2,"name":"Products","item":"https:\/\/nrcmachine.com\/pl\/product\/","nextItem":{"@type":"ListItem","@id":"https:\/\/nrcmachine.com\/pl\/tag\/paper-tube-machine\/#listItem","name":"paper tube machine"},"previousItem":{"@type":"ListItem","@id":"https:\/\/nrcmachine.com\/pl#listItem","name":"Home"}},{"@type":"ListItem","@id":"https:\/\/nrcmachine.com\/pl\/tag\/paper-tube-machine\/#listItem","position":3,"name":"paper tube machine","item":"https:\/\/nrcmachine.com\/pl\/tag\/paper-tube-machine\/","nextItem":{"@type":"ListItem","@id":"https:\/\/nrcmachine.com\/pl\/product\/parallel-paper-tube-forming-machine\/#listItem","name":"Parallel Paper Tube Forming Machine"},"previousItem":{"@type":"ListItem","@id":"https:\/\/nrcmachine.com\/pl\/product\/#listItem","name":"Products"}},{"@type":"ListItem","@id":"https:\/\/nrcmachine.com\/pl\/product\/parallel-paper-tube-forming-machine\/#listItem","position":4,"name":"Parallel Paper Tube Forming Machine","previousItem":{"@type":"ListItem","@id":"https:\/\/nrcmachine.com\/pl\/tag\/paper-tube-machine\/#listItem","name":"paper tube machine"}}]},{"@type":"Organization","@id":"https:\/\/nrcmachine.com\/pl\/#organization","name":"Toilet Paper Machine, Paper Tube Machine | NRC Machine wordpress","description":"Reliable Paper Machinery Solutions","url":"https:\/\/nrcmachine.com\/pl\/","email":"james@nrcmachine.com","telephone":"+8615254213289","foundingDate":"2023-11-01","numberOfEmployees":{"@type":"QuantitativeValue","minValue":1,"maxValue":50},"logo":{"@type":"ImageObject","url":"https:\/\/nrcmachine.com\/wp-content\/uploads\/2026\/01\/logo23.png","@id":"https:\/\/nrcmachine.com\/pl\/product\/parallel-paper-tube-forming-machine\/#organizationLogo","width":800,"height":800,"caption":"logo for NRC MACHINE"},"image":{"@id":"https:\/\/nrcmachine.com\/pl\/product\/parallel-paper-tube-forming-machine\/#organizationLogo"},"sameAs":["https:\/\/www.facebook.com\/james.gao.349938","https:\/\/x.com\/JamesGao65335","https:\/\/www.instagram.com\/jamesgao407?igsh=d2YybzFhMjY0YTl3","https:\/\/www.tiktok.com\/@gyl20210118","https:\/\/www.linkedin.com\/in\/--9a63583a9\/"],"address":{"@id":"https:\/\/nrcmachine.com\/pl\/#postaladdress","@type":"PostalAddress","streetAddress":"No..519,Jiangshan South Road,Huangdao,","postalCode":"266500","addressLocality":"Qingdao","addressRegion":"Shandong Province","addressCountry":"CN"},"taxID":"91370211MAD54P6P85","vatID":"91370211MAD54P6P85"},{"@type":"WebPage","@id":"https:\/\/nrcmachine.com\/pl\/product\/parallel-paper-tube-forming-machine\/#webpage","url":"https:\/\/nrcmachine.com\/pl\/product\/parallel-paper-tube-forming-machine\/","name":"Parallel Paper Tube Forming Machine - QINGDAO NEW RICHUAN","description":"For modern paper tube production, choose the parallel paper tube forming machine. It is made by Qingdao New Richuan Precision Machine Co., Ltd.","inLanguage":"pl-PL","isPartOf":{"@id":"https:\/\/nrcmachine.com\/pl\/#website"},"breadcrumb":{"@id":"https:\/\/nrcmachine.com\/pl\/product\/parallel-paper-tube-forming-machine\/#breadcrumblist"},"image":{"@type":"ImageObject","url":"https:\/\/nrcmachine.com\/wp-content\/uploads\/2026\/01\/parallel-paper-tube-forming-machine-2.webp","@id":"https:\/\/nrcmachine.com\/pl\/product\/parallel-paper-tube-forming-machine\/#mainImage","width":800,"height":800,"caption":"parallel paper tube forming machine"},"primaryImageOfPage":{"@id":"https:\/\/nrcmachine.com\/pl\/product\/parallel-paper-tube-forming-machine\/#mainImage"},"datePublished":"2026-01-05T09:46:49+08:00","dateModified":"2026-01-05T09:59:46+08:00"},{"@type":"WebSite","@id":"https:\/\/nrcmachine.com\/pl\/#website","url":"https:\/\/nrcmachine.com\/pl\/","name":"Toilet Paper Machine, Paper Tube Machine | NRC Machine","alternateName":"Qingdao New Richuan Precision Machine Co.,Ltd","description":"Reliable Paper Machinery Solutions","inLanguage":"pl-PL","publisher":{"@id":"https:\/\/nrcmachine.com\/pl\/#organization"}}]},"og:locale":"pl_PL","og:site_name":"Toilet Paper Machine, Paper Tube Machine | NRC Machine - Reliable Paper Machinery Solutions","og:type":"article","og:title":"Parallel Paper Tube Forming Machine - QINGDAO NEW RICHUAN","og:description":"For modern paper tube production, choose the parallel paper tube forming machine. It is made by Qingdao New Richuan Precision Machine Co., Ltd.","og:url":"https:\/\/nrcmachine.com\/pl\/product\/parallel-paper-tube-forming-machine\/","og:image":"https:\/\/nrcmachine.com\/wp-content\/uploads\/2026\/01\/parallel-paper-tube-forming-machine3.webp","og:image:secure_url":"https:\/\/nrcmachine.com\/wp-content\/uploads\/2026\/01\/parallel-paper-tube-forming-machine3.webp","og:image:width":1000,"og:image:height":563,"article:published_time":"2026-01-05T01:46:49+00:00","article:modified_time":"2026-01-05T01:59:46+00:00","article:publisher":"https:\/\/www.facebook.com\/james.gao.349938","twitter:card":"summary","twitter:site":"@JamesGao65335","twitter:title":"Parallel Paper Tube Forming Machine - QINGDAO NEW RICHUAN","twitter:description":"For modern paper tube production, choose the parallel paper tube forming machine. It is made by Qingdao New Richuan Precision Machine Co., Ltd.","twitter:image":"https:\/\/nrcmachine.com\/wp-content\/uploads\/2026\/01\/parallel-paper-tube-forming-machine-2.webp"},"aioseo_meta_data":{"post_id":"3682","title":"#post_title #separator_sa QINGDAO NEW RICHUAN","description":"W przypadku nowoczesnej produkcji rur papierowych nale\u017cy wybra\u0107 r\u00f3wnoleg\u0142\u0105 maszyn\u0119 do formowania rur papierowych. Jest ona produkowana przez Qingdao New Richuan Precision Machine Co, Ltd..","keywords":null,"keyphrases":{"focus":{"keyphrase":"paper tube forming machine","score":100,"analysis":{"keyphraseInTitle":{"score":9,"maxScore":9,"error":0},"keyphraseInDescription":{"score":9,"maxScore":9,"error":0},"keyphraseLength":{"score":9,"maxScore":9,"error":0,"length":4},"keyphraseInURL":{"score":5,"maxScore":5,"error":0},"keyphraseInIntroduction":{"score":9,"maxScore":9,"error":0},"keyphraseInSubHeadings":{"score":9,"maxScore":9,"error":0},"keyphraseInImageAlt":[],"keywordDensity":{"type":"best","score":9,"maxScore":9,"error":0}}},"additional":[]},"primary_term":null,"canonical_url":null,"og_title":null,"og_description":null,"og_object_type":"default","og_image_type":"custom_image","og_image_url":"https:\/\/nrcmachine.com\/wp-content\/uploads\/2026\/01\/parallel-paper-tube-forming-machine3.webp","og_image_width":"1000","og_image_height":"563","og_image_custom_url":"https:\/\/nrcmachine.com\/wp-content\/uploads\/2026\/01\/parallel-paper-tube-forming-machine3.webp","og_image_custom_fields":null,"og_video":"","og_custom_url":null,"og_article_section":null,"og_article_tags":null,"twitter_use_og":false,"twitter_card":"default","twitter_image_type":"default","twitter_image_url":null,"twitter_image_custom_url":null,"twitter_image_custom_fields":null,"twitter_title":null,"twitter_description":null,"schema":{"blockGraphs":[],"customGraphs":[],"default":{"data":{"Article":[],"Course":[],"Dataset":[],"FAQPage":[],"Movie":[],"Person":[],"Product":[],"ProductReview":[],"Car":[],"Recipe":[],"Service":[],"SoftwareApplication":[],"WebPage":[]},"graphName":"ItemPage","isEnabled":true},"graphs":[]},"schema_type":"default","schema_type_options":null,"pillar_content":false,"robots_default":true,"robots_noindex":false,"robots_noarchive":false,"robots_nosnippet":false,"robots_nofollow":false,"robots_noimageindex":false,"robots_noodp":false,"robots_notranslate":false,"robots_max_snippet":"-1","robots_max_videopreview":"-1","robots_max_imagepreview":"large","priority":null,"frequency":"default","local_seo":null,"seo_analyzer_scan_date":"2026-02-13 02:28:55","breadcrumb_settings":null,"limit_modified_date":false,"reviewed_by":null,"open_ai":null,"ai":{"faqs":[],"keyPoints":[],"titles":[],"descriptions":[],"socialPosts":{"email":[],"linkedin":[],"twitter":[],"facebook":[],"instagram":[]}},"created":"2026-01-05 01:46:49","updated":"2026-02-13 07:05:46"},"aioseo_breadcrumb":"<div class=\"aioseo-breadcrumbs\"><span class=\"aioseo-breadcrumb\">\n\t<a href=\"https:\/\/nrcmachine.com\/pl\" title=\"Home\">Home<\/a>\n<\/span><span class=\"aioseo-breadcrumb-separator\">\u00bb<\/span><span class=\"aioseo-breadcrumb\">\n\t<a href=\"https:\/\/nrcmachine.com\/pl\/product\/\" title=\"Products\">Products<\/a>\n<\/span><span class=\"aioseo-breadcrumb-separator\">\u00bb<\/span><span class=\"aioseo-breadcrumb\">\n\t<a href=\"https:\/\/nrcmachine.com\/pl\/tag\/paper-tube-machine\/\" title=\"paper tube machine\">paper tube machine<\/a>\n<\/span><span class=\"aioseo-breadcrumb-separator\">\u00bb<\/span><span class=\"aioseo-breadcrumb\">\n\tParallel Paper Tube Forming Machine\n<\/span><\/div>","aioseo_breadcrumb_json":[{"label":"Home","link":"https:\/\/nrcmachine.com\/pl"},{"label":"Products","link":"https:\/\/nrcmachine.com\/pl\/product\/"},{"label":"paper tube machine","link":"https:\/\/nrcmachine.com\/pl\/tag\/paper-tube-machine\/"},{"label":"Parallel Paper Tube Forming Machine","link":"https:\/\/nrcmachine.com\/pl\/product\/parallel-paper-tube-forming-machine\/"}],"_links":{"self":[{"href":"https:\/\/nrcmachine.com\/pl\/wp-json\/wp\/v2\/product\/3682","targetHints":{"allow":["GET"]}}],"collection":[{"href":"https:\/\/nrcmachine.com\/pl\/wp-json\/wp\/v2\/product"}],"about":[{"href":"https:\/\/nrcmachine.com\/pl\/wp-json\/wp\/v2\/types\/product"}],"version-history":[{"count":0,"href":"https:\/\/nrcmachine.com\/pl\/wp-json\/wp\/v2\/product\/3682\/revisions"}],"wp:featuredmedia":[{"embeddable":true,"href":"https:\/\/nrcmachine.com\/pl\/wp-json\/wp\/v2\/media\/3683"}],"wp:attachment":[{"href":"https:\/\/nrcmachine.com\/pl\/wp-json\/wp\/v2\/media?parent=3682"}],"wp:term":[{"taxonomy":"post_tag","embeddable":true,"href":"https:\/\/nrcmachine.com\/pl\/wp-json\/wp\/v2\/tags?post=3682"},{"taxonomy":"products","embeddable":true,"href":"https:\/\/nrcmachine.com\/pl\/wp-json\/wp\/v2\/products?post=3682"}],"curies":[{"name":"wp","href":"https:\/\/api.w.org\/{rel}","templated":true}]}}