 {"id":3902,"date":"2026-01-09T19:41:16","date_gmt":"2026-01-09T11:41:16","guid":{"rendered":"https:\/\/nrcmachine.com\/?post_type=product&#038;p=3902"},"modified":"2026-01-09T19:52:44","modified_gmt":"2026-01-09T11:52:44","slug":"toilet-paper-machine-for-small-business","status":"publish","type":"product","link":"https:\/\/nrcmachine.com\/pl\/product\/toilet-paper-machine-for-small-business\/","title":{"rendered":"Maszyna do papieru toaletowego dla ma\u0142ych firm"},"content":{"rendered":"<h3 style=\"text-align: center;\"><strong>Maszyna do papieru toaletowego dla ma\u0142ych firm<\/strong><\/h3>\n<h4><strong>Wprowadzenie<\/strong><\/h4>\n<p><strong>Maszyna do papieru toaletowego dla ma\u0142ych firm<\/strong>\u00a0jest kluczem do sukcesu.<\/p>\n<p>NRC MACHINE oferuje odpowiednie rozwi\u0105zanie. Rozpocz\u0119cie dzia\u0142alno\u015bci w bran\u017cy papieru toaletowego mo\u017ce by\u0107 op\u0142acalne.<\/p>\n<p>To jest <a href=\"https:\/\/nrcmachine.com\/product\/toilet-paper-slitting-rewinding-machine\/\">automatyczna ma\u0142a maszyna do papieru toaletowego<\/a>, r\u00f3wnie\u017c o nazwie <a href=\"https:\/\/nrcmachine.com\/product\/toilet-paper-slitting-rewinding-machine\/\">w pe\u0142ni automatyczna maszyna do produkcji papieru toaletowego<\/a>, ze sterownikiem PLC.<\/p>\n<div class=\"ast-oembed-container\" style=\"height: 100%;\"><iframe title=\"Automatyczna ma\u0142a maszyna do produkcji papieru toaletowego\" width=\"500\" height=\"281\" src=\"https:\/\/www.youtube.com\/embed\/EMCARWMfzNw?feature=oembed\" frameborder=\"0\" allow=\"accelerometer; autoplay; clipboard-write; encrypted-media; gyroscope; picture-in-picture; web-share\" referrerpolicy=\"strict-origin-when-cross-origin\" allowfullscreen><\/iframe><\/div>\n<p>Pomaga to ma\u0142ym fabrykom zaoszcz\u0119dzi\u0107 czas i pieni\u0105dze.<\/p>\n<p>Co wi\u0119cej, dzia\u0142a p\u0142ynnie przy niewielkim nak\u0142adzie pracy r\u0119cznej.<\/p>\n<p><strong>Dlaczego warto wybra\u0107 NRC MACHINE?<\/strong><\/p>\n<p>NRC MACHINE jest produkowana przez Qingdao New Richuan Precision Machine Co, Ltd..<\/p>\n<p>Firma koncentruje si\u0119 na jako\u015bci i innowacyjno\u015bci.<\/p>\n<p>Dlatego ich maszyny ciesz\u0105 si\u0119 zaufaniem na ca\u0142ym \u015bwiecie.<\/p>\n<p><a href=\"https:\/\/nrcmachine.com\/product\/toilet-paper-slitting-rewinding-machine\/\"><strong>Maszyna do papieru toaletowego dla ma\u0142ych firm<\/strong><\/a>\u00a0NRC jest kompaktowy i wydajny.<\/p>\n<p>Idealnie pasuje do ma\u0142ych warsztat\u00f3w.<\/p>\n<p>Ponadto szybko si\u0119 uruchamia i wymaga niewielkiej konserwacji.<\/p>\n<p><strong>G\u0142\u00f3wne cechy urz\u0105dzenia<\/strong><\/p>\n<p>To urz\u0105dzenie ma wiele inteligentnych funkcji.<\/p>\n<p>Po pierwsze, zawiera maszyn\u0119 do przewijania papieru toaletowego z pe\u0142n\u0105 funkcj\u0105 wyt\u0142aczania.<\/p>\n<p>Dodaje to papierowi tekstury i wytrzyma\u0142o\u015bci.<\/p>\n<p>Po drugie, posiada automatyczn\u0105 przecinark\u0119 ta\u015bmow\u0105.<\/p>\n<p>Tnie rolki czysto i r\u00f3wnomiernie.<\/p>\n<p>Po trzecie, jest wyposa\u017cony w automatyczn\u0105 maszyn\u0119 pakuj\u0105c\u0105 z wieloma rolkami.<\/p>\n<p>Dzi\u0119ki temu gotowe rolki s\u0105 pakowane szybko i starannie.<\/p>\n<p>Ponadto sterownik PLC u\u0142atwia obs\u0142ug\u0119.<\/p>\n<p>Operatorzy mog\u0105 szybko si\u0119 uczy\u0107.<\/p>\n<p>W rezultacie czas treningu jest kr\u00f3tki.<\/p>\n<p><strong>Jak pomaga ma\u0142ym firmom<\/strong><\/p>\n<p>Prowadzenie ma\u0142ej firmy oznacza oszcz\u0119dzanie tam, gdzie jest to mo\u017cliwe.<\/p>\n<p>Maszyna ta obni\u017ca koszty pracy.<\/p>\n<p>Zwi\u0119ksza r\u00f3wnie\u017c wydajno\u015b\u0107.<\/p>\n<p>Przyk\u0142adowo, jedna maszyna mo\u017ce zast\u0105pi\u0107 trzech pracownik\u00f3w.<\/p>\n<p>Co wi\u0119cej, dzia\u0142a nieprzerwanie z kilkoma przerwami.<\/p>\n<p><a href=\"https:\/\/youtu.be\/EMCARWMfzNw\"><strong>Maszyna do papieru toaletowego dla ma\u0142ych firm<\/strong><\/a>\u00a0z NRC zwi\u0119ksza zysk.<\/p>\n<p>Zapewnia r\u00f3wnie\u017c sta\u0142\u0105 jako\u015b\u0107.<\/p>\n<p>Klienci pozostaj\u0105 zadowoleni, gdy otrzymuj\u0105 dobre produkty.<\/p>\n<p><strong>\u0141atwy w u\u017cyciu i utrzymaniu<\/strong><\/p>\n<p>Nie potrzebujesz eksperta, aby go uruchomi\u0107.<\/p>\n<p>Panel sterowania jest przyjazny dla u\u017cytkownika.<\/p>\n<p>Poza tym urz\u0105dzenie wy\u015bwietla alerty o b\u0142\u0119dach.<\/p>\n<p>Problemy s\u0105 wi\u0119c szybko rozwi\u0105zywane.<\/p>\n<p>Konserwacja r\u00f3wnie\u017c jest prosta.<\/p>\n<p>Wystarczy czy\u015bci\u0107 i sprawdza\u0107 cz\u0119\u015bci co tydzie\u0144.<\/p>\n<p>Dzi\u0119ki temu czas przestoju jest minimalny.<\/p>\n<p><strong>Wnioski<\/strong><\/p>\n<p>Kr\u00f3tko m\u00f3wi\u0105c, NRC MACHINE zapewnia kompleksowe rozwi\u0105zanie.<\/p>\n<p>Obejmuje to przewijanie, wyt\u0142aczanie, ci\u0119cie i pakowanie.<\/p>\n<p>Jest to automatyczna ma\u0142a maszyna do produkcji papieru toaletowego, zwana r\u00f3wnie\u017c w pe\u0142ni automatyczn\u0105 maszyn\u0105 do produkcji papieru toaletowego, ze sterownikiem PLC.<\/p>\n<p>Jest to idealne rozwi\u0105zanie dla w\u0142a\u015bcicieli ma\u0142ych firm.<\/p>\n<p><strong>Maszyna do papieru toaletowego dla ma\u0142ych firm<\/strong>\u00a0nigdy nie by\u0142a lepsza.<\/p>\n<p>Wybierz NRC MACHINE i rozwijaj sw\u00f3j biznes bez obaw.<\/p>","protected":false},"featured_media":3903,"template":"","meta":{"_acf_changed":false,"_monsterinsights_skip_tracking":false,"_monsterinsights_sitenote_active":false,"_monsterinsights_sitenote_note":"","_monsterinsights_sitenote_category":0,"site-sidebar-layout":"default","site-content-layout":"","ast-site-content-layout":"default","site-content-style":"default","site-sidebar-style":"default","ast-global-header-display":"","ast-banner-title-visibility":"","ast-main-header-display":"","ast-hfb-above-header-display":"","ast-hfb-below-header-display":"","ast-hfb-mobile-header-display":"","site-post-title":"","ast-breadcrumbs-content":"","ast-featured-img":"","footer-sml-layout":"","theme-transparent-header-meta":"default","adv-header-id-meta":"","stick-header-meta":"default","header-above-stick-meta":"","header-main-stick-meta":"","header-below-stick-meta":"","astra-migrate-meta-layouts":"set","ast-page-background-enabled":"default","ast-page-background-meta":{"desktop":{"background-color":"var(--ast-global-color-4)","background-image":"","background-repeat":"repeat","background-position":"center center","background-size":"auto","background-attachment":"scroll","background-type":"","background-media":"","overlay-type":"","overlay-color":"","overlay-opacity":"","overlay-gradient":""},"tablet":{"background-color":"","background-image":"","background-repeat":"repeat","background-position":"center center","background-size":"auto","background-attachment":"scroll","background-type":"","background-media":"","overlay-type":"","overlay-color":"","overlay-opacity":"","overlay-gradient":""},"mobile":{"background-color":"","background-image":"","background-repeat":"repeat","background-position":"center center","background-size":"auto","background-attachment":"scroll","background-type":"","background-media":"","overlay-type":"","overlay-color":"","overlay-opacity":"","overlay-gradient":""}},"ast-content-background-meta":{"desktop":{"background-color":"var(--ast-global-color-5)","background-image":"","background-repeat":"repeat","background-position":"center center","background-size":"auto","background-attachment":"scroll","background-type":"","background-media":"","overlay-type":"","overlay-color":"","overlay-opacity":"","overlay-gradient":""},"tablet":{"background-color":"var(--ast-global-color-5)","background-image":"","background-repeat":"repeat","background-position":"center center","background-size":"auto","background-attachment":"scroll","background-type":"","background-media":"","overlay-type":"","overlay-color":"","overlay-opacity":"","overlay-gradient":""},"mobile":{"background-color":"var(--ast-global-color-5)","background-image":"","background-repeat":"repeat","background-position":"center center","background-size":"auto","background-attachment":"scroll","background-type":"","background-media":"","overlay-type":"","overlay-color":"","overlay-opacity":"","overlay-gradient":""}}},"tags":[53],"products":[47],"class_list":["post-3902","product","type-product","status-publish","has-post-thumbnail","hentry","tag-toilet-paper-machine","products-toilet-paper-making-machine"],"acf":[],"aioseo_notices":[],"aioseo_head":"\n\t\t<!-- All in One SEO Pro 4.9.2 - aioseo.com -->\n\t<meta name=\"description\" content=\"Toilet paper machine for small business is key to success. NRC MACHINE offers the right solution.Starting a small toilet paper business can be profitable.\" \/>\n\t<meta name=\"robots\" content=\"noodp, max-snippet:-1, max-image-preview:large, max-video-preview:-1\" \/>\n\t<link rel=\"canonical\" href=\"https:\/\/nrcmachine.com\/pl\/product\/toilet-paper-machine-for-small-business\/\" \/>\n\t<meta name=\"generator\" content=\"All in One SEO Pro (AIOSEO) 4.9.2\" \/>\n\t\t<meta property=\"og:locale\" content=\"pl_PL\" \/>\n\t\t<meta property=\"og:site_name\" content=\"Toilet Paper Machine, Paper Tube Machine | NRC Machine - Reliable Paper Machinery Solutions\" \/>\n\t\t<meta property=\"og:type\" content=\"article\" \/>\n\t\t<meta property=\"og:title\" content=\"Toilet Paper Machine For Small Business - NRC MACHINE\" \/>\n\t\t<meta property=\"og:description\" content=\"Toilet paper machine for small business is key to success. NRC MACHINE offers the right solution.Starting a small toilet paper business can be profitable.\" \/>\n\t\t<meta property=\"og:url\" content=\"https:\/\/nrcmachine.com\/pl\/product\/toilet-paper-machine-for-small-business\/\" \/>\n\t\t<meta property=\"og:image\" content=\"https:\/\/nrcmachine.com\/wp-content\/uploads\/2026\/01\/Toilet-Paper-Machine-For-Small-Business-1.webp\" \/>\n\t\t<meta property=\"og:image:secure_url\" content=\"https:\/\/nrcmachine.com\/wp-content\/uploads\/2026\/01\/Toilet-Paper-Machine-For-Small-Business-1.webp\" \/>\n\t\t<meta property=\"og:image:width\" content=\"900\" \/>\n\t\t<meta property=\"og:image:height\" content=\"506\" \/>\n\t\t<meta property=\"article:published_time\" content=\"2026-01-09T11:41:16+00:00\" \/>\n\t\t<meta property=\"article:modified_time\" content=\"2026-01-09T11:52:44+00:00\" \/>\n\t\t<meta property=\"article:publisher\" content=\"https:\/\/www.facebook.com\/james.gao.349938\" \/>\n\t\t<meta name=\"twitter:card\" content=\"summary\" \/>\n\t\t<meta name=\"twitter:site\" content=\"@JamesGao65335\" \/>\n\t\t<meta name=\"twitter:title\" content=\"Toilet Paper Machine For Small Business - NRC MACHINE\" \/>\n\t\t<meta name=\"twitter:description\" content=\"Toilet paper machine for small business is key to success. NRC MACHINE offers the right solution.Starting a small toilet paper business can be profitable.\" \/>\n\t\t<meta name=\"twitter:image\" content=\"https:\/\/nrcmachine.com\/wp-content\/uploads\/2026\/01\/Toilet-Paper-Machine-For-Small-Business-3.webp\" \/>\n\t\t<script type=\"application\/ld+json\" class=\"aioseo-schema\">\n\t\t\t{\"@context\":\"https:\\\/\\\/schema.org\",\"@graph\":[{\"@type\":\"BreadcrumbList\",\"@id\":\"https:\\\/\\\/nrcmachine.com\\\/pl\\\/product\\\/toilet-paper-machine-for-small-business\\\/#breadcrumblist\",\"itemListElement\":[{\"@type\":\"ListItem\",\"@id\":\"https:\\\/\\\/nrcmachine.com\\\/pl#listItem\",\"position\":1,\"name\":\"Home\",\"item\":\"https:\\\/\\\/nrcmachine.com\\\/pl\",\"nextItem\":{\"@type\":\"ListItem\",\"@id\":\"https:\\\/\\\/nrcmachine.com\\\/pl\\\/product\\\/#listItem\",\"name\":\"Products\"}},{\"@type\":\"ListItem\",\"@id\":\"https:\\\/\\\/nrcmachine.com\\\/pl\\\/product\\\/#listItem\",\"position\":2,\"name\":\"Products\",\"item\":\"https:\\\/\\\/nrcmachine.com\\\/pl\\\/product\\\/\",\"nextItem\":{\"@type\":\"ListItem\",\"@id\":\"https:\\\/\\\/nrcmachine.com\\\/pl\\\/tag\\\/toilet-paper-machine\\\/#listItem\",\"name\":\"toilet paper machine\"},\"previousItem\":{\"@type\":\"ListItem\",\"@id\":\"https:\\\/\\\/nrcmachine.com\\\/pl#listItem\",\"name\":\"Home\"}},{\"@type\":\"ListItem\",\"@id\":\"https:\\\/\\\/nrcmachine.com\\\/pl\\\/tag\\\/toilet-paper-machine\\\/#listItem\",\"position\":3,\"name\":\"toilet paper machine\",\"item\":\"https:\\\/\\\/nrcmachine.com\\\/pl\\\/tag\\\/toilet-paper-machine\\\/\",\"nextItem\":{\"@type\":\"ListItem\",\"@id\":\"https:\\\/\\\/nrcmachine.com\\\/pl\\\/product\\\/toilet-paper-machine-for-small-business\\\/#listItem\",\"name\":\"Toilet Paper Machine For Small Business\"},\"previousItem\":{\"@type\":\"ListItem\",\"@id\":\"https:\\\/\\\/nrcmachine.com\\\/pl\\\/product\\\/#listItem\",\"name\":\"Products\"}},{\"@type\":\"ListItem\",\"@id\":\"https:\\\/\\\/nrcmachine.com\\\/pl\\\/product\\\/toilet-paper-machine-for-small-business\\\/#listItem\",\"position\":4,\"name\":\"Toilet Paper Machine For Small Business\",\"previousItem\":{\"@type\":\"ListItem\",\"@id\":\"https:\\\/\\\/nrcmachine.com\\\/pl\\\/tag\\\/toilet-paper-machine\\\/#listItem\",\"name\":\"toilet paper machine\"}}]},{\"@type\":\"Organization\",\"@id\":\"https:\\\/\\\/nrcmachine.com\\\/pl\\\/#organization\",\"name\":\"Toilet Paper Machine, Paper Tube Machine | NRC Machine wordpress\",\"description\":\"Reliable Paper Machinery Solutions\",\"url\":\"https:\\\/\\\/nrcmachine.com\\\/pl\\\/\",\"email\":\"james@nrcmachine.com\",\"telephone\":\"+8615254213289\",\"foundingDate\":\"2023-11-01\",\"numberOfEmployees\":{\"@type\":\"QuantitativeValue\",\"minValue\":1,\"maxValue\":50},\"logo\":{\"@type\":\"ImageObject\",\"url\":\"https:\\\/\\\/nrcmachine.com\\\/wp-content\\\/uploads\\\/2026\\\/01\\\/logo23.png\",\"@id\":\"https:\\\/\\\/nrcmachine.com\\\/pl\\\/product\\\/toilet-paper-machine-for-small-business\\\/#organizationLogo\",\"width\":800,\"height\":800,\"caption\":\"logo for NRC MACHINE\"},\"image\":{\"@id\":\"https:\\\/\\\/nrcmachine.com\\\/pl\\\/product\\\/toilet-paper-machine-for-small-business\\\/#organizationLogo\"},\"sameAs\":[\"https:\\\/\\\/www.facebook.com\\\/james.gao.349938\",\"https:\\\/\\\/x.com\\\/JamesGao65335\",\"https:\\\/\\\/www.instagram.com\\\/jamesgao407?igsh=d2YybzFhMjY0YTl3\",\"https:\\\/\\\/www.tiktok.com\\\/@gyl20210118\",\"https:\\\/\\\/www.linkedin.com\\\/in\\\/--9a63583a9\\\/\"],\"address\":{\"@id\":\"https:\\\/\\\/nrcmachine.com\\\/pl\\\/#postaladdress\",\"@type\":\"PostalAddress\",\"streetAddress\":\"No..519,Jiangshan South Road,Huangdao,\",\"postalCode\":\"266500\",\"addressLocality\":\"Qingdao\",\"addressRegion\":\"Shandong Province\",\"addressCountry\":\"CN\"},\"taxID\":\"91370211MAD54P6P85\",\"vatID\":\"91370211MAD54P6P85\"},{\"@type\":\"WebPage\",\"@id\":\"https:\\\/\\\/nrcmachine.com\\\/pl\\\/product\\\/toilet-paper-machine-for-small-business\\\/#webpage\",\"url\":\"https:\\\/\\\/nrcmachine.com\\\/pl\\\/product\\\/toilet-paper-machine-for-small-business\\\/\",\"name\":\"Toilet Paper Machine For Small Business - NRC MACHINE\",\"description\":\"Toilet paper machine for small business is key to success. NRC MACHINE offers the right solution.Starting a small toilet paper business can be profitable.\",\"inLanguage\":\"pl-PL\",\"isPartOf\":{\"@id\":\"https:\\\/\\\/nrcmachine.com\\\/pl\\\/#website\"},\"breadcrumb\":{\"@id\":\"https:\\\/\\\/nrcmachine.com\\\/pl\\\/product\\\/toilet-paper-machine-for-small-business\\\/#breadcrumblist\"},\"image\":{\"@type\":\"ImageObject\",\"url\":\"https:\\\/\\\/nrcmachine.com\\\/wp-content\\\/uploads\\\/2026\\\/01\\\/Toilet-Paper-Machine-For-Small-Business-3.webp\",\"@id\":\"https:\\\/\\\/nrcmachine.com\\\/pl\\\/product\\\/toilet-paper-machine-for-small-business\\\/#mainImage\",\"width\":800,\"height\":800,\"caption\":\"Toilet Paper Machine For Small Business (3)\"},\"primaryImageOfPage\":{\"@id\":\"https:\\\/\\\/nrcmachine.com\\\/pl\\\/product\\\/toilet-paper-machine-for-small-business\\\/#mainImage\"},\"datePublished\":\"2026-01-09T19:41:16+08:00\",\"dateModified\":\"2026-01-09T19:52:44+08:00\"},{\"@type\":\"WebSite\",\"@id\":\"https:\\\/\\\/nrcmachine.com\\\/pl\\\/#website\",\"url\":\"https:\\\/\\\/nrcmachine.com\\\/pl\\\/\",\"name\":\"Toilet Paper Machine, Paper Tube Machine | NRC Machine\",\"alternateName\":\"Qingdao New Richuan Precision Machine Co.,Ltd\",\"description\":\"Reliable Paper Machinery Solutions\",\"inLanguage\":\"pl-PL\",\"publisher\":{\"@id\":\"https:\\\/\\\/nrcmachine.com\\\/pl\\\/#organization\"}}]}\n\t\t<\/script>\n\t\t<!-- All in One SEO Pro -->\r\n\t\t<title>Toilet Paper Machine For Small Business - NRC MACHINE<\/title>\n\n","aioseo_head_json":{"title":"Maszyna do produkcji papieru toaletowego dla ma\u0142ych firm - NRC MACHINE","description":"Maszyna do produkcji papieru toaletowego dla ma\u0142ych firm to klucz do sukcesu. NRC MACHINE oferuje odpowiednie rozwi\u0105zanie. Rozpocz\u0119cie dzia\u0142alno\u015bci w bran\u017cy papieru toaletowego mo\u017ce by\u0107 op\u0142acalne.","canonical_url":"https:\/\/nrcmachine.com\/pl\/product\/toilet-paper-machine-for-small-business\/","robots":"noodp, max-snippet:-1, max-image-preview:large, max-video-preview:-1","keywords":"","webmasterTools":{"miscellaneous":""},"schema":{"@context":"https:\/\/schema.org","@graph":[{"@type":"BreadcrumbList","@id":"https:\/\/nrcmachine.com\/pl\/product\/toilet-paper-machine-for-small-business\/#breadcrumblist","itemListElement":[{"@type":"ListItem","@id":"https:\/\/nrcmachine.com\/pl#listItem","position":1,"name":"Home","item":"https:\/\/nrcmachine.com\/pl","nextItem":{"@type":"ListItem","@id":"https:\/\/nrcmachine.com\/pl\/product\/#listItem","name":"Products"}},{"@type":"ListItem","@id":"https:\/\/nrcmachine.com\/pl\/product\/#listItem","position":2,"name":"Products","item":"https:\/\/nrcmachine.com\/pl\/product\/","nextItem":{"@type":"ListItem","@id":"https:\/\/nrcmachine.com\/pl\/tag\/toilet-paper-machine\/#listItem","name":"toilet paper machine"},"previousItem":{"@type":"ListItem","@id":"https:\/\/nrcmachine.com\/pl#listItem","name":"Home"}},{"@type":"ListItem","@id":"https:\/\/nrcmachine.com\/pl\/tag\/toilet-paper-machine\/#listItem","position":3,"name":"toilet paper machine","item":"https:\/\/nrcmachine.com\/pl\/tag\/toilet-paper-machine\/","nextItem":{"@type":"ListItem","@id":"https:\/\/nrcmachine.com\/pl\/product\/toilet-paper-machine-for-small-business\/#listItem","name":"Toilet Paper Machine For Small Business"},"previousItem":{"@type":"ListItem","@id":"https:\/\/nrcmachine.com\/pl\/product\/#listItem","name":"Products"}},{"@type":"ListItem","@id":"https:\/\/nrcmachine.com\/pl\/product\/toilet-paper-machine-for-small-business\/#listItem","position":4,"name":"Toilet Paper Machine For Small Business","previousItem":{"@type":"ListItem","@id":"https:\/\/nrcmachine.com\/pl\/tag\/toilet-paper-machine\/#listItem","name":"toilet paper machine"}}]},{"@type":"Organization","@id":"https:\/\/nrcmachine.com\/pl\/#organization","name":"Toilet Paper Machine, Paper Tube Machine | NRC Machine wordpress","description":"Reliable Paper Machinery Solutions","url":"https:\/\/nrcmachine.com\/pl\/","email":"james@nrcmachine.com","telephone":"+8615254213289","foundingDate":"2023-11-01","numberOfEmployees":{"@type":"QuantitativeValue","minValue":1,"maxValue":50},"logo":{"@type":"ImageObject","url":"https:\/\/nrcmachine.com\/wp-content\/uploads\/2026\/01\/logo23.png","@id":"https:\/\/nrcmachine.com\/pl\/product\/toilet-paper-machine-for-small-business\/#organizationLogo","width":800,"height":800,"caption":"logo for NRC MACHINE"},"image":{"@id":"https:\/\/nrcmachine.com\/pl\/product\/toilet-paper-machine-for-small-business\/#organizationLogo"},"sameAs":["https:\/\/www.facebook.com\/james.gao.349938","https:\/\/x.com\/JamesGao65335","https:\/\/www.instagram.com\/jamesgao407?igsh=d2YybzFhMjY0YTl3","https:\/\/www.tiktok.com\/@gyl20210118","https:\/\/www.linkedin.com\/in\/--9a63583a9\/"],"address":{"@id":"https:\/\/nrcmachine.com\/pl\/#postaladdress","@type":"PostalAddress","streetAddress":"No..519,Jiangshan South Road,Huangdao,","postalCode":"266500","addressLocality":"Qingdao","addressRegion":"Shandong Province","addressCountry":"CN"},"taxID":"91370211MAD54P6P85","vatID":"91370211MAD54P6P85"},{"@type":"WebPage","@id":"https:\/\/nrcmachine.com\/pl\/product\/toilet-paper-machine-for-small-business\/#webpage","url":"https:\/\/nrcmachine.com\/pl\/product\/toilet-paper-machine-for-small-business\/","name":"Toilet Paper Machine For Small Business - NRC MACHINE","description":"Toilet paper machine for small business is key to success. NRC MACHINE offers the right solution.Starting a small toilet paper business can be profitable.","inLanguage":"pl-PL","isPartOf":{"@id":"https:\/\/nrcmachine.com\/pl\/#website"},"breadcrumb":{"@id":"https:\/\/nrcmachine.com\/pl\/product\/toilet-paper-machine-for-small-business\/#breadcrumblist"},"image":{"@type":"ImageObject","url":"https:\/\/nrcmachine.com\/wp-content\/uploads\/2026\/01\/Toilet-Paper-Machine-For-Small-Business-3.webp","@id":"https:\/\/nrcmachine.com\/pl\/product\/toilet-paper-machine-for-small-business\/#mainImage","width":800,"height":800,"caption":"Toilet Paper Machine For Small Business (3)"},"primaryImageOfPage":{"@id":"https:\/\/nrcmachine.com\/pl\/product\/toilet-paper-machine-for-small-business\/#mainImage"},"datePublished":"2026-01-09T19:41:16+08:00","dateModified":"2026-01-09T19:52:44+08:00"},{"@type":"WebSite","@id":"https:\/\/nrcmachine.com\/pl\/#website","url":"https:\/\/nrcmachine.com\/pl\/","name":"Toilet Paper Machine, Paper Tube Machine | NRC Machine","alternateName":"Qingdao New Richuan Precision Machine Co.,Ltd","description":"Reliable Paper Machinery Solutions","inLanguage":"pl-PL","publisher":{"@id":"https:\/\/nrcmachine.com\/pl\/#organization"}}]},"og:locale":"pl_PL","og:site_name":"Toilet Paper Machine, Paper Tube Machine | NRC Machine - Reliable Paper Machinery Solutions","og:type":"article","og:title":"Toilet Paper Machine For Small Business - NRC MACHINE","og:description":"Toilet paper machine for small business is key to success. NRC MACHINE offers the right solution.Starting a small toilet paper business can be profitable.","og:url":"https:\/\/nrcmachine.com\/pl\/product\/toilet-paper-machine-for-small-business\/","og:image":"https:\/\/nrcmachine.com\/wp-content\/uploads\/2026\/01\/Toilet-Paper-Machine-For-Small-Business-1.webp","og:image:secure_url":"https:\/\/nrcmachine.com\/wp-content\/uploads\/2026\/01\/Toilet-Paper-Machine-For-Small-Business-1.webp","og:image:width":900,"og:image:height":506,"article:published_time":"2026-01-09T11:41:16+00:00","article:modified_time":"2026-01-09T11:52:44+00:00","article:publisher":"https:\/\/www.facebook.com\/james.gao.349938","twitter:card":"summary","twitter:site":"@JamesGao65335","twitter:title":"Toilet Paper Machine For Small Business - NRC MACHINE","twitter:description":"Toilet paper machine for small business is key to success. NRC MACHINE offers the right solution.Starting a small toilet paper business can be profitable.","twitter:image":"https:\/\/nrcmachine.com\/wp-content\/uploads\/2026\/01\/Toilet-Paper-Machine-For-Small-Business-3.webp"},"aioseo_meta_data":{"post_id":"3902","title":"#post_title #separator_sa NRC MACHINE","description":"Maszyna do produkcji papieru toaletowego dla ma\u0142ych firm to klucz do sukcesu. NRC MACHINE oferuje odpowiednie rozwi\u0105zanie. Rozpocz\u0119cie dzia\u0142alno\u015bci w bran\u017cy papieru toaletowego mo\u017ce by\u0107 op\u0142acalne.","keywords":null,"keyphrases":{"focus":{"keyphrase":"toilet paper machine","score":100,"analysis":{"keyphraseInTitle":{"score":9,"maxScore":9,"error":0},"keyphraseInDescription":{"score":9,"maxScore":9,"error":0},"keyphraseLength":{"score":9,"maxScore":9,"error":0,"length":3},"keyphraseInURL":{"score":5,"maxScore":5,"error":0},"keyphraseInIntroduction":{"score":9,"maxScore":9,"error":0},"keyphraseInSubHeadings":{"score":9,"maxScore":9,"error":0},"keyphraseInImageAlt":[],"keywordDensity":{"type":"best","score":9,"maxScore":9,"error":0}}},"additional":[]},"primary_term":null,"canonical_url":null,"og_title":null,"og_description":null,"og_object_type":"default","og_image_type":"custom_image","og_image_url":"https:\/\/nrcmachine.com\/wp-content\/uploads\/2026\/01\/Toilet-Paper-Machine-For-Small-Business-1.webp","og_image_width":"900","og_image_height":"506","og_image_custom_url":"https:\/\/nrcmachine.com\/wp-content\/uploads\/2026\/01\/Toilet-Paper-Machine-For-Small-Business-1.webp","og_image_custom_fields":null,"og_video":"","og_custom_url":null,"og_article_section":null,"og_article_tags":null,"twitter_use_og":false,"twitter_card":"default","twitter_image_type":"default","twitter_image_url":null,"twitter_image_custom_url":null,"twitter_image_custom_fields":null,"twitter_title":null,"twitter_description":null,"schema":{"blockGraphs":[],"customGraphs":[],"default":{"data":{"Article":[],"Course":[],"Dataset":[],"FAQPage":[],"Movie":[],"Person":[],"Product":[],"ProductReview":[],"Car":[],"Recipe":[],"Service":[],"SoftwareApplication":[],"WebPage":[]},"graphName":"ItemPage","isEnabled":true},"graphs":[]},"schema_type":"default","schema_type_options":null,"pillar_content":false,"robots_default":true,"robots_noindex":false,"robots_noarchive":false,"robots_nosnippet":false,"robots_nofollow":false,"robots_noimageindex":false,"robots_noodp":false,"robots_notranslate":false,"robots_max_snippet":"-1","robots_max_videopreview":"-1","robots_max_imagepreview":"large","priority":null,"frequency":"default","local_seo":null,"seo_analyzer_scan_date":"2026-02-13 02:02:47","breadcrumb_settings":null,"limit_modified_date":false,"reviewed_by":null,"open_ai":null,"ai":{"faqs":[],"keyPoints":[],"titles":[],"descriptions":[],"socialPosts":{"email":[],"linkedin":[],"twitter":[],"facebook":[],"instagram":[]}},"created":"2026-01-09 11:41:18","updated":"2026-02-13 07:07:49"},"aioseo_breadcrumb":"<div class=\"aioseo-breadcrumbs\"><span class=\"aioseo-breadcrumb\">\n\t<a href=\"https:\/\/nrcmachine.com\/pl\" title=\"Home\">Home<\/a>\n<\/span><span class=\"aioseo-breadcrumb-separator\">\u00bb<\/span><span class=\"aioseo-breadcrumb\">\n\t<a href=\"https:\/\/nrcmachine.com\/pl\/product\/\" title=\"Products\">Products<\/a>\n<\/span><span class=\"aioseo-breadcrumb-separator\">\u00bb<\/span><span class=\"aioseo-breadcrumb\">\n\t<a href=\"https:\/\/nrcmachine.com\/pl\/tag\/toilet-paper-machine\/\" title=\"toilet paper machine\">toilet paper machine<\/a>\n<\/span><span class=\"aioseo-breadcrumb-separator\">\u00bb<\/span><span class=\"aioseo-breadcrumb\">\n\tToilet Paper Machine For Small Business\n<\/span><\/div>","aioseo_breadcrumb_json":[{"label":"Home","link":"https:\/\/nrcmachine.com\/pl"},{"label":"Products","link":"https:\/\/nrcmachine.com\/pl\/product\/"},{"label":"toilet paper machine","link":"https:\/\/nrcmachine.com\/pl\/tag\/toilet-paper-machine\/"},{"label":"Toilet Paper Machine For Small Business","link":"https:\/\/nrcmachine.com\/pl\/product\/toilet-paper-machine-for-small-business\/"}],"_links":{"self":[{"href":"https:\/\/nrcmachine.com\/pl\/wp-json\/wp\/v2\/product\/3902","targetHints":{"allow":["GET"]}}],"collection":[{"href":"https:\/\/nrcmachine.com\/pl\/wp-json\/wp\/v2\/product"}],"about":[{"href":"https:\/\/nrcmachine.com\/pl\/wp-json\/wp\/v2\/types\/product"}],"version-history":[{"count":0,"href":"https:\/\/nrcmachine.com\/pl\/wp-json\/wp\/v2\/product\/3902\/revisions"}],"wp:featuredmedia":[{"embeddable":true,"href":"https:\/\/nrcmachine.com\/pl\/wp-json\/wp\/v2\/media\/3903"}],"wp:attachment":[{"href":"https:\/\/nrcmachine.com\/pl\/wp-json\/wp\/v2\/media?parent=3902"}],"wp:term":[{"taxonomy":"post_tag","embeddable":true,"href":"https:\/\/nrcmachine.com\/pl\/wp-json\/wp\/v2\/tags?post=3902"},{"taxonomy":"products","embeddable":true,"href":"https:\/\/nrcmachine.com\/pl\/wp-json\/wp\/v2\/products?post=3902"}],"curies":[{"name":"wp","href":"https:\/\/api.w.org\/{rel}","templated":true}]}}