 {"id":4101,"date":"2026-01-17T20:15:15","date_gmt":"2026-01-17T12:15:15","guid":{"rendered":"https:\/\/nrcmachine.com\/?post_type=product&#038;p=4101"},"modified":"2026-01-17T21:11:31","modified_gmt":"2026-01-17T13:11:31","slug":"paper-core-machine-manufacturer","status":"publish","type":"product","link":"https:\/\/nrcmachine.com\/pl\/product\/paper-core-machine-manufacturer\/","title":{"rendered":"NRC MACHINE: Wiod\u0105cy producent rdzeni do maszyn papierniczych"},"content":{"rendered":"<h3 style=\"text-align: center;\"><strong>NRC MACHINE: Wiod\u0105cy<\/strong><strong>\u00a0Producent maszyn z rdzeniem papierowym<\/strong><\/h3>\n<h4><strong>Wprowadzenie<\/strong><\/h4>\n<p>Jako wiod\u0105cy producent tulei papierowych, firma NRC MACHINE, znana r\u00f3wnie\u017c jako Qingdao New Richuan Precision Machine Co., Ltd., jest liderem w bran\u017cy przetwarzania tulei papierowych. Produkcja tulei papierowych jest szybka i \u0142atwa dzi\u0119ki odpowiedniej maszynie. Firma buduje wysokiej jako\u015bci <a href=\"https:\/\/nrcmachine.com\/product\/cardboard-tube-making-machines\/\"><strong>producent maszyn do tulei papierowych<\/strong><\/a>\u00a0rozwi\u0105zania. Ich maszyny obs\u0142uguj\u0105 globalnych klient\u00f3w z bran\u017cy opakowa\u0144, druku i wyrob\u00f3w papierniczych. Ten artyku\u0142 opisuje, co wyr\u00f3\u017cnia NRC MACHINE. Dowiesz si\u0119 o technologii spiralnego nawijania, specyfikacjach i inteligentnym sterowaniu.<\/p>\n<div class=\"ast-oembed-container\" style=\"height: 100%;\"><iframe title=\"Maszyna z rdzeniem papierowym 60A|NRC MACHINE: Wiod\u0105cy producent maszyn z rdzeniem papierowym\" width=\"500\" height=\"281\" src=\"https:\/\/www.youtube.com\/embed\/3ZefvQcqIVI?feature=oembed\" frameborder=\"0\" allow=\"accelerometer; autoplay; clipboard-write; encrypted-media; gyroscope; picture-in-picture; web-share\" referrerpolicy=\"strict-origin-when-cross-origin\" allowfullscreen><\/iframe><\/div>\n<h4><strong>Innowacyjna technologia spiralnego nawijania<\/strong><\/h4>\n<p>Uzwojenie spiralne jest sercem systemu NRC <a href=\"https:\/\/youtu.be\/3ZefvQcqIVI\">gilotyny do papieru<\/a>. Metoda ta polega na owijaniu pask\u00f3w papieru pod k\u0105tem. Tworzy to mocne, bezszwowe rury. Proces dzia\u0142a bez przerwy. Zwi\u0119ksza wydajno\u015b\u0107 i ogranicza ilo\u015b\u0107 odpad\u00f3w. Maszyna szybko dostosowuje si\u0119 do r\u00f3\u017cnych rozmiar\u00f3w. Oszcz\u0119dza to czas i prac\u0119. W rezultacie fabryki dzia\u0142aj\u0105 p\u0142ynniej. Konstrukcja skraca r\u00f3wnie\u017c czas przestoj\u00f3w. Zapewnia r\u00f3wnomiern\u0105 grubo\u015b\u0107 \u015bcianek. W ten spos\u00f3b ka\u017cda rura spe\u0142nia wysokie standardy jako\u015bci.<\/p>\n<h4><strong>Kluczowe cechy maszyny do produkcji rurek papierowych firmy NRC<\/strong><\/h4>\n<p>The <a href=\"https:\/\/nrcmachine.com\/product\/cardboard-tube-making-machines\/\"><strong>producent maszyn do tulei papierowych<\/strong><\/a> NRC Machine koncentruje si\u0119 na kluczowych potrzebach u\u017cytkownik\u00f3w. Przyk\u0142adem mo\u017ce by\u0107 czterog\u0142owicowa maszyna CNC do nawijania spiralnego papieru NRC200. Po pierwsze, \u015brednica wewn\u0119trzna wynosi od 30 mm do 200 mm. Pasuje to do ma\u0142ych rolek i du\u017cych rolek przemys\u0142owych. Po drugie, grubo\u015b\u0107 \u015bcianki mo\u017ce wynosi\u0107 od 1 mm do 15 mm. U\u017cytkownicy wybieraj\u0105 na podstawie potrzeb wytrzyma\u0142o\u015bciowych. Po trzecie, d\u0142ugo\u015b\u0107 gotowej rury wynosi od 500 mm do 5000 mm. Obejmuje to wi\u0119kszo\u015b\u0107 zastosowa\u0144 przemys\u0142owych.<\/p>\n<p>Ponadto maszyna wykorzystuje sterownik CNC. Zapewnia on pe\u0142n\u0105 kontrol\u0119 nad pr\u0119dko\u015bci\u0105, rozmiarem i punktami zatrzymania. Ekran jest przejrzysty i prosty. Nawet nowi pracownicy szybko si\u0119 ucz\u0105. Ponadto system zapisuje ustawienia. Dzi\u0119ki temu mo\u017cna prze\u0142\u0105cza\u0107 zadania w kilka sekund. Ponadto sterownik serwomotoru zwi\u0119ksza moc. Dzia\u0142a p\u0142ynnie i zu\u017cywa mniej energii. Z tego powodu z czasem obni\u017ca koszty.<\/p>\n<h4><strong>Inteligentne sterowanie i wysoka wydajno\u015b\u0107<\/strong><\/h4>\n<p>System CNC jest inteligentny i niezawodny. Sprawdza ka\u017cdy krok w czasie rzeczywistym. Je\u015bli co\u015b p\u00f3jdzie nie tak, ostrzega u\u017cytkownika. Nast\u0119pnie bezpiecznie wstrzymuje prac\u0119. Zapobiega to marnotrawstwu. Ponadto serwomotor zapewnia dok\u0142adn\u0105 moc. Uruchamia si\u0119 szybko i zatrzymuje w odpowiednim momencie. Dzi\u0119ki temu ko\u0144ce rur s\u0105 czyste. Nie ma zgrubnych ci\u0119\u0107.<\/p>\n<p>Co wi\u0119cej, maszyna pracuje non-stop. Obs\u0142uguje d\u0142ugie zadania bez przerw. W rezultacie wydajno\u015b\u0107 wzrasta. Na przyk\u0142ad, jedna maszyna mo\u017ce wyprodukowa\u0107 ponad 2000 rurek na godzin\u0119. Dzi\u0119ki temu du\u017ce zam\u00f3wienia s\u0105 realizowane na czas. Ponadto system wymaga niewielkiej konserwacji. Dzia\u0142a dobrze przez lata z podstawowymi kontrolami. W ten spos\u00f3b oszcz\u0119dza pieni\u0105dze i stres.<\/p>\n<h4><strong>Stworzony dla rzeczywistych fabryk<\/strong><\/h4>\n<p>Maszyny NRC s\u0105 wytrzyma\u0142e. Pracuj\u0105 w gor\u0105cych, zimnych lub zapylonych zak\u0142adach. Rama wykonana jest z ci\u0119\u017ckiej stali. Nie trz\u0119sie si\u0119 przy du\u017cych pr\u0119dko\u015bciach. Cz\u0119\u015bci s\u0105 \u0142atwo dost\u0119pne. Dzi\u0119ki temu czyszczenie i naprawy zajmuj\u0105 mniej czasu. Ponadto uk\u0142ad jest otwarty. Pracownicy mog\u0105 obserwowa\u0107<\/p>","protected":false},"featured_media":4102,"template":"","meta":{"_acf_changed":false,"_monsterinsights_skip_tracking":false,"_monsterinsights_sitenote_active":false,"_monsterinsights_sitenote_note":"","_monsterinsights_sitenote_category":0,"site-sidebar-layout":"default","site-content-layout":"","ast-site-content-layout":"default","site-content-style":"default","site-sidebar-style":"default","ast-global-header-display":"","ast-banner-title-visibility":"","ast-main-header-display":"","ast-hfb-above-header-display":"","ast-hfb-below-header-display":"","ast-hfb-mobile-header-display":"","site-post-title":"","ast-breadcrumbs-content":"","ast-featured-img":"","footer-sml-layout":"","theme-transparent-header-meta":"default","adv-header-id-meta":"","stick-header-meta":"default","header-above-stick-meta":"","header-main-stick-meta":"","header-below-stick-meta":"","astra-migrate-meta-layouts":"set","ast-page-background-enabled":"default","ast-page-background-meta":{"desktop":{"background-color":"var(--ast-global-color-4)","background-image":"","background-repeat":"repeat","background-position":"center center","background-size":"auto","background-attachment":"scroll","background-type":"","background-media":"","overlay-type":"","overlay-color":"","overlay-opacity":"","overlay-gradient":""},"tablet":{"background-color":"","background-image":"","background-repeat":"repeat","background-position":"center center","background-size":"auto","background-attachment":"scroll","background-type":"","background-media":"","overlay-type":"","overlay-color":"","overlay-opacity":"","overlay-gradient":""},"mobile":{"background-color":"","background-image":"","background-repeat":"repeat","background-position":"center center","background-size":"auto","background-attachment":"scroll","background-type":"","background-media":"","overlay-type":"","overlay-color":"","overlay-opacity":"","overlay-gradient":""}},"ast-content-background-meta":{"desktop":{"background-color":"var(--ast-global-color-5)","background-image":"","background-repeat":"repeat","background-position":"center center","background-size":"auto","background-attachment":"scroll","background-type":"","background-media":"","overlay-type":"","overlay-color":"","overlay-opacity":"","overlay-gradient":""},"tablet":{"background-color":"var(--ast-global-color-5)","background-image":"","background-repeat":"repeat","background-position":"center center","background-size":"auto","background-attachment":"scroll","background-type":"","background-media":"","overlay-type":"","overlay-color":"","overlay-opacity":"","overlay-gradient":""},"mobile":{"background-color":"var(--ast-global-color-5)","background-image":"","background-repeat":"repeat","background-position":"center center","background-size":"auto","background-attachment":"scroll","background-type":"","background-media":"","overlay-type":"","overlay-color":"","overlay-opacity":"","overlay-gradient":""}}},"tags":[51,49],"products":[43],"class_list":["post-4101","product","type-product","status-publish","has-post-thumbnail","hentry","tag-paper-core-machine","tag-paper-tube-machine","products-spiral-paper-tube-making-machine"],"acf":[],"aioseo_notices":[],"aioseo_head":"\n\t\t<!-- All in One SEO Pro 4.9.2 - aioseo.com -->\n\t<meta name=\"description\" content=\"As a leading Paper Core Machine Manufacturer,NRC MACHINE, also known as Qingdao New Richuan Precision Machine Co., Ltd., leads the paper core industry.\" \/>\n\t<meta name=\"robots\" content=\"noodp, max-snippet:-1, max-image-preview:large, max-video-preview:-1\" \/>\n\t<link rel=\"canonical\" href=\"https:\/\/nrcmachine.com\/pl\/product\/paper-core-machine-manufacturer\/\" \/>\n\t<meta name=\"generator\" content=\"All in One SEO Pro (AIOSEO) 4.9.2\" \/>\n\t\t<meta property=\"og:locale\" content=\"pl_PL\" \/>\n\t\t<meta property=\"og:site_name\" content=\"Toilet Paper Machine, Paper Tube Machine | NRC Machine - Reliable Paper Machinery Solutions\" \/>\n\t\t<meta property=\"og:type\" content=\"article\" \/>\n\t\t<meta property=\"og:title\" content=\"NRC MACHINE: A Leading Paper Core Machine Manufacturer\" \/>\n\t\t<meta property=\"og:description\" content=\"As a leading Paper Core Machine Manufacturer,NRC MACHINE, also known as Qingdao New Richuan Precision Machine Co., Ltd., leads the paper core industry.\" \/>\n\t\t<meta property=\"og:url\" content=\"https:\/\/nrcmachine.com\/pl\/product\/paper-core-machine-manufacturer\/\" \/>\n\t\t<meta property=\"og:image\" content=\"https:\/\/nrcmachine.com\/wp-content\/uploads\/2026\/01\/paper-core-machine-manufacturer-1.webp\" \/>\n\t\t<meta property=\"og:image:secure_url\" content=\"https:\/\/nrcmachine.com\/wp-content\/uploads\/2026\/01\/paper-core-machine-manufacturer-1.webp\" \/>\n\t\t<meta property=\"og:image:width\" content=\"800\" \/>\n\t\t<meta property=\"og:image:height\" content=\"800\" \/>\n\t\t<meta property=\"article:published_time\" content=\"2026-01-17T12:15:15+00:00\" \/>\n\t\t<meta property=\"article:modified_time\" content=\"2026-01-17T13:11:31+00:00\" \/>\n\t\t<meta property=\"article:publisher\" content=\"https:\/\/www.facebook.com\/james.gao.349938\" \/>\n\t\t<meta name=\"twitter:card\" content=\"summary\" \/>\n\t\t<meta name=\"twitter:site\" content=\"@JamesGao65335\" \/>\n\t\t<meta name=\"twitter:title\" content=\"NRC MACHINE: A Leading Paper Core Machine Manufacturer\" \/>\n\t\t<meta name=\"twitter:description\" content=\"As a leading Paper Core Machine Manufacturer,NRC MACHINE, also known as Qingdao New Richuan Precision Machine Co., Ltd., leads the paper core industry.\" \/>\n\t\t<meta name=\"twitter:image\" content=\"https:\/\/nrcmachine.com\/wp-content\/uploads\/2026\/01\/paper-core-machine-manufacturer-1.webp\" \/>\n\t\t<script type=\"application\/ld+json\" class=\"aioseo-schema\">\n\t\t\t{\"@context\":\"https:\\\/\\\/schema.org\",\"@graph\":[{\"@type\":\"BreadcrumbList\",\"@id\":\"https:\\\/\\\/nrcmachine.com\\\/pl\\\/product\\\/paper-core-machine-manufacturer\\\/#breadcrumblist\",\"itemListElement\":[{\"@type\":\"ListItem\",\"@id\":\"https:\\\/\\\/nrcmachine.com\\\/pl#listItem\",\"position\":1,\"name\":\"Home\",\"item\":\"https:\\\/\\\/nrcmachine.com\\\/pl\",\"nextItem\":{\"@type\":\"ListItem\",\"@id\":\"https:\\\/\\\/nrcmachine.com\\\/pl\\\/product\\\/#listItem\",\"name\":\"Products\"}},{\"@type\":\"ListItem\",\"@id\":\"https:\\\/\\\/nrcmachine.com\\\/pl\\\/product\\\/#listItem\",\"position\":2,\"name\":\"Products\",\"item\":\"https:\\\/\\\/nrcmachine.com\\\/pl\\\/product\\\/\",\"nextItem\":{\"@type\":\"ListItem\",\"@id\":\"https:\\\/\\\/nrcmachine.com\\\/pl\\\/tag\\\/paper-tube-machine\\\/#listItem\",\"name\":\"paper tube machine\"},\"previousItem\":{\"@type\":\"ListItem\",\"@id\":\"https:\\\/\\\/nrcmachine.com\\\/pl#listItem\",\"name\":\"Home\"}},{\"@type\":\"ListItem\",\"@id\":\"https:\\\/\\\/nrcmachine.com\\\/pl\\\/tag\\\/paper-tube-machine\\\/#listItem\",\"position\":3,\"name\":\"paper tube machine\",\"item\":\"https:\\\/\\\/nrcmachine.com\\\/pl\\\/tag\\\/paper-tube-machine\\\/\",\"nextItem\":{\"@type\":\"ListItem\",\"@id\":\"https:\\\/\\\/nrcmachine.com\\\/pl\\\/product\\\/paper-core-machine-manufacturer\\\/#listItem\",\"name\":\"NRC MACHINE: A Leading\\u00a0Paper Core Machine Manufacturer\"},\"previousItem\":{\"@type\":\"ListItem\",\"@id\":\"https:\\\/\\\/nrcmachine.com\\\/pl\\\/product\\\/#listItem\",\"name\":\"Products\"}},{\"@type\":\"ListItem\",\"@id\":\"https:\\\/\\\/nrcmachine.com\\\/pl\\\/product\\\/paper-core-machine-manufacturer\\\/#listItem\",\"position\":4,\"name\":\"NRC MACHINE: A Leading\\u00a0Paper Core Machine Manufacturer\",\"previousItem\":{\"@type\":\"ListItem\",\"@id\":\"https:\\\/\\\/nrcmachine.com\\\/pl\\\/tag\\\/paper-tube-machine\\\/#listItem\",\"name\":\"paper tube machine\"}}]},{\"@type\":\"Organization\",\"@id\":\"https:\\\/\\\/nrcmachine.com\\\/pl\\\/#organization\",\"name\":\"Toilet Paper Machine, Paper Tube Machine | NRC Machine wordpress\",\"description\":\"Reliable Paper Machinery Solutions\",\"url\":\"https:\\\/\\\/nrcmachine.com\\\/pl\\\/\",\"email\":\"james@nrcmachine.com\",\"telephone\":\"+8615254213289\",\"foundingDate\":\"2023-11-01\",\"numberOfEmployees\":{\"@type\":\"QuantitativeValue\",\"minValue\":1,\"maxValue\":50},\"logo\":{\"@type\":\"ImageObject\",\"url\":\"https:\\\/\\\/nrcmachine.com\\\/wp-content\\\/uploads\\\/2026\\\/01\\\/logo23.png\",\"@id\":\"https:\\\/\\\/nrcmachine.com\\\/pl\\\/product\\\/paper-core-machine-manufacturer\\\/#organizationLogo\",\"width\":800,\"height\":800,\"caption\":\"logo for NRC MACHINE\"},\"image\":{\"@id\":\"https:\\\/\\\/nrcmachine.com\\\/pl\\\/product\\\/paper-core-machine-manufacturer\\\/#organizationLogo\"},\"sameAs\":[\"https:\\\/\\\/www.facebook.com\\\/james.gao.349938\",\"https:\\\/\\\/x.com\\\/JamesGao65335\",\"https:\\\/\\\/www.instagram.com\\\/jamesgao407?igsh=d2YybzFhMjY0YTl3\",\"https:\\\/\\\/www.tiktok.com\\\/@gyl20210118\",\"https:\\\/\\\/www.linkedin.com\\\/in\\\/--9a63583a9\\\/\"],\"address\":{\"@id\":\"https:\\\/\\\/nrcmachine.com\\\/pl\\\/#postaladdress\",\"@type\":\"PostalAddress\",\"streetAddress\":\"No..519,Jiangshan South Road,Huangdao,\",\"postalCode\":\"266500\",\"addressLocality\":\"Qingdao\",\"addressRegion\":\"Shandong Province\",\"addressCountry\":\"CN\"},\"taxID\":\"91370211MAD54P6P85\",\"vatID\":\"91370211MAD54P6P85\"},{\"@type\":\"WebPage\",\"@id\":\"https:\\\/\\\/nrcmachine.com\\\/pl\\\/product\\\/paper-core-machine-manufacturer\\\/#webpage\",\"url\":\"https:\\\/\\\/nrcmachine.com\\\/pl\\\/product\\\/paper-core-machine-manufacturer\\\/\",\"name\":\"NRC MACHINE: A Leading Paper Core Machine Manufacturer\",\"description\":\"As a leading Paper Core Machine Manufacturer,NRC MACHINE, also known as Qingdao New Richuan Precision Machine Co., Ltd., leads the paper core industry.\",\"inLanguage\":\"pl-PL\",\"isPartOf\":{\"@id\":\"https:\\\/\\\/nrcmachine.com\\\/pl\\\/#website\"},\"breadcrumb\":{\"@id\":\"https:\\\/\\\/nrcmachine.com\\\/pl\\\/product\\\/paper-core-machine-manufacturer\\\/#breadcrumblist\"},\"image\":{\"@type\":\"ImageObject\",\"url\":\"https:\\\/\\\/nrcmachine.com\\\/wp-content\\\/uploads\\\/2026\\\/01\\\/paper-core-machine-manufacturer-1.webp\",\"@id\":\"https:\\\/\\\/nrcmachine.com\\\/pl\\\/product\\\/paper-core-machine-manufacturer\\\/#mainImage\",\"width\":800,\"height\":800,\"caption\":\"paper core machine manufacturer\"},\"primaryImageOfPage\":{\"@id\":\"https:\\\/\\\/nrcmachine.com\\\/pl\\\/product\\\/paper-core-machine-manufacturer\\\/#mainImage\"},\"datePublished\":\"2026-01-17T20:15:15+08:00\",\"dateModified\":\"2026-01-17T21:11:31+08:00\"},{\"@type\":\"WebSite\",\"@id\":\"https:\\\/\\\/nrcmachine.com\\\/pl\\\/#website\",\"url\":\"https:\\\/\\\/nrcmachine.com\\\/pl\\\/\",\"name\":\"Toilet Paper Machine, Paper Tube Machine | NRC Machine\",\"alternateName\":\"Qingdao New Richuan Precision Machine Co.,Ltd\",\"description\":\"Reliable Paper Machinery Solutions\",\"inLanguage\":\"pl-PL\",\"publisher\":{\"@id\":\"https:\\\/\\\/nrcmachine.com\\\/pl\\\/#organization\"}}]}\n\t\t<\/script>\n\t\t<!-- All in One SEO Pro -->\r\n\t\t<title>NRC MACHINE: A Leading Paper Core Machine Manufacturer<\/title>\n\n","aioseo_head_json":{"title":"NRC MACHINE: Wiod\u0105cy producent rdzeni do maszyn papierniczych","description":"Jako wiod\u0105cy producent tulei papierowych, firma NRC MACHINE, znana r\u00f3wnie\u017c jako Qingdao New Richuan Precision Machine Co., Ltd., jest liderem w bran\u017cy tulei papierowych.","canonical_url":"https:\/\/nrcmachine.com\/pl\/product\/paper-core-machine-manufacturer\/","robots":"noodp, max-snippet:-1, max-image-preview:large, max-video-preview:-1","keywords":"","webmasterTools":{"miscellaneous":""},"schema":{"@context":"https:\/\/schema.org","@graph":[{"@type":"BreadcrumbList","@id":"https:\/\/nrcmachine.com\/pl\/product\/paper-core-machine-manufacturer\/#breadcrumblist","itemListElement":[{"@type":"ListItem","@id":"https:\/\/nrcmachine.com\/pl#listItem","position":1,"name":"Home","item":"https:\/\/nrcmachine.com\/pl","nextItem":{"@type":"ListItem","@id":"https:\/\/nrcmachine.com\/pl\/product\/#listItem","name":"Products"}},{"@type":"ListItem","@id":"https:\/\/nrcmachine.com\/pl\/product\/#listItem","position":2,"name":"Products","item":"https:\/\/nrcmachine.com\/pl\/product\/","nextItem":{"@type":"ListItem","@id":"https:\/\/nrcmachine.com\/pl\/tag\/paper-tube-machine\/#listItem","name":"paper tube machine"},"previousItem":{"@type":"ListItem","@id":"https:\/\/nrcmachine.com\/pl#listItem","name":"Home"}},{"@type":"ListItem","@id":"https:\/\/nrcmachine.com\/pl\/tag\/paper-tube-machine\/#listItem","position":3,"name":"paper tube machine","item":"https:\/\/nrcmachine.com\/pl\/tag\/paper-tube-machine\/","nextItem":{"@type":"ListItem","@id":"https:\/\/nrcmachine.com\/pl\/product\/paper-core-machine-manufacturer\/#listItem","name":"NRC MACHINE: A Leading\u00a0Paper Core Machine Manufacturer"},"previousItem":{"@type":"ListItem","@id":"https:\/\/nrcmachine.com\/pl\/product\/#listItem","name":"Products"}},{"@type":"ListItem","@id":"https:\/\/nrcmachine.com\/pl\/product\/paper-core-machine-manufacturer\/#listItem","position":4,"name":"NRC MACHINE: A Leading\u00a0Paper Core Machine Manufacturer","previousItem":{"@type":"ListItem","@id":"https:\/\/nrcmachine.com\/pl\/tag\/paper-tube-machine\/#listItem","name":"paper tube machine"}}]},{"@type":"Organization","@id":"https:\/\/nrcmachine.com\/pl\/#organization","name":"Toilet Paper Machine, Paper Tube Machine | NRC Machine wordpress","description":"Reliable Paper Machinery Solutions","url":"https:\/\/nrcmachine.com\/pl\/","email":"james@nrcmachine.com","telephone":"+8615254213289","foundingDate":"2023-11-01","numberOfEmployees":{"@type":"QuantitativeValue","minValue":1,"maxValue":50},"logo":{"@type":"ImageObject","url":"https:\/\/nrcmachine.com\/wp-content\/uploads\/2026\/01\/logo23.png","@id":"https:\/\/nrcmachine.com\/pl\/product\/paper-core-machine-manufacturer\/#organizationLogo","width":800,"height":800,"caption":"logo for NRC MACHINE"},"image":{"@id":"https:\/\/nrcmachine.com\/pl\/product\/paper-core-machine-manufacturer\/#organizationLogo"},"sameAs":["https:\/\/www.facebook.com\/james.gao.349938","https:\/\/x.com\/JamesGao65335","https:\/\/www.instagram.com\/jamesgao407?igsh=d2YybzFhMjY0YTl3","https:\/\/www.tiktok.com\/@gyl20210118","https:\/\/www.linkedin.com\/in\/--9a63583a9\/"],"address":{"@id":"https:\/\/nrcmachine.com\/pl\/#postaladdress","@type":"PostalAddress","streetAddress":"No..519,Jiangshan South Road,Huangdao,","postalCode":"266500","addressLocality":"Qingdao","addressRegion":"Shandong Province","addressCountry":"CN"},"taxID":"91370211MAD54P6P85","vatID":"91370211MAD54P6P85"},{"@type":"WebPage","@id":"https:\/\/nrcmachine.com\/pl\/product\/paper-core-machine-manufacturer\/#webpage","url":"https:\/\/nrcmachine.com\/pl\/product\/paper-core-machine-manufacturer\/","name":"NRC MACHINE: A Leading Paper Core Machine Manufacturer","description":"As a leading Paper Core Machine Manufacturer,NRC MACHINE, also known as Qingdao New Richuan Precision Machine Co., Ltd., leads the paper core industry.","inLanguage":"pl-PL","isPartOf":{"@id":"https:\/\/nrcmachine.com\/pl\/#website"},"breadcrumb":{"@id":"https:\/\/nrcmachine.com\/pl\/product\/paper-core-machine-manufacturer\/#breadcrumblist"},"image":{"@type":"ImageObject","url":"https:\/\/nrcmachine.com\/wp-content\/uploads\/2026\/01\/paper-core-machine-manufacturer-1.webp","@id":"https:\/\/nrcmachine.com\/pl\/product\/paper-core-machine-manufacturer\/#mainImage","width":800,"height":800,"caption":"paper core machine manufacturer"},"primaryImageOfPage":{"@id":"https:\/\/nrcmachine.com\/pl\/product\/paper-core-machine-manufacturer\/#mainImage"},"datePublished":"2026-01-17T20:15:15+08:00","dateModified":"2026-01-17T21:11:31+08:00"},{"@type":"WebSite","@id":"https:\/\/nrcmachine.com\/pl\/#website","url":"https:\/\/nrcmachine.com\/pl\/","name":"Toilet Paper Machine, Paper Tube Machine | NRC Machine","alternateName":"Qingdao New Richuan Precision Machine Co.,Ltd","description":"Reliable Paper Machinery Solutions","inLanguage":"pl-PL","publisher":{"@id":"https:\/\/nrcmachine.com\/pl\/#organization"}}]},"og:locale":"pl_PL","og:site_name":"Toilet Paper Machine, Paper Tube Machine | NRC Machine - Reliable Paper Machinery Solutions","og:type":"article","og:title":"NRC MACHINE: A Leading Paper Core Machine Manufacturer","og:description":"As a leading Paper Core Machine Manufacturer,NRC MACHINE, also known as Qingdao New Richuan Precision Machine Co., Ltd., leads the paper core industry.","og:url":"https:\/\/nrcmachine.com\/pl\/product\/paper-core-machine-manufacturer\/","og:image":"https:\/\/nrcmachine.com\/wp-content\/uploads\/2026\/01\/paper-core-machine-manufacturer-1.webp","og:image:secure_url":"https:\/\/nrcmachine.com\/wp-content\/uploads\/2026\/01\/paper-core-machine-manufacturer-1.webp","og:image:width":800,"og:image:height":800,"article:published_time":"2026-01-17T12:15:15+00:00","article:modified_time":"2026-01-17T13:11:31+00:00","article:publisher":"https:\/\/www.facebook.com\/james.gao.349938","twitter:card":"summary","twitter:site":"@JamesGao65335","twitter:title":"NRC MACHINE: A Leading Paper Core Machine Manufacturer","twitter:description":"As a leading Paper Core Machine Manufacturer,NRC MACHINE, also known as Qingdao New Richuan Precision Machine Co., Ltd., leads the paper core industry.","twitter:image":"https:\/\/nrcmachine.com\/wp-content\/uploads\/2026\/01\/paper-core-machine-manufacturer-1.webp"},"aioseo_meta_data":{"post_id":"4101","title":"#post_title","description":"Jako wiod\u0105cy producent tulei papierowych, firma NRC MACHINE, znana r\u00f3wnie\u017c jako Qingdao New Richuan Precision Machine Co., Ltd., jest liderem w bran\u017cy tulei papierowych.","keywords":null,"keyphrases":{"focus":{"keyphrase":"paper core machine manufacturer","score":100,"analysis":{"keyphraseInTitle":{"score":9,"maxScore":9,"error":0},"keyphraseInDescription":{"score":9,"maxScore":9,"error":0},"keyphraseLength":{"score":9,"maxScore":9,"error":0,"length":4},"keyphraseInURL":{"score":5,"maxScore":5,"error":0},"keyphraseInIntroduction":{"score":9,"maxScore":9,"error":0},"keyphraseInSubHeadings":{"score":9,"maxScore":9,"error":0},"keyphraseInImageAlt":[],"keywordDensity":{"type":"best","score":9,"maxScore":9,"error":0}}},"additional":[]},"primary_term":null,"canonical_url":null,"og_title":null,"og_description":null,"og_object_type":"default","og_image_type":"default","og_image_url":null,"og_image_width":null,"og_image_height":null,"og_image_custom_url":null,"og_image_custom_fields":null,"og_video":"","og_custom_url":null,"og_article_section":null,"og_article_tags":null,"twitter_use_og":false,"twitter_card":"default","twitter_image_type":"default","twitter_image_url":null,"twitter_image_custom_url":null,"twitter_image_custom_fields":null,"twitter_title":null,"twitter_description":null,"schema":{"blockGraphs":[],"customGraphs":[],"default":{"data":{"Article":[],"Course":[],"Dataset":[],"FAQPage":[],"Movie":[],"Person":[],"Product":[],"ProductReview":[],"Car":[],"Recipe":[],"Service":[],"SoftwareApplication":[],"WebPage":[]},"graphName":"ItemPage","isEnabled":true},"graphs":[]},"schema_type":"default","schema_type_options":null,"pillar_content":false,"robots_default":true,"robots_noindex":false,"robots_noarchive":false,"robots_nosnippet":false,"robots_nofollow":false,"robots_noimageindex":false,"robots_noodp":false,"robots_notranslate":false,"robots_max_snippet":"-1","robots_max_videopreview":"-1","robots_max_imagepreview":"large","priority":null,"frequency":"default","local_seo":null,"seo_analyzer_scan_date":"2026-02-13 03:01:13","breadcrumb_settings":null,"limit_modified_date":false,"reviewed_by":null,"open_ai":null,"ai":{"faqs":[],"keyPoints":[],"titles":[],"descriptions":[],"socialPosts":{"email":[],"linkedin":[],"twitter":[],"facebook":[],"instagram":[]}},"created":"2026-01-17 12:15:16","updated":"2026-02-13 07:09:44"},"aioseo_breadcrumb":"<div class=\"aioseo-breadcrumbs\"><span class=\"aioseo-breadcrumb\">\n\t<a href=\"https:\/\/nrcmachine.com\/pl\" title=\"Home\">Home<\/a>\n<\/span><span class=\"aioseo-breadcrumb-separator\">\u00bb<\/span><span class=\"aioseo-breadcrumb\">\n\t<a href=\"https:\/\/nrcmachine.com\/pl\/product\/\" title=\"Products\">Products<\/a>\n<\/span><span class=\"aioseo-breadcrumb-separator\">\u00bb<\/span><span class=\"aioseo-breadcrumb\">\n\t<a href=\"https:\/\/nrcmachine.com\/pl\/tag\/paper-tube-machine\/\" title=\"paper tube machine\">paper tube machine<\/a>\n<\/span><span class=\"aioseo-breadcrumb-separator\">\u00bb<\/span><span class=\"aioseo-breadcrumb\">\n\tNRC MACHINE: A Leading Paper Core Machine Manufacturer\n<\/span><\/div>","aioseo_breadcrumb_json":[{"label":"Home","link":"https:\/\/nrcmachine.com\/pl"},{"label":"Products","link":"https:\/\/nrcmachine.com\/pl\/product\/"},{"label":"paper tube machine","link":"https:\/\/nrcmachine.com\/pl\/tag\/paper-tube-machine\/"},{"label":"NRC MACHINE: A Leading\u00a0Paper Core Machine Manufacturer","link":"https:\/\/nrcmachine.com\/pl\/product\/paper-core-machine-manufacturer\/"}],"_links":{"self":[{"href":"https:\/\/nrcmachine.com\/pl\/wp-json\/wp\/v2\/product\/4101","targetHints":{"allow":["GET"]}}],"collection":[{"href":"https:\/\/nrcmachine.com\/pl\/wp-json\/wp\/v2\/product"}],"about":[{"href":"https:\/\/nrcmachine.com\/pl\/wp-json\/wp\/v2\/types\/product"}],"version-history":[{"count":0,"href":"https:\/\/nrcmachine.com\/pl\/wp-json\/wp\/v2\/product\/4101\/revisions"}],"wp:featuredmedia":[{"embeddable":true,"href":"https:\/\/nrcmachine.com\/pl\/wp-json\/wp\/v2\/media\/4102"}],"wp:attachment":[{"href":"https:\/\/nrcmachine.com\/pl\/wp-json\/wp\/v2\/media?parent=4101"}],"wp:term":[{"taxonomy":"post_tag","embeddable":true,"href":"https:\/\/nrcmachine.com\/pl\/wp-json\/wp\/v2\/tags?post=4101"},{"taxonomy":"products","embeddable":true,"href":"https:\/\/nrcmachine.com\/pl\/wp-json\/wp\/v2\/products?post=4101"}],"curies":[{"name":"wp","href":"https:\/\/api.w.org\/{rel}","templated":true}]}}