 {"id":3800,"date":"2026-01-07T18:58:51","date_gmt":"2026-01-07T10:58:51","guid":{"rendered":"https:\/\/nrcmachine.com\/?post_type=product&#038;p=3800"},"modified":"2026-01-07T19:11:24","modified_gmt":"2026-01-07T11:11:24","slug":"carton-paper-tube-winding-machine","status":"publish","type":"product","link":"https:\/\/nrcmachine.com\/pt\/product\/carton-paper-tube-winding-machine\/","title":{"rendered":"Carton Paper Tube Winding Machine"},"content":{"rendered":"<h3 style=\"text-align: center;\"><strong>High-Performance Carton Paper Tube Winding Machine<\/strong><\/h3>\n<p><strong>This is carton paper tube winding machine<\/strong>\u00a0\u2013 built by <strong>NRC MACHINE (Qingdao New Richuan Precision Machine Co., Ltd)<\/strong>.<\/p>\n<p>It\u2019s not just a machine. It\u2019s your new production partner.<\/p>\n<p>Looking for a reliable, fast, and smart solution for making strong paper tubes?<\/p>\n<p>Then you\u2019ve come to the right place!<\/p>\n<h4><strong>\ud83d\udd27 What Is This Machine Exactly?<\/strong><\/h4>\n<p>Also named <strong>m\u00e1quina de tubo de papel em espiral<\/strong>, it rolls paper into firm, round tubes.<\/p>\n<p>These tubes are perfect for packaging textiles, carpets, films, and more.<\/p>\n<p><a href=\"https:\/\/youtu.be\/KhOXFxEuSKc\"><strong>Carton paper tube winding machine<\/strong><\/a>\u00a0uses multiple layers of kraft paper.<\/p>\n<div class=\"ast-oembed-container\" style=\"height: 100%;\"><iframe title=\"A mais nova m\u00e1quina de tubo de papel\u00e3o CNC de quatro cabe\u00e7otes #M para venda\" width=\"500\" height=\"281\" src=\"https:\/\/www.youtube.com\/embed\/KhOXFxEuSKc?feature=oembed\" frameborder=\"0\" allow=\"accelerometer; autoplay; clipboard-write; encrypted-media; gyroscope; picture-in-picture; web-share\" referrerpolicy=\"strict-origin-when-cross-origin\" allowfullscreen><\/iframe><\/div>\n<p>And it winds them tightly in a spiral pattern.<\/p>\n<p>The result? Durable, long-lasting cores that won\u2019t collapse.<\/p>\n<p>Moreover, this machine is not like old-fashioned models.<\/p>\n<p>It comes with <strong>servo motor<\/strong>\u00a0e <strong>PLC controller<\/strong>.<\/p>\n<p>So it runs smoothly, starts fast, and stops precisely.<\/p>\n<p>You get full control at your fingertips.<\/p>\n<h4><strong>\u26a1 Why Choose This Carton Paper Tube Winding Machine?<\/strong><\/h4>\n<p>First, it\u2019s automatic.<\/p>\n<p>You load the paper, set the size, and press \u201cStart\u201d.<\/p>\n<p>Then the machine does the rest \u2013 gluing, winding, shaping, and cutting.<\/p>\n<p>No extra labor needed.<\/p>\n<p>Next, it saves time and cuts waste.<\/p>\n<p>Thanks to the smart PLC system, settings are saved.<\/p>\n<p>So switching between sizes takes only minutes.<\/p>\n<p>Also, the servo motor adjusts speed instantly.<\/p>\n<p>Therefore, there\u2019s less paper breakage and downtime.<\/p>\n<p>Besides, the build quality is top-grade.<\/p>\n<p>NRC MACHINE uses heavy-duty steel and precision parts.<\/p>\n<p>So the machine stays stable, even at high speed.<\/p>\n<p>And maintenance? Very low.<\/p>\n<p>Just regular cleaning and light oiling.<\/p>\n<h4><strong>\ud83c\udfaf Key Features at a Glance<\/strong><\/h4>\n<ul>\n<li>\u2705 <strong>Servo motor drive<\/strong>\u2013 for smooth, energy-saving operation<\/li>\n<li>\u2705 <strong>PLC controller<\/strong>\u2013 easy to use, with clear touch screen<\/li>\n<li>\u2705 <strong>Adjustable tube diameter<\/strong>\u2013 makes different sizes fast<\/li>\n<li>\u2705 <strong>High output<\/strong>\u2013 up to 30 meters per minute<\/li>\n<li>\u2705 <strong>Spiral winding method<\/strong>\u2013 stronger tubes, less material used<\/li>\n<\/ul>\n<p>And again \u2013 <strong>this is carton paper tube winding machine<\/strong>\u00a0made for real factories.<\/p>\n<p>It\u2019s not a toy. It\u2019s a workhorse.<\/p>\n<h4><strong>\ud83c\udfed Who Is This For?<\/strong><\/h4>\n<p>Are you running a packaging factory?<\/p>\n<p>Or supplying cores to textile or film producers?<\/p>\n<p>Then this <a href=\"https:\/\/nrcmachine.com\/pt\/product\/carton-paper-core-making-machine\/\"><strong>carton paper tube winding machine<\/strong><\/a>\u00a0is for you.<\/p>\n<p>Small teams love it because it boosts output.<\/p>\n<p>Big factories use it to cut costs and improve consistency.<\/p>\n<p>Also, NRC MACHINE offers full support.<\/p>\n<p>From installation to training, we help you every step.<\/p>\n<p>Plus, spare parts are always in stock.<\/p>\n<p>So no long waits when you need a fix.<\/p>\n<h4><strong>\u2728 Final Thoughts: A Smart Move for Your Business<\/strong><\/h4>\n<p>Let\u2019s face it \u2013 old machines break down.<\/p>\n<p>They waste material. They need too much labor.<\/p>\n<p>But this <a href=\"https:\/\/nrcmachine.com\/pt\/product\/carton-paper-core-making-machine\/\"><strong>carton paper tube winding machine<\/strong><\/a>\u00a0changes the game.<\/p>\n<p>It\u2019s fast, smart, and built to last.<\/p>\n<p>So why wait?<\/p>\n<p>Upgrade today with <a href=\"https:\/\/nrcmachine.com\/pt\/product\/carton-paper-core-making-machine\/\"><strong>M\u00c1QUINA NRC<\/strong><\/a>.<\/p>\n<p>And start making better tubes, faster than ever.<\/p>\n<p>\ud83d\udc49 <strong>Isso \u00e9 <a href=\"https:\/\/nrcmachine.com\/pt\/product\/carton-paper-core-making-machine\/\">carton paper tube winding machine<\/a><\/strong>\u00a0\u2013 redefined.<\/p>\n<p>Made in Qingdao. Trusted worldwide.<\/p>\n<p>\ud83d\udce9 Message us now for a free demo or quote!<\/p>\n<p>We reply fast. Let\u2019s grow together.<\/p>\n<p>#PaperTubeMachine #NRACHINE #PackagingSolution #FactoryUpgrade #SpiralWinder<\/p>","protected":false},"featured_media":3801,"template":"","meta":{"_acf_changed":false,"_monsterinsights_skip_tracking":false,"_monsterinsights_sitenote_active":false,"_monsterinsights_sitenote_note":"","_monsterinsights_sitenote_category":0,"site-sidebar-layout":"default","site-content-layout":"","ast-site-content-layout":"default","site-content-style":"default","site-sidebar-style":"default","ast-global-header-display":"","ast-banner-title-visibility":"","ast-main-header-display":"","ast-hfb-above-header-display":"","ast-hfb-below-header-display":"","ast-hfb-mobile-header-display":"","site-post-title":"","ast-breadcrumbs-content":"","ast-featured-img":"","footer-sml-layout":"","theme-transparent-header-meta":"default","adv-header-id-meta":"","stick-header-meta":"default","header-above-stick-meta":"","header-main-stick-meta":"","header-below-stick-meta":"","astra-migrate-meta-layouts":"set","ast-page-background-enabled":"default","ast-page-background-meta":{"desktop":{"background-color":"var(--ast-global-color-4)","background-image":"","background-repeat":"repeat","background-position":"center center","background-size":"auto","background-attachment":"scroll","background-type":"","background-media":"","overlay-type":"","overlay-color":"","overlay-opacity":"","overlay-gradient":""},"tablet":{"background-color":"","background-image":"","background-repeat":"repeat","background-position":"center center","background-size":"auto","background-attachment":"scroll","background-type":"","background-media":"","overlay-type":"","overlay-color":"","overlay-opacity":"","overlay-gradient":""},"mobile":{"background-color":"","background-image":"","background-repeat":"repeat","background-position":"center center","background-size":"auto","background-attachment":"scroll","background-type":"","background-media":"","overlay-type":"","overlay-color":"","overlay-opacity":"","overlay-gradient":""}},"ast-content-background-meta":{"desktop":{"background-color":"var(--ast-global-color-5)","background-image":"","background-repeat":"repeat","background-position":"center center","background-size":"auto","background-attachment":"scroll","background-type":"","background-media":"","overlay-type":"","overlay-color":"","overlay-opacity":"","overlay-gradient":""},"tablet":{"background-color":"var(--ast-global-color-5)","background-image":"","background-repeat":"repeat","background-position":"center center","background-size":"auto","background-attachment":"scroll","background-type":"","background-media":"","overlay-type":"","overlay-color":"","overlay-opacity":"","overlay-gradient":""},"mobile":{"background-color":"var(--ast-global-color-5)","background-image":"","background-repeat":"repeat","background-position":"center center","background-size":"auto","background-attachment":"scroll","background-type":"","background-media":"","overlay-type":"","overlay-color":"","overlay-opacity":"","overlay-gradient":""}}},"tags":[49,95],"products":[43],"class_list":["post-3800","product","type-product","status-publish","has-post-thumbnail","hentry","tag-paper-tube-machine","tag-paper-tube-winding-machine","products-spiral-paper-tube-making-machine"],"acf":[],"aioseo_notices":[],"aioseo_head":"\n\t\t<!-- All in One SEO Pro 4.9.2 - aioseo.com -->\n\t<meta name=\"description\" content=\"This is carton paper tube winding machine \u2013 built by NRC MACHINE (Qingdao New Richuan Precision Machine Co., Ltd). It\u2019s not just a machine.\" \/>\n\t<meta name=\"robots\" content=\"max-snippet:-1, max-image-preview:large, max-video-preview:-1\" \/>\n\t<link rel=\"canonical\" href=\"https:\/\/nrcmachine.com\/pt\/product\/carton-paper-tube-winding-machine\/\" \/>\n\t<meta name=\"generator\" content=\"All in One SEO Pro (AIOSEO) 4.9.2\" \/>\n\t\t<meta property=\"og:locale\" content=\"pt_BR\" \/>\n\t\t<meta property=\"og:site_name\" content=\"Toilet Paper Machine, Paper Tube Machine | NRC Machine - Reliable Paper Machinery Solutions\" \/>\n\t\t<meta property=\"og:type\" content=\"article\" \/>\n\t\t<meta property=\"og:title\" content=\"Carton Paper Tube Winding Machine - QINGDAO NEW RICHUAN\" \/>\n\t\t<meta property=\"og:description\" content=\"This is carton paper tube winding machine \u2013 built by NRC MACHINE (Qingdao New Richuan Precision Machine Co., Ltd). It\u2019s not just a machine.\" \/>\n\t\t<meta property=\"og:url\" content=\"https:\/\/nrcmachine.com\/pt\/product\/carton-paper-tube-winding-machine\/\" \/>\n\t\t<meta property=\"og:image\" content=\"https:\/\/nrcmachine.com\/wp-content\/uploads\/2026\/01\/Carton-Paper-Tube-Winding-Machine-1.webp\" \/>\n\t\t<meta property=\"og:image:secure_url\" content=\"https:\/\/nrcmachine.com\/wp-content\/uploads\/2026\/01\/Carton-Paper-Tube-Winding-Machine-1.webp\" \/>\n\t\t<meta property=\"og:image:width\" content=\"1280\" \/>\n\t\t<meta property=\"og:image:height\" content=\"720\" \/>\n\t\t<meta property=\"article:published_time\" content=\"2026-01-07T10:58:51+00:00\" \/>\n\t\t<meta property=\"article:modified_time\" content=\"2026-01-07T11:11:24+00:00\" \/>\n\t\t<meta property=\"article:publisher\" content=\"https:\/\/www.facebook.com\/james.gao.349938\" \/>\n\t\t<meta name=\"twitter:card\" content=\"summary\" \/>\n\t\t<meta name=\"twitter:site\" content=\"@JamesGao65335\" \/>\n\t\t<meta name=\"twitter:title\" content=\"Carton Paper Tube Winding Machine - QINGDAO NEW RICHUAN\" \/>\n\t\t<meta name=\"twitter:description\" content=\"This is carton paper tube winding machine \u2013 built by NRC MACHINE (Qingdao New Richuan Precision Machine Co., Ltd). It\u2019s not just a machine.\" \/>\n\t\t<meta name=\"twitter:image\" content=\"https:\/\/nrcmachine.com\/wp-content\/uploads\/2026\/01\/Carton-Paper-Tube-Winding-Machine-3.webp\" \/>\n\t\t<script type=\"application\/ld+json\" class=\"aioseo-schema\">\n\t\t\t{\"@context\":\"https:\\\/\\\/schema.org\",\"@graph\":[{\"@type\":\"BreadcrumbList\",\"@id\":\"https:\\\/\\\/nrcmachine.com\\\/pt\\\/product\\\/carton-paper-tube-winding-machine\\\/#breadcrumblist\",\"itemListElement\":[{\"@type\":\"ListItem\",\"@id\":\"https:\\\/\\\/nrcmachine.com\\\/pt#listItem\",\"position\":1,\"name\":\"Home\",\"item\":\"https:\\\/\\\/nrcmachine.com\\\/pt\",\"nextItem\":{\"@type\":\"ListItem\",\"@id\":\"https:\\\/\\\/nrcmachine.com\\\/pt\\\/product\\\/#listItem\",\"name\":\"Products\"}},{\"@type\":\"ListItem\",\"@id\":\"https:\\\/\\\/nrcmachine.com\\\/pt\\\/product\\\/#listItem\",\"position\":2,\"name\":\"Products\",\"item\":\"https:\\\/\\\/nrcmachine.com\\\/pt\\\/product\\\/\",\"nextItem\":{\"@type\":\"ListItem\",\"@id\":\"https:\\\/\\\/nrcmachine.com\\\/pt\\\/tag\\\/maquina-de-tubos-de-papel\\\/#listItem\",\"name\":\"paper tube machine\"},\"previousItem\":{\"@type\":\"ListItem\",\"@id\":\"https:\\\/\\\/nrcmachine.com\\\/pt#listItem\",\"name\":\"Home\"}},{\"@type\":\"ListItem\",\"@id\":\"https:\\\/\\\/nrcmachine.com\\\/pt\\\/tag\\\/maquina-de-tubos-de-papel\\\/#listItem\",\"position\":3,\"name\":\"paper tube machine\",\"item\":\"https:\\\/\\\/nrcmachine.com\\\/pt\\\/tag\\\/maquina-de-tubos-de-papel\\\/\",\"nextItem\":{\"@type\":\"ListItem\",\"@id\":\"https:\\\/\\\/nrcmachine.com\\\/pt\\\/product\\\/carton-paper-tube-winding-machine\\\/#listItem\",\"name\":\"Carton Paper Tube Winding Machine\"},\"previousItem\":{\"@type\":\"ListItem\",\"@id\":\"https:\\\/\\\/nrcmachine.com\\\/pt\\\/product\\\/#listItem\",\"name\":\"Products\"}},{\"@type\":\"ListItem\",\"@id\":\"https:\\\/\\\/nrcmachine.com\\\/pt\\\/product\\\/carton-paper-tube-winding-machine\\\/#listItem\",\"position\":4,\"name\":\"Carton Paper Tube Winding Machine\",\"previousItem\":{\"@type\":\"ListItem\",\"@id\":\"https:\\\/\\\/nrcmachine.com\\\/pt\\\/tag\\\/maquina-de-tubos-de-papel\\\/#listItem\",\"name\":\"paper tube machine\"}}]},{\"@type\":\"Organization\",\"@id\":\"https:\\\/\\\/nrcmachine.com\\\/pt\\\/#organization\",\"name\":\"Toilet Paper Machine, Paper Tube Machine | NRC Machine wordpress\",\"description\":\"Reliable Paper Machinery Solutions\",\"url\":\"https:\\\/\\\/nrcmachine.com\\\/pt\\\/\",\"email\":\"james@nrcmachine.com\",\"telephone\":\"+8615254213289\",\"foundingDate\":\"2023-11-01\",\"numberOfEmployees\":{\"@type\":\"QuantitativeValue\",\"minValue\":1,\"maxValue\":50},\"logo\":{\"@type\":\"ImageObject\",\"url\":\"https:\\\/\\\/nrcmachine.com\\\/wp-content\\\/uploads\\\/2026\\\/01\\\/logo23.png\",\"@id\":\"https:\\\/\\\/nrcmachine.com\\\/pt\\\/product\\\/carton-paper-tube-winding-machine\\\/#organizationLogo\",\"width\":800,\"height\":800,\"caption\":\"logo for NRC MACHINE\"},\"image\":{\"@id\":\"https:\\\/\\\/nrcmachine.com\\\/pt\\\/product\\\/carton-paper-tube-winding-machine\\\/#organizationLogo\"},\"sameAs\":[\"https:\\\/\\\/www.facebook.com\\\/james.gao.349938\",\"https:\\\/\\\/x.com\\\/JamesGao65335\",\"https:\\\/\\\/www.instagram.com\\\/jamesgao407?igsh=d2YybzFhMjY0YTl3\",\"https:\\\/\\\/www.tiktok.com\\\/@gyl20210118\",\"https:\\\/\\\/www.linkedin.com\\\/in\\\/--9a63583a9\\\/\"]},{\"@type\":\"WebPage\",\"@id\":\"https:\\\/\\\/nrcmachine.com\\\/pt\\\/product\\\/carton-paper-tube-winding-machine\\\/#webpage\",\"url\":\"https:\\\/\\\/nrcmachine.com\\\/pt\\\/product\\\/carton-paper-tube-winding-machine\\\/\",\"name\":\"Carton Paper Tube Winding Machine - QINGDAO NEW RICHUAN\",\"description\":\"This is carton paper tube winding machine \\u2013 built by NRC MACHINE (Qingdao New Richuan Precision Machine Co., Ltd). It\\u2019s not just a machine.\",\"inLanguage\":\"pt-BR\",\"isPartOf\":{\"@id\":\"https:\\\/\\\/nrcmachine.com\\\/pt\\\/#website\"},\"breadcrumb\":{\"@id\":\"https:\\\/\\\/nrcmachine.com\\\/pt\\\/product\\\/carton-paper-tube-winding-machine\\\/#breadcrumblist\"},\"image\":{\"@type\":\"ImageObject\",\"url\":\"https:\\\/\\\/nrcmachine.com\\\/wp-content\\\/uploads\\\/2026\\\/01\\\/Carton-Paper-Tube-Winding-Machine-3.webp\",\"@id\":\"https:\\\/\\\/nrcmachine.com\\\/pt\\\/product\\\/carton-paper-tube-winding-machine\\\/#mainImage\",\"width\":800,\"height\":800,\"caption\":\"Carton Paper Tube Winding Machine\"},\"primaryImageOfPage\":{\"@id\":\"https:\\\/\\\/nrcmachine.com\\\/pt\\\/product\\\/carton-paper-tube-winding-machine\\\/#mainImage\"},\"datePublished\":\"2026-01-07T18:58:51+08:00\",\"dateModified\":\"2026-01-07T19:11:24+08:00\"},{\"@type\":\"WebSite\",\"@id\":\"https:\\\/\\\/nrcmachine.com\\\/pt\\\/#website\",\"url\":\"https:\\\/\\\/nrcmachine.com\\\/pt\\\/\",\"name\":\"Toilet Paper Machine, Paper Tube Machine | NRC Machine\",\"alternateName\":\"Qingdao New Richuan Precision Machine Co.,Ltd\",\"description\":\"Reliable Paper Machinery Solutions\",\"inLanguage\":\"pt-BR\",\"publisher\":{\"@id\":\"https:\\\/\\\/nrcmachine.com\\\/pt\\\/#organization\"}}]}\n\t\t<\/script>\n\t\t<!-- All in One SEO Pro -->\r\n\t\t<title>Carton Paper Tube Winding Machine - QINGDAO NEW RICHUAN<\/title>\n\n","aioseo_head_json":{"title":"Carton Paper Tube Winding Machine - QINGDAO NEW RICHUAN","description":"This is carton paper tube winding machine \u2013 built by NRC MACHINE (Qingdao New Richuan Precision Machine Co., Ltd). It\u2019s not just a machine.","canonical_url":"https:\/\/nrcmachine.com\/pt\/product\/carton-paper-tube-winding-machine\/","robots":"max-snippet:-1, max-image-preview:large, max-video-preview:-1","keywords":"","webmasterTools":{"miscellaneous":""},"schema":{"@context":"https:\/\/schema.org","@graph":[{"@type":"BreadcrumbList","@id":"https:\/\/nrcmachine.com\/pt\/product\/carton-paper-tube-winding-machine\/#breadcrumblist","itemListElement":[{"@type":"ListItem","@id":"https:\/\/nrcmachine.com\/pt#listItem","position":1,"name":"Home","item":"https:\/\/nrcmachine.com\/pt","nextItem":{"@type":"ListItem","@id":"https:\/\/nrcmachine.com\/pt\/product\/#listItem","name":"Products"}},{"@type":"ListItem","@id":"https:\/\/nrcmachine.com\/pt\/product\/#listItem","position":2,"name":"Products","item":"https:\/\/nrcmachine.com\/pt\/product\/","nextItem":{"@type":"ListItem","@id":"https:\/\/nrcmachine.com\/pt\/tag\/maquina-de-tubos-de-papel\/#listItem","name":"paper tube machine"},"previousItem":{"@type":"ListItem","@id":"https:\/\/nrcmachine.com\/pt#listItem","name":"Home"}},{"@type":"ListItem","@id":"https:\/\/nrcmachine.com\/pt\/tag\/maquina-de-tubos-de-papel\/#listItem","position":3,"name":"paper tube machine","item":"https:\/\/nrcmachine.com\/pt\/tag\/maquina-de-tubos-de-papel\/","nextItem":{"@type":"ListItem","@id":"https:\/\/nrcmachine.com\/pt\/product\/carton-paper-tube-winding-machine\/#listItem","name":"Carton Paper Tube Winding Machine"},"previousItem":{"@type":"ListItem","@id":"https:\/\/nrcmachine.com\/pt\/product\/#listItem","name":"Products"}},{"@type":"ListItem","@id":"https:\/\/nrcmachine.com\/pt\/product\/carton-paper-tube-winding-machine\/#listItem","position":4,"name":"Carton Paper Tube Winding Machine","previousItem":{"@type":"ListItem","@id":"https:\/\/nrcmachine.com\/pt\/tag\/maquina-de-tubos-de-papel\/#listItem","name":"paper tube machine"}}]},{"@type":"Organization","@id":"https:\/\/nrcmachine.com\/pt\/#organization","name":"Toilet Paper Machine, Paper Tube Machine | NRC Machine wordpress","description":"Reliable Paper Machinery Solutions","url":"https:\/\/nrcmachine.com\/pt\/","email":"james@nrcmachine.com","telephone":"+8615254213289","foundingDate":"2023-11-01","numberOfEmployees":{"@type":"QuantitativeValue","minValue":1,"maxValue":50},"logo":{"@type":"ImageObject","url":"https:\/\/nrcmachine.com\/wp-content\/uploads\/2026\/01\/logo23.png","@id":"https:\/\/nrcmachine.com\/pt\/product\/carton-paper-tube-winding-machine\/#organizationLogo","width":800,"height":800,"caption":"logo for NRC MACHINE"},"image":{"@id":"https:\/\/nrcmachine.com\/pt\/product\/carton-paper-tube-winding-machine\/#organizationLogo"},"sameAs":["https:\/\/www.facebook.com\/james.gao.349938","https:\/\/x.com\/JamesGao65335","https:\/\/www.instagram.com\/jamesgao407?igsh=d2YybzFhMjY0YTl3","https:\/\/www.tiktok.com\/@gyl20210118","https:\/\/www.linkedin.com\/in\/--9a63583a9\/"]},{"@type":"WebPage","@id":"https:\/\/nrcmachine.com\/pt\/product\/carton-paper-tube-winding-machine\/#webpage","url":"https:\/\/nrcmachine.com\/pt\/product\/carton-paper-tube-winding-machine\/","name":"Carton Paper Tube Winding Machine - QINGDAO NEW RICHUAN","description":"This is carton paper tube winding machine \u2013 built by NRC MACHINE (Qingdao New Richuan Precision Machine Co., Ltd). It\u2019s not just a machine.","inLanguage":"pt-BR","isPartOf":{"@id":"https:\/\/nrcmachine.com\/pt\/#website"},"breadcrumb":{"@id":"https:\/\/nrcmachine.com\/pt\/product\/carton-paper-tube-winding-machine\/#breadcrumblist"},"image":{"@type":"ImageObject","url":"https:\/\/nrcmachine.com\/wp-content\/uploads\/2026\/01\/Carton-Paper-Tube-Winding-Machine-3.webp","@id":"https:\/\/nrcmachine.com\/pt\/product\/carton-paper-tube-winding-machine\/#mainImage","width":800,"height":800,"caption":"Carton Paper Tube Winding Machine"},"primaryImageOfPage":{"@id":"https:\/\/nrcmachine.com\/pt\/product\/carton-paper-tube-winding-machine\/#mainImage"},"datePublished":"2026-01-07T18:58:51+08:00","dateModified":"2026-01-07T19:11:24+08:00"},{"@type":"WebSite","@id":"https:\/\/nrcmachine.com\/pt\/#website","url":"https:\/\/nrcmachine.com\/pt\/","name":"Toilet Paper Machine, Paper Tube Machine | NRC Machine","alternateName":"Qingdao New Richuan Precision Machine Co.,Ltd","description":"Reliable Paper Machinery Solutions","inLanguage":"pt-BR","publisher":{"@id":"https:\/\/nrcmachine.com\/pt\/#organization"}}]},"og:locale":"pt_BR","og:site_name":"Toilet Paper Machine, Paper Tube Machine | NRC Machine - Reliable Paper Machinery Solutions","og:type":"article","og:title":"Carton Paper Tube Winding Machine - QINGDAO NEW RICHUAN","og:description":"This is carton paper tube winding machine \u2013 built by NRC MACHINE (Qingdao New Richuan Precision Machine Co., Ltd). It\u2019s not just a machine.","og:url":"https:\/\/nrcmachine.com\/pt\/product\/carton-paper-tube-winding-machine\/","og:image":"https:\/\/nrcmachine.com\/wp-content\/uploads\/2026\/01\/Carton-Paper-Tube-Winding-Machine-1.webp","og:image:secure_url":"https:\/\/nrcmachine.com\/wp-content\/uploads\/2026\/01\/Carton-Paper-Tube-Winding-Machine-1.webp","og:image:width":1280,"og:image:height":720,"article:published_time":"2026-01-07T10:58:51+00:00","article:modified_time":"2026-01-07T11:11:24+00:00","article:publisher":"https:\/\/www.facebook.com\/james.gao.349938","twitter:card":"summary","twitter:site":"@JamesGao65335","twitter:title":"Carton Paper Tube Winding Machine - QINGDAO NEW RICHUAN","twitter:description":"This is carton paper tube winding machine \u2013 built by NRC MACHINE (Qingdao New Richuan Precision Machine Co., Ltd). It\u2019s not just a machine.","twitter:image":"https:\/\/nrcmachine.com\/wp-content\/uploads\/2026\/01\/Carton-Paper-Tube-Winding-Machine-3.webp"},"aioseo_meta_data":{"post_id":"3800","title":"#post_title #separator_sa QINGDAO NEW RICHUAN","description":"This is carton paper tube winding machine \u2013 built by NRC MACHINE (Qingdao New Richuan Precision Machine Co., Ltd). It\u2019s not just a machine.","keywords":null,"keyphrases":{"focus":{"keyphrase":"paper tube winding machine","score":100,"analysis":{"keyphraseInTitle":{"score":9,"maxScore":9,"error":0},"keyphraseInDescription":{"score":9,"maxScore":9,"error":0},"keyphraseLength":{"score":9,"maxScore":9,"error":0,"length":4},"keyphraseInURL":{"score":5,"maxScore":5,"error":0},"keyphraseInIntroduction":{"score":9,"maxScore":9,"error":0},"keyphraseInSubHeadings":{"score":9,"maxScore":9,"error":0},"keyphraseInImageAlt":[],"keywordDensity":{"type":"best","score":9,"maxScore":9,"error":0}}},"additional":[]},"primary_term":null,"canonical_url":null,"og_title":null,"og_description":null,"og_object_type":"default","og_image_type":"custom_image","og_image_url":"https:\/\/nrcmachine.com\/wp-content\/uploads\/2026\/01\/Carton-Paper-Tube-Winding-Machine-1.webp","og_image_width":"1280","og_image_height":"720","og_image_custom_url":"https:\/\/nrcmachine.com\/wp-content\/uploads\/2026\/01\/Carton-Paper-Tube-Winding-Machine-1.webp","og_image_custom_fields":null,"og_video":"","og_custom_url":null,"og_article_section":null,"og_article_tags":null,"twitter_use_og":false,"twitter_card":"default","twitter_image_type":"default","twitter_image_url":null,"twitter_image_custom_url":null,"twitter_image_custom_fields":null,"twitter_title":null,"twitter_description":null,"schema":{"blockGraphs":[],"customGraphs":[],"default":{"data":{"Article":[],"Course":[],"Dataset":[],"FAQPage":[],"Movie":[],"Person":[],"Product":[],"ProductReview":[],"Car":[],"Recipe":[],"Service":[],"SoftwareApplication":[],"WebPage":[]},"graphName":"ItemPage","isEnabled":true},"graphs":[]},"schema_type":"default","schema_type_options":null,"pillar_content":false,"robots_default":true,"robots_noindex":false,"robots_noarchive":false,"robots_nosnippet":false,"robots_nofollow":false,"robots_noimageindex":false,"robots_noodp":false,"robots_notranslate":false,"robots_max_snippet":"-1","robots_max_videopreview":"-1","robots_max_imagepreview":"large","priority":null,"frequency":"default","local_seo":null,"seo_analyzer_scan_date":"2026-02-13 02:05:32","breadcrumb_settings":null,"limit_modified_date":false,"reviewed_by":null,"open_ai":null,"ai":{"faqs":[],"keyPoints":[],"titles":[],"descriptions":[],"socialPosts":{"email":[],"linkedin":[],"twitter":[],"facebook":[],"instagram":[]}},"created":"2026-01-07 10:58:52","updated":"2026-02-13 07:06:56"},"aioseo_breadcrumb":"<div class=\"aioseo-breadcrumbs\"><span class=\"aioseo-breadcrumb\">\n\t<a href=\"https:\/\/nrcmachine.com\/pt\" title=\"Home\">Home<\/a>\n<\/span><span class=\"aioseo-breadcrumb-separator\">\u00bb<\/span><span class=\"aioseo-breadcrumb\">\n\t<a href=\"https:\/\/nrcmachine.com\/pt\/product\/\" title=\"Products\">Products<\/a>\n<\/span><span class=\"aioseo-breadcrumb-separator\">\u00bb<\/span><span class=\"aioseo-breadcrumb\">\n\t<a href=\"https:\/\/nrcmachine.com\/pt\/tag\/maquina-de-tubos-de-papel\/\" title=\"paper tube machine\">paper tube machine<\/a>\n<\/span><span class=\"aioseo-breadcrumb-separator\">\u00bb<\/span><span class=\"aioseo-breadcrumb\">\n\tCarton Paper Tube Winding Machine\n<\/span><\/div>","aioseo_breadcrumb_json":[{"label":"Home","link":"https:\/\/nrcmachine.com\/pt"},{"label":"Products","link":"https:\/\/nrcmachine.com\/pt\/product\/"},{"label":"paper tube machine","link":"https:\/\/nrcmachine.com\/pt\/tag\/maquina-de-tubos-de-papel\/"},{"label":"Carton Paper Tube Winding Machine","link":"https:\/\/nrcmachine.com\/pt\/product\/carton-paper-tube-winding-machine\/"}],"_links":{"self":[{"href":"https:\/\/nrcmachine.com\/pt\/wp-json\/wp\/v2\/product\/3800","targetHints":{"allow":["GET"]}}],"collection":[{"href":"https:\/\/nrcmachine.com\/pt\/wp-json\/wp\/v2\/product"}],"about":[{"href":"https:\/\/nrcmachine.com\/pt\/wp-json\/wp\/v2\/types\/product"}],"version-history":[{"count":0,"href":"https:\/\/nrcmachine.com\/pt\/wp-json\/wp\/v2\/product\/3800\/revisions"}],"wp:featuredmedia":[{"embeddable":true,"href":"https:\/\/nrcmachine.com\/pt\/wp-json\/wp\/v2\/media\/3801"}],"wp:attachment":[{"href":"https:\/\/nrcmachine.com\/pt\/wp-json\/wp\/v2\/media?parent=3800"}],"wp:term":[{"taxonomy":"post_tag","embeddable":true,"href":"https:\/\/nrcmachine.com\/pt\/wp-json\/wp\/v2\/tags?post=3800"},{"taxonomy":"products","embeddable":true,"href":"https:\/\/nrcmachine.com\/pt\/wp-json\/wp\/v2\/products?post=3800"}],"curies":[{"name":"wp","href":"https:\/\/api.w.org\/{rel}","templated":true}]}}