 {"id":3829,"date":"2026-01-08T11:24:18","date_gmt":"2026-01-08T03:24:18","guid":{"rendered":"https:\/\/nrcmachine.com\/?post_type=product&#038;p=3829"},"modified":"2026-01-08T12:25:17","modified_gmt":"2026-01-08T04:25:17","slug":"multi-blades-paper-core-cutting-machine","status":"publish","type":"product","link":"https:\/\/nrcmachine.com\/pt\/product\/multi-blades-paper-core-cutting-machine\/","title":{"rendered":"M\u00e1quina de corte de n\u00facleo de papel com v\u00e1rias l\u00e2minas"},"content":{"rendered":"<h3 style=\"text-align: center;\"><strong>Apresentando a m\u00e1quina de corte de n\u00facleo de papel com v\u00e1rias l\u00e2minas da NRC MACHINE<\/strong><\/h3>\n<h4><strong>Desempenho de alta velocidade com controle CNC e PLC<\/strong><\/h4>\n<p>Trata-se de um sistema de alta velocidade <a href=\"https:\/\/youtube.com\/shorts\/hY6IIXJtECc?feature=share\">M\u00e1quina de corte de n\u00facleo de papel com v\u00e1rias l\u00e2minas.<\/a><\/p>\n<p>Ele \u00e9 executado em sistemas de controle CNC e PLC.<\/p>\n<p>Portanto, ele funciona rapidamente e permanece preciso.<\/p>\n<p>Al\u00e9m disso, ele se ajusta facilmente a diferentes tamanhos de n\u00facleo.<\/p>\n<p>Com isso, os operadores economizam tempo e reduzem o desperd\u00edcio.<\/p>\n<p>A m\u00e1quina corta n\u00facleos com di\u00e2metros internos de 30 a 200 mm.<\/p>\n<p>A espessura do n\u00facleo pode ser de 1 a 10 mm.<\/p>\n<p>O comprimento m\u00e1ximo de corte chega a 1500 mm.<\/p>\n<p>Ou pode ser personalizado de acordo com suas necessidades.<\/p>\n<p>Assim, ele se adapta a muitas linhas de produ\u00e7\u00e3o.<\/p>\n<div class=\"ast-oembed-container\" style=\"height: 100%;\"><iframe title=\"M\u00e1quina de corte de tubos de papel com v\u00e1rias l\u00e2minas 1TP5M\u00e1quina 1TP5Equipamento de corte de tubos 1TP5F\u00e1brica\" width=\"422\" height=\"750\" src=\"https:\/\/www.youtube.com\/embed\/hY6IIXJtECc?feature=oembed\" frameborder=\"0\" allow=\"accelerometer; autoplay; clipboard-write; encrypted-media; gyroscope; picture-in-picture; web-share\" referrerpolicy=\"strict-origin-when-cross-origin\" allowfullscreen><\/iframe><\/div>\n<p>Procurando uma maneira r\u00e1pida, precisa e confi\u00e1vel de cortar n\u00facleos de papel?<\/p>\n<p>A NRC MACHINE tem a resposta.<\/p>\n<p>Este \u00e9 o <a href=\"https:\/\/youtube.com\/shorts\/hY6IIXJtECc?feature=share\"><strong>M\u00e1quina de corte de n\u00facleo de papel com v\u00e1rias l\u00e2minas<\/strong><\/a>, Constru\u00eddo para alto desempenho.<\/p>\n<p>Fabricada pela Qingdao New Richuan Precision Machine Co., Ltd., ela se destaca no setor.<\/p>\n<p>E o melhor de tudo \u00e9 que ele corta rapidamente sem perder a precis\u00e3o.<\/p>\n<h4><strong>Design inteligente para uma opera\u00e7\u00e3o suave<\/strong><\/h4>\n<p>A m\u00e1quina de corte de n\u00facleo de papel com v\u00e1rias l\u00e2minas usa um sistema de l\u00e2minas afiadas e dur\u00e1veis.<\/p>\n<p>As l\u00e2minas permanecem alinhadas e precisam de pouca manuten\u00e7\u00e3o.<\/p>\n<p>Al\u00e9m disso, a m\u00e1quina sempre corta com bordas limpas.<\/p>\n<p>Assim, os operadores podem passar rapidamente para a pr\u00f3xima tarefa.<\/p>\n<p>Portanto, o tempo de inatividade \u00e9 reduzido.<\/p>\n<p>O painel de controle \u00e9 simples de usar.<\/p>\n<p>Os funcion\u00e1rios aprendem rapidamente.<\/p>\n<p>Mesmo assim, o suporte de treinamento est\u00e1 dispon\u00edvel na NRC MACHINE.<\/p>\n<p>Al\u00e9m disso, os recursos de seguran\u00e7a s\u00e3o integrados.<\/p>\n<p>Por exemplo, paradas de emerg\u00eancia e tampas de prote\u00e7\u00e3o s\u00e3o padr\u00e3o.<\/p>\n<h4><strong>Constru\u00eddo para f\u00e1bricas, feito para durar<\/strong><\/h4>\n<p>Essa m\u00e1quina \u00e9 robusta.<\/p>\n<p>Ele lida com longas horas de trabalho todos os dias.<\/p>\n<p>Ainda assim, ele continua cortando em velocidade m\u00e1xima.<\/p>\n<p>Al\u00e9m disso, funciona bem em f\u00e1bricas movimentadas de produtos de papel.<\/p>\n<p>Como resultado, muitas empresas escolhem o <a href=\"https:\/\/nrcmachine.com\/pt\/product\/high-speed-paper-core-cutting-machine\/\"><strong>M\u00e1quina de corte de n\u00facleo de papel com v\u00e1rias l\u00e2minas<\/strong><\/a>.<\/p>\n<p>Ele corta tubos de papel, n\u00facleos e rolos com facilidade.<\/p>\n<p>Seja para embalagem ou impress\u00e3o, ele cumpre o que promete.<\/p>\n<p>Al\u00e9m disso, ele oferece suporte a pedidos personalizados.<\/p>\n<p>Assim, voc\u00ea sempre obt\u00e9m o tamanho certo.<\/p>\n<h4><strong>Por que escolher a NRC MACHINE?<\/strong><\/h4>\n<p>A NRC MACHINE \u00e9 sin\u00f4nimo de qualidade e inova\u00e7\u00e3o.<\/p>\n<p>Cada <a href=\"https:\/\/nrcmachine.com\/pt\/product\/high-speed-paper-core-cutting-machine\/\"><strong>M\u00e1quina de corte de n\u00facleo de papel com v\u00e1rias l\u00e2minas<\/strong><\/a>\u00a0\u00e9 testado antes do envio.<\/p>\n<p>O atendimento ao cliente \u00e9 r\u00e1pido e prestativo.<\/p>\n<p>Al\u00e9m disso, oferecemos ajuda na instala\u00e7\u00e3o e suporte t\u00e9cnico.<\/p>\n<p>Portanto, voc\u00ea nunca est\u00e1 sozinho ap\u00f3s a compra.<\/p>\n<p>Em resumo, essa m\u00e1quina economiza tempo, corta de forma limpa e tem longa dura\u00e7\u00e3o.<\/p>\n<p>Ele \u00e9 inteligente, robusto e simples de usar.<\/p>\n<p>Portanto, se voc\u00ea precisar de corte em alta velocidade, escolha a NRC MACHINE.<\/p>\n<p>O <a href=\"https:\/\/nrcmachine.com\/pt\/product\/high-speed-paper-core-cutting-machine\/\"><strong>M\u00e1quina de corte de n\u00facleo de papel com v\u00e1rias l\u00e2minas<\/strong><\/a>\u00a0est\u00e1 pronto para trabalhar para voc\u00ea.<\/p>\n<p>&nbsp;<\/p>","protected":false},"featured_media":3830,"template":"","meta":{"_acf_changed":false,"_monsterinsights_skip_tracking":false,"_monsterinsights_sitenote_active":false,"_monsterinsights_sitenote_note":"","_monsterinsights_sitenote_category":0,"site-sidebar-layout":"default","site-content-layout":"","ast-site-content-layout":"default","site-content-style":"default","site-sidebar-style":"default","ast-global-header-display":"","ast-banner-title-visibility":"","ast-main-header-display":"","ast-hfb-above-header-display":"","ast-hfb-below-header-display":"","ast-hfb-mobile-header-display":"","site-post-title":"","ast-breadcrumbs-content":"","ast-featured-img":"","footer-sml-layout":"","theme-transparent-header-meta":"default","adv-header-id-meta":"","stick-header-meta":"default","header-above-stick-meta":"","header-main-stick-meta":"","header-below-stick-meta":"","astra-migrate-meta-layouts":"set","ast-page-background-enabled":"default","ast-page-background-meta":{"desktop":{"background-color":"var(--ast-global-color-4)","background-image":"","background-repeat":"repeat","background-position":"center center","background-size":"auto","background-attachment":"scroll","background-type":"","background-media":"","overlay-type":"","overlay-color":"","overlay-opacity":"","overlay-gradient":""},"tablet":{"background-color":"","background-image":"","background-repeat":"repeat","background-position":"center center","background-size":"auto","background-attachment":"scroll","background-type":"","background-media":"","overlay-type":"","overlay-color":"","overlay-opacity":"","overlay-gradient":""},"mobile":{"background-color":"","background-image":"","background-repeat":"repeat","background-position":"center center","background-size":"auto","background-attachment":"scroll","background-type":"","background-media":"","overlay-type":"","overlay-color":"","overlay-opacity":"","overlay-gradient":""}},"ast-content-background-meta":{"desktop":{"background-color":"var(--ast-global-color-5)","background-image":"","background-repeat":"repeat","background-position":"center center","background-size":"auto","background-attachment":"scroll","background-type":"","background-media":"","overlay-type":"","overlay-color":"","overlay-opacity":"","overlay-gradient":""},"tablet":{"background-color":"var(--ast-global-color-5)","background-image":"","background-repeat":"repeat","background-position":"center center","background-size":"auto","background-attachment":"scroll","background-type":"","background-media":"","overlay-type":"","overlay-color":"","overlay-opacity":"","overlay-gradient":""},"mobile":{"background-color":"var(--ast-global-color-5)","background-image":"","background-repeat":"repeat","background-position":"center center","background-size":"auto","background-attachment":"scroll","background-type":"","background-media":"","overlay-type":"","overlay-color":"","overlay-opacity":"","overlay-gradient":""}}},"tags":[96,72],"products":[70],"class_list":["post-3829","product","type-product","status-publish","has-post-thumbnail","hentry","tag-paper-core-cutting-machine","tag-paper-tube-cutting-machine","products-paper-tube-cutting-machine"],"acf":[],"aioseo_notices":[],"aioseo_head":"\n\t\t<!-- All in One SEO Pro 4.9.2 - aioseo.com -->\n\t<meta name=\"description\" content=\"NRC MACHINE stands for quality and innovation. Each multi blades paper core cutting machine is tested before shipping. Customer service is fast and helpful.\" \/>\n\t<meta name=\"robots\" content=\"max-snippet:-1, max-image-preview:large, max-video-preview:-1\" \/>\n\t<link rel=\"canonical\" href=\"https:\/\/nrcmachine.com\/pt\/product\/multi-blades-paper-core-cutting-machine\/\" \/>\n\t<meta name=\"generator\" content=\"All in One SEO Pro (AIOSEO) 4.9.2\" \/>\n\t\t<meta property=\"og:locale\" content=\"pt_BR\" \/>\n\t\t<meta property=\"og:site_name\" content=\"Toilet Paper Machine, Paper Tube Machine | NRC Machine - Reliable Paper Machinery Solutions\" \/>\n\t\t<meta property=\"og:type\" content=\"article\" \/>\n\t\t<meta property=\"og:title\" content=\"Multi Blades Paper Core Cutting Machine - NRC MACHINE\" \/>\n\t\t<meta property=\"og:description\" content=\"NRC MACHINE stands for quality and innovation. Each multi blades paper core cutting machine is tested before shipping. Customer service is fast and helpful.\" \/>\n\t\t<meta property=\"og:url\" content=\"https:\/\/nrcmachine.com\/pt\/product\/multi-blades-paper-core-cutting-machine\/\" \/>\n\t\t<meta property=\"og:image\" content=\"https:\/\/nrcmachine.com\/wp-content\/uploads\/2026\/01\/Multi-Blades-Paper-Core-Cutting-Machine-3.webp\" \/>\n\t\t<meta property=\"og:image:secure_url\" content=\"https:\/\/nrcmachine.com\/wp-content\/uploads\/2026\/01\/Multi-Blades-Paper-Core-Cutting-Machine-3.webp\" \/>\n\t\t<meta property=\"og:image:width\" content=\"1000\" \/>\n\t\t<meta property=\"og:image:height\" content=\"563\" \/>\n\t\t<meta property=\"article:published_time\" content=\"2026-01-08T03:24:18+00:00\" \/>\n\t\t<meta property=\"article:modified_time\" content=\"2026-01-08T04:25:17+00:00\" \/>\n\t\t<meta property=\"article:publisher\" content=\"https:\/\/www.facebook.com\/james.gao.349938\" \/>\n\t\t<meta name=\"twitter:card\" content=\"summary\" \/>\n\t\t<meta name=\"twitter:site\" content=\"@JamesGao65335\" \/>\n\t\t<meta name=\"twitter:title\" content=\"Multi Blades Paper Core Cutting Machine - NRC MACHINE\" \/>\n\t\t<meta name=\"twitter:description\" content=\"NRC MACHINE stands for quality and innovation. Each multi blades paper core cutting machine is tested before shipping. Customer service is fast and helpful.\" \/>\n\t\t<meta name=\"twitter:image\" content=\"https:\/\/nrcmachine.com\/wp-content\/uploads\/2026\/01\/Multi-Blades-Paper-Core-Cutting-Machine-2.webp\" \/>\n\t\t<script type=\"application\/ld+json\" class=\"aioseo-schema\">\n\t\t\t{\"@context\":\"https:\\\/\\\/schema.org\",\"@graph\":[{\"@type\":\"BreadcrumbList\",\"@id\":\"https:\\\/\\\/nrcmachine.com\\\/pt\\\/product\\\/multi-blades-paper-core-cutting-machine\\\/#breadcrumblist\",\"itemListElement\":[{\"@type\":\"ListItem\",\"@id\":\"https:\\\/\\\/nrcmachine.com\\\/pt#listItem\",\"position\":1,\"name\":\"Home\",\"item\":\"https:\\\/\\\/nrcmachine.com\\\/pt\",\"nextItem\":{\"@type\":\"ListItem\",\"@id\":\"https:\\\/\\\/nrcmachine.com\\\/pt\\\/product\\\/#listItem\",\"name\":\"Products\"}},{\"@type\":\"ListItem\",\"@id\":\"https:\\\/\\\/nrcmachine.com\\\/pt\\\/product\\\/#listItem\",\"position\":2,\"name\":\"Products\",\"item\":\"https:\\\/\\\/nrcmachine.com\\\/pt\\\/product\\\/\",\"nextItem\":{\"@type\":\"ListItem\",\"@id\":\"https:\\\/\\\/nrcmachine.com\\\/pt\\\/tag\\\/paper-tube-cutting-machine\\\/#listItem\",\"name\":\"paper tube cutting machine\"},\"previousItem\":{\"@type\":\"ListItem\",\"@id\":\"https:\\\/\\\/nrcmachine.com\\\/pt#listItem\",\"name\":\"Home\"}},{\"@type\":\"ListItem\",\"@id\":\"https:\\\/\\\/nrcmachine.com\\\/pt\\\/tag\\\/paper-tube-cutting-machine\\\/#listItem\",\"position\":3,\"name\":\"paper tube cutting machine\",\"item\":\"https:\\\/\\\/nrcmachine.com\\\/pt\\\/tag\\\/paper-tube-cutting-machine\\\/\",\"nextItem\":{\"@type\":\"ListItem\",\"@id\":\"https:\\\/\\\/nrcmachine.com\\\/pt\\\/product\\\/multi-blades-paper-core-cutting-machine\\\/#listItem\",\"name\":\"Multi Blades Paper Core Cutting Machine\"},\"previousItem\":{\"@type\":\"ListItem\",\"@id\":\"https:\\\/\\\/nrcmachine.com\\\/pt\\\/product\\\/#listItem\",\"name\":\"Products\"}},{\"@type\":\"ListItem\",\"@id\":\"https:\\\/\\\/nrcmachine.com\\\/pt\\\/product\\\/multi-blades-paper-core-cutting-machine\\\/#listItem\",\"position\":4,\"name\":\"Multi Blades Paper Core Cutting Machine\",\"previousItem\":{\"@type\":\"ListItem\",\"@id\":\"https:\\\/\\\/nrcmachine.com\\\/pt\\\/tag\\\/paper-tube-cutting-machine\\\/#listItem\",\"name\":\"paper tube cutting machine\"}}]},{\"@type\":\"Organization\",\"@id\":\"https:\\\/\\\/nrcmachine.com\\\/pt\\\/#organization\",\"name\":\"Toilet Paper Machine, Paper Tube Machine | NRC Machine wordpress\",\"description\":\"Reliable Paper Machinery Solutions\",\"url\":\"https:\\\/\\\/nrcmachine.com\\\/pt\\\/\",\"email\":\"james@nrcmachine.com\",\"telephone\":\"+8615254213289\",\"foundingDate\":\"2023-11-01\",\"numberOfEmployees\":{\"@type\":\"QuantitativeValue\",\"minValue\":1,\"maxValue\":50},\"logo\":{\"@type\":\"ImageObject\",\"url\":\"https:\\\/\\\/nrcmachine.com\\\/wp-content\\\/uploads\\\/2026\\\/01\\\/logo23.png\",\"@id\":\"https:\\\/\\\/nrcmachine.com\\\/pt\\\/product\\\/multi-blades-paper-core-cutting-machine\\\/#organizationLogo\",\"width\":800,\"height\":800,\"caption\":\"logo for NRC MACHINE\"},\"image\":{\"@id\":\"https:\\\/\\\/nrcmachine.com\\\/pt\\\/product\\\/multi-blades-paper-core-cutting-machine\\\/#organizationLogo\"},\"sameAs\":[\"https:\\\/\\\/www.facebook.com\\\/james.gao.349938\",\"https:\\\/\\\/x.com\\\/JamesGao65335\",\"https:\\\/\\\/www.instagram.com\\\/jamesgao407?igsh=d2YybzFhMjY0YTl3\",\"https:\\\/\\\/www.tiktok.com\\\/@gyl20210118\",\"https:\\\/\\\/www.linkedin.com\\\/in\\\/--9a63583a9\\\/\"]},{\"@type\":\"WebPage\",\"@id\":\"https:\\\/\\\/nrcmachine.com\\\/pt\\\/product\\\/multi-blades-paper-core-cutting-machine\\\/#webpage\",\"url\":\"https:\\\/\\\/nrcmachine.com\\\/pt\\\/product\\\/multi-blades-paper-core-cutting-machine\\\/\",\"name\":\"Multi Blades Paper Core Cutting Machine - NRC MACHINE\",\"description\":\"NRC MACHINE stands for quality and innovation. Each multi blades paper core cutting machine is tested before shipping. Customer service is fast and helpful.\",\"inLanguage\":\"pt-BR\",\"isPartOf\":{\"@id\":\"https:\\\/\\\/nrcmachine.com\\\/pt\\\/#website\"},\"breadcrumb\":{\"@id\":\"https:\\\/\\\/nrcmachine.com\\\/pt\\\/product\\\/multi-blades-paper-core-cutting-machine\\\/#breadcrumblist\"},\"image\":{\"@type\":\"ImageObject\",\"url\":\"https:\\\/\\\/nrcmachine.com\\\/wp-content\\\/uploads\\\/2026\\\/01\\\/Multi-Blades-Paper-Core-Cutting-Machine-2.webp\",\"@id\":\"https:\\\/\\\/nrcmachine.com\\\/pt\\\/product\\\/multi-blades-paper-core-cutting-machine\\\/#mainImage\",\"width\":800,\"height\":800,\"caption\":\"Multi Blades Paper Core Cutting Machine\"},\"primaryImageOfPage\":{\"@id\":\"https:\\\/\\\/nrcmachine.com\\\/pt\\\/product\\\/multi-blades-paper-core-cutting-machine\\\/#mainImage\"},\"datePublished\":\"2026-01-08T11:24:18+08:00\",\"dateModified\":\"2026-01-08T12:25:17+08:00\"},{\"@type\":\"WebSite\",\"@id\":\"https:\\\/\\\/nrcmachine.com\\\/pt\\\/#website\",\"url\":\"https:\\\/\\\/nrcmachine.com\\\/pt\\\/\",\"name\":\"Toilet Paper Machine, Paper Tube Machine | NRC Machine\",\"alternateName\":\"Qingdao New Richuan Precision Machine Co.,Ltd\",\"description\":\"Reliable Paper Machinery Solutions\",\"inLanguage\":\"pt-BR\",\"publisher\":{\"@id\":\"https:\\\/\\\/nrcmachine.com\\\/pt\\\/#organization\"}}]}\n\t\t<\/script>\n\t\t<!-- All in One SEO Pro -->\r\n\t\t<title>Multi Blades Paper Core Cutting Machine - NRC MACHINE<\/title>\n\n","aioseo_head_json":{"title":"M\u00e1quina de corte de miolo de papel com v\u00e1rias l\u00e2minas - NRC MACHINE","description":"A NRC MACHINE \u00e9 sin\u00f4nimo de qualidade e inova\u00e7\u00e3o. Cada m\u00e1quina de corte de n\u00facleo de papel com v\u00e1rias l\u00e2minas \u00e9 testada antes do envio. O atendimento ao cliente \u00e9 r\u00e1pido e prestativo.","canonical_url":"https:\/\/nrcmachine.com\/pt\/product\/multi-blades-paper-core-cutting-machine\/","robots":"max-snippet:-1, max-image-preview:large, max-video-preview:-1","keywords":"","webmasterTools":{"miscellaneous":""},"schema":{"@context":"https:\/\/schema.org","@graph":[{"@type":"BreadcrumbList","@id":"https:\/\/nrcmachine.com\/pt\/product\/multi-blades-paper-core-cutting-machine\/#breadcrumblist","itemListElement":[{"@type":"ListItem","@id":"https:\/\/nrcmachine.com\/pt#listItem","position":1,"name":"Home","item":"https:\/\/nrcmachine.com\/pt","nextItem":{"@type":"ListItem","@id":"https:\/\/nrcmachine.com\/pt\/product\/#listItem","name":"Products"}},{"@type":"ListItem","@id":"https:\/\/nrcmachine.com\/pt\/product\/#listItem","position":2,"name":"Products","item":"https:\/\/nrcmachine.com\/pt\/product\/","nextItem":{"@type":"ListItem","@id":"https:\/\/nrcmachine.com\/pt\/tag\/paper-tube-cutting-machine\/#listItem","name":"paper tube cutting machine"},"previousItem":{"@type":"ListItem","@id":"https:\/\/nrcmachine.com\/pt#listItem","name":"Home"}},{"@type":"ListItem","@id":"https:\/\/nrcmachine.com\/pt\/tag\/paper-tube-cutting-machine\/#listItem","position":3,"name":"paper tube cutting machine","item":"https:\/\/nrcmachine.com\/pt\/tag\/paper-tube-cutting-machine\/","nextItem":{"@type":"ListItem","@id":"https:\/\/nrcmachine.com\/pt\/product\/multi-blades-paper-core-cutting-machine\/#listItem","name":"Multi Blades Paper Core Cutting Machine"},"previousItem":{"@type":"ListItem","@id":"https:\/\/nrcmachine.com\/pt\/product\/#listItem","name":"Products"}},{"@type":"ListItem","@id":"https:\/\/nrcmachine.com\/pt\/product\/multi-blades-paper-core-cutting-machine\/#listItem","position":4,"name":"Multi Blades Paper Core Cutting Machine","previousItem":{"@type":"ListItem","@id":"https:\/\/nrcmachine.com\/pt\/tag\/paper-tube-cutting-machine\/#listItem","name":"paper tube cutting machine"}}]},{"@type":"Organization","@id":"https:\/\/nrcmachine.com\/pt\/#organization","name":"Toilet Paper Machine, Paper Tube Machine | NRC Machine wordpress","description":"Reliable Paper Machinery Solutions","url":"https:\/\/nrcmachine.com\/pt\/","email":"james@nrcmachine.com","telephone":"+8615254213289","foundingDate":"2023-11-01","numberOfEmployees":{"@type":"QuantitativeValue","minValue":1,"maxValue":50},"logo":{"@type":"ImageObject","url":"https:\/\/nrcmachine.com\/wp-content\/uploads\/2026\/01\/logo23.png","@id":"https:\/\/nrcmachine.com\/pt\/product\/multi-blades-paper-core-cutting-machine\/#organizationLogo","width":800,"height":800,"caption":"logo for NRC MACHINE"},"image":{"@id":"https:\/\/nrcmachine.com\/pt\/product\/multi-blades-paper-core-cutting-machine\/#organizationLogo"},"sameAs":["https:\/\/www.facebook.com\/james.gao.349938","https:\/\/x.com\/JamesGao65335","https:\/\/www.instagram.com\/jamesgao407?igsh=d2YybzFhMjY0YTl3","https:\/\/www.tiktok.com\/@gyl20210118","https:\/\/www.linkedin.com\/in\/--9a63583a9\/"]},{"@type":"WebPage","@id":"https:\/\/nrcmachine.com\/pt\/product\/multi-blades-paper-core-cutting-machine\/#webpage","url":"https:\/\/nrcmachine.com\/pt\/product\/multi-blades-paper-core-cutting-machine\/","name":"Multi Blades Paper Core Cutting Machine - NRC MACHINE","description":"NRC MACHINE stands for quality and innovation. Each multi blades paper core cutting machine is tested before shipping. Customer service is fast and helpful.","inLanguage":"pt-BR","isPartOf":{"@id":"https:\/\/nrcmachine.com\/pt\/#website"},"breadcrumb":{"@id":"https:\/\/nrcmachine.com\/pt\/product\/multi-blades-paper-core-cutting-machine\/#breadcrumblist"},"image":{"@type":"ImageObject","url":"https:\/\/nrcmachine.com\/wp-content\/uploads\/2026\/01\/Multi-Blades-Paper-Core-Cutting-Machine-2.webp","@id":"https:\/\/nrcmachine.com\/pt\/product\/multi-blades-paper-core-cutting-machine\/#mainImage","width":800,"height":800,"caption":"Multi Blades Paper Core Cutting Machine"},"primaryImageOfPage":{"@id":"https:\/\/nrcmachine.com\/pt\/product\/multi-blades-paper-core-cutting-machine\/#mainImage"},"datePublished":"2026-01-08T11:24:18+08:00","dateModified":"2026-01-08T12:25:17+08:00"},{"@type":"WebSite","@id":"https:\/\/nrcmachine.com\/pt\/#website","url":"https:\/\/nrcmachine.com\/pt\/","name":"Toilet Paper Machine, Paper Tube Machine | NRC Machine","alternateName":"Qingdao New Richuan Precision Machine Co.,Ltd","description":"Reliable Paper Machinery Solutions","inLanguage":"pt-BR","publisher":{"@id":"https:\/\/nrcmachine.com\/pt\/#organization"}}]},"og:locale":"pt_BR","og:site_name":"Toilet Paper Machine, Paper Tube Machine | NRC Machine - Reliable Paper Machinery Solutions","og:type":"article","og:title":"Multi Blades Paper Core Cutting Machine - NRC MACHINE","og:description":"NRC MACHINE stands for quality and innovation. Each multi blades paper core cutting machine is tested before shipping. Customer service is fast and helpful.","og:url":"https:\/\/nrcmachine.com\/pt\/product\/multi-blades-paper-core-cutting-machine\/","og:image":"https:\/\/nrcmachine.com\/wp-content\/uploads\/2026\/01\/Multi-Blades-Paper-Core-Cutting-Machine-3.webp","og:image:secure_url":"https:\/\/nrcmachine.com\/wp-content\/uploads\/2026\/01\/Multi-Blades-Paper-Core-Cutting-Machine-3.webp","og:image:width":1000,"og:image:height":563,"article:published_time":"2026-01-08T03:24:18+00:00","article:modified_time":"2026-01-08T04:25:17+00:00","article:publisher":"https:\/\/www.facebook.com\/james.gao.349938","twitter:card":"summary","twitter:site":"@JamesGao65335","twitter:title":"Multi Blades Paper Core Cutting Machine - NRC MACHINE","twitter:description":"NRC MACHINE stands for quality and innovation. Each multi blades paper core cutting machine is tested before shipping. Customer service is fast and helpful.","twitter:image":"https:\/\/nrcmachine.com\/wp-content\/uploads\/2026\/01\/Multi-Blades-Paper-Core-Cutting-Machine-2.webp"},"aioseo_meta_data":{"post_id":"3829","title":"#post_title #separator_sa NRC MACHINE","description":"A NRC MACHINE \u00e9 sin\u00f4nimo de qualidade e inova\u00e7\u00e3o. Cada m\u00e1quina de corte de n\u00facleo de papel com v\u00e1rias l\u00e2minas \u00e9 testada antes do envio. O atendimento ao cliente \u00e9 r\u00e1pido e prestativo.","keywords":null,"keyphrases":{"focus":{"keyphrase":"paper core cutting machine","score":100,"analysis":{"keyphraseInTitle":{"score":9,"maxScore":9,"error":0},"keyphraseInDescription":{"score":9,"maxScore":9,"error":0},"keyphraseLength":{"score":9,"maxScore":9,"error":0,"length":4},"keyphraseInURL":{"score":5,"maxScore":5,"error":0},"keyphraseInIntroduction":{"score":9,"maxScore":9,"error":0},"keyphraseInSubHeadings":{"score":9,"maxScore":9,"error":0},"keyphraseInImageAlt":[],"keywordDensity":{"type":"best","score":9,"maxScore":9,"error":0}}},"additional":[]},"primary_term":null,"canonical_url":null,"og_title":null,"og_description":null,"og_object_type":"default","og_image_type":"custom_image","og_image_url":"https:\/\/nrcmachine.com\/wp-content\/uploads\/2026\/01\/Multi-Blades-Paper-Core-Cutting-Machine-3.webp","og_image_width":"1000","og_image_height":"563","og_image_custom_url":"https:\/\/nrcmachine.com\/wp-content\/uploads\/2026\/01\/Multi-Blades-Paper-Core-Cutting-Machine-3.webp","og_image_custom_fields":null,"og_video":"","og_custom_url":null,"og_article_section":null,"og_article_tags":null,"twitter_use_og":false,"twitter_card":"default","twitter_image_type":"default","twitter_image_url":null,"twitter_image_custom_url":null,"twitter_image_custom_fields":null,"twitter_title":null,"twitter_description":null,"schema":{"blockGraphs":[],"customGraphs":[],"default":{"data":{"Article":[],"Course":[],"Dataset":[],"FAQPage":[],"Movie":[],"Person":[],"Product":[],"ProductReview":[],"Car":[],"Recipe":[],"Service":[],"SoftwareApplication":[],"WebPage":[]},"graphName":"ItemPage","isEnabled":true},"graphs":[]},"schema_type":"default","schema_type_options":null,"pillar_content":false,"robots_default":true,"robots_noindex":false,"robots_noarchive":false,"robots_nosnippet":false,"robots_nofollow":false,"robots_noimageindex":false,"robots_noodp":false,"robots_notranslate":false,"robots_max_snippet":"-1","robots_max_videopreview":"-1","robots_max_imagepreview":"large","priority":null,"frequency":"default","local_seo":null,"seo_analyzer_scan_date":"2026-02-13 02:04:08","breadcrumb_settings":null,"limit_modified_date":false,"reviewed_by":null,"open_ai":null,"ai":{"faqs":[],"keyPoints":[],"titles":[],"descriptions":[],"socialPosts":{"email":[],"linkedin":[],"twitter":[],"facebook":[],"instagram":[]}},"created":"2026-01-08 03:24:19","updated":"2026-02-13 07:06:58"},"aioseo_breadcrumb":"<div class=\"aioseo-breadcrumbs\"><span class=\"aioseo-breadcrumb\">\n\t<a href=\"https:\/\/nrcmachine.com\/pt\" title=\"Home\">Home<\/a>\n<\/span><span class=\"aioseo-breadcrumb-separator\">\u00bb<\/span><span class=\"aioseo-breadcrumb\">\n\t<a href=\"https:\/\/nrcmachine.com\/pt\/product\/\" title=\"Products\">Products<\/a>\n<\/span><span class=\"aioseo-breadcrumb-separator\">\u00bb<\/span><span class=\"aioseo-breadcrumb\">\n\t<a href=\"https:\/\/nrcmachine.com\/pt\/tag\/paper-tube-cutting-machine\/\" title=\"paper tube cutting machine\">paper tube cutting machine<\/a>\n<\/span><span class=\"aioseo-breadcrumb-separator\">\u00bb<\/span><span class=\"aioseo-breadcrumb\">\n\tMulti Blades Paper Core Cutting Machine\n<\/span><\/div>","aioseo_breadcrumb_json":[{"label":"Home","link":"https:\/\/nrcmachine.com\/pt"},{"label":"Products","link":"https:\/\/nrcmachine.com\/pt\/product\/"},{"label":"paper tube cutting machine","link":"https:\/\/nrcmachine.com\/pt\/tag\/paper-tube-cutting-machine\/"},{"label":"Multi Blades Paper Core Cutting Machine","link":"https:\/\/nrcmachine.com\/pt\/product\/multi-blades-paper-core-cutting-machine\/"}],"_links":{"self":[{"href":"https:\/\/nrcmachine.com\/pt\/wp-json\/wp\/v2\/product\/3829","targetHints":{"allow":["GET"]}}],"collection":[{"href":"https:\/\/nrcmachine.com\/pt\/wp-json\/wp\/v2\/product"}],"about":[{"href":"https:\/\/nrcmachine.com\/pt\/wp-json\/wp\/v2\/types\/product"}],"version-history":[{"count":0,"href":"https:\/\/nrcmachine.com\/pt\/wp-json\/wp\/v2\/product\/3829\/revisions"}],"wp:featuredmedia":[{"embeddable":true,"href":"https:\/\/nrcmachine.com\/pt\/wp-json\/wp\/v2\/media\/3830"}],"wp:attachment":[{"href":"https:\/\/nrcmachine.com\/pt\/wp-json\/wp\/v2\/media?parent=3829"}],"wp:term":[{"taxonomy":"post_tag","embeddable":true,"href":"https:\/\/nrcmachine.com\/pt\/wp-json\/wp\/v2\/tags?post=3829"},{"taxonomy":"products","embeddable":true,"href":"https:\/\/nrcmachine.com\/pt\/wp-json\/wp\/v2\/products?post=3829"}],"curies":[{"name":"wp","href":"https:\/\/api.w.org\/{rel}","templated":true}]}}