 {"id":1794,"date":"2025-11-03T14:02:47","date_gmt":"2025-11-03T06:02:47","guid":{"rendered":"https:\/\/nrcmachine.com\/?post_type=product&#038;p=1794"},"modified":"2026-01-03T14:24:04","modified_gmt":"2026-01-03T06:24:04","slug":"adhesive-tape-making-machine","status":"publish","type":"product","link":"https:\/\/nrcmachine.com\/tr\/product\/adhesive-tape-making-machine\/","title":{"rendered":"NRC1300 Yap\u0131\u015fkan Bant Yapma Makinesi"},"content":{"rendered":"<h3 style=\"text-align: center;\"><strong>NRC1300 Model Yap\u0131\u015fkan Bant Yapma Makinesi: Komple \u00dcretim \u00c7\u00f6z\u00fcm\u00fc<\/strong><\/h3>\n<div class=\"ast-oembed-container\" style=\"height: 100%;\"><iframe title=\"\u0130\u015f fikirleri s\u0131cak en iyi fiyat ile yap\u0131\u015fkan bant yapma makinesi i\u00e7in sat\u0131yor\" width=\"500\" height=\"281\" src=\"https:\/\/www.youtube.com\/embed\/lkoOTUXVQuk?feature=oembed\" frameborder=\"0\" allow=\"accelerometer; autoplay; clipboard-write; encrypted-media; gyroscope; picture-in-picture; web-share\" referrerpolicy=\"strict-origin-when-cross-origin\" allowfullscreen><\/iframe><\/div>\n<ol>\n<li>\n<h4><strong> NRC1300 Sistemine Genel Bak\u0131\u015f<\/strong><\/h4>\n<p>NRC1300 modeli <a href=\"https:\/\/youtu.be\/lkoOTUXVQuk?si=R9OZSgkQNlUNUu_E\">yap\u0131\u015fkan bant yapma makinesi<\/a> jumbo bant rulolar\u0131n\u0131 daha k\u00fc\u00e7\u00fck, pazara haz\u0131r rulolara d\u00f6n\u00fc\u015ft\u00fcrmek i\u00e7in tasarlanm\u0131\u015f y\u00fcksek verimli, tam entegre bir sistemdir. Bu geli\u015fmi\u015f makine paketi, bir kesici ve sar\u0131c\u0131, bir ka\u011f\u0131t g\u00f6bek kesici ve hassas kontrol sistemleri i\u00e7erir, bu da onu orta ila b\u00fcy\u00fck \u00f6l\u00e7ekli yap\u0131\u015fkan bant \u00fcretim operasyonlar\u0131 i\u00e7in ideal hale getirir. G\u00fcvenilirlik ve tutarl\u0131l\u0131k i\u00e7in tasarlanan NRC1300, m\u00fckemmel kesim kalitesini ve rulo homojenli\u011fini korurken y\u00fcksek h\u0131zl\u0131 performans sa\u011flar.<\/li>\n<li>\n<h4><strong> Temel Bile\u015fenler ve \u0130\u015flevler<\/strong><\/h4>\n<\/li>\n<\/ol>\n<ul>\n<li><strong>Kesici ve Sar\u0131c\u0131 \u00dcnitesi<\/strong>: Bu \u00e7ekirdek bile\u015fen, geni\u015f jumbo rulolar\u0131 m\u00fc\u015fteri spesifikasyonlar\u0131na g\u00f6re daha dar geni\u015fliklere hassas bir \u015fekilde keser. Jilet keskinli\u011finde d\u00f6ner b\u0131\u00e7aklar ve gerilim kontroll\u00fc geri sarma ile donat\u0131lm\u0131\u015f olan bu makine, temiz, \u00e7apaks\u0131z kenarlar ve tutarl\u0131 rulo s\u0131k\u0131l\u0131\u011f\u0131 sa\u011flar. Makine de\u011fi\u015fken h\u0131z kontrol\u00fcn\u00fc destekleyerek operat\u00f6rlerin malzeme t\u00fcr\u00fc ve kal\u0131nl\u0131\u011f\u0131na g\u00f6re \u00fcretim oranlar\u0131n\u0131 optimize etmesini sa\u011flar.<\/li>\n<li><strong>Ka\u011f\u0131t \u00c7ekirdek Kesici<\/strong>: Sisteme entegre edilen ka\u011f\u0131t g\u00f6bek kesici, standart stoktan otomatik olarak \u00f6zel uzunlukta ka\u011f\u0131t g\u00f6bekler \u00fcretir. Bu, rulo boyutlar\u0131yla m\u00fckemmel hizalama sa\u011flar ve manuel ma\u00e7a haz\u0131rl\u0131\u011f\u0131n\u0131 ortadan kald\u0131rarak \u00fcretim verimlili\u011fini art\u0131r\u0131r.<\/li>\n<li><strong>\u00c7\u00f6zme ve Geri Sarma \u0130stasyonlar\u0131<\/strong>: Sistem, h\u0131zl\u0131 rulo de\u011fi\u015fimleri i\u00e7in pn\u00f6matik \u015faftlara sahiptir ve duru\u015f s\u00fcresini azalt\u0131r. Otomatik gerilim kontrol\u00fc, dilme ve geri sarma i\u015flemi boyunca malzeme stabilitesini korur.<\/li>\n<\/ul>\n<ol start=\"3\">\n<li>\n<h4><strong> Teknik Avantajlar<\/strong><\/h4>\n<p>NRC1300, ger\u00e7ek zamanl\u0131 izleme i\u00e7in dijital uzunluk saya\u00e7lar\u0131, dokunmatik ekran kontrolleri ve ar\u0131za tespit sistemleri sunar. BOPP, PVC ve \u00e7ift tarafl\u0131 bantlar dahil olmak \u00fczere \u00e7e\u015fitli yap\u0131\u015fkan malzemeleri bar\u0131nd\u0131r\u0131r ve 5 mm'den 1.300 mm'ye kadar ayarlanabilir dilme geni\u015fliklerine sahiptir.<\/li>\n<li>\n<h4><strong> Uygulamalar ve Faydalar<\/strong><\/h4>\n<p>Ambalaj, k\u0131rtasiye ve end\u00fcstriyel sekt\u00f6rlerde yayg\u0131n olarak kullan\u0131lan NRC1300 <a href=\"https:\/\/nrcmachine.com\/product\/automatic-adhesive-tape-film-slitting-machine\/\">yap\u0131\u015fkan bant yapma makinesi<\/a> \u00fcretkenli\u011fi art\u0131r\u0131r, malzeme israf\u0131n\u0131 azalt\u0131r ve tek tip \u00fcr\u00fcn kalitesi sa\u011flar. Kompakt tasar\u0131m\u0131 ve kullan\u0131c\u0131 dostu aray\u00fcz\u00fc, operasyonlar\u0131 verimli bir \u015fekilde \u00f6l\u00e7eklendirmeyi ama\u00e7layan bant \u00fcreticileri i\u00e7in ak\u0131ll\u0131 bir yat\u0131r\u0131md\u0131r.<\/li>\n<\/ol>","protected":false},"featured_media":1788,"template":"","meta":{"_acf_changed":false,"_monsterinsights_skip_tracking":false,"_monsterinsights_sitenote_active":false,"_monsterinsights_sitenote_note":"","_monsterinsights_sitenote_category":0,"site-sidebar-layout":"default","site-content-layout":"","ast-site-content-layout":"default","site-content-style":"default","site-sidebar-style":"default","ast-global-header-display":"","ast-banner-title-visibility":"","ast-main-header-display":"","ast-hfb-above-header-display":"","ast-hfb-below-header-display":"","ast-hfb-mobile-header-display":"","site-post-title":"","ast-breadcrumbs-content":"","ast-featured-img":"","footer-sml-layout":"","theme-transparent-header-meta":"default","adv-header-id-meta":"","stick-header-meta":"default","header-above-stick-meta":"","header-main-stick-meta":"","header-below-stick-meta":"","astra-migrate-meta-layouts":"set","ast-page-background-enabled":"default","ast-page-background-meta":{"desktop":{"background-color":"var(--ast-global-color-4)","background-image":"","background-repeat":"repeat","background-position":"center center","background-size":"auto","background-attachment":"scroll","background-type":"","background-media":"","overlay-type":"","overlay-color":"","overlay-opacity":"","overlay-gradient":""},"tablet":{"background-color":"","background-image":"","background-repeat":"repeat","background-position":"center center","background-size":"auto","background-attachment":"scroll","background-type":"","background-media":"","overlay-type":"","overlay-color":"","overlay-opacity":"","overlay-gradient":""},"mobile":{"background-color":"","background-image":"","background-repeat":"repeat","background-position":"center center","background-size":"auto","background-attachment":"scroll","background-type":"","background-media":"","overlay-type":"","overlay-color":"","overlay-opacity":"","overlay-gradient":""}},"ast-content-background-meta":{"desktop":{"background-color":"var(--ast-global-color-5)","background-image":"","background-repeat":"repeat","background-position":"center center","background-size":"auto","background-attachment":"scroll","background-type":"","background-media":"","overlay-type":"","overlay-color":"","overlay-opacity":"","overlay-gradient":""},"tablet":{"background-color":"var(--ast-global-color-5)","background-image":"","background-repeat":"repeat","background-position":"center center","background-size":"auto","background-attachment":"scroll","background-type":"","background-media":"","overlay-type":"","overlay-color":"","overlay-opacity":"","overlay-gradient":""},"mobile":{"background-color":"var(--ast-global-color-5)","background-image":"","background-repeat":"repeat","background-position":"center center","background-size":"auto","background-attachment":"scroll","background-type":"","background-media":"","overlay-type":"","overlay-color":"","overlay-opacity":"","overlay-gradient":""}}},"tags":[65],"products":[63],"class_list":["post-1794","product","type-product","status-publish","has-post-thumbnail","hentry","tag-adhesive-tape-making-machine","products-adhesive-tape-making-machine"],"acf":[],"aioseo_notices":[],"aioseo_head":"\n\t\t<!-- All in One SEO Pro 4.9.2 - aioseo.com -->\n\t<meta name=\"description\" content=\"NRC1300 model adhesive tape making machine is a high-efficiency, fully system designed for converting jumbo tape rolls into smaller, market-ready rolls.\" \/>\n\t<meta name=\"robots\" content=\"noodp, max-snippet:-1, max-image-preview:large, max-video-preview:-1\" \/>\n\t<link rel=\"canonical\" href=\"https:\/\/nrcmachine.com\/tr\/product\/adhesive-tape-making-machine\/\" \/>\n\t<meta name=\"generator\" content=\"All in One SEO Pro (AIOSEO) 4.9.2\" \/>\n\t\t<meta property=\"og:locale\" content=\"tr_TR\" \/>\n\t\t<meta property=\"og:site_name\" content=\"Toilet Paper Machine, Paper Tube Machine | NRC Machine - Reliable Paper Machinery Solutions\" \/>\n\t\t<meta property=\"og:type\" content=\"article\" \/>\n\t\t<meta property=\"og:title\" content=\"NRC1300 Adhesive Tape Making Machine - QINGDAO NEW RICHUAN\" \/>\n\t\t<meta property=\"og:description\" content=\"NRC1300 model adhesive tape making machine is a high-efficiency, fully system designed for converting jumbo tape rolls into smaller, market-ready rolls.\" \/>\n\t\t<meta property=\"og:url\" content=\"https:\/\/nrcmachine.com\/tr\/product\/adhesive-tape-making-machine\/\" \/>\n\t\t<meta property=\"og:image\" content=\"https:\/\/nrcmachine.com\/wp-content\/uploads\/2025\/11\/Tape-making-machine.webp\" \/>\n\t\t<meta property=\"og:image:secure_url\" content=\"https:\/\/nrcmachine.com\/wp-content\/uploads\/2025\/11\/Tape-making-machine.webp\" \/>\n\t\t<meta property=\"og:image:width\" content=\"500\" \/>\n\t\t<meta property=\"og:image:height\" content=\"500\" \/>\n\t\t<meta property=\"article:published_time\" content=\"2025-11-03T06:02:47+00:00\" \/>\n\t\t<meta property=\"article:modified_time\" content=\"2026-01-03T06:24:04+00:00\" \/>\n\t\t<meta property=\"article:publisher\" content=\"https:\/\/www.facebook.com\/james.gao.349938\" \/>\n\t\t<meta name=\"twitter:card\" content=\"summary\" \/>\n\t\t<meta name=\"twitter:site\" content=\"@JamesGao65335\" \/>\n\t\t<meta name=\"twitter:title\" content=\"NRC1300 Adhesive Tape Making Machine - QINGDAO NEW RICHUAN\" \/>\n\t\t<meta name=\"twitter:description\" content=\"NRC1300 model adhesive tape making machine is a high-efficiency, fully system designed for converting jumbo tape rolls into smaller, market-ready rolls.\" \/>\n\t\t<meta name=\"twitter:image\" content=\"https:\/\/nrcmachine.com\/wp-content\/uploads\/2025\/11\/Tape-making-machine.webp\" \/>\n\t\t<script type=\"application\/ld+json\" class=\"aioseo-schema\">\n\t\t\t{\"@context\":\"https:\\\/\\\/schema.org\",\"@graph\":[{\"@type\":\"BreadcrumbList\",\"@id\":\"https:\\\/\\\/nrcmachine.com\\\/tr\\\/product\\\/adhesive-tape-making-machine\\\/#breadcrumblist\",\"itemListElement\":[{\"@type\":\"ListItem\",\"@id\":\"https:\\\/\\\/nrcmachine.com\\\/tr#listItem\",\"position\":1,\"name\":\"Home\",\"item\":\"https:\\\/\\\/nrcmachine.com\\\/tr\",\"nextItem\":{\"@type\":\"ListItem\",\"@id\":\"https:\\\/\\\/nrcmachine.com\\\/tr\\\/product\\\/#listItem\",\"name\":\"Products\"}},{\"@type\":\"ListItem\",\"@id\":\"https:\\\/\\\/nrcmachine.com\\\/tr\\\/product\\\/#listItem\",\"position\":2,\"name\":\"Products\",\"item\":\"https:\\\/\\\/nrcmachine.com\\\/tr\\\/product\\\/\",\"nextItem\":{\"@type\":\"ListItem\",\"@id\":\"https:\\\/\\\/nrcmachine.com\\\/tr\\\/tag\\\/adhesive-tape-making-machine\\\/#listItem\",\"name\":\"Adhesive tape making machine\"},\"previousItem\":{\"@type\":\"ListItem\",\"@id\":\"https:\\\/\\\/nrcmachine.com\\\/tr#listItem\",\"name\":\"Home\"}},{\"@type\":\"ListItem\",\"@id\":\"https:\\\/\\\/nrcmachine.com\\\/tr\\\/tag\\\/adhesive-tape-making-machine\\\/#listItem\",\"position\":3,\"name\":\"Adhesive tape making machine\",\"item\":\"https:\\\/\\\/nrcmachine.com\\\/tr\\\/tag\\\/adhesive-tape-making-machine\\\/\",\"nextItem\":{\"@type\":\"ListItem\",\"@id\":\"https:\\\/\\\/nrcmachine.com\\\/tr\\\/product\\\/adhesive-tape-making-machine\\\/#listItem\",\"name\":\"NRC1300 Adhesive Tape Making Machine\"},\"previousItem\":{\"@type\":\"ListItem\",\"@id\":\"https:\\\/\\\/nrcmachine.com\\\/tr\\\/product\\\/#listItem\",\"name\":\"Products\"}},{\"@type\":\"ListItem\",\"@id\":\"https:\\\/\\\/nrcmachine.com\\\/tr\\\/product\\\/adhesive-tape-making-machine\\\/#listItem\",\"position\":4,\"name\":\"NRC1300 Adhesive Tape Making Machine\",\"previousItem\":{\"@type\":\"ListItem\",\"@id\":\"https:\\\/\\\/nrcmachine.com\\\/tr\\\/tag\\\/adhesive-tape-making-machine\\\/#listItem\",\"name\":\"Adhesive tape making machine\"}}]},{\"@type\":\"Organization\",\"@id\":\"https:\\\/\\\/nrcmachine.com\\\/tr\\\/#organization\",\"name\":\"Toilet Paper Machine, Paper Tube Machine | NRC Machine wordpress\",\"description\":\"Reliable Paper Machinery Solutions\",\"url\":\"https:\\\/\\\/nrcmachine.com\\\/tr\\\/\",\"email\":\"james@nrcmachine.com\",\"telephone\":\"+8615254213289\",\"foundingDate\":\"2023-11-01\",\"numberOfEmployees\":{\"@type\":\"QuantitativeValue\",\"minValue\":1,\"maxValue\":50},\"logo\":{\"@type\":\"ImageObject\",\"url\":\"https:\\\/\\\/nrcmachine.com\\\/wp-content\\\/uploads\\\/2026\\\/01\\\/logo23.png\",\"@id\":\"https:\\\/\\\/nrcmachine.com\\\/tr\\\/product\\\/adhesive-tape-making-machine\\\/#organizationLogo\",\"width\":800,\"height\":800,\"caption\":\"logo for NRC MACHINE\"},\"image\":{\"@id\":\"https:\\\/\\\/nrcmachine.com\\\/tr\\\/product\\\/adhesive-tape-making-machine\\\/#organizationLogo\"},\"sameAs\":[\"https:\\\/\\\/www.facebook.com\\\/james.gao.349938\",\"https:\\\/\\\/x.com\\\/JamesGao65335\",\"https:\\\/\\\/www.instagram.com\\\/jamesgao407?igsh=d2YybzFhMjY0YTl3\",\"https:\\\/\\\/www.tiktok.com\\\/@gyl20210118\",\"https:\\\/\\\/www.linkedin.com\\\/in\\\/--9a63583a9\\\/\"],\"address\":{\"@id\":\"https:\\\/\\\/nrcmachine.com\\\/tr\\\/#postaladdress\",\"@type\":\"PostalAddress\",\"streetAddress\":\"No..519,Jiangshan South Road,Huangdao,\",\"postalCode\":\"266500\",\"addressLocality\":\"Qingdao\",\"addressRegion\":\"Shandong Province\",\"addressCountry\":\"CN\"},\"taxID\":\"91370211MAD54P6P85\",\"vatID\":\"91370211MAD54P6P85\"},{\"@type\":\"WebPage\",\"@id\":\"https:\\\/\\\/nrcmachine.com\\\/tr\\\/product\\\/adhesive-tape-making-machine\\\/#webpage\",\"url\":\"https:\\\/\\\/nrcmachine.com\\\/tr\\\/product\\\/adhesive-tape-making-machine\\\/\",\"name\":\"NRC1300 Adhesive Tape Making Machine - QINGDAO NEW RICHUAN\",\"description\":\"NRC1300 model adhesive tape making machine is a high-efficiency, fully system designed for converting jumbo tape rolls into smaller, market-ready rolls.\",\"inLanguage\":\"tr-TR\",\"isPartOf\":{\"@id\":\"https:\\\/\\\/nrcmachine.com\\\/tr\\\/#website\"},\"breadcrumb\":{\"@id\":\"https:\\\/\\\/nrcmachine.com\\\/tr\\\/product\\\/adhesive-tape-making-machine\\\/#breadcrumblist\"},\"image\":{\"@type\":\"ImageObject\",\"url\":\"https:\\\/\\\/nrcmachine.com\\\/wp-content\\\/uploads\\\/2025\\\/11\\\/Tape-making-machine.webp\",\"@id\":\"https:\\\/\\\/nrcmachine.com\\\/tr\\\/product\\\/adhesive-tape-making-machine\\\/#mainImage\",\"width\":500,\"height\":500,\"caption\":\"adhesive tape making machine\"},\"primaryImageOfPage\":{\"@id\":\"https:\\\/\\\/nrcmachine.com\\\/tr\\\/product\\\/adhesive-tape-making-machine\\\/#mainImage\"},\"datePublished\":\"2025-11-03T14:02:47+08:00\",\"dateModified\":\"2026-01-03T14:24:04+08:00\"},{\"@type\":\"WebSite\",\"@id\":\"https:\\\/\\\/nrcmachine.com\\\/tr\\\/#website\",\"url\":\"https:\\\/\\\/nrcmachine.com\\\/tr\\\/\",\"name\":\"Toilet Paper Machine, Paper Tube Machine | NRC Machine\",\"alternateName\":\"Qingdao New Richuan Precision Machine Co.,Ltd\",\"description\":\"Reliable Paper Machinery Solutions\",\"inLanguage\":\"tr-TR\",\"publisher\":{\"@id\":\"https:\\\/\\\/nrcmachine.com\\\/tr\\\/#organization\"}}]}\n\t\t<\/script>\n\t\t<!-- All in One SEO Pro -->\r\n\t\t<title>NRC1300 Adhesive Tape Making Machine - QINGDAO NEW RICHUAN<\/title>\n\n","aioseo_head_json":{"title":"NRC1300 Yap\u0131\u015fkan Bant Yapma Makinesi - QINGDAO NEW RICHUAN","description":"NRC1300 model yap\u0131\u015fkan bant yapma makinesi, jumbo bant rulolar\u0131n\u0131 daha k\u00fc\u00e7\u00fck, pazara haz\u0131r rulolara d\u00f6n\u00fc\u015ft\u00fcrmek i\u00e7in tasarlanm\u0131\u015f y\u00fcksek verimli, tam bir sistemdir.","canonical_url":"https:\/\/nrcmachine.com\/tr\/product\/adhesive-tape-making-machine\/","robots":"noodp, max-snippet:-1, max-image-preview:large, max-video-preview:-1","keywords":"","webmasterTools":{"miscellaneous":""},"schema":{"@context":"https:\/\/schema.org","@graph":[{"@type":"BreadcrumbList","@id":"https:\/\/nrcmachine.com\/tr\/product\/adhesive-tape-making-machine\/#breadcrumblist","itemListElement":[{"@type":"ListItem","@id":"https:\/\/nrcmachine.com\/tr#listItem","position":1,"name":"Home","item":"https:\/\/nrcmachine.com\/tr","nextItem":{"@type":"ListItem","@id":"https:\/\/nrcmachine.com\/tr\/product\/#listItem","name":"Products"}},{"@type":"ListItem","@id":"https:\/\/nrcmachine.com\/tr\/product\/#listItem","position":2,"name":"Products","item":"https:\/\/nrcmachine.com\/tr\/product\/","nextItem":{"@type":"ListItem","@id":"https:\/\/nrcmachine.com\/tr\/tag\/adhesive-tape-making-machine\/#listItem","name":"Adhesive tape making machine"},"previousItem":{"@type":"ListItem","@id":"https:\/\/nrcmachine.com\/tr#listItem","name":"Home"}},{"@type":"ListItem","@id":"https:\/\/nrcmachine.com\/tr\/tag\/adhesive-tape-making-machine\/#listItem","position":3,"name":"Adhesive tape making machine","item":"https:\/\/nrcmachine.com\/tr\/tag\/adhesive-tape-making-machine\/","nextItem":{"@type":"ListItem","@id":"https:\/\/nrcmachine.com\/tr\/product\/adhesive-tape-making-machine\/#listItem","name":"NRC1300 Adhesive Tape Making Machine"},"previousItem":{"@type":"ListItem","@id":"https:\/\/nrcmachine.com\/tr\/product\/#listItem","name":"Products"}},{"@type":"ListItem","@id":"https:\/\/nrcmachine.com\/tr\/product\/adhesive-tape-making-machine\/#listItem","position":4,"name":"NRC1300 Adhesive Tape Making Machine","previousItem":{"@type":"ListItem","@id":"https:\/\/nrcmachine.com\/tr\/tag\/adhesive-tape-making-machine\/#listItem","name":"Adhesive tape making machine"}}]},{"@type":"Organization","@id":"https:\/\/nrcmachine.com\/tr\/#organization","name":"Toilet Paper Machine, Paper Tube Machine | NRC Machine wordpress","description":"Reliable Paper Machinery Solutions","url":"https:\/\/nrcmachine.com\/tr\/","email":"james@nrcmachine.com","telephone":"+8615254213289","foundingDate":"2023-11-01","numberOfEmployees":{"@type":"QuantitativeValue","minValue":1,"maxValue":50},"logo":{"@type":"ImageObject","url":"https:\/\/nrcmachine.com\/wp-content\/uploads\/2026\/01\/logo23.png","@id":"https:\/\/nrcmachine.com\/tr\/product\/adhesive-tape-making-machine\/#organizationLogo","width":800,"height":800,"caption":"logo for NRC MACHINE"},"image":{"@id":"https:\/\/nrcmachine.com\/tr\/product\/adhesive-tape-making-machine\/#organizationLogo"},"sameAs":["https:\/\/www.facebook.com\/james.gao.349938","https:\/\/x.com\/JamesGao65335","https:\/\/www.instagram.com\/jamesgao407?igsh=d2YybzFhMjY0YTl3","https:\/\/www.tiktok.com\/@gyl20210118","https:\/\/www.linkedin.com\/in\/--9a63583a9\/"],"address":{"@id":"https:\/\/nrcmachine.com\/tr\/#postaladdress","@type":"PostalAddress","streetAddress":"No..519,Jiangshan South Road,Huangdao,","postalCode":"266500","addressLocality":"Qingdao","addressRegion":"Shandong Province","addressCountry":"CN"},"taxID":"91370211MAD54P6P85","vatID":"91370211MAD54P6P85"},{"@type":"WebPage","@id":"https:\/\/nrcmachine.com\/tr\/product\/adhesive-tape-making-machine\/#webpage","url":"https:\/\/nrcmachine.com\/tr\/product\/adhesive-tape-making-machine\/","name":"NRC1300 Adhesive Tape Making Machine - QINGDAO NEW RICHUAN","description":"NRC1300 model adhesive tape making machine is a high-efficiency, fully system designed for converting jumbo tape rolls into smaller, market-ready rolls.","inLanguage":"tr-TR","isPartOf":{"@id":"https:\/\/nrcmachine.com\/tr\/#website"},"breadcrumb":{"@id":"https:\/\/nrcmachine.com\/tr\/product\/adhesive-tape-making-machine\/#breadcrumblist"},"image":{"@type":"ImageObject","url":"https:\/\/nrcmachine.com\/wp-content\/uploads\/2025\/11\/Tape-making-machine.webp","@id":"https:\/\/nrcmachine.com\/tr\/product\/adhesive-tape-making-machine\/#mainImage","width":500,"height":500,"caption":"adhesive tape making machine"},"primaryImageOfPage":{"@id":"https:\/\/nrcmachine.com\/tr\/product\/adhesive-tape-making-machine\/#mainImage"},"datePublished":"2025-11-03T14:02:47+08:00","dateModified":"2026-01-03T14:24:04+08:00"},{"@type":"WebSite","@id":"https:\/\/nrcmachine.com\/tr\/#website","url":"https:\/\/nrcmachine.com\/tr\/","name":"Toilet Paper Machine, Paper Tube Machine | NRC Machine","alternateName":"Qingdao New Richuan Precision Machine Co.,Ltd","description":"Reliable Paper Machinery Solutions","inLanguage":"tr-TR","publisher":{"@id":"https:\/\/nrcmachine.com\/tr\/#organization"}}]},"og:locale":"tr_TR","og:site_name":"Toilet Paper Machine, Paper Tube Machine | NRC Machine - Reliable Paper Machinery Solutions","og:type":"article","og:title":"NRC1300 Adhesive Tape Making Machine - QINGDAO NEW RICHUAN","og:description":"NRC1300 model adhesive tape making machine is a high-efficiency, fully system designed for converting jumbo tape rolls into smaller, market-ready rolls.","og:url":"https:\/\/nrcmachine.com\/tr\/product\/adhesive-tape-making-machine\/","og:image":"https:\/\/nrcmachine.com\/wp-content\/uploads\/2025\/11\/Tape-making-machine.webp","og:image:secure_url":"https:\/\/nrcmachine.com\/wp-content\/uploads\/2025\/11\/Tape-making-machine.webp","og:image:width":500,"og:image:height":500,"article:published_time":"2025-11-03T06:02:47+00:00","article:modified_time":"2026-01-03T06:24:04+00:00","article:publisher":"https:\/\/www.facebook.com\/james.gao.349938","twitter:card":"summary","twitter:site":"@JamesGao65335","twitter:title":"NRC1300 Adhesive Tape Making Machine - QINGDAO NEW RICHUAN","twitter:description":"NRC1300 model adhesive tape making machine is a high-efficiency, fully system designed for converting jumbo tape rolls into smaller, market-ready rolls.","twitter:image":"https:\/\/nrcmachine.com\/wp-content\/uploads\/2025\/11\/Tape-making-machine.webp"},"aioseo_meta_data":{"post_id":"1794","title":"#post_title #separator_sa QINGDAO NEW RICHUAN","description":"NRC1300 model yap\u0131\u015fkan bant yapma makinesi, jumbo bant rulolar\u0131n\u0131 daha k\u00fc\u00e7\u00fck, pazara haz\u0131r rulolara d\u00f6n\u00fc\u015ft\u00fcrmek i\u00e7in tasarlanm\u0131\u015f y\u00fcksek verimli, tam bir sistemdir.","keywords":null,"keyphrases":{"focus":{"keyphrase":"adhesive tape making machine","score":100,"analysis":{"keyphraseInTitle":{"score":9,"maxScore":9,"error":0},"keyphraseInDescription":{"score":9,"maxScore":9,"error":0},"keyphraseLength":{"score":9,"maxScore":9,"error":0,"length":4},"keyphraseInURL":{"score":5,"maxScore":5,"error":0},"keyphraseInIntroduction":{"score":9,"maxScore":9,"error":0},"keyphraseInSubHeadings":{"score":9,"maxScore":9,"error":0},"keyphraseInImageAlt":[],"keywordDensity":{"type":"best","score":9,"maxScore":9,"error":0}}},"additional":[]},"primary_term":null,"canonical_url":null,"og_title":null,"og_description":null,"og_object_type":"default","og_image_type":"default","og_image_url":null,"og_image_width":null,"og_image_height":null,"og_image_custom_url":null,"og_image_custom_fields":null,"og_video":"","og_custom_url":null,"og_article_section":null,"og_article_tags":null,"twitter_use_og":false,"twitter_card":"default","twitter_image_type":"default","twitter_image_url":null,"twitter_image_custom_url":null,"twitter_image_custom_fields":null,"twitter_title":null,"twitter_description":null,"schema":{"blockGraphs":[],"customGraphs":[],"default":{"data":{"Article":[],"Course":[],"Dataset":[],"FAQPage":[],"Movie":[],"Person":[],"Product":[],"ProductReview":[],"Car":[],"Recipe":[],"Service":[],"SoftwareApplication":[],"WebPage":[]},"graphName":"ItemPage","isEnabled":true},"graphs":[]},"schema_type":"default","schema_type_options":null,"pillar_content":false,"robots_default":true,"robots_noindex":false,"robots_noarchive":false,"robots_nosnippet":false,"robots_nofollow":false,"robots_noimageindex":false,"robots_noodp":false,"robots_notranslate":false,"robots_max_snippet":"-1","robots_max_videopreview":"-1","robots_max_imagepreview":"large","priority":null,"frequency":"default","local_seo":null,"seo_analyzer_scan_date":"2026-02-13 03:35:55","breadcrumb_settings":null,"limit_modified_date":false,"reviewed_by":null,"open_ai":null,"ai":{"faqs":[],"keyPoints":[],"titles":[],"descriptions":[],"socialPosts":{"email":[],"linkedin":[],"twitter":[],"facebook":[],"instagram":[]}},"created":"2025-12-11 08:37:20","updated":"2026-02-13 06:50:01"},"aioseo_breadcrumb":"<div class=\"aioseo-breadcrumbs\"><span class=\"aioseo-breadcrumb\">\n\t<a href=\"https:\/\/nrcmachine.com\/tr\" title=\"Home\">Home<\/a>\n<\/span><span class=\"aioseo-breadcrumb-separator\">\u00bb<\/span><span class=\"aioseo-breadcrumb\">\n\t<a href=\"https:\/\/nrcmachine.com\/tr\/product\/\" title=\"Products\">Products<\/a>\n<\/span><span class=\"aioseo-breadcrumb-separator\">\u00bb<\/span><span class=\"aioseo-breadcrumb\">\n\t<a href=\"https:\/\/nrcmachine.com\/tr\/tag\/adhesive-tape-making-machine\/\" title=\"Adhesive tape making machine\">Adhesive tape making machine<\/a>\n<\/span><span class=\"aioseo-breadcrumb-separator\">\u00bb<\/span><span class=\"aioseo-breadcrumb\">\n\tNRC1300 Adhesive Tape Making Machine\n<\/span><\/div>","aioseo_breadcrumb_json":[{"label":"Home","link":"https:\/\/nrcmachine.com\/tr"},{"label":"Products","link":"https:\/\/nrcmachine.com\/tr\/product\/"},{"label":"Adhesive tape making machine","link":"https:\/\/nrcmachine.com\/tr\/tag\/adhesive-tape-making-machine\/"},{"label":"NRC1300 Adhesive Tape Making Machine","link":"https:\/\/nrcmachine.com\/tr\/product\/adhesive-tape-making-machine\/"}],"_links":{"self":[{"href":"https:\/\/nrcmachine.com\/tr\/wp-json\/wp\/v2\/product\/1794","targetHints":{"allow":["GET"]}}],"collection":[{"href":"https:\/\/nrcmachine.com\/tr\/wp-json\/wp\/v2\/product"}],"about":[{"href":"https:\/\/nrcmachine.com\/tr\/wp-json\/wp\/v2\/types\/product"}],"version-history":[{"count":0,"href":"https:\/\/nrcmachine.com\/tr\/wp-json\/wp\/v2\/product\/1794\/revisions"}],"wp:featuredmedia":[{"embeddable":true,"href":"https:\/\/nrcmachine.com\/tr\/wp-json\/wp\/v2\/media\/1788"}],"wp:attachment":[{"href":"https:\/\/nrcmachine.com\/tr\/wp-json\/wp\/v2\/media?parent=1794"}],"wp:term":[{"taxonomy":"post_tag","embeddable":true,"href":"https:\/\/nrcmachine.com\/tr\/wp-json\/wp\/v2\/tags?post=1794"},{"taxonomy":"products","embeddable":true,"href":"https:\/\/nrcmachine.com\/tr\/wp-json\/wp\/v2\/products?post=1794"}],"curies":[{"name":"wp","href":"https:\/\/api.w.org\/{rel}","templated":true}]}}