 {"id":1804,"date":"2025-11-03T16:40:14","date_gmt":"2025-11-03T08:40:14","guid":{"rendered":"https:\/\/nrcmachine.com\/?post_type=product&#038;p=1804"},"modified":"2026-03-11T18:21:02","modified_gmt":"2026-03-11T10:21:02","slug":"a4-paper-reams-making-machine","status":"publish","type":"product","link":"https:\/\/nrcmachine.com\/tr\/product\/a4-paper-reams-making-machine\/","title":{"rendered":"A4 Ka\u011f\u0131t Paketleri \u00dcretme Makinesi"},"content":{"rendered":"<h4 style=\"text-align: center;\"><strong>A4 Ka\u011f\u0131t Tomar Yapma Makinesi: Jumbo Rulolardan Bitmi\u015f Tomarlara<\/strong><\/h4>\n<div class=\"ast-oembed-container\" style=\"height: 100%;\"><iframe title=\"\u0130ki Rulo A4 Ka\u011f\u0131t Kesme Paketleme Makinesi\" width=\"500\" height=\"281\" src=\"https:\/\/www.youtube.com\/embed\/pDZkQF6S0oM?feature=oembed\" frameborder=\"0\" allow=\"accelerometer; autoplay; clipboard-write; encrypted-media; gyroscope; picture-in-picture; web-share\" referrerpolicy=\"strict-origin-when-cross-origin\" allowfullscreen><\/iframe><\/div>\n<ol>\n<li>\n<h4><strong> a4 ka\u011f\u0131t tomarlar\u0131 yapma makinesinin tan\u0131t\u0131m\u0131<\/strong><\/h4>\n<p>O <a href=\"https:\/\/nrcmachine.com\/products\/a4-paper-reams-making-machine\/\">A4 ka\u011f\u0131t tomar\u0131 yapma makinesi<\/a> b\u00fcy\u00fck jumbo rulolar\u0131 standart A4 boyutlu ka\u011f\u0131t tomarlar\u0131na d\u00f6n\u00fc\u015ft\u00fcrmek i\u00e7in tasarlanm\u0131\u015f \u00f6zel bir \u00fcretim hatt\u0131d\u0131r. Jumbo rulo geni\u015fli\u011fi 1100 mm olan bu sistem, ofis, bask\u0131 ve ticari kullan\u0131m i\u00e7in ka\u011f\u0131tlar\u0131 verimli bir \u015fekilde i\u015fleyerek y\u00fcksek hassasiyet ve tutarl\u0131l\u0131k sa\u011flar.<\/li>\n<li>\n<h4><strong> \u00c7\u00f6z\u00fclme A\u015famas\u0131<\/strong><\/h4>\n<p>\u0130\u015flem 1100 mm geni\u015fli\u011findeki jumbo rulonun \u00e7\u00f6z\u00fclmesiyle ba\u015flar. A\u00e7\u0131c\u0131 \u00fcnite b\u00fcy\u00fck ruloyu g\u00fcvenli bir \u015fekilde tutar ve ka\u011f\u0131d\u0131 s\u00fcrekli olarak bir sonraki a\u015famaya besler. Otomatik gerilim kontrol\u00fc, d\u00fczg\u00fcn ve y\u0131rt\u0131lmas\u0131z besleme sa\u011flayarak tutarl\u0131 ka\u011f\u0131t kalitesini korur.<\/li>\n<li>\n<h4><strong> Dilme \u0130\u015flemi<\/strong><\/h4>\n<p>1100 mm'lik a\u011f daha sonra <a href='https:\/\/nrcmachine.com\/product\/roll-rewinder-paper-slitting-machine\/'>A4 ka\u011f\u0131da kar\u015f\u0131l\u0131k gelen daha dar geni\u015fliklerde kesilmi\u015f<\/a> (210 mm). Hassas d\u00f6ner kesiciler ka\u011f\u0131d\u0131 \u00e7oklu paralel \u015feritler halinde keser. 1100 mm i\u00e7in, ge\u00e7i\u015f ba\u015f\u0131na be\u015f adede kadar A4 geni\u015fli\u011finde \u015ferit \u00fcretilebilir ve malzeme kullan\u0131m\u0131 en \u00fcst d\u00fczeye \u00e7\u0131kar\u0131l\u0131r.<\/li>\n<li>\n<h4><strong> Boy Kesme<\/strong><\/h4>\n<p>Dilme i\u015fleminden sonra, s\u00fcrekli \u015feritler A4 kesme makinesine girer. Burada bir giyotin veya d\u00f6ner kesici ka\u011f\u0131d\u0131 standart A4 uzunlu\u011funda (297 mm) keser. Y\u00fcksek h\u0131zl\u0131 sens\u00f6rler ve enkoderler, uluslararas\u0131 standartlar\u0131 kar\u015f\u0131layan kesin boyutlar ve kare kenarlar sa\u011flar.<\/li>\n<li>\n<h4><strong> \u0130stifleme ve Sayma<\/strong><\/h4>\n<p>Kesilen A4 sayfalar, d\u00fczg\u00fcn bir \u015fekilde hizalan\u0131p istiflendikleri bir istifleme \u00fcnitesine ta\u015f\u0131n\u0131r. Elektronik bir saya\u00e7, her istifin tam olarak 500 yaprak i\u00e7ermesini ve bir tomar olu\u015fturmas\u0131n\u0131 sa\u011flar. \u0130stifleme hassasiyeti yanl\u0131\u015f hizalamay\u0131 ve k\u0131vr\u0131lmay\u0131 \u00f6nler.<\/li>\n<li>\n<h4><strong> Paketleme ve \u00c7\u0131kt\u0131<\/strong><\/h4>\n<p>Son olarak <a href='https:\/\/nrcmachine.com\/how-to-start-a4-paper-business\/'>tamamlanan tomarlar koruyucu ka\u011f\u0131t ile sar\u0131l\u0131r<\/a> veya film, genellikle otomatik paketleme makineleri kullan\u0131larak. Markalama ve spesifikasyonlar i\u00e7in etiketler yap\u0131\u015ft\u0131r\u0131l\u0131r. Bitmi\u015f A4 tomarlar\u0131 daha sonra depolama veya sevkiyat i\u00e7in paletlenir.<\/li>\n<li>\n<h4><strong> \u00c7\u00f6z\u00fcm<\/strong><\/h4>\n<p>1100 mm'lik jumbo rulolardan bozulmam\u0131\u015f A4 tomarlar\u0131na kadar, bu otomatik <a href=\"https:\/\/youtu.be\/pDZkQF6S0oM\">a4 ka\u011f\u0131t tomarlar\u0131 yapma makinesi hatt\u0131<\/a> verimlilik, do\u011fruluk ve y\u00fcksek \u00e7\u0131kt\u0131 sa\u011flar. Standart ofis ka\u011f\u0131d\u0131na y\u00f6nelik k\u00fcresel talebi kar\u015f\u0131lamay\u0131 ama\u00e7layan ka\u011f\u0131t fabrikalar\u0131 ve d\u00f6n\u00fc\u015ft\u00fcr\u00fcc\u00fcler i\u00e7in idealdir.<\/li>\n<\/ol>","protected":false},"featured_media":1787,"template":"","meta":{"_acf_changed":false,"_monsterinsights_skip_tracking":false,"_monsterinsights_sitenote_active":false,"_monsterinsights_sitenote_note":"","_monsterinsights_sitenote_category":0,"site-sidebar-layout":"default","site-content-layout":"","ast-site-content-layout":"default","site-content-style":"default","site-sidebar-style":"default","ast-global-header-display":"","ast-banner-title-visibility":"","ast-main-header-display":"","ast-hfb-above-header-display":"","ast-hfb-below-header-display":"","ast-hfb-mobile-header-display":"","site-post-title":"","ast-breadcrumbs-content":"","ast-featured-img":"","footer-sml-layout":"","theme-transparent-header-meta":"default","adv-header-id-meta":"","stick-header-meta":"default","header-above-stick-meta":"","header-main-stick-meta":"","header-below-stick-meta":"","astra-migrate-meta-layouts":"set","ast-page-background-enabled":"default","ast-page-background-meta":{"desktop":{"background-color":"var(--ast-global-color-4)","background-image":"","background-repeat":"repeat","background-position":"center center","background-size":"auto","background-attachment":"scroll","background-type":"","background-media":"","overlay-type":"","overlay-color":"","overlay-opacity":"","overlay-gradient":""},"tablet":{"background-color":"","background-image":"","background-repeat":"repeat","background-position":"center center","background-size":"auto","background-attachment":"scroll","background-type":"","background-media":"","overlay-type":"","overlay-color":"","overlay-opacity":"","overlay-gradient":""},"mobile":{"background-color":"","background-image":"","background-repeat":"repeat","background-position":"center center","background-size":"auto","background-attachment":"scroll","background-type":"","background-media":"","overlay-type":"","overlay-color":"","overlay-opacity":"","overlay-gradient":""}},"ast-content-background-meta":{"desktop":{"background-color":"var(--ast-global-color-5)","background-image":"","background-repeat":"repeat","background-position":"center center","background-size":"auto","background-attachment":"scroll","background-type":"","background-media":"","overlay-type":"","overlay-color":"","overlay-opacity":"","overlay-gradient":""},"tablet":{"background-color":"var(--ast-global-color-5)","background-image":"","background-repeat":"repeat","background-position":"center center","background-size":"auto","background-attachment":"scroll","background-type":"","background-media":"","overlay-type":"","overlay-color":"","overlay-opacity":"","overlay-gradient":""},"mobile":{"background-color":"var(--ast-global-color-5)","background-image":"","background-repeat":"repeat","background-position":"center center","background-size":"auto","background-attachment":"scroll","background-type":"","background-media":"","overlay-type":"","overlay-color":"","overlay-opacity":"","overlay-gradient":""}}},"tags":[66],"products":[64],"class_list":["post-1804","product","type-product","status-publish","has-post-thumbnail","hentry","tag-a4-paper-making-machine","products-a4-paper-reams-making-machine"],"acf":[],"aioseo_notices":[],"aioseo_head":"\n\t\t<!-- All in One SEO Pro 4.9.2 - aioseo.com -->\n\t<meta name=\"description\" content=\"The A4 paper reams making machine is a specialized production line designed to convert large jumbo rolls into standard A4-sized paper reams.\" \/>\n\t<meta name=\"robots\" content=\"noodp, max-snippet:-1, max-image-preview:large, max-video-preview:-1\" \/>\n\t<link rel=\"canonical\" href=\"https:\/\/nrcmachine.com\/tr\/product\/a4-paper-reams-making-machine\/\" \/>\n\t<meta name=\"generator\" content=\"All in One SEO Pro (AIOSEO) 4.9.2\" \/>\n\t\t<meta property=\"og:locale\" content=\"tr_TR\" \/>\n\t\t<meta property=\"og:site_name\" content=\"Toilet Paper Machine, Paper Tube Machine | NRC Machine - Reliable Paper Machinery Solutions\" \/>\n\t\t<meta property=\"og:type\" content=\"article\" \/>\n\t\t<meta property=\"og:title\" content=\"A4 Paper Reams Making Machine - QINGDAO NEW RICHUAN\" \/>\n\t\t<meta property=\"og:description\" content=\"The A4 paper reams making machine is a specialized production line designed to convert large jumbo rolls into standard A4-sized paper reams.\" \/>\n\t\t<meta property=\"og:url\" content=\"https:\/\/nrcmachine.com\/tr\/product\/a4-paper-reams-making-machine\/\" \/>\n\t\t<meta property=\"og:image\" content=\"https:\/\/nrcmachine.com\/wp-content\/uploads\/2025\/11\/a4-paper-machine.webp\" \/>\n\t\t<meta property=\"og:image:secure_url\" content=\"https:\/\/nrcmachine.com\/wp-content\/uploads\/2025\/11\/a4-paper-machine.webp\" \/>\n\t\t<meta property=\"og:image:width\" content=\"500\" \/>\n\t\t<meta property=\"og:image:height\" content=\"500\" \/>\n\t\t<meta property=\"article:published_time\" content=\"2025-11-03T08:40:14+00:00\" \/>\n\t\t<meta property=\"article:modified_time\" content=\"2026-03-11T10:21:02+00:00\" \/>\n\t\t<meta property=\"article:publisher\" content=\"https:\/\/www.facebook.com\/james.gao.349938\" \/>\n\t\t<meta name=\"twitter:card\" content=\"summary\" \/>\n\t\t<meta name=\"twitter:site\" content=\"@JamesGao65335\" \/>\n\t\t<meta name=\"twitter:title\" content=\"A4 Paper Reams Making Machine - QINGDAO NEW RICHUAN\" \/>\n\t\t<meta name=\"twitter:description\" content=\"The A4 paper reams making machine is a specialized production line designed to convert large jumbo rolls into standard A4-sized paper reams.\" \/>\n\t\t<meta name=\"twitter:image\" content=\"https:\/\/nrcmachine.com\/wp-content\/uploads\/2025\/11\/a4-paper-machine.webp\" \/>\n\t\t<script type=\"application\/ld+json\" class=\"aioseo-schema\">\n\t\t\t{\"@context\":\"https:\\\/\\\/schema.org\",\"@graph\":[{\"@type\":\"BreadcrumbList\",\"@id\":\"https:\\\/\\\/nrcmachine.com\\\/tr\\\/product\\\/a4-paper-reams-making-machine\\\/#breadcrumblist\",\"itemListElement\":[{\"@type\":\"ListItem\",\"@id\":\"https:\\\/\\\/nrcmachine.com\\\/tr#listItem\",\"position\":1,\"name\":\"Home\",\"item\":\"https:\\\/\\\/nrcmachine.com\\\/tr\",\"nextItem\":{\"@type\":\"ListItem\",\"@id\":\"https:\\\/\\\/nrcmachine.com\\\/tr\\\/product\\\/#listItem\",\"name\":\"Products\"}},{\"@type\":\"ListItem\",\"@id\":\"https:\\\/\\\/nrcmachine.com\\\/tr\\\/product\\\/#listItem\",\"position\":2,\"name\":\"Products\",\"item\":\"https:\\\/\\\/nrcmachine.com\\\/tr\\\/product\\\/\",\"nextItem\":{\"@type\":\"ListItem\",\"@id\":\"https:\\\/\\\/nrcmachine.com\\\/tr\\\/tag\\\/a4-paper-making-machine\\\/#listItem\",\"name\":\"A4 Paper Making Machine\"},\"previousItem\":{\"@type\":\"ListItem\",\"@id\":\"https:\\\/\\\/nrcmachine.com\\\/tr#listItem\",\"name\":\"Home\"}},{\"@type\":\"ListItem\",\"@id\":\"https:\\\/\\\/nrcmachine.com\\\/tr\\\/tag\\\/a4-paper-making-machine\\\/#listItem\",\"position\":3,\"name\":\"A4 Paper Making Machine\",\"item\":\"https:\\\/\\\/nrcmachine.com\\\/tr\\\/tag\\\/a4-paper-making-machine\\\/\",\"nextItem\":{\"@type\":\"ListItem\",\"@id\":\"https:\\\/\\\/nrcmachine.com\\\/tr\\\/product\\\/a4-paper-reams-making-machine\\\/#listItem\",\"name\":\"A4 Paper Reams Making Machine\"},\"previousItem\":{\"@type\":\"ListItem\",\"@id\":\"https:\\\/\\\/nrcmachine.com\\\/tr\\\/product\\\/#listItem\",\"name\":\"Products\"}},{\"@type\":\"ListItem\",\"@id\":\"https:\\\/\\\/nrcmachine.com\\\/tr\\\/product\\\/a4-paper-reams-making-machine\\\/#listItem\",\"position\":4,\"name\":\"A4 Paper Reams Making Machine\",\"previousItem\":{\"@type\":\"ListItem\",\"@id\":\"https:\\\/\\\/nrcmachine.com\\\/tr\\\/tag\\\/a4-paper-making-machine\\\/#listItem\",\"name\":\"A4 Paper Making Machine\"}}]},{\"@type\":\"Organization\",\"@id\":\"https:\\\/\\\/nrcmachine.com\\\/tr\\\/#organization\",\"name\":\"Toilet Paper Machine, Paper Tube Machine | NRC Machine wordpress\",\"description\":\"Reliable Paper Machinery Solutions\",\"url\":\"https:\\\/\\\/nrcmachine.com\\\/tr\\\/\",\"email\":\"james@nrcmachine.com\",\"telephone\":\"+8615254213289\",\"foundingDate\":\"2023-11-01\",\"numberOfEmployees\":{\"@type\":\"QuantitativeValue\",\"minValue\":1,\"maxValue\":50},\"logo\":{\"@type\":\"ImageObject\",\"url\":\"https:\\\/\\\/nrcmachine.com\\\/wp-content\\\/uploads\\\/2026\\\/01\\\/logo23.png\",\"@id\":\"https:\\\/\\\/nrcmachine.com\\\/tr\\\/product\\\/a4-paper-reams-making-machine\\\/#organizationLogo\",\"width\":800,\"height\":800,\"caption\":\"logo for NRC MACHINE\"},\"image\":{\"@id\":\"https:\\\/\\\/nrcmachine.com\\\/tr\\\/product\\\/a4-paper-reams-making-machine\\\/#organizationLogo\"},\"sameAs\":[\"https:\\\/\\\/www.facebook.com\\\/james.gao.349938\",\"https:\\\/\\\/x.com\\\/JamesGao65335\",\"https:\\\/\\\/www.instagram.com\\\/jamesgao407?igsh=d2YybzFhMjY0YTl3\",\"https:\\\/\\\/www.tiktok.com\\\/@gyl20210118\",\"https:\\\/\\\/www.linkedin.com\\\/in\\\/--9a63583a9\\\/\"],\"address\":{\"@id\":\"https:\\\/\\\/nrcmachine.com\\\/tr\\\/#postaladdress\",\"@type\":\"PostalAddress\",\"streetAddress\":\"No..519,Jiangshan South Road,Huangdao,\",\"postalCode\":\"266500\",\"addressLocality\":\"Qingdao\",\"addressRegion\":\"Shandong Province\",\"addressCountry\":\"CN\"},\"taxID\":\"91370211MAD54P6P85\",\"vatID\":\"91370211MAD54P6P85\"},{\"@type\":\"WebPage\",\"@id\":\"https:\\\/\\\/nrcmachine.com\\\/tr\\\/product\\\/a4-paper-reams-making-machine\\\/#webpage\",\"url\":\"https:\\\/\\\/nrcmachine.com\\\/tr\\\/product\\\/a4-paper-reams-making-machine\\\/\",\"name\":\"A4 Paper Reams Making Machine - QINGDAO NEW RICHUAN\",\"description\":\"The A4 paper reams making machine is a specialized production line designed to convert large jumbo rolls into standard A4-sized paper reams.\",\"inLanguage\":\"tr-TR\",\"isPartOf\":{\"@id\":\"https:\\\/\\\/nrcmachine.com\\\/tr\\\/#website\"},\"breadcrumb\":{\"@id\":\"https:\\\/\\\/nrcmachine.com\\\/tr\\\/product\\\/a4-paper-reams-making-machine\\\/#breadcrumblist\"},\"image\":{\"@type\":\"ImageObject\",\"url\":\"https:\\\/\\\/nrcmachine.com\\\/wp-content\\\/uploads\\\/2025\\\/11\\\/a4-paper-machine.webp\",\"@id\":\"https:\\\/\\\/nrcmachine.com\\\/tr\\\/product\\\/a4-paper-reams-making-machine\\\/#mainImage\",\"width\":500,\"height\":500,\"caption\":\"a4 paper reams making machine\"},\"primaryImageOfPage\":{\"@id\":\"https:\\\/\\\/nrcmachine.com\\\/tr\\\/product\\\/a4-paper-reams-making-machine\\\/#mainImage\"},\"datePublished\":\"2025-11-03T16:40:14+08:00\",\"dateModified\":\"2026-03-11T18:21:02+08:00\"},{\"@type\":\"WebSite\",\"@id\":\"https:\\\/\\\/nrcmachine.com\\\/tr\\\/#website\",\"url\":\"https:\\\/\\\/nrcmachine.com\\\/tr\\\/\",\"name\":\"Toilet Paper Machine, Paper Tube Machine | NRC Machine\",\"alternateName\":\"Qingdao New Richuan Precision Machine Co.,Ltd\",\"description\":\"Reliable Paper Machinery Solutions\",\"inLanguage\":\"tr-TR\",\"publisher\":{\"@id\":\"https:\\\/\\\/nrcmachine.com\\\/tr\\\/#organization\"}}]}\n\t\t<\/script>\n\t\t<!-- All in One SEO Pro -->\r\n\t\t<title>A4 Paper Reams Making Machine - QINGDAO NEW RICHUAN<\/title>\n\n","aioseo_head_json":{"title":"A4 Ka\u011f\u0131t Tomar Yapma Makinesi - QINGDAO NEW RICHUAN","description":"A4 ka\u011f\u0131t tomar\u0131 yapma makinesi, b\u00fcy\u00fck jumbo rulolar\u0131 standart A4 boyutlu ka\u011f\u0131t tomarlar\u0131na d\u00f6n\u00fc\u015ft\u00fcrmek i\u00e7in tasarlanm\u0131\u015f \u00f6zel bir \u00fcretim hatt\u0131d\u0131r.","canonical_url":"https:\/\/nrcmachine.com\/tr\/product\/a4-paper-reams-making-machine\/","robots":"noodp, max-snippet:-1, max-image-preview:large, max-video-preview:-1","keywords":"","webmasterTools":{"miscellaneous":""},"schema":{"@context":"https:\/\/schema.org","@graph":[{"@type":"BreadcrumbList","@id":"https:\/\/nrcmachine.com\/tr\/product\/a4-paper-reams-making-machine\/#breadcrumblist","itemListElement":[{"@type":"ListItem","@id":"https:\/\/nrcmachine.com\/tr#listItem","position":1,"name":"Home","item":"https:\/\/nrcmachine.com\/tr","nextItem":{"@type":"ListItem","@id":"https:\/\/nrcmachine.com\/tr\/product\/#listItem","name":"Products"}},{"@type":"ListItem","@id":"https:\/\/nrcmachine.com\/tr\/product\/#listItem","position":2,"name":"Products","item":"https:\/\/nrcmachine.com\/tr\/product\/","nextItem":{"@type":"ListItem","@id":"https:\/\/nrcmachine.com\/tr\/tag\/a4-paper-making-machine\/#listItem","name":"A4 Paper Making Machine"},"previousItem":{"@type":"ListItem","@id":"https:\/\/nrcmachine.com\/tr#listItem","name":"Home"}},{"@type":"ListItem","@id":"https:\/\/nrcmachine.com\/tr\/tag\/a4-paper-making-machine\/#listItem","position":3,"name":"A4 Paper Making Machine","item":"https:\/\/nrcmachine.com\/tr\/tag\/a4-paper-making-machine\/","nextItem":{"@type":"ListItem","@id":"https:\/\/nrcmachine.com\/tr\/product\/a4-paper-reams-making-machine\/#listItem","name":"A4 Paper Reams Making Machine"},"previousItem":{"@type":"ListItem","@id":"https:\/\/nrcmachine.com\/tr\/product\/#listItem","name":"Products"}},{"@type":"ListItem","@id":"https:\/\/nrcmachine.com\/tr\/product\/a4-paper-reams-making-machine\/#listItem","position":4,"name":"A4 Paper Reams Making Machine","previousItem":{"@type":"ListItem","@id":"https:\/\/nrcmachine.com\/tr\/tag\/a4-paper-making-machine\/#listItem","name":"A4 Paper Making Machine"}}]},{"@type":"Organization","@id":"https:\/\/nrcmachine.com\/tr\/#organization","name":"Toilet Paper Machine, Paper Tube Machine | NRC Machine wordpress","description":"Reliable Paper Machinery Solutions","url":"https:\/\/nrcmachine.com\/tr\/","email":"james@nrcmachine.com","telephone":"+8615254213289","foundingDate":"2023-11-01","numberOfEmployees":{"@type":"QuantitativeValue","minValue":1,"maxValue":50},"logo":{"@type":"ImageObject","url":"https:\/\/nrcmachine.com\/wp-content\/uploads\/2026\/01\/logo23.png","@id":"https:\/\/nrcmachine.com\/tr\/product\/a4-paper-reams-making-machine\/#organizationLogo","width":800,"height":800,"caption":"logo for NRC MACHINE"},"image":{"@id":"https:\/\/nrcmachine.com\/tr\/product\/a4-paper-reams-making-machine\/#organizationLogo"},"sameAs":["https:\/\/www.facebook.com\/james.gao.349938","https:\/\/x.com\/JamesGao65335","https:\/\/www.instagram.com\/jamesgao407?igsh=d2YybzFhMjY0YTl3","https:\/\/www.tiktok.com\/@gyl20210118","https:\/\/www.linkedin.com\/in\/--9a63583a9\/"],"address":{"@id":"https:\/\/nrcmachine.com\/tr\/#postaladdress","@type":"PostalAddress","streetAddress":"No..519,Jiangshan South Road,Huangdao,","postalCode":"266500","addressLocality":"Qingdao","addressRegion":"Shandong Province","addressCountry":"CN"},"taxID":"91370211MAD54P6P85","vatID":"91370211MAD54P6P85"},{"@type":"WebPage","@id":"https:\/\/nrcmachine.com\/tr\/product\/a4-paper-reams-making-machine\/#webpage","url":"https:\/\/nrcmachine.com\/tr\/product\/a4-paper-reams-making-machine\/","name":"A4 Paper Reams Making Machine - QINGDAO NEW RICHUAN","description":"The A4 paper reams making machine is a specialized production line designed to convert large jumbo rolls into standard A4-sized paper reams.","inLanguage":"tr-TR","isPartOf":{"@id":"https:\/\/nrcmachine.com\/tr\/#website"},"breadcrumb":{"@id":"https:\/\/nrcmachine.com\/tr\/product\/a4-paper-reams-making-machine\/#breadcrumblist"},"image":{"@type":"ImageObject","url":"https:\/\/nrcmachine.com\/wp-content\/uploads\/2025\/11\/a4-paper-machine.webp","@id":"https:\/\/nrcmachine.com\/tr\/product\/a4-paper-reams-making-machine\/#mainImage","width":500,"height":500,"caption":"a4 paper reams making machine"},"primaryImageOfPage":{"@id":"https:\/\/nrcmachine.com\/tr\/product\/a4-paper-reams-making-machine\/#mainImage"},"datePublished":"2025-11-03T16:40:14+08:00","dateModified":"2026-03-11T18:21:02+08:00"},{"@type":"WebSite","@id":"https:\/\/nrcmachine.com\/tr\/#website","url":"https:\/\/nrcmachine.com\/tr\/","name":"Toilet Paper Machine, Paper Tube Machine | NRC Machine","alternateName":"Qingdao New Richuan Precision Machine Co.,Ltd","description":"Reliable Paper Machinery Solutions","inLanguage":"tr-TR","publisher":{"@id":"https:\/\/nrcmachine.com\/tr\/#organization"}}]},"og:locale":"tr_TR","og:site_name":"Toilet Paper Machine, Paper Tube Machine | NRC Machine - Reliable Paper Machinery Solutions","og:type":"article","og:title":"A4 Paper Reams Making Machine - QINGDAO NEW RICHUAN","og:description":"The A4 paper reams making machine is a specialized production line designed to convert large jumbo rolls into standard A4-sized paper reams.","og:url":"https:\/\/nrcmachine.com\/tr\/product\/a4-paper-reams-making-machine\/","og:image":"https:\/\/nrcmachine.com\/wp-content\/uploads\/2025\/11\/a4-paper-machine.webp","og:image:secure_url":"https:\/\/nrcmachine.com\/wp-content\/uploads\/2025\/11\/a4-paper-machine.webp","og:image:width":500,"og:image:height":500,"article:published_time":"2025-11-03T08:40:14+00:00","article:modified_time":"2026-03-11T10:21:02+00:00","article:publisher":"https:\/\/www.facebook.com\/james.gao.349938","twitter:card":"summary","twitter:site":"@JamesGao65335","twitter:title":"A4 Paper Reams Making Machine - QINGDAO NEW RICHUAN","twitter:description":"The A4 paper reams making machine is a specialized production line designed to convert large jumbo rolls into standard A4-sized paper reams.","twitter:image":"https:\/\/nrcmachine.com\/wp-content\/uploads\/2025\/11\/a4-paper-machine.webp"},"aioseo_meta_data":{"post_id":"1804","title":"#post_title #separator_sa QINGDAO NEW RICHUAN","description":"A4 ka\u011f\u0131t tomar\u0131 yapma makinesi, b\u00fcy\u00fck jumbo rulolar\u0131 standart A4 boyutlu ka\u011f\u0131t tomarlar\u0131na d\u00f6n\u00fc\u015ft\u00fcrmek i\u00e7in tasarlanm\u0131\u015f \u00f6zel bir \u00fcretim hatt\u0131d\u0131r.","keywords":null,"keyphrases":{"focus":{"keyphrase":"paper reams making machine","score":100,"analysis":{"keyphraseInTitle":{"score":9,"maxScore":9,"error":0},"keyphraseInDescription":{"score":9,"maxScore":9,"error":0},"keyphraseLength":{"score":9,"maxScore":9,"error":0,"length":4},"keyphraseInURL":{"score":5,"maxScore":5,"error":0},"keyphraseInIntroduction":{"score":9,"maxScore":9,"error":0},"keyphraseInSubHeadings":[],"keyphraseInImageAlt":[],"keywordDensity":{"type":"best","score":9,"maxScore":9,"error":0}}},"additional":[]},"primary_term":null,"canonical_url":null,"og_title":null,"og_description":null,"og_object_type":"default","og_image_type":"default","og_image_url":null,"og_image_width":null,"og_image_height":null,"og_image_custom_url":null,"og_image_custom_fields":null,"og_video":"","og_custom_url":null,"og_article_section":null,"og_article_tags":null,"twitter_use_og":false,"twitter_card":"default","twitter_image_type":"default","twitter_image_url":null,"twitter_image_custom_url":null,"twitter_image_custom_fields":null,"twitter_title":null,"twitter_description":null,"schema":{"blockGraphs":[],"customGraphs":[],"default":{"data":{"Article":[],"Course":[],"Dataset":[],"FAQPage":[],"Movie":[],"Person":[],"Product":[],"ProductReview":[],"Car":[],"Recipe":[],"Service":[],"SoftwareApplication":[],"WebPage":[]},"graphName":"ItemPage","isEnabled":true},"graphs":[]},"schema_type":"default","schema_type_options":null,"pillar_content":false,"robots_default":true,"robots_noindex":false,"robots_noarchive":false,"robots_nosnippet":false,"robots_nofollow":false,"robots_noimageindex":false,"robots_noodp":false,"robots_notranslate":false,"robots_max_snippet":"-1","robots_max_videopreview":"-1","robots_max_imagepreview":"large","priority":null,"frequency":"default","local_seo":null,"seo_analyzer_scan_date":"2026-03-11 10:35:23","breadcrumb_settings":null,"limit_modified_date":false,"reviewed_by":null,"open_ai":null,"ai":{"faqs":[],"keyPoints":[],"titles":[],"descriptions":[],"socialPosts":{"email":[],"linkedin":[],"twitter":[],"facebook":[],"instagram":[]}},"created":"2025-12-11 08:37:20","updated":"2026-04-04 04:08:48"},"aioseo_breadcrumb":"<div class=\"aioseo-breadcrumbs\"><span class=\"aioseo-breadcrumb\">\n\t<a href=\"https:\/\/nrcmachine.com\/tr\" title=\"Home\">Home<\/a>\n<\/span><span class=\"aioseo-breadcrumb-separator\">\u00bb<\/span><span class=\"aioseo-breadcrumb\">\n\t<a href=\"https:\/\/nrcmachine.com\/tr\/product\/\" title=\"Products\">Products<\/a>\n<\/span><span class=\"aioseo-breadcrumb-separator\">\u00bb<\/span><span class=\"aioseo-breadcrumb\">\n\t<a href=\"https:\/\/nrcmachine.com\/tr\/tag\/a4-paper-making-machine\/\" title=\"A4 Paper Making Machine\">A4 Paper Making Machine<\/a>\n<\/span><span class=\"aioseo-breadcrumb-separator\">\u00bb<\/span><span class=\"aioseo-breadcrumb\">\n\tA4 Paper Reams Making Machine\n<\/span><\/div>","aioseo_breadcrumb_json":[{"label":"Home","link":"https:\/\/nrcmachine.com\/tr"},{"label":"Products","link":"https:\/\/nrcmachine.com\/tr\/product\/"},{"label":"A4 Paper Making Machine","link":"https:\/\/nrcmachine.com\/tr\/tag\/a4-paper-making-machine\/"},{"label":"A4 Paper Reams Making Machine","link":"https:\/\/nrcmachine.com\/tr\/product\/a4-paper-reams-making-machine\/"}],"_links":{"self":[{"href":"https:\/\/nrcmachine.com\/tr\/wp-json\/wp\/v2\/product\/1804","targetHints":{"allow":["GET"]}}],"collection":[{"href":"https:\/\/nrcmachine.com\/tr\/wp-json\/wp\/v2\/product"}],"about":[{"href":"https:\/\/nrcmachine.com\/tr\/wp-json\/wp\/v2\/types\/product"}],"version-history":[{"count":2,"href":"https:\/\/nrcmachine.com\/tr\/wp-json\/wp\/v2\/product\/1804\/revisions"}],"predecessor-version":[{"id":6095,"href":"https:\/\/nrcmachine.com\/tr\/wp-json\/wp\/v2\/product\/1804\/revisions\/6095"}],"wp:featuredmedia":[{"embeddable":true,"href":"https:\/\/nrcmachine.com\/tr\/wp-json\/wp\/v2\/media\/1787"}],"wp:attachment":[{"href":"https:\/\/nrcmachine.com\/tr\/wp-json\/wp\/v2\/media?parent=1804"}],"wp:term":[{"taxonomy":"post_tag","embeddable":true,"href":"https:\/\/nrcmachine.com\/tr\/wp-json\/wp\/v2\/tags?post=1804"},{"taxonomy":"products","embeddable":true,"href":"https:\/\/nrcmachine.com\/tr\/wp-json\/wp\/v2\/products?post=1804"}],"curies":[{"name":"wp","href":"https:\/\/api.w.org\/{rel}","templated":true}]}}