 {"id":1911,"date":"2025-11-07T13:29:35","date_gmt":"2025-11-07T05:29:35","guid":{"rendered":"https:\/\/nrcmachine.com\/?post_type=product&#038;p=1911"},"modified":"2026-01-02T12:29:09","modified_gmt":"2026-01-02T04:29:09","slug":"paper-tube-cutting-machine","status":"publish","type":"product","link":"https:\/\/nrcmachine.com\/tr\/product\/paper-tube-cutting-machine\/","title":{"rendered":"Otomatik CNC Ka\u011f\u0131t Boru Kesme Makinesi"},"content":{"rendered":"<h4><strong>\ud83c\udf1fOtomatik CNC <a href=\"https:\/\/nrcmachine.com\/products\/paper-tube-cutting-machine\/\">Ka\u011f\u0131t T\u00fcp Kesme Makinesi<\/a>: Hassasiyet ve Verimlilik Yeniden Tan\u0131mland\u0131!\ud83c\udf1f<\/strong><\/h4>\n<p>Bug\u00fcn, sizlere <a href=\"https:\/\/nrcmachine.com\/products\/paper-tube-cutting-machine\/\"><strong>Otomatik CNC Ka\u011f\u0131t Boru Kesme Makinesi<\/strong><\/a>,Ka\u011f\u0131t t\u00fcp i\u015fleme i\u00e7in ezber bozan bir makine. \u0130ster ambalaj, ister sanat veya \u00fcretim alan\u0131nda olun, bu makine e\u015fsiz bir hassasiyet sunar. Detayl\u0131 teknik \u00f6zelliklerine g\u00f6z atal\u0131m! \u2702\ufe0f<\/p>\n<div class=\"ast-oembed-container\" style=\"height: 100%;\"><iframe title=\"CNC Ka\u011f\u0131t \u00c7ekirdek Kesme Makinesi \/ Ka\u011f\u0131t Boru Kesme Makinesi\" width=\"500\" height=\"281\" src=\"https:\/\/www.youtube.com\/embed\/aJUwvimj9wg?feature=oembed\" frameborder=\"0\" allow=\"accelerometer; autoplay; clipboard-write; encrypted-media; gyroscope; picture-in-picture; web-share\" referrerpolicy=\"strict-origin-when-cross-origin\" allowfullscreen><\/iframe><\/div>\n<h6><strong>\ud83d\udd39 \u00c7ekirdek Kontrol Sistemi: Ak\u0131ll\u0131 ve G\u00fcvenilir<\/strong><\/h6>\n<p>Bu makinenin kalbinde y\u00fcksek performansl\u0131 bir <strong>CNC (Bilgisayarl\u0131 N\u00fcmerik Kontrol) sistemi<\/strong>. Minimum hata (\u00b10,1 mm) ile do\u011fru kesim yollar\u0131 sa\u011flar. Kullan\u0131c\u0131 dostu dokunmatik ekran aray\u00fcz\u00fc, kolay program giri\u015fi sa\u011flayarak zamandan tasarruf sa\u011flar ve operat\u00f6r yorgunlu\u011funu azalt\u0131r. \u00d6nceden ayarlanm\u0131\u015f desenler mi? Hi\u00e7 sorun de\u011fil! Sadece tasar\u0131m\u0131n\u0131z\u0131 y\u00fckleyin ve b\u0131rak\u0131n otomasyon devrals\u0131n.<\/p>\n<h6><strong>\ud83d\udd39 Kesme Mekanizmas\u0131: Y\u00fcksek H\u0131zl\u0131 ve Temiz Kesimler<\/strong><\/h6>\n<p>ile donat\u0131lm\u0131\u015ft\u0131r. <strong>servo tahrikli d\u00f6ner b\u0131\u00e7ak sistemi<\/strong>, \u00c7e\u015fitli ka\u011f\u0131t t\u00fcp kal\u0131nl\u0131klar\u0131n\u0131 (1-10 mm) i\u015fler. B\u0131\u00e7ak, malzeme yo\u011funlu\u011funa g\u00f6re otomatik olarak ayarlanarak y\u0131pranmay\u0131 veya ezilmeyi \u00f6nler. Kesme h\u0131z\u0131 \u015fu de\u011ferlere ula\u015f\u0131r <strong>Dakikada 120 t\u00fcp<\/strong>, Kaliteden \u00f6d\u00fcn vermeden \u00fcretkenli\u011fi art\u0131r\u0131r.<\/p>\n<h6><strong>\ud83d\udd39 Malzeme Besleme Sistemi: P\u00fcr\u00fczs\u00fcz ve Tutarl\u0131<\/strong><\/h6>\n<p>S\u0131k\u0131\u015fmalara elveda deyin! Bu <strong>otomati\u0307k vakum besleme si\u0307stemi\u0307<\/strong>\u00a0borular\u0131n kesimden \u00f6nce m\u00fckemmel \u015fekilde hizalanmas\u0131n\u0131 sa\u011flar. A\u015fa\u011f\u0131daki boru \u00e7aplar\u0131n\u0131 destekler <strong>20 mm ila 150 mm<\/strong>, Bu da onu hediye kutular\u0131ndan end\u00fcstriyel ma\u00e7alara kadar farkl\u0131 uygulamalar i\u00e7in \u00e7ok y\u00f6nl\u00fc hale getirir.<\/p>\n<h6><strong>\ud83d\udd39 G\u00fcvenlik ve Stabilite: \u0130\u00e7iniz Rahat Olsun Diye Tasarland\u0131<\/strong><\/h6>\n<p>\u0130le in\u015fa edilmi\u015ftir <strong>a\u011f\u0131r hizmet tipi \u00e7elik \u00e7er\u00e7eve<\/strong>, the <a href=\"https:\/\/youtu.be\/aJUwvimj9wg\">makine<\/a> minimum titre\u015fimle \u00e7al\u0131\u015f\u0131r. G\u00fcvenlik \u00f6zellikleri \u015funlar\u0131 i\u00e7erir <strong>k\u0131z\u0131l\u00f6tesi sens\u00f6rler<\/strong>\u00a0ve acil durdurma d\u00fc\u011fmeleri. Kapal\u0131 kesme b\u00f6lgesi operat\u00f6rleri korur ve uluslararas\u0131 g\u00fcvenlik standartlar\u0131n\u0131 kar\u015f\u0131lar (CE sertifikal\u0131).<\/p>\n<h6><strong>\ud83d\udd39 Ek Ak\u0131ll\u0131 \u00d6zellikler<\/strong><\/h6>\n<ul>\n<li><strong>Ger\u00e7ek zamanl\u0131 izleme<\/strong>: \u00dcretim say\u0131s\u0131n\u0131 ve makine durumunu takip edin.<\/li>\n<li><strong>Enerji verimlili\u011fi<\/strong>: Otomatik uyku modu ile d\u00fc\u015f\u00fck g\u00fc\u00e7 t\u00fcketimi.<\/li>\n<li><strong>Kolay bak\u0131m<\/strong>: Mod\u00fcler tasar\u0131m, h\u0131zl\u0131 b\u0131\u00e7ak de\u011fi\u015fimi ve temizlik sa\u011flar.<\/li>\n<\/ul>\n<h6><strong>\u2728 Neden Bu Makineyi Se\u00e7melisiniz?<\/strong><\/h6>\n<p>Bu sadece bir kesici de\u011fil, y\u00fcksek hacimli, y\u00fcksek hassasiyetli ka\u011f\u0131t t\u00fcp i\u015fleme i\u00e7in eksiksiz bir \u00e7\u00f6z\u00fcmd\u00fcr. At\u0131klar\u0131 azalt\u0131n, \u00e7\u0131kt\u0131y\u0131 art\u0131r\u0131n ve \u00fcr\u00fcn kalitenizi y\u00fckseltin!<\/p>\n<p>\ud83d\udcac \u00d6zellikler veya demolar i\u00e7in bana DM at\u0131n!<br \/>\n#<a href=\"https:\/\/nrcmachine.com\/product\/spiral-wound-paper-tube-machine\/\">PaperTubeMachine<\/a> #CNCTeknoloji #\u00dcretim\u0130novasyon #SAk\u0131ll\u0131Fabrika #CZanaatSanayi #Automasyon<\/p>\n<p>Ka\u011f\u0131t i\u015flemede birlikte devrim yaratal\u0131m! \ud83d\ude80<\/p>","protected":false},"featured_media":1913,"template":"","meta":{"_acf_changed":false,"_monsterinsights_skip_tracking":false,"_monsterinsights_sitenote_active":false,"_monsterinsights_sitenote_note":"","_monsterinsights_sitenote_category":0,"site-sidebar-layout":"default","site-content-layout":"","ast-site-content-layout":"default","site-content-style":"default","site-sidebar-style":"default","ast-global-header-display":"","ast-banner-title-visibility":"","ast-main-header-display":"","ast-hfb-above-header-display":"","ast-hfb-below-header-display":"","ast-hfb-mobile-header-display":"","site-post-title":"","ast-breadcrumbs-content":"","ast-featured-img":"","footer-sml-layout":"","theme-transparent-header-meta":"default","adv-header-id-meta":"","stick-header-meta":"default","header-above-stick-meta":"","header-main-stick-meta":"","header-below-stick-meta":"","astra-migrate-meta-layouts":"set","ast-page-background-enabled":"default","ast-page-background-meta":{"desktop":{"background-color":"var(--ast-global-color-4)","background-image":"","background-repeat":"repeat","background-position":"center center","background-size":"auto","background-attachment":"scroll","background-type":"","background-media":"","overlay-type":"","overlay-color":"","overlay-opacity":"","overlay-gradient":""},"tablet":{"background-color":"","background-image":"","background-repeat":"repeat","background-position":"center center","background-size":"auto","background-attachment":"scroll","background-type":"","background-media":"","overlay-type":"","overlay-color":"","overlay-opacity":"","overlay-gradient":""},"mobile":{"background-color":"","background-image":"","background-repeat":"repeat","background-position":"center center","background-size":"auto","background-attachment":"scroll","background-type":"","background-media":"","overlay-type":"","overlay-color":"","overlay-opacity":"","overlay-gradient":""}},"ast-content-background-meta":{"desktop":{"background-color":"var(--ast-global-color-5)","background-image":"","background-repeat":"repeat","background-position":"center center","background-size":"auto","background-attachment":"scroll","background-type":"","background-media":"","overlay-type":"","overlay-color":"","overlay-opacity":"","overlay-gradient":""},"tablet":{"background-color":"var(--ast-global-color-5)","background-image":"","background-repeat":"repeat","background-position":"center center","background-size":"auto","background-attachment":"scroll","background-type":"","background-media":"","overlay-type":"","overlay-color":"","overlay-opacity":"","overlay-gradient":""},"mobile":{"background-color":"var(--ast-global-color-5)","background-image":"","background-repeat":"repeat","background-position":"center center","background-size":"auto","background-attachment":"scroll","background-type":"","background-media":"","overlay-type":"","overlay-color":"","overlay-opacity":"","overlay-gradient":""}}},"tags":[49],"products":[70],"class_list":["post-1911","product","type-product","status-publish","has-post-thumbnail","hentry","tag-paper-tube-machine","products-paper-tube-cutting-machine"],"acf":[],"aioseo_notices":[],"aioseo_head":"\n\t\t<!-- All in One SEO Pro 4.9.2 - aioseo.com -->\n\t<meta name=\"description\" content=\"Today, I\u2019m thrilled to introduce the Automatic CNC Paper Tube Cutting Machine,a game-changer for paper tube processing. Whether you\u2019re in packaging.\" \/>\n\t<meta name=\"robots\" content=\"noodp, max-snippet:-1, max-image-preview:large, max-video-preview:-1\" \/>\n\t<link rel=\"canonical\" href=\"https:\/\/nrcmachine.com\/tr\/product\/paper-tube-cutting-machine\/\" \/>\n\t<meta name=\"generator\" content=\"All in One SEO Pro (AIOSEO) 4.9.2\" \/>\n\t\t<meta property=\"og:locale\" content=\"tr_TR\" \/>\n\t\t<meta property=\"og:site_name\" content=\"Toilet Paper Machine, Paper Tube Machine | NRC Machine - Reliable Paper Machinery Solutions\" \/>\n\t\t<meta property=\"og:type\" content=\"article\" \/>\n\t\t<meta property=\"og:title\" content=\"Automatic CNC Paper Tube Cutting Machine - NRC MACHINE\" \/>\n\t\t<meta property=\"og:description\" content=\"Today, I\u2019m thrilled to introduce the Automatic CNC Paper Tube Cutting Machine,a game-changer for paper tube processing. Whether you\u2019re in packaging.\" \/>\n\t\t<meta property=\"og:url\" content=\"https:\/\/nrcmachine.com\/tr\/product\/paper-tube-cutting-machine\/\" \/>\n\t\t<meta property=\"og:image\" content=\"https:\/\/nrcmachine.com\/wp-content\/uploads\/2025\/11\/paper-tube-cutting-machine-3_\u526f\u672c.webp\" \/>\n\t\t<meta property=\"og:image:secure_url\" content=\"https:\/\/nrcmachine.com\/wp-content\/uploads\/2025\/11\/paper-tube-cutting-machine-3_\u526f\u672c.webp\" \/>\n\t\t<meta property=\"og:image:width\" content=\"800\" \/>\n\t\t<meta property=\"og:image:height\" content=\"800\" \/>\n\t\t<meta property=\"article:published_time\" content=\"2025-11-07T05:29:35+00:00\" \/>\n\t\t<meta property=\"article:modified_time\" content=\"2026-01-02T04:29:09+00:00\" \/>\n\t\t<meta property=\"article:publisher\" content=\"https:\/\/www.facebook.com\/james.gao.349938\" \/>\n\t\t<meta name=\"twitter:card\" content=\"summary\" \/>\n\t\t<meta name=\"twitter:site\" content=\"@JamesGao65335\" \/>\n\t\t<meta name=\"twitter:title\" content=\"Automatic CNC Paper Tube Cutting Machine - NRC MACHINE\" \/>\n\t\t<meta name=\"twitter:description\" content=\"Today, I\u2019m thrilled to introduce the Automatic CNC Paper Tube Cutting Machine,a game-changer for paper tube processing. Whether you\u2019re in packaging.\" \/>\n\t\t<meta name=\"twitter:image\" content=\"https:\/\/nrcmachine.com\/wp-content\/uploads\/2025\/11\/paper-tube-cutting-machine-3_\u526f\u672c.webp\" \/>\n\t\t<script type=\"application\/ld+json\" class=\"aioseo-schema\">\n\t\t\t{\"@context\":\"https:\\\/\\\/schema.org\",\"@graph\":[{\"@type\":\"BreadcrumbList\",\"@id\":\"https:\\\/\\\/nrcmachine.com\\\/tr\\\/product\\\/paper-tube-cutting-machine\\\/#breadcrumblist\",\"itemListElement\":[{\"@type\":\"ListItem\",\"@id\":\"https:\\\/\\\/nrcmachine.com\\\/tr#listItem\",\"position\":1,\"name\":\"Home\",\"item\":\"https:\\\/\\\/nrcmachine.com\\\/tr\",\"nextItem\":{\"@type\":\"ListItem\",\"@id\":\"https:\\\/\\\/nrcmachine.com\\\/tr\\\/product\\\/#listItem\",\"name\":\"Products\"}},{\"@type\":\"ListItem\",\"@id\":\"https:\\\/\\\/nrcmachine.com\\\/tr\\\/product\\\/#listItem\",\"position\":2,\"name\":\"Products\",\"item\":\"https:\\\/\\\/nrcmachine.com\\\/tr\\\/product\\\/\",\"nextItem\":{\"@type\":\"ListItem\",\"@id\":\"https:\\\/\\\/nrcmachine.com\\\/tr\\\/tag\\\/paper-tube-machine\\\/#listItem\",\"name\":\"paper tube machine\"},\"previousItem\":{\"@type\":\"ListItem\",\"@id\":\"https:\\\/\\\/nrcmachine.com\\\/tr#listItem\",\"name\":\"Home\"}},{\"@type\":\"ListItem\",\"@id\":\"https:\\\/\\\/nrcmachine.com\\\/tr\\\/tag\\\/paper-tube-machine\\\/#listItem\",\"position\":3,\"name\":\"paper tube machine\",\"item\":\"https:\\\/\\\/nrcmachine.com\\\/tr\\\/tag\\\/paper-tube-machine\\\/\",\"nextItem\":{\"@type\":\"ListItem\",\"@id\":\"https:\\\/\\\/nrcmachine.com\\\/tr\\\/product\\\/paper-tube-cutting-machine\\\/#listItem\",\"name\":\"Automatic CNC Paper Tube Cutting Machine\"},\"previousItem\":{\"@type\":\"ListItem\",\"@id\":\"https:\\\/\\\/nrcmachine.com\\\/tr\\\/product\\\/#listItem\",\"name\":\"Products\"}},{\"@type\":\"ListItem\",\"@id\":\"https:\\\/\\\/nrcmachine.com\\\/tr\\\/product\\\/paper-tube-cutting-machine\\\/#listItem\",\"position\":4,\"name\":\"Automatic CNC Paper Tube Cutting Machine\",\"previousItem\":{\"@type\":\"ListItem\",\"@id\":\"https:\\\/\\\/nrcmachine.com\\\/tr\\\/tag\\\/paper-tube-machine\\\/#listItem\",\"name\":\"paper tube machine\"}}]},{\"@type\":\"Organization\",\"@id\":\"https:\\\/\\\/nrcmachine.com\\\/tr\\\/#organization\",\"name\":\"Toilet Paper Machine, Paper Tube Machine | NRC Machine wordpress\",\"description\":\"Reliable Paper Machinery Solutions\",\"url\":\"https:\\\/\\\/nrcmachine.com\\\/tr\\\/\",\"email\":\"james@nrcmachine.com\",\"telephone\":\"+8615254213289\",\"foundingDate\":\"2023-11-01\",\"numberOfEmployees\":{\"@type\":\"QuantitativeValue\",\"minValue\":1,\"maxValue\":50},\"logo\":{\"@type\":\"ImageObject\",\"url\":\"https:\\\/\\\/nrcmachine.com\\\/wp-content\\\/uploads\\\/2026\\\/01\\\/logo23.png\",\"@id\":\"https:\\\/\\\/nrcmachine.com\\\/tr\\\/product\\\/paper-tube-cutting-machine\\\/#organizationLogo\",\"width\":800,\"height\":800,\"caption\":\"logo for NRC MACHINE\"},\"image\":{\"@id\":\"https:\\\/\\\/nrcmachine.com\\\/tr\\\/product\\\/paper-tube-cutting-machine\\\/#organizationLogo\"},\"sameAs\":[\"https:\\\/\\\/www.facebook.com\\\/james.gao.349938\",\"https:\\\/\\\/x.com\\\/JamesGao65335\",\"https:\\\/\\\/www.instagram.com\\\/jamesgao407?igsh=d2YybzFhMjY0YTl3\",\"https:\\\/\\\/www.tiktok.com\\\/@gyl20210118\",\"https:\\\/\\\/www.linkedin.com\\\/in\\\/--9a63583a9\\\/\"],\"address\":{\"@id\":\"https:\\\/\\\/nrcmachine.com\\\/tr\\\/#postaladdress\",\"@type\":\"PostalAddress\",\"streetAddress\":\"No..519,Jiangshan South Road,Huangdao,\",\"postalCode\":\"266500\",\"addressLocality\":\"Qingdao\",\"addressRegion\":\"Shandong Province\",\"addressCountry\":\"CN\"},\"taxID\":\"91370211MAD54P6P85\",\"vatID\":\"91370211MAD54P6P85\"},{\"@type\":\"WebPage\",\"@id\":\"https:\\\/\\\/nrcmachine.com\\\/tr\\\/product\\\/paper-tube-cutting-machine\\\/#webpage\",\"url\":\"https:\\\/\\\/nrcmachine.com\\\/tr\\\/product\\\/paper-tube-cutting-machine\\\/\",\"name\":\"Automatic CNC Paper Tube Cutting Machine - NRC MACHINE\",\"description\":\"Today, I\\u2019m thrilled to introduce the Automatic CNC Paper Tube Cutting Machine,a game-changer for paper tube processing. Whether you\\u2019re in packaging.\",\"inLanguage\":\"tr-TR\",\"isPartOf\":{\"@id\":\"https:\\\/\\\/nrcmachine.com\\\/tr\\\/#website\"},\"breadcrumb\":{\"@id\":\"https:\\\/\\\/nrcmachine.com\\\/tr\\\/product\\\/paper-tube-cutting-machine\\\/#breadcrumblist\"},\"image\":{\"@type\":\"ImageObject\",\"url\":\"https:\\\/\\\/nrcmachine.com\\\/wp-content\\\/uploads\\\/2025\\\/11\\\/paper-tube-cutting-machine-3_\\u526f\\u672c.webp\",\"@id\":\"https:\\\/\\\/nrcmachine.com\\\/tr\\\/product\\\/paper-tube-cutting-machine\\\/#mainImage\",\"width\":800,\"height\":800,\"caption\":\"paper tube cutting machine\"},\"primaryImageOfPage\":{\"@id\":\"https:\\\/\\\/nrcmachine.com\\\/tr\\\/product\\\/paper-tube-cutting-machine\\\/#mainImage\"},\"datePublished\":\"2025-11-07T13:29:35+08:00\",\"dateModified\":\"2026-01-02T12:29:09+08:00\"},{\"@type\":\"WebSite\",\"@id\":\"https:\\\/\\\/nrcmachine.com\\\/tr\\\/#website\",\"url\":\"https:\\\/\\\/nrcmachine.com\\\/tr\\\/\",\"name\":\"Toilet Paper Machine, Paper Tube Machine | NRC Machine\",\"alternateName\":\"Qingdao New Richuan Precision Machine Co.,Ltd\",\"description\":\"Reliable Paper Machinery Solutions\",\"inLanguage\":\"tr-TR\",\"publisher\":{\"@id\":\"https:\\\/\\\/nrcmachine.com\\\/tr\\\/#organization\"}}]}\n\t\t<\/script>\n\t\t<!-- All in One SEO Pro -->\r\n\t\t<title>Automatic CNC Paper Tube Cutting Machine - NRC MACHINE<\/title>\n\n","aioseo_head_json":{"title":"Otomatik CNC Ka\u011f\u0131t Boru Kesme Makinesi - NRC MACHINE","description":"Bug\u00fcn, ka\u011f\u0131t t\u00fcp i\u015fleme i\u00e7in ezber bozan Otomatik CNC Ka\u011f\u0131t T\u00fcp Kesme Makinesi'ni tan\u0131tmaktan heyecan duyuyorum. \u0130ster ambalaj i\u015finde olun.","canonical_url":"https:\/\/nrcmachine.com\/tr\/product\/paper-tube-cutting-machine\/","robots":"noodp, max-snippet:-1, max-image-preview:large, max-video-preview:-1","keywords":"","webmasterTools":{"miscellaneous":""},"schema":{"@context":"https:\/\/schema.org","@graph":[{"@type":"BreadcrumbList","@id":"https:\/\/nrcmachine.com\/tr\/product\/paper-tube-cutting-machine\/#breadcrumblist","itemListElement":[{"@type":"ListItem","@id":"https:\/\/nrcmachine.com\/tr#listItem","position":1,"name":"Home","item":"https:\/\/nrcmachine.com\/tr","nextItem":{"@type":"ListItem","@id":"https:\/\/nrcmachine.com\/tr\/product\/#listItem","name":"Products"}},{"@type":"ListItem","@id":"https:\/\/nrcmachine.com\/tr\/product\/#listItem","position":2,"name":"Products","item":"https:\/\/nrcmachine.com\/tr\/product\/","nextItem":{"@type":"ListItem","@id":"https:\/\/nrcmachine.com\/tr\/tag\/paper-tube-machine\/#listItem","name":"paper tube machine"},"previousItem":{"@type":"ListItem","@id":"https:\/\/nrcmachine.com\/tr#listItem","name":"Home"}},{"@type":"ListItem","@id":"https:\/\/nrcmachine.com\/tr\/tag\/paper-tube-machine\/#listItem","position":3,"name":"paper tube machine","item":"https:\/\/nrcmachine.com\/tr\/tag\/paper-tube-machine\/","nextItem":{"@type":"ListItem","@id":"https:\/\/nrcmachine.com\/tr\/product\/paper-tube-cutting-machine\/#listItem","name":"Automatic CNC Paper Tube Cutting Machine"},"previousItem":{"@type":"ListItem","@id":"https:\/\/nrcmachine.com\/tr\/product\/#listItem","name":"Products"}},{"@type":"ListItem","@id":"https:\/\/nrcmachine.com\/tr\/product\/paper-tube-cutting-machine\/#listItem","position":4,"name":"Automatic CNC Paper Tube Cutting Machine","previousItem":{"@type":"ListItem","@id":"https:\/\/nrcmachine.com\/tr\/tag\/paper-tube-machine\/#listItem","name":"paper tube machine"}}]},{"@type":"Organization","@id":"https:\/\/nrcmachine.com\/tr\/#organization","name":"Toilet Paper Machine, Paper Tube Machine | NRC Machine wordpress","description":"Reliable Paper Machinery Solutions","url":"https:\/\/nrcmachine.com\/tr\/","email":"james@nrcmachine.com","telephone":"+8615254213289","foundingDate":"2023-11-01","numberOfEmployees":{"@type":"QuantitativeValue","minValue":1,"maxValue":50},"logo":{"@type":"ImageObject","url":"https:\/\/nrcmachine.com\/wp-content\/uploads\/2026\/01\/logo23.png","@id":"https:\/\/nrcmachine.com\/tr\/product\/paper-tube-cutting-machine\/#organizationLogo","width":800,"height":800,"caption":"logo for NRC MACHINE"},"image":{"@id":"https:\/\/nrcmachine.com\/tr\/product\/paper-tube-cutting-machine\/#organizationLogo"},"sameAs":["https:\/\/www.facebook.com\/james.gao.349938","https:\/\/x.com\/JamesGao65335","https:\/\/www.instagram.com\/jamesgao407?igsh=d2YybzFhMjY0YTl3","https:\/\/www.tiktok.com\/@gyl20210118","https:\/\/www.linkedin.com\/in\/--9a63583a9\/"],"address":{"@id":"https:\/\/nrcmachine.com\/tr\/#postaladdress","@type":"PostalAddress","streetAddress":"No..519,Jiangshan South Road,Huangdao,","postalCode":"266500","addressLocality":"Qingdao","addressRegion":"Shandong Province","addressCountry":"CN"},"taxID":"91370211MAD54P6P85","vatID":"91370211MAD54P6P85"},{"@type":"WebPage","@id":"https:\/\/nrcmachine.com\/tr\/product\/paper-tube-cutting-machine\/#webpage","url":"https:\/\/nrcmachine.com\/tr\/product\/paper-tube-cutting-machine\/","name":"Automatic CNC Paper Tube Cutting Machine - NRC MACHINE","description":"Today, I\u2019m thrilled to introduce the Automatic CNC Paper Tube Cutting Machine,a game-changer for paper tube processing. Whether you\u2019re in packaging.","inLanguage":"tr-TR","isPartOf":{"@id":"https:\/\/nrcmachine.com\/tr\/#website"},"breadcrumb":{"@id":"https:\/\/nrcmachine.com\/tr\/product\/paper-tube-cutting-machine\/#breadcrumblist"},"image":{"@type":"ImageObject","url":"https:\/\/nrcmachine.com\/wp-content\/uploads\/2025\/11\/paper-tube-cutting-machine-3_\u526f\u672c.webp","@id":"https:\/\/nrcmachine.com\/tr\/product\/paper-tube-cutting-machine\/#mainImage","width":800,"height":800,"caption":"paper tube cutting machine"},"primaryImageOfPage":{"@id":"https:\/\/nrcmachine.com\/tr\/product\/paper-tube-cutting-machine\/#mainImage"},"datePublished":"2025-11-07T13:29:35+08:00","dateModified":"2026-01-02T12:29:09+08:00"},{"@type":"WebSite","@id":"https:\/\/nrcmachine.com\/tr\/#website","url":"https:\/\/nrcmachine.com\/tr\/","name":"Toilet Paper Machine, Paper Tube Machine | NRC Machine","alternateName":"Qingdao New Richuan Precision Machine Co.,Ltd","description":"Reliable Paper Machinery Solutions","inLanguage":"tr-TR","publisher":{"@id":"https:\/\/nrcmachine.com\/tr\/#organization"}}]},"og:locale":"tr_TR","og:site_name":"Toilet Paper Machine, Paper Tube Machine | NRC Machine - Reliable Paper Machinery Solutions","og:type":"article","og:title":"Automatic CNC Paper Tube Cutting Machine - NRC MACHINE","og:description":"Today, I\u2019m thrilled to introduce the Automatic CNC Paper Tube Cutting Machine,a game-changer for paper tube processing. Whether you\u2019re in packaging.","og:url":"https:\/\/nrcmachine.com\/tr\/product\/paper-tube-cutting-machine\/","og:image":"https:\/\/nrcmachine.com\/wp-content\/uploads\/2025\/11\/paper-tube-cutting-machine-3_\u526f\u672c.webp","og:image:secure_url":"https:\/\/nrcmachine.com\/wp-content\/uploads\/2025\/11\/paper-tube-cutting-machine-3_\u526f\u672c.webp","og:image:width":800,"og:image:height":800,"article:published_time":"2025-11-07T05:29:35+00:00","article:modified_time":"2026-01-02T04:29:09+00:00","article:publisher":"https:\/\/www.facebook.com\/james.gao.349938","twitter:card":"summary","twitter:site":"@JamesGao65335","twitter:title":"Automatic CNC Paper Tube Cutting Machine - NRC MACHINE","twitter:description":"Today, I\u2019m thrilled to introduce the Automatic CNC Paper Tube Cutting Machine,a game-changer for paper tube processing. Whether you\u2019re in packaging.","twitter:image":"https:\/\/nrcmachine.com\/wp-content\/uploads\/2025\/11\/paper-tube-cutting-machine-3_\u526f\u672c.webp"},"aioseo_meta_data":{"post_id":"1911","title":"#post_title #separator_sa NRC MACHINE","description":"Bug\u00fcn, ka\u011f\u0131t t\u00fcp i\u015fleme i\u00e7in ezber bozan Otomatik CNC Ka\u011f\u0131t T\u00fcp Kesme Makinesi'ni tan\u0131tmaktan heyecan duyuyorum. \u0130ster ambalaj i\u015finde olun.","keywords":null,"keyphrases":{"focus":{"keyphrase":"paper tube cutting machine","score":100,"analysis":{"keyphraseInTitle":{"score":9,"maxScore":9,"error":0},"keyphraseInDescription":{"score":9,"maxScore":9,"error":0},"keyphraseLength":{"score":9,"maxScore":9,"error":0,"length":4},"keyphraseInURL":{"score":5,"maxScore":5,"error":0},"keyphraseInIntroduction":{"score":9,"maxScore":9,"error":0},"keyphraseInSubHeadings":[],"keyphraseInImageAlt":[],"keywordDensity":{"type":"best","score":9,"maxScore":9,"error":0}}},"additional":[]},"primary_term":null,"canonical_url":null,"og_title":null,"og_description":null,"og_object_type":"default","og_image_type":"default","og_image_url":null,"og_image_width":null,"og_image_height":null,"og_image_custom_url":null,"og_image_custom_fields":null,"og_video":"","og_custom_url":null,"og_article_section":null,"og_article_tags":null,"twitter_use_og":false,"twitter_card":"default","twitter_image_type":"default","twitter_image_url":null,"twitter_image_custom_url":null,"twitter_image_custom_fields":null,"twitter_title":null,"twitter_description":null,"schema":{"blockGraphs":[],"customGraphs":[],"default":{"data":{"Article":[],"Course":[],"Dataset":[],"FAQPage":[],"Movie":[],"Person":[],"Product":[],"ProductReview":[],"Car":[],"Recipe":[],"Service":[],"SoftwareApplication":[],"WebPage":[]},"graphName":"ItemPage","isEnabled":true},"graphs":[]},"schema_type":"default","schema_type_options":null,"pillar_content":false,"robots_default":true,"robots_noindex":false,"robots_noarchive":false,"robots_nosnippet":false,"robots_nofollow":false,"robots_noimageindex":false,"robots_noodp":false,"robots_notranslate":false,"robots_max_snippet":"-1","robots_max_videopreview":"-1","robots_max_imagepreview":"large","priority":null,"frequency":"default","local_seo":null,"seo_analyzer_scan_date":"2026-02-13 03:48:54","breadcrumb_settings":null,"limit_modified_date":false,"reviewed_by":null,"open_ai":null,"ai":{"faqs":[],"keyPoints":[],"titles":[],"descriptions":[],"socialPosts":{"email":[],"linkedin":[],"twitter":[],"facebook":[],"instagram":[]}},"created":"2025-12-11 08:38:39","updated":"2026-02-13 06:50:27"},"aioseo_breadcrumb":"<div class=\"aioseo-breadcrumbs\"><span class=\"aioseo-breadcrumb\">\n\t<a href=\"https:\/\/nrcmachine.com\/tr\" title=\"Home\">Home<\/a>\n<\/span><span class=\"aioseo-breadcrumb-separator\">\u00bb<\/span><span class=\"aioseo-breadcrumb\">\n\t<a href=\"https:\/\/nrcmachine.com\/tr\/product\/\" title=\"Products\">Products<\/a>\n<\/span><span class=\"aioseo-breadcrumb-separator\">\u00bb<\/span><span class=\"aioseo-breadcrumb\">\n\t<a href=\"https:\/\/nrcmachine.com\/tr\/tag\/paper-tube-machine\/\" title=\"paper tube machine\">paper tube machine<\/a>\n<\/span><span class=\"aioseo-breadcrumb-separator\">\u00bb<\/span><span class=\"aioseo-breadcrumb\">\n\tAutomatic CNC Paper Tube Cutting Machine\n<\/span><\/div>","aioseo_breadcrumb_json":[{"label":"Home","link":"https:\/\/nrcmachine.com\/tr"},{"label":"Products","link":"https:\/\/nrcmachine.com\/tr\/product\/"},{"label":"paper tube machine","link":"https:\/\/nrcmachine.com\/tr\/tag\/paper-tube-machine\/"},{"label":"Automatic CNC Paper Tube Cutting Machine","link":"https:\/\/nrcmachine.com\/tr\/product\/paper-tube-cutting-machine\/"}],"_links":{"self":[{"href":"https:\/\/nrcmachine.com\/tr\/wp-json\/wp\/v2\/product\/1911","targetHints":{"allow":["GET"]}}],"collection":[{"href":"https:\/\/nrcmachine.com\/tr\/wp-json\/wp\/v2\/product"}],"about":[{"href":"https:\/\/nrcmachine.com\/tr\/wp-json\/wp\/v2\/types\/product"}],"version-history":[{"count":0,"href":"https:\/\/nrcmachine.com\/tr\/wp-json\/wp\/v2\/product\/1911\/revisions"}],"wp:featuredmedia":[{"embeddable":true,"href":"https:\/\/nrcmachine.com\/tr\/wp-json\/wp\/v2\/media\/1913"}],"wp:attachment":[{"href":"https:\/\/nrcmachine.com\/tr\/wp-json\/wp\/v2\/media?parent=1911"}],"wp:term":[{"taxonomy":"post_tag","embeddable":true,"href":"https:\/\/nrcmachine.com\/tr\/wp-json\/wp\/v2\/tags?post=1911"},{"taxonomy":"products","embeddable":true,"href":"https:\/\/nrcmachine.com\/tr\/wp-json\/wp\/v2\/products?post=1911"}],"curies":[{"name":"wp","href":"https:\/\/api.w.org\/{rel}","templated":true}]}}