 {"id":1940,"date":"2025-11-08T14:10:29","date_gmt":"2025-11-08T06:10:29","guid":{"rendered":"https:\/\/nrcmachine.com\/?post_type=product&#038;p=1940"},"modified":"2026-01-02T12:06:36","modified_gmt":"2026-01-02T04:06:36","slug":"paper-tube-making-machine-set","status":"publish","type":"product","link":"https:\/\/nrcmachine.com\/tr\/product\/paper-tube-making-machine-set\/","title":{"rendered":"Ka\u011f\u0131t T\u00fcp Yapma Makinesi Seti"},"content":{"rendered":"<h5 style=\"text-align: center;\"><strong>\ud83c\udf1fGeli\u015fmi\u015f Ka\u011f\u0131t T\u00fcp Yapma Makinesi Setimizle Paketleme Oyununuzda Devrim Yarat\u0131n!\ud83c\udf1f<\/strong><\/h5>\n<p>Herkese merhaba! Bug\u00fcn sizi ambalaj sekt\u00f6r\u00fcnde ezber bozan bir \u00fcr\u00fcnle tan\u0131\u015ft\u0131raca\u011f\u0131m i\u00e7in \u00e7ok heyecanl\u0131y\u0131m. <a href=\"https:\/\/nrcmachinery.com\/products\/paper-tube-machine.html\"><strong>Y\u00fcksek Performansl\u0131 Ka\u011f\u0131t T\u00fcp Yapma Makinesi Seti<\/strong><\/a>! \ud83c\udf89 \u00c7evre dostu ambalaj i\u015findeyseniz, bu bekledi\u011finiz yeniliktir. \ud83c\udf31<\/p>\n<div class=\"ast-oembed-container\" style=\"height: 100%;\"><iframe title=\"\u0130ki kafal\u0131 CNC Spiral Karton Ka\u011f\u0131t T\u00fcp Yapma Makinesi\" width=\"500\" height=\"281\" src=\"https:\/\/www.youtube.com\/embed\/G4_H7S417b4?feature=oembed\" frameborder=\"0\" allow=\"accelerometer; autoplay; clipboard-write; encrypted-media; gyroscope; picture-in-picture; web-share\" referrerpolicy=\"strict-origin-when-cross-origin\" allowfullscreen><\/iframe><\/div>\n<h6>\ud83d\udd27 <strong>Etkileyen Temel \u00d6zellikler:<\/strong><\/h6>\n<p>\u2705 <strong>\u0130\u00e7 \u00c7ap:<\/strong>\u00a030-150mm (\u00e7e\u015fitli ihtiya\u00e7lar i\u00e7in son derece \u00f6zelle\u015ftirilebilir)<br \/>\n\u2705 <strong>Kal\u0131nl\u0131k:<\/strong>\u00a01-10mm (hafif ve a\u011f\u0131r hizmet tipi borular i\u00e7in m\u00fckemmel)<br \/>\n\u2705 <strong>Tam Otomatik \u00c7al\u0131\u015fma<\/strong>\u00a0- El i\u015f\u00e7ili\u011fine veda edin ve verimlili\u011fe merhaba deyin!<br \/>\n\u2705 <strong>CNC Kontrol Cihaz\u0131<\/strong>\u00a0- Hassasiyetin en iyisi! Her kesim, her rulo milimetresine kadar do\u011frudur.<br \/>\n\u2705 <strong>Servo Motor S\u00fcr\u00fcc\u00fcs\u00fc<\/strong>\u00a0- Minimum bak\u0131mla sorunsuz, g\u00fcvenilir ve enerji tasarruflu performans sa\u011flar.<\/p>\n<p>\u0130ster tekstil, ambalaj, in\u015faat, hatta sanatsal rulolar i\u00e7in ka\u011f\u0131t t\u00fcpler \u00fcretiyor olun, bu makine sorunsuz bir \u015fekilde uyum sa\u011flar. \ud83c\udf00 H\u0131z, tutarl\u0131l\u0131k ve dayan\u0131kl\u0131l\u0131k i\u00e7in tasarlanm\u0131\u015ft\u0131r - kaliteden \u00f6d\u00fcn vermeden \u00fcretimi \u00f6l\u00e7eklendirmenize yard\u0131mc\u0131 olur.<\/p>\n<h6>\ud83d\udca1 <strong>Bunu Neden Seveceksiniz <a href=\"https:\/\/nrcmachinery.com\/Machines-For-Spiral-Paper-Tube-Rolls-Making.html\">Ka\u011f\u0131t T\u00fcp Yapma Makinesi Seti<\/a>:<\/strong><\/h6>\n<p>\u2728 <strong>\u00c7evre Dostu \u00c7\u00f6z\u00fcm:<\/strong>\u00a0Plastik at\u0131klar\u0131 azaltarak s\u00fcrd\u00fcr\u00fclebilir ambalajlama i\u00e7in \u00fcretilmi\u015ftir.<br \/>\n\u2728 <strong>Ak\u0131ll\u0131 Otomasyon:<\/strong>\u00a0Tam otomatik s\u00fcre\u00e7lerle i\u015f\u00e7ilik maliyetlerini ve insan hatalar\u0131n\u0131 azalt\u0131n.<br \/>\n\u2728 <strong>Kullan\u0131c\u0131 Dostu CNC Aray\u00fcz\u00fc:<\/strong>\u00a0Yeni ba\u015flayanlar bile minimum e\u011fitimden sonra kolayl\u0131kla kullanabilir.<br \/>\n\u2728 <strong>Y\u00fcksek \u00c7\u0131k\u0131\u015f:<\/strong>\u00a0\u00dcretim kapasitenizi art\u0131r\u0131n ve s\u0131k\u0131 teslim tarihlerini zahmetsizce kar\u015f\u0131lay\u0131n.<br \/>\n\u2728 <strong>D\u00fc\u015f\u00fck Enerji T\u00fcketimi:<\/strong>\u00a0Servo motor sistemi sayesinde hem g\u00fc\u00e7l\u00fc hem de \u00e7evrecidir.<\/p>\n<p>\ud83d\udce6 Her seferinde m\u00fckemmel \u015fekilde sar\u0131lm\u0131\u015f, tek tip ka\u011f\u0131t t\u00fcpler teslim etti\u011finizi hayal edin. M\u00fc\u015fterileriniz kalite fark\u0131n\u0131 fark edecek ve ekibiniz de kolayla\u015ft\u0131r\u0131lm\u0131\u015f i\u015f ak\u0131\u015f\u0131n\u0131 takdir edecektir.<\/p>\n<p>\ud83d\udcac Bu makinenin k\u00fc\u00e7\u00fck at\u00f6lyeleri y\u00fcksek verimli \u00fcretim merkezlerine d\u00f6n\u00fc\u015ft\u00fcrd\u00fc\u011f\u00fcn\u00fc g\u00f6rd\u00fcm. Bu sadece bir makine de\u011fil - i\u015finizin gelece\u011fine yap\u0131lan bir yat\u0131r\u0131m.<\/p>\n<p>\ud83d\udce9 \u0130lgileniyor musunuz? Daha fazla ayr\u0131nt\u0131, fiyatland\u0131rma ve demo videolar\u0131 i\u00e7in bana bir DM b\u0131rak\u0131n veya a\u015fa\u011f\u0131ya yorum yap\u0131n! Ye\u015fillenelim ve birlikte b\u00fcy\u00fcyelim. \ud83c\udf3f\ud83d\udc9a<\/p>\n<p>#<a href=\"https:\/\/nrcmachine.com\/product\/paper-tube-core-machine\/\">PaperTubeMachine<\/a> #EcoFriendlyPackaging #CNCManufacturing #AutomationTech #SustainableBusiness #PackagingInnovation #SmartFactory #ServoMotor #MadeInChina #SmallBusinessGrowth.<\/p>\n<p><strong>Not: S\u0131n\u0131rl\u0131 say\u0131da \u00fcnite mevcuttur - stoklar t\u00fckenmeden \u00fcretim hatt\u0131n\u0131z\u0131 y\u00fckseltin! \ud83d\udd25<\/strong><\/p>\n<p><em>Not: T\u00fcm \u00f6zellikler i\u015f ihtiya\u00e7lar\u0131n\u0131za g\u00f6re \u00f6zelle\u015ftirilebilir. Sizin i\u00e7in uyarlayal\u0131m!<\/em>\u00a0\ud83d\udcbc\u2728<\/p>\n<p>&nbsp;<\/p>","protected":false},"featured_media":1941,"template":"","meta":{"_acf_changed":false,"_monsterinsights_skip_tracking":false,"_monsterinsights_sitenote_active":false,"_monsterinsights_sitenote_note":"","_monsterinsights_sitenote_category":0,"site-sidebar-layout":"default","site-content-layout":"","ast-site-content-layout":"default","site-content-style":"default","site-sidebar-style":"default","ast-global-header-display":"","ast-banner-title-visibility":"","ast-main-header-display":"","ast-hfb-above-header-display":"","ast-hfb-below-header-display":"","ast-hfb-mobile-header-display":"","site-post-title":"","ast-breadcrumbs-content":"","ast-featured-img":"","footer-sml-layout":"","theme-transparent-header-meta":"default","adv-header-id-meta":"","stick-header-meta":"default","header-above-stick-meta":"","header-main-stick-meta":"","header-below-stick-meta":"","astra-migrate-meta-layouts":"set","ast-page-background-enabled":"default","ast-page-background-meta":{"desktop":{"background-color":"var(--ast-global-color-4)","background-image":"","background-repeat":"repeat","background-position":"center center","background-size":"auto","background-attachment":"scroll","background-type":"","background-media":"","overlay-type":"","overlay-color":"","overlay-opacity":"","overlay-gradient":""},"tablet":{"background-color":"","background-image":"","background-repeat":"repeat","background-position":"center center","background-size":"auto","background-attachment":"scroll","background-type":"","background-media":"","overlay-type":"","overlay-color":"","overlay-opacity":"","overlay-gradient":""},"mobile":{"background-color":"","background-image":"","background-repeat":"repeat","background-position":"center center","background-size":"auto","background-attachment":"scroll","background-type":"","background-media":"","overlay-type":"","overlay-color":"","overlay-opacity":"","overlay-gradient":""}},"ast-content-background-meta":{"desktop":{"background-color":"var(--ast-global-color-5)","background-image":"","background-repeat":"repeat","background-position":"center center","background-size":"auto","background-attachment":"scroll","background-type":"","background-media":"","overlay-type":"","overlay-color":"","overlay-opacity":"","overlay-gradient":""},"tablet":{"background-color":"var(--ast-global-color-5)","background-image":"","background-repeat":"repeat","background-position":"center center","background-size":"auto","background-attachment":"scroll","background-type":"","background-media":"","overlay-type":"","overlay-color":"","overlay-opacity":"","overlay-gradient":""},"mobile":{"background-color":"var(--ast-global-color-5)","background-image":"","background-repeat":"repeat","background-position":"center center","background-size":"auto","background-attachment":"scroll","background-type":"","background-media":"","overlay-type":"","overlay-color":"","overlay-opacity":"","overlay-gradient":""}}},"tags":[49,48],"products":[43],"class_list":["post-1940","product","type-product","status-publish","has-post-thumbnail","hentry","tag-paper-tube-machine","tag-paper-tube-making-machine","products-spiral-paper-tube-making-machine"],"acf":[],"aioseo_notices":[],"aioseo_head":"\n\t\t<!-- All in One SEO Pro 4.9.2 - aioseo.com -->\n\t<meta name=\"description\" content=\"Today, I\u2019m beyond excited to introduce you to an absolute game-changer in the packaging industry \u2014 our High-Performance Paper Tube Making Machine Set!\" \/>\n\t<meta name=\"robots\" content=\"noodp, max-snippet:-1, max-image-preview:large, max-video-preview:-1\" \/>\n\t<link rel=\"canonical\" href=\"https:\/\/nrcmachine.com\/tr\/product\/paper-tube-making-machine-set\/\" \/>\n\t<meta name=\"generator\" content=\"All in One SEO Pro (AIOSEO) 4.9.2\" \/>\n\t\t<meta property=\"og:locale\" content=\"tr_TR\" \/>\n\t\t<meta property=\"og:site_name\" content=\"Toilet Paper Machine, Paper Tube Machine | NRC Machine - Reliable Paper Machinery Solutions\" \/>\n\t\t<meta property=\"og:type\" content=\"article\" \/>\n\t\t<meta property=\"og:title\" content=\"Paper Tube Making Machine Set - QINGDAO NEW RICHUAN\" \/>\n\t\t<meta property=\"og:description\" content=\"Today, I\u2019m beyond excited to introduce you to an absolute game-changer in the packaging industry \u2014 our High-Performance Paper Tube Making Machine Set!\" \/>\n\t\t<meta property=\"og:url\" content=\"https:\/\/nrcmachine.com\/tr\/product\/paper-tube-making-machine-set\/\" \/>\n\t\t<meta property=\"og:image\" content=\"https:\/\/nrcmachine.com\/wp-content\/uploads\/2025\/11\/paper-tube-making-machine-set.webp\" \/>\n\t\t<meta property=\"og:image:secure_url\" content=\"https:\/\/nrcmachine.com\/wp-content\/uploads\/2025\/11\/paper-tube-making-machine-set.webp\" \/>\n\t\t<meta property=\"og:image:width\" content=\"800\" \/>\n\t\t<meta property=\"og:image:height\" content=\"800\" \/>\n\t\t<meta property=\"article:published_time\" content=\"2025-11-08T06:10:29+00:00\" \/>\n\t\t<meta property=\"article:modified_time\" content=\"2026-01-02T04:06:36+00:00\" \/>\n\t\t<meta property=\"article:publisher\" content=\"https:\/\/www.facebook.com\/james.gao.349938\" \/>\n\t\t<meta name=\"twitter:card\" content=\"summary\" \/>\n\t\t<meta name=\"twitter:site\" content=\"@JamesGao65335\" \/>\n\t\t<meta name=\"twitter:title\" content=\"Paper Tube Making Machine Set - QINGDAO NEW RICHUAN\" \/>\n\t\t<meta name=\"twitter:description\" content=\"Today, I\u2019m beyond excited to introduce you to an absolute game-changer in the packaging industry \u2014 our High-Performance Paper Tube Making Machine Set!\" \/>\n\t\t<meta name=\"twitter:image\" content=\"https:\/\/nrcmachine.com\/wp-content\/uploads\/2025\/11\/paper-tube-making-machine-set.webp\" \/>\n\t\t<script type=\"application\/ld+json\" class=\"aioseo-schema\">\n\t\t\t{\"@context\":\"https:\\\/\\\/schema.org\",\"@graph\":[{\"@type\":\"BreadcrumbList\",\"@id\":\"https:\\\/\\\/nrcmachine.com\\\/tr\\\/product\\\/paper-tube-making-machine-set\\\/#breadcrumblist\",\"itemListElement\":[{\"@type\":\"ListItem\",\"@id\":\"https:\\\/\\\/nrcmachine.com\\\/tr#listItem\",\"position\":1,\"name\":\"Home\",\"item\":\"https:\\\/\\\/nrcmachine.com\\\/tr\",\"nextItem\":{\"@type\":\"ListItem\",\"@id\":\"https:\\\/\\\/nrcmachine.com\\\/tr\\\/product\\\/#listItem\",\"name\":\"Products\"}},{\"@type\":\"ListItem\",\"@id\":\"https:\\\/\\\/nrcmachine.com\\\/tr\\\/product\\\/#listItem\",\"position\":2,\"name\":\"Products\",\"item\":\"https:\\\/\\\/nrcmachine.com\\\/tr\\\/product\\\/\",\"nextItem\":{\"@type\":\"ListItem\",\"@id\":\"https:\\\/\\\/nrcmachine.com\\\/tr\\\/tag\\\/paper-tube-making-machine\\\/#listItem\",\"name\":\"paper tube making machine\"},\"previousItem\":{\"@type\":\"ListItem\",\"@id\":\"https:\\\/\\\/nrcmachine.com\\\/tr#listItem\",\"name\":\"Home\"}},{\"@type\":\"ListItem\",\"@id\":\"https:\\\/\\\/nrcmachine.com\\\/tr\\\/tag\\\/paper-tube-making-machine\\\/#listItem\",\"position\":3,\"name\":\"paper tube making machine\",\"item\":\"https:\\\/\\\/nrcmachine.com\\\/tr\\\/tag\\\/paper-tube-making-machine\\\/\",\"nextItem\":{\"@type\":\"ListItem\",\"@id\":\"https:\\\/\\\/nrcmachine.com\\\/tr\\\/product\\\/paper-tube-making-machine-set\\\/#listItem\",\"name\":\"Paper Tube Making Machine Set\"},\"previousItem\":{\"@type\":\"ListItem\",\"@id\":\"https:\\\/\\\/nrcmachine.com\\\/tr\\\/product\\\/#listItem\",\"name\":\"Products\"}},{\"@type\":\"ListItem\",\"@id\":\"https:\\\/\\\/nrcmachine.com\\\/tr\\\/product\\\/paper-tube-making-machine-set\\\/#listItem\",\"position\":4,\"name\":\"Paper Tube Making Machine Set\",\"previousItem\":{\"@type\":\"ListItem\",\"@id\":\"https:\\\/\\\/nrcmachine.com\\\/tr\\\/tag\\\/paper-tube-making-machine\\\/#listItem\",\"name\":\"paper tube making machine\"}}]},{\"@type\":\"Organization\",\"@id\":\"https:\\\/\\\/nrcmachine.com\\\/tr\\\/#organization\",\"name\":\"Toilet Paper Machine, Paper Tube Machine | NRC Machine wordpress\",\"description\":\"Reliable Paper Machinery Solutions\",\"url\":\"https:\\\/\\\/nrcmachine.com\\\/tr\\\/\",\"email\":\"james@nrcmachine.com\",\"telephone\":\"+8615254213289\",\"foundingDate\":\"2023-11-01\",\"numberOfEmployees\":{\"@type\":\"QuantitativeValue\",\"minValue\":1,\"maxValue\":50},\"logo\":{\"@type\":\"ImageObject\",\"url\":\"https:\\\/\\\/nrcmachine.com\\\/wp-content\\\/uploads\\\/2026\\\/01\\\/logo23.png\",\"@id\":\"https:\\\/\\\/nrcmachine.com\\\/tr\\\/product\\\/paper-tube-making-machine-set\\\/#organizationLogo\",\"width\":800,\"height\":800,\"caption\":\"logo for NRC MACHINE\"},\"image\":{\"@id\":\"https:\\\/\\\/nrcmachine.com\\\/tr\\\/product\\\/paper-tube-making-machine-set\\\/#organizationLogo\"},\"sameAs\":[\"https:\\\/\\\/www.facebook.com\\\/james.gao.349938\",\"https:\\\/\\\/x.com\\\/JamesGao65335\",\"https:\\\/\\\/www.instagram.com\\\/jamesgao407?igsh=d2YybzFhMjY0YTl3\",\"https:\\\/\\\/www.tiktok.com\\\/@gyl20210118\",\"https:\\\/\\\/www.linkedin.com\\\/in\\\/--9a63583a9\\\/\"],\"address\":{\"@id\":\"https:\\\/\\\/nrcmachine.com\\\/tr\\\/#postaladdress\",\"@type\":\"PostalAddress\",\"streetAddress\":\"No..519,Jiangshan South Road,Huangdao,\",\"postalCode\":\"266500\",\"addressLocality\":\"Qingdao\",\"addressRegion\":\"Shandong Province\",\"addressCountry\":\"CN\"},\"taxID\":\"91370211MAD54P6P85\",\"vatID\":\"91370211MAD54P6P85\"},{\"@type\":\"WebPage\",\"@id\":\"https:\\\/\\\/nrcmachine.com\\\/tr\\\/product\\\/paper-tube-making-machine-set\\\/#webpage\",\"url\":\"https:\\\/\\\/nrcmachine.com\\\/tr\\\/product\\\/paper-tube-making-machine-set\\\/\",\"name\":\"Paper Tube Making Machine Set - QINGDAO NEW RICHUAN\",\"description\":\"Today, I\\u2019m beyond excited to introduce you to an absolute game-changer in the packaging industry \\u2014 our High-Performance Paper Tube Making Machine Set!\",\"inLanguage\":\"tr-TR\",\"isPartOf\":{\"@id\":\"https:\\\/\\\/nrcmachine.com\\\/tr\\\/#website\"},\"breadcrumb\":{\"@id\":\"https:\\\/\\\/nrcmachine.com\\\/tr\\\/product\\\/paper-tube-making-machine-set\\\/#breadcrumblist\"},\"image\":{\"@type\":\"ImageObject\",\"url\":\"https:\\\/\\\/nrcmachine.com\\\/wp-content\\\/uploads\\\/2025\\\/11\\\/paper-tube-making-machine-set.webp\",\"@id\":\"https:\\\/\\\/nrcmachine.com\\\/tr\\\/product\\\/paper-tube-making-machine-set\\\/#mainImage\",\"width\":800,\"height\":800,\"caption\":\"products paper tube making machine set\"},\"primaryImageOfPage\":{\"@id\":\"https:\\\/\\\/nrcmachine.com\\\/tr\\\/product\\\/paper-tube-making-machine-set\\\/#mainImage\"},\"datePublished\":\"2025-11-08T14:10:29+08:00\",\"dateModified\":\"2026-01-02T12:06:36+08:00\"},{\"@type\":\"WebSite\",\"@id\":\"https:\\\/\\\/nrcmachine.com\\\/tr\\\/#website\",\"url\":\"https:\\\/\\\/nrcmachine.com\\\/tr\\\/\",\"name\":\"Toilet Paper Machine, Paper Tube Machine | NRC Machine\",\"alternateName\":\"Qingdao New Richuan Precision Machine Co.,Ltd\",\"description\":\"Reliable Paper Machinery Solutions\",\"inLanguage\":\"tr-TR\",\"publisher\":{\"@id\":\"https:\\\/\\\/nrcmachine.com\\\/tr\\\/#organization\"}}]}\n\t\t<\/script>\n\t\t<!-- All in One SEO Pro -->\r\n\t\t<title>Paper Tube Making Machine Set - QINGDAO NEW RICHUAN<\/title>\n\n","aioseo_head_json":{"title":"Ka\u011f\u0131t T\u00fcp Yapma Makinesi Seti - QINGDAO NEW RICHUAN","description":"Bug\u00fcn size ambalaj sekt\u00f6r\u00fcnde ezber bozan bir \u00fcr\u00fcn\u00fc tan\u0131tmaktan b\u00fcy\u00fck heyecan duyuyorum: Y\u00fcksek Performansl\u0131 Ka\u011f\u0131t T\u00fcp Yapma Makinesi Setimiz!","canonical_url":"https:\/\/nrcmachine.com\/tr\/product\/paper-tube-making-machine-set\/","robots":"noodp, max-snippet:-1, max-image-preview:large, max-video-preview:-1","keywords":"","webmasterTools":{"miscellaneous":""},"schema":{"@context":"https:\/\/schema.org","@graph":[{"@type":"BreadcrumbList","@id":"https:\/\/nrcmachine.com\/tr\/product\/paper-tube-making-machine-set\/#breadcrumblist","itemListElement":[{"@type":"ListItem","@id":"https:\/\/nrcmachine.com\/tr#listItem","position":1,"name":"Home","item":"https:\/\/nrcmachine.com\/tr","nextItem":{"@type":"ListItem","@id":"https:\/\/nrcmachine.com\/tr\/product\/#listItem","name":"Products"}},{"@type":"ListItem","@id":"https:\/\/nrcmachine.com\/tr\/product\/#listItem","position":2,"name":"Products","item":"https:\/\/nrcmachine.com\/tr\/product\/","nextItem":{"@type":"ListItem","@id":"https:\/\/nrcmachine.com\/tr\/tag\/paper-tube-making-machine\/#listItem","name":"paper tube making machine"},"previousItem":{"@type":"ListItem","@id":"https:\/\/nrcmachine.com\/tr#listItem","name":"Home"}},{"@type":"ListItem","@id":"https:\/\/nrcmachine.com\/tr\/tag\/paper-tube-making-machine\/#listItem","position":3,"name":"paper tube making machine","item":"https:\/\/nrcmachine.com\/tr\/tag\/paper-tube-making-machine\/","nextItem":{"@type":"ListItem","@id":"https:\/\/nrcmachine.com\/tr\/product\/paper-tube-making-machine-set\/#listItem","name":"Paper Tube Making Machine Set"},"previousItem":{"@type":"ListItem","@id":"https:\/\/nrcmachine.com\/tr\/product\/#listItem","name":"Products"}},{"@type":"ListItem","@id":"https:\/\/nrcmachine.com\/tr\/product\/paper-tube-making-machine-set\/#listItem","position":4,"name":"Paper Tube Making Machine Set","previousItem":{"@type":"ListItem","@id":"https:\/\/nrcmachine.com\/tr\/tag\/paper-tube-making-machine\/#listItem","name":"paper tube making machine"}}]},{"@type":"Organization","@id":"https:\/\/nrcmachine.com\/tr\/#organization","name":"Toilet Paper Machine, Paper Tube Machine | NRC Machine wordpress","description":"Reliable Paper Machinery Solutions","url":"https:\/\/nrcmachine.com\/tr\/","email":"james@nrcmachine.com","telephone":"+8615254213289","foundingDate":"2023-11-01","numberOfEmployees":{"@type":"QuantitativeValue","minValue":1,"maxValue":50},"logo":{"@type":"ImageObject","url":"https:\/\/nrcmachine.com\/wp-content\/uploads\/2026\/01\/logo23.png","@id":"https:\/\/nrcmachine.com\/tr\/product\/paper-tube-making-machine-set\/#organizationLogo","width":800,"height":800,"caption":"logo for NRC MACHINE"},"image":{"@id":"https:\/\/nrcmachine.com\/tr\/product\/paper-tube-making-machine-set\/#organizationLogo"},"sameAs":["https:\/\/www.facebook.com\/james.gao.349938","https:\/\/x.com\/JamesGao65335","https:\/\/www.instagram.com\/jamesgao407?igsh=d2YybzFhMjY0YTl3","https:\/\/www.tiktok.com\/@gyl20210118","https:\/\/www.linkedin.com\/in\/--9a63583a9\/"],"address":{"@id":"https:\/\/nrcmachine.com\/tr\/#postaladdress","@type":"PostalAddress","streetAddress":"No..519,Jiangshan South Road,Huangdao,","postalCode":"266500","addressLocality":"Qingdao","addressRegion":"Shandong Province","addressCountry":"CN"},"taxID":"91370211MAD54P6P85","vatID":"91370211MAD54P6P85"},{"@type":"WebPage","@id":"https:\/\/nrcmachine.com\/tr\/product\/paper-tube-making-machine-set\/#webpage","url":"https:\/\/nrcmachine.com\/tr\/product\/paper-tube-making-machine-set\/","name":"Paper Tube Making Machine Set - QINGDAO NEW RICHUAN","description":"Today, I\u2019m beyond excited to introduce you to an absolute game-changer in the packaging industry \u2014 our High-Performance Paper Tube Making Machine Set!","inLanguage":"tr-TR","isPartOf":{"@id":"https:\/\/nrcmachine.com\/tr\/#website"},"breadcrumb":{"@id":"https:\/\/nrcmachine.com\/tr\/product\/paper-tube-making-machine-set\/#breadcrumblist"},"image":{"@type":"ImageObject","url":"https:\/\/nrcmachine.com\/wp-content\/uploads\/2025\/11\/paper-tube-making-machine-set.webp","@id":"https:\/\/nrcmachine.com\/tr\/product\/paper-tube-making-machine-set\/#mainImage","width":800,"height":800,"caption":"products paper tube making machine set"},"primaryImageOfPage":{"@id":"https:\/\/nrcmachine.com\/tr\/product\/paper-tube-making-machine-set\/#mainImage"},"datePublished":"2025-11-08T14:10:29+08:00","dateModified":"2026-01-02T12:06:36+08:00"},{"@type":"WebSite","@id":"https:\/\/nrcmachine.com\/tr\/#website","url":"https:\/\/nrcmachine.com\/tr\/","name":"Toilet Paper Machine, Paper Tube Machine | NRC Machine","alternateName":"Qingdao New Richuan Precision Machine Co.,Ltd","description":"Reliable Paper Machinery Solutions","inLanguage":"tr-TR","publisher":{"@id":"https:\/\/nrcmachine.com\/tr\/#organization"}}]},"og:locale":"tr_TR","og:site_name":"Toilet Paper Machine, Paper Tube Machine | NRC Machine - Reliable Paper Machinery Solutions","og:type":"article","og:title":"Paper Tube Making Machine Set - QINGDAO NEW RICHUAN","og:description":"Today, I\u2019m beyond excited to introduce you to an absolute game-changer in the packaging industry \u2014 our High-Performance Paper Tube Making Machine Set!","og:url":"https:\/\/nrcmachine.com\/tr\/product\/paper-tube-making-machine-set\/","og:image":"https:\/\/nrcmachine.com\/wp-content\/uploads\/2025\/11\/paper-tube-making-machine-set.webp","og:image:secure_url":"https:\/\/nrcmachine.com\/wp-content\/uploads\/2025\/11\/paper-tube-making-machine-set.webp","og:image:width":800,"og:image:height":800,"article:published_time":"2025-11-08T06:10:29+00:00","article:modified_time":"2026-01-02T04:06:36+00:00","article:publisher":"https:\/\/www.facebook.com\/james.gao.349938","twitter:card":"summary","twitter:site":"@JamesGao65335","twitter:title":"Paper Tube Making Machine Set - QINGDAO NEW RICHUAN","twitter:description":"Today, I\u2019m beyond excited to introduce you to an absolute game-changer in the packaging industry \u2014 our High-Performance Paper Tube Making Machine Set!","twitter:image":"https:\/\/nrcmachine.com\/wp-content\/uploads\/2025\/11\/paper-tube-making-machine-set.webp"},"aioseo_meta_data":{"post_id":"1940","title":"#post_title #separator_sa QINGDAO NEW RICHUAN","description":"Bug\u00fcn size ambalaj sekt\u00f6r\u00fcnde ezber bozan bir \u00fcr\u00fcn\u00fc tan\u0131tmaktan b\u00fcy\u00fck heyecan duyuyorum: Y\u00fcksek Performansl\u0131 Ka\u011f\u0131t T\u00fcp Yapma Makinesi Setimiz!","keywords":null,"keyphrases":{"focus":{"keyphrase":"paper tube making machine","score":100,"analysis":{"keyphraseInTitle":{"score":9,"maxScore":9,"error":0},"keyphraseInDescription":{"score":9,"maxScore":9,"error":0},"keyphraseLength":{"score":9,"maxScore":9,"error":0,"length":4},"keyphraseInURL":{"score":5,"maxScore":5,"error":0},"keyphraseInIntroduction":{"score":9,"maxScore":9,"error":0},"keyphraseInSubHeadings":[],"keyphraseInImageAlt":[],"keywordDensity":{"type":"best","score":9,"maxScore":9,"error":0}}},"additional":[]},"primary_term":null,"canonical_url":null,"og_title":null,"og_description":null,"og_object_type":"default","og_image_type":"default","og_image_url":null,"og_image_width":null,"og_image_height":null,"og_image_custom_url":null,"og_image_custom_fields":null,"og_video":"","og_custom_url":null,"og_article_section":null,"og_article_tags":null,"twitter_use_og":false,"twitter_card":"default","twitter_image_type":"default","twitter_image_url":null,"twitter_image_custom_url":null,"twitter_image_custom_fields":null,"twitter_title":null,"twitter_description":null,"schema":{"blockGraphs":[],"customGraphs":[],"default":{"data":{"Article":[],"Course":[],"Dataset":[],"FAQPage":[],"Movie":[],"Person":[],"Product":[],"ProductReview":[],"Car":[],"Recipe":[],"Service":[],"SoftwareApplication":[],"WebPage":[]},"graphName":"ItemPage","isEnabled":true},"graphs":[]},"schema_type":"default","schema_type_options":null,"pillar_content":false,"robots_default":true,"robots_noindex":false,"robots_noarchive":false,"robots_nosnippet":false,"robots_nofollow":false,"robots_noimageindex":false,"robots_noodp":false,"robots_notranslate":false,"robots_max_snippet":"-1","robots_max_videopreview":"-1","robots_max_imagepreview":"large","priority":null,"frequency":"default","local_seo":null,"seo_analyzer_scan_date":"2026-02-13 03:46:01","breadcrumb_settings":null,"limit_modified_date":false,"reviewed_by":null,"open_ai":null,"ai":{"faqs":[],"keyPoints":[],"titles":[],"descriptions":[],"socialPosts":{"email":[],"linkedin":[],"twitter":[],"facebook":[],"instagram":[]}},"created":"2025-12-11 08:38:39","updated":"2026-02-13 06:51:50"},"aioseo_breadcrumb":"<div class=\"aioseo-breadcrumbs\"><span class=\"aioseo-breadcrumb\">\n\t<a href=\"https:\/\/nrcmachine.com\/tr\" title=\"Home\">Home<\/a>\n<\/span><span class=\"aioseo-breadcrumb-separator\">\u00bb<\/span><span class=\"aioseo-breadcrumb\">\n\t<a href=\"https:\/\/nrcmachine.com\/tr\/product\/\" title=\"Products\">Products<\/a>\n<\/span><span class=\"aioseo-breadcrumb-separator\">\u00bb<\/span><span class=\"aioseo-breadcrumb\">\n\t<a href=\"https:\/\/nrcmachine.com\/tr\/tag\/paper-tube-making-machine\/\" title=\"paper tube making machine\">paper tube making machine<\/a>\n<\/span><span class=\"aioseo-breadcrumb-separator\">\u00bb<\/span><span class=\"aioseo-breadcrumb\">\n\tPaper Tube Making Machine Set\n<\/span><\/div>","aioseo_breadcrumb_json":[{"label":"Home","link":"https:\/\/nrcmachine.com\/tr"},{"label":"Products","link":"https:\/\/nrcmachine.com\/tr\/product\/"},{"label":"paper tube making machine","link":"https:\/\/nrcmachine.com\/tr\/tag\/paper-tube-making-machine\/"},{"label":"Paper Tube Making Machine Set","link":"https:\/\/nrcmachine.com\/tr\/product\/paper-tube-making-machine-set\/"}],"_links":{"self":[{"href":"https:\/\/nrcmachine.com\/tr\/wp-json\/wp\/v2\/product\/1940","targetHints":{"allow":["GET"]}}],"collection":[{"href":"https:\/\/nrcmachine.com\/tr\/wp-json\/wp\/v2\/product"}],"about":[{"href":"https:\/\/nrcmachine.com\/tr\/wp-json\/wp\/v2\/types\/product"}],"version-history":[{"count":0,"href":"https:\/\/nrcmachine.com\/tr\/wp-json\/wp\/v2\/product\/1940\/revisions"}],"wp:featuredmedia":[{"embeddable":true,"href":"https:\/\/nrcmachine.com\/tr\/wp-json\/wp\/v2\/media\/1941"}],"wp:attachment":[{"href":"https:\/\/nrcmachine.com\/tr\/wp-json\/wp\/v2\/media?parent=1940"}],"wp:term":[{"taxonomy":"post_tag","embeddable":true,"href":"https:\/\/nrcmachine.com\/tr\/wp-json\/wp\/v2\/tags?post=1940"},{"taxonomy":"products","embeddable":true,"href":"https:\/\/nrcmachine.com\/tr\/wp-json\/wp\/v2\/products?post=1940"}],"curies":[{"name":"wp","href":"https:\/\/api.w.org\/{rel}","templated":true}]}}