 {"id":1990,"date":"2025-11-09T14:45:23","date_gmt":"2025-11-09T06:45:23","guid":{"rendered":"https:\/\/nrcmachine.com\/?post_type=product&#038;p=1990"},"modified":"2026-01-02T10:12:21","modified_gmt":"2026-01-02T02:12:21","slug":"toilet-paper-machine-full-automatic","status":"publish","type":"product","link":"https:\/\/nrcmachine.com\/tr\/product\/toilet-paper-machine-full-automatic\/","title":{"rendered":"Tuvalet Ka\u011f\u0131d\u0131 Makinesi Tam Otomatik"},"content":{"rendered":"<h5 style=\"text-align: center;\"><strong>\u2728Banyo Deneyiminizi Bir Banyo ile Yenileyin <a href=\"https:\/\/nrcmachine.com\/product\/mini-toilet-paper-making-machine\/\">Tuvalet Ka\u011f\u0131d\u0131 Makinesi Tam Otomatik<\/a>\u2728<\/strong><\/h5>\n<p><a href=\"https:\/\/nrcmachine.com\/product\/mini-toilet-paper-making-machine\/\"><strong>Tuvalet ka\u011f\u0131d\u0131 makinesi tam otomatik<\/strong><\/a>\u00a0verimlilik, hassasiyet ve y\u00fcksek hacimli \u00e7\u0131kt\u0131 hedefleyen modern hijyen i\u015fletmeleri i\u00e7in nihai \u00e7\u00f6z\u00fcmd\u00fcr. Bu ak\u0131ll\u0131, tam otomatik sistem, ham hamuru minimum insan m\u00fcdahalesiyle \u00fcst\u00fcn kaliteli tuvalet rulolar\u0131na d\u00f6n\u00fc\u015ft\u00fcrerek zamandan, i\u015f\u00e7ilikten ve i\u015fletme maliyetlerinden tasarruf sa\u011flar.<\/p>\n<div class=\"ast-oembed-container\" style=\"height: 100%;\"><iframe title=\"K\u00fc\u00e7\u00fck Tuvalet Ka\u011f\u0131d\u0131 Yapma Makinesi Fiyat\u0131\" width=\"500\" height=\"281\" src=\"https:\/\/www.youtube.com\/embed\/P8v7D48-87c?feature=oembed\" frameborder=\"0\" allow=\"accelerometer; autoplay; clipboard-write; encrypted-media; gyroscope; picture-in-picture; web-share\" referrerpolicy=\"strict-origin-when-cross-origin\" allowfullscreen><\/iframe><\/div>\n<h6><strong>\ud83c\udf1f Onu Bu Kadar \u00d6zel K\u0131lan Nedir?<\/strong><\/h6>\n<p>Geli\u015fmi\u015f PLC kontrol\u00fc, dokunmatik ekran aray\u00fcz\u00fc ve ak\u0131ll\u0131 ar\u0131za tespiti ile donat\u0131lm\u0131\u015f olan <a href=\"https:\/\/nrcmachine.com\/product\/toilet-paper-making-machine-price\/\"><strong>tuvalet ka\u011f\u0131d\u0131 makinesi tam otomatik<\/strong><\/a>\u00a0ba\u015ftan sona sorunsuz \u00e7al\u0131\u015fma sa\u011flar. Her ad\u0131m\u0131 ger\u00e7ekle\u015ftirir: ka\u011f\u0131t besleme, kabartma, laminasyon, geri sarma, kesme ve hatta otomatik etiketleme. \u0130ster k\u00fc\u00e7\u00fck bir fabrika i\u015fletiyor ister \u00fcretimi b\u00fcy\u00fct\u00fcyor olun, bu makine ihtiya\u00e7lar\u0131n\u0131za zahmetsizce uyum sa\u011flar.<\/p>\n<h6><strong>\ud83c\udfed \u00dcretkenli\u011fi Art\u0131r\u0131n ve Kaliteyi Koruyun<\/strong><\/h6>\n<p>Tam otomatik kurulum sayesinde yumu\u015fakl\u0131k, mukavemet veya emicilikten \u00f6d\u00fcn vermeden dakikada 600 metreye varan \u00fcretim h\u0131zlar\u0131na ula\u015fabilirsiniz. Makine tutarl\u0131 gerginli\u011fi ve hassas kesimi koruyarak her seferinde kusursuz rulolar elde etmenizi sa\u011flar. \u0130srafa veda edin ve maksimum verime merhaba deyin!<\/p>\n<p>\u00dcstelik <a href=\"https:\/\/nrcmachine.com\/products\/toilet-paper-making-machine\/\"><strong>tuvalet ka\u011f\u0131d\u0131 yapma makinesi tam otomatik<\/strong><\/a>\u00a0enerji verimlili\u011fi ve d\u00fc\u015f\u00fck bak\u0131m i\u00e7in tasarlanm\u0131\u015ft\u0131r. Dayan\u0131kl\u0131 paslanmaz \u00e7elik yap\u0131s\u0131 ve ak\u0131ll\u0131 sens\u00f6rleri ar\u0131za s\u00fcresini azalt\u0131r ve hizmet \u00f6mr\u00fcn\u00fc uzat\u0131r, bu da onu ak\u0131ll\u0131 bir uzun vadeli yat\u0131r\u0131m haline getirir.<\/p>\n<h6><strong>\ud83c\udf0d \u00c7evre Dostu ve Gelece\u011fe Haz\u0131r<\/strong><\/h6>\n<p>S\u00fcrd\u00fcr\u00fclebilirlik \u00f6nemlidir. Bu makine \u00e7evre dostu malzemeleri destekler ve hassas m\u00fchendislik sayesinde hammadde israf\u0131n\u0131 azalt\u0131r. Bir se\u00e7im yaparak <a href=\"https:\/\/nrcmachine.com\/products\/toilet-paper-making-machine\/\"><strong>tuvalet ka\u011f\u0131d\u0131 rulosu yapma makinesi tam otomatik<\/strong><\/a>, Sadece k\u00e2r\u0131n\u0131z\u0131 art\u0131rmakla kalm\u0131yor, ayn\u0131 zamanda daha ye\u015fil bir gezegene katk\u0131da bulunuyorsunuz.<\/p>\n<h6><strong>\u2705 \u0130\u015finizi D\u00f6n\u00fc\u015ft\u00fcrmeye Haz\u0131r m\u0131s\u0131n\u0131z?<\/strong><\/h6>\n<p>Kalite, h\u0131z ve yenilik konusunda ciddiyseniz, bu son teknoloji ekipman\u0131 \u00fcretim hatt\u0131n\u0131za entegre etme \u015fans\u0131n\u0131 ka\u00e7\u0131rmay\u0131n. \u0130ster bir startup ister k\u00f6kl\u00fc bir marka olun <a href=\"https:\/\/nrcmachine.com\/products\/toilet-paper-making-machine\/\"><strong>tuvalet ka\u011f\u0131d\u0131 \u00fcretim makinesi tam otomatik<\/strong><\/a>\u00a0rekabet\u00e7i hijyen pazar\u0131nda bir ad\u0131m \u00f6nde olmak i\u00e7in biletinizdir.<\/p>\n<p>\ud83d\udce9 \u00dccretsiz dan\u0131\u015fmanl\u0131k ve fiyatland\u0131rma detaylar\u0131 i\u00e7in bize DM at\u0131n! Gelece\u011fe do\u011fru birlikte ilerleyelim! \ud83d\ude80\ud83e\uddfb<\/p>\n<p>#<a href=\"https:\/\/nrcmachinery.com\/toilet-paper-machine-for-sale.html\">Tuvalet Ka\u011f\u0131d\u0131 Makinesi Tam Otomatik<\/a> #Smart Manufacturing #Hygiene Innovation #Eco Friendly Production<\/p>\n<p>&nbsp;<\/p>","protected":false},"featured_media":1991,"template":"","meta":{"_acf_changed":false,"_monsterinsights_skip_tracking":false,"_monsterinsights_sitenote_active":false,"_monsterinsights_sitenote_note":"","_monsterinsights_sitenote_category":0,"site-sidebar-layout":"default","site-content-layout":"","ast-site-content-layout":"default","site-content-style":"default","site-sidebar-style":"default","ast-global-header-display":"","ast-banner-title-visibility":"","ast-main-header-display":"","ast-hfb-above-header-display":"","ast-hfb-below-header-display":"","ast-hfb-mobile-header-display":"","site-post-title":"","ast-breadcrumbs-content":"","ast-featured-img":"","footer-sml-layout":"","theme-transparent-header-meta":"default","adv-header-id-meta":"","stick-header-meta":"default","header-above-stick-meta":"","header-main-stick-meta":"","header-below-stick-meta":"","astra-migrate-meta-layouts":"set","ast-page-background-enabled":"default","ast-page-background-meta":{"desktop":{"background-color":"var(--ast-global-color-4)","background-image":"","background-repeat":"repeat","background-position":"center center","background-size":"auto","background-attachment":"scroll","background-type":"","background-media":"","overlay-type":"","overlay-color":"","overlay-opacity":"","overlay-gradient":""},"tablet":{"background-color":"","background-image":"","background-repeat":"repeat","background-position":"center center","background-size":"auto","background-attachment":"scroll","background-type":"","background-media":"","overlay-type":"","overlay-color":"","overlay-opacity":"","overlay-gradient":""},"mobile":{"background-color":"","background-image":"","background-repeat":"repeat","background-position":"center center","background-size":"auto","background-attachment":"scroll","background-type":"","background-media":"","overlay-type":"","overlay-color":"","overlay-opacity":"","overlay-gradient":""}},"ast-content-background-meta":{"desktop":{"background-color":"var(--ast-global-color-5)","background-image":"","background-repeat":"repeat","background-position":"center center","background-size":"auto","background-attachment":"scroll","background-type":"","background-media":"","overlay-type":"","overlay-color":"","overlay-opacity":"","overlay-gradient":""},"tablet":{"background-color":"var(--ast-global-color-5)","background-image":"","background-repeat":"repeat","background-position":"center center","background-size":"auto","background-attachment":"scroll","background-type":"","background-media":"","overlay-type":"","overlay-color":"","overlay-opacity":"","overlay-gradient":""},"mobile":{"background-color":"var(--ast-global-color-5)","background-image":"","background-repeat":"repeat","background-position":"center center","background-size":"auto","background-attachment":"scroll","background-type":"","background-media":"","overlay-type":"","overlay-color":"","overlay-opacity":"","overlay-gradient":""}}},"tags":[56],"products":[47],"class_list":["post-1990","product","type-product","status-publish","has-post-thumbnail","hentry","tag-toilet-paper-making-machine","products-toilet-paper-making-machine"],"acf":[],"aioseo_notices":[],"aioseo_head":"\n\t\t<!-- All in One SEO Pro 4.9.2 - aioseo.com -->\n\t<meta name=\"description\" content=\"Toilet paper machine full automatic is the ultimate solution for modern hygiene businesses aiming for efficiency, precision, and high-volume output.\" \/>\n\t<meta name=\"robots\" content=\"noodp, max-snippet:-1, max-image-preview:large, max-video-preview:-1\" \/>\n\t<link rel=\"canonical\" href=\"https:\/\/nrcmachine.com\/tr\/product\/toilet-paper-machine-full-automatic\/\" \/>\n\t<meta name=\"generator\" content=\"All in One SEO Pro (AIOSEO) 4.9.2\" \/>\n\t\t<meta property=\"og:locale\" content=\"tr_TR\" \/>\n\t\t<meta property=\"og:site_name\" content=\"Toilet Paper Machine, Paper Tube Machine | NRC Machine - Reliable Paper Machinery Solutions\" \/>\n\t\t<meta property=\"og:type\" content=\"article\" \/>\n\t\t<meta property=\"og:title\" content=\"Toilet Paper Machine Full Automatic - QINGDAO NEW RICHUAN\" \/>\n\t\t<meta property=\"og:description\" content=\"Toilet paper machine full automatic is the ultimate solution for modern hygiene businesses aiming for efficiency, precision, and high-volume output.\" \/>\n\t\t<meta property=\"og:url\" content=\"https:\/\/nrcmachine.com\/tr\/product\/toilet-paper-machine-full-automatic\/\" \/>\n\t\t<meta property=\"og:image\" content=\"https:\/\/nrcmachine.com\/wp-content\/uploads\/2025\/11\/toilet-paper-making-machine-2.webp\" \/>\n\t\t<meta property=\"og:image:secure_url\" content=\"https:\/\/nrcmachine.com\/wp-content\/uploads\/2025\/11\/toilet-paper-making-machine-2.webp\" \/>\n\t\t<meta property=\"og:image:width\" content=\"640\" \/>\n\t\t<meta property=\"og:image:height\" content=\"640\" \/>\n\t\t<meta property=\"article:published_time\" content=\"2025-11-09T06:45:23+00:00\" \/>\n\t\t<meta property=\"article:modified_time\" content=\"2026-01-02T02:12:21+00:00\" \/>\n\t\t<meta property=\"article:publisher\" content=\"https:\/\/www.facebook.com\/james.gao.349938\" \/>\n\t\t<meta name=\"twitter:card\" content=\"summary\" \/>\n\t\t<meta name=\"twitter:site\" content=\"@JamesGao65335\" \/>\n\t\t<meta name=\"twitter:title\" content=\"Toilet Paper Machine Full Automatic - QINGDAO NEW RICHUAN\" \/>\n\t\t<meta name=\"twitter:description\" content=\"Toilet paper machine full automatic is the ultimate solution for modern hygiene businesses aiming for efficiency, precision, and high-volume output.\" \/>\n\t\t<meta name=\"twitter:image\" content=\"https:\/\/nrcmachine.com\/wp-content\/uploads\/2025\/11\/toilet-paper-making-machine-2.webp\" \/>\n\t\t<script type=\"application\/ld+json\" class=\"aioseo-schema\">\n\t\t\t{\"@context\":\"https:\\\/\\\/schema.org\",\"@graph\":[{\"@type\":\"BreadcrumbList\",\"@id\":\"https:\\\/\\\/nrcmachine.com\\\/tr\\\/product\\\/toilet-paper-machine-full-automatic\\\/#breadcrumblist\",\"itemListElement\":[{\"@type\":\"ListItem\",\"@id\":\"https:\\\/\\\/nrcmachine.com\\\/tr#listItem\",\"position\":1,\"name\":\"Home\",\"item\":\"https:\\\/\\\/nrcmachine.com\\\/tr\",\"nextItem\":{\"@type\":\"ListItem\",\"@id\":\"https:\\\/\\\/nrcmachine.com\\\/tr\\\/product\\\/#listItem\",\"name\":\"Products\"}},{\"@type\":\"ListItem\",\"@id\":\"https:\\\/\\\/nrcmachine.com\\\/tr\\\/product\\\/#listItem\",\"position\":2,\"name\":\"Products\",\"item\":\"https:\\\/\\\/nrcmachine.com\\\/tr\\\/product\\\/\",\"nextItem\":{\"@type\":\"ListItem\",\"@id\":\"https:\\\/\\\/nrcmachine.com\\\/tr\\\/tag\\\/toilet-paper-making-machine\\\/#listItem\",\"name\":\"toilet paper making machine\"},\"previousItem\":{\"@type\":\"ListItem\",\"@id\":\"https:\\\/\\\/nrcmachine.com\\\/tr#listItem\",\"name\":\"Home\"}},{\"@type\":\"ListItem\",\"@id\":\"https:\\\/\\\/nrcmachine.com\\\/tr\\\/tag\\\/toilet-paper-making-machine\\\/#listItem\",\"position\":3,\"name\":\"toilet paper making machine\",\"item\":\"https:\\\/\\\/nrcmachine.com\\\/tr\\\/tag\\\/toilet-paper-making-machine\\\/\",\"nextItem\":{\"@type\":\"ListItem\",\"@id\":\"https:\\\/\\\/nrcmachine.com\\\/tr\\\/product\\\/toilet-paper-machine-full-automatic\\\/#listItem\",\"name\":\"Toilet Paper Machine Full Automatic\"},\"previousItem\":{\"@type\":\"ListItem\",\"@id\":\"https:\\\/\\\/nrcmachine.com\\\/tr\\\/product\\\/#listItem\",\"name\":\"Products\"}},{\"@type\":\"ListItem\",\"@id\":\"https:\\\/\\\/nrcmachine.com\\\/tr\\\/product\\\/toilet-paper-machine-full-automatic\\\/#listItem\",\"position\":4,\"name\":\"Toilet Paper Machine Full Automatic\",\"previousItem\":{\"@type\":\"ListItem\",\"@id\":\"https:\\\/\\\/nrcmachine.com\\\/tr\\\/tag\\\/toilet-paper-making-machine\\\/#listItem\",\"name\":\"toilet paper making machine\"}}]},{\"@type\":\"Organization\",\"@id\":\"https:\\\/\\\/nrcmachine.com\\\/tr\\\/#organization\",\"name\":\"Toilet Paper Machine, Paper Tube Machine | NRC Machine wordpress\",\"description\":\"Reliable Paper Machinery Solutions\",\"url\":\"https:\\\/\\\/nrcmachine.com\\\/tr\\\/\",\"email\":\"james@nrcmachine.com\",\"telephone\":\"+8615254213289\",\"foundingDate\":\"2023-11-01\",\"numberOfEmployees\":{\"@type\":\"QuantitativeValue\",\"minValue\":1,\"maxValue\":50},\"logo\":{\"@type\":\"ImageObject\",\"url\":\"https:\\\/\\\/nrcmachine.com\\\/wp-content\\\/uploads\\\/2026\\\/01\\\/logo23.png\",\"@id\":\"https:\\\/\\\/nrcmachine.com\\\/tr\\\/product\\\/toilet-paper-machine-full-automatic\\\/#organizationLogo\",\"width\":800,\"height\":800,\"caption\":\"logo for NRC MACHINE\"},\"image\":{\"@id\":\"https:\\\/\\\/nrcmachine.com\\\/tr\\\/product\\\/toilet-paper-machine-full-automatic\\\/#organizationLogo\"},\"sameAs\":[\"https:\\\/\\\/www.facebook.com\\\/james.gao.349938\",\"https:\\\/\\\/x.com\\\/JamesGao65335\",\"https:\\\/\\\/www.instagram.com\\\/jamesgao407?igsh=d2YybzFhMjY0YTl3\",\"https:\\\/\\\/www.tiktok.com\\\/@gyl20210118\",\"https:\\\/\\\/www.linkedin.com\\\/in\\\/--9a63583a9\\\/\"],\"address\":{\"@id\":\"https:\\\/\\\/nrcmachine.com\\\/tr\\\/#postaladdress\",\"@type\":\"PostalAddress\",\"streetAddress\":\"No..519,Jiangshan South Road,Huangdao,\",\"postalCode\":\"266500\",\"addressLocality\":\"Qingdao\",\"addressRegion\":\"Shandong Province\",\"addressCountry\":\"CN\"},\"taxID\":\"91370211MAD54P6P85\",\"vatID\":\"91370211MAD54P6P85\"},{\"@type\":\"WebPage\",\"@id\":\"https:\\\/\\\/nrcmachine.com\\\/tr\\\/product\\\/toilet-paper-machine-full-automatic\\\/#webpage\",\"url\":\"https:\\\/\\\/nrcmachine.com\\\/tr\\\/product\\\/toilet-paper-machine-full-automatic\\\/\",\"name\":\"Toilet Paper Machine Full Automatic - QINGDAO NEW RICHUAN\",\"description\":\"Toilet paper machine full automatic is the ultimate solution for modern hygiene businesses aiming for efficiency, precision, and high-volume output.\",\"inLanguage\":\"tr-TR\",\"isPartOf\":{\"@id\":\"https:\\\/\\\/nrcmachine.com\\\/tr\\\/#website\"},\"breadcrumb\":{\"@id\":\"https:\\\/\\\/nrcmachine.com\\\/tr\\\/product\\\/toilet-paper-machine-full-automatic\\\/#breadcrumblist\"},\"image\":{\"@type\":\"ImageObject\",\"url\":\"https:\\\/\\\/nrcmachine.com\\\/wp-content\\\/uploads\\\/2025\\\/11\\\/toilet-paper-making-machine-2.webp\",\"@id\":\"https:\\\/\\\/nrcmachine.com\\\/tr\\\/product\\\/toilet-paper-machine-full-automatic\\\/#mainImage\",\"width\":640,\"height\":640,\"caption\":\"toilet paper machine full automatic\"},\"primaryImageOfPage\":{\"@id\":\"https:\\\/\\\/nrcmachine.com\\\/tr\\\/product\\\/toilet-paper-machine-full-automatic\\\/#mainImage\"},\"datePublished\":\"2025-11-09T14:45:23+08:00\",\"dateModified\":\"2026-01-02T10:12:21+08:00\"},{\"@type\":\"WebSite\",\"@id\":\"https:\\\/\\\/nrcmachine.com\\\/tr\\\/#website\",\"url\":\"https:\\\/\\\/nrcmachine.com\\\/tr\\\/\",\"name\":\"Toilet Paper Machine, Paper Tube Machine | NRC Machine\",\"alternateName\":\"Qingdao New Richuan Precision Machine Co.,Ltd\",\"description\":\"Reliable Paper Machinery Solutions\",\"inLanguage\":\"tr-TR\",\"publisher\":{\"@id\":\"https:\\\/\\\/nrcmachine.com\\\/tr\\\/#organization\"}}]}\n\t\t<\/script>\n\t\t<!-- All in One SEO Pro -->\r\n\t\t<title>Toilet Paper Machine Full Automatic - QINGDAO NEW RICHUAN<\/title>\n\n","aioseo_head_json":{"title":"Tuvalet Ka\u011f\u0131d\u0131 Makinesi Tam Otomatik - QINGDAO NEW RICHUAN","description":"Tam otomatik tuvalet ka\u011f\u0131d\u0131 makinesi, verimlilik, hassasiyet ve y\u00fcksek hacimli \u00e7\u0131kt\u0131 hedefleyen modern hijyen i\u015fletmeleri i\u00e7in nihai \u00e7\u00f6z\u00fcmd\u00fcr.","canonical_url":"https:\/\/nrcmachine.com\/tr\/product\/toilet-paper-machine-full-automatic\/","robots":"noodp, max-snippet:-1, max-image-preview:large, max-video-preview:-1","keywords":"","webmasterTools":{"miscellaneous":""},"schema":{"@context":"https:\/\/schema.org","@graph":[{"@type":"BreadcrumbList","@id":"https:\/\/nrcmachine.com\/tr\/product\/toilet-paper-machine-full-automatic\/#breadcrumblist","itemListElement":[{"@type":"ListItem","@id":"https:\/\/nrcmachine.com\/tr#listItem","position":1,"name":"Home","item":"https:\/\/nrcmachine.com\/tr","nextItem":{"@type":"ListItem","@id":"https:\/\/nrcmachine.com\/tr\/product\/#listItem","name":"Products"}},{"@type":"ListItem","@id":"https:\/\/nrcmachine.com\/tr\/product\/#listItem","position":2,"name":"Products","item":"https:\/\/nrcmachine.com\/tr\/product\/","nextItem":{"@type":"ListItem","@id":"https:\/\/nrcmachine.com\/tr\/tag\/toilet-paper-making-machine\/#listItem","name":"toilet paper making machine"},"previousItem":{"@type":"ListItem","@id":"https:\/\/nrcmachine.com\/tr#listItem","name":"Home"}},{"@type":"ListItem","@id":"https:\/\/nrcmachine.com\/tr\/tag\/toilet-paper-making-machine\/#listItem","position":3,"name":"toilet paper making machine","item":"https:\/\/nrcmachine.com\/tr\/tag\/toilet-paper-making-machine\/","nextItem":{"@type":"ListItem","@id":"https:\/\/nrcmachine.com\/tr\/product\/toilet-paper-machine-full-automatic\/#listItem","name":"Toilet Paper Machine Full Automatic"},"previousItem":{"@type":"ListItem","@id":"https:\/\/nrcmachine.com\/tr\/product\/#listItem","name":"Products"}},{"@type":"ListItem","@id":"https:\/\/nrcmachine.com\/tr\/product\/toilet-paper-machine-full-automatic\/#listItem","position":4,"name":"Toilet Paper Machine Full Automatic","previousItem":{"@type":"ListItem","@id":"https:\/\/nrcmachine.com\/tr\/tag\/toilet-paper-making-machine\/#listItem","name":"toilet paper making machine"}}]},{"@type":"Organization","@id":"https:\/\/nrcmachine.com\/tr\/#organization","name":"Toilet Paper Machine, Paper Tube Machine | NRC Machine wordpress","description":"Reliable Paper Machinery Solutions","url":"https:\/\/nrcmachine.com\/tr\/","email":"james@nrcmachine.com","telephone":"+8615254213289","foundingDate":"2023-11-01","numberOfEmployees":{"@type":"QuantitativeValue","minValue":1,"maxValue":50},"logo":{"@type":"ImageObject","url":"https:\/\/nrcmachine.com\/wp-content\/uploads\/2026\/01\/logo23.png","@id":"https:\/\/nrcmachine.com\/tr\/product\/toilet-paper-machine-full-automatic\/#organizationLogo","width":800,"height":800,"caption":"logo for NRC MACHINE"},"image":{"@id":"https:\/\/nrcmachine.com\/tr\/product\/toilet-paper-machine-full-automatic\/#organizationLogo"},"sameAs":["https:\/\/www.facebook.com\/james.gao.349938","https:\/\/x.com\/JamesGao65335","https:\/\/www.instagram.com\/jamesgao407?igsh=d2YybzFhMjY0YTl3","https:\/\/www.tiktok.com\/@gyl20210118","https:\/\/www.linkedin.com\/in\/--9a63583a9\/"],"address":{"@id":"https:\/\/nrcmachine.com\/tr\/#postaladdress","@type":"PostalAddress","streetAddress":"No..519,Jiangshan South Road,Huangdao,","postalCode":"266500","addressLocality":"Qingdao","addressRegion":"Shandong Province","addressCountry":"CN"},"taxID":"91370211MAD54P6P85","vatID":"91370211MAD54P6P85"},{"@type":"WebPage","@id":"https:\/\/nrcmachine.com\/tr\/product\/toilet-paper-machine-full-automatic\/#webpage","url":"https:\/\/nrcmachine.com\/tr\/product\/toilet-paper-machine-full-automatic\/","name":"Toilet Paper Machine Full Automatic - QINGDAO NEW RICHUAN","description":"Toilet paper machine full automatic is the ultimate solution for modern hygiene businesses aiming for efficiency, precision, and high-volume output.","inLanguage":"tr-TR","isPartOf":{"@id":"https:\/\/nrcmachine.com\/tr\/#website"},"breadcrumb":{"@id":"https:\/\/nrcmachine.com\/tr\/product\/toilet-paper-machine-full-automatic\/#breadcrumblist"},"image":{"@type":"ImageObject","url":"https:\/\/nrcmachine.com\/wp-content\/uploads\/2025\/11\/toilet-paper-making-machine-2.webp","@id":"https:\/\/nrcmachine.com\/tr\/product\/toilet-paper-machine-full-automatic\/#mainImage","width":640,"height":640,"caption":"toilet paper machine full automatic"},"primaryImageOfPage":{"@id":"https:\/\/nrcmachine.com\/tr\/product\/toilet-paper-machine-full-automatic\/#mainImage"},"datePublished":"2025-11-09T14:45:23+08:00","dateModified":"2026-01-02T10:12:21+08:00"},{"@type":"WebSite","@id":"https:\/\/nrcmachine.com\/tr\/#website","url":"https:\/\/nrcmachine.com\/tr\/","name":"Toilet Paper Machine, Paper Tube Machine | NRC Machine","alternateName":"Qingdao New Richuan Precision Machine Co.,Ltd","description":"Reliable Paper Machinery Solutions","inLanguage":"tr-TR","publisher":{"@id":"https:\/\/nrcmachine.com\/tr\/#organization"}}]},"og:locale":"tr_TR","og:site_name":"Toilet Paper Machine, Paper Tube Machine | NRC Machine - Reliable Paper Machinery Solutions","og:type":"article","og:title":"Toilet Paper Machine Full Automatic - QINGDAO NEW RICHUAN","og:description":"Toilet paper machine full automatic is the ultimate solution for modern hygiene businesses aiming for efficiency, precision, and high-volume output.","og:url":"https:\/\/nrcmachine.com\/tr\/product\/toilet-paper-machine-full-automatic\/","og:image":"https:\/\/nrcmachine.com\/wp-content\/uploads\/2025\/11\/toilet-paper-making-machine-2.webp","og:image:secure_url":"https:\/\/nrcmachine.com\/wp-content\/uploads\/2025\/11\/toilet-paper-making-machine-2.webp","og:image:width":640,"og:image:height":640,"article:published_time":"2025-11-09T06:45:23+00:00","article:modified_time":"2026-01-02T02:12:21+00:00","article:publisher":"https:\/\/www.facebook.com\/james.gao.349938","twitter:card":"summary","twitter:site":"@JamesGao65335","twitter:title":"Toilet Paper Machine Full Automatic - QINGDAO NEW RICHUAN","twitter:description":"Toilet paper machine full automatic is the ultimate solution for modern hygiene businesses aiming for efficiency, precision, and high-volume output.","twitter:image":"https:\/\/nrcmachine.com\/wp-content\/uploads\/2025\/11\/toilet-paper-making-machine-2.webp"},"aioseo_meta_data":{"post_id":"1990","title":"#post_title #separator_sa QINGDAO NEW RICHUAN","description":"Tam otomatik tuvalet ka\u011f\u0131d\u0131 makinesi, verimlilik, hassasiyet ve y\u00fcksek hacimli \u00e7\u0131kt\u0131 hedefleyen modern hijyen i\u015fletmeleri i\u00e7in nihai \u00e7\u00f6z\u00fcmd\u00fcr.","keywords":null,"keyphrases":{"focus":{"keyphrase":"toilet paper machine","score":100,"analysis":{"keyphraseInTitle":{"score":9,"maxScore":9,"error":0},"keyphraseInDescription":{"score":9,"maxScore":9,"error":0},"keyphraseLength":{"score":9,"maxScore":9,"error":0,"length":3},"keyphraseInURL":{"score":5,"maxScore":5,"error":0},"keyphraseInIntroduction":{"score":9,"maxScore":9,"error":0},"keyphraseInSubHeadings":[],"keyphraseInImageAlt":[],"keywordDensity":{"type":"best","score":9,"maxScore":9,"error":0}}},"additional":[]},"primary_term":null,"canonical_url":null,"og_title":null,"og_description":null,"og_object_type":"default","og_image_type":"default","og_image_url":null,"og_image_width":null,"og_image_height":null,"og_image_custom_url":null,"og_image_custom_fields":null,"og_video":"","og_custom_url":null,"og_article_section":null,"og_article_tags":null,"twitter_use_og":false,"twitter_card":"default","twitter_image_type":"default","twitter_image_url":null,"twitter_image_custom_url":null,"twitter_image_custom_fields":null,"twitter_title":null,"twitter_description":null,"schema":{"blockGraphs":[],"customGraphs":[],"default":{"data":{"Article":[],"Course":[],"Dataset":[],"FAQPage":[],"Movie":[],"Person":[],"Product":[],"ProductReview":[],"Car":[],"Recipe":[],"Service":[],"SoftwareApplication":[],"WebPage":[]},"graphName":"ItemPage","isEnabled":true},"graphs":[]},"schema_type":"default","schema_type_options":null,"pillar_content":false,"robots_default":true,"robots_noindex":false,"robots_noarchive":false,"robots_nosnippet":false,"robots_nofollow":false,"robots_noimageindex":false,"robots_noodp":false,"robots_notranslate":false,"robots_max_snippet":"-1","robots_max_videopreview":"-1","robots_max_imagepreview":"large","priority":null,"frequency":"default","local_seo":null,"seo_analyzer_scan_date":"2026-02-13 03:42:11","breadcrumb_settings":null,"limit_modified_date":false,"reviewed_by":null,"open_ai":null,"ai":{"faqs":[],"keyPoints":[],"titles":[],"descriptions":[],"socialPosts":{"email":[],"linkedin":[],"twitter":[],"facebook":[],"instagram":[]}},"created":"2025-12-11 08:38:39","updated":"2026-02-13 06:51:55"},"aioseo_breadcrumb":"<div class=\"aioseo-breadcrumbs\"><span class=\"aioseo-breadcrumb\">\n\t<a href=\"https:\/\/nrcmachine.com\/tr\" title=\"Home\">Home<\/a>\n<\/span><span class=\"aioseo-breadcrumb-separator\">\u00bb<\/span><span class=\"aioseo-breadcrumb\">\n\t<a href=\"https:\/\/nrcmachine.com\/tr\/product\/\" title=\"Products\">Products<\/a>\n<\/span><span class=\"aioseo-breadcrumb-separator\">\u00bb<\/span><span class=\"aioseo-breadcrumb\">\n\t<a href=\"https:\/\/nrcmachine.com\/tr\/tag\/toilet-paper-making-machine\/\" title=\"toilet paper making machine\">toilet paper making machine<\/a>\n<\/span><span class=\"aioseo-breadcrumb-separator\">\u00bb<\/span><span class=\"aioseo-breadcrumb\">\n\tToilet Paper Machine Full Automatic\n<\/span><\/div>","aioseo_breadcrumb_json":[{"label":"Home","link":"https:\/\/nrcmachine.com\/tr"},{"label":"Products","link":"https:\/\/nrcmachine.com\/tr\/product\/"},{"label":"toilet paper making machine","link":"https:\/\/nrcmachine.com\/tr\/tag\/toilet-paper-making-machine\/"},{"label":"Toilet Paper Machine Full Automatic","link":"https:\/\/nrcmachine.com\/tr\/product\/toilet-paper-machine-full-automatic\/"}],"_links":{"self":[{"href":"https:\/\/nrcmachine.com\/tr\/wp-json\/wp\/v2\/product\/1990","targetHints":{"allow":["GET"]}}],"collection":[{"href":"https:\/\/nrcmachine.com\/tr\/wp-json\/wp\/v2\/product"}],"about":[{"href":"https:\/\/nrcmachine.com\/tr\/wp-json\/wp\/v2\/types\/product"}],"version-history":[{"count":0,"href":"https:\/\/nrcmachine.com\/tr\/wp-json\/wp\/v2\/product\/1990\/revisions"}],"wp:featuredmedia":[{"embeddable":true,"href":"https:\/\/nrcmachine.com\/tr\/wp-json\/wp\/v2\/media\/1991"}],"wp:attachment":[{"href":"https:\/\/nrcmachine.com\/tr\/wp-json\/wp\/v2\/media?parent=1990"}],"wp:term":[{"taxonomy":"post_tag","embeddable":true,"href":"https:\/\/nrcmachine.com\/tr\/wp-json\/wp\/v2\/tags?post=1990"},{"taxonomy":"products","embeddable":true,"href":"https:\/\/nrcmachine.com\/tr\/wp-json\/wp\/v2\/products?post=1990"}],"curies":[{"name":"wp","href":"https:\/\/api.w.org\/{rel}","templated":true}]}}