 {"id":1995,"date":"2025-11-09T14:58:22","date_gmt":"2025-11-09T06:58:22","guid":{"rendered":"https:\/\/nrcmachine.com\/?post_type=product&#038;p=1995"},"modified":"2026-01-02T10:11:12","modified_gmt":"2026-01-02T02:11:12","slug":"toilet-paper-making-machinery","status":"publish","type":"product","link":"https:\/\/nrcmachine.com\/tr\/product\/toilet-paper-making-machinery\/","title":{"rendered":"Tuvalet Ka\u011f\u0131d\u0131 Yapma Makineleri"},"content":{"rendered":"<h5 style=\"text-align: center;\"><strong>\u2728En \u0130yi Rehber <a href=\"https:\/\/nrcmachine.com\/products\/toilet-paper-making-machine\/\">Tuvalet Ka\u011f\u0131d\u0131 Yapma Makineleri<\/a>\u2728<\/strong><\/h5>\n<p>Ba\u015far\u0131l\u0131 bir doku \u00fcretim hatt\u0131 kurmak s\u00f6z konusu oldu\u011funda, en \u00f6nemli yat\u0131r\u0131mlardan biri y\u00fcksek kalitedir <a href=\"https:\/\/nrcmachine.com\/products\/toilet-paper-making-machine\/\"><strong>tuvalet ka\u011f\u0131d\u0131 yapma makineleri<\/strong><\/a>. \u0130ster yeni bir marka kuruyor ister mevcut i\u015finizi b\u00fcy\u00fct\u00fcyor olun, do\u011fru ekipman\u0131 se\u00e7mek b\u00fcy\u00fck fark yaratabilir. Hammadde i\u015flemeden nihai \u00fcr\u00fcne kadar modern makineler verimlilik, tutarl\u0131l\u0131k ve hijyen sa\u011flar.<\/p>\n<div class=\"ast-oembed-container\" style=\"height: 100%;\"><iframe title=\"K\u00fc\u00e7\u00fck Tuvalet Ka\u011f\u0131d\u0131 Yapma Makinesi Fiyat\u0131\" width=\"500\" height=\"281\" src=\"https:\/\/www.youtube.com\/embed\/P8v7D48-87c?feature=oembed\" frameborder=\"0\" allow=\"accelerometer; autoplay; clipboard-write; encrypted-media; gyroscope; picture-in-picture; web-share\" referrerpolicy=\"strict-origin-when-cross-origin\" allowfullscreen><\/iframe><\/div>\n<h6><strong>\ud83c\udf1f Temel Bile\u015fenleri <a href=\"https:\/\/nrcmachine.com\/products\/toilet-paper-making-machine\/\">Tuvalet Ka\u011f\u0131d\u0131 \u00dcretim Hatt\u0131<\/a><\/strong><\/h6>\n<p>Eksiksiz bir <a href=\"https:\/\/nrcmachinery.com\/products\/toilet-paper-machine.html\"><strong>tuvalet ka\u011f\u0131d\u0131 yapma makineleri<\/strong><\/a>\u00a0kurulum, birlikte sorunsuz bir \u015fekilde \u00e7al\u0131\u015fan birka\u00e7 temel makine i\u00e7erir. \u015eimdi en \u00f6nemli olanlar\u0131 inceleyelim:<\/p>\n<ol>\n<li><strong> Kesim Makinesi<\/strong><br \/>\nBu makine, b\u00fcy\u00fck jumbo rulolar\u0131 daha k\u00fc\u00e7\u00fck, t\u00fcketici dostu geni\u015fliklere hassas bir \u015fekilde dilimlemekten sorumludur. Geli\u015fmi\u015f kesim sistemleri temiz, e\u015fit kenarlar ve tutarl\u0131 rulo boyutlar\u0131 sa\u011flamak i\u00e7in bilgisayarl\u0131 kontroller kullan\u0131r. \u0130ster standart ister \u00f6zel boyutlu tuvalet ka\u011f\u0131d\u0131 \u00fcretiyor olun, kesme makinesi minimum at\u0131k ve maksimum \u00e7\u0131kt\u0131y\u0131 garanti eder.<\/li>\n<li><strong> Sar\u0131c\u0131 Makine<\/strong><br \/>\nKesim i\u015fleminden sonra, sar\u0131c\u0131 \u00f6n plana \u00e7\u0131kar. Kesilen rulolar\u0131 karton g\u00f6beklere sararak ma\u011fazalarda g\u00f6rd\u00fc\u011f\u00fcm\u00fcz tan\u0131d\u0131k tuvalet ka\u011f\u0131d\u0131 rulolar\u0131n\u0131 olu\u015fturur. Otomatik g\u00f6bek besleme ve gerginlik kontrol\u00fc ile donat\u0131lan sar\u0131c\u0131, her rulonun s\u0131k\u0131 ve e\u015fit \u015fekilde sar\u0131lmas\u0131n\u0131 sa\u011flar; bu hem estetik hem de kullan\u0131labilirlik a\u00e7\u0131s\u0131ndan kritik \u00f6nem ta\u015f\u0131r.<\/li>\n<li><strong> Paketleme Makinesi<\/strong><br \/>\nSon ad\u0131m? Paketleme. Tam otomatik bir paketleme makinesi, tekli rulolar\u0131 veya \u00e7oklu paketleri plastik film veya ka\u011f\u0131tla sarar, m\u00fch\u00fcrler ve da\u011f\u0131t\u0131ma haz\u0131rlar. Tarih bask\u0131s\u0131 ve parti etiketleme gibi \u00f6zellikleriyle bu makine profesyonelli\u011fi ve uyumlulu\u011fu art\u0131r\u0131r.<\/li>\n<\/ol>\n<h6><strong>\ud83d\udca1 Neden Geli\u015fmi\u015f Yat\u0131r\u0131m Yapmal\u0131s\u0131n\u0131z? <a href=\"https:\/\/nrcmachinery.com\/products\/toilet-paper-machine.html\">Tuvalet Ka\u011f\u0131d\u0131 Yapma Makineleri<\/a>?<\/strong><\/h6>\n<p>Y\u00fckseltme <a href=\"https:\/\/nrcmachinery.com\/products\/toilet-paper-machine.html\"><strong>tuvalet ka\u011f\u0131d\u0131 yapma makineleri<\/strong><\/a>\u00a0sadece \u00fcretim h\u0131z\u0131n\u0131 art\u0131rmakla kalmaz, ayn\u0131 zamanda \u00fcr\u00fcn kalitesini iyile\u015ftirir ve i\u015f\u00e7ilik maliyetlerini azalt\u0131r. Modern sistemler kolay kullan\u0131m, d\u00fc\u015f\u00fck bak\u0131m ve enerji verimlili\u011fi i\u00e7in tasarlanm\u0131\u015ft\u0131r; hem yeni ba\u015flayanlar hem de yerle\u015fik \u00fcreticiler i\u00e7in m\u00fckemmeldir.<\/p>\n<h6><strong>\ud83d\ude80 \u0130\u015finizi \u00d6l\u00e7eklendirmeye Haz\u0131r m\u0131s\u0131n\u0131z?<\/strong><\/h6>\n<p>Ak\u0131ll\u0131 makinelerin g\u00fcc\u00fcn\u00fc hafife almay\u0131n. Do\u011fru kesme, sarma ve paketleme makineleri ile raflarda \u00f6ne \u00e7\u0131kan birinci s\u0131n\u0131f tuvalet ka\u011f\u0131tlar\u0131 sunabilirsiniz.<\/p>\n<p>\ud83d\udc49 Makine \u00f6nerileri veya tedarik\u00e7i ipu\u00e7lar\u0131 i\u00e7in bana DM at\u0131n! Birlikte b\u00fcy\u00fcyelim! \ud83d\udcbc\ud83c\udf0d<\/p>\n<p>#<a href=\"https:\/\/nrcmachinery.com\/products\/toilet-paper-machine.html\">TuvaletKa\u011f\u0131d\u0131Makinesi<\/a> #Doku\u00dcretimi #\u00dcretim\u0130pu\u00e7lar\u0131 #FabrikaKurulumu 1TP5Ka\u011f\u0131t\u0130\u015fletmesi<\/p>\n<p>&nbsp;<\/p>","protected":false},"featured_media":1996,"template":"","meta":{"_acf_changed":false,"_monsterinsights_skip_tracking":false,"_monsterinsights_sitenote_active":false,"_monsterinsights_sitenote_note":"","_monsterinsights_sitenote_category":0,"site-sidebar-layout":"default","site-content-layout":"","ast-site-content-layout":"default","site-content-style":"default","site-sidebar-style":"default","ast-global-header-display":"","ast-banner-title-visibility":"","ast-main-header-display":"","ast-hfb-above-header-display":"","ast-hfb-below-header-display":"","ast-hfb-mobile-header-display":"","site-post-title":"","ast-breadcrumbs-content":"","ast-featured-img":"","footer-sml-layout":"","theme-transparent-header-meta":"default","adv-header-id-meta":"","stick-header-meta":"default","header-above-stick-meta":"","header-main-stick-meta":"","header-below-stick-meta":"","astra-migrate-meta-layouts":"set","ast-page-background-enabled":"default","ast-page-background-meta":{"desktop":{"background-color":"var(--ast-global-color-4)","background-image":"","background-repeat":"repeat","background-position":"center center","background-size":"auto","background-attachment":"scroll","background-type":"","background-media":"","overlay-type":"","overlay-color":"","overlay-opacity":"","overlay-gradient":""},"tablet":{"background-color":"","background-image":"","background-repeat":"repeat","background-position":"center center","background-size":"auto","background-attachment":"scroll","background-type":"","background-media":"","overlay-type":"","overlay-color":"","overlay-opacity":"","overlay-gradient":""},"mobile":{"background-color":"","background-image":"","background-repeat":"repeat","background-position":"center center","background-size":"auto","background-attachment":"scroll","background-type":"","background-media":"","overlay-type":"","overlay-color":"","overlay-opacity":"","overlay-gradient":""}},"ast-content-background-meta":{"desktop":{"background-color":"var(--ast-global-color-5)","background-image":"","background-repeat":"repeat","background-position":"center center","background-size":"auto","background-attachment":"scroll","background-type":"","background-media":"","overlay-type":"","overlay-color":"","overlay-opacity":"","overlay-gradient":""},"tablet":{"background-color":"var(--ast-global-color-5)","background-image":"","background-repeat":"repeat","background-position":"center center","background-size":"auto","background-attachment":"scroll","background-type":"","background-media":"","overlay-type":"","overlay-color":"","overlay-opacity":"","overlay-gradient":""},"mobile":{"background-color":"var(--ast-global-color-5)","background-image":"","background-repeat":"repeat","background-position":"center center","background-size":"auto","background-attachment":"scroll","background-type":"","background-media":"","overlay-type":"","overlay-color":"","overlay-opacity":"","overlay-gradient":""}}},"tags":[56],"products":[47],"class_list":["post-1995","product","type-product","status-publish","has-post-thumbnail","hentry","tag-toilet-paper-making-machine","products-toilet-paper-making-machine"],"acf":[],"aioseo_notices":[],"aioseo_head":"\n\t\t<!-- All in One SEO Pro 4.9.2 - aioseo.com -->\n\t<meta name=\"description\" content=\"When it comes to setting up a successful tissue production line, one of the most crucial investments is high-quality toilet paper making machinery.\" \/>\n\t<meta name=\"robots\" content=\"noodp, max-snippet:-1, max-image-preview:large, max-video-preview:-1\" \/>\n\t<link rel=\"canonical\" href=\"https:\/\/nrcmachine.com\/tr\/product\/toilet-paper-making-machinery\/\" \/>\n\t<meta name=\"generator\" content=\"All in One SEO Pro (AIOSEO) 4.9.2\" \/>\n\t\t<meta property=\"og:locale\" content=\"tr_TR\" \/>\n\t\t<meta property=\"og:site_name\" content=\"Toilet Paper Machine, Paper Tube Machine | NRC Machine - Reliable Paper Machinery Solutions\" \/>\n\t\t<meta property=\"og:type\" content=\"article\" \/>\n\t\t<meta property=\"og:title\" content=\"Toilet Paper Making Machinery - QINDAO NEW RICHUAN\" \/>\n\t\t<meta property=\"og:description\" content=\"When it comes to setting up a successful tissue production line, one of the most crucial investments is high-quality toilet paper making machinery.\" \/>\n\t\t<meta property=\"og:url\" content=\"https:\/\/nrcmachine.com\/tr\/product\/toilet-paper-making-machinery\/\" \/>\n\t\t<meta property=\"og:image\" content=\"https:\/\/nrcmachine.com\/wp-content\/uploads\/2025\/11\/toilet-paper-making-machine-4.webp\" \/>\n\t\t<meta property=\"og:image:secure_url\" content=\"https:\/\/nrcmachine.com\/wp-content\/uploads\/2025\/11\/toilet-paper-making-machine-4.webp\" \/>\n\t\t<meta property=\"og:image:width\" content=\"800\" \/>\n\t\t<meta property=\"og:image:height\" content=\"800\" \/>\n\t\t<meta property=\"article:published_time\" content=\"2025-11-09T06:58:22+00:00\" \/>\n\t\t<meta property=\"article:modified_time\" content=\"2026-01-02T02:11:12+00:00\" \/>\n\t\t<meta property=\"article:publisher\" content=\"https:\/\/www.facebook.com\/james.gao.349938\" \/>\n\t\t<meta name=\"twitter:card\" content=\"summary\" \/>\n\t\t<meta name=\"twitter:site\" content=\"@JamesGao65335\" \/>\n\t\t<meta name=\"twitter:title\" content=\"Toilet Paper Making Machinery - QINDAO NEW RICHUAN\" \/>\n\t\t<meta name=\"twitter:description\" content=\"When it comes to setting up a successful tissue production line, one of the most crucial investments is high-quality toilet paper making machinery.\" \/>\n\t\t<meta name=\"twitter:image\" content=\"https:\/\/nrcmachine.com\/wp-content\/uploads\/2025\/11\/toilet-paper-making-machine-4.webp\" \/>\n\t\t<script type=\"application\/ld+json\" class=\"aioseo-schema\">\n\t\t\t{\"@context\":\"https:\\\/\\\/schema.org\",\"@graph\":[{\"@type\":\"BreadcrumbList\",\"@id\":\"https:\\\/\\\/nrcmachine.com\\\/tr\\\/product\\\/toilet-paper-making-machinery\\\/#breadcrumblist\",\"itemListElement\":[{\"@type\":\"ListItem\",\"@id\":\"https:\\\/\\\/nrcmachine.com\\\/tr#listItem\",\"position\":1,\"name\":\"Home\",\"item\":\"https:\\\/\\\/nrcmachine.com\\\/tr\",\"nextItem\":{\"@type\":\"ListItem\",\"@id\":\"https:\\\/\\\/nrcmachine.com\\\/tr\\\/product\\\/#listItem\",\"name\":\"Products\"}},{\"@type\":\"ListItem\",\"@id\":\"https:\\\/\\\/nrcmachine.com\\\/tr\\\/product\\\/#listItem\",\"position\":2,\"name\":\"Products\",\"item\":\"https:\\\/\\\/nrcmachine.com\\\/tr\\\/product\\\/\",\"nextItem\":{\"@type\":\"ListItem\",\"@id\":\"https:\\\/\\\/nrcmachine.com\\\/tr\\\/tag\\\/toilet-paper-making-machine\\\/#listItem\",\"name\":\"toilet paper making machine\"},\"previousItem\":{\"@type\":\"ListItem\",\"@id\":\"https:\\\/\\\/nrcmachine.com\\\/tr#listItem\",\"name\":\"Home\"}},{\"@type\":\"ListItem\",\"@id\":\"https:\\\/\\\/nrcmachine.com\\\/tr\\\/tag\\\/toilet-paper-making-machine\\\/#listItem\",\"position\":3,\"name\":\"toilet paper making machine\",\"item\":\"https:\\\/\\\/nrcmachine.com\\\/tr\\\/tag\\\/toilet-paper-making-machine\\\/\",\"nextItem\":{\"@type\":\"ListItem\",\"@id\":\"https:\\\/\\\/nrcmachine.com\\\/tr\\\/product\\\/toilet-paper-making-machinery\\\/#listItem\",\"name\":\"Toilet Paper Making Machinery\"},\"previousItem\":{\"@type\":\"ListItem\",\"@id\":\"https:\\\/\\\/nrcmachine.com\\\/tr\\\/product\\\/#listItem\",\"name\":\"Products\"}},{\"@type\":\"ListItem\",\"@id\":\"https:\\\/\\\/nrcmachine.com\\\/tr\\\/product\\\/toilet-paper-making-machinery\\\/#listItem\",\"position\":4,\"name\":\"Toilet Paper Making Machinery\",\"previousItem\":{\"@type\":\"ListItem\",\"@id\":\"https:\\\/\\\/nrcmachine.com\\\/tr\\\/tag\\\/toilet-paper-making-machine\\\/#listItem\",\"name\":\"toilet paper making machine\"}}]},{\"@type\":\"Organization\",\"@id\":\"https:\\\/\\\/nrcmachine.com\\\/tr\\\/#organization\",\"name\":\"Toilet Paper Machine, Paper Tube Machine | NRC Machine wordpress\",\"description\":\"Reliable Paper Machinery Solutions\",\"url\":\"https:\\\/\\\/nrcmachine.com\\\/tr\\\/\",\"email\":\"james@nrcmachine.com\",\"telephone\":\"+8615254213289\",\"foundingDate\":\"2023-11-01\",\"numberOfEmployees\":{\"@type\":\"QuantitativeValue\",\"minValue\":1,\"maxValue\":50},\"logo\":{\"@type\":\"ImageObject\",\"url\":\"https:\\\/\\\/nrcmachine.com\\\/wp-content\\\/uploads\\\/2026\\\/01\\\/logo23.png\",\"@id\":\"https:\\\/\\\/nrcmachine.com\\\/tr\\\/product\\\/toilet-paper-making-machinery\\\/#organizationLogo\",\"width\":800,\"height\":800,\"caption\":\"logo for NRC MACHINE\"},\"image\":{\"@id\":\"https:\\\/\\\/nrcmachine.com\\\/tr\\\/product\\\/toilet-paper-making-machinery\\\/#organizationLogo\"},\"sameAs\":[\"https:\\\/\\\/www.facebook.com\\\/james.gao.349938\",\"https:\\\/\\\/x.com\\\/JamesGao65335\",\"https:\\\/\\\/www.instagram.com\\\/jamesgao407?igsh=d2YybzFhMjY0YTl3\",\"https:\\\/\\\/www.tiktok.com\\\/@gyl20210118\",\"https:\\\/\\\/www.linkedin.com\\\/in\\\/--9a63583a9\\\/\"],\"address\":{\"@id\":\"https:\\\/\\\/nrcmachine.com\\\/tr\\\/#postaladdress\",\"@type\":\"PostalAddress\",\"streetAddress\":\"No..519,Jiangshan South Road,Huangdao,\",\"postalCode\":\"266500\",\"addressLocality\":\"Qingdao\",\"addressRegion\":\"Shandong Province\",\"addressCountry\":\"CN\"},\"taxID\":\"91370211MAD54P6P85\",\"vatID\":\"91370211MAD54P6P85\"},{\"@type\":\"WebPage\",\"@id\":\"https:\\\/\\\/nrcmachine.com\\\/tr\\\/product\\\/toilet-paper-making-machinery\\\/#webpage\",\"url\":\"https:\\\/\\\/nrcmachine.com\\\/tr\\\/product\\\/toilet-paper-making-machinery\\\/\",\"name\":\"Toilet Paper Making Machinery - QINDAO NEW RICHUAN\",\"description\":\"When it comes to setting up a successful tissue production line, one of the most crucial investments is high-quality toilet paper making machinery.\",\"inLanguage\":\"tr-TR\",\"isPartOf\":{\"@id\":\"https:\\\/\\\/nrcmachine.com\\\/tr\\\/#website\"},\"breadcrumb\":{\"@id\":\"https:\\\/\\\/nrcmachine.com\\\/tr\\\/product\\\/toilet-paper-making-machinery\\\/#breadcrumblist\"},\"image\":{\"@type\":\"ImageObject\",\"url\":\"https:\\\/\\\/nrcmachine.com\\\/wp-content\\\/uploads\\\/2025\\\/11\\\/toilet-paper-making-machine-4.webp\",\"@id\":\"https:\\\/\\\/nrcmachine.com\\\/tr\\\/product\\\/toilet-paper-making-machinery\\\/#mainImage\",\"width\":800,\"height\":800,\"caption\":\"toilet paper making machinery\"},\"primaryImageOfPage\":{\"@id\":\"https:\\\/\\\/nrcmachine.com\\\/tr\\\/product\\\/toilet-paper-making-machinery\\\/#mainImage\"},\"datePublished\":\"2025-11-09T14:58:22+08:00\",\"dateModified\":\"2026-01-02T10:11:12+08:00\"},{\"@type\":\"WebSite\",\"@id\":\"https:\\\/\\\/nrcmachine.com\\\/tr\\\/#website\",\"url\":\"https:\\\/\\\/nrcmachine.com\\\/tr\\\/\",\"name\":\"Toilet Paper Machine, Paper Tube Machine | NRC Machine\",\"alternateName\":\"Qingdao New Richuan Precision Machine Co.,Ltd\",\"description\":\"Reliable Paper Machinery Solutions\",\"inLanguage\":\"tr-TR\",\"publisher\":{\"@id\":\"https:\\\/\\\/nrcmachine.com\\\/tr\\\/#organization\"}}]}\n\t\t<\/script>\n\t\t<!-- All in One SEO Pro -->\r\n\t\t<title>Toilet Paper Making Machinery - QINDAO NEW RICHUAN<\/title>\n\n","aioseo_head_json":{"title":"Tuvalet Ka\u011f\u0131d\u0131 Yapma Makineleri - QINDAO NEW RICHUAN","description":"Ba\u015far\u0131l\u0131 bir ka\u011f\u0131t mendil \u00fcretim hatt\u0131 kurmak s\u00f6z konusu oldu\u011funda, en \u00f6nemli yat\u0131r\u0131mlardan biri y\u00fcksek kaliteli tuvalet ka\u011f\u0131d\u0131 \u00fcretim makineleridir.","canonical_url":"https:\/\/nrcmachine.com\/tr\/product\/toilet-paper-making-machinery\/","robots":"noodp, max-snippet:-1, max-image-preview:large, max-video-preview:-1","keywords":"","webmasterTools":{"miscellaneous":""},"schema":{"@context":"https:\/\/schema.org","@graph":[{"@type":"BreadcrumbList","@id":"https:\/\/nrcmachine.com\/tr\/product\/toilet-paper-making-machinery\/#breadcrumblist","itemListElement":[{"@type":"ListItem","@id":"https:\/\/nrcmachine.com\/tr#listItem","position":1,"name":"Home","item":"https:\/\/nrcmachine.com\/tr","nextItem":{"@type":"ListItem","@id":"https:\/\/nrcmachine.com\/tr\/product\/#listItem","name":"Products"}},{"@type":"ListItem","@id":"https:\/\/nrcmachine.com\/tr\/product\/#listItem","position":2,"name":"Products","item":"https:\/\/nrcmachine.com\/tr\/product\/","nextItem":{"@type":"ListItem","@id":"https:\/\/nrcmachine.com\/tr\/tag\/toilet-paper-making-machine\/#listItem","name":"toilet paper making machine"},"previousItem":{"@type":"ListItem","@id":"https:\/\/nrcmachine.com\/tr#listItem","name":"Home"}},{"@type":"ListItem","@id":"https:\/\/nrcmachine.com\/tr\/tag\/toilet-paper-making-machine\/#listItem","position":3,"name":"toilet paper making machine","item":"https:\/\/nrcmachine.com\/tr\/tag\/toilet-paper-making-machine\/","nextItem":{"@type":"ListItem","@id":"https:\/\/nrcmachine.com\/tr\/product\/toilet-paper-making-machinery\/#listItem","name":"Toilet Paper Making Machinery"},"previousItem":{"@type":"ListItem","@id":"https:\/\/nrcmachine.com\/tr\/product\/#listItem","name":"Products"}},{"@type":"ListItem","@id":"https:\/\/nrcmachine.com\/tr\/product\/toilet-paper-making-machinery\/#listItem","position":4,"name":"Toilet Paper Making Machinery","previousItem":{"@type":"ListItem","@id":"https:\/\/nrcmachine.com\/tr\/tag\/toilet-paper-making-machine\/#listItem","name":"toilet paper making machine"}}]},{"@type":"Organization","@id":"https:\/\/nrcmachine.com\/tr\/#organization","name":"Toilet Paper Machine, Paper Tube Machine | NRC Machine wordpress","description":"Reliable Paper Machinery Solutions","url":"https:\/\/nrcmachine.com\/tr\/","email":"james@nrcmachine.com","telephone":"+8615254213289","foundingDate":"2023-11-01","numberOfEmployees":{"@type":"QuantitativeValue","minValue":1,"maxValue":50},"logo":{"@type":"ImageObject","url":"https:\/\/nrcmachine.com\/wp-content\/uploads\/2026\/01\/logo23.png","@id":"https:\/\/nrcmachine.com\/tr\/product\/toilet-paper-making-machinery\/#organizationLogo","width":800,"height":800,"caption":"logo for NRC MACHINE"},"image":{"@id":"https:\/\/nrcmachine.com\/tr\/product\/toilet-paper-making-machinery\/#organizationLogo"},"sameAs":["https:\/\/www.facebook.com\/james.gao.349938","https:\/\/x.com\/JamesGao65335","https:\/\/www.instagram.com\/jamesgao407?igsh=d2YybzFhMjY0YTl3","https:\/\/www.tiktok.com\/@gyl20210118","https:\/\/www.linkedin.com\/in\/--9a63583a9\/"],"address":{"@id":"https:\/\/nrcmachine.com\/tr\/#postaladdress","@type":"PostalAddress","streetAddress":"No..519,Jiangshan South Road,Huangdao,","postalCode":"266500","addressLocality":"Qingdao","addressRegion":"Shandong Province","addressCountry":"CN"},"taxID":"91370211MAD54P6P85","vatID":"91370211MAD54P6P85"},{"@type":"WebPage","@id":"https:\/\/nrcmachine.com\/tr\/product\/toilet-paper-making-machinery\/#webpage","url":"https:\/\/nrcmachine.com\/tr\/product\/toilet-paper-making-machinery\/","name":"Toilet Paper Making Machinery - QINDAO NEW RICHUAN","description":"When it comes to setting up a successful tissue production line, one of the most crucial investments is high-quality toilet paper making machinery.","inLanguage":"tr-TR","isPartOf":{"@id":"https:\/\/nrcmachine.com\/tr\/#website"},"breadcrumb":{"@id":"https:\/\/nrcmachine.com\/tr\/product\/toilet-paper-making-machinery\/#breadcrumblist"},"image":{"@type":"ImageObject","url":"https:\/\/nrcmachine.com\/wp-content\/uploads\/2025\/11\/toilet-paper-making-machine-4.webp","@id":"https:\/\/nrcmachine.com\/tr\/product\/toilet-paper-making-machinery\/#mainImage","width":800,"height":800,"caption":"toilet paper making machinery"},"primaryImageOfPage":{"@id":"https:\/\/nrcmachine.com\/tr\/product\/toilet-paper-making-machinery\/#mainImage"},"datePublished":"2025-11-09T14:58:22+08:00","dateModified":"2026-01-02T10:11:12+08:00"},{"@type":"WebSite","@id":"https:\/\/nrcmachine.com\/tr\/#website","url":"https:\/\/nrcmachine.com\/tr\/","name":"Toilet Paper Machine, Paper Tube Machine | NRC Machine","alternateName":"Qingdao New Richuan Precision Machine Co.,Ltd","description":"Reliable Paper Machinery Solutions","inLanguage":"tr-TR","publisher":{"@id":"https:\/\/nrcmachine.com\/tr\/#organization"}}]},"og:locale":"tr_TR","og:site_name":"Toilet Paper Machine, Paper Tube Machine | NRC Machine - Reliable Paper Machinery Solutions","og:type":"article","og:title":"Toilet Paper Making Machinery - QINDAO NEW RICHUAN","og:description":"When it comes to setting up a successful tissue production line, one of the most crucial investments is high-quality toilet paper making machinery.","og:url":"https:\/\/nrcmachine.com\/tr\/product\/toilet-paper-making-machinery\/","og:image":"https:\/\/nrcmachine.com\/wp-content\/uploads\/2025\/11\/toilet-paper-making-machine-4.webp","og:image:secure_url":"https:\/\/nrcmachine.com\/wp-content\/uploads\/2025\/11\/toilet-paper-making-machine-4.webp","og:image:width":800,"og:image:height":800,"article:published_time":"2025-11-09T06:58:22+00:00","article:modified_time":"2026-01-02T02:11:12+00:00","article:publisher":"https:\/\/www.facebook.com\/james.gao.349938","twitter:card":"summary","twitter:site":"@JamesGao65335","twitter:title":"Toilet Paper Making Machinery - QINDAO NEW RICHUAN","twitter:description":"When it comes to setting up a successful tissue production line, one of the most crucial investments is high-quality toilet paper making machinery.","twitter:image":"https:\/\/nrcmachine.com\/wp-content\/uploads\/2025\/11\/toilet-paper-making-machine-4.webp"},"aioseo_meta_data":{"post_id":"1995","title":"#post_title #separator_sa QINDAO NEW RICHUAN","description":"Ba\u015far\u0131l\u0131 bir ka\u011f\u0131t mendil \u00fcretim hatt\u0131 kurmak s\u00f6z konusu oldu\u011funda, en \u00f6nemli yat\u0131r\u0131mlardan biri y\u00fcksek kaliteli tuvalet ka\u011f\u0131d\u0131 \u00fcretim makineleridir.","keywords":null,"keyphrases":{"focus":{"keyphrase":"toilet paper making machinery","score":100,"analysis":{"keyphraseInTitle":{"score":9,"maxScore":9,"error":0},"keyphraseInDescription":{"score":9,"maxScore":9,"error":0},"keyphraseLength":{"score":9,"maxScore":9,"error":0,"length":4},"keyphraseInURL":{"score":5,"maxScore":5,"error":0},"keyphraseInIntroduction":{"score":9,"maxScore":9,"error":0},"keyphraseInSubHeadings":[],"keyphraseInImageAlt":[],"keywordDensity":{"type":"best","score":9,"maxScore":9,"error":0}}},"additional":[]},"primary_term":null,"canonical_url":null,"og_title":null,"og_description":null,"og_object_type":"default","og_image_type":"default","og_image_url":null,"og_image_width":null,"og_image_height":null,"og_image_custom_url":null,"og_image_custom_fields":null,"og_video":"","og_custom_url":null,"og_article_section":null,"og_article_tags":null,"twitter_use_og":false,"twitter_card":"default","twitter_image_type":"default","twitter_image_url":null,"twitter_image_custom_url":null,"twitter_image_custom_fields":null,"twitter_title":null,"twitter_description":null,"schema":{"blockGraphs":[],"customGraphs":[],"default":{"data":{"Article":[],"Course":[],"Dataset":[],"FAQPage":[],"Movie":[],"Person":[],"Product":[],"ProductReview":[],"Car":[],"Recipe":[],"Service":[],"SoftwareApplication":[],"WebPage":[]},"graphName":"ItemPage","isEnabled":true},"graphs":[]},"schema_type":"default","schema_type_options":null,"pillar_content":false,"robots_default":true,"robots_noindex":false,"robots_noarchive":false,"robots_nosnippet":false,"robots_nofollow":false,"robots_noimageindex":false,"robots_noodp":false,"robots_notranslate":false,"robots_max_snippet":"-1","robots_max_videopreview":"-1","robots_max_imagepreview":"large","priority":null,"frequency":"default","local_seo":null,"seo_analyzer_scan_date":"2026-02-13 03:42:12","breadcrumb_settings":null,"limit_modified_date":false,"reviewed_by":null,"open_ai":null,"ai":{"faqs":[],"keyPoints":[],"titles":[],"descriptions":[],"socialPosts":{"email":[],"linkedin":[],"twitter":[],"facebook":[],"instagram":[]}},"created":"2025-12-11 08:38:39","updated":"2026-02-13 06:51:57"},"aioseo_breadcrumb":"<div class=\"aioseo-breadcrumbs\"><span class=\"aioseo-breadcrumb\">\n\t<a href=\"https:\/\/nrcmachine.com\/tr\" title=\"Home\">Home<\/a>\n<\/span><span class=\"aioseo-breadcrumb-separator\">\u00bb<\/span><span class=\"aioseo-breadcrumb\">\n\t<a href=\"https:\/\/nrcmachine.com\/tr\/product\/\" title=\"Products\">Products<\/a>\n<\/span><span class=\"aioseo-breadcrumb-separator\">\u00bb<\/span><span class=\"aioseo-breadcrumb\">\n\t<a href=\"https:\/\/nrcmachine.com\/tr\/tag\/toilet-paper-making-machine\/\" title=\"toilet paper making machine\">toilet paper making machine<\/a>\n<\/span><span class=\"aioseo-breadcrumb-separator\">\u00bb<\/span><span class=\"aioseo-breadcrumb\">\n\tToilet Paper Making Machinery\n<\/span><\/div>","aioseo_breadcrumb_json":[{"label":"Home","link":"https:\/\/nrcmachine.com\/tr"},{"label":"Products","link":"https:\/\/nrcmachine.com\/tr\/product\/"},{"label":"toilet paper making machine","link":"https:\/\/nrcmachine.com\/tr\/tag\/toilet-paper-making-machine\/"},{"label":"Toilet Paper Making Machinery","link":"https:\/\/nrcmachine.com\/tr\/product\/toilet-paper-making-machinery\/"}],"_links":{"self":[{"href":"https:\/\/nrcmachine.com\/tr\/wp-json\/wp\/v2\/product\/1995","targetHints":{"allow":["GET"]}}],"collection":[{"href":"https:\/\/nrcmachine.com\/tr\/wp-json\/wp\/v2\/product"}],"about":[{"href":"https:\/\/nrcmachine.com\/tr\/wp-json\/wp\/v2\/types\/product"}],"version-history":[{"count":0,"href":"https:\/\/nrcmachine.com\/tr\/wp-json\/wp\/v2\/product\/1995\/revisions"}],"wp:featuredmedia":[{"embeddable":true,"href":"https:\/\/nrcmachine.com\/tr\/wp-json\/wp\/v2\/media\/1996"}],"wp:attachment":[{"href":"https:\/\/nrcmachine.com\/tr\/wp-json\/wp\/v2\/media?parent=1995"}],"wp:term":[{"taxonomy":"post_tag","embeddable":true,"href":"https:\/\/nrcmachine.com\/tr\/wp-json\/wp\/v2\/tags?post=1995"},{"taxonomy":"products","embeddable":true,"href":"https:\/\/nrcmachine.com\/tr\/wp-json\/wp\/v2\/products?post=1995"}],"curies":[{"name":"wp","href":"https:\/\/api.w.org\/{rel}","templated":true}]}}