 {"id":2000,"date":"2025-11-09T16:46:12","date_gmt":"2025-11-09T08:46:12","guid":{"rendered":"https:\/\/nrcmachine.com\/?post_type=product&#038;p=2000"},"modified":"2026-01-02T10:10:02","modified_gmt":"2026-01-02T02:10:02","slug":"automatic-toilet-paper-roll-making-machine","status":"publish","type":"product","link":"https:\/\/nrcmachine.com\/tr\/product\/automatic-toilet-paper-roll-making-machine\/","title":{"rendered":"Otomatik Tuvalet Ka\u011f\u0131d\u0131 Rulo Yapma Makinesi"},"content":{"rendered":"<h5 style=\"text-align: center;\"><strong>Sihrini Ke\u015ffedin <a href=\"https:\/\/nrcmachinery.com\/products\/toilet-paper-machine.html\">Otomatik Tuvalet Ka\u011f\u0131d\u0131 Rulo Yapma Makinesi<\/a> - Hammaddeden Kullan\u0131ma Haz\u0131r!\u2728<\/strong><\/h5>\n<p>M\u00fckemmel bir \u015fekilde rulo haline getirilmi\u015f tuvalet ka\u011f\u0131tlar\u0131n\u0131n banyonuza nas\u0131l geldi\u011fini hi\u00e7 merak ettiyseniz, cevap inan\u0131lmaz <a href=\"https:\/\/nrcmachinery.com\/products\/toilet-paper-machine.html\"><strong>otomatik tuvalet ka\u011f\u0131d\u0131 rulosu yapma makinesi<\/strong><\/a>! Bu geli\u015fmi\u015f makine, b\u00fcy\u00fck jumbo rulolar\u0131 hassasiyet, h\u0131z ve tutarl\u0131l\u0131kla t\u00fcketici dostu tuvalet ka\u011f\u0131d\u0131 rulolar\u0131na d\u00f6n\u00fc\u015ft\u00fcr\u00fcyor. Bug\u00fcn, \u00f6zellikle \u00fc\u00e7 kilit a\u015famaya odaklanarak bu sihrin nas\u0131l ger\u00e7ekle\u015fti\u011fine perde arkas\u0131ndan bir g\u00f6z atal\u0131m: <strong>kesme<\/strong>, <strong>rewinder<\/strong>, ve <strong>paketleme makinesi<\/strong>.<\/p>\n<div class=\"ast-oembed-container\" style=\"height: 100%;\"><iframe title=\"K\u00fc\u00e7\u00fck Tuvalet Ka\u011f\u0131d\u0131 Yapma Makinesi Fiyat\u0131\" width=\"500\" height=\"281\" src=\"https:\/\/www.youtube.com\/embed\/P8v7D48-87c?feature=oembed\" frameborder=\"0\" allow=\"accelerometer; autoplay; clipboard-write; encrypted-media; gyroscope; picture-in-picture; web-share\" referrerpolicy=\"strict-origin-when-cross-origin\" allowfullscreen><\/iframe><\/div>\n<h6>\ud83d\udd2a <strong>Kesim: En \u0130yi \u015eekilde Hassasiyet<\/strong><\/h6>\n<p>S\u00fcre\u00e7 a\u015fa\u011f\u0131dakilerle ba\u015flar <strong>kesme<\/strong>\u00a0tuvalet ka\u011f\u0131d\u0131 rulosu yapma makinesinin \u00fcnitesi. B\u00fcy\u00fck ana rulolar makineye beslenir ve hassas bir \u015fekilde daha k\u00fc\u00e7\u00fck, standart geni\u015flikte rulolar halinde dilimlenir. Y\u00fcksek h\u0131zl\u0131 d\u00f6ner kesiciler, y\u0131pranma veya at\u0131k olmadan temiz, e\u015fit kenarlar sa\u011flar. Bu a\u015fama, tutarl\u0131 rulo boyutu ve kalitesini korumak i\u00e7in \u00e7ok \u00f6nemlidir - kimse orant\u0131s\u0131z bir tuvalet ka\u011f\u0131d\u0131 istemez!<\/p>\n<h6>\ud83d\udd04 <strong>Geri Sar\u0131c\u0131: M\u00fckemmel Ruloyu Olu\u015fturmak<\/strong><\/h6>\n<p>Daha sonra <strong>rewinder<\/strong>. Burada, kesilen tabakalar y\u00fcksek h\u0131zda karton g\u00f6beklere geri sar\u0131l\u0131r. Sar\u0131c\u0131, ak\u0131ll\u0131 sens\u00f6rlerle gerginli\u011fi, rulo s\u0131k\u0131l\u0131\u011f\u0131n\u0131 ve \u00e7ap\u0131n\u0131 kontrol ederek her rulonun s\u0131k\u0131 ancak yumu\u015fak olmas\u0131n\u0131 sa\u011flar. \u0130\u015fin bu k\u0131sm\u0131n\u0131n nas\u0131l <a href=\"https:\/\/nrcmachine.com\/product\/mini-toilet-paper-making-machine\/\"><strong>tuvalet ka\u011f\u0131d\u0131 rulosu yapma makinesi<\/strong><\/a>\u00a0Verimlili\u011fi yumu\u015fakl\u0131kla dengeler - sonu\u00e7ta kimse gev\u015fek veya \u00e7ok sert bir rulodan ho\u015flanmaz!<\/p>\n<h6>\ud83d\udce6 <strong>Paketleme Makinesi: Pazara Haz\u0131r<\/strong><\/h6>\n<p>Son olarak, bitmi\u015f rulolar <strong>paketleme makinesi<\/strong>. Bunlar say\u0131l\u0131r, plasti\u011fe (veya \u00e7evre dostu filme) sar\u0131l\u0131r ve 4'l\u00fc, 6'l\u0131 veya pazar\u0131n talep etti\u011fi \u015fekilde paketlere kapat\u0131l\u0131r. Modern paketleme makineleri tamamen otomatiktir ve i\u015f\u00e7ilik maliyetlerini azalt\u0131rken \u00fcretkenli\u011fi art\u0131r\u0131r. Hatta baz\u0131lar\u0131nda izlenebilirlik i\u00e7in tarih damgalama ve barkod etiketleme de bulunmaktad\u0131r.<\/p>\n<p>\u00c7i\u011f jumbo rulolardan \u00f6zenle paketlenmi\u015f ev ihtiya\u00e7lar\u0131na kadar <a href=\"https:\/\/nrcmachine.com\/product\/mini-toilet-paper-making-machine\/\"><strong>tuvalet ka\u011f\u0131d\u0131 rulosu yapma makinesi<\/strong><\/a>\u00a0g\u00fcnl\u00fck konforun gizli kahraman\u0131d\u0131r. \u0130ster \u00fcretici olun ister sadece merakl\u0131, kesme, sarma ve paketleme makinesi i\u015flevlerini anlamak, o m\u00fctevaz\u0131 ruloyu yepyeni bir \u015fekilde takdir etmenizi sa\u011flar.<\/p>\n<p>\ud83d\udca1 Profesyonel \u0130pucu: Bir tuvalet ka\u011f\u0131d\u0131 rulosu \u00fcretim makinesi se\u00e7erken, entegre kesme, geri sarma ve paketleme mod\u00fcllerine sahip bir makine aray\u0131n - sorunsuz i\u015f ak\u0131\u015f\u0131 ve en y\u00fcksek kalitede \u00e7\u0131kt\u0131 sa\u011flar!<\/p>\n<p>#<a href=\"https:\/\/nrcmachine.com\/product\/mini-toilet-paper-making-machine\/\">TuvaletKa\u011f\u0131d\u0131Makinesi<\/a> #\u00dcretimTeknolojisi #FabrikaOtomasyonu #Pa\u011f\u0131t\u00dcretimi #SAk\u0131ll\u0131Makineler<\/p>\n<p>&nbsp;<\/p>","protected":false},"featured_media":2001,"template":"","meta":{"_acf_changed":false,"_monsterinsights_skip_tracking":false,"_monsterinsights_sitenote_active":false,"_monsterinsights_sitenote_note":"","_monsterinsights_sitenote_category":0,"site-sidebar-layout":"default","site-content-layout":"","ast-site-content-layout":"default","site-content-style":"default","site-sidebar-style":"default","ast-global-header-display":"","ast-banner-title-visibility":"","ast-main-header-display":"","ast-hfb-above-header-display":"","ast-hfb-below-header-display":"","ast-hfb-mobile-header-display":"","site-post-title":"","ast-breadcrumbs-content":"","ast-featured-img":"","footer-sml-layout":"","theme-transparent-header-meta":"default","adv-header-id-meta":"","stick-header-meta":"default","header-above-stick-meta":"","header-main-stick-meta":"","header-below-stick-meta":"","astra-migrate-meta-layouts":"set","ast-page-background-enabled":"default","ast-page-background-meta":{"desktop":{"background-color":"var(--ast-global-color-4)","background-image":"","background-repeat":"repeat","background-position":"center center","background-size":"auto","background-attachment":"scroll","background-type":"","background-media":"","overlay-type":"","overlay-color":"","overlay-opacity":"","overlay-gradient":""},"tablet":{"background-color":"","background-image":"","background-repeat":"repeat","background-position":"center center","background-size":"auto","background-attachment":"scroll","background-type":"","background-media":"","overlay-type":"","overlay-color":"","overlay-opacity":"","overlay-gradient":""},"mobile":{"background-color":"","background-image":"","background-repeat":"repeat","background-position":"center center","background-size":"auto","background-attachment":"scroll","background-type":"","background-media":"","overlay-type":"","overlay-color":"","overlay-opacity":"","overlay-gradient":""}},"ast-content-background-meta":{"desktop":{"background-color":"var(--ast-global-color-5)","background-image":"","background-repeat":"repeat","background-position":"center center","background-size":"auto","background-attachment":"scroll","background-type":"","background-media":"","overlay-type":"","overlay-color":"","overlay-opacity":"","overlay-gradient":""},"tablet":{"background-color":"var(--ast-global-color-5)","background-image":"","background-repeat":"repeat","background-position":"center center","background-size":"auto","background-attachment":"scroll","background-type":"","background-media":"","overlay-type":"","overlay-color":"","overlay-opacity":"","overlay-gradient":""},"mobile":{"background-color":"var(--ast-global-color-5)","background-image":"","background-repeat":"repeat","background-position":"center center","background-size":"auto","background-attachment":"scroll","background-type":"","background-media":"","overlay-type":"","overlay-color":"","overlay-opacity":"","overlay-gradient":""}}},"tags":[56],"products":[47],"class_list":["post-2000","product","type-product","status-publish","has-post-thumbnail","hentry","tag-toilet-paper-making-machine","products-toilet-paper-making-machine"],"acf":[],"aioseo_notices":[],"aioseo_head":"\n\t\t<!-- All in One SEO Pro 4.9.2 - aioseo.com -->\n\t<meta name=\"description\" content=\"If you\u2019ve ever wondered how those perfectly rolled toilet papers end up in your bathroom, the answer lies in the automatic toilet paper roll making machine!\" \/>\n\t<meta name=\"robots\" content=\"noodp, max-snippet:-1, max-image-preview:large, max-video-preview:-1\" \/>\n\t<link rel=\"canonical\" href=\"https:\/\/nrcmachine.com\/tr\/product\/automatic-toilet-paper-roll-making-machine\/\" \/>\n\t<meta name=\"generator\" content=\"All in One SEO Pro (AIOSEO) 4.9.2\" \/>\n\t\t<meta property=\"og:locale\" content=\"tr_TR\" \/>\n\t\t<meta property=\"og:site_name\" content=\"Toilet Paper Machine, Paper Tube Machine | NRC Machine - Reliable Paper Machinery Solutions\" \/>\n\t\t<meta property=\"og:type\" content=\"article\" \/>\n\t\t<meta property=\"og:title\" content=\"Automatic Toilet Paper Roll Making Machine - NRC MACHINE\" \/>\n\t\t<meta property=\"og:description\" content=\"If you\u2019ve ever wondered how those perfectly rolled toilet papers end up in your bathroom, the answer lies in the automatic toilet paper roll making machine!\" \/>\n\t\t<meta property=\"og:url\" content=\"https:\/\/nrcmachine.com\/tr\/product\/automatic-toilet-paper-roll-making-machine\/\" \/>\n\t\t<meta property=\"og:image\" content=\"https:\/\/nrcmachine.com\/wp-content\/uploads\/2025\/11\/toilet-paper-making-machine-6.webp\" \/>\n\t\t<meta property=\"og:image:secure_url\" content=\"https:\/\/nrcmachine.com\/wp-content\/uploads\/2025\/11\/toilet-paper-making-machine-6.webp\" \/>\n\t\t<meta property=\"og:image:width\" content=\"800\" \/>\n\t\t<meta property=\"og:image:height\" content=\"800\" \/>\n\t\t<meta property=\"article:published_time\" content=\"2025-11-09T08:46:12+00:00\" \/>\n\t\t<meta property=\"article:modified_time\" content=\"2026-01-02T02:10:02+00:00\" \/>\n\t\t<meta property=\"article:publisher\" content=\"https:\/\/www.facebook.com\/james.gao.349938\" \/>\n\t\t<meta name=\"twitter:card\" content=\"summary\" \/>\n\t\t<meta name=\"twitter:site\" content=\"@JamesGao65335\" \/>\n\t\t<meta name=\"twitter:title\" content=\"Automatic Toilet Paper Roll Making Machine - NRC MACHINE\" \/>\n\t\t<meta name=\"twitter:description\" content=\"If you\u2019ve ever wondered how those perfectly rolled toilet papers end up in your bathroom, the answer lies in the automatic toilet paper roll making machine!\" \/>\n\t\t<meta name=\"twitter:image\" content=\"https:\/\/nrcmachine.com\/wp-content\/uploads\/2025\/11\/toilet-paper-making-machine-6.webp\" \/>\n\t\t<script type=\"application\/ld+json\" class=\"aioseo-schema\">\n\t\t\t{\"@context\":\"https:\\\/\\\/schema.org\",\"@graph\":[{\"@type\":\"BreadcrumbList\",\"@id\":\"https:\\\/\\\/nrcmachine.com\\\/tr\\\/product\\\/automatic-toilet-paper-roll-making-machine\\\/#breadcrumblist\",\"itemListElement\":[{\"@type\":\"ListItem\",\"@id\":\"https:\\\/\\\/nrcmachine.com\\\/tr#listItem\",\"position\":1,\"name\":\"Home\",\"item\":\"https:\\\/\\\/nrcmachine.com\\\/tr\",\"nextItem\":{\"@type\":\"ListItem\",\"@id\":\"https:\\\/\\\/nrcmachine.com\\\/tr\\\/product\\\/#listItem\",\"name\":\"Products\"}},{\"@type\":\"ListItem\",\"@id\":\"https:\\\/\\\/nrcmachine.com\\\/tr\\\/product\\\/#listItem\",\"position\":2,\"name\":\"Products\",\"item\":\"https:\\\/\\\/nrcmachine.com\\\/tr\\\/product\\\/\",\"nextItem\":{\"@type\":\"ListItem\",\"@id\":\"https:\\\/\\\/nrcmachine.com\\\/tr\\\/tag\\\/toilet-paper-making-machine\\\/#listItem\",\"name\":\"toilet paper making machine\"},\"previousItem\":{\"@type\":\"ListItem\",\"@id\":\"https:\\\/\\\/nrcmachine.com\\\/tr#listItem\",\"name\":\"Home\"}},{\"@type\":\"ListItem\",\"@id\":\"https:\\\/\\\/nrcmachine.com\\\/tr\\\/tag\\\/toilet-paper-making-machine\\\/#listItem\",\"position\":3,\"name\":\"toilet paper making machine\",\"item\":\"https:\\\/\\\/nrcmachine.com\\\/tr\\\/tag\\\/toilet-paper-making-machine\\\/\",\"nextItem\":{\"@type\":\"ListItem\",\"@id\":\"https:\\\/\\\/nrcmachine.com\\\/tr\\\/product\\\/automatic-toilet-paper-roll-making-machine\\\/#listItem\",\"name\":\"Automatic Toilet Paper Roll Making Machine\"},\"previousItem\":{\"@type\":\"ListItem\",\"@id\":\"https:\\\/\\\/nrcmachine.com\\\/tr\\\/product\\\/#listItem\",\"name\":\"Products\"}},{\"@type\":\"ListItem\",\"@id\":\"https:\\\/\\\/nrcmachine.com\\\/tr\\\/product\\\/automatic-toilet-paper-roll-making-machine\\\/#listItem\",\"position\":4,\"name\":\"Automatic Toilet Paper Roll Making Machine\",\"previousItem\":{\"@type\":\"ListItem\",\"@id\":\"https:\\\/\\\/nrcmachine.com\\\/tr\\\/tag\\\/toilet-paper-making-machine\\\/#listItem\",\"name\":\"toilet paper making machine\"}}]},{\"@type\":\"Organization\",\"@id\":\"https:\\\/\\\/nrcmachine.com\\\/tr\\\/#organization\",\"name\":\"Toilet Paper Machine, Paper Tube Machine | NRC Machine wordpress\",\"description\":\"Reliable Paper Machinery Solutions\",\"url\":\"https:\\\/\\\/nrcmachine.com\\\/tr\\\/\",\"email\":\"james@nrcmachine.com\",\"telephone\":\"+8615254213289\",\"foundingDate\":\"2023-11-01\",\"numberOfEmployees\":{\"@type\":\"QuantitativeValue\",\"minValue\":1,\"maxValue\":50},\"logo\":{\"@type\":\"ImageObject\",\"url\":\"https:\\\/\\\/nrcmachine.com\\\/wp-content\\\/uploads\\\/2026\\\/01\\\/logo23.png\",\"@id\":\"https:\\\/\\\/nrcmachine.com\\\/tr\\\/product\\\/automatic-toilet-paper-roll-making-machine\\\/#organizationLogo\",\"width\":800,\"height\":800,\"caption\":\"logo for NRC MACHINE\"},\"image\":{\"@id\":\"https:\\\/\\\/nrcmachine.com\\\/tr\\\/product\\\/automatic-toilet-paper-roll-making-machine\\\/#organizationLogo\"},\"sameAs\":[\"https:\\\/\\\/www.facebook.com\\\/james.gao.349938\",\"https:\\\/\\\/x.com\\\/JamesGao65335\",\"https:\\\/\\\/www.instagram.com\\\/jamesgao407?igsh=d2YybzFhMjY0YTl3\",\"https:\\\/\\\/www.tiktok.com\\\/@gyl20210118\",\"https:\\\/\\\/www.linkedin.com\\\/in\\\/--9a63583a9\\\/\"],\"address\":{\"@id\":\"https:\\\/\\\/nrcmachine.com\\\/tr\\\/#postaladdress\",\"@type\":\"PostalAddress\",\"streetAddress\":\"No..519,Jiangshan South Road,Huangdao,\",\"postalCode\":\"266500\",\"addressLocality\":\"Qingdao\",\"addressRegion\":\"Shandong Province\",\"addressCountry\":\"CN\"},\"taxID\":\"91370211MAD54P6P85\",\"vatID\":\"91370211MAD54P6P85\"},{\"@type\":\"WebPage\",\"@id\":\"https:\\\/\\\/nrcmachine.com\\\/tr\\\/product\\\/automatic-toilet-paper-roll-making-machine\\\/#webpage\",\"url\":\"https:\\\/\\\/nrcmachine.com\\\/tr\\\/product\\\/automatic-toilet-paper-roll-making-machine\\\/\",\"name\":\"Automatic Toilet Paper Roll Making Machine - NRC MACHINE\",\"description\":\"If you\\u2019ve ever wondered how those perfectly rolled toilet papers end up in your bathroom, the answer lies in the automatic toilet paper roll making machine!\",\"inLanguage\":\"tr-TR\",\"isPartOf\":{\"@id\":\"https:\\\/\\\/nrcmachine.com\\\/tr\\\/#website\"},\"breadcrumb\":{\"@id\":\"https:\\\/\\\/nrcmachine.com\\\/tr\\\/product\\\/automatic-toilet-paper-roll-making-machine\\\/#breadcrumblist\"},\"image\":{\"@type\":\"ImageObject\",\"url\":\"https:\\\/\\\/nrcmachine.com\\\/wp-content\\\/uploads\\\/2025\\\/11\\\/toilet-paper-making-machine-6.webp\",\"@id\":\"https:\\\/\\\/nrcmachine.com\\\/tr\\\/product\\\/automatic-toilet-paper-roll-making-machine\\\/#mainImage\",\"width\":800,\"height\":800,\"caption\":\"automatic toilet paper roll making machine\"},\"primaryImageOfPage\":{\"@id\":\"https:\\\/\\\/nrcmachine.com\\\/tr\\\/product\\\/automatic-toilet-paper-roll-making-machine\\\/#mainImage\"},\"datePublished\":\"2025-11-09T16:46:12+08:00\",\"dateModified\":\"2026-01-02T10:10:02+08:00\"},{\"@type\":\"WebSite\",\"@id\":\"https:\\\/\\\/nrcmachine.com\\\/tr\\\/#website\",\"url\":\"https:\\\/\\\/nrcmachine.com\\\/tr\\\/\",\"name\":\"Toilet Paper Machine, Paper Tube Machine | NRC Machine\",\"alternateName\":\"Qingdao New Richuan Precision Machine Co.,Ltd\",\"description\":\"Reliable Paper Machinery Solutions\",\"inLanguage\":\"tr-TR\",\"publisher\":{\"@id\":\"https:\\\/\\\/nrcmachine.com\\\/tr\\\/#organization\"}}]}\n\t\t<\/script>\n\t\t<!-- All in One SEO Pro -->\r\n\t\t<title>Automatic Toilet Paper Roll Making Machine - NRC MACHINE<\/title>\n\n","aioseo_head_json":{"title":"Otomatik Tuvalet Ka\u011f\u0131d\u0131 Rulo Yapma Makinesi - NRC MACHINE","description":"O m\u00fckemmel rulo tuvalet ka\u011f\u0131tlar\u0131n\u0131n banyonuza nas\u0131l geldi\u011fini hi\u00e7 merak ettiyseniz, cevap otomatik tuvalet ka\u011f\u0131d\u0131 rulosu yapma makinesinde yat\u0131yor!","canonical_url":"https:\/\/nrcmachine.com\/tr\/product\/automatic-toilet-paper-roll-making-machine\/","robots":"noodp, max-snippet:-1, max-image-preview:large, max-video-preview:-1","keywords":"","webmasterTools":{"miscellaneous":""},"schema":{"@context":"https:\/\/schema.org","@graph":[{"@type":"BreadcrumbList","@id":"https:\/\/nrcmachine.com\/tr\/product\/automatic-toilet-paper-roll-making-machine\/#breadcrumblist","itemListElement":[{"@type":"ListItem","@id":"https:\/\/nrcmachine.com\/tr#listItem","position":1,"name":"Home","item":"https:\/\/nrcmachine.com\/tr","nextItem":{"@type":"ListItem","@id":"https:\/\/nrcmachine.com\/tr\/product\/#listItem","name":"Products"}},{"@type":"ListItem","@id":"https:\/\/nrcmachine.com\/tr\/product\/#listItem","position":2,"name":"Products","item":"https:\/\/nrcmachine.com\/tr\/product\/","nextItem":{"@type":"ListItem","@id":"https:\/\/nrcmachine.com\/tr\/tag\/toilet-paper-making-machine\/#listItem","name":"toilet paper making machine"},"previousItem":{"@type":"ListItem","@id":"https:\/\/nrcmachine.com\/tr#listItem","name":"Home"}},{"@type":"ListItem","@id":"https:\/\/nrcmachine.com\/tr\/tag\/toilet-paper-making-machine\/#listItem","position":3,"name":"toilet paper making machine","item":"https:\/\/nrcmachine.com\/tr\/tag\/toilet-paper-making-machine\/","nextItem":{"@type":"ListItem","@id":"https:\/\/nrcmachine.com\/tr\/product\/automatic-toilet-paper-roll-making-machine\/#listItem","name":"Automatic Toilet Paper Roll Making Machine"},"previousItem":{"@type":"ListItem","@id":"https:\/\/nrcmachine.com\/tr\/product\/#listItem","name":"Products"}},{"@type":"ListItem","@id":"https:\/\/nrcmachine.com\/tr\/product\/automatic-toilet-paper-roll-making-machine\/#listItem","position":4,"name":"Automatic Toilet Paper Roll Making Machine","previousItem":{"@type":"ListItem","@id":"https:\/\/nrcmachine.com\/tr\/tag\/toilet-paper-making-machine\/#listItem","name":"toilet paper making machine"}}]},{"@type":"Organization","@id":"https:\/\/nrcmachine.com\/tr\/#organization","name":"Toilet Paper Machine, Paper Tube Machine | NRC Machine wordpress","description":"Reliable Paper Machinery Solutions","url":"https:\/\/nrcmachine.com\/tr\/","email":"james@nrcmachine.com","telephone":"+8615254213289","foundingDate":"2023-11-01","numberOfEmployees":{"@type":"QuantitativeValue","minValue":1,"maxValue":50},"logo":{"@type":"ImageObject","url":"https:\/\/nrcmachine.com\/wp-content\/uploads\/2026\/01\/logo23.png","@id":"https:\/\/nrcmachine.com\/tr\/product\/automatic-toilet-paper-roll-making-machine\/#organizationLogo","width":800,"height":800,"caption":"logo for NRC MACHINE"},"image":{"@id":"https:\/\/nrcmachine.com\/tr\/product\/automatic-toilet-paper-roll-making-machine\/#organizationLogo"},"sameAs":["https:\/\/www.facebook.com\/james.gao.349938","https:\/\/x.com\/JamesGao65335","https:\/\/www.instagram.com\/jamesgao407?igsh=d2YybzFhMjY0YTl3","https:\/\/www.tiktok.com\/@gyl20210118","https:\/\/www.linkedin.com\/in\/--9a63583a9\/"],"address":{"@id":"https:\/\/nrcmachine.com\/tr\/#postaladdress","@type":"PostalAddress","streetAddress":"No..519,Jiangshan South Road,Huangdao,","postalCode":"266500","addressLocality":"Qingdao","addressRegion":"Shandong Province","addressCountry":"CN"},"taxID":"91370211MAD54P6P85","vatID":"91370211MAD54P6P85"},{"@type":"WebPage","@id":"https:\/\/nrcmachine.com\/tr\/product\/automatic-toilet-paper-roll-making-machine\/#webpage","url":"https:\/\/nrcmachine.com\/tr\/product\/automatic-toilet-paper-roll-making-machine\/","name":"Automatic Toilet Paper Roll Making Machine - NRC MACHINE","description":"If you\u2019ve ever wondered how those perfectly rolled toilet papers end up in your bathroom, the answer lies in the automatic toilet paper roll making machine!","inLanguage":"tr-TR","isPartOf":{"@id":"https:\/\/nrcmachine.com\/tr\/#website"},"breadcrumb":{"@id":"https:\/\/nrcmachine.com\/tr\/product\/automatic-toilet-paper-roll-making-machine\/#breadcrumblist"},"image":{"@type":"ImageObject","url":"https:\/\/nrcmachine.com\/wp-content\/uploads\/2025\/11\/toilet-paper-making-machine-6.webp","@id":"https:\/\/nrcmachine.com\/tr\/product\/automatic-toilet-paper-roll-making-machine\/#mainImage","width":800,"height":800,"caption":"automatic toilet paper roll making machine"},"primaryImageOfPage":{"@id":"https:\/\/nrcmachine.com\/tr\/product\/automatic-toilet-paper-roll-making-machine\/#mainImage"},"datePublished":"2025-11-09T16:46:12+08:00","dateModified":"2026-01-02T10:10:02+08:00"},{"@type":"WebSite","@id":"https:\/\/nrcmachine.com\/tr\/#website","url":"https:\/\/nrcmachine.com\/tr\/","name":"Toilet Paper Machine, Paper Tube Machine | NRC Machine","alternateName":"Qingdao New Richuan Precision Machine Co.,Ltd","description":"Reliable Paper Machinery Solutions","inLanguage":"tr-TR","publisher":{"@id":"https:\/\/nrcmachine.com\/tr\/#organization"}}]},"og:locale":"tr_TR","og:site_name":"Toilet Paper Machine, Paper Tube Machine | NRC Machine - Reliable Paper Machinery Solutions","og:type":"article","og:title":"Automatic Toilet Paper Roll Making Machine - NRC MACHINE","og:description":"If you\u2019ve ever wondered how those perfectly rolled toilet papers end up in your bathroom, the answer lies in the automatic toilet paper roll making machine!","og:url":"https:\/\/nrcmachine.com\/tr\/product\/automatic-toilet-paper-roll-making-machine\/","og:image":"https:\/\/nrcmachine.com\/wp-content\/uploads\/2025\/11\/toilet-paper-making-machine-6.webp","og:image:secure_url":"https:\/\/nrcmachine.com\/wp-content\/uploads\/2025\/11\/toilet-paper-making-machine-6.webp","og:image:width":800,"og:image:height":800,"article:published_time":"2025-11-09T08:46:12+00:00","article:modified_time":"2026-01-02T02:10:02+00:00","article:publisher":"https:\/\/www.facebook.com\/james.gao.349938","twitter:card":"summary","twitter:site":"@JamesGao65335","twitter:title":"Automatic Toilet Paper Roll Making Machine - NRC MACHINE","twitter:description":"If you\u2019ve ever wondered how those perfectly rolled toilet papers end up in your bathroom, the answer lies in the automatic toilet paper roll making machine!","twitter:image":"https:\/\/nrcmachine.com\/wp-content\/uploads\/2025\/11\/toilet-paper-making-machine-6.webp"},"aioseo_meta_data":{"post_id":"2000","title":"#post_title #separator_sa NRC MACHINE","description":"O m\u00fckemmel rulo tuvalet ka\u011f\u0131tlar\u0131n\u0131n banyonuza nas\u0131l geldi\u011fini hi\u00e7 merak ettiyseniz, cevap otomatik tuvalet ka\u011f\u0131d\u0131 rulosu yapma makinesinde yat\u0131yor!","keywords":null,"keyphrases":{"focus":{"keyphrase":"paper roll making machine","score":100,"analysis":{"keyphraseInTitle":{"score":9,"maxScore":9,"error":0},"keyphraseInDescription":{"score":9,"maxScore":9,"error":0},"keyphraseLength":{"score":9,"maxScore":9,"error":0,"length":4},"keyphraseInURL":{"score":5,"maxScore":5,"error":0},"keyphraseInIntroduction":{"score":9,"maxScore":9,"error":0},"keyphraseInSubHeadings":[],"keyphraseInImageAlt":[],"keywordDensity":{"type":"best","score":9,"maxScore":9,"error":0}}},"additional":[]},"primary_term":null,"canonical_url":null,"og_title":null,"og_description":null,"og_object_type":"default","og_image_type":"default","og_image_url":null,"og_image_width":null,"og_image_height":null,"og_image_custom_url":null,"og_image_custom_fields":null,"og_video":"","og_custom_url":null,"og_article_section":null,"og_article_tags":null,"twitter_use_og":false,"twitter_card":"default","twitter_image_type":"default","twitter_image_url":null,"twitter_image_custom_url":null,"twitter_image_custom_fields":null,"twitter_title":null,"twitter_description":null,"schema":{"blockGraphs":[],"customGraphs":[],"default":{"data":{"Article":[],"Course":[],"Dataset":[],"FAQPage":[],"Movie":[],"Person":[],"Product":[],"ProductReview":[],"Car":[],"Recipe":[],"Service":[],"SoftwareApplication":[],"WebPage":[]},"graphName":"ItemPage","isEnabled":true},"graphs":[]},"schema_type":"default","schema_type_options":null,"pillar_content":false,"robots_default":true,"robots_noindex":false,"robots_noarchive":false,"robots_nosnippet":false,"robots_nofollow":false,"robots_noimageindex":false,"robots_noodp":false,"robots_notranslate":false,"robots_max_snippet":"-1","robots_max_videopreview":"-1","robots_max_imagepreview":"large","priority":null,"frequency":"default","local_seo":null,"seo_analyzer_scan_date":"2026-02-13 03:42:13","breadcrumb_settings":null,"limit_modified_date":false,"reviewed_by":null,"open_ai":null,"ai":{"faqs":[],"keyPoints":[],"titles":[],"descriptions":[],"socialPosts":{"email":[],"linkedin":[],"twitter":[],"facebook":[],"instagram":[]}},"created":"2025-12-11 08:39:32","updated":"2026-02-13 06:51:59"},"aioseo_breadcrumb":"<div class=\"aioseo-breadcrumbs\"><span class=\"aioseo-breadcrumb\">\n\t<a href=\"https:\/\/nrcmachine.com\/tr\" title=\"Home\">Home<\/a>\n<\/span><span class=\"aioseo-breadcrumb-separator\">\u00bb<\/span><span class=\"aioseo-breadcrumb\">\n\t<a href=\"https:\/\/nrcmachine.com\/tr\/product\/\" title=\"Products\">Products<\/a>\n<\/span><span class=\"aioseo-breadcrumb-separator\">\u00bb<\/span><span class=\"aioseo-breadcrumb\">\n\t<a href=\"https:\/\/nrcmachine.com\/tr\/tag\/toilet-paper-making-machine\/\" title=\"toilet paper making machine\">toilet paper making machine<\/a>\n<\/span><span class=\"aioseo-breadcrumb-separator\">\u00bb<\/span><span class=\"aioseo-breadcrumb\">\n\tAutomatic Toilet Paper Roll Making Machine\n<\/span><\/div>","aioseo_breadcrumb_json":[{"label":"Home","link":"https:\/\/nrcmachine.com\/tr"},{"label":"Products","link":"https:\/\/nrcmachine.com\/tr\/product\/"},{"label":"toilet paper making machine","link":"https:\/\/nrcmachine.com\/tr\/tag\/toilet-paper-making-machine\/"},{"label":"Automatic Toilet Paper Roll Making Machine","link":"https:\/\/nrcmachine.com\/tr\/product\/automatic-toilet-paper-roll-making-machine\/"}],"_links":{"self":[{"href":"https:\/\/nrcmachine.com\/tr\/wp-json\/wp\/v2\/product\/2000","targetHints":{"allow":["GET"]}}],"collection":[{"href":"https:\/\/nrcmachine.com\/tr\/wp-json\/wp\/v2\/product"}],"about":[{"href":"https:\/\/nrcmachine.com\/tr\/wp-json\/wp\/v2\/types\/product"}],"version-history":[{"count":0,"href":"https:\/\/nrcmachine.com\/tr\/wp-json\/wp\/v2\/product\/2000\/revisions"}],"wp:featuredmedia":[{"embeddable":true,"href":"https:\/\/nrcmachine.com\/tr\/wp-json\/wp\/v2\/media\/2001"}],"wp:attachment":[{"href":"https:\/\/nrcmachine.com\/tr\/wp-json\/wp\/v2\/media?parent=2000"}],"wp:term":[{"taxonomy":"post_tag","embeddable":true,"href":"https:\/\/nrcmachine.com\/tr\/wp-json\/wp\/v2\/tags?post=2000"},{"taxonomy":"products","embeddable":true,"href":"https:\/\/nrcmachine.com\/tr\/wp-json\/wp\/v2\/products?post=2000"}],"curies":[{"name":"wp","href":"https:\/\/api.w.org\/{rel}","templated":true}]}}