 {"id":2056,"date":"2025-11-10T15:11:43","date_gmt":"2025-11-10T07:11:43","guid":{"rendered":"https:\/\/nrcmachine.com\/?post_type=product&#038;p=2056"},"modified":"2025-12-31T12:39:31","modified_gmt":"2025-12-31T04:39:31","slug":"toilet-tissue-paper-making-machine","status":"publish","type":"product","link":"https:\/\/nrcmachine.com\/tr\/product\/toilet-tissue-paper-making-machine\/","title":{"rendered":"Tuvalet Ka\u011f\u0131d\u0131 Yapma Makinesi"},"content":{"rendered":"<h3 style=\"text-align: center;\"><strong><a href=\"https:\/\/nrcmachinery.com\/products\/toilet-paper-machine.html\">TUVALET KA\u011eIDI YAPMA MAKI\u0307NESI\u0307<\/a>: JUMBO RULOLARDAN K\u00dc\u00c7\u00dcK RULOLARA<\/strong><\/h3>\n<h4><strong>\u00dcretim Hatt\u0131na Giri\u015f<\/strong><\/h4>\n<p>O <a href=\"https:\/\/nrcmachinery.com\/products\/toilet-paper-machine.html\"><strong>tuvalet ka\u011fidi yapma maki\u0307nesi\u0307<\/strong><\/a>\u00a0taraf\u0131ndan sunulan <a href=\"https:\/\/nrcmachine.com\">NRC MAK\u0130NE<\/a> b\u00fcy\u00fck jumbo rulolar\u0131 t\u00fcketiciye haz\u0131r k\u00fc\u00e7\u00fck rulolara d\u00f6n\u00fc\u015ft\u00fcrmek i\u00e7in tam entegre bir \u00e7\u00f6z\u00fcmd\u00fcr. Y\u00fcksek verimlilik ve hassasiyet i\u00e7in tasarlanan bu \u00fcretim hatt\u0131, geli\u015fmi\u015f kesme, geri sarma ve paketleme a\u015famalar\u0131yla sorunsuz d\u00f6n\u00fc\u015f\u00fcm sa\u011flar.<\/p>\n<div class=\"ast-oembed-container\" style=\"height: 100%;\"><iframe title=\"Sat\u0131l\u0131k Tuvalet Ka\u011f\u0131d\u0131 Rulo Yapma Makinesi1TP5Y\u00fcksek H\u0131z#am Otomatik#China\" width=\"500\" height=\"281\" src=\"https:\/\/www.youtube.com\/embed\/VsvIKijhGfo?feature=oembed\" frameborder=\"0\" allow=\"accelerometer; autoplay; clipboard-write; encrypted-media; gyroscope; picture-in-picture; web-share\" referrerpolicy=\"strict-origin-when-cross-origin\" allowfullscreen><\/iframe><\/div>\n<h4><strong>Kesim \u0130\u015flemi: \u00d6z\u00fcnde Hassasiyet<\/strong><\/h4>\n<p>\u0130lk a\u015fama, jumbo rulolar\u0131 (tipik olarak geni\u015f ana rulolar) istenen geni\u015fliklerde daha dar makaralara dilimleyen kesme makinesini i\u00e7erir. Keskin, dayan\u0131kl\u0131 b\u0131\u00e7aklar ve bilgisayar kontroll\u00fc sistemler kullanan kesme \u00fcnitesi, ka\u011f\u0131da zarar vermeden temiz ve d\u00fczg\u00fcn kenarlar sa\u011flar. Bu ad\u0131m, \u00fcr\u00fcn kalitesini korumak ve israf\u0131 en aza indirmek i\u00e7in \u00e7ok \u00f6nemlidir ve tutarl\u0131 bir sonraki i\u015flem i\u00e7in temel olu\u015fturur.<\/p>\n<h4><strong>Sar\u0131c\u0131: Makaralar\u0131 Rulolara D\u00f6n\u00fc\u015ft\u00fcrme<\/strong><\/h4>\n<p>Ard\u0131ndan, kesilmi\u015f makaralar <a href=\"https:\/\/nrcmachinery.com\/products\/toilet-paper-machine.html\"><strong>tuvalet ka\u011fidi yapma maki\u0307nesi\u0307<\/strong><\/a>\u2019in sar\u0131c\u0131 b\u00f6l\u00fcm\u00fc. Burada ka\u011f\u0131t, karton masuralar \u00fczerine y\u00fcksek h\u0131zda sar\u0131l\u0131r ve tek tek k\u00fc\u00e7\u00fck rulolar olu\u015fturulur. Sar\u0131c\u0131, k\u0131r\u0131\u015fmay\u0131 veya esnemeyi \u00f6nlemek i\u00e7in gerilimi otomatik olarak ayarlar ve her rulonun s\u0131k\u0131 ve e\u015fit \u015fekilde sar\u0131lmas\u0131n\u0131 sa\u011flar. De\u011fi\u015fken h\u0131z kontrol\u00fc ve otomatik ek yeri alg\u0131lama gibi \u00f6zellikler operasyonel g\u00fcvenilirli\u011fi ve \u00fcr\u00fcn homojenli\u011fini art\u0131r\u0131r.<\/p>\n<h4><strong>Paketleme Makinesi: Pazara Haz\u0131r<\/strong><\/h4>\n<p>Geri sarma i\u015fleminden sonra, bitmi\u015f rulolar paketleme makinesine gider. Bu \u00fcnite rulolar\u0131 sayar, istifler ve plastik film veya ka\u011f\u0131t k\u0131l\u0131flar kullanarak demetler halinde sarar. Sens\u00f6rler ve programlanabilir mant\u0131k kontrol\u00f6rleri ile donat\u0131lm\u0131\u015f olan sistem, farkl\u0131 ambalaj formatlar\u0131na (tek, \u00e7ift veya \u00e7ok katl\u0131) uyum sa\u011flayarak marka esnekli\u011fi sa\u011flar. S\u0131zd\u0131rmazl\u0131k hava ge\u00e7irmezdir, hijyeni korur ve raf \u00f6mr\u00fcn\u00fc uzat\u0131r.<\/p>\n<h4><strong>Sonu\u00e7: Tam Otomasyon ve Verimlilik<\/strong><\/h4>\n<p>Jumbo rulolardan paketlenmi\u015f k\u00fc\u00e7\u00fck rulolara kadar NRC MACHINE'in <a href=\"https:\/\/nrcmachinery.com\/products\/toilet-paper-machine.html\"><strong>tuvalet ka\u011fidi yapma maki\u0307nesi\u0307<\/strong><\/a>\u00a0kesme, geri sarma ve paketlemeyi uyumlu, otomatik bir i\u015f ak\u0131\u015f\u0131na entegre eder. Minimum manuel m\u00fcdahale ile \u00fcretkenli\u011fi art\u0131r\u0131r, i\u015f\u00e7ilik maliyetlerini azalt\u0131r ve tutarl\u0131 kalite sa\u011flar; \u00f6l\u00e7eklenebilirlik ve m\u00fckemmelli\u011fi hedefleyen modern ka\u011f\u0131t mendil \u00fcretim tesisleri i\u00e7in idealdir.<\/p>","protected":false},"featured_media":3496,"template":"","meta":{"_acf_changed":false,"_monsterinsights_skip_tracking":false,"_monsterinsights_sitenote_active":false,"_monsterinsights_sitenote_note":"","_monsterinsights_sitenote_category":0,"site-sidebar-layout":"default","site-content-layout":"","ast-site-content-layout":"default","site-content-style":"default","site-sidebar-style":"default","ast-global-header-display":"","ast-banner-title-visibility":"","ast-main-header-display":"","ast-hfb-above-header-display":"","ast-hfb-below-header-display":"","ast-hfb-mobile-header-display":"","site-post-title":"","ast-breadcrumbs-content":"","ast-featured-img":"","footer-sml-layout":"","theme-transparent-header-meta":"default","adv-header-id-meta":"","stick-header-meta":"default","header-above-stick-meta":"","header-main-stick-meta":"","header-below-stick-meta":"","astra-migrate-meta-layouts":"set","ast-page-background-enabled":"default","ast-page-background-meta":{"desktop":{"background-color":"var(--ast-global-color-4)","background-image":"","background-repeat":"repeat","background-position":"center center","background-size":"auto","background-attachment":"scroll","background-type":"","background-media":"","overlay-type":"","overlay-color":"","overlay-opacity":"","overlay-gradient":""},"tablet":{"background-color":"","background-image":"","background-repeat":"repeat","background-position":"center center","background-size":"auto","background-attachment":"scroll","background-type":"","background-media":"","overlay-type":"","overlay-color":"","overlay-opacity":"","overlay-gradient":""},"mobile":{"background-color":"","background-image":"","background-repeat":"repeat","background-position":"center center","background-size":"auto","background-attachment":"scroll","background-type":"","background-media":"","overlay-type":"","overlay-color":"","overlay-opacity":"","overlay-gradient":""}},"ast-content-background-meta":{"desktop":{"background-color":"var(--ast-global-color-5)","background-image":"","background-repeat":"repeat","background-position":"center center","background-size":"auto","background-attachment":"scroll","background-type":"","background-media":"","overlay-type":"","overlay-color":"","overlay-opacity":"","overlay-gradient":""},"tablet":{"background-color":"var(--ast-global-color-5)","background-image":"","background-repeat":"repeat","background-position":"center center","background-size":"auto","background-attachment":"scroll","background-type":"","background-media":"","overlay-type":"","overlay-color":"","overlay-opacity":"","overlay-gradient":""},"mobile":{"background-color":"var(--ast-global-color-5)","background-image":"","background-repeat":"repeat","background-position":"center center","background-size":"auto","background-attachment":"scroll","background-type":"","background-media":"","overlay-type":"","overlay-color":"","overlay-opacity":"","overlay-gradient":""}}},"tags":[56],"products":[47],"class_list":["post-2056","product","type-product","status-publish","has-post-thumbnail","hentry","tag-toilet-paper-making-machine","products-toilet-paper-making-machine"],"acf":[],"aioseo_notices":[],"aioseo_head":"\n\t\t<!-- All in One SEO Pro 4.9.2 - aioseo.com -->\n\t<meta name=\"description\" content=\"From jumbo rolls to small rolls, NRC MACHINE\u2019s toilet tissue paper making machine integrates cutting, rewinding, and packaging into a cohesive workflow.\" \/>\n\t<meta name=\"robots\" content=\"noodp, max-snippet:-1, max-image-preview:large, max-video-preview:-1\" \/>\n\t<link rel=\"canonical\" href=\"https:\/\/nrcmachine.com\/tr\/product\/toilet-tissue-paper-making-machine\/\" \/>\n\t<meta name=\"generator\" content=\"All in One SEO Pro (AIOSEO) 4.9.2\" \/>\n\t\t<meta property=\"og:locale\" content=\"tr_TR\" \/>\n\t\t<meta property=\"og:site_name\" content=\"Toilet Paper Machine, Paper Tube Machine | NRC Machine - Reliable Paper Machinery Solutions\" \/>\n\t\t<meta property=\"og:type\" content=\"article\" \/>\n\t\t<meta property=\"og:title\" content=\"Toilet Tissue Paper Making Machine - Qingdao New Richuan\" \/>\n\t\t<meta property=\"og:description\" content=\"From jumbo rolls to small rolls, NRC MACHINE\u2019s toilet tissue paper making machine integrates cutting, rewinding, and packaging into a cohesive workflow.\" \/>\n\t\t<meta property=\"og:url\" content=\"https:\/\/nrcmachine.com\/tr\/product\/toilet-tissue-paper-making-machine\/\" \/>\n\t\t<meta property=\"og:image\" content=\"https:\/\/nrcmachine.com\/wp-content\/uploads\/2025\/11\/toilet-tissue-paper-making-machine.webp\" \/>\n\t\t<meta property=\"og:image:secure_url\" content=\"https:\/\/nrcmachine.com\/wp-content\/uploads\/2025\/11\/toilet-tissue-paper-making-machine.webp\" \/>\n\t\t<meta property=\"og:image:width\" content=\"680\" \/>\n\t\t<meta property=\"og:image:height\" content=\"680\" \/>\n\t\t<meta property=\"article:published_time\" content=\"2025-11-10T07:11:43+00:00\" \/>\n\t\t<meta property=\"article:modified_time\" content=\"2025-12-31T04:39:31+00:00\" \/>\n\t\t<meta property=\"article:publisher\" content=\"https:\/\/www.facebook.com\/james.gao.349938\" \/>\n\t\t<meta name=\"twitter:card\" content=\"summary\" \/>\n\t\t<meta name=\"twitter:site\" content=\"@JamesGao65335\" \/>\n\t\t<meta name=\"twitter:title\" content=\"Toilet Tissue Paper Making Machine - Qingdao New Richuan\" \/>\n\t\t<meta name=\"twitter:description\" content=\"From jumbo rolls to small rolls, NRC MACHINE\u2019s toilet tissue paper making machine integrates cutting, rewinding, and packaging into a cohesive workflow.\" \/>\n\t\t<meta name=\"twitter:image\" content=\"https:\/\/nrcmachine.com\/wp-content\/uploads\/2025\/11\/toilet-tissue-paper-making-machine.webp\" \/>\n\t\t<script type=\"application\/ld+json\" class=\"aioseo-schema\">\n\t\t\t{\"@context\":\"https:\\\/\\\/schema.org\",\"@graph\":[{\"@type\":\"BreadcrumbList\",\"@id\":\"https:\\\/\\\/nrcmachine.com\\\/tr\\\/product\\\/toilet-tissue-paper-making-machine\\\/#breadcrumblist\",\"itemListElement\":[{\"@type\":\"ListItem\",\"@id\":\"https:\\\/\\\/nrcmachine.com\\\/tr#listItem\",\"position\":1,\"name\":\"Home\",\"item\":\"https:\\\/\\\/nrcmachine.com\\\/tr\",\"nextItem\":{\"@type\":\"ListItem\",\"@id\":\"https:\\\/\\\/nrcmachine.com\\\/tr\\\/product\\\/#listItem\",\"name\":\"Products\"}},{\"@type\":\"ListItem\",\"@id\":\"https:\\\/\\\/nrcmachine.com\\\/tr\\\/product\\\/#listItem\",\"position\":2,\"name\":\"Products\",\"item\":\"https:\\\/\\\/nrcmachine.com\\\/tr\\\/product\\\/\",\"nextItem\":{\"@type\":\"ListItem\",\"@id\":\"https:\\\/\\\/nrcmachine.com\\\/tr\\\/tag\\\/toilet-paper-making-machine\\\/#listItem\",\"name\":\"toilet paper making machine\"},\"previousItem\":{\"@type\":\"ListItem\",\"@id\":\"https:\\\/\\\/nrcmachine.com\\\/tr#listItem\",\"name\":\"Home\"}},{\"@type\":\"ListItem\",\"@id\":\"https:\\\/\\\/nrcmachine.com\\\/tr\\\/tag\\\/toilet-paper-making-machine\\\/#listItem\",\"position\":3,\"name\":\"toilet paper making machine\",\"item\":\"https:\\\/\\\/nrcmachine.com\\\/tr\\\/tag\\\/toilet-paper-making-machine\\\/\",\"nextItem\":{\"@type\":\"ListItem\",\"@id\":\"https:\\\/\\\/nrcmachine.com\\\/tr\\\/product\\\/toilet-tissue-paper-making-machine\\\/#listItem\",\"name\":\"Toilet Tissue Paper Making Machine\"},\"previousItem\":{\"@type\":\"ListItem\",\"@id\":\"https:\\\/\\\/nrcmachine.com\\\/tr\\\/product\\\/#listItem\",\"name\":\"Products\"}},{\"@type\":\"ListItem\",\"@id\":\"https:\\\/\\\/nrcmachine.com\\\/tr\\\/product\\\/toilet-tissue-paper-making-machine\\\/#listItem\",\"position\":4,\"name\":\"Toilet Tissue Paper Making Machine\",\"previousItem\":{\"@type\":\"ListItem\",\"@id\":\"https:\\\/\\\/nrcmachine.com\\\/tr\\\/tag\\\/toilet-paper-making-machine\\\/#listItem\",\"name\":\"toilet paper making machine\"}}]},{\"@type\":\"Organization\",\"@id\":\"https:\\\/\\\/nrcmachine.com\\\/tr\\\/#organization\",\"name\":\"Toilet Paper Machine, Paper Tube Machine | NRC Machine wordpress\",\"description\":\"Reliable Paper Machinery Solutions\",\"url\":\"https:\\\/\\\/nrcmachine.com\\\/tr\\\/\",\"email\":\"james@nrcmachine.com\",\"telephone\":\"+8615254213289\",\"foundingDate\":\"2023-11-01\",\"numberOfEmployees\":{\"@type\":\"QuantitativeValue\",\"minValue\":1,\"maxValue\":50},\"logo\":{\"@type\":\"ImageObject\",\"url\":\"https:\\\/\\\/nrcmachine.com\\\/wp-content\\\/uploads\\\/2026\\\/01\\\/logo23.png\",\"@id\":\"https:\\\/\\\/nrcmachine.com\\\/tr\\\/product\\\/toilet-tissue-paper-making-machine\\\/#organizationLogo\",\"width\":800,\"height\":800,\"caption\":\"logo for NRC MACHINE\"},\"image\":{\"@id\":\"https:\\\/\\\/nrcmachine.com\\\/tr\\\/product\\\/toilet-tissue-paper-making-machine\\\/#organizationLogo\"},\"sameAs\":[\"https:\\\/\\\/www.facebook.com\\\/james.gao.349938\",\"https:\\\/\\\/x.com\\\/JamesGao65335\",\"https:\\\/\\\/www.instagram.com\\\/jamesgao407?igsh=d2YybzFhMjY0YTl3\",\"https:\\\/\\\/www.tiktok.com\\\/@gyl20210118\",\"https:\\\/\\\/www.linkedin.com\\\/in\\\/--9a63583a9\\\/\"],\"address\":{\"@id\":\"https:\\\/\\\/nrcmachine.com\\\/tr\\\/#postaladdress\",\"@type\":\"PostalAddress\",\"streetAddress\":\"No..519,Jiangshan South Road,Huangdao,\",\"postalCode\":\"266500\",\"addressLocality\":\"Qingdao\",\"addressRegion\":\"Shandong Province\",\"addressCountry\":\"CN\"},\"taxID\":\"91370211MAD54P6P85\",\"vatID\":\"91370211MAD54P6P85\"},{\"@type\":\"WebPage\",\"@id\":\"https:\\\/\\\/nrcmachine.com\\\/tr\\\/product\\\/toilet-tissue-paper-making-machine\\\/#webpage\",\"url\":\"https:\\\/\\\/nrcmachine.com\\\/tr\\\/product\\\/toilet-tissue-paper-making-machine\\\/\",\"name\":\"Toilet Tissue Paper Making Machine - Qingdao New Richuan\",\"description\":\"From jumbo rolls to small rolls, NRC MACHINE\\u2019s toilet tissue paper making machine integrates cutting, rewinding, and packaging into a cohesive workflow.\",\"inLanguage\":\"tr-TR\",\"isPartOf\":{\"@id\":\"https:\\\/\\\/nrcmachine.com\\\/tr\\\/#website\"},\"breadcrumb\":{\"@id\":\"https:\\\/\\\/nrcmachine.com\\\/tr\\\/product\\\/toilet-tissue-paper-making-machine\\\/#breadcrumblist\"},\"image\":{\"@type\":\"ImageObject\",\"url\":\"https:\\\/\\\/nrcmachine.com\\\/wp-content\\\/uploads\\\/2025\\\/11\\\/toilet-tissue-paper-making-machine.webp\",\"@id\":\"https:\\\/\\\/nrcmachine.com\\\/tr\\\/product\\\/toilet-tissue-paper-making-machine\\\/#mainImage\",\"width\":680,\"height\":680,\"caption\":\"toilet tissue paper making machine\"},\"primaryImageOfPage\":{\"@id\":\"https:\\\/\\\/nrcmachine.com\\\/tr\\\/product\\\/toilet-tissue-paper-making-machine\\\/#mainImage\"},\"datePublished\":\"2025-11-10T15:11:43+08:00\",\"dateModified\":\"2025-12-31T12:39:31+08:00\"},{\"@type\":\"WebSite\",\"@id\":\"https:\\\/\\\/nrcmachine.com\\\/tr\\\/#website\",\"url\":\"https:\\\/\\\/nrcmachine.com\\\/tr\\\/\",\"name\":\"Toilet Paper Machine, Paper Tube Machine | NRC Machine\",\"alternateName\":\"Qingdao New Richuan Precision Machine Co.,Ltd\",\"description\":\"Reliable Paper Machinery Solutions\",\"inLanguage\":\"tr-TR\",\"publisher\":{\"@id\":\"https:\\\/\\\/nrcmachine.com\\\/tr\\\/#organization\"}}]}\n\t\t<\/script>\n\t\t<!-- All in One SEO Pro -->\r\n\t\t<title>Toilet Tissue Paper Making Machine - Qingdao New Richuan<\/title>\n\n","aioseo_head_json":{"title":"Tuvalet Ka\u011f\u0131d\u0131 Yapma Makinesi - Qingdao New Richuan","description":"NRC MACHINE'in tuvalet ka\u011f\u0131d\u0131 \u00fcretim makinesi, jumbo rulolardan k\u00fc\u00e7\u00fck rulolara kadar kesme, geri sarma ve paketleme i\u015flemlerini uyumlu bir i\u015f ak\u0131\u015f\u0131na entegre eder.","canonical_url":"https:\/\/nrcmachine.com\/tr\/product\/toilet-tissue-paper-making-machine\/","robots":"noodp, max-snippet:-1, max-image-preview:large, max-video-preview:-1","keywords":"","webmasterTools":{"miscellaneous":""},"schema":{"@context":"https:\/\/schema.org","@graph":[{"@type":"BreadcrumbList","@id":"https:\/\/nrcmachine.com\/tr\/product\/toilet-tissue-paper-making-machine\/#breadcrumblist","itemListElement":[{"@type":"ListItem","@id":"https:\/\/nrcmachine.com\/tr#listItem","position":1,"name":"Home","item":"https:\/\/nrcmachine.com\/tr","nextItem":{"@type":"ListItem","@id":"https:\/\/nrcmachine.com\/tr\/product\/#listItem","name":"Products"}},{"@type":"ListItem","@id":"https:\/\/nrcmachine.com\/tr\/product\/#listItem","position":2,"name":"Products","item":"https:\/\/nrcmachine.com\/tr\/product\/","nextItem":{"@type":"ListItem","@id":"https:\/\/nrcmachine.com\/tr\/tag\/toilet-paper-making-machine\/#listItem","name":"toilet paper making machine"},"previousItem":{"@type":"ListItem","@id":"https:\/\/nrcmachine.com\/tr#listItem","name":"Home"}},{"@type":"ListItem","@id":"https:\/\/nrcmachine.com\/tr\/tag\/toilet-paper-making-machine\/#listItem","position":3,"name":"toilet paper making machine","item":"https:\/\/nrcmachine.com\/tr\/tag\/toilet-paper-making-machine\/","nextItem":{"@type":"ListItem","@id":"https:\/\/nrcmachine.com\/tr\/product\/toilet-tissue-paper-making-machine\/#listItem","name":"Toilet Tissue Paper Making Machine"},"previousItem":{"@type":"ListItem","@id":"https:\/\/nrcmachine.com\/tr\/product\/#listItem","name":"Products"}},{"@type":"ListItem","@id":"https:\/\/nrcmachine.com\/tr\/product\/toilet-tissue-paper-making-machine\/#listItem","position":4,"name":"Toilet Tissue Paper Making Machine","previousItem":{"@type":"ListItem","@id":"https:\/\/nrcmachine.com\/tr\/tag\/toilet-paper-making-machine\/#listItem","name":"toilet paper making machine"}}]},{"@type":"Organization","@id":"https:\/\/nrcmachine.com\/tr\/#organization","name":"Toilet Paper Machine, Paper Tube Machine | NRC Machine wordpress","description":"Reliable Paper Machinery Solutions","url":"https:\/\/nrcmachine.com\/tr\/","email":"james@nrcmachine.com","telephone":"+8615254213289","foundingDate":"2023-11-01","numberOfEmployees":{"@type":"QuantitativeValue","minValue":1,"maxValue":50},"logo":{"@type":"ImageObject","url":"https:\/\/nrcmachine.com\/wp-content\/uploads\/2026\/01\/logo23.png","@id":"https:\/\/nrcmachine.com\/tr\/product\/toilet-tissue-paper-making-machine\/#organizationLogo","width":800,"height":800,"caption":"logo for NRC MACHINE"},"image":{"@id":"https:\/\/nrcmachine.com\/tr\/product\/toilet-tissue-paper-making-machine\/#organizationLogo"},"sameAs":["https:\/\/www.facebook.com\/james.gao.349938","https:\/\/x.com\/JamesGao65335","https:\/\/www.instagram.com\/jamesgao407?igsh=d2YybzFhMjY0YTl3","https:\/\/www.tiktok.com\/@gyl20210118","https:\/\/www.linkedin.com\/in\/--9a63583a9\/"],"address":{"@id":"https:\/\/nrcmachine.com\/tr\/#postaladdress","@type":"PostalAddress","streetAddress":"No..519,Jiangshan South Road,Huangdao,","postalCode":"266500","addressLocality":"Qingdao","addressRegion":"Shandong Province","addressCountry":"CN"},"taxID":"91370211MAD54P6P85","vatID":"91370211MAD54P6P85"},{"@type":"WebPage","@id":"https:\/\/nrcmachine.com\/tr\/product\/toilet-tissue-paper-making-machine\/#webpage","url":"https:\/\/nrcmachine.com\/tr\/product\/toilet-tissue-paper-making-machine\/","name":"Toilet Tissue Paper Making Machine - Qingdao New Richuan","description":"From jumbo rolls to small rolls, NRC MACHINE\u2019s toilet tissue paper making machine integrates cutting, rewinding, and packaging into a cohesive workflow.","inLanguage":"tr-TR","isPartOf":{"@id":"https:\/\/nrcmachine.com\/tr\/#website"},"breadcrumb":{"@id":"https:\/\/nrcmachine.com\/tr\/product\/toilet-tissue-paper-making-machine\/#breadcrumblist"},"image":{"@type":"ImageObject","url":"https:\/\/nrcmachine.com\/wp-content\/uploads\/2025\/11\/toilet-tissue-paper-making-machine.webp","@id":"https:\/\/nrcmachine.com\/tr\/product\/toilet-tissue-paper-making-machine\/#mainImage","width":680,"height":680,"caption":"toilet tissue paper making machine"},"primaryImageOfPage":{"@id":"https:\/\/nrcmachine.com\/tr\/product\/toilet-tissue-paper-making-machine\/#mainImage"},"datePublished":"2025-11-10T15:11:43+08:00","dateModified":"2025-12-31T12:39:31+08:00"},{"@type":"WebSite","@id":"https:\/\/nrcmachine.com\/tr\/#website","url":"https:\/\/nrcmachine.com\/tr\/","name":"Toilet Paper Machine, Paper Tube Machine | NRC Machine","alternateName":"Qingdao New Richuan Precision Machine Co.,Ltd","description":"Reliable Paper Machinery Solutions","inLanguage":"tr-TR","publisher":{"@id":"https:\/\/nrcmachine.com\/tr\/#organization"}}]},"og:locale":"tr_TR","og:site_name":"Toilet Paper Machine, Paper Tube Machine | NRC Machine - Reliable Paper Machinery Solutions","og:type":"article","og:title":"Toilet Tissue Paper Making Machine - Qingdao New Richuan","og:description":"From jumbo rolls to small rolls, NRC MACHINE\u2019s toilet tissue paper making machine integrates cutting, rewinding, and packaging into a cohesive workflow.","og:url":"https:\/\/nrcmachine.com\/tr\/product\/toilet-tissue-paper-making-machine\/","og:image":"https:\/\/nrcmachine.com\/wp-content\/uploads\/2025\/11\/toilet-tissue-paper-making-machine.webp","og:image:secure_url":"https:\/\/nrcmachine.com\/wp-content\/uploads\/2025\/11\/toilet-tissue-paper-making-machine.webp","og:image:width":680,"og:image:height":680,"article:published_time":"2025-11-10T07:11:43+00:00","article:modified_time":"2025-12-31T04:39:31+00:00","article:publisher":"https:\/\/www.facebook.com\/james.gao.349938","twitter:card":"summary","twitter:site":"@JamesGao65335","twitter:title":"Toilet Tissue Paper Making Machine - Qingdao New Richuan","twitter:description":"From jumbo rolls to small rolls, NRC MACHINE\u2019s toilet tissue paper making machine integrates cutting, rewinding, and packaging into a cohesive workflow.","twitter:image":"https:\/\/nrcmachine.com\/wp-content\/uploads\/2025\/11\/toilet-tissue-paper-making-machine.webp"},"aioseo_meta_data":{"post_id":"2056","title":"#post_title #separator_sa Qingdao New Richuan","description":"NRC MACHINE'in tuvalet ka\u011f\u0131d\u0131 \u00fcretim makinesi, jumbo rulolardan k\u00fc\u00e7\u00fck rulolara kadar kesme, geri sarma ve paketleme i\u015flemlerini uyumlu bir i\u015f ak\u0131\u015f\u0131na entegre eder.","keywords":null,"keyphrases":{"focus":{"keyphrase":"tissue paper making machine","score":100,"analysis":{"keyphraseInTitle":{"score":9,"maxScore":9,"error":0},"keyphraseInDescription":{"score":9,"maxScore":9,"error":0},"keyphraseLength":{"score":9,"maxScore":9,"error":0,"length":4},"keyphraseInURL":{"score":5,"maxScore":5,"error":0},"keyphraseInIntroduction":{"score":9,"maxScore":9,"error":0},"keyphraseInSubHeadings":{"score":9,"maxScore":9,"error":0},"keyphraseInImageAlt":[],"keywordDensity":{"type":"best","score":9,"maxScore":9,"error":0}}},"additional":[]},"primary_term":null,"canonical_url":null,"og_title":null,"og_description":null,"og_object_type":"default","og_image_type":"default","og_image_url":null,"og_image_width":null,"og_image_height":null,"og_image_custom_url":null,"og_image_custom_fields":null,"og_video":"","og_custom_url":null,"og_article_section":null,"og_article_tags":null,"twitter_use_og":false,"twitter_card":"default","twitter_image_type":"default","twitter_image_url":null,"twitter_image_custom_url":null,"twitter_image_custom_fields":null,"twitter_title":null,"twitter_description":null,"schema":{"blockGraphs":[],"customGraphs":[],"default":{"data":{"Article":[],"Course":[],"Dataset":[],"FAQPage":[],"Movie":[],"Person":[],"Product":[],"ProductReview":[],"Car":[],"Recipe":[],"Service":[],"SoftwareApplication":[],"WebPage":[]},"graphName":"ItemPage","isEnabled":true},"graphs":[]},"schema_type":"default","schema_type_options":null,"pillar_content":false,"robots_default":true,"robots_noindex":false,"robots_noarchive":false,"robots_nosnippet":false,"robots_nofollow":false,"robots_noimageindex":false,"robots_noodp":false,"robots_notranslate":false,"robots_max_snippet":"-1","robots_max_videopreview":"-1","robots_max_imagepreview":"large","priority":null,"frequency":"default","local_seo":null,"seo_analyzer_scan_date":"2026-02-13 03:12:05","breadcrumb_settings":null,"limit_modified_date":false,"reviewed_by":null,"open_ai":null,"ai":{"faqs":[],"keyPoints":[],"titles":[],"descriptions":[],"socialPosts":{"email":[],"linkedin":[],"twitter":[],"facebook":[],"instagram":[]}},"created":"2025-12-11 08:39:32","updated":"2026-02-13 06:52:16"},"aioseo_breadcrumb":"<div class=\"aioseo-breadcrumbs\"><span class=\"aioseo-breadcrumb\">\n\t<a href=\"https:\/\/nrcmachine.com\/tr\" title=\"Home\">Home<\/a>\n<\/span><span class=\"aioseo-breadcrumb-separator\">\u00bb<\/span><span class=\"aioseo-breadcrumb\">\n\t<a href=\"https:\/\/nrcmachine.com\/tr\/product\/\" title=\"Products\">Products<\/a>\n<\/span><span class=\"aioseo-breadcrumb-separator\">\u00bb<\/span><span class=\"aioseo-breadcrumb\">\n\t<a href=\"https:\/\/nrcmachine.com\/tr\/tag\/toilet-paper-making-machine\/\" title=\"toilet paper making machine\">toilet paper making machine<\/a>\n<\/span><span class=\"aioseo-breadcrumb-separator\">\u00bb<\/span><span class=\"aioseo-breadcrumb\">\n\tToilet Tissue Paper Making Machine\n<\/span><\/div>","aioseo_breadcrumb_json":[{"label":"Home","link":"https:\/\/nrcmachine.com\/tr"},{"label":"Products","link":"https:\/\/nrcmachine.com\/tr\/product\/"},{"label":"toilet paper making machine","link":"https:\/\/nrcmachine.com\/tr\/tag\/toilet-paper-making-machine\/"},{"label":"Toilet Tissue Paper Making Machine","link":"https:\/\/nrcmachine.com\/tr\/product\/toilet-tissue-paper-making-machine\/"}],"_links":{"self":[{"href":"https:\/\/nrcmachine.com\/tr\/wp-json\/wp\/v2\/product\/2056","targetHints":{"allow":["GET"]}}],"collection":[{"href":"https:\/\/nrcmachine.com\/tr\/wp-json\/wp\/v2\/product"}],"about":[{"href":"https:\/\/nrcmachine.com\/tr\/wp-json\/wp\/v2\/types\/product"}],"version-history":[{"count":0,"href":"https:\/\/nrcmachine.com\/tr\/wp-json\/wp\/v2\/product\/2056\/revisions"}],"wp:featuredmedia":[{"embeddable":true,"href":"https:\/\/nrcmachine.com\/tr\/wp-json\/wp\/v2\/media\/3496"}],"wp:attachment":[{"href":"https:\/\/nrcmachine.com\/tr\/wp-json\/wp\/v2\/media?parent=2056"}],"wp:term":[{"taxonomy":"post_tag","embeddable":true,"href":"https:\/\/nrcmachine.com\/tr\/wp-json\/wp\/v2\/tags?post=2056"},{"taxonomy":"products","embeddable":true,"href":"https:\/\/nrcmachine.com\/tr\/wp-json\/wp\/v2\/products?post=2056"}],"curies":[{"name":"wp","href":"https:\/\/api.w.org\/{rel}","templated":true}]}}